{"id":7304,"date":"2024-08-25T11:43:52","date_gmt":"2024-08-25T11:43:52","guid":{"rendered":"https:\/\/travelshelper.com\/staging\/?page_id=7304"},"modified":"2026-03-14T00:27:09","modified_gmt":"2026-03-14T00:27:09","slug":"suriname","status":"publish","type":"page","link":"https:\/\/travelshelper.com\/vi\/destinations\/south-america\/suriname\/","title":{"rendered":"Suriname"},"content":{"rendered":"<p>Suriname chi\u1ebfm m\u1ed9t d\u1ea3i h\u1eb9p d\u1ecdc theo b\u1edd bi\u1ec3n ph\u00eda b\u1eafc c\u1ee7a Nam M\u1ef9, \u0111\u01b0\u1ee3c bao b\u1ecdc b\u1edfi \u0110\u1ea1i T\u00e2y D\u01b0\u01a1ng \u1edf ph\u00eda b\u1eafc, Guiana thu\u1ed9c Ph\u00e1p \u1edf ph\u00eda \u0111\u00f4ng, Guyana \u1edf ph\u00eda t\u00e2y v\u00e0 Brazil \u1edf ph\u00eda nam. 163.820 km vu\u00f4ng c\u1ee7a n\u00f3 \u0111\u01b0\u1ee3c bao ph\u1ee7 g\u1ea7n nh\u01b0 ho\u00e0n to\u00e0n b\u1edfi r\u1eebng m\u01b0a nhi\u1ec7t \u0111\u1edbi, t\u1ef7 l\u1ec7 che ph\u1ee7 r\u1eebng l\u1edbn nh\u1ea5t c\u1ee7a b\u1ea5t k\u1ef3 qu\u1ed1c gia n\u00e0o. \u00cdt h\u01a1n b\u1ea3y c\u01b0 d\u00e2n tr\u00ean m\u1ed9t km vu\u00f4ng chi\u1ebfm v\u00f9ng \u0111\u1ea5t ph\u00eda nam; h\u1ea7u h\u1ebft d\u00e2n s\u1ed1 t\u1eadp trung d\u1ecdc theo v\u00f9ng \u0111\u1ea5t th\u1ea5p ven bi\u1ec3n. Paramaribo, n\u1eb1m tr\u00ean S\u00f4ng Suriname c\u00e1ch b\u1edd bi\u1ec3n kho\u1ea3ng m\u01b0\u1eddi km v\u00e0o \u0111\u1ea5t li\u1ec1n, l\u00e0 n\u01a1i tr\u00fa ng\u1ee5 c\u1ee7a g\u1ea7n m\u1ed9t n\u1eeda trong s\u1ed1 625.000 c\u01b0 d\u00e2n c\u1ee7a qu\u1ed1c gia n\u00e0y.<\/p>\n<p>Tr\u1ea3i d\u00e0i t\u1eeb v\u0129 \u0111\u1ed9 1\u00b0 \u0111\u1ebfn 6\u00b0 B\u1eafc v\u00e0 kinh \u0111\u1ed9 54\u00b0 \u0111\u1ebfn 58\u00b0 T\u00e2y, Suriname chia th\u00e0nh hai v\u00f9ng \u0111\u1ecba l\u00fd ch\u00ednh. M\u01b0\u1eddi \u0111\u1ebfn hai m\u01b0\u01a1i km ph\u00eda b\u1eafc bao g\u1ed3m c\u00e1c polder ven bi\u1ec3n, \u0111\u01b0\u1ee3c \u0111\u1eafp \u0111\u00ea v\u00e0 tho\u00e1t n\u01b0\u1edbc t\u1eeb th\u1eddi thu\u1ed9c \u0111\u1ecba \u0111\u1ec3 cho ph\u00e9p tr\u1ed3ng l\u00faa, chu\u1ed1i v\u00e0 c\u00e1c lo\u1ea1i c\u00e2y tr\u1ed3ng xu\u1ea5t kh\u1ea9u kh\u00e1c. Ba c\u1eeda s\u00f4ng ch\u00ednh\u2014Coppename, Commewijne v\u00e0 Saramacca\u2014x\u1ea3 v\u00e0o c\u00e1c \u0111\u1ea7m l\u1ea7y ng\u1eadp m\u1eb7n th\u1ee7y tri\u1ec1u tr\u01b0\u1edbc khi \u0111\u1ed5 ra bi\u1ec3n. Ph\u00eda trong \u0111\u1ea5t li\u1ec1n l\u00e0 m\u1ed9t v\u00f9ng \u0111\u1ea5t cao d\u1ea7n l\u00ean c\u00e1c th\u1ea3o nguy\u00ean v\u00e0 \u0111\u1ed3ng c\u1ecf cao bao quanh c\u00e1c v\u00f9ng \u0111\u1ea5t ng\u1eadp n\u01b0\u1edbc r\u1ed9ng l\u1edbn d\u1ecdc theo bi\u00ean gi\u1edbi Brazil. Ph\u00eda xa h\u01a1n, Khi\u00ean Guiana t\u1ea1o n\u00ean hai d\u00e3y n\u00fai th\u1ea5p: Bakhuys \u1edf ph\u00eda t\u00e2y v\u00e0 d\u00e3y Van Asch Van Wijck \u1edf trung t\u00e2m. Julianatop, \u1edf \u0111\u1ed9 cao 1.286 m\u00e9t so v\u1edbi m\u1ef1c n\u01b0\u1edbc bi\u1ec3n, \u0111\u00e1nh d\u1ea5u \u0111i\u1ec3m cao nh\u1ea5t c\u1ee7a Suriname.<\/p>\n<p>S\u1ef1 hi\u1ec7n di\u1ec7n c\u1ee7a con ng\u01b0\u1eddi trong khu v\u1ef1c n\u00e0y c\u00f3 ni\u00ean \u0111\u1ea1i t\u1eeb thi\u00ean ni\u00ean k\u1ef7 th\u1ee9 t\u01b0 tr\u01b0\u1edbc C\u00f4ng nguy\u00ean, khi c\u00e1c c\u1ed9ng \u0111\u1ed3ng Arawak v\u00e0 Carib th\u00edch nghi v\u1edbi cu\u1ed9c s\u1ed1ng ven s\u00f4ng v\u00e0 r\u1eebng. S\u1ef1 ti\u1ebfp x\u00fac v\u1edbi ng\u01b0\u1eddi ch\u00e2u \u00c2u b\u1eaft \u0111\u1ea7u v\u00e0o th\u1ebf k\u1ef7 th\u1ee9 m\u01b0\u1eddi s\u00e1u, v\u00e0 \u0111\u1ebfn cu\u1ed1i nh\u1eefng n\u0103m 1600, ng\u01b0\u1eddi H\u00e0 Lan \u0111\u00e3 thi\u1ebft l\u1eadp quy\u1ec1n ki\u1ec3m so\u00e1t \u0111\u1ed1i v\u1edbi h\u1ea7u h\u1ebft l\u00e3nh th\u1ed5 ng\u00e0y nay. H\u1ecd duy tr\u00ec thu\u1ed9c \u0111\u1ecba n\u00e0y nh\u01b0 m\u1ed9t n\u1ec1n kinh t\u1ebf \u0111\u1ed3n \u0111i\u1ec1n m\u00eda, \u0111\u01b0\u1ee3c duy tr\u00ec b\u1edfi nh\u1eefng ng\u01b0\u1eddi ch\u00e2u Phi b\u1ecb b\u1eaft l\u00e0m n\u00f4 l\u1ec7 cho \u0111\u1ebfn khi \u0111\u01b0\u1ee3c gi\u1ea3i ph\u00f3ng v\u00e0o n\u0103m 1863. S\u1ef1 s\u1ee5p \u0111\u1ed5 c\u1ee7a lao \u0111\u1ed9ng n\u00f4 l\u1ec7 \u0111\u00e3 th\u00fac \u0111\u1ea9y vi\u1ec7c tuy\u1ec3n d\u1ee5ng nh\u1eefng c\u00f4ng nh\u00e2n b\u1ecb r\u00e0ng bu\u1ed9c t\u1eeb \u1ea4n \u0110\u1ed9 thu\u1ed9c Anh v\u00e0 \u0110\u00f4ng \u1ea4n H\u00e0 Lan; con ch\u00e1u c\u1ee7a h\u1ecd gia nh\u1eadp nh\u1eefng ng\u01b0\u1eddi c\u00f3 ngu\u1ed3n g\u1ed1c ch\u00e2u Phi, b\u1ea3n \u0111\u1ecba, Trung Qu\u1ed1c v\u00e0 Java trong x\u00e3 h\u1ed9i \u0111a s\u1eafc t\u1ed9c ng\u00e0y nay. Kh\u00f4ng c\u00f3 nh\u00f3m n\u00e0o v\u01b0\u1ee3t qu\u00e1 ba m\u01b0\u01a1i ph\u1ea7n tr\u0103m d\u00e2n s\u1ed1. T\u1ef7 l\u1ec7 ng\u01b0\u1eddi theo \u0111\u1ea1o Hindu v\u00e0 H\u1ed3i gi\u00e1o x\u1ebfp v\u00e0o lo\u1ea1i cao nh\u1ea5t \u1edf ch\u00e2u M\u1ef9.<\/p>\n<p>Ch\u00ednh quy\u1ec1n H\u00e0 Lan ph\u00e1t tri\u1ec3n v\u00e0o th\u1ebf k\u1ef7 XX. N\u0103m 1954, Suriname \u0111\u1ea1t \u0111\u01b0\u1ee3c v\u1ecb th\u1ebf l\u00e0 m\u1ed9t qu\u1ed1c gia t\u1ef1 tr\u1ecb trong V\u01b0\u01a1ng qu\u1ed1c H\u00e0 Lan; \u0111\u1ed9c l\u1eadp ho\u00e0n to\u00e0n sau \u0111\u00f3 v\u00e0o ng\u00e0y 25 th\u00e1ng 11 n\u0103m 1975. C\u00e1c m\u1ed1i quan h\u1ec7 ngo\u1ea1i giao v\u00e0 kinh t\u1ebf v\u1edbi H\u00e0 Lan v\u1eabn m\u1ea1nh m\u1ebd. Ti\u1ebfng H\u00e0 Lan l\u00e0 ng\u00f4n ng\u1eef ch\u00ednh th\u1ee9c duy nh\u1ea5t, \u0111\u01b0\u1ee3c s\u1eed d\u1ee5ng trong ch\u00ednh ph\u1ee7, th\u01b0\u01a1ng m\u1ea1i, truy\u1ec1n th\u00f4ng v\u00e0 gi\u00e1o d\u1ee5c. Ti\u1ebfng Sranan Tongo, m\u1ed9t ng\u00f4n ng\u1eef Creole b\u1eaft ngu\u1ed3n t\u1eeb ti\u1ebfng Anh, c\u00f3 ch\u1ee9c n\u0103ng nh\u01b0 m\u1ed9t ng\u00f4n ng\u1eef chung. Kho\u1ea3ng s\u00e1u m\u01b0\u01a1i ph\u1ea7n tr\u0103m c\u01b0 d\u00e2n n\u00f3i ti\u1ebfng H\u00e0 Lan b\u1ea3n \u0111\u1ecba; h\u1ea7u h\u1ebft nh\u1eefng ng\u01b0\u1eddi kh\u00e1c c\u00f3 \u0111\u01b0\u1ee3c n\u00f3 th\u00f4ng qua vi\u1ec7c h\u1ecdc t\u1eadp.<\/p>\n<p>V\u1ec1 m\u1eb7t h\u00e0nh ch\u00ednh, n\u01b0\u1edbc c\u1ed9ng h\u00f2a n\u00e0y chia th\u00e0nh m\u01b0\u1eddi qu\u1eadn, m\u1ed7i qu\u1eadn do m\u1ed9t \u1ee7y vi\u00ean do t\u1ed5ng th\u1ed1ng b\u1ed5 nhi\u1ec7m. C\u00e1c qu\u1eadn n\u00e0y chia th\u00e0nh 62 khu ngh\u1ec9 m\u00e1t (ressorten), bao g\u1ed3m c\u00e1c l\u00e0ng, th\u1ecb tr\u1ea5n v\u00e0 khu ph\u1ed1. S\u1ef1 ph\u00e2n chia n\u00e0y ph\u1ea3n \u00e1nh c\u1ea3 c\u00e1c \u0111\u1ed3n \u0111i\u1ec1n th\u1eddi thu\u1ed9c \u0111\u1ecba v\u00e0 ranh gi\u1edbi c\u1ee7a ng\u01b0\u1eddi b\u1ea3n \u0111\u1ecba.<\/p>\n<p>Kh\u00ed h\u1eadu c\u1ee7a Suriname \u0111\u01b0\u1ee3c ghi nh\u1eadn l\u00e0 n\u00f3ng v\u00e0 \u1ea9m quanh n\u0103m, v\u1edbi nhi\u1ec7t \u0111\u1ed9 trung b\u00ecnh t\u1eeb 29 \u0111\u1ebfn 34 \u00b0C v\u00e0 \u0111\u1ed9 \u1ea9m t\u01b0\u01a1ng \u0111\u1ed1i t\u1eeb 80 \u0111\u1ebfn 90 ph\u1ea7n tr\u0103m. Hai m\u00f9a m\u01b0a\u2014t\u1eeb th\u00e1ng 4 \u0111\u1ebfn th\u00e1ng 8 v\u00e0 t\u1eeb th\u00e1ng 11 \u0111\u1ebfn th\u00e1ng 2\u2014xen k\u1ebd v\u1edbi hai m\u00f9a kh\u00f4 ng\u1eafn h\u01a1n. \u0110\u1ed9 \u1ea9m cao l\u00e0m t\u0103ng nhi\u1ec7t \u0111\u1ed9 c\u1ea3m nh\u1eadn \u0111\u01b0\u1ee3c l\u00ean t\u1edbi 6 \u00b0C. M\u1eb7t tr\u1eddi x\u00edch \u0111\u1ea1o v\u00e0 nh\u1eefng c\u01a1n b\u00e3o th\u01b0\u1eddng xuy\u00ean t\u1ea1o n\u00ean c\u1ea3nh quan v\u1edbi th\u1ea3m th\u1ef1c v\u1eadt t\u01b0\u01a1i t\u1ed1t v\u00e0 nhi\u1ec1u \u0111\u01b0\u1eddng th\u1ee7y.<\/p>\n<p>N\u01b0\u1edbc c\u1ed9ng h\u00f2a n\u00e0y t\u1ef1 h\u00e0o c\u00f3 s\u00e1u v\u00f9ng sinh th\u00e1i tr\u00ean c\u1ea1n. R\u1eebng ng\u1eadp m\u1eb7n ven bi\u1ec3n nh\u01b0\u1eddng ch\u1ed7 cho r\u1eebng \u0111\u1ea7m l\u1ea7y g\u1ea7n Paramaribo. R\u1eebng \u1ea9m \u1edf n\u1ed9i \u0111\u1ecba bao ph\u1ee7 Cao nguy\u00ean Guiana v\u00e0 \u0111\u1ed3ng b\u1eb1ng \u0111\u1ea5t th\u1ea5p. C\u00e1c v\u00f9ng \u0111\u1ea5t th\u1ea3o nguy\u00ean xu\u1ea5t hi\u1ec7n d\u1ecdc theo bi\u00ean gi\u1edbi ph\u00eda nam v\u00e0 c\u00e1c \u0111\u1ec9nh n\u00fai sa th\u1ea1ch bi\u1ec7t l\u1eadp xuy\u00ean qua t\u00e1n c\u00e2y. Nh\u1eefng khu r\u1eebng n\u00e0y r\u1ea5t thi\u00eang li\u00eang \u0111\u1ed1i v\u1edbi c\u1ea3 c\u00e1c nh\u00e0 khoa h\u1ecdc v\u00e0 nh\u00e0 b\u1ea3o t\u1ed3n, \u0111\u1ea1t \u0111i\u1ec3m Ch\u1ec9 s\u1ed1 to\u00e0n v\u1eb9n c\u1ea3nh quan r\u1eebng l\u00e0 9,39 tr\u00ean 10, cao th\u1ee9 n\u0103m tr\u00ean to\u00e0n c\u1ea7u. Hai m\u01b0\u01a1i b\u1ea3y ph\u1ea7n tr\u0103m di\u1ec7n t\u00edch \u0111\u1ea5t n\u1eb1m trong c\u00e1c khu b\u1ea3o t\u1ed3n \u0111\u01b0\u1ee3c b\u1ea3o v\u1ec7 ch\u00ednh th\u1ee9c. Ch\u1ec9 ri\u00eang Khu b\u1ea3o t\u1ed3n thi\u00ean nhi\u00ean Trung t\u00e2m Suriname \u0111\u00e3 bao ph\u1ee7 16.000 km2, m\u1ed9t di\u1ec7n t\u00edch r\u1ed9ng l\u1edbn h\u01a1n m\u1ed9t s\u1ed1 qu\u1ed1c gia ch\u00e2u \u00c2u.<\/p>\n<p>N\u1ec1n kinh t\u1ebf ph\u1ee5 thu\u1ed9c v\u00e0o xu\u1ea5t kh\u1ea9u kho\u00e1ng s\u1ea3n\u2014bauxite, v\u00e0ng v\u00e0 d\u1ea7u m\u1ecf\u2014\u0111\u01b0\u1ee3c t\u0103ng c\u01b0\u1eddng b\u1edfi n\u00f4ng nghi\u1ec7p. Khai th\u00e1c bauxite \u0111\u00e3 \u0111\u01b0a Suriname tr\u1edf th\u00e0nh ngu\u1ed3n qu\u1eb7ng nh\u00f4m quan tr\u1ecdng v\u00e0o gi\u1eefa th\u1ebf k\u1ef7 XX, trong khi c\u00e1c nh\u01b0\u1ee3ng b\u1ed9 v\u00e0ng t\u1eadp trung v\u00e0o c\u00e1c con s\u00f4ng n\u1ed9i \u0111\u1ecba. G\u1ea1o, chu\u1ed1i v\u00e0 t\u00f4m l\u00e0 m\u1ed9t trong nh\u1eefng s\u1ea3n ph\u1ea9m n\u00f4ng nghi\u1ec7p. Ho\u1ea1t \u0111\u1ed9ng kinh t\u1ebf t\u1eadp trung \u1edf Paramaribo, n\u01a1i c\u00e1c c\u01a1 s\u1edf c\u1ea3ng v\u00e0 nh\u00e0 m\u00e1y ch\u1ebf bi\u1ebfn ph\u1ee5c v\u1ee5 c\u1ea3 th\u01b0\u01a1ng m\u1ea1i trong n\u01b0\u1edbc v\u00e0 qu\u1ed1c t\u1ebf.<\/p>\n<p>C\u01a1 s\u1edf h\u1ea1 t\u1ea7ng giao th\u00f4ng ph\u1ea3n \u00e1nh \u0111\u1ecba h\u00ecnh \u0111\u1ea7y th\u00e1ch th\u1ee9c c\u1ee7a qu\u1ed1c gia n\u00e0y. T\u1ed5ng chi\u1ec1u d\u00e0i \u0111\u01b0\u1eddng b\u1ed9 l\u00e0 4.303 km, trong \u0111\u00f3 1.119 km l\u00e0 \u0111\u01b0\u1eddng nh\u1ef1a. C\u1ea7u Jules Wijdenbosch, ho\u00e0n th\u00e0nh n\u0103m 2000, b\u1eafc qua S\u00f4ng Suriname g\u1ea7n Paramaribo \u0111\u1ec3 n\u1ed1i th\u1ee7 \u0111\u00f4 v\u1edbi qu\u1eadn Commewijne, thay th\u1ebf ph\u00e0 v\u00e0 th\u00fac \u0111\u1ea9y ph\u00e1t tri\u1ec3n \u1edf ph\u00eda \u0111\u00f4ng c\u1ee7a \u0111\u00f4 th\u1ecb. Giao th\u00f4ng tu\u00e2n th\u1ee7 l\u00e1i xe b\u00ean tr\u00e1i, m\u1ed9t t\u00e0n t\u00edch c\u1ee7a th\u1eddi k\u1ef3 chi\u1ebfm \u0111\u00f3ng c\u1ee7a Anh v\u00e0 th\u00f4ng l\u1ec7 c\u1ee7a H\u00e0 Lan v\u00e0o th\u1ebf k\u1ef7 th\u1ee9 m\u01b0\u1eddi t\u00e1m. C\u00e1c lo\u1ea1i xe bao g\u1ed3m c\u1ea3 xe tay l\u00e1i b\u00ean tr\u00e1i v\u00e0 b\u00ean ph\u1ea3i. H\u00e0ng kh\u00f4ng d\u1ef1a v\u00e0o 55 s\u00e2n bay, s\u00e1u trong s\u1ed1 \u0111\u00f3 c\u00f3 \u0111\u01b0\u1eddng b\u0103ng tr\u1ea3i nh\u1ef1a. S\u00e2n bay qu\u1ed1c t\u1ebf Johan Adolf Pengel x\u1eed l\u00fd c\u00e1c m\u00e1y bay ph\u1ea3n l\u1ef1c \u0111\u01b0\u1eddng d\u00e0i v\u00e0 h\u1ea7u h\u1ebft c\u00e1c chuy\u1ebfn bay qu\u1ed1c t\u1ebf \u0111\u1ebfn.<\/p>\n<p>Cu\u1ed9c s\u1ed1ng \u0111\u00f4 th\u1ecb t\u1eadp trung v\u00e0o \u0111\u1ed3ng b\u1eb1ng ven bi\u1ec3n h\u1eb9p. Khu v\u1ef1c trung t\u00e2m l\u1ecbch s\u1eed c\u1ee7a Paramaribo, m\u1ed9t di s\u1ea3n th\u1ebf gi\u1edbi \u0111\u01b0\u1ee3c UNESCO c\u00f4ng nh\u1eadn, c\u00f3 m\u1ed9t m\u1ea1ng l\u01b0\u1edbi c\u00e1c c\u00f4ng tr\u00ecnh thu\u1ed9c \u0111\u1ecba b\u1eb1ng g\u1ed7\u2014m\u1eb7t ti\u1ec1n t\u00e2n c\u1ed5 \u0111i\u1ec3n v\u1edbi hi\u00ean nh\u00e0 v\u00e0 c\u1eeda s\u1ed5 ch\u1edbp. T\u1ea1i \u0111\u00e2y, Nh\u00e0 th\u1edd St. Peter v\u00e0 Paul, \u0111\u01b0\u1ee3c x\u00e2y d\u1ef1ng v\u00e0o n\u0103m 1883 tr\u00ean t\u00e0n t\u00edch c\u1ee7a m\u1ed9t nh\u00e0 h\u00e1t c\u0169, v\u01b0\u01a1n l\u00ean ngang h\u00e0ng v\u1edbi c\u00e1c c\u00f4ng tr\u00ecnh b\u1eb1ng \u0111\u00e1 \u1edf ch\u00e2u \u00c2u. G\u1ea7n \u0111\u00f3 c\u00f3 m\u1ed9t nh\u00e0 th\u1edd H\u1ed3i gi\u00e1o v\u00e0 gi\u00e1o \u0111\u01b0\u1eddng Do Th\u00e1i n\u1eb1m g\u1ea7n nhau; c\u00e1c gi\u00e1o \u0111o\u00e0n c\u1ee7a h\u1ecd \u0111\u00e3 s\u1eafp x\u1ebfp c\u00e1c b\u00e3i \u0111\u1eadu xe chung khi c\u00e1c nghi l\u1ec5 t\u00f4n gi\u00e1o tr\u00f9ng nhau. \u1ede qu\u1eadn Wanica, ng\u00f4i \u0111\u1ec1n Arya Diwaker, \u0111\u01b0\u1ee3c kh\u00e1nh th\u00e0nh v\u00e0o n\u0103m 2001, c\u00f3 kh\u1eafc c\u00e1c v\u0103n b\u1ea3n V\u1ec7 \u0110\u00e0 thay cho c\u00e1c bi\u1ec3u t\u01b0\u1ee3ng t\u01b0\u1ee3ng tr\u01b0ng, \u200b\u200bph\u1ea3n \u00e1nh c\u00e1c nguy\u00ean t\u1eafc c\u1ee7a Arya Samaj.<\/p>\n<p>C\u00e1c \u0111i\u1ec3m tham quan n\u00f4ng th\u00f4n v\u00e0 n\u1ed9i \u0111\u1ecba b\u1eaft ngu\u1ed3n t\u1eeb h\u1ec7 sinh th\u00e1i Amazon. C\u00f4ng vi\u00ean thi\u00ean nhi\u00ean Brownsberg nh\u00ecn ra H\u1ed3 ch\u1ee9a Brokopondo, \u0111\u01b0\u1ee3c t\u1ea1o ra b\u1edfi m\u1ed9t trong nh\u1eefng \u0111\u1eadp th\u1ee7y \u0111i\u1ec7n l\u1edbn nh\u1ea5t th\u1ebf gi\u1edbi. \u0110\u1ea3o Tonka, n\u1eb1m tr\u00ean h\u1ed3 ch\u1ee9a, l\u00e0 n\u01a1i t\u1ed5 ch\u1ee9c m\u1ed9t d\u1ef1 \u00e1n du l\u1ecbch sinh th\u00e1i do c\u1ed9ng \u0111\u1ed3ng Saramaccaner Maroon qu\u1ea3n l\u00fd, h\u1ecd c\u0169ng s\u1ea3n xu\u1ea5t b\u00e1t \u0111\u1ef1ng qu\u1ea3 b\u1ea7u \u0111\u01b0\u1ee3c v\u1ebd tay v\u00e0 \u0111\u1ed3 th\u1ee7 c\u00f4ng b\u1eb1ng g\u1ed7 trang tr\u00ed cho du kh\u00e1ch. Khu b\u1ea3o t\u1ed3n Raleighvallen, t\u1eadp trung v\u00e0o c\u00e1c v\u00e1ch \u0111\u00e1 v\u00e0 gh\u1ec1nh c\u1ee7a S\u00f4ng Coppename, mang \u0111\u1ebfn c\u01a1 h\u1ed9i ng\u1eafm chim; Th\u00e1c Blanche Marie v\u00e0 Wonotobo n\u1eb1m r\u1ea3i r\u00e1c tr\u00ean c\u00e1c d\u00f2ng s\u00f4ng kh\u00e1c. C\u00e1c nh\u00e0 ngh\u1ec9 trong r\u1eebng v\u00e0 l\u00e0ng c\u1ee7a ng\u01b0\u1eddi da \u0111\u1ecf cho ph\u00e9p trao \u0111\u1ed5i v\u0103n h\u00f3a trong khi v\u1eabn tu\u00e2n th\u1ee7 c\u00e1c nguy\u00ean t\u1eafc b\u1ea3o t\u1ed3n.<\/p>\n<p>H\u1ed3 s\u01a1 an to\u00e0n \u0111\u01b0\u1eddng b\u1ed9 c\u1ee7a Suriname tr\u00e1i ng\u01b0\u1ee3c v\u1edbi c\u00e1c th\u1ecb tr\u1ea5n ven bi\u1ec3n y\u00ean t\u0129nh c\u1ee7a n\u00f3; t\u1ef7 l\u1ec7 t\u1ed9i ph\u1ea1m \u0111\u00e3 t\u0103ng \u1edf Paramaribo v\u00e0 c\u01b0\u1edbp c\u00f3 v\u0169 trang x\u1ea3y ra v\u1edbi t\u1ea7n su\u1ea5t ng\u00e0y c\u00e0ng t\u0103ng. B\u1ed9 Ngo\u1ea1i giao Hoa K\u1ef3 \u0111\u00e1nh gi\u00e1 r\u1ee7i ro du l\u1ecbch l\u00e0 C\u1ea5p \u0111\u1ed9 1: th\u1ef1c hi\u1ec7n c\u00e1c bi\u1ec7n ph\u00e1p ph\u00f2ng ng\u1eeba th\u00f4ng th\u01b0\u1eddng.<\/p>\n<p>Xu h\u01b0\u1edbng nh\u00e2n kh\u1ea9u h\u1ecdc cho th\u1ea5y s\u1ef1 t\u0103ng tr\u01b0\u1edfng \u1ed5n \u0111\u1ecbnh k\u1ec3 t\u1eeb cu\u1ed9c \u0111i\u1ec1u tra d\u00e2n s\u1ed1 n\u0103m 2012 l\u00e0 541.638. V\u00e0o n\u0103m 2022, \u01b0\u1edbc t\u00ednh c\u1ee7a Li\u00ean h\u1ee3p qu\u1ed1c \u0111\u01b0a d\u00e2n s\u1ed1 v\u00e0o kho\u1ea3ng 624.900. \u0110\u00f4 th\u1ecb h\u00f3a v\u1eabn ti\u1ebfp di\u1ec5n d\u1ecdc theo b\u1edd bi\u1ec3n; g\u1ea7n ch\u00edn m\u01b0\u01a1i ph\u1ea7n tr\u0103m c\u01b0 d\u00e2n s\u1ed1ng \u1edf Paramaribo ho\u1eb7c c\u00e1c khu \u0111\u1ecbnh c\u01b0 l\u00e2n c\u1eadn.<\/p>\n<p>C\u00e1c m\u1ed1i quan h\u1ec7 ngo\u1ea1i giao bao g\u1ed3m t\u01b0 c\u00e1ch th\u00e0nh vi\u00ean trong C\u1ed9ng \u0111\u1ed3ng Caribe (CARICOM), T\u1ed5 ch\u1ee9c H\u1ee3p t\u00e1c H\u1ed3i gi\u00e1o, T\u1ed5 ch\u1ee9c c\u00e1c qu\u1ed1c gia ch\u00e2u M\u1ef9 v\u00e0 Li\u00ean h\u1ee3p qu\u1ed1c. Nh\u1eefng m\u1ed1i quan h\u1ec7 n\u00e0y m\u1edf r\u1ed9ng ph\u1ea1m vi c\u1ee7a Suriname v\u01b0\u1ee3t ra ngo\u00e0i quy m\u00f4 khi\u00eam t\u1ed1n c\u1ee7a n\u00f3, cho ph\u00e9p tham gia v\u00e0o c\u00e1c cu\u1ed9c trao \u0111\u1ed5i kinh t\u1ebf v\u00e0 v\u0103n h\u00f3a trong khu v\u1ef1c.<\/p>\n<p>M\u1eb7c d\u00f9 d\u00e2n s\u1ed1 \u00edt, nh\u01b0ng s\u1ef1 gi\u00e0u c\u00f3 thi\u00ean nhi\u00ean v\u00e0 \u0111a d\u1ea1ng v\u0103n h\u00f3a c\u1ee7a Suriname t\u1ea1o n\u00ean m\u1ed9t c\u00e2u chuy\u1ec7n qu\u1ed1c gia nhi\u1ec1u l\u1edbp. T\u1eeb c\u00e1c \u0111\u1ed3n \u0111i\u1ec1n thu\u1ed9c \u0111\u1ecba v\u00e0 lao \u0111\u1ed9ng di c\u01b0 \u0111\u1ebfn c\u00e1c khu b\u1ea3o t\u1ed3n r\u1eebng nhi\u1ec7t \u0111\u1edbi v\u00e0 c\u01a1 s\u1edf h\u1ea1 t\u1ea7ng hi\u1ec7n \u0111\u1ea1i, n\u01b0\u1edbc c\u1ed9ng h\u00f2a n\u00e0y v\u1eabn l\u00e0 m\u1ed9t c\u1ea3nh quan c\u1ee7a nh\u1eefng s\u1ef1 t\u01b0\u01a1ng ph\u1ea3n l\u00e2u d\u00e0i. Nh\u1eefng khu r\u1eebng r\u1eadm r\u1ea1p v\u00e0 nh\u1eefng d\u00f2ng s\u00f4ng ch\u1ea3y ch\u1eadm ch\u1ee9ng ki\u1ebfn \u200b\u200bs\u1ef1 t\u01b0\u01a1ng t\u00e1c gi\u1eefa cu\u1ed9c s\u1ed1ng c\u1ee7a ng\u01b0\u1eddi Amerindian c\u1ed5 \u0111\u1ea1i v\u00e0 th\u01b0\u01a1ng m\u1ea1i to\u00e0n c\u1ea7u, gi\u1eefa kh\u00ed h\u1eadu nhi\u1ec7t \u0111\u1edbi v\u00e0 polder \u0111\u01b0\u1ee3c thi\u1ebft k\u1ebf, gi\u1eefa x\u00e3 h\u1ed9i \u0111a s\u1eafc t\u1ed9c v\u00e0 quy\u1ec1n t\u1ef1 ch\u1ee7 \u0111\u01a1n nh\u1ea5t. Suriname v\u1eeba xa x\u00f4i v\u1eeba k\u1ebft n\u1ed1i, m\u1ed9t kho l\u01b0u tr\u1eef to\u00e0n v\u1eb9n sinh th\u00e1i v\u00e0 s\u1ef1 ph\u1ee9c t\u1ea1p c\u1ee7a con ng\u01b0\u1eddi d\u1ecdc theo b\u1edd bi\u1ec3n ph\u00eda b\u1eafc c\u1ee7a Nam M\u1ef9.<\/p>","protected":false},"excerpt":{"rendered":"<p>Suriname, a little nation on the northeastern coast of South America, offers a unique mix of cultures, unspoiled environment, and welcoming hospitality. For those looking for real experiences and unspoiled beauty, this hidden treasure is fast rising as a must-see.<\/p>","protected":false},"author":1,"featured_media":4488,"parent":24096,"menu_order":0,"comment_status":"closed","ping_status":"closed","template":"elementor_theme","meta":{"_eb_attr":"","footnotes":""},"class_list":["post-7304","page","type-page","status-publish","has-post-thumbnail"],"_links":{"self":[{"href":"https:\/\/travelshelper.com\/vi\/wp-json\/wp\/v2\/pages\/7304","targetHints":{"allow":["GET"]}}],"collection":[{"href":"https:\/\/travelshelper.com\/vi\/wp-json\/wp\/v2\/pages"}],"about":[{"href":"https:\/\/travelshelper.com\/vi\/wp-json\/wp\/v2\/types\/page"}],"author":[{"embeddable":true,"href":"https:\/\/travelshelper.com\/vi\/wp-json\/wp\/v2\/users\/1"}],"replies":[{"embeddable":true,"href":"https:\/\/travelshelper.com\/vi\/wp-json\/wp\/v2\/comments?post=7304"}],"version-history":[{"count":0,"href":"https:\/\/travelshelper.com\/vi\/wp-json\/wp\/v2\/pages\/7304\/revisions"}],"up":[{"embeddable":true,"href":"https:\/\/travelshelper.com\/vi\/wp-json\/wp\/v2\/pages\/24096"}],"wp:featuredmedia":[{"embeddable":true,"href":"https:\/\/travelshelper.com\/vi\/wp-json\/wp\/v2\/media\/4488"}],"wp:attachment":[{"href":"https:\/\/travelshelper.com\/vi\/wp-json\/wp\/v2\/media?parent=7304"}],"curies":[{"name":"wp","href":"https:\/\/api.w.org\/{rel}","templated":true}]}}