{"id":7291,"date":"2024-08-25T11:17:05","date_gmt":"2024-08-25T11:17:05","guid":{"rendered":"https:\/\/travelshelper.com\/staging\/?page_id=7291"},"modified":"2026-03-14T00:15:32","modified_gmt":"2026-03-14T00:15:32","slug":"caracas","status":"publish","type":"page","link":"https:\/\/travelshelper.com\/vi\/destinations\/south-america\/venezuela\/caracas\/","title":{"rendered":"Caracas"},"content":{"rendered":"<p>Santiago de Le\u00f3n de Caracas chi\u1ebfm m\u1ed9t khe h\u1eb9p d\u1ecdc theo S\u00f4ng Guaire \u1edf ph\u00eda b\u1eafc Venezuela. \u0110\u01b0\u1ee3c th\u00e0nh l\u1eadp v\u00e0o n\u0103m 1567, n\u00f3 n\u1eb1m trong m\u1ed9t t\u00fai c\u1ee7a D\u00e3y n\u00fai ven bi\u1ec3n Venezuela, \u0111\u01b0\u1ee3c bao quanh \u1edf ph\u00eda b\u1eafc b\u1edfi m\u1ed9t d\u00e3y n\u00fai cao 2.200 m\u00e9t c\u00f3 \u0111\u1ec9nh l\u00e0 Cerro El \u00c1vila v\u00e0 \u1edf ph\u00eda nam b\u1edfi nh\u1eefng ng\u1ecdn \u0111\u1ed3i nh\u1ea5p nh\u00f4. N\u1ec1n kh\u00f4ng b\u1eb1ng ph\u1eb3ng c\u1ee7a thung l\u0169ng n\u00e0y dao \u0111\u1ed9ng t\u1eeb 870 \u0111\u1ebfn 1.043 m\u00e9t so v\u1edbi m\u1ef1c n\u01b0\u1edbc bi\u1ec3n, v\u00ec v\u1eady l\u00f5i l\u1ecbch s\u1eed c\u1ee7a n\u00f3 - xung quanh Nh\u00e0 th\u1edd l\u1edbn t\u1ea1i Qu\u1ea3ng tr\u01b0\u1eddng Bol\u00edvar - n\u1eb1m g\u1ea7n 900 m\u00e9t. B\u00ean ngo\u00e0i l\u01b0\u1edbi thu\u1ed9c \u0111\u1ecba, c\u00e1c \u0111\u01b0\u1eddng \u0111\u1ed3ng m\u1ee9c d\u1ed1c h\u01a1n v\u00e0 kho\u1ea3ng c\u00e1ch gi\u1eefa c\u00e1c \u0111\u1ec9nh n\u00fai mang \u0111\u1ebfn t\u1ea7m nh\u00ecn \u0111\u1ed9t ng\u1ed9t v\u1ec1 ph\u00eda v\u00f9ng Caribe, ch\u1ec9 c\u00e1ch \u0111\u00f3 15 km nh\u01b0ng \u0111\u01b0\u1ee3c ng\u0103n c\u00e1ch b\u1edfi r\u1eebng r\u1eadm v\u00e0 \u0111\u00e1 d\u1ef1ng \u0111\u1ee9ng.<\/p>\n<p>\u0110\u01b0\u1eddng vi\u1ec1n kh\u00f4ng \u0111\u1ec1u c\u1ee7a thung l\u0169ng \u0111\u00e3 \u0111\u1ecbnh h\u01b0\u1edbng s\u1ef1 ph\u00e1t tri\u1ec3n \u0111\u00f4 th\u1ecb v\u00e0o c\u00e1c t\u00fai v\u00e0 d\u1ea3i ruy b\u0103ng b\u00e1m v\u00e0o c\u00e1c tuy\u1ebfn \u0111\u01b0\u1eddng th\u1ee7y ho\u1eb7c chen ch\u00fac gi\u1eefa c\u00e1c r\u1eb7ng n\u00fai. S\u1ef1 gia t\u0103ng d\u00e2n s\u1ed1 nhanh ch\u00f3ng \u0111\u00e3 \u0111\u1ea9y c\u00e1c khu \u0111\u1ecbnh c\u01b0 l\u00ean c\u00e1c s\u01b0\u1eddn d\u1ed1c, n\u01a1i c\u00e1c c\u1ee5m \u0111\u1ed3i - \u0111\u01b0\u1ee3c g\u1ecdi t\u1ea1i \u0111\u1ecba ph\u01b0\u01a1ng l\u00e0 ranchos - m\u1ecdc l\u00ean theo c\u00e1c t\u1ea7ng kh\u00f4ng ch\u00ednh th\u1ee9c. C\u00e1c l\u00e0n \u0111\u01b0\u1eddng h\u1eb9p c\u1ee7a ch\u00fang theo d\u00f5i c\u00e1c \u0111\u01b0\u1eddng vi\u1ec1n c\u1ee7a \u0111\u1ecba h\u00ecnh, t\u1ea1o ra c\u00e1c kh\u1ed1i kh\u00f4ng \u0111\u1ec1u t\u01b0\u01a1ng ph\u1ea3n v\u1edbi c\u00e1c \u0111\u1ea1i l\u1ed9 th\u1eb3ng b\u00ean d\u01b0\u1edbi. Kho\u1ea3ng 45 ph\u1ea7n tr\u0103m c\u01b0 d\u00e2n hi\u1ec7n \u0111ang sinh s\u1ed1ng t\u1ea1i c\u00e1c khu \u0111\u1ecbnh c\u01b0 nh\u01b0 v\u1eady, ch\u1ec9 chi\u1ebfm m\u1ed9t ph\u1ea7n t\u01b0 \u0110\u1ea1i Caracas nh\u01b0ng l\u1ea1i \u0111\u1ecbnh h\u00ecnh \u0111\u01b0\u1eddng ch\u00e2n tr\u1eddi c\u1ee7a n\u00f3 b\u1eb1ng nh\u1eefng m\u00e1i nh\u00e0 v\u00e1 v\u00edu v\u00e0 nh\u1eefng con \u0111\u01b0\u1eddng m\u00f2n quanh co.<\/p>\n<p>B\u00ean d\u01b0\u1edbi th\u00e0nh ph\u1ed1, \u0111\u00e1 bi\u1ebfn ch\u1ea5t h\u00ecnh th\u00e0nh trong k\u1ef7 Ph\u1ea5n tr\u1eafng mu\u1ed9n t\u1ed3n t\u1ea1i nh\u01b0 n\u1ec1n t\u1ea3ng c\u1ee7a thung l\u0169ng. C\u00e1c d\u00f2ng n\u01b0\u1edbc b\u1ec1 m\u1eb7t sinh ra t\u1eeb El \u00c1vila \u0111\u1ed5 v\u00e0o S\u00f4ng Guaire, ch\u1ea3y v\u1ec1 ph\u00eda \u0111\u00f4ng v\u00e0o l\u01b0u v\u1ef1c Tuy. Hai h\u1ed3 ch\u1ee9a n\u01b0\u1edbc\u2014La Mariposa v\u00e0 Camatagua\u2014cung c\u1ea5p ph\u1ea7n l\u1edbn n\u01b0\u1edbc cho th\u00e0nh ph\u1ed1, m\u1eb7c d\u00f9 b\u1ea3n th\u00e2n Guaire \u0111\u00e3 b\u1ecb \u00f4 nhi\u1ec5m v\u00e0 l\u0169 l\u1ee5t \u0111\u1ecbnh k\u1ef3 trong th\u1eddi gian d\u00e0i.<\/p>\n<p>C\u00e1c c\u01a1n \u0111\u1ecba ch\u1ea5n \u0111\u00e3 l\u00e0m rung chuy\u1ec3n Caracas qua nhi\u1ec1u th\u1ebf k\u1ef7; c\u00e1c tr\u1eadn \u0111\u1ed9ng \u0111\u1ea5t n\u0103m 1641 v\u00e0 1967 nh\u1eafc nh\u1edf ng\u01b0\u1eddi d\u00e2n r\u1eb1ng d\u00e3y n\u00fai ven bi\u1ec3n b\u1ecb n\u1ee9t d\u01b0\u1edbi \u00e1p l\u1ef1c ki\u1ebfn \u200b\u200bt\u1ea1o. Tuy nhi\u00ean, th\u1ec9nh tho\u1ea3ng nh\u1eefng ng\u1ecdn n\u00fai l\u1ea1i c\u00f3 nh\u1eefng tia s\u00e1ng b\u1ea1c: m\u01b0a l\u1edbn nu\u00f4i d\u01b0\u1ee1ng nh\u1eefng khu r\u1eebng m\u00e2y t\u01b0\u01a1i t\u1ed1t tr\u00ean s\u01b0\u1eddn n\u00fai, v\u00e0 c\u00e1c m\u1ecfm \u0111\u00e1 granit t\u1ea1o n\u00ean nh\u1eefng tuy\u1ebfn \u0111\u01b0\u1eddng \u0111i b\u1ed9 t\u01b0\u01a1ng ph\u1ea3n v\u1edbi nh\u1eefng con ph\u1ed1 \u0111\u00f4 th\u1ecb b\u00ean d\u01b0\u1edbi.<\/p>\n<p>M\u1eb7c d\u00f9 n\u1eb1m trong v\u00f9ng nhi\u1ec7t \u0111\u1edbi, \u0111\u1ed9 cao l\u00e0m d\u1ecbu th\u1eddi ti\u1ebft c\u1ee7a Caracas. L\u01b0\u1ee3ng m\u01b0a h\u00e0ng n\u0103m trung b\u00ecnh t\u1eeb 900 \u0111\u1ebfn 1.300 mm \u1edf c\u00e1c qu\u1eadn th\u1ea5p h\u01a1n, t\u0103ng l\u00ean 2.000 mm tr\u00ean s\u01b0\u1eddn n\u00fai. Nhi\u1ec7t \u0111\u1ed9 dao \u0111\u1ed9ng trong ph\u1ea1m vi h\u1eb9p 2,8 \u00b0C: nhi\u1ec7t \u0111\u1ed9 th\u1ea5p nh\u1ea5t v\u00e0o th\u00e1ng 1 trung b\u00ecnh l\u00e0 21,7 \u00b0C, nhi\u1ec7t \u0111\u1ed9 cao nh\u1ea5t v\u00e0o th\u00e1ng 5 l\u00e0 24,5 \u00b0C. \u0110\u00eam c\u00f3 th\u1ec3 gi\u1ea3m \u0111\u1ed9t ng\u1ed9t\u2014\u0111\u1eb7c bi\u1ec7t l\u00e0 v\u00e0o th\u00e1ng 12 v\u00e0 th\u00e1ng 1\u2014khi m\u1ed9t l\u1edbp s\u01b0\u01a1ng m\u00f9, m\u00e1t m\u1ebb \u0111\u01b0\u1ee3c g\u1ecdi t\u1ea1i \u0111\u1ecba ph\u01b0\u01a1ng l\u00e0 Pacheco c\u00f3 th\u1ec3 l\u00e0m gi\u1ea3m nhi\u1ec7t \u0111\u1ed9 xu\u1ed1ng kho\u1ea3ng 8 \u00b0C. M\u01b0a \u0111\u00e1 v\u1eabn hi\u1ebfm; b\u00e3o \u0111i\u1ec7n th\u01b0\u1eddng xuy\u00ean x\u1ea3y ra t\u1eeb th\u00e1ng 6 \u0111\u1ebfn th\u00e1ng 10, do s\u1ef1 k\u1eb9t l\u1ea1i c\u1ee7a thung l\u0169ng v\u00e0 n\u00e2ng \u0111\u1ecba h\u00ecnh.<\/p>\n<p>Cu\u1ed9c \u0111i\u1ec1u tra d\u00e2n s\u1ed1 n\u0103m 2011 ghi nh\u1eadn g\u1ea7n 1,9 tri\u1ec7u c\u01b0 d\u00e2n \u1edf Qu\u1eadn th\u1ee7 \u0111\u00f4, trong khi qu\u1ef9 \u0111\u1ea1o \u0111\u00f4 th\u1ecb\u2014Gran Caracas\u2014\u0111\u1ea1t g\u1ea7n 3 tri\u1ec7u ng\u01b0\u1eddi v\u00e0o n\u0103m \u0111\u00f3 v\u00e0 hi\u1ec7n \u0111ang ti\u1ebfn g\u1ea7n \u0111\u1ebfn 5 tri\u1ec7u ng\u01b0\u1eddi. H\u1ea7u h\u1ebft c\u01b0 d\u00e2n \u0111\u1ec1u c\u00f3 ngu\u1ed3n g\u1ed1c h\u1ed7n h\u1ee3p: d\u00f2ng d\u00f5i ch\u00e2u \u00c2u, b\u1ea3n \u0111\u1ecba v\u00e0 ch\u00e2u Phi h\u00f2a nh\u1eadp v\u00e0o cu\u1ed9c s\u1ed1ng h\u00e0ng ng\u00e0y. C\u00e1c c\u1ed9ng \u0111\u1ed3ng ng\u01b0\u1eddi Venezuela g\u1ed1c Phi v\u1eabn duy tr\u00ec \u00e2m nh\u1ea1c v\u00e0 \u1ea9m th\u1ef1c \u0111\u1eb7c tr\u01b0ng, \u200b\u200btrong khi l\u00e0n s\u00f3ng ng\u01b0\u1eddi nh\u1eadp c\u01b0 th\u1ebf k\u1ef7 20\u2014t\u1eeb T\u00e2y Ban Nha, B\u1ed3 \u0110\u00e0o Nha, \u00dd, Trung \u0110\u00f4ng, Trung Qu\u1ed1c, \u0110\u1ee9c v\u00e0 nhi\u1ec1u n\u01a1i kh\u00e1c\u2014\u0111\u00e3 b\u1ed5 sung th\u00eam nhi\u1ec1u l\u1edbp ng\u00f4n ng\u1eef, \u0111\u1ee9c tin v\u00e0 l\u1ec5 h\u1ed9i m\u1edbi. Nh\u1eefng \u1ea3nh h\u01b0\u1edfng n\u00e0y truy\u1ec1n v\u00e0o n\u1ec1n \u1ea9m th\u1ef1c \u0111\u1ecba ph\u01b0\u01a1ng, t\u1eeb m\u00f3n tapas theo phong c\u00e1ch Andalusia \u0111\u1ebfn b\u00e1nh ng\u1ecdt Lebanon v\u00e0 \u0111\u1ed3 \u0103n \u0111\u01b0\u1eddng ph\u1ed1 \u0110\u00f4ng \u00c1.<\/p>\n<p>Tuy nhi\u00ean, kh\u00f3 kh\u0103n kinh t\u1ebf \u1ea3nh h\u01b0\u1edfng \u0111\u1ebfn h\u01a1n m\u1ed9t n\u1eeda d\u00e2n s\u1ed1. \u0110\u1ebfn n\u0103m 2020, 55 ph\u1ea7n tr\u0103m ng\u01b0\u1eddi ngh\u00e8o nh\u1ea5t s\u1ed1ng trong \u0111i\u1ec1u ki\u1ec7n \u1ed5 chu\u1ed9t tr\u00ean m\u1ed9t ph\u1ea7n ba di\u1ec7n t\u00edch \u0111\u1ea5t, n\u01a1i nh\u1eefng con d\u1ed1c kh\u00f4ng \u1ed5n \u0111\u1ecbnh v\u00e0 d\u1ecbch v\u1ee5 t\u1ed1i thi\u1ec3u l\u00e0m t\u0103ng r\u1ee7i ro. M\u1eb7c d\u00f9 v\u1eady, c\u00e1c ch\u1ee3 kh\u00f4ng ch\u00ednh th\u1ee9c v\u1eabn ph\u00e1t tri\u1ec3n m\u1ea1nh; c\u00e1c qu\u1ea7y h\u00e0ng d\u1ecdc theo nh\u1eefng con \u0111\u01b0\u1eddng h\u1eb9p b\u00e1n n\u00f4ng s\u1ea3n t\u01b0\u01a1i s\u1ed1ng v\u00e0 \u0111\u1ed3 th\u1ee7 c\u00f4ng l\u00e0m b\u1eb1ng tay, v\u00e0 c\u00e1c trung t\u00e2m c\u1ed9ng \u0111\u1ed3ng ph\u00e2n ph\u1ed1i n\u01b0\u1edbc v\u00e0 \u0111i\u1ec7n khi h\u1ec7 th\u1ed1ng \u0111\u00f4 th\u1ecb b\u1ecb tr\u1ee5c tr\u1eb7c.<\/p>\n<p>Caracas l\u00e0 n\u01a1i neo gi\u1eef ng\u00e0nh d\u1ecbch v\u1ee5 c\u1ee7a Venezuela. C\u00e1c t\u00f2a nh\u00e0 v\u0103n ph\u00f2ng t\u1eadp trung \u1edf El Rosal v\u00e0 Las Mercedes, c\u00e1c ng\u00e2n h\u00e0ng nh\u00e0 \u1edf, c\u00f4ng ty t\u01b0 v\u1ea5n v\u00e0 khu ph\u1ee9c h\u1ee3p mua s\u1eafm. S\u00e0n giao d\u1ecbch ch\u1ee9ng kho\u00e1n Caracas v\u00e0 c\u00f4ng ty d\u1ea7u kh\u00ed nh\u00e0 n\u01b0\u1edbc Petr\u00f3leos de Venezuela (PDVSA) duy tr\u00ec tr\u1ee5 s\u1edf ch\u00ednh \u1edf trung t\u00e2m th\u00e0nh ph\u1ed1. PDVSA \u0111\u00e0m ph\u00e1n t\u1ea5t c\u1ea3 c\u00e1c th\u1ecfa thu\u1eadn xu\u1ea5t kh\u1ea9u v\u00e0 v\u1eabn l\u00e0 th\u1ef1c th\u1ec3 c\u00f4ng ty l\u1edbn nh\u1ea5t c\u1ee7a qu\u1ed1c gia. Empresas Polar, m\u1ed9t t\u1eadp \u0111o\u00e0n th\u1ef1c ph\u1ea9m v\u00e0 \u0111\u1ed3 u\u1ed1ng t\u01b0 nh\u00e2n, c\u0169ng \u0111i\u1ec1u h\u00e0nh c\u00e1c c\u01a1 s\u1edf l\u1edbn g\u1ea7n \u0111\u00f3.<\/p>\n<p>S\u1ea3n xu\u1ea5t v\u1eabn t\u1ed3n t\u1ea1i \u1edf v\u00f9ng ngo\u1ea1i \u00f4 \u0111\u00f4 th\u1ecb: c\u00e1c nh\u00e0 m\u00e1y d\u1ec7t, nh\u00e0 m\u00e1y h\u00f3a ch\u1ea5t, x\u01b0\u1edfng thu\u1ed9c da v\u00e0 nh\u00e0 m\u00e1y xi m\u0103ng n\u1eb1m d\u1ecdc c\u00e1c xa l\u1ed9 ch\u00ednh. C\u00e1c x\u01b0\u1edfng nh\u1ecf s\u1ea3n xu\u1ea5t \u0111\u1ed3 n\u1ed9i th\u1ea5t, h\u00e0ng cao su v\u00e0 th\u1ef1c ph\u1ea9m ch\u1ebf bi\u1ebfn. Tuy nhi\u00ean, c\u00e1c bi\u1ebfn \u0111\u1ed9ng \u0111\u1ecba ch\u00ednh tr\u1ecb v\u00e0 l\u1ea1m ph\u00e1t \u0111\u00e3 l\u00e0m gi\u1ea3m s\u1ea3n l\u01b0\u1ee3ng danh ngh\u0129a. Tr\u01b0\u1edbc khi c\u00f3 bi\u1ebfn \u0111\u1ed9ng ti\u1ec1n t\u1ec7, GDP c\u1ee7a Caracas \u0111\u1ea1t g\u1ea7n 70 t\u1ef7 \u0111\u00f4 la M\u1ef9 v\u1edbi m\u1ee9c b\u00ecnh qu\u00e2n \u0111\u1ea7u ng\u01b0\u1eddi \u0111i\u1ec1u ch\u1ec9nh theo s\u1ee9c mua v\u00e0o kho\u1ea3ng 24.000 \u0111\u00f4 la M\u1ef9. M\u1eb7c d\u00f9 ch\u1ec9 s\u1ed1 c\u1ee7a Li\u00ean h\u1ee3p qu\u1ed1c n\u0103m 2009 \u0111\u01b0a ra m\u1ee9c chi ph\u00ed sinh ho\u1ea1t t\u1ea1i \u0111\u1ecba ph\u01b0\u01a1ng b\u1eb1ng 89 ph\u1ea7n tr\u0103m c\u1ee7a New York, nh\u01b0ng chu\u1ea9n m\u1ef1c \u0111\u00f3 s\u1eed d\u1ee5ng t\u1ef7 gi\u00e1 h\u1ed1i \u0111o\u00e1i n\u0103m 2003 v\u00e0 b\u1ecf qua c\u00e1c \u0111\u1ee3t t\u0103ng gi\u00e1 g\u1ea7n \u0111\u00e2y.<\/p>\n<p>Du l\u1ecbch v\u1eabn c\u00f2n khi\u00eam t\u1ed1n. N\u0103m 2013, m\u1ed9t cu\u1ed9c kh\u1ea3o s\u00e1t c\u1ee7a Di\u1ec5n \u0111\u00e0n Kinh t\u1ebf Th\u1ebf gi\u1edbi x\u1ebfp h\u1ea1ng Venezuela th\u1ea5p nh\u1ea5t v\u1ec1 ti\u1ebfp th\u1ecb to\u00e0n c\u1ea7u cho du kh\u00e1ch\u2014ph\u1ea3n \u00e1nh c\u00e1c l\u1ef1a ch\u1ecdn giao th\u00f4ng h\u1ea1n ch\u1ebf, t\u1ed9i ph\u1ea1m cao v\u00e0 th\u00e1i \u0111\u1ed9 do d\u1ef1 c\u1ee7a ng\u01b0\u1eddi d\u00e2n \u0111\u1ecba ph\u01b0\u01a1ng. N\u0103m \u0111\u00f3, ch\u00ednh ph\u1ee7 \u0111\u00e3 l\u1eadp ng\u00e2n s\u00e1ch 173,8 tri\u1ec7u bol\u00edvar cho du l\u1ecbch, m\u1ed9t ph\u1ea7n nh\u1ecf trong s\u1ed1 c\u00e1c kho\u1ea3n ph\u00e2n b\u1ed5 cho thanh ni\u00ean v\u00e0 qu\u1ed1c ph\u00f2ng. Tuy nhi\u00ean, c\u00e1c s\u00e1ng ki\u1ebfn \u200b\u200bnh\u01b0 Kh\u00e1ch s\u1ea1n Alba Caracas nh\u1eb1m m\u1ee5c \u0111\u00edch hi\u1ec7n \u0111\u1ea1i h\u00f3a ch\u1ed7 ngh\u1ec9. Doanh thu du kh\u00e1ch h\u00e0ng n\u0103m \u0111\u00f3ng g\u00f3p d\u01b0\u1edbi 4 ph\u1ea7n tr\u0103m GDP, m\u1eb7c d\u00f9 d\u1ef1 b\u00e1o \u0111\u1ebfn n\u0103m 2022 d\u1ef1 ki\u1ebfn \u200b\u200bs\u1ebd t\u0103ng nh\u1eb9.<\/p>\n<p>Theo s\u1ef1 \u0111\u1ed3ng thu\u1eadn, Caracas \u0111\u00f3ng vai tr\u00f2 l\u00e0 trung t\u00e2m v\u0103n h\u00f3a c\u1ee7a Venezuela. C\u00e1c ph\u00f2ng tr\u01b0ng b\u00e0y tr\u1ea3i d\u00e0i t\u1eeb ngh\u1ec7 thu\u1eadt t\u00f4n gi\u00e1o thu\u1ed9c \u0111\u1ecba trong nh\u00e0 th\u1edd \u0111\u1ebfn c\u00e1c b\u1ed9 s\u01b0u t\u1eadp ti\u00ean phong t\u1ea1i B\u1ea3o t\u00e0ng Ngh\u1ec7 thu\u1eadt \u0110\u01b0\u01a1ng \u0111\u1ea1i, m\u1ed9t trong nh\u1eefng b\u1ea3o t\u00e0ng h\u00e0ng \u0111\u1ea7u Nam M\u1ef9. C\u00e1c c\u00f4ng ty s\u00e2n kh\u1ea5u th\u01b0\u1eddng xuy\u00ean l\u1ea5p \u0111\u1ea7y c\u00e1c \u0111\u1ecba \u0111i\u1ec3m \u1edf trung t\u00e2m th\u00e0nh ph\u1ed1, trong khi c\u00e1c ph\u00f2ng tr\u01b0ng b\u00e0y t\u01b0 nh\u00e2n \u1edf Sabana Grande gi\u1edbi thi\u1ec7u c\u00e1c h\u1ecda s\u0129 m\u1edbi n\u1ed5i. C\u00e1c nh\u00e0 h\u00e0ng c\u00f3 \u0111\u1ee7 lo\u1ea1i t\u1eeb c\u00e1c c\u1eeda h\u00e0ng arepa do gia \u0111\u00ecnh t\u1ef1 qu\u1ea3n \u0111\u1ebfn c\u00e1c \u0111\u1ecba \u0111i\u1ec3m \u0103n u\u1ed1ng sang tr\u1ecdng trong c\u00e1c t\u00f2a th\u00e1p kh\u00e1ch s\u1ea1n. C\u00e1c trung t\u00e2m mua s\u1eafm\u2014tr\u01b0\u1edbc \u0111\u00e2y l\u00e0 nh\u1eefng th\u1ee9 m\u1edbi l\u1ea1\u2014hi\u1ec7n l\u00e0 \u0111i\u1ec3m neo \u0111\u1eadu c\u1ee7a c\u00e1c v\u00f9ng ngo\u1ea1i \u00f4, k\u1ebft h\u1ee3p c\u00e1c c\u1eeda h\u00e0ng th\u01b0\u01a1ng hi\u1ec7u v\u1edbi c\u00e1c gian h\u00e0ng th\u1ee7 c\u00f4ng.<\/p>\n<p>Kh\u00f4ng gian c\u00f4ng c\u1ed9ng t\u1eadp trung quanh Plaza Venezuela v\u00e0 Qu\u1ea3ng tr\u01b0\u1eddng Bol\u00edvar. Kh\u00e1ch du l\u1ecbch th\u01b0\u1eddng d\u1eebng ch\u00e2n \u1edf m\u1eb7t ti\u1ec1n t\u00e2n c\u1ed5 \u0111i\u1ec3n c\u1ee7a Nh\u00e0 th\u1edd, sau \u0111\u00f3 \u0111i d\u1ea1o tr\u00ean nh\u1eefng \u0111\u1ea1i l\u1ed9 r\u1ee3p b\u00f3ng c\u00e2y t\u1ea1i Los Caobos, n\u01a1i c\u00f3 ki\u1ebfn \u200b\u200btr\u00fac gi\u1eefa th\u1ebf k\u1ef7 v\u1edbi c\u00e1c ph\u00f2ng h\u00f2a nh\u1ea1c v\u00e0 b\u1ea3o t\u00e0ng. M\u1eb7c d\u00f9 \u0111\u00f4ng \u0111\u00fac, c\u00e1c kh\u00f4ng gian xanh \u0111\u00f4 th\u1ecb nh\u01b0 C\u00f4ng vi\u00ean Simon Bolivar v\u1eabn c\u00f3 nh\u1eefng s\u00e2n v\u01b0\u1eddn v\u00e0 \u0111\u01b0\u1eddng ch\u1ea1y b\u1ed9 gi\u1eefa nh\u1eefng c\u00e2y sung v\u00e0 c\u00e2y ph\u01b0\u1ee3ng t\u00edm.<\/p>\n<p>N\u1ec1n \u0111\u1ea5t b\u1eb1ng ph\u1eb3ng h\u1ea1n ch\u1ebf bu\u1ed9c ph\u1ea3i x\u00e2y d\u1ef1ng theo chi\u1ec1u cao. T\u00f2a th\u00e1p \u0111\u00f4i c\u1ee7a Parque Central, m\u1ed9t trong nh\u1eefng t\u00f2a nh\u00e0 cao nh\u1ea5t \u1edf M\u1ef9 Latinh, l\u00e0m cho c\u00e1c kh\u1ed1i nh\u00e0 xung quanh tr\u1edf n\u00ean nh\u1ecf b\u00e9. C\u00e1c c\u0103n h\u1ed9 cao t\u1ea7ng tr\u1ea3i d\u00e0i d\u1ecdc theo c\u00e1c h\u00e0nh lang ch\u00ednh, \u0111\u1ed5i s\u00e2n m\u1edf l\u1ea5y s\u00e2n th\u01b0\u1ee3ng v\u00e0 t\u1ea7m nh\u00ecn ra n\u00fai xa.<\/p>\n<p>\u0110\u1ec3 gi\u1ea3m t\u00ecnh tr\u1ea1ng t\u1eafc ngh\u1ebdn, c\u00e1c nh\u00e0 quy ho\u1ea1ch \u0111\u00e3 m\u1edf r\u1ed9ng Metro de Caracas k\u1ec3 t\u1eeb khi khai tr\u01b0\u01a1ng n\u0103m 1983. B\u1ed1n tuy\u1ebfn c\u1ed1t l\u00f5i hi\u1ec7n \u0111\u00e3 \u0111\u1ea1t t\u1edbi 47 nh\u00e0 ga, v\u1eadn chuy\u1ec3n kho\u1ea3ng hai tri\u1ec7u h\u00e0nh kh\u00e1ch m\u1ed7i ng\u00e0y. C\u00e1c tuy\u1ebfn m\u1edf r\u1ed9ng li\u00ean k\u1ebft v\u1edbi Los Teques Metro v\u00e0 s\u1ebd k\u1ebft n\u1ed1i v\u1edbi h\u1ec7 th\u1ed1ng Guarenas-Guatire, m\u1edf r\u1ed9ng ph\u1ea1m vi ho\u1ea1t \u0111\u1ed9ng sang c\u00e1c ti\u1ec3u bang l\u00e2n c\u1eadn.<\/p>\n<p>C\u00e1c tuy\u1ebfn \u0111\u01b0\u1eddng tr\u00ean m\u1eb7t \u0111\u1ea5t\u2014Metrob\u00fas v\u00e0 BusCaracas\u2014ph\u00e2n nh\u00e1nh t\u1eeb c\u00e1c trung t\u00e2m t\u00e0u \u200b\u200b\u0111i\u1ec7n ng\u1ea7m \u0111\u1ebfn c\u00e1c khu d\u00e2n c\u01b0 kh\u00f4ng ph\u00f9 h\u1ee3p v\u1edbi c\u00e1c tuy\u1ebfn t\u00e0u \u0111i\u1ec7n ng\u1ea7m. V\u00e0o n\u0103m 2010, Metrocable \u0111\u00e3 \u0111\u01b0a xe c\u00e1p v\u00e0o c\u00e1c khu \u1ed5 chu\u1ed9t d\u1ed1c, gi\u00fap d\u1ec5 d\u00e0ng ti\u1ebfp c\u1eadn n\u01a1i xe bu\u00fdt kh\u00f4ng th\u1ec3 leo l\u00ean. C\u00e1c tuy\u1ebfn xe \u0111i\u1ec7n tr\u00ean kh\u00f4ng v\u00e0 tuy\u1ebfn c\u00e1p b\u1ed5 sung ti\u1ebfp t\u1ee5c xu\u1ea5t hi\u1ec7n trong c\u00e1c \u0111\u1ec1 xu\u1ea5t, t\u00ecm c\u00e1ch t\u00edch h\u1ee3p c\u00e1c khu \u0111\u1ecbnh c\u01b0 tr\u00ean s\u01b0\u1eddn \u0111\u1ed3i m\u1ed9t c\u00e1ch \u0111\u1ea7y \u0111\u1ee7 h\u01a1n.<\/p>\n<p>Tuy\u1ebfn \u0111\u01b0\u1eddng s\u1eaft ch\u1ea1y qua Thung l\u0169ng Tuy, \u0111\u01b0a \u0111\u00f3n h\u00e0nh kh\u00e1ch t\u1eeb Charallave v\u00e0 C\u00faa \u0111\u1ebfn Ga Ezequiel Zamora. S\u00e2n bay qu\u1ed1c t\u1ebf t\u1ea1i Maiquet\u00eda n\u1eb1m c\u00e1ch \u0111\u00f3 20 km v\u1ec1 ph\u00eda b\u1eafc; \u0111\u01b0\u1eddng b\u1ed9 d\u1eabn l\u01b0u l\u01b0\u1ee3ng giao th\u00f4ng t\u1eeb Caracas qua m\u1ea1ng l\u01b0\u1edbi \u0111\u01b0\u1eddng cao t\u1ed1c ph\u1ee9c t\u1ea1p c\u0169ng k\u1ebft n\u1ed1i La Guaira, khu v\u1ef1c Tuy v\u00e0 mi\u1ec1n trung Venezuela. M\u1ed9t tuy\u1ebfn \u0111\u01b0\u1eddng li\u00ean k\u1ebft \u0111\u01b0\u1ee3c quy ho\u1ea1ch gi\u1eefa c\u00e1c xa l\u1ed9 Central Regional v\u00e0 Gran Mariscal de Ayacucho nh\u1eb1m m\u1ee5c \u0111\u00edch chuy\u1ec3n h\u01b0\u1edbng l\u01b0u l\u01b0\u1ee3ng giao th\u00f4ng xuy\u00ean qu\u1ed1c gia quanh th\u00e0nh ph\u1ed1, gi\u1ea3m t\u1ea3i cho thung l\u0169ng b\u00ean trong.<\/p>\n<p>C\u00e1c nh\u00e0 quy ho\u1ea1ch \u0111\u00f4 th\u1ecb c\u00e2n b\u1eb1ng gi\u1eefa l\u01b0\u1edbi thu\u1ed9c \u0111\u1ecba \u0111\u01b0\u1ee3c th\u1eeba h\u01b0\u1edfng v\u1edbi s\u1ef1 ph\u00e1t tri\u1ec3n theo \u0111\u1ecba h\u00ecnh. C\u00e1c \u0111\u1ea1i l\u1ed9 r\u1ed9ng l\u1edbn\u2014\u0111\u01b0\u1ee3c gi\u1eef l\u1ea1i t\u1eeb c\u00e1c d\u1ef1 \u00e1n th\u1ebf k\u1ef7 19\u2014l\u00e0 n\u01a1i neo \u0111\u1eadu c\u00e1c khu th\u01b0\u01a1ng m\u1ea1i, trong khi c\u00e1c l\u00e0n \u0111\u01b0\u1eddng tr\u00ean s\u01b0\u1eddn \u0111\u1ed3i v\u1eabn duy tr\u00ec c\u00e1c \u0111\u01b0\u1eddng cong h\u1eefu c\u01a1. C\u00e1c khu v\u1ef1c cao h\u01a1n \u0111\u01b0\u1ee3c h\u01b0\u1edfng l\u1ee3i t\u1eeb nhi\u1ec7t \u0111\u1ed9 m\u00e1t h\u01a1n v\u00e0 kh\u00f4ng kh\u00ed trong l\u00e0nh h\u01a1n nh\u01b0ng ph\u1ea3i v\u1eadt l\u1ed9n v\u1edbi l\u1edf \u0111\u1ea5t v\u00e0 c\u01a1 s\u1edf h\u1ea1 t\u1ea7ng ch\u1eafp v\u00e1.<\/p>\n<p>Khi Greater Caracas ti\u1ebfn v\u00e0o c\u00e1c th\u1ecb tr\u1ea5n v\u1ec7 tinh, m\u1ed9t v\u00f9ng \u0111\u00f4 th\u1ecb \u0111\u01a1n l\u1ebb \u0111\u00e3 xu\u1ea5t hi\u1ec7n. Nh\u1eefng th\u00e1ch th\u1ee9c hi\u1ec7n t\u1ea1i bao g\u1ed3m vi\u1ec7c ch\u00ednh th\u1ee9c h\u00f3a c\u00e1c khu \u0111\u1ecbnh c\u01b0 tr\u00ean s\u01b0\u1eddn \u0111\u1ed3i, n\u00e2ng c\u1ea5p ti\u1ec7n \u00edch v\u00e0 m\u1edf r\u1ed9ng ph\u01b0\u01a1ng ti\u1ec7n giao th\u00f4ng c\u00f4ng c\u1ed9ng. Bi\u1ebfn \u0111\u1ed9ng kinh t\u1ebf v\u00e0 thay \u0111\u1ed5i ch\u00ednh tr\u1ecb l\u00e0m ph\u1ee9c t\u1ea1p \u0111\u1ea7u t\u01b0 d\u00e0i h\u1ea1n, nh\u01b0ng c\u00e1c nh\u00f3m c\u00f4ng d\u00e2n v\u00e0 doanh nghi\u1ec7p x\u00e3 h\u1ed9i \u0111ang th\u1eed nghi\u1ec7m nh\u00e0 \u1edf gi\u00e1 r\u1ebb, v\u01b0\u1eddn c\u1ed9ng \u0111\u1ed3ng v\u00e0 l\u01b0\u1edbi \u0111i\u1ec7n si\u00eau nh\u1ecf \u0111\u1ec3 l\u1ea5y n\u01b0\u1edbc v\u00e0 \u0111i\u1ec7n.<\/p>\n<p>Caracas v\u1ea1ch ra m\u1ed9t con \u0111\u01b0\u1eddng gi\u1eefa n\u00fai v\u00e0 bi\u1ec3n, l\u1ecbch s\u1eed c\u1ee7a n\u00f3 \u0111\u01b0\u1ee3c ghi l\u1ea1i trong c\u00e1c qu\u1ea3ng tr\u01b0\u1eddng thu\u1ed9c \u0111\u1ecba, c\u00e1c t\u00f2a th\u00e1p hi\u1ec7n \u0111\u1ea1i v\u00e0 c\u00e1c s\u01b0\u1eddn d\u1ed1c \u0111\u1ed5 n\u00e1t. Kh\u00ed h\u1eadu c\u1ee7a n\u00f3 th\u00e1ch th\u1ee9c k\u1ef3 v\u1ecdng nhi\u1ec7t \u0111\u1edbi th\u00f4ng qua nhi\u1ec7t \u0111\u1ed9 d\u1ecbu \u0111i theo \u0111\u1ed9 cao, trong khi c\u00e1c ranh gi\u1edbi thung l\u0169ng c\u1ee7a n\u00f3 quy\u1ebft \u0111\u1ecbnh c\u1ea3 m\u1ea1ng l\u01b0\u1edbi \u0111\u1ecbnh c\u01b0 v\u00e0 giao th\u00f4ng.<\/p>\n<p>\u0110\u1eddi s\u1ed1ng v\u0103n h\u00f3a ph\u00e1t tri\u1ec3n m\u1ea1nh m\u1ebd trong c\u00e1c b\u1ea3o t\u00e0ng v\u00e0 nh\u00e0 h\u00e1t, ngay c\u1ea3 khi kh\u00f3 kh\u0103n kinh t\u1ebf \u0111\u1ecbnh h\u00ecnh th\u00f3i quen h\u00e0ng ng\u00e0y. Trong nh\u1eefng th\u1eadp k\u1ef7 g\u1ea7n \u0111\u00e2y, c\u00e1c tuy\u1ebfn t\u00e0u \u0111i\u1ec7n ng\u1ea7m v\u00e0 c\u00e1p treo ng\u00e0y c\u00e0ng cao h\u01a1n, g\u1eafn k\u1ebft c\u00e1c khu v\u1ef1c ri\u00eang bi\u1ec7t th\u00e0nh m\u1ed9t t\u1ed5ng th\u1ec3 duy nh\u1ea5t. V\u00e0 m\u1eb7c d\u00f9 nh\u00e0 \u1edf kh\u00f4ng ch\u00ednh th\u1ee9c v\u1eabn c\u00f2n \u0111\u00e1nh d\u1ea5u c\u00e1c g\u1edd, nh\u1eefng n\u1ed7 l\u1ef1c \u0111\u1ec3 t\u00edch h\u1ee3p c\u00e1c c\u1ed9ng \u0111\u1ed3ng n\u00e0y cho th\u1ea5y m\u1ed9t t\u01b0\u01a1ng lai v\u1edbi kh\u1ea3 n\u0103ng ti\u1ebfp c\u1eadn v\u00e0 k\u1ebft n\u1ed1i r\u1ed9ng r\u00e3i h\u01a1n.<\/p>\n<p>Caracas v\u1eabn l\u00e0 m\u1ed9t th\u00e0nh ph\u1ed1 c\u1ee7a s\u1ef1 t\u01b0\u01a1ng ph\u1ea3n: v\u1eeba l\u00e0 trung t\u00e2m th\u1ea7n kinh qu\u1ed1c gia v\u1eeba l\u00e0 b\u1ee9c tranh kh\u1ea3m c\u1ee7a c\u00e1c khu ph\u1ed1 \u0111\u1ecba ph\u01b0\u01a1ng, \u0111\u01b0\u1ee3c t\u1ea1o th\u00e0nh b\u1edfi nh\u1eefng con \u0111\u01b0\u1eddng r\u1ea3i s\u1ecfi v\u00e0 nh\u1eefng \u0111\u1ec9nh n\u00fai to\u00e0n c\u1ea3nh, b\u1edfi ti\u1ebfng chu\u00f4ng nh\u00e0 th\u1edd v\u00e0 ti\u1ebfng \u1ed3n \u00e0o c\u1ee7a t\u00e0u \u0111i\u1ec7n ng\u1ea7m. C\u00e2u chuy\u1ec7n c\u1ee7a n\u00f3 t\u1ed3n t\u1ea1i tr\u00ean m\u1ecdi con ph\u1ed1 quanh co, ch\u1edd \u0111\u1ee3i m\u1ed7i du kh\u00e1ch l\u1eafng nghe.<\/p>","protected":false},"excerpt":{"rendered":"<p>Caracas, the capital of Venezuela, presents a fascinating juxtaposition of urban vitality and cultural depth that frequently astonishes its visitors. For those who are ready to look further, this busy city offers a fascinating experience even though many tourists visiting Venezuela mostly choose other cities.<\/p>","protected":false},"author":1,"featured_media":4628,"parent":7237,"menu_order":0,"comment_status":"closed","ping_status":"closed","template":"elementor_theme","meta":{"_eb_attr":"","footnotes":""},"class_list":["post-7291","page","type-page","status-publish","has-post-thumbnail"],"_links":{"self":[{"href":"https:\/\/travelshelper.com\/vi\/wp-json\/wp\/v2\/pages\/7291","targetHints":{"allow":["GET"]}}],"collection":[{"href":"https:\/\/travelshelper.com\/vi\/wp-json\/wp\/v2\/pages"}],"about":[{"href":"https:\/\/travelshelper.com\/vi\/wp-json\/wp\/v2\/types\/page"}],"author":[{"embeddable":true,"href":"https:\/\/travelshelper.com\/vi\/wp-json\/wp\/v2\/users\/1"}],"replies":[{"embeddable":true,"href":"https:\/\/travelshelper.com\/vi\/wp-json\/wp\/v2\/comments?post=7291"}],"version-history":[{"count":0,"href":"https:\/\/travelshelper.com\/vi\/wp-json\/wp\/v2\/pages\/7291\/revisions"}],"up":[{"embeddable":true,"href":"https:\/\/travelshelper.com\/vi\/wp-json\/wp\/v2\/pages\/7237"}],"wp:featuredmedia":[{"embeddable":true,"href":"https:\/\/travelshelper.com\/vi\/wp-json\/wp\/v2\/media\/4628"}],"wp:attachment":[{"href":"https:\/\/travelshelper.com\/vi\/wp-json\/wp\/v2\/media?parent=7291"}],"curies":[{"name":"wp","href":"https:\/\/api.w.org\/{rel}","templated":true}]}}