{"id":6705,"date":"2024-08-19T09:41:47","date_gmt":"2024-08-19T09:41:47","guid":{"rendered":"https:\/\/travelshelper.com\/staging\/?page_id=6705"},"modified":"2026-03-14T00:18:05","modified_gmt":"2026-03-14T00:18:05","slug":"uruguay","status":"publish","type":"page","link":"https:\/\/travelshelper.com\/vi\/destinations\/south-america\/uruguay\/","title":{"rendered":"Uruguay"},"content":{"rendered":"<p>Uruguay chi\u1ebfm m\u1ed9t d\u1ea3i l\u00e3nh th\u1ed5 h\u1eb9p gi\u1eefa R\u00edo de la Plata \u1edf ph\u00eda nam v\u00e0 nh\u1eefng ng\u1ecdn \u0111\u1ed3i th\u1ea5p nh\u1ea5p nh\u00f4 c\u1ee7a Cuchillas \u1edf ph\u00eda b\u1eafc. V\u1edbi di\u1ec7n t\u00edch kho\u1ea3ng 176.215 km2, Uruguay v\u1eabn l\u00e0 qu\u1ed1c gia \u0111\u1ed9c l\u1eadp nh\u1ecf th\u1ee9 hai tr\u00ean \u0111\u1ea5t li\u1ec1n Nam M\u1ef9. Montevideo, th\u1ee7 \u0111\u00f4 v\u00e0 c\u1ea3ng ch\u00ednh c\u1ee7a Uruguay, neo gi\u1eef b\u1edd bi\u1ec3n ph\u00eda nam, thu h\u00fat g\u1ea7n hai tri\u1ec7u c\u01b0 d\u00e2n v\u00e0o m\u1ed9t b\u1ee9c tranh kh\u1ea3m \u0111\u00f4 th\u1ecb tr\u1ea3i d\u00e0i qua c\u00e1c c\u00f4ng s\u1ef1 l\u00e2u \u0111\u1eddi, \u0111\u1ea1i l\u1ed9 hi\u1ec7n \u0111\u1ea1i v\u00e0 c\u00e1c khu d\u00e2n c\u01b0 y\u00ean t\u0129nh. B\u00ean ngo\u00e0i trung t\u00e2m \u0111\u00f4 th\u1ecb \u0111\u00f3, d\u00e2n s\u1ed1 kho\u1ea3ng 3,4 tri\u1ec7u ng\u01b0\u1eddi ph\u00e2n t\u00e1n tr\u00ean kh\u1eafp \u0111\u1ed3ng c\u1ecf m\u00e0u m\u1ee1, v\u00f9ng \u0111\u1ea5t th\u1ea5p ven s\u00f4ng v\u00e0 th\u1ec9nh tho\u1ea3ng l\u00e0 nh\u1eefng ng\u1ecdn \u0111\u1ed3i c\u00f3 r\u1eebng.<\/p>\n<p>\u0110\u1ecba l\u00fd tr\u1ea3i d\u00e0i theo nh\u1eefng \u0111\u01b0\u1eddng \u0111\u1ed3ng m\u1ee9c nh\u1eb9 nh\u00e0ng. Kh\u00f4ng c\u00f3 d\u00e3y n\u00fai n\u00e0o chia c\u1eaft \u0111\u1ea5t li\u1ec1n; thay v\u00e0o \u0111\u00f3, c\u00e1c d\u00e3y \u0111\u1ed3i th\u1ea5p v\u01b0\u01a1n l\u00ean nh\u1eefng \u0111\u1ed9 cao khi\u00eam t\u1ed1n, \u0111i\u1ec3m cao nh\u1ea5t\u2014Cerro Catedral\u2014cao 514 m\u00e9t so v\u1edbi m\u1ef1c n\u01b0\u1edbc bi\u1ec3n. Nh\u1eefng ng\u1ecdn \u0111\u1ed3i n\u00e0y chia s\u1ebb s\u00e2n kh\u1ea5u v\u1edbi m\u1ed9t m\u1ea1ng l\u01b0\u1edbi \u0111\u01b0\u1eddng th\u1ee7y. S\u00f4ng Uruguay, ph\u00e2n \u0111\u1ecbnh bi\u00ean gi\u1edbi ph\u00eda t\u00e2y, h\u00f2a v\u00e0o c\u1eeda s\u00f4ng R\u00edo de la Plata \u1edf g\u00f3c t\u00e2y nam. Trong \u0111\u1ea5t li\u1ec1n, R\u00edo Negro chia \u0111\u00f4i qu\u1ed1c gia, d\u00f2ng ch\u1ea3y c\u1ee7a n\u00f3 b\u1ecb ch\u1eb7n l\u1ea1i v\u00e0o n\u0103m 1945 \u0111\u1ec3 h\u00ecnh th\u00e0nh h\u1ed3 ch\u1ee9a Rinc\u00f3n del Bonete. D\u1ecdc theo b\u1edd bi\u1ec3n \u0110\u1ea1i T\u00e2y D\u01b0\u01a1ng, m\u1ed9t lo\u1ea1t c\u00e1c \u0111\u1ea7m ph\u00e1 v\u00e0 \u0111\u1ea5t ng\u1eadp n\u01b0\u1edbc h\u1ed7 tr\u1ee3 m\u1ed9t h\u1ec7 sinh th\u00e1i \u0111a d\u1ea1ng \u0111\u01b0\u1ee3c g\u1ecdi l\u00e0 th\u1ea3o nguy\u00ean Uruguay. M\u01b0\u1eddi c\u00f4ng vi\u00ean qu\u1ed1c gia b\u1ea3o v\u1ec7 c\u00e1c v\u00f9ng \u0111\u1ea5t ng\u1eadp n\u01b0\u1edbc, v\u00f9ng \u0111\u1ed3i n\u00fai v\u00e0 r\u1eebng ven s\u00f4ng, m\u1eb7c d\u00f9 \u0111i\u1ec3m s\u1ed1 Ch\u1ec9 s\u1ed1 to\u00e0n v\u1eb9n c\u1ea3nh quan r\u1eebng khi\u00eam t\u1ed1n cho th\u1ea5y ph\u1ea7n l\u1edbn di\u1ec7n t\u00edch c\u00e2y xanh ban \u0111\u1ea7u \u0111\u00e3 nh\u01b0\u1eddng ch\u1ed7 cho \u0111\u1ed3ng c\u1ecf.<\/p>\n<p>N\u1eb1m ho\u00e0n to\u00e0n \u1edf ph\u00eda nam c\u1ee7a ch\u00ed tuy\u1ebfn Nam, Uruguay c\u00f3 kh\u00ed h\u1eadu \u00f4n h\u00f2a \u0111\u1ed3ng \u0111\u1ec1u. M\u00f9a h\u00e8 k\u00e9o d\u00e0i t\u1eeb th\u00e1ng 12 \u0111\u1ebfn th\u00e1ng 3, \u0111\u01b0\u1ee3c \u0111i\u1ec1u h\u00f2a b\u1edfi gi\u00f3 \u0110\u1ea1i T\u00e2y D\u01b0\u01a1ng, trong khi m\u00f9a \u0111\u00f4ng k\u00e9o d\u00e0i t\u1eeb th\u00e1ng 6 \u0111\u1ebfn th\u00e1ng 9, v\u1edbi s\u01b0\u01a1ng gi\u00e1 h\u00e0ng n\u0103m nh\u01b0ng hi\u1ebfm khi c\u00f3 gi\u00e1 l\u1ea1nh nghi\u00eam tr\u1ecdng. L\u01b0\u1ee3ng m\u01b0a tr\u1ea3i \u0111\u1ec1u trong su\u1ed1t c\u1ea3 n\u0103m; th\u1ec9nh tho\u1ea3ng c\u00f3 b\u00e3o qu\u00e9t qua \u0111\u1ed3ng b\u1eb1ng r\u1ed9ng m\u1edf, mang theo gi\u00f3 gi\u1eadt, m\u01b0a \u0111\u00e1 ho\u1eb7c hi\u1ebfm khi l\u00e0 l\u1ed1c xo\u00e1y. S\u01b0\u01a1ng m\u00f9 bao ph\u1ee7 d\u1ecdc theo c\u00e1c thung l\u0169ng s\u00f4ng v\u00e0 \u0111\u1ed3ng b\u1eb1ng ven bi\u1ec3n; \u0111\u1ed9 \u1ea9m v\u1eabn cao.<\/p>\n<p>S\u1ef1 hi\u1ec7n di\u1ec7n c\u1ee7a con ng\u01b0\u1eddi \u1edf \u0111\u00e2y c\u00f3 t\u1eeb h\u01a1n 13.000 n\u0103m tr\u01b0\u1edbc, khi c\u00e1c nh\u00f3m th\u1ee3 s\u0103n h\u00e1i l\u01b0\u1ee3m theo d\u1ea5u th\u00fa s\u0103n tr\u00ean kh\u1eafp \u0111\u1ed3ng b\u1eb1ng. V\u00e0o \u0111\u00eam tr\u01b0\u1edbc khi ng\u01b0\u1eddi ch\u00e2u \u00c2u \u0111\u1ebfn, ng\u01b0\u1eddi Charr\u00faa \u0111\u00e3 th\u1ed1ng tr\u1ecb n\u01a1i hi\u1ec7n l\u00e0 mi\u1ec1n trung Uruguay, c\u00f9ng v\u1edbi c\u00e1c c\u1ed9ng \u0111\u1ed3ng Guaran\u00ed \u1edf ph\u00eda b\u1eafc v\u00e0 c\u00e1c nh\u00f3m Chan\u00e1 d\u1ecdc theo c\u00e1c tuy\u1ebfn \u0111\u01b0\u1eddng th\u1ee7y. Nh\u1eefng ng\u01b0\u1eddi \u0111\u1ecbnh c\u01b0 B\u1ed3 \u0110\u00e0o Nha \u0111\u00e3 th\u00e0nh l\u1eadp Colonia do Sacramento tr\u00ean b\u1edd R\u00edo de la Plata v\u00e0o n\u0103m 1680, th\u00fac \u0111\u1ea9y c\u00e1c th\u1ed1ng \u0111\u1ed1c T\u00e2y Ban Nha th\u00e0nh l\u1eadp Montevideo tr\u01b0\u1edbc gi\u1eefa th\u1ebf k\u1ef7.<\/p>\n<p>V\u00e0o \u0111\u1ea7u th\u1ebf k\u1ef7 19, nh\u1eefng ti\u1ec1n \u0111\u1ed3n thu\u1ed9c \u0111\u1ecba n\u00e0y \u0111\u00e3 tr\u1edf th\u00e0nh \u0111\u1ea5u tr\u01b0\u1eddng cho c\u00e1c y\u00eau s\u00e1ch c\u1ea1nh tranh c\u1ee7a T\u00e2y Ban Nha, B\u1ed3 \u0110\u00e0o Nha v\u00e0 sau \u0111\u00f3 l\u00e0 c\u00e1c n\u01b0\u1edbc c\u1ed9ng h\u00f2a m\u1edbi n\u1ed5i l\u00e0 Argentina v\u00e0 Brazil. T\u1eeb n\u0103m 1811 \u0111\u1ebfn n\u0103m 1828, m\u1ed9t cu\u1ed9c c\u1ea1nh tranh b\u1ed1n b\u00ean \u0111\u00e3 l\u00ean \u0111\u1ebfn \u0111\u1ec9nh \u0111i\u1ec3m v\u1edbi s\u1ef1 \u0111\u1ed9c l\u1eadp c\u1ee7a Uruguay. Tuy nhi\u00ean, nh\u00e0 n\u01b0\u1edbc m\u1edbi v\u1eabn ch\u1ecbu \u1ea3nh h\u01b0\u1edfng v\u00e0 can thi\u1ec7p c\u1ee7a n\u01b0\u1edbc ngo\u00e0i cho \u0111\u1ebfn gi\u1eefa th\u1ebf k\u1ef7. Trong nh\u1eefng th\u1eadp k\u1ef7 ti\u1ebfp theo, m\u1ed9t lo\u1ea1t c\u00e1c c\u1ea3i c\u00e1ch x\u00e3 h\u1ed9i v\u00e0 kinh t\u1ebf \u0111\u00e3 \u0111\u1eb7t n\u1ec1n t\u1ea3ng cho m\u1ed9t h\u1ec7 th\u1ed1ng ph\u00fac l\u1ee3i to\u00e0n di\u1ec7n. Gi\u00e1o d\u1ee5c c\u00f4ng, b\u1ea3o v\u1ec7 lao \u0111\u1ed9ng v\u00e0 c\u00e1c ch\u01b0\u01a1ng tr\u00ecnh l\u01b0\u01a1ng h\u01b0u \u0111\u00e3 b\u1eaft \u0111\u1ea7u ph\u00e1t tri\u1ec3n t\u1eeb nh\u1eefng n\u0103m 1880 \u0111\u1ebfn nh\u1eefng n\u0103m 1920. Nh\u1eefng ng\u01b0\u1eddi quan s\u00e1t th\u1eddi \u0111\u1ea1i \u0111\u00f3 \u0111\u00e3 v\u00ed khu\u00f4n kh\u1ed5 x\u00e3 h\u1ed9i n\u00e0y v\u1edbi khu\u00f4n kh\u1ed5 c\u1ee7a Th\u1ee5y S\u0129, m\u1ed9t s\u1ef1 so s\u00e1nh \u0111\u00e3 mang l\u1ea1i cho Uruguay bi\u1ec7t danh &#034;Th\u1ee5y S\u0129 c\u1ee7a Ch\u00e2u M\u1ef9&#034;.<\/p>\n<p>Qu\u1ef9 \u0111\u1ea1o \u0111\u00f3 \u0111\u00e3 thay \u0111\u1ed5i v\u00e0o cu\u1ed1i th\u1ebf k\u1ef7 XX. C\u00e1c cu\u1ed9c kh\u1ee7ng ho\u1ea3ng kinh t\u1ebf trong nh\u1eefng n\u0103m 1960 tr\u00f9ng h\u1ee3p v\u1edbi ho\u1ea1t \u0111\u1ed9ng du k\u00edch \u0111\u00f4 th\u1ecb, d\u1eabn \u0111\u1ebfn m\u1ed9t cu\u1ed9c \u0111\u1ea3o ch\u00ednh v\u00e0o n\u0103m 1973. M\u1ed9t ch\u00ednh quy\u1ec1n d\u00e2n s\u1ef1-qu\u00e2n s\u1ef1 \u0111\u00e3 \u00e1p \u0111\u1eb7t c\u00e1c bi\u1ec7n ph\u00e1p ki\u1ec3m so\u00e1t ch\u1eb7t ch\u1ebd cho \u0111\u1ebfn n\u0103m 1985. K\u1ec3 t\u1eeb khi kh\u00f4i ph\u1ee5c ch\u1ebf \u0111\u1ed9 hi\u1ebfn ph\u00e1p, Uruguay \u0111\u00e3 c\u1ee7ng c\u1ed1 c\u00e1c th\u1ec3 ch\u1ebf d\u00e2n ch\u1ee7. T\u1ed5ng th\u1ed1ng v\u1eeba l\u00e0 nguy\u00ean th\u1ee7 qu\u1ed1c gia v\u1eeba l\u00e0 ng\u01b0\u1eddi \u0111\u1ee9ng \u0111\u1ea7u ch\u00ednh ph\u1ee7. Trong Ch\u1ec9 s\u1ed1 d\u00e2n ch\u1ee7 c\u1ee7a Economist n\u0103m 2023, Uruguay \u0111\u01b0\u1ee3c x\u1ebfp h\u1ea1ng l\u00e0 m\u1ed9t trong s\u1ed1 \u00edt qu\u1ed1c gia \u0111\u01b0\u1ee3c ph\u00e2n lo\u1ea1i l\u00e0 n\u1ec1n d\u00e2n ch\u1ee7 ho\u00e0n to\u00e0n. Qu\u1ed1c gia n\u00e0y c\u0169ng \u0111\u1ea1t k\u1ebft qu\u1ea3 cao trong c\u00e1c \u0111\u00e1nh gi\u00e1 v\u1ec1 t\u00ednh minh b\u1ea1ch c\u1ee7a ch\u00ednh ph\u1ee7, t\u1ef1 do kinh t\u1ebf v\u00e0 ti\u1ebfn b\u1ed9 x\u00e3 h\u1ed9i.<\/p>\n<p>Nh\u1eefng c\u1ea3i c\u00e1ch ph\u00e1p l\u00fd trong nh\u1eefng n\u0103m g\u1ea7n \u0111\u00e2y ph\u1ea3n \u00e1nh c\u00e1ch ti\u1ebfp c\u1eadn c\u00f3 c\u00e2n nh\u1eafc \u0111\u1ed1i v\u1edbi ch\u00ednh s\u00e1ch x\u00e3 h\u1ed9i. Uruguay tr\u1edf th\u00e0nh qu\u1ed1c gia \u0111\u1ea7u ti\u00ean thi\u1ebft l\u1eadp khu\u00f4n kh\u1ed5 \u0111\u01b0\u1ee3c qu\u1ea3n l\u00fd \u0111\u1ed1i v\u1edbi s\u1ea3n xu\u1ea5t, ph\u00e2n ph\u1ed1i v\u00e0 s\u1eed d\u1ee5ng c\u1ea7n sa. Quy\u1ec1n k\u1ebft h\u00f4n \u0111\u1ed3ng gi\u1edbi v\u00e0 ph\u00e1 thai \u0111\u00e3 \u0111\u1ea1t \u0111\u01b0\u1ee3c s\u1ef1 ch\u1ea5p thu\u1eadn v\u00e0 th\u1ef1c hi\u1ec7n c\u1ee7a qu\u1ed1c h\u1ed9i, \u0111\u01b0a \u0111\u1ea5t n\u01b0\u1edbc n\u00e0y l\u00ean v\u1ecb tr\u00ed h\u00e0ng \u0111\u1ea7u v\u1ec1 quy\u1ec1n t\u1ef1 do d\u00e2n s\u1ef1 trong khu v\u1ef1c.<\/p>\n<p>Quy\u1ec1n h\u00e0nh ch\u00ednh chia qu\u1ed1c gia th\u00e0nh m\u01b0\u1eddi ch\u00edn s\u1edf. M\u1ed7i s\u1edf b\u1ea7u m\u1ed9t gi\u00e1m \u0111\u1ed1c \u0111\u1ec3 gi\u00e1m s\u00e1t c\u00e1c ch\u1ee9c n\u0103ng \u0111i\u1ec1u h\u00e0nh v\u00e0 m\u1ed9t ban qu\u1ea3n l\u00fd s\u1edf \u0111\u1ec3 l\u1eadp ph\u00e1p. C\u1ea5u tr\u00fac n\u00e0y sao ch\u00e9p s\u1ef1 ph\u00e2n chia quy\u1ec1n l\u1ef1c qu\u1ed1c gia \u1edf c\u1ea5p khu v\u1ef1c. S\u1ef1 ph\u00e2n c\u1ea5p nh\u01b0 v\u1eady h\u1ed7 tr\u1ee3 qu\u1ea3n l\u00fd \u0111\u1ecba ph\u01b0\u01a1ng tr\u00ean kh\u1eafp c\u00e1c trung t\u00e2m \u0111\u00f4 th\u1ecb, khu \u0111i\u1ec1n trang v\u00e0 khu ngh\u1ec9 d\u01b0\u1ee1ng ven bi\u1ec3n.<\/p>\n<p>Du l\u1ecbch \u0111\u00e3 n\u1ed5i l\u00ean nh\u01b0 m\u1ed9t ng\u00e0nh kinh t\u1ebf \u0111ang ph\u00e1t tri\u1ec3n. N\u0103m 2012, ng\u00e0nh n\u00e0y chi\u1ebfm kho\u1ea3ng 9 ph\u1ea7n tr\u0103m GDP v\u00e0 t\u1ea1o ra g\u1ea7n 97.000 vi\u1ec7c l\u00e0m; \u0111\u1ebfn n\u0103m 2023, g\u1ea7n 3,8 tri\u1ec7u du kh\u00e1ch \u0111\u00e3 \u0111\u1ebfn, h\u1ea7u h\u1ebft l\u00e0 t\u1eeb c\u00e1c n\u01b0\u1edbc l\u00e1ng gi\u1ec1ng Argentina v\u00e0 Brazil, ti\u1ebfp theo l\u00e0 c\u00e1c nh\u00f3m nh\u1ecf h\u01a1n t\u1eeb Chile, Paraguay, Hoa K\u1ef3 v\u00e0 Ch\u00e2u \u00c2u. Khu ph\u1ed1 thu\u1ed9c \u0111\u1ecba \u0111\u01b0\u1ee3c ph\u1ee5c h\u1ed3i c\u1ee7a Colonia del Sacramento thu h\u00fat du kh\u00e1ch v\u1edbi nh\u1eefng con ph\u1ed1 l\u00e1t \u0111\u00e1, nh\u1eefng b\u1ee9c t\u01b0\u1eddng calicanto v\u00e0 b\u00f3ng d\u00e1ng c\u1ee7a c\u00e1c c\u00f4ng s\u1ef1 T\u00e2y Ban Nha th\u1ebf k\u1ef7 19. T\u1ea1i Montevideo, c\u00e1c h\u00e0nh tr\u00ecnh v\u0103n h\u00f3a bao g\u1ed3m Ph\u00f2ng tr\u01b0ng b\u00e0y Jos\u00e9 Gurvich, B\u1ea3o t\u00e0ng Torres Garc\u00eda\u2014n\u01a1i l\u01b0u gi\u1eef c\u00e1c t\u00e1c ph\u1ea9m c\u1ee7a h\u1ecda s\u0129 theo tr\u01b0\u1eddng ph\u00e1i hi\u1ec7n \u0111\u1ea1i Joaqu\u00edn Torres Garc\u00eda\u2014v\u00e0 Estadio Centenario, s\u00e2n v\u1eadn \u0111\u1ed9ng \u0111\u00e3 t\u1ed5 ch\u1ee9c tr\u1eadn chung k\u1ebft Gi\u1ea3i v\u00f4 \u0111\u1ecbch b\u00f3ng \u0111\u00e1 th\u1ebf gi\u1edbi FIFA \u0111\u1ea7u ti\u00ean v\u00e0o n\u0103m 1930.<\/p>\n<p>Xa h\u01a1n v\u1ec1 ph\u00eda \u0111\u00f4ng, Punta del Este n\u1eb1m tr\u00ean m\u1ed9t b\u00e1n \u0111\u1ea3o h\u1eb9p gi\u1eefa v\u00f9ng n\u01b0\u1edbc \u00eam \u1ea3 c\u1ee7a V\u1ecbnh Mansa v\u00e0 \u0111\u1ea1i d\u01b0\u01a1ng m\u00eanh m\u00f4ng c\u1ee7a b\u1edd bi\u1ec3n Brava. C\u00e1c khu \u0111i\u1ec1n trang sang tr\u1ecdng v\u00e0 ph\u00f2ng tr\u01b0ng b\u00e0y ngh\u1ec7 thu\u1eadt \u0111\u01b0\u01a1ng \u0111\u1ea1i g\u1ee3i nh\u1edb \u0111\u1ebfn ho\u1ea1t \u0111\u1ed9ng gi\u1ea3i tr\u00ed c\u1ee7a th\u1ebf k\u1ef7 21; \u0111\u00e1m \u0111\u00f4ng cu\u1ed1i tu\u1ea7n t\u1ee5 t\u1eadp \u1edf c\u1ea3ng, ng\u1ecdn h\u1ea3i \u0111\u0103ng v\u00e0 Playa Brava r\u1ed9ng l\u1edbn. C\u00e1c khu ngh\u1ec9 d\u01b0\u1ee1ng g\u1ea7n \u0111\u00f3\u2014La Barra v\u00e0 Jos\u00e9 Ignacio\u2014c\u00f3 nh\u1eefng b\u00e3i c\u00e1t y\u00ean t\u0129nh h\u01a1n v\u00e0 m\u1ed9t chu\u1ed7i c\u00e1c b\u00e3i bi\u1ec3n c\u00f3 c\u1ed3n c\u00e1t bao quanh. S\u00e2n bay qu\u1ed1c t\u1ebf Punta del Este, \u0111\u01b0\u1ee3c kh\u00e1nh th\u00e0nh v\u00e0o n\u0103m 1997 v\u00e0 do Carlos Ott thi\u1ebft k\u1ebf, \u0111\u00f3ng vai tr\u00f2 l\u00e0 s\u00e2n bay b\u1eadn r\u1ed9n th\u1ee9 hai c\u1ee7a \u0111\u1ea5t n\u01b0\u1edbc.<\/p>\n<p>Quay tr\u1edf l\u1ea1i v\u1edbi trung t\u00e2m th\u01b0\u01a1ng m\u1ea1i h\u00e0ng h\u1ea3i, C\u1ea3ng Montevideo x\u1eed l\u00fd h\u01a1n 1,1 tri\u1ec7u container h\u00e0ng n\u0103m, c\u00e1c c\u1ea7u c\u1ea3ng c\u1ee7a c\u1ea3ng c\u00f3 th\u1ec3 ti\u1ebfp nh\u1eadn t\u00e0u c\u00f3 m\u1edbn n\u01b0\u1edbc l\u00ean \u0111\u1ebfn 14 m\u00e9t. C\u00e1c c\u1ea7n c\u1ea9u n\u00e2ng h\u00e0ng h\u00f3a v\u1edbi t\u1ed1c \u0111\u1ed9 t\u00e1m m\u01b0\u01a1i \u0111\u1ebfn m\u1ed9t tr\u0103m l\u01b0\u1ee3t di chuy\u1ec3n m\u1ed7i gi\u1edd. Xa h\u01a1n n\u1eefa v\u1ec1 th\u01b0\u1ee3ng ngu\u1ed3n, Nueva Palmira ho\u1ea1t \u0111\u1ed9ng nh\u01b0 m\u1ed9t trung t\u00e2m trung chuy\u1ec3n h\u00e0ng h\u00f3a trong khu v\u1ef1c, k\u1ebft h\u1ee3p c\u00e1c c\u01a1 s\u1edf do nh\u00e0 n\u01b0\u1edbc qu\u1ea3n l\u00fd v\u00e0 t\u01b0 nh\u00e2n.<\/p>\n<p>Du l\u1ecbch h\u00e0ng kh\u00f4ng c\u0169ng t\u1eadp trung v\u00e0o S\u00e2n bay qu\u1ed1c t\u1ebf Carrasco, \u0111\u01b0\u1ee3c m\u1edf c\u1eeda l\u1ea7n \u0111\u1ea7u ti\u00ean v\u00e0o n\u0103m 1947 v\u00e0 \u0111\u01b0\u1ee3c hi\u1ec7n \u0111\u1ea1i h\u00f3a v\u00e0o n\u0103m 2009 theo d\u1ef1 \u00e1n m\u1edf r\u1ed9ng tr\u1ecb gi\u00e1 165 tri\u1ec7u \u0111\u00f4 la M\u1ef9 c\u1ee7a Rafael Vi\u00f1oly Architects. Nh\u00e0 ga h\u00e0nh kh\u00e1ch c\u1ee7a s\u00e2n bay, m\u1ed9t h\u1ed9i tr\u01b0\u1eddng \u00e1nh s\u00e1ng v\u00e0 k\u00ednh, ph\u1ee5c v\u1ee5 t\u1edbi 4,5 tri\u1ec7u du kh\u00e1ch m\u1ed7i n\u0103m. Cho \u0111\u1ebfn khi gi\u1ea3i th\u1ec3, PLUNA, h\u00e3ng h\u00e0ng kh\u00f4ng qu\u1ed1c gia c\u1ee7a Uruguay, \u0111\u00e3 \u0111\u1eb7t tr\u1ee5 s\u1edf ho\u1ea1t \u0111\u1ed9ng t\u1ea1i \u0111\u00e2y.<\/p>\n<p>Nh\u00e2n kh\u1ea9u h\u1ecdc c\u1ee7a Uruguay ph\u1ea3n \u00e1nh l\u00e0n s\u00f3ng di c\u01b0. Cu\u1ed9c \u0111i\u1ec1u tra d\u00e2n s\u1ed1 n\u0103m 2023 cho th\u1ea5y kho\u1ea3ng 85 ph\u1ea7n tr\u0103m c\u01b0 d\u00e2n t\u1ef1 nh\u1eadn m\u00ecnh l\u00e0 ng\u01b0\u1eddi da tr\u1eafng, m\u1ed9t con s\u1ed1 \u0111\u01b0\u1ee3c h\u00ecnh th\u00e0nh t\u1eeb l\u00e0n s\u00f3ng nh\u1eadp c\u01b0 t\u1eeb T\u00e2y Ban Nha, \u00dd, \u0110\u1ee9c, Ph\u00e1p v\u00e0 Anh v\u00e0o th\u1ebf k\u1ef7 19 v\u00e0 \u0111\u1ea7u th\u1ebf k\u1ef7 20. M\u1ed9t c\u1ed9ng \u0111\u1ed3ng c\u00f3 ngu\u1ed3n g\u1ed1c t\u1eeb nh\u1eefng ng\u01b0\u1eddi ch\u00e2u Phi \u0111\u01b0\u1ee3c \u0111\u01b0a \u0111\u1ebfn trong th\u1eddi k\u1ef3 thu\u1ed9c \u0111\u1ecba chi\u1ebfm kho\u1ea3ng 5 ph\u1ea7n tr\u0103m d\u00e2n s\u1ed1. C\u00e1c nh\u00f3m nh\u1ecf h\u01a1n c\u00f3 ngu\u1ed3n g\u1ed1c Nh\u1eadt B\u1ea3n v\u00e0 c\u00e1c c\u1ed9ng \u0111\u1ed3ng c\u00f3 di s\u1ea3n h\u1ed7n h\u1ee3p ho\u00e0n thi\u1ec7n b\u1ee9c tranh x\u00e3 h\u1ed9i t\u01b0\u01a1ng t\u1ef1 nh\u01b0 c\u00e1c t\u1ec9nh l\u00e2n c\u1eadn c\u1ee7a Argentina v\u00e0 mi\u1ec1n nam Brazil.<\/p>\n<p>Ti\u1ebfng T\u00e2y Ban Nha \u0111\u00f3ng vai tr\u00f2 l\u00e0 ng\u00f4n ng\u1eef b\u1ea3n \u0111\u1ecba qu\u1ed1c gia, bi\u1ebfn th\u1ec3 ti\u1ebfng Uruguay c\u1ee7a n\u00f3 \u0111\u01b0\u1ee3c bi\u1ebfn \u0111\u1ed5i theo c\u00e1c m\u1eabu Rioplatense, c\u00e1ch chia voseo v\u00e0 c\u00e1ch chuy\u1ec3n \u0111\u1ed5i gi\u1ecdng n\u00f3i ye\u00edsmo. C\u00e1c ph\u01b0\u01a1ng ng\u1eef ti\u1ebfng \u00dd th\u1ea5m nhu\u1ea7n ti\u1ebfng l\u00f3ng \u0111\u1ecba ph\u01b0\u01a1ng, trong khi \u1edf c\u00e1c s\u1edf bi\u00ean gi\u1edbi, m\u1ed9t s\u1ef1 lai t\u1ea1o gi\u1eefa ti\u1ebfng B\u1ed3 \u0110\u00e0o Nha v\u00e0 ti\u1ebfng T\u00e2y Ban Nha l\u01b0u h\u00e0nh m\u00e0 kh\u00f4ng c\u00f3 s\u1ef1 m\u00e3 h\u00f3a ch\u00ednh th\u1ee9c. Vi\u1ec7c h\u1ecdc ti\u1ebfng Anh \u0111\u00f3ng vai tr\u00f2 n\u1ed5i b\u1eadt trong ch\u01b0\u01a1ng tr\u00ecnh gi\u1ea3ng d\u1ea1y c\u1ee7a tr\u01b0\u1eddng h\u1ecdc, gi\u00fap ng\u01b0\u1eddi Uruguay chu\u1ea9n b\u1ecb cho th\u01b0\u01a1ng m\u1ea1i v\u00e0 ngo\u1ea1i giao.<\/p>\n<p>\u0110\u1eddi s\u1ed1ng v\u0103n h\u00f3a mang d\u1ea5u \u1ea5n c\u1ee7a c\u00e1c tr\u00e0o l\u01b0u ngh\u1ec7 thu\u1eadt ch\u00e2u \u00c2u v\u00e0 b\u1ea3n s\u1eafc \u0111\u1ecba ph\u01b0\u01a1ng \u0111\u01b0\u1ee3c h\u00ecnh th\u00e0nh b\u1edfi nh\u1eefng ch\u00e0ng cao b\u1ed3i. Truy\u1ec1n th\u1ed1ng ch\u0103n nu\u00f4i cung c\u1ea5p th\u00f4ng tin cho v\u0103n h\u00f3a d\u00e2n gian, v\u0103n h\u1ecdc v\u00e0 ngh\u1ec7 thu\u1eadt th\u1ecb gi\u00e1c, t\u00f4n vinh ng\u01b0\u1eddi c\u01b0\u1ee1i ng\u1ef1a \u0111\u01a1n \u0111\u1ed9c \u0111\u00e3 t\u1eebng b\u0103ng qua \u0111\u1ed3ng c\u1ecf \u0111\u1ec3 t\u00ecm ki\u1ebfm gia s\u00fac. \u1ede c\u1ea3 b\u1ed1i c\u1ea3nh th\u00e0nh th\u1ecb v\u00e0 n\u00f4ng th\u00f4n, c\u00e1c l\u1ec5 h\u1ed9i \u0111\u00e1nh d\u1ea5u chu k\u1ef3 lao \u0111\u1ed9ng theo m\u00f9a, c\u00e1c nghi l\u1ec5 t\u00f4n gi\u00e1o v\u00e0 di s\u1ea3n ph\u1ee9c t\u1ea1p c\u1ee7a qu\u1ed1c gia.<\/p>\n<p>\u0110\u01b0\u1eddng \u0111i c\u1ee7a Uruguay trong ba th\u1ebf k\u1ef7 cho th\u1ea5y s\u1ef1 ph\u00e2n l\u1edbp \u0111\u1ec1u \u0111\u1eb7n c\u1ee7a n\u1ed7 l\u1ef1c c\u1ee7a con ng\u01b0\u1eddi tr\u00ean \u0111\u1ecba h\u00ecnh m\u1edf. T\u1eeb n\u01a1i \u1edf c\u1ee7a nh\u1eefng ng\u01b0\u1eddi s\u0103n b\u1eafn h\u00e1i l\u01b0\u1ee3m th\u1eddi k\u1ef3 \u0111\u1ea7u \u0111\u1ebfn l\u01b0\u1edbi \u0111\u01b0\u1eddng ph\u1ed1 Montevideo, t\u1eeb ti\u1ec1n \u0111\u1ed3n thu\u1ed9c \u0111\u1ecba \u0111\u1ebfn s\u00e2n bay hi\u1ec7n \u0111\u1ea1i, \u0111\u1ea5t n\u01b0\u1edbc n\u00e0y tr\u00ecnh b\u00e0y m\u1ed9t nghi\u00ean c\u1ee9u v\u1ec1 s\u1ef1 thay \u0111\u1ed5i \u0111\u01b0\u1ee3c \u0111o l\u01b0\u1eddng. \u0110\u1ed3ng b\u1eb1ng \u00f4n \u0111\u1edbi c\u1ee7a n\u00f3 mang d\u1ea5u \u1ea5n c\u1ee7a s\u1ef1 ti\u1ebfn b\u1ed9 x\u00e3 h\u1ed9i, chuy\u1ec3n \u0111\u1ed5i ch\u00ednh tr\u1ecb v\u00e0 giao l\u01b0u v\u0103n h\u00f3a. \u1ede \u0111\u00e2y, kinh t\u1ebf v\u00e0 m\u00f4i tr\u01b0\u1eddng v\u1eabn \u0111an xen, qu\u1ea3n tr\u1ecb d\u1ef1a tr\u00ean s\u1ef1 tham gia c\u1ee7a \u0111\u1ecba ph\u01b0\u01a1ng v\u00e0 qu\u1ed1c gia, v\u00e0 di s\u1ea3n c\u1ee7a \u0111\u1ed3ng b\u1eb1ng v\u00e0 c\u1ea3ng bi\u1ec3n v\u1eabn t\u1ed3n t\u1ea1i trong c\u00e1c ho\u1ea1t \u0111\u1ed9ng h\u00e0ng ng\u00e0y c\u1ee7a ng\u01b0\u1eddi d\u00e2n.<\/p>","protected":false},"excerpt":{"rendered":"<p>Uruguay, a small but intriguing nation situated between Brazil and Argentina, frequently goes unnoticed by many travelers. This nation offers a unique mix of natural, historical, and cultural aspects that could challenge those of its more well-known neighbors. Beyond its breathtaking beaches and mesmerizing sunsets, Uruguay offers a convincing case for investigation marked by its outstanding coastline, energetic metropolitan centers, and rich agricultural areas.<\/p>","protected":false},"author":1,"featured_media":4280,"parent":24096,"menu_order":0,"comment_status":"closed","ping_status":"closed","template":"elementor_theme","meta":{"_eb_attr":"","footnotes":""},"class_list":["post-6705","page","type-page","status-publish","has-post-thumbnail"],"_links":{"self":[{"href":"https:\/\/travelshelper.com\/vi\/wp-json\/wp\/v2\/pages\/6705","targetHints":{"allow":["GET"]}}],"collection":[{"href":"https:\/\/travelshelper.com\/vi\/wp-json\/wp\/v2\/pages"}],"about":[{"href":"https:\/\/travelshelper.com\/vi\/wp-json\/wp\/v2\/types\/page"}],"author":[{"embeddable":true,"href":"https:\/\/travelshelper.com\/vi\/wp-json\/wp\/v2\/users\/1"}],"replies":[{"embeddable":true,"href":"https:\/\/travelshelper.com\/vi\/wp-json\/wp\/v2\/comments?post=6705"}],"version-history":[{"count":0,"href":"https:\/\/travelshelper.com\/vi\/wp-json\/wp\/v2\/pages\/6705\/revisions"}],"up":[{"embeddable":true,"href":"https:\/\/travelshelper.com\/vi\/wp-json\/wp\/v2\/pages\/24096"}],"wp:featuredmedia":[{"embeddable":true,"href":"https:\/\/travelshelper.com\/vi\/wp-json\/wp\/v2\/media\/4280"}],"wp:attachment":[{"href":"https:\/\/travelshelper.com\/vi\/wp-json\/wp\/v2\/media?parent=6705"}],"curies":[{"name":"wp","href":"https:\/\/api.w.org\/{rel}","templated":true}]}}