{"id":35472,"date":"2024-11-30T22:59:50","date_gmt":"2024-11-30T22:59:50","guid":{"rendered":"https:\/\/travelshelper.com\/staging\/?page_id=35472"},"modified":"2026-03-11T02:07:26","modified_gmt":"2026-03-11T02:07:26","slug":"truyen-thong-va-phong-tuc-o-bahrain","status":"publish","type":"page","link":"https:\/\/travelshelper.com\/vi\/destinations\/asia\/bahrain\/traditions-customs-in-bahrain\/","title":{"rendered":"Truy\u1ec1n th\u1ed1ng &amp; Phong t\u1ee5c \u1edf Bahrain"},"content":{"rendered":"<p>Bahrain l\u00e0 m\u1ed9t qu\u1ed1c gia ch\u00e0o \u0111\u00f3n n\u1ed3ng nhi\u1ec7t, tuy nhi\u00ean b\u1ea1n ph\u1ea3i lu\u00f4n th\u1ec3 hi\u1ec7n s\u1ef1 t\u00f4n tr\u1ecdng v\u00e0 l\u1ecbch s\u1ef1 \u0111\u1ed1i v\u1edbi truy\u1ec1n th\u1ed1ng v\u0103n h\u00f3a v\u00e0 t\u00f4n gi\u00e1o c\u1ee7a m\u00ecnh. Khi \u0111\u1ebfn th\u0103m nh\u1eefng khu v\u1ef1c c\u00f3 ng\u01b0\u1eddi \u1ea2 R\u1eadp \u0111\u1ecba ph\u01b0\u01a1ng lui t\u1edbi, t\u1ed1t nh\u1ea5t l\u00e0 n\u00ean m\u1eb7c qu\u1ea7n d\u00e0i thay v\u00ec qu\u1ea7n short, v\u00e0 ph\u1ee5 n\u1eef n\u00ean tr\u00e1nh m\u1eb7c v\u00e1y trong su\u1ed1t.<\/p>\n\n\n\n<p>\u0110\u1ed3 b\u01a1i, bikini v\u00e0 qu\u1ea7n short l\u00e0 trang ph\u1ee5c \u0111\u01b0\u1ee3c ch\u1ea5p nh\u1eadn t\u1ea1i c\u00e1c c\u00e2u l\u1ea1c b\u1ed9 b\u00e3i bi\u1ec3n v\u00e0 kh\u00e1ch s\u1ea1n. \u1ede n\u01a1i c\u00f4ng c\u1ed9ng, kh\u00f4ng \u0111\u01b0\u1ee3c th\u1ec3 hi\u1ec7n d\u1ea5u hi\u1ec7u y\u00eau \u0111\u01b0\u01a1ng v\u1edbi ng\u01b0\u1eddi kh\u00e1c gi\u1edbi. Ng\u01b0\u1eddi kh\u00e1c gi\u1edbi \u0111\u00e3 b\u1ecb b\u1eaft v\u00ec h\u00f4n nhau \u1edf n\u01a1i c\u00f4ng c\u1ed9ng v\u00e0 h\u1ecd kh\u00f4ng \u0111\u01b0\u1ee3c ch\u1ea5p nh\u1eadn v\u1ec1 m\u1eb7t x\u00e3 h\u1ed9i. Lu\u00f4n tr\u00e1nh \u0111\u00e1nh nhau v\u00e0 kh\u00f4ng bao gi\u1edd tham gia v\u00e0o m\u1ed9t cu\u1ed9c tranh lu\u1eadn, \u0111\u1eb7c bi\u1ec7t l\u00e0 v\u1edbi ng\u01b0\u1eddi d\u00e2n \u0111\u1ecba ph\u01b0\u01a1ng.<\/p>\n\n\n\n<p>T\u00f4n gi\u00e1o ch\u00ednh th\u1ee9c c\u1ee7a v\u01b0\u01a1ng qu\u1ed1c l\u00e0 H\u1ed3i gi\u00e1o. H\u01a1n 70% d\u00e2n s\u1ed1 theo \u0111\u1ea1o n\u00e0y. Nh\u1eefng ng\u01b0\u1eddi theo \u0111\u1ea1o Thi\u00ean ch\u00faa, Ph\u1eadt gi\u00e1o v\u00e0 \u1ea4n \u0110\u1ed9 gi\u00e1o chi\u1ebfm ph\u1ea7n c\u00f2n l\u1ea1i. M\u1ed9t b\u1ed9 ph\u1eadn nh\u1ecf c\u01b0 d\u00e2n kh\u00f4ng tuy\u00ean b\u1ed1 theo b\u1ea5t k\u1ef3 t\u00f4n gi\u00e1o n\u00e0o. Gi\u00e1o h\u1ed9i v\u00e0 nh\u00e0 n\u01b0\u1edbc kh\u00f4ng t\u00e1ch bi\u1ec7t. Lu\u1eadt Sharia (lu\u1eadt H\u1ed3i gi\u00e1o) \u0111\u01b0\u1ee3c \u00e1p d\u1ee5ng trong tr\u01b0\u1eddng h\u1ee3p n\u00e0y. Kh\u00e1i ni\u1ec7m t\u1ef1 do t\u00f4n gi\u00e1o \u0111\u01b0\u1ee3c ghi nh\u1eadn trong Hi\u1ebfn ph\u00e1p. \u0110\u00f3 l\u00e0 s\u1ef1 th\u1eadt. Kh\u00f4ng c\u00f3 s\u1ef1 \u0111\u00e0n \u00e1p t\u00f4n gi\u00e1o n\u00e0o t\u1ed3n t\u1ea1i \u1edf \u0111\u00e2y. \u0110\u1ea1i di\u1ec7n c\u1ee7a nhi\u1ec1u t\u00f4n gi\u00e1o kh\u00e1c nhau \u0111\u01b0\u1ee3c ph\u00e9p t\u1ef1 do th\u1ef1c hi\u1ec7n c\u00e1c nghi l\u1ec5 c\u1ee7a h\u1ecd v\u00e0 t\u1ed5 ch\u1ee9c c\u00e1c ng\u00e0y l\u1ec5.<\/p>\n\n\n\n<p>C\u1ed9ng \u0111\u1ed3ng H\u1ed3i gi\u00e1o kh\u00f4ng \u0111\u1ed3ng nh\u1ea5t. Ng\u01b0\u1eddi H\u1ed3i gi\u00e1o Sunni coi ng\u01b0\u1eddi Bedouin l\u00e0 t\u1ed5 ti\u00ean c\u1ee7a h\u1ecd. Ng\u01b0\u1eddi Shiite l\u00e0 h\u1eadu du\u1ec7 c\u1ee7a Nh\u00e0 ti\u00ean tri, theo t\u00edn ng\u01b0\u1ee1ng c\u1ee7a h\u1ecd. Ph\u1ea7n l\u1edbn ng\u01b0\u1eddi Shiite thu\u1ed9c c\u1ed9ng \u0111\u1ed3ng d\u00e2n t\u1ed9c v\u00e0 t\u00f4n gi\u00e1o Baharna. H\u1ecd theo truy\u1ec1n th\u1ed1ng v\u00e0 ngoan \u0111\u1ea1o. Ng\u01b0\u1eddi Sunni v\u00e0 ng\u01b0\u1eddi Shiite th\u00e0nh l\u1eadp c\u00e1c c\u1ed9ng \u0111\u1ed3ng ri\u00eang bi\u1ec7t. Xung \u0111\u1ed9t ph\u00e1p l\u00fd c\u1ee7a h\u1ecd \u0111\u01b0\u1ee3c gi\u1ea3i quy\u1ebft b\u1edfi c\u00e1c c\u01a1 quan t\u00f2a \u00e1n ri\u00eang bi\u1ec7t.<\/p>\n\n\n\n<p>\u0110\u1ecba v\u1ecb x\u00e3 h\u1ed9i c\u1ee7a ph\u1ee5 n\u1eef \u1edf Bahrain cao h\u01a1n ph\u1ea7n l\u1edbn c\u00e1c qu\u1ed1c gia \u1ea2 R\u1eadp. \u1ede \u0111\u00e2y, ph\u1ee5 n\u1eef c\u00f3 th\u1ec3 l\u00e0m vi\u1ec7c. H\u1ecd chi\u1ebfm g\u1ea7n m\u1ed9t ph\u1ea7n ba l\u1ef1c l\u01b0\u1ee3ng lao \u0111\u1ed9ng c\u1ee7a \u0111\u1ea5t n\u01b0\u1edbc. H\u1ecd \u0111\u01b0\u1ee3c ti\u1ebfp c\u1eadn v\u1edbi gi\u00e1o d\u1ee5c v\u00e0 ch\u0103m s\u00f3c s\u1ee9c kh\u1ecfe. Kho\u1ea3ng 60% ph\u1ee5 n\u1eef c\u00f3 b\u1eb1ng \u0111\u1ea1i h\u1ecdc. C\u00f3 nhi\u1ec1u ph\u1ee5 n\u1eef l\u00e0m kinh doanh. Ph\u1ee5 n\u1eef v\u1eabn ch\u01b0a \u0111\u01b0\u1ee3c \u0111\u1ea1i di\u1ec7n \u0111\u1ea7y \u0111\u1ee7 trong ch\u00ednh tr\u1ecb. H\u1ecd kh\u00f4ng c\u00f3 trong ch\u00ednh quy\u1ec1n. Kh\u00f4ng c\u00f3 lu\u1eadt ch\u00ednh th\u1ee9c n\u00e0o vi ph\u1ea1m quy\u1ec1n c\u1ee7a ph\u1ee5 n\u1eef. Tuy nhi\u00ean, quy \u0111\u1ecbnh n\u00e0y xung \u0111\u1ed9t v\u1edbi lu\u1eadt Sharia, lu\u1eadt n\u00e0y y\u00eau c\u1ea7u ph\u1ee5 n\u1eef ph\u1ea3i che m\u1eb7t v\u00e0 c\u01a1 th\u1ec3. H\u1ea7u h\u1ebft ph\u1ee5 n\u1eef \u0111\u1ec1u m\u1eb7c chador kh\u00f4ng che m\u1eb7t. Niqab che khu\u1ea5t ho\u00e0n to\u00e0n khu\u00f4n m\u1eb7t c\u1ee7a ph\u1ee5 n\u1eef trong c\u00e1c gia \u0111\u00ecnh truy\u1ec1n th\u1ed1ng h\u01a1n. Ph\u1ee5 n\u1eef n\u01b0\u1edbc ngo\u00e0i \u0111\u01b0\u1ee3c ng\u01b0\u1eddi b\u1ea3n x\u1ee9 ch\u1ea5p nh\u1eadn. Tuy nhi\u00ean, b\u1ea1n ph\u1ea3i che vai v\u00e0 ch\u00e2n. Ngo\u00e0i ra, c\u00f2n c\u00f3 nh\u1eefng y\u00eau c\u1ea7u \u0111\u1ed1i v\u1edbi \u0111\u00e0n \u00f4ng n\u01b0\u1edbc ngo\u00e0i. C\u1ea5m xu\u1ea5t hi\u1ec7n \u1edf n\u01a1i c\u00f4ng c\u1ed9ng khi m\u1eb7c qu\u1ea7n short v\u00e0 trang ph\u1ee5c th\u1ec3 thao.<\/p>\n\n\n\n<p>N\u1ec1n d\u00e2n ch\u1ee7 n\u00e0y l\u00e0 k\u1ebft qu\u1ea3 c\u1ee7a n\u1ec1n kinh t\u1ebf t\u0103ng tr\u01b0\u1edfng nhanh ch\u00f3ng c\u1ee7a Bahrain, thu h\u00fat m\u1ed9t l\u01b0\u1ee3ng l\u1edbn ng\u01b0\u1eddi n\u01b0\u1edbc ngo\u00e0i. Bahrain l\u00e0 qu\u1ed1c gia H\u1ed3i gi\u00e1o t\u1ef1 do nh\u1ea5t. C\u01b0 d\u00e2n c\u1ee7a c\u00e1c qu\u1ed1c gia \u1ea2 R\u1eadp kh\u00e1c th\u01b0\u1eddng xuy\u00ean ngh\u1ec9 d\u01b0\u1ee1ng \u1edf \u0111\u00e2y. Qu\u1ed1c gia n\u00e0y b\u00e1n v\u00e0 ti\u00eau th\u1ee5 r\u01b0\u1ee3u. Trong th\u00e1ng l\u1ec5 Ramadan, c\u00e1c ti\u00eau chu\u1ea9n \u0111\u1ea1o \u0111\u1ee9c tr\u1edf n\u00ean nghi\u00eam ng\u1eb7t h\u01a1n. V\u00e0o th\u1eddi \u0111i\u1ec3m n\u00e0y, nh\u1eefng ng\u01b0\u1eddi theo \u0111\u1ea1o \u0111ang \u0103n chay. Ng\u01b0\u1eddi H\u1ed3i gi\u00e1o b\u1ecb c\u1ea5m \u0103n u\u1ed1ng v\u00e0o ban ng\u00e0y trong su\u1ed1t th\u1eddi gian n\u00e0y.<\/p>\n\n\n\n<p>T\u00f4n gi\u00e1o c\u00f3 t\u00e1c \u0111\u1ed9ng \u0111\u1ebfn ph\u00e9p x\u00e3 giao. Theo truy\u1ec1n th\u1ed1ng, tay tr\u00e1i \u0111\u01b0\u1ee3c coi l\u00e0 b\u1ea9n v\u00ec n\u00f3 \u0111\u01b0\u1ee3c d\u00f9ng \u0111\u1ec3 v\u1ec7 sinh c\u00e1 nh\u00e2n. C\u00f3 th\u1ec3 ch\u1ea5p nh\u1eadn nh\u1eadn th\u1ee9c \u0103n v\u00e0 ti\u1ec1n, nh\u01b0ng ch\u1ec9 b\u1eb1ng tay ph\u1ea3i. Khi v\u00e0o nh\u00e0 ho\u1eb7c nh\u00e0 th\u1edd H\u1ed3i gi\u00e1o, ph\u1ea3i th\u00e1o gi\u00e0y. B\u1ea1n kh\u00f4ng \u0111\u01b0\u1ee3c ch\u0129a ch\u00e2n v\u00e0o ng\u01b0\u1eddi \u0111\u1ed1i tho\u1ea1i, nh\u00ecn ch\u1eb1m ch\u1eb1m v\u00e0o m\u1eaft ng\u01b0\u1eddi \u0111\u1ed1i tho\u1ea1i, \u0103n trong khi \u0111i b\u1ed9 ho\u1eb7c ra hi\u1ec7u t\u00edch c\u1ef1c trong khi tr\u00f2 chuy\u1ec7n.<\/p>\n\n\n\n<p>Gia \u0111\u00ecnh c\u00f3 t\u1ea7m quan tr\u1ecdng t\u1ed1i cao \u0111\u1ed1i v\u1edbi c\u00f4ng d\u00e2n c\u1ee7a \u0111\u1ea5t n\u01b0\u1edbc n\u00e0y. Ph\u1ee5 n\u1eef k\u1ebft h\u00f4n r\u1ea5t s\u1edbm, b\u1eaft \u0111\u1ea7u t\u1eeb 14 tu\u1ed5i. \u0110\u00e0n \u00f4ng k\u1ebft h\u00f4n t\u1eeb 20 \u0111\u1ebfn 22 tu\u1ed5i. Vi\u1ec7c chu\u1ed9c c\u00f4 d\u00e2u l\u00e0 th\u00f4ng l\u1ec7 ph\u1ed5 bi\u1ebfn. \u0110a th\u00ea \u0111\u01b0\u1ee3c ph\u00e9p theo lu\u1eadt Sharia. Nh\u01b0ng m\u1ed7i ng\u01b0\u1eddi v\u1ee3 ph\u1ea3i c\u00f3 n\u01a1i \u1edf tho\u1ea3i m\u00e1i ri\u00eang. Ngo\u00e0i ra, c\u00f3 nh\u1eefng cu\u1ed9c h\u00f4n nh\u00e2n t\u1ea1m th\u1eddi (muta). Ch\u00fang ch\u1ec9 \u0111\u01b0\u1ee3c ng\u01b0\u1eddi Shiite ch\u1ea5p nh\u1eadn. M\u1ed9t ph\u1ea7n th\u01b0\u1edfng \u0111\u01b0\u1ee3c trao cho ng\u01b0\u1eddi ph\u1ee5 n\u1eef khi k\u1ebft th\u00fac m\u1ed9t cu\u1ed9c h\u00f4n nh\u00e2n nh\u01b0 v\u1eady. V\u1ec1 m\u1eb7t h\u00ecnh th\u1ee9c, quy\u1ec1n c\u1ee7a ng\u01b0\u1eddi ph\u1ee5 n\u1eef t\u01b0\u01a1ng \u0111\u01b0\u01a1ng v\u1edbi quy\u1ec1n c\u1ee7a m\u1ed9t ng\u01b0\u1eddi v\u1ee3 b\u00ecnh th\u01b0\u1eddng. Con c\u00e1i c\u1ee7a c\u00f4 \u1ea5y c\u0169ng \u0111\u01b0\u1ee3c coi l\u00e0 h\u1ee3p ph\u00e1p. C\u00f4 \u1ea5y \u0111\u1ee7 \u0111i\u1ec1u ki\u1ec7n \u0111\u1ec3 \u0111\u01b0\u1ee3c mahr (qu\u00e0 t\u1eb7ng t\u1eeb ch\u1ed3ng). Th\u1eddi h\u1ea1n c\u1ee7a cu\u1ed9c h\u00f4n nh\u00e2n c\u00f3 th\u1ec3 \u0111\u01b0\u1ee3c k\u00e9o d\u00e0i v\u00f4 th\u1eddi h\u1ea1n. M\u1ed9t ng\u01b0\u1eddi ph\u1ee5 n\u1eef ph\u1ea3i t\u1ea1m d\u1eebng tr\u01b0\u1edbc khi t\u00e1i h\u00f4n sau m\u1ed9t cu\u1ed9c h\u00f4n nh\u00e2n kh\u00f4ng th\u00e0nh. Kho\u1ea3ng th\u1eddi gian t\u1ea1m d\u1eebng n\u00e0y l\u00e0 c\u1ea7n thi\u1ebft \u0111\u1ec3 lo\u1ea1i tr\u1eeb kh\u1ea3 n\u0103ng mang thai. Trong th\u1eddi gian t\u1ea1m d\u1eebng t\u1eeb b\u1ed1n \u0111\u1ebfn hai m\u01b0\u01a1i tu\u1ea7n n\u00e0y, ng\u01b0\u1eddi ch\u1ed3ng v\u1eabn ti\u1ebfp t\u1ee5c h\u1ed7 tr\u1ee3 v\u1ee3.<\/p>\n\n\n\n<p>Sau khi \u0111\u1ea5t n\u01b0\u1edbc gi\u00e0nh \u0111\u01b0\u1ee3c \u0111\u1ed9c l\u1eadp v\u00e0o n\u0103m 1971, n\u1ec1n v\u0103n h\u00f3a Bahrain b\u1eaft \u0111\u1ea7u ph\u00e1t tri\u1ec3n m\u1ea1nh m\u1ebd. Ngo\u00e0i s\u1ef1 ph\u00e1t tri\u1ec3n c\u1ee7a ngh\u1ec7 thu\u1eadt truy\u1ec1n th\u1ed1ng, ngh\u1ec7 thu\u1eadt hi\u1ec7n \u0111\u1ea1i c\u0169ng \u0111ang ph\u00e1t tri\u1ec3n. Ch\u1ee7 ngh\u0129a \u1ea5n t\u01b0\u1ee3ng, ch\u1ee7 ngh\u0129a bi\u1ec3u hi\u1ec7n v\u00e0 ch\u1ee7 ngh\u0129a si\u00eau th\u1ef1c \u0111ang ng\u00e0y c\u00e0ng ph\u1ed5 bi\u1ebfn. C\u00e1c cu\u1ed9c tri\u1ec3n l\u00e3m ngh\u1ec7 thu\u1eadt hi\u1ec7n \u0111\u1ea1i th\u01b0\u1eddng xuy\u00ean \u0111\u01b0\u1ee3c t\u1ed5 ch\u1ee9c. M\u1ed9t s\u1ed1 b\u1ea3o t\u00e0ng v\u00e0 ph\u00f2ng tr\u01b0ng b\u00e0y \u0111\u01b0\u1ee3c s\u1eed d\u1ee5ng cho m\u1ee5c \u0111\u00edch n\u00e0y. C\u00e1c ngh\u1ec7 thu\u1eadt truy\u1ec1n th\u1ed1ng nh\u01b0 th\u01b0 ph\u00e1p \u1ea2 R\u1eadp, g\u1ed1m s\u1ee9, \u0111\u1ed3 trang s\u1ee9c v\u00e0 ngh\u1ec1 r\u00e8n r\u1ea5t \u0111\u00e1ng ch\u00fa \u00fd. V\u0103n h\u1ecdc c\u0169ng b\u1eaft \u0111\u1ea7u ph\u00e1t tri\u1ec3n nhanh ch\u00f3ng v\u00e0o cu\u1ed1i th\u1ebf k\u1ef7 20. \u1ea2nh h\u01b0\u1edfng m\u1ea1nh m\u1ebd c\u1ee7a ph\u01b0\u01a1ng T\u00e2y v\u1ed1n c\u00f3 trong \u0111\u00f3. Bahrain, kh\u00f4ng gi\u1ed1ng nh\u01b0 c\u00e1c qu\u1ed1c gia H\u1ed3i gi\u00e1o kh\u00e1c, c\u00f3 m\u1ed9t s\u1ed1 l\u01b0\u1ee3ng l\u1edbn c\u00e1c nh\u00e0 th\u01a1 n\u1eef xu\u1ea5t b\u1ea3n t\u00e1c ph\u1ea9m c\u1ee7a h\u1ecd.<\/p>\n\n\n\n<p>\u00c2m nh\u1ea1c \u1ea2 R\u1eadp, \u1ea4n \u0110\u1ed9 v\u00e0 Ba T\u01b0 \u0111\u00e3 t\u00e1c \u0111\u1ed9ng \u0111\u1ebfn \u00e2m nh\u1ea1c truy\u1ec1n th\u1ed1ng c\u1ee7a Bahrain. C\u00e1c phong c\u00e1ch ph\u1ed5 bi\u1ebfn nh\u1ea5t l\u00e0 Saut, Fijri v\u00e0 Liwa. Ng\u01b0\u1eddi d\u00e2n Bahrain t\u1eeb l\u00e2u \u0111\u00e3 tham gia v\u00e0o ho\u1ea1t \u0111\u1ed9ng khai th\u00e1c ng\u1ecdc trai. Th\u1ee3 l\u1eb7n ng\u1ecdc trai \u0111\u00e3 ph\u00e1t tri\u1ec3n n\u1ec1n v\u0103n h\u00f3a ri\u00eang c\u1ee7a h\u1ecd, bao g\u1ed3m c\u1ea3 \u00e2m nh\u1ea1c. Fijri l\u00e0 \u00e2m nh\u1ea1c c\u1ee7a th\u1ee3 l\u1eb7n ng\u1ecdc trai. \u0110i\u1ec1u quan tr\u1ecdng c\u1ea7n l\u01b0u \u00fd l\u00e0 c\u00f3 nh\u1eefng b\u00e0i h\u00e1t ven bi\u1ec3n v\u00e0 b\u00e0i h\u00e1t tr\u00ean bi\u1ec3n. Liwa l\u00e0 \u00e2m nh\u1ea1c c\u1ee7a ng\u01b0\u1eddi d\u00e2n ch\u00e2u Phi. \u00c2m nh\u1ea1c \u1ea2 R\u1eadp \u0111\u01b0\u1ee3c g\u1ecdi l\u00e0 saut \u0111\u01b0\u1ee3c bi\u1ec3u di\u1ec5n tr\u00ean \u0111\u00e0n oud, nh\u1ea1c c\u1ee5 g\u00f5 v\u00e0 \u0111\u00e0n rebab. \u00c2m nh\u1ea1c hi\u1ec7n \u0111\u1ea1i c\u0169ng t\u1ed3n t\u1ea1i. C\u00f3 nh\u1eefng ban nh\u1ea1c ch\u01a1i nh\u1ea1c rock. Bahrain c\u0169ng c\u00f3 c\u00e1c ph\u00f2ng thu \u00e2m. R\u1ea1p chi\u1ebfu phim kh\u00f4ng ph\u1ea3i l\u00e0 b\u1ea5t h\u1ee3p ph\u00e1p. Nh\u01b0ng h\u1ea7u nh\u01b0 kh\u00f4ng bao gi\u1edd s\u1ea3n xu\u1ea5t phim \u0111\u1ecba ph\u01b0\u01a1ng.<\/p>","protected":false},"excerpt":{"rendered":"<p>Bahrain l\u00e0 m\u1ed9t qu\u1ed1c gia ch\u00e0o \u0111\u00f3n n\u1ed3ng nhi\u1ec7t, tuy nhi\u00ean b\u1ea1n ph\u1ea3i lu\u00f4n th\u1ec3 hi\u1ec7n s\u1ef1 t\u00f4n tr\u1ecdng v\u00e0 l\u1ecbch s\u1ef1 \u0111\u1ed1i v\u1edbi truy\u1ec1n th\u1ed1ng v\u0103n h\u00f3a v\u00e0 t\u00f4n gi\u00e1o c\u1ee7a m\u00ecnh. Khi \u0111\u1ebfn th\u0103m nh\u1eefng khu v\u1ef1c c\u00f3 ng\u01b0\u1eddi \u1ea2 R\u1eadp \u0111\u1ecba ph\u01b0\u01a1ng lui t\u1edbi, t\u1ed1t nh\u1ea5t l\u00e0 n\u00ean m\u1eb7c qu\u1ea7n d\u00e0i thay v\u00ec qu\u1ea7n short, v\u00e0 ph\u1ee5 n\u1eef n\u00ean tr\u00e1nh m\u1eb7c v\u00e1y trong su\u1ed1t.<\/p>","protected":false},"author":1,"featured_media":35474,"parent":35335,"menu_order":0,"comment_status":"closed","ping_status":"closed","template":"elementor_theme","meta":{"_eb_attr":"","footnotes":""},"class_list":["post-35472","page","type-page","status-publish","has-post-thumbnail"],"_links":{"self":[{"href":"https:\/\/travelshelper.com\/vi\/wp-json\/wp\/v2\/pages\/35472","targetHints":{"allow":["GET"]}}],"collection":[{"href":"https:\/\/travelshelper.com\/vi\/wp-json\/wp\/v2\/pages"}],"about":[{"href":"https:\/\/travelshelper.com\/vi\/wp-json\/wp\/v2\/types\/page"}],"author":[{"embeddable":true,"href":"https:\/\/travelshelper.com\/vi\/wp-json\/wp\/v2\/users\/1"}],"replies":[{"embeddable":true,"href":"https:\/\/travelshelper.com\/vi\/wp-json\/wp\/v2\/comments?post=35472"}],"version-history":[{"count":0,"href":"https:\/\/travelshelper.com\/vi\/wp-json\/wp\/v2\/pages\/35472\/revisions"}],"up":[{"embeddable":true,"href":"https:\/\/travelshelper.com\/vi\/wp-json\/wp\/v2\/pages\/35335"}],"wp:featuredmedia":[{"embeddable":true,"href":"https:\/\/travelshelper.com\/vi\/wp-json\/wp\/v2\/media\/35474"}],"wp:attachment":[{"href":"https:\/\/travelshelper.com\/vi\/wp-json\/wp\/v2\/media?parent=35472"}],"curies":[{"name":"wp","href":"https:\/\/api.w.org\/{rel}","templated":true}]}}