{"id":35452,"date":"2024-11-30T22:41:22","date_gmt":"2024-11-30T22:41:22","guid":{"rendered":"https:\/\/travelshelper.com\/staging\/?page_id=35452"},"modified":"2026-03-11T02:11:40","modified_gmt":"2026-03-11T02:11:40","slug":"doi-song-ve-dem-o-bahrain","status":"publish","type":"page","link":"https:\/\/travelshelper.com\/vi\/destinations\/asia\/bahrain\/nightlife-in-bahrain\/","title":{"rendered":"\u0110\u1eddi s\u1ed1ng v\u1ec1 \u0111\u00eam \u1edf Bahrain"},"content":{"rendered":"<p>\u0110\u1eddi s\u1ed1ng v\u1ec1 \u0111\u00eam c\u1ee7a Bahrain kh\u00e1 ph\u00e1t tri\u1ec3n, \u0111i\u1ec1u n\u00e0y th\u1eadt \u0111\u00e1ng ng\u1ea1c nhi\u00ean. \u0110i\u1ec1u n\u00e0y ch\u1ee7 y\u1ebfu l\u00e0 do s\u1ef1 khoan dung c\u1ee7a ch\u00ednh ph\u1ee7 v\u00e0 s\u1ed1 l\u01b0\u1ee3ng l\u1edbn ng\u01b0\u1eddi n\u01b0\u1edbc ngo\u00e0i sinh s\u1ed1ng t\u1ea1i \u0111\u1ea5t n\u01b0\u1edbc n\u00e0y. Bahrain th\u01b0\u1eddng \u0111\u01b0\u1ee3c g\u1ecdi l\u00e0 &#034;Hawaii c\u1ee7a Trung \u0110\u00f4ng&#034;. M\u1ecdi ng\u01b0\u1eddi s\u1ebd t\u00ecm th\u1ea5y ni\u1ec1m vui sau khi m\u1eb7t tr\u1eddi l\u1eb7n. Tr\u00ean to\u00e0n qu\u1ed1c, c\u00f3 c\u00e1c v\u0169 tr\u01b0\u1eddng, qu\u00e1n karaoke v\u00e0 c\u00e2u l\u1ea1c b\u1ed9 nh\u1ea1c s\u1ed1ng.<\/p>\n\n\n\n<p>Adliya \u0111\u1eb7c bi\u1ec7t n\u1ed5i ti\u1ebfng v\u1edbi cu\u1ed9c s\u1ed1ng v\u1ec1 \u0111\u00eam. \u0110\u00e2y l\u00e0 khu v\u1ef1c Bohemian c\u1ee7a Manama. C\u00e1c kh\u00e1ch s\u1ea1n sang tr\u1ecdng cung c\u1ea5p nhi\u1ec1u kh\u1ea3 n\u0103ng gi\u1ea3i tr\u00ed bu\u1ed5i t\u1ed1i. R\u01b0\u1ee3u \u0111\u01b0\u1ee3c ph\u00e9p tr\u00ean to\u00e0n qu\u1ed1c, ngay c\u1ea3 trong c\u00e1c c\u00e2u l\u1ea1c b\u1ed9. \u0110i\u1ec1u n\u00e0y thu h\u00fat kh\u00e1ch du l\u1ecbch t\u1eeb c\u00e1c n\u01b0\u1edbc \u1ea2 R\u1eadp l\u00e2n c\u1eadn, b\u1ea3o th\u1ee7 h\u01a1n.<\/p>\n\n\n\n<h2 class=\"wp-block-heading\">Qu\u00e1n bar v\u00e0 c\u00e2u l\u1ea1c b\u1ed9 \u1edf Bahrain<\/h2>\n\n\n\n<p>V\u00ec h\u1ea7u nh\u01b0 t\u1ea5t c\u1ea3 c\u00e1c c\u01a1 s\u1edf \u0111\u01b0\u1ee3c c\u1ea5p ph\u00e9p \u0111\u1ec1u ph\u1ea3i li\u00ean k\u1ebft v\u1edbi c\u00e1c kh\u00e1ch s\u1ea1n b\u1ed1n v\u00e0 n\u0103m sao, n\u00ean kh\u00f4ng c\u00f3 khu ph\u1ed1 \u0111\u00eam ri\u00eang bi\u1ec7t n\u00e0o \u1edf Manama; thay v\u00e0o \u0111\u00f3, c\u00f3 m\u1ed9t s\u1ef1 ph\u00e2n b\u1ed5 c\u00e1c \u0111\u1ecba \u0111i\u1ec3m theo d\u1ea1ng l\u01b0\u1edbi tr\u00ean kh\u1eafp th\u00e0nh ph\u1ed1. Khi m\u1ed9t qu\u00e1n bar \u0111\u00e3 ho\u1ea1t \u0111\u1ed9ng \u0111\u01b0\u1ee3c m\u1ed9t th\u1eddi gian, n\u00f3 s\u1ebd tr\u1edf n\u00ean n\u1ed5i ti\u1ebfng trong s\u1ed1 nh\u1eefng ng\u01b0\u1eddi d\u00e2n \u0111\u1ecba ph\u01b0\u01a1ng v\u00e0 nhi\u1ec1u trong s\u1ed1 ch\u00fang tr\u1edf th\u00e0nh nh\u1eefng c\u01a1 s\u1edf n\u1ed5i ti\u1ebfng tr\u00ean kh\u1eafp c\u00e1c Ti\u1ec3u bang v\u00f9ng V\u1ecbnh. \u200b\u200bM\u1ed9t trong nh\u1eefng c\u01a1 s\u1edf nh\u01b0 v\u1eady l\u00e0 Sherlock Holmes (Gulf Hotel, Manama), m\u1ed9t qu\u00e1n bar theo ch\u1ee7 \u0111\u1ec1 c\u00f3 l\u1ecbch s\u1eed \u0111\u00e1ng n\u1ec3. M\u1eb7c d\u00f9 kh\u00e1 tho\u1ea3i m\u00e1i, nh\u01b0ng n\u00f3 kh\u00f4ng th\u1ec3 tho\u00e1t kh\u1ecfi v\u1ebb ngo\u00e0i qu\u00e1n r\u01b0\u1ee3u truy\u1ec1n th\u1ed1ng c\u1ee7a London v\u00e0 c\u00f3 nh\u1ea1c s\u1ed1ng v\u00e0o h\u1ea7u h\u1ebft c\u00e1c \u0111\u00eam trong tu\u1ea7n, th\u01b0\u1eddng r\u1ea5t \u0111\u00f4ng kh\u00e1ch quen; tuy nhi\u00ean, cu\u1ed1i tu\u1ea7n \u1edf Bahrain c\u0169ng c\u00f3 th\u1ec3 c\u1ef1c k\u1ef3 \u0111\u00f4ng \u0111\u00fac.<\/p>\n\n\n\n<p>Trader Vic&#039;s (Le Meridien, Manama) n\u1eb1m g\u1ea7n m\u1ed9t trong nh\u1eefng b\u00e3i bi\u1ec3n c\u1ee7a Manama v\u00e0 c\u00f3 t\u1ea7m nh\u00ecn bao qu\u00e1t ra V\u1ecbnh t\u1eeb s\u1ef1 tho\u1ea3i m\u00e1i c\u1ee7a n\u1ed9i th\u1ea5t c\u00f3 m\u00e1y l\u1ea1nh. N\u01a1i \u0111\u00e2y n\u1ed5i ti\u1ebfng v\u1edbi c\u00e1c lo\u1ea1i cocktail l\u1ea5y c\u1ea3m h\u1ee9ng t\u1eeb Bi\u1ec3n Nam v\u00e0 \u0111\u01b0\u1ee3c ph\u1ee5c v\u1ee5 trong nh\u1eefng chi\u1ebfc b\u00ecnh \u0111\u1eb9p m\u1eaft, khi\u1ebfn n\u01a1i \u0111\u00e2y tr\u1edf th\u00e0nh m\u1ed9t trong nh\u1eefng \u0111\u1ecba \u0111i\u1ec3m tuy\u1ec7t v\u1eddi nh\u1ea5t c\u1ee7a th\u00e0nh ph\u1ed1 \u0111\u1ec3 ng\u1eafm ho\u00e0ng h\u00f4n. Warbler Club (Baisan Hotel, Manama) l\u00e0 m\u1ed9t c\u01a1 s\u1edf kh\u00e1c c\u00f3 nh\u1ea1c s\u1ed1ng th\u01b0\u1eddng xuy\u00ean, \u0111\u00e1m \u0111\u00f4ng h\u1ea5p d\u1eabn v\u00e0 \u0111\u1ed3 \u0103n ngon t\u1ea1i qu\u1ea7y bar. \u0110\u00e2y l\u00e0 m\u1ed9t trong nh\u1eefng n\u01a1i t\u1ed1t nh\u1ea5t \u1edf Bahrain \u0111\u1ec3 ng\u01b0\u1eddi h\u00e2m m\u1ed9 th\u1ec3 thao th\u01b0\u1edfng th\u1ee9c \u0111\u1ed3 u\u1ed1ng, v\u00ec n\u01a1i \u0111\u00e2y c\u00f3 r\u1ea5t nhi\u1ec1u tivi l\u1edbn \u0111\u01b0\u1ee3c \u0111i\u1ec1u ch\u1ec9nh \u0111\u1ec3 ph\u00e1t t\u1ea5t c\u1ea3 c\u00e1c tr\u1eadn \u0111\u1ea5u.<\/p>\n\n\n\n<h3 class=\"wp-block-heading\">Qu\u00e1n Bar Trung T\u00e2m<\/h3>\n\n\n\n<p><em>\u0110\u1ecba ch\u1ec9: 1507 King Faisal Highway, Manama \u2013 Gi\u1edd m\u1edf c\u1eeda: H\u00e0ng ng\u00e0y: 4 gi\u1edd chi\u1ec1u - 2 gi\u1edd s\u00e1ng<\/em><\/p>\n\n\n\n<p>Khu trung t\u00e2m, m\u1ed9t ph\u1ea7n c\u1ee7a Intercontinental Regency Hotel, l\u00e0 \u0111\u1ecba \u0111i\u1ec3m y\u00eau th\u00edch c\u1ee7a ng\u01b0\u1eddi d\u00e2n \u0111\u1ecba ph\u01b0\u01a1ng v\u00e0 kh\u00e1ch du l\u1ecbch v\u00e0 thu h\u00fat r\u1ea5t \u0111\u00f4ng ng\u01b0\u1eddi, \u0111\u1eb7c bi\u1ec7t l\u00e0 v\u00e0o nh\u1eefng \u0111\u00eam c\u00f3 nh\u1ea1c s\u1ed1ng. H\u1ecd gi\u1edbi thi\u1ec7u c\u00e1c ban nh\u1ea1c \u0111\u1ecba ph\u01b0\u01a1ng, \u0111\u00eam nh\u1ea1c m\u1edf mic v\u00e0 c\u00e1c bu\u1ed5i bi\u1ec3u di\u1ec5n ng\u1eabu h\u1ee9ng, v\u00e0 th\u1ee9 T\u01b0 l\u00e0 \u0110\u00eam c\u1ee7a ph\u1ee5 n\u1eef.<\/p>\n\n\n\n<h3 class=\"wp-block-heading\">Qu\u00e1n r\u01b0\u1ee3u Ireland c\u1ee7a JJ<\/h3>\n\n\n\n<p><em>\u0110\u1ecba ch\u1ec9: Block 326, Al Qudaibiya, Manama<\/em><\/p>\n\n\n\n<p>Qu\u00e1n bar JJ l\u00e0 m\u1ed9t c\u01a1 s\u1edf l\u1edbn v\u1edbi m\u00f4i tr\u01b0\u1eddng ch\u00e0o \u0111\u00f3n v\u00e0 nhi\u1ec1u lo\u1ea1i bia t\u01b0\u01a1i. C\u00f3 nhi\u1ec1u ho\u1ea1t \u0111\u1ed9ng h\u00e0ng tu\u1ea7n, bao g\u1ed3m karaoke, \u0111\u1ed1 vui trong qu\u00e1n r\u01b0\u1ee3u, \u0111\u00eam d\u00e0nh cho ph\u1ee5 n\u1eef v\u00e0 nh\u1ea1c s\u1ed1ng c\u1ee7a ban nh\u1ea1c The Noise.<\/p>\n\n\n\n<h3 class=\"wp-block-heading\">Chim h\u1ecda mi<\/h3>\n\n\n\n<p><em>\u0110\u1ecba ch\u1ec9: Block 320, Manama \u2013 Gi\u1edd m\u1edf c\u1eeda: H\u00e0ng ng\u00e0y: 12 gi\u1edd tr\u01b0a - 2 gi\u1edd s\u00e1ng<\/em><\/p>\n\n\n\n<p>Warbler, m\u1ed9t qu\u00e1n r\u01b0\u1ee3u th\u1ec3 thao theo phong c\u00e1ch Anh n\u1ed5i ti\u1ebfng t\u1ed5 ch\u1ee9c c\u00e1c s\u1ef1 ki\u1ec7n g\u1ea7n nh\u01b0 h\u00e0ng \u0111\u00eam, n\u1eb1m trong Kh\u00e1ch s\u1ea1n Baisan International. C\u00f3 khi\u00eau v\u0169, nh\u1ea1c s\u1ed1ng, ph\u00e1t s\u00f3ng c\u00e1c s\u1ef1 ki\u1ec7n th\u1ec3 thao quan tr\u1ecdng, \u0110\u00eam d\u00e0nh cho ph\u1ee5 n\u1eef v\u00e0o th\u1ee9 ba v\u00e0 m\u1ed9t nh\u00e0 b\u1ebfp \u0111\u1ea7y \u0111\u1ee7 ph\u1ee5c v\u1ee5 nhi\u1ec1u lo\u1ea1i th\u1ef1c ph\u1ea9m.<\/p>\n\n\n\n<h3 class=\"wp-block-heading\">Chim h\u1ecda mi<\/h3>\n\n\n\n<p><em>\u0110\u1ecba ch\u1ec9: Block 320, Manama \u2013 Gi\u1edd m\u1edf c\u1eeda: H\u00e0ng ng\u00e0y: 12 gi\u1edd tr\u01b0a - 2 gi\u1edd s\u00e1ng<\/em><\/p>\n\n\n\n<p>Warbler, m\u1ed9t qu\u00e1n r\u01b0\u1ee3u th\u1ec3 thao theo phong c\u00e1ch Anh n\u1ed5i ti\u1ebfng t\u1ed5 ch\u1ee9c c\u00e1c s\u1ef1 ki\u1ec7n g\u1ea7n nh\u01b0 h\u00e0ng \u0111\u00eam, n\u1eb1m trong Kh\u00e1ch s\u1ea1n Baisan International. C\u00f3 khi\u00eau v\u0169, nh\u1ea1c s\u1ed1ng, ph\u00e1t s\u00f3ng c\u00e1c s\u1ef1 ki\u1ec7n th\u1ec3 thao quan tr\u1ecdng, \u0110\u00eam d\u00e0nh cho ph\u1ee5 n\u1eef v\u00e0o th\u1ee9 ba v\u00e0 m\u1ed9t nh\u00e0 b\u1ebfp \u0111\u1ea7y \u0111\u1ee7 ph\u1ee5c v\u1ee5 nhi\u1ec1u lo\u1ea1i th\u1ef1c ph\u1ea9m.<\/p>\n\n\n\n<h2 class=\"wp-block-heading\">\u0102n u\u1ed1ng v\u00e0 \u1ea9m th\u1ef1c \u1edf Bahrain<\/h2>\n\n\n\n<p>\u1ede Bahrain, gi\u00e1 c\u1ea3 v\u00e0 ch\u1ea5t l\u01b0\u1ee3ng th\u1ef1c ph\u1ea9m r\u1ea5t kh\u00e1c nhau. N\u1ebfu b\u1ea1n kh\u00f4ng mu\u1ed1n chi qu\u00e1 nhi\u1ec1u ti\u1ec1n, b\u1ea1n c\u00f3 th\u1ec3 ch\u1ecdn t\u1eeb nhi\u1ec1u kh\u00e1ch s\u1ea1n c\u00f3 nhi\u1ec1u m\u1ee9c gi\u00e1 kh\u00e1c nhau. Cu\u1ed9c s\u1ed1ng c\u1ee7a ng\u01b0\u1eddi n\u01b0\u1edbc ngo\u00e0i \u0111\u00f2i h\u1ecfi ph\u1ea3i \u0103n u\u1ed1ng b\u00ean ngo\u00e0i r\u1ea5t nhi\u1ec1u, v\u00ec v\u1eady h\u00e3y tho\u1ea3i m\u00e1i h\u1ecfi b\u1ea5t k\u1ef3 ai v\u1ec1 nh\u1eefng \u00fd t\u01b0\u1edfng m\u1edbi nh\u1ea5t; h\u1ecd th\u01b0\u1eddng s\u1ebd r\u1ea5t vui l\u00f2ng gi\u00fap \u0111\u1ee1. \u1ede Manama, truy\u1ec1n mi\u1ec7ng c\u00f3 s\u1ee9c \u1ea3nh h\u01b0\u1edfng r\u1ea5t l\u1edbn.<\/p>\n\n\n\n<p>Adilya, Mezzaluna (3808 Road, Manama) l\u00e0 m\u1ed9t kho b\u00e1u \u1edf trung t\u00e2m khu nh\u00e0 h\u00e0ng v\u00e0 l\u00e0 m\u1ed9t trong nh\u1eefng nh\u00e0 h\u00e0ng n\u1ed5i ti\u1ebfng nh\u1ea5t \u1edf Manama, v\u00ec v\u1eady h\u00e3y ch\u1eafc ch\u1eafn \u0111\u1eb7t ch\u1ed7 tr\u01b0\u1edbc. \u0110\u1ea7u b\u1ebfp ng\u01b0\u1eddi Ph\u00e1p t\u1ea1i Mezzaluna ch\u1ebf bi\u1ebfn nhi\u1ec1u m\u00f3n \u0103n qu\u1ed1c t\u1ebf v\u00e0 m\u00f3n b\u00edt t\u1ebft s\u01b0\u1eddn b\u00f2 \u0111\u01b0\u1ee3c \u0111\u00e1nh gi\u00e1 cao. Nh\u00e0 h\u00e0ng n\u1eb1m trong m\u1ed9t dinh th\u1ef1 c\u1ed5 c\u1ee7a Bahrain v\u1edbi \u0111\u1ed3 trang tr\u00ed ph\u00f9 h\u1ee3p.<\/p>\n\n\n\n<p>Trong khi \u0111\u00f3, Jim&#039;s (Osama bin Zaid Avenue, Manama) \u0111\u00e3 tr\u1edf th\u00e0nh m\u1ed9t t\u1ed5 ch\u1ee9c d\u00e0nh cho ng\u01b0\u1eddi n\u01b0\u1edbc ngo\u00e0i, n\u1ed5i ti\u1ebfng v\u1edbi r\u01b0\u1ee3u vodka s\u00f4 c\u00f4 la th\u1ee7 c\u00f4ng c\u0169ng nh\u01b0 b\u1eefa s\u00e1ng \u0111\u1ea7y \u0111\u1ee7 ki\u1ec3u Ireland \u0111\u01b0\u1ee3c ph\u1ee5c v\u1ee5 trong b\u1ed1i c\u1ea3nh ng\u00f4i nh\u00e0 nh\u1ecf quy\u1ebfn r\u0169. Nh\u1edd s\u1ef1 \u1ea5m \u00e1p v\u00e0 khi\u1ebfu h\u00e0i h\u01b0\u1edbc c\u1ee7a Jim, nh\u00e0 h\u00e0ng n\u00e0y \u1edf Bahrain c\u00f3 th\u1ec3 s\u1ebd tr\u1edf n\u00ean c\u1ef1c k\u1ef3 \u0111\u00f4ng \u0111\u00fac, v\u00ec v\u1eady h\u00e3y \u0111\u1eb7t ch\u1ed7 tr\u01b0\u1edbc.<\/p>\n\n\n\n<p>Casa Blu theo phong c\u00e1ch \u1ea2 R\u1eadp h\u1ee3p th\u1eddi trang (\u0110\u1ea1i l\u1ed9 Sheikh Isa, Manama) \u0111\u01b0\u1ee3c trang tr\u00ed b\u1eb1ng m\u00e1y \u0111\u00e1nh ch\u1eef c\u1ed5 \u0111i\u1ec3n, m\u00e1y t\u00ednh ti\u1ec1n c\u0169 b\u1ecb h\u1ecfng, gh\u1ebf sofa sang tr\u1ecdng v\u00e0 nh\u1ea1c hip-hop s\u1ed1ng \u0111\u1ed9ng, t\u1ea5t c\u1ea3 \u0111\u1ec1u g\u00f3p ph\u1ea7n t\u1ea1o n\u00ean b\u1ea7u kh\u00f4ng kh\u00ed c\u1ee7a nh\u00e0 h\u00e0ng. \u1ea8m th\u1ef1c c\u0169ng tuy\u1ec7t v\u1eddi nh\u01b0 b\u1ea7u kh\u00f4ng kh\u00ed.<\/p>\n\n\n\n<h2 class=\"wp-block-heading\">\u0102n u\u1ed1ng \u1edf \u0111\u00e2u t\u1ea1i Bahrain<\/h2>\n\n\n\n<p>\u0110\u00fang nh\u01b0 danh ti\u1ebfng l\u00e0 qu\u1ed1c gia v\u00f9ng V\u1ecbnh duy nh\u1ea5t cho ph\u00e9p mua r\u01b0\u1ee3u h\u1ee3p ph\u00e1p, \u0111\u1eddi s\u1ed1ng \u1ea9m th\u1ef1c v\u00e0 cu\u1ed9c s\u1ed1ng v\u1ec1 \u0111\u00eam c\u1ee7a Bahrain r\u1ea5t \u0111\u01b0\u1ee3c ng\u01b0\u1eddi d\u00e2n \u0111\u1ecba ph\u01b0\u01a1ng v\u00e0 kh\u00e1ch du l\u1ecbch \u1ea2 R\u1eadp Saudi \u01b0a chu\u1ed9ng.<\/p>\n\n\n\n<p>\u1ede Manama, c\u00e1c qu\u00e1n bar th\u1ec3 thao r\u1ea5t ph\u1ed5 bi\u1ebfn, v\u00e0 Nh\u00e0 h\u00e0ng JJ&#039;s Irish l\u00e0 m\u1ed9t trong nh\u1eefng qu\u00e1n bar tuy\u1ec7t v\u1eddi nh\u1ea5t. Bizarre Lounge t\u1ea1i Le M\u00e9ridien v\u00e0 Casa Bar &amp; Terrace t\u1ea1i Mercure Grand Seef l\u00e0 hai trong s\u1ed1 nh\u1eefng qu\u00e1n bar v\u00e0 h\u1ed9p \u0111\u00eam tuy\u1ec7t v\u1eddi nh\u1ea5t trong s\u1ed1 c\u00e1c kh\u00e1ch s\u1ea1n cao c\u1ea5p c\u1ee7a khu v\u1ef1c. Ibrida t\u1ea1i Ramee Grand Hotel v\u00e0 Club XS t\u1ea1i Ramee Rose Hotel l\u00e0 nh\u1eefng h\u1ed9p \u0111\u00eam n\u1ed5i ti\u1ebfng. \u1ede h\u1ea7u h\u1ebft c\u00e1c h\u1ed9p \u0111\u00eam n\u1ed5i ti\u1ebfng, c\u00e1c ch\u01b0\u01a1ng tr\u00ecnh khuy\u1ebfn m\u00e3i \u0111\u1ed3 u\u1ed1ng gi\u1edd v\u00e0ng v\u00e0 \u0111\u00eam d\u00e0nh cho ph\u1ee5 n\u1eef \u0111\u01b0\u1ee3c t\u1ed5 ch\u1ee9c v\u00e0o c\u00e1c bu\u1ed5i t\u1ed1i trong tu\u1ea7n.<\/p>\n\n\n\n<h3 class=\"wp-block-heading\">B\u1eefa s\u00e1ng mu\u1ed9n<\/h3>\n\n\n\n<p>V\u1edbi h\u00e0nh \u0111\u1ed9ng tr\u00ean \u0111\u01b0\u1eddng \u0111ua kh\u00f4ng b\u1eaft \u0111\u1ea7u cho \u0111\u1ebfn t\u1eadn sau \u0111\u00f3, t\u1ea1i sao kh\u00f4ng b\u1eaft \u0111\u1ea7u ng\u00e0y c\u1ee7a b\u1ea1n b\u1eb1ng m\u1ed9t truy\u1ec1n th\u1ed1ng \u0111\u1ecba \u0111i\u1ec3m ph\u1ed5 bi\u1ebfn. B\u1eefa s\u00e1ng mu\u1ed9n &#034;\u0103n th\u1ea3 ga&#034; xa hoa \u0111\u01b0\u1ee3c ph\u1ee5c v\u1ee5 t\u1ea1i v\u00f4 s\u1ed1 nh\u00e0 h\u00e0ng tr\u00ean kh\u1eafp Manama, \u0111\u1eb7c bi\u1ec7t l\u00e0 t\u1ea1i c\u00e1c kh\u00e1ch s\u1ea1n cao c\u1ea5p nh\u01b0 Le M\u00e9ridien &amp; Ritz Carlton. Th\u1ee9 s\u00e1u v\u00e0 th\u1ee9 b\u1ea3y l\u00e0 nh\u1eefng ng\u00e0y ph\u1ed5 bi\u1ebfn nh\u1ea5t. B\u1ea1n s\u1ebd ph\u1ea3i tr\u1ea3 m\u1ed9t s\u1ed1 ti\u1ec1n c\u1ed1 \u0111\u1ecbnh (th\u01b0\u1eddng l\u00e0 20-40 BHD \/ 50-100 \u0111\u00f4 la M\u1ef9) cho t\u1ea5t c\u1ea3 \u0111\u1ed3 \u0103n v\u00e0 \u0111\u1ed3 u\u1ed1ng m\u00e0 b\u1ea1n c\u00f3 th\u1ec3 x\u1eed l\u00fd trong 3-4 gi\u1edd. N\u1ebfu b\u1ea1n \u0111\u1ebfn s\u1edbm cho cu\u1ed9c \u0111ua n\u0103m sau, nhi\u1ec1u nh\u00e0 h\u00e0ng s\u1ebd t\u1ed5 ch\u1ee9c Ng\u00e0y Th\u00e1nh Patrick v\u00e0o ng\u00e0y 17 th\u00e1ng 3 v\u1edbi c\u00e1c s\u1ef1 ki\u1ec7n theo ch\u1ee7 \u0111\u1ec1 \u0111\u1eb7c bi\u1ec7t.<\/p>\n\n\n\n<h3 class=\"wp-block-heading\">Ti\u1ec7c buffet<\/h3>\n\n\n\n<p>Ngo\u00e0i b\u1eefa s\u00e1ng mu\u1ed9n, m\u1ed9t s\u1ed1 kh\u00e1ch s\u1ea1n v\u00e0 nh\u00e0 h\u00e0ng t\u1ed1t nh\u1ea5t c\u1ee7a th\u00e0nh ph\u1ed1 c\u00f2n cung c\u1ea5p ti\u1ec7c buffet &#034;\u0103n th\u1ea3 ga&#034; trong tu\u1ea7n, \u0111\u1eb7c bi\u1ec7t l\u00e0 t\u1eeb t\u1ed1i th\u1ee9 T\u01b0 \u0111\u1ebfn t\u1ed1i th\u1ee9 S\u00e1u. C\u00e1c ti\u1ec7c buffet ph\u1ed5 bi\u1ebfn bao g\u1ed3m c\u00e1c bu\u1ed5i t\u1ed1i theo ch\u1ee7 \u0111\u1ec1 t\u1ea1i Crowne Plaza, \u1ea9m th\u1ef1c \u1ea4n \u0110\u1ed9 v\u00e0o th\u1ee9 N\u0103m v\u00e0 th\u1ee9 S\u00e1u t\u1ea1i Nh\u00e0 h\u00e0ng Lanterns v\u00e0 h\u1ea3i s\u1ea3n v\u00e0o t\u1ed1i th\u1ee9 N\u0103m t\u1ea1i Le M\u00e9ridien.<\/p>\n\n\n\n<h3 class=\"wp-block-heading\">C\u00f4ng l\u00fd<\/h3>\n\n\n\n<p>Nhi\u1ec1u nh\u00e0 h\u00e0ng t\u1ed1t nh\u1ea5t c\u1ee7a Manama n\u1eb1m \u1edf khu ph\u1ed1 Adliya. C\u00e1c qu\u00e1n c\u00e0 ph\u00ea n\u1ed5i ti\u1ebfng bao g\u1ed3m Coco&#039;s, ph\u1ee5c v\u1ee5 c\u00e1c m\u00f3n \u0103n truy\u1ec1n th\u1ed1ng c\u1ee7a M\u1ef9 v\u00e0 Caf\u00e9 Lilou, mang phong c\u00e1ch Paris. Rasoi by Vineet ph\u1ee5c v\u1ee5 m\u1ed9t s\u1ed1 m\u00f3n \u0103n \u1ea4n \u0110\u1ed9 tuy\u1ec7t v\u1eddi nh\u1ea5t \u1edf Manama; g\u1ea7n \u0111\u00f3, Polo Gastropub trong Palace Boutique Hotel c\u00f3 c\u00e1c lo\u1ea1i b\u00e1nh m\u00ec k\u1eb9p th\u1ecbt ngon v\u00e0 nh\u1ea1c s\u1ed1ng, v\u00e0 The Meat Company ph\u1ee5c v\u1ee5 c\u00e1c lo\u1ea1i th\u1ecbt b\u00f2 b\u00edt t\u1ebft h\u1ea3o h\u1ea1ng.<\/p>\n\n\n\n<h3 class=\"wp-block-heading\">\u1ea8m th\u1ef1c Bahrain<\/h3>\n\n\n\n<p>\u0110\u1eebng r\u1eddi Manama m\u00e0 kh\u00f4ng th\u01b0\u1edfng th\u1ee9c \u1ea9m th\u1ef1c b\u1ea3n \u0111\u1ecba ngon tuy\u1ec7t. C\u00e1c c\u00f4ng th\u1ee9c n\u1ea5u \u0103n ph\u1ed5 bi\u1ebfn bao g\u1ed3m machboos (c\u01a1m th\u01a1m h\u01b0\u01a1ng th\u1ecbt), th\u1ecbt n\u01b0\u1edbng v\u1edbi khubus (b\u00e1nh m\u00ec m\u1ec1m), nasheef (khoai t\u00e2y v\u00e0 th\u1ecbt h\u1ea7m), v\u00e0 luqaimat (s\u1ee7i c\u1ea3o ng\u1ecdt). Haji Gahwa l\u00e0 m\u1ed9t qu\u00e1n c\u00e0 ph\u00ea ven \u0111\u01b0\u1eddng \u1edf Manama Souk ph\u1ee5c v\u1ee5 c\u00e1c b\u1eefa \u0103n n\u1ea5u t\u1ea1i nh\u00e0 ngon v\u00e0 r\u1ebb, trong khi Basta 23 \u1edf Riyadat Mall mang \u0111\u1ebfn m\u1ed9t g\u00f3c nh\u00ecn \u0111\u01b0\u01a1ng \u0111\u1ea1i v\u1ec1 \u1ea9m th\u1ef1c \u0111\u1ecba ph\u01b0\u01a1ng truy\u1ec1n th\u1ed1ng.<\/p>","protected":false},"excerpt":{"rendered":"<p>\u0110\u1eddi s\u1ed1ng v\u1ec1 \u0111\u00eam c\u1ee7a Bahrain kh\u00e1 ph\u00e1t tri\u1ec3n, \u0111i\u1ec1u n\u00e0y th\u1eadt \u0111\u00e1ng ng\u1ea1c nhi\u00ean. \u0110i\u1ec1u n\u00e0y ch\u1ee7 y\u1ebfu l\u00e0 do s\u1ef1 khoan dung c\u1ee7a ch\u00ednh ph\u1ee7 v\u00e0 s\u1ed1 l\u01b0\u1ee3ng l\u1edbn ng\u01b0\u1eddi n\u01b0\u1edbc ngo\u00e0i sinh s\u1ed1ng t\u1ea1i \u0111\u1ea5t n\u01b0\u1edbc n\u00e0y. Bahrain th\u01b0\u1eddng \u0111\u01b0\u1ee3c g\u1ecdi l\u00e0 &#034;Hawaii c\u1ee7a Trung \u0110\u00f4ng&#034;. M\u1ecdi ng\u01b0\u1eddi s\u1ebd t\u00ecm th\u1ea5y ni\u1ec1m vui sau khi m\u1eb7t tr\u1eddi l\u1eb7n. Tr\u00ean to\u00e0n qu\u1ed1c, c\u00f3 c\u00e1c v\u0169 tr\u01b0\u1eddng, qu\u00e1n karaoke v\u00e0 c\u00e2u l\u1ea1c b\u1ed9 nh\u1ea1c s\u1ed1ng.<\/p>","protected":false},"author":1,"featured_media":35455,"parent":35335,"menu_order":0,"comment_status":"closed","ping_status":"closed","template":"elementor_theme","meta":{"_eb_attr":"","footnotes":""},"class_list":["post-35452","page","type-page","status-publish","has-post-thumbnail"],"_links":{"self":[{"href":"https:\/\/travelshelper.com\/vi\/wp-json\/wp\/v2\/pages\/35452","targetHints":{"allow":["GET"]}}],"collection":[{"href":"https:\/\/travelshelper.com\/vi\/wp-json\/wp\/v2\/pages"}],"about":[{"href":"https:\/\/travelshelper.com\/vi\/wp-json\/wp\/v2\/types\/page"}],"author":[{"embeddable":true,"href":"https:\/\/travelshelper.com\/vi\/wp-json\/wp\/v2\/users\/1"}],"replies":[{"embeddable":true,"href":"https:\/\/travelshelper.com\/vi\/wp-json\/wp\/v2\/comments?post=35452"}],"version-history":[{"count":0,"href":"https:\/\/travelshelper.com\/vi\/wp-json\/wp\/v2\/pages\/35452\/revisions"}],"up":[{"embeddable":true,"href":"https:\/\/travelshelper.com\/vi\/wp-json\/wp\/v2\/pages\/35335"}],"wp:featuredmedia":[{"embeddable":true,"href":"https:\/\/travelshelper.com\/vi\/wp-json\/wp\/v2\/media\/35455"}],"wp:attachment":[{"href":"https:\/\/travelshelper.com\/vi\/wp-json\/wp\/v2\/media?parent=35452"}],"curies":[{"name":"wp","href":"https:\/\/api.w.org\/{rel}","templated":true}]}}