{"id":17423,"date":"2024-09-26T13:36:25","date_gmt":"2024-09-26T13:36:25","guid":{"rendered":"https:\/\/travelshelper.com\/staging\/?page_id=17423"},"modified":"2026-03-13T23:32:26","modified_gmt":"2026-03-13T23:32:26","slug":"araxa","status":"publish","type":"page","link":"https:\/\/travelshelper.com\/vi\/destinations\/south-america\/brazil\/araxa\/","title":{"rendered":"Arax\u00e1"},"content":{"rendered":"<p>N\u1eb1m tr\u00ean v\u00f9ng cao nguy\u00ean nh\u1ea5p nh\u00f4 c\u1ee7a Minas Gerais, Arax\u00e1 tr\u1ea3i d\u00e0i tr\u00ean 1.283 km vu\u00f4ng cao nguy\u00ean r\u1ea3i r\u00e1c th\u1ea3o nguy\u00ean v\u00e0 \u0111\u1ed3i r\u1eebng. L\u00e0 n\u01a1i sinh s\u1ed1ng c\u1ee7a 111.691 c\u01b0 d\u00e2n t\u00ednh \u0111\u1ebfn n\u0103m 2022, n\u01a1i \u0111\u00e2y \u0111\u00f3ng vai tr\u00f2 l\u00e0 trung t\u00e2m c\u1ee7a m\u1ed9t khu v\u1ef1c g\u1ed3m t\u00e1m th\u00e0nh ph\u1ed1 v\u1edbi 176.736 c\u01b0 d\u00e2n (s\u1ed1 li\u1ec7u n\u0103m 2017). M\u1eb7c d\u00f9 ch\u1ec9 c\u00f3 3,45 km vu\u00f4ng bao g\u1ed3m ranh gi\u1edbi \u0111\u00f4 th\u1ecb, Arax\u00e1 c\u00f3 m\u1ed9t c\u1ea3nh quan tr\u1ea3i d\u00e0i g\u1ea7n 10.000 km vu\u00f4ng, \u0111an xen c\u00e1c th\u1ecb tr\u1ea5n nh\u1ecf v\u00e0 c\u00e1c khu \u0111i\u1ec1n trang n\u00f4ng th\u00f4n th\u00e0nh m\u1ed9t t\u1ea5m th\u1ea3m duy nh\u1ea5t.<\/p>\n<p>L\u00e2u tr\u01b0\u1edbc khi nh\u1eefng ng\u01b0\u1eddi n\u00f4ng d\u00e2n \u0111\u1ea7u ti\u00ean \u0111\u1ebfn, c\u00e2u chuy\u1ec7n c\u1ee7a Arax\u00e1 thu\u1ed9c v\u1ec1 nh\u1eefng ng\u01b0\u1eddi do chi\u1ebfn binh Andaia-Aru l\u00e3nh \u0111\u1ea1o. T\u00e1ch kh\u1ecfi b\u1ed9 t\u1ed9c Cataguases v\u00e0o th\u1ebf k\u1ef7 16, ng\u01b0\u1eddi Arax\u00e1 \u0111\u1ecbnh c\u01b0 d\u1ecdc theo Rio Grande v\u00e0 d\u01b0\u1edbi b\u00f3ng c\u1ee7a Serra da Canastra. H\u1ecd s\u1ed1ng c\u00e2n b\u1eb1ng v\u1edbi \u0111\u1ea5t \u0111ai trong kho\u1ea3ng m\u1ed9t th\u1ebf k\u1ef7, cho \u0111\u1ebfn khi t\u1eebng \u0111\u1ee3t s\u00f3ng c\u00e1c cu\u1ed9c th\u00e1m hi\u1ec3m c\u1ee7a ng\u01b0\u1eddi ch\u00e2u \u00c2u tr\u00e0n qua, khao kh\u00e1t g\u1ed7 v\u00e0 n\u01b0\u1edbc. C\u0103ng th\u1eb3ng b\u00f9ng ph\u00e1t, c\u00e1c hi\u1ec7p \u01b0\u1edbc tan v\u1ee1, v\u00e0 v\u00e0o gi\u1eefa nh\u1eefng n\u0103m 1600, ng\u01b0\u1eddi Arax\u00e1 b\u1ecb \u0111u\u1ed5i kh\u1ecfi v\u00f9ng \u0111\u1ea5t m\u00e0 h\u1ecd \u0111\u00e3 \u0111\u1ecbnh h\u00ecnh.<\/p>\n<p>D\u01b0\u1edbi ng\u1ecdn c\u1edd c\u1ee7a Captaincy of Minas Gerais, ch\u00ednh quy\u1ec1n thu\u1ed9c \u0111\u1ecba \u0111\u00e3 ph\u00e1i bandeira c\u1ee7a Campo In\u00e1cio Correia de Pamplona \u0111i l\u1eadp b\u1ea3n \u0111\u1ed3 v\u00e0 tuy\u00ean b\u1ed1 l\u00e3nh th\u1ed5. Trong nh\u1eefng th\u1eadp k\u1ef7 ti\u1ebfp theo, c\u00e1c khu \u0111\u1ecbnh c\u01b0 \u0111\u00e3 xu\u1ea5t hi\u1ec7n m\u1ed9t c\u00e1ch th\u1eadn tr\u1ecdng gi\u1eefa c\u00e1c d\u00f2ng su\u1ed1i v\u00e0 ng\u1ecdn \u0111\u1ed3i, nh\u1eefng ng\u01b0\u1eddi n\u00f4ng d\u00e2n khai ph\u00e1 t\u01b0\u01a1ng lai t\u1eeb nh\u1eefng khu r\u1eebng r\u1eadm r\u1ea1p. N\u0103m 1791, khi m\u1ed9t nh\u00f3m nh\u1ecf c\u00e1c trang tr\u1ea1i t\u1eadp h\u1ee3p xung quanh m\u1ed9t nh\u00e0 nguy\u1ec7n, gi\u00e1o x\u1ee9 S\u00e3o Domingos de Arax\u00e1\u2014\u0111\u01b0\u1ee3c \u0111\u1eb7t theo t\u00ean ng\u01b0\u1eddi s\u00e1ng l\u1eadp ra d\u00f2ng \u0110aminh\u2014\u0111\u00e3 ra \u0111\u1eddi. B\u1ed1n th\u1eadp k\u1ef7 sau, gi\u00e1o x\u1ee9 n\u00e0y \u0111\u00e3 \u0111\u1ea3m b\u1ea3o \u0111\u01b0\u1ee3c v\u1ecb th\u1ebf c\u1ee7a vila (th\u1ecb tr\u1ea5n), v\u00e0 \u0111\u1ebfn ng\u00e0y 19 th\u00e1ng 12 n\u0103m 1865, gi\u00e1o x\u1ee9 n\u00e0y mang t\u00ean Arax\u00e1 nh\u01b0 m\u1ed9t th\u00e0nh ph\u1ed1 \u0111\u01b0\u1ee3c c\u00f4ng nh\u1eadn.<\/p>\n<p>V\u1ec1 m\u1eb7t \u0111\u1ecba l\u00fd, Arax\u00e1 cao 973 m\u00e9t so v\u1edbi m\u1ef1c n\u01b0\u1edbc bi\u1ec3n, c\u00e1c m\u1ea1ch c\u1ee7a n\u00f3 \u0111\u01b0\u1ee3c bao quanh b\u1edfi c\u00e1c con s\u00f4ng v\u00e0 d\u00f2ng su\u1ed1i nh\u1ecf. Ph\u00eda b\u1eafc v\u00e0 t\u00e2y b\u1eafc l\u00e0 Perdizes, trong khi Ibi\u00e1 gi\u00e1p v\u1edbi ph\u00eda \u0111\u00f4ng, Tapira \u1edf ph\u00eda nam v\u00e0 Sacramento \u1edf ph\u00eda t\u00e2y nam. Serra da Bocaina xuy\u00ean qua \u0111\u01b0\u1eddng ch\u00e2n tr\u1eddi \u1edf \u0111\u1ed9 cao 1.359 m\u00e9t\u2014\u0111\u1ec9nh cao nh\u1ea5t c\u1ee7a th\u00e0nh ph\u1ed1\u2014trong khi \u0111\u1ea5t th\u1ea5p xu\u1ed1ng 910 m\u00e9t b\u1edfi S\u00f4ng Capivara. Nhi\u1ec7t \u0111\u1ed9 trung b\u00ecnh h\u00e0ng n\u0103m l\u00e0 20,98 \u00b0C v\u00e0 l\u01b0\u1ee3ng m\u01b0a g\u1ea7n hai m\u00e9t m\u1ed7i n\u0103m \u0111\u00e3 t\u1ea1o n\u00ean c\u1ea3 nh\u1eefng khu r\u1eebng t\u01b0\u01a1i t\u1ed1t v\u00e0 \u0111\u1ed3ng c\u1ecf m\u00e0u m\u1ee1, m\u1ed9t kh\u00ed h\u1eadu d\u1ec5 \u200b\u200bch\u1ecbu \u0111\u1ee7 cho nh\u1eefng bu\u1ed5i chi\u1ec1u th\u01b0 th\u00e1i d\u01b0\u1edbi b\u1ea7u tr\u1eddi r\u1ed9ng l\u1edbn.<\/p>\n<p>Khi Khu ph\u1ee9c h\u1ee3p Th\u1ee7y nhi\u1ec7t v\u00e0 Kh\u00e1ch s\u1ea1n Barreiro m\u1edf c\u1eeda v\u00e0o nh\u1eefng n\u0103m 1940, c\u00e1c su\u1ed1i n\u01b0\u1edbc kho\u00e1ng gi\u00e0u kho\u00e1ng ch\u1ea5t c\u1ee7a Arax\u00e1 \u0111\u00e3 bi\u1ebfn \u0111\u1ed5i n\u1ec1n kinh t\u1ebf c\u1ee7a n\u01a1i n\u00e0y. Du kh\u00e1ch \u0111\u1ebfn \u0111\u00e2y \u0111\u1ec3 ng\u00e2m m\u00ecnh trong n\u01b0\u1edbc \u0111\u01b0\u1ee3c cho l\u00e0 c\u00f3 t\u00e1c d\u1ee5ng l\u00e0m d\u1ecbu b\u1ec7nh th\u1ea5p kh\u1edbp v\u00e0 c\u00e1c b\u1ec7nh v\u1ec1 da; h\u1ecd n\u00e1n l\u1ea1i \u0111\u1ec3 \u0111i\u1ec1u tr\u1ecb b\u1eb1ng b\u00f9n v\u00e0o ban ng\u00e0y v\u00e0 nh\u1ea3y m\u00faa d\u01b0\u1edbi nh\u1eefng chi\u1ebfc \u0111\u00e8n ch\u00f9m v\u00e0o ban \u0111\u00eam.<\/p>\n<p>Kh\u00e1ch s\u1ea1n Grande, \u0111\u01b0\u1ee3c kh\u00e1nh th\u00e0nh v\u00e0o n\u0103m 1944 b\u1edfi Th\u1ed1ng \u0111\u1ed1c Benedito Valadares c\u00f9ng v\u1edbi T\u1ed5ng th\u1ed1ng Get\u00falio Vargas, \u0111\u00e3 k\u1ebft tinh k\u1ef7 nguy\u00ean \u0111\u01b0\u1ee3c ca ng\u1ee3i n\u00e0y. V\u1edbi m\u1eb7t ti\u1ec1n r\u1ed9ng r\u00e3i theo phong c\u00e1ch Art Deco v\u00e0 s\u00e2n hi\u00ean nh\u00ecn ra khu v\u01b0\u1eddn spa, n\u01a1i \u0111\u00e2y nhanh ch\u00f3ng tr\u1edf th\u00e0nh b\u1ed1i c\u1ea3nh cho c\u00e1c cu\u1ed9c t\u1ee5 h\u1ecdp ch\u00ednh tr\u1ecb, ti\u1ec7c t\u1ed1i ngh\u1ec7 thu\u1eadt v\u00e0 ti\u1ec7c gala. Ngay c\u1ea3 ng\u00e0y nay, h\u00e0nh lang l\u00e1t \u0111\u00e1 c\u1ea9m th\u1ea1ch v\u00e0 ph\u00f2ng khi\u00eau v\u0169 cao c\u1ea5p c\u1ee7a n\u01a1i n\u00e0y v\u1eabn g\u1ee3i nh\u1edb \u0111\u1ebfn k\u1ef7 nguy\u00ean thanh l\u1ecbch \u0111\u00e3 thu h\u00fat gi\u1edbi th\u01b0\u1ee3ng l\u01b0u c\u1ee7a Brazil \u0111\u1ebfn th\u1ecb tr\u1ea5n spa n\u1ed9i \u0111\u1ecba n\u00e0y.<\/p>\n<p>S\u1ee9c h\u1ea5p d\u1eabn c\u1ee7a m\u00e0n b\u1ea1c: \u201cDona Beija\u201d v\u00e0 h\u01a1n th\u1ebf n\u1eefa<br \/>\nDanh ti\u1ebfng r\u1ed9ng r\u00e3i h\u01a1n c\u1ee7a Arax\u00e1 xu\u1ea5t hi\u1ec7n tr\u00ean m\u00e0n \u1ea3nh truy\u1ec1n h\u00ecnh v\u00e0o nh\u1eefng n\u0103m 1980 v\u1edbi telenovela \u201cDona Beija.\u201d T\u1eadp trung v\u00e0o cu\u1ed9c \u0111\u1eddi c\u1ee7a m\u1ed9t n\u1eef anh h\u00f9ng \u0111\u1ecba ph\u01b0\u01a1ng c\u00f3 nhi\u1ec1u c\u00e2u chuy\u1ec7n\u2014ng\u01b0\u1eddi ta \u0111\u1ed3n r\u1eb1ng c\u00f4 \u0111\u00e3 b\u1ecb tr\u1ea7y x\u01b0\u1edbc da do t\u1eafm n\u01b0\u1edbc n\u00f3ng\u2014b\u1ed9 phim \u0111\u00e3 kh\u1eafc h\u1ecda nh\u1eefng ng\u00f4i nh\u00e0 th\u1eddi thu\u1ed9c \u0111\u1ecba c\u1ee7a Arax\u00e1, nh\u1eefng qu\u1ea3ng tr\u01b0\u1eddng ng\u1eadp tr\u00e0n \u00e1nh n\u1eafng v\u00e0 nh\u1eefng d\u00f2ng su\u1ed1i quanh co ch\u1ea3y v\u00e0o ph\u00f2ng kh\u00e1ch tr\u00ean to\u00e0n qu\u1ed1c. Kh\u00e1ch du l\u1ecbch, b\u1ecb thu h\u00fat b\u1edfi nh\u1eefng khung c\u1ea3nh l\u00e3ng m\u1ea1n c\u1ee7a b\u1ed9 phim, b\u1eaft \u0111\u1ea7u t\u00ecm ki\u1ebfm ch\u00ednh nh\u1eefng con ph\u1ed1 v\u00e0 \u0111\u00e0i phun n\u01b0\u1edbc n\u01a1i b\u1ed9 phim di\u1ec5n ra.<\/p>\n<p>B\u00ean d\u01b0\u1edbi b\u1ec1 m\u1eb7t c\u1ee7a n\u00f3, Arax\u00e1 n\u1eafm gi\u1eef m\u1ed9t trong nh\u1eefng tr\u1eef l\u01b0\u1ee3ng niobi gi\u00e0u nh\u1ea5t th\u1ebf gi\u1edbi\u2014\u0111\u1ee7 \u0111\u1ec3 \u0111\u00e1p \u1ee9ng nhu c\u1ea7u to\u00e0n c\u1ea7u trong g\u1ea7n n\u0103m th\u1ebf k\u1ef7. Companhia Brasileira de Metalurgia e Minera\u00e7\u00e3o (CBMM) d\u1eabn \u0111\u1ea7u v\u1ec1 khai th\u00e1c v\u00e0 ch\u1ebf bi\u1ebfn, cung c\u1ea5p cho ng\u00e0nh c\u00f4ng nghi\u1ec7p h\u00e0ng kh\u00f4ng v\u0169 tr\u1ee5 c\u00e1c lo\u1ea1i th\u00e9p v\u00e0 h\u1ee3p kim chuy\u00ean d\u1ee5ng cho \u0111\u1ed9ng c\u01a1 ph\u1ea3n l\u1ef1c, t\u00ean l\u1eeda v\u00e0 thi\u1ebft b\u1ecb ch\u1ecbu nhi\u1ec7t \u0111\u1ed9 cao. G\u1ea7n \u0111\u00f3, Vale Fertilizantes SA v\u1eadn h\u00e0nh nh\u00e0 m\u00e1y superphosphate l\u1edbn nh\u1ea5t Brazil, s\u1ea3n xu\u1ea5t c\u00e1c ch\u1ea5t c\u00f4 \u0111\u1eb7c phosphate quan tr\u1ecdng cho ph\u00e2n b\u00f3n.<\/p>\n<p>N\u0103m 2005, GDP c\u1ee7a Arax\u00e1 \u0111\u1ea1t 1,439 t\u1ef7 real, chia \u0111\u1ec1u cho c\u00f4ng nghi\u1ec7p v\u00e0 d\u1ecbch v\u1ee5. N\u0103m \u0111\u00f3, 2.865 ng\u01b0\u1eddi l\u00e0m vi\u1ec7c trong ng\u00e0nh s\u1ea3n xu\u1ea5t, 1.498 ng\u01b0\u1eddi trong ng\u00e0nh x\u00e2y d\u1ef1ng, 7.636 ng\u01b0\u1eddi trong ng\u00e0nh th\u01b0\u01a1ng m\u1ea1i, 1.296 ng\u01b0\u1eddi trong ng\u00e0nh kh\u00e1ch s\u1ea1n v\u00e0 nh\u00e0 h\u00e0ng, v\u00e0 2.691 ng\u01b0\u1eddi trong ng\u00e0nh h\u00e0nh ch\u00ednh c\u00f4ng\u2014nh\u1eefng con s\u1ed1 ph\u1ea3n \u00e1nh m\u1ed9t n\u1ec1n kinh t\u1ebf c\u00e2n b\u1eb1ng.<\/p>\n<p>B\u01b0\u1edbc v\u00e0o trung t\u00e2m th\u00e0nh ph\u1ed1 Arax\u00e1 ng\u00e0y nay, ng\u01b0\u1eddi ta th\u1ea5y nh\u1eefng m\u1eb7t ti\u1ec1n s\u00e1ng s\u1ee7a d\u1ecdc theo nh\u1eefng con ph\u1ed1 l\u00e1t \u0111\u00e1 cu\u1ed9i. \u00c1nh n\u1eafng bu\u1ed5i chi\u1ec1u chi\u1ebfu xi\u00ean qua nh\u1eefng c\u00e0nh c\u00e2y h\u00e0ng th\u1ebf k\u1ef7 \u1edf Pra\u00e7a Governador Valadares, n\u01a1i nh\u1eefng ng\u01b0\u1eddi cao tu\u1ed5i tr\u00f2 chuy\u1ec7n b\u00ean t\u00e1ch c\u00e0 ph\u00ea t\u1ea1i c\u00e1c qu\u00e1n c\u00e0 ph\u00ea g\u00f3c ph\u1ed1 v\u00e0 tr\u1ebb em \u0111u\u1ed5i b\u1eaft chim b\u1ed3 c\u00e2u g\u1ea7n \u0111\u00e0i phun n\u01b0\u1edbc. Nh\u1eefng ng\u01b0\u1eddi b\u00e1n h\u00e0ng rong b\u00e1n h\u1ea1t c\u00e0 ph\u00ea rang t\u01b0\u01a1i\u2014m\u1ed9t \u0111\u1eb7c s\u1ea3n kh\u00e1c c\u1ee7a v\u00f9ng\u2014v\u00e0 c\u00e1c c\u1eeda h\u00e0ng b\u00e1n b\u00e1nh pastelaria cung c\u1ea5p b\u00e1nh pastel de queijo gi\u1eef \u1ea5m r\u1ea5t l\u00e2u sau khi r\u1eddi kh\u1ecfi l\u00f2 chi\u00ean.<\/p>\n<p>Ngo\u00e0i ranh gi\u1edbi th\u00e0nh ph\u1ed1, kho\u1ea3ng 405 khu \u0111i\u1ec1n trang n\u00f4ng th\u00f4n tr\u1ea3i d\u00e0i tr\u00ean 68.000 ha, n\u01a1i c\u00f3 kho\u1ea3ng 1.500 ng\u01b0\u1eddi ch\u0103m s\u00f3c \u0111\u1ea5t \u0111ai. Kho\u1ea3ng 65.000 \u0111\u1ea7u gia s\u00fac s\u1ea3n xu\u1ea5t n\u1eeda tri\u1ec7u l\u00edt s\u1eefa m\u1ed7i ng\u00e0y (s\u1ed1 li\u1ec7u n\u0103m 2004), trong khi c\u00e1c trang tr\u1ea1i ch\u0103n nu\u00f4i l\u1ee3n v\u00e0 gia c\u1ea7m cung c\u1ea5p cho th\u1ecb tr\u01b0\u1eddng \u0111\u1ecba ph\u01b0\u01a1ng. C\u00e1c c\u00e1nh \u0111\u1ed3ng \u0111\u1eadu n\u00e0nh, ng\u00f4 v\u00e0 c\u00e0 ph\u00ea \u0111a d\u1ea1ng h\u00f3a v\u1ee5 thu ho\u1ea1ch, v\u00e0 22 nh\u00e0 m\u00e1y ch\u01b0ng c\u1ea5t nh\u1ecf s\u1ea3n xu\u1ea5t cacha\u00e7a\u2014m\u1ed9t lo\u1ea1i r\u01b0\u1ee3u m\u1ea1nh l\u00e0m t\u1eeb m\u00eda \u0111\u00e3 tr\u1edf th\u00e0nh di s\u1ea3n v\u0103n h\u00f3a c\u1ee7a Brazil.<\/p>\n<p>C\u00e2u chuy\u1ec7n c\u1ee7a Arax\u00e1 v\u1eabn ti\u1ebfp di\u1ec5n: khu ph\u1ee9c h\u1ee3p spa c\u1ee7a n\u00f3 s\u00e1ng t\u1ea1o ra c\u00e1c li\u1ec7u ph\u00e1p m\u1edbi; CBMM ph\u00e1t tri\u1ec3n c\u00e1c v\u1eadt li\u1ec7u ti\u00ean ti\u1ebfn; n\u00f4ng d\u00e2n th\u1eed nghi\u1ec7m c\u00e1c ho\u1ea1t \u0111\u1ed9ng b\u1ec1n v\u1eefng. C\u00e1c l\u1ec5 h\u1ed9i m\u1edbi t\u00f4n vinh di s\u1ea3n ti\u1ec1n thu\u1ed9c \u0111\u1ecba v\u00e0 ngh\u1ec7 thu\u1eadt, trong khi c\u00e1c ph\u00f2ng tr\u01b0ng b\u00e0y v\u00e0 ch\u1ee3 th\u1ee7 c\u00f4ng m\u1ef9 ngh\u1ec7 l\u00e0m n\u1ed5i b\u1eadt c\u00e1c h\u1ecda s\u0129 v\u00e0 nh\u00e0 \u0111i\u00eau kh\u1eafc \u0111\u1ecba ph\u01b0\u01a1ng. Tuy nhi\u00ean, b\u00ean d\u01b0\u1edbi m\u1ed7i ti\u1ebfn b\u1ed9 hi\u1ec7n \u0111\u1ea1i l\u00e0 ti\u1ebfng r\u00ec r\u00e0o c\u1ee7a nh\u1eefng su\u1ed1i kho\u00e1ng v\u00e0 k\u00fd \u1ee9c v\u1ec1 nh\u1eefng d\u00f2ng s\u00f4ng r\u1ee3p b\u00f3ng r\u1eebng n\u01a1i ng\u01b0\u1eddi Arax\u00e1s l\u1ea7n \u0111\u1ea7u ti\u00ean \u0111\u1eb7t ch\u00e2n \u0111\u1ebfn.<\/p>\n<p>\u1ede th\u00e0nh ph\u1ed1 c\u1ee7a nh\u1eefng d\u00f2ng n\u01b0\u1edbc ch\u1eefa l\u00e0nh, k\u1ef3 quan c\u00f4ng nghi\u1ec7p v\u00e0 s\u1ef1 b\u00ecnh y\u00ean c\u1ee7a \u0111\u1ed3ng qu\u00ea n\u00e0y, th\u1eddi gian d\u01b0\u1eddng nh\u01b0 ch\u1ea1y tr\u00ean hai con \u0111\u01b0\u1eddng - m\u1ed9t con \u0111\u01b0\u1eddng t\u00f4n vinh nh\u1eefng d\u00f2ng su\u1ed1i c\u1ed5 x\u01b0a v\u00e0 l\u00f2ng d\u0169ng c\u1ea3m c\u1ee7a ng\u01b0\u1eddi b\u1ea3n \u0111\u1ecba, con \u0111\u01b0\u1eddng c\u00f2n l\u1ea1i th\u00fac \u0111\u1ea9y Brazil ti\u1ebfn v\u00e0o nh\u1eefng ranh gi\u1edbi m\u1edbi c\u1ee7a khoa h\u1ecdc v\u00e0 th\u01b0\u01a1ng m\u1ea1i. S\u1ee9c m\u1ea1nh th\u1ea7m l\u1eb7ng c\u1ee7a Arax\u00e1 v\u1eabn t\u1ed3n t\u1ea1i, c\u1ea3 trong h\u01a1i n\u01b0\u1edbc b\u1ed1c l\u00ean t\u1eeb c\u00e1c b\u1ed3n t\u1eafm n\u01b0\u1edbc n\u00f3ng v\u00e0 trong nh\u1ecbp \u0111\u1eadp c\u1ee7a m\u1ed9t c\u1ed9ng \u0111\u1ed3ng \u0111\u01b0\u1ee3c h\u00ecnh th\u00e0nh b\u1edfi \u0111\u1ea5t \u0111ai, c\u00e2u chuy\u1ec7n v\u00e0 nh\u1eefng con ng\u01b0\u1eddi d\u00e1m \u1edf l\u1ea1i.<\/p>","protected":false},"excerpt":{"rendered":"<p>With a population of 111,691 as of 2022 Arax\u00e1 is a colorful municipality tucked away in the Minas Gerais state in Western Brazil. Situated about 370 kilometers northwest of the state capital Belo Horizonte, this vibrant metropolis covers an amazing 1,283 square kilometres, with 3.45 square kilometres set aside as the urban boundary. Comprising eight municipalities and spanning an area of 9,493.902 square kilometers with a combined population of 176,736 as of 2017, Arax\u00e1 forms the center point of the Immediate Geographic Region.<\/p>","protected":false},"author":1,"featured_media":17461,"parent":7508,"menu_order":0,"comment_status":"closed","ping_status":"closed","template":"elementor_theme","meta":{"_eb_attr":"","footnotes":""},"class_list":["post-17423","page","type-page","status-publish","has-post-thumbnail"],"_links":{"self":[{"href":"https:\/\/travelshelper.com\/vi\/wp-json\/wp\/v2\/pages\/17423","targetHints":{"allow":["GET"]}}],"collection":[{"href":"https:\/\/travelshelper.com\/vi\/wp-json\/wp\/v2\/pages"}],"about":[{"href":"https:\/\/travelshelper.com\/vi\/wp-json\/wp\/v2\/types\/page"}],"author":[{"embeddable":true,"href":"https:\/\/travelshelper.com\/vi\/wp-json\/wp\/v2\/users\/1"}],"replies":[{"embeddable":true,"href":"https:\/\/travelshelper.com\/vi\/wp-json\/wp\/v2\/comments?post=17423"}],"version-history":[{"count":0,"href":"https:\/\/travelshelper.com\/vi\/wp-json\/wp\/v2\/pages\/17423\/revisions"}],"up":[{"embeddable":true,"href":"https:\/\/travelshelper.com\/vi\/wp-json\/wp\/v2\/pages\/7508"}],"wp:featuredmedia":[{"embeddable":true,"href":"https:\/\/travelshelper.com\/vi\/wp-json\/wp\/v2\/media\/17461"}],"wp:attachment":[{"href":"https:\/\/travelshelper.com\/vi\/wp-json\/wp\/v2\/media?parent=17423"}],"curies":[{"name":"wp","href":"https:\/\/api.w.org\/{rel}","templated":true}]}}