{"id":17330,"date":"2024-09-26T09:31:52","date_gmt":"2024-09-26T09:31:52","guid":{"rendered":"https:\/\/travelshelper.com\/staging\/?page_id=17330"},"modified":"2026-03-12T23:55:16","modified_gmt":"2026-03-12T23:55:16","slug":"leukerbad","status":"publish","type":"page","link":"https:\/\/travelshelper.com\/vi\/destinations\/europe\/switzerland\/leukerbad\/","title":{"rendered":"Leukerbad"},"content":{"rendered":"<p>Leukerbad, m\u1ed9t v\u00f9ng \u0111\u1ea5t cao nguy\u00ean \u1edf bang Valais, chi\u1ebfm 67,2 km2 \u0111\u1ecba h\u00ecnh n\u00fai cao g\u1ed3 gh\u1ec1 \u1edf \u0111\u1ed9 cao 1.411 m\u00e9t so v\u1edbi m\u1ef1c n\u01b0\u1edbc bi\u1ec3n. V\u1edbi d\u00e2n s\u1ed1 1.329 ng\u01b0\u1eddi t\u00ednh \u0111\u1ebfn th\u00e1ng 12 n\u0103m 2020, n\u01a1i n\u00e0y n\u1eb1m trong qu\u1eadn Leuk, c\u00e1c b\u1ee9c t\u01b0\u1eddng thung l\u0169ng d\u1ed1c c\u1ee7a n\u00f3 \u0111\u01b0\u1ee3c bao quanh b\u1edfi Daubenhorn, Balmhorn, Torrenthorn v\u00e0 Gemmi Pass. N\u1ed5i ti\u1ebfng v\u1edbi c\u00e1c v\u00f9ng n\u01b0\u1edbc n\u00f3ng v\u00e0 quang c\u1ea3nh n\u00fai non, th\u00e0nh ph\u1ed1 n\u00e0y\u2014\u0111\u01b0\u1ee3c g\u1ecdi b\u1eb1ng ti\u1ebfng Ph\u00e1p l\u00e0 Lo\u00e8che-les-Bains v\u00e0 ti\u1ebfng \u0110\u1ee9c \u0111\u1ecba ph\u01b0\u01a1ng Walliser l\u00e0 Baadu\u2014\u0111\u00e3 nu\u00f4i d\u01b0\u1ee1ng khu \u0111\u1ecbnh c\u01b0 c\u1ee7a con ng\u01b0\u1eddi k\u1ec3 t\u1eeb \u00edt nh\u1ea5t l\u00e0 th\u1ebf k\u1ef7 th\u1ee9 t\u01b0 tr\u01b0\u1edbc C\u00f4ng nguy\u00ean, ph\u00e1t tri\u1ec3n qua h\u00e0ng thi\u00ean ni\u00ean k\u1ef7 th\u00e0nh m\u1ed9t khu ngh\u1ec9 d\u01b0\u1ee1ng hi\u1ec7n \u0111\u1ea1i k\u1ebft h\u1ee3p c\u00e1c su\u1ed1i n\u01b0\u1edbc n\u00f3ng c\u1ed5 x\u01b0a v\u1edbi c\u01a1 s\u1edf h\u1ea1 t\u1ea7ng \u0111\u01b0\u01a1ng \u0111\u1ea1i.<\/p>\n<p>Nh\u1eefng d\u1ea5u v\u1ebft s\u1edbm nh\u1ea5t v\u1ec1 n\u01a1i c\u01b0 tr\u00fa \u1edf Leukerbad xu\u1ea5t hi\u1ec7n t\u1eeb c\u00e1c ng\u00f4i m\u1ed9 v\u00e0 m\u1ea3nh g\u1ed1m c\u00f3 ni\u00ean \u0111\u1ea1i t\u1eeb th\u1ebf k\u1ef7 th\u1ee9 t\u01b0 tr\u01b0\u1edbc C\u00f4ng nguy\u00ean, cho th\u1ea5y s\u1ee9c h\u1ea5p d\u1eabn c\u1ee7a su\u1ed1i n\u01b0\u1edbc n\u00f3ng \u0111\u00e3 v\u01b0\u1ee3t qua c\u1ea3 truy\u1ec1n thuy\u1ebft ngay c\u1ea3 trong th\u1eddi k\u1ef3 ti\u1ec1n La M\u00e3. Trong th\u1ebf k\u1ef7 th\u1ee9 n\u0103m sau C\u00f4ng nguy\u00ean, \u0110\u00e8o Gemmi \u0111\u00e3 tr\u1edf th\u00e0nh m\u1ed9t tuy\u1ebfn \u0111\u01b0\u1eddng quan tr\u1ecdng gi\u1eefa c\u00e1c bang Valais v\u00e0 Bern, nh\u1eefng con \u0111\u01b0\u1eddng m\u00f2n d\u1ed1c \u0111\u1ee9ng c\u1ee7a n\u00f3 ph\u1ee5c v\u1ee5 cho c\u1ea3 th\u01b0\u01a1ng nh\u00e2n, ng\u01b0\u1eddi h\u00e0nh h\u01b0\u01a1ng v\u00e0 ng\u01b0\u1eddi di c\u01b0. Gi\u00e1 tr\u1ecb chi\u1ebfn l\u01b0\u1ee3c c\u1ee7a h\u00e0nh lang t\u1ef1 nhi\u00ean n\u00e0y t\u1ed3n t\u1ea1i qua nhi\u1ec1u th\u1eddi \u0111\u1ea1i, y\u00ean ng\u1ef1a tr\u00ean cao c\u1ee7a n\u00f3 t\u1ea1o \u0111i\u1ec1u ki\u1ec7n thu\u1eadn l\u1ee3i cho giao l\u01b0u v\u0103n h\u00f3a v\u00e0 kinh t\u1ebf tr\u00ean m\u1ed9t c\u1ea3nh quan v\u1ed1n b\u1ecb bao quanh b\u1edfi nh\u1eefng \u0111\u1ec9nh n\u00fai h\u00f9ng v\u0129.<\/p>\n<p>V\u00e0o n\u0103m 1229, khu \u0111\u1ecbnh c\u01b0 n\u00e0y xu\u1ea5t hi\u1ec7n trong c\u00e1c h\u1ed3 s\u01a1 t\u00e0i li\u1ec7u v\u1edbi t\u00ean g\u1ecdi l\u00e0 \u201cBoez\u201d, \u0111\u00e1nh d\u1ea5u l\u1ea7n \u0111\u1ea7u ti\u00ean \u0111\u01b0\u1ee3c \u0111\u1ec1 c\u1eadp b\u1eb1ng v\u0103n b\u1ea3n v\u1ec1 n\u01a1i s\u1ebd tr\u1edf th\u00e0nh Leukerbad; v\u00e0o th\u1eddi \u0111i\u1ec3m \u0111\u00f3, ti\u1ebfng Ph\u00e1p chi\u1ebfm \u01b0u th\u1ebf nh\u01b0 ng\u00f4n ng\u1eef \u0111\u1ecba ph\u01b0\u01a1ng. Ch\u01b0a \u0111\u1ea7y m\u1ed9t th\u1ebf k\u1ef7 sau, v\u00e0o n\u0103m 1315, c\u1ed9ng \u0111\u1ed3ng \u0111\u00e3 \u0111\u1ea1t \u0111\u01b0\u1ee3c quy\u1ec1n t\u1ef1 ch\u1ee7 c\u1ed9ng \u0111\u1ed3ng v\u00e0 t\u00e0i li\u1ec7u c\u00f2n s\u00f3t l\u1ea1i s\u1edbm nh\u1ea5t li\u00ean quan \u0111\u1ebfn c\u00e1c ph\u00f2ng t\u1eafm ch\u1ee9ng minh r\u1eb1ng du l\u1ecbch nhi\u1ec7t \u0111\u00e3 h\u00ecnh th\u00e0nh. T\u1eeb th\u1eddi \u0111i\u1ec3m \u0111\u00f3 tr\u1edf \u0111i, c\u00e1c su\u1ed1i n\u01b0\u1edbc n\u00f3ng \u0111\u00e3 h\u00ecnh th\u00e0nh n\u00ean h\u1ea1t nh\u00e2n c\u1ee7a m\u1ed9t n\u1ec1n v\u0103n h\u00f3a spa m\u1edbi ra \u0111\u1eddi, thu h\u00fat nh\u1eefng ng\u01b0\u1eddi t\u00ecm ki\u1ebfm s\u1ef1 th\u01b0 gi\u00e3n v\u00e0 s\u1ee9c kh\u1ecfe gi\u1eefa b\u1ea7u kh\u00f4ng kh\u00ed c\u1ee7a d\u00e3y An-p\u01a1.<\/p>\n<p>N\u0103m 1501 \u0111\u01b0\u1ee3c coi l\u00e0 b\u01b0\u1edbc ngo\u1eb7t trong l\u1ecbch s\u1eed c\u1ee7a c\u00e1c su\u1ed1i, khi Matth\u00e4us Schiner\u2014l\u00fac \u0111\u00f3 l\u00e0 Gi\u00e1m m\u1ee5c Sion v\u00e0 sau \u0111\u00f3 l\u00e0 H\u1ed3ng y\u2014b\u1ea3o \u0111\u1ea3m quy\u1ec1n s\u1edf h\u1eefu \u0111\u1ed1i v\u1edbi c\u00e1c ph\u00f2ng t\u1eafm. Trong c\u00e1c ghi ch\u00e9p v\u1ec1 chuy\u1ebfn th\u0103m v\u00f9ng th\u01b0\u1ee3ng l\u01b0u Valais, \u00f4ng \u0111\u00e3 ca ng\u1ee3i c\u00e1c \u0111\u1eb7c t\u00ednh c\u00f3 l\u1ee3i c\u1ee7a ngu\u1ed3n n\u01b0\u1edbc, th\u00fac \u0111\u1ea9y m\u1ed9t m\u00f4i tr\u01b0\u1eddng m\u00e0 du l\u1ecbch nhi\u1ec7t c\u00f3 th\u1ec3 ph\u00e1t tri\u1ec3n m\u1ea1nh. \u0110\u1ed3ng th\u1eddi, ti\u1ebfng \u0110\u1ee9c Walser, \u0111\u01b0\u1ee3c du nh\u1eadp b\u1edfi c\u00e1c c\u1ed9ng \u0111\u1ed3ng Walser di c\u01b0, \u0111\u00e3 thay th\u1ebf ti\u1ebfng Ph\u00e1p l\u00e0m ng\u00f4n ng\u1eef b\u1ea3n \u0111\u1ecba, \u0111\u01b0a v\u00e0o m\u1ed9t ph\u01b0\u01a1ng ng\u1eef \u0110\u1ee9c t\u1ed3n t\u1ea1i cho \u0111\u1ebfn ng\u00e0y nay.<\/p>\n<p>Gi\u1eefa th\u1ebf k\u1ef7 XVI v\u00e0 XVIII, s\u1ef1 th\u1ea5t th\u01b0\u1eddng c\u1ee7a thi\u00ean nhi\u00ean \u0111\u00e3 th\u1eed th\u00e1ch l\u00f2ng ki\u00ean tr\u00ec c\u1ee7a d\u00e2n l\u00e0ng. M\u1ed9t s\u1ed1 tr\u1eadn tuy\u1ebft l\u1edf l\u1edbn \u0111\u1ed5 xu\u1ed1ng t\u1eeb c\u00e1c \u0111\u1ed9 cao xung quanh, ph\u00e1 h\u1ee7y c\u00e1c c\u00f4ng tr\u00ecnh v\u00e0 c\u1eaft \u0111\u1ee9t c\u00e1c tuy\u1ebfn \u0111\u01b0\u1eddng ti\u1ebfp c\u1eadn. M\u1ed7i th\u1ea3m h\u1ecda th\u00fac \u0111\u1ea9y n\u1ed7 l\u1ef1c t\u00e1i thi\u1ebft c\u1ed9ng \u0111\u1ed3ng, t\u1ea1o ra m\u1ed9t ki\u1ebfn \u200b\u200btr\u00fac ki\u00ean c\u01b0\u1eddng k\u1ebft h\u1ee3p \u0111\u00e1 \u0111\u1ecba ph\u01b0\u01a1ng v\u1edbi g\u1ed7, m\u1eb7t ti\u1ec1n v\u1eefng ch\u1eafc v\u00e0 m\u00e1i d\u1ed1c th\u00edch nghi v\u1edbi nh\u1eefng \u0111\u1ee3t t\u1ea5n c\u00f4ng li\u00ean t\u1ee5c c\u1ee7a m\u00f9a \u0111\u00f4ng.<\/p>\n<p>Khi ng\u00e0nh du l\u1ecbch c\u1ee7a Th\u1ee5y S\u0129 n\u1edf r\u1ed9 trong th\u1ebf k\u1ef7 XVIII v\u00e0 XIX, Leukerbad \u0111\u00e3 \u0111\u00f3n nh\u1eadn m\u1ed9t lo\u1ea1t c\u00e1c nh\u00e2n v\u1eadt tr\u00ed th\u1ee9c v\u00e0 v\u0103n h\u1ecdc l\u1ed7i l\u1ea1c. V\u00e0o n\u0103m 1776 v\u00e0 1777, ti\u1ec3u thuy\u1ebft gia ng\u01b0\u1eddi Th\u1ee5y S\u0129 g\u1ed1c H\u00e0 Lan Isabelle de Charri\u00e8re \u0111\u00e3 t\u00ecm ki\u1ebfm s\u1ef1 ngh\u1ec9 ng\u01a1i gi\u1eefa c\u00e1c h\u1ed3 b\u01a1i c\u1ee7a n\u01a1i n\u00e0y; Johann Wolfgang von Goethe c\u0169ng \u0111\u1ebfn v\u00e0o n\u0103m 1779, ghi ch\u00e9p l\u1ea1i hi\u1ec7n t\u01b0\u1ee3ng nhi\u1ec7t trong nh\u1eadt k\u00fd du l\u1ecbch c\u1ee7a m\u00ecnh. M\u1ed9t th\u1ebf k\u1ef7 sau, Guy de Maupassant \u0111\u00e3 \u0111\u1ebfn th\u0103m v\u00e0o n\u0103m 1877, v\u00e0 Mark Twain \u0111\u00e3 \u0111\u1ebfn v\u00e0o n\u0103m 1878\u2014m\u1ed7i ng\u01b0\u1eddi \u0111\u1ec1u b\u1ecb thu h\u00fat b\u1edfi l\u1eddi h\u1ee9a v\u1ec1 s\u1ef1 tr\u1ebb h\u00f3a gi\u1eefa s\u1ef1 h\u00f9ng v\u0129 c\u1ee7a d\u00e3y Anp\u01a1.<\/p>\n<p>S\u1ef1 ra \u0111\u1eddi c\u1ee7a ph\u01b0\u01a1ng ti\u1ec7n giao th\u00f4ng hi\u1ec7n \u0111\u1ea1i \u0111\u00e3 bi\u1ebfn \u0111\u1ed5i thung l\u0169ng v\u00e0o \u0111\u1ea7u th\u1ebf k\u1ef7 XX. N\u0103m 1908, tuy\u1ebfn \u0111\u01b0\u1eddng s\u1eaft Chemin de Fer \u00c9lectrique Leukerbad kh\u00e1nh th\u00e0nh, ch\u1ec9 \u0111\u1ec3 \u0111\u01b0\u1ee3c thay th\u1ebf b\u1eb1ng \u0111\u01b0\u1eddng b\u1ed9 trong nh\u1eefng th\u1eadp k\u1ef7 ti\u1ebfp theo; d\u1ecbch v\u1ee5 t\u00e0u h\u1ecfa ng\u1eebng ho\u1ea1t \u0111\u1ed9ng v\u00e0o n\u0103m 1967. Trong khi \u0111\u00f3, ph\u01b0\u01a1ng ti\u1ec7n v\u1eadn chuy\u1ec3n tr\u00ean kh\u00f4ng \u0111\u00e3 m\u1edf ra nh\u1eefng ch\u00e2n tr\u1eddi m\u1edbi: m\u1ed9t tuy\u1ebfn c\u00e1p treo l\u00ean \u0111\u1ec9nh Gemmi Pass b\u1eaft \u0111\u1ea7u ho\u1ea1t \u0111\u1ed9ng v\u00e0o n\u0103m 1957, ti\u1ebfp theo l\u00e0 tuy\u1ebfn c\u00e1p treo Torrent Alp t\u1eeb n\u0103m 1970 \u0111\u1ebfn n\u0103m 1972. Nh\u1eefng c\u00f4ng tr\u00ecnh n\u00e0y \u0111\u00e3 \u0111\u1ecbnh ngh\u0129a l\u1ea1i c\u1ea3 ho\u1ea1t \u0111\u1ed9ng \u0111i b\u1ed9 \u0111\u01b0\u1eddng d\u00e0i v\u00e0o m\u00f9a h\u00e8 v\u00e0 tr\u01b0\u1ee3t tuy\u1ebft v\u00e0o m\u00f9a \u0111\u00f4ng, gi\u00fap d\u1ec5 d\u00e0ng ti\u1ebfp c\u1eadn nh\u1eefng con \u0111\u01b0\u1eddng m\u00f2n v\u00e0 s\u01b0\u1eddn d\u1ed1c cao.<\/p>\n<p>D\u01b0\u1edbi s\u1ef1 l\u00e3nh \u0111\u1ea1o c\u1ee7a ch\u1ee7 t\u1ecbch th\u00e0nh ph\u1ed1 Otto G. Loretan v\u00e0o nh\u1eefng n\u0103m 1980, Leukerbad \u0111\u00e3 b\u1eaft tay v\u00e0o c\u1ea3i thi\u1ec7n c\u01a1 s\u1edf h\u1ea1 t\u1ea7ng to\u00e0n di\u1ec7n. Trung t\u00e2m su\u1ed1i n\u01b0\u1edbc n\u00f3ng Burgerbad ra m\u1eaft v\u00e0o n\u0103m 1980, cung c\u1ea5p c\u00e1c h\u1ed3 b\u01a1i c\u00f4ng c\u1ed9ng \u0111\u01b0\u1ee3c cung c\u1ea5p n\u01b0\u1edbc t\u1eeb c\u00e1c su\u1ed1i \u1edf nhi\u1ec7t \u0111\u1ed9 51 \u00b0C. M\u1ed9t th\u1eadp k\u1ef7 sau, m\u1ed9t khu li\u00ean h\u1ee3p th\u1ec3 thao \u0111a n\u0103ng \u0111\u00e3 xu\u1ea5t hi\u1ec7n v\u00e0 v\u00e0o n\u0103m 1993, trung t\u00e2m Alpentherme \u0111\u00e3 m\u1edf r\u1ed9ng danh m\u1ee5c ch\u0103m s\u00f3c s\u1ee9c kh\u1ecfe c\u1ee7a ng\u00f4i l\u00e0ng. C\u00f9ng th\u1eddi k\u1ef3 \u0111\u00f3, tuy\u1ebfn \u0111\u01b0\u1eddng leo n\u00fai c\u1ed1 \u0111\u1ecbnh d\u00e0i nh\u1ea5t Th\u1ee5y S\u0129 tr\u00ean Daubenhorn \u0111\u00e3 \u0111\u01b0\u1ee3c kh\u00e1nh th\u00e0nh v\u00e0o n\u0103m 1998\u2014m\u1ed9t via ferrata th\u00e1ch th\u1ee9c nh\u1eefng ng\u01b0\u1eddi leo n\u00fai d\u00e0y d\u1ea1n kinh nghi\u1ec7m v\u1edbi nh\u1eefng \u0111o\u1ea1n \u0111\u01b0\u1eddng ngang l\u1ed9 thi\u00ean v\u00e0 \u0111\u1ed9 th\u1eb3ng \u0111\u1ee9ng ch\u00f3ng m\u1eb7t.<\/p>\n<p>Tuy nhi\u00ean, tham v\u1ecdng t\u00e0i ch\u00ednh \u0111\u00e3 g\u00e2y ra m\u1ed9t cu\u1ed9c kh\u1ee7ng ho\u1ea3ng. \u0110\u1ebfn n\u0103m 1998, n\u1ee3 c\u1ee7a th\u00e0nh ph\u1ed1 \u0111\u00e3 t\u0103ng l\u00ean 346 tri\u1ec7u franc Th\u1ee5y S\u0129\u2014kho\u1ea3ng 200.000 franc cho m\u1ed7i c\u01b0 d\u00e2n\u2014l\u00ean \u0111\u1ebfn \u0111\u1ec9nh \u0111i\u1ec3m l\u00e0 v\u1ee5 ph\u00e1 s\u1ea3n \u0111\u1ea7u ti\u00ean c\u1ee7a m\u1ed9t th\u00e0nh ph\u1ed1 Th\u1ee5y S\u0129. Ch\u00ednh quy\u1ec1n Cantonal n\u1eafm quy\u1ec1n ki\u1ec3m so\u00e1t t\u1eeb n\u0103m 1998 \u0111\u1ebfn n\u0103m 2004, v\u00e0 v\u00e0o th\u00e1ng 8 n\u0103m 2004, c\u1ef1u t\u1ed5ng th\u1ed1ng \u0111\u00e3 nh\u1eadn b\u1ea3n \u00e1n t\u00f9 n\u0103m n\u0103m v\u00ec t\u1ed9i gian l\u1eadn. Nh\u1eefng s\u1ef1 ki\u1ec7n n\u00e0y \u0111\u00e3 nh\u1ea5n m\u1ea1nh \u0111\u1ebfn m\u1ed1i nguy hi\u1ec3m c\u1ee7a vi\u1ec7c m\u1edf r\u1ed9ng qu\u00e1 m\u1ee9c trong m\u1ed9t c\u1ed9ng \u0111\u1ed3ng m\u00e0 ngu\u1ed3n s\u1ed1ng kinh t\u1ebf ph\u1ee5 thu\u1ed9c v\u00e0o d\u00f2ng du kh\u00e1ch kh\u00f4ng li\u00ean t\u1ee5c.<\/p>\n<p>N\u1eb1m gi\u1eefa \u0111\u1ecba h\u00ecnh v\u00e1ch \u0111\u00e1 v\u00e0 s\u00f4ng b\u0103ng, c\u00e1ch s\u1eed d\u1ee5ng \u0111\u1ea5t c\u1ee7a Leukerbad ph\u1ea3n \u00e1nh c\u1ea3 n\u1ed7 l\u1ef1c c\u1ee7a con ng\u01b0\u1eddi v\u00e0 s\u1ef1 kh\u1eafc kh\u1ed5 c\u1ee7a v\u00f9ng n\u00fai cao. Trong s\u1ed1 67,2 km2, 14,2 ph\u1ea7n tr\u0103m h\u1ed7 tr\u1ee3 n\u00f4ng nghi\u1ec7p - ch\u1ee7 y\u1ebfu l\u00e0 \u0111\u1ed3ng c\u1ecf n\u00fai cao - trong khi 8,9 ph\u1ea7n tr\u0103m l\u00e0 r\u1eebng v\u00e0 ch\u1ec9 c\u00f3 1,4 ph\u1ea7n tr\u0103m l\u00e0 n\u01a1i \u0111\u1ecbnh c\u01b0. S\u00f4ng, su\u1ed1i ho\u1eb7c h\u1ed3 chi\u1ebfm 2,0 ph\u1ea7n tr\u0103m v\u00e0 ph\u1ea7n c\u00f2n l\u1ea1i - 73,6 ph\u1ea7n tr\u0103m - \u0111\u01b0\u1ee3c coi l\u00e0 kh\u00f4ng hi\u1ec7u qu\u1ea3, bao g\u1ed3m \u0111\u00e1 tr\u01a1 tr\u1ee5i, s\u00f4ng b\u0103ng v\u00e0 \u0111\u00e1 d\u0103m cao. Nh\u00e0 \u1edf v\u00e0 \u0111\u01b0\u1eddng s\u00e1 l\u1ea7n l\u01b0\u1ee3t chi\u1ebfm 0,8 ph\u1ea7n tr\u0103m v\u00e0 0,3 ph\u1ea7n tr\u0103m, m\u00f4i tr\u01b0\u1eddng x\u00e2y d\u1ef1ng \u00edt \u1ecfi \u0111an xen v\u00e0o \u0111\u1ed3ng c\u1ecf v\u00e0 r\u1eebng c\u00e2y l\u00e1 kim.<\/p>\n<p>\u0110i\u1ec1u ki\u1ec7n kh\u00ed h\u1eadu t\u1ea1o ra nh\u1ecbp \u0111i\u1ec7u theo m\u00f9a \u0111\u1ecbnh h\u00ecnh n\u00ean cu\u1ed9c s\u1ed1ng v\u00e0 gi\u1ea3i tr\u00ed. Trung b\u00ecnh 121,9 ng\u00e0y m\u01b0a ho\u1eb7c tuy\u1ebft m\u1ed7i n\u0103m, khu v\u1ef1c n\u00e0y nh\u1eadn \u0111\u01b0\u1ee3c 1.188 mm l\u01b0\u1ee3ng m\u01b0a, trong \u0111\u00f3 th\u00e1ng 12 l\u00e0 th\u00e1ng \u1ea9m \u01b0\u1edbt nh\u1ea5t v\u1edbi 130 mm trong 10,2 ng\u00e0y. Th\u00e1ng 8 c\u00f3 l\u01b0\u1ee3ng m\u01b0a th\u01b0\u1eddng xuy\u00ean nh\u1ea5t\u201411,4 ng\u00e0y\u2014nh\u01b0ng ch\u1ec9 \u0111\u1ea1t 103 mm, trong khi th\u00e1ng 4 l\u00e0 th\u00e1ng kh\u00f4 nh\u1ea5t, v\u1edbi 72 mm trong 9,9 ng\u00e0y. S\u1ef1 thay \u0111\u1ed5i nh\u01b0 v\u1eady quy\u1ebft \u0111\u1ecbnh c\u1ea3 th\u1eddi \u0111i\u1ec3m ch\u0103n th\u1ea3 gia s\u00fac tr\u00ean \u0111\u1ed3ng c\u1ecf v\u00e0 khung th\u1eddi gian t\u1ed1i \u01b0u cho c\u00e1c ho\u1ea1t \u0111\u1ed9ng du l\u1ecbch.<\/p>\n<p>\u0110\u00e8o Gemmi, cao 2.322 m\u00e9t, v\u1eabn l\u00e0 m\u1ed9t tuy\u1ebfn \u0111\u01b0\u1eddng c\u00f3 truy\u1ec1n th\u1ed1ng gi\u1eefa Valais v\u00e0 Bern. C\u00f3 th\u1ec3 \u0111i \u0111\u1ebfn b\u1eb1ng c\u00e1p treo \u0111\u01b0a du kh\u00e1ch l\u00ean \u0111\u1ec9nh, n\u01a1i \u0111\u00e2y c\u00f3 th\u1ec3 ng\u1eafm to\u00e0n c\u1ea3nh d\u00e3y n\u00fai Bernese v\u00e0 Valais Alps. V\u00e0o m\u00f9a h\u00e8, nh\u1eefng con \u0111\u01b0\u1eddng m\u00f2n tr\u1ea3i r\u1ed9ng v\u1ec1 ph\u00eda Kandersteg, Adelboden v\u00e0 kh\u1ed1i n\u00fai Wildstrubel, trong khi Daubensee\u2014b\u1ec1 m\u1eb7t ph\u1eb3ng l\u1eb7ng \u0111\u01b0\u1ee3c bao quanh b\u1edfi nh\u1eefng s\u01b0\u1eddn d\u1ed1c \u0111\u00e1\u2014thu h\u00fat c\u00e1c gia \u0111\u00ecnh \u0111\u1ebfn \u0111\u00e2y \u0111\u1ec3 d\u00e3 ngo\u1ea1i v\u00e0 \u0111i b\u1ed9 nh\u1eb9 nh\u00e0ng. M\u00f9a \u0111\u00f4ng bi\u1ebfn h\u1ed3 \u0111\u00f3ng b\u0103ng th\u00e0nh \u0111\u1ecba h\u00ecnh tr\u01b0\u1ee3t tuy\u1ebft xuy\u00ean qu\u1ed1c gia, v\u00e0 c\u00e1c tuy\u1ebfn \u0111\u01b0\u1eddng \u0111i gi\u00e0y tr\u01b0\u1ee3t tuy\u1ebft v\u00e0 \u0111\u01b0\u1eddng tr\u01b0\u1ee3t tuy\u1ebft \u0111\u01b0\u1ee3c chu\u1ea9n b\u1ecb s\u1eb5n m\u1eddi g\u1ecdi nhi\u1ec1u h\u00ecnh th\u1ee9c kh\u00e1m ph\u00e1 kh\u00e1c nhau.<\/p>\n<p>\u1ede s\u01b0\u1eddn \u0111\u1ed1i di\u1ec7n, c\u00e1p treo Torrent Alp \u0111i l\u00ean Rinderh\u00fctte \u1edf \u0111\u1ed9 cao 2.313 m\u00e9t, m\u1ed9t c\u1eeda ng\u00f5 v\u00e0o 50 km \u0111\u01b0\u1eddng tr\u01b0\u1ee3t tuy\u1ebft b\u00ean d\u01b0\u1edbi. M\u00f9a h\u00e8 m\u1edf ra m\u1ed9t m\u00ea cung c\u00e1c con \u0111\u01b0\u1eddng \u0111i b\u1ed9 \u0111\u01b0\u1eddng d\u00e0i v\u00e0 \u0111i xe \u0111\u1ea1p leo n\u00fai, m\u1ed7i con \u0111\u01b0\u1eddng \u0111\u1ec1u cung c\u1ea5p c\u00e1c \u0111i\u1ec3m quan s\u00e1t tr\u00ean c\u00e1c \u0111\u1ec9nh n\u00fai nguy\u00ean kh\u1ed1i cao 4.000 m\u00e9t c\u1ee7a Valais v\u00e0 c\u00e1c \u0111\u1ec9nh n\u00fai t\u01b0\u01a1ng \u1ee9ng c\u1ee7a Ph\u00e1p v\u00e0 \u00dd. Nh\u1eefng b\u1ee9c tranh to\u00e0n c\u1ea3nh n\u00e0y t\u01b0\u1edfng th\u01b0\u1edfng cho s\u1ef1 n\u1ed7 l\u1ef1c b\u1eb1ng c\u1ea3m gi\u00e1c chi\u1ebfn th\u1eafng ch\u00f3ng m\u1eb7t gi\u1eefa s\u1ef1 h\u00f9ng v\u0129 c\u1ee7a \u0111\u1ecba ch\u1ea5t.<\/p>\n<p>B\u1ea3n th\u00e2n c\u00e1c su\u1ed1i n\u01b0\u1edbc n\u00f3ng l\u00e0 minh ch\u1ee9ng cho h\u00e0ng ng\u00e0n n\u0103m ho\u1ea1t \u0111\u1ed9ng ng\u1ea7m. K\u1ec3 t\u1eeb th\u1eddi La M\u00e3, c\u00e1c su\u1ed1i n\u01b0\u1edbc n\u00f3ng \u0111\u00e3 n\u1ed5i ti\u1ebfng v\u1ec1 hi\u1ec7u qu\u1ea3 tr\u1ecb li\u1ec7u. Ng\u00e0y nay, 3,9 tri\u1ec7u l\u00edt n\u01b0\u1edbc\u2014\u0111\u01b0\u1ee3c \u0111un n\u00f3ng \u0111\u1ebfn 51 \u00b0C\u2014xu\u1ea5t hi\u1ec7n m\u1ed7i ng\u00e0y, l\u1ea5p \u0111\u1ea7y 22 h\u1ed3 n\u01b0\u1edbc n\u00f3ng n\u1eb1m r\u1ea3i r\u00e1c trong c\u00e1c spa c\u1ee7a kh\u00e1ch s\u1ea1n t\u01b0 nh\u00e2n, Volksheilbad v\u00e0 c\u00e1c khu ph\u1ee9c h\u1ee3p c\u00f4ng c\u1ed9ng. Leukerbad Therme (tr\u01b0\u1edbc \u0111\u00e2y l\u00e0 Burgerbad) v\u00e0 Walliser Alpentherme l\u00e0 nh\u1eefng ph\u00f2ng t\u1eafm c\u00f4ng c\u1ed9ng l\u1edbn nh\u1ea5t, n\u01a1i c\u1ea3 s\u1ef1 chi\u00eam nghi\u1ec7m u\u1ec3 o\u1ea3i v\u00e0 s\u1ef1 t\u1eadn h\u01b0\u1edfng \u0111\u1ed9ng l\u1ef1c\u2014ph\u00f2ng x\u00f4ng h\u01a1i, h\u1ed3 b\u01a1i Kneipp v\u00e0 m\u00e1ng tr\u01b0\u1ee3t tr\u00ean s\u00e2n th\u01b0\u1ee3ng\u2014h\u1ed9i t\u1ee5.<\/p>\n<p>\u0110\u01b0\u1ee3c trang tr\u00ed tr\u00ean m\u1ed9t t\u1ea5m khi\u00ean m\u00e0u \u0111\u1ecf v\u00e0 xanh l\u00e1 c\u00e2y, huy hi\u1ec7u c\u1ee7a Leukerbad c\u00f3 h\u00ecnh m\u1ed9t con k\u1ef3 l\u00e2n b\u1eb1ng b\u1ea1c v\u00e0 v\u00e0ng\u2014v\u1eeba bu\u1ed3n b\u00e3 v\u1eeba \u0111i\u1ec1m t\u0129nh\u2014c\u1ea7m m\u1ed9t chi\u1ebfc c\u1ed1c v\u00e0ng m\u00e0 n\u01b0\u1edbc ch\u1ea3y ra, t\u1ea5t c\u1ea3 \u0111\u1ec1u \u0111\u01b0\u1ee3c \u0111\u1ed9i v\u01b0\u01a1ng mi\u1ec7n b\u1eb1ng v\u00e0ng. Thi\u1ebft b\u1ecb huy hi\u1ec7u n\u00e0y bao h\u00e0m b\u1ea3n s\u1eafc c\u1ee7a th\u00e0nh ph\u1ed1: ng\u01b0\u1eddi b\u1ea3o v\u1ec7 v\u00f9ng n\u01b0\u1edbc c\u1ed5 x\u01b0a, ng\u1ef1 tr\u00ean \u0111\u1ec9nh n\u00fai cao.<\/p>\n<p>Th\u1ed1ng k\u00ea d\u00e2n s\u1ed1 l\u00e0m s\u00e1ng t\u1ecf th\u00eam v\u1ec1 k\u1ebft c\u1ea5u x\u00e3 h\u1ed9i c\u1ee7a ng\u00f4i l\u00e0ng. T\u00ednh \u0111\u1ebfn n\u0103m 2000, 82,8 ph\u1ea7n tr\u0103m c\u01b0 d\u00e2n n\u00f3i ti\u1ebfng \u0110\u1ee9c l\u00e0 ng\u00f4n ng\u1eef \u0111\u1ea7u ti\u00ean, ti\u1ebfp theo l\u00e0 ti\u1ebfng Ph\u00e1p (4,7 ph\u1ea7n tr\u0103m) v\u00e0 ti\u1ebfng B\u1ed3 \u0110\u00e0o Nha (3,7 ph\u1ea7n tr\u0103m); ti\u1ebfng \u00dd v\u00e0 ti\u1ebfng Romansh xu\u1ea5t hi\u1ec7n v\u1edbi s\u1ed1 l\u01b0\u1ee3ng \u00edt h\u01a1n. Ng\u01b0\u1eddi n\u01b0\u1edbc ngo\u00e0i chi\u1ebfm 39,5 ph\u1ea7n tr\u0103m c\u01b0 d\u00e2n v\u00e0o n\u0103m 2008, ph\u1ea3n \u00e1nh m\u1ed9t c\u1ed9ng \u0111\u1ed3ng li\u00ean t\u1ee5c \u0111\u01b0\u1ee3c \u0111\u1ed5i m\u1edbi b\u1edfi nh\u1eefng ng\u01b0\u1eddi lao \u0111\u1ed9ng t\u1ea1m th\u1eddi v\u00e0 nh\u1eefng ng\u01b0\u1eddi di c\u01b0 d\u00e0i h\u1ea1n. Ph\u00e2n b\u1ed1 \u0111\u1ed9 tu\u1ed5i nghi\u00eang v\u1ec1 ng\u01b0\u1eddi l\u1edbn \u0111ang \u0111i l\u00e0m\u201466,7 ph\u1ea7n tr\u0103m trong \u0111\u1ed9 tu\u1ed5i t\u1eeb hai m\u01b0\u01a1i \u0111\u1ebfn s\u00e1u m\u01b0\u01a1i b\u1ed1n\u2014v\u1edbi tr\u1ebb em v\u00e0 ng\u01b0\u1eddi cao tu\u1ed5i chi\u1ebfm l\u1ea7n l\u01b0\u1ee3t 24 ph\u1ea7n tr\u0103m v\u00e0 9,4 ph\u1ea7n tr\u0103m.<\/p>\n<p>Th\u00e0nh ph\u1ea7n h\u1ed9 gia \u0111\u00ecnh cho th\u1ea5y c\u1ea3 s\u1ef1 c\u00f4 \u0111\u01a1n v\u00e0 t\u00ednh \u0111a \u0111\u1ecba ph\u01b0\u01a1ng: trong s\u1ed1 627 h\u1ed9 gia \u0111\u00ecnh tr\u1ea3 l\u1eddi, 31,7 ph\u1ea7n tr\u0103m bao g\u1ed3m nh\u1eefng ng\u01b0\u1eddi \u0111\u1ed9c th\u00e2n, trong khi c\u00e1c c\u1eb7p v\u1ee3 ch\u1ed3ng c\u00f3 v\u00e0 kh\u00f4ng c\u00f3 con chi\u1ebfm t\u1ef7 l\u1ec7 \u0111\u00e1ng k\u1ec3. Ngh\u1ec1 nghi\u1ec7p theo m\u00f9a chi ph\u1ed1i s\u1ed1 li\u1ec7u th\u1ed1ng k\u00ea v\u1ec1 nh\u00e0 ngh\u1ec9: v\u00e0o n\u0103m 2000, ch\u1ec9 c\u00f3 18,1 ph\u1ea7n tr\u0103m c\u0103n h\u1ed9 \u0111\u01b0\u1ee3c \u1edf c\u1ed1 \u0111\u1ecbnh, trong khi 72,5 ph\u1ea7n tr\u0103m \u0111\u01b0\u1ee3c d\u00f9ng l\u00e0m nh\u00e0 ngh\u1ec9 d\u01b0\u1ee1ng v\u00e0 9,4 ph\u1ea7n tr\u0103m b\u1ecf tr\u1ed1ng\u2014m\u1ed9t ch\u1ec9 b\u00e1o r\u00f5 r\u00e0ng v\u1ec1 s\u1ef1 ph\u1ee5 thu\u1ed9c c\u1ee7a Leukerbad v\u00e0o c\u00e1c chu k\u1ef3 du l\u1ecbch.<\/p>\n<p>Ho\u1ea1t \u0111\u1ed9ng kinh t\u1ebf t\u1eadp trung v\u00e0o c\u00e1c ng\u00e0nh d\u1ecbch v\u1ee5. N\u0103m 2008, t\u1ef7 l\u1ec7 th\u1ea5t nghi\u1ec7p l\u00e0 3,1 ph\u1ea7n tr\u0103m; n\u00f4ng nghi\u1ec7p v\u00e0 s\u1ea3n xu\u1ea5t ch\u1ec9 cung c\u1ea5p m\u1ed9t l\u01b0\u1ee3ng vi\u1ec7c l\u00e0m t\u1ed1i thi\u1ec3u, trong khi khu v\u1ef1c d\u1ecbch v\u1ee5 - ch\u1ee7 y\u1ebfu l\u00e0 kh\u00e1ch s\u1ea1n v\u00e0 nh\u00e0 h\u00e0ng - chi\u1ebfm 49,4 ph\u1ea7n tr\u0103m vi\u1ec7c l\u00e0m. B\u00e1n l\u1ebb, v\u1eadn t\u1ea3i, ch\u0103m s\u00f3c s\u1ee9c kh\u1ecfe v\u00e0 gi\u00e1o d\u1ee5c chi\u1ebfm th\u00eam c\u00e1c c\u1ed5 ph\u1ea7n, t\u1ea1o ra m\u1ed9t b\u1ee9c tranh kh\u1ea3m vi\u1ec7c l\u00e0m ph\u00f9 h\u1ee3p v\u1edbi nhu c\u1ea7u c\u1ee7a du kh\u00e1ch. L\u00e0 m\u1ed9t n\u01a1i nh\u1eadp kh\u1ea9u r\u00f2ng lao \u0111\u1ed9ng, Leukerbad ch\u00e0o \u0111\u00f3n g\u1ea7n n\u0103m ng\u01b0\u1eddi \u0111i l\u00e0m m\u1edbi cho m\u1ed7i c\u01b0 d\u00e2n r\u1eddi \u0111i l\u00e0m vi\u1ec7c \u1edf n\u01a1i kh\u00e1c, ch\u1ec9 c\u00f3 m\u1ed9t ph\u1ea7n nh\u1ecf s\u1eed d\u1ee5ng ph\u01b0\u01a1ng ti\u1ec7n giao th\u00f4ng c\u00f4ng c\u1ed9ng \u0111\u1ec3 \u0111i qua con \u0111\u01b0\u1eddng quanh co tr\u00ean n\u00fai.<\/p>\n<p>Vi\u1ec7c ti\u1ebfp c\u1eadn ng\u00f4i l\u00e0ng v\u1eabn c\u00f2n c\u00e2n nh\u1eafc. Du kh\u00e1ch \u0111\u1ebfn b\u1eb1ng t\u00e0u h\u1ecfa ph\u1ea3i xu\u1ed1ng t\u1ea1i Leuk \u1edf Thung l\u0169ng Rhone, n\u01a1i c\u00f3 xe bu\u00fdt ch\u1ea1y h\u00e0ng gi\u1edd leo l\u00ean con \u0111\u01b0\u1eddng h\u1eb9p \u0111\u01b0\u1ee3c \u0111\u00e0o v\u00e0o s\u01b0\u1eddn n\u00fai. Ng\u01b0\u1eddi l\u00e1i xe \u0111\u01b0\u1ee3c khuy\u00ean n\u00ean \u0111i theo bi\u1ec3n b\u00e1o c\u00f3 bi\u1ec3n b\u00e1o thay v\u00ec d\u1ef1a v\u00e0o GPS, do c\u00f3 c\u00e1c tuy\u1ebfn \u0111\u01b0\u1eddng thay th\u1ebf qua Albinen v\u00e0 Varen, m\u1eb7c d\u00f9 \u0111\u1eb9p nh\u01b0ng l\u1ea1i c\u00f3 \u0111i\u1ec1u ki\u1ec7n h\u1eb9p v\u00e0 l\u1ed9 thi\u00ean. Nh\u1eefng t\u00e2m h\u1ed3n th\u00edch phi\u00eau l\u01b0u c\u00f3 th\u1ec3 \u0111i b\u1ed9 \u0111\u1ebfn \u0111\u00e2y qua nh\u1eefng con \u0111\u01b0\u1eddng m\u00f2n qua Gemmi, Resti ho\u1eb7c c\u00e1c \u0111\u00e8o n\u00fai cao kh\u00e1c.<\/p>\n<p>Trong l\u00e0ng, xe bu\u00fdt \u0111\u01b0a \u0111\u00f3n ch\u1ea1y theo l\u1ecbch tr\u00ecnh theo m\u00f9a v\u00e0 xe c\u00e1p \u0111\u01b0a du kh\u00e1ch \u0111\u1ebfn \u0111\u1ec9nh Gemmi v\u00e0 Rinderh\u00fctte. Kh\u00e1m ph\u00e1 d\u00e0nh cho ng\u01b0\u1eddi \u0111i b\u1ed9 s\u1ebd th\u1ea5y c\u00e1c \u0111\u00e0i phun n\u01b0\u1edbc c\u00f4ng c\u1ed9ng d\u1eabn n\u01b0\u1edbc n\u00f3ng tr\u1ef1c ti\u1ebfp v\u00e0o c\u00e1c b\u1ed3n \u0111\u00e1, nh\u1eafc nh\u1edf ng\u01b0\u1eddi qua \u0111\u01b0\u1eddng v\u1ec1 s\u1ef1 hi\u1ec7n di\u1ec7n kh\u1eafp n\u01a1i c\u1ee7a c\u00e1c su\u1ed1i n\u01b0\u1edbc n\u00f3ng. \u0110\u01b0\u1eddng \u0111i b\u1ed9 Su\u1ed1i n\u01b0\u1edbc n\u00f3ng\u2014m\u1edf c\u1eeda v\u00e0o nh\u1eefng th\u00e1ng m\u00f9a h\u00e8\u2014l\u01b0\u1edbt qua m\u1ed9t h\u1ebbm n\u00fai h\u1eb9p \u0111\u1ebfn m\u1ed9t th\u00e1c n\u01b0\u1edbc \u1ea7m \u1ea7m, cho th\u1ea5y tho\u00e1ng qua c\u00e1c c\u1eeda tho\u00e1t n\u01b0\u1edbc m\u00e0u n\u00e2u n\u01a1i n\u01b0\u1edbc n\u00f3ng ch\u1ea3y v\u00e0o S\u00f4ng Dala.<\/p>\n<p>\u0110i\u1ec3m trung t\u00e2m c\u1ee7a nghi l\u1ec5 c\u1ed9ng \u0111\u1ed3ng, nh\u00e0 th\u1edd C\u00f4ng gi\u00e1o tr\u00ean ph\u1ed1 Kirchstrasse, v\u1eabn gi\u1eef \u0111\u01b0\u1ee3c n\u1ec1n m\u00f3ng c\u00f3 ni\u00ean \u0111\u1ea1i t\u1eeb th\u1ebf k\u1ef7 XV, m\u1eb7c d\u00f9 h\u00ecnh d\u00e1ng hi\u1ec7n t\u1ea1i c\u1ee7a nh\u00e0 th\u1edd ch\u1ecbu nhi\u1ec1u \u1ea3nh h\u01b0\u1edfng t\u1eeb \u0111\u1ee3t c\u1ea3i t\u1ea1o n\u0103m 1856. D\u1ecdc theo b\u00ean trong, c\u00e1c Ch\u1eb7ng \u0110\u00e0ng Th\u00e1nh Gi\u00e1 \u0111\u01b0\u1ee3c v\u1ebd tr\u00ean v\u1ea3i lanh g\u1ee3i l\u00ean nh\u1eefng truy\u1ec1n th\u1ed1ng s\u00f9ng \u0111\u1ea1o g\u1eafn k\u1ebft ng\u00f4i l\u00e0ng v\u1edbi \u0111\u1ee9c tin qua nhi\u1ec1u th\u1ebf k\u1ef7.<\/p>\n<p>S\u1ee9c h\u1ea5p d\u1eabn l\u00e2u d\u00e0i c\u1ee7a Leukerbad n\u1eb1m \u1edf s\u1ef1 k\u1ebft h\u1ee3p li\u1ec1n m\u1ea1ch gi\u1eefa c\u00e1c l\u1ef1c l\u01b0\u1ee3ng nguy\u00ean t\u1ed1 v\u00e0 s\u1ef1 kh\u00e9o l\u00e9o c\u1ee7a con ng\u01b0\u1eddi. Nh\u1eefng b\u1ee9c t\u01b0\u1eddng ph\u1ea5n tr\u1eafng d\u1ef1ng \u0111\u1ee9ng bao quanh nh\u1eefng con ph\u1ed1 h\u1eb9p v\u1edbi nh\u1eefng ng\u00f4i nh\u00e0 g\u1ed7, \u0111\u00e0i phun n\u01b0\u1edbc v\u00e0 spa. Tuy\u1ebft m\u00f9a \u0111\u00f4ng v\u00e0 hoa d\u1ea1i m\u00f9a h\u00e8 c\u00f9ng chia s\u1ebb nh\u1eefng con d\u1ed1c n\u01a1i m\u00e0, c\u00f9ng l\u00fac, nh\u1eefng con su\u1ed1i c\u1ed5 x\u01b0a s\u1ee7i b\u1ecdt v\u00e0 nh\u1eefng chi\u1ebfc xe c\u00e1p treo hi\u1ec7n \u0111\u1ea1i r\u1ec1n r\u0129. T\u1ea1i \u0111\u00e2y, n\u01a1i \u0111\u1ecba ch\u1ea5t v\u00e0 l\u1ecbch s\u1eed h\u1ed9i t\u1ee5, m\u1ed9t ng\u00f4i l\u00e0ng y\u00ean t\u0129nh \u0111\u00e1nh l\u1eeba th\u1ecb gi\u00e1c duy tr\u00ec danh ti\u1ebfng to\u00e0n c\u1ea7u l\u00e0 n\u01a1i tr\u00fa \u1ea9n cho s\u1ee9c kh\u1ecfe, s\u1ef1 ngh\u1ec9 ng\u01a1i v\u00e0 cu\u1ed9c phi\u00eau l\u01b0u tr\u00ean n\u00fai cao.<\/p>","protected":false},"excerpt":{"rendered":"<p>Leukerbad, m\u1ed9t th\u00e0nh ph\u1ed1 \u0111\u1eb9p nh\u01b0 tranh v\u1ebd n\u1eb1m \u1edf bang Valais, Th\u1ee5y S\u0129, t\u1ef1 h\u00e0o c\u00f3 d\u00e2n s\u1ed1 kho\u1ea3ng 1.400 c\u01b0 d\u00e2n. Cao 1.411 m\u00e9t (4.629 feet) so v\u1edbi m\u1ef1c n\u01b0\u1edbc bi\u1ec3n, th\u1ecb tr\u1ea5n mi\u1ec1n n\u00fai xinh \u0111\u1eb9p n\u00e0y n\u1ed5i ti\u1ebfng v\u1edbi c\u00e1c su\u1ed1i n\u01b0\u1edbc n\u00f3ng v\u00e0 c\u1ea3nh quan n\u00fai non tuy\u1ec7t \u0111\u1eb9p.<\/p>","protected":false},"author":1,"featured_media":17564,"parent":12907,"menu_order":0,"comment_status":"closed","ping_status":"closed","template":"elementor_theme","meta":{"_eb_attr":"","footnotes":""},"class_list":["post-17330","page","type-page","status-publish","has-post-thumbnail"],"_links":{"self":[{"href":"https:\/\/travelshelper.com\/vi\/wp-json\/wp\/v2\/pages\/17330","targetHints":{"allow":["GET"]}}],"collection":[{"href":"https:\/\/travelshelper.com\/vi\/wp-json\/wp\/v2\/pages"}],"about":[{"href":"https:\/\/travelshelper.com\/vi\/wp-json\/wp\/v2\/types\/page"}],"author":[{"embeddable":true,"href":"https:\/\/travelshelper.com\/vi\/wp-json\/wp\/v2\/users\/1"}],"replies":[{"embeddable":true,"href":"https:\/\/travelshelper.com\/vi\/wp-json\/wp\/v2\/comments?post=17330"}],"version-history":[{"count":0,"href":"https:\/\/travelshelper.com\/vi\/wp-json\/wp\/v2\/pages\/17330\/revisions"}],"up":[{"embeddable":true,"href":"https:\/\/travelshelper.com\/vi\/wp-json\/wp\/v2\/pages\/12907"}],"wp:featuredmedia":[{"embeddable":true,"href":"https:\/\/travelshelper.com\/vi\/wp-json\/wp\/v2\/media\/17564"}],"wp:attachment":[{"href":"https:\/\/travelshelper.com\/vi\/wp-json\/wp\/v2\/media?parent=17330"}],"curies":[{"name":"wp","href":"https:\/\/api.w.org\/{rel}","templated":true}]}}