{"id":17306,"date":"2024-09-26T00:27:25","date_gmt":"2024-09-26T00:27:25","guid":{"rendered":"https:\/\/travelshelper.com\/staging\/?page_id=17306"},"modified":"2026-03-12T23:27:10","modified_gmt":"2026-03-12T23:27:10","slug":"rogaska-slatina","status":"publish","type":"page","link":"https:\/\/travelshelper.com\/vi\/destinations\/europe\/slovenia\/rogaska-slatina\/","title":{"rendered":"Roga\u0161ka Slatina"},"content":{"rendered":"<p>Roga\u0161ka Slatina, m\u1ed9t th\u1ecb tr\u1ea5n c\u00f3 5.082 c\u01b0 d\u00e2n theo \u0111i\u1ec1u tra d\u00e2n s\u1ed1 n\u0103m 2021, chi\u1ebfm m\u1ed9t v\u00f9ng \u0111\u1ea5t bi\u1ec7t l\u1eadp c\u00f3 l\u1ecbch s\u1eed l\u00e2u \u0111\u1eddi \u1edf v\u00f9ng Styria ph\u00eda \u0111\u00f4ng Slovenia\u2014\u0111\u00f3ng vai tr\u00f2 l\u00e0 tr\u1ee5 s\u1edf th\u00e0nh ph\u1ed1 v\u00e0 tr\u1ea3i d\u00e0i qua Thung l\u0169ng Sotla Th\u01b0\u1ee3ng \u0111\u1ebfn c\u00e1c s\u01b0\u1eddn n\u00fai c\u00f3 nhi\u1ec1u c\u00e2y c\u1ed1i c\u1ee7a N\u00fai Bo\u010d d\u1ecdc theo bi\u00ean gi\u1edbi Croatia. N\u1ed5i ti\u1ebfng v\u1edbi c\u00e1c su\u1ed1i kho\u00e1ng ch\u1eefa b\u1ec7nh, gian h\u00e0ng spa l\u1ecbch s\u1eed v\u00e0 c\u00e1c t\u00e1c ph\u1ea9m pha l\u00ea, khu \u0111\u1ecbnh c\u01b0 n\u00e0y g\u00f3i g\u1ecdn nhi\u1ec1u th\u1ebf k\u1ef7 giao l\u01b0u v\u0103n h\u00f3a, nghi\u00ean c\u1ee9u y h\u1ecdc v\u00e0 \u00fd ngh\u0129a \u0111\u1ecba ch\u00ednh tr\u1ecb.<\/p>\n<p>T\u00ean c\u1ee7a Roga\u0161ka Slatina\u2014theo ngh\u0129a \u0111en l\u00e0 \u201csu\u1ed1i Rogatec\u201d\u2014ch\u1ee9ng minh cho v\u1ecb tr\u00ed trung t\u00e2m c\u1ee7a c\u00e1c ngu\u1ed3n n\u01b0\u1edbc kho\u00e1ng, l\u1ea7n \u0111\u1ea7u ti\u00ean \u0111\u01b0\u1ee3c Johann Benedikt Gr\u00fcndel d\u1ecbch l\u00e0 Roitschocrene (\u201csu\u1ed1i Rogatec\u201d) v\u00e0o n\u0103m 1687, s\u1eed d\u1ee5ng t\u1eeb ti\u1ebfng Hy L\u1ea1p \u03ba\u03c1\u03ae\u03bd\u03b7 (\u201csu\u1ed1i\u201d) \u0111\u1ec3 mang l\u1ea1i s\u1ef1 nghi\u00eam trang c\u1ed5 \u0111i\u1ec3n cho m\u1ed9t ngu\u1ed3n n\u01b0\u1edbc \u0111\u01b0\u1ee3c c\u01b0 d\u00e2n \u0111\u1ecba ph\u01b0\u01a1ng t\u00f4n k\u00ednh t\u1eeb l\u00e2u. C\u00e1c d\u1ea5u v\u1ebft kh\u1ea3o c\u1ed5 h\u1ecdc v\u1ec1 m\u1ed9t con \u0111\u01b0\u1eddng La M\u00e3 v\u00e0 m\u1ed9t c\u1ed9t m\u1ed1c La M\u00e3 \u0111\u01b0\u1ee3c ph\u00e1t hi\u1ec7n b\u00ean c\u1ea1nh m\u1ed9t con su\u1ed1i cho th\u1ea5y s\u1ef1 c\u1ed5 x\u01b0a, trong khi m\u1ed9t hi\u1ebfn ch\u01b0\u01a1ng n\u0103m 1141 c\u1ee7a T\u1ed5ng gi\u00e1o ph\u1eadn Salzburg l\u00e0 b\u1eb1ng ch\u1ee9ng t\u00e0i li\u1ec7u s\u1edbm nh\u1ea5t v\u1ec1 m\u1ed9t h\u00f2n \u0111\u00e1 b\u00e1o hi\u1ec7u s\u1ee9c m\u1ea1nh \u0111\u01b0\u1ee3c cho l\u00e0 c\u1ee7a c\u00e1c con su\u1ed1i. Trong su\u1ed1t th\u1eddi k\u1ef3 \u0111\u1ea7u hi\u1ec7n \u0111\u1ea1i, c\u00e1c b\u00e1c s\u0129 v\u00e0 h\u1ecdc gi\u1ea3\u2014t\u1eeb nh\u00e0 gi\u1ea3 kim thu\u1eadt th\u1ebf k\u1ef7 16 Leonhard Thurneysser, qua Paul de Sorbait n\u0103m 1679 v\u00e0 Marko Gerbec v\u00e0o kho\u1ea3ng n\u0103m 1700, cho \u0111\u1ebfn Repertorium der steierm\u00e4rkischen Geschichte n\u0103m 1798 c\u1ee7a Joseph Karl Kindermann\u2014\u0111\u00e3 ghi ch\u00e9p l\u1ea1i th\u00e0nh ph\u1ea7n v\u00e0 t\u00e1c \u0111\u1ed9ng c\u1ee7a n\u01b0\u1edbc; v\u00e0o \u0111\u1ea7u th\u1ebf k\u1ef7 19, chuy\u00ean kh\u1ea3o c\u1ee7a Rudolf Gustav Puff v\u00e0 c\u00e1c b\u1ea3n in th\u1ea1ch b\u1ea3n c\u1ee7a Josip Reiterer \u0111\u00e3 ghi l\u1ea1i qu\u1ea7n th\u1ec3 ki\u1ebfn \u200b\u200btr\u00fac m\u1edbi n\u1ed5i c\u1ee7a spa, trong khi ph\u00f2ng th\u00ed nghi\u1ec7m h\u00f3a h\u1ecdc n\u0103m 1931 c\u1ee7a Adolf Re\u017eek \u0111\u00e3 ti\u1ebfn h\u00e0nh ph\u00e2n t\u00edch c\u00f3 h\u1ec7 th\u1ed1ng c\u00e1c nguy\u00ean t\u1ed1 kho\u00e1ng hi\u1ec7n \u0111\u01b0\u1ee3c b\u00e1n tr\u00ean th\u1ecb tr\u01b0\u1eddng d\u01b0\u1edbi th\u01b0\u01a1ng hi\u1ec7u Donat Mg.<\/p>\n<p>Qu\u1ef9 \u0111\u1ea1o d\u00e2n s\u1ed1 c\u1ee7a th\u1ecb tr\u1ea5n ph\u1ea3n \u00e1nh c\u1ea3 s\u1ef1 thay \u0111\u1ed5i v\u1ec1 m\u1eb7t h\u00e0nh ch\u00ednh v\u00e0 danh ti\u1ebfng \u0111ang ph\u00e1t tri\u1ec3n c\u1ee7a n\u00f3: t\u1eeb d\u01b0\u1edbi m\u1ed9t ngh\u00ecn c\u01b0 d\u00e2n v\u00e0o n\u0103m 1948\u2014ch\u1ec9 v\u00e0i th\u00e1ng sau s\u1ef1 t\u00e0n ph\u00e1 c\u1ee7a Th\u1ebf chi\u1ebfn th\u1ee9 hai\u2014\u0111\u1ebfn nh\u1eefng \u0111\u1ee3t b\u00f9ng n\u1ed5 li\u00ean ti\u1ebfp v\u00e0o cu\u1ed1i th\u1ebf k\u1ef7 XX, \u0111\u1ea1t \u0111\u1ec9nh \u1edf m\u1ee9c h\u01a1n 5.100 v\u00e0o n\u0103m 2011 tr\u01b0\u1edbc khi \u1ed5n \u0111\u1ecbnh \u1edf m\u1ee9c h\u01a1n 5.000 m\u1ed9t th\u1eadp k\u1ef7 sau \u0111\u00f3. S\u1ef1 chuy\u1ec3n \u0111\u1ed5i c\u1ee7a n\u00f3 th\u00e0nh m\u1ed9t trung t\u00e2m ngh\u1ec9 d\u01b0\u1ee1ng s\u1ee9c kh\u1ecfe hi\u1ec7n \u0111\u1ea1i \u0111\u00e3 b\u1ecb gi\u00e1n \u0111o\u1ea1n s\u00e2u s\u1eafc trong kho\u1ea3ng th\u1eddi gian t\u1eeb ng\u00e0y 11 th\u00e1ng 4 n\u0103m 1941\u2014khi S\u01b0 \u0111o\u00e0n b\u1ed9 binh s\u1ed1 132 c\u1ee7a Wehrmacht chi\u1ebfm \u0111\u00f3ng spa ch\u1ec9 n\u0103m ng\u00e0y sau cu\u1ed9c x\u00e2m l\u01b0\u1ee3c Nam T\u01b0\u2014v\u00e0 th\u00e1ng 5 n\u0103m 1945. Trong th\u1eddi k\u1ef3 \u0110\u1ee9c Qu\u1ed1c x\u00e3 qu\u1ea3n l\u00fd, v\u1ecb tr\u00ed chi\u1ebfn l\u01b0\u1ee3c c\u1ee7a Roga\u0161ka Slatina tr\u00ean bi\u00ean gi\u1edbi \u0110\u1ee9c-Croatia \u0111\u00e3 bi\u1ebfn n\u01a1i n\u00e0y th\u00e0nh m\u1ed9t trong nh\u1eefng ti\u1ec1n \u0111\u1ed3n ch\u00ednh c\u1ee7a v\u00f9ng chi\u1ebfm \u0111\u00f3ng; Wehrmacht v\u00e0 Usta\u0161e \u0111\u1ec1u th\u1ef1c hi\u1ec7n quy\u1ec1n ki\u1ec3m so\u00e1t ph\u1ee9c t\u1ea1p v\u00e0 th\u01b0\u1eddng t\u00e0n b\u1ea1o, th\u00e0nh l\u1eadp m\u1ed9t \u1ee7y ban bi\u00ean gi\u1edbi \u0110\u1ee9c-Croatia h\u1ed7n h\u1ee3p t\u1ea1i Kh\u00e1ch s\u1ea1n \u0160tajerski dvor. C\u00e1c \u0111\u01a1n v\u1ecb c\u1ed9ng t\u00e1c vi\u00ean Usta\u0161e c\u1ee7a Croatia ho\u1ea1t \u0111\u1ed9ng trong v\u00e0 xung quanh th\u1ecb tr\u1ea5n\u2014m\u1ed9t th\u1eddi k\u1ef3 \u0111\u01b0\u1ee3c Daniel Siter m\u00f4 t\u1ea3 chi ti\u1ebft \u0111\u1ea7y \u0111\u1ee7\u2014trong khi v\u00e0o nh\u1eefng ng\u00e0y cu\u1ed1i c\u00f9ng c\u1ee7a chi\u1ebfn tranh, Ante Paveli\u0107 \u0111\u00e3 tri\u1ec7u t\u1eadp cu\u1ed9c h\u1ecdp cu\u1ed1i c\u00f9ng c\u1ee7a m\u00ecnh t\u1ea1i \u0111\u00f3, ch\u1ec9 \u0111\u1ec3 t\u1eeb b\u1ecf ch\u1ebf \u0111\u1ed9 \u0111ang s\u1ee5p \u0111\u1ed5 khi chi\u1ebfn tranh du k\u00edch v\u1eabn ti\u1ebfp di\u1ec5n trong c\u00e1c khu r\u1eebng xung quanh cho \u0111\u1ebfn \u0111\u1ea7u th\u00e1ng 5 n\u0103m 1945. H\u1eadu qu\u1ea3 t\u00e0n kh\u1ed1c \u0111\u1ec3 l\u1ea1i hai ng\u00f4i m\u1ed9 t\u1eadp th\u1ec3 \u1edf v\u00f9ng l\u00e2n c\u1eadn th\u1ecb tr\u1ea5n\u2014khu v\u1ef1c Sovinec Ravine, n\u01a1i m\u01b0\u1eddi t\u00e1m \u0111\u1ebfn hai m\u01b0\u01a1i t\u00f9 nh\u00e2n Croatia \u0111\u00e3 b\u1ecb h\u00e0nh quy\u1ebft v\u00e0o gi\u1eefa n\u0103m 1945, v\u00e0 khe n\u00fai Flower Hill l\u1edbn h\u01a1n, n\u01a1i ch\u1ee9a nh\u1eefng n\u1ea1n nh\u00e2n b\u1ecb s\u00e1t h\u1ea1i b\u1edfi l\u1ef1c l\u01b0\u1ee3ng \u0110\u1ee9c Qu\u1ed1c x\u00e3 r\u00fat lui ho\u1eb7c c\u00e1c cu\u1ed9c tr\u1ea3 th\u00f9 sau chi\u1ebfn tranh.<\/p>\n<p>L\u00e2u tr\u01b0\u1edbc nh\u1eefng th\u1eadp k\u1ef7 \u0111\u1ea7y bi\u1ebfn \u0111\u1ed9ng n\u00e0y, Roga\u0161ka Slatina \u0111\u00e3 vun \u0111\u1eafp b\u1ea3n s\u1eafc spa c\u1ee7a m\u00ecnh v\u1edbi s\u1ef1 ch\u0103m ch\u00fat c\u1ea9n th\u1eadn. C\u00e1c d\u00f2ng ch\u1eef kh\u1eafc La M\u00e3 ch\u1ee9ng th\u1ef1c cho s\u1ef1 ca ng\u1ee3i ban \u0111\u1ea7u; v\u00e0o th\u1ebf k\u1ef7 XVII, m\u1ed9t h\u00e0ng r\u00e0o g\u1ed7 \u0111\u01a1n gi\u1ea3n v\u00e0 m\u00e1ng d\u1eabn n\u01b0\u1edbc su\u1ed1i Donat, \u0111\u01b0\u1ee3c \u0111\u1eb7t t\u00ean theo \u0111\u1ee9c t\u00ednh ph\u1ee5c h\u1ed3i \u0111\u01b0\u1ee3c cho l\u00e0 c\u1ee7a n\u00f3. N\u0103m 1676, l\u00e3nh ch\u00faa \u0111\u1ecba ph\u01b0\u01a1ng Peter de Curti \u0111\u00e3 d\u1ef1ng l\u00ean m\u1ed9t nh\u00e0 tr\u1ecd \u0111\u1ec3 ti\u1ebfp \u0111\u00f3n du kh\u00e1ch\u2014thu ph\u00ed b\u1ea3o l\u00e3nh cho c\u1ea3 n\u1ec1n kinh t\u1ebf spa m\u1edbi ch\u1edbm n\u1edf v\u00e0 c\u00e1c x\u01b0\u1edfng th\u1ee7y tinh g\u1ea7n \u0111\u00f3 b\u1eaft \u0111\u1ea7u \u0111\u00f3ng chai n\u01b0\u1edbc c\u00f9ng l\u00fac v\u1edbi s\u1ef1 xu\u1ea5t hi\u1ec7n c\u1ee7a n\u00f3 nh\u01b0 m\u1ed9t m\u1eb7t h\u00e0ng \u0111\u01b0\u1ee3c s\u0103n \u0111\u00f3n. V\u00e0o gi\u1eefa th\u1ebf k\u1ef7 XIX, d\u01b0\u1edbi s\u1ef1 b\u1ea3o tr\u1ee3 c\u1ee7a c\u00e1c \u0111i\u1ec1n trang t\u1ec9nh Styria, c\u00e1c su\u1ed1i \u0111\u01b0\u1ee3c bao b\u1ecdc trong m\u1ed9t qu\u1ea7n th\u1ec3 c\u00e1c gian h\u00e0ng v\u00e0 l\u1ed1i \u0111i d\u1ea1o theo tr\u01b0\u1eddng ph\u00e1i c\u1ed5 \u0111i\u1ec3n: Gian h\u00e0ng Tempel theo phong c\u00e1ch t\u00e2n c\u1ed5 \u0111i\u1ec3n c\u1ee7a Nikola Pertsch n\u0103m 1819 v\u1eabn l\u00e0 bi\u1ec3u t\u01b0\u1ee3ng c\u1ee7a th\u1eddi \u0111\u1ea1i n\u00e0y, n\u1eb1m tr\u00ean ngu\u1ed3n Donat v\u1edbi nh\u1eefng c\u1ed9t tr\u1ee5 nghi\u00eam trang v\u00e0 \u0111\u1ed3 trang tr\u00ed gi\u1ea3n d\u1ecb mang l\u1ea1i c\u1ea3m gi\u00e1c th\u01b0 th\u00e1i \u0111\u01b0\u1ee3c trau d\u1ed3i.<\/p>\n<p>M\u1ed9t ph\u1ea7n kh\u00f4ng th\u1ec3 thi\u1ebfu trong k\u1ebft c\u1ea5u c\u1ee7a th\u1ecb tr\u1ea5n l\u00e0 c\u00e1c c\u00f4ng tr\u00ecnh t\u00f4n gi\u00e1o, theo d\u1ea5u cung c\u1ee7a l\u00f2ng s\u00f9ng k\u00ednh \u0111\u1ecba ph\u01b0\u01a1ng th\u00f4ng qua c\u00e1c th\u00e0nh ng\u1eef ki\u1ebfn \u200b\u200btr\u00fac li\u00ean ti\u1ebfp. Nh\u00e0 th\u1edd gi\u00e1o x\u1ee9 Holy Cross, thu\u1ed9c Gi\u00e1o ph\u1eadn Celje, chi\u1ebfm m\u1ed9t \u0111\u1ecba \u0111i\u1ec3m m\u00e0 l\u1ea7n \u0111\u1ea7u ti\u00ean \u0111\u01b0\u1ee3c \u0111\u1ec1 c\u1eadp \u0111\u1ebfn l\u00e0 t\u1eeb m\u1ed9t b\u1ea3n th\u1ea3o n\u0103m 1304; t\u00f2a nh\u00e0 theo phong c\u00e1ch La M\u00e3 khi \u0111\u00f3 \u0111\u00e3 b\u1ecb ph\u00e1 h\u1ee7y v\u00e0o n\u0103m 1863 \u0111\u1ec3 cho ph\u00e9p x\u00e2y d\u1ef1ng nh\u00e0 th\u1edd theo phong c\u00e1ch T\u00e2n La M\u00e3 hi\u1ec7n t\u1ea1i, ho\u00e0n th\u00e0nh t\u1eeb n\u0103m 1864 \u0111\u1ebfn n\u0103m 1866, v\u1edbi kh\u1ed1i l\u01b0\u1ee3ng c\u00e2n \u0111\u1ed1i v\u00e0 n\u1ed9i th\u1ea5t \u0111\u01b0\u1ee3c trang tr\u00ed b\u1eb1ng b\u00edch h\u1ecda t\u1ea1o n\u00ean s\u1ef1 t\u01b0\u01a1ng ph\u1ea3n c\u00f3 ch\u1ee7 \u00fd v\u1edbi c\u00e1c gian h\u00e0ng m\u1edf c\u1ee7a spa. G\u1ea7n \u0111\u00f3, nh\u00e0 th\u1edd Holy Trinity th\u1ebf k\u1ef7 XVII t\u1ea1i Prnek\u2014li\u00ean k\u1ebft v\u1edbi c\u00f9ng m\u1ed9t gi\u00e1o x\u1ee9\u2014c\u00f3 m\u1ed9t b\u00e0n th\u1edd m\u1ea1 v\u00e0ng c\u00f3 ni\u00ean \u0111\u1ea1i t\u1eeb n\u0103m 1650 \u0111\u1ebfn n\u0103m 1675, trong khi \u0111\u1ed3 \u0111\u1ea1c th\u1ebf k\u1ef7 18 v\u00e0 19 c\u1ee7a nh\u00e0 th\u1edd ch\u1ee9ng th\u1ef1c cho t\u00ednh li\u00ean t\u1ee5c c\u1ee7a l\u00f2ng s\u00f9ng k\u00ednh \u0111\u00e3 \u0111i k\u00e8m v\u1edbi s\u1ef1 ph\u00e1t tri\u1ec3n d\u00e2n s\u1ef1 c\u1ee7a th\u1ecb tr\u1ea5n.<\/p>\n<p>Qu\u00e1 tr\u00ecnh hi\u1ec7n \u0111\u1ea1i h\u00f3a c\u1ee7a Roga\u0161ka Slatina v\u00e0o th\u1ebf k\u1ef7 XX kh\u00f4ng ch\u1ec9 bao g\u1ed3m du l\u1ecbch spa m\u00e0 c\u00f2n bao g\u1ed3m c\u1ea3 \u0111a d\u1ea1ng h\u00f3a c\u00f4ng nghi\u1ec7p v\u00e0 ch\u01b0\u01a1ng tr\u00ecnh v\u0103n h\u00f3a. X\u01b0\u1edfng s\u1ea3n xu\u1ea5t \u0111\u1ed3 th\u1ee7y tinh Steklarna Roga\u0161ka \u0111\u00e3 n\u00e2ng cao danh ti\u1ebfng th\u1ee7 c\u00f4ng c\u1ee7a khu v\u1ef1c, s\u1ea3n xu\u1ea5t \u0111\u1ed3 d\u00f9ng b\u1eb1ng pha l\u00ea ch\u00ec \u0111\u1ea1t \u0111\u01b0\u1ee3c s\u1ef1 kh\u00e1c bi\u1ec7t qu\u1ed1c t\u1ebf; c\u00e1c t\u1ed5 ch\u1ee9c gi\u00e1o d\u1ee5c, bao g\u1ed3m m\u1ed9t tr\u01b0\u1eddng trung h\u1ecdc \u0111\u1ecba ph\u01b0\u01a1ng, \u0111\u00e3 neo gi\u1eef th\u1ecb tr\u1ea5n n\u00e0y trong v\u00f9ng \u0111\u1ea5t n\u00f4ng th\u00f4n h\u1ebbo l\u00e1nh c\u1ee7a n\u00f3. T\u1eeb n\u0103m 1984 \u0111\u1ebfn n\u0103m 1990, L\u1ec5 h\u1ed9i Chanson Nam T\u01b0 \u0111\u00e3 thu h\u00fat du kh\u00e1ch \u0111\u1ebfn c\u00e1c bu\u1ed5i ti\u1ec7c th\u00e1nh ca trong c\u00e1c khu v\u01b0\u1eddn c\u00f3 m\u00e1i che, ngay c\u1ea3 khi du l\u1ecbch h\u1ed9i ngh\u1ecb m\u1edf r\u1ed9ng \u0111\u1ec3 t\u00f4n tr\u1ecdng s\u1ef1 h\u1ed9i nh\u1eadp ng\u00e0y c\u00e0ng t\u0103ng c\u1ee7a Slovenia v\u00e0o c\u00e1c m\u1ea1ng l\u01b0\u1edbi ch\u00e2u \u00c2u. N\u0103m 2006, Roga\u0161ka Slatina ch\u00ednh th\u1ee9c \u0111\u01b0\u1ee3c c\u1ea5p quy ch\u1ebf th\u00e0nh ph\u1ed1, kh\u1eb3ng \u0111\u1ecbnh t\u00ednh ch\u1ea5t \u0111\u00f4 th\u1ecb c\u1ee7a n\u00f3 m\u1eb7c d\u00f9 d\u00e2n s\u1ed1 khi\u00eam t\u1ed1n; nh\u1eefng n\u0103m ti\u1ebfp theo ch\u1ee9ng ki\u1ebfn \u200b\u200bs\u1ef1 b\u1ed5 sung c\u1ee7a c\u00e1c c\u01a1 s\u1edf h\u1ed9i ngh\u1ecb v\u00e0 \u0111\u1ecba \u0111i\u1ec3m t\u1ed5 ch\u1ee9c h\u00f2a nh\u1ea1c \u0111\u01b0\u1ee3c thi\u1ebft k\u1ebf \u0111\u1ec3 l\u00e0m sinh \u0111\u1ed9ng c\u00e1c s\u00e2n hi\u00ean c\u1ee7a c\u00f4ng vi\u00ean spa.<\/p>\n<p>V\u1ec1 m\u1eb7t \u0111\u1ecba l\u00fd v\u00e0 ch\u00ednh tr\u1ecb, Roga\u0161ka Slatina \u0111\u00e3 chi\u1ebfm m\u1ed9t v\u1ecb tr\u00ed ng\u01b0\u1ee1ng c\u1eeda t\u1eeb th\u1eddi c\u1ed5 \u0111\u1ea1i: m\u1ed9t bi\u00ean gi\u1edbi gi\u1eefa Noricum v\u00e0 Pannonia trong \u0110\u1ebf ch\u1ebf La M\u00e3, m\u1ed9t ranh gi\u1edbi c\u1ee7a \u0110\u1ebf ch\u1ebf La M\u00e3 Th\u1ea7n th\u00e1nh d\u1ecdc theo Sotla trong Th\u1eddi Trung c\u1ed5 Cao, m\u1ed9t ranh gi\u1edbi ph\u00e2n \u0111\u1ecbnh v\u00f9ng \u0111\u1ea5t Styrian v\u00e0 Croatia theo ch\u1ee7 ngh\u0129a nh\u1ecb nguy\u00ean Habsburg, v\u00e0 m\u1ed9t bi\u00ean gi\u1edbi gi\u1eefa Drava v\u00e0 Sava Banovinas trong Nam T\u01b0 gi\u1eefa hai cu\u1ed9c chi\u1ebfn tranh. D\u00f2ng ch\u1ea3y c\u1ee7a c\u00e1c ranh gi\u1edbi n\u00e0y hi\u1ebfm khi r\u1eddi kh\u1ecfi \u0111\u1ed3ng b\u1eb1ng ng\u1eadp l\u1ee5t c\u1ee7a con s\u00f4ng v\u00e0 c\u00e1c r\u1eb7ng n\u00fai li\u1ec1n k\u1ec1, v\u00ec v\u1eady b\u1ea3n th\u00e2n th\u1ecb tr\u1ea5n \u0111\u00e3 t\u00edch l\u0169y \u0111\u01b0\u1ee3c m\u1ed9t b\u1ea3n sao c\u1ee7a c\u00e1c b\u1ea3n s\u1eafc v\u1ec1 th\u1ea9m quy\u1ec1n - m\u1ed7i b\u1ea3n s\u1eafc \u0111\u01b0\u1ee3c truy\u1ec1n v\u00e0o m\u00f4i tr\u01b0\u1eddng x\u00e2y d\u1ef1ng c\u1ee7a n\u00f3, mang l\u1ea1i cho n\u00f3 m\u1ed9t c\u1ea3m gi\u00e1c nhi\u1ec1u l\u1edbp v\u1ec1 \u0111\u1ecba \u0111i\u1ec3m.<\/p>\n<p>Vi\u1ec7c b\u1ed5 sung g\u1ea7n \u0111\u00e2y c\u1ee7a Kristal Tower v\u00e0o th\u00e1ng 5 n\u0103m 2024\u2014m\u1ed9t c\u1ea5u tr\u00fac quan s\u00e1t thanh m\u1ea3nh cao 106 m\u00e9t t\u1ea1i \u0111\u1ecba \u0111i\u1ec3m c\u1ee7a c\u00e1c x\u01b0\u1edfng m\u1ed9c c\u0169\u2014nh\u1ea5n m\u1ea1nh c\u1ea3 tham v\u1ecdng ki\u1ebfn \u200b\u200btr\u00fac hi\u1ec7n \u0111\u1ea1i c\u1ee7a th\u1ecb tr\u1ea5n v\u00e0 s\u1ef1 ph\u1ee5 thu\u1ed9c li\u00ean t\u1ee5c c\u1ee7a th\u1ecb tr\u1ea5n v\u00e0o t\u1ea7m nh\u00ecn to\u00e0n c\u1ea3nh c\u1ee7a nh\u1eefng ng\u1ecdn \u0111\u1ed3i xung quanh. T\u1eeb b\u1ec7 cao c\u1ee7a n\u00f3, du kh\u00e1ch c\u00f3 th\u1ec3 quan s\u00e1t nh\u1eefng r\u1eb7ng n\u00fai nh\u1ea5p nh\u00f4 c\u1ee7a Upper Sotla v\u00e0 xa h\u01a1n n\u1eefa l\u00e0 nh\u1eefng c\u00e1nh r\u1eebng nguy\u00ean s\u01a1 c\u1ee7a v\u00f9ng Zagorje c\u1ee7a Croatia\u2014m\u1ed9t l\u1eddi nh\u1eafc nh\u1edf r\u1eb1ng nh\u1eefng con su\u1ed1i t\u1eebng \u0111\u1ecbnh h\u00ecnh Roga\u0161ka Slatina gi\u1edd \u0111\u00e2y chia s\u1ebb s\u00e2n kh\u1ea5u v\u1edbi c\u00e1c \u0111\u1ecba danh \u0111\u01b0\u01a1ng \u0111\u1ea1i l\u00e0m n\u1ed5i b\u1eadt \u0111\u01b0\u1eddng ch\u00e2n tr\u1eddi c\u1ee7a th\u1ecb tr\u1ea5n.<\/p>\n<p>Tuy nhi\u00ean, b\u1ea3n ch\u1ea5t c\u1ee7a Roga\u0161ka Slatina v\u1eabn t\u1ed3n t\u1ea1i trong nghi l\u1ec5 y\u00ean t\u0129nh khi n\u1ebfm th\u1eed n\u01b0\u1edbc Donat Mg, th\u00e0nh ph\u1ea7n gi\u00e0u magi\u00ea c\u1ee7a n\u00f3 mang l\u1ea1i v\u1ecb chua s\u1ea3ng kho\u00e1i v\u00e0, \u0111\u1ed1i v\u1edbi nhi\u1ec1u ng\u01b0\u1eddi, l\u00e0 c\u1ea3m gi\u00e1c tr\u1ebb h\u00f3a. M\u1ed7i ng\u1ee5m n\u01b0\u1edbc \u0111\u1ec1u k\u1ebft n\u1ed1i v\u1edbi m\u1ed9t d\u00f2ng d\u00f5i t\u00ecm t\u00f2i\u2014t\u1eeb c\u00e1c nh\u00e0 gi\u1ea3 kim v\u00e0 b\u00e1c s\u0129 cung \u0111\u00ecnh \u0111\u1ebfn c\u00e1c nh\u00e0 h\u00f3a h\u1ecdc hi\u1ec7n \u0111\u1ea1i\u2014ph\u1ea3n \u00e1nh cam k\u1ebft b\u1ec1n b\u1ec9 \u0111\u1ed1i v\u1edbi ph\u00e2n t\u00edch nghi\u00eam ng\u1eb7t v\u00e0 du l\u1ecbch l\u1ea5y s\u1ee9c kh\u1ecfe l\u00e0m tr\u1ecdng t\u00e2m. Nh\u1eefng chi\u1ebfc c\u1ed1c th\u1ee7y tinh v\u00e0 ly th\u1ee7y tinh \u0111\u01b0\u1ee3c s\u1ea3n xu\u1ea5t t\u1ea1i \u0111\u1ecba ph\u01b0\u01a1ng kh\u00f4ng ch\u1ec9 \u0111\u00f3ng vai tr\u00f2 l\u00e0 v\u1eadt ch\u1ee9a m\u00e0 c\u00f2n l\u00e0 bi\u1ec3u t\u01b0\u1ee3ng c\u1ee7a m\u1ed9t ngh\u1ec1 th\u1ee7 c\u00f4ng d\u1ef1a tr\u00ean s\u1ef1 t\u01b0\u01a1ng t\u00e1c gi\u1eefa \u00e1nh s\u00e1ng v\u00e0 tr\u1ecdng l\u01b0\u1ee3ng, \u0111\u1ed9 trong v\u00e0 \u0111\u1ed9 kh\u00fac x\u1ea1, ph\u1ea3n \u00e1nh c\u00e1c kh\u00eda c\u1ea1nh c\u1ee7a c\u01a1 th\u1ec3 con ng\u01b0\u1eddi \u0111\u01b0\u1ee3c l\u00e0m m\u1edbi b\u1edfi c\u00e1c su\u1ed1i n\u01b0\u1edbc.<\/p>\n<p>N\u1eb1m c\u1ea1nh ki\u1ebfn \u200b\u200btr\u00fac spa di s\u1ea3n, khu v\u1ef1c linh thi\u00eang v\u00e0 x\u01b0\u1edfng c\u00f4ng nghi\u1ec7p, Roga\u0161ka Slatina l\u00e0 hi\u1ec7n th\u00e2n c\u1ee7a s\u1ef1 giao thoa gi\u1eefa thi\u00ean nhi\u00ean v\u00e0 s\u1ef1 kh\u00e9o l\u00e9o c\u1ee7a con ng\u01b0\u1eddi. Nh\u1eefng con \u0111\u01b0\u1eddng quanh co qua nh\u1eefng bi\u1ec7t th\u1ef1 m\u00e0u ph\u1ea5n v\u00e0 nh\u1eefng con \u0111\u01b0\u1eddng d\u1ea1o b\u1ed9 r\u1ee3p b\u00f3ng c\u00e2y v\u00e2n sam \u0111\u1ec3 h\u1ed9i t\u1ee5 t\u1ea1i su\u1ed1i kho\u00e1ng \u0111\u00e3 t\u1ea1o n\u00ean danh ti\u1ebfng c\u1ee7a n\u01a1i n\u00e0y; b\u00ean d\u01b0\u1edbi l\u1edbp v\u1ecf b\u00ecnh l\u1eb7ng l\u00e0 nh\u1eefng c\u00e2u chuy\u1ec7n v\u1ec1 \u0111\u1ebf ch\u1ebf v\u00e0 qu\u1ed1c gia, xung \u0111\u1ed9t v\u00e0 h\u00f2a gi\u1ea3i, kh\u00e1m ph\u00e1 khoa h\u1ecdc v\u00e0 s\u1ef1 th\u00e0nh th\u1ea1o c\u1ee7a ngh\u1ec1 th\u1ee7 c\u00f4ng. \u0110i qua nh\u1eefng con ph\u1ed1 c\u1ee7a n\u01a1i n\u00e0y l\u00e0 ch\u1ee9ng ki\u1ebfn \u200b\u200bc\u00e1ch d\u00f2ng ch\u1ea3y c\u1ee7a l\u1ecbch s\u1eed c\u00f3 th\u1ec3 \u0111\u01b0\u1ee3c d\u1eabn d\u1eaft m\u1ed9t c\u00e1ch c\u00f3 ch\u1ee7 \u0111\u00edch nh\u01b0 d\u00f2ng n\u01b0\u1edbc c\u1ee7a su\u1ed1i Donat\u2014\u0111\u01b0\u1ee3c d\u1eabn d\u1eaft b\u1edfi b\u00e0n tay con ng\u01b0\u1eddi v\u00e0o nh\u1eefng ngu\u1ed3n su\u1ed1i c\u1ee7a b\u1ea3n s\u1eafc c\u1ed9ng \u0111\u1ed3ng v\u00e0 h\u1ea1nh ph\u00fac.<\/p>\n<p>M\u1eb7c d\u00f9 c\u00f3 quy m\u00f4 khi\u00eam t\u1ed1n, Roga\u0161ka Slatina v\u1eabn c\u00f3 s\u1ee9c hi\u1ec7n di\u1ec7n v\u01b0\u1ee3t xa con s\u1ed1 th\u1ed1ng k\u00ea d\u00e2n s\u1ed1. N\u01a1i \u0111\u00e2y l\u00e0 minh ch\u1ee9ng cho s\u1ee9c h\u1ea5p d\u1eabn b\u1ec1n b\u1ec9 c\u1ee7a n\u01b0\u1edbc kho\u00e1ng v\u00e0 c\u00e1c h\u1ec7 sinh th\u00e1i x\u00e3 h\u1ed9i v\u0103n h\u00f3a h\u1ee3p nh\u1ea5t xung quanh ch\u00fang; ch\u1ee9ng minh cho kh\u1ea3 n\u0103ng c\u1ee7a c\u00e1c th\u1ecb tr\u1ea5n nh\u1ecf \u0111\u00f3ng vai tr\u00f2 l\u00e0 ng\u00e3 t\u01b0 c\u1ee7a \u0111\u1ebf ch\u1ebf, trung t\u00e2m \u0111\u1ed5i m\u1edbi tr\u1ecb li\u1ec7u v\u00e0 l\u00f2 luy\u1ec7n c\u1ee7a n\u1ed7 l\u1ef1c ngh\u1ec7 thu\u1eadt. Tr\u00ean h\u1ebft, n\u01a1i \u0111\u00e2y nh\u1eafc nh\u1edf ng\u01b0\u1eddi quan s\u00e1t r\u1eb1ng \u0111\u1ecba \u0111i\u1ec3m n\u00e0y - \u0111\u01b0\u1ee3c h\u00ecnh th\u00e0nh b\u1edfi c\u1ea3 \u0111\u1ecba ch\u1ea5t v\u00e0 \u0111\u1ecba ch\u00ednh tr\u1ecb - c\u00f3 th\u1ec3 mang l\u1ea1i c\u1ea3 s\u1ef1 tr\u1ebb h\u00f3a cho c\u01a1 th\u1ec3 v\u00e0 bi\u00ean ni\u00ean s\u1eed v\u1ec1 s\u1ef1 ki\u00ean tr\u00ec c\u1ee7a con ng\u01b0\u1eddi, lu\u00f4n s\u1eb5n s\u00e0ng \u0111\u01b0\u1ee3c kh\u1eafc tr\u00ean b\u1ea3n th\u1ea3o c\u1ee7a th\u1eddi gian.<\/p>","protected":false},"excerpt":{"rendered":"<p>Roga\u0161ka Slatina, n\u1eb1m \u1edf ph\u00eda \u0111\u00f4ng Slovenia, l\u00e0 khu \u0111\u1ecbnh c\u01b0 ch\u00ednh v\u00e0 trung t\u00e2m h\u00e0nh ch\u00ednh c\u1ee7a Th\u00e0nh ph\u1ed1 Roga\u0161ka Slatina, v\u1edbi d\u00e2n s\u1ed1 kho\u1ea3ng 5.000 ng\u01b0\u1eddi. N\u1ed5i ti\u1ebfng v\u1edbi n\u01b0\u1edbc kho\u00e1ng tr\u1ecb li\u1ec7u, c\u01a1 s\u1edf spa h\u1ea1ng nh\u1ea5t v\u00e0 tay ngh\u1ec1 ch\u1ebf t\u00e1c th\u1ee7y tinh pha l\u00ea tuy\u1ec7t v\u1eddi, \u0111\u1ecba \u0111i\u1ec3m xinh \u0111\u1eb9p n\u00e0y n\u1ed5i ti\u1ebfng v\u00ec thu h\u00fat kh\u00e1ch du l\u1ecbch ngh\u1ec9 d\u01b0\u1ee1ng s\u1ee9c kh\u1ecfe c\u1ee7a Slovenia.<\/p>","protected":false},"author":1,"featured_media":17513,"parent":13345,"menu_order":0,"comment_status":"closed","ping_status":"closed","template":"elementor_theme","meta":{"_eb_attr":"","footnotes":""},"class_list":["post-17306","page","type-page","status-publish","has-post-thumbnail"],"_links":{"self":[{"href":"https:\/\/travelshelper.com\/vi\/wp-json\/wp\/v2\/pages\/17306","targetHints":{"allow":["GET"]}}],"collection":[{"href":"https:\/\/travelshelper.com\/vi\/wp-json\/wp\/v2\/pages"}],"about":[{"href":"https:\/\/travelshelper.com\/vi\/wp-json\/wp\/v2\/types\/page"}],"author":[{"embeddable":true,"href":"https:\/\/travelshelper.com\/vi\/wp-json\/wp\/v2\/users\/1"}],"replies":[{"embeddable":true,"href":"https:\/\/travelshelper.com\/vi\/wp-json\/wp\/v2\/comments?post=17306"}],"version-history":[{"count":0,"href":"https:\/\/travelshelper.com\/vi\/wp-json\/wp\/v2\/pages\/17306\/revisions"}],"up":[{"embeddable":true,"href":"https:\/\/travelshelper.com\/vi\/wp-json\/wp\/v2\/pages\/13345"}],"wp:featuredmedia":[{"embeddable":true,"href":"https:\/\/travelshelper.com\/vi\/wp-json\/wp\/v2\/media\/17513"}],"wp:attachment":[{"href":"https:\/\/travelshelper.com\/vi\/wp-json\/wp\/v2\/media?parent=17306"}],"curies":[{"name":"wp","href":"https:\/\/api.w.org\/{rel}","templated":true}]}}