{"id":17293,"date":"2024-09-26T00:14:10","date_gmt":"2024-09-26T00:14:10","guid":{"rendered":"https:\/\/travelshelper.com\/staging\/?page_id=17293"},"modified":"2026-03-12T22:52:27","modified_gmt":"2026-03-12T22:52:27","slug":"dolenjske-toplice","status":"publish","type":"page","link":"https:\/\/travelshelper.com\/vi\/destinations\/europe\/slovenia\/dolenjske-toplice\/","title":{"rendered":"Dolenjske Toplice"},"content":{"rendered":"<p>Dolenjske Toplice, m\u1ed9t khu \u0111\u1ecbnh c\u01b0 c\u00f3 kho\u1ea3ng ch\u00edn tr\u0103m c\u01b0 d\u00e2n n\u1eb1m \u1edf ph\u00eda \u0111\u00f4ng nam Slovenia g\u1ea7n th\u00e0nh ph\u1ed1 Novo Mesto, \u0111\u00f3ng vai tr\u00f2 l\u00e0 trung t\u00e2m h\u00e0nh ch\u00ednh c\u1ee7a th\u00e0nh ph\u1ed1 c\u00f9ng t\u00ean; n\u1eb1m trong v\u00f9ng truy\u1ec1n th\u1ed1ng c\u1ee7a H\u1ea1 Carniola v\u00e0 k\u1ec3 t\u1eeb khi c\u00f3 c\u1ea3i c\u00e1ch h\u00e0nh ch\u00ednh c\u1ee7a Slovenia, \u0111\u01b0\u1ee3c bao g\u1ed3m trong V\u00f9ng th\u1ed1ng k\u00ea \u0110\u00f4ng Nam Slovenia, th\u1ecb tr\u1ea5n n\u00e0y n\u1eb1m tr\u00ean b\u1edd s\u00f4ng Su\u0161ica - n\u01a1i c\u00f3 ngu\u1ed3n n\u01b0\u1edbc h\u00f2a v\u00e0o s\u00f4ng Krka c\u00e1ch \u0111\u00f3 kho\u1ea3ng hai km v\u1ec1 ph\u00eda b\u1eafc - v\u00e0 n\u1ed5i ti\u1ebfng tr\u00ean h\u1ebft v\u00ec c\u00e1c ph\u00f2ng t\u1eafm n\u01b0\u1edbc n\u00f3ng, c\u00f3 ngu\u1ed3n g\u1ed1c t\u1eeb n\u0103m 1658 d\u01b0\u1edbi s\u1ef1 b\u1ea3o tr\u1ee3 c\u1ee7a B\u00e1 t\u01b0\u1edbc Auersperg.<\/p>\n<p>T\u1eeb g\u00f3c nh\u00ecn c\u1ee7a m\u1ed9t du kh\u00e1ch \u0111\u1ebfn nh\u1eefng ng\u1ecdn \u0111\u1ed3i nh\u1ea5p nh\u00f4 nh\u1eb9 nh\u00e0ng \u00f4m \u1ea5p Dolenjske Toplice, khu \u0111\u1ecbnh c\u01b0 n\u00e0y hi\u1ec7n ra nh\u01b0 m\u1ed9t b\u1ee9c tranh gh\u00e9p \u0111an xen c\u1ee7a nh\u1eefng m\u1eb7t ti\u1ec1n m\u00e0u ph\u1ea5n v\u00e0 nh\u1eefng h\u00e0nh lang ven s\u00f4ng xanh t\u01b0\u01a1i: Su\u0161ica ch\u1ea3y ch\u1eadm r\u00e3i qua trung t\u00e2m ng\u00f4i l\u00e0ng, nh\u1eefng g\u1ee3n s\u00f3ng c\u1ee7a n\u00f3 ph\u1ea3n \u00e1nh h\u00e0ng th\u1ebf k\u1ef7 c\u01b0 tr\u00fa c\u1ee7a con ng\u01b0\u1eddi v\u00e0 s\u1ef1 t\u00f2 m\u00f2 v\u1ec1 \u0111\u1ecba ch\u1ea5t. N\u1eb1m tr\u00ean m\u1ed9t s\u1ed1 \u0111\u1ee9t g\u00e3y ki\u1ebfn \u200b\u200bt\u1ea1o, v\u00f9ng \u0111\u1ea5t b\u00ean d\u01b0\u1edbi Dolenjske Toplice cho ph\u00e9p n\u01b0\u1edbc thi\u00ean th\u1ea1ch lao s\u00e2u v\u00e0o l\u1edbp v\u1ecf Tr\u00e1i \u0111\u1ea5t, n\u01a1i ch\u00fang t\u00edch t\u1ee5 nhi\u1ec7t tr\u01b0\u1edbc khi m\u1ed9t l\u1ea7n n\u1eefa n\u1ed5i l\u00ean b\u1ec1 m\u1eb7t nh\u01b0 nh\u1eefng su\u1ed1i n\u01b0\u1edbc gi\u00e0u kho\u00e1ng ch\u1ea5t c\u00f3 danh ti\u1ebfng tr\u1ecb li\u1ec7u k\u00e9o d\u00e0i qua bi\u00ean ni\u00ean s\u1eed c\u1ee7a k\u00fd \u1ee9c \u0111\u1ecba ph\u01b0\u01a1ng. M\u1eb7c d\u00f9 tho\u1ea1t nh\u00ecn, c\u00e1c d\u00f2ng ch\u1ea3y c\u00f3 v\u1ebb kh\u00f4ng c\u00f3 g\u00ec \u0111\u00e1ng ch\u00fa \u00fd, nh\u01b0ng thu\u1eadt gi\u1ea3 kim ng\u1ea7m n\u00e0y \u0111\u00e3 truy\u1ec1n cho th\u1ecb tr\u1ea5n m\u1ed9t l\u00fd do t\u1ed3n t\u1ea1i - l\u00fd do kh\u00f4ng ch\u1ec9 \u0111\u1ecbnh h\u00ecnh n\u00ean n\u1ec1n kinh t\u1ebf m\u00e0 c\u00f2n c\u1ea3 b\u1ea3n s\u1eafc c\u1ee7a th\u1ecb tr\u1ea5n th\u00f4ng qua nh\u1eefng \u0111\u1ee3t th\u1ee7y tri\u1ec1u thay \u0111\u1ed5i c\u1ee7a l\u1ecbch s\u1eed.<\/p>\n<p>H\u1ed3 s\u01a1 l\u1ecbch s\u1eed cung c\u1ea5p th\u00eam k\u1ebft c\u1ea5u cho c\u00e1c t\u00ean g\u1ecdi \u0111ang ph\u00e1t tri\u1ec3n c\u1ee7a th\u1ecb tr\u1ea5n: \u0111\u1ea7u ti\u00ean \u0111\u01b0\u1ee3c ghi l\u1ea1i l\u00e0 &#034;Topliz&#034; v\u00e0o n\u0103m 1228 v\u00e0 sau \u0111\u00f3 l\u00e0 &#034;Toplicz&#034; v\u00e0o n\u0103m 1328, khu \u0111\u1ecbnh c\u01b0 mang danh t\u1eeb ti\u1ebfng Slovenia \u0111\u01a1n gi\u1ea3n c\u00f3 ngh\u0129a l\u00e0 &#034;su\u1ed1i n\u01b0\u1edbc n\u00f3ng&#034;, ch\u1ee9ng th\u1ef1c cho c\u1ea3 hi\u1ec7n t\u01b0\u1ee3ng t\u1ef1 nhi\u00ean \u1edf c\u1ed1t l\u00f5i c\u1ee7a n\u00f3 v\u00e0 c\u00e1c d\u00f2ng ng\u00f4n ng\u1eef c\u1ee7a th\u1eddi \u0111\u1ea1i \u0111\u00f3. D\u01b0\u1edbi s\u1ef1 th\u1ed1ng tr\u1ecb c\u1ee7a Habsburg, t\u00ean ti\u1ebfng \u0110\u1ee9c &#034;T\u00f6plitz&#034; \u0111\u00e3 \u0111\u01b0\u1ee3c s\u1eed d\u1ee5ng, m\u1ed9t t\u1eeb b\u1ea3n \u0111\u1ecba song song t\u1ed3n t\u1ea1i cho \u0111\u1ebfn gi\u1eefa th\u1ebf k\u1ef7 20. V\u00e0o n\u0103m 1953, nh\u01b0 m\u1ed9t ph\u1ea7n c\u1ee7a qu\u00e1 tr\u00ecnh chu\u1ea9n h\u00f3a r\u1ed9ng r\u00e3i h\u01a1n sau chi\u1ebfn tranh v\u1ec1 t\u00ean \u0111\u1ecba danh ti\u1ebfng Slovenia, t\u00ean g\u1ecdi \u0111\u00e3 \u0111\u01b0\u1ee3c ch\u00ednh th\u1ee9c \u0111\u1ed5i t\u1eeb Toplice th\u00e0nh Dolenjske Toplice\u2014m\u1ed9t t\u00ean g\u1ecdi \u0111\u1ed3ng th\u1eddi kh\u1eb3ng \u0111\u1ecbnh l\u1ea1i di s\u1ea3n H\u1ea1 Carniolan c\u1ee7a khu \u0111\u1ecbnh c\u01b0 v\u00e0 ph\u00e2n bi\u1ec7t n\u00f3 v\u1edbi c\u00e1c \u0111\u1ecba ph\u01b0\u01a1ng c\u00f3 t\u00ean t\u01b0\u01a1ng t\u1ef1 kh\u00e1c. Th\u00f4ng qua m\u1ed7i l\u1ea7n chuy\u1ec3n \u0111\u1ed5i danh ngh\u0129a, b\u1ea3n ch\u1ea5t c\u1ee7a th\u1ecb tr\u1ea5n v\u1eabn kh\u00f4ng \u0111\u1ed5i: m\u1ed9t \u0111i\u1ec3m t\u1eadp trung c\u1ee7a s\u1ee9c s\u1ed1ng \u0111\u1ecba nhi\u1ec7t \u0111\u01b0\u1ee3c l\u01b0u gi\u1eef trong c\u00e1c \u0111\u01b0\u1eddng n\u00e9t r\u1ed9ng h\u01a1n c\u1ee7a l\u1ecbch s\u1eed v\u0103n h\u00f3a v\u00e0 t\u1ef1 nhi\u00ean c\u1ee7a Slovenia.<\/p>\n<p>Vi\u1ec7c th\u00e0nh l\u1eadp ch\u00ednh th\u1ee9c c\u00e1c ph\u00f2ng t\u1eafm n\u01b0\u1edbc n\u00f3ng v\u00e0o n\u0103m 1658 \u0111\u00e1nh d\u1ea5u m\u1ed9t b\u01b0\u1edbc ngo\u1eb7t quy\u1ebft \u0111\u1ecbnh trong c\u00e2u chuy\u1ec7n c\u1ee7a th\u1ecb tr\u1ea5n, v\u00ec v\u00e0o th\u1eddi \u0111i\u1ec3m \u0111\u00f3, B\u00e1 t\u01b0\u1edbc Auersperg, b\u1ecb thu h\u00fat b\u1edfi c\u1ea3 ni\u1ec1m tin th\u1ef1c nghi\u1ec7m v\u00e0 l\u1eddi h\u1ee9a v\u1ec1 s\u1ef1 b\u1ea3o tr\u1ee3 cao qu\u00fd, \u0111\u00e3 \u1ee7y quy\u1ec1n x\u00e2y d\u1ef1ng nh\u1eefng nh\u00e0 t\u1eafm \u0111\u1ea7u ti\u00ean tr\u00ean c\u00e1c su\u1ed1i n\u01b0\u1edbc n\u00f3ng m\u1edbi n\u1ed5i. N\u1ed7 l\u1ef1c c\u1ee7a h\u1ecd \u0111\u00e3 m\u1edf ra m\u1ed9t truy\u1ec1n th\u1ed1ng li\u00ean t\u1ee5c v\u1ec1 s\u1ee9c kh\u1ecfe, trong nhi\u1ec1u th\u1ebf k\u1ef7 ti\u1ebfp theo, s\u1ebd t\u00edch l\u0169y c\u00e1c l\u1edbp \u00fd ngh\u0129a v\u1ec1 ki\u1ebfn \u200b\u200btr\u00fac, khoa h\u1ecdc v\u00e0 x\u00e3 h\u1ed9i. C\u00e1c c\u1ea5u tr\u00fac ban \u0111\u1ea7u, khi\u00eam t\u1ed1n theo ti\u00eau chu\u1ea9n \u0111\u01b0\u01a1ng th\u1eddi, mang \u0111\u1ebfn cho du kh\u00e1ch s\u1ef1 \u0111\u1eafm m\u00ecnh th\u00f4 s\u01a1 trong l\u00e0n n\u01b0\u1edbc tr\u1ecb li\u1ec7u; nh\u01b0ng ngay c\u1ea3 v\u00e0o th\u1eddi \u0111i\u1ec3m ban \u0111\u1ea7u \u0111\u00f3, nguy\u00ean t\u1eafc \u0111\u00e3 r\u00f5 r\u00e0ng: nhi\u1ec7t \u0111\u1ed9 b\u00ean d\u01b0\u1edbi b\u1ec1 m\u1eb7t, \u0111\u01b0\u1ee3c l\u1ecdc qua c\u00e1c t\u1ea7ng ch\u1ee9a \u0111\u1ea7y kho\u00e1ng ch\u1ea5t, mang l\u1ea1i nh\u1eefng ph\u1ea9m ch\u1ea5t ph\u1ee5c h\u1ed3i m\u00e0 c\u01b0 d\u00e2n \u0111\u1ecba ph\u01b0\u01a1ng t\u1eeb l\u00e2u \u0111\u00e3 t\u00f4n k\u00ednh.<\/p>\n<p>Ti\u1ebfn v\u00e0o cu\u1ed1i th\u1ebf k\u1ef7 XVIII v\u00e0 \u0111\u1ea7u th\u1ebf k\u1ef7 XIX, Dolenjske Toplice \u0111\u00e3 tr\u1ea3i qua s\u1ef1 t\u0103ng tr\u01b0\u1edfng gia t\u0103ng khi c\u00e1c ho\u1ea1t \u0111\u1ed9ng t\u1eafm di chuy\u1ec3n t\u1eeb l\u0129nh v\u1ef1c \u1ea9n d\u1eadt c\u1ee7a tu vi\u1ec7n v\u00e0 qu\u00fd t\u1ed9c sang l\u0129nh v\u1ef1c du l\u1ecbch y t\u1ebf. C\u00e1c b\u00e1c s\u0129 v\u00e0 nh\u00e0 tri\u1ebft h\u1ecdc t\u1ef1 nhi\u00ean th\u1eddi Khai s\u00e1ng \u0111\u00e3 h\u00e0nh h\u01b0\u01a1ng \u0111\u1ebfn c\u00e1c su\u1ed1i n\u01b0\u1edbc n\u00f3ng, b\u1ecb thu h\u00fat b\u1edfi c\u00e1c chuy\u00ean lu\u1eadn ca ng\u1ee3i kh\u1ea3 n\u0103ng ch\u1eefa b\u1ec7nh c\u1ee7a li\u1ec7u ph\u00e1p th\u1ee7y tr\u1ecb li\u1ec7u. Nhu c\u1ea7u ph\u00e1t sinh \u0111\u00e3 th\u00fac \u0111\u1ea9y s\u1ef1 m\u1edf r\u1ed9ng c\u00e1c c\u01a1 s\u1edf c\u1ed9ng \u0111\u1ed3ng v\u00e0 s\u1ef1 gia t\u0103ng d\u1ea7n d\u1ea7n c\u00e1c nh\u00e0 ngh\u1ec9 ph\u1ee5c v\u1ee5 cho ng\u01b0\u1eddi b\u1ec7nh, ng\u01b0\u1eddi nh\u00e0n r\u1ed7i v\u00e0 nh\u1eefng ng\u01b0\u1eddi t\u00ecm ki\u1ebfm s\u1ef1 ngh\u1ec9 ng\u01a1i ph\u00f2ng b\u1ec7nh. Trong giai \u0111o\u1ea1n n\u00e0y, v\u1ed1n t\u1eeb v\u1ef1ng ki\u1ebfn \u200b\u200btr\u00fac c\u1ee7a th\u1ecb tr\u1ea5n \u0111\u00e3 m\u1edf r\u1ed9ng - c\u00e1c c\u1ed5ng v\u00f2m c\u1ed5 \u0111i\u1ec3n v\u00e0 m\u1eb7t ti\u1ec1n \u0111\u1ed1i x\u1ee9ng m\u1ecdc l\u00ean \u0111\u1ec3 \u0111\u00e1p \u1ee9ng v\u1edbi l\u01b0\u1ee3ng kh\u00e1ch h\u00e0ng ng\u00e0y c\u00e0ng t\u0103ng - nh\u01b0ng lu\u00f4n kh\u00f4ng l\u00e0m lu m\u1edd c\u00e1c truy\u1ec1n th\u1ed1ng b\u1ea3n \u0111\u1ecba \u0111\u00e3 c\u00f3 tr\u01b0\u1edbc ch\u00fang.<\/p>\n<p>V\u00e0o cu\u1ed1i th\u1ebf k\u1ef7 19, khi \u0111\u01b0\u1eddng s\u1eaft l\u1eadp bi\u1ec3u \u0111\u1ed3 c\u00e1c \u0111\u1ed9ng m\u1ea1ch m\u1edbi tr\u00ean kh\u1eafp c\u00e1c v\u00f9ng \u0111\u1ea5t Habsburg, Dolenjske Toplice th\u1ea5y m\u00ecnh \u0111\u01b0\u1ee3c k\u1ebft n\u1ed1i v\u1edbi m\u1ed9t m\u1ea1ng l\u01b0\u1edbi c\u00e1c \u0111i\u1ec3m \u0111\u1ebfn ch\u0103m s\u00f3c s\u1ee9c kh\u1ecfe r\u1ed9ng l\u1edbn h\u01a1n c\u1ee7a ch\u00e2u \u00c2u, ngay c\u1ea3 khi n\u00f3 v\u1eabn gi\u1eef \u0111\u01b0\u1ee3c b\u1ea3n s\u1eafc ri\u00eang c\u1ee7a m\u00ecnh. \u0110\u1ea7u m\u00e1y xe l\u1eeda ch\u1ea1y b\u1eb1ng h\u01a1i n\u01b0\u1edbc \u0111\u00e3 nh\u1ea3 ra nh\u1eefng du kh\u00e1ch c\u00f3 h\u00e0nh tr\u00ecnh tr\u1ea3i d\u00e0i kh\u1eafp c\u00e1c t\u1ec9nh v\u00e0 \u0111\u1ebf ch\u1ebf; nh\u1eefng ng\u01b0\u1eddi t\u1ea1m tr\u00fa n\u00e0y, sau khi \u0111\u00e3 \u0111i qua nh\u1eefng kho\u1ea3ng c\u00e1ch xa x\u00f4i, \u0111\u00e3 t\u00ecm ki\u1ebfm s\u1ef1 tho\u1ea3i m\u00e1i trong c\u00f9ng m\u1ed9t v\u00f9ng n\u01b0\u1edbc \u1ea5m \u0111\u00e3 nu\u00f4i d\u01b0\u1ee1ng nh\u1eefng ng\u01b0\u1eddi ch\u1ee7 nh\u00e0 Slovenia c\u1ee7a h\u1ecd trong nhi\u1ec1u th\u1ebf h\u1ec7. Gi\u1eefa s\u1ef1 l\u00ean xu\u1ed1ng c\u1ee7a \u0111\u00f4 th\u1ecb n\u00e0y, khu \u0111\u1ecbnh c\u01b0 \u0111\u00e3 t\u1ea1o n\u00ean m\u1ed9t nh\u1ecbp \u0111i\u1ec7u tao nh\u00e3 - nh\u1eefng \u0111\u1ea1i l\u1ed9 c\u1ee7a n\u00f3 \u0111\u01b0\u1ee3c bao quanh b\u1edfi nh\u1eefng c\u00e2y d\u1ebb, l\u1ed1i \u0111i d\u1ea1o \u0111\u01b0\u1ee3c th\u1eafp s\u00e1ng b\u1edfi nh\u1eefng c\u1ed9t \u0111\u00e8n trang tr\u00ed c\u00f4ng phu, c\u00e1c c\u01a1 s\u1edf nhi\u1ec7t c\u1ee7a n\u00f3 \u0111\u01b0\u1ee3c qu\u1ea3n l\u00fd b\u1edfi c\u00e1c b\u00e1c s\u0129 k\u1ebft h\u1ee3p quan s\u00e1t th\u1ef1c nghi\u1ec7m v\u1edbi truy\u1ec1n th\u1ed1ng l\u00e2u \u0111\u1eddi c\u1ee7a nh\u1eefng ng\u01b0\u1eddi ch\u1eefa b\u1ec7nh \u0111\u1ecba ph\u01b0\u01a1ng.<\/p>\n<p>Th\u1ebf k\u1ef7 XX mang theo nh\u1eefng bi\u1ebfn \u0111\u1ed5i ch\u00ednh tr\u1ecb ch\u1ea5n \u0111\u1ed9ng, t\u1eeb s\u1ef1 gi\u1ea3i th\u1ec3 c\u1ee7a c\u00e1c \u0111\u1ebf ch\u1ebf \u0111\u1ebfn nh\u1eefng bi\u1ebfn \u0111\u1ed9ng c\u1ee7a xung \u0111\u1ed9t to\u00e0n c\u1ea7u. Qua nh\u1eefng th\u0103ng tr\u1ea7m n\u00e0y, spa v\u1eabn l\u00e0 m\u1ecf neo kinh t\u1ebf c\u1ee7a th\u1ecb tr\u1ea5n, su\u1ed1i n\u01b0\u1edbc n\u00f3ng c\u1ee7a th\u1ecb tr\u1ea5n l\u00e0 ngu\u1ed3n an \u1ee7i v\u00e0 sinh k\u1ebf li\u00ean t\u1ee5c. V\u1edbi vi\u1ec7c \u0111\u1ed5i t\u00ean th\u00e0nh Dolenjske Toplice v\u00e0o n\u0103m 1953, c\u1ed9ng \u0111\u1ed3ng \u0111\u00e3 \u0111\u00f3n nh\u1eadn tinh th\u1ea7n ch\u1ee7 quy\u1ec1n m\u1edbi c\u1ee7a Slovenia, ngay c\u1ea3 khi h\u1ecd \u0111i\u1ec1u ch\u1ec9nh c\u01a1 s\u1edf h\u1ea1 t\u1ea7ng c\u1ee7a m\u00ecnh theo nhu c\u1ea7u c\u1ea5p thi\u1ebft c\u1ee7a du l\u1ecbch hi\u1ec7n \u0111\u1ea1i. C\u00e1c kh\u00e1ch s\u1ea1n c\u00f3 quy m\u00f4 kh\u00e1c nhau \u0111\u00e3 xu\u1ea5t hi\u1ec7n, cung c\u1ea5p ch\u1ed7 \u1edf t\u1eeb nh\u00e0 ngh\u1ec9 \u1ea5m c\u00fang \u0111\u1ebfn c\u00e1c c\u01a1 s\u1edf l\u1edbn h\u01a1n, nhi\u1ec1u ti\u1ec7n nghi h\u01a1n; c\u00e1c ch\u1ebf \u0111\u1ed9 ch\u1eefa b\u1ec7nh ng\u00e0y c\u00e0ng \u0111\u01b0\u1ee3c m\u00e3 h\u00f3a trong khu\u00f4n kh\u1ed5 khoa h\u1ecdc y t\u1ebf v\u00e0 \u0111\u1ebfn cu\u1ed1i th\u1ebf k\u1ef7 XX, khu ph\u1ee9c h\u1ee3p spa \u0111\u00e3 ph\u00e1t tri\u1ec3n th\u00e0nh m\u1ed9t doanh nghi\u1ec7p \u0111a n\u0103ng bao g\u1ed3m c\u00e1c d\u1ecbch v\u1ee5 kh\u00e1ch s\u1ea1n, ph\u01b0\u01a1ng ph\u00e1p \u0111i\u1ec1u tr\u1ecb ch\u0103m s\u00f3c s\u1ee9c kh\u1ecfe v\u00e0 h\u1ed3 b\u01a1i chuy\u00ean d\u1ee5ng.<\/p>\n<p>Ng\u00e0y nay, khu ph\u1ee9c h\u1ee3p spa l\u00e0 d\u1ef1 \u00e1n th\u01b0\u01a1ng m\u1ea1i ch\u00ednh c\u1ee7a khu \u0111\u1ecbnh c\u01b0, ki\u1ebfn \u200b\u200btr\u00fac c\u1ee7a n\u00f3 l\u00e0 s\u1ef1 k\u1ebft h\u1ee3p h\u00e0i h\u00f2a gi\u1eefa thi\u1ebft k\u1ebf \u0111\u01b0\u01a1ng \u0111\u1ea1i v\u00e0 h\u1ecda ti\u1ebft truy\u1ec1n th\u1ed1ng. C\u00e1c kh\u00e1ch s\u1ea1n n\u1eb1m theo m\u1ed9t \u0111\u01b0\u1eddng th\u1eb3ng nh\u1eb9 nh\u00e0ng v\u1edbi d\u00f2ng s\u00f4ng, m\u1eb7t ti\u1ec1n c\u1ee7a ch\u00fang ph\u1ea3n chi\u1ebfu nh\u1eefng s\u1eafc th\u00e1i d\u1ecbu nh\u1eb9 c\u1ee7a khu r\u1eebng xung quanh. B\u00ean trong, m\u1ed9t c\u01a1 s\u1edf ch\u0103m s\u00f3c s\u1ee9c kh\u1ecfe hi\u1ec7n \u0111\u1ea1i cung c\u1ea5p m\u1ed9t lo\u1ea1t c\u00e1c li\u1ec7u ph\u00e1p: m\u00e1t-xa th\u1ee7y l\u1ef1c, qu\u1ea5n kho\u00e1ng ch\u1ea5t v\u00e0 c\u00e1c ch\u1ebf \u0111\u1ed9 v\u1eadt l\u00fd tr\u1ecb li\u1ec7u \u0111\u1ec1u c\u00f3 hi\u1ec7u qu\u1ea3 t\u1eeb c\u00f9ng m\u1ed9t ngu\u1ed3n \u0111\u1ecba nhi\u1ec7t \u0111\u00e3 thu h\u00fat B\u00e1 t\u01b0\u1edbc Auersperg l\u1ea7n \u0111\u1ea7u ti\u00ean. C\u00e1c h\u1ed3 b\u01a1i\u2014m\u1ed9t s\u1ed1 h\u1ed3 ngo\u00e0i tr\u1eddi, m\u1ed9t s\u1ed1 h\u1ed3 kh\u00e1c \u0111\u01b0\u1ee3c che ch\u1eafn b\u00ean d\u01b0\u1edbi c\u00e1c gian h\u00e0ng b\u1eb1ng k\u00ednh\u2014m\u1eddi g\u1ecdi c\u1ea3 s\u1ef1 th\u01b0 gi\u00e3n v\u00e0 ph\u1ee5c h\u1ed3i ch\u1ee9c n\u0103ng: c\u00e1c gia \u0111\u00ecnh l\u01b0\u1edbt nh\u1eb9 qua l\u00e0n n\u01b0\u1edbc \u1ea5m v\u00e0o bu\u1ed5i tr\u01b0a, trong khi nh\u1eefng ng\u01b0\u1eddi \u0111ang d\u01b0\u1ee1ng b\u1ec7nh ti\u1ebfn h\u00e0nh c\u00e1c b\u00e0i t\u1eadp d\u01b0\u1edbi n\u01b0\u1edbc theo ch\u1ec9 \u0111\u1ecbnh b\u00ean d\u01b0\u1edbi tr\u1ea7n nh\u00e0 h\u00ecnh v\u00f2m. S\u1ef1 k\u1ebft h\u1ee3p gi\u1eefa truy\u1ec1n th\u1ed1ng v\u00e0 \u0111\u1ed5i m\u1edbi n\u00e0y \u0111\u00e3 c\u1ee7ng c\u1ed1 danh ti\u1ebfng c\u1ee7a Dolenjske Toplice nh\u01b0 m\u1ed9t \u0111i\u1ec3m \u0111\u1ebfn du l\u1ecbch s\u1ee9c kh\u1ecfe h\u00e0ng \u0111\u1ea7u c\u1ee7a Slovenia, m\u1ed9t n\u01a1i m\u00e0 s\u1ef1 nghi\u00eam ng\u1eb7t theo kinh nghi\u1ec7m v\u00e0 ph\u01b0\u01a1ng ph\u00e1p th\u1ef1c h\u00e0nh l\u00e2u \u0111\u1eddi k\u1ebft h\u1ee3p l\u1ea1i.<\/p>\n<p>Tuy nhi\u00ean, s\u1ee9c s\u1ed1ng c\u1ee7a th\u1ecb tr\u1ea5n n\u00e0y c\u00f2n v\u01b0\u1ee3t ra ngo\u00e0i n\u1ec1n kinh t\u1ebf spa c\u1ee7a n\u00f3. Di s\u1ea3n ki\u1ebfn \u200b\u200btr\u00fac v\u00e0 v\u0103n h\u00f3a vang v\u1ecdng qua c\u00e1c con \u0111\u01b0\u1eddng v\u00e0 kh\u00f4ng gian c\u1ed9ng \u0111\u1ed3ng, kh\u00f4ng c\u00f3 g\u00ec g\u1ee3i c\u1ea3m h\u01a1n nh\u00e0 th\u1edd gi\u00e1o x\u1ee9 d\u00e0nh ri\u00eang cho Th\u00e1nh Anne. Ban \u0111\u1ea7u \u0111\u01b0\u1ee3c x\u00e2y d\u1ef1ng theo phong c\u00e1ch Gothic\u2014nh\u1eefng b\u1ee9c t\u01b0\u1eddng c\u00f3 tr\u1ee5 \u0111\u1ee1 v\u00e0 c\u1eeda s\u1ed5 h\u00ecnh m\u0169i m\u00e1c minh ch\u1ee9ng cho ngh\u1ec1 th\u1ee7 c\u00f4ng t\u00f4n gi\u00e1o th\u1eddi trung c\u1ed5\u2014nh\u00e0 th\u1edd \u0111\u00e3 tr\u1ea3i qua m\u1ed9t cu\u1ed9c c\u1ea3i t\u1ea1o theo phong c\u00e1ch Baroque v\u00e0o cu\u1ed1i th\u1ebf k\u1ef7 XVII, c\u00f3 th\u00eam c\u00e1c b\u1ec7 th\u1edd trang tr\u00ed c\u00f4ng phu v\u00e0 t\u1ed5 ch\u1ee9c kh\u00f4ng gian quanh co h\u01a1n. L\u00e0 m\u1ed9t th\u00e0nh ph\u1ea7n c\u1ee7a Gi\u00e1o ph\u1eadn C\u00f4ng gi\u00e1o La M\u00e3 Novo Mesto, nh\u00e0 th\u1edd kh\u00f4ng ch\u1ec9 neo gi\u1eef c\u00e1c t\u00edn \u0111\u1ed3 c\u1ee7a Dolenjske Toplice m\u00e0 c\u00f2n c\u1ea3 c\u00e1c gi\u00e1o x\u1ee9 n\u00f4ng th\u00f4n xung quanh l\u00e0 Soteska, Ko\u010devske Poljane v\u00e0 Ur\u0161na Sela. M\u1eb7c d\u00f9 nh\u1eefng c\u1ed9ng \u0111\u1ed3ng xa x\u00f4i n\u00e0y th\u01b0\u1eddng thi\u1ebfu gi\u00e1o s\u0129 th\u01b0\u1eddng tr\u00fa, gi\u00e1o x\u1ee9 Dolenjske Toplice \u0111\u00e3 m\u1edf r\u1ed9ng ph\u1ea1m vi m\u1ee5c v\u1ee5 c\u1ee7a m\u00ecnh ra ngo\u00e0i ranh gi\u1edbi th\u00e0nh ph\u1ed1, cung c\u1ea5p d\u1ecbch v\u1ee5 ch\u0103m s\u00f3c b\u00ed t\u00edch v\u00e0 c\u00e1c d\u1ecbch v\u1ee5 ph\u1ee5ng v\u1ee5 g\u1eafn k\u1ebft khu v\u1ef1c n\u00e0y th\u00e0nh m\u1ed9t c\u1ea5u tr\u00fac t\u00e2m linh th\u1ed1ng nh\u1ea5t.<\/p>","protected":false},"excerpt":{"rendered":"<p>Dolenjske Toplice, m\u1ed9t th\u1ecb tr\u1ea5n \u0111\u1eb9p nh\u01b0 tranh v\u1ebd g\u1ea7n Novo Mesto \u1edf mi\u1ec1n nam Slovenia, c\u00f3 d\u00e2n s\u1ed1 kho\u1ea3ng 900 ng\u01b0\u1eddi. N\u1eb1m d\u1ecdc theo S\u00f4ng Su\u0161ica, ng\u00f4i l\u00e0ng nh\u1ecf n\u00e0y l\u00e0 th\u1ee7 ph\u1ee7 c\u1ee7a \u0110\u00f4 th\u1ecb Dolenjske Toplice. C\u00e1c b\u1ed3n t\u1eafm n\u01b0\u1edbc n\u00f3ng c\u1ee7a th\u1ecb tr\u1ea5n n\u00e0y, n\u01a1i \u0111\u00e3 thu h\u00fat du kh\u00e1ch trong nhi\u1ec1u n\u0103m, r\u1ea5t n\u1ed5i ti\u1ebfng.<\/p>","protected":false},"author":1,"featured_media":17465,"parent":13345,"menu_order":0,"comment_status":"closed","ping_status":"closed","template":"elementor_theme","meta":{"_eb_attr":"","footnotes":""},"class_list":["post-17293","page","type-page","status-publish","has-post-thumbnail"],"_links":{"self":[{"href":"https:\/\/travelshelper.com\/vi\/wp-json\/wp\/v2\/pages\/17293","targetHints":{"allow":["GET"]}}],"collection":[{"href":"https:\/\/travelshelper.com\/vi\/wp-json\/wp\/v2\/pages"}],"about":[{"href":"https:\/\/travelshelper.com\/vi\/wp-json\/wp\/v2\/types\/page"}],"author":[{"embeddable":true,"href":"https:\/\/travelshelper.com\/vi\/wp-json\/wp\/v2\/users\/1"}],"replies":[{"embeddable":true,"href":"https:\/\/travelshelper.com\/vi\/wp-json\/wp\/v2\/comments?post=17293"}],"version-history":[{"count":0,"href":"https:\/\/travelshelper.com\/vi\/wp-json\/wp\/v2\/pages\/17293\/revisions"}],"up":[{"embeddable":true,"href":"https:\/\/travelshelper.com\/vi\/wp-json\/wp\/v2\/pages\/13345"}],"wp:featuredmedia":[{"embeddable":true,"href":"https:\/\/travelshelper.com\/vi\/wp-json\/wp\/v2\/media\/17465"}],"wp:attachment":[{"href":"https:\/\/travelshelper.com\/vi\/wp-json\/wp\/v2\/media?parent=17293"}],"curies":[{"name":"wp","href":"https:\/\/api.w.org\/{rel}","templated":true}]}}