{"id":17137,"date":"2024-09-25T16:54:31","date_gmt":"2024-09-25T16:54:31","guid":{"rendered":"https:\/\/travelshelper.com\/staging\/?page_id=17137"},"modified":"2026-03-12T22:10:54","modified_gmt":"2026-03-12T22:10:54","slug":"banja-vrujci","status":"publish","type":"page","link":"https:\/\/travelshelper.com\/vi\/destinations\/europe\/serbia\/banja-vrujci\/","title":{"rendered":"Banja Vrujci"},"content":{"rendered":"<p>Banja Vrujci n\u1eb1m trong m\u1ed9t thung l\u0169ng h\u1eb9p d\u01b0\u1edbi ch\u00e2n n\u00fai Suvobor, trong \u0111\u00f4 th\u1ecb Mionica \u1edf Qu\u1eadn Kolubara c\u1ee7a Serbia. N\u1eb1m c\u00e1ch Belgrade ch\u00edn m\u01b0\u01a1i hai km v\u1ec1 ph\u00eda t\u00e2y \u1edf \u0111\u1ed9 cao 180 m\u00e9t so v\u1edbi m\u1ef1c n\u01b0\u1edbc bi\u1ec3n, n\u1eb1m gi\u1eefa c\u00e1c th\u1ecb tr\u1ea5n Mionica v\u00e0 Ljig. M\u1eb7c d\u00f9 s\u1ed1 li\u1ec7u d\u00e2n s\u1ed1 ch\u00ednh x\u00e1c kh\u00f4ng \u0111\u01b0\u1ee3c c\u00f4ng b\u1ed1, nh\u01b0ng \u0111\u1eb7c \u0111i\u1ec3m c\u1ee7a khu \u0111\u1ecbnh c\u01b0 n\u00e0y b\u1eaft ngu\u1ed3n t\u1eeb c\u00e1c su\u1ed1i n\u01b0\u1edbc n\u00f3ng, n\u01a1i \u0111\u00e3 h\u1ed7 tr\u1ee3 cho m\u1ed9t c\u1ed9ng \u0111\u1ed3ng spa, m\u1ed9t doanh nghi\u1ec7p n\u01b0\u1edbc \u0111\u00f3ng chai, m\u1ed9t nh\u00e0 m\u00e1y n\u01b0\u1edbc kho\u00e1ng v\u00e0 c\u01a1 s\u1edf h\u1ea1 t\u1ea7ng gi\u00e1o d\u1ee5c c\u01a1 b\u1ea3n.<\/p>\n<p>\u0110\u1ecba h\u00ecnh c\u1ee7a khu v\u1ef1c n\u00e0y k\u1ebft h\u1ee3p c\u00e1c s\u01b0\u1eddn d\u1ed1c thoai tho\u1ea3i v\u00e0 c\u00e1c th\u1ec1m ven s\u00f4ng m\u00e0 qua \u0111\u00f3 c\u00e1c con s\u00f4ng Gornja Toplica v\u00e0 Toplica ch\u1ea3y qua. Hai tuy\u1ebfn \u0111\u01b0\u1eddng th\u1ee7y n\u00e0y h\u1ed9i t\u1ee5 trong khu\u00f4n vi\u00ean spa tr\u01b0\u1edbc khi ti\u1ebfp t\u1ee5c v\u1ec1 ph\u00eda \u0111\u00f4ng h\u01b0\u1edbng \u0111\u1ebfn c\u00e1c h\u1ec7 th\u1ed1ng s\u00f4ng l\u1edbn h\u01a1n. \u0110\u1ed9 d\u1ed1c nh\u1eb9 c\u1ee7a thung l\u0169ng v\u00e0 v\u1ecb tr\u00ed g\u1ea7n kh\u1ed1i n\u00fai Suvobor t\u1ea1o ra c\u00e1c \u0111i\u1ec1u ki\u1ec7n vi kh\u00ed h\u1eadu l\u00e0m t\u0103ng th\u00eam s\u1ee9c h\u1ea5p d\u1eabn c\u1ee7a c\u00e1c ho\u1ea1t \u0111\u1ed9ng ngo\u00e0i tr\u1eddi v\u00e0 th\u00fac \u0111\u1ea9y kh\u00f4ng kh\u00ed trong l\u00e0nh, th\u00f4ng tho\u00e1ng trong nh\u1eefng th\u00e1ng \u1ea5m h\u01a1n.<\/p>\n<p>C\u00e1c cu\u1ed9c kh\u1ea3o s\u00e1t th\u1ee7y v\u0103n ph\u00e2n lo\u1ea1i \u0111\u1ea7u ra nhi\u1ec7t l\u00e0 m\u1ed9t su\u1ed1i kho\u00e1ng \u00edt kho\u00e1ng, canxi-magi\u00ea, xu\u1ea5t hi\u1ec7n \u1edf nhi\u1ec7t \u0111\u1ed9 trung b\u00ecnh t\u1eeb 26 \u0111\u1ebfn 27 \u0111\u1ed9 C. C\u00e1c th\u00f4ng s\u1ed1 n\u00e0y cho th\u1ea5y n\u1ed3ng \u0111\u1ed9 t\u1ed5ng ch\u1ea5t r\u1eafn h\u00f2a tan th\u1ea5p nh\u01b0ng v\u1eabn cung c\u1ea5p s\u1ef1 c\u00e2n b\u1eb1ng kho\u00e1ng ch\u1ea5t th\u01b0\u1eddng \u0111\u01b0\u1ee3c khuy\u1ebfn ngh\u1ecb trong ng\u00e0nh t\u1eafm n\u01b0\u1edbc n\u00f3ng. T\u1ed1c \u0111\u1ed9 d\u00f2ng ch\u1ea3y kh\u00f4ng \u0111\u1ed5i \u0111\u1ea3m b\u1ea3o r\u1eb1ng c\u00e1c h\u1ed3 b\u01a1i v\u00e0 k\u00eanh trong spa duy tr\u00ec n\u01b0\u1edbc ng\u1ecdt, kh\u00f4ng b\u1ecb \u1ee9 \u0111\u1ecdng, trong su\u1ed1t c\u1ea3 n\u0103m.<\/p>\n<p>Ng\u01b0\u1eddi d\u00e2n v\u00e0 du kh\u00e1ch s\u1eed d\u1ee5ng n\u01b0\u1edbc kho\u00e1ng n\u00f3ng cho c\u1ea3 li\u1ec7u ph\u00e1p b\u00ean ngo\u00e0i v\u00e0 b\u00ean trong. C\u00e1c b\u1ed3n t\u1eafm khai th\u00e1c n\u01b0\u1edbc \u1ea5m \u0111\u1ec3 l\u00e0m gi\u1ea3m c\u00e1c t\u00ecnh tr\u1ea1ng nh\u01b0 r\u1ed1i lo\u1ea1n th\u1ea5p kh\u1edbp tho\u00e1i h\u00f3a v\u00e0 vi\u00eam, \u0111au th\u1ea7n kinh t\u1ecda v\u00e0 gi\u00e3n t\u0129nh m\u1ea1ch. C\u00e1c b\u00e1c s\u0129 v\u00e0 k\u1ef9 thu\u1eadt vi\u00ean spa c\u0169ng k\u00ea \u0111\u01a1n thu\u1ed1c u\u1ed1ng cho c\u00e1c ch\u1ec9 \u0111\u1ecbnh v\u1ec1 \u0111\u01b0\u1eddng ti\u00eau h\u00f3a v\u00e0 chuy\u1ec3n h\u00f3a, trong khi c\u00e1c \u1ee9ng d\u1ee5ng v\u1ec1 da li\u1ec5u gi\u1ea3i quy\u1ebft nhi\u1ec1u b\u1ec7nh ngo\u00e0i da m\u00e3n t\u00ednh v\u00e0 c\u1ea5p t\u00ednh th\u00f4ng qua vi\u1ec7c ng\u00e2m m\u00ecnh c\u00f3 ki\u1ec3m so\u00e1t v\u00e0 c\u00e1c ph\u01b0\u01a1ng ph\u00e1p \u0111i\u1ec1u tr\u1ecb b\u1eb1ng b\u00f9n t\u1ea1i ch\u1ed7.<\/p>\n<p>B\u1ed1 tr\u00ed ki\u1ebfn \u200b\u200btr\u00fac c\u1ee7a khu ph\u1ee9c h\u1ee3p t\u1eafm l\u00e0 duy nh\u1ea5t \u1edf Serbia. C\u00e1c k\u1ef9 s\u01b0 \u0111\u00e3 x\u00e2y d\u1ef1ng c\u00e1c h\u1ed3 b\u01a1i ngay ph\u00eda tr\u00ean c\u00e1c ngu\u1ed3n su\u1ed1i, cho ph\u00e9p n\u01b0\u1edbc kho\u00e1ng l\u01b0u th\u00f4ng li\u00ean t\u1ee5c. Thi\u1ebft k\u1ebf d\u00f2ng ch\u1ea3y t\u1ef1 do n\u00e0y lo\u1ea1i b\u1ecf nhu c\u1ea7u kh\u1eed tr\u00f9ng b\u1eb1ng clo ho\u1eb7c h\u1ec7 th\u1ed1ng tu\u1ea7n ho\u00e0n, do \u0111\u00f3 b\u1ea3o t\u1ed3n th\u00e0nh ph\u1ea7n t\u1ef1 nhi\u00ean c\u1ee7a n\u01b0\u1edbc n\u00f3ng. Do \u0111\u00f3, du kh\u00e1ch s\u1ebd \u0111\u01b0\u1ee3c b\u1ed5 sung li\u00ean t\u1ee5c n\u01b0\u1edbc \u1ea5m, t\u01b0\u01a1i m\u00e1t trong c\u00e1c bu\u1ed5i tr\u1ecb li\u1ec7u.<\/p>\n<p>B\u1eb1ng ch\u1ee9ng kh\u1ea3o c\u1ed5 h\u1ecdc v\u00e0 d\u00e2n t\u1ed9c h\u1ecdc ch\u1ec9 ra ho\u1ea1t \u0111\u1ed9ng c\u1ee7a con ng\u01b0\u1eddi xung quanh su\u1ed1i Vrujci t\u1eeb th\u1eddi c\u1ed5 \u0111\u1ea1i. C\u00e1c hi\u1ec7n v\u1eadt v\u00e0 t\u00e0n t\u00edch c\u1ee7a nh\u1eefng ng\u00f4i nh\u00e0 nguy\u00ean th\u1ee7y cho th\u1ea5y r\u1eb1ng c\u00e1c c\u1ed9ng \u0111\u1ed3ng \u0111\u00e3 nh\u1eadn ra \u0111\u1eb7c t\u00ednh c\u1ee7a su\u1ed1i t\u1eeb r\u1ea5t l\u00e2u tr\u01b0\u1edbc khi ph\u00e1t tri\u1ec3n ch\u00ednh th\u1ee9c. \u0110\u1ecba \u0111i\u1ec3m n\u00e0y ho\u1ea1t \u0111\u1ed9ng kh\u00f4ng ch\u00ednh th\u1ee9c nh\u01b0 m\u1ed9t spa hoang d\u00e3 cho \u0111\u1ebfn n\u0103m 1935, khi ch\u00ednh quy\u1ec1n th\u00e0nh l\u1eadp c\u00e1c c\u01a1 s\u1edf c\u00f3 c\u1ea5u tr\u00fac v\u00e0 ch\u00ednh th\u1ee9c ch\u1ec9 \u0111\u1ecbnh Vrujci l\u00e0 khu ngh\u1ec9 d\u01b0\u1ee1ng s\u1ee9c kh\u1ecfe c\u1ee7a ng\u01b0\u1eddi d\u00e2n d\u01b0\u1edbi s\u1ef1 qu\u1ea3n l\u00fd c\u1ee7a nh\u00e0 n\u01b0\u1edbc.<\/p>\n<p>Truy\u1ec1n thuy\u1ebft \u0111\u1ecba ph\u01b0\u01a1ng li\u00ean k\u1ebft c\u00e1c su\u1ed1i v\u1edbi nh\u00e2n v\u1eadt th\u1eddi trung c\u1ed5 Milan Toplica, ng\u01b0\u1eddi \u0111\u01b0\u1ee3c cho l\u00e0 \u0111\u00e3 duy tr\u00ec m\u1ed9t cung \u0111i\u1ec7n tr\u00ean b\u1edd s\u00f4ng. Bi\u1ec7t danh c\u1ee7a \u00f4ng b\u1eaft ngu\u1ed3n t\u1eeb t\u1eeb Toplica, bi\u1ec3u th\u1ecb s\u1ef1 \u1ea5m \u00e1p ho\u1eb7c nhi\u1ec7t trong ti\u1ebfng Serbia. M\u1ed9t c\u00e2u chuy\u1ec7n kh\u00e1c k\u1ec3 r\u1eb1ng qu\u00e2n \u0111\u1ed9i Serbia b\u1ecb th\u01b0\u01a1ng trong Tr\u1eadn Kolubara n\u0103m 1914 \u0111\u00e3 t\u1eafm trong d\u00f2ng s\u00f4ng n\u01b0\u1edbc n\u00f3ng \u0111\u1ec3 \u0111\u1ea9y nhanh qu\u00e1 tr\u00ecnh ph\u1ee5c h\u1ed3i. C\u00e2u chuy\u1ec7n n\u00e0y v\u1eabn \u0111\u01b0\u1ee3c ng\u01b0\u1eddi d\u00e2n \u0111\u1ecba ph\u01b0\u01a1ng l\u01b0u truy\u1ec1n nh\u01b0 m\u1ed9t minh ch\u1ee9ng cho hi\u1ec7u qu\u1ea3 \u0111\u01b0\u1ee3c cho l\u00e0 c\u1ee7a n\u01b0\u1edbc trong vi\u1ec7c ch\u0103m s\u00f3c v\u1ebft th\u01b0\u01a1ng v\u00e0 ph\u1ee5c h\u1ed3i s\u1ee9c kh\u1ecfe.<\/p>\n<p>Trong nh\u1eefng th\u1eadp k\u1ef7 g\u1ea7n \u0111\u00e2y, khu \u0111\u1ecbnh c\u01b0 n\u00e0y \u0111\u00e3 \u0111a d\u1ea1ng h\u00f3a c\u01a1 s\u1edf kinh t\u1ebf c\u1ee7a m\u00ecnh. Su\u1ed1i n\u01b0\u1edbc t\u1ef1 nhi\u00ean \u0111\u00f3ng vai tr\u00f2 l\u00e0 ngu\u1ed3n cung c\u1ea5p n\u01b0\u1edbc \u0111\u00f3ng chai th\u01b0\u01a1ng hi\u1ec7u Voda Voda, \u0111\u01b0\u1ee3c ph\u00e2n ph\u1ed1i tr\u00ean kh\u1eafp \u0110\u00f4ng \u00c2u v\u00e0 m\u1ed9t s\u1ed1 v\u00f9ng c\u1ee7a Ch\u00e2u \u00c1. N\u1eb1m c\u1ea1nh nh\u00e0 m\u00e1y \u0111\u00f3ng chai, nh\u00e0 m\u00e1y Sinalko ch\u1ebf bi\u1ebfn n\u01b0\u1edbc kho\u00e1ng \u0111\u1ecba ph\u01b0\u01a1ng th\u00e0nh c\u00e1c s\u1ea3n ph\u1ea9m n\u01b0\u1edbc gi\u1ea3i kh\u00e1t. C\u1ed9ng \u0111\u1ed3ng spa c\u0169ng duy tr\u00ec m\u1ed9t tr\u01b0\u1eddng ti\u1ec3u h\u1ecdc cho \u0111\u1ebfn l\u1edbp t\u00e1m, ph\u1ea3n \u00e1nh s\u1ef1 k\u1ebft h\u1ee3p gi\u1eefa cu\u1ed9c s\u1ed1ng d\u00e2n c\u01b0 v\u1edbi du l\u1ecbch v\u00e0 c\u00f4ng nghi\u1ec7p.<\/p>\n<p>Ngo\u00e0i c\u00e1c ho\u1ea1t \u0111\u1ed9ng y t\u1ebf v\u00e0 th\u01b0\u01a1ng m\u1ea1i, Banja Vrujci c\u00f2n ph\u1ee5c v\u1ee5 cho c\u00e1c ho\u1ea1t \u0111\u1ed9ng gi\u1ea3i tr\u00ed v\u00e0 th\u01b0 gi\u00e3n n\u00f3i chung. Nh\u1eefng ng\u1ecdn \u0111\u1ed3i v\u00e0 b\u1edd s\u00f4ng xung quanh c\u00f3 nh\u1eefng l\u1ed1i \u0111i b\u1ed9 \u0111\u01b0\u1ee3c \u0111\u00e1nh d\u1ea5u b\u0103ng qua r\u1eebng s\u1ed3i v\u00e0 r\u1eebng s\u1ed3i h\u1ed7n h\u1ee3p. Nh\u1eefng ng\u01b0\u1eddi c\u00e2u c\u00e1 th\u01b0\u1eddng xuy\u00ean \u0111\u1ebfn c\u00e1c d\u00f2ng su\u1ed1i Toplica \u0111\u1ec3 c\u00e2u c\u00e1 h\u1ed3i, trong khi c\u00e1c b\u00e3i \u0111\u1ea5t tr\u1ed1ng \u0111\u01b0\u1ee3c ch\u1ec9 \u0111\u1ecbnh h\u1ed7 tr\u1ee3 c\u1eafm tr\u1ea1i theo m\u00f9a. S\u1ef1 k\u1ebft h\u1ee3p gi\u1eefa \u0111\u1ecba h\u00ecnh \u00f4n h\u00f2a v\u00e0 c\u00e1c \u0111\u1eb7c \u0111i\u1ec3m c\u1ee7a n\u01b0\u1edbc khi\u1ebfn \u0111\u1ecba \u0111i\u1ec3m n\u00e0y ph\u00f9 h\u1ee3p cho c\u00e1c k\u1ef3 ngh\u1ec9 gia \u0111\u00ecnh v\u00e0 ngh\u1ec9 ng\u01a1i c\u00e1 nh\u00e2n.<\/p>\n<p>Kh\u1ea3 n\u0103ng ti\u1ebfp c\u1eadn g\u00f3p ph\u1ea7n v\u00e0o s\u1ef1 b\u1ea3o tr\u1ee3 li\u00ean t\u1ee5c c\u1ee7a spa. M\u1ed9t xa l\u1ed9 khu v\u1ef1c \u0111\u01b0\u1ee3c b\u1ea3o d\u01b0\u1ee1ng t\u1ed1t k\u1ebft n\u1ed1i \u0111\u1ecba \u0111i\u1ec3m n\u00e0y v\u1edbi Belgrade trong v\u00f2ng ch\u01b0a \u0111\u1ea7y hai gi\u1edd b\u1eb1ng \u00f4 t\u00f4. Pan\u010devo n\u1eb1m c\u00e1ch m\u1ed9t tr\u0103m m\u01b0\u1eddi ba km v\u1ec1 ph\u00eda \u0111\u00f4ng b\u1eafc, Obrenovac c\u00e1ch s\u00e1u m\u01b0\u01a1i l\u0103m km v\u1ec1 ph\u00eda \u0111\u00f4ng nam, Valjevo c\u00e1ch ba m\u01b0\u01a1i km v\u1ec1 ph\u00eda t\u00e2y nam, \u010ca\u010dak c\u00e1ch s\u00e1u m\u01b0\u01a1i hai km v\u1ec1 ph\u00eda nam v\u00e0 Novi Sad c\u00e1ch m\u1ed9t tr\u0103m b\u1ea3y m\u01b0\u01a1i km v\u1ec1 ph\u00eda b\u1eafc. Xe bu\u00fdt nh\u1ecf c\u00f4ng c\u1ed9ng v\u00e0 c\u00e1c tour du l\u1ecbch c\u00f3 t\u1ed5 ch\u1ee9c th\u1ec9nh tho\u1ea3ng b\u1ed5 sung cho c\u00e1c l\u1ef1a ch\u1ecdn ph\u01b0\u01a1ng ti\u1ec7n giao th\u00f4ng c\u00e1 nh\u00e2n.<\/p>\n<p>Khu v\u1ef1c xung quanh Banja Vrujci m\u1edf r\u1ed9ng ph\u1ea1m vi kh\u00e1m ph\u00e1 v\u0103n h\u00f3a v\u00e0 l\u1ecbch s\u1eed. N\u0103m km v\u1ec1 ph\u00eda nam, ng\u00f4i l\u00e0ng Struganik l\u01b0u gi\u1eef n\u01a1i sinh c\u1ee7a Th\u1ed1ng ch\u1ebf \u017divojin Mi\u0161i\u0107, v\u1edbi m\u1ed9t b\u1ea3o t\u00e0ng nh\u1ecf d\u00e0nh ri\u00eang cho vai tr\u00f2 c\u1ee7a \u00f4ng trong Th\u1ebf chi\u1ebfn th\u1ee9 nh\u1ea5t. B\u1ea3y km ng\u01b0\u1ee3c d\u00f2ng s\u00f4ng l\u00e0 Hang Ribnica v\u00e0 Nh\u00e0 th\u1edd St. Peter v\u00e0 Paul, c\u1ea3 hai \u0111\u1ec1u c\u00f3 th\u1ec3 ti\u1ebfp c\u1eadn th\u00f4ng qua m\u1ed9t con \u0111\u01b0\u1eddng m\u00f2n thoai tho\u1ea3i d\u1ecdc theo S\u00f4ng Ribnica.<\/p>\n<p>Di s\u1ea3n tu vi\u1ec7n xu\u1ea5t hi\u1ec7n trong b\u00e1n k\u00ednh hai m\u01b0\u01a1i ba km. Tu vi\u1ec7n Bogova\u0111a c\u00f3 ki\u1ebfn \u200b\u200btr\u00fac th\u1ebf k\u1ef7 XVII v\u00e0 ngh\u1ec7 thu\u1eadt ph\u1ee5ng v\u1ee5 Ch\u00ednh th\u1ed1ng gi\u00e1o. \u1ede c\u00e1ch \u0111\u00f3 ba m\u01b0\u01a1i ba km, Tu vi\u1ec7n \u0106elije ph\u1ea3n \u00e1nh thi\u1ebft k\u1ebf t\u00f4n gi\u00e1o \u0111\u1ea7u th\u1ebf k\u1ef7 XX do Gi\u00e1m m\u1ee5c Nikolaj Velimirovi\u0107 \u1ee7y quy\u1ec1n. Nhi\u1ec1u \u0111\u1ecba \u0111i\u1ec3m t\u00f4n gi\u00e1o minh h\u1ecda cho s\u1ef1 ph\u00e2n t\u1ea7ng l\u1ecbch s\u1eed c\u1ee7a b\u1ea3n s\u1eafc t\u00e2m linh v\u00e0 c\u1ed9ng \u0111\u1ed3ng trong khu v\u1ef1c.<\/p>\n<p>\u0110\u1ed9 cao t\u1ef1 nhi\u00ean g\u1ea7n spa t\u1ea1o n\u00ean nh\u1eefng \u0111i\u1ec3m tham quan theo m\u00f9a. N\u00fai Rajac, c\u00e1ch \u0111\u00f3 23 km, t\u1ed5 ch\u1ee9c s\u1ef1 ki\u1ec7n l\u00e0m c\u1ecf kh\u00f4 h\u00e0ng n\u0103m v\u00e0o gi\u1eefa th\u00e1ng 7, n\u01a1i nh\u1eefng ng\u01b0\u1eddi tham gia th\u1ef1c h\u00e0nh c\u00e1c k\u1ef9 thu\u1eadt n\u00f4ng th\u00f4n truy\u1ec1n th\u1ed1ng. Xa h\u01a1n n\u1eefa, cao nguy\u00ean Div\u010dibare, c\u00e1ch 15 km v\u1ec1 ph\u00eda t\u00e2y, cung c\u1ea5p nh\u1eefng con \u0111\u01b0\u1eddng m\u00f2n \u1edf \u0111\u1ed9 cao l\u1edbn h\u01a1n v\u00e0 c\u00e1c c\u01a1 s\u1edf th\u1ec3 thao m\u00f9a \u0111\u00f4ng \u1edf \u0111\u1ed9 cao kho\u1ea3ng 800 m\u00e9t so v\u1edbi m\u1ef1c n\u01b0\u1edbc bi\u1ec3n.<\/p>\n<p>Mionica, trung t\u00e2m h\u00e0nh ch\u00ednh c\u1ee7a qu\u1eadn, n\u1eb1m c\u00e1ch \u0111\u00f3 m\u01b0\u1eddi km v\u1ec1 ph\u00eda t\u00e2y b\u1eafc. C\u00e1c ch\u1ee3, ph\u00f2ng kh\u00e1m s\u1ee9c kh\u1ecfe v\u00e0 d\u1ecbch v\u1ee5 \u0111\u00f4 th\u1ecb c\u1ee7a th\u1ecb tr\u1ea5n h\u1ed7 tr\u1ee3 c\u1ea3 c\u01b0 d\u00e2n th\u01b0\u1eddng tr\u00fa v\u00e0 kh\u00e1ch \u0111\u1ebfn spa. Nh\u1eefng con \u0111\u01b0\u1eddng h\u1eb9p n\u1ed1i li\u1ec1n c\u00e1c ng\u00f4i l\u00e0ng nh\u1ecf h\u01a1n nh\u01b0 Pa\u0161tri\u0107 v\u00e0 Berkovac, t\u1ea1o \u0111i\u1ec1u ki\u1ec7n cho du l\u1ecbch n\u00f4ng th\u00f4n v\u00e0 c\u00e1c h\u1ed9i ch\u1ee3 th\u1ee7 c\u00f4ng m\u1ef9 ngh\u1ec7 th\u1ec9nh tho\u1ea3ng gi\u1edbi thi\u1ec7u c\u00e1c s\u1ea3n ph\u1ea9m th\u1ee7 c\u00f4ng v\u00e0 n\u00f4ng s\u1ea3n \u0111\u1ecba ph\u01b0\u01a1ng.<\/p>\n<p>K\u1ebf ho\u1ea1ch m\u1edf r\u1ed9ng c\u00e1c c\u01a1 s\u1edf spa bao g\u1ed3m ho\u00e0n th\u00e0nh trung t\u00e2m \u201cPrva Nova Banja\u201d. Khi \u0111i v\u00e0o ho\u1ea1t \u0111\u1ed9ng, n\u01a1i n\u00e0y s\u1ebd cung c\u1ea5p m\u1ed9t khu ph\u1ee9c h\u1ee3p th\u1ed1ng nh\u1ea5t g\u1ed3m c\u00e1c ph\u00f2ng tr\u1ecb li\u1ec7u, h\u1ed3 b\u01a1i trong nh\u00e0, ph\u00f2ng ch\u0103m s\u00f3c s\u1ee9c kh\u1ecfe v\u00e0 kh\u00f4ng gian h\u1ed9i ngh\u1ecb. Nh\u1eefng ng\u01b0\u1eddi \u1ee7ng h\u1ed9 kh\u1eb3ng \u0111\u1ecbnh r\u1eb1ng d\u1ef1 \u00e1n s\u1ebd t\u00edch h\u1ee3p thi\u1ebft k\u1ebf \u0111\u01b0\u01a1ng \u0111\u1ea1i v\u1edbi s\u1ef1 nh\u1ea1y c\u1ea3m v\u1edbi m\u00f4i tr\u01b0\u1eddng, s\u1eed d\u1ee5ng v\u1eadt li\u1ec7u b\u1ec1n v\u1eefng v\u00e0 b\u1ea3o t\u1ed3n \u0111\u1eb7c t\u00ednh d\u00f2ng ch\u1ea3y t\u1ef1 do c\u1ee7a su\u1ed1i n\u01b0\u1edbc n\u00f3ng.<\/p>\n<p>S\u1ef1 h\u1ea5p d\u1eabn c\u1ee7a Banja Vrujci n\u1eb1m \u1edf s\u1ef1 giao thoa gi\u1eefa khoa h\u1ecdc \u1ee9ng d\u1ee5ng v\u00e0 cu\u1ed9c s\u1ed1ng c\u1ed9ng \u0111\u1ed3ng nh\u1eb9 nh\u00e0ng. C\u00e1c su\u1ed1i n\u01b0\u1edbc n\u00f3ng \u1edf \u0111\u00e2y th\u1ec3 hi\u1ec7n c\u00e1c \u0111\u1eb7c t\u00ednh h\u00f3a h\u1ecdc \u0111\u01b0\u1ee3c c\u00e1c nh\u00e0 th\u1ee7y v\u0103n h\u1ecdc x\u00e1c nh\u1eadn, trong khi c\u00e1c c\u01a1 s\u1edf \u0111\u01b0\u1ee3c x\u00e2y d\u1ef1ng v\u1eabn b\u1ea3o t\u1ed3n c\u00e1c ph\u01b0\u01a1ng ph\u00e1p tr\u1ecb li\u1ec7u truy\u1ec1n th\u1ed1ng. Du kh\u00e1ch t\u00ecm ki\u1ebfm s\u1ef1 gi\u1ea3i tho\u00e1t kh\u1ecfi c\u00e1c t\u00ecnh tr\u1ea1ng b\u1ec7nh m\u00e3n t\u00ednh, c\u00e1c gia \u0111\u00ecnh t\u00ecm ki\u1ebfm ho\u1ea1t \u0111\u1ed9ng ngo\u00e0i tr\u1eddi v\u1eeba ph\u1ea3i v\u00e0 nh\u1eefng du kh\u00e1ch v\u0103n h\u00f3a t\u00ecm hi\u1ec3u l\u1ecbch s\u1eed khu v\u1ef1c c\u1ee7a Serbia \u0111\u1ec1u th\u1ea5y gi\u00e1 tr\u1ecb \u1edf \u0111\u00e2y. M\u1ed1i quan h\u1ec7 c\u1ee7a spa v\u1edbi c\u00e1c ngu\u1ed3n t\u00e0i nguy\u00ean thi\u00ean nhi\u00ean v\u1eabn kh\u00f4ng \u0111\u1ed5i trong b\u1ed1i c\u1ea3nh c\u00e1c ti\u00eau chu\u1ea9n l\u00e2m s\u00e0ng \u0111ang thay \u0111\u1ed5i v\u00e0 s\u1ef1 ph\u00e2n ph\u1ed1i r\u1ed9ng r\u00e3i h\u01a1n c\u1ee7a c\u00e1c lo\u1ea1i n\u01b0\u1edbc \u0111\u00f3ng chai.<\/p>","protected":false},"excerpt":{"rendered":"<p>N\u1eb1m \u1edf ph\u00eda t\u00e2y Serbia, Banja Vrujci l\u00e0 m\u1ed9t th\u1ecb tr\u1ea5n spa \u0111\u1eb9p nh\u01b0 tranh v\u1ebd \u0111\u00e3 thu h\u00fat du kh\u00e1ch v\u1edbi ngu\u1ed3n n\u01b0\u1edbc ch\u1eefa b\u1ec7nh v\u00e0 m\u00f4i tr\u01b0\u1eddng xung quanh y\u00ean t\u0129nh. N\u01a1i quy\u1ebfn r\u0169 n\u00e0y, n\u1eb1m quanh ch\u00e2n n\u00fai Suvobor v\u00e0 thung l\u0169ng s\u00f4ng Toplica, \u0111\u00e3 tr\u1edf th\u00e0nh n\u01a1i tr\u00fa \u1ea9n cho nh\u1eefng ng\u01b0\u1eddi t\u00ecm ki\u1ebfm li\u1ec7u ph\u00e1p \u0111i\u1ec1u tr\u1ecb v\u00e0 n\u01a1i tr\u1ed1n tho\u00e1t y\u00ean t\u0129nh kh\u1ecfi s\u1ef1 \u1ed3n \u00e0o c\u1ee7a cu\u1ed9c s\u1ed1ng \u0111\u00f4 th\u1ecb. M\u1eb7c d\u00f9 s\u1ed1 l\u01b0\u1ee3ng d\u00e2n s\u1ed1 ch\u00ednh x\u00e1c kh\u00f4ng \u0111\u01b0\u1ee3c c\u00f4ng b\u1ed1, nh\u01b0ng t\u1ea7m quan tr\u1ecdng c\u1ee7a th\u1ecb tr\u1ea5n n\u1eb1m \u1edf t\u00e0i nguy\u00ean thi\u00ean nhi\u00ean v\u00e0 s\u1ef1 li\u00ean quan \u0111\u1ebfn l\u1ecbch s\u1eed h\u01a1n l\u00e0 quy m\u00f4 c\u1ee7a n\u00f3.<\/p>","protected":false},"author":1,"featured_media":17476,"parent":13445,"menu_order":0,"comment_status":"closed","ping_status":"closed","template":"elementor_theme","meta":{"_eb_attr":"","footnotes":""},"class_list":["post-17137","page","type-page","status-publish","has-post-thumbnail"],"_links":{"self":[{"href":"https:\/\/travelshelper.com\/vi\/wp-json\/wp\/v2\/pages\/17137","targetHints":{"allow":["GET"]}}],"collection":[{"href":"https:\/\/travelshelper.com\/vi\/wp-json\/wp\/v2\/pages"}],"about":[{"href":"https:\/\/travelshelper.com\/vi\/wp-json\/wp\/v2\/types\/page"}],"author":[{"embeddable":true,"href":"https:\/\/travelshelper.com\/vi\/wp-json\/wp\/v2\/users\/1"}],"replies":[{"embeddable":true,"href":"https:\/\/travelshelper.com\/vi\/wp-json\/wp\/v2\/comments?post=17137"}],"version-history":[{"count":0,"href":"https:\/\/travelshelper.com\/vi\/wp-json\/wp\/v2\/pages\/17137\/revisions"}],"up":[{"embeddable":true,"href":"https:\/\/travelshelper.com\/vi\/wp-json\/wp\/v2\/pages\/13445"}],"wp:featuredmedia":[{"embeddable":true,"href":"https:\/\/travelshelper.com\/vi\/wp-json\/wp\/v2\/media\/17476"}],"wp:attachment":[{"href":"https:\/\/travelshelper.com\/vi\/wp-json\/wp\/v2\/media?parent=17137"}],"curies":[{"name":"wp","href":"https:\/\/api.w.org\/{rel}","templated":true}]}}