{"id":17029,"date":"2024-09-25T12:20:47","date_gmt":"2024-09-25T12:20:47","guid":{"rendered":"https:\/\/travelshelper.com\/staging\/?page_id=17029"},"modified":"2026-03-12T21:02:17","modified_gmt":"2026-03-12T21:02:17","slug":"baile-herculane","status":"publish","type":"page","link":"https:\/\/travelshelper.com\/vi\/destinations\/europe\/romania\/baile-herculane\/","title":{"rendered":"B\u0103ile Herculane"},"content":{"rendered":"<p>B\u0103ile Herculane n\u1eb1m \u1edf \u0111\u1ed9 cao 168 m\u00e9t trong thung l\u0169ng s\u00f4ng Cerna, n\u1eb1m gi\u1eefa d\u00e3y n\u00fai Mehedin\u0163i \u1edf ph\u00eda \u0111\u00f4ng v\u00e0 d\u00e3y n\u00fai Cerna \u1edf ph\u00eda t\u00e2y. V\u1edbi d\u00e2n s\u1ed1 3.787 ng\u01b0\u1eddi, th\u1ecb tr\u1ea5n spa Banat c\u1ee7a Romania n\u00e0y qu\u1ea3n l\u00fd ng\u00f4i l\u00e0ng Pecini\u015fca. Quy m\u00f4 khi\u00eam t\u1ed1n c\u1ee7a th\u1ecb tr\u1ea5n n\u00e0y che gi\u1ea5u l\u1ecbch s\u1eed c\u01b0 tr\u00fa li\u00ean t\u1ee5c c\u1ee7a con ng\u01b0\u1eddi k\u00e9o d\u00e0i t\u1eeb th\u1eddi k\u1ef3 \u0111\u1ed3 \u0111\u00e1 c\u0169. S\u1ee9c h\u1ea5p d\u1eabn l\u00e2u d\u00e0i c\u1ee7a B\u0103ile Herculane b\u1eaft ngu\u1ed3n t\u1eeb ngu\u1ed3n n\u01b0\u1edbc phun ra \u1edf nhi\u1ec7t \u0111\u1ed9 t\u1eeb 38\u00b0C \u0111\u1ebfn 60\u00b0C, ch\u1ee9a l\u01b0u hu\u1ef3nh, canxi, natri v\u00e0 c\u00e1c nguy\u00ean t\u1ed1 vi l\u01b0\u1ee3ng \u0111\u01b0\u1ee3c cho l\u00e0 mang l\u1ea1i l\u1ee3i \u00edch tr\u1ecb li\u1ec7u. Trong di\u1ec7n t\u00edch nh\u1ecf g\u1ecdn c\u1ee7a m\u00ecnh, th\u1ecb tr\u1ea5n n\u00e0y g\u00f3i g\u1ecdn h\u00e0ng thi\u00ean ni\u00ean k\u1ef7 n\u1ed7 l\u1ef1c c\u1ee7a con ng\u01b0\u1eddi, tham v\u1ecdng \u0111\u1ebf qu\u1ed1c v\u00e0 s\u1ef1 t\u00e1i t\u1ea1o hi\u1ec7n \u0111\u1ea1i.<\/p>\n<p>C\u00e1c cu\u1ed9c \u0111i\u1ec1u tra kh\u1ea3o c\u1ed5 h\u1ecdc t\u1ea1i Pe\u015ftera Ho\u0163ilor\u2014\u201cHang \u0111\u1ed9ng c\u1ee7a nh\u1eefng t\u00ean tr\u1ed9m\u201d\u2014\u0111\u00e3 ti\u1ebft l\u1ed9 c\u00e1c l\u1edbp c\u01b0 tr\u00fa li\u00ean ti\u1ebfp. C\u00e1c hi\u1ec7n v\u1eadt Mousterian ch\u1ee9ng th\u1ef1c s\u1ef1 hi\u1ec7n di\u1ec7n c\u1ee7a ng\u01b0\u1eddi Neanderthal, trong khi c\u00e1c t\u1eadp h\u1ee3p Epigravettian mu\u1ed9n n\u00f3i l\u00ean s\u1ef1 li\u00ean t\u1ee5c c\u1ee7a th\u1eddi k\u1ef3 \u0111\u1ed3 \u0111\u00e1 gi\u1eefa. C\u00e1c tr\u1ea7m t\u00edch th\u1eddi k\u1ef3 \u0111\u1ed3 \u0111\u00e1 m\u1edbi sau \u0111\u00f3 ch\u1ec9 ra c\u00e1c c\u1ed9ng \u0111\u1ed3ng n\u00f4ng nghi\u1ec7p \u0111\u1ecbnh c\u01b0 \u0111\u00e3 coi thung l\u0169ng Cerna v\u1eeba l\u00e0 n\u01a1i tr\u00fa \u1ea9n v\u1eeba l\u00e0 ngu\u1ed3n t\u00e0i nguy\u00ean. Ph\u1ea3 h\u1ec7 ti\u1ec1n s\u1eed s\u00e2u s\u1eafc n\u00e0y t\u1ea1o ti\u1ec1n \u0111\u1ec1 cho vi\u1ec7c ng\u01b0\u1eddi La M\u00e3 chi\u1ebfm \u0111o\u1ea1t \u0111\u1ecba \u0111i\u1ec3m n\u00e0y, khi h\u1ecd \u0111\u1eb7t t\u00ean cho n\u00f3 l\u00e0 Ad Aquas Herculis. Theo truy\u1ec1n thuy\u1ebft, Hercules \u0111\u00e3 d\u1eebng l\u1ea1i \u1edf \u0111\u00e2y \u0111\u1ec3 t\u1eafm; ng\u01b0\u1eddi La M\u00e3 \u0111\u00e3 ch\u1ea5p nh\u1eadn huy\u1ec1n tho\u1ea1i n\u00e0y, d\u1ef1ng l\u00ean c\u00e1c khu ph\u1ee9c h\u1ee3p t\u1eafm c\u00f4ng phu \u0111\u01b0\u1ee3c trang tr\u00ed b\u1eb1ng s\u00e1u b\u1ee9c t\u01b0\u1ee3ng \u0111\u1ea1i di\u1ec7n cho v\u1ecb \u00e1 th\u1ea7n. M\u1ed9t b\u1ea3n sao b\u1eb1ng \u0111\u1ed3ng c\u1ee7a m\u1ed9t t\u00e1c ph\u1ea9m \u0111i\u00eau kh\u1eafc nh\u01b0 v\u1eady, \u0111\u01b0\u1ee3c \u0111\u00fac v\u00e0o n\u0103m 1874, v\u1eabn ng\u1ef1 tr\u1ecb Qu\u1ea3ng tr\u01b0\u1eddng Hercules cho \u0111\u1ebfn ng\u00e0y nay.<\/p>\n<p>C\u00e1c c\u01a1 s\u1edf nhi\u1ec7t La M\u00e3, \u0111\u01b0\u1ee3c l\u1eadp b\u1ea3n \u0111\u1ed3 l\u1ea7n \u0111\u1ea7u ti\u00ean v\u00e0o n\u0103m 1774, cho th\u1ea5y m\u1ed9t d\u00e3y g\u1ed3m m\u01b0\u1eddi m\u1ed9t ph\u00f2ng \u0111\u01b0\u1ee3c b\u1ed1 tr\u00ed xung quanh hai h\u1ed3 b\u01a1i ch\u00ednh. B\u1ec3 b\u01a1i h\u00ecnh tr\u00f2n, \u0111\u01b0\u1eddng k\u00ednh n\u0103m m\u00e9t, \u0111i xu\u1ed1ng s\u00e0n b\u1eb1ng c\u00e1c b\u1eadc thang x\u1ebfp t\u1ea7ng; ph\u00eda sau n\u00f3 l\u00e0 m\u1ed9t b\u1ec3 h\u00ecnh ch\u1eef nh\u1eadt c\u00f3 k\u00edch th\u01b0\u1edbc 8 m\u00e9t x 4,2 m\u00e9t. Tr\u00ean b\u1edd s\u00f4ng d\u1ed1c, n\u0103m t\u00f2a nh\u00e0 ph\u1ee5 tr\u1ee3 che ch\u1edf cho c\u00e1c su\u1ed1i kh\u00e1c. D\u1ea5u ch\u00e2n ki\u1ebfn \u200b\u200btr\u00fac m\u1edf r\u1ed9ng \u0111\u1ebfn m\u1ed9t gi\u1ea3ng \u0111\u01b0\u1eddng - hi\u1ec7n \u0111\u00e3 b\u1ecb thu h\u1eb9p th\u00e0nh \u0111\u1ed1ng \u0111\u1ed5 n\u00e1t - n\u1eb1m c\u00e1ch b\u1edd tr\u00e1i c\u1ee7a con s\u00f4ng kho\u1ea3ng 43 m\u00e9t v\u1edbi \u0111\u01b0\u1eddng k\u00ednh ngo\u00e0i l\u00e0 47,4 m\u00e9t. C\u00e1c nh\u00e0 quy ho\u1ea1ch ng\u01b0\u1eddi \u00c1o v\u00e0o nh\u1eefng th\u1ebf k\u1ef7 sau \u0111\u00e3 b\u1ea3o t\u1ed3n nh\u1eefng di t\u00edch n\u00e0y b\u1eb1ng c\u00e1ch t\u00edch h\u1ee3p ch\u00fang v\u00e0o m\u1ed9t c\u00f4ng vi\u00ean c\u00f3 s\u00e2n hi\u00ean c\u00f3 b\u00e3i c\u1ecf th\u1eb3ng \u0111\u1ee9ng v\u00e0 nh\u1eefng l\u1ed1i \u0111i d\u1ea1o neo gi\u1eef trung t\u00e2m th\u1ecb tr\u1ea5n.<\/p>\n<p>Cu\u1ed9c tranh gi\u00e0nh \u0111\u1ebf qu\u1ed1c v\u00e0 s\u1ef1 h\u1ed7n lo\u1ea1n qu\u00e2n s\u1ef1 \u0111\u00e3 in d\u1ea5u l\u00ean B\u0103ile Herculane. V\u00e0o m\u00f9a h\u00e8 n\u0103m 1788, sau m\u1ed9t th\u1ea5t b\u1ea1i c\u1ee7a qu\u00e2n \u00c1o t\u1ea1i Mehadia, qu\u00e2n \u0111\u1ed9i Ottoman \u0111\u00e3 chi\u1ebfm th\u1ecb tr\u1ea5n v\u00e0o ng\u00e0y 7 th\u00e1ng 9 v\u00e0 ti\u1ebfn v\u1ec1 Caransebe\u015f. M\u01b0\u1eddi m\u1ed9t th\u00e1ng sau, v\u00e0o cu\u1ed1i th\u00e1ng 9 n\u0103m 1789, qu\u00e2n \u00c1o \u0111\u00e3 t\u00e1i kh\u1eb3ng \u0111\u1ecbnh quy\u1ec1n ki\u1ec3m so\u00e1t. Kh\u00f4ng b\u00ean n\u00e0o trong hai \u0111\u1ebf ch\u1ebf n\u00e0y n\u00e1n l\u1ea1i \u0111\u1ee7 l\u00e2u \u0111\u1ec3 d\u1ef1ng l\u00ean c\u00e1c t\u01b0\u1ee3ng \u0111\u00e0i m\u1edbi, nh\u01b0ng cu\u1ed9c \u0111\u1ee5ng \u0111\u1ed9 v\u0169 trang \u0111\u00e3 nh\u1ea5n m\u1ea1nh s\u1ee9c n\u1eb7ng chi\u1ebfn l\u01b0\u1ee3c c\u1ee7a h\u00e0nh lang Cerna. Nh\u1eefng th\u1ebf k\u1ef7 sau \u0111\u00f3 ch\u1ee9ng ki\u1ebfn \u200b\u200bs\u1ef1 \u0111\u1ea7u t\u01b0 c\u1ee7a Habsburg v\u00e0o spa, ngay c\u1ea3 khi c\u00e1c gi\u00e1o \u0111o\u00e0n Ch\u00ednh th\u1ed1ng gi\u00e1o v\u00e0 C\u00f4ng gi\u00e1o La M\u00e3 \u0111\u1ecba ph\u01b0\u01a1ng thi\u1ebft l\u1eadp \u0111\u01b0\u1ee3c ch\u1ed7 \u0111\u1ee9ng t\u00f4n gi\u00e1o l\u00e2u d\u00e0i \u1edf v\u00f9ng r\u00eca c\u1ee7a n\u00f3.<\/p>\n<p>V\u1ec1 m\u1eb7t kh\u00ed h\u1eadu, B\u0103ile Herculane \u0111\u01b0\u1ee3c ghi nh\u1eadn l\u00e0 l\u1ee5c \u0111\u1ecba \u1ea9m v\u1edbi c\u00e1c \u0111i\u1ec3m u\u1ed1n c\u1eadn \u0110\u1ecba Trung H\u1ea3i. M\u00f9a \u0111\u00f4ng l\u1ea1nh nh\u01b0ng \u0111\u01b0\u1ee3c \u0111i\u1ec1u h\u00f2a b\u1edfi v\u00f9ng tr\u0169ng n\u1ed9i n\u00fai, m\u00f9a h\u00e8 \u1ea5m \u00e1p nh\u01b0ng \u0111\u01b0\u1ee3c \u0111i\u1ec1u h\u00f2a b\u1edfi \u0111\u1ed9 cao. L\u01b0\u1ee3ng m\u01b0a ph\u00e2n b\u1ed1 t\u01b0\u01a1ng \u0111\u1ed1i \u0111\u1ec1u trong su\u1ed1t c\u1ea3 n\u0103m, duy tr\u00ec c\u1ea3 r\u1eebng r\u1eadm tr\u00ean c\u00e1c s\u01b0\u1eddn \u0111\u1ed3i li\u1ec1n k\u1ec1 v\u00e0 h\u1ec7 sinh th\u00e1i ven s\u00f4ng d\u1ecdc theo Cerna. S\u1ef1 ion h\u00f3a kh\u00ed quy\u1ec3n, m\u1ed9t hi\u1ec7n t\u01b0\u1ee3ng \u0111\u01b0\u1ee3c cho l\u00e0 do s\u1ef1 t\u01b0\u01a1ng t\u00e1c c\u1ee7a h\u01a1i n\u01b0\u1edbc v\u1edbi c\u00e1c su\u1ed1i kho\u00e1ng, g\u00f3p ph\u1ea7n t\u1ea1o n\u00ean s\u1ee9c h\u1ea5p d\u1eabn hi\u1ec7n \u0111\u1ea1i c\u1ee7a spa b\u00ean c\u1ea1nh c\u00e1c b\u1ed3n t\u1eafm n\u01b0\u1edbc n\u00f3ng gi\u00e0u \u0111\u1ed3ng v\u1ecb ph\u00f3ng x\u1ea1.<\/p>\n<p>Di s\u1ea3n \u0110\u00f4ng La M\u00e3, \u0111\u01b0\u1ee3c kh\u1eb3ng \u0111\u1ecbnh l\u1ea1i b\u1edfi c\u00e1c ki\u1ebfn \u200b\u200btr\u00fac s\u01b0 \u00c1o-Hung, \u0111\u00e3 t\u1ea1o ra m\u1ed9t h\u00ecnh th\u00e1i \u0111\u00f4 th\u1ecb tr\u01b0\u1eddng t\u1ed3n ngay c\u1ea3 khi m\u1ed7i th\u1eddi \u0111\u1ea1i \u0111\u1ec3 l\u1ea1i d\u1ea5u \u1ea5n c\u1ee7a n\u00f3. Trong th\u1eddi k\u1ef3 gi\u1eefa hai cu\u1ed9c chi\u1ebfn tranh, vi\u1ec7c khai tr\u01b0\u01a1ng kh\u00e1ch s\u1ea1n H Cerna v\u00e0o n\u0103m 1930 b\u00e1o hi\u1ec7u s\u1ef1 h\u1ed3i sinh c\u1ee7a ch\u1ebf \u0111\u1ed9 b\u1ea3o tr\u1ee3 T\u00e2y \u00c2u. Nh\u1eefng th\u1eadp k\u1ef7 C\u1ed9ng s\u1ea3n sau \u0111\u00f3 \u0111\u00e3 ch\u1ee9ng ki\u1ebfn \u200b\u200bvi\u1ec7c x\u00e2y d\u1ef1ng c\u00e1c kh\u00e1ch s\u1ea1n b\u00ea t\u00f4ng cao t\u1ea7ng\u2014Roman, Hercules A v\u00e0 B, Afrodita, Minerva, Diana trong s\u1ed1 \u0111\u00f3\u2014n\u1ed5i l\u00ean tr\u00ean c\u00e1c m\u00e1i v\u00f2m v\u00e0 h\u00e0ng c\u1ed9t l\u1ecbch s\u1eed. Nh\u1eefng c\u00f4ng tr\u00ecnh ki\u1ebfn \u200b\u200btr\u00fac nguy\u00ean kh\u1ed1i n\u00e0y, bi\u1ec3u t\u01b0\u1ee3ng c\u1ee7a du l\u1ecbch \u0111\u1ea1i ch\u00fang nh\u1eefng n\u0103m 1960, \u0111\u00e3 cung c\u1ea5p ch\u1ed7 \u1edf cho c\u00f4ng nh\u00e2n nh\u00e0 m\u00e1y v\u00e0 ng\u01b0\u1eddi v\u1ec1 h\u01b0u t\u1ea1i c\u00e1c khu ngh\u1ec9 d\u01b0\u1ee1ng s\u1ee9c kh\u1ecfe do nh\u00e0 n\u01b0\u1edbc tr\u1ee3 c\u1ea5p. Nh\u1eefng m\u1eb7t ti\u1ec1n phong h\u00f3a c\u1ee7a ch\u00fang hi\u1ec7n in b\u00f3ng tr\u00ean thung l\u0169ng, g\u1ee3i nh\u1edb v\u1ec1 th\u1eddi k\u1ef3 m\u00e0 c\u00e1c ph\u01b0\u01a1ng ph\u00e1p ch\u1eefa b\u1ec7nh spa t\u1eadp th\u1ec3 \u0111\u00e3 l\u00e0m lu m\u1edd s\u1ef1 gi\u1ea3i tr\u00ed c\u00e1 nh\u00e2n.<\/p>\n<p>S\u1ef1 t\u01b0 nh\u00e2n h\u00f3a sau n\u0103m 1989 \u0111\u00e3 th\u00fac \u0111\u1ea9y m\u1ed9t c\u1ea3nh quan ph\u00e2n nh\u00e1nh. M\u1ed9t l\u00e0n s\u00f3ng c\u00e1c nh\u00e0 ngh\u1ec9 t\u01b0 nh\u00e2n v\u00e0 kh\u00e1ch s\u1ea1n boutique xu\u1ea5t hi\u1ec7n d\u1ecdc theo b\u1edd s\u00f4ng, c\u00e1c s\u00e2n hi\u00ean c\u1ee7a h\u1ecd nh\u00ecn ra d\u00f2ng ch\u1ea3y trong v\u1eaft c\u1ee7a Cerna. Tuy nhi\u00ean, nhi\u1ec1u ph\u00f2ng t\u1eafm th\u1eddi \u00c1o-Hung \u0111\u00e3 xu\u1ed1ng c\u1ea5p do b\u1ecb b\u1ecf b\u00ea v\u00e0 qu\u1ea3n l\u00fd k\u00e9m. \u0110\u1ec3 \u1ee9ng ph\u00f3, nh\u1eefng ng\u01b0\u1eddi \u1ee7ng h\u1ed9 \u0111\u1ecba ph\u01b0\u01a1ng \u0111\u00e3 th\u00e0nh l\u1eadp D\u1ef1 \u00e1n Herculane v\u00e0o cu\u1ed1i nh\u1eefng n\u0103m 2010 \u0111\u1ec3 \u1ed5n \u0111\u1ecbnh v\u00e0 kh\u00f4i ph\u1ee5c c\u00e1c c\u00f4ng tr\u00ecnh l\u1ecbch s\u1eed. C\u00f4ng vi\u1ec7c c\u1ee7a h\u1ecd \u0111\u00e3 b\u1eaft \u0111\u1ea7u ng\u0103n ch\u1eb7n s\u1ef1 xu\u1ed1ng c\u1ea5p, ph\u1ee5c h\u1ed3i c\u00e1c m\u1eb7t ti\u1ec1n t\u00e2n c\u1ed5 \u0111i\u1ec3n v\u00e0 gia c\u1ed1 n\u1ec1n m\u00f3ng cho vi\u1ec7c b\u1ea3o t\u1ed3n trong t\u01b0\u01a1ng lai.<\/p>\n<p>Danh ti\u1ebfng c\u1ee7a B\u0103ile Herculane nh\u01b0 m\u1ed9t khu ngh\u1ec9 d\u01b0\u1ee1ng spa l\u00e2u \u0111\u1eddi nh\u1ea5t c\u1ee7a Romania kh\u00f4ng ch\u1ec9 d\u1ef1a tr\u00ean truy\u1ec1n thuy\u1ebft. N\u01a1i \u0111\u00e2y n\u1eb1m trong s\u1ed1 nh\u1eefng \u0111i\u1ec3m \u0111\u1ebfn spa c\u1ed1 \u0111\u1ecbnh \u0111\u00e1ng k\u00ednh nh\u1ea5t c\u1ee7a \u0110\u00f4ng \u00c2u. C\u00e1c li\u1ec7u ph\u00e1p c\u1ee7a n\u01a1i n\u00e0y bao g\u1ed3m c\u00e1c ph\u00f2ng t\u1eafm n\u01b0\u1edbc n\u00f3ng, h\u00edt kh\u00ed dung, \u0111i\u1ec7n tr\u1ecb li\u1ec7u, c\u00e1c ch\u01b0\u01a1ng tr\u00ecnh v\u1eadt l\u00fd tr\u1ecb li\u1ec7u v\u00e0 qu\u1ea5n b\u00f9n parafin-sapropelic. Mofettas\u2014c\u00e1c ph\u00f2ng \u0111i\u1ec1u tr\u1ecb ph\u00e1t ra kh\u00ed carbon dioxide\u2014n\u1eb1m c\u1ea1nh c\u00e1c c\u01a1 s\u1edf x\u00f4ng h\u01a1i kh\u00f4 v\u00e0 li\u1ec7u ph\u00e1p \u0111\u00f4ng l\u1ea1nh. C\u00e1c h\u1ed3 b\u01a1i th\u1ee7y \u0111\u1ed9ng tr\u1ecb li\u1ec7u t\u1ed5 ch\u1ee9c c\u00e1c b\u00e0i t\u1eadp d\u01b0\u1edbi n\u01b0\u1edbc c\u00f3 h\u01b0\u1edbng d\u1eabn trong khi c\u00e1c bu\u1ed5i ph\u1ea3n x\u1ea1 h\u1ecdc v\u00e0 ch\u00e2m c\u1ee9u gi\u1ea3i quy\u1ebft c\u00e1c b\u1ec7nh v\u1ec1 th\u1ea7n kinh, da li\u1ec5u v\u00e0 nhi khoa. Ph\u1ee5c h\u1ed3i ch\u1ee9c n\u0103ng tim m\u1ea1ch chia s\u1ebb kh\u00f4ng gian v\u1edbi c\u00e1c giao th\u1ee9c n\u1eafn x\u01b0\u01a1ng v\u00e0 th\u1ea5p kh\u1edbp. S\u1ef1 t\u00edch h\u1ee3p c\u1ee7a c\u00e1c ph\u01b0\u01a1ng th\u1ee9c nh\u01b0 v\u1eady ph\u1ea3n \u00e1nh c\u1ea3 s\u1ef1 gi\u00e0u kho\u00e1ng ch\u1ea5t c\u1ee7a c\u00e1c su\u1ed1i n\u01b0\u1edbc n\u00f3ng v\u00e0 c\u00e1c truy\u1ec1n th\u1ed1ng y h\u1ecdc \u0111\u00e3 t\u00edch t\u1ee5 xung quanh ch\u00fang.<\/p>\n<p>C\u00e1c chuy\u1ebfn du ngo\u1ea1n t\u1ef1 nhi\u00ean n\u1eb1m \u1edf r\u00eca \u0111\u1ecba h\u00ecnh canh t\u00e1c. Nh\u1eefng con \u0111\u01b0\u1eddng m\u00f2n t\u1eeb khu ngh\u1ec9 m\u00e1t xuy\u00ean qua khu b\u1ea3o t\u1ed3n thi\u00ean nhi\u00ean Domogled\u2013Cara\u015f Gorge, n\u01a1i nh\u1eefng v\u00e1ch \u0111\u00e1 v\u00f4i cao ch\u00f3t v\u00f3t tr\u00ean nh\u00e1nh s\u00f4ng Nera. Th\u00e1c n\u01b0\u1edbc Beu\u0219ni\u021ba \u0111\u1ed5 xu\u1ed1ng theo m\u1ed9t lo\u1ea1t c\u00e1c b\u1eadc thang tr\u01b0\u1edbc khi \u0111\u1ed5 xu\u1ed1ng c\u00e1c h\u1ed3 n\u01b0\u1edbc trong v\u1eaft. T\u01b0\u1ee3ng Nh\u00e2n s\u01b0 Banat, m\u1ed9t t\u1ea3ng \u0111\u00e1 b\u1ea5t th\u01b0\u1eddng \u0111\u01b0\u1ee3c ch\u1ea1m kh\u1eafc b\u1edfi h\u00e0ng thi\u00ean ni\u00ean k\u1ef7 b\u0103ng gi\u00e1, quan s\u00e1t thung l\u0169ng nh\u01b0 m\u1ed9t ng\u01b0\u1eddi l\u00ednh canh im l\u1eb7ng. H\u1ed3 Devil, \u0111\u01b0\u1ee3c h\u00ecnh th\u00e0nh trong m\u1ed9t tr\u1eadn l\u1edf \u0111\u1ea5t, l\u1ea5p \u0111\u1ea7y m\u1ed9t v\u00f9ng tr\u0169ng b\u1eb1ng n\u01b0\u1edbc m\u00e0u ng\u1ecdc l\u1ee5c b\u1ea3o, \u0111\u1ed9 s\u00e2u c\u1ee7a n\u00f3 \u0111\u01b0\u1ee3c che ph\u1ee7 trong huy\u1ec1n tho\u1ea1i. Banat Semmering, m\u1ed9t tuy\u1ebfn \u0111\u01b0\u1eddng s\u1eaft \u0111\u1ea7u ti\u00ean u\u1ed1n l\u01b0\u1ee3n qua nh\u1eefng khu r\u1eebng l\u0103ng k\u00ednh v\u00e0 c\u1ea7u c\u1ea1n, g\u1ee3i l\u00ean tinh th\u1ea7n c\u1ea7n c\u00f9 c\u1ee7a th\u1ebf k\u1ef7 19. Hang Comarnic t\u1ea1o ra nh\u1eefng nh\u0169 \u0111\u00e1 l\u1ea5p l\u00e1nh d\u01b0\u1edbi \u00e1nh \u0111u\u1ed1c. M\u1ed7i \u0111\u1ecba \u0111i\u1ec3m n\u1eb1m trong h\u00e0nh tr\u00ecnh k\u00e9o d\u00e0i n\u1eeda ng\u00e0y, m\u1edf r\u1ed9ng l\u1eddi h\u1ee9a tr\u1ecb li\u1ec7u c\u1ee7a spa \u0111\u1ebfn c\u00f5i si\u00eau vi\u1ec7t c\u1ee7a thi\u00ean nhi\u00ean.<\/p>\n<p>Ki\u1ebfn tr\u00fac t\u00f4n gi\u00e1o b\u1ed5 sung chi\u1ec1u k\u00edch t\u00e2m linh v\u00e0o h\u00ecnh \u1ea3nh c\u1ee7a th\u1ecb tr\u1ea5n. Nh\u00e0 th\u1edd Ch\u00ednh th\u1ed1ng gi\u00e1o Romania v\u1ec1 S\u1ef1 bi\u1ebfn h\u00ecnh n\u1eb1m tr\u00ean m\u1ed9t \u0111\u1ecba \u0111i\u1ec3m \u0111\u01b0\u1ee3c th\u00e1nh hi\u1ebfn b\u1edfi linh m\u1ee5c Nicolae Stoica de Ha\u0163eg v\u00e0o n\u0103m 1799. \u0110\u01b0\u1ee3c \u0111\u00e1nh d\u1ea5u b\u1eb1ng m\u1ed9t c\u00e2y th\u00e1nh gi\u00e1 b\u1eb1ng g\u1ed7, m\u1eb7t \u0111\u1ea5t b\u1eaft \u0111\u1ea7u chuy\u1ec3n \u0111\u1ed5i theo th\u1ecfa thu\u1eadn h\u1ee3p \u0111\u1ed3ng v\u00e0o ng\u00e0y 12 th\u00e1ng 9 n\u0103m \u0111\u00f3. Th\u1ee3 th\u1ee7 c\u00f4ng Lorentz Seewald c\u1ee7a Or\u015fova \u0111\u00e3 ho\u00e0n th\u00e0nh c\u00f4ng tr\u00ecnh b\u1eb1ng \u0111\u00e1 v\u00e0o ng\u00e0y 6 th\u00e1ng 8 n\u0103m 1804, kh\u00e1nh th\u00e0nh l\u1ec5 h\u1ed9i S\u1ef1 bi\u1ebfn h\u00ecnh nh\u01b0 l\u1ec5 k\u1ef7 ni\u1ec7m b\u1ed5n m\u1ea1ng c\u1ee7a nh\u00e0 th\u1edd. G\u1ea7n \u0111\u00f3, nh\u00e0 nguy\u1ec7n C\u00f4ng gi\u00e1o La M\u00e3 v\u1ec1 S\u1ef1 l\u00ean tr\u1eddi c\u1ee7a \u0110\u1ee9c M\u1eb9 \u0110\u1ed3ng trinh Maria, ho\u00e0n th\u00e0nh v\u00e0o n\u0103m 1838, t\u00edch h\u1ee3p c\u00e1c c\u1ed9t Ionic b\u00ean d\u01b0\u1edbi m\u1ed9t m\u00e1i \u0111\u1ea7u h\u1ed3i c\u00f3 kh\u1eafc ng\u00e0y th\u00e1nh hi\u1ebfn. M\u1ed9t th\u00e1p chu\u00f4ng thanh m\u1ea3nh m\u1ecdc l\u00ean ph\u00eda sau, c\u00f3 th\u1ec3 l\u00ean b\u1eb1ng c\u1ea7u thang quanh co \u0111\u01b0\u1ee3c v\u1ea1ch ra tr\u00ean s\u01b0\u1eddn r\u1eebng.<\/p>\n<p>D\u00e2n s\u1ed1 ph\u1ea3n \u00e1nh c\u1ea3 xu h\u01b0\u1edbng gi\u1ea3m d\u00e2n s\u1ed1 v\u00e0 c\u00e1c \u0111\u01b0\u1eddng n\u00e9t v\u0103n h\u00f3a l\u00e2u d\u00e0i. Trong kho\u1ea3ng th\u1eddi gian t\u1eeb cu\u1ed9c \u0111i\u1ec1u tra d\u00e2n s\u1ed1 n\u0103m 2011 \u0111\u1ebfn n\u0103m 2021, d\u00e2n s\u1ed1 \u0111\u00e3 gi\u1ea3m t\u1eeb 5.008 xu\u1ed1ng c\u00f2n 3.787. Th\u00e0nh ph\u1ea7n d\u00e2n t\u1ed9c ghi nh\u1eadn 83,81 ph\u1ea7n tr\u0103m l\u00e0 ng\u01b0\u1eddi Romania, 1,66 ph\u1ea7n tr\u0103m l\u00e0 ng\u01b0\u1eddi Roma v\u00e0 13,97 ph\u1ea7n tr\u0103m kh\u00f4ng x\u00e1c \u0111\u1ecbnh. V\u1ec1 m\u1eb7t th\u00fa nh\u1eadn, 82,31 ph\u1ea7n tr\u0103m t\u1ef1 nh\u1eadn l\u00e0 Ch\u00ednh th\u1ed1ng gi\u00e1o v\u00e0 1,85 ph\u1ea7n tr\u0103m l\u00e0 C\u00f4ng gi\u00e1o La M\u00e3, v\u1edbi 14,47 ph\u1ea7n tr\u0103m kh\u00f4ng \u0111\u01b0\u1ee3c b\u00e1o c\u00e1o. Nh\u1eefng con s\u1ed1 nh\u01b0 v\u1eady nh\u1ea5n m\u1ea1nh \u00e1p l\u1ef1c k\u00e9p c\u1ee7a t\u00ecnh tr\u1ea1ng di c\u01b0 ra kh\u1ecfi v\u00f9ng n\u00f4ng th\u00f4n v\u00e0 s\u1ee9c h\u1ea5p d\u1eabn c\u1ee7a c\u00e1c trung t\u00e2m \u0111\u00f4 th\u1ecb, ngay c\u1ea3 khi vi\u1ec7c t\u00e1i \u0111\u1ea7u t\u01b0 v\u00e0o spa mang l\u1ea1i nh\u1eefng c\u01a1 h\u1ed9i m\u1edbi cho \u0111\u1ecba ph\u01b0\u01a1ng v\u1ec1 d\u1ecbch v\u1ee5 v\u00e0 l\u00f2ng hi\u1ebfu kh\u00e1ch.<\/p>\n<p>S\u1ef1 ph\u1ee5c h\u1ed3i kinh t\u1ebf di\u1ec5n ra sau nh\u1eefng c\u1ea3i thi\u1ec7n v\u1ec1 c\u01a1 s\u1edf h\u1ea1 t\u1ea7ng g\u1ea7n \u0111\u00e2y. M\u1ea1ng l\u01b0\u1edbi \u0111\u01b0\u1eddng b\u1ed9 n\u1ed1i B\u0103ile Herculane v\u1edbi Re\u015fi\u0163a v\u00e0 Drobeta-Turnu Severin \u0111\u00e3 \u0111\u01b0\u1ee3c tr\u1ea3i l\u1ea1i m\u1eb7t \u0111\u01b0\u1eddng, r\u00fat \u200b\u200bng\u1eafn th\u1eddi gian di chuy\u1ec3n cho kh\u00e1ch du l\u1ecbch trong khu v\u1ef1c. M\u1ed9t \u0111\u1eadp th\u1ee7y \u0111i\u1ec7n t\u1ea1i \u0111i\u1ec3m cu\u1ed1i c\u1ee7a Cerna cung c\u1ea5p \u0111i\u1ec7n cho l\u01b0\u1edbi \u0111i\u1ec7n c\u1ee7a th\u1ecb tr\u1ea5n v\u00e0 cho ph\u00e9p d\u00f2ng ch\u1ea3y c\u1ee7a s\u00f4ng \u0111\u01b0\u1ee3c \u0111i\u1ec1u ti\u1ebft, \u1ed5n \u0111\u1ecbnh m\u00f4i tr\u01b0\u1eddng n\u01b0\u1edbc. Internet b\u0103ng th\u00f4ng r\u1ed9ng hi\u1ec7n \u0111\u00e3 m\u1edf r\u1ed9ng \u0111\u1ebfn c\u00e1c th\u00f4n x\u00f3m ngo\u1ea1i vi, t\u1ea1o \u0111i\u1ec1u ki\u1ec7n cho c\u00f4ng vi\u1ec7c t\u1eeb xa v\u00e0 thu h\u00fat nh\u00f3m nh\u00e2n kh\u1ea9u tr\u1ebb h\u01a1n. C\u00e1c doanh nghi\u1ec7p nh\u1ecf trong l\u0129nh v\u1ef1c th\u01b0\u01a1ng m\u1ea1i, th\u1ee7 c\u00f4ng m\u1ef9 ngh\u1ec7 v\u00e0 \u1ea9m th\u1ef1c \u0111\u00e3 b\u00e9n r\u1ec5, cung c\u1ea5p c\u00e1c lo\u1ea1i pho m\u00e1t \u0111\u1ecba ph\u01b0\u01a1ng, gi\u0103m b\u00f4ng hun kh\u00f3i, r\u01b0\u1ee3u th\u1ee7 c\u00f4ng v\u00e0 b\u00e1nh ng\u1ecdt k\u1ebft h\u1ee3p gi\u1eefa \u1ea3nh h\u01b0\u1edfng c\u1ee7a Banat v\u1edbi truy\u1ec1n th\u1ed1ng c\u1ee7a Transylvania.<\/p>\n<p>V\u1ecb tr\u00ed chi\u1ebfn l\u01b0\u1ee3c g\u1ea7n bi\u00ean gi\u1edbi qu\u1ed1c gia\u2014c\u00e1ch Qu\u1eadn Mehedin\u0163i t\u00e1m km v\u00e0 c\u00e1ch Serbia 25 km\u2014\u0111\u1eb7t B\u0103ile Herculane nh\u01b0 m\u1ed9t ng\u00e3 t\u01b0 c\u1ee7a c\u00e1c n\u1ec1n v\u0103n h\u00f3a. Du kh\u00e1ch t\u1eeb Timi\u015foara, Belgrade v\u00e0 Zagreb t\u1ee5 h\u1ecdp t\u1ea1i c\u00e1c su\u1ed1i c\u1ee7a th\u1ecb tr\u1ea5n, b\u1ecb thu h\u00fat b\u1edfi l\u1eddi h\u1ee9a v\u1ec1 s\u1ef1 ph\u1ee5c h\u1ed3i s\u1ee9c kh\u1ecfe n\u1eb1m trong m\u1ed9t c\u1ea3nh quan \u0111\u01b0\u1ee3c ki\u1ebfn \u200b\u200bt\u1ea1o b\u1edfi ki\u1ebfn \u200b\u200bt\u1ea1o v\u00e0 th\u1eddi gian. Nh\u1eefng h\u01b0\u1edbng d\u1eabn vi\u00ean \u0111\u1ecba ph\u01b0\u01a1ng, th\u1ea5m nhu\u1ea7n c\u1ea3 di s\u1ea3n c\u1ee7a Romania v\u00e0 Hungary, k\u1ec3 l\u1ea1i nh\u1eefng truy\u1ec1n thuy\u1ebft v\u1ec1 Hercules v\u00e0 k\u1ec3 l\u1ea1i nh\u1eefng cu\u1ed9c \u0111\u1ed1i \u0111\u1ea7u gi\u1eefa Ottoman v\u00e0 \u00c1o v\u1edbi s\u1ef1 nhi\u1ec7t t\u00ecnh nh\u01b0 nhau. Nh\u1eefng c\u00e2u chuy\u1ec7n nh\u01b0 v\u1eady, v\u1eeba mang t\u00ednh h\u1ecdc thu\u1eadt v\u1eeba mang t\u00ednh giai tho\u1ea1i, ch\u1ee9ng th\u1ef1c cho b\u1ea3n s\u1eafc \u0111a d\u1ea1ng c\u1ee7a th\u1ecb tr\u1ea5n.<\/p>\n<p>C\u00e1c kho\u1ea3n \u0111\u1ea7u t\u01b0 hi\u1ec7n \u0111\u1ea1i \u0111\u00e3 tu\u00e2n th\u1ee7 c\u00e1c ti\u00eau chu\u1ea9n b\u1ea3o t\u1ed3n nghi\u00eam ng\u1eb7t. C\u00e1c kh\u00e1ch s\u1ea1n m\u1edbi s\u1eed d\u1ee5ng v\u1eadt li\u1ec7u \u00edt t\u00e1c \u0111\u1ed9ng v\u00e0 k\u1ebft h\u1ee3p m\u00e1i nh\u00e0 xanh \u0111\u1ec3 h\u00e0i h\u00f2a v\u1edbi c\u00e1c khu r\u1eebng xung quanh. C\u00e1c nh\u00e0 kh\u00e1ch \u0111\u01b0\u1ee3c t\u00e2n trang theo phong c\u00e1ch c\u1ed5 \u0111i\u1ec3n tri\u1ec3n khai v\u1eadt li\u1ec7u c\u00e1ch nhi\u1ec7t gi\u00fap gi\u1ea3m m\u1ee9c ti\u00eau th\u1ee5 n\u0103ng l\u01b0\u1ee3ng v\u00e0o m\u00f9a \u0111\u00f4ng. C\u01a1n s\u1ed1t x\u00e2y d\u1ef1ng c\u1ee7a khu v\u1ef1c t\u01b0 nh\u00e2n \u0111\u00e3 \u0111\u01b0\u1ee3c \u0111i\u1ec1u ch\u1ec9nh theo c\u00e1c quy \u0111\u1ecbnh c\u1ee7a th\u00e0nh ph\u1ed1 nh\u1eb1m b\u1ea3o v\u1ec7 t\u1ea7m nh\u00ecn \u0111\u1ebfn c\u00e1c di t\u00edch quan tr\u1ecdng v\u00e0 c\u1ea5m c\u00e1c kh\u1ed1i b\u00ea t\u00f4ng qu\u00e1 kh\u1ed5. C\u00e1c ki\u1ebfn \u200b\u200btr\u00fac s\u01b0 c\u1ea3nh quan \u0111\u00e3 tr\u1ed3ng l\u1ea1i c\u00e1c b\u1eadc thang b\u1eb1ng h\u1ec7 th\u1ef1c v\u1eadt b\u1ea3n \u0111\u1ecba\u2014c\u00e2y d\u1ebb gai, c\u00e2y tr\u0103n v\u00e0 c\u00e2y s\u1ed3i\u2014kh\u00f4i ph\u1ee5c c\u00e1c h\u00e0nh lang \u0111a d\u1ea1ng sinh h\u1ecdc cho h\u1ec7 \u0111\u1ed9ng v\u1eadt \u0111\u1eb7c h\u1eefu.<\/p>\n<p>Khi \u0111\u1ea1i d\u1ecbch do vi-r\u00fat corona l\u1eafng xu\u1ed1ng v\u00e0o \u0111\u1ea7u nh\u1eefng n\u0103m 2020, B\u0103ile Herculane \u0111\u00e3 ch\u1ee9ng ki\u1ebfn \u200b\u200bs\u1ef1 gia t\u0103ng m\u1ea1nh m\u1ebd c\u1ee7a du l\u1ecbch trong n\u01b0\u1edbc. C\u00e1c gia \u0111\u00ecnh ng\u01b0\u1eddi Romania c\u00f3 \u00fd th\u1ee9c v\u1ec1 s\u1ee9c kh\u1ecfe v\u00e0 nh\u1eefng du kh\u00e1ch \u0111i m\u1ed9t m\u00ecnh \u0111\u1ec1u t\u00ecm ki\u1ebfm nh\u1eefng l\u1ee3i \u00edch k\u1ebft h\u1ee3p c\u1ee7a vi\u1ec7c ng\u00e2m m\u00ecnh trong kho\u00e1ng ch\u1ea5t v\u00e0 kh\u00f4ng kh\u00ed tr\u00ean n\u00fai. C\u00e1c l\u1ec5 h\u1ed9i v\u0103n h\u00f3a do c\u00e1c t\u1ed5 ch\u1ee9c phi ch\u00ednh ph\u1ee7 t\u1ed5 ch\u1ee9c, v\u1edbi c\u00e1c bu\u1ed5i bi\u1ec3u di\u1ec5n nh\u1ea1c th\u00ednh ph\u00f2ng trong c\u00e1c t\u00e0n t\u00edch c\u1ee7a nh\u00e0 h\u00e1t ngo\u00e0i tr\u1eddi, \u0111\u00e3 t\u1eadn d\u1ee5ng \u00e2m thanh v\u00e0 b\u1ea7u kh\u00f4ng kh\u00ed c\u1ee7a th\u1ecb tr\u1ea5n. C\u00e1c cu\u1ed9c tri\u1ec3n l\u00e3m t\u1ea1m th\u1eddi v\u1ec1 c\u00e1c hi\u1ec7n v\u1eadt La M\u00e3, \u0111\u01b0\u1ee3c m\u01b0\u1ee3n t\u1eeb c\u00e1c b\u1ea3o t\u00e0ng qu\u1ed1c gia, \u0111\u00e3 gi\u00e1o d\u1ee5c c\u00e1c th\u1ebf h\u1ec7 tr\u1ebb h\u01a1n v\u1ec1 di s\u1ea3n c\u1ed5 \u0111i\u1ec3n c\u1ee7a \u0111\u1ecba \u0111i\u1ec3m n\u00e0y. M\u1ed9t h\u1ecdc vi\u1ec7n m\u00f9a h\u00e8 d\u00e0nh cho sinh vi\u00ean y h\u1ecdc spa hi\u1ec7n \u0111ang h\u1ecdp h\u00e0ng n\u0103m, thu h\u00fat c\u00e1c gi\u1ea3ng vi\u00ean t\u1eeb Bucharest v\u00e0 Vienna.<\/p>\n<p>L\u1eddi h\u1ee9a c\u1ee7a B\u0103ile Herculane n\u1eb1m \u1edf s\u1ef1 c\u00e2n b\u1eb1ng gi\u1eefa kh\u00e1t v\u1ecdng c\u1ee7a con ng\u01b0\u1eddi v\u00e0 ngu\u1ed3n t\u00e0i nguy\u00ean \u0111\u1ecba ch\u1ea5t. Nh\u1eefng d\u00f2ng n\u01b0\u1edbc t\u1eebng xoa d\u1ecbu qu\u00e2n \u0111o\u00e0n La M\u00e3 ti\u1ebfp t\u1ee5c thu h\u00fat du kh\u00e1ch th\u1ebf k\u1ef7 21. Nh\u1eefng t\u00e1c ph\u1ea9m ch\u1ea1m kh\u1eafc \u0111\u00e1 v\u1ec1 Hercules th\u1ec3 hi\u1ec7n s\u1ef1 c\u1ed9ng h\u01b0\u1edfng huy\u1ec1n tho\u1ea1i v\u01b0\u1ee3t qua c\u00e1c th\u1eddi \u0111\u1ea1i, trong khi c\u00e1c h\u1ed3 n\u01b0\u1edbc n\u00f3ng \u0111\u01b0\u1ee3c thi\u1ebft k\u1ebf hi\u1ec7n \u0111\u1ea1i ph\u1ee5c v\u1ee5 cho vi\u1ec7c ph\u1ee5c h\u1ed3i d\u1ef1a tr\u00ean b\u1eb1ng ch\u1ee9ng. Nh\u1eefng s\u01b0\u1eddn n\u00fai \u00f4m \u1ea5p th\u1ecb tr\u1ea5n nh\u01b0 nh\u1eefng c\u00e1nh tay b\u1ea3o v\u1ec7, nh\u1eefng r\u1eb7ng n\u00fai vang v\u1ecdng ti\u1ebfng b\u01b0\u1edbc ch\u00e2n th\u1eddi ti\u1ec1n s\u1eed. C\u1ea3 qu\u00e1 kh\u1ee9 v\u00e0 hi\u1ec7n t\u1ea1i giao thoa t\u1ea1i \u0111\u00e2y, n\u01a1i s\u1ef1 y\u00ean t\u0129nh c\u1ee7a th\u1ecb tr\u1ea5n nh\u1ecf nh\u01b0\u1eddng ch\u1ed7 cho d\u00f2ng ch\u1ea3y ng\u1ea7m c\u1ee7a s\u1ef1 ch\u1eefa l\u00e0nh v\u00e0 l\u1ecbch s\u1eed.<\/p>\n<p>C\u00e2u chuy\u1ec7n v\u1ec1 B\u0103ile Herculane v\u1eabn ch\u01b0a \u0111\u01b0\u1ee3c vi\u1ebft ra ngo\u00e0i nh\u1eefng con \u0111\u01b0\u1eddng m\u00f2n \u0111\u00e3 m\u00f2n, v\u00ec th\u1ecb tr\u1ea5n n\u00e0y ph\u00e1t tri\u1ec3n trong cu\u1ed9c \u0111\u1ed1i tho\u1ea1i v\u1edbi c\u00e1c su\u1ed1i v\u00e0 \u0111\u00e1 c\u1ee7a n\u00f3. M\u1ed7i th\u1eddi \u0111\u1ea1i \u0111\u00e3 kh\u1eafc h\u1ecda nh\u1eefng ch\u01b0\u01a1ng m\u1edbi: l\u00f2 s\u01b0\u1edfi th\u1eddi ti\u1ec1n s\u1eed, ph\u00f2ng t\u1eafm La M\u00e3, khu v\u01b0\u1eddn Habsburg, t\u00f2a nh\u00e0 ch\u1ecdc tr\u1eddi x\u00e3 h\u1ed9i ch\u1ee7 ngh\u0129a v\u00e0 c\u00e1c \u0111i\u1ec1n trang h\u1eadu c\u1ed9ng s\u1ea3n. Tuy nhi\u00ean, S\u00f4ng Cerna v\u1eabn t\u1ed3n t\u1ea1i, t\u1ea1o n\u00ean m\u1ed9t l\u1ed1i \u0111i li\u00ean t\u1ee5c qua \u0111\u00e1 v\u00e0 k\u00fd \u1ee9c. B\u01b0\u1edbc v\u00e0o B\u0103ile Herculane l\u00e0 b\u01b0\u1edbc v\u00e0o b\u1ea3n palimpsest s\u1ed1ng \u0111\u1ed9ng c\u1ee7a n\u1ec1n v\u0103n h\u00f3a spa ch\u00e2u \u00c2u\u2014m\u1ed9t minh ch\u1ee9ng l\u00e2u d\u00e0i cho s\u1ef1 t\u01b0\u01a1ng t\u00e1c gi\u1eefa truy\u1ec1n thuy\u1ebft, khoa h\u1ecdc v\u00e0 mong mu\u1ed1n ph\u1ee5c h\u1ed3i \u0111\u01a1n gi\u1ea3n c\u1ee7a con ng\u01b0\u1eddi.<\/p>","protected":false},"excerpt":{"rendered":"<p>B\u0103ile Herculane, m\u1ed9t th\u1ecb tr\u1ea5n spa n\u1eb1m \u1edf thung l\u0169ng s\u00f4ng Cerna c\u1ee7a Banat Romania, c\u00f3 d\u00e2n s\u1ed1 hi\u1ec7n t\u1ea1i l\u00e0 3.787 ng\u01b0\u1eddi. N\u1eb1m gi\u1eefa d\u00e3y n\u00fai Mehedin\u021bi \u1edf ph\u00eda \u0111\u00f4ng v\u00e0 d\u00e3y n\u00fai Cerna \u1edf ph\u00eda t\u00e2y, th\u1ecb tr\u1ea5n quy\u1ebfn r\u0169 n\u00e0y cao 168 m\u00e9t (551 feet).<\/p>","protected":false},"author":1,"featured_media":17482,"parent":11908,"menu_order":0,"comment_status":"closed","ping_status":"closed","template":"elementor_theme","meta":{"_eb_attr":"","footnotes":""},"class_list":["post-17029","page","type-page","status-publish","has-post-thumbnail"],"_links":{"self":[{"href":"https:\/\/travelshelper.com\/vi\/wp-json\/wp\/v2\/pages\/17029","targetHints":{"allow":["GET"]}}],"collection":[{"href":"https:\/\/travelshelper.com\/vi\/wp-json\/wp\/v2\/pages"}],"about":[{"href":"https:\/\/travelshelper.com\/vi\/wp-json\/wp\/v2\/types\/page"}],"author":[{"embeddable":true,"href":"https:\/\/travelshelper.com\/vi\/wp-json\/wp\/v2\/users\/1"}],"replies":[{"embeddable":true,"href":"https:\/\/travelshelper.com\/vi\/wp-json\/wp\/v2\/comments?post=17029"}],"version-history":[{"count":0,"href":"https:\/\/travelshelper.com\/vi\/wp-json\/wp\/v2\/pages\/17029\/revisions"}],"up":[{"embeddable":true,"href":"https:\/\/travelshelper.com\/vi\/wp-json\/wp\/v2\/pages\/11908"}],"wp:featuredmedia":[{"embeddable":true,"href":"https:\/\/travelshelper.com\/vi\/wp-json\/wp\/v2\/media\/17482"}],"wp:attachment":[{"href":"https:\/\/travelshelper.com\/vi\/wp-json\/wp\/v2\/media?parent=17029"}],"curies":[{"name":"wp","href":"https:\/\/api.w.org\/{rel}","templated":true}]}}