{"id":17010,"date":"2024-09-25T11:25:00","date_gmt":"2024-09-25T11:25:00","guid":{"rendered":"https:\/\/travelshelper.com\/staging\/?page_id=17010"},"modified":"2026-03-12T21:10:05","modified_gmt":"2026-03-12T21:10:05","slug":"amara","status":"publish","type":"page","link":"https:\/\/travelshelper.com\/vi\/destinations\/europe\/romania\/amara\/","title":{"rendered":"Amara"},"content":{"rendered":"<p>Amara, m\u1ed9t th\u1ecb tr\u1ea5n khi\u00eam t\u1ed1n tr\u00ean \u0111\u1ed3ng b\u1eb1ng Muntenia, n\u1eb1m tr\u00ean r\u00eca c\u1ee7a h\u1ed3 c\u00f9ng t\u00ean, c\u00e1ch Slobozia, th\u1ee7 ph\u1ee7 c\u1ee7a Qu\u1eadn Ialomi\u021ba, b\u1ea3y km v\u1ec1 ph\u00eda b\u1eafc. \u0110\u01b0\u1ee3c n\u00e2ng l\u00ean th\u00e0nh th\u1ecb tr\u1ea5n v\u00e0o th\u00e1ng 4 n\u0103m 2004, th\u1ecb tr\u1ea5n n\u00e0y chi\u1ebfm v\u1ecb tr\u00ed trung t\u00e2m tr\u00ean \u0110\u1ed3ng b\u1eb1ng B\u0103r\u0103ganului, \u1edf \u0111\u1ed9 cao thay \u0111\u1ed5i t\u1eeb 23 \u0111\u1ebfn 44 m\u00e9t so v\u1edbi m\u1ef1c n\u01b0\u1edbc bi\u1ec3n. V\u00e0o n\u0103m 2021, d\u00e2n s\u1ed1 c\u1ee7a th\u1ecb tr\u1ea5n l\u00e0 6.805 ng\u01b0\u1eddi, gi\u1ea3m nh\u1eb9 so v\u1edbi m\u1ee9c 7.080 ng\u01b0\u1eddi c\u1ee7a m\u1ed9t th\u1eadp k\u1ef7 tr\u01b0\u1edbc \u0111\u00f3, ph\u1ea3n \u00e1nh s\u1ef1 thay \u0111\u1ed5i nh\u00e2n kh\u1ea9u h\u1ecdc r\u1ed9ng h\u01a1n tr\u00ean kh\u1eafp v\u00f9ng n\u00f4ng th\u00f4n Romania. T\u1eeb ngu\u1ed3n g\u1ed1c l\u00e0 m\u1ed9t ng\u00f4i l\u00e0ng th\u01b0a th\u1edbt t\u1eadp trung xung quanh nh\u1eefng t\u00fap l\u1ec1u ch\u0103n th\u1ea3 gia s\u00fac cho \u0111\u1ebfn vai tr\u00f2 hi\u1ec7n t\u1ea1i l\u00e0 m\u1ed9t khu ngh\u1ec9 d\u01b0\u1ee1ng spa v\u00e0 trung t\u00e2m h\u00e0nh ch\u00ednh \u0111\u1ecba ph\u01b0\u01a1ng, Amara l\u00e0 hi\u1ec7n th\u00e2n c\u1ee7a s\u1ef1 h\u1ed9i t\u1ee5 c\u1ee7a c\u00e1c l\u1ef1c l\u01b0\u1ee3ng \u0111\u1ecba ch\u1ea5t, sinh h\u1ecdc, l\u1ecbch s\u1eed v\u00e0 x\u00e3 h\u1ed9i \u0111\u00e3 \u0111\u1ecbnh h\u00ecnh c\u1ea3 \u0111\u1ecba \u0111i\u1ec3m v\u00e0 con ng\u01b0\u1eddi.<\/p>\n<p>\u0110\u1ed3ng b\u1eb1ng m\u00e0 Amara n\u1eb1m tr\u00ean tr\u1ea3i d\u00e0i kh\u00f4ng b\u1ecb gi\u00e1n \u0111o\u1ea1n v\u1ec1 ph\u00eda ch\u00e2n tr\u1eddi xa x\u00f4i, ch\u1ec9 \u0111\u01b0\u1ee3c ph\u00e2n chia b\u1eb1ng nh\u1eefng r\u1eb7ng \u0111\u1ea5t ho\u00e0ng th\u1ed5 nh\u00f4 l\u00ean nh\u1eb9 nh\u00e0ng v\u00e0 nh\u1eefng c\u00e1nh \u0111\u1ed3ng r\u1ed9ng l\u1edbn \u0111\u01b0\u1ee3c canh t\u00e1c. \u1ede \u0111\u00e2y, nhi\u1ec7t \u0111\u1ed9 m\u00f9a h\u00e8 trung b\u00ecnh t\u1eeb 22 \u0111\u1ebfn 23 \u0111\u1ed9 C, v\u1edbi nhi\u1ec1u gi\u1edd n\u1eafng - h\u01a1n 125 ng\u00e0y quang \u0111\u00e3ng m\u1ed7i n\u0103m - tr\u00e1i ng\u01b0\u1ee3c v\u1edbi \u0111\u1eb7c \u0111i\u1ec3m kh\u00ed h\u1eadu l\u1ee5c \u0111\u1ecba. Ng\u01b0\u1ee3c l\u1ea1i, m\u00f9a \u0111\u00f4ng mang \u0111\u1ebfn kh\u00f4ng kh\u00ed trong l\u00e0nh mang theo nh\u1eefng c\u01a1n gi\u00f3 \u0111\u00f4ng b\u1eafc \u0111\u01b0\u1ee3c g\u1ecdi l\u00e0 Criv\u0103\u0163, th\u1ed5i m\u1ea1nh v\u00e0o \u0111\u1ed3ng b\u1eb1ng. L\u01b0\u1ee3ng m\u01b0a h\u00e0ng n\u0103m dao \u0111\u1ed9ng t\u1eeb 450 \u0111\u1ebfn 500 mm, m\u1ed9t con s\u1ed1 ph\u1ea3n \u00e1nh s\u1ef1 c\u00e2n b\u1eb1ng tinh t\u1ebf gi\u1eefa l\u1ef1c b\u1ed1c h\u01a1i v\u00e0 nh\u1eefng c\u01a1n b\u00e3o m\u00f9a h\u00e8 kh\u00f4ng th\u01b0\u1eddng xuy\u00ean. Nh\u1eefng nh\u1ecbp \u0111i\u1ec7u kh\u00ed h\u1eadu n\u00e0y kh\u00f4ng ch\u1ec9 quy\u1ebft \u0111\u1ecbnh chu k\u1ef3 n\u00f4ng nghi\u1ec7p tr\u00ean th\u1ea3o nguy\u00ean xung quanh m\u00e0 c\u00f2n quy\u1ebft \u0111\u1ecbnh ch\u00ednh b\u1ea3n ch\u1ea5t c\u1ee7a H\u1ed3 Amara.<\/p>\n<p>M\u1ed9t di t\u00edch t\u1ef1 nhi\u00ean c\u1ee7a m\u1ed9t d\u00f2ng s\u00f4ng \u0111\u00e3 qua, H\u1ed3 Amara n\u1eb1m tr\u00ean m\u1ed9t v\u00f9ng tr\u0169ng n\u00f4ng t\u1eebng \u0111\u01b0\u1ee3c S\u00f4ng Ialomi\u021ba t\u1ea1o th\u00e0nh. \u0110\u01b0\u1ee3c cung c\u1ea5p b\u1edfi c\u00e1c m\u1ea1ch n\u01b0\u1edbc ng\u1ea7m v\u00e0 c\u00e1c d\u00f2ng n\u01b0\u1edbc nh\u1ecf gi\u1ecdt tr\u00ean b\u1ec1 m\u1eb7t mang theo sunfat v\u00e0 clorua h\u00f2a tan, h\u1ed3 tr\u1ea3i d\u00e0i kho\u1ea3ng 132 ha trong m\u1ed9t l\u01b0u v\u1ef1c h\u00ecnh ch\u1eef S, \u0111\u1ea1t chi\u1ec1u r\u1ed9ng t\u1eeb 200 \u0111\u1ebfn 800 m\u00e9t v\u00e0 k\u00e9o d\u00e0i 4,2 km t\u1eeb \u0111\u1ea7u \u0111\u1ebfn cu\u1ed1i. H\u00e0m l\u01b0\u1ee3ng kho\u00e1ng ch\u1ea5t cao trong n\u01b0\u1edbc, t\u1eebng \u0111\u01b0\u1ee3c ghi nh\u1eadn \u1edf m\u1ee9c g\u1ea7n 90 gam tr\u00ean m\u1ed9t l\u00edt v\u00e0o cu\u1ed1i th\u1ebf k\u1ef7 XIX, \u0111\u00e3 gi\u1ea3m d\u1ea7n theo th\u1eddi gian khi c\u00e1c k\u00eanh \u0111\u01b0\u1ee3c x\u00e2y d\u1ef1ng v\u00e0o nh\u1eefng n\u0103m 1970 gi\u1ea3i ph\u00f3ng l\u01b0\u1ee3ng n\u01b0\u1edbc ch\u1ea3y v\u00e0o d\u01b0 th\u1eeba \u0111\u1ec3 ng\u0103n ng\u1eeba l\u0169 l\u1ee5t c\u1ee5c b\u1ed9. Ng\u00e0y nay, \u0111\u1ed9 s\u00e2u t\u1ed1i \u0111a kho\u1ea3ng ba m\u00e9t ph\u1ee7 nh\u1eadn \u0111\u1ed9 s\u00e2u tr\u01b0\u1edbc \u0111\u00e2y c\u1ee7a n\u00f3. Tuy nhi\u00ean, ngay c\u1ea3 khi n\u1ed3ng \u0111\u1ed9 gi\u1ea3m, n\u01b0\u1edbc sunfat \u01b0u tr\u01b0\u01a1ng - gi\u00e0u magi\u00ea v\u00e0 natri - v\u1eabn gi\u1eef \u0111\u01b0\u1ee3c nh\u1eefng ph\u1ea9m ch\u1ea5t t\u1eeb \u200b\u200bl\u00e2u \u0111\u01b0\u1ee3c \u0111\u00e1nh gi\u00e1 cao \u0111\u1ed1i v\u1edbi li\u1ec7u ph\u00e1p t\u1eafm b\u00f9n b\u00ean ngo\u00e0i v\u00e0 b\u00ean trong.<\/p>\n<p>B\u00ean d\u01b0\u1edbi b\u1ec1 m\u1eb7t h\u1ed3 l\u00e0 m\u1ed9t l\u1edbp b\u00f9n sapropelic \u0111en, d\u00e0y t\u1eeb 30 \u0111\u1ebfn 60 cm, c\u00f3 th\u00e0nh ph\u1ea7n ch\u1ee9ng minh cho h\u00e0ng ng\u00e0n n\u0103m l\u1eafng \u0111\u1ecdng. B\u00f9n gi\u00e0u ch\u1ea5t h\u1eefu c\u01a1 n\u00e0y, nh\u1eddn khi ch\u1ea1m v\u00e0o v\u00e0 c\u00f3 m\u00f9i h\u0103ng c\u1ee7a hydro sunfua, t\u1ea1o ra h\u1ed7n h\u1ee3p ph\u1ee9c t\u1ea1p c\u1ee7a c\u00e1c mu\u1ed1i v\u00f4 c\u01a1 v\u00e0 h\u1ee3p ch\u1ea5t h\u1eefu c\u01a1\u2014trong \u0111\u00f3 c\u00f3 natri sunfat, canxi, l\u01b0u hu\u1ef3nh t\u1ef1 do, axit formic v\u00e0 nhi\u1ec1u lo\u1ea1i axit amin. Khi \u0111\u01b0\u1ee3c s\u1eed d\u1ee5ng trong b\u1ed1i c\u1ea3nh \u0111i\u1ec1u tr\u1ecb, n\u00f3 \u0111\u00e3 mang l\u1ea1i s\u1ef1 gi\u1ea3i tho\u00e1t cho nhi\u1ec1u th\u1ebf h\u1ec7 b\u1ecb b\u1ec7nh th\u1ea5p kh\u1edbp tho\u00e1i h\u00f3a ho\u1eb7c di ch\u1ee9ng sau ch\u1ea5n th\u01b0\u01a1ng. C\u00e1c ph\u00e2n t\u00edch h\u00f3a h\u1ecdc ban \u0111\u1ea7u c\u1ee7a George Petru Poni v\u00e0o n\u0103m 1887 \u0111\u00e3 ph\u00e1c th\u1ea3o l\u1ea7n \u0111\u1ea7u ti\u00ean c\u00e1c th\u00e0nh ph\u1ea7n n\u00e0y, th\u00fac \u0111\u1ea9y vi\u1ec7c th\u00e0nh l\u1eadp c\u00e1c c\u01a1 s\u1edf t\u1eafm th\u00f4 s\u01a1 c\u1ee7a ch\u00ednh quy\u1ec1n qu\u1eadn v\u00e0o gi\u1eefa nh\u1eefng n\u0103m 1890.<\/p>\n<p>Tuy nhi\u00ean, c\u00e2u chuy\u1ec7n c\u1ee7a con ng\u01b0\u1eddi v\u1ec1 Amara \u0111\u00e3 c\u00f3 t\u1eeb tr\u01b0\u1edbc danh ti\u1ebfng v\u1ec1 b\u00e3i t\u1eafm c\u1ee7a n\u00f3 h\u00e0ng thi\u00ean ni\u00ean k\u1ef7. C\u00e1c ph\u00e1t hi\u1ec7n kh\u1ea3o c\u1ed5 ch\u1ee9ng th\u1ef1c s\u1ef1 chi\u1ebfm \u0111\u00f3ng v\u00e0o cu\u1ed1i th\u1eddi k\u1ef3 \u0111\u1ed3 \u0111\u00e1 m\u1edbi c\u00f3 li\u00ean quan \u0111\u1ebfn n\u1ec1n v\u0103n h\u00f3a Boian, ch\u1ec9 ra r\u1eb1ng m\u1ea3nh \u0111\u1ed3ng b\u1eb1ng Romania n\u00e0y \u0111\u00e3 h\u1ed7 tr\u1ee3 c\u00e1c c\u1ed9ng \u0111\u1ed3ng c\u00f3 k\u1ef9 n\u0103ng l\u00e0m \u0111\u1ed3 g\u1ed1m v\u00e0 sinh k\u1ebf ch\u0103n th\u1ea3 gia s\u00fac. C\u00e1c ghi ch\u00e9p b\u1eb1ng v\u0103n b\u1ea3n xu\u1ea5t hi\u1ec7n trong th\u1eddi k\u1ef3 tr\u1ecb v\u00ec c\u1ee7a Ho\u00e0ng t\u1eed Matei Basarab v\u00e0o th\u1ebf k\u1ef7 XVII, khi c\u00e1c kho\u1ea3n t\u00e0i tr\u1ee3 c\u1ee7a tu vi\u1ec7n chuy\u1ec3n giao \u0111\u1ea5t ven b\u1edd cho c\u00e1c t\u1ed5 ch\u1ee9c t\u00f4n gi\u00e1o \u1edf Slobozia. C\u00e1c s\u1eafc l\u1ec7nh th\u1ebf t\u1ee5c h\u00f3a n\u0103m 1864 \u0111\u00e3 \u0111\u01b0a nh\u1eefng v\u00f9ng \u0111\u1ea5t n\u00e0y v\u00e0o tay nh\u00e0 n\u01b0\u1edbc, d\u1ecdn \u0111\u01b0\u1eddng cho c\u00e1c khu \u0111\u1ecbnh c\u01b0 sau n\u00e0y c\u1ee7a nh\u1eefng ng\u01b0\u1eddi ch\u0103n c\u1eebu \u0111\u01b0\u1ee3c \u0111\u01b0a \u0111\u1ebfn t\u1eeb c\u00e1c v\u00f9ng F\u0103g\u0103ra\u015f v\u00e0 Muscel. Nh\u1eefng c\u01b0 d\u00e2n \u0111\u1ea7u ti\u00ean n\u00e0y \u0111\u00e3 x\u00e2y d\u1ef1ng nh\u1eefng ng\u00f4i nh\u00e0 khi\u00eam t\u1ed1n b\u1eb1ng g\u1ed7 v\u00e0 s\u1eady, \u0111\u1eb7t t\u00ean cho v\u00f9ng \u0111\u1ea5t ri\u00eang c\u1ee7a h\u1ecd l\u00e0 B\u0103\u015fica Galben\u0103 ho\u1eb7c Movila Galben\u0103 tr\u01b0\u1edbc khi \u0111\u1ecba ph\u01b0\u01a1ng n\u00e0y h\u1ee3p nh\u1ea5t d\u01b0\u1edbi ng\u1ecdn c\u1edd Amara t\u1eeb n\u0103m 1879 \u0111\u1ebfn n\u0103m 1882.<\/p>\n<p>Qu\u00e1 tr\u00ecnh \u0111\u1ecbnh c\u01b0 di\u1ec5n ra nhanh h\u01a1n sau Chi\u1ebfn tranh gi\u00e0nh \u0111\u1ed9c l\u1eadp c\u1ee7a Romania, khi c\u00e1c c\u1ef1u chi\u1ebfn binh v\u00e0 gia \u0111\u00ecnh tr\u1ebb nh\u1eadn \u0111\u01b0\u1ee3c nh\u1eefng l\u00f4 \u0111\u1ea5t n\u00f4ng nghi\u1ec7p \u0111\u01b0\u1ee3c chia nh\u1ecf. \u0110\u1ebfn \u0111\u1ea7u th\u1ebf k\u1ef7 XX, Amara \u0111\u00e3 th\u1ed1ng k\u00ea \u0111\u01b0\u1ee3c kho\u1ea3ng 190 h\u1ed9 gia \u0111\u00ecnh trong x\u00e3 Slobozia Veche. S\u1ef1 c\u00f4ng nh\u1eadn v\u1ec1 m\u1eb7t h\u00e0nh ch\u00ednh nh\u01b0 m\u1ed9t x\u00e3 ri\u00eang bi\u1ec7t di\u1ec5n ra v\u00e0o n\u0103m 1903, v\u00e0 c\u00e1c cu\u1ed9c \u0111i\u1ec1u tra d\u00e2n s\u1ed1 gi\u1eefa hai cu\u1ed9c chi\u1ebfn tranh \u0111\u00e3 ghi nh\u1eadn d\u00e2n s\u1ed1 ch\u1ec9 h\u01a1n hai ngh\u00ecn ng\u01b0\u1eddi. C\u00e1c cu\u1ed9c t\u00e1i t\u1ed5 ch\u1ee9c v\u00e0o gi\u1eefa th\u1ebf k\u1ef7 XX \u0111\u00e3 ch\u1ee9ng ki\u1ebfn \u200b\u200bAmara chuy\u1ec3n \u0111\u1ed5i gi\u1eefa c\u00e1c khu v\u1ef1c t\u00e0i ph\u00e1n, cu\u1ed1i c\u00f9ng tr\u1edf l\u1ea1i Qu\u1eadn Ialomi\u021ba v\u00e0o n\u0103m 1968. C\u00e1c ng\u00f4i l\u00e0ng ngo\u1ea1i \u00f4 Motalva v\u00e0 Amara Nou\u0103 \u0111\u00e3 \u0111\u01b0\u1ee3c h\u1ee3p nh\u1ea5t ho\u00e0n to\u00e0n v\u00e0o cu\u1ed1i nh\u1eefng n\u0103m 1970, t\u1ea1o ti\u1ec1n \u0111\u1ec1 cho s\u1ef1 n\u00e2ng c\u1ea5p cu\u1ed1i c\u00f9ng c\u1ee7a \u0111\u1ecba ph\u01b0\u01a1ng l\u00ean th\u00e0nh th\u1ecb tr\u1ea5n v\u00e0o \u0111\u1ea7u th\u1ebf k\u1ef7 XXI.<\/p>\n<p>Ng\u00e0y nay, quy\u1ec1n qu\u1ea3n l\u00fd th\u1ecb tr\u1ea5n n\u1eb1m trong tay m\u1ed9t th\u1ecb tr\u01b0\u1edfng v\u00e0 m\u1ed9t h\u1ed9i \u0111\u1ed3ng \u0111\u1ecba ph\u01b0\u01a1ng g\u1ed3m m\u01b0\u1eddi l\u0103m th\u00e0nh vi\u00ean. Trong cu\u1ed9c b\u1ea7u c\u1eed g\u1ea7n \u0111\u00e2y nh\u1ea5t n\u0103m 2024, Ionu\u021b-Valentin Moraru c\u1ee7a \u0110\u1ea3ng D\u00e2n ch\u1ee7 X\u00e3 h\u1ed9i \u0111\u00e3 \u0111\u1ea3m nhi\u1ec7m ch\u1ee9c th\u1ecb tr\u01b0\u1edfng, trong khi h\u1ed9i \u0111\u1ed3ng ph\u1ea3n \u00e1nh s\u1ef1 k\u1ebft h\u1ee3p \u0111a nguy\u00ean gi\u1eefa \u0110\u1ea3ng D\u00e2n ch\u1ee7 X\u00e3 h\u1ed9i, \u0110\u1ea3ng T\u1ef1 do Qu\u1ed1c gia v\u00e0 \u0111\u1ea1i di\u1ec7n c\u1ee7a Li\u00ean minh Th\u1ed1ng nh\u1ea5t Ng\u01b0\u1eddi Romania. B\u1ed1i c\u1ea3nh ch\u00ednh tr\u1ecb n\u00e0y \u0111\u01b0a ra c\u00e1c quy\u1ebft \u0111\u1ecbnh t\u1eeb vi\u1ec7c b\u1ea3o tr\u00ec c\u01a1 s\u1edf h\u1ea1 t\u1ea7ng \u0111\u1ebfn vi\u1ec7c qu\u1ea3n l\u00fd b\u1ec1n v\u1eefng H\u1ed3 Amara\u2014t\u00e0i s\u1ea3n c\u1ee7a nh\u00e0 n\u01b0\u1edbc v\u00e0 do c\u01a1 quan qu\u1ea3n l\u00fd n\u01b0\u1edbc khu v\u1ef1c, RA Apele Rom\u00e2ne \u2013 SGA Ialomi\u021ba qu\u1ea3n l\u00fd.<\/p>\n<p>T\u00e0i nguy\u00ean thi\u00ean nhi\u00ean c\u1ee7a Amara t\u1eeb l\u00e2u \u0111\u00e3 thu h\u00fat du kh\u00e1ch t\u00ecm ki\u1ebfm s\u1ef1 gi\u1ea3i t\u1ecfa tr\u1ecb li\u1ec7u. C\u00e1c ph\u00f2ng t\u1eafm n\u01b0\u1edbc n\u00f3ng c\u00f4ng c\u1ed9ng \u0111\u1ea7u ti\u00ean, \u0111\u01b0\u1ee3c x\u00e2y d\u1ef1ng b\u1eb1ng g\u1ed7 v\u00e0o n\u0103m 1905, \u0111\u00e3 b\u1ecb ph\u00e1 h\u1ee7y trong chi\u1ebfn tranh, ch\u1ec9 \u0111\u01b0\u1ee3c thay th\u1ebf b\u1eb1ng c\u00e1c c\u01a1 s\u1edf t\u01b0 nh\u00e2n \u0111\u01b0\u1ee3c c\u1ea3i t\u1ea1o trong nh\u1eefng n\u0103m gi\u1eefa hai cu\u1ed9c chi\u1ebfn tranh. M\u1ed9t n\u1ed7 l\u1ef1c sau Th\u1ebf chi\u1ebfn II \u0111\u00e3 t\u1ea1o ra nhi\u1ec1u c\u00f4ng tr\u00ecnh ki\u00ean c\u1ed1 h\u01a1n v\u00e0 m\u1ed9t b\u00e3i bi\u1ec3n t\u1eafm n\u1eafng d\u1ecdc theo b\u1edd h\u1ed3. Khu ph\u1ee9c h\u1ee3p spa ng\u00e0y nay cung c\u1ea5p m\u1ed9t lo\u1ea1t c\u00e1c li\u1ec7u ph\u00e1p: t\u1eafm b\u00f9n n\u00f3ng, c\u00e1c \u1ee9ng d\u1ee5ng g\u00f3i, h\u1ed3 n\u01b0\u1edbc l\u1ea5y tr\u1ef1c ti\u1ebfp t\u1eeb h\u1ed3, li\u1ec7u ph\u00e1p b\u00ean trong b\u1eb1ng n\u01b0\u1edbc gi\u1ebfng kho\u00e1ng l\u01b0u hu\u1ef3nh, \u0111i\u1ec7n tr\u1ecb li\u1ec7u, th\u1ec3 d\u1ee5c d\u1ee5ng c\u1ee5 y t\u1ebf, v\u1eadt l\u00fd tr\u1ecb li\u1ec7u v\u00e0 li\u1ec7u ph\u00e1p kh\u00ed heliotherapy b\u00ean d\u01b0\u1edbi c\u00e1c b\u1ee5i c\u00e2y d\u01b0\u01a1ng v\u00e0 c\u00e2y keo.<\/p>\n<p>C\u00e1c ngu\u1ed3n t\u00e0i nguy\u00ean kh\u00ed h\u1eadu t\u1eafm c\u1ee7a Amara ph\u1ee5c v\u1ee5 cho nhi\u1ec1u \u0111i\u1ec1u ki\u1ec7n kh\u00e1c nhau. C\u00e1c \u1ee9ng d\u1ee5ng b\u00ean ngo\u00e0i c\u1ee7a n\u01b0\u1edbc sunfat \u01b0u tr\u01b0\u01a1ng v\u00e0 b\u00f9n sapropelic c\u1ee7a h\u1ed3 nh\u1eafm v\u00e0o c\u00e1c r\u1ed1i lo\u1ea1n th\u1ea7n kinh ngo\u1ea1i bi\u00ean v\u00e0 th\u1ea5p kh\u1edbp, trong khi vi\u1ec7c ti\u00eau th\u1ee5 n\u01b0\u1edbc su\u1ed1i h\u1ea1 tr\u01b0\u01a1ng, bicarbonate b\u00ean trong gi\u1ea3i quy\u1ebft c\u00e1c b\u1ec7nh v\u1ec1 m\u1eadt, l\u1ee3i ti\u1ec3u v\u00e0 chuy\u1ec3n h\u00f3a. B\u1ea3n th\u00e2n kh\u00ed h\u1eadu th\u1ea3o nguy\u00ean\u2014v\u1edbi kh\u00f4ng kh\u00ed kh\u00f4 v\u00e0 \u00e1nh n\u1eafng m\u1eb7t tr\u1eddi m\u1ea1nh\u2014b\u1ed5 sung cho c\u00e1c ph\u01b0\u01a1ng th\u1ee9c n\u00e0y, t\u1ea1o ra m\u1ed9t m\u00f4i tr\u01b0\u1eddng \u0111\u01b0\u1ee3c coi l\u00e0 v\u1eeba k\u00edch th\u00edch v\u1eeba kh\u1eaft khe \u0111\u1ed1i v\u1edbi c\u00e1c qu\u00e1 tr\u00ecnh c\u00e2n b\u1eb1ng n\u1ed9i m\u00f4i t\u1ef1 nhi\u00ean c\u1ee7a c\u01a1 th\u1ec3.<\/p>\n<p>C\u01a1 s\u1edf h\u1ea1 t\u1ea7ng l\u01b0u tr\u00fa t\u1ea1i \u0111\u1ecba ph\u01b0\u01a1ng \u0111\u00e3 ph\u00e1t tri\u1ec3n \u0111\u1ec3 ph\u00f9 h\u1ee3p v\u1edbi h\u1ed3 s\u01a1 tr\u1ecb li\u1ec7u c\u1ee7a khu ngh\u1ec9 d\u01b0\u1ee1ng. Kh\u00e1ch s\u1ea1n chi\u1ebfm \u01b0u th\u1ebf, m\u1ed7i kh\u00e1ch s\u1ea1n \u0111\u1ec1u cung c\u1ea5p c\u00e1c c\u01a1 s\u1edf ph\u1ee5c h\u1ed3i ch\u1ee9c n\u0103ng chuy\u00ean d\u1ee5ng v\u00e0 b\u00e3i bi\u1ec3n ri\u00eang. Khu ph\u1ee9c h\u1ee3p Leb\u0103da, do c\u00e1c li\u00ean \u0111o\u00e0n c\u00f4ng \u0111o\u00e0n qu\u1ed1c gia \u0111i\u1ec1u h\u00e0nh, cung c\u1ea5p ch\u1ed7 ngh\u1ec9 hai sao cho g\u1ea7n m\u1ed9t ngh\u00ecn kh\u00e1ch, trong khi Kh\u00e1ch s\u1ea1n Ialomi\u021ba thu\u1ed9c B\u1ed9 Lao \u0111\u1ed9ng v\u00e0 B\u1ea3o v\u1ec7 X\u00e3 h\u1ed9i c\u00f3 s\u1ee9c ch\u1ee9a g\u1ea7n n\u0103m tr\u0103m ng\u01b0\u1eddi. \u0110\u1ea7u t\u01b0 t\u01b0 nh\u00e2n \u0111\u00e3 c\u1ea3i t\u1ea1o khu ph\u1ee9c h\u1ee3p Parc Spa, n\u01a1i c\u00f3 Kh\u00e1ch s\u1ea1n Parc ba sao v\u00e0 Kh\u00e1ch s\u1ea1n Dana b\u1ed1n sao c\u00f9ng cung c\u1ea5p h\u01a1n n\u0103m tr\u0103m gi\u01b0\u1eddng. Bi\u1ec7t th\u1ef1 c\u00f3 t\u00ean l\u00e0 Irina, do C\u1ee5c Qu\u1ea3n l\u00fd Tr\u1ea1i giam Qu\u1ed1c gia qu\u1ea3n l\u00fd, t\u0103ng th\u00eam s\u1ee9c ch\u1ee9a cho c\u00e1c k\u1ef3 ngh\u1ec9 chuy\u00ean bi\u1ec7t.<\/p>\n<p>Ngo\u00e0i nh\u1eefng kh\u00e1ch s\u1ea1n ch\u00ednh th\u1ee9c, m\u1ed9t tr\u1ea1i tr\u1ebb em n\u1eb1m gi\u1eefa nh\u1eefng l\u00f9m c\u00e2y keo v\u00e0 v\u01b0\u1eddn \u00f3c ch\u00f3 \u0111\u00e3 ho\u1ea1t \u0111\u1ed9ng t\u1eeb n\u0103m 1975, ph\u1ee5c v\u1ee5 du kh\u00e1ch tr\u1ebb tu\u1ed5i v\u00e0o ban ng\u00e0y v\u00e0 v\u1eabn gi\u1eef \u0111\u01b0\u1ee3c n\u00e9t quy\u1ebfn r\u0169 m\u1ed9c m\u1ea1c. C\u00e1c cabin, khu c\u1eafm tr\u1ea1i v\u00e0 nh\u00e0 ngh\u1ec9 n\u1eb1m r\u1ea3i r\u00e1c kh\u1eafp v\u00f9ng ngo\u1ea1i vi, ph\u1ea3n \u00e1nh l\u00f2ng hi\u1ebfu kh\u00e1ch c\u1ee7a ng\u01b0\u1eddi d\u00e2n \u0111\u1ecba ph\u01b0\u01a1ng b\u1ed5 sung cho c\u00e1c d\u1ecbch v\u1ee5 mang t\u00ednh th\u1ec3 ch\u1ebf h\u01a1n. M\u1ed9t s\u1ed1 b\u00e3i bi\u1ec3n\u2014m\u1ed9t s\u1ed1 d\u00e0nh ri\u00eang cho kh\u00e1ch c\u1ee7a c\u00e1c kh\u00e1ch s\u1ea1n c\u1ee5 th\u1ec3, m\u1ed9t b\u00e3i bi\u1ec3n d\u00e0nh cho tr\u1ebb em trong khu\u00f4n vi\u00ean tr\u1ea1i v\u00e0 th\u1eadm ch\u00ed l\u00e0 m\u1ed9t khu v\u1ef1c kh\u1ecfa th\u00e2n ri\u00eang\u2014ch\u1ee9ng minh cho s\u1ee9c h\u1ea5p d\u1eabn gi\u1ea3i tr\u00ed \u0111a d\u1ea1ng c\u1ee7a khu ngh\u1ec9 d\u01b0\u1ee1ng.<\/p>\n<p>M\u1eb7c d\u00f9 n\u1ed3ng \u0111\u1ed9 mu\u1ed1i trong n\u01b0\u1edbc h\u1ed3 Amara \u0111\u00e3 gi\u1ea3m k\u1ec3 t\u1eeb th\u1ebf k\u1ef7 19, nh\u01b0ng \u0111\u1ecba \u0111i\u1ec3m n\u00e0y v\u1eabn gi\u1eef \u0111\u01b0\u1ee3c \u00fd ngh\u0129a sinh th\u00e1i. \u0110\u01b0\u1ee3c c\u00f4ng nh\u1eadn l\u00e0 Khu b\u1ea3o v\u1ec7 \u0111\u1eb7c bi\u1ec7t d\u00e0nh cho c\u00e1c lo\u00e0i chim, m\u00f4i tr\u01b0\u1eddng xung quanh h\u1ed7 tr\u1ee3 c\u00e1c qu\u1ea7n th\u1ec3 l\u00e0m t\u1ed5 v\u00e0 di c\u01b0, bao g\u1ed3m di\u1ec7c nh\u1ecf, di\u1ec7c x\u00e1m, c\u00f2 tr\u1eafng v\u00e0 c\u00e0 kheo. Th\u1ea3o nguy\u00ean xung quanh, ph\u1ea7n l\u1edbn \u0111\u00e3 \u0111\u01b0\u1ee3c chuy\u1ec3n \u0111\u1ed5i b\u1edfi n\u00f4ng nghi\u1ec7p, tuy nhi\u00ean v\u1eabn b\u1ea3o t\u1ed3n c\u00e1c nh\u00f3m th\u1ef1c v\u1eadt \u0111\u1ed3ng c\u1ecf ch\u1ee7 y\u1ebfu l\u00e0 h\u1ecd \u0111\u1eadu v\u00e0 h\u1ecd \u0111\u1eadu, cung c\u1ea5p m\u00f4i tr\u01b0\u1eddng s\u1ed1ng cho c\u00e1c lo\u00e0i \u0111\u1ed9ng v\u1eadt c\u00f3 v\u00fa nh\u1ecf v\u00e0 c\u00f4n tr\u00f9ng neo gi\u1eef l\u01b0\u1edbi th\u1ee9c \u0103n.<\/p>\n<p>C\u00e2u chuy\u1ec7n s\u00e2u s\u1eafc h\u01a1n v\u1ec1 Amara n\u1eb1m \u1edf s\u1ef1 t\u01b0\u01a1ng t\u00e1c gi\u1eefa n\u1ed7 l\u1ef1c c\u1ee7a con ng\u01b0\u1eddi v\u00e0 ngu\u1ed3n t\u00e0i nguy\u00ean m\u00f4i tr\u01b0\u1eddng. T\u1eeb nh\u1eefng ng\u01b0\u1eddi th\u1ee3 g\u1ed1m Boian d\u1ecdc theo b\u1edd bi\u1ec3n th\u1eddi k\u1ef3 \u0111\u1ed3 \u0111\u00e1 m\u1edbi, qua nh\u1eefng ng\u01b0\u1eddi ch\u1ee7 \u0111\u1ea5t tu vi\u1ec7n v\u00e0 nh\u1eefng ng\u01b0\u1eddi \u0111\u1ecbnh c\u01b0 m\u1ee5c v\u1ee5, \u0111\u1ebfn nh\u1eefng ng\u01b0\u1eddi qu\u1ea3n l\u00fd hi\u1ec7n \u0111\u1ea1i v\u00e0 nh\u1eefng ng\u01b0\u1eddi b\u1ea3o tr\u1ee3 spa, m\u1ed7i th\u1ebf h\u1ec7 k\u1ebf ti\u1ebfp \u0111\u00e3 di\u1ec5n gi\u1ea3i c\u00e1c \u0111\u1eb7c \u0111i\u1ec3m c\u1ee7a \u0111\u1ed3ng b\u1eb1ng th\u00f4ng qua l\u0103ng k\u00ednh c\u1ee7a s\u1ef1 c\u1ea7n thi\u1ebft v\u00e0 kh\u00e1t v\u1ecdng ri\u00eang c\u1ee7a h\u1ecd. S\u1ef1 gi\u00e0u c\u00f3 v\u1ec1 kho\u00e1ng s\u1ea3n c\u1ee7a h\u1ed3 \u0111\u00e3 \u0111\u1ecbnh h\u00ecnh n\u00ean n\u1ec1n kinh t\u1ebf ch\u0103m s\u00f3c; n\u01b0\u1edbc v\u00e0 b\u00f9n c\u1ee7a n\u00f3 thu h\u00fat s\u1ef1 nghi\u00ean c\u1ee9u khoa h\u1ecdc v\u00e0 li\u1ec7u ph\u00e1p c\u1ee7a ng\u01b0\u1eddi d\u00e2n m\u1ed9t c\u00e1ch b\u00ecnh \u0111\u1eb3ng. Bi\u1ec3u \u0111\u1ed3 h\u00e0nh ch\u00ednh \u0111\u00e3 v\u1ebd l\u1ea1i ranh gi\u1edbi v\u00e0 \u0111i\u1ec1u ch\u1ec9nh ch\u00ednh quy\u1ec1n, nh\u01b0ng b\u1ed1i c\u1ea3nh v\u1eadt l\u00fd - t\u1ea7ng \u0111\u1ea5t ho\u00e0ng th\u1ed5, su\u1ed1i ng\u1ea7m, b\u1ea7u tr\u1eddi v\u00f4 t\u1eadn - v\u1eabn kh\u00f4ng \u0111\u1ed5i, h\u01b0\u1edbng d\u1eabn c\u1ea3 vi\u1ec7c tr\u1ed3ng tr\u1ecdt v\u00e0 ch\u1eefa b\u1ec7nh.<\/p>\n<p>Amara \u0111\u01b0\u01a1ng \u0111\u1ea1i ti\u1ebfp t\u1ee5c k\u1ebf th\u1eeba di s\u1ea3n n\u00e0y, c\u00e2n b\u1eb1ng b\u1ea3n s\u1eafc k\u00e9p c\u1ee7a m\u00ecnh l\u00e0 trung t\u00e2m th\u00e0nh ph\u1ed1 v\u00e0 \u0111i\u1ec3m \u0111\u1ebfn ngh\u1ec9 d\u01b0\u1ee1ng. S\u1ed1 l\u01b0\u1ee3ng du kh\u00e1ch h\u00e0ng n\u0103m, \u0111\u1eb7c bi\u1ec7t l\u00e0 nh\u1eefng ng\u01b0\u1eddi cao tu\u1ed5i t\u00ecm \u0111\u1ebfn li\u1ec7u ph\u00e1p pelotherapy v\u00e0 th\u1ee7y li\u1ec7u ph\u00e1p, v\u01b0\u1ee3t qu\u00e1 m\u01b0\u1eddi b\u1ed1n ngh\u00ecn, nh\u1ea5n m\u1ea1nh s\u1ee9c h\u1ea5p d\u1eabn l\u00e2u d\u00e0i c\u1ee7a c\u1ea3nh quan tr\u1ecb li\u1ec7u c\u1ee7a n\u01a1i n\u00e0y. \u0110\u1ed3ng th\u1eddi, c\u00e1c nh\u00e0 l\u00e3nh \u0111\u1ea1o \u0111\u1ecba ph\u01b0\u01a1ng ph\u1ea3i \u0111\u1ed1i m\u1eb7t v\u1edbi c\u00e1c c\u00e2u h\u1ecfi v\u1ec1 suy gi\u1ea3m d\u00e2n s\u1ed1, qu\u1ea3n l\u00fd t\u00e0i nguy\u00ean v\u00e0 qu\u1ea3n l\u00fd sinh th\u00e1i, nh\u1eadn th\u1ee9c r\u1eb1ng s\u1ee9c kh\u1ecfe c\u1ee7a h\u1ed3 l\u00e0 n\u1ec1n t\u1ea3ng cho c\u1ea3 k\u00fd \u1ee9c v\u0103n h\u00f3a v\u00e0 s\u1ee9c s\u1ed1ng kinh t\u1ebf.<\/p>\n<p>\u1ede d\u1ea1ng hi\u1ec7n t\u1ea1i, Amara l\u00e0 n\u01a1i giao thoa: gi\u1eefa th\u1ea3o nguy\u00ean v\u00e0 spa, gi\u1eefa trung t\u00e2m h\u00e0nh ch\u00ednh v\u00e0 v\u00f9ng n\u00f4ng th\u00f4n h\u1ebbo l\u00e1nh, gi\u1eefa t\u00ednh li\u00ean t\u1ee5c l\u1ecbch s\u1eed v\u00e0 nhu c\u1ea7u c\u1ea5p thi\u1ebft hi\u1ec7n \u0111\u1ea1i. Nh\u1eefng con ph\u1ed1 d\u1eabn \u0111\u1ebfn nh\u1eefng c\u00e1nh \u0111\u1ed3ng t\u1eebng l\u00e0 n\u01a1i sinh s\u1ed1ng c\u1ee7a c\u00e1c c\u1ed9ng \u0111\u1ed3ng th\u1eddi k\u1ef3 \u0111\u1ed3 \u0111\u00e1 m\u1edbi v\u00e0 \u0111\u1ebfn nh\u1eefng v\u00f9ng n\u01b0\u1edbc g\u1ee3i nh\u1edb \u0111\u1ebfn v\u00f9ng \u0111\u1ed3ng b\u1eb1ng ng\u1eadp l\u1ee5t c\u1ee7a m\u1ed9t con s\u00f4ng \u0111\u00e3 bi\u1ebfn m\u1ea5t. Trong nh\u1ecbp \u0111i\u1ec7u \u0111\u01b0\u1ee3c c\u00e2n nh\u1eafc c\u1ee7a c\u00e1c ph\u01b0\u01a1ng ph\u00e1p x\u1eed l\u00fd v\u00e0 s\u1ef1 thay \u0111\u1ed5i tinh t\u1ebf c\u1ee7a c\u00e1c m\u00f9a, ng\u01b0\u1eddi ta nh\u1eadn ra m\u1ed9t n\u01a1i \u0111\u01b0\u1ee3c h\u00ecnh th\u00e0nh t\u1eeb qu\u00e1 kh\u1ee9 \u0111\u1ecba ch\u1ea5t c\u1ee7a n\u00f3 c\u0169ng nh\u01b0 t\u1eeb nhi\u1ec1u th\u1ebf k\u1ef7 t\u00e1c \u0111\u1ed9ng c\u1ee7a con ng\u01b0\u1eddi. S\u1ef1 c\u1ed9ng sinh c\u1ee7a \u0111\u1ea5t \u0111ai v\u00e0 sinh k\u1ebf, c\u1ee7a tr\u1ea7m t\u00edch v\u00e0 khu \u0111\u1ecbnh c\u01b0, \u0111\u1ecbnh ngh\u0129a Amara s\u00e2u s\u1eafc h\u01a1n b\u1ea5t k\u1ef3 s\u1ed1 li\u1ec7u th\u1ed1ng k\u00ea hay ti\u1ec7n nghi n\u00e0o - m\u1ed9t minh ch\u1ee9ng s\u1ed1ng \u0111\u1ed9ng cho c\u00e1ch m\u00e0 c\u00e1c ngu\u1ed3n t\u00e0i nguy\u00ean thi\u00ean nhi\u00ean v\u00e0 quy\u1ebft t\u00e2m c\u1ee7a con ng\u01b0\u1eddi c\u00f3 th\u1ec3 h\u1ed9i t\u1ee5 tr\u00ean \u0111\u1ed3ng b\u1eb1ng Muntenia.<\/p>","protected":false},"excerpt":{"rendered":"<p>Ng\u01b0\u1eddi d\u00e2n Amara, m\u1ed9t th\u1ecb tr\u1ea5n nh\u1ecf tr\u00ean \u0111\u1ed3ng b\u1eb1ng B\u0103r\u0103ganului \u1edf v\u00f9ng Muntenia, Qu\u1eadn Ialomi\u021ba c\u1ee7a Romania, \u0111\u01b0\u1ee3c h\u01b0\u1edfng m\u1ed9t v\u1ecb tr\u00ed \u0111\u1eafc \u0111\u1ecba. C\u1ea3 th\u00f4n Amara v\u00e0 l\u00e0ng Amara Nou\u0103 \u0111\u1ec1u l\u00e0 m\u1ed9t ph\u1ea7n c\u1ee7a \u0111\u00f4 th\u1ecb Amara, n\u1eb1m c\u00e1ch Slobozia 7 km v\u1ec1 ph\u00eda t\u00e2y b\u1eafc. Ch\u1ec9 c\u00e1ch trung t\u00e2m th\u00e0nh ph\u1ed1 2 km l\u00e0 khu ngh\u1ec9 d\u01b0\u1ee1ng kh\u00ed h\u1eadu t\u1eafm Amara n\u1ed5i ti\u1ebfng, l\u00e0 m\u1ed9t ph\u1ea7n c\u1ee7a khu h\u00e0nh ch\u00ednh c\u1ee7a th\u00e0nh ph\u1ed1.<\/p>","protected":false},"author":1,"featured_media":17599,"parent":11908,"menu_order":0,"comment_status":"closed","ping_status":"closed","template":"elementor_theme","meta":{"_eb_attr":"","footnotes":""},"class_list":["post-17010","page","type-page","status-publish","has-post-thumbnail"],"_links":{"self":[{"href":"https:\/\/travelshelper.com\/vi\/wp-json\/wp\/v2\/pages\/17010","targetHints":{"allow":["GET"]}}],"collection":[{"href":"https:\/\/travelshelper.com\/vi\/wp-json\/wp\/v2\/pages"}],"about":[{"href":"https:\/\/travelshelper.com\/vi\/wp-json\/wp\/v2\/types\/page"}],"author":[{"embeddable":true,"href":"https:\/\/travelshelper.com\/vi\/wp-json\/wp\/v2\/users\/1"}],"replies":[{"embeddable":true,"href":"https:\/\/travelshelper.com\/vi\/wp-json\/wp\/v2\/comments?post=17010"}],"version-history":[{"count":0,"href":"https:\/\/travelshelper.com\/vi\/wp-json\/wp\/v2\/pages\/17010\/revisions"}],"up":[{"embeddable":true,"href":"https:\/\/travelshelper.com\/vi\/wp-json\/wp\/v2\/pages\/11908"}],"wp:featuredmedia":[{"embeddable":true,"href":"https:\/\/travelshelper.com\/vi\/wp-json\/wp\/v2\/media\/17599"}],"wp:attachment":[{"href":"https:\/\/travelshelper.com\/vi\/wp-json\/wp\/v2\/media?parent=17010"}],"curies":[{"name":"wp","href":"https:\/\/api.w.org\/{rel}","templated":true}]}}