{"id":16989,"date":"2024-09-24T16:50:33","date_gmt":"2024-09-24T16:50:33","guid":{"rendered":"https:\/\/travelshelper.com\/staging\/?page_id=16989"},"modified":"2026-03-12T19:43:13","modified_gmt":"2026-03-12T19:43:13","slug":"day-nui-monchique","status":"publish","type":"page","link":"https:\/\/travelshelper.com\/vi\/destinations\/europe\/portugal\/serra-de-monchique\/","title":{"rendered":"D\u00e3y n\u00fai Monchique"},"content":{"rendered":"<p>Serra de Monchique \u0111\u1ed9t ng\u1ed9t nh\u00f4 l\u00ean t\u1eeb \u0111\u1ed3ng b\u1eb1ng nh\u1ea5p nh\u00f4 c\u1ee7a ph\u00eda t\u00e2y Algarve, m\u1ed9t chu\u1ed7i n\u00fai nh\u1ecf g\u1ecdn n\u1eb1m c\u00e1ch \u0111\u1ea5t li\u1ec1n kho\u1ea3ng hai m\u01b0\u01a1i km nh\u01b0ng v\u1eabn \u0111\u01b0\u1ee3c coi l\u00e0 m\u1ed9t trong nh\u1eefng \u0111\u1ed9 cao n\u1ed5i b\u1eadt nh\u1ea5t c\u1ee7a mi\u1ec1n nam B\u1ed3 \u0110\u00e0o Nha. \u0110\u1ec9nh cao nh\u1ea5t c\u1ee7a n\u00f3, F\u00f3ia, cao 902 m\u00e9t so v\u1edbi m\u1ef1c n\u01b0\u1edbc bi\u1ec3n v\u00e0 c\u00f3 \u0111\u1ed9 cao bi\u1ec7t l\u1eadp 172,69 km, \u0111\u00e1nh d\u1ea5u \u0111\u00e2y v\u1eeba l\u00e0 \u0111i\u1ec3m cao nh\u1ea5t \u1edf Algarve v\u1eeba l\u00e0 m\u1ed9t trong nh\u1eefng \u0111\u1ec9nh n\u00fai c\u00f4 \u0111\u01a1n nh\u1ea5t c\u1ee7a B\u1ed3 \u0110\u00e0o Nha. M\u1ed9t \u0111i\u1ec3m cao th\u1ee9 c\u1ea5p, Picota, cao 774 m\u00e9t, t\u1ea1o th\u00eam chi\u1ec1u s\u00e2u cho h\u00ecnh d\u00e1ng khi\u00eam t\u1ed1n nh\u01b0ng \u1ea5n t\u01b0\u1ee3ng c\u1ee7a d\u00e3y n\u00fai. R\u1ea3i r\u00e1c tr\u00ean c\u00e1c s\u01b0\u1eddn d\u1ed1c v\u00e0 thung l\u0169ng, m\u1ed9t nh\u00f3m d\u00e2n c\u01b0 nh\u1ecf, ph\u00e2n t\u00e1n duy tr\u00ec m\u1ed1i li\u00ean h\u1ec7 k\u00e9o d\u00e0i h\u00e0ng th\u1ebf k\u1ef7 v\u1edbi \u0111\u1ecba h\u00ecnh n\u00e0y, n\u01a1i \u0111\u1ecba l\u00fd, \u0111\u1ecba ch\u1ea5t, h\u1ec7 th\u1ef1c v\u1eadt v\u00e0 \u0111\u1ed9ng v\u1eadt \u0111an xen v\u00e0o nhau \u0111\u1ec3 t\u1ea1o n\u00ean m\u1ed9t n\u01a1i c\u00f3 \u0111\u1eb7c \u0111i\u1ec3m ri\u00eang bi\u1ec7t.<\/p>\n<p>V\u1ecb th\u1ebf c\u1ee7a d\u00e3y n\u00fai l\u00e0 v\u00e0nh \u0111ai n\u00fai c\u1ef1c t\u00e2y nam c\u1ee7a B\u00e1n \u0111\u1ea3o Iberia c\u1ee7ng c\u1ed1 b\u1ea3n s\u1eafc \u0111\u1ed9c \u0111\u00e1o c\u1ee7a n\u00f3. T\u1ea1i \u0111\u00e2y, \u1ea3nh h\u01b0\u1edfng \u00f4n h\u00f2a c\u1ee7a \u0110\u1ea1i T\u00e2y D\u01b0\u01a1ng h\u1ed9i t\u1ee5 v\u1edbi \u0111\u1ed9 cao. \u0110i\u1ec1u ki\u1ec7n c\u1eadn nhi\u1ec7t \u0111\u1edbi \u1ea9m chi\u1ebfm \u01b0u th\u1ebf, mang l\u1ea1i l\u01b0\u1ee3ng m\u01b0a trung b\u00ecnh h\u00e0ng n\u0103m t\u1eeb 1.000 \u0111\u1ebfn 2.000 mm. Nhi\u1ec7t \u0111\u1ed9 \u00f4n h\u00f2a v\u00e0 \u0111\u1ed9 \u1ea9m d\u1ed3i d\u00e0o duy tr\u00ec m\u1ed9t ma tr\u1eadn xanh t\u01b0\u01a1i c\u1ee7a th\u1ea3m th\u1ef1c v\u1eadt \u0111\u1eb7c tr\u01b0ng c\u1ee7a v\u00f9ng \u00f4n \u0111\u1edbi h\u01a1n l\u00e0 m\u00f4i tr\u01b0\u1eddng kh\u00f4 c\u1eb1n th\u00f4ng th\u01b0\u1eddng c\u1ee7a Algarve. S\u1ed3i Monchique v\u00e0 s\u1ed3i th\u00f4ng th\u01b0\u1eddng ph\u00e1t tri\u1ec3n m\u1ea1nh c\u00f9ng v\u1edbi c\u00e1c lo\u00e0i hi\u1ebfm khi \u0111\u01b0\u1ee3c t\u00ecm th\u1ea5y \u1edf xa v\u1ec1 ph\u00eda nam nh\u01b0 c\u00e2y d\u1ebb, s\u1ed3i B\u1ed3 \u0110\u00e0o Nha v\u00e0 c\u00e2y s\u1ed3i-roble c\u1ee9ng c\u00e1p r\u1ea3i r\u00e1c tr\u00ean c\u00e1c s\u01b0\u1eddn d\u1ed1c, g\u1ee3i l\u00ean m\u1ed9t v\u01b0\u01a1ng qu\u1ed1c r\u1eebng r\u1eadm t\u01b0\u01a1ng ph\u1ea3n v\u1edbi \u0111\u1ed3ng b\u1eb1ng \u0111\u1ea5t th\u1ea5p.<\/p>\n<p>Tuy nhi\u00ean, nh\u1eefng khu r\u1eebng n\u00e0y \u0111\u00e3 b\u1ecb thay \u0111\u1ed5i s\u00e2u s\u1eafc b\u1edfi n\u1ed7 l\u1ef1c c\u1ee7a con ng\u01b0\u1eddi. V\u00e0o gi\u1eefa nh\u1eefng n\u0103m 1970, nh\u1eefng d\u1ea3i r\u1eebng b\u1ea3n \u0111\u1ecba r\u1ed9ng l\u1edbn \u0111\u00e3 \u0111\u01b0\u1ee3c chuy\u1ec3n \u0111\u1ed5i th\u00e0nh c\u00e1c \u0111\u1ed3n \u0111i\u1ec1n b\u1ea1ch \u0111\u00e0n, th\u00f4ng v\u00e0 keo. M\u1eb7c d\u00f9 nh\u1eefng lo\u00e0i c\u00e2y ph\u00e1t tri\u1ec3n nhanh n\u00e0y h\u1ed7 tr\u1ee3 m\u1ee5c \u0111\u00edch th\u01b0\u01a1ng m\u1ea1i v\u00e0 ng\u00e0nh c\u00f4ng nghi\u1ec7p b\u1ed9t gi\u1ea5y, nh\u01b0ng ch\u00fang g\u00e2y ra thi\u1ec7t h\u1ea1i sinh th\u00e1i nghi\u00eam tr\u1ecdng: ch\u00fang l\u00e0m c\u1ea1n ki\u1ec7t tr\u1eef l\u01b0\u1ee3ng n\u01b0\u1edbc ng\u1ea7m, k\u00ecm h\u00e3m s\u1ef1 \u0111a d\u1ea1ng sinh h\u1ecdc c\u1ee7a t\u1ea7ng d\u01b0\u1edbi v\u00e0 t\u1ea1o ra m\u1ed9t m\u00f4i tr\u01b0\u1eddng m\u00e0 trong \u0111\u00f3 nh\u1eefng d\u00f2ng su\u1ed1i quanh n\u0103m tr\u01b0\u1edbc \u0111\u00e2y kh\u00f4 c\u1ea1n trong h\u1ea7u h\u1ebft th\u1eddi gian trong n\u0103m. S\u1ef1 chuy\u1ec3n \u0111\u1ed5i t\u1eeb r\u1eebng b\u1ea3n \u0111\u1ecba sang l\u00e2m nghi\u1ec7p c\u00e2y c\u00f4ng nghi\u1ec7p \u0111\u00e3 ph\u00e1 v\u1ee1 s\u1ef1 c\u00e2n b\u1eb1ng duy tr\u00ec c\u1ea3 h\u1ec7 th\u1ef1c v\u1eadt v\u00e0 \u0111\u1ed9ng v\u1eadt, khi\u1ebfn c\u00e1c lo\u00e0i \u0111\u1eb7c h\u1eefu d\u1ec5 b\u1ecb t\u1ed5n th\u01b0\u01a1ng v\u00e0 c\u00e1c tuy\u1ebfn \u0111\u01b0\u1eddng th\u1ee7y \u0111\u1ecba ph\u01b0\u01a1ng b\u1ecb thu h\u1eb9p.<\/p>\n<p>Trong s\u1ed1 c\u00e1c c\u1ed9ng \u0111\u1ed3ng \u0111\u01b0\u1ee3c nu\u00f4i d\u01b0\u1ee1ng b\u1edfi nh\u1eefng ng\u1ecdn \u0111\u1ed3i n\u00e0y, Monchique \u0111\u01b0\u1ee3c \u0111\u1eb7t t\u00ean cho to\u00e0n b\u1ed9 d\u00e3y n\u00fai. N\u1eb1m gi\u1eefa nh\u1eefng s\u01b0\u1eddn \u0111\u1ed3i xanh t\u01b0\u01a1i, th\u1ecb tr\u1ea5n n\u00e0y l\u00e0 minh ch\u1ee9ng cho s\u1ef1 ti\u1ebfp n\u1ed1i v\u0103n h\u00f3a l\u00e2u d\u00e0i. Nh\u1eefng con \u0111\u01b0\u1eddng h\u1eb9p, m\u1eb7t ti\u1ec1n qu\u00e9t v\u00f4i tr\u1eafng v\u00e0 qu\u1ea3ng tr\u01b0\u1eddng l\u00e1t \u0111\u00e1 granit ch\u1ee9ng minh cho nhi\u1ec1u th\u1ebf h\u1ec7 \u0111\u00e3 ki\u1ebfm s\u1ed1ng b\u1eb1ng ngh\u1ec1 n\u00f4ng, l\u00e2m nghi\u1ec7p v\u00e0 ngu\u1ed3n n\u01b0\u1edbc ch\u1eefa b\u1ec7nh c\u1ee7a nh\u1eefng ng\u1ecdn n\u00fai n\u00e0y. G\u1ea7n \u0111\u00f3, th\u1ecb tr\u1ea5n spa Caldas de Monchique t\u1eadn d\u1ee5ng c\u00e1c su\u1ed1i n\u01b0\u1edbc n\u00f3ng \u0111\u1ecba nhi\u1ec7t \u0111\u01b0\u1ee3c cho l\u00e0 c\u00f3 \u0111\u1eb7c t\u00ednh tr\u1ecb li\u1ec7u. M\u1ed9t nh\u00e0 nguy\u1ec7n \u1edf \u0111\u00f3, \u1ea9n m\u00ecnh trong nh\u1eefng r\u1eb7ng c\u00e2y m\u1ed9c lan\u2014trong \u0111\u00f3 c\u00f3 c\u00e2y l\u1edbn nh\u1ea5t \u1edf ch\u00e2u \u00c2u\u2014nh\u00ecn ra khu ph\u1ee9c h\u1ee3p nhi\u1ec7t v\u00e0 m\u1ed9t c\u00f4ng vi\u00ean v\u1edbi th\u1ea3m th\u1ef1c v\u1eadt t\u01b0\u01a1i t\u1ed1t ph\u00e1t tri\u1ec3n nh\u1edd c\u1ea3 \u0111\u1ed9 \u1ea9m v\u00e0 \u0111\u1ea5t m\u00e0u m\u1ee1 c\u00f3 ngu\u1ed3n g\u1ed1c t\u1eeb \u0111\u00e1 macma.<\/p>\n<p>Nh\u1eefng lo\u1ea1i \u0111\u1ea5t n\u00e0y c\u00f3 \u0111\u01b0\u1ee3c s\u1ef1 m\u00e0u m\u1ee1 nh\u1edd foyaite, m\u1ed9t lo\u1ea1i nepheline-syenite \u0111\u1ecba ph\u01b0\u01a1ng \u0111\u01b0\u1ee3c \u0111\u1eb7t t\u00ean theo \u0111\u1ecba \u0111i\u1ec3m \u0111i\u1ec3n h\u00ecnh c\u1ee7a n\u00f3 t\u1ea1i F\u00f3ia. Serra de Monchique t\u1ea1o th\u00e0nh m\u1ed9t ph\u1ea7n c\u1ee7a T\u1ec9nh Iberia Alkaline Igneous v\u00e0o cu\u1ed1i k\u1ef7 Ph\u1ea5n tr\u1eafng, m\u1ed9t t\u1ec9nh \u0111\u1ecba ch\u1ea5t h\u1ee3p nh\u1ea5t c\u00e1c x\u00e2m nh\u1eadp tr\u00ean b\u1edd v\u1edbi c\u00e1c \u0111\u1eb7c \u0111i\u1ec3m ngo\u00e0i kh\u01a1i nh\u01b0 n\u00fai ng\u1ea7m Ormonde \u1edf Gorringe Bank. B\u1ea3n th\u00e2n x\u00e2m nh\u1eadp Monchique tr\u1ea3i d\u00e0i kho\u1ea3ng 63 km vu\u00f4ng, \u0111\u01b0\u1ee3c x\u1ebfp h\u1ea1ng l\u00e0 kh\u1ed1i nepheline-syenite miaskitic l\u1edbn th\u1ee9 t\u01b0 t\u1eebng \u0111\u01b0\u1ee3c ghi nh\u1eadn. H\u00ecnh d\u1ea1ng laccolithic r\u1ed9ng l\u1edbn c\u1ee7a n\u00f3 \u0111\u01b0\u1ee3c suy ra t\u1eeb s\u1ef1 ti\u1ebfp x\u00fac tr\u01a1n tru c\u1ee7a n\u00f3 v\u1edbi th\u00e0nh h\u1ec7 Breijera bao quanh, n\u01a1i psammite, \u0111\u00e1 phi\u1ebfn s\u00e9t v\u00e0 \u0111\u00e1 macn\u01a1 n\u1ed5i l\u00ean trong c\u00e1c m\u1ecfm \u0111\u00e1 l\u1edfm ch\u1edfm.<\/p>\n<p>Trong l\u00f5i c\u1ee7a d\u00e3y n\u00fai, pegmatit c\u00f3 th\u00e0nh ph\u1ea7n foyaitic t\u01b0\u01a1ng t\u1ef1 xu\u1ea5t hi\u1ec7n \u1edf hai \u0111\u1ecba \u0111i\u1ec3m ri\u00eang bi\u1ec7t, trong khi m\u1ed9t \u0111\u00e0n \u0111\u00ea li\u00ean k\u1ebft c\u1ee7a lamprophyres v\u00e0 picrites nh\u00f4 ra g\u1ea7n ba km t\u1eeb F\u00f3ia. Nh\u1eefng \u0111\u1eb7c \u0111i\u1ec3m n\u00e0y cung c\u1ea5p m\u1ed9t c\u1eeda s\u1ed5 v\u00e0o c\u00e1c l\u1ef1c plutonic v\u00e0 n\u00fai l\u1eeda \u0111\u00e3 \u0111\u1ecbnh h\u00ecnh n\u1ec1n \u0111\u00e1 c\u1ee7a khu v\u1ef1c trong th\u1eddi k\u1ef3 suy t\u00e0n c\u1ee7a k\u1ef7 Ph\u1ea5n tr\u1eafng. V\u1ec1 ph\u00eda t\u00e2y, \u0111\u1ecba h\u00ecnh g\u1ed3 gh\u1ec1 c\u1ee7a h\u1ec7 t\u1ea7ng Breijera t\u1ea1o n\u00ean nh\u1eefng h\u1ebbm n\u00fai \u1ea5n t\u01b0\u1ee3ng v\u00e0 h\u1ebbm n\u00fai d\u1ed1c, c\u00e1c t\u1ea7ng psammite v\u00e0 marl tr\u01a1 tr\u1ee5i c\u1ee7a ch\u00fang t\u01b0\u01a1ng ph\u1ea3n r\u00f5 r\u1ec7t v\u1edbi c\u00e1c s\u01b0\u1eddn d\u1ed1c m\u1ecbn h\u01a1n c\u1ee7a d\u00e3y n\u00fai syenit.<\/p>\n<p>V\u1ec1 m\u1eb7t th\u1ee7y v\u0103n, Serra de Monchique l\u00e0 ngu\u1ed3n c\u1ee7a m\u1ed9t s\u1ed1 con s\u00f4ng ch\u00ednh c\u1ee7a Algarve. Ribeira de Seixe, Ribeira de Aljezur (c\u00f2n \u0111\u01b0\u1ee3c g\u1ecdi l\u00e0 da Cerca) v\u00e0 Ribeira de Odi\u00e1xere, c\u00f9ng v\u1edbi c\u00e1c d\u00f2ng su\u1ed1i nh\u1ecf h\u01a1n nh\u01b0 Ribeira de Monchique v\u00e0 Ribeira de Boina, t\u1ea5t c\u1ea3 \u0111\u1ec1u b\u1eaft ngu\u1ed3n t\u1eeb v\u00f9ng cao c\u1ee7a n\u00f3. C\u00e1c tuy\u1ebfn \u0111\u01b0\u1eddng th\u1ee7y n\u00e0y kh\u00f4ng ch\u1ec9 t\u01b0\u1edbi ti\u00eau cho n\u00f4ng nghi\u1ec7p h\u1ea1 l\u01b0u m\u00e0 c\u00f2n nu\u00f4i d\u01b0\u1ee1ng c\u00e1c h\u1ec7 sinh th\u00e1i ven s\u00f4ng. Theo truy\u1ec1n th\u1ed1ng, nhi\u1ec1u d\u00f2ng su\u1ed1i trong s\u1ed1 n\u00e0y ch\u1ea3y quanh n\u0103m; tuy nhi\u00ean, k\u1ec3 t\u1eeb khi t\u0103ng c\u01b0\u1eddng tr\u1ed3ng b\u1ea1ch \u0111\u00e0n v\u00e0o n\u0103m 1976, ch\u00fang th\u01b0\u1eddng c\u1ea1n ki\u1ec7t v\u00e0 m\u1ef1c n\u01b0\u1edbc ng\u1ea7m trong khu v\u1ef1c \u0111\u00e3 gi\u1ea3m \u0111\u00e1ng k\u1ec3, g\u00e2y nguy hi\u1ec3m cho c\u1ea3 c\u1ed9ng \u0111\u1ed3ng con ng\u01b0\u1eddi v\u00e0 sinh th\u00e1i.<\/p>\n<p>Serra de Monchique l\u00e0 n\u01a1i tr\u00fa ng\u1ee5 c\u1ee7a h\u1ec7 \u0111\u1ed9ng th\u1ef1c v\u1eadt c\u00f3 gi\u00e1 tr\u1ecb b\u1ea3o t\u1ed3n \u0111\u00e1ng k\u1ec3. \u0110\u1ea1i b\u00e0ng Bonelli, m\u1ed9t lo\u00e0i chim s\u0103n m\u1ed3i oai v\u1ec7 c\u00f3 ph\u1ea1m vi s\u0103n m\u1ed3i t\u1eebng tr\u1ea3i d\u00e0i kh\u1eafp mi\u1ec1n Nam ch\u00e2u \u00c2u, hi\u1ec7n \u0111ang ph\u1ea3i \u0111\u1ed1i m\u1eb7t v\u1edbi nguy c\u01a1 tuy\u1ec7t ch\u1ee7ng c\u1ee5c b\u1ed9 khi c\u00e1c \u0111\u1ecba \u0111i\u1ec3m l\u00e0m t\u1ed5 th\u00edch h\u1ee3p ng\u00e0y c\u00e0ng thu h\u1eb9p v\u00e0 con m\u1ed3i tr\u1edf n\u00ean khan hi\u1ebfm. T\u01b0\u01a1ng t\u1ef1 nh\u01b0 v\u1eady, th\u1eb1n l\u1eb1n ng\u1ecdc l\u1ee5c b\u1ea3o Iberia, m\u1ed9t lo\u00e0i th\u1eb1n l\u1eb1n v\u1ea3y c\u00f3 m\u00e0u s\u1eafc r\u1ef1c r\u1ee1 ph\u1ee5 thu\u1ed9c v\u00e0o vi kh\u00ed h\u1eadu m\u00e1t m\u1ebb, \u1ea9m \u01b0\u1edbt h\u01a1n c\u1ee7a c\u00e1c s\u01b0\u1eddn d\u1ed1c c\u00f3 r\u1eebng c\u1ee7a d\u00e3y n\u00fai. C\u1ea3 hai lo\u00e0i, trong s\u1ed1 nh\u1eefng lo\u00e0i kh\u00e1c, \u0111\u1ec1u \u0111\u01b0\u1ee3c b\u1ea3o v\u1ec7 theo ch\u1ec9 th\u1ecb c\u1ee7a Li\u00ean minh ch\u00e2u \u00c2u v\u00e0 khu v\u1ef1c n\u00e0y \u0111\u01b0\u1ee3c ch\u1ec9 \u0111\u1ecbnh l\u00e0 khu v\u1ef1c Natura 2000 PTCON0037, \u0111\u01b0\u1ee3c li\u1ec7t k\u00ea l\u00e0 Khu v\u1ef1c b\u1ea3o v\u1ec7 \u0111\u1eb7c bi\u1ec7t d\u00e0nh cho c\u00e1c lo\u00e0i chim v\u00e0 l\u00e0 Khu v\u1ef1c c\u00f3 t\u1ea7m quan tr\u1ecdng \u0111\u1ed1i v\u1edbi c\u1ed9ng \u0111\u1ed3ng v\u1ec1 m\u00f4i tr\u01b0\u1eddng s\u1ed1ng.<\/p>\n<p>Trong khi danh hi\u1ec7u Natura 2000 cung c\u1ea5p m\u1ed9t khu\u00f4n kh\u1ed5 ph\u00e1p l\u00fd cho vi\u1ec7c b\u1ea3o t\u1ed3n, th\u00ec vi\u1ec7c qu\u1ea3n l\u00fd hi\u1ec7u qu\u1ea3 v\u1eabn l\u00e0 m\u1ed9t th\u00e1ch th\u1ee9c to l\u1edbn. \u00c1p l\u1ef1c th\u1ee7y v\u0103n do c\u00e1c \u0111\u1ed3n \u0111i\u1ec1n kh\u00f4ng ph\u1ea3i b\u1ea3n \u0111\u1ecba g\u00e2y ra ti\u1ebfp t\u1ee5c l\u00e0m suy y\u1ebfu c\u00e1c h\u00e0nh lang ven s\u00f4ng. S\u1ef1 c\u1ea1n ki\u1ec7t n\u01b0\u1edbc ng\u1ea7m l\u00e0m tr\u1ea7m tr\u1ecdng th\u00eam nguy c\u01a1 ch\u00e1y r\u1eebng v\u00e0 x\u00f3i m\u00f2n \u0111\u1ed9 ph\u00ec nhi\u00eau c\u1ee7a \u0111\u1ea5t. Tuy nhi\u00ean, kh\u1ea3 n\u0103ng ph\u1ee5c h\u1ed3i v\u1ed1n c\u00f3 c\u1ee7a c\u00e2y s\u1ed3i Monchique v\u00e0 s\u1ed3i th\u00f4ng th\u01b0\u1eddng, c\u00f9ng v\u1edbi c\u00e1c nh\u00f3m c\u00e2y d\u1ebb v\u00e0 s\u1ed3i B\u1ed3 \u0110\u00e0o Nha, t\u1ea1o n\u00ean n\u1ec1n t\u1ea3ng \u0111\u1ec3 c\u00e1c n\u1ed7 l\u1ef1c ph\u1ee5c h\u1ed3i c\u00f3 th\u1ec3 x\u00e2y d\u1ef1ng. C\u00e1c s\u00e1ng ki\u1ebfn \u200b\u200b\u0111\u1ecba ph\u01b0\u01a1ng nh\u1eb1m thay th\u1ebf c\u00e1c qu\u1ea7n th\u1ec3 b\u1ea1ch \u0111\u00e0n b\u1eb1ng c\u00e1c lo\u00e0i b\u1ea3n \u0111\u1ecba v\u00e0 t\u00e1i t\u1ea1o r\u1eebng \u1edf c\u00e1c v\u00f9ng \u0111\u1ec7m ven s\u00f4ng \u0111\u00e3 b\u1eaft \u0111\u1ea7u, nh\u01b0ng ti\u1ebfn \u0111\u1ed9 v\u1eabn \u0111ang gia t\u0103ng.<\/p>\n<p>B\u1ea5t ch\u1ea5p nh\u1eefng \u00e1p l\u1ef1c n\u00e0y, Serra de Monchique v\u1eabn gi\u1eef \u0111\u01b0\u1ee3c c\u1ea3m gi\u00e1c g\u1ea7n nh\u01b0 h\u1eefu h\u00ecnh v\u1ec1 \u0111\u1ecba \u0111i\u1ec3m. C\u00e1c \u0111\u1ec9nh n\u00fai c\u1ee7a n\u00f3 cung c\u1ea5p t\u1ea7m nh\u00ecn to\u00e0n c\u1ea3nh ra \u0110\u1ea1i T\u00e2y D\u01b0\u01a1ng v\u00e0 \u0111\u1ed3ng b\u1eb1ng ven bi\u1ec3n Algarve; v\u00e0o l\u00fac b\u00ecnh minh, s\u01b0\u01a1ng m\u00f9 th\u01b0\u1eddng \u0111\u1ecdng l\u1ea1i \u1edf \u0111\u00e1y thung l\u0169ng, mang \u0111\u1ebfn v\u1ebb h\u00f9ng v\u0129 t\u0129nh l\u1eb7ng cho quang c\u1ea3nh. C\u00e2y m\u1ed9c lan cao ch\u00f3t v\u00f3t c\u1ee7a Caldas de Monchique \u0111\u1ee9ng nh\u01b0 m\u1ed9t nh\u00e2n ch\u1ee9ng th\u1ea7m l\u1eb7ng cho s\u1ef1 h\u1ed9i t\u1ee5 c\u1ee7a \u0111\u1ecba ch\u1ea5t, kh\u00ed h\u1eadu v\u00e0 l\u1ecbch s\u1eed lo\u00e0i ng\u01b0\u1eddi. D\u01b0\u1edbi nh\u1eefng c\u00e0nh c\u00e2y, c\u00e1c su\u1ed1i kho\u00e1ng \u0111\u00e3 thu h\u00fat du kh\u00e1ch t\u1eeb th\u1eddi c\u1ed5 \u0111\u1ea1i, n\u01b0\u1edbc c\u1ee7a ch\u00fang phun l\u00ean t\u1eeb nh\u1eefng t\u1ea3ng \u0111\u00e1 n\u1ee9t n\u1ebb \u0111\u01b0\u1ee3c l\u00e0m n\u00f3ng \u1edf \u0111\u1ed9 s\u00e2u.<\/p>\n<p>S\u1ee9c s\u1ed1ng c\u1ee7a khu v\u1ef1c n\u00e0y ph\u1ee5 thu\u1ed9c v\u00e0o s\u1ef1 c\u00e2n b\u1eb1ng gi\u1eefa s\u1eed d\u1ee5ng v\u00e0 b\u1ea3o t\u1ed3n. \u0110\u1ea5t \u0111ai m\u00e0u m\u1ee1 - \u0111\u01b0\u1ee3c nu\u00f4i d\u01b0\u1ee1ng b\u1edfi m\u01b0a c\u1eadn nhi\u1ec7t \u0111\u1edbi \u1ea9m v\u00e0 s\u1ef1 gi\u00e0u kho\u00e1ng ch\u1ea5t c\u1ee7a foyaite - h\u1ed7 tr\u1ee3 c\u1ea3 c\u00e1c v\u01b0\u1eddn c\u00e2y \u0103n qu\u1ea3 truy\u1ec1n th\u1ed1ng v\u00e0 n\u1ec1n n\u00f4ng nghi\u1ec7p t\u00e1c \u0111\u1ed9ng th\u1ea5p m\u1edbi n\u1ed5i. C\u00e1c m\u00f4 h\u00ecnh n\u00f4ng l\u00e2m k\u1ebft h\u1ee3p xen k\u1ebd c\u00e2y s\u1ed3i b\u1ea3n \u0111\u1ecba v\u1edbi c\u00e2y \u0103n qu\u1ea3 v\u00e0 \u00f4 liu h\u1ee9a h\u1eb9n s\u1ebd duy tr\u00ec sinh k\u1ebf \u0111\u1ed3ng th\u1eddi t\u0103ng c\u01b0\u1eddng \u0111a d\u1ea1ng sinh h\u1ecdc. Khi du l\u1ecbch t\u1eadp trung v\u00e0o thi\u00ean nhi\u00ean v\u00e0 s\u1ee9c kh\u1ecfe ph\u00e1t tri\u1ec3n, c\u00e1c b\u00ean li\u00ean quan ph\u1ea3i \u0111\u1ed1i m\u1eb7t v\u1edbi nhi\u1ec7m v\u1ee5 cung c\u1ea5p ch\u1ed7 \u1edf cho du kh\u00e1ch m\u00e0 kh\u00f4ng l\u00e0m x\u00f3i m\u00f2n ch\u00ednh nh\u1eefng ph\u1ea9m ch\u1ea5t l\u00e0m n\u00ean s\u1ee9c s\u1ed1ng c\u1ee7a nh\u1eefng ng\u1ecdn n\u00fai.<\/p>\n<p>V\u1ec1 b\u1ea3n ch\u1ea5t, Serra de Monchique l\u00e0 v\u00ed d\u1ee5 \u0111i\u1ec3n h\u00ecnh cho s\u1ef1 t\u01b0\u01a1ng t\u00e1c gi\u1eefa c\u00e1c l\u1ef1c l\u01b0\u1ee3ng t\u1ef1 nhi\u00ean v\u00e0 n\u1ed7 l\u1ef1c c\u1ee7a con ng\u01b0\u1eddi. Nh\u1eefng con \u0111\u01b0\u1eddng l\u00e1t \u0111\u00e1 granit v\u00e0 nh\u1eefng l\u1ed1i \u0111i r\u1ee3p b\u00f3ng c\u00e2y c\u1ee7a n\u00f3 theo d\u1ea5u nh\u1eefng con \u0111\u01b0\u1eddng \u0111\u01b0\u1ee3c t\u1ea1o ra b\u1edfi s\u1ef1 bi\u1ebfn \u0111\u1ed9ng \u0111\u1ecba ch\u1ea5t, nh\u01b0ng ch\u00fang c\u0169ng theo d\u1ea5u ch\u00e2n c\u1ee7a nhi\u1ec1u th\u1ebf h\u1ec7 \u0111\u00e3 khai th\u00e1c g\u1ed7, ch\u0103m s\u00f3c v\u01b0\u1eddn nho v\u00e0 t\u00ecm ki\u1ebfm s\u1ef1 an \u1ee7i trong c\u00e1c h\u1ed3 n\u01b0\u1edbc n\u00f3ng. Nh\u1eefng con s\u00f4ng b\u1eaft \u0111\u1ea7u t\u1eeb \u0111\u00e2y mang c\u00e2u chuy\u1ec7n v\u1ec1 nh\u1eefng \u0111\u1ec9nh cao n\u00e0y v\u00e0o \u0111\u1ed3ng b\u1eb1ng, n\u1ed1i li\u1ec1n v\u00f9ng cao v\u1edbi b\u1edd bi\u1ec3n. Th\u00e1ch th\u1ee9c ph\u00eda tr\u01b0\u1edbc n\u1eb1m \u1edf vi\u1ec7c b\u1ea3o t\u1ed3n t\u00ednh to\u00e0n v\u1eb9n c\u1ee7a \u0111\u1ecba ch\u1ea5t, th\u1ee7y v\u0103n v\u00e0 sinh th\u00e1i trong khi v\u1eabn duy tr\u00ec c\u00e1c truy\u1ec1n th\u1ed1ng v\u0103n h\u00f3a mang l\u1ea1i cho d\u00e3y n\u00fai n\u00e0y b\u1ea3n s\u1eafc c\u1ee7a n\u00f3.<\/p>\n<p>Nh\u1eefng s\u1ee3i ch\u1ec9 c\u1ee7a l\u1ecbch s\u1eed n\u00fai l\u1eeda, sinh th\u00e1i r\u1eebng v\u00e0 n\u01a1i c\u01b0 tr\u00fa c\u1ee7a con ng\u01b0\u1eddi l\u00e0 kh\u00f4ng th\u1ec3 t\u00e1ch r\u1eddi. Vi\u1ec7c b\u1ea3o t\u1ed3n c\u00e1c h\u1ec7 sinh th\u00e1i \u0111\u1ed9c \u0111\u00e1o c\u1ee7a n\u00f3\u2014t\u1eeb nh\u1eefng l\u00f9m c\u00e2y d\u1ebb \u0111\u1ebfn c\u00e1c \u0111\u1ecba \u0111i\u1ec3m l\u00e0m t\u1ed5 c\u1ee7a \u0111\u1ea1i b\u00e0ng\u2014\u0111\u00f2i h\u1ecfi ph\u1ea3i cam k\u1ebft \u0111\u1ea3o ng\u01b0\u1ee3c vi\u1ec7c s\u1eed d\u1ee5ng \u0111\u1ea5t c\u00f3 h\u1ea1i v\u00e0 nu\u00f4i d\u01b0\u1ee1ng r\u1eebng b\u1ea3n \u0111\u1ecba. B\u1eb1ng c\u00e1ch k\u1ebft h\u1ee3p b\u1ea3o t\u1ed3n v\u1edbi sinh k\u1ebf b\u1ec1n v\u1eefng v\u00e0 du l\u1ecbch c\u00f3 \u00fd th\u1ee9c, khu v\u1ef1c n\u00e0y c\u00f3 th\u1ec3 duy tr\u00ec c\u00e1c khu r\u1eebng kh\u00ed h\u1eadu \u1ea9m, c\u00e1c d\u00f2ng su\u1ed1i l\u00e2u n\u0103m v\u00e0 su\u1ed1i n\u01b0\u1edbc n\u00f3ng. Khi l\u00e0m nh\u01b0 v\u1eady, n\u00f3 s\u1ebd \u0111\u1ea3m b\u1ea3o r\u1eb1ng c\u00e1c \u0111\u1ec9nh n\u00fai F\u00f3ia v\u00e0 Picota kh\u00f4ng ch\u1ec9 l\u00e0 di t\u00edch \u0111\u1ecba ch\u1ea5t m\u00e0 c\u00f2n l\u00e0 c\u1ea3nh quan s\u1ed1ng, n\u01a1i th\u1eddi gian s\u00e2u th\u1eb3m c\u1ee7a thi\u00ean nhi\u00ean v\u00e0 l\u1ecbch s\u1eed lo\u00e0i ng\u01b0\u1eddi ti\u1ebfp t\u1ee5c di\u1ec5n ra.<\/p>","protected":false},"excerpt":{"rendered":"<p>Serra de Monchique l\u00e0 m\u1ed9t d\u00e3y n\u00fai n\u1ed5i b\u1eadt n\u1eb1m \u1edf ph\u00eda t\u00e2y v\u00f9ng Algarve c\u1ee7a B\u1ed3 \u0110\u00e0o Nha, c\u00e1ch b\u1edd bi\u1ec3n kho\u1ea3ng 20 km. \u1ede ph\u00eda t\u00e2y nam c\u1ee7a B\u00e1n \u0111\u1ea3o Iberia, c\u1ea5u tr\u00fac \u0111\u1ecba ch\u1ea5t tuy\u1ec7t v\u1eddi n\u00e0y\u2014n\u01a1i sinh s\u1ed1ng c\u1ee7a m\u1ed9t nh\u00f3m d\u00e2n s\u1ed1 nh\u1ecf ph\u00e2n t\u00e1n kh\u1eafp c\u00e1c s\u01b0\u1eddn d\u1ed1c v\u00e0 thung l\u0169ng\u2014t\u1ea1o th\u00e0nh m\u1ed9t di t\u00edch thi\u00ean nhi\u00ean.<\/p>","protected":false},"author":1,"featured_media":17473,"parent":12065,"menu_order":0,"comment_status":"closed","ping_status":"closed","template":"elementor_theme","meta":{"_eb_attr":"","footnotes":""},"class_list":["post-16989","page","type-page","status-publish","has-post-thumbnail"],"_links":{"self":[{"href":"https:\/\/travelshelper.com\/vi\/wp-json\/wp\/v2\/pages\/16989","targetHints":{"allow":["GET"]}}],"collection":[{"href":"https:\/\/travelshelper.com\/vi\/wp-json\/wp\/v2\/pages"}],"about":[{"href":"https:\/\/travelshelper.com\/vi\/wp-json\/wp\/v2\/types\/page"}],"author":[{"embeddable":true,"href":"https:\/\/travelshelper.com\/vi\/wp-json\/wp\/v2\/users\/1"}],"replies":[{"embeddable":true,"href":"https:\/\/travelshelper.com\/vi\/wp-json\/wp\/v2\/comments?post=16989"}],"version-history":[{"count":0,"href":"https:\/\/travelshelper.com\/vi\/wp-json\/wp\/v2\/pages\/16989\/revisions"}],"up":[{"embeddable":true,"href":"https:\/\/travelshelper.com\/vi\/wp-json\/wp\/v2\/pages\/12065"}],"wp:featuredmedia":[{"embeddable":true,"href":"https:\/\/travelshelper.com\/vi\/wp-json\/wp\/v2\/media\/17473"}],"wp:attachment":[{"href":"https:\/\/travelshelper.com\/vi\/wp-json\/wp\/v2\/media?parent=16989"}],"curies":[{"name":"wp","href":"https:\/\/api.w.org\/{rel}","templated":true}]}}