{"id":16614,"date":"2024-09-23T14:12:53","date_gmt":"2024-09-23T14:12:53","guid":{"rendered":"https:\/\/travelshelper.com\/staging\/?page_id=16614"},"modified":"2026-03-12T00:25:54","modified_gmt":"2026-03-12T00:25:54","slug":"bad-feilnbach","status":"publish","type":"page","link":"https:\/\/travelshelper.com\/vi\/destinations\/europe\/germany\/bad-feilnbach\/","title":{"rendered":"Bad Feilnbach"},"content":{"rendered":"<p>Bad Feilnbach n\u1eb1m \u1edf n\u01a1i d\u00e3y n\u00fai Bavarian Alps b\u1eaft \u0111\u1ea7u \u0111\u1ed5 d\u1ed1c nh\u1eb9 xu\u1ed1ng l\u01b0u v\u1ef1c Rosenheim, m\u1ed9t v\u00f9ng \u0111\u1ea5t r\u1ed9ng 5.800 ha tr\u00e0n t\u1eeb s\u01b0\u1eddn n\u00fai Wendelstein v\u00e0o nh\u1eefng \u0111\u1ed3ng c\u1ecf \u0111\u01b0\u1ee3c bao quanh b\u1edfi \u0111\u1ed3ng c\u1ecf. N\u1eb1m d\u01b0\u1edbi ch\u00e2n m\u1ed9t \u0111\u1ec9nh n\u00fai cao t\u1edbi 1.838 m\u00e9t, th\u00e0nh ph\u1ed1 n\u00e0y\u2014c\u00e1ch Miesbach 17 km v\u1ec1 ph\u00eda \u0111\u00f4ng, c\u00e1ch Bad Aibling 10 km v\u1ec1 ph\u00eda nam, c\u00e1ch Rosenheim 15 km v\u1ec1 ph\u00eda t\u00e2y nam v\u00e0 c\u00e1ch Kufstein 33 km\u2014c\u00f3 kh\u00ed h\u1eadu \u0111\u1ee7 \u00f4n h\u00f2a \u0111\u1ec3 c\u00e2y thanh l\u01b0\u01a1ng tr\u00e0 v\u00e0 c\u00e2y v\u00e2n sam h\u00f2a quy\u1ec7n gi\u1eefa than b\u00f9n \u1ea9m. \u0110\u01b0\u1ee3c trao t\u1eb7ng danh hi\u1ec7u \u201cBad\u201d v\u00e0o th\u00e1ng 10 n\u0103m 1973, n\u01a1i \u0111\u00e2y v\u1eabn l\u00e0 m\u1ed9t trong nh\u1eefng Moorheilb\u00e4der n\u1ed5i ti\u1ebfng c\u1ee7a \u0110\u1ee9c, n\u01a1i c\u00e1c m\u1ecf than b\u00f9n h\u00e0ng th\u1ebf k\u1ef7 t\u1ea1o ra m\u1ed9t lo\u1ea1i b\u00f9n ch\u1eefa b\u1ec7nh d\u00e0y v\u00e0 s\u1eabm m\u00e0u.<\/p>\n<p>C\u00e2u chuy\u1ec7n v\u1ec1 s\u1ef1 chuy\u1ec3n m\u00ecnh c\u1ee7a Bad Feilnbach b\u1eaft \u0111\u1ea7u v\u00e0o th\u1ebf k\u1ef7 19, khi tin t\u1ee9c v\u1ec1 c\u00e1c \u0111\u1eb7c t\u00ednh tr\u1ecb li\u1ec7u c\u1ee7a than b\u00f9n lan truy\u1ec1n. Ng\u01b0\u1eddi d\u00e2n \u0111\u1ecba ph\u01b0\u01a1ng s\u1ebd n\u00f3i v\u1edbi b\u1ea1n\u2014n\u1ebfu b\u1ea1n can \u0111\u1ea3m \u0111i\u1ec1u tr\u1ecb v\u00e0o l\u00fac b\u00ecnh minh\u2014r\u1eb1ng m\u00f9i than b\u00f9n g\u1ee3i l\u00ean m\u00f9i \u0111\u1ea5t m\u1edbi \u0111\u01b0\u1ee3c khu\u1ea5y \u0111\u1ed9ng, m\u00f9i c\u1ee7a c\u00e1c \u0111\u1ea7m l\u1ea7y c\u1ed5 \u0111\u1ea1i th\u1edf ch\u1eadm r\u00e3i d\u01b0\u1edbi s\u01b0\u01a1ng m\u00f9 bu\u1ed5i s\u00e1ng. \u201cV\u00e0ng \u0111en\u201d n\u00e0y t\u1ecf ra hi\u1ec7u qu\u1ea3 \u0111\u1ed1i v\u1edbi c\u00e1c b\u1ec7nh th\u1ea5p kh\u1edbp v\u00e0 suy h\u00f4 h\u1ea5p, khi\u1ebfn c\u00e1c b\u00e1c s\u0129 gi\u00e0u kinh nghi\u1ec7m th\u00e0nh l\u1eadp c\u00e1c c\u01a1 s\u1edf spa v\u00e0 ph\u1ee5c h\u1ed3i ch\u1ee9c n\u0103ng d\u1ecdc theo c\u00e1c s\u01b0\u1eddn d\u1ed1c v\u00e0 trong thung l\u0169ng b\u00ean d\u01b0\u1edbi. Theo th\u1eddi gian, ng\u00f4i l\u00e0ng \u0111\u00e3 tr\u1edf th\u00e0nh m\u1ed9t khu ngh\u1ec9 d\u01b0\u1ee1ng s\u1ee9c kh\u1ecfe, v\u1edbi nh\u1eefng ng\u00f4i nh\u00e0 g\u1ed7 v\u00e0 nh\u1eefng gian h\u00e0ng th\u1ea5p n\u1eb1m xen k\u1ebd gi\u1eefa nh\u1eefng r\u1eb7ng c\u00e2y th\u00f4ng nh\u01b0 nh\u1eefng v\u1ecb kh\u00e1ch \u0111ang ng\u1ed3i b\u00ean l\u00f2 s\u01b0\u1edfi.<\/p>\n<p>Ngay c\u1ea3 tr\u01b0\u1edbc khi \u201cBad\u201d \u0111\u01b0\u1ee3c \u0111\u1eb7t tr\u01b0\u1edbc t\u00ean, ngu\u1ed3n g\u1ed1c c\u1ee7a th\u00e0nh ph\u1ed1 n\u00e0y \u0111\u00e3 k\u00e9o d\u00e0i qua nhi\u1ec1u th\u1ebf k\u1ef7. L\u1ea7n \u0111\u1ea7u ti\u00ean \u0111\u01b0\u1ee3c ghi l\u1ea1i v\u00e0o n\u0103m 980 v\u1edbi t\u00ean g\u1ecdi \u201cFulinpah\u201d, m\u1ed9t c\u00e1i t\u00ean b\u1eaft ngu\u1ed3n t\u1eeb d\u00f2ng su\u1ed1i ch\u1eadm ch\u1ea1p v\u1eabn ch\u1ea3y r\u00f3c r\u00e1ch b\u00ean d\u01b0\u1edbi nh\u1eefng t\u1ea3ng \u0111\u00e1 ph\u1ee7 \u0111\u1ea7y r\u00eau, khu \u0111\u1ecbnh c\u01b0 n\u00e0y c\u00f3 th\u1ec3 b\u1eaft ngu\u1ed3n t\u1eeb th\u1eddi La M\u00e3. Ng\u01b0\u1eddi ta c\u00f3 th\u1ec3 \u0111\u1ee9ng b\u00ean c\u1ea1nh con su\u1ed1i v\u00e0 t\u01b0\u1edfng t\u01b0\u1ee3ng nh\u1eefng ng\u01b0\u1eddi l\u00ednh l\u00ea d\u01b0\u01a1ng d\u1eebng l\u1ea1i \u0111\u1ec3 u\u1ed1ng n\u01b0\u1edbc, \u0111\u00f4i d\u00e9p l\u00ea c\u1ee7a h\u1ecd c\u1ecd x\u00e1t v\u00e0o b\u1edd \u0111\u1ea5t s\u00e9t \u0111en. V\u00e0o n\u0103m 1818, c\u00e1c cu\u1ed9c c\u1ea3i c\u00e1ch h\u00e0nh ch\u00ednh c\u1ee7a Bavaria \u0111\u00e3 trao cho Feilnbach n\u1ec1n \u0111\u1ed9c l\u1eadp, m\u1ed9t c\u1ed9ng \u0111\u1ed3ng m\u1edbi th\u00e0nh l\u1eadp n\u1eb1m gi\u1eefa \u0111\u1ed9 cao c\u1ee7a d\u00e3y n\u00fai cao v\u00e0 chi\u1ec1u r\u1ed9ng c\u1ee7a l\u01b0u v\u1ef1c.<\/p>\n<p>\u0110\u01b0\u1eddng s\u1eaft xu\u1ea5t hi\u1ec7n v\u00e0o n\u0103m 1897, ch\u1ea1y theo m\u1ed9t \u0111\u01b0\u1eddng ray h\u1eb9p t\u1eeb Bad Aibling \u0111\u1ebfn Feilnbach. Trong g\u1ea7n t\u00e1m th\u1eadp k\u1ef7, c\u00e1c \u0111\u1ea7u m\u00e1y h\u01a1i n\u01b0\u1edbc ch\u1ea1y \u1ea7m \u1ea7m qua nh\u1eefng c\u00e1nh r\u1eebng r\u1eadm r\u1ea1p v\u00e0 qua nh\u1eefng c\u00e2y c\u1ea7u b\u1eafc qua cho \u0111\u1ebfn n\u0103m 1973, khi d\u1ecbch v\u1ee5 k\u1ebft th\u00fac\u2014nh\u01b0ng kh\u00f4ng ph\u1ea3i tr\u01b0\u1edbc khi k\u1ebft n\u1ed1i th\u1ecb tr\u1ea5n spa v\u1edbi th\u1ebf gi\u1edbi r\u1ed9ng l\u1edbn h\u01a1n c\u1ee7a nh\u1eefng ng\u01b0\u1eddi t\u00ecm ki\u1ebfm s\u1ee9c kh\u1ecfe. T\u00f2a nh\u00e0 ga c\u0169, hi\u1ec7n \u0111\u01b0\u1ee3c t\u00e1i s\u1eed d\u1ee5ng l\u00e0m s\u00e2n ch\u01a1i phi\u00eau l\u01b0u c\u00f3 t\u00ean l\u00e0 \u201cAlter Bahnhof\u201d, \u0111\u1ee9ng im l\u1eb7ng nh\u01b0 m\u1ed9t nh\u00e2n ch\u1ee9ng cho ti\u1ebfng r\u00edt c\u1ee7a h\u01a1i n\u01b0\u1edbc v\u00e0 ti\u1ebfng c\u01b0\u1eddi c\u1ee7a nh\u1eefng \u0111\u1ee9a tr\u1ebb \u0111ang th\u1eed th\u00e1ch gi\u1edbi h\u1ea1n c\u1ee7a m\u1ed9t khung kim lo\u1ea1i.<\/p>\n<p>Nh\u1eefng bi\u1ebfn \u0111\u1ed9ng gi\u1eefa th\u1ebf k\u1ef7 \u0111\u00e3 \u0111\u1ecbnh h\u00ecnh l\u1ea1i ch\u00ednh th\u00e0nh ph\u1ed1 n\u00e0y. V\u00e0o ng\u00e0y 1 th\u00e1ng 1 n\u0103m 1966, c\u00e1c ng\u00f4i l\u00e0ng l\u00e2n c\u1eadn Feilnbach v\u00e0 Wiechs \u0111\u00e3 s\u00e1p nh\u1eadp \u0111\u1ec3 th\u00e0nh l\u1eadp Feilnbach-Wiechs, ch\u1ec9 \u0111\u1ec3 tr\u1edf l\u1ea1i th\u00e0nh Feilnbach \u0111\u01a1n gi\u1ea3n h\u01a1n v\u00e0o th\u00e1ng 12 n\u0103m 1971. Trong v\u00f2ng v\u00e0i tu\u1ea7n, Au bei Bad Aibling v\u00e0 Dettendorf \u0111\u00e3 \u0111\u01b0\u1ee3c s\u00e1p nh\u1eadp\u2014Dettendorf \u0111\u01b0\u1ee3c mi\u1ec5n kh\u1ecfi danh s\u00e1ch khu ngh\u1ec9 d\u01b0\u1ee1ng spa\u2014tr\u01b0\u1edbc khi Litzldorf gia nh\u1eadp v\u00e0o ng\u00e0y 1 th\u00e1ng 5 n\u0103m 1978. \u0110\u1ebfn th\u00e1ng 7 n\u0103m 1972, c\u1ed9ng \u0111\u1ed3ng \u0111\u00e3 chuy\u1ec3n t\u1eeb qu\u1eadn Bad Aibling sang qu\u1eadn Rosenheim, g\u1eafn ch\u1eb7t v\u1eadn m\u1ec7nh c\u1ee7a m\u00ecnh h\u01a1n v\u1edbi khu v\u1ef1c h\u00e0nh ch\u00ednh r\u1ed9ng l\u1edbn h\u01a1n.<\/p>\n<p>M\u00f4i tr\u01b0\u1eddng xung quanh Bad Feilnbach \u0111\u01b0\u1ee3c t\u1ea1o th\u00e0nh t\u1eeb g\u1ed7 v\u00e0 n\u01b0\u1edbc. \u1ede th\u01b0\u1ee3ng ngu\u1ed3n Jenbachtal, m\u1ed9t con \u0111\u01b0\u1eddng m\u00f2n mang t\u00ean \u201cJenbachwasser\u201d ch\u1ea1y d\u1ecdc theo c\u00e1c th\u00e1c n\u01b0\u1edbc ch\u1ea3y r\u00f3c r\u00e1ch qua c\u00e1c khe \u0111\u00e1, m\u1eddi g\u1ecdi du kh\u00e1ch b\u01b0\u1edbc tr\u00ean nh\u1eefng g\u1edd h\u1eb9p tr\u01a1n tr\u01b0\u1ee3t v\u1edbi h\u01a1i n\u01b0\u1edbc. Xa h\u01a1n v\u1ec1 h\u1ea1 l\u01b0u, Jenbachparadies m\u1edf ra nh\u01b0 m\u1ed9t s\u00e2n ch\u01a1i d\u01b0\u1edbi n\u01b0\u1edbc, n\u01a1i tr\u1ebb em ch\u00e8o thuy\u1ec1n trong c\u00e1c l\u01b0u v\u1ef1c n\u00f4ng v\u00e0 cha m\u1eb9 n\u1eb1m tr\u00ean nh\u1eefng vi\u00ean \u0111\u00e1 nh\u1eb5n \u0111\u01b0\u1ee3c m\u00e0i nh\u1eb5n b\u1edfi d\u00f2ng n\u01b0\u1edbc ch\u1ea3y qua nhi\u1ec1u th\u1ebf k\u1ef7. Nh\u1eefng ti\u1ebfng c\u01b0\u1eddi xen k\u1ebd vang l\u00ean nh\u01b0 ti\u1ebfng chim h\u00f3t, vang v\u1ecdng gi\u1eefa nh\u1eefng h\u00e0ng c\u00e2y alder v\u00e0 li\u1ec5u.<\/p>\n<p>V\u00e0o v\u00f2ng tay c\u1ee7a khu r\u1eebng n\u00e0y, tr\u1ea1m Moorerlebnis \u201cSterntaler felts\u201d gi\u1edbi thi\u1ec7u th\u1ebf gi\u1edbi \u1ea9n gi\u1ea5u c\u1ee7a v\u00f9ng \u0111\u1ea5t than b\u00f9n. T\u1ea1i \u0111\u00e2y, nh\u1eefng l\u1ed1i \u0111i l\u00e1t v\u00e1n cong tr\u00ean m\u1eb7t \u0111\u1ea5t \u1ea9m \u01b0\u1edbt, v\u00e0 nh\u1eefng n\u01a1i tr\u00fa \u1ea9n nh\u1ecf cung c\u1ea5p c\u00e1i nh\u00ecn tho\u00e1ng qua v\u1ec1 h\u1ec7 \u0111\u1ed9ng v\u1eadt \u0111\u1ea7m l\u1ea7y\u2014qu\u1ea3 nam vi\u1ec7t qu\u1ea5t \u0111\u1ecf r\u1ef1c tr\u00ean b\u00f9n \u0111en, chu\u1ed3n chu\u1ed3n lao v\u00fat nh\u01b0 nh\u1eefng vi\u00ean ng\u1ecdc s\u1ed1ng. M\u1ed9t con \u0111\u01b0\u1eddng m\u00f2n ch\u1ee7 \u0111\u1ec1 quanh co mang t\u00ean \u201cOn Traces of God\u201d x\u1ebfp l\u1edbp s\u1ef1 ph\u1ea3n \u00e1nh t\u00e2m linh l\u00ean tr\u00ean k\u1ef3 quan thi\u00ean nhi\u00ean, d\u1eabn du kh\u00e1ch \u0111i qua c\u00e1c nh\u00e0 nguy\u1ec7n v\u00e0 t\u00e1c ph\u1ea9m \u0111i\u00eau kh\u1eafc xu\u1ea5t hi\u1ec7n t\u1eeb \u0111\u1ecba h\u00ecnh nh\u01b0 th\u1ec3 m\u1ecdc ra t\u1eeb \u0111\u00f3. To\u00e0n b\u1ed9 m\u1ea1ng l\u01b0\u1edbi \u0111\u01b0\u1eddng m\u00f2n ch\u1ee7 \u0111\u1ec1 n\u1ee3 s\u1ef1 t\u1ed3n t\u1ea1i c\u1ee7a n\u00f3 cho ch\u01b0\u01a1ng tr\u00ecnh LEADER c\u1ee7a EU, \u00e2m th\u1ea7m chuy\u1ec3n h\u01b0\u1edbng vi\u1ec7n tr\u1ee3 n\u00f4ng nghi\u1ec7p th\u00e0nh s\u1ef1 phong ph\u00fa v\u1ec1 v\u0103n h\u00f3a.<\/p>\n<p>Bad Feilnbach kh\u00f4ng ch\u1ec9 gi\u1edbi h\u1ea1n s\u1ee9c h\u1ea5p d\u1eabn c\u1ee7a m\u00ecnh \u1edf \u0111\u1ea5t l\u00e0nh v\u00e0 d\u00f2ng n\u01b0\u1edbc ch\u1ea3y xi\u1ebft. \u1ede Litzldorf, \u0111\u1ed1ng \u0111\u1ed5 n\u00e1t c\u00f4ng nghi\u1ec7p c\u1ee7a m\u1ed9t nh\u00e0 m\u00e1y xi m\u0103ng c\u0169 \u0111\u1ee9ng s\u1eebng s\u1eefng nh\u01b0 m\u1ed9t t\u01b0\u1ee3ng \u0111\u00e0i cho m\u1ed9t lo\u1ea1i h\u00ecnh c\u00f4ng nghi\u1ec7p kh\u00e1c\u2014m\u1ed9t nh\u00e0 th\u1edd im l\u1eb7ng c\u1ee7a nh\u1eefng thanh d\u1ea7m v\u00e0 g\u1ec9 s\u00e9t. R\u00eau tr\u1ea3i d\u00e0i tr\u00ean nh\u1eefng thanh d\u1ea7m th\u00e9p nh\u01b0 nh\u1eefng n\u00e9t v\u1ebd c\u1ee7a h\u1ecda s\u0129, trong khi \u00e1nh s\u00e1ng m\u1eb7t tr\u1eddi chi\u1ebfu xi\u00ean qua nh\u1eefng \u00f4 c\u1eeda s\u1ed5 v\u1ee1, t\u1ea1o ra nh\u1eefng c\u00e1i b\u00f3ng d\u1ea1ng l\u01b0\u1edbi tr\u00ean s\u00e0n b\u00ea t\u00f4ng ch\u00ecm trong im l\u1eb7ng. \u0110\u1ecba \u0111i\u1ec3m n\u00e0y cho th\u1ea5y r\u1eb1ng ngay c\u1ea3 s\u1ef1 m\u1ee5c n\u00e1t c\u0169ng c\u00f3 th\u1ec3 \u0111\u01b0\u1ee3c t\u00f4n k\u00ednh.<\/p>\n<p>\u0110\u1ed1i v\u1edbi nh\u1eefng ng\u01b0\u1eddi t\u00ecm ki\u1ebfm ho\u1ea1t \u0111\u1ed9ng gi\u1ea3i tr\u00ed n\u0103ng \u0111\u1ed9ng, nh\u1eefng con \u0111\u01b0\u1eddng m\u00f2n xa x\u00f4i u\u1ed1n l\u01b0\u1ee3n d\u01b0\u1edbi b\u00f3ng c\u00e2y Wendelstein, k\u1ebft n\u1ed1i v\u00f9ng Th\u01b0\u1ee3ng Bavaria v\u1edbi Tyrol. Nh\u1eefng ng\u01b0\u1eddi c\u01b0\u1ee1i ng\u1ef1a \u0111\u01b0\u1ee3c \u0111\u1eb7t t\u00ean theo gi\u00f3 Celtic di chuy\u1ec3n d\u1ecdc theo nh\u1eefng ng\u1ecdn c\u1ecf, h\u01a1i th\u1edf c\u1ee7a h\u1ecd c\u00f3 th\u1ec3 nh\u00ecn th\u1ea5y trong nh\u1eefng th\u00e1ng l\u1ea1nh h\u01a1n, ti\u1ebfng v\u00f3 ng\u1ef1a khu\u1ea5y \u0111\u1ed9ng nh\u1eefng h\u1ecda ti\u1ebft xo\u00e1y b\u1ee5i v\u00e0 l\u00e1 th\u00f4ng. Kh\u00f4ng kh\u00ed c\u00f3 v\u1ecb nh\u1ef1a c\u00e2y v\u00e0 tuy\u1ebft s\u1edbm; ng\u01b0\u1eddi ta c\u00f3 th\u1ec3 t\u01b0\u1edfng t\u01b0\u1ee3ng ra h\u00e0ng th\u1ebf k\u1ef7 nh\u1eefng ng\u01b0\u1eddi h\u00e0nh h\u01b0\u01a1ng v\u00e0 ng\u01b0\u1eddi l\u00e0m ngh\u1ec1 l\u00e2m nghi\u1ec7p c\u00f9ng chia s\u1ebb nh\u1eefng con \u0111\u01b0\u1eddng n\u00e0y.<\/p>\n<p>L\u00e0 m\u1ed9t th\u1ecb tr\u1ea5n spa hi\u1ec7n \u0111\u1ea1i, Bad Feilnbach \u0111\u00e3 \u0111\u00f3n nh\u1eadn s\u1ef1 \u0111a d\u1ea1ng trong c\u00e1c ph\u01b0\u01a1ng ph\u00e1p ch\u1eefa b\u1ec7nh. Ngo\u00e0i li\u1ec7u ph\u00e1p than b\u00f9n truy\u1ec1n th\u1ed1ng, c\u00e1c b\u00e1c s\u0129 thay th\u1ebf c\u00f2n cung c\u1ea5p d\u1ecbch v\u1ee5 ch\u00e2m c\u1ee9u b\u1eaft ngu\u1ed3n t\u1eeb Y h\u1ecdc c\u1ed5 truy\u1ec1n Trung Qu\u1ed1c, c\u00e1c l\u1ecd thu\u1ed1c vi l\u01b0\u1ee3ng \u0111\u1ed3ng c\u0103n \u0111\u01b0\u1ee3c s\u1eafp x\u1ebfp nh\u01b0 \u0111\u00e1 qu\u00fd, thu\u1ed1c nh\u1ecf gi\u1ecdt th\u1ea3o d\u01b0\u1ee3c, d\u1ecbch v\u1ee5 m\u00e1t-xa Ayurveda c\u00f3 m\u00f9i ngh\u1ec7 v\u00e0 c\u00e1c bu\u1ed5i t\u01b0 v\u1ea5n y h\u1ecdc t\u1ef1 nhi\u00ean kh\u1ea3o s\u00e1t ch\u1ebf \u0111\u1ed9 \u0103n u\u1ed1ng v\u00e0 l\u1ed1i s\u1ed1ng. M\u1ed9t gian h\u00e0ng uy nghi\u00eam b\u00ean c\u1ea1nh Haus des Gastes t\u1ed5 ch\u1ee9c &#034;bu\u1ed5i h\u00f2a nh\u1ea1c spa&#034;, n\u01a1i c\u00e1c t\u1ee9 t\u1ea5u \u0111\u00e0n d\u00e2y ch\u01a1i nh\u1ea1c gi\u1eefa nh\u1eefng c\u00e2y b\u1ea1ch d\u01b0\u01a1ng, \u00e2m nh\u1ea1c c\u1ee7a h\u1ecd tr\u00f4i d\u1ea1t tr\u00ean m\u1ed9t h\u1ed3 n\u01b0\u1edbc t\u1ef1 nhi\u00ean nh\u1ecf \u0111\u01b0\u1ee3c l\u00e0m \u1ea5m b\u1eb1ng nh\u1eefng vi\u00ean \u0111\u00e1 ch\u00ecm.<\/p>\n<p>C\u01a1 s\u1edf h\u1ea1 t\u1ea7ng y t\u1ebf c\u1ee7a th\u00e0nh ph\u1ed1 bao g\u1ed3m Clinic + more Reithofpark, Clinic + more Blumenhof v\u00e0 m\u1ed9t trung t\u00e2m tr\u1ecb li\u1ec7u ngo\u1ea1i tr\u00fa, t\u1ea5t c\u1ea3 \u0111\u1ec1u chuy\u00ean v\u1ec1 c\u00e1c ph\u01b0\u01a1ng ph\u00e1p \u0111i\u1ec1u tr\u1ecb Badetorf. \u0110\u01b0\u1ee3c b\u1ed5 sung b\u1edfi vi\u1ec7n d\u01b0\u1ee1ng l\u00e3o St. Martin v\u00e0 trung t\u00e2m \u0111i\u1ec1u d\u01b0\u1ee1ng, tr\u1ecb li\u1ec7u v\u00e0 ch\u0103m s\u00f3c s\u1ee9c kh\u1ecfe St. Luke, Bad Feilnbach cung c\u1ea5p c\u1ea3 d\u1ecbch v\u1ee5 ph\u1ee5c h\u1ed3i ch\u1ee9c n\u0103ng ng\u1eafn h\u1ea1n v\u00e0 ch\u0103m s\u00f3c d\u00e0i h\u1ea1n. C\u01b0 d\u00e2n \u0111\u01b0\u1ee3c h\u01b0\u1edfng l\u1ee3i t\u1eeb Ecumenical Nachbarschaftshilfe eV v\u00e0 m\u1ed9t trung t\u00e2m ph\u1ee5c h\u1ed3i ch\u1ee9c n\u0103ng t\u00f4n gi\u00e1o c\u1ee7a \u0110\u1ee9c, \u0111\u1ea3m b\u1ea3o r\u1eb1ng c\u00e1c nhu c\u1ea7u v\u1ec1 tinh th\u1ea7n v\u00e0 x\u00e3 h\u1ed9i \u0111\u01b0\u1ee3c quan t\u00e2m c\u00f9ng v\u1edbi qu\u00e1 tr\u00ecnh ph\u1ee5c h\u1ed3i th\u1ec3 ch\u1ea5t.<\/p>\n<p>C\u00e1c gia \u0111\u00ecnh t\u00ecm th\u1ea5y s\u1ef1 cung c\u1ea5p trong c\u00e1c c\u01a1 s\u1edf gi\u00e1o d\u1ee5c: tr\u01b0\u1eddng ti\u1ec3u h\u1ecdc v\u00e0 trung h\u1ecdc \u1edf Bad Feilnbach, tr\u01b0\u1eddng ti\u1ec3u h\u1ecdc \u1edf Au, b\u1ed1n tr\u01b0\u1eddng m\u1eabu gi\u00e1o th\u00e0nh ph\u1ed1 v\u00e0 hai tr\u01b0\u1eddng m\u1eabu gi\u00e1o C\u00f4ng gi\u00e1o. Cu\u1ed9c s\u1ed1ng c\u00f4ng c\u1ed9ng di\u1ec5n ra xung quanh h\u1ed3 b\u01a1i n\u01b0\u1edbc n\u00f3ng \u1edf trung t\u00e2m l\u00e0ng v\u00e0 m\u1ed9t khu v\u1ef1c t\u1eafm ri\u00eang \u1edf Au. C\u00e1c s\u00e2n ch\u01a1i phi\u00eau l\u01b0u t\u1ea1i Burgaltendorf Waldeck v\u00e0 Alter Bahnhof m\u1eddi g\u1ecdi s\u1ef1 ph\u1ea5n kh\u00edch c\u1ee7a tr\u1ebb em, trong khi m\u1ed9t th\u01b0 vi\u1ec7n t\u00f4n gi\u00e1o v\u00e0 c\u1ed9ng \u0111\u1ed3ng cung c\u1ea5p n\u01a1i \u1ea9n n\u00e1u y\u00ean t\u0129nh \u0111\u1ec3 h\u1ecdc t\u1eadp v\u00e0 suy ng\u1eabm.<\/p>\n<p>C\u01a1 s\u1edf h\u1ea1 t\u1ea7ng du l\u1ecbch c\u00e2n b\u1eb1ng s\u1ef1 tho\u1ea3i m\u00e1i v\u1edbi ti\u1ebfng g\u1ecdi c\u1ee7a thi\u00ean nhi\u00ean hoang d\u00e3. T\u1eeb n\u0103m 1968, Kaiser Camping Outdoor Resort b\u1ed1n sao \u0111\u00e3 ch\u00e0o \u0111\u00f3n t\u1edbi 800 kh\u00e1ch d\u01b0\u1edbi b\u1ea1t ho\u1eb7c trong c\u00e1c \u0111o\u00e0n l\u1eef h\u00e0nh t\u0129nh. Trong kh\u00f4ng kh\u00ed trong l\u00e0nh bu\u1ed5i s\u00e1ng, nh\u1eefng chi\u1ebfc l\u1ec1u d\u1ef1a v\u00e0o c\u00e2y th\u00f4ng nh\u01b0 nh\u1eefng c\u00e2u chuy\u1ec7n n\u1eeda v\u1eddi, v\u00e0 \u00e1nh s\u00e1ng \u0111\u1ea7u ti\u00ean xuy\u00ean qua nh\u1eefng b\u1ee9c t\u01b0\u1eddng trong su\u1ed1t. V\u00e0o l\u00fac ch\u1ea1ng v\u1ea1ng, nh\u1eefng chi\u1ebfc \u0111\u00e8n l\u1ed3ng \u0111ung \u0111\u01b0a trong gi\u00f3, th\u00ec th\u1ea7m nh\u1eefng c\u00e2u chuy\u1ec7n c\u1ee7a nh\u1eefng du kh\u00e1ch \u0111ang \u0111\u1ebfn g\u1ea7n nh\u1eefng chi\u1ebfc gi\u1ecf \u0111\u1ef1ng th\u1ee9c \u0103n v\u00e0 l\u00f2 n\u01b0\u1edbng \u0111\u01b0\u1ee3c s\u01b0\u1edfi \u1ea5m b\u1eb1ng than b\u00f9n.<\/p>\n<p>K\u1ebft n\u1ed1i \u0111\u00e3 tr\u1edf l\u1ea1i v\u00e0o n\u0103m 2024 khi Bad Feilnbach gia nh\u1eadp Hi\u1ec7p h\u1ed9i V\u1eadn t\u1ea3i v\u00e0 Thu\u1ebf quan Munich. C\u00e1c tuy\u1ebfn xe bu\u00fdt 343 v\u00e0 348 t\u1ea1o ra c\u00e1c tuy\u1ebfn li\u00ean k\u1ebft h\u00e0ng ng\u00e0y \u0111\u1ebfn Bad Aibling, Raubling v\u00e0 Rosenheim, trong khi tuy\u1ebfn v\u00e0nh \u0111ai Wendelstein theo m\u00f9a 349\u2014ho\u1ea1t \u0111\u1ed9ng t\u1eeb th\u00e1ng 5 \u0111\u1ebfn th\u00e1ng 11\u2014\u0111i v\u00f2ng qua Bayrischzell, Fischbachau, Brannenburg, Flintsbach v\u00e0 Oberaudorf. Ng\u01b0\u1eddi ta c\u00f3 th\u1ec3 theo d\u00f5i h\u00e0nh tr\u00ecnh t\u1eeb s\u1ef1 ph\u00e1t tri\u1ec3n \u0111\u00f4 th\u1ecb \u0111\u1ebfn s\u1ef1 c\u00f4 \u0111\u01a1n tr\u00ean n\u00fai cao ch\u1ec9 trong m\u1ed9t bu\u1ed5i chi\u1ec1u, m\u1ed7i d\u1eb7m cung c\u1ea5p m\u1ed9t t\u1ea7m nh\u00ecn m\u1edbi v\u1ec1 nh\u1eefng s\u01b0\u1eddn \u0111\u1ed3i th\u00f4ng t\u1ed1i ho\u1eb7c \u0111\u1ed3ng c\u1ecf \u0111\u1ea7y n\u1eafng.<\/p>\n<p>Xuy\u00ean su\u1ed1t nh\u1eefng l\u1edbp l\u1ecbch s\u1eed v\u00e0 thi\u00ean nhi\u00ean n\u00e0y, Bad Feilnbach v\u1eabn l\u1eb7ng l\u1ebd ki\u00ean quy\u1ebft\u2014m\u1ed9t khu \u0111\u1ecbnh c\u01b0 \u0111\u01b0\u1ee3c h\u00ecnh th\u00e0nh b\u1edfi \u0111\u1ecba ch\u1ea5t c\u0169ng nh\u01b0 b\u1edfi c\u00e1c s\u1eafc l\u1ec7nh c\u1ea3i c\u00e1ch. Nh\u1eefng t\u1ea5m bia ghi ng\u00e0y th\u00e1ng tr\u00ean c\u00e1c t\u00f2a nh\u00e0 th\u00e0nh ph\u1ed1 g\u1ee3i nh\u1edb \u0111\u1ebfn n\u0103m 1818 v\u00e0 1973, nh\u01b0ng nh\u1eefng d\u1ea5u \u1ea5n s\u00e2u s\u1eafc h\u01a1n n\u1eb1m \u1edf nh\u1eefng c\u00e1i t\u00ean nh\u01b0 Fulinpah v\u00e0 trong c\u1eed ch\u1ec9 c\u1ee7a con ng\u01b0\u1eddi: l\u1ed1i \u0111i l\u00e1t v\u00e1n b\u1eafc qua \u0111\u1ea7m l\u1ea7y \u0111\u1ebfn khu r\u1eebng, gian h\u00e0ng cao h\u01a1n b\u00ean c\u1ea1nh m\u1ed9t h\u1ed3 n\u01b0\u1edbc n\u00f3ng, c\u1eeda s\u1ed5 ph\u00f2ng kh\u00e1m s\u00e1ng l\u00ean v\u00e0o l\u00fac ch\u1ea1ng v\u1ea1ng v\u1edbi l\u1eddi h\u1ee9a v\u1ec1 s\u1ef1 gi\u1ea3i tho\u00e1t. Than b\u00f9n cho ra thu\u1ed1c ch\u1eadm r\u00e3i, m\u00e1t m\u1ebb v\u00e0 \u0111\u1eb7c nh\u01b0 ho\u00e0ng h\u00f4n, v\u00e0 du kh\u00e1ch h\u1ecdc \u0111\u01b0\u1ee3c s\u1ef1 ki\u00ean nh\u1eabn trong v\u00f2ng tay c\u1ee7a n\u00f3.<\/p>\n<p>\u1ede m\u1ed9t v\u00f9ng m\u00e0 \u0111\u1ec9nh n\u00fai xuy\u00ean qua b\u1ea7u tr\u1eddi v\u00e0 \u0111\u1ed3ng c\u1ecf \u00f4m l\u1ea5y tr\u00e1i \u0111\u1ea5t, Bad Feilnbach chi\u1ebfm m\u1ed9t kh\u00f4ng gian ng\u01b0\u1ee1ng. Th\u00e1p chu\u00f4ng nh\u00e0 th\u1edd xuy\u00ean qua s\u01b0\u01a1ng m\u00f9 bu\u1ed5i s\u00e1ng; khu r\u1eebng th\u1edf ra nh\u1ef1a th\u00f4ng v\u00e0o l\u00fac b\u00ecnh minh; c\u00e1c b\u1ed3n t\u1eafm than b\u00f9n \u0111\u01b0a nh\u1eefng chi m\u1ec7t m\u1ecfi v\u00e0o s\u1ef1 im l\u1eb7ng. \u1ede \u0111\u00e2y, nh\u1ecbp \u0111i\u1ec7u c\u1ee7a c\u00e1c m\u00f9a r\u1ea5t quan tr\u1ecdng\u2014l\u0169 l\u1ee5t m\u00f9a xu\u00e2n l\u00e0m m\u1edbi \u0111\u1ea7m l\u1ea7y, s\u01b0\u01a1ng m\u00f9 m\u00f9a h\u00e8 l\u00e0m m\u1ec1m \u0111\u00e1, bu\u1ed5i chi\u1ec1u m\u00f9a thu l\u00e0m v\u00e0ng l\u00e1 th\u00f4ng, m\u1eb7t tr\u1eddi m\u00f9a \u0111\u00f4ng c\u00e0o nh\u1eefng ru\u1ed9ng b\u1eadc thang b\u0103ng. D\u00e0nh th\u1eddi gian \u1edf Bad Feilnbach l\u00e0 ch\u1ee9ng ki\u1ebfn \u200b\u200bc\u00f4ng vi\u1ec7c \u1ed5n \u0111\u1ecbnh c\u1ee7a \u0111\u1ea5t \u0111ai v\u00e0 con ng\u01b0\u1eddi, c\u1ee7a l\u1ecbch s\u1eed \u0111\u01b0\u1ee3c kh\u1eafc tr\u00ean \u0111\u00e1 v\u00e0 s\u1ef1 ch\u1eefa l\u00e0nh \u0111\u01b0\u1ee3c th\u00fac \u0111\u1ea9y t\u1eeb than b\u00f9n. D\u01b0\u1edbi c\u00e1i nh\u00ecn quan s\u00e1t c\u1ee7a Wendelstein, th\u1ecb tr\u1ea5n v\u1eabn t\u1ed3n t\u1ea1i, ch\u00e0o \u0111\u00f3n du kh\u00e1ch kh\u00f4ng ph\u1ea3i b\u1eb1ng ti\u1ebfng \u1ed3n \u00e0o hay l\u1eddi h\u1ee9a v\u1ec1 c\u1ea3nh t\u01b0\u1ee3ng, m\u00e0 b\u1eb1ng s\u1ef1 b\u00ecnh t\u0129nh s\u00e2u s\u1eafc c\u1ee7a \u0111\u1ea5t v\u00e0 n\u01b0\u1edbc c\u00e2n b\u1eb1ng.<\/p>","protected":false},"excerpt":{"rendered":"<p>Bad Feilnbach, m\u1ed9t th\u00e0nh ph\u1ed1 \u0111\u1eb9p nh\u01b0 tranh v\u1ebd n\u1eb1m \u1edf qu\u1eadn Rosenheim c\u1ee7a Th\u01b0\u1ee3ng Bavaria, \u0110\u1ee9c, l\u00e0 n\u01a1i sinh s\u1ed1ng c\u1ee7a kho\u1ea3ng 7.500 c\u01b0 d\u00e2n. Th\u1ecb tr\u1ea5n quy\u1ebfn r\u0169 n\u00e0y, n\u1eb1m d\u01b0\u1edbi ch\u00e2n N\u00fai Wendelstein h\u00f9ng v\u0129, \u0111\u00e3 t\u1ea1o d\u1ef1ng \u0111\u01b0\u1ee3c danh ti\u1ebfng l\u00e0 \u0111i\u1ec3m \u0111\u1ebfn ch\u0103m s\u00f3c s\u1ee9c kh\u1ecfe v\u00e0 th\u1ec3 ch\u1ea5t h\u00e0ng \u0111\u1ea7u, mang \u0111\u1ebfn cho du kh\u00e1ch s\u1ef1 k\u1ebft h\u1ee3p \u0111\u1ed9c \u0111\u00e1o gi\u1eefa v\u1ebb \u0111\u1eb9p thi\u00ean nhi\u00ean v\u00e0 c\u00e1c li\u1ec7u ph\u00e1p \u0111i\u1ec1u tr\u1ecb.<\/p>","protected":false},"author":1,"featured_media":17525,"parent":13736,"menu_order":0,"comment_status":"closed","ping_status":"closed","template":"elementor_theme","meta":{"_eb_attr":"","footnotes":""},"class_list":["post-16614","page","type-page","status-publish","has-post-thumbnail"],"_links":{"self":[{"href":"https:\/\/travelshelper.com\/vi\/wp-json\/wp\/v2\/pages\/16614","targetHints":{"allow":["GET"]}}],"collection":[{"href":"https:\/\/travelshelper.com\/vi\/wp-json\/wp\/v2\/pages"}],"about":[{"href":"https:\/\/travelshelper.com\/vi\/wp-json\/wp\/v2\/types\/page"}],"author":[{"embeddable":true,"href":"https:\/\/travelshelper.com\/vi\/wp-json\/wp\/v2\/users\/1"}],"replies":[{"embeddable":true,"href":"https:\/\/travelshelper.com\/vi\/wp-json\/wp\/v2\/comments?post=16614"}],"version-history":[{"count":0,"href":"https:\/\/travelshelper.com\/vi\/wp-json\/wp\/v2\/pages\/16614\/revisions"}],"up":[{"embeddable":true,"href":"https:\/\/travelshelper.com\/vi\/wp-json\/wp\/v2\/pages\/13736"}],"wp:featuredmedia":[{"embeddable":true,"href":"https:\/\/travelshelper.com\/vi\/wp-json\/wp\/v2\/media\/17525"}],"wp:attachment":[{"href":"https:\/\/travelshelper.com\/vi\/wp-json\/wp\/v2\/media?parent=16614"}],"curies":[{"name":"wp","href":"https:\/\/api.w.org\/{rel}","templated":true}]}}