{"id":16569,"date":"2024-09-23T13:02:14","date_gmt":"2024-09-23T13:02:14","guid":{"rendered":"https:\/\/travelshelper.com\/staging\/?page_id=16569"},"modified":"2026-03-12T00:19:44","modified_gmt":"2026-03-12T00:19:44","slug":"bad-brambach","status":"publish","type":"page","link":"https:\/\/travelshelper.com\/vi\/destinations\/europe\/germany\/bad-brambach\/","title":{"rendered":"Bad Brambach"},"content":{"rendered":"<p>Bad Brambach, n\u1eb1m \u1edf ph\u00eda nam c\u1ee7a Saxony, thu h\u00fat s\u1ef1 ch\u00fa \u00fd th\u00f4ng qua di s\u1ea3n l\u00e2u \u0111\u1eddi v\u00e0 vai tr\u00f2 l\u00e2u d\u00e0i nh\u01b0 m\u1ed9t khu ngh\u1ec9 d\u01b0\u1ee1ng s\u1ee9c kh\u1ecfe. V\u1edbi d\u00e2n s\u1ed1 ch\u1ec9 h\u01a1n 2.000 ng\u01b0\u1eddi tr\u1ea3i r\u1ed9ng tr\u00ean di\u1ec7n t\u00edch kho\u1ea3ng 32 km2, th\u1ecb tr\u1ea5n spa \u0111\u01b0\u1ee3c nh\u00e0 n\u01b0\u1edbc c\u00f4ng nh\u1eadn n\u00e0y n\u1eb1m \u1edf bi\u00ean gi\u1edbi bi\u00ean gi\u1edbi c\u1ee7a \u0110\u1ee9c v\u1edbi C\u1ed9ng h\u00f2a S\u00e9c. Trong m\u1ed9t thung l\u0169ng \u0111\u01b0\u1ee3c t\u1ea1o ra b\u1edfi R\u00f6thenbach, sau n\u00e0y \u0111\u01b0\u1ee3c g\u1ecdi l\u00e0 Flei\u00dfenbach, Bad Brambach m\u1edf ra m\u1ed9t d\u1ea3i \u0111\u1ecbnh c\u01b0 tr\u1ea3i d\u00e0i t\u1eeb t\u00e2y sang \u0111\u00f4ng, v\u1edbi t\u1ea7m nh\u00ecn bao qu\u00e1t c\u00e1c s\u01b0\u1eddn \u0111\u1ed3i c\u00f3 r\u1eebng v\u00e0 m\u1ed9t d\u00f2ng su\u1ed1i \u00eam \u0111\u1ec1m \u0111\u00e3 \u0111\u1ecbnh h\u00ecnh n\u00ean s\u1ed1 ph\u1eadn c\u1ee7a th\u1ecb tr\u1ea5n. T\u1ea1i \u0111\u00e2y, \u1edf \u0111\u1ed9 cao kho\u1ea3ng 600 m\u00e9t so v\u1edbi m\u1ef1c n\u01b0\u1edbc bi\u1ec3n, Su\u1ed1i Wettin phun ra ngu\u1ed3n n\u01b0\u1edbc gi\u00e0u radon \u0111\u00e3 \u0111\u1ecbnh h\u00ecnh n\u00ean b\u1ea3n s\u1eafc c\u1ee7a th\u1ecb tr\u1ea5n k\u1ec3 t\u1eeb khi \u0111\u01b0\u1ee3c ph\u00e1t hi\u1ec7n v\u00e0o n\u0103m 1911, gi\u00e0nh \u0111\u01b0\u1ee3c danh hi\u1ec7u l\u00e0 su\u1ed1i radon m\u1ea1nh nh\u1ea5t th\u1ebf gi\u1edbi v\u00e0 c\u1ee7ng c\u1ed1 v\u1ecb tr\u00ed c\u1ee7a Bad Brambach b\u00ean c\u1ea1nh ng\u01b0\u1eddi h\u00e0ng x\u00f3m Bad Elster trong Nh\u00e0 t\u1eafm c\u00f4ng c\u1ed9ng Saxon danh ti\u1ebfng.<\/p>\n<p>B\u1ee9c tranh kh\u1ea3m c\u1ee7a c\u00e1c ng\u00f4i l\u00e0ng c\u1ee7a th\u00e0nh ph\u1ed1\u2014trong \u0111\u00f3 c\u00f3 R\u00f6thenbach, B\u00e4rendorf, G\u00fcrth, Hohendorf, Oberbrambach v\u1edbi v\u1ec7 tinh Frauengr\u00fcn v\u00e0 Kleedorf, Raun v\u00e0 h\u1ebbm n\u00fai h\u1eb9p Raunergrund, Rohrbach v\u1edbi Hennebach v\u00e0 Sch\u00f6nberg\u2014l\u00e0 minh ch\u1ee9ng cho nhi\u1ec1u th\u1ebf k\u1ef7 \u0111\u1ecbnh c\u01b0 v\u00e0 m\u1ee5c \u0111\u00edch ph\u00e1t tri\u1ec3n. T\u1eeb l\u1ea7n \u0111\u1ea7u ti\u00ean nh\u1eafc \u0111\u1ebfn gia \u0111\u00ecnh hi\u1ec7p s\u0129 de Brantbuch v\u00e0o n\u0103m 1154 cho \u0111\u1ebfn khi Brambuch \u0111\u01b0\u1ee3c ch\u1ec9 \u0111\u1ecbnh l\u00e0 m\u1ed9t th\u1ecb tr\u1ea5n v\u00e0o n\u0103m 1307, khu v\u1ef1c n\u00e0y \u0111\u00e3 tr\u1ea3i qua tay c\u1ee7a c\u00e1c gia t\u1ed9c qu\u00fd t\u1ed9c nh\u01b0 Zedtwitz v\u00e0 Schirnding. Ph\u00e1o \u0111\u00e0i \u0111\u1ecba ph\u01b0\u01a1ng, \u0111\u01b0\u1ee3c ghi ch\u00e9p v\u00e0o n\u0103m 1372, \u0111\u1ee9ng nh\u01b0 m\u1ed9t th\u00e0nh l\u0169y v\u00e0 tr\u1ee5 s\u1edf h\u00e0nh ch\u00ednh, trong khi gi\u00e1o x\u1ee9 \u0111\u1ecba ph\u01b0\u01a1ng, li\u00ean k\u1ebft v\u1edbi gi\u00e1o ph\u1eadn c\u1ee7a Gi\u00e1o ph\u1eadn Regensburg, ph\u1ee5c v\u1ee5 nhu c\u1ea7u t\u00e2m linh c\u1ee7a v\u00f9ng \u0111\u1ea5t n\u00f4ng nghi\u1ec7p xung quanh. Theo th\u1eddi gian, c\u00e1c trang tr\u1ea1i v\u00e0 c\u1ee5m x\u01b0\u1edfng r\u1ea3i r\u00e1c t\u1ea1o n\u00ean Brambach s\u1ebd h\u1ee3p nh\u1ea5t xung quanh c\u00e1c su\u1ed1i trong thung l\u0169ng, k\u1ebft n\u1ed1i \u1ea3nh h\u01b0\u1edfng c\u1ee7a t\u00f4n gi\u00e1o v\u1edbi nh\u1ecbp \u0111i\u1ec7u c\u1ee7a cu\u1ed9c s\u1ed1ng n\u00f4ng th\u00f4n.<\/p>\n<p>M\u1ed9t v\u1ee5 h\u1ecfa ho\u1ea1n v\u00e0o ng\u00e0y 11 th\u00e1ng 9 n\u0103m 1842 \u0111\u00e3 thay \u0111\u1ed5i qu\u1ef9 \u0111\u1ea1o c\u1ee7a th\u1ecb tr\u1ea5n khi ng\u1ecdn l\u1eeda thi\u00eau r\u1ee5i nh\u00e0 th\u1edd v\u00e0 hai m\u01b0\u01a1i t\u00e1m ng\u00f4i nh\u00e0 n\u00f4ng tr\u1ea1i c\u00f9ng v\u1edbi c\u00e1c t\u00f2a nh\u00e0 ph\u1ee5. Khi qu\u00e1 tr\u00ecnh t\u00e1i thi\u1ebft b\u1eaft \u0111\u1ea7u, m\u1ed9t h\u00ecnh th\u1ee9c ki\u1ebfn \u200b\u200btr\u00fac m\u1edbi \u0111\u01b0\u1ee3c hi\u1ec7u ch\u1ec9nh cho ngh\u1ec1 th\u1ee7 c\u00f4ng v\u00e0 s\u1ea3n xu\u1ea5t \u0111\u00e3 xu\u1ea5t hi\u1ec7n. S\u1ef1 xu\u1ea5t hi\u1ec7n c\u1ee7a ngh\u1ec1 l\u00e0m nh\u1ea1c c\u1ee5 v\u00e0o gi\u1eefa th\u1ebf k\u1ef7 19 \u0111\u00e3 th\u00fac \u0111\u1ea9y vi\u1ec7c x\u00e2y d\u1ef1ng c\u00e1c t\u00f2a nh\u00e0 x\u01b0\u1edfng d\u00e0i, thay th\u1ebf nh\u1eefng ng\u00f4i nh\u00e0 c\u00f3 khung g\u1ed7 b\u1eb1ng c\u00e1c c\u1ea5u tr\u00fac ph\u00f9 h\u1ee3p v\u1edbi \u0111\u1ed9 ch\u00ednh x\u00e1c v\u1ec1 \u00e2m thanh c\u1ee7a nh\u1eefng ng\u01b0\u1eddi th\u1ee3 l\u00e0m \u0111\u00e0n luthi v\u00e0 ngh\u1ec7 nh\u00e2n th\u1ed5i k\u00e8n g\u1ed7. Vi\u1ec7c t\u1ed5 ch\u1ee9c l\u1ea1i kh\u00f4ng gian \u0111i k\u00e8m v\u1edbi c\u00e1c x\u01b0\u1edfng n\u00e0y s\u1ebd t\u1ed3n t\u1ea1i l\u00e2u d\u00e0i, nh\u00fang m\u1ed9t \u0111\u1eb7c \u0111i\u1ec3m c\u00f4ng nghi\u1ec7p tinh t\u1ebf v\u00e0o di\u1ec7n m\u1ea1o \u0111\u1ed3ng qu\u00ea c\u1ee7a Brambach.<\/p>\n<p>L\u00e2u tr\u01b0\u1edbc khi c\u00f3 c\u00f4ng vi\u00ean spa v\u00e0 c\u00e1c gian h\u00e0ng t\u1eafm, v\u00f9ng \u0111\u1ea5t n\u00e0y \u0111\u00e3 s\u1ea3n sinh ra nh\u1eefng con su\u1ed1i c\u00f3 \u0111\u1ed9 s\u1ee7i b\u1ecdt thu h\u00fat s\u1ef1 ch\u00fa \u00fd c\u1ee7a ng\u01b0\u1eddi d\u00e2n \u0111\u1ecba ph\u01b0\u01a1ng. N\u0103m 1812, Wilhelm August Lampadius, m\u1ed9t chuy\u00ean gia khai th\u00e1c m\u1ecf t\u1eeb Freiberg, \u0111\u00e3 xem x\u00e9t k\u1ef9 l\u01b0\u1ee1ng &#034;Sauerbrunnen von Unterbrambach&#034;, m\u1ed9t con su\u1ed1i c\u00f3 t\u00ednh axit \u0111\u01b0\u1ee3c ng\u01b0\u1eddi d\u00e2n \u0111\u1ecba ph\u01b0\u01a1ng y\u00eau th\u00edch. Nhi\u1ec1u th\u1eadp k\u1ef7 sau, v\u00e0o kho\u1ea3ng n\u0103m 1890, Christian Sch\u00fcller b\u1eaft \u0111\u1ea7u v\u1eadn chuy\u1ec3n h\u00e0ng h\u00f3a d\u01b0\u1edbi t\u00ean Sch\u00fcllerquelle t\u1eeb m\u1ed9t c\u1eeda x\u1ea3 ng\u1ea7m \u1edf thung l\u0169ng R\u00f6thenbach\u2014n\u01a1i m\u00e0 cha \u00f4ng \u0111\u00e3 kh\u00e1m ph\u00e1 l\u1ea7n \u0111\u1ea7u v\u00e0o n\u0103m 1860 tr\u01b0\u1edbc khi b\u1ecf hoang. \u0110\u1ed3ng th\u1eddi, m\u1ed9t ng\u01b0\u1eddi thu\u00ea \u0111\u1ea5t c\u1ee7a th\u00e0nh ph\u1ed1 \u0111\u00e3 ti\u1ebfp th\u1ecb m\u1ed9t con su\u1ed1i li\u1ec1n k\u1ec1 v\u1edbi t\u00ean g\u1ecdi Schillerquelle, minh h\u1ecda cho s\u1ef1 c\u1ea1nh tranh ban \u0111\u1ea7u trong c\u00e1c d\u1ef1 \u00e1n n\u01b0\u1edbc kho\u00e1ng. \u0110\u1ebfn n\u0103m 1912, s\u1ea3n l\u01b0\u1ee3ng \u0111\u00e3 v\u01b0\u1ee3t qu\u00e1 hai tri\u1ec7u chai n\u01b0\u1edbc kho\u00e1ng c\u00f3 ga h\u00e0ng n\u0103m v\u00e0 doanh nghi\u1ec7p Brambacher Sprudel \u0111\u00e3 n\u1ed5i l\u00ean nh\u01b0 m\u1ed9t nh\u00e0 cung c\u1ea5p h\u00e0ng \u0111\u1ea7u \u1edf Th\u01b0\u1ee3ng Vogtland, n\u01b0\u1edbc kho\u00e1ng c\u00f3 ga \u0111\u00f3ng chai b\u1eb1ng th\u1ee7y tinh c\u1ee7a c\u00f4ng ty \u0111\u01b0\u1ee3c v\u1eadn chuy\u1ec3n xa h\u01a1n nhi\u1ec1u so v\u1edbi thung l\u0169ng.<\/p>\n<p>Kho\u1ea3nh kh\u1eafc mang t\u00ednh b\u01b0\u1edbc ngo\u1eb7t \u0111\u00e3 \u0111\u1ebfn v\u00e0o n\u0103m 1911 v\u1edbi vi\u1ec7c ph\u00e1t hi\u1ec7n ra th\u1ee9 \u0111\u01b0\u1ee3c g\u1ecdi l\u00e0 Su\u1ed1i Wettin. Ch\u1ee9a \u0111\u1ea7y radon, l\u1ed1i tho\u00e1t n\u00e0y \u0111\u01b0\u1ee3c tuy\u00ean b\u1ed1 l\u00e0 &#034;su\u1ed1i kho\u00e1ng radium&#034;, \u0111\u01b0\u1ee3c cho l\u00e0 c\u00f3 s\u1ee9c m\u1ea1nh v\u00f4 song tr\u00ean quy m\u00f4 to\u00e0n c\u1ea7u. M\u1ed9t n\u0103m sau, c\u00f4ng vi\u00ean spa m\u1edf c\u1eeda \u0111\u00f3n du kh\u00e1ch \u0111\u1ebfn t\u1eafm kho\u00e1ng ph\u00f3ng x\u1ea1 - khi \u0111\u00f3 \u0111\u01b0\u1ee3c g\u1ecdi l\u00e0 t\u1eafm kho\u00e1ng ph\u00f3ng x\u1ea1 - v\u00e0 v\u00e0o th\u00e1ng 12 n\u0103m 1914, B\u1ed9 N\u1ed9i v\u1ee5 Ho\u00e0ng gia Saxon ch\u00ednh th\u1ee9c tuy\u00ean b\u1ed1 Su\u1ed1i Wettin l\u00e0 ngu\u1ed3n t\u00e0i nguy\u00ean ch\u1eefa b\u1ec7nh. S\u1ef1 chuy\u1ec3n \u0111\u1ed5i c\u1ee7a c\u1ed9ng \u0111\u1ed3ng \u0111\u01b0\u1ee3c ghi nh\u1eadn trong vi\u1ec7c \u0111\u1ed5i t\u00ean th\u00e0nh Bad Brambach v\u00e0o n\u0103m 1922 - m\u1ed9t ti\u1ec1n t\u1ed1 cho bi\u1ebft v\u1ecb th\u1ebf c\u1ee7a n\u01a1i n\u00e0y l\u00e0 m\u1ed9t th\u1ecb tr\u1ea5n spa - v\u00e0 \u0111\u01b0\u1ee3c \u0111\u1ed5i t\u00ean th\u00e0nh Radiumbad Brambach trong th\u1eddi gian ng\u1eafn t\u1eeb n\u0103m 1933 \u0111\u1ebfn n\u0103m 1963. Nh\u1eefng th\u1eadp k\u1ef7 ti\u1ebfp theo ch\u1ee9ng ki\u1ebfn \u200b\u200bvi\u1ec7c x\u00e2y d\u1ef1ng c\u00e1c bi\u1ec7t th\u1ef1, gian h\u00e0ng \u0111i\u1ec1u tr\u1ecb v\u00e0 l\u1ed1i \u0111i d\u1ea1o hi\u1ec7n \u0111\u1ecbnh h\u00ecnh n\u00ean c\u00e1c khu v\u01b0\u1eddn spa.<\/p>\n<p>H\u1eadu qu\u1ea3 c\u1ee7a Th\u1ebf chi\u1ebfn II \u0111\u00e3 ch\u1ee9ng ki\u1ebfn \u200b\u200bBad Brambach \u0111\u01b0\u1ee3c t\u00e1i s\u1eed d\u1ee5ng l\u00e0m b\u1ec7nh vi\u1ec7n \u0111i\u1ec1u d\u01b0\u1ee1ng cho Qu\u00e2n \u0111\u1ed9i Li\u00ean X\u00f4, c\u00e1c c\u01a1 s\u1edf c\u1ee7a b\u1ec7nh vi\u1ec7n \u0111\u01b0\u1ee3c s\u1eed d\u1ee5ng \u0111\u1ec3 ph\u1ee5c v\u1ee5 nh\u1eefng ng\u01b0\u1eddi l\u00ednh \u0111ang d\u01b0\u1ee1ng b\u1ec7nh. \u0110\u1ebfn n\u0103m 1949, nh\u1eefng b\u1ec7nh nh\u00e2n b\u1ea3o hi\u1ec3m x\u00e3 h\u1ed9i \u0111\u00e3 \u0111\u01b0\u1ee3c ti\u1ebfp nh\u1eadn l\u1ea1i, v\u00e0 v\u00e0o n\u0103m 1957, C\u1ed9ng h\u00f2a D\u00e2n ch\u1ee7 \u0110\u1ee9c \u0111\u00e3 ti\u1ebfn h\u00e0nh hi\u1ec7n \u0111\u1ea1i h\u00f3a to\u00e0n di\u1ec7n khu ph\u1ee9c h\u1ee3p spa. Th\u00f4ng v\u00e0 s\u1ed3i ph\u00e1t tri\u1ec3n m\u1ea1nh trong nh\u1eefng khu r\u1eebng m\u1edbi tr\u1ed3ng\u2014b\u1ed1n m\u01b0\u01a1i ngh\u00ecn c\u00e2y non \u0111\u00e3 b\u00e9n r\u1ec5 v\u00e0o n\u0103m 1961\u2014ph\u1ee5c h\u1ed3i nh\u1eefng c\u00e1nh r\u1eebng t\u1eebng bao quanh c\u00e1c su\u1ed1i n\u01b0\u1edbc n\u00f3ng. D\u01b0\u1edbi s\u1ef1 qu\u1ea3n l\u00fd c\u1ee7a GDR, khu ngh\u1ec9 d\u01b0\u1ee1ng spa v\u1eeba tr\u1edf th\u00e0nh m\u00f4 h\u00ecnh du l\u1ecbch s\u1ee9c kh\u1ecfe do nh\u00e0 n\u01b0\u1edbc h\u1ed7 tr\u1ee3 v\u1eeba l\u00e0 ngu\u1ed3n vi\u1ec7c l\u00e0m cho ng\u01b0\u1eddi d\u00e2n \u0111\u1ecba ph\u01b0\u01a1ng, trong khi c\u00e1c nh\u00e0 m\u00e1y n\u01b0\u1edbc kho\u00e1ng Brambacher Sprudel li\u1ec1n k\u1ec1 v\u1eabn gi\u1eef \u0111\u01b0\u1ee3c v\u1ecb tr\u00ed l\u00e0 tr\u1ee5 c\u1ed9t kinh t\u1ebf c\u1ee7a th\u1ecb tr\u1ea5n.<\/p>\n<p>S\u1ef1 chuy\u1ec3n \u0111\u1ed5i ch\u00ednh tr\u1ecb n\u0103m 1989\u20131990 b\u00e1o hi\u1ec7u m\u1ed9t k\u1ef7 nguy\u00ean m\u1edbi v\u1ec1 s\u1ef1 h\u1ed3i sinh c\u1ee7a th\u00e0nh ph\u1ed1. \u0110\u1ea7u t\u01b0 t\u01b0 nh\u00e2n v\u00e0 c\u00f4ng c\u1ed9ng \u0111\u00e3 \u0111\u01b0\u1ee3c l\u1ecdc v\u00e0o Bad Brambach, v\u00e0 S\u00e4chsische Staatsb\u00e4der GmbH d\u1eabn \u0111\u1ea7u c\u00e1c d\u1ef1 \u00e1n tr\u1ebb h\u00f3a c\u00e1c khu v\u01b0\u1eddn v\u00e0 c\u01a1 s\u1edf spa. Khu ph\u1ee9c h\u1ee3p t\u1eafm h\u01a1i v\u00e0 x\u00f4ng h\u01a1i AQUADON \u0111\u00e3 gi\u1edbi thi\u1ec7u c\u00e1c ti\u1ec7n nghi ch\u0103m s\u00f3c s\u1ee9c kh\u1ecfe hi\u1ec7n \u0111\u1ea1i, c\u00e1c h\u1ed3 b\u01a1i c\u00f3 m\u00e1i k\u00ednh n\u1eb1m trong c\u00e1c s\u00e2n hi\u00ean \u0111\u01b0\u1ee3c thi\u1ebft k\u1ebf c\u1ea3nh quan. H\u1ed9i tr\u01b0\u1eddng l\u1ec5 h\u1ed9i l\u1ecbch s\u1eed \u0111\u00e3 \u0111\u01b0\u1ee3c c\u1ea3i t\u1ea1o c\u1ea9n th\u1eadn, kh\u00e1n ph\u00f2ng c\u1ee7a n\u00f3 m\u1ed9t l\u1ea7n n\u1eefa t\u1ed5 ch\u1ee9c c\u00e1c bu\u1ed5i h\u00f2a nh\u1ea1c v\u00e0 c\u00e1c cu\u1ed9c t\u1ee5 h\u1ecdp c\u1ed9ng \u0111\u1ed3ng. T\u00f2a nh\u00e0 su\u1ed1i trung t\u00e2m, bi\u1ec3u t\u01b0\u1ee3ng c\u1ee7a ki\u1ebfn \u200b\u200btr\u00fac spa \u0111\u1ea7u th\u1ebf k\u1ef7 20, \u0111\u00e3 \u0111\u01b0\u1ee3c ph\u1ee5c h\u1ed3i v\u1ec1 m\u1eb7t c\u1ea5u tr\u00fac v\u00e0 th\u1ea9m m\u1ef9. Vi\u1ec7c cung c\u1ea5p d\u1ecbch v\u1ee5 y t\u1ebf \u0111\u00e3 ti\u1ebfn tri\u1ec3n v\u1edbi s\u1ef1 xu\u1ea5t hi\u1ec7n c\u1ee7a Ph\u00f2ng kh\u00e1m Ebel, trong khi nh\u00e0 spa RDB tr\u01b0\u1edbc \u0111\u00e2y - \u0111\u01b0\u1ee3c g\u1ecdi l\u00e0 Julius-Fu\u010d\u00edk-Haus trong th\u1eddi k\u1ef3 GDR - \u0111\u00e3 \u0111\u01b0\u1ee3c chuy\u1ec3n \u0111\u1ed5i th\u00e0nh n\u01a1i \u1edf cho ng\u01b0\u1eddi cao tu\u1ed5i. B\u1ed5 sung cho nh\u1eefng s\u1ef1 ph\u00e1t tri\u1ec3n n\u00e0y, m\u1ed9t s\u1ed1 nh\u00e0 kh\u00e1ch v\u00e0 nh\u00e0 tr\u1ecd \u0111\u00e3 m\u1ecdc l\u00ean \u0111\u1ec3 \u0111\u00e1p \u1ee9ng s\u1ed1 l\u01b0\u1ee3ng ng\u01b0\u1eddi \u0111\u1ebfn kh\u00e1m b\u1ec7nh ng\u00e0y c\u00e0ng t\u0103ng.<\/p>\n<p>\u0110\u1ed3ng th\u1eddi, s\u1ea3n xu\u1ea5t n\u01b0\u1edbc kho\u00e1ng kh\u00f4ng ch\u1ec9 \u0111\u01b0\u1ee3c b\u1ea3o t\u1ed3n m\u00e0 c\u00f2n \u0111\u01b0\u1ee3c m\u1edf r\u1ed9ng th\u00f4ng qua vi\u1ec7c th\u00e0nh l\u1eadp Bad Brambacher Mineralquellen GmbH &amp; Co. Betriebs KG. L\u00e0 m\u1ed9t trong nh\u1eefng c\u00f4ng ty s\u1eed d\u1ee5ng lao \u0111\u1ed9ng l\u1edbn nh\u1ea5t c\u1ee7a th\u1ecb tr\u1ea5n, c\u00f4ng ty \u0111\u00e3 duy tr\u00ec sinh k\u1ebf c\u1ee7a ng\u01b0\u1eddi d\u00e2n \u0111\u1ecba ph\u01b0\u01a1ng v\u00e0 h\u1ed7 tr\u1ee3 m\u1ea1ng l\u01b0\u1edbi c\u00e1c c\u00e2u l\u1ea1c b\u1ed9 c\u00f4ng d\u00e2n\u2014t\u1eeb \u0111\u1ed9i c\u1ee9u h\u1ecfa t\u00ecnh nguy\u1ec7n \u0111\u1ebfn hi\u1ec7p h\u1ed9i \u00e2m nh\u1ea1c\u2014th\u00f4ng qua t\u00e0i tr\u1ee3 v\u00e0 s\u1ef1 tham gia c\u1ee7a c\u1ed9ng \u0111\u1ed3ng. S\u1ef1 k\u1ebft h\u1ee3p gi\u1eefa c\u00f4ng nghi\u1ec7p v\u00e0 \u0111\u1eddi s\u1ed1ng c\u00f4ng d\u00e2n nh\u01b0 v\u1eady v\u1eabn l\u00e0 d\u1ea5u \u1ea5n c\u1ee7a c\u1ea5u tr\u00fac x\u00e3 h\u1ed9i Bad Brambach.<\/p>\n<p>Th\u1ecb tr\u1ea5n cung c\u1ea5p s\u00e1u su\u1ed1i ri\u00eang bi\u1ec7t \u0111\u1ec3 t\u1eafm v\u00e0 u\u1ed1ng, m\u1ed7i su\u1ed1i \u0111\u1ec1u c\u00f3 th\u00e0nh ph\u1ea7n kho\u00e1ng ch\u1ea5t ri\u00eang. D\u01b0\u1edbi s\u1ef1 b\u1ea3o tr\u1ee3 c\u1ee7a Dr. Ebel Fachkliniken GmbH, c\u00f4ng ty \u0111\u00e3 mua l\u1ea1i Ph\u00f2ng kh\u00e1m Bad Brambach v\u00e0o n\u0103m 1991, c\u00e1c ch\u01b0\u01a1ng tr\u00ecnh ph\u1ee5c h\u1ed3i ch\u1ee9c n\u0103ng \u0111\u00e3 t\u1eadp trung v\u00e0o b\u1ec7nh th\u1ea5p kh\u1edbp, ch\u1ec9nh h\u00ecnh v\u00e0 tim m\u1ea1ch. M\u1ed9t gian ph\u00f2ng kh\u00e1m m\u1edbi, ho\u00e0n th\u00e0nh v\u00e0o n\u0103m 1994, cung c\u1ea5p ch\u1ed7 \u1edf n\u1ed9i tr\u00fa hi\u1ec7n \u0111\u1ea1i, ph\u00f2ng v\u1eadt l\u00fd tr\u1ecb li\u1ec7u v\u00e0 ph\u00f2ng x\u00e9t nghi\u1ec7m ch\u1ea9n \u0111o\u00e1n, \u0111\u1ea3m b\u1ea3o r\u1eb1ng di s\u1ea3n ch\u1eefa b\u1ec7nh c\u1ee7a n\u01b0\u1edbc radon ph\u00f9 h\u1ee3p v\u1edbi c\u00e1c ti\u00eau chu\u1ea9n y t\u1ebf \u0111\u01b0\u01a1ng \u0111\u1ea1i.<\/p>\n<p>Kh\u1ea3 n\u0103ng ti\u1ebfp c\u1eadn n\u01a1i tr\u00fa \u1ea9n bi\u00ean gi\u1edbi n\u00e0y \u0111\u01b0\u1ee3c \u0111\u1ea3m b\u1ea3o b\u1edfi c\u00e1c xa l\u1ed9 li\u00ean bang B 92 v\u00e0 E 49, h\u01b0\u1edbng d\u1eabn du kh\u00e1ch v\u1ec1 ph\u00eda nam v\u00e0o C\u1ed9ng h\u00f2a S\u00e9c. Tuy\u1ebfn \u0111\u01b0\u1eddng s\u1eaft Plauen\u2013Cheb ch\u1ea1y qua Bad Brambach, v\u1edbi m\u1ed9t nh\u00e0 ga \u1edf r\u00eca th\u1ecb tr\u1ea5n v\u00e0 m\u1ed9t \u0111i\u1ec3m d\u1eebng y\u00eau c\u1ea7u \u1edf Raun. K\u1ec3 t\u1eeb n\u0103m 2001, m\u1ed9t tuy\u1ebfn \u0111\u01b0\u1eddng v\u00f2ng \u0111\u00e3 chuy\u1ec3n h\u01b0\u1edbng giao th\u00f4ng qu\u00e1 c\u1ea3nh ra kh\u1ecfi trung t\u00e2m l\u1ecbch s\u1eed, h\u01b0\u1edbng c\u00e1c ph\u01b0\u01a1ng ti\u1ec7n \u0111\u1ebfn c\u1eeda kh\u1ea9u bi\u00ean gi\u1edbi Sch\u00f6nberg\u2013Vojtanov v\u00e0 b\u1ea3o t\u1ed3n s\u1ef1 y\u00ean t\u0129nh c\u1ee7a khu spa. T\u1ea1i \u0111\u1ecba ph\u01b0\u01a1ng, ba tuy\u1ebfn xe bu\u00fdt g\u1ecdi do Hi\u1ec7p h\u1ed9i V\u1eadn t\u1ea3i Vogtland \u0111i\u1ec1u h\u00e0nh k\u1ebft n\u1ed1i nh\u00e0 ga xe l\u1eeda, ph\u00f2ng kh\u00e1m, h\u1ed9i tr\u01b0\u1eddng l\u1ec5 h\u1ed9i v\u00e0 c\u00e1c l\u00e0ng xa x\u00f4i v\u1edbi kho\u1ea3ng th\u1eddi gian s\u00e1u m\u01b0\u01a1i v\u00e0 120 ph\u00fat, \u0111\u1ea3m b\u1ea3o r\u1eb1ng c\u1ea3 ng\u01b0\u1eddi d\u00e2n \u0111\u1ecba ph\u01b0\u01a1ng v\u00e0 du kh\u00e1ch \u0111\u1ec1u c\u00f3 th\u1ec3 di chuy\u1ec3n d\u1ec5 d\u00e0ng qua thung l\u0169ng.<\/p>\n<p>Ngo\u00e0i c\u00e1c d\u1ecbch v\u1ee5 tr\u1ecb li\u1ec7u, Bad Brambach c\u00f2n duy tr\u00ec s\u1ef1 gi\u00e0u c\u00f3 v\u1ec1 v\u0103n h\u00f3a y\u00ean t\u0129nh. C\u00f4ng vi\u00ean spa, v\u1edbi nh\u1eefng l\u00f9m c\u00e2y v\u00e0 l\u1ed1i \u0111i d\u1ea1o, v\u1eabn l\u00e0 t\u00e2m \u0111i\u1ec3m c\u1ee7a cu\u1ed9c s\u1ed1ng c\u1ed9ng \u0111\u1ed3ng, trong khi m\u1ed9t b\u1ea3o t\u00e0ng l\u1ecbch s\u1eed \u0111\u1ecba ph\u01b0\u01a1ng do m\u1ed9t hi\u1ec7p h\u1ed9i t\u1eadn t\u1ee5y qu\u1ea3n l\u00fd ghi l\u1ea1i qu\u00e1 kh\u1ee9 ph\u1ee9c t\u1ea1p c\u1ee7a th\u1ecb tr\u1ea5n. Di s\u1ea3n ki\u1ebfn \u200b\u200btr\u00fac phong ph\u00fa trong ki-\u1ed1t su\u1ed1i c\u1ee7a qu\u1eadn R\u00f6thenbach, nh\u1eefng ng\u00f4i nh\u00e0 g\u1ed7 n\u1eeda khung d\u1ecdc qu\u1ea3ng tr\u01b0\u1eddng ch\u1ee3\u2014n\u01a1i tr\u01b0\u1edbc \u0111\u00e2y l\u00e0 c\u01a1 quan h\u1ea3i quan Saxon-Bohemian qu\u1ea3n l\u00fd th\u01b0\u01a1ng m\u1ea1i\u2014v\u00e0 s\u1ef1 hi\u1ec7n di\u1ec7n uy nghi\u00eam c\u1ee7a L\u00e2u \u0111\u00e0i Sch\u00f6nberg tr\u00ean ng\u1ecdn \u0111\u1ed3i ph\u00eda tr\u00ean. M\u1ed7i t\u00f2a nh\u00e0 g\u1ee3i nh\u1edb \u0111\u1ebfn c\u00e1c l\u1edbp ph\u00e1t tri\u1ec3n th\u1eddi phong ki\u1ebfn, c\u00f4ng nghi\u1ec7p v\u00e0 spa \u0111\u00e3 \u0111\u1ecbnh h\u00ecnh n\u00ean c\u1ea3nh quan th\u1ecb tr\u1ea5n.<\/p>\n<p>C\u00e1c s\u00e1ng ki\u1ebfn \u200b\u200bb\u1ea3o t\u1ed3n thi\u00ean nhi\u00ean b\u1ed5 sung th\u00eam m\u1ed9t chi\u1ec1u h\u01b0\u1edbng kh\u00e1c cho s\u1ee9c h\u1ea5p d\u1eabn c\u1ee7a Bad Brambach. T\u1ea1i qu\u1eadn Raunergrund, m\u1ed9t tr\u1ea1m d\u00e0nh ri\u00eang cho trai ng\u1ecdc n\u01b0\u1edbc ng\u1ecdt di\u1ec5n gi\u1ea3i gi\u00e1 tr\u1ecb kinh t\u1ebf tr\u01b0\u1edbc \u0111\u00e2y c\u1ee7a lo\u00e0i n\u00e0y v\u00e0 \u00fd ngh\u0129a sinh th\u00e1i hi\u1ec7n t\u1ea1i. M\u1ed9t \u201c\u0110\u01b0\u1eddng m\u00f2n trai ng\u1ecdc\u201d d\u00e0i hai km d\u1eabn \u0111\u1ebfn ng\u00f4i l\u00e0ng Sohl l\u00e2n c\u1eadn c\u1ee7a S\u00e9c, trong khi m\u1ed9t tr\u1ea1m nh\u00e2n gi\u1ed1ng li\u1ec1n k\u1ec1 ph\u1ee5c v\u1ee5 cho d\u1ef1 \u00e1n b\u1ea3o t\u1ed3n lo\u00e0i ArKoNaVera, c\u00f3 nhi\u1ec7m v\u1ee5 b\u1ea3o v\u1ec7 \u0111\u1ed9ng v\u1eadt c\u00f3 tr\u00e1ch nhi\u1ec7m v\u1edbi qu\u1ed1c gia. Nh\u1eefng n\u1ed7 l\u1ef1c n\u00e0y nh\u1ea5n m\u1ea1nh cam k\u1ebft c\u1ee7a khu v\u1ef1c \u0111\u1ed1i v\u1edbi \u0111a d\u1ea1ng sinh h\u1ecdc v\u00e0 h\u1ee3p t\u00e1c xuy\u00ean bi\u00ean gi\u1edbi.<\/p>\n<p>Truy\u1ec1n th\u1ed1ng th\u1ec3 thao \u1edf Bad Brambach b\u1eaft ngu\u1ed3n t\u1eeb nh\u1eefng n\u0103m 1950, khi c\u00e2u l\u1ea1c b\u1ed9 c\u00f4ng ty BSG Brambacher Sprudel nh\u01b0\u1eddng ch\u1ed7 cho BSG Empor Bad Brambach. Sau khi th\u1ed1ng nh\u1ea5t l\u1ea1i, hi\u1ec7p h\u1ed9i hi\u1ec7n t\u1ea1i, SSV Bad Brambach, \u0111\u00e3 xu\u1ea5t hi\u1ec7n \u0111\u1ec3 th\u00fac \u0111\u1ea9y b\u00f3ng \u0111\u00e1, th\u1ec3 d\u1ee5c d\u1ee5ng c\u1ee5 v\u00e0 c\u00e1c ho\u1ea1t \u0111\u1ed9ng c\u1ed9ng \u0111\u1ed3ng kh\u00e1c. Trong nh\u1eefng n\u0103m qua, nh\u1eefng ng\u01b0\u1eddi nh\u1ea3y tr\u01b0\u1ee3t tuy\u1ebft \u0111\u00e3 th\u1eed th\u00e1ch l\u00f2ng can \u0111\u1ea3m c\u1ee7a m\u00ecnh tr\u00ean Wachtbergschanze, Adolf-Hayer-Schanze v\u00e0 Pionierschanze\u2014ba ng\u1ecdn \u0111\u1ed3i t\u1eebng l\u00e0m m\u00f9a \u0111\u00f4ng tr\u1edf n\u00ean s\u1ed1ng \u0111\u1ed9ng v\u1edbi c\u1ea3m gi\u00e1c h\u1ed3i h\u1ed9p khi bay v\u00e0 nh\u1ecbp \u0111i\u1ec7u c\u1ee7a nh\u1eefng d\u1ea5u v\u1ebft \u0111\u01b0\u1ee3c kh\u1eafc tr\u00ean tuy\u1ebft.<\/p>\n<p>K\u1ebft h\u1ee3p ngu\u1ed3n g\u1ed1c th\u1eddi trung c\u1ed5, qu\u00e1 tr\u00ecnh chuy\u1ec3n \u0111\u1ed5i c\u00f4ng nghi\u1ec7p, ngu\u1ed3n n\u01b0\u1edbc gi\u00e0u kho\u00e1ng ch\u1ea5t v\u00e0 m\u00f4i tr\u01b0\u1eddng r\u1eebng, Bad Brambach tr\u00ecnh b\u00e0y m\u1ed9t nghi\u00ean c\u1ee9u v\u1ec1 t\u00ednh li\u00ean t\u1ee5c v\u00e0 thay \u0111\u1ed5i. S\u1ef1 ph\u00e1t tri\u1ec3n c\u1ee7a th\u1ecb tr\u1ea5n - t\u1eeb m\u1ed9t khu \u0111\u1ecbnh c\u01b0 ki\u00ean c\u1ed1 v\u00e0 trung t\u00e2m t\u00f4n gi\u00e1o th\u00e0nh m\u1ed9t nh\u00e0 s\u1ea3n xu\u1ea5t n\u01b0\u1edbc kho\u00e1ng, t\u1eeb m\u1ed9t trung t\u00e2m th\u1ee7 c\u00f4ng th\u1ebf k\u1ef7 19 th\u00e0nh m\u1ed9t khu ngh\u1ec9 d\u01b0\u1ee1ng spa th\u1ebf k\u1ef7 20 - n\u00f3i l\u00ean kh\u1ea3 n\u0103ng t\u00e1i t\u1ea1o c\u1ee7a n\u00f3. Ng\u00e0y nay, n\u00f3 l\u00e0 m\u1ed9t th\u1ecb tr\u1ea5n spa n\u00f4ng th\u00f4n c\u00e2n b\u1eb1ng gi\u1eefa s\u1ef1 nghi\u00eam ng\u1eb7t c\u1ee7a y h\u1ecdc v\u1edbi t\u00ednh x\u00e1c th\u1ef1c c\u1ee7a v\u0103n h\u00f3a, n\u01a1i m\u00f9i h\u01b0\u01a1ng ph\u1ea5n c\u1ee7a c\u00e2y th\u00f4ng h\u00f2a quy\u1ec7n v\u1edbi ti\u1ebfng vang y\u1ebfu \u1edbt c\u1ee7a ti\u1ebfng chu\u00f4ng nh\u00e0 th\u1edd v\u00e0 l\u1eddi h\u1ee9a ch\u1eefa l\u00e0nh lu\u00f4n hi\u1ec7n h\u1eefu ch\u1ea3y ra t\u1eeb s\u00e1u con su\u1ed1i tr\u01b0\u1eddng t\u1ed3n. Trong s\u1ef1 giao thoa c\u1ee7a l\u1ecbch s\u1eed, thi\u00ean nhi\u00ean v\u00e0 truy\u1ec1n th\u1ed1ng tr\u1ecb li\u1ec7u n\u00e0y, Bad Brambach mang \u0111\u1ebfn c\u1ea3 s\u1ef1 ngh\u1ec9 ng\u01a1i v\u00e0 suy ng\u1eabm, m\u1eddi g\u1ecdi du kh\u00e1ch tham gia v\u00e0o c\u00e2u chuy\u1ec7n di\u1ec5n ra l\u1eb7ng l\u1ebd c\u1ee7a n\u00f3.<\/p>","protected":false},"excerpt":{"rendered":"<p>Bad Brambach, m\u1ed9t khu ngh\u1ec9 d\u01b0\u1ee1ng s\u1ee9c kh\u1ecfe \u0111\u01b0\u1ee3c nh\u00e0 n\u01b0\u1edbc c\u00f4ng nh\u1eadn n\u1eb1m \u1edf khu v\u1ef1c Vogtland, l\u00e0 \u0111\u00f4 th\u1ecb c\u1ef1c nam \u1edf Saxony, \u0110\u1ee9c. Bad Brambach, m\u1ed9t th\u1ecb tr\u1ea5n spa nh\u1ecf nh\u01b0ng n\u1ed5i ti\u1ebfng, \u0111\u00e3 t\u1ea1o d\u1ef1ng \u0111\u01b0\u1ee3c v\u1ecb th\u1ebf \u0111\u1eb7c bi\u1ec7t trong du l\u1ecbch s\u1ee9c kh\u1ecfe v\u00e0 li\u1ec7u ph\u00e1p thi\u00ean nhi\u00ean.<\/p>","protected":false},"author":1,"featured_media":17544,"parent":13736,"menu_order":0,"comment_status":"closed","ping_status":"closed","template":"elementor_theme","meta":{"_eb_attr":"","footnotes":""},"class_list":["post-16569","page","type-page","status-publish","has-post-thumbnail"],"_links":{"self":[{"href":"https:\/\/travelshelper.com\/vi\/wp-json\/wp\/v2\/pages\/16569","targetHints":{"allow":["GET"]}}],"collection":[{"href":"https:\/\/travelshelper.com\/vi\/wp-json\/wp\/v2\/pages"}],"about":[{"href":"https:\/\/travelshelper.com\/vi\/wp-json\/wp\/v2\/types\/page"}],"author":[{"embeddable":true,"href":"https:\/\/travelshelper.com\/vi\/wp-json\/wp\/v2\/users\/1"}],"replies":[{"embeddable":true,"href":"https:\/\/travelshelper.com\/vi\/wp-json\/wp\/v2\/comments?post=16569"}],"version-history":[{"count":0,"href":"https:\/\/travelshelper.com\/vi\/wp-json\/wp\/v2\/pages\/16569\/revisions"}],"up":[{"embeddable":true,"href":"https:\/\/travelshelper.com\/vi\/wp-json\/wp\/v2\/pages\/13736"}],"wp:featuredmedia":[{"embeddable":true,"href":"https:\/\/travelshelper.com\/vi\/wp-json\/wp\/v2\/media\/17544"}],"wp:attachment":[{"href":"https:\/\/travelshelper.com\/vi\/wp-json\/wp\/v2\/media?parent=16569"}],"curies":[{"name":"wp","href":"https:\/\/api.w.org\/{rel}","templated":true}]}}