{"id":16539,"date":"2024-09-23T12:24:48","date_gmt":"2024-09-23T12:24:48","guid":{"rendered":"https:\/\/travelshelper.com\/staging\/?page_id=16539"},"modified":"2026-03-12T00:13:20","modified_gmt":"2026-03-12T00:13:20","slug":"bad-abbach","status":"publish","type":"page","link":"https:\/\/travelshelper.com\/vi\/destinations\/europe\/germany\/bad-abbach\/","title":{"rendered":"Bad Abbach"},"content":{"rendered":"<p>Bad Abbach, n\u01a1i sinh s\u1ed1ng c\u1ee7a kho\u1ea3ng m\u01b0\u1eddi hai ng\u00e0n c\u01b0 d\u00e2n, n\u1eb1m tr\u00ean m\u1ed9t cung s\u00f4ng Danube thoai tho\u1ea3i gi\u1eefa th\u00e0nh ph\u1ed1 th\u1eddi trung c\u1ed5 Regensburg v\u00e0 th\u1ecb tr\u1ea5n ch\u1ee3 Kelheim. N\u1eb1m trong qu\u1eadn Kelheim c\u1ee7a Lower Bavaria nh\u01b0ng l\u1ea1i ti\u1ebfp gi\u00e1p v\u1edbi bi\u00ean gi\u1edbi c\u1ee7a Upper Palatinate, th\u1ecb tr\u1ea5n tr\u1ea3i d\u00e0i tr\u00ean kho\u1ea3ng m\u01b0\u1eddi m\u1ed9t kil\u00f4m\u00e9t vu\u00f4ng thung l\u0169ng s\u00f4ng v\u00e0 v\u00f9ng cao nguy\u00ean \u0111\u00e1 v\u00f4i th\u1ea5p. K\u1ec3 t\u1eeb khi \u0111\u01b0\u1ee3c c\u00f4ng nh\u1eadn l\u00e0 m\u1ed9t spa v\u00e0o n\u0103m 1934, th\u1ecb tr\u1ea5n \u0111\u00e3 \u0111an xen s\u1ee9c m\u1ea1nh ph\u1ee5c h\u1ed3i c\u1ee7a c\u00e1c su\u1ed1i gi\u00e0u l\u01b0u hu\u1ef3nh v\u00e0o cu\u1ed9c s\u1ed1ng h\u00e0ng ng\u00e0y, t\u1ea1o n\u00ean danh ti\u1ebfng v\u01b0\u1ee3t xa di\u1ec7n t\u00edch khi\u00eam t\u1ed1n c\u1ee7a n\u00f3.<\/p>\n<p>T\u1eeb nh\u1eefng con ph\u1ed1 h\u1eb9p c\u1ee7a qu\u1ea3ng tr\u01b0\u1eddng ch\u1ee3 l\u1ecbch s\u1eed, ng\u01b0\u1eddi ta c\u00f3 th\u1ec3 tho\u00e1ng th\u1ea5y hai ng\u1ecdn \u0111\u1ed3i song song n\u1eb1m \u1edf hai \u0111\u1ea7u th\u1ecb tr\u1ea5n. Ph\u00eda b\u1eafc l\u00e0 Schlossberg, \u0111\u01b0\u1ee3c bao quanh b\u1edfi nh\u00e0 th\u1edd gi\u00e1o x\u1ee9 t\u00e2n Gothic St. Nicholas v\u00e0 t\u00e0n t\u00edch ki\u00ean c\u1ed1 c\u1ee7a L\u00e2u \u0111\u00e0i Abbach\u2014m\u1ed9t ph\u00e1o \u0111\u00e0i tr\u00f2n \u0111\u01b0\u1ee3c ng\u01b0\u1eddi d\u00e2n \u0111\u1ecba ph\u01b0\u01a1ng g\u1ecdi l\u00e0 Heinrichsturm, c\u00f3 nh\u1eefng b\u1ee9c t\u01b0\u1eddng \u0111\u00e1 v\u1ee5n d\u00e0y g\u1ee3i l\u00ean nh\u1eefng c\u00e2u chuy\u1ec7n v\u1ec1 cu\u1ed9c \u0111\u1ea5u tranh trong cung \u0111\u00ecnh th\u1eddi trung c\u1ed5 v\u00e0 n\u01a1i sinh c\u1ee7a ho\u00e0ng \u0111\u1ebf. M\u1ed9t con \u0111\u01b0\u1eddng m\u00f2n d\u1ed1c d\u1eabn t\u1eeb ngh\u0129a trang v\u00e0o m\u1ed9t c\u00e1i n\u00f4i trong r\u1eebng, n\u01a1i c\u00f3 d\u1ea5u v\u1ebft c\u1ee7a n\u1ec1n m\u00f3ng cung \u0111i\u1ec7n l\u00e2u \u0111\u00e0i n\u1eb1m ph\u1ee7 \u0111\u1ea7y r\u00eau. Ph\u00eda nam l\u00e0 ng\u1ecdn \u0111\u1ed3i nhi\u1ec7t \u0111\u1ed9 cao thoai tho\u1ea3i, n\u01a1i Kaiser-Therme, \u0111\u01b0\u1ee3c x\u00e2y d\u1ef1ng v\u00e0o n\u0103m 1993, cung c\u1ea5p c\u00e1c ti\u1ec7n nghi t\u1eafm v\u00e0 x\u00f4ng h\u01a1i, nh\u1eefng s\u00e2n hi\u00ean b\u00ea t\u00f4ng b\u00f3ng b\u1ea9y t\u01b0\u01a1ng ph\u1ea3n v\u1edbi nh\u1eefng v\u00e1ch \u0111\u00e1 v\u00f4i s\u1eafc nh\u1ecdn c\u1ee7a v\u00e1ch \u0111\u00e1 Hanselberg \u1edf ph\u00eda t\u00e2y.<\/p>\n<p>B\u1ea3n th\u00e2n s\u00f4ng Danube ch\u1ea3y qua Bad Abbach v\u1edbi s\u1ef1 duy\u00ean d\u00e1ng \u0111\u01b0\u1ee3c c\u00e2n nh\u1eafc, m\u1ed9t ph\u1ea7n \u0111\u01b0\u1ee3c chuy\u1ec3n h\u01b0\u1edbng b\u1edfi t\u1ed5 h\u1ee3p kh\u00f3a v\u00e0 \u0111\u1eadp g\u1ea7n Oberndorf. T\u1ea1i \u0111\u00e2y, hai nh\u00e0 m\u00e1y th\u1ee7y \u0111i\u1ec7n khai th\u00e1c d\u00f2ng ch\u1ea3y c\u1ee7a con s\u00f4ng - m\u1ed9t nh\u00e0 m\u00e1y c\u00f3 t\u1eeb khi kh\u00f3a \u0111\u01b0\u1ee3c x\u00e2y d\u1ef1ng v\u00e0o n\u0103m 1978 cung c\u1ea5p 6,1 megawatt v\u00e0 m\u1ed9t nh\u00e0 m\u00e1y k\u00e9o c\u00f4ng su\u1ea5t 3,5 megawatt ho\u00e0n th\u00e0nh v\u00e0o n\u0103m 2000. M\u1ed9t c\u00e2y c\u1ea7u d\u00e0nh cho ng\u01b0\u1eddi \u0111i b\u1ed9 b\u1eafc qua k\u00eanh kh\u00f3a, n\u1ed1i li\u1ec1n khu ch\u1ee3 v\u1edbi c\u00e1i g\u1ecdi l\u00e0 &#034;h\u00f2n \u0111\u1ea3o gi\u1ea3i tr\u00ed&#034;, n\u01a1i c\u00f3 nhi\u1ec1u c\u01a1 s\u1edf th\u1ec3 thao v\u00e0 h\u1ed3 b\u01a1i ngo\u00e0i tr\u1eddi m\u1eddi g\u1ecdi c\u1ea3 ng\u01b0\u1eddi d\u00e2n \u0111\u1ecba ph\u01b0\u01a1ng v\u00e0 du kh\u00e1ch n\u1ebfm th\u1eed n\u01b0\u1edbc ng\u1ecdt c\u1ee7a con s\u00f4ng. Th\u01b0\u1ee3ng ngu\u1ed3n g\u1ea7n Poikam, m\u1ed9t c\u00e2y c\u1ea7u \u0111\u01b0\u1eddng b\u1ed9 v\u00e0 c\u1ea7u c\u1ea1n \u0111\u01b0\u1eddng s\u1eaft cho tuy\u1ebfn Regensburg\u2013Ingolstadt ch\u1ee9ng minh cho vai tr\u00f2 c\u1ee7a th\u1ecb tr\u1ea5n nh\u01b0 m\u1ed9t trung t\u00e2m giao th\u00f4ng, trong khi xa h\u01a1n n\u1eefa, tuy\u1ebfn \u0111\u01b0\u1eddng d\u00e0nh cho xe \u0111\u1ea1p Danube v\u00e0 \u0111\u01b0\u1eddng d\u00e0nh cho xe \u0111\u1ea1p German Limes lu\u1ed3n l\u00e1ch qua v\u00f9ng n\u00f4ng th\u00f4n \u0111\u1ec3 t\u00f4n vinh th\u1ea7m l\u1eb7ng nh\u1eefng du kh\u00e1ch \u0111\u00e3 \u0111i qua h\u00e0ng th\u1ebf k\u1ef7.<\/p>\n<p>C\u1ed9ng \u0111\u1ed3ng Bad Abbach bao g\u1ed3m b\u1ea3y qu\u1eadn ch\u00ednh\u2014th\u1ecb tr\u1ea5n, D\u00fcnzling, Lengfeld, Oberndorf, Peising, Poikam v\u00e0 Saalhaupt\u2014v\u00e0 nhi\u1ec1u ng\u00f4i l\u00e0ng nh\u1ecf h\u01a1n, trang tr\u1ea1i v\u00e0 khu v\u1ef1c hoang d\u00e3. M\u1ed7i n\u01a1i \u0111\u1ec1u mang n\u00e9t \u0111\u1eb7c tr\u01b0ng ri\u00eang: nh\u1eefng b\u1ee9c t\u01b0\u1eddng \u0111\u00e1 nh\u1ea1t c\u1ee7a Oberndorf b\u1ea3o v\u1ec7 \u1ed5 kh\u00f3a, trong khi c\u00e1c nh\u00e0 m\u00e1y ven s\u00f4ng c\u1ee7a Poikam g\u1ee3i nh\u1edb \u0111\u1ebfn th\u1eddi k\u1ef3 giao th\u01b0\u01a1ng \u0111\u01b0\u1eddng th\u1ee7y tr\u01b0\u1edbc \u0111\u00f3. V\u1ec1 ph\u00eda t\u00e2y b\u1eafc, b\u00ean d\u01b0\u1edbi nh\u1eefng v\u00e1ch \u0111\u00e1 Jura d\u1ed1c \u0111\u1ee9ng, Hanselberg Hut cung c\u1ea5p n\u01a1i tr\u00fa \u1ea9n cho nh\u1eefng ng\u01b0\u1eddi \u0111i b\u1ed9 \u0111\u01b0\u1eddng d\u00e0i b\u1ecb thu h\u00fat b\u1edfi \u0111\u1ecba h\u00ecnh g\u1ed3 gh\u1ec1 v\u00e0 t\u1ea7m nh\u00ecn to\u00e0n c\u1ea3nh. R\u1ea3i r\u00e1c tr\u00ean \u0111\u1ed3ng c\u1ecf v\u00e0 r\u1eebng c\u00e2y l\u00e0 b\u1eb1ng ch\u1ee9ng v\u1ec1 c\u00e1c l\u00f2 g\u1ea1ch th\u1eddi La M\u00e3, c\u00e1c trang tr\u1ea1i th\u1eddi trung c\u1ed5 v\u00e0 c\u00e1c nh\u00e0 nguy\u1ec7n y\u00ean t\u0129nh, t\u1ea1o n\u00ean m\u1ed9t b\u1ee9c tranh th\u1ea3m v\u1ec1 s\u1ef1 hi\u1ec7n di\u1ec7n c\u1ee7a con ng\u01b0\u1eddi trong su\u1ed1t hai thi\u00ean ni\u00ean k\u1ef7.<\/p>\n<p>Ngu\u1ed3n g\u1ed1c c\u1ee7a Bad Abbach b\u1eaft ngu\u1ed3n t\u1eeb l\u00f2 g\u1ea1ch qu\u00e2n s\u1ef1 La M\u00e3 v\u00e0o th\u1ebf k\u1ef7 th\u1ee9 ba, n\u01a1i c\u00e1c qu\u00e2n \u0111o\u00e0n t\u1ea1o h\u00ecnh nh\u1eefng vi\u00ean g\u1ea1ch x\u00e2y d\u1ef1ng ph\u00e1o \u0111\u00e0i d\u1ecdc theo bi\u00ean gi\u1edbi s\u00f4ng Danube. D\u1ea5u v\u1ebft c\u1ee7a c\u00e1c t\u00e1c ph\u1ea9m g\u1ed1m d\u00e2n s\u1ef1 c\u00f2n s\u00f3t l\u1ea1i \u1edf D\u00fcnzling v\u00e0 Gemling, \u00e1m ch\u1ec9 m\u1ed9t khu \u0111\u1ecbnh c\u01b0 nh\u1ed9n nh\u1ecbp t\u1ed3n t\u1ea1i l\u00e2u h\u01a1n \u0111\u1ebf ch\u1ebf. Nh\u1eefng ti\u1ebfng vang t\u00e0i li\u1ec7u \u0111\u1ea7u ti\u00ean xu\u1ea5t hi\u1ec7n v\u00e0o n\u0103m 911, khi c\u00e1c ngu\u1ed3n tin m\u00f4 t\u1ea3 m\u1ed9t tr\u1eadn chi\u1ebfn g\u1ea7n Abbach trong \u0111\u00f3 m\u1ed9t l\u1ef1c l\u01b0\u1ee3ng \u0110\u1ee9c \u0111\u00e3 \u0111\u1ea7u h\u00e0ng k\u1ef5 binh Hungary. Truy\u1ec1n thuy\u1ebft li\u00ean k\u1ebft l\u00e2u \u0111\u00e0i v\u1edbi s\u1ef1 ra \u0111\u1eddi c\u1ee7a Ho\u00e0ng \u0111\u1ebf t\u01b0\u01a1ng lai Henry II v\u00e0o n\u0103m 973, m\u1eb7c d\u00f9 m\u1ed9t s\u1ed1 bi\u00ean ni\u00ean s\u1eed l\u1ea1i thi\u00ean v\u1ec1 Hildesheim. \u0110\u1ebfn n\u0103m 1007, Henry II \u0111\u00e3 c\u1ea5p \u0111\u1ecba \u0111i\u1ec3m n\u00e0y cho Gi\u00e1o ph\u1eadn Bamberg m\u1edbi th\u00e0nh l\u1eadp, nh\u01b0ng c\u00e1c nh\u00e0 s\u01b0 Pr\u00fcfening sau \u0111\u00f3 \u0111\u00e3 san b\u1eb1ng l\u00e2u \u0111\u00e0i v\u00e0o \u0111\u1ea7u th\u1ebf k\u1ef7 th\u1ee9 m\u01b0\u1eddi hai. \u0110\u1ed5i l\u1ea1i, C\u00f4ng t\u01b0\u1edbc Ludwig I c\u1ee7a Bavaria \u0111\u00e3 x\u00e2y d\u1ef1ng l\u1ea1i nh\u1eefng b\u1ee9c t\u01b0\u1eddng ki\u00ean c\u1ed1 v\u00e0 b\u1ea3o \u0111\u1ea3m quy\u1ec1n ti\u1ebfp th\u1ecb v\u00e0o n\u0103m 1210, t\u1ea1o ti\u1ec1n \u0111\u1ec1 cho nhi\u1ec1u th\u1ebf k\u1ef7 giao th\u01b0\u01a1ng tr\u00ean s\u00f4ng v\u00e0 thu\u1ebf h\u1ea3i quan th\u00fac \u0111\u1ea9y s\u1ef1 ph\u00e1t tri\u1ec3n c\u1ee7a th\u1ecb tr\u1ea5n.<\/p>\n<p>Su\u1ed1i l\u01b0u hu\u1ef3nh v\u00e0 v\u00f9ng \u0111\u1ed3ng c\u1ecf xung quanh t\u1eeb l\u00e2u \u0111\u00e3 thu h\u00fat nh\u1eefng ng\u01b0\u1eddi t\u00ecm ki\u1ebfm s\u1ef1 c\u1ee9u tr\u1ee3 t\u1eeb c\u00e1c b\u1ec7nh th\u1ea5p kh\u1edbp. T\u1eafm thu\u1ed1c \u0111\u01b0\u1ee3c ghi nh\u1eadn s\u1edbm nh\u1ea5t l\u00e0 v\u00e0o gi\u1eefa th\u1ebf k\u1ef7 th\u1ee9 m\u01b0\u1eddi l\u0103m, v\u00e0 c\u00e1c v\u00f9ng n\u01b0\u1edbc \u0111\u00e3 gi\u00e0nh \u0111\u01b0\u1ee3c s\u1ef1 ph\u00e2n bi\u1ec7t c\u1ee7a ho\u00e0ng gia khi Charles V \u0111\u1ebfn v\u00e0o n\u0103m 1532. N\u0103m 1754, N\u1eef tuy\u1ec3n h\u1ea7u Maria Anna \u0111\u00e3 \u0111\u1ebfn c\u00f9ng v\u1edbi \u0111o\u00e0n t\u00f9y t\u00f9ng c\u1ee7a tri\u1ec1u \u0111\u00ecnh trong m\u1ed9t th\u00e1ng \u0111\u1ec3 \u0111i\u1ec1u tr\u1ecb, gi\u1ea3i tr\u00ed \u00e2m nh\u1ea1c v\u00e0 ch\u1ebf \u0111\u1ed9 \u0103n ki\u00eang nghi\u00eam ng\u1eb7t, m\u1eb7c d\u00f9 kh\u00f4ng c\u00f3 ng\u01b0\u1eddi th\u1eeba k\u1ebf n\u00e0o theo sau th\u1eddi gian c\u1ee7a b\u00e0 t\u1ea1i c\u00e1c h\u1ed3 b\u01a1i. V\u1eadn may c\u1ee7a spa l\u00ean xu\u1ed1ng theo t\u1eebng \u0111\u1ee3t chi\u1ebfn tranh. Trong Chi\u1ebfn tranh Ba m\u01b0\u01a1i n\u0103m, qu\u00e2n \u0111\u1ed9i Th\u1ee5y \u0110i\u1ec3n \u0111\u00e3 t\u00e0n ph\u00e1 l\u00e2u \u0111\u00e0i v\u00e0 qu\u1ea3ng tr\u01b0\u1eddng ch\u1ee3. C\u00e1c chi\u1ebfn d\u1ecbch c\u1ee7a Napoleon \u0111\u00e3 \u0111i qua v\u00e0o n\u0103m 1809, v\u00e0 m\u1ed9t tr\u1eadn h\u1ecfa ho\u1ea1n t\u00e0n kh\u1ed1c v\u00e0o n\u0103m 1891 \u0111\u00e3 thi\u00eau r\u1ee5i ph\u1ea7n l\u1edbn c\u00e1c t\u00f2a nh\u00e0 b\u1eb1ng g\u1ed7 c\u1ee7a th\u1ecb tr\u1ea5n.<\/p>\n<p>V\u00e0o th\u1ebf k\u1ef7 XX, b\u1ea3n s\u1eafc c\u1ee7a th\u1ecb tr\u1ea5n \u0111\u00e3 g\u1eafn li\u1ec1n v\u1edbi c\u00e1c ph\u00f2ng t\u1eafm thu\u1ed1c. H\u1ed9i Ch\u1eef th\u1eadp \u0111\u1ecf Bavaria \u0111\u00e3 ti\u1ebfp qu\u1ea3n c\u00e1c c\u01a1 s\u1edf spa sau n\u0103m 1949, kh\u00e1nh th\u00e0nh m\u1ed9t b\u1ec7nh vi\u1ec7n th\u1ea5p kh\u1edbp m\u1edbi v\u00e0o n\u0103m 1956. C\u00e1c ph\u00f2ng kh\u00e1m n\u00e0y \u0111\u00e3 m\u1edf r\u1ed9ng qua nhi\u1ec1u th\u1eadp k\u1ef7 nh\u01b0ng cu\u1ed1i c\u00f9ng \u0111\u00e3 ch\u1ee9ng minh l\u00e0 kh\u00f4ng b\u1ec1n v\u1eefng v\u1ec1 m\u1eb7t kinh t\u1ebf cho \u0111\u1ebfn khi Asklepios mua l\u1ea1i c\u00e1c b\u1ea5t \u0111\u1ed9ng s\u1ea3n BRK v\u00e0o n\u0103m 2004. M\u1ed9t k\u1ef7 nguy\u00ean m\u1edbi b\u1eaft \u0111\u1ea7u v\u1edbi vi\u1ec7c x\u00e2y d\u1ef1ng m\u1ed9t ph\u00f2ng kh\u00e1m th\u1ea5p kh\u1edbp hi\u1ec7n \u0111\u1ea1i, m\u1ed9t trung t\u00e2m ch\u1ec9nh h\u00ecnh v\u00e0 m\u1ed9t khoa ph\u1ee5c h\u1ed3i ch\u1ee9c n\u0103ng. C\u00e1c khu v\u01b0\u1eddn spa, \u0111\u01b0\u1ee3c t\u00e1i thi\u1ebft v\u00e0o n\u0103m 2011 v\u1edbi s\u1ef1 h\u1ed7 tr\u1ee3 k\u00edch th\u00edch kinh t\u1ebf, \u0111\u00e3 gi\u1edbi thi\u1ec7u c\u00e1c hang \u0111\u1ed9ng \u0111\u00e1, v\u01b0\u1eddn th\u1ea3o m\u1ed9c v\u00e0 nh\u1eefng l\u1ed1i \u0111i d\u1ea1o \u0111\u1ea7y n\u1eafng bao quanh spa n\u01b0\u1edbc n\u00f3ng. Kaiser-Therme, n\u1eb1m tr\u00ean ng\u1ecdn \u0111\u1ed3i ph\u00eda nam, b\u1ed5 sung cho c\u00e1c d\u1ecbch v\u1ee5 n\u00e0y, cung c\u1ea5p c\u00e1c h\u1ed3 b\u01a1i trong nh\u00e0 v\u00e0 ngo\u00e0i tr\u1eddi, m\u1ed9t hang \u0111\u1ed9ng mu\u1ed1i ch\u1ee9a \u0111\u1ea7y n\u01b0\u1edbc mu\u1ed1i Bi\u1ec3n Ch\u1ebft v\u00e0 c\u00e1c ph\u01b0\u01a1ng ph\u00e1p \u0111i\u1ec1u tr\u1ecb tr\u1ecb li\u1ec7u cho c\u00e1c b\u1ec7nh v\u1ec1 h\u00f4 h\u1ea5p v\u00e0 tu\u1ea7n ho\u00e0n.<\/p>\n<p>Ngo\u00e0i ngu\u1ed3n n\u01b0\u1edbc ch\u1eefa b\u1ec7nh, Bad Abbach c\u00f2n nu\u00f4i d\u01b0\u1ee1ng nh\u1eefng th\u00fa vui ti\u00eau khi\u1ec3n n\u0103ng \u0111\u1ed9ng. TSV Bad Abbach, \u0111\u01b0\u1ee3c th\u00e0nh l\u1eadp nh\u01b0 m\u1ed9t c\u00e2u l\u1ea1c b\u1ed9 th\u1ec3 d\u1ee5c d\u1ee5ng c\u1ee5 v\u00e0o n\u0103m 1872, c\u00f3 c\u00e1c \u0111\u1ed9i c\u1ea7u l\u00f4ng, b\u1eafn cung, b\u00f3ng \u0111\u00e1, b\u00f3ng r\u1ed5, b\u00f3ng n\u00e9m, bowling, qu\u1ea7n v\u1ee3t v\u00e0 b\u00f3ng b\u00e0n. N\u0103m 2010, \u0111\u1ed9i c\u1ea7u l\u00f4ng d\u01b0\u1edbi 15 tu\u1ed5i c\u1ee7a tr\u01b0\u1eddng \u0111\u00e3 gi\u00e0nh ch\u1ee9c v\u00f4 \u0111\u1ecbch qu\u1ed1c gia. H\u1ed3 b\u01a1i tr\u00ean \u0111\u1ea3o Freizeitinsel, \u0111\u01b0\u1ee3c l\u00e0m s\u1ea1ch sinh h\u1ecdc v\u00e0 kh\u00f4ng c\u00f3 clo, v\u1eabn l\u00e0 ph\u00e1o \u0111\u00e0i m\u00f9a h\u00e8 cho c\u00e1c gia \u0111\u00ecnh. G\u1ea7n \u0111\u00f3, khu ph\u1ee9c h\u1ee3p ch\u01a1i g\u00f4n Deutenhof cung c\u1ea5p s\u00e2n g\u00f4n 18 l\u1ed7, b\u1ed1 c\u1ee5c ch\u00edn l\u1ed7 ng\u1eafn v\u00e0 m\u1ed9t kh\u00e1ch s\u1ea1n theo phong c\u00e1ch trang vi\u00ean Anh, t\u1ea5t c\u1ea3 \u0111\u1ec1u n\u1eb1m gi\u1eefa nh\u1eefng \u0111\u01b0\u1eddng b\u0103ng nh\u1ea5p nh\u00f4. Nh\u1eefng con \u0111\u01b0\u1eddng \u0111i b\u1ed9 theo phong c\u00e1ch B\u1eafc \u00c2u, \u0111\u01b0\u1eddng m\u00f2n c\u01b0\u1ee1i ng\u1ef1a, c\u00e1c \u0111i\u1ec3m c\u00e2u c\u00e1 d\u1ecdc theo s\u00f4ng Danube v\u00e0 c\u00e1c s\u1ef1 ki\u1ec7n khi\u00eau v\u0169 trong c\u00f4ng vi\u00ean spa ho\u00e0n thi\u1ec7n to\u00e0n c\u1ea3nh c\u00e1c ho\u1ea1t \u0111\u1ed9ng gi\u1ea3i tr\u00ed.<\/p>\n<p>H\u1ed9i \u0111\u1ed3ng th\u1ecb tr\u1ea5n, bao g\u1ed3m hai m\u01b0\u01a1i b\u1ed1n th\u00e0nh vi\u00ean c\u1ed9ng v\u1edbi th\u1ecb tr\u01b0\u1edfng, ph\u1ea3n \u00e1nh m\u1ed9t b\u1ed1i c\u1ea3nh ch\u00ednh tr\u1ecb \u0111a d\u1ea1ng. CSU n\u1eafm gi\u1eef t\u00e1m gh\u1ebf, ti\u1ebfp theo l\u00e0 Free Voters, List Future, Greens k\u1ebft h\u1ee3p v\u1edbi c\u00e1c s\u00e1ng ki\u1ebfn \u200b\u200b\u0111\u1ecba ph\u01b0\u01a1ng, SPD v\u00e0 li\u00ean minh \u0110\u1ea3ng Bavaria. K\u1ec3 t\u1eeb n\u0103m 2020, Th\u1ecb tr\u01b0\u1edfng Benedikt Gr\u00fcnwald c\u1ee7a CSU \u0111\u00e3 ch\u1ec9 \u0111\u1ea1o c\u00e1c v\u1ea5n \u0111\u1ec1 \u0111\u00f4 th\u1ecb, duy tr\u00ec s\u1ef1 th\u1eadn tr\u1ecdng v\u1ec1 t\u00e0i ch\u00ednh v\u00e0 nu\u00f4i d\u01b0\u1ee1ng c\u00e1c m\u1ed1i quan h\u1ec7 \u0111\u1ed1i t\u00e1c nh\u01b0 m\u1ed1i quan h\u1ec7 k\u1ebft ngh\u0129a l\u00e2u d\u00e0i v\u1edbi Charbonni\u00e8res-les-Bains t\u1ea1i Ph\u00e1p. M\u1ed1i quan h\u1ec7 c\u1ee7a h\u1ecd, \u0111\u01b0\u1ee3c kh\u1edfi x\u01b0\u1edbng v\u00e0o n\u0103m 1978 v\u00e0 \u0111\u01b0\u1ee3c k\u1ef7 ni\u1ec7m b\u1eb1ng vi\u1ec7c \u0111\u1eb7t t\u00ean cho c\u00e2y c\u1ea7u d\u00e0nh cho ng\u01b0\u1eddi \u0111i b\u1ed9 v\u00e0 xe \u0111\u1ea1p v\u00e0o n\u0103m 1988, th\u1ec3 hi\u1ec7n cam k\u1ebft trao \u0111\u1ed5i v\u0103n h\u00f3a, \u0111\u01b0\u1ee3c duy tr\u00ec trong c\u00e1c chuy\u1ebfn th\u0103m tr\u01b0\u1eddng h\u1ecdc, bu\u1ed5i h\u00f2a nh\u1ea1c h\u1ee3p x\u01b0\u1edbng v\u00e0 c\u00e1c nghi l\u1ec5 d\u00e2n s\u1ef1.<\/p>\n<p>C\u00e2u chuy\u1ec7n l\u1ecbch s\u1eed c\u1ee7a Bad Abbach \u0111\u01b0\u1ee3c kh\u1eafc tr\u00ean \u0111\u00e1 v\u00e0 c\u1ea3nh quan. T\u01b0\u1ee3ng \u0111\u00e0i S\u01b0 t\u1eed d\u1ecdc theo \u0111\u01b0\u1eddng B16 l\u00e0 minh ch\u1ee9ng cho nh\u1eefng kh\u00f3 kh\u0103n trong qu\u00e1 tr\u00ecnh x\u00e2y d\u1ef1ng \u0111\u01b0\u1eddng b\u1edd s\u00f4ng v\u00e0o th\u1ebf k\u1ef7 XVIII, trong khi \u0111\u00e0i t\u01b0\u1edfng ni\u1ec7m n\u1ed5 \u0111\u00e1 g\u1ea7n Poikam g\u1ee3i nh\u1edb \u0111\u1ebfn nh\u1eefng k\u1ef3 c\u00f4ng k\u1ef9 thu\u1eadt c\u1ee7a th\u1ebf k\u1ef7 XIX. M\u1ed9t m\u1ea1ng l\u01b0\u1edbi c\u00e1c di t\u00edch \u0111\u01b0\u1ee3c li\u1ec7t k\u00ea r\u1ea3i r\u00e1c kh\u1eafp th\u1ecb tr\u1ea5n: nh\u1eefng ng\u00f4i nh\u00e0 c\u1ee7a ng\u01b0\u1eddi d\u00e2n th\u00e0nh th\u1ecb theo phong c\u00e1ch baroque tr\u00ean ph\u1ed1 Marktstra\u00dfe, n\u1ed9i th\u1ea5t theo phong c\u00e1ch Baroque c\u1ee7a Nh\u00e0 th\u1edd Ch\u1ee3 St. Christopher, Nh\u00e0 th\u1edd Tin l\u00e0nh Kreuzkirche theo phong c\u00e1ch hi\u1ec7n \u0111\u1ea1i v\u00e0 nh\u00e0 x\u1ee9 theo phong c\u00e1ch t\u00e2n c\u1ed5 \u0111i\u1ec3n c\u1ee7a Nh\u00e0 th\u1edd Gia \u0111\u00ecnh Th\u00e1nh. N\u1ec1n m\u00f3ng c\u1ee7a bi\u1ec7t th\u1ef1 La M\u00e3 n\u1eb1m b\u00ean d\u01b0\u1edbi nh\u1eefng c\u00e1nh \u0111\u1ed3ng ph\u00eda \u0111\u00f4ng c\u1ee7a ch\u1ee3, nh\u01b0 m\u1ed9t minh ch\u1ee9ng th\u1ea7m l\u1eb7ng cho nh\u1eefng con \u0111\u01b0\u1eddng c\u1ee7a \u0111\u1ebf qu\u1ed1c m\u00e0 binh l\u00ednh v\u00e0 th\u01b0\u01a1ng nh\u00e2n t\u1eebng \u0111i qua.<\/p>\n<p>B\u1ed5 sung cho di s\u1ea3n c\u1ee7a m\u00ecnh, c\u01a1 s\u1edf h\u1ea1 t\u1ea7ng c\u1ee7a Bad Abbach g\u1eafn k\u1ebft th\u1ecb tr\u1ea5n v\u1edbi khu v\u1ef1c r\u1ed9ng l\u1edbn h\u01a1n. Nh\u00e0 ga xe l\u1eeda, c\u00e1ch Lengfeld b\u1ed1n km v\u1ec1 ph\u00eda t\u00e2y nam, n\u1eb1m tr\u00ean tuy\u1ebfn Regensburg\u2013Ingolstadt v\u1edbi c\u00e1c d\u1ecbch v\u1ee5 agilis h\u00e0ng gi\u1edd k\u1ebft n\u1ed1i v\u1edbi c\u00e1c trung t\u00e2m \u0111\u00f4 th\u1ecb trong v\u00f2ng ch\u01b0a \u0111\u1ea7y m\u1ed9t gi\u1edd. \u0110\u01b0\u1eddng cao t\u1ed1c A93 v\u00e0 B16 giao nhau t\u1ea1i c\u00e1c n\u00fat giao th\u00f4ng \u0111\u1ecba ph\u01b0\u01a1ng, trong khi xe bu\u00fdt RVV v\u00e0 v\u00e9 ng\u00e0y t\u00edch h\u1ee3p t\u1ea1o \u0111i\u1ec1u ki\u1ec7n thu\u1eadn l\u1ee3i cho vi\u1ec7c \u0111i l\u1ea1i v\u00e0o Regensburg v\u00e0 xa h\u01a1n n\u1eefa. C\u00e1c tuy\u1ebfn \u0111\u01b0\u1eddng d\u00e0nh cho xe \u0111\u1ea1p \u0111\u01b0\u1eddng d\u00e0i, t\u1eeb con \u0111\u01b0\u1eddng Danube \u0111\u1ebfn \u0111\u01b0\u1eddng m\u00f2n Limes, m\u1eddi g\u1ecdi nh\u1eefng chuy\u1ebfn du ngo\u1ea1n nhi\u1ec1u ng\u00e0y gi\u1eefa nh\u1eefng c\u00e1nh r\u1eebng s\u1ed3i v\u00e0 \u0111\u1ed3ng c\u1ecf ven s\u00f4ng.<\/p>\n<p>C\u00e1c c\u01a1 s\u1edf gi\u00e1o d\u1ee5c ph\u1ee5c v\u1ee5 cho nh\u00f3m d\u00e2n s\u1ed1 tr\u1ebb: Tr\u01b0\u1eddng ti\u1ec3u h\u1ecdc tr\u00ean ph\u1ed1 Marktstra\u00dfe v\u00e0 Tr\u01b0\u1eddng trung h\u1ecdc Angr\u00fcner g\u1ea7n khu spa d\u00e0nh cho c\u00e1c gia \u0111\u00ecnh \u0111\u1ecba ph\u01b0\u01a1ng. B\u1ed1i c\u1ea3nh truy\u1ec1n th\u00f4ng c\u00f3 t\u1edd Bad Abbacher Courier v\u00e0 m\u1ed9t t\u1edd b\u00e1o kinh doanh spa \u0111\u01b0\u1ee3c xu\u1ea5t b\u1ea3n h\u00e0ng tu\u1ea7n trong h\u01a1n b\u1ed1n th\u1eadp k\u1ef7. M\u1ed9t m\u00e1y ph\u00e1t DGPS do C\u1ee5c qu\u1ea3n l\u00fd \u0111\u01b0\u1eddng th\u1ee7y li\u00ean bang v\u1eadn h\u00e0nh b\u00e1o hi\u1ec7u vai tr\u00f2 li\u00ean t\u1ee5c c\u1ee7a Bad Abbach trong vi\u1ec7c \u0111i\u1ec1u h\u01b0\u1edbng s\u00f4ng v\u00e0 ki\u1ec3m so\u00e1t l\u0169 l\u1ee5t.<\/p>\n<p>Trong s\u1ef1 t\u0129nh l\u1eb7ng c\u1ee7a bu\u1ed5i chi\u1ec1u, khi \u00e1nh n\u1eafng m\u1eb7t tr\u1eddi nhu\u1ed9m v\u00e0ng nh\u1eefng g\u1ee3n s\u00f3ng c\u1ee7a s\u00f4ng Danube v\u00e0 ti\u1ebfng chu\u00f4ng nh\u00e0 th\u1edd b\u00e1o hi\u1ec7u gi\u1edd, Bad Abbach b\u1ed9c l\u1ed9 b\u1ea3n ch\u1ea5t k\u00e9p c\u1ee7a m\u00ecnh. \u0110\u00e2y l\u00e0 m\u1ed9t th\u1ecb tr\u1ea5n \u0111\u01b0\u1ee3c h\u00ecnh th\u00e0nh b\u1edfi n\u01b0\u1edbc\u2014t\u1eeb nh\u00e0 m\u00e1y g\u1ea1ch La M\u00e3 \u0111\u1ebfn c\u00e1c nh\u00e0 m\u00e1y \u0111i\u1ec7n, t\u1eeb c\u00e1c su\u1ed1i ch\u1eefa b\u1ec7nh \u0111\u1ebfn c\u00e1c \u1ed5 kh\u00f3a. Tuy nhi\u00ean, th\u1ecb tr\u1ea5n n\u00e0y c\u0169ng \u0111\u01b0\u1ee3c \u0111\u1ecbnh h\u00ecnh b\u1edfi s\u1ef1 ki\u00ean tr\u00ec c\u1ee7a con ng\u01b0\u1eddi: qua c\u00e1c cu\u1ed9c chi\u1ebfn tranh v\u00e0 h\u1ecfa ho\u1ea1n, c\u00e1c chu k\u1ef3 kinh t\u1ebf v\u00e0 s\u1ef1 thay \u0111\u1ed5i nh\u00e2n kh\u1ea9u h\u1ecdc, th\u1ecb tr\u1ea5n n\u00e0y v\u1eabn duy tr\u00ec \u0111\u01b0\u1ee3c m\u1ed9t b\u1ea3n s\u1eafc ri\u00eang bi\u1ec7t. \u0110\u1ed1i v\u1edbi nh\u1eefng du kh\u00e1ch t\u00ecm ki\u1ebfm nhi\u1ec1u h\u01a1n l\u00e0 s\u1ef1 nh\u00e0n h\u1ea1 tho\u00e1ng qua, th\u1ecb tr\u1ea5n n\u00e0y cung c\u1ea5p nh\u1eefng c\u00e2u chuy\u1ec7n nhi\u1ec1u l\u1edbp: v\u1ec1 c\u00e1c ph\u00e1o \u0111\u00e0i c\u1ed5 v\u00e0 nh\u1eefng ng\u00f4i nh\u00e0 g\u1ed7 c\u00e2u l\u1ea1c b\u1ed9 Alpine, v\u1ec1 c\u00e1c ph\u00f2ng kh\u00e1m hi\u1ec7n \u0111\u1ea1i v\u00e0 t\u00f2a \u00e1n th\u1eddi trung c\u1ed5. Trong th\u1ecb tr\u1ea5n ch\u1ee3 v\u00e0 spa n\u00e0y, ti\u1ebfng v\u1ecdng c\u1ee7a l\u1ecbch s\u1eed v\u1eabn c\u00f2n \u0111\u1ecdng l\u1ea1i trong t\u1eebng vi\u00ean \u0111\u00e1, v\u00e0 d\u00f2ng ch\u1ea3y nh\u1eb9 nh\u00e0ng c\u1ee7a s\u00f4ng Danube mang nh\u1eefng ti\u1ebfng v\u1ecdng \u0111\u00f3 \u0111\u1ebfn ng\u00e0y mai.<\/p>","protected":false},"excerpt":{"rendered":"<p>Bad Abbach, m\u1ed9t th\u1ecb tr\u1ea5n ch\u1ee3 h\u1ea5p d\u1eabn v\u00e0 khu ngh\u1ec9 d\u01b0\u1ee1ng s\u1ee9c kh\u1ecfe, n\u1eb1m \u1edf thung l\u0169ng Danube \u0111\u1eb9p nh\u01b0 tranh v\u1ebd gi\u1eefa Kelheim v\u00e0 Regensburg \u1edf v\u00f9ng Kelheim thu\u1ed9c H\u1ea1 Bavaria, \u0110\u1ee9c. M\u1eb7c d\u00f9 kh\u00f4ng c\u00f3 s\u1ed1 li\u1ec7u th\u1ed1ng k\u00ea d\u00e2n s\u1ed1 c\u1ee5 th\u1ec3 trong v\u0103n b\u1ea3n, nh\u01b0ng l\u1ecbch s\u1eed l\u00e2u \u0111\u1eddi, \u0111\u1ecba h\u00ecnh \u0111a d\u1ea1ng v\u00e0 c\u00e1c ti\u1ec7n nghi hi\u1ec7n t\u1ea1i c\u1ee7a th\u1ecb tr\u1ea5n minh h\u1ecda cho m\u1ed9t c\u1ed9ng \u0111\u1ed3ng s\u00f4i \u0111\u1ed9ng k\u1ebft h\u1ee3p h\u00e0i h\u00f2a di s\u1ea3n l\u1ecbch s\u1eed v\u1edbi c\u00e1c ti\u1ec7n nghi hi\u1ec7n \u0111\u1ea1i.<\/p>","protected":false},"author":1,"featured_media":17498,"parent":13736,"menu_order":0,"comment_status":"closed","ping_status":"closed","template":"elementor_theme","meta":{"_eb_attr":"","footnotes":""},"class_list":["post-16539","page","type-page","status-publish","has-post-thumbnail"],"_links":{"self":[{"href":"https:\/\/travelshelper.com\/vi\/wp-json\/wp\/v2\/pages\/16539","targetHints":{"allow":["GET"]}}],"collection":[{"href":"https:\/\/travelshelper.com\/vi\/wp-json\/wp\/v2\/pages"}],"about":[{"href":"https:\/\/travelshelper.com\/vi\/wp-json\/wp\/v2\/types\/page"}],"author":[{"embeddable":true,"href":"https:\/\/travelshelper.com\/vi\/wp-json\/wp\/v2\/users\/1"}],"replies":[{"embeddable":true,"href":"https:\/\/travelshelper.com\/vi\/wp-json\/wp\/v2\/comments?post=16539"}],"version-history":[{"count":0,"href":"https:\/\/travelshelper.com\/vi\/wp-json\/wp\/v2\/pages\/16539\/revisions"}],"up":[{"embeddable":true,"href":"https:\/\/travelshelper.com\/vi\/wp-json\/wp\/v2\/pages\/13736"}],"wp:featuredmedia":[{"embeddable":true,"href":"https:\/\/travelshelper.com\/vi\/wp-json\/wp\/v2\/media\/17498"}],"wp:attachment":[{"href":"https:\/\/travelshelper.com\/vi\/wp-json\/wp\/v2\/media?parent=16539"}],"curies":[{"name":"wp","href":"https:\/\/api.w.org\/{rel}","templated":true}]}}