{"id":15798,"date":"2024-09-21T20:59:32","date_gmt":"2024-09-21T20:59:32","guid":{"rendered":"https:\/\/travelshelper.com\/staging\/?page_id=15798"},"modified":"2026-03-11T02:49:24","modified_gmt":"2026-03-11T02:49:24","slug":"thien-tan","status":"publish","type":"page","link":"https:\/\/travelshelper.com\/vi\/destinations\/asia\/china\/tianjin\/","title":{"rendered":"Thi\u00ean T\u00e2n"},"content":{"rendered":"<p>Thi\u00ean T\u00e2n n\u1eb1m \u1edf n\u01a1i \u0111\u1ed3ng b\u1eb1ng r\u1ed9ng l\u1edbn c\u1ee7a mi\u1ec1n b\u1eafc Trung Qu\u1ed1c g\u1eb7p V\u1ecbnh B\u1ed9t H\u1ea3i, b\u1edd bi\u1ec3n r\u1ed9ng c\u1ee7a n\u00f3 u\u1ed1n cong th\u00e0nh m\u1ed9t trong nh\u1eefng c\u1ea3ng bi\u1ec3n b\u1eadn r\u1ed9n nh\u1ea5t c\u1ee7a \u0111\u1ea5t n\u01b0\u1edbc. L\u00e0 n\u01a1i sinh s\u1ed1ng c\u1ee7a g\u1ea7n 13,9 tri\u1ec7u c\u01b0 d\u00e2n t\u1ea1i th\u1eddi \u0111i\u1ec3m \u0111i\u1ec1u tra d\u00e2n s\u1ed1 n\u0103m 2020, n\u01a1i n\u00e0y \u0111\u01b0\u1ee3c x\u1ebfp h\u1ea1ng trong s\u1ed1 c\u00e1c th\u00e0nh ph\u1ed1 \u0111\u00f4ng d\u00e2n nh\u1ea5t c\u1ee7a Trung Qu\u1ed1c v\u00e0 neo gi\u1eef \u0111\u1ea7u ph\u00eda \u0111\u00f4ng b\u1eafc c\u1ee7a K\u00eanh \u0111\u00e0o l\u1edbn, n\u1ed1i li\u1ec1n S\u00f4ng Ho\u00e0ng H\u00e0 v\u00e0 S\u00f4ng D\u01b0\u01a1ng T\u1eed. \u0110\u01b0\u1ee3c qu\u1ea3n l\u00fd tr\u1ef1c ti\u1ebfp b\u1edfi H\u1ed9i \u0111\u1ed3ng Nh\u00e0 n\u01b0\u1edbc Trung Qu\u1ed1c c\u00f9ng v\u1edbi B\u1eafc Kinh, Th\u01b0\u1ee3ng H\u1ea3i v\u00e0 Tr\u00f9ng Kh\u00e1nh, Thi\u00ean T\u00e2n t\u1ea1o th\u00e0nh c\u1eeda ng\u00f5 ph\u00eda b\u1eafc c\u1ee7a si\u00eau \u0111\u00f4 th\u1ecb T\u0129nh-T\u1ea5n-K\u1ef7 v\u00e0 \u0111\u00f3ng vai tr\u00f2 l\u00e0 th\u00e0nh ph\u1ed1 ven bi\u1ec3n ch\u00ednh trong V\u00e0nh \u0111ai kinh t\u1ebf B\u1ed9t H\u1ea3i.<\/p>\n\n\n\n<p>Khu v\u1ef1c tr\u1edf th\u00e0nh Thi\u00ean T\u00e2n \u0111\u00e3 c\u00f3 th\u00e0nh ph\u1ed1 c\u00f3 t\u01b0\u1eddng bao quanh v\u00e0o n\u0103m 1404. Trong nhi\u1ec1u th\u1ebf k\u1ef7, n\u01a1i \u0111\u00e2y ph\u1ee5c v\u1ee5 tri\u1ec1u \u0111\u00ecnh nh\u01b0 m\u1ed9t trung t\u00e2m th\u1ef1c ph\u1ea9m v\u00e0 v\u1eadn chuy\u1ec3n. Sau Chi\u1ebfn tranh thu\u1ed1c phi\u1ec7n l\u1ea7n th\u1ee9 hai, n\u01a1i \u0111\u00e2y m\u1edf c\u1eeda nh\u01b0 m\u1ed9t c\u1ea3ng hi\u1ec7p \u01b0\u1edbc v\u00e0o n\u0103m 1860. C\u00e1c c\u01b0\u1eddng qu\u1ed1c n\u01b0\u1edbc ngo\u00e0i \u0111\u00e3 th\u00e0nh l\u1eadp ch\u00edn nh\u01b0\u1ee3ng b\u1ed9 d\u1ecdc theo S\u00f4ng H\u1ea3i - c\u00e1c v\u00f9ng \u0111\u1ea5t kh\u00e9p k\u00edn v\u1edbi c\u00e1c bi\u1ec7t th\u1ef1 theo phong c\u00e1ch ch\u00e2u \u00c2u, l\u00e2u \u0111\u00e0i v\u00e0 nh\u00e0 \u1edf l\u1ee3p ng\u00f3i \u0111\u1ecf. \u0110\u00f4i khi c\u00f3 s\u1ef1 c\u0103ng th\u1eb3ng b\u00f9ng ph\u00e1t, \u0111\u00e1ng ch\u00fa \u00fd l\u00e0 trong S\u1ef1 ki\u1ec7n Thi\u00ean T\u00e2n n\u0103m 1870 v\u00e0 m\u1ed9t l\u1ea7n n\u1eefa trong Cu\u1ed9c n\u1ed5i lo\u1ea1n Ngh\u0129a H\u00f2a \u0110o\u00e0n n\u0103m 1900; sau l\u1ea7n sau, c\u00e1c b\u1ee9c t\u01b0\u1eddng th\u00e0nh ph\u1ed1 c\u0169 \u0111\u00e3 b\u1ecb ph\u00e1 d\u1ee1 \u0111\u1ec3 t\u1ea1o cho nh\u1eefng ng\u01b0\u1eddi chi\u1ebfm \u0111\u00f3ng m\u1ed9t t\u1ea7m nh\u00ecn r\u00f5 r\u00e0ng. D\u01b0\u1edbi th\u1eddi ch\u00ednh quy\u1ec1n nh\u00e0 Thanh v\u00e0 C\u1ed9ng h\u00f2a, c\u00e1c nh\u01b0\u1ee3ng b\u1ed9 \u0111\u00e3 th\u00fac \u0111\u1ea9y t\u0103ng tr\u01b0\u1edfng d\u00e2n s\u1ed1 v\u00e0 m\u1edf r\u1ed9ng c\u00f4ng nghi\u1ec7p. Nhi\u1ec1u t\u00f2a nh\u00e0 trong s\u1ed1 n\u00e0y v\u1eabn t\u1ed3n t\u1ea1i cho \u0111\u1ebfn ng\u00e0y nay, m\u1eb7t ti\u1ec1n c\u1ee7a ch\u00fang theo d\u1ea5u cu\u1ed9c \u0111\u1ed1i tho\u1ea1i v\u1ec1 ki\u1ebfn \u200b\u200btr\u00fac gi\u1eefa ch\u00e2u \u00c2u th\u1ebf k\u1ef7 XIX v\u00e0 Trung Qu\u1ed1c hi\u1ec7n \u0111\u1ea1i.<\/p>\n\n\n\n<p>Sau n\u0103m 1949, n\u1ec1n kinh t\u1ebf Thi\u00ean T\u00e2n ch\u1ecbu \u1ea3nh h\u01b0\u1edfng b\u1edfi k\u1ebf ho\u1ea1ch h\u00f3a t\u1eadp trung v\u00e0 s\u1ef1 t\u00e0n ph\u00e1 c\u1ee7a tr\u1eadn \u0111\u1ed9ng \u0111\u1ea5t \u0110\u01b0\u1eddng S\u01a1n n\u0103m 1976. S\u1ef1 ph\u1ee5c h\u1ed3i ch\u1ec9 b\u1eaft \u0111\u1ea7u v\u00e0o nh\u1eefng n\u0103m 1990. \u0110\u1ebfn n\u0103m 2010, c\u00e1c nh\u00e0 quy ho\u1ea1ch \u0111\u00e3 chia th\u00e0nh ph\u1ed1 th\u00e0nh hai l\u00f5i: khu v\u1ef1c \u0111\u00f4 th\u1ecb truy\u1ec1n th\u1ed1ng t\u1eadp trung d\u1ecdc theo S\u00f4ng H\u1ea3i v\u00e0 Binhai, m\u1ed9t qu\u1eadn ven bi\u1ec3n m\u1edbi. Th\u00e0nh ph\u1ed1 c\u0169 v\u1eabn gi\u1eef l\u1ea1i nh\u1eefng con \u0111\u01b0\u1eddng h\u1eb9p t\u1eeb th\u1eddi k\u1ef3 nh\u01b0\u1ee3ng b\u1ed9 \u1edf ph\u00eda nam con s\u00f4ng, n\u01a1i c\u00e1c l\u00e2u \u0111\u00e0i ki\u1ec3u Ph\u00e1p hi\u1ec7n l\u00e0 n\u01a1i c\u00f3 c\u00e1c c\u1eeda h\u00e0ng th\u1eddi trang v\u00e0 qu\u00e1n c\u00e0 ph\u00ea, v\u00e0 c\u00e1c bi\u1ec7t th\u1ef1 do \u0110\u1ee9c x\u00e2y d\u1ef1ng n\u1eb1m gi\u1eefa nh\u1eefng t\u00f2a nh\u00e0 ch\u1ecdc tr\u1eddi hi\u1ec7n \u0111\u1ea1i. Ph\u00eda \u0111\u00f4ng l\u00e0 c\u00e1c dinh th\u1ef1 c\u0169 c\u1ee7a ng\u01b0\u1eddi Anh v\u00e0 \u0110\u1ec1n Kh\u1ed5ng T\u1eed \u0111\u01b0\u1ee3c x\u00e2y d\u1ef1ng l\u1ea1i. \u1ede Binhai, m\u1ed9t \u0111\u01b0\u1eddng ch\u00e2n tr\u1eddi c\u1ee7a c\u00e1c t\u00f2a th\u00e1p k\u00ednh bao quanh Khu t\u00e0i ch\u00ednh Yujiapu - \u0111\u01b0\u1ee3c m\u1ed9t s\u1ed1 ng\u01b0\u1eddi g\u1ecdi l\u00e0 &#034;Manhattan c\u1ee7a Trung Qu\u1ed1c&#034; - n\u01a1i c\u00f3 kho\u1ea3ng 285 c\u00f4ng ty trong danh s\u00e1ch Fortune 500 \u0111\u1eb7t v\u0103n ph\u00f2ng. Khu v\u1ef1c n\u00e0y neo \u0111\u1eadu c\u1ea3ng n\u01b0\u1edbc s\u00e2u nh\u00e2n t\u1ea1o l\u1edbn th\u1ee9 n\u0103m c\u1ee7a Trung Qu\u1ed1c, n\u01a1i c\u00f3 l\u01b0u l\u01b0\u1ee3ng t\u00e0u thuy\u1ec1n \u0111\u00f4ng \u0111\u00fac nh\u1ea5t th\u1ebf gi\u1edbi.<\/p>\n\n\n\n<p>V\u1ec1 m\u1eb7t h\u00e0nh ch\u00ednh, Thi\u00ean T\u00e2n tr\u1ea3i d\u00e0i 11.860,6 km\u00b2. M\u01b0\u1eddi b\u1ed1n qu\u1eadn bao quanh m\u1ed9t \u0111\u1ed3ng b\u1eb1ng ven bi\u1ec3n ph\u1ea7n l\u1edbn b\u1eb1ng ph\u1eb3ng, trong khi \u1edf ph\u00eda b\u1eafc, d\u00e3y n\u00fai Yan cao t\u1edbi \u0111\u1ec9nh Jiuding \u1edf \u0111\u1ed9 cao 1.078,5 m. S\u00f4ng H\u1ea3i h\u00ecnh th\u00e0nh n\u01a1i c\u00e1c s\u00f4ng Ziya, Daqing v\u00e0 Yongding g\u1eb7p nhau t\u1ea1i Grand Canal, v\u00e0 ch\u1ea3y v\u00e0o B\u1ed9t H\u1ea3i ngay ph\u00eda \u0111\u00f4ng \u0110\u01b0\u1eddng C\u1ed5. Ch\u00edn m\u01b0\u01a1i l\u0103m km b\u1edd bi\u1ec3n, b\u00e3i tri\u1ec1u v\u00e0 c\u00e1c h\u1ed3 ch\u1ee9a Beidagang v\u00e0 Yuqiao l\u00e0m d\u1ecbu \u0111i \u0111\u1ecba l\u00fd c\u1ee7a n\u00f3.<\/p>\n\n\n\n<p>Kh\u00ed h\u1eadu c\u1ee7a n\u00f3 n\u1eb1m \u1edf giao \u0111i\u1ec3m c\u1ee7a c\u00e1c ki\u1ec3u l\u1ee5c \u0111\u1ecba b\u00e1n kh\u00f4 h\u1ea1n v\u00e0 ch\u1ecbu \u1ea3nh h\u01b0\u1edfng c\u1ee7a gi\u00f3 m\u00f9a. M\u00f9a \u0111\u00f4ng trung b\u00ecnh l\u00e0 -2,8 \u00b0C v\u00e0o th\u00e1ng 1, l\u1ea1nh gi\u00e1 do \u00e1p cao Siberia, trong khi th\u00e1ng 7 n\u00f3ng l\u00ean \u0111\u1ebfn 27,2 \u00b0C d\u01b0\u1edbi gi\u00f3 m\u00f9a \u0110\u00f4ng \u00c1. T\u1ed5ng s\u1ed1 gi\u1edd n\u1eafng h\u00e0ng n\u0103m kho\u1ea3ng 2.460 gi\u1edd. L\u01b0\u1ee3ng m\u01b0a - kho\u1ea3ng 521 mm m\u1ed7i n\u0103m - ch\u1ee7 y\u1ebfu r\u01a1i v\u00e0o th\u00e1ng 7 v\u00e0 th\u00e1ng 8. M\u00f9a xu\u00e2n mang \u0111\u1ebfn nh\u1eefng c\u01a1n b\u00e3o b\u1ee5i Gobi th\u1ec9nh tho\u1ea3ng, v\u00e0 \u0111\u1ed9 \u1ea9m m\u00f9a h\u00e8 c\u00f3 th\u1ec3 v\u01b0\u1ee3t qu\u00e1 80 ph\u1ea7n tr\u0103m. Nhi\u1ec7t \u0111\u1ed9 c\u1ef1c \u0111\u1ea1i t\u1ea1i tr\u1ea1m ch\u00ednh dao \u0111\u1ed9ng t\u1eeb -22,9 \u00b0C \u0111\u1ebfn 41,1 \u00b0C.<\/p>\n\n\n\n<p>S\u1ef1 ph\u1ee5c h\u1ed3i kinh t\u1ebf t\u0103ng t\u1ed1c sau n\u0103m 2000. \u0110\u1ebfn n\u0103m 2014, GDP c\u1ee7a Thi\u00ean T\u00e2n \u0111\u1ea1t 1.572 ngh\u00ecn t\u1ef7 nh\u00e2n d\u00e2n t\u1ec7\u2014s\u1ea3n l\u01b0\u1ee3ng b\u00ecnh qu\u00e2n \u0111\u1ea7u ng\u01b0\u1eddi l\u00e0 17.126 \u0111\u00f4 la M\u1ef9 \u0111\u00e3 t\u1eebng \u0111\u1ee9ng \u0111\u1ea7u c\u1ea3 n\u01b0\u1edbc. S\u1ea3n xu\u1ea5t, h\u00f3a d\u1ea7u v\u00e0 h\u1eadu c\u1ea7n neo gi\u1eef c\u00e1c ng\u00e0nh c\u00f4ng nghi\u1ec7p c\u1ee7a th\u00e0nh ph\u1ed1, trong khi c\u00e1c c\u00f4ng vi\u00ean c\u00f4ng ngh\u1ec7 cao c\u1ee7a Binhai thu h\u00fat \u0111\u1ea7u t\u01b0 v\u00e0o h\u00e0ng kh\u00f4ng v\u0169 tr\u1ee5 v\u00e0 c\u00f4ng ngh\u1ec7 sinh h\u1ecdc. Th\u00e0nh ph\u1ed1 n\u00e0y n\u1eb1m trong s\u1ed1 hai m\u01b0\u01a1i trung t\u00e2m to\u00e0n c\u1ea7u h\u00e0ng \u0111\u1ea7u v\u1ec1 \u0111\u1ea7u ra nghi\u00ean c\u1ee9u v\u00e0 c\u00e1c t\u1ed5 ch\u1ee9c c\u1ee7a th\u00e0nh ph\u1ed1\u2014Nam Khai, \u0110\u1ea1i h\u1ecdc Thi\u00ean T\u00e2n, Y khoa Thi\u00ean T\u00e2n v\u00e0 c\u00e1c t\u1ed5 ch\u1ee9c kh\u00e1c\u2014thu h\u00fat c\u00e1c h\u1ecdc gi\u1ea3 t\u1eeb kh\u1eafp mi\u1ec1n b\u1eafc Trung Qu\u1ed1c.<\/p>\n\n\n\n<p>C\u01a1 s\u1edf h\u1ea1 t\u1ea7ng giao th\u00f4ng \u0111\u00e3 \u0111\u01b0\u1ee3c m\u1edf r\u1ed9ng theo. S\u00e2n bay qu\u1ed1c t\u1ebf Thi\u00ean T\u00e2n Binhai n\u1eb1m c\u00e1ch trung t\u00e2m th\u00e0nh ph\u1ed1 13 km v\u00e0 c\u00e1c d\u1ecbch v\u1ee5 t\u1eeb B\u1eafc Kinh Daxing t\u0103ng c\u01b0\u1eddng kh\u1ea3 n\u0103ng k\u1ebft n\u1ed1i c\u1ee7a s\u00e2n bay. C\u00e1c tuy\u1ebfn \u0111\u01b0\u1eddng s\u1eaft cao t\u1ed1c \u0111\u1ebfn B\u1eafc Kinh \u0111\u00e3 \u0111\u01b0\u1ee3c ho\u00e0n th\u00e0nh v\u00e0o th\u00e1ng 8 n\u0103m 2008; c\u00e1c chuy\u1ebfn t\u00e0u li\u00ean th\u00e0nh ph\u1ed1 nhanh nh\u1ea5t, \u0111\u01b0\u1ee3c ph\u00e2n lo\u1ea1i l\u1ea1i v\u00e0o n\u0103m 2008 v\u1edbi k\u00fd hi\u1ec7u \u201cC\u201d, \u0111i h\u1ebft tuy\u1ebfn \u0111\u01b0\u1eddng d\u00e0i 120 km ch\u1ec9 trong 30 ph\u00fat. B\u1ed1n nh\u00e0 ga \u0111\u01b0\u1eddng s\u1eaft ch\u00ednh\u2014\u0110\u00f4ng (\u0111\u1ecba \u0111i\u1ec3m Laolongtou ban \u0111\u1ea7u n\u0103m 1892), T\u00e2y, B\u1eafc v\u00e0 \u0110\u01b0\u1eddng C\u1ed5\u2014l\u00e0 c\u00e1c tuy\u1ebfn neo \u0111\u1eadu qu\u1ed1c gia nh\u01b0 c\u00e1c tuy\u1ebfn Jingshan, Jinpu v\u00e0 Thanh \u0110\u1ea3o.<\/p>\n\n\n\n<p>Trong th\u00e0nh ph\u1ed1, m\u1ed9t m\u1ea1ng l\u01b0\u1edbi t\u00e0u \u0111i\u1ec7n ng\u1ea7m hi\u1ec7n \u0111\u1ea1i g\u1ed3m s\u00e1u tuy\u1ebfn v\u00e0 155 nh\u00e0 ga \u0111i qua c\u1ea3 hai l\u00f5i; Tuy\u1ebfn 1, 2, 3 v\u00e0 6 ph\u1ee5c v\u1ee5 khu v\u1ef1c \u0111\u00f4 th\u1ecb, trong khi Tuy\u1ebfn 5 v\u00e0 9 n\u1ed1i TEDA v\u00e0 \u0110\u01b0\u1eddng C\u1ed5. \u0110\u01b0\u1ee3c m\u1edf l\u1ea1i v\u00e0o n\u0103m 2006, Tuy\u1ebfn 1 \u0111i theo con \u0111\u01b0\u1eddng c\u1ee7a tuy\u1ebfn xe \u0111i\u1ec7n \u0111\u1ea7u ti\u00ean c\u1ee7a Thi\u00ean T\u00e2n, ch\u1ea1y t\u1eeb n\u0103m 1906 \u0111\u1ebfn n\u0103m 1972 v\u00e0 s\u1ebd ch\u1ee9ng ki\u1ebfn \u200b\u200bc\u00f4ng ngh\u1ec7 c\u1ee7a n\u00f3 tr\u1edf l\u1ea1i \u1edf Binhai th\u00f4ng qua h\u1ec7 th\u1ed1ng xe \u0111i\u1ec7n l\u1ed1p cao su ti\u00ean phong. \u0110\u01b0\u1eddng b\u1ed9 bao g\u1ed3m ba \u0111\u01b0\u1eddng v\u00e0nh \u0111ai\u2014N\u1ed9i th\u00e0nh, Trung th\u00e0nh v\u00e0 \u0110\u01b0\u1eddng v\u00e0nh \u0111ai Ngo\u00e0i c\u00f3 ki\u1ec3m so\u00e1t\u2014c\u1ed9ng v\u1edbi b\u1ea3y \u0111\u01b0\u1eddng cao t\u1ed1c k\u1ebft n\u1ed1i v\u1edbi B\u1eafc Kinh, \u0110\u01b0\u1eddng S\u01a1n, Th\u1ea9m D\u01b0\u01a1ng v\u00e0 xa h\u01a1n n\u1eefa, v\u00e0 s\u00e1u xa l\u1ed9 qu\u1ed1c gia v\u00f2ng quanh mi\u1ec1n b\u1eafc Trung Qu\u1ed1c.<\/p>\n\n\n\n<p>\u0110\u1eb7c \u0111i\u1ec3m d\u00e2n s\u1ed1 c\u1ee7a Thi\u00ean T\u00e2n nghi\u00eang v\u1ec1 ng\u01b0\u1eddi H\u00e1n, nh\u01b0ng n\u0103m m\u01b0\u01a1i m\u1ed1t nh\u00f3m d\u00e2n t\u1ed9c thi\u1ec3u s\u1ed1 t\u00ecm th\u1ea5y n\u01a1i \u1edf t\u1ea1i \u0111\u00e2y, trong s\u1ed1 \u0111\u00f3 c\u00f3 c\u1ed9ng \u0111\u1ed3ng ng\u01b0\u1eddi H\u1ed3i, M\u00e3n Ch\u00e2u, M\u00f4ng C\u1ed5 v\u00e0 Tri\u1ec1u Ti\u00ean. Ti\u1ebfng Trung chu\u1ea9n chi\u1ebfm \u01b0u th\u1ebf trong tr\u01b0\u1eddng h\u1ecdc v\u00e0 doanh nghi\u1ec7p, nh\u01b0ng ph\u01b0\u01a1ng ng\u1eef \u0111\u1ecba ph\u01b0\u01a1ng Thi\u00ean T\u00e2n v\u1eabn gi\u1eef \u0111\u01b0\u1ee3c thanh \u0111i\u1ec7u v\u00e0 t\u1eeb v\u1ef1ng ri\u00eang bi\u1ec7t, t\u00e1ch bi\u1ec7t v\u1edbi ti\u1ebfng B\u1eafc Kinh.<\/p>\n\n\n\n<p>\u0110\u1eddi s\u1ed1ng v\u0103n h\u00f3a d\u1ef1a tr\u00ean s\u1ef1 pha tr\u1ed9n gi\u1eefa truy\u1ec1n th\u1ed1ng v\u00e0 s\u1ef1 th\u00edch nghi n\u00e0y. Nh\u1eefng ng\u01b0\u1eddi h\u00e2m m\u1ed9 opera coi Thi\u00ean T\u00e2n l\u00e0 m\u1ed9t th\u00e0nh tr\u00ec th\u1ee9 c\u1ea5p c\u1ee7a opera B\u1eafc Kinh. Th\u00e0nh ph\u1ed1 n\u00e0y c\u0169ng l\u00e0 n\u01a1i n\u1ea3y sinh ra xiangsheng, m\u1ed9t h\u00ecnh th\u1ee9c n\u00f3i chuy\u1ec7n h\u00e0i h\u01b0\u1edbc. Ma Sanli (1914\u20132003), m\u1ed9t ngh\u1ec7 s\u0129 bi\u1ec3u di\u1ec5n ng\u01b0\u1eddi H\u1ed3i, \u0111\u00e3 ph\u1ed5 bi\u1ebfn c\u00e1c ti\u1ebft m\u1ee5c b\u1eb1ng c\u1ea3 ph\u01b0\u01a1ng ng\u1eef Thi\u00ean T\u00e2n v\u00e0 Quan Tho\u1ea1i. Di s\u1ea3n c\u1ee7a \u00f4ng v\u1eabn t\u1ed3n t\u1ea1i c\u00f9ng v\u1edbi c\u00e1c \u0111\u1ecba \u0111i\u1ec3m bi\u1ec3u di\u1ec5n \u0111\u1ed9c tho\u1ea1i hi\u1ec7n \u0111\u1ea1i, n\u01a1i nh\u1eefng ng\u01b0\u1eddi bi\u1ec3u di\u1ec5n s\u1eed d\u1ee5ng c\u00e1c thanh tre (kuaiban) v\u00e0 nh\u1eefng c\u00e2u chuy\u1ec7n phi\u1ebfm nhanh.<\/p>\n\n\n\n<p>Ngh\u1ec1 th\u1ee7 c\u00f4ng m\u1ef9 ngh\u1ec7 v\u1eabn c\u00f2n s\u1ed1ng \u0111\u1ed9ng. C\u00e1ch trung t\u00e2m \u0111\u00f4 th\u1ecb m\u01b0\u1eddi l\u0103m km v\u1ec1 ph\u00eda t\u00e2y l\u00e0 Yangliuqing, n\u01a1i nh\u1eefng b\u1ee9c tranh kh\u1eafc g\u1ed7 n\u0103m m\u1edbi nhi\u1ec1u m\u00e0u (yangliuqing nianhua) ch\u1ea1y qua c\u00e1c d\u00f2ng h\u1ecd. T\u01b0\u1ee3ng \u0111\u1ea5t s\u00e9t Zhang\u2014nh\u1eefng t\u00e1c ph\u1ea9m \u0111i\u00eau kh\u1eafc nhanh nh\u1eb9n \u0111\u01b0\u1ee3c s\u01a1n m\u00e0u s\u1eafc s\u1ed1ng \u0111\u1ed9ng\u2014v\u1eabn m\u00f4 t\u1ea3 nh\u1eefng anh h\u00f9ng d\u00e2n gian v\u00e0 c\u1ea3nh \u0111\u1eddi th\u01b0\u1eddng. Di\u1ec1u Wei g\u1ea5p l\u1ea1i th\u00e0nh k\u00edch th\u01b0\u1edbc b\u1ecf t\u00fai nh\u01b0ng v\u1eabn bay tr\u00ean b\u1ea7u tr\u1eddi v\u1edbi khung tre v\u00e0 l\u1ee5a c\u00e2n \u0111\u1ed1i.<\/p>\n\n\n\n<p>\u1ea8m th\u1ef1c ph\u1ea3n \u00e1nh n\u00e9t \u0111\u1eb7c tr\u01b0ng c\u1ee7a th\u00e0nh ph\u1ed1 n\u00e0y. H\u1ea3i s\u1ea3n xu\u1ea5t hi\u1ec7n trong h\u1ea7u h\u1ebft m\u1ecdi \u0111\u1eb7c s\u1ea3n. C\u00e1c phong c\u00e1ch \u1ea9m th\u1ef1c th\u00f4 (cu), m\u1ecbn (xi) v\u00e0 cao (gao) ph\u00e2n lo\u1ea1i c\u00e1c m\u00f3n \u0103n \u0111\u1ecba ph\u01b0\u01a1ng. B\u00e1t \u0110\u1ea1i B\u00e1t tr\u00ecnh b\u00e0y m\u1ed9t b\u1ed9 c\u00e1c m\u00f3n th\u1ecbt phong ph\u00fa, trong khi T\u1ee9 \u0110\u1ea1i H\u1ea7m bao g\u1ed3m m\u1ecdi th\u1ee9 t\u1eeb th\u1ecbt v\u1ecbt v\u00e0 th\u1ecbt c\u1eebu \u0111\u1ebfn c\u00e1 s\u00f4ng. C\u00e1c qu\u1ea7y h\u00e0ng rong tr\u00ean Ph\u1ed1 \u1ea9m th\u1ef1c Nanshi b\u00e1n b\u00e1nh bao Goubuli\u2014b\u00e1nh bao h\u1ea5p c\u00f3 t\u00ean d\u1ecbch l\u00e0 &#034;ch\u00f3 kh\u00f4ng \u0111\u1ec3 \u00fd&#034;\u2014c\u00f9ng v\u1edbi b\u00e1nh xo\u1eafn Guifaxiang mahua v\u00e0 b\u00e1nh g\u1ea1o chi\u00ean Erduoyan. C\u00e1c m\u00f3n ngon kh\u00e1c bao g\u1ed3m b\u00e1nh m\u00ec k\u1eb9p th\u1ecbt l\u1eeba, th\u1ecbt c\u1eebu Bazhen v\u00e0 b\u00e1nh nh\u00e2n h\u1ea1t d\u1ebb.<\/p>\n\n\n\n<p>B\u00e1n l\u1ebb v\u00e0 cu\u1ed9c s\u1ed1ng v\u1ec1 \u0111\u00eam ph\u1ee5c v\u1ee5 cho c\u1ea3 c\u01b0 d\u00e2n \u0111\u1ecba ph\u01b0\u01a1ng v\u00e0 ng\u01b0\u1eddi n\u01b0\u1edbc ngo\u00e0i. Heping Lu v\u00e0 Binjiang Dao l\u00e0 nh\u1eefng h\u00e0nh lang mua s\u1eafm ch\u00ednh c\u1ee7a Thi\u00ean T\u00e2n, v\u1edbi c\u00e1c trung t\u00e2m th\u01b0\u01a1ng m\u1ea1i v\u00e0 c\u1eeda h\u00e0ng truy\u1ec1n th\u1ed1ng. C\u00e1c ch\u1ee3 \u0111\u1ecba ph\u01b0\u01a1ng qu\u1ea3ng c\u00e1o d\u00e9p d\u1ec7t, th\u1ea3o d\u01b0\u1ee3c v\u00e0 qu\u1ea1t l\u1ee5a. C\u00e1c qu\u00e1n bar trong khu v\u1ef1c tr\u01b0\u1eddng \u0111\u1ea1i h\u1ecdc ch\u00e0o \u0111\u00f3n sinh vi\u00ean n\u01b0\u1edbc ngo\u00e0i v\u00e0 kh\u00e1ch doanh nh\u00e2n; ph\u00ed v\u00e0o c\u1eeda v\u1eabn \u1edf m\u1ee9c khi\u00eam t\u1ed1n, nh\u01b0ng \u0111\u1ed3 u\u1ed1ng nh\u1eadp kh\u1ea9u c\u00f3 gi\u00e1 t\u1eeb 25 Nh\u00e2n d\u00e2n t\u1ec7 tr\u1edf l\u00ean. C\u00e1c c\u00e2u l\u1ea1c b\u1ed9 khi\u00eau v\u0169 \u01b0a chu\u1ed9ng nh\u1ea1c pop, hip hop v\u00e0 R&amp;B ch\u00ednh th\u1ed1ng c\u1ee7a Trung Qu\u1ed1c v\u00e0 ph\u01b0\u01a1ng T\u00e2y. Nh\u1eefng ng\u01b0\u1eddi t\u00ecm ki\u1ebfm \u00e2m thanh thay th\u1ebf s\u1ebd th\u1ea5y \u00edt \u0111\u1ecba \u0111i\u1ec3m h\u01a1n.<\/p>\n\n\n\n<p>Truy\u1ec1n th\u1ed1ng t\u00f4n gi\u00e1o v\u1eabn t\u1ed3n t\u1ea1i song song v\u1edbi cu\u1ed9c s\u1ed1ng hi\u1ec7n \u0111\u1ea1i. Nh\u00e0 th\u1edd H\u1ed3i gi\u00e1o l\u1edbn\u2014Qingzhen si\u2014\u0111\u01b0\u1ee3c x\u00e2y d\u1ef1ng v\u00e0o n\u0103m 1703, neo gi\u1eef m\u1ed9t khu ph\u1ed1 H\u1ed3i gi\u00e1o c\u00f3 ni\u00ean \u0111\u1ea1i h\u00e0ng th\u1ebf k\u1ef7. \u0110\u1ec1n \u0110\u1ea1i T\u1eeb Bi v\u00e0 c\u00e1c nh\u00e0 th\u1edd Thi\u00ean ch\u00faa gi\u00e1o nh\u01b0 Nh\u00e0 th\u1edd Th\u00e1nh Joseph v\u00e0 Nh\u00e0 th\u1edd \u0110\u1ee9c M\u1eb9 Chi\u1ebfn th\u1eafng minh ch\u1ee9ng cho Ph\u1eadt gi\u00e1o v\u00e0 C\u00f4ng gi\u00e1o trong th\u00e0nh ph\u1ed1. C\u00e1c ho\u1ea1t \u0111\u1ed9ng d\u00e2n gian nh\u1ecf, nh\u01b0 th\u1edd Mazu, ph\u1ea3n \u00e1nh di s\u1ea3n h\u00e0ng h\u1ea3i c\u1ee7a Thi\u00ean T\u00e2n.<\/p>\n\n\n\n<p>Trong nh\u1eefng n\u0103m g\u1ea7n \u0111\u00e2y, c\u00e1c nh\u00e0 quy ho\u1ea1ch \u0111\u00f4 th\u1ecb \u0111\u00e3 nh\u1ea5n m\u1ea1nh \u0111\u1ebfn t\u00ednh di \u0111\u1ed9ng b\u1ec1n v\u1eefng. M\u1ed9t ch\u01b0\u01a1ng tr\u00ecnh do Ng\u00e2n h\u00e0ng Th\u1ebf gi\u1edbi h\u1ed7 tr\u1ee3 \u0111\u00e3 mang v\u1ec1 cho Thi\u00ean T\u00e2n Gi\u1ea3i th\u01b0\u1edfng Giao th\u00f4ng B\u1ec1n v\u1eefng n\u0103m 2024 cho vi\u1ec7c m\u1edf r\u1ed9ng m\u1ea1ng l\u01b0\u1edbi giao th\u00f4ng c\u00f4ng c\u1ed9ng v\u00e0 phi c\u01a1 gi\u1edbi d\u1ec5 ti\u1ebfp c\u1eadn\u2014m\u1ed9t m\u00f4 h\u00ecnh cho c\u00e1c m\u1ee5c ti\u00eau trung h\u00f2a carbon c\u1ee7a Trung Qu\u1ed1c.<\/p>\n\n\n\n<p>Ng\u00e0y nay, Thi\u00ean T\u00e2n \u0111\u1ee9ng gi\u1eefa hai d\u00f2ng ch\u1ea3y: th\u1ee7y tri\u1ec1u m\u1ea1nh m\u1ebd c\u1ee7a qu\u00e1 kh\u1ee9 c\u00f4ng nghi\u1ec7p v\u00e0 s\u1ef1 gia t\u0103ng c\u1ee7a c\u00e1c ng\u00e0nh c\u00f4ng nghi\u1ec7p tri th\u1ee9c v\u00e0 d\u1ecbch v\u1ee5 t\u00e0i ch\u00ednh. B\u1edd s\u00f4ng r\u1ed9ng l\u1edbn c\u1ee7a th\u00e0nh ph\u1ed1 v\u1eabn c\u00f2n d\u1ea5u ch\u00e2n c\u1ee7a nh\u1eefng ng\u01b0\u1eddi th\u1ef1c d\u00e2n ch\u00e2u \u00c2u v\u00e0 c\u00e1c quan ch\u1ee9c \u0111\u1ebf qu\u1ed1c, nh\u01b0ng \u0111\u1eb1ng sau nh\u1eefng t\u00f2a th\u00e1p k\u00ednh, sinh vi\u00ean tranh lu\u1eadn v\u1ec1 c\u00e1c b\u00e0i b\u00e1o khoa h\u1ecdc trong c\u00e1c ph\u00f2ng th\u00ed nghi\u1ec7m c\u1ee7a tr\u01b0\u1eddng \u0111\u1ea1i h\u1ecdc v\u00e0 c\u1ea7n c\u1ea9u ch\u1edf h\u00e0ng k\u00eau \u1ea7m \u1ea7m tr\u00ean b\u1ebfn t\u00e0u. Trong s\u1ef1 pha tr\u1ed9n gi\u1eefa c\u0169 v\u00e0 m\u1edbi \u0111\u00f3, th\u00e0nh ph\u1ed1 ti\u1ebfp t\u1ee5c ph\u00e1t tri\u1ec3n theo t\u1eebng b\u01b0\u1edbc, c\u00e2u chuy\u1ec7n c\u1ee7a th\u00e0nh ph\u1ed1 v\u1eeba v\u1ec1 s\u1ef1 th\u00edch nghi v\u1eeba v\u1ec1 s\u1ee9c b\u1ec1n.<\/p>","protected":false},"excerpt":{"rendered":"<p>Thi\u00ean T\u00e2n, m\u1ed9t th\u00e0nh ph\u1ed1 tr\u1ef1c thu\u1ed9c qu\u1ea3n l\u00fd tr\u1ef1c ti\u1ebfp \u1edf mi\u1ec1n B\u1eafc Trung Qu\u1ed1c, c\u00f3 d\u00e2n s\u1ed1 l\u00e0 13.866.009 theo \u0111i\u1ec1u tra d\u00e2n s\u1ed1 Trung Qu\u1ed1c n\u0103m 2020, khi\u1ebfn n\u01a1i \u0111\u00e2y tr\u1edf th\u00e0nh m\u1ed9t trong nh\u1eefng trung t\u00e2m \u0111\u00f4 th\u1ecb \u0111\u00f4ng d\u00e2n nh\u1ea5t c\u1ea3 n\u01b0\u1edbc. Thi\u00ean T\u00e2n, n\u1eb1m tr\u00ean b\u1edd bi\u1ec3n B\u1ed9t H\u1ea3i, l\u00e0 m\u1ed9t trung t\u00e2m kinh doanh v\u00e0 v\u0103n h\u00f3a l\u1edbn ph\u1ea3n \u00e1nh s\u1ef1 ph\u00e1t tri\u1ec3n nhanh ch\u00f3ng v\u00e0 di s\u1ea3n phong ph\u00fa c\u1ee7a Trung Qu\u1ed1c \u0111\u01b0\u01a1ng \u0111\u1ea1i.<\/p>","protected":false},"author":1,"featured_media":3284,"parent":15750,"menu_order":0,"comment_status":"closed","ping_status":"closed","template":"elementor_theme","meta":{"_eb_attr":"","footnotes":""},"class_list":["post-15798","page","type-page","status-publish","has-post-thumbnail"],"_links":{"self":[{"href":"https:\/\/travelshelper.com\/vi\/wp-json\/wp\/v2\/pages\/15798","targetHints":{"allow":["GET"]}}],"collection":[{"href":"https:\/\/travelshelper.com\/vi\/wp-json\/wp\/v2\/pages"}],"about":[{"href":"https:\/\/travelshelper.com\/vi\/wp-json\/wp\/v2\/types\/page"}],"author":[{"embeddable":true,"href":"https:\/\/travelshelper.com\/vi\/wp-json\/wp\/v2\/users\/1"}],"replies":[{"embeddable":true,"href":"https:\/\/travelshelper.com\/vi\/wp-json\/wp\/v2\/comments?post=15798"}],"version-history":[{"count":0,"href":"https:\/\/travelshelper.com\/vi\/wp-json\/wp\/v2\/pages\/15798\/revisions"}],"up":[{"embeddable":true,"href":"https:\/\/travelshelper.com\/vi\/wp-json\/wp\/v2\/pages\/15750"}],"wp:featuredmedia":[{"embeddable":true,"href":"https:\/\/travelshelper.com\/vi\/wp-json\/wp\/v2\/media\/3284"}],"wp:attachment":[{"href":"https:\/\/travelshelper.com\/vi\/wp-json\/wp\/v2\/media?parent=15798"}],"curies":[{"name":"wp","href":"https:\/\/api.w.org\/{rel}","templated":true}]}}