{"id":15699,"date":"2024-09-21T18:55:31","date_gmt":"2024-09-21T18:55:31","guid":{"rendered":"https:\/\/travelshelper.com\/staging\/?page_id=15699"},"modified":"2026-03-11T19:52:22","modified_gmt":"2026-03-11T19:52:22","slug":"busan","status":"publish","type":"page","link":"https:\/\/travelshelper.com\/vi\/destinations\/asia\/south-korea\/busan\/","title":{"rendered":"Busan"},"content":{"rendered":"<p>Busan, c\u1eeda ng\u00f5 h\u00e0ng h\u1ea3i c\u1ee7a H\u00e0n Qu\u1ed1c, mang \u0111\u1ebfn m\u1ed9t c\u1ea3nh quan \u0111\u01b0\u1ee3c x\u00e1c \u0111\u1ecbnh b\u1edfi c\u1ea3 \u0111\u01b0\u1eddng vi\u1ec1n t\u1ef1 nhi\u00ean v\u00e0 tinh th\u1ea7n c\u1ea7n c\u00f9 c\u1ee7a c\u01b0 d\u00e2n n\u01a1i \u0111\u00e2y. \u1ede c\u1ef1c \u0111\u00f4ng nam c\u1ee7a B\u00e1n \u0111\u1ea3o Tri\u1ec1u Ti\u00ean, th\u00e0nh ph\u1ed1 n\u00e0y - ch\u00ednh th\u1ee9c l\u00e0 Th\u00e0nh ph\u1ed1 \u0111\u00f4 th\u1ecb Busan - tr\u1ea3i d\u00e0i t\u1eeb v\u00f9ng bi\u1ec3n \u00f4n \u0111\u1edbi c\u1ee7a Eo bi\u1ec3n Tri\u1ec1u Ti\u00ean \u0111\u1ebfn nh\u1eefng \u0111\u1ec9nh n\u00fai g\u1ed3 gh\u1ec1 bao quanh bi\u00ean gi\u1edbi ph\u00eda b\u1eafc v\u00e0 ph\u00eda t\u00e2y c\u1ee7a n\u00f3. V\u1edbi d\u00e2n s\u1ed1 v\u01b0\u1ee3t qu\u00e1 3,3 tri\u1ec7u ng\u01b0\u1eddi v\u00e0o n\u0103m 2024, th\u00e0nh ph\u1ed1 n\u00e0y ch\u1ec9 \u0111\u1ee9ng sau Seoul v\u1ec1 m\u1ee9c \u0111\u1ed9 n\u1ed5i ti\u1ebfng to\u00e0n qu\u1ed1c, nh\u01b0ng b\u1ea3n ch\u1ea5t c\u1ee7a n\u00f3 l\u1ea1i kh\u00e1c bi\u1ec7t r\u00f5 r\u1ec7t: n\u01a1i s\u1ef1 ph\u00e1t tri\u1ec3n \u0111\u00f4 th\u1ecb c\u1ee7a th\u1ee7 \u0111\u00f4 b\u1ecb san ph\u1eb3ng, c\u00e1c qu\u1eadn \u0111\u01b0\u1ee3c x\u00e2y d\u1ef1ng d\u00e0y \u0111\u1eb7c c\u1ee7a Busan chi\u1ebfm c\u00e1c thung l\u0169ng h\u1eb9p gi\u1eefa S\u00f4ng Nakdong v\u00e0 S\u00f4ng Suyeong, trong khi nh\u1eefng ng\u1ecdn n\u00fai \u0111\u1ee9ng canh g\u00e1c tr\u00ean cu\u1ed9c s\u1ed1ng \u0111\u00f4 th\u1ecb.<\/p>\n\n\n\n<p>\u0110\u1ecba h\u00ecnh c\u1ee7a th\u00e0nh ph\u1ed1 \u0111\u00e3 \u0111\u1ecbnh h\u00ecnh n\u00ean s\u1ef1 ph\u00e1t tri\u1ec3n c\u1ee7a th\u00e0nh ph\u1ed1. V\u1ec1 ph\u00eda t\u00e2y, S\u00f4ng Nakdong - con s\u00f4ng d\u00e0i nh\u1ea5t H\u00e0n Qu\u1ed1c - m\u1edf r\u1ed9ng th\u00e0nh m\u1ed9t \u0111\u1ed3ng b\u1eb1ng ch\u00e2u th\u1ed5 m\u00e0u m\u1ee1 tr\u01b0\u1edbc khi \u0111\u1ed5 ra bi\u1ec3n; v\u1ec1 ph\u00eda b\u1eafc l\u00e0 Geumjeongsan, \u0111\u1ec9nh cao nh\u1ea5t c\u1ee7a Busan. Gi\u1eefa c\u00e1c ranh gi\u1edbi t\u1ef1 nhi\u00ean n\u00e0y, m\u01b0\u1eddi l\u0103m qu\u1eadn h\u00e0nh ch\u00ednh (gu) v\u00e0 m\u1ed9t qu\u1eadn (gun) \u0111\u01b0\u1ee3c s\u1eafp x\u1ebfp theo c\u00e1c cung ph\u00e1t tri\u1ec3n theo c\u00e1c thung l\u0169ng ho\u1eb7c cao nguy\u00ean, t\u1ea1o ra c\u00e1c khu ph\u1ed1 ri\u00eang bi\u1ec7t thay v\u00ec m\u1ed9t khu v\u1ef1c \u0111\u1ed3ng nh\u1ea5t duy nh\u1ea5t. B\u00e3i bi\u1ec3n Haeundae, b\u00e3i bi\u1ec3n l\u1edbn nh\u1ea5t c\u1ea3 n\u01b0\u1edbc, n\u1eb1m \u1edf r\u00eca ph\u00eda \u0111\u00f4ng c\u1ee7a th\u00e0nh ph\u1ed1, b\u00e3i c\u00e1t tr\u1eafng \u0111\u01b0\u1ee3c bao quanh b\u1edfi c\u1ea3 hai kh\u00e1ch s\u1ea1n sang tr\u1ecdng v\u00e0 khu r\u1eebng Dongbaekseom h\u00e0ng th\u1ebf k\u1ef7. \u1ede c\u1ef1c \u0111\u1ed1i di\u1ec7n, nh\u1eefng v\u00e1ch \u0111\u00e1 g\u1ed3 gh\u1ec1 bao quanh m\u0169i \u0111\u1ea5t Taejongdae tr\u00ean \u0110\u1ea3o Yeongdo. C\u00f9ng nhau, nh\u1eefng \u0111\u1ecba \u0111i\u1ec3m n\u00e0y minh h\u1ecda cho c\u00e1ch \u0111\u1ecba h\u00ecnh g\u1ed3 gh\u1ec1 v\u00e0 b\u1edd s\u00f4ng \u0111\u00e3 c\u00f9ng t\u1ed3n t\u1ea1i trong su\u1ed1t qu\u00e1 tr\u00ecnh m\u1edf r\u1ed9ng c\u1ee7a Busan.<\/p>\n\n\n\n<p>Kh\u00ed h\u1eadu c\u1ee7a Busan k\u1ebft h\u1ee3p s\u1ef1 \u1ea5m \u00e1p c\u1eadn nhi\u1ec7t \u0111\u1edbi v\u1edbi \u1ea3nh h\u01b0\u1edfng c\u1ee7a \u0111i\u1ec1u h\u00f2a bi\u1ec3n gi\u00fap \u0111i\u1ec1u h\u00f2a c\u00e1c \u0111i\u1ec1u ki\u1ec7n kh\u1eafc nghi\u1ec7t. M\u00f9a h\u00e8, m\u1eb7c d\u00f9 \u1ea9m \u01b0\u1edbt, v\u1eabn m\u00e1t m\u1ebb h\u01a1n c\u00e1c khu v\u1ef1c n\u1ed9i \u0111\u1ecba cho \u0111\u1ebfn cu\u1ed1i th\u00e1ng 7; m\u00f9a thu mang \u0111\u1ebfn b\u1ea7u tr\u1eddi quang \u0111\u00e3ng v\u00e0 nhi\u1ec7t \u0111\u1ed9 d\u1ec5 ch\u1ecbu v\u00e0o th\u00e1ng 10 v\u00e0 th\u00e1ng 11. M\u00f9a \u0111\u00f4ng \u00f4n h\u00f2a v\u00e0 h\u1ea7u nh\u01b0 kh\u00f4ng c\u00f3 tuy\u1ebft - trung b\u00ecnh ch\u1ec9 c\u00f3 b\u1ed1n ng\u00e0y tuy\u1ebft r\u01a1i h\u00e0ng n\u0103m - nh\u01b0ng gi\u00f3 c\u00f3 th\u1ec3 m\u1ea1nh h\u01a1n d\u1ecdc theo c\u00e1c h\u00e0nh lang ven bi\u1ec3n. L\u00e0 th\u00e0nh ph\u1ed1 d\u1ec5 h\u1ee9ng ch\u1ecbu b\u00e3o nh\u1ea5t c\u1ee7a H\u00e0n Qu\u1ed1c, Busan \u0111\u00e3 v\u01b0\u1ee3t qua nh\u1eefng c\u01a1n b\u00e3o c\u00f3 c\u01b0\u1eddng \u0111\u1ed9 hi\u1ebfm g\u1eb7p: Si\u00eau b\u00e3o Sarah n\u0103m 1959 \u0111\u00e3 \u0111\u1ec3 l\u1ea1i m\u1ed9t v\u00f9ng t\u00e0n ph\u00e1 d\u1ecdc theo b\u1edd bi\u1ec3n v\u00e0 B\u00e3o Maemi n\u0103m 2003 \u0111\u00e3 c\u01b0\u1edbp \u0111i sinh m\u1ea1ng c\u1ee7a h\u00e0ng ch\u1ee5c ng\u01b0\u1eddi. G\u1ea7n \u0111\u00e2y h\u01a1n, B\u00e3o Hinnamnor v\u00e0o th\u00e1ng 9 n\u0103m 2022 \u0111\u00e3 ch\u1ee9ng minh c\u00e1c b\u1ebfn container v\u00e0 c\u00e1c qu\u1eadn tr\u0169ng th\u1ea5p v\u1eabn d\u1ec5 b\u1ecb t\u1ed5n th\u01b0\u01a1ng nh\u01b0 th\u1ebf n\u00e0o khi gi\u00f3 c\u1ea5p 2 t\u1ea5n c\u00f4ng b\u1edd bi\u1ec3n.<\/p>\n\n\n\n<p>Ngu\u1ed3n g\u1ed1c h\u00e0nh ch\u00ednh c\u1ee7a Busan c\u00f3 t\u1eeb n\u0103m 1957, khi s\u00e1u qu\u1eadn\u2014Busanjin, Dong, Dongnae, Jung, Seo v\u00e0 Yeongdo\u2014\u0111\u01b0\u1ee3c ph\u00e2n \u0111\u1ecbnh. Nh\u1eefng th\u1eadp k\u1ef7 ti\u1ebfp theo ch\u1ee9ng ki\u1ebfn \u200b\u200bs\u1ef1 ph\u00e2n chia cho \u0111\u1ebfn khi c\u1ea5u tr\u00fac hi\u1ec7n t\u1ea1i g\u1ed3m m\u01b0\u1eddi l\u0103m qu\u1eadn v\u00e0 m\u1ed9t qu\u1eadn \u0111\u00e1p \u1ee9ng nhu c\u1ea7u c\u1ee7a d\u00e2n s\u1ed1 \u0111\u00f4 th\u1ecb g\u1ea7n 3,6 tri\u1ec7u ng\u01b0\u1eddi. B\u00ean ngo\u00e0i ranh gi\u1edbi \u0111\u00f4 th\u1ecb n\u00e0y l\u00e0 Khu c\u00f4ng nghi\u1ec7p h\u00e0ng h\u1ea3i \u0110\u00f4ng Nam\u2015m\u1ed9t khu \u0111\u00f4 th\u1ecb bao g\u1ed3m Ulsan, Daegu v\u00e0 m\u1ed9t s\u1ed1 khu v\u1ef1c c\u1ee7a t\u1ec9nh Gyeongsang\u2014n\u01a1i sinh s\u1ed1ng c\u1ee7a kho\u1ea3ng t\u00e1m tri\u1ec7u ng\u01b0\u1eddi v\u00e0 \u0111\u01b0\u1ee3c c\u00f4ng nh\u1eadn l\u00e0 v\u00e0nh \u0111ai c\u00f4ng nghi\u1ec7p l\u1edbn nh\u1ea5t H\u00e0n Qu\u1ed1c. Khu v\u1ef1c r\u1ed9ng l\u1edbn h\u01a1n n\u00e0y nh\u1ea5n m\u1ea1nh vai tr\u00f2 l\u00e2u \u0111\u1eddi c\u1ee7a Busan nh\u01b0 m\u1ed9t trung t\u00e2m \u0111\u1ecba ph\u01b0\u01a1ng v\u00e0 l\u00e0 \u0111i\u1ec3m neo cho m\u1ed9t m\u1ea1ng l\u01b0\u1edbi trao \u0111\u1ed5i kinh t\u1ebf r\u1ed9ng l\u1edbn.<\/p>\n\n\n\n<p>C\u1ea3ng Busan \u0111\u1ee9ng th\u1ee9 s\u00e1u tr\u00ean to\u00e0n c\u1ea7u v\u1ec1 s\u1ea3n l\u01b0\u1ee3ng container, x\u1eed l\u00fd h\u01a1n 21,8 tri\u1ec7u TEU v\u00e0o n\u0103m 2020. 43 b\u1ebfn c\u1ea3ng c\u1ee7a c\u1ea3ng tr\u1ea3i d\u00e0i t\u1eeb C\u1ea3ng B\u1eafc \u0111\u1ebfn C\u1ea3ng Busan m\u1edbi hi\u1ec7n \u0111\u1ea1i; c\u00f9ng nhau ch\u00fang \u0111\u00f3ng vai tr\u00f2 l\u00e0 \u0111i\u1ec3m cu\u1ed1i ph\u00eda nam c\u1ee7a Con \u0111\u01b0\u1eddng t\u01a1 l\u1ee5a tr\u00ean bi\u1ec3n th\u1ebf k\u1ef7 21, n\u1ed1i li\u1ec1n \u0110\u00f4ng \u00c1 v\u1edbi ch\u00e2u \u00c2u qua K\u00eanh \u0111\u00e0o Suez. C\u00e1c c\u01a1 s\u1edf h\u00e0ng h\u1ea3i c\u1ee7a Busan neo gi\u1eef m\u1ed9t n\u1ec1n kinh t\u1ebf \u0111a d\u1ea1ng: v\u00e0o n\u0103m 2022, th\u00e0nh ph\u1ed1 ghi nh\u1eadn t\u1ed5ng s\u1ea3n ph\u1ea9m qu\u1ed1c n\u1ed9i khu v\u1ef1c (GRDP) l\u00e0 104 ngh\u00ecn t\u1ef7 won, trong \u0111\u00f3 d\u1ecbch v\u1ee5 chi\u1ebfm 70,3% s\u1ea3n l\u01b0\u1ee3ng, s\u1ea3n xu\u1ea5t chi\u1ebfm 19,8% v\u00e0 x\u00e2y d\u1ef1ng chi\u1ebfm 5,9%. Nh\u1eefng \u0111\u00f3ng g\u00f3p nh\u1ecf h\u01a1n \u0111\u1ebfn t\u1eeb n\u00f4ng nghi\u1ec7p, th\u1ee7y s\u1ea3n v\u00e0 c\u00e1c ng\u00e0nh ph\u1ee5 tr\u1ee3. B\u1ed5 sung cho s\u1ee9c m\u1ea1nh th\u01b0\u01a1ng m\u1ea1i n\u00e0y, c\u00e1c vi\u1ec7n nghi\u00ean c\u1ee9u nh\u01b0 Vi\u1ec7n Khoa h\u1ecdc v\u00e0 C\u00f4ng ngh\u1ec7 \u0110\u1ea1i d\u01b0\u01a1ng H\u00e0n Qu\u1ed1c v\u00e0 C\u01a1 quan Qu\u1ea3n l\u00fd Ch\u1ea5t l\u01b0\u1ee3ng S\u1ea3n ph\u1ea9m Th\u1ee7y s\u1ea3n Qu\u1ed1c gia c\u1ee7ng c\u1ed1 tuy\u00ean b\u1ed1 c\u1ee7a Busan l\u00e0 m\u1ed9t trung t\u00e2m khoa h\u1ecdc bi\u1ec3n v\u00e0 R&amp;D.<\/p>\n\n\n\n<p>Ngo\u00e0i v\u1eadn chuy\u1ec3n, Busan c\u00f2n l\u00e0 n\u01a1i c\u00f3 ng\u00e0nh MICE ph\u00e1t tri\u1ec3n m\u1ea1nh. Trung t\u00e2m Tri\u1ec3n l\u00e3m v\u00e0 H\u1ed9i ngh\u1ecb Busan (BEXCO) t\u1ea1i Centum City l\u00e0 n\u01a1i neo \u0111\u1eadu m\u1ed9t c\u1ee5m c\u00e1c c\u01a1 s\u1edf\u2014c\u00e1c kh\u00e1ch s\u1ea1n, c\u00f4ng vi\u00ean g\u1ea7n \u0111\u00f3 v\u00e0 Nh\u00e0 APEC Nurimaru\u2014c\u00f3 kh\u1ea3 n\u0103ng t\u1ed5 ch\u1ee9c c\u00e1c s\u1ef1 ki\u1ec7n t\u1eeb H\u1ed9i ngh\u1ecb L\u00e3nh \u0111\u1ea1o Kinh t\u1ebf APEC n\u0103m 2005 \u0111\u1ebfn H\u1ed9i ngh\u1ecb th\u01b0\u1eddng ni\u00ean c\u1ee7a Ng\u00e2n h\u00e0ng Ph\u00e1t tri\u1ec3n Ch\u00e2u Phi n\u0103m 2018. UNESCO \u0111\u00e3 c\u00f4ng nh\u1eadn s\u1ee9c s\u1ed1ng s\u00e1ng t\u1ea1o c\u1ee7a th\u00e0nh ph\u1ed1 v\u00e0o th\u00e1ng 12 n\u0103m 2014, \u0111\u1eb7t t\u00ean cho th\u00e0nh ph\u1ed1 l\u00e0 \u201cTh\u00e0nh ph\u1ed1 \u0110i\u1ec7n \u1ea3nh\u201d. Danh hi\u1ec7u n\u00e0y b\u1ed5 sung cho v\u1ecb th\u1ebf r\u1ed9ng h\u01a1n c\u1ee7a Busan nh\u01b0 m\u1ed9t \u0111\u1ecba \u0111i\u1ec3m cho c\u00e1c cu\u1ed9c h\u1ecdp qu\u1ed1c t\u1ebf, d\u00f9 l\u00e0 ngo\u1ea1i giao, th\u01b0\u01a1ng m\u1ea1i hay v\u0103n h\u00f3a.<\/p>\n\n\n\n<p>\u0110\u1eddi s\u1ed1ng v\u0103n h\u00f3a \u1edf Busan \u0111an xen gi\u1eefa c\u00e1c khu \u0111\u1ec1n ch\u00f9a, kh\u00f4ng gian ngh\u1ec7 thu\u1eadt hi\u1ec7n \u0111\u1ea1i v\u00e0 nh\u1eefng khu ph\u1ed1 mang trong m\u00ecnh k\u00fd \u1ee9c v\u1ec1 nh\u1eefng bi\u1ebfn \u0111\u1ed9ng trong qu\u00e1 kh\u1ee9. Beomeosa, n\u1eb1m tr\u00ean s\u01b0\u1eddn n\u00fai Geumjeongsan, l\u00e0 m\u1ed9t trong nh\u1eefng khu b\u1ea3o t\u1ed3n Ph\u1eadt gi\u00e1o h\u00e0ng \u0111\u1ea7u c\u1ee7a H\u00e0n Qu\u1ed1c. \u1ede trung t\u00e2m th\u00e0nh ph\u1ed1, Chungnyeolsa t\u00f4n k\u00ednh nh\u1eefng ng\u01b0\u1eddi \u0111\u00e3 ng\u00e3 xu\u1ed1ng \u0111\u1ec3 b\u1ea3o v\u1ec7 Ph\u00e1o \u0111\u00e0i Dongnae trong Chi\u1ebfn tranh Imjin v\u00e0o th\u1ebf k\u1ef7 XVI. Tr\u00ean \u0111\u1ec9nh C\u00f4ng vi\u00ean Yongdusan, Th\u00e1p Busan kh\u1ea3o s\u00e1t c\u00e1c l\u00e0n \u0111\u01b0\u1eddng h\u1ed9i t\u1ee5 v\u00e0o c\u00e1c \u0111\u1ed9ng m\u1ea1ch th\u01b0\u01a1ng m\u1ea1i c\u1ee7a Nampo-dong, trong khi Th\u1ee7y cung Busan li\u1ec1n k\u1ec1 cung c\u1ea5p m\u1ed9t th\u1ebf gi\u1edbi bi\u1ec3n \u0111\u01b0\u1ee3c bao b\u1ecdc b\u00ean d\u01b0\u1edbi h\u00ecnh b\u00f3ng t\u00f2a th\u00e1p c\u1ee7a th\u00e0nh ph\u1ed1. \u1ede n\u01a1i kh\u00e1c, L\u00e0ng v\u0103n h\u00f3a Gamcheon - nh\u1eefng ng\u00f4i nh\u00e0 \u0111\u01b0\u1ee3c \u0111\u1ebdo th\u00e0nh c\u00e1c d\u00e3y n\u00fai b\u1eadc thang - ph\u1ea3n \u00e1nh m\u1ed9t khu \u0111\u1ecbnh c\u01b0 sau chi\u1ebfn tranh \u0111\u00e3 ph\u00e1t tri\u1ec3n th\u00e0nh m\u1ed9t b\u1ee9c tranh gh\u00e9p c\u1ee7a c\u00e1c ph\u00f2ng tr\u01b0ng b\u00e0y v\u00e0 x\u01b0\u1edfng v\u1ebd.<\/p>\n\n\n\n<p>\u0110\u01b0\u1ee3c m\u1ec7nh danh l\u00e0 &#034;th\u1ee7 \u0111\u00f4 m\u00f9a h\u00e8&#034; c\u1ee7a H\u00e0n Qu\u1ed1c, b\u1edd bi\u1ec3n Busan h\u1ea5p d\u1eabn c\u1ea3 gia \u0111\u00ecnh v\u00e0 nh\u1eefng ng\u01b0\u1eddi t\u00ecm ki\u1ebfm l\u1ec5 h\u1ed9i. Haeundae r\u1ed9ng l\u1edbn v\u1edbi \u0111\u00e1m \u0111\u00f4ng ng\u00e0y l\u1ec5; Gwangalli, \u1edf ph\u00eda t\u00e2y, c\u00e2n b\u1eb1ng gi\u1eefa nh\u1eefng con \u0111\u01b0\u1eddng d\u1ea1o b\u1ed9 c\u00f3 nhi\u1ec1u qu\u00e1n c\u00e0 ph\u00ea v\u1edbi C\u1ea7u Gwangan \u0111\u01b0\u1ee3c chi\u1ebfu s\u00e1ng. Ph\u00eda b\u1eafc Haeundae, B\u00e3i bi\u1ec3n Songjeong mang \u0111\u1ebfn khung c\u1ea3nh l\u01b0\u1edbt s\u00f3ng y\u00ean t\u0129nh h\u01a1n. D\u1ecdc theo c\u1eeda s\u00f4ng Nakdong, C\u00f4ng vi\u00ean sinh th\u00e1i Daejeo ph\u1ee5c v\u1ee5 c\u00e1c lo\u00e0i chim di c\u01b0 v\u00e0 t\u1ed5 ch\u1ee9c c\u00e1c l\u1ec5 h\u1ed9i theo m\u00f9a\u2014hoa anh \u0111\u00e0o v\u00e0o m\u00f9a xu\u00e2n, hoa c\u1ea3i d\u1ea7u n\u1edf v\u00e0o \u0111\u1ea7u m\u00f9a h\u00e8 v\u00e0 c\u00e0 chua v\u00e0o gi\u1eefa n\u0103m. \u1ede r\u00eca ph\u00eda t\u00e2y, v\u00f9ng n\u01b0\u1edbc n\u00f4ng c\u1ee7a B\u00e3i bi\u1ec3n Ilgwang thu h\u00fat tr\u1ebb em, \u0111\u01b0\u1ee3c \u0111\u00e1nh d\u1ea5u b\u1eb1ng L\u1ec5 h\u1ed9i k\u1ecbch ngo\u00e0i tr\u1eddi Gaetmaeul v\u00e0o m\u1ed7i m\u00f9a h\u00e8.<\/p>\n\n\n\n<p>L\u1ecbch tr\u00ecnh c\u1ee7a Busan lu\u00f4n r\u1ed9n r\u00e0ng v\u1edbi c\u00e1c s\u1ef1 ki\u1ec7n. M\u00f9a xu\u00e2n mang \u0111\u1ebfn L\u1ec5 h\u1ed9i C\u1ea3ng Busan v\u00e0 L\u1ec5 h\u1ed9i Joseon Tongsinsa\u2014m\u1ed9t ph\u1ea7n c\u1ee7a Ch\u01b0\u01a1ng tr\u00ecnh K\u00fd \u1ee9c Th\u1ebf gi\u1edbi c\u1ee7a UNESCO. M\u00f9a h\u00e8 l\u00e0 n\u01a1i t\u1ed5 ch\u1ee9c L\u1ec5 h\u1ed9i Bi\u1ec3n Busan t\u1ea1i Haeundae v\u00e0 L\u1ec5 h\u1ed9i Rock Qu\u1ed1c t\u1ebf. Th\u00e1ng 10 ch\u1ee9ng ki\u1ebfn \u200b\u200bLi\u00ean hoan phim Qu\u1ed1c t\u1ebf Busan (l\u1edbn nh\u1ea5t ch\u00e2u \u00c1 c\u00f9ng lo\u1ea1i), L\u1ec5 h\u1ed9i Ph\u00e1o hoa tr\u00ean V\u1ecbnh Moonlight v\u00e0 L\u1ec5 h\u1ed9i K-pop One Asia. Th\u00e1ng 11 gi\u1edbi thi\u1ec7u G-Star, tri\u1ec3n l\u00e3m tr\u00f2 ch\u01a1i h\u00e0ng \u0111\u1ea7u c\u1ee7a H\u00e0n Qu\u1ed1c, c\u00f9ng v\u1edbi c\u00e1c gi\u1ea3i \u0111\u1ea5u th\u1ec3 thao \u0111i\u1ec7n t\u1eed; Th\u00e1ng 12 kh\u00e9p l\u1ea1i n\u0103m v\u1edbi L\u1ec5 h\u1ed9i C\u00e2y th\u00f4ng Noel. Phim \u1ea3nh v\u00e0 truy\u1ec1n h\u00ecnh th\u01b0\u1eddng l\u1ea5y Busan l\u00e0m b\u1ed1i c\u1ea3nh: t\u1eeb nh\u1eefng h\u00e0nh lang kh\u1ea3i huy\u1ec1n c\u1ee7a Train to Busan \u0111\u1ebfn nh\u1eefng b\u1ed9 phim truy\u1ec1n h\u00ecnh d\u00e0i t\u1eadp g\u1ee3i l\u00ean ph\u01b0\u01a1ng ng\u1eef \u0111\u1ecba ph\u01b0\u01a1ng, th\u00e0nh ph\u1ed1 n\u00e0y xu\u1ea5t hi\u1ec7n xen k\u1ebd nh\u01b0 n\u01a1i \u1ea9n n\u00e1u, bi\u00ean gi\u1edbi v\u00e0 s\u1ef1 t\u01b0\u01a1ng ph\u1ea3n \u0111\u1ea7y k\u1ecbch t\u00ednh v\u1edbi s\u1ef1 \u0111\u00f4 th\u1ecb c\u1ee7a Seoul.<\/p>\n\n\n\n<p>\u1ea8m th\u1ef1c \u0111\u1ecba ph\u01b0\u01a1ng l\u00e0 minh ch\u1ee9ng cho l\u1ecbch s\u1eed v\u00e0 s\u1ef1 phong ph\u00fa c\u1ee7a b\u1edd bi\u1ec3n Busan. Dongnae pajeon, m\u1ed9t chi\u1ebfc b\u00e1nh k\u1ebfp ph\u1ee7 h\u00e0u, g\u1ee3i nh\u1edb \u0111\u1ebfn nh\u1eefng m\u00f3n \u0103n t\u1eebng \u0111\u01b0\u1ee3c cung c\u1ea5p cho c\u00e1c ph\u00e1i vi\u00ean qu\u00e2n s\u1ef1. M\u00ec l\u00faa m\u00ec l\u1ea1nh, milmyeon, xu\u1ea5t ph\u00e1t t\u1eeb nh\u1eefng ng\u01b0\u1eddi t\u1ecb n\u1ea1n Chi\u1ebfn tranh Tri\u1ec1u Ti\u00ean \u0111\u00e3 \u0111i\u1ec1u ch\u1ec9nh c\u00f4ng th\u1ee9c ki\u1ec1u m\u1ea1ch c\u1ee7a mi\u1ec1n B\u1eafc th\u00e0nh c\u00e1c m\u00f3n \u0103n ch\u00ednh c\u1ee7a mi\u1ec1n Nam. Dwaeji gukbap\u2014m\u1ed9t m\u00f3n s\u00fap th\u1ecbt l\u1ee3n-c\u01a1m th\u1ecbnh so\u1ea1n\u2014\u0111\u00e3 thu h\u00fat \u0111\u01b0\u1ee3c nhi\u1ec1u gi\u00e1o d\u00e2n tr\u00ean to\u00e0n qu\u1ed1c. C\u00e1c qu\u1ea7y h\u00e0ng ven \u0111\u01b0\u1eddng ph\u1ee5c v\u1ee5 ch\u00e2n gi\u00f2 l\u1ee3n (nangchae-jokbal) c\u00f9ng v\u1edbi c\u00e1c lo\u1ea1i gia v\u1ecb l\u00ean men, trong khi Ch\u1ee3 Jagalchi tr\u01b0ng b\u00e0y s\u1ea3n l\u01b0\u1ee3ng c\u1ee7a bi\u1ec3n trong c\u00e1c b\u1ec3 ch\u1ee9a s\u1ed1ng v\u00e0 l\u00f2 n\u01b0\u1edbng s\u00f4i s\u00f9ng s\u1ee5c. Ngay c\u1ea3 nh\u1eefng khu v\u1ef1c m\u1edbi h\u01a1n nh\u01b0 Ph\u1ed1 Jeonpo Caf\u00e9 c\u0169ng ch\u1ee9ng minh cho kh\u1ea9u v\u1ecb \u0111ang thay \u0111\u1ed5i c\u1ee7a th\u00e0nh ph\u1ed1, n\u01a1i c\u00e1c x\u01b0\u1edfng c\u1ea3i t\u1ea1o hi\u1ec7n \u1ea9n ch\u1ee9a nh\u1eefng qu\u00e1n c\u00e0 ph\u00ea ti\u00ean phong.<\/p>\n\n\n\n<p>D\u00e2n s\u1ed1 Busan \u0111\u1ea1t \u0111\u1ec9nh g\u1ea7n 3,8 tri\u1ec7u ng\u01b0\u1eddi v\u00e0o n\u0103m 1990 tr\u01b0\u1edbc khi gi\u1ea3m d\u1ea7n xu\u1ed1ng c\u00f2n kho\u1ea3ng 3,27 tri\u1ec7u ng\u01b0\u1eddi v\u00e0o n\u0103m 2024\u2014m\u1ed9t xu h\u01b0\u1edbng li\u00ean quan \u0111\u1ebfn s\u1ef1 chuy\u1ec3n h\u01b0\u1edbng r\u1ed9ng h\u01a1n c\u1ee7a H\u00e0n Qu\u1ed1c sang c\u00e1c ng\u00e0nh c\u00f4ng nghi\u1ec7p c\u00f4ng ngh\u1ec7 cao t\u1eadp trung xung quanh Seoul. D\u00e2n s\u1ed1 gi\u00e0 h\u00f3a v\u00e0 d\u00f2ng ng\u01b0\u1eddi di c\u01b0 ra kh\u1ecfi th\u00e0nh ph\u1ed1 \u0111\u00e3 h\u1ee3p l\u1ef1c ch\u1ed1ng l\u1ea1i s\u1ef1 t\u0103ng tr\u01b0\u1edfng, ngay c\u1ea3 khi th\u00e0nh ph\u1ed1 ch\u00e0o \u0111\u00f3n d\u00f2ng ng\u01b0\u1eddi \u0111\u1ed5 v\u1ec1 \u0111\u1ecbnh k\u1ef3 v\u00ec m\u1ee5c \u0111\u00edch gi\u00e1o d\u1ee5c, du l\u1ecbch v\u00e0 kinh doanh. V\u00e0o n\u0103m 2024, 48 ph\u1ea7n tr\u0103m c\u01b0 d\u00e2n \u0111\u01b0\u1ee3c x\u00e1c \u0111\u1ecbnh l\u00e0 kh\u00f4ng theo t\u00f4n gi\u00e1o, 29 ph\u1ea7n tr\u0103m theo \u0111\u1ea1o Ph\u1eadt v\u00e0 21 ph\u1ea7n tr\u0103m theo \u0111\u1ea1o Thi\u00ean ch\u00faa (14 ph\u1ea7n tr\u0103m theo \u0111\u1ea1o Tin l\u00e0nh, 7 ph\u1ea7n tr\u0103m theo \u0111\u1ea1o C\u00f4ng gi\u00e1o). C\u00e1c nh\u00f3m thi\u1ec3u s\u1ed1 nh\u1ecf theo c\u00e1c t\u00edn ng\u01b0\u1ee1ng kh\u00e1c.<\/p>\n\n\n\n<p>K\u1ebft n\u1ed1i l\u00e0 n\u1ec1n t\u1ea3ng cho v\u1ecb th\u1ebf c\u1ee7a Busan nh\u01b0 m\u1ed9t trung t\u00e2m. T\u00e0u \u0111i\u1ec7n ng\u1ea7m, bao g\u1ed3m s\u00e1u tuy\u1ebfn t\u00ednh \u0111\u1ebfn n\u0103m 2017, k\u1ebft n\u1ed1i trung t\u00e2m th\u00e0nh ph\u1ed1, v\u00f9ng ngo\u1ea1i \u00f4 v\u00e0 \u0111\u01b0\u1eddng s\u1eaft nh\u1eb9 s\u00e2n bay. T\u00e0u KTX t\u1ed1c \u0111\u1ed9 cao \u0111i qua Tuy\u1ebfn Gyeongbu \u0111\u1ebfn Seoul trong kho\u1ea3ng 150 ph\u00fat. Xe bu\u00fdt li\u00ean t\u1ec9nh kh\u1edfi h\u00e0nh t\u1eeb nhi\u1ec1u nh\u00e0 ga, ph\u1ee5c v\u1ee5 c\u00e1c t\u1ec9nh l\u00e2n c\u1eadn v\u00e0 xa h\u01a1n n\u1eefa l\u00e0 khu v\u1ef1c th\u1ee7 \u0111\u00f4. T\u1ea1i b\u1ebfn ph\u00e0 qu\u1ed1c t\u1ebf c\u1ee7a C\u1ea3ng Busan, t\u00e0u c\u00e1nh ng\u1ea7m v\u00e0 t\u00e0u \u0111\u00eam k\u1ebft n\u1ed1i v\u1edbi \u0110\u1ea3o Tsushima, Fukuoka v\u00e0 Osaka. C\u00e1c d\u1ecbch v\u1ee5 xe bu\u00fdt \u0111\u1ecba ph\u01b0\u01a1ng, bao g\u1ed3m c\u00e1c tuy\u1ebfn xe limousine s\u00e2n bay, \u0111i qua m\u1ecdi qu\u1eadn, trong khi vi\u1ec7c x\u00e2y d\u1ef1ng s\u1eafp x\u1ea3y ra m\u1ed9t s\u00e2n bay ngo\u00e0i kh\u01a1i tr\u00ean \u0110\u1ea3o Gadeokdo\u2014m\u1eb7c d\u00f9 hi\u1ec7n \u0111\u00e3 b\u1ecb c\u1eaft gi\u1ea3m\u2014tr\u01b0\u1edbc \u0111\u00e2y h\u1ee9a h\u1eb9n s\u1ebd \u0111\u1ecbnh ngh\u0129a l\u1ea1i du l\u1ecbch h\u00e0ng kh\u00f4ng trong khu v\u1ef1c.<\/p>\n\n\n\n<p>Th\u00f4ng qua s\u1ef1 \u0111an xen gi\u1eefa th\u01b0\u01a1ng m\u1ea1i h\u00e0ng h\u1ea3i, s\u1ef1 s\u00f4i \u0111\u1ed9ng v\u1ec1 v\u0103n h\u00f3a v\u00e0 s\u1ef1 \u0111a d\u1ea1ng v\u1ec1 \u0111\u1ecba ch\u1ea5t, Busan \u0111\u00e3 tr\u1edf th\u00e0nh hi\u1ec7n th\u00e2n c\u1ee7a c\u1ea3 s\u1ef1 giao thoa l\u1ecbch s\u1eed c\u1ee7a H\u00e0n Qu\u1ed1c v\u1edbi c\u00e1c c\u01b0\u1eddng qu\u1ed1c n\u01b0\u1edbc ngo\u00e0i v\u00e0 nh\u1eefng kh\u00e1t v\u1ecdng hi\u1ec7n t\u1ea1i c\u1ee7a th\u00e0nh ph\u1ed1 n\u00e0y tr\u00ean tr\u01b0\u1eddng qu\u1ed1c t\u1ebf. T\u1eeb nh\u1eefng b\u00f4ng hoa loa k\u00e8n c\u1ee7a v\u00f9ng \u0111\u1ea5t ng\u1eadp n\u01b0\u1edbc Daejeo \u0111\u1ebfn nh\u1eefng gi\u00e0n th\u00e9p c\u1ee7a c\u00e1c nh\u00e0 ga container, s\u1ef1 t\u01b0\u01a1ng ph\u1ea3n gi\u1eefa quy m\u00f4 thi\u00ean nhi\u00ean v\u00e0 c\u00f4ng nghi\u1ec7p c\u1ee7a th\u00e0nh ph\u1ed1 c\u00f9ng t\u1ed3n t\u1ea1i trong m\u1ed9t s\u1ef1 c\u0103ng th\u1eb3ng c\u00f3 ch\u1ee7 \u0111\u00edch. Kh\u00f4ng ch\u1ec9 l\u00e0 m\u1ed9t c\u1ea3ng hay khu ngh\u1ec9 d\u01b0\u1ee1ng \u0111\u01a1n thu\u1ea7n, Busan v\u1eabn t\u1ed3n t\u1ea1i nh\u01b0 m\u1ed9t minh ch\u1ee9ng s\u1ed1ng cho s\u1ef1 th\u00edch nghi: m\u1ed9t th\u00e0nh ph\u1ed1, gi\u1ed1ng nh\u01b0 th\u1ee7y tri\u1ec1u v\u1ed7 v\u00e0o b\u1edd, li\u00ean t\u1ee5c \u0111\u01b0\u1ee3c \u0111\u1ecbnh h\u00ecnh l\u1ea1i b\u1edfi c\u00e1c l\u1ef1c l\u01b0\u1ee3ng c\u1ea3 trong n\u01b0\u1edbc v\u00e0 qu\u1ed1c t\u1ebf.<\/p>","protected":false},"excerpt":{"rendered":"<p>Busan, \u0111\u01b0\u1ee3c ch\u1ec9 \u0111\u1ecbnh ch\u00ednh th\u1ee9c l\u00e0 Th\u00e0nh ph\u1ed1 \u0111\u00f4 th\u1ecb Busan, l\u00e0 th\u00e0nh ph\u1ed1 \u0111\u00f4ng d\u00e2n th\u1ee9 hai \u1edf H\u00e0n Qu\u1ed1c, v\u1edbi d\u00e2n s\u1ed1 v\u01b0\u1ee3t qu\u00e1 3,3 tri\u1ec7u ng\u01b0\u1eddi v\u00e0o n\u0103m 2024. Ban \u0111\u1ea7u \u0111\u01b0\u1ee3c g\u1ecdi l\u00e0 Pusan, th\u00e0nh ph\u1ed1 ven bi\u1ec3n n\u00e0y \u0111\u00e3 tr\u1edf th\u00e0nh trung t\u00e2m kinh t\u1ebf, v\u0103n h\u00f3a v\u00e0 gi\u00e1o d\u1ee5c c\u1ee7a \u0111\u00f4ng nam H\u00e0n Qu\u1ed1c, ph\u1ea7n l\u1edbn l\u00e0 nh\u1edd v\u00e0o v\u1ecb tr\u00ed chi\u1ebfn l\u01b0\u1ee3c v\u00e0 c\u1ea3ng bi\u1ec3n nh\u1ed9n nh\u1ecbp.<\/p>","protected":false},"author":1,"featured_media":3004,"parent":15674,"menu_order":0,"comment_status":"closed","ping_status":"closed","template":"elementor_theme","meta":{"_eb_attr":"","footnotes":""},"class_list":["post-15699","page","type-page","status-publish","has-post-thumbnail"],"_links":{"self":[{"href":"https:\/\/travelshelper.com\/vi\/wp-json\/wp\/v2\/pages\/15699","targetHints":{"allow":["GET"]}}],"collection":[{"href":"https:\/\/travelshelper.com\/vi\/wp-json\/wp\/v2\/pages"}],"about":[{"href":"https:\/\/travelshelper.com\/vi\/wp-json\/wp\/v2\/types\/page"}],"author":[{"embeddable":true,"href":"https:\/\/travelshelper.com\/vi\/wp-json\/wp\/v2\/users\/1"}],"replies":[{"embeddable":true,"href":"https:\/\/travelshelper.com\/vi\/wp-json\/wp\/v2\/comments?post=15699"}],"version-history":[{"count":0,"href":"https:\/\/travelshelper.com\/vi\/wp-json\/wp\/v2\/pages\/15699\/revisions"}],"up":[{"embeddable":true,"href":"https:\/\/travelshelper.com\/vi\/wp-json\/wp\/v2\/pages\/15674"}],"wp:featuredmedia":[{"embeddable":true,"href":"https:\/\/travelshelper.com\/vi\/wp-json\/wp\/v2\/media\/3004"}],"wp:attachment":[{"href":"https:\/\/travelshelper.com\/vi\/wp-json\/wp\/v2\/media?parent=15699"}],"curies":[{"name":"wp","href":"https:\/\/api.w.org\/{rel}","templated":true}]}}