{"id":15595,"date":"2024-09-21T15:54:09","date_gmt":"2024-09-21T15:54:09","guid":{"rendered":"https:\/\/travelshelper.com\/staging\/?page_id=15595"},"modified":"2026-03-11T21:36:27","modified_gmt":"2026-03-11T21:36:27","slug":"krabi","status":"publish","type":"page","link":"https:\/\/travelshelper.com\/vi\/destinations\/asia\/thailand\/krabi\/","title":{"rendered":"Krabi"},"content":{"rendered":"<p>Krabi chi\u1ebfm m\u1ed9t d\u1ea3i \u0111\u1ea5t h\u1eb9p n\u01a1i con s\u00f4ng m\u1edf r\u1ed9ng v\u00e0o V\u1ecbnh Phang Nga, \u0111\u1ea5t \u0111\u1ecf c\u1ee7a n\u00f3 g\u1eb7p v\u00f9ng n\u01b0\u1edbc xanh ng\u1ecdc d\u01b0\u1edbi b\u1ea7u tr\u1eddi th\u01b0\u1eddng xuy\u00ean c\u00f3 nh\u1eefng \u0111\u00e1m m\u00e2y tr\u00f4i nhanh. Th\u1ecb tr\u1ea5n, n\u01a1i sinh s\u1ed1ng c\u1ee7a h\u01a1n ba m\u01b0\u01a1i hai ngh\u00ecn c\u01b0 d\u00e2n v\u00e0o n\u0103m 2020, c\u00f3 c\u1ea3m gi\u00e1c v\u1eeba nh\u1ecf b\u00e9 v\u1eeba c\u00e2n b\u1eb1ng \u1edf r\u00eca c\u1ee7a m\u1ed9t th\u1ee9 g\u00ec \u0111\u00f3 r\u1ed9ng l\u1edbn. D\u1ecdc theo b\u1edd s\u00f4ng, nh\u1eefng c\u1eeda h\u00e0ng g\u1ed7 n\u1eb1m tr\u00ean nh\u1eefng c\u00e2y c\u1ecdc, c\u1eeda ch\u1edbp c\u1ee7a ch\u00fang k\u00eau leng keng l\u00fac b\u00ecnh minh khi nh\u1eefng chi\u1ebfc thuy\u1ec1n l\u01b0\u1edbt qua ch\u1edf \u0111\u1ea7y g\u1ea1o, tr\u00e1i c\u00e2y v\u00e0 l\u01b0\u1edbi \u0111\u00e1nh b\u1eaft c\u00e1. Xa h\u01a1n trong \u0111\u1ea5t li\u1ec1n, nh\u1eefng t\u00f2a nh\u00e0 th\u1ea5p v\u1edbi nh\u1eefng con ph\u1ed1 s\u01a1n bong tr\u00f3c d\u1eabn \u0111\u1ebfn m\u1ed9t khu ch\u1ee3 trung t\u00e2m nh\u1ed9n nh\u1ecbp, n\u01a1i kh\u00f4ng kh\u00ed mang theo h\u01a1i n\u01b0\u1edbc \u1edbt v\u00e0 gi\u00f3 bi\u1ec3n ngang nhau. \u1ede n\u01a1i n\u00e0y - c\u00e1ch th\u1ee7 \u0111\u00f4 s\u00e1u tr\u0103m n\u0103m m\u01b0\u01a1i km v\u1ec1 ph\u00eda nam - nh\u1ecbp s\u1ed1ng v\u00e0 th\u1ee7y tri\u1ec1u d\u01b0\u1eddng nh\u01b0 \u0111\u1ecbnh h\u00ecnh t\u1eebng kho\u1ea3nh kh\u1eafc.<\/p>\n<p>V\u00e0o nh\u1eefng n\u0103m cu\u1ed1i th\u1ebf k\u1ef7 XVIII, ngay sau khi tri\u1ec1u \u0111\u00ecnh Th\u00e1i Lan \u0111\u1ecbnh c\u01b0 t\u1ea1i Bangkok, th\u1ed1ng \u0111\u1ed1c Nakhon Si Thammarat \u0111\u00e3 ph\u00e1i m\u1ed9t t\u1ec3 t\u01b0\u1edbng \u0111\u01b0\u1ee3c g\u1ecdi l\u00e0 Phra Palad \u0111\u1ebfn gi\u00e1m s\u00e1t m\u1ed9t kraal voi \u1edf th\u1ecb tr\u1ea5n c\u1eeda s\u00f4ng n\u00e0y. L\u1ec7nh do Chao Phraya Nakhon Noi ban h\u00e0nh nh\u1eb1m m\u1ee5c \u0111\u00edch \u0111\u1ea3m b\u1ea3o ngu\u1ed3n cung c\u1ea5p voi chi\u1ebfn v\u00e0 voi nghi l\u1ec5 \u1ed5n \u0111\u1ecbnh cho v\u01b0\u01a1ng qu\u1ed1c \u0111ang ph\u00e1t tri\u1ec3n. Vi\u1ec7c x\u00e2y d\u1ef1ng kraal kh\u00f4ng ch\u1ec9 thu h\u00fat nh\u1eefng ng\u01b0\u1eddi qu\u1ea3n t\u01b0\u1ee3ng v\u00e0 th\u1ee3 th\u1ee7 c\u00f4ng m\u00e0 c\u00f2n thu h\u00fat c\u1ea3 nh\u1eefng h\u1ed9 gia \u0111\u00ecnh t\u00ecm ki\u1ebfm c\u01a1 h\u1ed9i m\u1edbi. H\u1ecd \u0111\u1ecbnh c\u01b0 t\u1ea1i ba ng\u00f4i l\u00e0ng\u2014Pakasai, Khlong Pon v\u00e0 Pak Lao\u2014m\u1ed7i ng\u00f4i l\u00e0ng \u0111\u1ec1u x\u00e2y d\u1ef1ng b\u1ea3n s\u1eafc ri\u00eang d\u1ecdc theo b\u1edd s\u00f4ng l\u1ea7y l\u1ed9i v\u00e0 c\u00e1c k\u00eanh ph\u1ee5. \u0110\u1ebfn n\u0103m 1872, Vua Chulalongkorn c\u00f4ng nh\u1eadn c\u1ee5m l\u00e0ng n\u00e0y l\u00e0 m\u1ed9t th\u1ecb tr\u1ea5n duy nh\u1ea5t, \u0111\u1eb7t t\u00ean l\u00e0 Krabi, m\u1ed9t thu\u1eadt ng\u1eef g\u1ee3i nh\u1edb \u0111\u1ebfn m\u1ed9t ti\u00eau chu\u1ea9n c\u1ed5 x\u01b0a \u0111\u01b0\u1ee3c trang tr\u00ed b\u1eb1ng bi\u1ec3u t\u01b0\u1ee3ng con kh\u1ec9. Hai n\u0103m sau, th\u1ecb tr\u1ea5n n\u00e0y gi\u00e0nh \u0111\u01b0\u1ee3c \u0111\u1ed9c l\u1eadp v\u1ec1 m\u1eb7t h\u00e0nh ch\u00ednh t\u1eeb Nakhon Si Thammarat v\u00e0 b\u1eaft \u0111\u1ea7u b\u00e1o c\u00e1o tr\u1ef1c ti\u1ebfp v\u1edbi Bangkok, th\u1ed1ng \u0111\u1ed1c \u0111\u1ea7u ti\u00ean c\u1ee7a th\u1ecb tr\u1ea5n\u2014Luang Thep Sena\u2014\u0111\u1ea3m nhi\u1ec7m m\u1ed9t khu v\u1ef1c t\u00e0i ph\u00e1n kh\u00f4ng c\u00f2n ch\u1ec9 l\u00e0 v\u1ec7 tinh c\u1ee7a c\u1ef1u l\u00e3nh ch\u00faa m\u00e0 l\u00e0 m\u1ed9t t\u1ec9nh ri\u00eang bi\u1ec7t.<\/p>\n<p>Ng\u00e0y nay, n\u1ec1n kinh t\u1ebf c\u1ee7a Krabi ph\u1ee5 thu\u1ed9c ph\u1ea7n l\u1edbn v\u00e0o du kh\u00e1ch b\u1ecb thu h\u00fat b\u1edfi n\u00e9t quy\u1ebfn r\u0169 t\u1ef1 nhi\u00ean v\u00e0 v\u1ebb \u0111\u1eb9p g\u1ed3 gh\u1ec1 c\u1ee7a qu\u1ea7n \u0111\u1ea3o xung quanh. M\u1eb7c d\u00f9 ph\u1ea7n l\u1edbn \u0111\u1ecba l\u00fd c\u1ee7a t\u1ec9nh \u0111\u00e3 \u0111\u01b0\u1ee3c ch\u1ec9 \u0111\u1ecbnh l\u00e0 c\u00f4ng vi\u00ean qu\u1ed1c gia\u2014Hat Noppharat Thara\u2013Mu Ko Phi Phi, Khao Phanom Bencha, Than Bokkhorani v\u00e0 c\u00e1c khu b\u1ea3o t\u1ed3n bi\u1ec3n\u2014b\u1ea3n th\u00e2n th\u1ecb tr\u1ea5n Krabi v\u1eabn l\u00e0 \u0111i\u1ec3m v\u00e0o ch\u1ee9 kh\u00f4ng ph\u1ea3i l\u00e0 \u0111i\u1ec3m \u0111\u1ebfn cu\u1ed1i c\u00f9ng. T\u1eeb \u0111\u00e2y, nh\u1eefng du kh\u00e1ch \u0111i trong ng\u00e0y v\u00e0 du kh\u00e1ch l\u01b0u tr\u00fa d\u00e0i ng\u00e0y s\u1ebd b\u1eaft \u0111\u1ea7u kh\u00e1m ph\u00e1 h\u01a1n t\u00e1m m\u01b0\u01a1i h\u00f2n \u0111\u1ea3o g\u1ea7n \u0111\u00f3, bao g\u1ed3m nh\u1eefng \u0111i\u1ec3m thu h\u00fat ph\u1ed5 bi\u1ebfn l\u00e0 Ko Lanta v\u00e0 Ko Phi Phi. V\u00e0o s\u00e2u trong \u0111\u1ea5t li\u1ec1n, th\u00e1c n\u01b0\u1edbc \u0111\u1ed5 xu\u1ed1ng khu r\u1eebng r\u1eadm r\u1ea1p \u1edf Khao Phanom Bencha, trong khi c\u00e1c hang \u0111\u1ed9ng \u0111\u00e1 v\u00f4i c\u1ee7a Than Bokkhorani \u1ea9n ch\u1ee9a nh\u1eefng c\u0103n ph\u00f2ng n\u01a1i c\u00e1c nh\u0169 \u0111\u00e1 nh\u1ecf gi\u1ecdt nh\u01b0 s\u00e1p n\u1ebfn. D\u1ecdc theo b\u1edd bi\u1ec3n, c\u00e1c l\u00f9m c\u00e2y ng\u1eadp m\u1eb7n l\u00e0 n\u01a1i tr\u00fa ng\u1ee5 c\u1ee7a di\u1ec7c v\u00e0 th\u1eb1n l\u1eb1n. \u1ede m\u1ecdi h\u01b0\u1edbng, du kh\u00e1ch \u0111\u1ec1u c\u00f3 th\u1ec3 ch\u00e8o thuy\u1ec1n, ng\u1eafm chim ho\u1eb7c \u0111i b\u1ed9 \u0111\u01b0\u1eddng d\u00e0i, v\u1edbi nh\u1eefng h\u01b0\u1edbng d\u1eabn vi\u00ean bi\u1ebft ch\u00ednh x\u00e1c n\u01a1i t\u00ecm th\u1ea5y chim m\u1ecf s\u1eebng l\u00e0m t\u1ed5 ho\u1eb7c c\u00e1c h\u1ed3 n\u01b0\u1edbc \u1ea9n.<\/p>\n<p>Nh\u1eefng b\u00e3i bi\u1ec3n g\u1ea7n th\u1ecb tr\u1ea5n nh\u1ea5t\u2014Ao Nang v\u00e0 Railay\u2014\u0111\u01b0\u1ee3c t\u1ea1o th\u00e0nh t\u1eeb nh\u1eefng v\u00e1ch \u0111\u00e1 g\u1ea7n nh\u01b0 th\u1eb3ng \u0111\u1ee9ng nh\u00f4 l\u00ean t\u1eeb c\u00e1t. Railay, ch\u1ec9 c\u00f3 th\u1ec3 ti\u1ebfp c\u1eadn b\u1eb1ng thuy\u1ec1n \u0111u\u00f4i d\u00e0i, \u0111\u00e3 tr\u1edf th\u00e0nh nam ch\u00e2m thu h\u00fat nh\u1eefng ng\u01b0\u1eddi leo n\u00fai mu\u1ed1n th\u1eed th\u00e1ch b\u1ea3n th\u00e2n tr\u00ean nh\u1eefng h\u1ed1c \u0111\u00e1 v\u00e0 m\u1ecfm \u0111\u00e1 nh\u00f4 ra \u0111\u01b0\u1ee3c \u0111\u1ebdo t\u1eeb \u0111\u00e1 v\u00f4i qua h\u00e0ng thi\u00ean ni\u00ean k\u1ef7. L\u1ec5 h\u1ed9i Rock and Fire h\u00e0ng n\u0103m, \u0111\u01b0\u1ee3c t\u1ed5 ch\u1ee9c v\u00e0o gi\u1eefa th\u00e1ng 4, tr\u00e0n ng\u1eadp adrenaline khi nh\u1eefng ng\u01b0\u1eddi leo n\u00fai tranh gi\u00e0nh t\u1ed1c \u0111\u1ed9 v\u00e0 phong c\u00e1ch tr\u00ean nh\u1eefng cung \u0111\u01b0\u1eddng nh\u01b0 &#034;Humanality&#034; b\u1ed1n \u0111o\u1ea1n n\u1ed5i ti\u1ebfng. Khi th\u1ee7y tri\u1ec1u l\u00ean cao, vi\u1ec7c leo m\u1ed9t m\u00ecnh \u1edf v\u00f9ng n\u01b0\u1edbc s\u00e2u tr\u1edf th\u00e0nh b\u00e0i t\u1eadp r\u00e8n luy\u1ec7n c\u1ea3 s\u1ef1 c\u00e2n b\u1eb1ng v\u00e0 l\u00f2ng d\u0169ng c\u1ea3m, khi nh\u1eefng ng\u01b0\u1eddi leo n\u00fai ti\u1ebfn t\u1eebng b\u01b0\u1edbc d\u1ecdc theo nh\u1eefng b\u1ee9c t\u01b0\u1eddng b\u1ecb bi\u1ec3n b\u00e0o m\u00f2n ph\u00eda tr\u00ean nh\u1eefng s\u1ea3i n\u01b0\u1edbc cu\u1ed9n tr\u00e0o. Nh\u1eefng ng\u01b0\u1eddi h\u01b0\u1edbng d\u1eabn t\u1eeb m\u1ed9t s\u1ed1 tr\u01b0\u1eddng h\u1ecdc \u0111\u1ecba ph\u01b0\u01a1ng g\u1eb7p nh\u1eefng ng\u01b0\u1eddi m\u1edbi b\u1eaft \u0111\u1ea7u tr\u00ean b\u00e3i bi\u1ec3n v\u00e0o l\u00fac b\u00ecnh minh, trong khi nh\u1eefng ng\u01b0\u1eddi leo n\u00fai c\u00f3 kinh nghi\u1ec7m h\u01a1n k\u00e9o d\u00e2y th\u1eebng \u0111\u1ebfn nh\u1eefng h\u00f2n \u0111\u1ea3o xa x\u00f4i c\u00f3 th\u1ec3 nh\u00ecn th\u1ea5y ngo\u00e0i kh\u01a1i. V\u1edbi m\u1ed7i l\u1ea7n leo l\u00ean, bi\u1ec3n m\u00e0u ng\u1ecdc lam v\u00e0 nh\u1eefng \u0111\u1ec9nh n\u00fai \u0111\u00e1 v\u00f4i xa x\u00f4i \u0111\u1ecbnh h\u00ecnh l\u1ea1i g\u00f3c nh\u00ecn v\u1ec1 \u00fd ngh\u0129a c\u1ee7a vi\u1ec7c \u0111\u1ee9ng \u1edf r\u00eca kh\u00f4ng kh\u00ed v\u00e0 \u0111\u00e1.<\/p>\n<p>Kh\u00f4ng ph\u1ea3i t\u1ea5t c\u1ea3 nh\u1eefng \u0111i\u1ec1u k\u1ef3 di\u1ec7u \u0111\u1ec1u n\u1eb1m \u1edf bi\u1ec3n hay b\u1ea7u tr\u1eddi. T\u1ea1i Ban Laem Pho\u2014c\u00e1ch th\u1ecb tr\u1ea5n kho\u1ea3ng b\u1ed1n m\u01b0\u01a1i km v\u1ec1 ph\u00eda \u0111\u00f4ng b\u1eafc\u2014m\u1ed9t d\u1ea3i \u0111\u1ea5t h\u1eb9p l\u1ed9 ra m\u1ed9t b\u00e3i bi\u1ec3n c\u00f3 b\u00e3i c\u00e1t ch\u1ee9a h\u00e0ng tri\u1ec7u v\u1ecf \u1ed1c h\u00f3a th\u1ea1ch. Nh\u1eefng t\u00e0n t\u00edch n\u00e0y c\u00f3 ni\u00ean \u0111\u1ea1i kho\u1ea3ng b\u1ed1n m\u01b0\u01a1i tri\u1ec7u n\u0103m tr\u01b0\u1edbc, khi c\u00e1c \u0111\u1ea7m l\u1ea7y n\u01b0\u1edbc ng\u1ecdt bao ph\u1ee7 \u0111\u1ed3ng b\u1eb1ng ven bi\u1ec3n n\u00e0y. \u00c1nh s\u00e1ng m\u1eb7t tr\u1eddi xuy\u00ean qua nh\u1eefng chi\u1ebfc l\u00e1 ng\u1eadp m\u1eb7n, chi\u1ebfu s\u00e1ng c\u00e1c v\u00f2ng xo\u1eafn v\u00e0 xo\u1eafn \u1ed1c v\u00f4i h\u00f3a nh\u00fang trong b\u1edd bi\u1ec3n. C\u00e1c nh\u00e0 khoa h\u1ecdc v\u00e0 nh\u1eefng ng\u01b0\u1eddi s\u0103n h\u00f3a th\u1ea1ch nghi\u1ec7p d\u01b0 \u0111\u1ec1u \u0111\u1ebfn \u0111\u00e2y v\u1edbi c\u1ecd v\u00e0 s\u1ed5 tay, c\u1ea9n th\u1eadn kh\u00f4ng l\u00e0m x\u00e1o tr\u1ed9n c\u00e1c m\u1ea3nh v\u1ee1 m\u1ecfng manh. Tr\u00ean cao, nh\u1eefng ch\u00fa chim b\u00f3i c\u00e1 l\u00f3e s\u00e1ng m\u00e0u xanh lam v\u00e0 xanh l\u1ee5c, trong khi nh\u1eefng con th\u1eb1n l\u1eb1n \u0111\u1ea7u r\u1eafn th\u00e8 l\u01b0\u1ee1i ch\u1ebb \u0111\u00f4i \u0111\u1ec3 t\u00ecm ki\u1ebfm nh\u1eefng con cua \u0111\u00e0o hang b\u00ean d\u01b0\u1edbi b\u00f9n.<\/p>\n<p>Kh\u00ed h\u1eadu \u1edf Krabi ph\u1ea3n \u00e1nh v\u1ecb tr\u00ed c\u1ee7a n\u00f3 tr\u01b0\u1edbc Bi\u1ec3n Andaman. T\u1eeb th\u00e1ng 3 \u0111\u1ebfn \u0111\u1ea7u th\u00e1ng 12, gi\u00f3 m\u00f9a mang theo h\u01a1i \u1ea9m v\u00e0o b\u1edd, v\u00e0 m\u00f9a m\u01b0a k\u00e9o d\u00e0i m\u01b0\u1eddi th\u00e1ng c\u00f3 th\u1ec3 mang \u0111\u1ebfn nh\u1eefng ng\u00e0y m\u01b0a nh\u01b0 tr\u00fat n\u01b0\u1edbc kh\u00f4ng ng\u1eebng. Gi\u1eefa nh\u1eefng c\u01a1n b\u00e3o, nh\u1eefng m\u1ea3ng n\u1eafng nh\u1ea3y m\u00faa tr\u00ean m\u1eb7t n\u01b0\u1edbc, v\u00e0 nh\u1eefng con \u0111\u01b0\u1eddng c\u00f3 th\u1ec3 chuy\u1ec3n t\u1eeb nh\u1eefng con \u0111\u01b0\u1eddng b\u1ee5i b\u1eb7m th\u00e0nh nh\u1eefng d\u00f2ng su\u1ed1i m\u00e0u n\u00e2u. Trong c\u00e1i n\u00f3ng tr\u01b0\u1edbc nh\u1eefng c\u01a1n m\u01b0a, nhi\u1ec7t k\u1ebf \u0111\u00e3 t\u0103ng cao t\u1edbi 39,6 \u00b0C v\u00e0o ng\u00e0y 31 th\u00e1ng 3 n\u0103m 2023; ng\u01b0\u1ee3c l\u1ea1i, bu\u1ed5i s\u00e1ng l\u1ea1nh nh\u1ea5t \u0111\u01b0\u1ee3c ghi nh\u1eadn \u1edf \u0111\u00e2y \u0111\u00e3 gi\u1ea3m xu\u1ed1ng c\u00f2n 15,3 \u00b0C v\u00e0o ng\u00e0y 11 th\u00e1ng 1 n\u0103m 2009. Nh\u1eefng \u0111i\u1ec1u c\u1ef1c \u0111oan nh\u01b0 v\u1eady r\u1ea5t hi\u1ebfm, nh\u01b0ng ch\u00fang nh\u1eafc nh\u1edf ng\u01b0\u1eddi d\u00e2n r\u1eb1ng c\u1ea3nh quan n\u00e0y ph\u00e1t tri\u1ec3n m\u1ea1nh nh\u1edd s\u1ef1 t\u01b0\u01a1ng ph\u1ea3n\u2014nh\u1eefng con s\u00f4ng d\u00e2ng cao c\u1eaft qua nh\u1eefng ng\u1ecdn \u0111\u1ed3i \u0111\u00e1 v\u00f4i; nh\u1eefng c\u01a1n gi\u00f4ng b\u1ea5t ng\u1edd tr\u00ean b\u1ea7u tr\u1eddi quang \u0111\u00e3ng.<\/p>\n<p>Vi\u1ec7c ti\u1ebfp c\u1eadn Krabi \u0111\u00e3 c\u00f3 nhi\u1ec1u thay \u0111\u1ed5i \u0111\u00e1ng k\u1ec3 k\u1ec3 t\u1eeb nh\u1eefng ng\u00e0y \u0111\u1ea7u c\u1ee7a thuy\u1ec1n s\u00f4ng v\u00e0 \u0111\u01b0\u1eddng m\u00f2n kh\u00f4ng tr\u1ea3i nh\u1ef1a. T\u1eeb n\u0103m 1999, S\u00e2n bay qu\u1ed1c t\u1ebf Krabi (KBV) \u0111\u00e3 k\u1ebft n\u1ed1i khu v\u1ef1c n\u00e0y tr\u1ef1c ti\u1ebfp v\u1edbi Bangkok, Kuala Lumpur v\u00e0 c\u00e1c chuy\u1ebfn bay thu\u00ea bao theo m\u00f9a t\u1eeb Ch\u00e2u \u00c2u. S\u00e2n bay c\u00e1ch trung t\u00e2m th\u1ecb tr\u1ea5n kho\u1ea3ng m\u01b0\u1eddi l\u0103m km, \u0111\u01b0\u1ee3c k\u1ebft n\u1ed1i b\u1eb1ng xe bu\u00fdt c\u00f3 m\u00e1y l\u1ea1nh \u0111\u01b0a h\u00e0nh kh\u00e1ch \u0111\u1ebfn tr\u01b0\u1edbc t\u00f2a \u00e1n t\u1ec9nh ho\u1eb7c \u0111\u01b0a h\u1ecd \u0111\u1ebfn b\u00e3i bi\u1ec3n Ao Nang ho\u1eb7c Had Yao. C\u00e1c h\u00e3ng h\u00e0ng kh\u00f4ng n\u1ed9i \u0111\u1ecba\u2014Air Asia, Bangkok Airways v\u00e0 Thai Airways\u2014khai th\u00e1c nhi\u1ec1u d\u1ecbch v\u1ee5 h\u00e0ng ng\u00e0y \u0111\u1ebfn th\u1ee7 \u0111\u00f4, trong khi m\u1ed9t chuy\u1ebfn bay duy nh\u1ea5t m\u1ed7i ng\u00e0y k\u1ebft n\u1ed1i Krabi v\u1edbi Ko Samui. C\u00e1c tuy\u1ebfn bay qu\u1ed1c t\u1ebf t\u1eadp trung v\u00e0o Kuala Lumpur, v\u1edbi c\u00e1c d\u1ecbch v\u1ee5 thu\u00ea bao \u0111an xen v\u00e0o v\u00e0 ra trong m\u00f9a cao \u0111i\u1ec3m.<\/p>\n<p>Ngo\u00e0i du l\u1ecbch h\u00e0ng kh\u00f4ng, \u0111\u01b0\u1eddng b\u1ed9 v\u00e0 \u0111\u01b0\u1eddng s\u1eaft v\u1eabn l\u00e0 nh\u1eefng \u0111\u1ed9ng m\u1ea1ch quan tr\u1ecdng. Ga t\u00e0u g\u1ea7n nh\u1ea5t n\u1eb1m \u1edf Surat Thani, c\u00e1ch \u0111\u00f3 ba ti\u1ebfng r\u01b0\u1ee1i \u0111i xe bu\u00fdt ho\u1eb7c xe kh\u00e1ch nh\u1ecf v\u1ec1 ph\u00eda b\u1eafc, trong khi Thung Song Junction n\u1eb1m \u1edf ph\u00eda nam v\u1edbi c\u00e1c tuy\u1ebfn xe kh\u00e1ch nh\u1ecf h\u00e0ng gi\u1edd. Xe bu\u00fdt kh\u1edfi h\u00e0nh t\u1eeb B\u1ebfn xe Talad Kao c\u1ee7a Krabi\u2014s\u1ea1ch s\u1ebd, c\u00f3 bi\u1ec3n b\u00e1o r\u00f5 r\u00e0ng v\u00e0 cung c\u1ea5p Wi-Fi mi\u1ec5n ph\u00ed\u2014\u0111\u1ebfn B\u1ebfn xe bu\u00fdt ph\u00eda Nam c\u1ee7a Bangkok trong h\u00e0nh tr\u00ecnh k\u00e9o d\u00e0i kho\u1ea3ng m\u01b0\u1eddi hai gi\u1edd. \u0110\u1ed1i v\u1edbi nh\u1eefng ch\u1eb7ng ng\u1eafn h\u01a1n, xe kh\u00e1ch nh\u1ecf ri\u00eang \u0111\u01b0a du kh\u00e1ch \u0111\u1ebfn Surat Thani trong v\u00f2ng ch\u01b0a \u0111\u1ea7y hai ti\u1ebfng r\u01b0\u1ee1i v\u1edbi gi\u00e1 v\u00e9 khi\u00eam t\u1ed1n. D\u1ecdc theo b\u1edd bi\u1ec3n Andaman, xe songthaew m\u00e0u tr\u1eafng ch\u1ea1y h\u00e0ng gi\u1edd gi\u1eefa Th\u1ecb tr\u1ea5n Krabi, \u0110\u01b0\u1eddng Maharaj v\u00e0 Ng\u00e3 t\u01b0 Ao Nang, gi\u00e1 \u0111\u1ec3 \u0111\u1ed3 tr\u00ean n\u00f3c xe ch\u1ea5t \u0111\u1ea7y ba l\u00f4 v\u00e0 c\u1ea7n c\u00e2u.<\/p>\n<p>B\u1eb1ng \u0111\u01b0\u1eddng th\u1ee7y, ph\u00e0 th\u01b0\u1eddng xuy\u00ean n\u1ed1i Krabi v\u1edbi Ko Phi Phi, Ko Jum v\u00e0 Ko Lanta. H\u1ea7u h\u1ebft c\u00e1c d\u1ecbch v\u1ee5 kh\u1edfi h\u00e0nh t\u1eeb m\u1ed9t c\u1ea3ng h\u00e0nh kh\u00e1ch hi\u1ec7n \u0111\u1ea1i c\u00e1ch trung t\u00e2m th\u1ecb tr\u1ea5n ba km, tr\u00e1nh xa c\u00e1c b\u1ebfn t\u00e0u c\u0169 ph\u1ee5c v\u1ee5 cho c\u00e1c t\u00e0u ch\u1eadm h\u01a1n. C\u00e1c \u0111\u1ea1i l\u00fd du l\u1ecbch v\u00e0 qu\u1ea7y l\u1ec5 t\u00e2n kh\u00e1ch s\u1ea1n b\u00e1n v\u00e9 th\u01b0\u1eddng bao g\u1ed3m c\u1ea3 d\u1ecbch v\u1ee5 \u0111\u01b0a \u0111\u00f3n b\u1eb1ng t\u00e0u songthaew \u0111\u1ebfn b\u1ebfn t\u00e0u; nh\u1eefng du kh\u00e1ch th\u00f4ng minh h\u01a1n bi\u1ebft r\u1eb1ng mua v\u00e9 g\u1ea7n ng\u00e0y kh\u1edfi h\u00e0nh c\u00f3 th\u1ec3 c\u1eaft gi\u1ea3m chi ph\u00ed. L\u1ecbch tr\u00ecnh ph\u00e0 t\u0103ng l\u00ean trong m\u00f9a cao \u0111i\u1ec3m, trong khi v\u00e0o nh\u1eefng th\u00e1ng th\u1ea5p \u0111i\u1ec3m, l\u1ecbch tr\u00ecnh c\u00f3 th\u1ec3 gi\u1ea3m xu\u1ed1ng ch\u1ec9 c\u00f2n hai chuy\u1ebfn m\u1ed9t ng\u00e0y.<\/p>\n<p>Trong gi\u1edbi h\u1ea1n th\u1ecb tr\u1ea5n, hai khu\u00f4n m\u1eb7t ri\u00eang bi\u1ec7t xu\u1ea5t hi\u1ec7n. D\u1ecdc theo \u0110\u01b0\u1eddng cao t\u1ed1c 4, m\u1ed9t d\u00e3y c\u1eeda h\u00e0ng ven \u0111\u01b0\u1eddng v\u00e0 c\u00e1c trung t\u00e2m th\u01b0\u01a1ng m\u1ea1i nh\u1ecf nh\u1ed9n nh\u1ecbp du kh\u00e1ch t\u00ecm ki\u1ebfm \u0111\u1ed3 \u0103n nh\u1eb9, th\u1ebb SIM v\u00e0 \u0111\u1ed3 l\u01b0u ni\u1ec7m nhanh ch\u00f3ng. Xa h\u01a1n, tr\u00e1nh xa ti\u1ebfng \u1ed3n \u00e0o c\u1ee7a giao th\u00f4ng, m\u1ed9t m\u1ea1ng l\u01b0\u1edbi \u0111\u01b0\u1eddng ph\u1ed1 ri\u00eang t\u01b0 m\u1edf ra c\u00e1c qu\u00e1n c\u00e0 ph\u00ea v\u00e0 qu\u00e1n bar, n\u01a1i c\u00e1c ban nh\u1ea1c s\u1ed1ng h\u00e1t l\u1ea1i nh\u1eefng b\u00e0i h\u00e1t hit c\u1ee7a ph\u01b0\u01a1ng T\u00e2y. \u1ede \u0111\u00e2y, c\u00e1c gia \u0111\u00ecnh \u0111\u1ecba ph\u01b0\u01a1ng h\u00f2a m\u00ecnh v\u00e0o v\u1edbi ng\u01b0\u1eddi n\u01b0\u1edbc ngo\u00e0i v\u00e0 du kh\u00e1ch ba l\u00f4, v\u00e0 nh\u1ecbp s\u1ed1ng ch\u1eadm l\u1ea1i v\u1edbi ti\u1ebfng b\u1ea5m \u0111i\u1ec7n tho\u1ea1i mok mok thong th\u1ea3 v\u00e0 ti\u1ebfng r\u00edt c\u1ee7a m\u00e1y pha c\u00e0 ph\u00ea espresso. \u0110\u1ec3 c\u00f3 c\u1ea3m gi\u00e1c s\u00e2u s\u1eafc h\u01a1n v\u1ec1 n\u01a1i n\u00e0y, du kh\u00e1ch th\u01b0\u1eddng n\u00e1n l\u1ea1i khu ph\u1ed1 y\u00ean t\u0129nh n\u00e0y, n\u1ebfm th\u1eed b\u00e1nh k\u1ebfp d\u1eeba v\u00e0o l\u00fac b\u00ecnh minh ho\u1eb7c nh\u00e2m nhi tr\u00e0 th\u1ea3o m\u1ed9c d\u01b0\u1edbi t\u00e1n l\u00e1 c\u1ee7a m\u1ed9t c\u00e2y \u0111a c\u1ed5 th\u1ee5 h\u00e0ng th\u1ebf k\u1ef7.<\/p>\n<p>C\u00e1c \u0111\u1ecba danh v\u0103n h\u00f3a n\u1eb1m c\u00e1ch trung t\u00e2m th\u1ecb tr\u1ea5n m\u1ed9t \u0111o\u1ea1n \u0111i xe ng\u1eafn. Tr\u00ean \u0111\u1ec9nh m\u1ed9t ng\u1ecdn \u0111\u1ed3i \u0111\u00e1 v\u00f4i c\u00e1ch kho\u1ea3ng ba km v\u1ec1 ph\u00eda b\u1eafc-\u0111\u00f4ng b\u1eafc, Wat Tham Sua\u2014th\u01b0\u1eddng \u0111\u01b0\u1ee3c g\u1ecdi l\u00e0 \u0110\u1ec1n Hang H\u1ed5\u2014n\u1eb1m \u1ea9n m\u00ecnh m\u1ed9t n\u1eeda trong t\u00e1n l\u00e1. Ng\u00f4i \u0111\u1ec1n hang \u0111\u1ed9ng \u1edf ch\u00e2n \u0111\u1ec1n \u0111\u1ec3 l\u1ed9 nh\u1eefng b\u1ee9c t\u01b0\u1ee3ng Ph\u1eadt d\u00e1t v\u00e0ng \u0111\u01b0\u1ee3c s\u1eafp x\u1ebfp tr\u00ean t\u1ea3ng \u0111\u00e1, trong khi truy\u1ec1n thuy\u1ebft kh\u1eb3ng \u0111\u1ecbnh r\u1eb1ng m\u1ed9t con h\u1ed5 \u0111\u00e3 t\u1eebng lang thang trong nh\u1eefng hang \u0111\u1ed9ng n\u00e0y. C\u00f3 hai c\u1ea7u thang leo l\u00ean t\u1eeb khu ph\u1ee9c h\u1ee3p: m\u1ed9t c\u1ea7u thang cao 1.237 b\u1eadc l\u00ean t\u01b0\u1ee3ng Ph\u1eadt tr\u00ean \u0111\u1ec9nh n\u00fai v\u1edbi t\u1ea7m nh\u00ecn to\u00e0n c\u1ea3nh ra nh\u1eefng c\u00e1nh \u0111\u1ed3ng l\u00faa v\u00e0 b\u1edd bi\u1ec3n; c\u1ea7u thang c\u00f2n l\u1ea1i d\u1eabn qua m\u1ed9t thung l\u0169ng \u0111\u01b0\u1ee3c g\u1ecdi l\u00e0 &#034;Wonderland&#034;, r\u1ea3i r\u00e1c nh\u1eefng ng\u00f4i \u0111\u1ec1n nh\u1ecf h\u01a1n v\u00e0 nh\u1eefng con \u0111\u01b0\u1eddng m\u00f2n trong r\u1eebng. C\u00e1c bi\u1ec3n b\u00e1o c\u1ea3nh b\u00e1o kh\u00f4ng \u0111\u01b0\u1ee3c cho nh\u1eefng ch\u00fa kh\u1ec9 c\u01b0 tr\u00fa \u1edf \u0111\u00e2y \u0103n, \u0111\u00f4i b\u00e0n tay nhanh nh\u1eb9n v\u00e0 th\u1ec9nh tho\u1ea3ng c\u1eafn c\u1ee7a ch\u00fang nh\u01b0 l\u1eddi nh\u1eafc nh\u1edf r\u1eb1ng s\u1ef1 hoang d\u00e3 v\u1eabn t\u1ed3n t\u1ea1i \u1edf \u0111\u00e2y.<\/p>\n<p>G\u1ea7n th\u1ecb tr\u1ea5n h\u01a1n, tr\u00ean \u0110\u01b0\u1eddng Maharat, nh\u1eefng b\u1ee9c t\u01b0\u1eddng tr\u1eafng v\u00e0 m\u00e1i v\u00f2m r\u1ed9ng c\u1ee7a Wat Kaew Korawaram \u0111\u00f3n \u00e1nh n\u1eafng m\u1eb7t tr\u1eddi nh\u01b0 nh\u1eefng ng\u1ecdn n\u1ebfn ng\u00e0 voi. Ch\u1ec9 m\u1edbi ho\u00e0n th\u00e0nh trong nh\u1eefng th\u1eadp k\u1ef7 g\u1ea7n \u0111\u00e2y, thi\u1ebft k\u1ebf c\u1ee7a n\u00f3 g\u1ee3i l\u00ean m\u1ed9t chi\u1ebfc b\u00e1nh c\u01b0\u1edbi nhi\u1ec1u l\u1edbp d\u01b0\u1eddng nh\u01b0 t\u1ecfa s\u00e1ng tr\u00ean n\u1ec1n l\u00e1 c\u1ecd. B\u1ea3n \u0111\u1ed3 du l\u1ecbch hi\u1ebfm khi ghi ch\u00fa Dhara Massage and Spa, n\u1eb1m s\u00e2u trong m\u1ed9t con h\u1ebbm h\u1eb9p ngo\u00e0i \u0110\u01b0\u1eddng Issara; nh\u01b0ng ng\u01b0\u1eddi d\u00e2n \u0111\u1ecba ph\u01b0\u01a1ng v\u00e0 nh\u1eefng ng\u01b0\u1eddi hi\u1ec3u bi\u1ebft \u0111\u1ec1u ca ng\u1ee3i c\u00e1c li\u1ec7u ph\u00e1p ch\u0103m s\u00f3c nghi\u00eam ng\u1eb7t c\u1ee7a n\u01a1i n\u00e0y, \u0111\u01b0\u1ee3c th\u1ef1c hi\u1ec7n b\u1edfi hai ng\u01b0\u1eddi ph\u1ee5 n\u1eef c\u00f3 b\u1eb1ng c\u1ea5p v\u00e0 s\u1ef1 ch\u0103m s\u00f3c \u0111\u00e3 gi\u00fap h\u1ecd c\u00f3 \u0111\u01b0\u1ee3c l\u01b0\u1ee3ng kh\u00e1ch h\u00e0ng trung th\u00e0nh.<\/p>\n<p>\u0110\u1ec3 \u0111\u1eafm m\u00ecnh s\u00e2u h\u01a1n, c\u00e1c tour tham quan r\u1eebng ng\u1eadp m\u1eb7n n\u1eeda ng\u00e0y c\u00f3 gi\u00e1 kho\u1ea3ng 1.500 \u0111\u1ebfn 2.500 baht v\u00e0 \u0111\u01b0a c\u00e1c nh\u00f3m nh\u1ecf \u0111i qua c\u00e1c k\u00eanh ngo\u1eb1n ngo\u00e8o, n\u01a1i di\u1ec7c r\u00ecnh r\u1eadp d\u1ecdc theo c\u00e1c r\u1ec5 c\u00e2y l\u1ed9 thi\u00ean. C\u00e1c chuy\u1ebfn \u0111i thuy\u1ec1n m\u1ed9t ng\u00e0y\u2014dao \u0111\u1ed9ng t\u1eeb 1.000 \u0111\u1ebfn 3.000 baht t\u00f9y thu\u1ed9c v\u00e0o lo\u1ea1i t\u00e0u\u2014k\u1ebft h\u1ee3p c\u00e1c chuy\u1ebfn tham quan b\u1ed1n h\u00f2n \u0111\u1ea3o, bao g\u1ed3m c\u1ea3 Hong v\u00e0 Phi Phi, v\u00e0 th\u01b0\u1eddng bao g\u1ed3m d\u1ecbch v\u1ee5 \u0111\u01b0a \u0111\u00f3n, b\u1eefa tr\u01b0a, tr\u00e1i c\u00e2y t\u01b0\u01a1i v\u00e0 thi\u1ebft b\u1ecb c\u01a1 b\u1ea3n \u0111\u1ec3 l\u1eb7n v\u1edbi \u1ed1ng th\u1edf v\u00e0 \u00e1o phao. H\u01b0\u1edbng d\u1eabn vi\u00ean ph\u00e2n ph\u00e1t t\u00fai kh\u00f4 v\u00e0 \u0111\u1ea3m b\u1ea3o r\u1eb1ng ngay c\u1ea3 khi \u0111i qua b\u1eb1ng t\u00e0u cao t\u1ed1c, c\u1ea3m gi\u00e1c g\u1ea7n g\u0169i v\u1edbi nh\u1eefng h\u00f2n \u0111\u1ea3o \u0111\u00e1 v\u00f4i n\u00e0y v\u1eabn kh\u00f4ng h\u1ec1 suy gi\u1ea3m.<\/p>\n<p>Khi m\u00e0n \u0111\u00eam bu\u00f4ng xu\u1ed1ng, c\u00e1c qu\u00e1n bar \u1edf trung t\u00e2m th\u1ecb tr\u1ea5n tr\u1edf n\u00ean s\u00e1ng b\u1eebng v\u1edbi nh\u1ea1c s\u1ed1ng v\u00e0 ti\u1ebfng tr\u00f2 chuy\u1ec7n khe kh\u1ebd. Rocky Bar, n\u1eb1m tr\u00ean s\u00f4ng, \u0111\u00e3 t\u1ea1o d\u1ef1ng \u0111\u01b0\u1ee3c danh ti\u1ebfng v\u1ec1 c\u00e1c bu\u1ed5i bi\u1ec3u di\u1ec5n h\u00e0ng \u0111\u00eam, thu h\u00fat \u0111\u00f4ng \u0111\u1ea3o du kh\u00e1ch v\u00e0 ng\u01b0\u1eddi Th\u00e1i. Nh\u1eefng ng\u01b0\u1eddi kh\u00e1c t\u1ee5 t\u1eadp quanh c\u00e1c qu\u00e1n c\u00e0 ph\u00ea ngo\u00e0i tr\u1eddi, n\u01a1i m\u1ed9t ly Chang ho\u1eb7c Singha l\u1ea1nh l\u00e0m d\u1ecbu \u0111i \u0111\u1ed9 \u1ea9m trong ng\u00e0y. Nh\u1eefng cu\u1ed9c tr\u00f2 chuy\u1ec7n chuy\u1ec3n t\u1eeb c\u00e1c chuy\u1ebfn th\u00e1m hi\u1ec3m leo n\u00fai \u0111\u1ebfn gi\u00e1 v\u00e9 ph\u00e0, t\u1eeb nh\u1eefng qu\u1ea7y h\u00e0ng rong ngon nh\u1ea5t \u0111\u1ebfn l\u1ecbch tr\u00ecnh c\u00e1c chuy\u1ebfn bay tr\u1edf v\u1ec1 Bangkok. Trong nh\u1eefng cu\u1ed9c trao \u0111\u1ed5i n\u00e0y\u2014tr\u00ean nh\u1eefng chi\u1ebfc xe tay ga chung ho\u1eb7c t\u1ea1i nh\u1eefng chi\u1ebfc b\u00e0n d\u01b0\u1edbi nh\u1eefng chi\u1ebfc \u0111\u00e8n tre\u2014b\u1ea3n ch\u1ea5t c\u1ee7a Krabi t\u1ef1 b\u1ed9c l\u1ed9: m\u1ed9t n\u01a1i m\u00e0 l\u1ecbch s\u1eed v\u00e0 nh\u1eefng k\u1ebb lang thang hi\u1ec7n \u0111\u1ea1i g\u1eb7p nhau, n\u01a1i d\u00f2ng ch\u1ea3y c\u1ee7a con s\u00f4ng ph\u1ea3n \u00e1nh nh\u1eefng l\u1ea7n \u0111\u1ebfn v\u00e0 \u0111i \u0111\u1ecbnh h\u00ecnh n\u00ean cu\u1ed9c s\u1ed1ng tr\u00ean b\u1edd bi\u1ec3n ph\u00eda t\u00e2y c\u1ee7a Th\u00e1i Lan.<\/p>","protected":false},"excerpt":{"rendered":"<p>Th\u1ecb tr\u1ea5n ven bi\u1ec3n quy\u1ebfn r\u0169 Krabi, th\u1ee7 ph\u1ee7 c\u1ee7a t\u1ec9nh Krabi \u1edf mi\u1ec1n Nam Th\u00e1i Lan, n\u1eb1m c\u00e1ch Bangkok 650 km v\u1ec1 ph\u00eda Nam. V\u1edbi 32.644 c\u01b0 d\u00e2n t\u00ednh \u0111\u1ebfn n\u0103m 2020, th\u00e0nh ph\u1ed1 th\u1ecbnh v\u01b0\u1ee3ng n\u00e0y l\u00e0 n\u01a1i sinh s\u1ed1ng c\u1ee7a nhi\u1ec1u ng\u01b0\u1eddi. N\u1eb1m \u1edf b\u1edd bi\u1ec3n ph\u00eda t\u00e2y, n\u01a1i S\u00f4ng Krabi \u0111\u1ed5 v\u00e0o V\u1ecbnh Phang Nga, Krabi l\u00e0 c\u1eeda ng\u00f5 \u0111\u1ebfn m\u1ed9t s\u1ed1 k\u1ef3 quan thi\u00ean nhi\u00ean ngo\u1ea1n m\u1ee5c nh\u1ea5t c\u1ee7a Th\u00e1i Lan v\u00e0 \u0111\u00e3 ph\u00e1t tri\u1ec3n th\u00e0nh m\u1ed9t ph\u1ea7n quan tr\u1ecdng c\u1ee7a n\u1ec1n kinh t\u1ebf do du l\u1ecbch th\u00fac \u0111\u1ea9y c\u1ee7a khu v\u1ef1c.<\/p>","protected":false},"author":1,"featured_media":4579,"parent":15536,"menu_order":0,"comment_status":"closed","ping_status":"closed","template":"elementor_theme","meta":{"_eb_attr":"","footnotes":""},"class_list":["post-15595","page","type-page","status-publish","has-post-thumbnail"],"_links":{"self":[{"href":"https:\/\/travelshelper.com\/vi\/wp-json\/wp\/v2\/pages\/15595","targetHints":{"allow":["GET"]}}],"collection":[{"href":"https:\/\/travelshelper.com\/vi\/wp-json\/wp\/v2\/pages"}],"about":[{"href":"https:\/\/travelshelper.com\/vi\/wp-json\/wp\/v2\/types\/page"}],"author":[{"embeddable":true,"href":"https:\/\/travelshelper.com\/vi\/wp-json\/wp\/v2\/users\/1"}],"replies":[{"embeddable":true,"href":"https:\/\/travelshelper.com\/vi\/wp-json\/wp\/v2\/comments?post=15595"}],"version-history":[{"count":0,"href":"https:\/\/travelshelper.com\/vi\/wp-json\/wp\/v2\/pages\/15595\/revisions"}],"up":[{"embeddable":true,"href":"https:\/\/travelshelper.com\/vi\/wp-json\/wp\/v2\/pages\/15536"}],"wp:featuredmedia":[{"embeddable":true,"href":"https:\/\/travelshelper.com\/vi\/wp-json\/wp\/v2\/media\/4579"}],"wp:attachment":[{"href":"https:\/\/travelshelper.com\/vi\/wp-json\/wp\/v2\/media?parent=15595"}],"curies":[{"name":"wp","href":"https:\/\/api.w.org\/{rel}","templated":true}]}}