{"id":15263,"date":"2024-09-20T20:27:50","date_gmt":"2024-09-20T20:27:50","guid":{"rendered":"https:\/\/travelshelper.com\/staging\/?page_id=15263"},"modified":"2026-03-11T19:11:20","modified_gmt":"2026-03-11T19:11:20","slug":"thanh-pho-davao","status":"publish","type":"page","link":"https:\/\/travelshelper.com\/vi\/destinations\/asia\/philippines\/davao\/","title":{"rendered":"Th\u00e0nh ph\u1ed1 Davao"},"content":{"rendered":"<p>Th\u00e0nh ph\u1ed1 Davao chi\u1ebfm m\u1ed9t v\u1ecb tr\u00ed ngh\u1ecbch l\u00fd trong tr\u00ed t\u01b0\u1edfng t\u01b0\u1ee3ng c\u1ee7a ng\u01b0\u1eddi Philippines: r\u1ed9ng l\u1edbn nh\u01b0ng g\u1ea7n g\u0169i, g\u1ed3 gh\u1ec1 nh\u01b0ng s\u1eb5n s\u00e0ng cho s\u1ef1 chuy\u1ec3n \u0111\u1ed5i hi\u1ec7n \u0111\u1ea1i. Tr\u1ea3i d\u00e0i tr\u00ean 2.443,61 km2 \u1edf s\u01b0\u1eddn \u0111\u00f4ng nam Mindanao, th\u00e0nh ph\u1ed1 n\u00e0y l\u00e0m lu m\u1edd m\u1ecdi th\u00e0nh ph\u1ed1 kh\u00e1c c\u1ee7a Philippines tr\u00ean l\u00e3nh th\u1ed5 trong khi v\u1eabn nu\u00f4i d\u01b0\u1ee1ng g\u1ea7n 1,8 tri\u1ec7u d\u00e2n theo \u0111i\u1ec1u tra d\u00e2n s\u1ed1 n\u0103m 2020. V\u1ec1 m\u1eb7t h\u00e0nh ch\u00ednh, th\u00e0nh ph\u1ed1 n\u00e0y t\u00e1ch bi\u1ec7t v\u1edbi t\u1ec9nh Davao del Sur xung quanh, \u0111\u01b0\u1ee3c chia th\u00e0nh ba qu\u1eadn qu\u1ed1c h\u1ed9i, m\u01b0\u1eddi m\u1ed9t qu\u1eadn h\u00e0nh ch\u00ednh v\u00e0 182 barangay, nh\u01b0ng l\u1ea1i \u0111\u00f3ng vai tr\u00f2 l\u00e0 tr\u00e1i tim \u0111\u1eadp c\u1ee7a Metro Davao v\u00e0 V\u00f9ng Davao r\u1ed9ng l\u1edbn h\u01a1n.<\/p>\n\n\n\n<p>T\u1eeb b\u1edd bi\u1ec3n ph\u00eda t\u00e2y b\u1eafc c\u1ee7a n\u00f3 tr\u00ean V\u1ecbnh Davao, \u0111\u01b0\u1eddng vi\u1ec1n c\u1ee7a th\u00e0nh ph\u1ed1 t\u0103ng d\u1ea7n v\u1ec1 ph\u00eda t\u00e2y v\u00e0o c\u00e1c v\u00f9ng \u0111\u1ed3i n\u00fai r\u1ed9ng l\u1edbn c\u1ee7a Marilog. N\u00fai Talomo v\u00e0, \u1edf m\u0169i ph\u00eda t\u00e2y nam c\u1ee7a th\u00e0nh ph\u1ed1, \u0111\u1ec9nh n\u00fai Apo - \u0111\u1ec9nh cao nh\u1ea5t c\u1ee7a Philippines - th\u1ed1ng tr\u1ecb \u0111\u01b0\u1eddng ch\u00e2n tr\u1eddi. \u0110\u01b0\u1ee3c kh\u00e1nh th\u00e0nh nh\u01b0 m\u1ed9t c\u00f4ng vi\u00ean qu\u1ed1c gia \u0111\u01b0\u1ee3c b\u1ea3o v\u1ec7 v\u00e0o th\u00e1ng 5 n\u0103m 1936 b\u1edfi T\u1ed5ng th\u1ed1ng Manuel L. Quezon, C\u00f4ng vi\u00ean qu\u1ed1c gia N\u00fai Apo b\u1ea3o v\u1ec7 m\u1ed9t lo\u1ea1t c\u00e1c h\u1ec7 th\u1ef1c v\u1eadt v\u00e0 \u0111\u1ed9ng v\u1eadt \u0111\u1eb7c h\u1eefu \u0111\u00e1ng ch\u00fa \u00fd, thu h\u00fat c\u1ea3 c\u00e1c nh\u00e0 khoa h\u1ecdc v\u00e0 nh\u00e0 th\u00e1m hi\u1ec3m. S\u00f4ng Davao, ch\u1ea3y 160 km t\u1eeb v\u00f9ng cao nguy\u00ean Bukidnon \u0111\u1ebfn c\u1eeda s\u00f4ng t\u1ea1i Barangay Bucana c\u1ee7a Qu\u1eadn Talomo, thu th\u1eadp d\u00f2ng ch\u1ea3y c\u1ee7a h\u01a1n 1.700 km vu\u00f4ng l\u01b0u v\u1ef1c tr\u01b0\u1edbc khi \u0111\u1ed5 v\u00e0o v\u1ecbnh.<\/p>\n\n\n\n<p>Kh\u00ed h\u1eadu c\u1ee7a Davao th\u00e1ch th\u1ee9c s\u1ef1 ph\u00e2n lo\u1ea1i \u0111\u01a1n gi\u1ea3n. M\u1eb7c d\u00f9 V\u00f9ng h\u1ed9i t\u1ee5 li\u00ean nhi\u1ec7t \u0111\u1edbi tr\u00f4i d\u1ea1t tr\u00ean cao th\u01b0\u1eddng xuy\u00ean h\u01a1n gi\u00f3 m\u1eadu d\u1ecbch, nh\u01b0ng nh\u1eefng c\u01a1n b\u00e3o hi\u1ebfm hoi \u0111\u00e3 c\u1ee9u th\u00e0nh ph\u1ed1 kh\u1ecfi to\u00e0n b\u1ed9 s\u1ee9c m\u1ea1nh c\u1ee7a th\u1eddi ti\u1ebft x\u00edch \u0111\u1ea1o th\u1ef1c s\u1ef1. Nhi\u1ec7t \u0111\u1ed9 duy tr\u00ec tr\u00ean 26 \u00b0C quanh n\u0103m v\u00e0 l\u01b0\u1ee3ng m\u01b0a - lu\u00f4n v\u01b0\u1ee3t qu\u00e1 77 mm m\u1ed7i th\u00e1ng - t\u0103ng l\u00ean c\u01b0\u1eddng \u0111\u1ed9 l\u1edbn nh\u1ea5t v\u00e0o nh\u1eefng th\u00e1ng m\u00f9a h\u00e8. Kh\u00f4ng c\u00f3 m\u00f9a kh\u00f4 \u0111\u01b0\u1ee3c x\u00e1c \u0111\u1ecbnh; ngay c\u1ea3 &#034;m\u00f9a \u0111\u00f4ng&#034; c\u0169ng mang l\u1ea1i nh\u1eefng tr\u1eadn m\u01b0a l\u1edbn. \u0110\u1ed9 \u1ea9m li\u00ean t\u1ee5c n\u00e0y nu\u00f4i d\u01b0\u1ee1ng th\u1ea3m th\u1ef1c v\u1eadt t\u01b0\u01a1i t\u1ed1t bao ph\u1ee7 nh\u1eefng ng\u1ecdn \u0111\u1ed3i xung quanh v\u00e0 nu\u00f4i d\u01b0\u1ee1ng nh\u1eefng lo\u00e0i hoa lan k\u1ef3 l\u1ea1 - \u0111\u1eb7c bi\u1ec7t l\u00e0 lo\u00e0i waling-waling \u0111\u01b0\u1ee3c t\u00f4n k\u00ednh - kh\u00f4ng t\u00ecm th\u1ea5y \u1edf b\u1ea5t k\u1ef3 n\u01a1i n\u00e0o kh\u00e1c.<\/p>\n\n\n\n<p>Th\u00e0nh th\u1ecb v\u00e0 n\u00f4ng th\u00f4n h\u00f2a quy\u1ec7n trong b\u1ee9c tranh kh\u1ea3m v\u0103n h\u00f3a c\u1ee7a Davao. Ph\u1ea7n l\u1edbn c\u01b0 d\u00e2n c\u00f3 ngu\u1ed3n g\u1ed1c t\u1eeb Visayas, ch\u1ee7 y\u1ebfu l\u00e0 Cebu v\u00e0 Iloilo, t\u1ea1o th\u00e0nh c\u1ed1t l\u00f5i c\u1ee7a ng\u01b0\u1eddi Cebuanos v\u00e0 ng\u01b0\u1eddi Ilonggos n\u00f3i ti\u1ebfng Hiligaynon th\u1ed1ng tr\u1ecb b\u1ed1i c\u1ea3nh nh\u00e2n kh\u1ea9u h\u1ecdc. Ng\u01b0\u1eddi Tagalog, Kapampangans v\u00e0 Ilocanos \u0111\u1ebfn sau, th\u00eam v\u00e0o c\u00e1c l\u1edbp phong t\u1ee5c v\u00e0 ng\u00f4n ng\u1eef. C\u00e1c nh\u00f3m Lumad b\u1ea3n \u0111\u1ecba - trong s\u1ed1 \u0111\u00f3 c\u00f3 ng\u01b0\u1eddi Giangan, Kalagan v\u00e0 Tagabawa - ti\u1ebfp t\u1ee5c b\u1ea3o t\u1ed3n c\u00e1c nghi l\u1ec5 t\u1ed5 ti\u00ean ngay c\u1ea3 khi ng\u00f4n ng\u1eef c\u1ee7a h\u1ecd c\u1ea1nh tranh v\u1edbi ng\u00f4n ng\u1eef chung c\u1ee7a th\u00e0nh ph\u1ed1: ti\u1ebfng Cebuano trong b\u1ed1i c\u1ea3nh h\u00e0ng ng\u00e0y, ti\u1ebfng Filipino tr\u00ean ph\u01b0\u01a1ng ti\u1ec7n truy\u1ec1n th\u00f4ng v\u00e0 ti\u1ebfng Bisaya pha Tagalog trong s\u1ed1 nh\u1eefng ng\u01b0\u1eddi n\u00f3i ti\u1ebfng tr\u1ebb tu\u1ed5i. Ti\u1ebfng Anh v\u1eabn l\u00e0 ph\u01b0\u01a1ng ti\u1ec7n ch\u00ednh th\u1ee9c trong tr\u01b0\u1eddng h\u1ecdc v\u00e0 t\u00f2a \u00e1n, cung c\u1ea5p cho nh\u1eefng ng\u01b0\u1eddi l\u00e0m ngh\u1ec1 m\u1ed9t c\u00f4ng c\u1ee5 \u0111a n\u0103ng cho th\u01b0\u01a1ng m\u1ea1i v\u00e0 qu\u1ea3n l\u00fd. Ng\u01b0\u1eddi Moro - Maguindanaons, Maranaos, Tausugs, Iranuns v\u00e0 Sama-Bajaus - duy tr\u00ec c\u00e1c c\u1ed9ng \u0111\u1ed3ng b\u00ean c\u1ea1nh c\u00e1c gia \u0111\u00ecnh ng\u01b0\u1eddi Philippines g\u1ed1c Hoa v\u00e0 Nh\u1eadt B\u1ea3n, v\u00e0 m\u1ed9t s\u1ed1 \u00edt ng\u01b0\u1eddi di c\u01b0 g\u1ea7n \u0111\u00e2y h\u01a1n t\u1eeb kh\u1eafp Ch\u00e2u \u00c1 v\u00e0 ph\u01b0\u01a1ng T\u00e2y.<\/p>\n\n\n\n<p>\u0110\u1ee9c tin h\u00ecnh th\u00e0nh n\u00ean s\u1ee3i d\u1ecdc v\u00e0 s\u1ee3i ngang c\u1ee7a cu\u1ed9c s\u1ed1ng \u0111\u00f4 th\u1ecb. Ng\u01b0\u1eddi C\u00f4ng gi\u00e1o La M\u00e3 chi\u1ebfm kho\u1ea3ng 78 ph\u1ea7n tr\u0103m d\u00e2n s\u1ed1, v\u00e0 T\u1ed5ng gi\u00e1o ph\u1eadn Davao - \u0111\u01b0\u1ee3c th\u00e0nh l\u1eadp v\u00e0o n\u0103m 1975 v\u00e0 \u0111\u01b0\u1ee3c T\u1ed5ng gi\u00e1m m\u1ee5c Romulo Valles ch\u0103n d\u1eaft t\u1eeb n\u0103m 2012 - gi\u00e1m s\u00e1t ba gi\u00e1o ph\u1eadn ph\u1ee5 thu\u1ed9c tr\u00ean kh\u1eafp mi\u1ec1n nam Mindanao. Nh\u00e0 th\u1edd San Pedro v\u1eeba l\u00e0 trung t\u00e2m t\u00e2m linh v\u1eeba l\u00e0 \u0111\u1ecba danh c\u00f4ng c\u1ed9ng, d\u00e0nh ri\u00eang cho Th\u00e1nh Peter. H\u1ed3i gi\u00e1o chi\u1ebfm kho\u1ea3ng 4 ph\u1ea7n tr\u0103m t\u00edn \u0111\u1ed3, ph\u00e2n t\u00e1n trong c\u00e1c nh\u00e0 th\u1edd H\u1ed3i gi\u00e1o bao quanh ranh gi\u1edbi th\u00e0nh ph\u1ed1. M\u1ed9t ch\u00f2m sao \u0111a d\u1ea1ng c\u00e1c nh\u00f3m C\u01a1 \u0111\u1ed1c gi\u00e1o - Iglesia ni Cristo, nhi\u1ec1u phong tr\u00e0o Ng\u0169 tu\u1ea7n v\u00e0 c\u00e1c nh\u00e0 th\u1edd \u0111\u1ed9c l\u1eadp - l\u1ea5p \u0111\u1ea7y c\u00e1c ng\u00f4i nh\u00e0 th\u1edd kh\u00e1c. \u1ede r\u00eca, c\u00e1c gurdwara nh\u1ecf c\u1ee7a \u0111\u1ea1o Sikh, \u0111\u1ec1n th\u1edd Hindu, ch\u00f9a Ph\u1eadt gi\u00e1o, gi\u00e1o \u0111\u01b0\u1eddng Do Th\u00e1i v\u00e0 c\u00e1c khu b\u1ea3o t\u1ed3n v\u1eadt linh ph\u1ea3n \u00e1nh m\u1ed9t th\u00e0nh ph\u1ed1 m\u00e0 c\u00e1c t\u00edn ng\u01b0\u1ee1ng kh\u00f4ng ch\u00ednh th\u1ed1ng v\u1eabn \u00e2m th\u1ea7m t\u1ed3n t\u1ea1i.<\/p>\n\n\n\n<p>L\u00e0 trung t\u00e2m th\u01b0\u01a1ng m\u1ea1i v\u00e0 c\u00f4ng nghi\u1ec7p ch\u00ednh c\u1ee7a Mindanao, Th\u00e0nh ph\u1ed1 Davao neo gi\u1eef n\u1ec1n kinh t\u1ebf khu v\u1ef1c. S\u00e1ng ki\u1ebfn \u200b\u200bKhu v\u1ef1c t\u0103ng tr\u01b0\u1edfng \u0110\u00f4ng \u00c1 \u0111\u00e3 c\u00f4ng nh\u1eadn th\u00e0nh ph\u1ed1 n\u00e0y v\u00ec s\u1ef1 m\u1edf r\u1ed9ng m\u1ea1nh m\u1ebd: c\u00e1c d\u1ef1 b\u00e1o t\u1eebng \u0111\u01b0a Davao v\u00e0o danh s\u00e1ch 100 th\u00e0nh ph\u1ed1 ph\u00e1t tri\u1ec3n nhanh nh\u1ea5t tr\u00ean to\u00e0n th\u1ebf gi\u1edbi, v\u1edbi t\u1ed1c \u0111\u1ed9 t\u0103ng tr\u01b0\u1edfng h\u00e0ng n\u0103m li\u00ean t\u1ee5c kho\u1ea3ng 2,53 ph\u1ea7n tr\u0103m trong m\u01b0\u1eddi l\u0103m n\u0103m. \u0110\u1eb1ng sau s\u1ef1 n\u0103ng \u0111\u1ed9ng n\u00e0y l\u00e0 m\u1ed9t khu ph\u1ee9c h\u1ee3p c\u1ea3ng h\u01b0\u1edbng \u0111\u1ebfn xu\u1ea5t kh\u1ea9u\u2014b\u1eadn r\u1ed9n nh\u1ea5t \u1edf Mindanao\u2014x\u1eed l\u00fd c\u1ea3 ph\u00e0 li\u00ean \u0111\u1ea3o v\u00e0 l\u01b0u l\u01b0\u1ee3ng container. N\u00f4ng nghi\u1ec7p, kinh doanh n\u00f4ng nghi\u1ec7p v\u00e0 s\u1ea3n xu\u1ea5t nh\u1eb9 ph\u00e1t tri\u1ec3n m\u1ea1nh c\u00f9ng v\u1edbi du l\u1ecbch \u0111ang ph\u00e1t tri\u1ec3n m\u1ea1nh.<\/p>\n\n\n\n<p>T\u1ea1i c\u00e1c khu ch\u1ee3 c\u1ee7a th\u00e0nh ph\u1ed1, nh\u1eefng qu\u1ea7y h\u00e0ng \u0111\u01b0\u1ee3c ph\u1ee7 v\u1ecf xanh cho th\u1ea5y s\u1ea7u ri\u00eang trong vinh quang cay n\u1ed3ng c\u1ee7a n\u00f3\u2014mang l\u1ea1i cho Davao bi\u1ec7t danh &#034;Th\u1ee7 ph\u1ee7 s\u1ea7u ri\u00eang c\u1ee7a Philippines&#034;. Tuy nhi\u00ean, kh\u1ea9u v\u1ecb \u0111\u1ecba ph\u01b0\u01a1ng c\u00f2n m\u1edf r\u1ed9ng h\u01a1n th\u1ebf n\u1eefa; kinilaw, c\u00e1 s\u1ed1ng ng\u00e2m gi\u1ea5m, d\u01b0a chu\u1ed9t v\u00e0 \u1edbt, xu\u1ea5t hi\u1ec7n trong m\u1ecdi b\u1eefa \u0103n. Sinuglaw k\u1ebft h\u1ee3p th\u1ecbt ba ch\u1ec9 n\u01b0\u1edbng v\u1edbi v\u1ecb chua cay c\u1ee7a kinilaw. Chu\u1ed1i v\u1ecf ng\u1ecdt v\u00e0 c\u00e1c lo\u1ea1i tr\u00e1i c\u00e2y nhi\u1ec7t \u0111\u1edbi nh\u01b0 marang, ch\u00f4m ch\u00f4m, b\u01b0\u1edfi v\u00e0 m\u0103ng c\u1ee5t l\u00e0m sinh \u0111\u1ed9ng c\u00e1c m\u00f3n tr\u00e1ng mi\u1ec7ng v\u00e0 \u0111\u1ed3 \u0103n nh\u1eb9. Nh\u1edd \u0111\u1ea5t \u0111ai m\u00e0u m\u1ee1 c\u1ee7a N\u00fai Apo, c\u00e0 ph\u00ea tr\u1ed3ng t\u1ea1i \u0111\u1ecba ph\u01b0\u01a1ng v\u00e0 c\u00e1c s\u1ea3n ph\u1ea9m v\u00f9ng cao kh\u00e1c \u0111\u00e3 tham gia v\u00e0o ho\u1ea1t \u0111\u1ed9ng xu\u1ea5t kh\u1ea9u truy\u1ec1n th\u1ed1ng, t\u1ea1o n\u00ean m\u1ed9t n\u00e9t \u0111\u1eb7c tr\u01b0ng t\u1eeb n\u00f4ng tr\u1ea1i \u0111\u1ebfn b\u00e0n \u0103n.<\/p>\n\n\n\n<p>Cu\u1ed9c s\u1ed1ng c\u1ed9ng \u0111\u1ed3ng di\u1ec5n ra qua c\u00e1c l\u1ec5 h\u1ed9i \u0111\u00e1nh d\u1ea5u c\u1ea3 chu k\u1ef3 n\u00f4ng nghi\u1ec7p v\u00e0 l\u00f2ng s\u00f9ng \u0111\u1ea1o. Ng\u00e0y 1 th\u00e1ng 3 k\u1ef7 ni\u1ec7m Araw ng Dabaw, ng\u00e0y th\u00e0nh l\u1eadp th\u00e0nh ph\u1ed1, v\u1edbi c\u00e1c nghi l\u1ec5 v\u00e0 l\u1ec5 t\u01b0\u1edfng ni\u1ec7m c\u1ee7a c\u00f4ng d\u00e2n. V\u00e0o th\u00e1ng 8, l\u1ec5 k\u1ef7 ni\u1ec7m Kadayawan t\u00f4n vinh c\u00e1c nghi l\u1ec5 thu ho\u1ea1ch c\u1ee7a ng\u01b0\u1eddi b\u1ea3n \u0111\u1ecba: \u0111o\u00e0n xe c\u1ee7a c\u00e1c nh\u00f3m b\u1ed9 l\u1ea1c \u0111i qua c\u00e1c \u0111\u01b0\u1eddng ph\u1ed1, trong khi c\u00e1c \u0111i\u1ec7u m\u00faa b\u1ea3n \u0111\u1ecba v\u00e0 tri\u1ec3n l\u00e3m ngh\u1ec7 thu\u1eadt g\u1ee3i nh\u1edb l\u1ea1i th\u1eddi k\u1ef3 ti\u1ec1n thu\u1ed9c \u0111\u1ecba. C\u00e1c s\u1ef1 ki\u1ec7n m\u1edbi h\u01a1n \u0111\u00e3 xu\u1ea5t hi\u1ec7n \u0111\u1ec3 ph\u1ea3n \u00e1nh b\u1ea3n s\u1eafc \u0111\u01b0\u01a1ng \u0111\u1ea1i: Torotot v\u00e0o \u0111\u00eam giao th\u1eeba thay th\u1ebf ph\u00e1o n\u1ed5 b\u1eb1ng ti\u1ebfng k\u00e8n ti\u1ec7c c\u1ed9ng \u0111\u1ed3ng, v\u00e0 k\u1ec3 t\u1eeb n\u0103m 2024, L\u1ec5 h\u1ed9i Duaw Davao v\u00e0o th\u00e1ng 6 t\u1eadp trung v\u00e0o du l\u1ecbch, L\u1ec5 h\u1ed9i San Pedro, Th\u00e1ng T\u1ef1 h\u00e0o v\u00e0 c\u00e1c ho\u1ea1t \u0111\u1ed9ng v\u1ec1 l\u1ed1i s\u1ed1ng nh\u01b0 nhau. Pasko Fiesta sa Davao v\u00e0o th\u00e1ng 12 lan t\u1ecfa \u0111\u00e8n Gi\u00e1ng sinh v\u00e0 c\u00e1c cu\u1ed9c thi \u0111\u1ebfn m\u1ecdi barangay.<\/p>\n\n\n\n<p>Th\u00e0nh ph\u1ed1 l\u01b0u gi\u1eef qu\u00e1 kh\u1ee9 c\u1ee7a m\u00ecnh trong c\u00e1c b\u1ea3o t\u00e0ng v\u00e0 khu v\u1ef1c l\u1ecbch s\u1eed. B\u1ea3o t\u00e0ng Davao v\u00e0 B\u1ea3o t\u00e0ng Ngh\u1ec7 thu\u1eadt D\u00e2n gian Mindanao l\u01b0u gi\u1eef c\u00e1c b\u1ed9 s\u01b0u t\u1eadp t\u1eeb h\u00e0ng d\u1ec7t may b\u1ea3n \u0111\u1ecba \u0111\u1ebfn c\u00e1c di t\u00edch th\u1eddi k\u1ef3 thu\u1ed9c \u0111\u1ecba. \u1ede qu\u1eadn Mintal c\u1ee7a Qu\u1eadn Tugbok, ng\u01b0\u1eddi ta t\u00ecm th\u1ea5y Ngh\u0129a trang v\u00e0 \u0110\u1ec1n th\u1edd Nh\u1eadt B\u1ea3n: nh\u1eefng l\u1eddi nh\u1eafc nh\u1edf th\u1ea7m l\u1eb7ng v\u1ec1 m\u1ed9t c\u1ed9ng \u0111\u1ed3ng ng\u01b0\u1eddi Nh\u1eadt t\u1eebng th\u1ecbnh v\u01b0\u1ee3ng \u0111\u00e3 th\u00e0nh l\u1eadp c\u00e1c \u0111\u1ed3n \u0111i\u1ec1n v\u00e0 \u0111\u01b0\u1eddng h\u1ea7m th\u1eddi chi\u1ebfn. B\u1ea3o t\u00e0ng Philippines-Nh\u1eadt B\u1ea3n ghi ch\u00e9p l\u1ea1i nh\u1eefng m\u1ed1i quan h\u1ec7 giao thoa v\u0103n h\u00f3a n\u00e0y. C\u00e1c \u0111\u1ecba \u0111i\u1ec3m nh\u01b0 B\u1ea3o t\u00e0ng H\u1ed9i L\u1ecbch s\u1eed Davaoe\u00f1o v\u00e0 c\u00e1c nh\u00e0 nguy\u1ec7n r\u1ea3i r\u00e1c th\u1eddi T\u00e2y Ban Nha c\u1ee7ng c\u1ed1 th\u00eam l\u1edbp l\u1ecbch s\u1eed ph\u1ee9c t\u1ea1p c\u1ee7a Davao.<\/p>\n\n\n\n<p>C\u00e1c n\u1ed7 l\u1ef1c b\u1ea3o t\u1ed3n t\u1eadp trung v\u00e0o \u0111\u1ea1i b\u00e0ng Philippines, lo\u00e0i chim qu\u1ed1c gia c\u1ee7a \u0111\u1ea5t n\u01b0\u1edbc v\u00e0 l\u00e0 lo\u00e0i \u0111\u1ea1i b\u00e0ng l\u1edbn nh\u1ea5t th\u1ebf gi\u1edbi. Philippine Eagle Foundation v\u00e0 Nature Center g\u1ea7n th\u00e0nh ph\u1ed1 cung c\u1ea5p n\u01a1i tr\u00fa \u1ea9n cho c\u00e1c lo\u00e0i chim s\u0103n m\u1ed3i b\u1ecb th\u01b0\u01a1ng v\u00e0 \u0111\u01b0\u1ee3c nu\u00f4i nh\u1ed1t. Eden Nature Park v\u00e0 Malagos Garden Resort thu h\u00fat du kh\u00e1ch \u0111\u1ebfn c\u00e1c v\u01b0\u1eddn \u01b0\u01a1m hoa lan, v\u01b0\u1eddn b\u01b0\u1edbm v\u00e0 trang tr\u1ea1i h\u1eefu c\u01a1. Gap Farming Resort cung c\u1ea5p c\u00e1i nh\u00ecn tho\u00e1ng qua v\u1ec1 v\u00f9ng n\u00f4ng th\u00f4n Hinterland ngay tr\u01b0\u1edbc c\u1eeda nh\u00e0 b\u1ea1n, trong khi People&#039;s Park, \u1edf trung t\u00e2m th\u00e0nh ph\u1ed1, tr\u01b0ng b\u00e0y c\u00e1c t\u00e1c ph\u1ea9m \u0111i\u00eau kh\u1eafc ch\u1ea1m kh\u1eafc h\u00ecnh \u1ea3nh Lumad v\u00e0 \u0111\u00e0i phun n\u01b0\u1edbc khi\u00eau v\u0169 \u0111\u01b0\u1ee3c bi\u00ean \u0111\u1ea1o v\u00e0o bu\u1ed5i t\u1ed1i.<\/p>\n\n\n\n<p>S\u1ef1 di chuy\u1ec3n\u2014c\u1ee7a ng\u01b0\u1eddi v\u00e0 h\u00e0ng h\u00f3a\u2014\u0111\u00e3 \u0111\u1ecbnh h\u00ecnh n\u00ean s\u1ef1 ph\u00e1t tri\u1ec3n c\u1ee7a Davao. Trong th\u00e0nh ph\u1ed1, xe taxi v\u00e0 xe jeepney ch\u1ea1y h\u01a1n t\u00e1m m\u01b0\u01a1i tuy\u1ebfn \u0111\u01b0\u1eddng quanh ng\u00e0y; xe ba b\u00e1nh t\u1ecfa ra th\u00e0nh nh\u1eefng l\u00e0n \u0111\u01b0\u1eddng qu\u00e1 h\u1eb9p \u0111\u1ed1i v\u1edbi nh\u1eefng xe l\u1edbn h\u01a1n, trong khi taxi l\u00e0 m\u1ed9t trong nh\u1eefng ph\u01b0\u01a1ng ti\u1ec7n \u0111\u1ea7u ti\u00ean \u1edf Philippines ch\u1ea5p nh\u1eadn thanh to\u00e1n b\u1eb1ng ATM v\u00e0 th\u1ebb ghi n\u1ee3, m\u1ed7i chi\u1ebfc taxi \u0111en \u0111\u01b0\u1ee3c k\u1ebft n\u1ed1i v\u1edbi h\u1ec7 th\u1ed1ng \u0111i\u1ec1u ph\u1ed1i GPS. Xe bu\u00fdt k\u1ebft n\u1ed1i \u0111\u00f4 th\u1ecb v\u1edbi c\u00e1c th\u00e0nh ph\u1ed1 ch\u00ednh v\u00e0 c\u00e1c \u0111\u1ea3o xa h\u01a1n c\u1ee7a Mindanao, th\u1eadm ch\u00ed \u0111\u1ebfn Manila b\u1eb1ng c\u00e1c tuy\u1ebfn \u0111\u01b0\u1eddng b\u1ed9.<\/p>\n\n\n\n<p>C\u00e1c d\u1ef1 \u00e1n \u0111\u01b0\u1eddng b\u1ed9 nh\u1eb1m m\u1ee5c \u0111\u00edch gi\u1ea3i t\u1ecfa t\u1eafc ngh\u1ebdn giao th\u00f4ng: \u0110\u01b0\u1eddng h\u1ea7m Buhangin \u0111\u01b0\u1ee3c m\u1edf v\u00e0o n\u0103m 2003 v\u00e0 c\u00e1c k\u1ebf ho\u1ea1ch \u0111\u1ea7y tham v\u1ecdng cho m\u1ed9t tuy\u1ebfn \u0111\u01b0\u1eddng tr\u00e1nh th\u00e0nh ph\u1ed1 - \u0111\u01b0\u1ee3c thi\u1ebft k\u1ebf \u0111\u1ec3 c\u1eaft gi\u1ea3m th\u1eddi gian di chuy\u1ec3n g\u1ea7n m\u1ed9t n\u1eeda - \u0111\u00e3 b\u1ecb ho\u00e3n l\u1ea1i \u0111\u1ebfn n\u0103m 2028. \u0110\u01b0\u1eddng s\u1eaft \u0111\u01a1n Davao People Mover \u0111\u01b0\u1ee3c \u0111\u1ec1 xu\u1ea5t v\u00e0 m\u1ed9t con \u0111\u01b0\u1eddng ven bi\u1ec3n \u0111\u1ec3 b\u1ea3o v\u1ec7 b\u1edd bi\u1ec3n kh\u1ecfi b\u1ecb x\u00f3i m\u00f2n v\u1eabn n\u1eb1m tr\u00ean b\u00e0n l\u00e0m vi\u1ec7c c\u1ee7a c\u00e1c s\u1edf. M\u1ed9t tuy\u1ebfn \u0111\u01b0\u1eddng s\u1eaft to\u00e0n ti\u1ec3u bang, tuy\u1ebfn Tagum-Davao-Digos, \u0111ang ch\u1edd t\u00e0i tr\u1ee3 sau khi m\u1ed9t hi\u1ec7p \u01b0\u1edbc t\u00e0i tr\u1ee3 c\u1ee7a Trung Qu\u1ed1c h\u1ebft h\u1ea1n v\u00e0o n\u0103m 2023. Trong khi \u0111\u00f3, m\u1ed9t d\u1ef1 \u00e1n hi\u1ec7n \u0111\u1ea1i h\u00f3a giao th\u00f4ng c\u00f4ng c\u1ed9ng l\u1edbn s\u1ebd \u0111\u01b0a v\u00e0o s\u1eed d\u1ee5ng kho\u1ea3ng 1.000 xe bu\u00fdt - bao g\u1ed3m c\u1ea3 xe bu\u00fdt \u0111i\u1ec7n kh\u1edbp n\u1ed1i - v\u00e0 m\u1ed9t m\u1ea1ng l\u01b0\u1edbi c\u00e1c tr\u1ea1m d\u1eebng xe bu\u00fdt tr\u00ean kh\u1eafp Metro Davao.<\/p>\n\n\n\n<p>Tr\u00ean \u0111\u01b0\u1eddng bi\u1ec3n, nh\u1eefng ti\u1ebfn b\u1ed9 bao g\u1ed3m m\u1ed9t tuy\u1ebfn ph\u00e0 m\u1edbi t\u1eeb General Santos \u0111\u1ebfn Bitung, Indonesia, t\u1ea1o \u0111i\u1ec1u ki\u1ec7n thu\u1eadn l\u1ee3i cho vi\u1ec7c bu\u00f4n b\u00e1n h\u00e0ng \u0111i\u1ec7n t\u1eed, \u0111\u1ea7u v\u00e0o n\u00f4ng nghi\u1ec7p v\u00e0 h\u00e0ng h\u00f3a s\u1ea3n xu\u1ea5t. Hai c\u1ea3ng bi\u1ec3n\u2014Sasa International v\u00e0 Santa Ana Wharf\u2014cung c\u1ea5p t\u00e0u thuy\u1ec1n qua v\u1ecbnh \u0111\u1ebfn c\u00e1c \u0111i\u1ec3m \u0111\u1ebfn tr\u00ean \u0111\u1ea3o.<\/p>\n\n\n\n<p>Tr\u00ean b\u1ea7u tr\u1eddi, S\u00e2n bay qu\u1ed1c t\u1ebf Francisco Bangoy \u0111\u00e3 ph\u1ee5c v\u1ee5 l\u01b0u l\u01b0\u1ee3ng m\u00e1y bay ph\u1ea3n l\u1ef1c t\u1eeb n\u0103m 1966, v\u1edbi Philippine Airlines khai tr\u01b0\u01a1ng d\u1ecbch v\u1ee5 m\u00e1y bay ph\u1ea3n l\u1ef1c n\u1ed9i \u0111\u1ecba v\u00e0o n\u0103m \u0111\u00f3. C\u00e1c b\u1ed5 sung g\u1ea7n \u0111\u00e2y bao g\u1ed3m c\u00e1c k\u1ebft n\u1ed1i tr\u1ef1c ti\u1ebfp \u0111\u1ebfn Tuy\u1ec1n Ch\u00e2u, Singapore v\u00e0 Doha, m\u1edf r\u1ed9ng ph\u1ea1m vi to\u00e0n c\u1ea7u c\u1ee7a Davao.<\/p>\n\n\n\n<p>Th\u00e0nh ph\u1ed1 Davao th\u00e1ch th\u1ee9c s\u1ef1 ph\u00e2n lo\u1ea1i r\u00f5 r\u00e0ng. N\u00f3 v\u1eeba l\u00e0 \u0111\u1ed3ng qu\u00ea v\u1eeba l\u00e0 \u0111\u00f4 th\u1ecb, b\u1eaft ngu\u1ed3n t\u1eeb c\u00e1c phong t\u1ee5c c\u1ed5 x\u01b0a nh\u01b0ng l\u1ea1i m\u1edf ra nh\u1eefng ranh gi\u1edbi m\u1edbi v\u1ec1 th\u01b0\u01a1ng m\u1ea1i v\u00e0 c\u01a1 s\u1edf h\u1ea1 t\u1ea7ng. \u0110\u01b0\u1eddng b\u1edd bi\u1ec3n r\u1ed9ng l\u1edbn, nh\u1eefng ng\u1ecdn n\u00fai m\u00e0u m\u1ee1 v\u00e0 b\u1ee9c tranh \u0111\u00f4 th\u1ecb v\u1ec1 ng\u00f4n ng\u1eef v\u00e0 t\u00edn ng\u01b0\u1ee1ng n\u00f3i l\u00ean h\u00e0ng th\u1ebf k\u1ef7 di c\u01b0, th\u01b0\u01a1ng m\u1ea1i v\u00e0 trao \u0111\u1ed5i v\u0103n h\u00f3a. C\u00e1c l\u1ec5 h\u1ed9i \u0111\u1ecba ph\u01b0\u01a1ng c\u1ed9ng h\u01b0\u1edfng v\u1edbi ti\u1ebfng v\u1ecdng c\u1ee7a t\u1ed5 ti\u00ean ngay c\u1ea3 khi c\u00e1c k\u1ebf ho\u1ea1ch giao th\u00f4ng \u0111\u01b0\u1ee3c h\u1ed7 tr\u1ee3 b\u1edfi c\u00f4ng ngh\u1ec7 v\u1ea1ch ra m\u1ed9t qu\u1ef9 \u0111\u1ea1o m\u1edbi. \u1ede m\u1ecdi qu\u1eadn v\u00e0 barangay, ng\u01b0\u1eddi ta c\u1ea3m nh\u1eadn \u0111\u01b0\u1ee3c kh\u1ea3 n\u0103ng b\u1ec1n b\u1ec9 c\u1ee7a th\u00e0nh ph\u1ed1 trong vi\u1ec7c c\u00e2n b\u1eb1ng t\u00ednh li\u00ean t\u1ee5c v\u00e0 thay \u0111\u1ed5i, t\u1ea1o n\u00ean m\u1ed9t t\u01b0\u01a1ng lai v\u1eabn g\u1eafn ch\u1eb7t v\u1edbi \u0111\u1ea5t \u0111ai, d\u00f2ng s\u00f4ng v\u00e0 nh\u1eefng ng\u01b0\u1eddi coi Davao l\u00e0 nh\u00e0.<\/p>","protected":false},"excerpt":{"rendered":"<p>Th\u00e0nh ph\u1ed1 Davao, t\u00ean ch\u00ednh th\u1ee9c l\u00e0 Th\u00e0nh ph\u1ed1 Davao, l\u00e0 th\u00e0nh ph\u1ed1 \u0111\u00f4ng d\u00e2n th\u1ee9 ba \u1edf Philippines, v\u1edbi d\u00e2n s\u1ed1 l\u00e0 1.776.949 ng\u01b0\u1eddi theo \u0111i\u1ec1u tra d\u00e2n s\u1ed1 n\u0103m 2020. N\u1eb1m \u1edf v\u00f9ng Davao c\u1ee7a Philippines, th\u00e0nh ph\u1ed1 c\u00f3 m\u1ee9c \u0111\u1ed9 \u0111\u00f4 th\u1ecb h\u00f3a cao n\u00e0y l\u00e0 th\u00e0nh ph\u1ed1 l\u1edbn nh\u1ea5t c\u1ea3 n\u01b0\u1edbc t\u00ednh theo di\u1ec7n t\u00edch \u0111\u1ea5t li\u1ec1n, v\u1edbi di\u1ec7n t\u00edch r\u1ed9ng l\u1edbn l\u00e0 2.443,61 km2.<\/p>","protected":false},"author":1,"featured_media":2723,"parent":15241,"menu_order":0,"comment_status":"closed","ping_status":"closed","template":"elementor_theme","meta":{"_eb_attr":"","footnotes":""},"class_list":["post-15263","page","type-page","status-publish","has-post-thumbnail"],"_links":{"self":[{"href":"https:\/\/travelshelper.com\/vi\/wp-json\/wp\/v2\/pages\/15263","targetHints":{"allow":["GET"]}}],"collection":[{"href":"https:\/\/travelshelper.com\/vi\/wp-json\/wp\/v2\/pages"}],"about":[{"href":"https:\/\/travelshelper.com\/vi\/wp-json\/wp\/v2\/types\/page"}],"author":[{"embeddable":true,"href":"https:\/\/travelshelper.com\/vi\/wp-json\/wp\/v2\/users\/1"}],"replies":[{"embeddable":true,"href":"https:\/\/travelshelper.com\/vi\/wp-json\/wp\/v2\/comments?post=15263"}],"version-history":[{"count":0,"href":"https:\/\/travelshelper.com\/vi\/wp-json\/wp\/v2\/pages\/15263\/revisions"}],"up":[{"embeddable":true,"href":"https:\/\/travelshelper.com\/vi\/wp-json\/wp\/v2\/pages\/15241"}],"wp:featuredmedia":[{"embeddable":true,"href":"https:\/\/travelshelper.com\/vi\/wp-json\/wp\/v2\/media\/2723"}],"wp:attachment":[{"href":"https:\/\/travelshelper.com\/vi\/wp-json\/wp\/v2\/media?parent=15263"}],"curies":[{"name":"wp","href":"https:\/\/api.w.org\/{rel}","templated":true}]}}