{"id":15191,"date":"2024-09-20T18:52:04","date_gmt":"2024-09-20T18:52:04","guid":{"rendered":"https:\/\/travelshelper.com\/staging\/?page_id=15191"},"modified":"2026-03-11T20:20:37","modified_gmt":"2026-03-11T20:20:37","slug":"a-rap-xe-ut","status":"publish","type":"page","link":"https:\/\/travelshelper.com\/vi\/destinations\/asia\/saudi-arabia\/","title":{"rendered":"\u1ea2 R\u1eadp X\u00ea-\u00fat"},"content":{"rendered":"<p>\u1ea2 R\u1eadp X\u00ea \u00dat chi\u1ebfm ph\u1ea7n l\u1edbn B\u00e1n \u0111\u1ea3o \u1ea2 R\u1eadp, c\u00e1c sa m\u1ea1c \u0111\u1ea5t son v\u00e0 nh\u1eefng ng\u1ecdn n\u00fai g\u1ed3 gh\u1ec1 tr\u1ea3i d\u00e0i gi\u1eefa v\u0129 \u0111\u1ed9 16\u00b0 v\u00e0 33\u00b0 B\u1eafc v\u00e0 kinh \u0111\u1ed9 34\u00b0 v\u00e0 56\u00b0 \u0110\u00f4ng. V\u1edbi di\u1ec7n t\u00edch kho\u1ea3ng 2,15 tri\u1ec7u km2, \u0111\u00e2y l\u00e0 qu\u1ed1c gia l\u1edbn th\u1ee9 n\u0103m ch\u00e2u \u00c1 v\u00e0 l\u1edbn th\u1ee9 m\u01b0\u1eddi hai th\u1ebf gi\u1edbi. V\u01b0\u01a1ng qu\u1ed1c n\u00e0y gi\u00e1p Bi\u1ec3n \u0110\u1ecf \u1edf ph\u00eda t\u00e2y v\u00e0 V\u1ecbnh Ba T\u01b0 \u1edf ph\u00eda \u0111\u00f4ng, gi\u00e1p v\u1edbi Jordan, Iraq, Kuwait, Bahrain, Qatar, C\u00e1c Ti\u1ec3u v\u01b0\u01a1ng qu\u1ed1c \u1ea2 R\u1eadp Th\u1ed1ng nh\u1ea5t, Oman v\u00e0 Yemen; V\u1ecbnh Aqaba c\u0169ng ng\u0103n c\u00e1ch v\u01b0\u01a1ng qu\u1ed1c n\u00e0y v\u1edbi Ai C\u1eadp v\u00e0 Israel. Riyadh, th\u1ee7 \u0111\u00f4 v\u00e0 \u0111\u00f4 th\u1ecb l\u1edbn nh\u1ea5t, cai qu\u1ea3n c\u00e1c \u0111\u1ed3ng b\u1eb1ng r\u1ed9ng l\u1edbn c\u1ee7a Nejd, trong khi Jeddah, Mecca v\u00e0 Medina l\u00e0 trung t\u00e2m th\u01b0\u01a1ng m\u1ea1i v\u00e0 t\u00edn ng\u01b0\u1ee1ng. M\u1eb7c d\u00f9 g\u1ea7n nh\u01b0 ho\u00e0n to\u00e0n kh\u00f4 c\u1eb1n, \u0111\u1ecba h\u00ecnh c\u1ee7a \u1ea2 R\u1eadp X\u00ea \u00dat bao g\u1ed3m c\u00e1c bi\u1ec3n c\u00e1t, cao nguy\u00ean, c\u00e1nh \u0111\u1ed3ng n\u00fai l\u1eeda v\u00e0 m\u1ed9t \u0111\u1ed3ng b\u1eb1ng ven bi\u1ec3n h\u1eb9p \u0111\u01b0\u1ee3c g\u1ecdi l\u00e0 Tih\u0101mah.<\/p>\n\n\n\n<p>C\u00e2u chuy\u1ec7n v\u1ec1 s\u1ef1 hi\u1ec7n di\u1ec7n c\u1ee7a con ng\u01b0\u1eddi tr\u00ean v\u00f9ng \u0111\u1ea5t n\u00e0y b\u1eaft ngu\u1ed3n t\u1eeb m\u1ed9t s\u1ed1 cu\u1ed9c di c\u01b0 s\u1edbm nh\u1ea5t ra kh\u1ecfi ch\u00e2u Phi. \u1ea2 R\u1eadp ti\u1ec1n H\u1ed3i gi\u00e1o \u0111\u00e3 mang l\u1ea1i nhi\u1ec1u ph\u00e1t hi\u1ec7n kh\u1ea3o c\u1ed5 h\u1ecdc phong ph\u00fa: c\u00f4ng c\u1ee5 b\u1eb1ng \u0111\u00e1, ch\u1eef kh\u1eafc tr\u00ean \u0111\u00e1 v\u00e0 d\u1ea5u v\u1ebft c\u1ee7a c\u00e1c khu \u0111\u1ecbnh c\u01b0 th\u1eddi k\u1ef3 \u0111\u1ed3 \u0111\u1ed3ng. Gi\u1eefa c\u1ea3nh quan r\u1ed9ng l\u1edbn, ng\u1eadp tr\u00e0n \u00e1nh n\u1eafng \u0111\u00f3 \u0111\u00e3 n\u1ea3y sinh m\u1ed9t s\u1ed1 n\u1ec1n v\u0103n h\u00f3a ri\u00eang bi\u1ec7t, m\u1ed7i n\u1ec1n v\u0103n h\u00f3a \u0111\u1ec1u th\u00edch nghi v\u1edbi t\u00ecnh tr\u1ea1ng khan hi\u1ebfm n\u01b0\u1edbc v\u00e0 c\u00e1t di \u0111\u1ed9ng. Nh\u1eefng c\u01b0 d\u00e2n sa m\u1ea1c \u0111\u00f3 \u0111\u00e3 t\u1ea1o ra c\u00e1c tuy\u1ebfn \u0111\u01b0\u1eddng th\u01b0\u01a1ng m\u1ea1i \u2014 nh\u1eefng con l\u1ea1c \u0111\u00e0 m\u1ed9t b\u01b0\u1edbu ch\u1ea5t \u0111\u1ea7y nh\u0169 h\u01b0\u01a1ng, m\u1ed9c d\u01b0\u1ee3c v\u00e0 gia v\u1ecb len l\u1ecfi qua b\u00e1n \u0111\u1ea3o \u2014 \u0111\u1eb7t n\u1ec1n m\u00f3ng cho c\u00e1c trung t\u00e2m \u0111\u00f4 th\u1ecb trong t\u01b0\u01a1ng lai.<\/p>\n\n\n\n<p>V\u00e0o \u0111\u1ea7u th\u1ebf k\u1ef7 th\u1ee9 b\u1ea3y, Nh\u00e0 ti\u00ean tri Muhammad \u0111\u00e3 bi\u1ebfn \u0111\u1ed5i m\u1ed9t m\u00f4i tr\u01b0\u1eddng khu v\u1ef1c c\u1ee7a l\u00f2ng trung th\u00e0nh v\u1edbi c\u00e1c b\u1ed9 l\u1ea1c v\u00e0 c\u00e1c \u0111\u1ec1n th\u1edd \u0111a th\u1ea7n th\u00e0nh m\u1ed9t ch\u00ednh th\u1ec3 H\u1ed3i gi\u00e1o duy nh\u1ea5t. T\u1eeb Hij\u0101z, H\u1ed3i gi\u00e1o lan t\u1ecfa ra b\u00ean ngo\u00e0i: trong v\u00f2ng v\u00e0i th\u1eadp k\u1ef7, qu\u00e2n \u0111\u1ed9i \u1ea2 R\u1eadp \u0111\u00e3 mang \u0111\u1ee9c tin m\u1edbi n\u00e0y qua B\u1eafc Phi, v\u00e0o Ba T\u01b0, \u1ea4n \u0110\u1ed9 v\u00e0 B\u00e1n \u0111\u1ea3o Iberia. C\u00e1c tri\u1ec1u \u0111\u1ea1i ra \u0111\u1eddi \u1edf n\u01a1i hi\u1ec7n l\u00e0 \u1ea2 R\u1eadp X\u00ea \u00dat\u2014b\u1eaft \u0111\u1ea7u v\u1edbi c\u00e1c khalip Rashidun (632\u2013661), th\u00f4ng qua Umayyad v\u00e0 Abbasid\u2014\u0111\u00e3 ch\u1ee7 tr\u00ec m\u1ed9t th\u1eddi k\u1ef3 ho\u00e0ng kim c\u1ee7a h\u1ecdc thu\u1eadt, th\u01b0\u01a1ng m\u1ea1i v\u00e0 ki\u1ebfn \u200b\u200btr\u00fac, di s\u1ea3n c\u1ee7a h\u1ecd c\u00f3 th\u1ec3 nh\u00ecn th\u1ea5y trong c\u00e1c b\u1ea3n th\u1ea3o, nh\u00e0 th\u1edd H\u1ed3i gi\u00e1o v\u00e0 th\u00e1p nh\u1ecdn tr\u1ea3i d\u00e0i t\u1eeb Baghdad \u0111\u1ebfn C\u00f3rdoba.<\/p>\n\n\n\n<p>Nh\u00e0 n\u01b0\u1edbc \u1ea2 R\u1eadp X\u00ea \u00dat hi\u1ec7n \u0111\u1ea1i ra \u0111\u1eddi th\u00f4ng qua nh\u1eefng n\u1ed7 l\u1ef1c c\u1ee7a &#039;Abd al-&#039;Az\u012bz ibn Sa&#039;\u016bd. Sau khi chi\u1ebfm \u0111\u01b0\u1ee3c Riyadh v\u00e0o n\u0103m 1902, \u00f4ng \u0111\u00e3 h\u1ee3p nh\u1ea5t Hejaz, Najd, Al-A\u1e25s\u0101 v\u00e0 &#039;As\u012br v\u00e0o n\u0103m 1932, tuy\u00ean b\u1ed1 th\u00e0nh l\u1eadp V\u01b0\u01a1ng qu\u1ed1c \u1ea2 R\u1eadp X\u00ea \u00dat. K\u1ec3 t\u1eeb \u0111\u00f3, m\u1ed9t lo\u1ea1t c\u00e1c qu\u1ed1c v\u01b0\u01a1ng c\u1ee7a Nh\u00e0 Sa&#039;\u016bd li\u00ean t\u1ee5c cai tr\u1ecb nh\u01b0 nh\u1eefng ng\u01b0\u1eddi cai tr\u1ecb chuy\u00ean ch\u1ebf. Lu\u1eadt c\u01a1 b\u1ea3n coi H\u1ed3i gi\u00e1o l\u00e0 n\u1ec1n t\u1ea3ng c\u1ee7a c\u1ea3 \u0111\u1ee9c tin v\u00e0 ph\u00e1p l\u00fd; ti\u1ebfng \u1ea2 R\u1eadp l\u00e0 ng\u00f4n ng\u1eef ch\u00ednh th\u1ee9c. Trong ph\u1ea7n l\u1edbn l\u1ecbch s\u1eed \u0111\u01b0\u01a1ng \u0111\u1ea1i c\u1ee7a m\u00ecnh, nh\u00e0 n\u01b0\u1edbc n\u00e0y \u0111\u00e3 t\u00e1n th\u00e0nh nh\u1eefng l\u1eddi d\u1ea1y kh\u1eafc kh\u1ed5 c\u1ee7a ch\u1ee7 ngh\u0129a Salafi l\u1ea5y c\u1ea3m h\u1ee9ng t\u1eeb Wahh\u0101b\u012b, m\u1eb7c d\u00f9 nh\u1eefng th\u1eadp k\u1ef7 g\u1ea7n \u0111\u00e2y \u0111\u00e3 ch\u1ee9ng ki\u1ebfn \u200b\u200bs\u1ef1 n\u1edbi l\u1ecfng d\u1ea7n d\u1ea7n c\u00e1c quy\u1ec1n l\u1ef1c c\u1ee7a c\u1ea3nh s\u00e1t t\u00f4n gi\u00e1o v\u00e0 nh\u1eefng c\u1ea3i c\u00e1ch x\u00e3 h\u1ed9i khi\u00eam t\u1ed1n.<\/p>\n\n\n\n<p>Vi\u1ec7c ph\u00e1t hi\u1ec7n ra d\u1ea7u m\u1ecf v\u00e0o n\u0103m 1938 \u0111\u00e3 bi\u1ebfn \u0111\u1ed5i m\u1ed9t n\u1ec1n kinh t\u1ebf t\u1ef1 cung t\u1ef1 c\u1ea5p th\u00e0nh m\u1ed9t c\u01b0\u1eddng qu\u1ed1c hydrocarbon. \u1ea2 R\u1eadp X\u00ea \u00dat \u0111\u1ee9ng \u0111\u1ea7u v\u1ec1 tr\u1eef l\u01b0\u1ee3ng d\u1ea7u l\u1edbn th\u1ee9 hai th\u1ebf gi\u1edbi v\u00e0 duy tr\u00ec vai tr\u00f2 d\u1eabn \u0111\u1ea7u trong OPEC. D\u1ea7u m\u1ecf chi\u1ebfm h\u01a1n m\u1ed9t n\u1eeda doanh thu t\u00e0i ch\u00ednh v\u00e0 hai ph\u1ea7n ba kim ng\u1ea1ch xu\u1ea5t kh\u1ea9u, t\u00e0i tr\u1ee3 cho c\u00e1c d\u1ef1 \u00e1n c\u01a1 s\u1edf h\u1ea1 t\u1ea7ng \u0111\u1ea7y tham v\u1ecdng, c\u00e1c ch\u01b0\u01a1ng tr\u00ecnh x\u00e3 h\u1ed9i v\u00e0 m\u1ed9t nh\u00e0 n\u01b0\u1edbc ph\u00fac l\u1ee3i cung c\u1ea5p d\u1ecbch v\u1ee5 ch\u0103m s\u00f3c s\u1ee9c kh\u1ecfe v\u00e0 gi\u00e1o d\u1ee5c \u0111\u1ea1i h\u1ecdc mi\u1ec5n ph\u00ed. \u0110\u01b0\u1ee3c ph\u00e2n lo\u1ea1i l\u00e0 m\u1ed9t n\u1ec1n kinh t\u1ebf thu nh\u1eadp cao, n\u00f3 \u0111\u01b0\u1ee3c x\u1ebfp h\u1ea1ng trong s\u1ed1 hai m\u01b0\u01a1i n\u1ec1n kinh t\u1ebf h\u00e0ng \u0111\u1ea7u th\u1ebf gi\u1edbi theo GDP danh ngh\u0129a v\u00e0 trong s\u1ed1 m\u01b0\u1eddi n\u1ec1n kinh t\u1ebf l\u1edbn nh\u1ea5t theo s\u1ee9c mua t\u01b0\u01a1ng \u0111\u01b0\u01a1ng. Tuy nhi\u00ean, nh\u00e0 n\u01b0\u1edbc n\u00e0y c\u0169ng ph\u1ea3i \u0111\u1ed1i m\u1eb7t v\u1edbi th\u00e1ch th\u1ee9c \u0111a d\u1ea1ng h\u00f3a ngo\u00e0i d\u1ea7u m\u1ecf, th\u00fac \u0111\u1ea9y t\u0103ng tr\u01b0\u1edfng khu v\u1ef1c t\u01b0 nh\u00e2n v\u00e0 t\u00edch h\u1ee3p l\u1ef1c l\u01b0\u1ee3ng lao \u0111\u1ed9ng tr\u1ebb.<\/p>\n\n\n\n<p>V\u1ec1 m\u1eb7t kh\u00ed h\u1eadu, \u1ea2 R\u1eadp X\u00ea \u00dat ch\u1ee7 y\u1ebfu l\u00e0 sa m\u1ea1c. Nhi\u1ec7t \u0111\u1ed9 cao nh\u1ea5t v\u00e0o m\u00f9a h\u00e8 \u1edf \u0111\u1ed3ng b\u1eb1ng \u0111\u1ea5t th\u1ea5p th\u01b0\u1eddng v\u01b0\u1ee3t qu\u00e1 45 \u00b0C, \u0111\u00f4i khi \u0111\u1ea1t \u0111\u1ec9nh g\u1ea7n 54 \u00b0C; ban \u0111\u00eam c\u00f3 th\u1ec3 mang l\u1ea1i s\u1ef1 d\u1ec5 ch\u1ecbu, nh\u01b0ng \u0111\u1ed9 \u1ea9m d\u1ecdc theo b\u1edd bi\u1ec3n c\u00f3 th\u1ec3 l\u00e0m t\u0103ng th\u00eam s\u1ef1 kh\u00f3 ch\u1ecbu. M\u00f9a \u0111\u00f4ng \u00f4n h\u00f2a ngo\u1ea1i tr\u1eeb \u1edf ph\u00eda b\u1eafc, n\u01a1i s\u01b0\u01a1ng gi\u00e1 v\u00e0 tuy\u1ebft r\u01a1i th\u1ec9nh tho\u1ea3ng gh\u00e9 th\u0103m c\u00e1c ng\u1ecdn n\u00fai Tab\u016bk v\u00e0 \u021aurayf. L\u01b0\u1ee3ng m\u01b0a h\u00e0ng n\u0103m hi\u1ebfm khi v\u01b0\u1ee3t qu\u00e1 100 mm, m\u1eb7c d\u00f9 ph\u00eda t\u00e2y nam\u2014bao g\u1ed3m c\u1ea3 d\u00e3y n\u00fai As\u012br\u2014nh\u1eadn \u0111\u01b0\u1ee3c \u0111\u1ed9 \u1ea9m gi\u00f3 m\u00f9a t\u1eeb \u1ea4n \u0110\u1ed9 D\u01b0\u01a1ng, nu\u00f4i d\u01b0\u1ee1ng c\u00e1c trang tr\u1ea1i b\u1eadc thang v\u00e0 v\u00f9ng cao nguy\u00ean c\u00f3 r\u1eebng c\u00e2y b\u00e1ch x\u00f9. C\u00e1c thung l\u0169ng tr\u1ea3i d\u00e0i kh\u1eafp cao nguy\u00ean, \u0111\u1ea5t ph\u00f9 sa c\u1ee7a ch\u00fang nu\u00f4i d\u01b0\u1ee1ng c\u00e2y ch\u00e0 l\u00e0 v\u00e0 c\u00e1c \u1ed1c \u0111\u1ea3o nh\u1ecf.<\/p>\n\n\n\n<p>V\u1ec1 m\u1eb7t sinh h\u1ecdc, v\u01b0\u01a1ng qu\u1ed1c n\u00e0y bao g\u1ed3m n\u0103m v\u00f9ng sinh th\u00e1i tr\u00ean c\u1ea1n: t\u1eeb b\u1edd bi\u1ec3n s\u01b0\u01a1ng m\u00f9 c\u1ee7a Bi\u1ec3n \u0110\u1ecf \u0111\u1ebfn nh\u1eefng c\u00e1nh r\u1eebng tr\u00ean n\u00fai c\u1ee7a Hejaz v\u00e0 nh\u1eefng c\u1ed3n c\u00e1t r\u1ed9ng l\u1edbn c\u1ee7a Empty Quarter. \u0110\u1ed9ng v\u1eadt t\u1eebng bao g\u1ed3m linh d\u01b0\u01a1ng s\u1eebng ki\u1ebfm \u1ea2 R\u1eadp, b\u00e1o g\u00eapa v\u00e0 s\u01b0 t\u1eed ch\u00e2u \u00c1; ng\u00e0y nay m\u1ed9t s\u1ed1 lo\u00e0i ch\u1ec9 t\u1ed3n t\u1ea1i trong c\u00e1c khu b\u1ea3o t\u1ed3n \u0111\u01b0\u1ee3c b\u1ea3o v\u1ec7 ho\u1eb7c b\u1ecb nu\u00f4i nh\u1ed1t. Nh\u1eefng lo\u00e0i s\u0103n m\u1ed3i nh\u01b0 b\u00e1o hoa mai v\u00e0 linh c\u1ea9u s\u1ecdc v\u1eabn t\u1ed3n t\u1ea1i trong c\u00e1c n\u01a1i tr\u00fa \u1ea9n tr\u00ean n\u00fai. C\u00e1c r\u1ea1n san h\u00f4 c\u1ee7a Bi\u1ec3n \u0110\u1ecf l\u00e0 n\u01a1i sinh s\u1ed1ng c\u1ee7a h\u01a1n 1.200 lo\u00e0i c\u00e1\u2014m\u01b0\u1eddi ph\u1ea7n tr\u0103m kh\u00f4ng t\u00ecm th\u1ea5y \u1edf n\u01a1i n\u00e0o kh\u00e1c\u2014trong khi c\u00e1 m\u1eadp, r\u00f9a v\u00e0 c\u00e1 heo tu\u1ea7n tra c\u00e1c h\u00e0nh lang xanh c\u1ee7a n\u00f3.<\/p>\n\n\n\n<p>V\u1ec1 m\u1eb7t h\u00e0nh ch\u00ednh, \u0111\u1ea5t n\u01b0\u1edbc \u0111\u01b0\u1ee3c chia th\u00e0nh m\u01b0\u1eddi ba v\u00f9ng v\u00e0 118 t\u1ec9nh, m\u1ed7i t\u1ec9nh do m\u1ed9t th\u1ed1ng \u0111\u1ed1c ho\u1eb7c th\u1ecb tr\u01b0\u1edfng l\u00e3nh \u0111\u1ea1o. C\u00e1c \u0111\u01a1n v\u1ecb h\u00e0nh ch\u00ednh truy\u1ec1n th\u1ed1ng\u2014Hejaz, Nejd, T\u1ec9nh ph\u00eda \u0110\u00f4ng, As\u012br v\u00e0 bi\u00ean gi\u1edbi ph\u00eda B\u1eafc\u2014ph\u1ea3n \u00e1nh \u0111\u1ecba l\u00fd, li\u00ean k\u1ebft b\u1ed9 l\u1ea1c v\u00e0 di s\u1ea3n l\u1ecbch s\u1eed. \u0110\u00f4 th\u1ecb h\u00f3a \u0111\u00e3 t\u0103ng m\u1ea1nh k\u1ec3 t\u1eeb gi\u1eefa th\u1ebf k\u1ef7: ng\u00e0y nay h\u01a1n t\u00e1m m\u01b0\u01a1i l\u0103m ph\u1ea7n tr\u0103m c\u00f4ng d\u00e2n sinh s\u1ed1ng \u1edf c\u00e1c khu v\u1ef1c \u0111\u00f4 th\u1ecb, tr\u00ean h\u1ebft l\u00e0 Riyadh, Jeddah v\u00e0 Dammam.<\/p>\n\n\n\n<p>V\u1ec1 m\u1eb7t nh\u00e2n kh\u1ea9u h\u1ecdc, \u1ea2 R\u1eadp X\u00ea \u00dat c\u00f3 h\u01a1n 32 tri\u1ec7u ng\u01b0\u1eddi v\u00e0o n\u0103m 2022, g\u1ea7n m\u1ed9t n\u1eeda d\u01b0\u1edbi 25 tu\u1ed5i. Ng\u01b0\u1eddi nh\u1eadp c\u01b0 chi\u1ebfm kho\u1ea3ng b\u1ed1n m\u01b0\u01a1i hai ph\u1ea7n tr\u0103m l\u1ef1c l\u01b0\u1ee3ng lao \u0111\u1ed9ng, ch\u1ee7 y\u1ebfu t\u1eeb Nam v\u00e0 \u0110\u00f4ng Nam \u00c1, Ch\u00e2u Phi v\u00e0 c\u00e1c qu\u1ed1c gia \u1ea2 R\u1eadp l\u00e2n c\u1eadn. Trong s\u1ed1 c\u00f4ng d\u00e2n, kho\u1ea3ng ch\u00edn m\u01b0\u01a1i ph\u1ea7n tr\u0103m t\u1ef1 nh\u1eadn m\u00ecnh l\u00e0 ng\u01b0\u1eddi H\u1ed3i gi\u00e1o Sunni\u2014ch\u1ee7 y\u1ebfu l\u00e0 nh\u1eefng ng\u01b0\u1eddi theo ch\u1ee7 ngh\u0129a Salafi\u2014trong khi m\u01b0\u1eddi ph\u1ea7n tr\u0103m l\u00e0 ng\u01b0\u1eddi Shi&#039;a, t\u1eadp trung \u1edf T\u1ec9nh ph\u00eda \u0110\u00f4ng. Nh\u1eefng ng\u01b0\u1eddi n\u01b0\u1edbc ngo\u00e0i kh\u00f4ng theo \u0111\u1ea1o H\u1ed3i ch\u1ec9 h\u00e0nh ngh\u1ec1 c\u00f4ng khai \u1edf n\u01a1i ri\u00eang t\u01b0; lu\u1eadt ph\u00e1p c\u1ea5m b\u1ed9i gi\u00e1o v\u00e0 c\u1ea3i \u0111\u1ea1o, v\u00e0 vi\u1ec7c c\u1ea3i \u0111\u1ea1o kh\u1ecfi \u0111\u1ea1o H\u1ed3i s\u1ebd b\u1ecb ph\u1ea1t r\u1ea5t n\u1eb7ng.<\/p>\n\n\n\n<p>Ng\u00f4n ng\u1eef th\u1ed1ng nh\u1ea5t v\u00e0 chia r\u1ebd. Ti\u1ebfng \u1ea2 R\u1eadp chu\u1ea9n l\u00e0 n\u1ec1n t\u1ea3ng c\u1ee7a gi\u00e1o d\u1ee5c, ph\u01b0\u01a1ng ti\u1ec7n truy\u1ec1n th\u00f4ng v\u00e0 ch\u00ednh ph\u1ee7, trong khi b\u1ed1n nh\u00f3m ph\u01b0\u01a1ng ng\u1eef ch\u00ednh c\u1ee7a \u1ea2 R\u1eadp X\u00ea \u00dat\u2014Najdi, Hejazi, V\u1ecbnh v\u00e0 Nam Hejaz\u2014th\u1ed1ng tr\u1ecb trong l\u1eddi n\u00f3i h\u00e0ng ng\u00e0y. C\u00e1c v\u00f9ng ng\u00f4n ng\u1eef nh\u1ecf h\u01a1n bao g\u1ed3m ti\u1ebfng Mehri v\u00e0 ph\u01b0\u01a1ng ng\u1eef Faifi \u1edf ph\u00eda t\u00e2y nam. Trong s\u1ed1 nh\u1eefng ng\u01b0\u1eddi kh\u00f4ng ph\u1ea3i c\u00f4ng d\u00e2n, ti\u1ebfng Bengali, Tagalog, Urdu v\u00e0 ti\u1ebfng \u1ea2 R\u1eadp Levant duy tr\u00ec c\u00e1c c\u1ed9ng \u0111\u1ed3ng di c\u01b0. Ng\u00f4n ng\u1eef k\u00fd hi\u1ec7u g\u1eafn k\u1ebft nh\u1eefng ng\u01b0\u1eddi khi\u1ebfm th\u00ednh, v\u1edbi s\u1ed1 l\u01b0\u1ee3ng h\u01a1n 100.000 ng\u01b0\u1eddi.<\/p>\n\n\n\n<p>Di s\u1ea3n n\u1eb1m \u1edf trung t\u00e2m b\u1ea3n s\u1eafc c\u1ee7a ng\u01b0\u1eddi Saudi, ngay c\u1ea3 khi qu\u00e1 tr\u00ecnh hi\u1ec7n \u0111\u1ea1i h\u00f3a l\u00e0m l\u1ea1i \u0111\u01b0\u1eddng ch\u00e2n tr\u1eddi. Mecca v\u00e0 Medina v\u1eabn l\u00e0 tr\u1ee5c t\u00e2m linh c\u1ee7a H\u1ed3i gi\u00e1o: h\u00e0ng n\u0103m, h\u00e0ng tri\u1ec7u ng\u01b0\u1eddi th\u1ef1c hi\u1ec7n c\u00e1c cu\u1ed9c h\u00e0nh h\u01b0\u01a1ng hajj v\u00e0 umrah \u0111\u1ec3 \u0111i v\u00f2ng quanh Kaaba ho\u1eb7c c\u1ea7u nguy\u1ec7n t\u1ea1i Nh\u00e0 th\u1edd H\u1ed3i gi\u00e1o c\u1ee7a Nh\u00e0 ti\u00ean tri. Gia \u0111\u00ecnh Al-Shaibi v\u1eabn gi\u1eef quy\u1ec1n gi\u00e1m h\u1ed9 ch\u00eca kh\u00f3a c\u1ee7a Kaaba, m\u1ed9t s\u1ef1 tin t\u01b0\u1edfng \u0111\u01b0\u1ee3c cho l\u00e0 k\u00e9o d\u00e0i m\u01b0\u1eddi s\u00e1u th\u1ebf k\u1ef7. B\u00ean kia Hij\u0101z, ngh\u1ec7 thu\u1eadt \u0111\u00e1 t\u1ea1i Hail v\u00e0 Bir Hima ghi l\u1ea1i h\u00e0ng thi\u00ean ni\u00ean k\u1ef7 c\u1ee7a s\u1ef1 \u0111i qua c\u1ee7a con ng\u01b0\u1eddi. B\u1ea3y Di s\u1ea3n Th\u1ebf gi\u1edbi c\u1ee7a UNESCO\u2014t\u1eeb c\u00e1c ng\u00f4i m\u1ed9 b\u1eb1ng \u0111\u00e1 sa th\u1ea1ch c\u1ee7a Mad\u0101&#039;in \u1e62\u0101li\u1e25 \u0111\u1ebfn c\u00e1c cung \u0111i\u1ec7n b\u1eb1ng g\u1ea1ch b\u00f9n c\u1ee7a Dir&#039;iyah\u2014l\u00e0 b\u1eb1ng ch\u1ee9ng cho n\u1ec1n v\u0103n minh \u0111\u00e3 bi\u1ebfn m\u1ea5t t\u1eeb \u200b\u200bl\u00e2u.<\/p>\n\n\n\n<p>\u0110\u1ed5i m\u1edbi v\u0103n h\u00f3a \u0111\u00e3 \u0111\u01b0\u1ee3c \u0111\u1ea9y nhanh theo T\u1ea7m nh\u00ecn 2030, m\u1ed9t b\u1ea3n thi\u1ebft k\u1ebf c\u1ea3i c\u00e1ch \u0111\u01b0\u1ee3c \u0111\u01b0a ra v\u00e0o n\u0103m 2016. H\u00e0ng t\u1ef7 \u0111\u00f4 la \u0111\u01b0\u1ee3c h\u01b0\u1edbng \u0111\u1ebfn vi\u1ec7c b\u1ea3o t\u1ed3n \u0111\u1ed3 c\u1ed5, c\u1ee7ng c\u1ed1 c\u00e1c b\u1ea3o t\u00e0ng v\u00e0 t\u00e0i tr\u1ee3 cho c\u00e1c nhi\u1ec7m v\u1ee5 kh\u1ea3o c\u1ed5 h\u1ecdc. V\u00e0o n\u0103m 2024, c\u00e1c cu\u1ed9c khai qu\u1eadt t\u1ea1i Khaybar \u0111\u00e3 ph\u00e1t hi\u1ec7n ra al-Nata\u1e25, m\u1ed9t khu \u0111\u1ecbnh c\u01b0 th\u1eddi k\u1ef3 \u0111\u1ed3 \u0111\u1ed3ng c\u00f3 kho\u1ea3ng 500 ng\u00f4i nh\u00e0, nh\u1ea5n m\u1ea1nh ngu\u1ed3n g\u1ed1c s\u00e2u xa c\u1ee7a b\u00e1n \u0111\u1ea3o n\u00e0y trong n\u1ec1n v\u0103n minh s\u01a1 khai. Trong khi \u0111\u00f3, ti\u1ec3u bang \u0111\u00e3 m\u1edf c\u1eeda cho du l\u1ecbch gi\u1ea3i tr\u00ed, c\u1ea5p th\u1ecb th\u1ef1c cho c\u01b0 d\u00e2n c\u1ee7a n\u0103m m\u01b0\u01a1i qu\u1ed1c gia v\u00e0 ch\u1ea5p nh\u1eadn nh\u1eefng ng\u01b0\u1eddi s\u1edf h\u1eefu th\u1ecb th\u1ef1c Hoa K\u1ef3, V\u01b0\u01a1ng qu\u1ed1c Anh ho\u1eb7c Schengen khi \u0111\u1ebfn n\u01a1i.<\/p>\n\n\n\n<p>\u0110\u1eddi s\u1ed1ng x\u00e3 h\u1ed9i \u0111an xen gi\u1eefa truy\u1ec1n th\u1ed1ng v\u00e0 lu\u1eadt l\u1ec7. \u0110\u00e0n \u00f4ng m\u1eb7c thawb, m\u1ed9t chi\u1ebfc \u00e1o cho\u00e0ng d\u00e0i \u0111\u1ebfn m\u1eaft c\u00e1 ch\u00e2n m\u00e0u tr\u1eafng, \u0111\u01b0\u1ee3c th\u1eaft ch\u1eb7t b\u1eb1ng keffiyeh ho\u1eb7c ghutra v\u00e0 agal bu\u1ed9c ch\u1eb7t; v\u00e0o nh\u1eefng ng\u00e0y m\u00e1t m\u1ebb, m\u1ed9t chi\u1ebfc bisht b\u1eb1ng l\u00f4ng l\u1ea1c \u0111\u00e0 c\u00f3 th\u1ec3 che ph\u1ee7 vai. Ph\u1ee5 n\u1eef m\u1eb7c abaya, m\u1ed9t chi\u1ebfc \u00e1o cho\u00e0ng ngo\u00e0i m\u00e0u \u0111en k\u00e9o d\u00e0i t\u1eeb c\u1ed5 \u0111\u1ebfn ch\u00e2n; kh\u0103n tr\u00f9m \u0111\u1ea7u\u2014hij\u0101b ho\u1eb7c niq\u0101b\u2014c\u00f3 nhi\u1ec1u h\u00ecnh d\u1ea1ng kh\u00e1c nhau. C\u00e1c h\u1ecda ti\u1ebft b\u1ed9 l\u1ea1c l\u00e0m s\u1ed1ng \u0111\u1ed9ng nh\u1eefng \u0111\u01b0\u1eddng th\u00eau d\u1ecdc theo vi\u1ec1n \u00e1o, nh\u1eefng s\u1ee3i kim lo\u1ea1i b\u1eaft s\u00e1ng d\u01b0\u1edbi \u00e1nh n\u1eafng m\u1eb7t tr\u1eddi.<\/p>\n\n\n\n<p>\u1ea8m th\u1ef1c ph\u1ea3n \u00e1nh s\u1ef1 giao thoa gi\u1eefa th\u01b0\u01a1ng m\u1ea1i v\u00e0 chinh ph\u1ee5c. Kabsa\u2014c\u01a1m ninh v\u1edbi th\u1ecbt c\u1eebu ho\u1eb7c th\u1ecbt g\u00e0\u2014v\u00e0 mandi, m\u00f3n \u0103n anh em th\u01a1m ngon c\u1ee7a n\u00f3, l\u00e0 v\u00ed d\u1ee5 \u0111i\u1ec3n h\u00ecnh cho \u1ea9m th\u1ef1c qu\u1ed1c gia. B\u00e1nh m\u00ec d\u1eb9t, ch\u00e0 l\u00e0 v\u00e0 s\u1eefa chua \u0111i k\u00e8m v\u1edbi m\u1ecdi b\u1eefa \u0103n; c\u00e0 ph\u00ea, pha \u0111\u1eadm v\u00e0 th\u00eam gia v\u1ecb v\u1edbi b\u1ea1ch \u0111\u1eadu kh\u1ea5u, mang theo nghi l\u1ec5 hi\u1ebfu kh\u00e1ch s\u00e2u s\u1eafc. K\u1eb9o l\u00e0m t\u1eeb m\u1eadt ong v\u00e0 c\u00e1c lo\u1ea1i h\u1ea1t xu\u1ea5t hi\u1ec7n t\u1ea1i c\u00e1c l\u1ec5 h\u1ed9i v\u00e0 bu\u1ed5i t\u1ee5 h\u1ecdp, h\u01b0\u01a1ng v\u1ecb c\u1ee7a \u1ea3nh h\u01b0\u1edfng Nam \u00c1, Ba T\u01b0 v\u00e0 \u0110\u00f4ng Phi \u0111\u01b0\u1ee3c \u0111\u01b0a v\u00e0o th\u1ef1c h\u00e0nh \u0111\u1ecba ph\u01b0\u01a1ng.<\/p>\n\n\n\n<p>C\u01a1 s\u1edf h\u1ea1 t\u1ea7ng hi\u1ec7n \u0111\u1ea1i c\u00f9ng t\u1ed3n t\u1ea1i v\u1edbi nh\u1eefng con \u0111\u01b0\u1eddng m\u00f2n caravan c\u1ed5 x\u01b0a. \u0110\u01b0\u1eddng cao t\u1ed1c c\u1eaft ngang nh\u1eefng v\u00f9ng sa m\u1ea1c; nh\u1eefng s\u00e2n bay l\u1ea5p l\u00e1nh n\u1ed1i Riyadh v\u00e0 Jeddah v\u1edbi c\u00e1c th\u1ee7 \u0111\u00f4 to\u00e0n c\u1ea7u. Tuy nhi\u00ean, \u1edf nh\u1eefng v\u00f9ng xa x\u00f4i, ng\u01b0\u1eddi Bedouin v\u1eabn \u0111i theo l\u1ea1c \u0111\u00e0 qua nh\u1eefng c\u1ed3n c\u00e1t, ch\u0103n th\u1ea3 d\u00ea v\u00e0 khai th\u00e1c mu\u1ed1i t\u1eeb c\u00e1c b\u00e3i kho\u00e1ng s\u1ea3n. C\u00e1c trang tr\u1ea1i n\u0103ng l\u01b0\u1ee3ng m\u1eb7t tr\u1eddi n\u1edf r\u1ed9 trong s\u1ef1 tr\u1ed1ng tr\u1ea3i b\u1ecb thi\u00eau \u0111\u1ed1t b\u1edfi \u00e1nh n\u1eafng m\u1eb7t tr\u1eddi, m\u1ed9t t\u00edn hi\u1ec7u cho th\u1ea5y n\u1ed7 l\u1ef1c v\u01b0\u1ee3t qua d\u1ea7u m\u1ecf c\u1ee7a n\u1ec1n kinh t\u1ebf.<\/p>\n\n\n\n<p>Th\u00e1ch th\u1ee9c c\u0169ng nh\u01b0 c\u01a1 h\u1ed9i \u0111ang hi\u1ec7n h\u1eefu. S\u1ef1 ph\u1ee5 thu\u1ed9c v\u00e0o lao \u0111\u1ed9ng n\u01b0\u1edbc ngo\u00e0i c\u00f3 chi ph\u00ed x\u00e3 h\u1ed9i v\u00e0 kinh t\u1ebf. Th\u1ea5t nghi\u1ec7p \u1edf thanh ni\u00ean, v\u1eabn cao h\u01a1n m\u1ee9c trung b\u00ecnh c\u1ee7a khu v\u1ef1c, th\u00fac \u0111\u1ea9y \u0111\u1ea7u t\u01b0 v\u00e0o gi\u00e1o d\u1ee5c v\u00e0 \u0111\u00e0o t\u1ea1o k\u1ef9 thu\u1eadt. T\u00ecnh tr\u1ea1ng thi\u1ebfu n\u01b0\u1edbc \u0111\u00f2i h\u1ecfi c\u00e1c d\u1ef1 \u00e1n kh\u1eed mu\u1ed1i quy m\u00f4 l\u1edbn v\u00e0 c\u00e1c bi\u1ec7n ph\u00e1p b\u1ea3o t\u1ed3n. C\u00e1c nh\u00f3m nh\u00e2n quy\u1ec1n th\u00fac \u0111\u1ea9y s\u1ef1 tham gia r\u1ed9ng r\u00e3i h\u01a1n c\u1ee7a c\u00f4ng d\u00e2n v\u00e0 quy\u1ec1n t\u1ef1 do ng\u00f4n lu\u1eadn.<\/p>\n\n\n\n<p>Tuy nhi\u00ean, \u1ea2 R\u1eadp X\u00ea \u00dat \u0111ang ti\u1ebfn t\u1edbi m\u1ed9t vai tr\u00f2 \u0111\u01b0\u1ee3c x\u00e1c \u0111\u1ecbnh l\u1ea1i trong th\u1ebf k\u1ef7 21. V\u1ecb tr\u00ed chi\u1ebfn l\u01b0\u1ee3c c\u1ee7a n\u01b0\u1edbc n\u00e0y k\u1ebft n\u1ed1i c\u00e1c ch\u00e2u l\u1ee5c; s\u1ef1 gi\u00e0u c\u00f3 v\u1ec1 d\u1ea7u m\u1ecf c\u1ee7a n\u01b0\u1edbc n\u00e0y b\u1ea3o \u0111\u1ea3m cho \u1ea3nh h\u01b0\u1edfng \u0111\u1ecba ch\u00ednh tr\u1ecb; d\u00e2n s\u1ed1 tr\u1ebb c\u1ee7a n\u01b0\u1edbc n\u00e0y mang l\u1ea1i c\u1ea3 s\u1ef1 n\u0103ng \u0111\u1ed9ng v\u00e0 s\u1ef1 b\u1ea5t \u1ed5n. Khi v\u01b0\u01a1ng qu\u1ed1c n\u00e0y v\u1eadt l\u1ed9n v\u1edbi vi\u1ec7c c\u00e2n b\u1eb1ng gi\u1eefa \u0111\u1ee9c tin v\u00e0 c\u1ea3i c\u00e1ch, truy\u1ec1n th\u1ed1ng v\u00e0 \u0111\u1ed5i m\u1edbi, c\u00e2u chuy\u1ec7n c\u1ee7a h\u1ecd \u0111\u01b0\u1ee3c m\u1edf ra trong v\u00f4 s\u1ed1 c\u00e1ch di\u1ec5n \u0111\u1ea1t: ti\u1ebfng v\u1ecdng c\u1ee7a l\u1eddi k\u00eau g\u1ecdi c\u1ea7u nguy\u1ec7n l\u00fac b\u00ecnh minh, nh\u1eefng c\u1ed3n c\u00e1t \u0111\u01b0\u1ee3c gi\u00f3 t\u1ea1o h\u00ecnh c\u1ee7a Rub&#039; al Kh\u0101l\u012b, nh\u1eefng c\u1ed9t \u0111\u00e1 c\u1ea9m th\u1ea1ch c\u1ee7a c\u00e1c b\u1ea3o t\u00e0ng m\u1edbi c\u1ee7a Riyadh v\u00e0 nh\u1eefng \u0111o\u1ea1n v\u0103n s\u00f9ng \u0111\u1ea1o v\u01b0\u1ee3t th\u1eddi gian c\u1ee7a Hajj. M\u1ed7i y\u1ebfu t\u1ed1 \u0111\u1ec1u g\u00f3p ph\u1ea7n t\u1ea1o n\u00ean m\u1ed9t b\u1ee9c ch\u00e2n dung kh\u00f4ng ph\u1ea3i l\u00e0 kh\u1ed1i th\u1ed1ng nh\u1ea5t hay s\u00e1o r\u1ed7ng m\u00e0 l\u00e0 s\u1ef1 t\u1ed5ng h\u1ee3p \u0111ang ph\u00e1t tri\u1ec3n c\u1ee7a l\u1ecbch s\u1eed, v\u0103n h\u00f3a v\u00e0 kh\u00e1t v\u1ecdng.<\/p>","protected":false},"excerpt":{"rendered":"<p>\u1ea2 R\u1eadp X\u00ea \u00dat, t\u00ean ch\u00ednh th\u1ee9c l\u00e0 V\u01b0\u01a1ng qu\u1ed1c \u1ea2 R\u1eadp X\u00ea \u00dat (KSA), l\u00e0 m\u1ed9t qu\u1ed1c gia r\u1ed9ng l\u1edbn n\u1eb1m \u1edf T\u00e2y \u00c1, bao g\u1ed3m ph\u1ea7n l\u1edbn B\u00e1n \u0111\u1ea3o \u1ea2 R\u1eadp, v\u1edbi d\u00e2n s\u1ed1 kho\u1ea3ng 32,2 tri\u1ec7u ng\u01b0\u1eddi. Qu\u1ed1c gia r\u1ed9ng l\u1edbn n\u00e0y, tr\u1ea3i d\u00e0i tr\u00ean 2.150.000 km2, l\u00e0 qu\u1ed1c gia l\u1edbn th\u1ee9 n\u0103m \u1edf Ch\u00e2u \u00c1 v\u00e0 l\u1edbn nh\u1ea5t \u1edf Trung \u0110\u00f4ng. V\u1ecb tr\u00ed chi\u1ebfn l\u01b0\u1ee3c c\u1ee7a qu\u1ed1c gia n\u00e0y n\u1eb1m \u1edf giao \u0111i\u1ec3m c\u1ee7a c\u00e1c l\u1ee5c \u0111\u1ecba, \u0111\u01b0\u1ee3c bao quanh b\u1edfi Bi\u1ec3n \u0110\u1ecf \u1edf ph\u00eda t\u00e2y, Jordan, Iraq v\u00e0 Kuwait \u1edf ph\u00eda b\u1eafc, V\u1ecbnh Ba T\u01b0 v\u00e0 c\u00e1c qu\u1ed1c gia v\u00f9ng V\u1ecbnh kh\u00e1c \u1edf ph\u00eda \u0111\u00f4ng, v\u00e0 Oman v\u00e0 Yemen \u1edf ph\u00eda nam v\u00e0 \u0111\u00f4ng nam.<\/p>","protected":false},"author":1,"featured_media":4533,"parent":24063,"menu_order":0,"comment_status":"closed","ping_status":"closed","template":"elementor_theme","meta":{"_eb_attr":"","footnotes":""},"class_list":["post-15191","page","type-page","status-publish","has-post-thumbnail"],"_links":{"self":[{"href":"https:\/\/travelshelper.com\/vi\/wp-json\/wp\/v2\/pages\/15191","targetHints":{"allow":["GET"]}}],"collection":[{"href":"https:\/\/travelshelper.com\/vi\/wp-json\/wp\/v2\/pages"}],"about":[{"href":"https:\/\/travelshelper.com\/vi\/wp-json\/wp\/v2\/types\/page"}],"author":[{"embeddable":true,"href":"https:\/\/travelshelper.com\/vi\/wp-json\/wp\/v2\/users\/1"}],"replies":[{"embeddable":true,"href":"https:\/\/travelshelper.com\/vi\/wp-json\/wp\/v2\/comments?post=15191"}],"version-history":[{"count":0,"href":"https:\/\/travelshelper.com\/vi\/wp-json\/wp\/v2\/pages\/15191\/revisions"}],"up":[{"embeddable":true,"href":"https:\/\/travelshelper.com\/vi\/wp-json\/wp\/v2\/pages\/24063"}],"wp:featuredmedia":[{"embeddable":true,"href":"https:\/\/travelshelper.com\/vi\/wp-json\/wp\/v2\/media\/4533"}],"wp:attachment":[{"href":"https:\/\/travelshelper.com\/vi\/wp-json\/wp\/v2\/media?parent=15191"}],"curies":[{"name":"wp","href":"https:\/\/api.w.org\/{rel}","templated":true}]}}