{"id":14970,"date":"2024-09-20T13:10:19","date_gmt":"2024-09-20T13:10:19","guid":{"rendered":"https:\/\/travelshelper.com\/staging\/?page_id=14970"},"modified":"2026-03-11T13:11:10","modified_gmt":"2026-03-11T13:11:10","slug":"tehran","status":"publish","type":"page","link":"https:\/\/travelshelper.com\/vi\/destinations\/asia\/iran\/tehran\/","title":{"rendered":"Tehran"},"content":{"rendered":"<p>Tehran tr\u1ea3i d\u00e0i tr\u00ean c\u00e1c s\u01b0\u1eddn ph\u00eda nam c\u1ee7a d\u00e3y n\u00fai Alborz, m\u1ed9t th\u00e0nh ph\u1ed1 c\u00f3 s\u1ef1 t\u01b0\u01a1ng ph\u1ea3n ch\u00f3ng m\u1eb7t, n\u01a1i nh\u1eefng t\u1ea3ng \u0111\u00e1 c\u1ed5 n\u1eb1m c\u1ea1nh nh\u1eefng t\u00f2a th\u00e1p b\u1eb1ng k\u00ednh v\u00e0 th\u00e9p. \u1ede \u0111\u1ed9 cao 1.200 m\u00e9t so v\u1edbi m\u1ef1c n\u01b0\u1edbc bi\u1ec3n, c\u00e1c qu\u1eadn ph\u00eda nam b\u1eb1ng ph\u1eb3ng c\u1ee7a th\u00e0nh ph\u1ed1 n\u00e0y \u00e1p v\u00e0o sa m\u1ea1c trung t\u00e2m, trong khi \u1edf ph\u00eda b\u1eafc, nh\u1eefng ng\u1ecdn \u0111\u1ed3i v\u01b0\u01a1n l\u00ean t\u1edbi nh\u1eefng \u0111\u1ec9nh n\u00fai cao h\u01a1n 2.000 m\u00e9t. \u0110\u1ebfn n\u0103m 2025, g\u1ea7n 9,8 tri\u1ec7u ng\u01b0\u1eddi s\u1ebd coi ranh gi\u1edbi th\u00e0nh ph\u1ed1 l\u00e0 nh\u00e0, v\u00e0 v\u1edbi h\u01a1n 16,8 tri\u1ec7u ng\u01b0\u1eddi \u1edf khu v\u1ef1c \u0111\u00f4 th\u1ecb r\u1ed9ng l\u1edbn h\u01a1n, Tehran \u0111\u01b0\u1ee3c x\u1ebfp h\u1ea1ng l\u00e0 th\u00e0nh ph\u1ed1 \u0111\u00f4ng d\u00e2n nh\u1ea5t \u1edf T\u00e2y \u00c1 v\u00e0 l\u00e0 khu v\u1ef1c \u0111\u00f4 th\u1ecb l\u1edbn th\u1ee9 hai \u1edf Trung \u0110\u00f4ng sau Cairo. Th\u00f4ng qua c\u00e1c l\u1edbp l\u1ecbch s\u1eed v\u00e0 \u0111\u1ecba h\u00ecnh b\u1ecb chia c\u1eaft c\u1ee7a m\u00ecnh, th\u1ee7 \u0111\u00f4 Iran cho th\u1ea5y c\u1ea3 s\u1ee9c b\u1ec1n v\u00e0 nh\u1eefng ma s\u00e1t \u0111i k\u00e8m v\u1edbi s\u1ef1 t\u0103ng tr\u01b0\u1edfng nhanh ch\u00f3ng.<\/p>\n\n\n\n<p>L\u00e2u tr\u01b0\u1edbc khi n\u01a1i \u0111\u00e2y tr\u1edf th\u00e0nh n\u01a1i \u1edf c\u1ee7a ch\u00ednh ph\u1ee7 Iran, m\u1eb7t \u0111\u1ea5t b\u00ean d\u01b0\u1edbi Tehran thu\u1ed9c v\u1ec1 Rhages, \u0111\u01b0\u1ee3c bi\u1ebft \u0111\u1ebfn trong th\u1eddi c\u1ed5 \u0111\u1ea1i l\u00e0 m\u1ed9t khu \u0111\u1ecbnh c\u01b0 l\u1edbn c\u1ee7a ng\u01b0\u1eddi Median. N\u1eb1m c\u00e1ch trung t\u00e2m th\u00e0nh ph\u1ed1 ng\u00e0y nay v\u00e0i km v\u1ec1 ph\u00eda nam, Ray (t\u00ean g\u1ecdi hi\u1ec7n t\u1ea1i c\u1ee7a th\u00e0nh ph\u1ed1) \u0111\u00e3 ch\u1ee9ng ki\u1ebfn \u200b\u200bs\u1ef1 tr\u1ed7i d\u1eady v\u00e0 s\u1ee5p \u0111\u1ed5 c\u1ee7a c\u00e1c \u0111\u1ebf ch\u1ebf. C\u00e1c b\u1ee9c t\u01b0\u1eddng c\u1ee7a th\u00e0nh ph\u1ed1 \u0111\u00e3 b\u1ecb nh\u1eefng k\u1ebb x\u00e2m l\u01b0\u1ee3c \u1ea2 R\u1eadp, Th\u1ed5 Nh\u0129 K\u1ef3 v\u00e0 M\u00f4ng C\u1ed5 ph\u00e1 v\u1ee1, v\u00e0 ch\u1ec9 c\u00f2n l\u1ea1i nh\u1eefng m\u1ea3nh v\u1ee1 gi\u1eefa s\u1ef1 ph\u00e1t tri\u1ec3n c\u1ee7a v\u00f9ng ngo\u1ea1i \u00f4. Qua nhi\u1ec1u th\u1ebf k\u1ef7, Ray \u0111\u00e3 b\u1ecb h\u1ea5p th\u1ee5 v\u00e0o Greater Tehran, nh\u1eefng t\u00e0n t\u00edch c\u1ee7a th\u00e0nh ph\u1ed1 \u0111\u00f3ng vai tr\u00f2 l\u00e0 nh\u00e2n ch\u1ee9ng th\u1ea7m l\u1eb7ng cho s\u1ef1 m\u1edf r\u1ed9ng v\u00e0 chuy\u1ec3n \u0111\u1ed5i kh\u00f4ng ng\u1eebng c\u1ee7a th\u00e0nh ph\u1ed1.<\/p>\n\n\n\n<p>N\u0103m 1786, Agha Mohammad Khan c\u1ee7a tri\u1ec1u \u0111\u1ea1i Qajar tuy\u00ean b\u1ed1 Tehran l\u00e0 th\u1ee7 \u0111\u00f4 c\u1ee7a Iran. \u00d4ng t\u00ecm ki\u1ebfm m\u1ed9t n\u01a1i c\u00f3 quy\u1ec1n l\u1ef1c an to\u00e0n h\u01a1n c\u00e1c trung t\u00e2m tri\u1ec1u \u0111\u1ea1i truy\u1ec1n th\u1ed1ng, \u0111\u1ee7 g\u1ea7n v\u1edbi Kavkaz\u2014l\u00fac \u0111\u00f3 \u0111ang di\u1ec5n ra cu\u1ed9c chi\u1ebfn tranh Nga-Iran\u2014nh\u01b0ng v\u1eabn \u0111\u01b0\u1ee3c b\u1ea3o v\u1ec7 kh\u1ecfi c\u00e1c cu\u1ed9c ganh \u0111ua phe ph\u00e1i. Quy\u1ebft \u0111\u1ecbnh \u0111\u00f3 \u0111\u00e3 m\u1edf ra m\u1ed9t k\u1ef7 nguy\u00ean x\u00e2y d\u1ef1ng: nh\u1eefng cung \u0111i\u1ec7n khi\u00eam t\u1ed1n, doanh tr\u1ea1i qu\u00e2n \u0111\u1ed9i v\u00e0 n\u1ec1n t\u1ea3ng c\u1ee7a nh\u1eefng g\u00ec s\u1ebd tr\u1edf th\u00e0nh b\u1ed9 m\u00e1y quan li\u00eau r\u1ed9ng l\u1edbn c\u1ee7a m\u1ed9t nh\u00e0 n\u01b0\u1edbc hi\u1ec7n \u0111\u1ea1i. Ngay c\u1ea3 trong b\u1ed1i c\u1ea3nh suy t\u00e0n c\u1ee7a tri\u1ec1u \u0111\u1ea1i Qajar, danh ti\u1ebfng c\u1ee7a Tehran v\u1eabn t\u0103ng \u0111\u1ec1u \u0111\u1eb7n, d\u00e2n s\u1ed1 t\u0103ng g\u1ea5p \u0111\u00f4i d\u01b0\u1edbi th\u1eddi Fath-Ali Shah. \u0110\u1ebfn \u0111\u1ea7u th\u1ebf k\u1ef7 XIX, nh\u1eefng con ph\u1ed1 v\u00e0 qu\u1ea3ng tr\u01b0\u1eddng c\u00f4ng c\u1ed9ng m\u1edbi \u0111\u00e3 h\u00ecnh th\u00e0nh, n\u1ed5i b\u1eadt nh\u1ea5t l\u00e0 Toopkhaneh (nay l\u00e0 Qu\u1ea3ng tr\u01b0\u1eddng Imam Khomeini). C\u00e1c nh\u00e0 th\u1edd H\u1ed3i gi\u00e1o \u1edf trung t\u00e2m th\u00e0nh ph\u1ed1 \u0111\u00e3 \u0111\u01b0\u1ee3c trang tr\u00ed m\u1edbi khi c\u00e1c d\u1ecbch v\u1ee5 \u0111\u00f4 th\u1ecb v\u00e0 c\u00e1c t\u1ed5 ch\u1ee9c d\u00e2n s\u1ef1 v\u01b0\u1ee3t ra kh\u1ecfi c\u00e1c c\u1ed5ng v\u00e0 nh\u00e0 tr\u1ecd c\u0169.<\/p>\n\n\n\n<p>Th\u1ebf k\u1ef7 XX l\u00e0 th\u1eddi k\u1ef3 thay \u0111\u1ed5i s\u00e2u s\u1eafc. Reza Shah Pahlavi \u0111\u00e3 b\u1eaft tay v\u00e0o c\u00e1c d\u1ef1 \u00e1n x\u00e2y d\u1ef1ng quy m\u00f4 l\u1edbn v\u00e0o nh\u1eefng n\u0103m 1920, gi\u1edbi thi\u1ec7u c\u00e1c \u0111\u1ea1i l\u1ed9 l\u1ea5y c\u1ea3m h\u1ee9ng t\u1eeb ch\u00e2u \u00c2u v\u00e0 n\u1ec1n t\u1ea3ng c\u1ee7a m\u1ed9t c\u01a1 s\u1edf h\u1ea1 t\u1ea7ng hi\u1ec7n \u0111\u1ea1i. S\u00e2n bay Mehrabad m\u1edf \u0111\u01b0\u1eddng b\u0103ng v\u00e0 c\u00e1c tuy\u1ebfn \u0111\u01b0\u1eddng s\u1eaft ch\u1ea1y ngang qua \u0111\u1ed3ng b\u1eb1ng. Khi nh\u00e0 n\u01b0\u1edbc Pahlavi hi\u1ec7n \u0111\u1ea1i h\u00f3a tr\u01b0\u1eddng h\u1ecdc, c\u00e1c b\u1ed9 v\u00e0 \u0111\u1ecba \u0111i\u1ec3m v\u0103n h\u00f3a, Tehran \u0111\u00e3 thu h\u00fat nh\u1eefng ng\u01b0\u1eddi di c\u01b0 t\u1eeb m\u1ecdi t\u1ec9nh. Trong kho\u1ea3ng th\u1eddi gian t\u1eeb cu\u1ed9c \u0111i\u1ec1u tra d\u00e2n s\u1ed1 n\u0103m 2006 \u0111\u1ebfn n\u0103m 2016, d\u00e2n s\u1ed1 th\u00e0nh ph\u1ed1 \u0111\u00e3 t\u0103ng t\u1eeb 7.711.230 ng\u01b0\u1eddi trong 2.286.787 h\u1ed9 gia \u0111\u00ecnh l\u00ean 8.693.706 ng\u01b0\u1eddi trong 2.911.065 h\u1ed9 gia \u0111\u00ecnh. \u0110\u1ebfn n\u0103m 2025, kho\u1ea3ng 9,8 tri\u1ec7u c\u01b0 d\u00e2n s\u1ebd s\u1ed1ng trong gi\u1edbi h\u1ea1n ch\u00ednh th\u1ee9c c\u1ee7a th\u00e0nh ph\u1ed1. L\u00e0n s\u00f3ng n\u00e0y \u0111\u00e3 \u0111\u1ecbnh h\u00ecnh l\u1ea1i c\u1ea5u tr\u00fac x\u00e3 h\u1ed9i c\u1ee7a Tehran: trong m\u1ed9t cu\u1ed9c kh\u1ea3o s\u00e1t c\u1ee7a \u0110\u1ea1i h\u1ecdc Tehran n\u0103m 2010, 63 ph\u1ea7n tr\u0103m s\u1ed1 ng\u01b0\u1eddi \u0111\u01b0\u1ee3c ph\u1ecfng v\u1ea5n sinh ra t\u1ea1i th\u00e0nh ph\u1ed1 n\u00e0y, 75 ph\u1ea7n tr\u0103m x\u00e1c \u0111\u1ecbnh l\u00e0 ng\u01b0\u1eddi Ba T\u01b0 v\u00e0 g\u1ea7n 98 ph\u1ea7n tr\u0103m th\u00f4ng th\u1ea1o ti\u1ebfng Ba T\u01b0, trong \u0111\u00f3 13 ph\u1ea7n tr\u0103m c\u0169ng n\u00f3i m\u1ed9t ng\u00f4n ng\u1eef ch\u00e2u \u00c2u.<\/p>\n\n\n\n<p>Khu v\u1ef1c th\u00e0nh ph\u1ed1 Tehran \u0111\u01b0\u1ee3c chia th\u00e0nh 22 qu\u1eadn. Hai m\u01b0\u01a1i qu\u1eadn n\u1eb1m trong Qu\u1eadn trung t\u00e2m c\u1ee7a Qu\u1eadn Tehran; qu\u1eadn 1 v\u00e0 20 m\u1edf r\u1ed9ng v\u00e0o c\u00e1c qu\u1eadn Shemiranat v\u00e0 Ray. C\u00e1c qu\u1eadn ph\u00eda nam\u2014n\u01a1i c\u00f3 nh\u00e0 ga xe l\u1eeda \u1edf \u0111\u1ed9 cao 1.117 m\u00e9t so v\u1edbi m\u1ef1c n\u01b0\u1edbc bi\u1ec3n\u2014b\u1eb1ng ph\u1eb3ng h\u01a1n v\u00e0 \u0111\u01b0\u1ee3c x\u00e2y d\u1ef1ng d\u00e0y \u0111\u1eb7c h\u01a1n, trong khi c\u00e1c khu ph\u1ed1 ph\u00eda b\u1eafc m\u1ecdc l\u00ean d\u1ecdc theo c\u00e1c s\u01b0\u1eddn d\u1ed1c. Ph\u1ed1 Valiasr, x\u01b0\u01a1ng s\u1ed1ng c\u1ee7a th\u00e0nh ph\u1ed1, tr\u1ea3i d\u00e0i 17,3 km t\u1eeb ph\u00eda nam \u0111\u1ebfn Qu\u1ea3ng tr\u01b0\u1eddng Tajrish \u1edf \u0111\u1ed9 cao 1.712,6 m\u00e9t. Xa h\u01a1n, Velenjak cao g\u1ea7n 2.000 m\u00e9t.<\/p>\n\n\n\n<p>S\u1ef1 gi\u00e0u c\u00f3 v\u00e0 hi\u1ec7n \u0111\u1ea1i t\u1eadp trung \u1edf ph\u00eda b\u1eafc: c\u00e1c v\u00f9ng \u0111\u1ea5t nh\u01b0 Zafaraniyeh, Jordan, Elahiyeh v\u00e0 Niavaran n\u1ed5i ti\u1ebfng v\u1edbi c\u00e1c \u0111\u1ea1i s\u1ee9 qu\u00e1n, c\u0103n h\u1ed9 cao t\u1ea7ng v\u00e0 c\u00f4ng vi\u00ean r\u1ee3p b\u00f3ng c\u00e2y. Ng\u01b0\u1ee3c l\u1ea1i, trung t\u00e2m Tehran l\u00e0 n\u01a1i \u0111\u1eb7t c\u00e1c b\u1ed9, b\u1ed9 v\u00e0 tr\u1ee5 s\u1edf th\u01b0\u01a1ng m\u1ea1i, trong khi ph\u00eda nam v\u1eabn c\u00f3 gi\u00e1 c\u1ea3 ph\u1ea3i ch\u0103ng h\u01a1n nh\u01b0ng \u0111\u00f4ng d\u00e2n c\u01b0.<\/p>\n\n\n\n<p>Kh\u00ed h\u1eadu c\u1ee7a Tehran n\u1eb1m gi\u1eefa ranh gi\u1edbi gi\u1eefa b\u00e1n kh\u00f4 h\u1ea1n l\u1ea1nh (BSk) v\u00e0 b\u00e1n kh\u00f4 h\u1ea1n n\u00f3ng (BSh). M\u00f9a h\u00e8 n\u00f3ng v\u00e0 kh\u00f4, th\u01b0\u1eddng l\u00ean t\u1edbi 38 \u00b0C v\u00e0o th\u00e1ng 7; m\u00f9a \u0111\u00f4ng mang \u0111\u1ebfn nh\u1eefng ng\u00e0y m\u00e1t m\u1ebb, m\u01b0a nhi\u1ec1u. D\u00e3y n\u00fai Alborz t\u1ea1o n\u00ean nh\u1eefng c\u01a1n gi\u00f3 c\u1ee5c b\u1ed9: v\u00e0o ban \u0111\u00eam, &#034;gi\u00f3 Tochal&#034; th\u1ed5i xu\u1ed1ng t\u1eeb c\u00e1c \u0111\u1ec9nh n\u00fai khi ch\u00fang m\u00e1t m\u1ebb, mang \u0111\u1ebfn s\u1ef1 d\u1ec5 ch\u1ecbu cho c\u01b0 d\u00e2n \u1edf ph\u00eda tr\u00ean th\u00e0nh ph\u1ed1. V\u00e0o m\u00f9a h\u00e8, gi\u00f3 t\u1eeb c\u00e1c sa m\u1ea1c ph\u00eda nam c\u00f3 th\u1ec3 l\u00e0m t\u0103ng nhi\u1ec7t \u0111\u1ed9, trong khi c\u00e1c d\u00f2ng h\u1ea3i l\u01b0u h\u00e0nh tinh ph\u00eda t\u00e2y mang theo b\u1ee5i v\u00e0 m\u01b0a th\u1ec9nh tho\u1ea3ng. Nh\u1eefng ng\u1ecdn \u0111\u1ed3i ph\u00eda b\u1eafc, v\u1edbi nh\u1eefng khu v\u01b0\u1eddn v\u00e0 h\u00e0nh lang xanh, th\u01b0\u1eddng m\u00e1t h\u01a1n t\u1eeb hai \u0111\u1ebfn ba \u0111\u1ed9 C so v\u1edbi ph\u00eda nam ch\u1eadt c\u1ee9ng b\u00ea t\u00f4ng.<\/p>\n\n\n\n<p>Trong khi ng\u01b0\u1eddi Ba T\u01b0 chi\u1ebfm \u0111a s\u1ed1\u2014kho\u1ea3ng 75 ph\u1ea7n tr\u0103m t\u1ef1 nh\u1eadn m\u00ecnh l\u00e0 ng\u01b0\u1eddi b\u1ea3n x\u1ee9 v\u00e0o n\u0103m 2010\u2014ng\u01b0\u1eddi Iran g\u1ed1c Azeris chi\u1ebfm nh\u00f3m l\u1edbn th\u1ee9 hai v\u1edbi kho\u1ea3ng 10\u201315 ph\u1ea7n tr\u0103m, ti\u1ebfp theo l\u00e0 ng\u01b0\u1eddi Mazanderanis v\u1edbi 5 ph\u1ea7n tr\u0103m. C\u00e1c c\u1ed9ng \u0111\u1ed3ng nh\u1ecf h\u01a1n g\u1ed3m ng\u01b0\u1eddi Kurd, ng\u01b0\u1eddi Armenia, ng\u01b0\u1eddi Gruzia, ng\u01b0\u1eddi Bakhtyaris, ng\u01b0\u1eddi Talysh, ng\u01b0\u1eddi Baloch, ng\u01b0\u1eddi Assyria, ng\u01b0\u1eddi \u1ea2 R\u1eadp, ng\u01b0\u1eddi Do Th\u00e1i v\u00e0 ng\u01b0\u1eddi Circassian b\u1ed5 sung th\u00eam nhi\u1ec1u s\u1ee3i d\u00e2y v\u00e0o b\u1ee9c tranh c\u1ee7a th\u00e0nh ph\u1ed1, m\u1eb7c d\u00f9 h\u1ea7u h\u1ebft \u0111\u00e3 \u0111\u1ed3ng h\u00f3a v\u1ec1 m\u1eb7t ng\u00f4n ng\u1eef v\u00e0o ph\u01b0\u01a1ng ng\u1eef Tehrani ch\u00ednh c\u1ee7a ti\u1ebfng Ba T\u01b0. Sau C\u00e1ch m\u1ea1ng n\u0103m 1979, nhi\u1ec1u ng\u01b0\u1eddi Tehran \u0111\u00e3 di c\u01b0\u2014\u0111\u1eb7c bi\u1ec7t l\u00e0 \u0111\u1ebfn Hoa K\u1ef3, \u0110\u1ee9c, Th\u1ee5y \u0110i\u1ec3n v\u00e0 Canada\u2014\u0111\u1ec3 l\u1ea1i c\u1ea3 kho\u1ea3ng tr\u1ed1ng trong m\u1ed9t s\u1ed1 nh\u00f3m chuy\u00ean gia nh\u1ea5t \u0111\u1ecbnh v\u00e0 d\u00f2ng ki\u1ec1u h\u1ed1i ch\u1ea3y m\u1ea1nh.<\/p>\n\n\n\n<p>H\u1ed3i gi\u00e1o Shia Twelver l\u00e0 qu\u1ed1c gi\u00e1o v\u00e0 l\u00e0 \u0111\u1ee9c tin c\u1ee7a \u0111a s\u1ed1. Ng\u01b0\u1eddi H\u1ed3i gi\u00e1o Sunni v\u00e0 nh\u1eefng ng\u01b0\u1eddi theo gi\u00e1o ph\u00e1i Sufi c\u00f9ng t\u1ed3n t\u1ea1i v\u1edbi c\u00e1c gi\u00e1o ph\u00e1i C\u01a1 \u0111\u1ed1c, Do Th\u00e1i, Zoroastrian v\u00e0 m\u1ed9t nh\u00f3m thi\u1ec3u s\u1ed1 nh\u1ecf Baha&#039;i. M\u1ed9t c\u1ed9ng \u0111\u1ed3ng ng\u01b0\u1eddi Sikh khi\u00eam t\u1ed1n duy tr\u00ec m\u1ed9t gurdwara, \u0111\u01b0\u1ee3c Th\u1ee7 t\u01b0\u1edbng \u1ea4n \u0110\u1ed9 Manmohan Singh vi\u1ebfng th\u0103m v\u00e0o n\u0103m 2012. Trong m\u1ed9t &#034;Kh\u1ea3o s\u00e1t Tehran&#034; n\u0103m 2016, 53,5 ph\u1ea7n tr\u0103m s\u1ed1 ng\u01b0\u1eddi \u0111\u01b0\u1ee3c h\u1ecfi \u0111\u00e1nh gi\u00e1 t\u00f4n gi\u00e1o l\u00e0 &#034;r\u1ea5t quan tr\u1ecdng&#034;, 31,1 ph\u1ea7n tr\u0103m l\u00e0 &#034;kh\u00e1 quan tr\u1ecdng&#034;, 10,5 ph\u1ea7n tr\u0103m &#034;kh\u00f4ng quan tr\u1ecdng l\u1eafm&#034; v\u00e0 4,8 ph\u1ea7n tr\u0103m &#034;ho\u00e0n to\u00e0n kh\u00f4ng quan tr\u1ecdng&#034;.<\/p>\n\n\n\n<p>Di s\u1ea3n ho\u00e0ng gia c\u1ee7a Tehran c\u00f3 th\u1ec3 nh\u00ecn th\u1ea5y trong c\u00e1c cung \u0111i\u1ec7n c\u1ee7a th\u00e0nh ph\u1ed1. Cung \u0111i\u1ec7n Golestan, m\u1ed9t qu\u1ea7n th\u1ec3 Qajar g\u1ed3m c\u00e1c s\u1ea3nh ph\u1ea3n chi\u1ebfu v\u00e0 s\u00e2n hi\u00ean l\u00e1t \u0111\u00e1 c\u1ea9m th\u1ea1ch, n\u1eb1m \u1edf trung t\u00e2m th\u00e0nh ph\u1ed1 c\u1ed5. V\u1ec1 ph\u00eda b\u1eafc, cung \u0111i\u1ec7n Sa&#039;dabad v\u00e0 Niavaran, t\u1eebng l\u00e0 n\u01a1i \u1edf m\u00f9a h\u00e8 c\u1ee7a tri\u1ec1u \u0111\u1ea1i Pahlavi, n\u1eb1m tr\u00ean khu \u0111\u1ea5t c\u00f3 nhi\u1ec1u c\u00e2y c\u1ed1i. Cung \u0111i\u1ec7n Marmar \u1ed1p \u0111\u00e1 c\u1ea9m th\u1ea1ch tr\u01b0ng b\u00e0y \u0111\u1ed3 n\u1ed9i th\u1ea5t ch\u00e2u \u00c2u v\u00e0 t\u1ea7m nh\u00ecn bao qu\u00e1t. C\u00f9ng nhau, nh\u1eefng \u0111\u1ecba \u0111i\u1ec3m n\u00e0y ghi l\u1ea1i h\u00e0nh tr\u00ecnh t\u1eeb ch\u1ebf \u0111\u1ed9 qu\u00e2n ch\u1ee7 th\u1ebf k\u1ef7 18 \u0111\u1ebfn ch\u1ee7 ngh\u0129a hi\u1ec7n \u0111\u1ea1i gi\u1eefa th\u1ebf k\u1ef7 20.<\/p>\n\n\n\n<p>B\u1ed1i c\u1ea3nh b\u1ea3o t\u00e0ng c\u1ee7a Tehran tr\u1ea3i d\u00e0i qua nhi\u1ec1u th\u1eddi \u0111\u1ea1i v\u00e0 ph\u01b0\u01a1ng ti\u1ec7n truy\u1ec1n th\u00f4ng. B\u1ea3o t\u00e0ng Qu\u1ed1c gia l\u01b0u gi\u1eef nh\u1eefng ph\u00e1t hi\u1ec7n kh\u1ea3o c\u1ed5 t\u1eeb th\u1eddi Medes \u0111\u1ebfn Sassanids. G\u1ea7n \u0111\u00f3, B\u1ea3o t\u00e0ng Th\u1ea3m tr\u01b0ng b\u00e0y nh\u1eefng ki\u1ec7t t\u00e1c d\u1ec7t Ba T\u01b0, trong khi B\u1ea3o t\u00e0ng Abgineh t\u1eadp trung v\u00e0o ngh\u1ec7 thu\u1eadt th\u1ee7y tinh v\u00e0 g\u1ed1m s\u1ee9. B\u1ea3o t\u00e0ng \u0110i\u1ec7n \u1ea3nh, t\u1ecda l\u1ea1c t\u1ea1i V\u01b0\u1eddn Ferdows, t\u00f4n vinh l\u1ecbch s\u1eed \u0111i\u1ec7n \u1ea3nh Iran. B\u1ea3o t\u00e0ng Ngh\u1ec7 thu\u1eadt \u0110\u01b0\u01a1ng \u0111\u1ea1i t\u1ef1 h\u00e0o s\u1edf h\u1eefu b\u1ed9 s\u01b0u t\u1eadp hi\u1ec7n \u0111\u1ea1i tuy\u1ec7t v\u1eddi nh\u1ea5t c\u1ee7a \u0111\u1ea5t n\u01b0\u1edbc\u2014Van Gogh, Picasso v\u00e0 Warhol s\u00e1nh vai c\u00f9ng c\u00e1c ngh\u1ec7 s\u0129 ti\u00ean phong c\u1ee7a Iran. B\u1ea3o t\u00e0ng Trang s\u1ee9c Qu\u1ed1c gia b\u1ea3o v\u1ec7 m\u1ed9t trong nh\u1eefng b\u1ed9 s\u01b0u t\u1eadp v\u01b0\u01a1ng mi\u1ec7n-trang s\u1ee9c l\u1edbn nh\u1ea5t th\u1ebf gi\u1edbi.<\/p>\n\n\n\n<p>M\u1ed7i m\u00f9a xu\u00e2n, H\u1ed9i ch\u1ee3 s\u00e1ch qu\u1ed1c t\u1ebf Tehran thu h\u00fat c\u00e1c nh\u00e0 xu\u1ea5t b\u1ea3n, h\u1ecdc gi\u1ea3 v\u00e0 \u0111\u1ed9c gi\u1ea3 \u0111\u1ebfn c\u00e1c h\u1ed9i tr\u01b0\u1eddng tri\u1ec3n l\u00e3m Shahr Aftab. C\u00e1c h\u1ed9i ch\u1ee3 th\u01b0\u01a1ng m\u1ea1i v\u00e0 l\u1ec5 h\u1ed9i di\u1ec5n ra quanh n\u0103m, t\u1eeb tri\u1ec3n l\u00e3m \u00f4 t\u00f4 \u0111\u1ebfn h\u1ed9i ch\u1ee3 th\u1ee7 c\u00f4ng, gi\u1edbi thi\u1ec7u c\u1ea3 di s\u1ea3n v\u00e0 s\u1ef1 s\u00e1ng t\u1ea1o m\u1edbi n\u1ed5i.<\/p>\n\n\n\n<p>H\u01a1n 2.100 c\u00f4ng vi\u00ean r\u1ea3i r\u00e1c kh\u1eafp th\u00e0nh ph\u1ed1, bao ph\u1ee7 h\u01a1n 12.600 ha\u201420 ph\u1ea7n tr\u0103m di\u1ec7n t\u00edch c\u1ee7a Tehran. C\u00f4ng vi\u00ean Jamshidie, tr\u01b0\u1edbc \u0111\u00e2y l\u00e0 \u0111i\u1ec1n trang c\u1ee7a ho\u00e0ng t\u1eed Qajar, \u0111\u00e3 tr\u1edf th\u00e0nh m\u1ed9t khu r\u1eebng c\u00f4ng c\u1ed9ng d\u01b0\u1edbi th\u1eddi Ho\u00e0ng h\u1eadu Farah Pahlavi. V\u01b0\u1eddn chim, v\u01b0\u1eddn chim l\u1edbn nh\u1ea5t Iran, l\u00e0 n\u01a1i sinh s\u1ed1ng c\u1ee7a h\u00e0ng ch\u1ee5c lo\u00e0i, trong khi s\u1edf th\u00fa th\u00e0nh ph\u1ed1 l\u00e0 n\u01a1i tr\u00fa ng\u1ee5 c\u1ee7a kho\u1ea3ng 290 lo\u00e0i \u0111\u1ed9ng v\u1eadt c\u00f3 x\u01b0\u01a1ng s\u1ed1ng. C\u00f4ng vi\u00ean Ab\u2011o\u2011Atash (\u201cN\u01b0\u1edbc v\u00e0 L\u1eeda\u201d) l\u00e0m tr\u1ebb em th\u00edch th\u00fa v\u1edbi \u0111\u00e0i phun n\u01b0\u1edbc v\u00e0 th\u00e1p l\u1eeda \u0111\u01b0\u1ee3c bao quanh b\u1edfi m\u1ed9t gi\u1ea3ng \u0111\u01b0\u1eddng ngo\u00e0i tr\u1eddi.<\/p>\n\n\n\n<p>L\u00e0 tr\u00e1i tim kinh t\u1ebf c\u1ee7a Iran, Tehran s\u1eed d\u1ee5ng 30 ph\u1ea7n tr\u0103m l\u1ef1c l\u01b0\u1ee3ng lao \u0111\u1ed9ng khu v\u1ef1c c\u00f4ng v\u00e0 g\u1ea7n m\u1ed9t n\u1eeda c\u00e1c c\u00f4ng ty c\u00f4ng nghi\u1ec7p l\u1edbn c\u1ee7a \u0111\u1ea5t n\u01b0\u1edbc. C\u00e1c nh\u00e0 m\u00e1y s\u1ea3n xu\u1ea5t \u00f4 t\u00f4, \u0111\u1ed3 \u0111i\u1ec7n t\u1eed, h\u00e0ng d\u1ec7t may, \u0111\u01b0\u1eddng, xi m\u0103ng v\u00e0 h\u00f3a ch\u1ea5t; c\u00e1c ph\u00f2ng tr\u01b0ng b\u00e0y th\u1ea3m v\u00e0 \u0111\u1ed3 n\u1ed9i th\u1ea5t n\u1eb1m d\u1ecdc c\u00e1c khu th\u01b0\u01a1ng m\u1ea1i. C\u00e1c nh\u00e0 m\u00e1y l\u1ecdc d\u1ea7u\u2014Pars, Speedy v\u00e0 Behran\u2014ho\u1ea1t \u0111\u1ed9ng trong ph\u1ea1m vi th\u00e0nh ph\u1ed1. M\u1eb7c d\u00f9 l\u1ec7nh tr\u1eebng ph\u1ea1t h\u1ea1n ch\u1ebf nhi\u1ec1u c\u00f4ng ty n\u01b0\u1edbc ngo\u00e0i, nh\u01b0ng S\u1edf giao d\u1ecbch ch\u1ee9ng kho\u00e1n Tehran v\u1eabn l\u00e0 m\u1ed9t s\u00e0n giao d\u1ecbch h\u00e0ng \u0111\u1ea7u trong s\u1ed1 c\u00e1c s\u00e0n giao d\u1ecbch to\u00e0n c\u1ea7u, ph\u1ea3n \u00e1nh c\u1ea3 s\u1ef1 bi\u1ebfn \u0111\u1ed9ng v\u00e0 c\u01a1 h\u1ed9i.<\/p>\n\n\n\n<p>B\u1ea5t ch\u1ea5p c\u00e1c k\u1ebf ho\u1ea1ch ch\u00ednh th\u1ee9c di d\u1eddi th\u1ee7 \u0111\u00f4 - do r\u1ee7i ro \u0111\u1ed9ng \u0111\u1ea5t v\u00e0 \u00f4 nhi\u1ec5m kh\u00f4ng kh\u00ed - Tehran v\u1eabn ngoan c\u1ed1 \u1edf v\u1ecb tr\u00ed trung t\u00e2m. C\u00e1c xa l\u1ed9 ch\u00ednh c\u1ee7a th\u00e0nh ph\u1ed1 \u0111\u01b0\u1ee3c x\u00e2y d\u1ef1ng cho 300.000 ph\u01b0\u01a1ng ti\u1ec7n; ng\u00e0y nay, h\u01a1n n\u0103m tri\u1ec7u \u00f4 t\u00f4 l\u00e0m t\u1eafc ngh\u1ebdn \u0111\u01b0\u1eddng ph\u1ed1. Xe bu\u00fdt \u0111\u00e3 ho\u1ea1t \u0111\u1ed9ng t\u1eeb nh\u1eefng n\u0103m 1920 v\u00e0 h\u1ec7 th\u1ed1ng Bus Rapid Transit, \u0111\u01b0\u1ee3c kh\u00e1nh th\u00e0nh v\u00e0o n\u0103m 2008, hi\u1ec7n chuy\u00ean ch\u1edf 1,8 tri\u1ec7u h\u00e0nh kh\u00e1ch m\u1ed7i ng\u00e0y tr\u00ean m\u01b0\u1eddi tuy\u1ebfn v\u00e0 215 nh\u00e0 ga. Xe \u0111i\u1ec7n ch\u1edf kh\u00e1ch, l\u1ea7n \u0111\u1ea7u ti\u00ean \u0111\u01b0\u1ee3c gi\u1edbi thi\u1ec7u v\u00e0o n\u0103m 1992, \u0111\u00e3 b\u1ecb b\u1ecf kh\u00f4ng v\u00e0o kho\u1ea3ng n\u0103m 2013 nh\u01b0ng \u0111\u00e3 \u0111\u01b0\u1ee3c h\u1ed3i sinh v\u00e0o n\u0103m 2016 tr\u00ean m\u1ed9t tuy\u1ebfn \u0111\u01b0\u1eddng duy nh\u1ea5t d\u00e0i 1,8 km v\u1edbi c\u00e1c xe \u0160koda \u0111\u01b0\u1ee3c t\u00e2n trang l\u1ea1i.<\/p>\n\n\n\n<p>Hai tuy\u1ebfn \u0111\u1ea7u ti\u00ean c\u1ee7a Tehran Metro \u0111\u01b0\u1ee3c m\u1edf v\u00e0o n\u0103m 2001; \u0111\u1ebfn n\u0103m 2025, t\u00e1m tuy\u1ebfn s\u1ebd ch\u1ea1y b\u00ean d\u01b0\u1edbi th\u00e0nh ph\u1ed1, n\u1ed1i c\u00e1c v\u00f9ng ngo\u1ea1i \u00f4 v\u1edbi trung t\u00e2m. Tr\u00ean m\u1eb7t \u0111\u1ea5t, h\u01a1n 200.000 xe taxi ch\u1ea1y kh\u1eafp m\u1ecdi khu ph\u1ed1, v\u1edbi taxi s\u00e2n bay c\u00f3 gi\u00e1 v\u00e9 cao h\u01a1n. S\u00e2n bay Mehrabad x\u1eed l\u00fd c\u00e1c chuy\u1ebfn bay n\u1ed9i \u0111\u1ecba v\u00e0 thu\u00ea chuy\u1ebfn; S\u00e2n bay qu\u1ed1c t\u1ebf Imam Khomeini, c\u00e1ch \u0111\u00f3 50 km v\u1ec1 ph\u00eda nam, l\u00e0 c\u1eeda ng\u00f5 cho l\u01b0u l\u01b0\u1ee3ng h\u00e0ng kh\u00f4ng to\u00e0n c\u1ea7u. Nh\u00e0 ga \u0111\u01b0\u1eddng s\u1eaft trung t\u00e2m \u0111i\u1ec1u h\u00e0nh c\u00e1c chuy\u1ebfn t\u00e0u tr\u00ean to\u00e0n qu\u1ed1c v\u00e0 k\u1ebft n\u1ed1i v\u1edbi ch\u00e2u \u00c2u th\u00f4ng qua tuy\u1ebfn t\u00e0u t\u1ed1c h\u00e0nh Tehran\u2013Europe huy\u1ec1n tho\u1ea1i.<\/p>\n\n\n\n<p>Ch\u1ea5t l\u01b0\u1ee3ng kh\u00f4ng kh\u00ed t\u1eeb l\u00e2u \u0111\u00e3 l\u00e0 m\u1ed9t v\u1ea5n \u0111\u1ec1 g\u00e2y kh\u00f3 ch\u1ecbu. \u0110\u1ecba h\u00ecnh gi\u1ed1ng nh\u01b0 c\u00e1i b\u00e1t \u0111\u1ecba l\u00fd, t\u1ed1c \u0111\u1ed9 c\u01a1 gi\u1edbi h\u00f3a nhanh ch\u00f3ng v\u00e0 kh\u00ed th\u1ea3i c\u00f4ng nghi\u1ec7p k\u1ebft h\u1ee3p l\u1ea1i v\u1edbi nhau t\u1ea1o n\u00ean kh\u00f3i b\u1ee5i, th\u00fac \u0111\u1ea9y vi\u1ec7c chuy\u1ec3n tr\u1ee5 s\u1edf ch\u00ednh ph\u1ee7 \u0111i n\u01a1i kh\u00e1c. Tuy nhi\u00ean, kh\u1ea3 n\u0103ng ph\u1ee5c h\u1ed3i c\u1ee7a th\u00e0nh ph\u1ed1 l\u00e0 r\u00f5 r\u00e0ng: v\u00e0nh \u0111ai xanh m\u1edbi, quy \u0111\u1ecbnh x\u00e2y d\u1ef1ng nghi\u00eam ng\u1eb7t h\u01a1n v\u00e0 ph\u01b0\u01a1ng ti\u1ec7n c\u00f4ng c\u1ed9ng m\u1edf r\u1ed9ng nh\u1eb1m gi\u1ea3m b\u1edbt t\u00ecnh tr\u1ea1ng t\u1eafc ngh\u1ebdn v\u00e0 \u00f4 nhi\u1ec5m.<\/p>\n\n\n\n<p>\u0110\u1ed9ng \u0111\u1ea5t g\u00e2y ra m\u1ed9t m\u1ed1i nguy hi\u1ec3m kh\u00e1c. M\u1eb7c d\u00f9 th\u01b0\u1eddng xuy\u00ean c\u00f3 \u0111\u1ed9ng \u0111\u1ea5t, kh\u00f4ng c\u00f3 tr\u1eadn \u0111\u1ed9ng \u0111\u1ea5t l\u1edbn n\u00e0o x\u1ea3y ra \u1edf Tehran k\u1ec3 t\u1eeb n\u0103m 1830. X\u00e2y d\u1ef1ng nh\u00e0 cao t\u1ea7ng hi\u1ec7n \u0111\u1ea1i hi\u1ec7n nay bao g\u1ed3m c\u00e1c khung gia c\u1ed1 v\u00e0 b\u1ed9 gi\u1ea3m ch\u1ea5n \u0111\u1ed9ng \u0111\u1ea5t; tuy nhi\u00ean, s\u1ef1 k\u1ebft h\u1ee3p gi\u1eefa c\u00e1c c\u00f4ng tr\u00ecnh h\u00e0ng th\u1ebf k\u1ef7 v\u00e0 c\u00e1c t\u00f2a th\u00e1p cao v\u00fat nh\u1ea5n m\u1ea1nh c\u1ea3 tham v\u1ecdng v\u00e0 s\u1ef1 d\u1ec5 b\u1ecb t\u1ed5n th\u01b0\u01a1ng c\u1ee7a th\u00e0nh ph\u1ed1.<\/p>\n\n\n\n<p>Tehran ch\u1ed1ng l\u1ea1i nh\u1eefng \u0111\u1eb7c \u0111i\u1ec3m \u0111\u01a1n gi\u1ea3n. N\u00f3 c\u00f3 th\u1ec3 c\u1ea3m th\u1ea5y cho\u00e1ng ng\u1ee3p\u2014ti\u1ebfng c\u00f2i xe inh \u1ecfi trong d\u00f2ng xe c\u1ed9 \u0111\u00f4ng \u0111\u00fac, v\u00e0 nh\u1eefng t\u00f2a th\u00e1p ch\u1ecdc tr\u1eddi c\u00f3 th\u1ec3 ch\u1eb7n gi\u00f3 n\u00fai\u2014nh\u01b0ng nh\u1eefng kho\u1ea3ng l\u1eb7ng v\u1eabn t\u1ed3n t\u1ea1i. Trong nh\u1eefng con h\u1ebbm r\u1ee3p b\u00f3ng c\u00e2y, ti\u1ebfng \u0111\u00e0i phun n\u01b0\u1edbc r\u00f3c r\u00e1ch d\u01b0\u1edbi nh\u1eefng c\u00e2y du; trong nh\u1eefng qu\u00e1n c\u00e0 ph\u00ea ph\u00eda b\u1eafc, sinh vi\u00ean tranh lu\u1eadn v\u1ec1 t\u01b0\u01a1ng lai; trong nh\u1eefng nh\u00e0 th\u1edd H\u1ed3i gi\u00e1o l\u1ecbch s\u1eed, \u0111\u00e1 c\u1ea9m th\u1ea1ch b\u00f3ng lo\u00e1ng l\u1ea5p l\u00e1nh d\u01b0\u1edbi nh\u1eefng \u00f4 c\u1eeda s\u1ed5 k\u00ednh m\u00e0u. C\u00e1c l\u1ec5 h\u1ed9i c\u0169 v\u00e0 m\u1edbi\u2014Nowruz, Chaharshanbe Suri, Yald\u0101, th\u1eadm ch\u00ed c\u1ea3 Halloween\u2014mang nh\u1eefng khu ph\u1ed1 l\u1ea1i v\u1edbi nhau trong s\u1ef1 t\u01b0\u1edfng nh\u1edb v\u00e0 vui ch\u01a1i.<\/p>\n\n\n\n<p>Kh\u00e1c xa v\u1edbi m\u1ed9t th\u1ee7 \u0111\u00f4 \u0111\u01a1n \u0111i\u1ec7u, Tehran l\u00e0 m\u1ed9t b\u1ee9c tranh kh\u1ea3m c\u1ee7a nh\u1eefng k\u00fd \u1ee9c v\u00e0 kh\u00e1t v\u1ecdng. Nh\u1eefng con ph\u1ed1 c\u1ee7a th\u00e0nh ph\u1ed1 mang d\u1ea5u ch\u00e2n c\u1ee7a nh\u1eefng ng\u01b0\u1eddi chinh ph\u1ee5c v\u00e0 c\u00e1ch m\u1ea1ng, nh\u00e0 th\u01a1 v\u00e0 k\u1ef9 s\u01b0. \u1ede \u0111\u00e2y, m\u1ed7i vi\u00ean \u0111\u00e1 v\u00e0 ng\u1ecdn th\u00e1p \u0111\u1ec1u k\u1ec3 m\u1ed9t c\u00e2u chuy\u1ec7n v\u1ec1 s\u1ef1 b\u1ec1n b\u1ec9, th\u00edch nghi v\u00e0 ti\u1ebfng \u1ed3n \u00e0o kh\u00f4ng ng\u1eebng c\u1ee7a cu\u1ed9c s\u1ed1ng. Trong nh\u1eefng m\u00e2u thu\u1eabn c\u1ee7a n\u00f3\u2014c\u1ed5 x\u01b0a v\u00e0 hi\u1ec7n \u0111\u1ea1i, xanh v\u00e0 x\u00e1m, \u0111\u00f4ng \u0111\u00fac v\u00e0 thanh b\u00ecnh\u2014Tehran b\u1ed9c l\u1ed9 c\u1ea3 g\u00e1nh n\u1eb7ng v\u00e0 nh\u1ecbp \u0111\u1eadp b\u1ec1n b\u1ec9 c\u1ee7a m\u00ecnh.<\/p>","protected":false},"excerpt":{"rendered":"<p>Tehran, th\u1ee7 \u0111\u00f4 v\u00e0 th\u00e0nh ph\u1ed1 l\u1edbn nh\u1ea5t c\u1ee7a Iran, l\u00e0 m\u1ed9t \u0111\u00f4 th\u1ecb s\u00f4i \u0111\u1ed9ng v\u1edbi d\u00e2n s\u1ed1 h\u01a1n 9,4 tri\u1ec7u ng\u01b0\u1eddi b\u00ean trong ranh gi\u1edbi th\u00e0nh ph\u1ed1 v\u00e0 kho\u1ea3ng 16,8 tri\u1ec7u ng\u01b0\u1eddi \u1edf v\u00f9ng \u0111\u00f4 th\u1ecb r\u1ed9ng l\u1edbn h\u01a1n. Tehran l\u00e0 th\u00e0nh ph\u1ed1 \u0111\u00f4ng d\u00e2n nh\u1ea5t \u1edf c\u1ea3 Iran v\u00e0 T\u00e2y \u00c1. \u0110\u00e2y l\u00e0 v\u00f9ng \u0111\u00f4 th\u1ecb l\u1edbn th\u1ee9 hai \u1edf Trung \u0110\u00f4ng, ch\u1ec9 sau Cairo, v\u00e0 l\u00e0 v\u00f9ng \u0111\u00f4 th\u1ecb \u0111\u00f4ng d\u00e2n th\u1ee9 24 tr\u00ean th\u1ebf gi\u1edbi. Ph\u1ea1m vi qu\u1ea3n l\u00fd r\u1ed9ng l\u1edbn c\u1ee7a th\u00e0nh ph\u1ed1 bao g\u1ed3m c\u00e1c \u0111\u00f4 th\u1ecb kh\u00e1c, bao g\u1ed3m New Town of Andisheh, Islam Shahr, Qods, Shahryar, Pakdasht v\u00e0 Shamiran, c\u00f9ng nhau t\u1ea1o th\u00e0nh v\u00f9ng \u0111\u00f4 th\u1ecb l\u1edbn h\u01a1n Tehran.<\/p>","protected":false},"author":1,"featured_media":3136,"parent":14947,"menu_order":0,"comment_status":"closed","ping_status":"closed","template":"elementor_theme","meta":{"_eb_attr":"","footnotes":""},"class_list":["post-14970","page","type-page","status-publish","has-post-thumbnail"],"_links":{"self":[{"href":"https:\/\/travelshelper.com\/vi\/wp-json\/wp\/v2\/pages\/14970","targetHints":{"allow":["GET"]}}],"collection":[{"href":"https:\/\/travelshelper.com\/vi\/wp-json\/wp\/v2\/pages"}],"about":[{"href":"https:\/\/travelshelper.com\/vi\/wp-json\/wp\/v2\/types\/page"}],"author":[{"embeddable":true,"href":"https:\/\/travelshelper.com\/vi\/wp-json\/wp\/v2\/users\/1"}],"replies":[{"embeddable":true,"href":"https:\/\/travelshelper.com\/vi\/wp-json\/wp\/v2\/comments?post=14970"}],"version-history":[{"count":0,"href":"https:\/\/travelshelper.com\/vi\/wp-json\/wp\/v2\/pages\/14970\/revisions"}],"up":[{"embeddable":true,"href":"https:\/\/travelshelper.com\/vi\/wp-json\/wp\/v2\/pages\/14947"}],"wp:featuredmedia":[{"embeddable":true,"href":"https:\/\/travelshelper.com\/vi\/wp-json\/wp\/v2\/media\/3136"}],"wp:attachment":[{"href":"https:\/\/travelshelper.com\/vi\/wp-json\/wp\/v2\/media?parent=14970"}],"curies":[{"name":"wp","href":"https:\/\/api.w.org\/{rel}","templated":true}]}}