{"id":14902,"date":"2024-09-20T11:59:04","date_gmt":"2024-09-20T11:59:04","guid":{"rendered":"https:\/\/travelshelper.com\/staging\/?page_id=14902"},"modified":"2026-03-11T17:38:30","modified_gmt":"2026-03-11T17:38:30","slug":"aomori","status":"publish","type":"page","link":"https:\/\/travelshelper.com\/vi\/destinations\/asia\/japan\/aomori\/","title":{"rendered":"Aomori"},"content":{"rendered":"<p>Th\u00e0nh ph\u1ed1 Aomori n\u1eb1m \u1edf r\u00eca ph\u00eda b\u1eafc c\u1ee7a \u0111\u1ea3o Honshu, nh\u00ecn ra m\u1ed9t nh\u00e1nh c\u1ee7a V\u1ecbnh Mutsu \u0111\u01b0\u1ee3c g\u1ecdi l\u00e0 V\u1ecbnh Aomori. Tr\u1ea3i d\u00e0i kho\u1ea3ng 825 km vu\u00f4ng, \u0111\u1ecba h\u00ecnh c\u1ee7a th\u00e0nh ph\u1ed1 tr\u1ea3i d\u00e0i t\u1eeb v\u00f9ng \u0111\u1ea5t tr\u0169ng c\u1ee7a \u0110\u1ed3ng b\u1eb1ng Aomori \u0111\u1ebfn ch\u00e2n \u0111\u1ed3i c\u1ee7a d\u00e3y n\u00fai Hakk\u014dda v\u00e0 Higashidake. Hai con s\u00f4ng\u2014s\u00f4ng Komagome v\u00e0 nh\u00e1nh c\u1ee7a n\u00f3 l\u00e0 s\u00f4ng Arakawa\u2014ch\u1ea3y qua th\u00e0nh ph\u1ed1, t\u1ea1o th\u00e0nh c\u00e1c k\u00eanh \u0111\u00e0o qua c\u00e1c trang tr\u1ea1i v\u00e0 v\u00f9ng ngo\u1ea1i \u00f4 tr\u01b0\u1edbc khi h\u00f2a v\u00e0o bi\u1ec3n. C\u1ea3nh quan \u0111a d\u1ea1ng n\u00e0y, c\u00f9ng v\u1edbi m\u1ed9t m\u1ea1ng l\u01b0\u1edbi c\u00e1c c\u00f4ng vi\u00ean\u2014trong s\u1ed1 \u0111\u00f3 c\u00f3 C\u00f4ng vi\u00ean Gappo tr\u00ean b\u1edd s\u00f4ng, C\u00f4ng vi\u00ean Aoimori g\u1ea7n trung t\u00e2m d\u00e2n s\u1ef1 v\u00e0 C\u00f4ng vi\u00ean Nogiwa h\u1ebbo l\u00e1nh h\u01a1n\u2014\u0111\u00e3 \u0111\u1ecbnh h\u00ecnh c\u1ea3 khu \u0111\u1ecbnh c\u01b0 v\u00e0 b\u1ea3n s\u1eafc theo nh\u1eefng c\u00e1ch v\u01b0\u1ee3t xa b\u1edd bi\u1ec3n.<\/p>\n\n\n\n<p>T\u00ean c\u1ee7a Aomori, theo ngh\u0129a \u0111en l\u00e0 &#034;r\u1eebng xanh&#034; m\u1eb7c d\u00f9 \u0111\u00f4i khi \u0111\u01b0\u1ee3c d\u1ecbch l\u00e0 &#034;r\u1eebng xanh l\u00e1 c\u00e2y&#034;, g\u1ee3i nh\u1edb \u0111\u1ebfn m\u1ed9t b\u1ee5i c\u00e2y nh\u1ecf tr\u00ean m\u1ed9t ng\u1ecdn \u0111\u1ed3i g\u1ea7n \u0111\u00f3, t\u1eebng l\u00e0 m\u1ed9t \u0111i\u1ec3m m\u1ed1c cho nh\u1eefng ng\u01b0\u1eddi \u0111\u00e1nh c\u00e1 quanh v\u1ecbnh. M\u1ed9t gi\u1ea3 thuy\u1ebft kh\u00e1c li\u00ean k\u1ebft t\u00ean n\u00e0y v\u1edbi ng\u00f4n ng\u1eef Ainu, \u00e1m ch\u1ec9 \u0111\u1ebfn nh\u1eefng t\u1ea7ng s\u00e2u h\u01a1n c\u1ee7a cu\u1ed9c g\u1eb7p g\u1ee1 v\u0103n h\u00f3a c\u00f3 t\u1eeb tr\u01b0\u1edbc khi c\u00f3 ghi ch\u00e9p b\u1eb1ng v\u0103n b\u1ea3n. B\u1ea5t k\u1ec3 ngu\u1ed3n g\u1ed1c ch\u00ednh x\u00e1c c\u1ee7a n\u00f3 l\u00e0 g\u00ec, c\u00e1i t\u00ean n\u00e0y n\u00f3i l\u00ean m\u1ed9t m\u00f4i tr\u01b0\u1eddng v\u1eeba s\u1ed1ng \u0111\u1ed9ng v\u1eeba thay \u0111\u1ed5i, m\u1ed9t n\u01a1i m\u00e0 s\u01b0\u01a1ng m\u00f9 bi\u1ec3n tr\u00e0n v\u00e0o t\u1eeb D\u00f2ng h\u1ea3i l\u01b0u Oyashio v\u00e0 tuy\u1ebft m\u00f9a \u0111\u00f4ng t\u00edch t\u1ee5 \u0111\u1ebfn \u0111\u1ed9 s\u00e2u \u0111\u00e1ng kinh ng\u1ea1c.<\/p>\n\n\n\n<p>B\u1eb1ng ch\u1ee9ng v\u1ec1 s\u1ef1 hi\u1ec7n di\u1ec7n c\u1ee7a con ng\u01b0\u1eddi \u1edf \u0111\u00e2y k\u00e9o d\u00e0i h\u00e0ng thi\u00ean ni\u00ean k\u1ef7. Di ch\u1ec9 Sannai-Maruyama, n\u1eb1m ngay ph\u00eda t\u00e2y nam c\u1ee7a trung t\u00e2m th\u00e0nh ph\u1ed1 hi\u1ec7n \u0111\u1ea1i, c\u00f3 ni\u00ean \u0111\u1ea1i t\u1eeb n\u0103m 5500 \u0111\u1ebfn 4000 tr\u01b0\u1edbc C\u00f4ng nguy\u00ean. C\u00e1c nh\u00e0 h\u1ea7m v\u00e0 h\u1ed1 ch\u1ee9a \u0111\u1ed3 r\u1ed9ng l\u1edbn c\u1ee7a n\u00f3 bu\u1ed9c c\u00e1c nh\u00e0 kh\u1ea3o c\u1ed5 ph\u1ea3i suy ngh\u0129 l\u1ea1i v\u1ec1 quy m\u00f4 c\u1ee7a x\u00e3 h\u1ed9i th\u1eddi k\u1ef3 J\u014dmon. Xa h\u01a1n m\u1ed9t ch\u00fat v\u1ec1 ph\u00eda nam l\u00e0 Di ch\u1ec9 Komakino, n\u01a1i \u0111\u00e3 ph\u00e1t tri\u1ec3n th\u1ecbnh v\u01b0\u1ee3ng v\u00e0o kho\u1ea3ng n\u0103m 4000 tr\u01b0\u1edbc C\u00f4ng nguy\u00ean, nh\u1eefng vi\u00ean \u0111\u00e1 \u0111\u01b0\u1ee3c s\u1eafp x\u1ebfp c\u1ea9n th\u1eadn c\u1ee7a n\u00f3 ch\u1ee9ng t\u1ecf m\u1ed9t d\u00e2n t\u1ed9c \u0111\u00e3 c\u00f3 k\u1ef9 n\u0103ng v\u1ec1 ki\u1ebfn \u200b\u200btr\u00fac nghi l\u1ec5. Nh\u1eefng c\u1ed9ng \u0111\u1ed3ng \u0111\u1ea7u ti\u00ean n\u00e0y s\u1ed1ng h\u00f2a h\u1ee3p v\u1edbi r\u1eebng v\u00e0 s\u00f4ng, d\u1ea5u v\u1ebft v\u1eadt ch\u1ea5t c\u1ee7a h\u1ecd b\u1ecb ch\u00f4n v\u00f9i cho \u0111\u1ebfn khi c\u00e1c cu\u1ed9c khai qu\u1eadt hi\u1ec7n \u0111\u1ea1i ph\u1ee5c h\u1ed3i ch\u00fang.<\/p>\n\n\n\n<p>\u0110\u1ebfn th\u1eddi Heian, khu v\u1ef1c n\u00e0y tr\u1edf th\u00e0nh m\u1ed9t ph\u1ea7n c\u1ee7a v\u00f9ng \u0111\u1ea5t Fujiwara ph\u00eda B\u1eafc, nh\u01b0ng c\u01b0 d\u00e2n Emishi v\u1eabn ti\u1ebfp t\u1ee5c duy tr\u00ec s\u1ef1 hi\u1ec7n di\u1ec7n. Sau khi quy\u1ec1n l\u1ef1c c\u1ee7a Fujiwara s\u1ee5p \u0111\u1ed5, c\u00e1c gia t\u1ed9c samurai li\u00ean ti\u1ebfp tuy\u00ean b\u1ed1 n\u1eafm quy\u1ec1n: Nambu \u1edf ph\u00eda \u0111\u00f4ng n\u1eafm gi\u1eef danh hi\u1ec7u danh ngh\u0129a, trong khi Tsugaru c\u1ee7a Namioka kh\u1eb3ng \u0111\u1ecbnh quy\u1ec1n ki\u1ec3m so\u00e1t tr\u00ean th\u1ef1c t\u1ebf trong su\u1ed1t th\u1eddi k\u1ef3 Sengoku. V\u00e0o \u0111\u1ea7u nh\u1eefng n\u0103m Edo, khu \u0111\u1ecbnh c\u01b0 s\u1ebd ph\u00e1t tri\u1ec3n th\u00e0nh Aomori ng\u00e0y nay n\u1eb1m trong L\u00e3nh \u0111\u1ecba Hirosaki v\u00e0 mang t\u00ean Ut\u014d. N\u0103m 1626, daimy\u014d Tsugaru Nobuhira \u0111\u00e3 ra l\u1ec7nh t\u00e1i thi\u1ebft d\u01b0\u1edbi t\u00ean Aomori, m\u1eb7c d\u00f9 c\u00e1c ghi ch\u00e9p b\u1eb1ng v\u0103n b\u1ea3n v\u1ec1 s\u1ef1 thay \u0111\u1ed5i n\u00e0y r\u1ea5t khan hi\u1ebfm v\u00e0 c\u00e1c h\u1ecdc gi\u1ea3 tranh c\u00e3i li\u1ec7u Ut\u014d v\u00e0 Aomori c\u00f3 t\u1eebng l\u00e0 c\u00e1c th\u1ef1c th\u1ec3 ri\u00eang bi\u1ec7t hay ch\u1ec9 \u0111\u01a1n gi\u1ea3n l\u00e0 hai t\u00ean g\u1ecdi cho m\u1ed9t ng\u00f4i l\u00e0ng c\u1ea3ng duy nh\u1ea5t.<\/p>\n\n\n\n<p>Cu\u1ed9c Duy t\u00e2n Minh Tr\u1ecb \u0111\u00e3 mang l\u1ea1i c\u1ea3i c\u00e1ch h\u00e0nh ch\u00ednh tri\u1ec7t \u0111\u1ec3. S\u00e1u t\u1ec9nh \u0111\u00e3 xu\u1ea5t hi\u1ec7n \u1edf n\u01a1i hi\u1ec7n l\u00e0 T\u1ec9nh Aomori, ch\u1ec9 \u0111\u1ec3 h\u1ee3p nh\u1ea5t th\u00e0nh T\u1ec9nh Hirosaki v\u00e0o th\u00e1ng 7 n\u0103m 1871. S\u1ef1 c\u1ea1nh tranh gi\u1eefa c\u00e1c v\u00f9ng Tsugaru v\u00e0 Nambu \u0111\u00e3 th\u00fac \u0111\u1ea9y vi\u1ec7c di d\u1eddi th\u1ee7 \u0111\u00f4 nhanh ch\u00f3ng \u0111\u1ebfn th\u1ecb tr\u1ea5n c\u1ea3ng trung t\u00e2m h\u01a1n, d\u1eabn \u0111\u1ebfn vi\u1ec7c th\u00e0nh l\u1eadp T\u1ec9nh Aomori v\u00e0o ng\u00e0y 23 th\u00e1ng 9 n\u0103m 1871. Theo h\u1ec7 th\u1ed1ng th\u00e0nh ph\u1ed1 hi\u1ec7n \u0111\u1ea1i \u0111\u01b0\u1ee3c t\u1ea1o ra v\u00e0o ng\u00e0y 1 th\u00e1ng 4 n\u0103m 1889, Aomori \u0111\u00e3 \u0111\u1ea1t \u0111\u01b0\u1ee3c v\u1ecb th\u1ebf th\u1ecb tr\u1ea5n trong Qu\u1eadn Higashitsugaru v\u00e0 \u0111\u1ebfn ng\u00e0y 1 th\u00e1ng 4 n\u0103m 1898, n\u01a1i n\u00e0y \u0111\u00e3 \u0111\u01b0\u1ee3c c\u00f4ng nh\u1eadn l\u00e0 m\u1ed9t th\u00e0nh ph\u1ed1.<\/p>\n\n\n\n<p>S\u1ef1 ph\u00e1t tri\u1ec3n c\u1ee7a giao th\u00f4ng v\u00e0o cu\u1ed1i th\u1ebf k\u1ef7 19 \u0111\u00e3 bi\u1ebfn Aomori th\u00e0nh m\u1ed9t \u0111i\u1ec3m cu\u1ed1i chi\u1ebfn l\u01b0\u1ee3c. M\u1ed9t chuy\u1ebfn ph\u00e0 \u0111\u1ebfn Hakodate b\u1eaft \u0111\u1ea7u v\u00e0o n\u0103m 1872, n\u1ed1i Hokkaido v\u1edbi Honshu qua eo bi\u1ec3n Tsugaru. Tuy\u1ebfn ch\u00ednh T\u014dhoku \u0111\u1ebfn Aomori t\u1eeb Tokyo v\u00e0o th\u00e1ng 9 n\u0103m 1891; ba n\u0103m sau, Tuy\u1ebfn ch\u00ednh \u014cu k\u00e9o d\u00e0i d\u1ecdc theo b\u1edd bi\u1ec3n Nh\u1eadt B\u1ea3n \u0111\u1ebfn th\u00e0nh ph\u1ed1. Ph\u00e0 Seikan, kh\u00e1nh th\u00e0nh v\u00e0o n\u0103m 1908, ch\u1edf h\u00e0nh kh\u00e1ch v\u00e0 h\u00e0ng h\u00f3a cho \u0111\u1ebfn khi \u0110\u01b0\u1eddng h\u1ea7m Seikan b\u00ean d\u01b0\u1edbi eo bi\u1ec3n m\u1edf c\u1eeda v\u00e0o th\u00e1ng 3 n\u0103m 1988. Trong khi \u0111\u00f3, c\u00e1c k\u1ebft n\u1ed1i \u0111\u01b0\u1eddng s\u1eaft c\u0169ng thay \u0111\u1ed5i: Tuy\u1ebfn T\u014dhoku Shinkansen, kh\u1edfi c\u00f4ng v\u00e0o n\u0103m 2010, hi\u1ec7n ph\u1ee5c v\u1ee5 Ga Shin-Aomori, \u0111\u01b0a h\u00e0nh kh\u00e1ch nhanh ch\u00f3ng v\u1ec1 ph\u00eda nam \u0111\u1ebfn Sendai v\u00e0 Tokyo.<\/p>\n\n\n\n<p>L\u1ecbch s\u1eed qu\u00e2n s\u1ef1 c\u1ee7a Aomori bao g\u1ed3m c\u1ea3 nh\u1eefng giai \u0111o\u1ea1n bi th\u1ea3m v\u00e0 bi\u1ebfn \u0111\u1ed5i. T\u1eeb n\u0103m 1896, S\u01b0 \u0111o\u00e0n 8 c\u1ee7a Qu\u00e2n \u0111\u1ed9i \u0110\u1ebf qu\u1ed1c Nh\u1eadt B\u1ea3n \u0111\u00e3 \u0111\u1ed3n tr\u00fa t\u1ea1i \u0111\u00e2y. V\u00e0o m\u00f9a \u0111\u00f4ng n\u0103m 1902, m\u1ed9t cu\u1ed9c t\u1eadp tr\u1eadn th\u1eddi ti\u1ebft l\u1ea1nh gi\u00e1 tr\u00ean d\u00e3y n\u00fai Hakk\u014dda \u0111\u00e3 k\u1ebft th\u00fac trong th\u1ea3m h\u1ecda: trong s\u1ed1 210 binh l\u00ednh \u0111\u01b0\u1ee3c \u0111i\u1ec1u \u0111\u1ed9ng t\u1eeb Aomori, ch\u1ec9 c\u00f3 m\u01b0\u1eddi m\u1ed9t ng\u01b0\u1eddi s\u1ed1ng s\u00f3t. S\u1ef1 ki\u1ec7n d\u00e3y n\u00fai Hakk\u014dda v\u1eabn l\u00e0 m\u1ed9t ch\u01b0\u01a1ng u \u00e1m trong truy\u1ec1n thuy\u1ebft c\u1ee7a khu v\u1ef1c. M\u1ed9t tr\u1eadn h\u1ecfa ho\u1ea1n v\u00e0o ng\u00e0y 3 th\u00e1ng 5 n\u0103m 1910 \u0111\u00e3 ph\u00e1 h\u1ee7y ph\u1ea7n l\u1edbn th\u1ecb tr\u1ea5n, v\u00e0 s\u1ef1 xu\u1ea5t hi\u1ec7n c\u1ee7a c\u00e1c d\u1ecbch v\u1ee5 h\u00e0ng kh\u00f4ng theo l\u1ecbch tr\u00ecnh v\u00e0o n\u0103m 1937 b\u00e1o hi\u1ec7u s\u1ef1 hi\u1ec7n \u0111\u1ea1i h\u00f3a h\u01a1n n\u1eefa.<\/p>\n\n\n\n<p>Th\u1eddi chi\u1ebfn ch\u1ee9ng ki\u1ebfn \u200b\u200bs\u1ef1 t\u00e0n ph\u00e1 m\u1edbi. V\u00e0o \u0111\u00eam 28\u201329 th\u00e1ng 7 n\u0103m 1945, cu\u1ed9c n\u00e9m bom c\u1ee7a Hoa K\u1ef3 \u0111\u00e3 c\u01b0\u1edbp \u0111i sinh m\u1ea1ng c\u1ee7a 1.767 ng\u01b0\u1eddi v\u00e0 x\u00f3a s\u1ed5 g\u1ea7n ch\u00edn ph\u1ea7n m\u01b0\u1eddi th\u00e0nh ph\u1ed1. C\u00f4ng cu\u1ed9c t\u00e1i thi\u1ebft trong nh\u1eefng th\u1eadp k\u1ef7 sau chi\u1ebfn tranh di\u1ec5n ra nhanh ch\u00f3ng: \u0111\u1ebfn n\u0103m 1951, Tuy\u1ebfn Tsugaru n\u1ed1i Ga Aomori v\u1edbi Kanita, v\u00e0 v\u00e0o n\u0103m 1964, s\u00e2n bay \u0111\u1ea7u ti\u00ean \u0111\u01b0\u1ee3c m\u1edf t\u1ea1i Namioka l\u00e2n c\u1eadn. \u0110\u01b0\u1eddng cao t\u1ed1c T\u014dhoku \u0111\u1ebfn v\u00e0o n\u0103m 1979, k\u1ebft n\u1ed1i Aomori v\u1edbi m\u1ea1ng l\u01b0\u1edbi \u0111\u01b0\u1eddng cao t\u1ed1c qu\u1ed1c gia \u0111ang ph\u00e1t tri\u1ec3n. M\u1ed9t s\u00e2n bay th\u00e0nh ph\u1ed1 \u0111\u01b0\u1ee3c x\u00e2y d\u1ef1ng c\u00f3 m\u1ee5c \u0111\u00edch, \u0111\u01b0\u1ee3c m\u1edf v\u00e0o ng\u00e0y 19 th\u00e1ng 7 n\u0103m 1987, x\u1eed l\u00fd c\u00e1c chuy\u1ebfn bay n\u1ed9i \u0111\u1ecba \u0111\u1ebfn Tokyo, Osaka, Nagoya v\u00e0 Sapporo, c\u00f9ng v\u1edbi c\u00e1c tuy\u1ebfn qu\u1ed1c t\u1ebf \u0111\u1ebfn Seoul v\u00e0 \u0110\u00e0i B\u1eafc. V\u00e0o ng\u00e0y 1 th\u00e1ng 10 n\u0103m 2002, Aomori \u0111\u01b0\u1ee3c ch\u1ec9 \u0111\u1ecbnh l\u00e0 th\u00e0nh ph\u1ed1 trung t\u00e2m, m\u1ed9t \u0111\u1ecba v\u1ecb c\u1ea5p quy\u1ec1n t\u1ef1 ch\u1ee7 \u0111\u1ecba ph\u01b0\u01a1ng \u0111\u01b0\u1ee3c t\u0103ng c\u01b0\u1eddng.<\/p>\n\n\n\n<p>Ranh gi\u1edbi th\u00e0nh ph\u1ed1 l\u1ea1i thay \u0111\u1ed5i trong thi\u00ean ni\u00ean k\u1ef7 m\u1edbi. V\u00e0o ng\u00e0y 1 th\u00e1ng 4 n\u0103m 2005, th\u1ecb tr\u1ea5n Namioka l\u00e2n c\u1eadn \u0111\u00e3 \u0111\u01b0\u1ee3c s\u00e1p nh\u1eadp, g\u1ea7n nh\u01b0 t\u0103ng g\u1ea5p \u0111\u00f4i di\u1ec7n t\u00edch c\u1ee7a th\u00e0nh ph\u1ed1. M\u1ed9t ph\u1ea7n sau \u0111\u00f3 \u0111\u00e3 \u0111\u01b0\u1ee3c nh\u01b0\u1ee3ng l\u1ea1i v\u00e0o th\u00e1ng 9 n\u0103m 2007 cho Fujisaki \u1edf Qu\u1eadn Minamitsugaru, nh\u01b0ng Aomori v\u1eabn l\u00e0 trung t\u00e2m c\u1ee7a khu v\u1ef1c \u0111\u00f4 th\u1ecb, m\u1ed9t trong 62 th\u00e0nh ph\u1ed1 c\u1ed1t l\u00f5i c\u1ee7a Nh\u1eadt B\u1ea3n. T\u00ednh \u0111\u1ebfn ng\u00e0y 1 th\u00e1ng 8 n\u0103m 2023, 264.945 c\u01b0 d\u00e2n sinh s\u1ed1ng trong 136.781 h\u1ed9 gia \u0111\u00ecnh, t\u1ea1o ra m\u1eadt \u0111\u1ed9 chung l\u00e0 321 ng\u01b0\u1eddi tr\u00ean m\u1ed9t kil\u00f4m\u00e9t vu\u00f4ng.<\/p>\n\n\n\n<p>Kh\u00ed h\u1eadu \u1edf \u0111\u00e2y \u0111\u01b0\u1ee3c h\u00ecnh th\u00e0nh b\u1edfi v\u0129 \u0111\u1ed9 v\u00e0 d\u00f2ng h\u1ea3i l\u01b0u. Aomori n\u1eb1m \u1edf ng\u01b0\u1ee1ng c\u1ee7a hai ph\u00e2n lo\u1ea1i K\u00f6ppen: ch\u1ebf \u0111\u1ed9 l\u1ee5c \u0111\u1ecba l\u1ea1nh, \u1ea9m (Dfa) v\u00e0 ch\u1ebf \u0111\u1ed9 c\u1eadn nhi\u1ec7t \u0111\u1edbi \u1ea9m (Cfa), v\u1edbi nhi\u1ec7t \u0111\u1ed9 trung b\u00ecnh v\u00e0o th\u00e1ng 1 v\u00e0 th\u00e1ng 2 dao \u0111\u1ed9ng ngay d\u01b0\u1edbi m\u1ee9c \u0111\u00f3ng b\u0103ng. L\u01b0\u1ee3ng m\u01b0a trung b\u00ecnh h\u00e0ng n\u0103m l\u00e0 1.285 mm, \u0111\u1ea1t \u0111\u1ec9nh v\u00e0o th\u00e1ng 9. M\u00f9a h\u00e8 \u1ea5m \u00e1p nh\u01b0ng ng\u1eafn; m\u00f9a \u0111\u00f4ng c\u00f3 l\u01b0\u1ee3ng tuy\u1ebft r\u01a1i l\u1edbn. V\u00e0o th\u00e1ng 2 n\u0103m 1945, \u0111\u1ed9 s\u00e2u c\u1ee7a tuy\u1ebft \u0111\u1ea1t 209 cm. Nhi\u1ec7t \u0111\u1ed9 \u0111\u00e3 gi\u1ea3m xu\u1ed1ng th\u1ea5p t\u1edbi -24,7 \u00b0C, \u0111\u01b0\u1ee3c ghi nh\u1eadn v\u00e0o n\u0103m 1931. Nh\u1eefng c\u01a1n gi\u00f3 \u0111\u1ecba ph\u01b0\u01a1ng nh\u01b0 &#034;Yamase&#034; m\u00f9a h\u00e8 c\u00f3 th\u1ec3 mang \u0111\u1ebfn nh\u1eefng \u0111\u1ee3t m\u00e1t m\u1ebb k\u00e9o d\u00e0i v\u00e0 \u0111e d\u1ecda \u0111\u1ebfn m\u00f9a thu ho\u1ea1ch l\u00faa, trong khi s\u01b0\u01a1ng m\u00f9 tr\u00e0n v\u00e0o t\u1eeb eo bi\u1ec3n th\u01b0\u1eddng l\u00e0m gi\u00e1n \u0111o\u1ea1n c\u00e1c chuy\u1ebfn bay t\u1ea1i s\u00e2n bay.<\/p>\n\n\n\n<p>\u0110\u1eddi s\u1ed1ng kinh t\u1ebf xoay quanh c\u00e1c d\u1ecbch v\u1ee5, chi\u1ebfm h\u01a1n ba ph\u1ea7n t\u01b0 s\u1ea3n l\u01b0\u1ee3ng c\u1ee7a th\u00e0nh ph\u1ed1. S\u1ea3n xu\u1ea5t chi\u1ebfm kho\u1ea3ng 16 ph\u1ea7n tr\u0103m, trong khi n\u00f4ng nghi\u1ec7p v\u00e0 \u0111\u00e1nh b\u1eaft c\u00e1 c\u00f9ng nhau \u0111\u00f3ng g\u00f3p b\u1ed1n ph\u1ea7n tr\u0103m khi\u00eam t\u1ed1n. Tuy nhi\u00ean, c\u00e1c ng\u00e0nh c\u00f4ng nghi\u1ec7p v\u0103n h\u00f3a v\u00e0 du l\u1ecbch \u0111\u00f3ng vai tr\u00f2 to l\u1edbn trong b\u1ea3n s\u1eafc c\u1ee7a Aomori. \u0110\u1ed3ng b\u1eb1ng ven bi\u1ec3n v\u00e0 nh\u1eefng ng\u1ecdn n\u00fai g\u1ea7n \u0111\u00f3 l\u00e0 n\u01a1i c\u00f3 c\u00e1c khu ngh\u1ec9 d\u01b0\u1ee1ng su\u1ed1i n\u01b0\u1edbc n\u00f3ng: Asamushi Onsen n\u1eb1m tr\u00ean r\u00eca v\u1ecbnh, trong khi Sukayu Onsen cung c\u1ea5p m\u1ed9t n\u01a1i \u1ea9n d\u1eadt xa x\u00f4i d\u01b0\u1edbi ch\u00e2n n\u00fai Hakk\u014dda. C\u1ea3 hai \u0111\u1ec1u thu h\u00fat du kh\u00e1ch trong c\u1ea3 b\u1ed1n m\u00f9a, t\u00ecm ki\u1ebfm s\u1ef1 th\u01b0 gi\u00e3n v\u00e0 \u0111\u1eafm m\u00ecnh v\u00e0o thi\u00ean nhi\u00ean.<\/p>\n\n\n\n<p>V\u00e0o m\u1ed7i th\u00e1ng 8, Nebuta Matsuri l\u00e0m n\u00e1o nhi\u1ec7t nh\u1eefng con ph\u1ed1 trong th\u00e0nh ph\u1ed1 v\u1edbi nh\u1eefng chi\u1ebfc xe di\u1ec5u h\u00e0nh kh\u1ed5ng l\u1ed3, \u0111\u01b0\u1ee3c chi\u1ebfu s\u00e1ng \u0111\u01b0\u1ee3c ch\u1ea1m kh\u1eafc t\u1eeb gi\u1ea5y washi v\u00e0 m\u00f4 t\u1ea3 c\u00e1c anh h\u00f9ng, \u00e1c qu\u1ef7 ho\u1eb7c c\u00e1c c\u1ea3nh trong th\u1ea7n tho\u1ea1i v\u00e0 l\u1ecbch s\u1eed. Nh\u1eefng ng\u01b0\u1eddi bi\u1ec3u di\u1ec5n \u0111i c\u00f9ng h\u1ecd, v\u1eeba h\u00e1t nh\u1ecbp \u0111i\u1ec7u tr\u00ean tr\u1ed1ng taiko v\u1eeba d\u1eabn d\u1eaft c\u00e1c nh\u00e2n v\u1eadt \u0111i qua \u0111\u00e1m \u0111\u00f4ng. \u0110\u01b0\u1ee3c c\u00f4ng nh\u1eadn l\u00e0 m\u1ed9t trong \u201c100 Soundscapes\u201d c\u1ee7a Nh\u1eadt B\u1ea3n, l\u1ec5 h\u1ed9i n\u00e0y \u0111\u00e3 tr\u1edf th\u00e0nh bi\u1ec3u t\u01b0\u1ee3ng cho nh\u1ecbp \u0111\u1eadp v\u0103n h\u00f3a c\u1ee7a Aomori.<\/p>\n\n\n\n<p>Ngo\u00e0i c\u1ea3nh t\u01b0\u1ee3ng theo m\u00f9a, th\u00e0nh ph\u1ed1 c\u00f2n l\u01b0u gi\u1eef qu\u00e1 kh\u1ee9 c\u1ee7a m\u00ecnh th\u00f4ng qua c\u00e1c b\u1ea3o t\u00e0ng v\u00e0 di t\u00edch l\u1ecbch s\u1eed. Di t\u00edch Sannai-Maruyama hi\u1ec7n l\u00e0 Di t\u00edch L\u1ecbch s\u1eed Qu\u1ed1c gia \u0110\u1eb7c bi\u1ec7t, c\u00e1c n\u1ec1n m\u00f3ng khai qu\u1eadt c\u1ee7a di t\u00edch n\u00e0y m\u1edf c\u1eeda cho du kh\u00e1ch tham quan. B\u1ea3o t\u00e0ng T\u1ec9nh Aomori v\u00e0 B\u1ea3o t\u00e0ng Ngh\u1ec7 thu\u1eadt Aomori l\u01b0u gi\u1eef c\u00e1c b\u1ed9 s\u01b0u t\u1eadp t\u1eeb h\u00e0ng th\u1ee7 c\u00f4ng \u0111\u1ecba ph\u01b0\u01a1ng \u0111\u1ebfn t\u00e1c ph\u1ea9m \u0111i\u00eau kh\u1eafc \u0111\u01b0\u01a1ng \u0111\u1ea1i. B\u1ea3o t\u00e0ng l\u1ecbch s\u1eed th\u00e0nh ph\u1ed1, B\u1ea3o t\u00e0ng L\u00e2m nghi\u1ec7p v\u00e0 B\u1ea3o t\u00e0ng Nebuta Wa Rasse \u0111\u1ec1u cung c\u1ea5p nh\u1eefng g\u00f3c nh\u00ecn ri\u00eang bi\u1ec7t v\u1ec1 di s\u1ea3n \u0111\u1ecba ph\u01b0\u01a1ng, t\u1eeb nh\u1eefng ng\u1ecdn \u0111\u1ed3i c\u00f3 r\u1eebng t\u1ea1o c\u1ea3m h\u1ee9ng cho t\u00ean g\u1ecdi Aomori cho \u0111\u1ebfn nh\u1eefng chi\u1ebfc xe di\u1ec5u h\u00e0nh l\u00e0m n\u00e1o nhi\u1ec7t c\u00e1c con ph\u1ed1. T\u00e0n t\u00edch l\u00e2u \u0111\u00e0i \u1edf Namioka v\u00e0 t\u00e0n t\u00edch c\u1ee7a khu \u0111\u1ecbnh c\u01b0 Komakino l\u00e0 nh\u1eefng nh\u00e2n ch\u1ee9ng th\u1ea7m l\u1eb7ng cho nhi\u1ec1u th\u1ebf k\u1ef7 chi\u1ebfm \u0111\u00f3ng.<\/p>\n\n\n\n<p>C\u01a1 s\u1edf h\u1ea1 t\u1ea7ng hi\u1ec7n \u0111\u1ea1i m\u1edf r\u1ed9ng ra ngo\u00e0i c\u00e1c b\u1ea3o t\u00e0ng. C\u00e1c tuy\u1ebfn \u0111\u01b0\u1eddng qu\u1ed1c gia\u20144, 7, 101, 280 v\u00e0 c\u00e1c tuy\u1ebfn kh\u00e1c\u2014h\u1ed9i t\u1ee5 t\u1ea1i \u0111\u00e2y, c\u00f9ng v\u1edbi c\u00e1c tuy\u1ebfn \u0111\u01b0\u1eddng cao t\u1ed1c Aomori v\u00e0 Tsugaru. Ph\u00e0 v\u1eabn ti\u1ebfp t\u1ee5c \u0111i qua eo bi\u1ec3n, m\u1eb7c d\u00f9 hi\u1ec7n nay ch\u1ee7 y\u1ebfu l\u00e0 \u0111\u1ec3 gi\u1ea3i tr\u00ed ch\u1ee9 kh\u00f4ng ph\u1ea3i l\u00e0 tuy\u1ebfn duy nh\u1ea5t k\u1ebft n\u1ed1i v\u1edbi Hokkaido. C\u1ea3ng Aomori v\u1eabn ch\u00e0o \u0111\u00f3n c\u00e1c t\u00e0u thuy\u1ec1n d\u1ecdc theo Ph\u00e0 Tsugaru Kaiky\u014d, b\u1ea3o t\u1ed3n truy\u1ec1n th\u1ed1ng h\u00e0ng h\u1ea3i c\u00f3 t\u1eeb cu\u1ed1i th\u1ebf k\u1ef7 XIX.<\/p>\n\n\n\n<p>Trong ki\u1ebfn \u200b\u200btr\u00fac, trong nh\u1ecbp \u0111i\u1ec7u c\u1ee7a c\u00e1c m\u00f9a v\u00e0 trong k\u00fd \u1ee9c s\u1ed1ng \u0111\u1ed9ng c\u1ee7a c\u01b0 d\u00e2n, Aomori hi\u1ec7n th\u00e2n cho c\u1ea3 kh\u1ea3 n\u0103ng ph\u1ee5c h\u1ed3i v\u00e0 s\u1ef1 t\u00e1i t\u1ea1o. Nh\u1eefng ng\u1ecdn \u0111\u1ed3i ph\u1ee7 \u0111\u1ea7y c\u00e2y xanh tr\u00ean \u0111\u01b0\u1eddng ch\u00e2n tr\u1eddi g\u1ee3i nh\u1edb \u0111\u1ebfn ng\u00f4i l\u00e0ng c\u00f3 t\u00ean \u0111\u01b0\u1ee3c vi\u1ebft b\u1eb1ng ch\u1eef H\u00e1n, trong khi nh\u1eefng con ph\u1ed1 v\u00e0 tuy\u1ebfn \u0111\u01b0\u1eddng s\u1eaft c\u1ee7a th\u00e0nh ph\u1ed1 n\u00e0y v\u1ea1ch ra nh\u1eefng \u0111\u01b0\u1eddng n\u00e9t c\u1ee7a tham v\u1ecdng, kh\u00f3 kh\u0103n v\u00e0 s\u1ef1 \u0111\u1ed5i m\u1edbi. Tuy\u1ebft r\u01a1i d\u00e0y ch\u00f4n v\u00f9i th\u1ecb tr\u1ea5n v\u00e0 trang tr\u1ea1i nh\u01b0 nhau v\u00e0o m\u1ed7i m\u00f9a \u0111\u00f4ng, nh\u01b0 ch\u00fang \u0111\u00e3 l\u00e0m trong nhi\u1ec1u th\u1ebf k\u1ef7, ch\u1ec9 \u0111\u1ec3 tan th\u00e0nh nh\u1eefng d\u00f2ng su\u1ed1i ch\u1ea3y xi\u1ebft ph\u00e2n t\u00e1n v\u00e0o v\u1ecbnh. D\u01b0\u1edbi m\u1ed7i b\u1ec1 m\u1eb7t \u0111\u1ec1u \u1ea9n ch\u1ee9a m\u1ed9t c\u00e2u chuy\u1ec7n: v\u1ec1 nh\u1eefng th\u1ee3 s\u0103n J\u014dmon, v\u1ec1 nh\u1eefng ng\u01b0\u1eddi n\u00f4ng d\u00e2n Emishi, v\u1ec1 nh\u1eefng l\u00e3nh ch\u00faa samurai, v\u1ec1 nh\u1eefng c\u00f4ng d\u00e2n hi\u1ec7n \u0111\u1ea1i \u0111\u1ecbnh h\u00ecnh t\u01b0\u01a1ng lai c\u1ee7a h\u1ecd gi\u1eefa chu k\u1ef3 li\u00ean t\u1ee5c thay \u0111\u1ed5i c\u1ee7a thi\u00ean nhi\u00ean. Theo ngh\u0129a n\u00e0y, Aomori kh\u00f4ng ch\u1ec9 l\u00e0 m\u1ed9t \u0111\u1ecba danh tr\u00ean b\u1ea3n \u0111\u1ed3; m\u00e0 c\u00f2n l\u00e0 m\u1ed9t c\u00e2u chuy\u1ec7n \u0111ang di\u1ec5n ra v\u1ec1 s\u1ef1 b\u1ec1n b\u1ec9 c\u1ee7a con ng\u01b0\u1eddi \u1edf r\u00eca xa c\u1ee7a Honshu.<\/p>","protected":false},"excerpt":{"rendered":"<p>Aomori, th\u1ee7 ph\u1ee7 c\u1ee7a T\u1ec9nh Aomori, l\u00e0 v\u00ed d\u1ee5 \u0111i\u1ec3n h\u00ecnh cho di s\u1ea3n phong ph\u00fa c\u1ee7a bi\u00ean gi\u1edbi ph\u00eda b\u1eafc Nh\u1eadt B\u1ea3n. Aomori, n\u1eb1m g\u1ea7n c\u1ef1c b\u1eafc c\u1ee7a Honshu, h\u00f2n \u0111\u1ea3o l\u1edbn nh\u1ea5t c\u1ee7a Nh\u1eadt B\u1ea3n, c\u00f3 gi\u00e1 tr\u1ecb to l\u1edbn do v\u1ecb tr\u00ed \u0111\u1ecba l\u00fd v\u00e0 t\u1ea7m quan tr\u1ecdng v\u1ec1 v\u0103n h\u00f3a. T\u00ednh \u0111\u1ebfn ng\u00e0y 1 th\u00e1ng 8 n\u0103m 2023, trung t\u00e2m \u0111\u00f4 th\u1ecb n\u0103ng \u0111\u1ed9ng n\u00e0y \u01b0\u1edbc t\u00ednh c\u00f3 264.945 c\u00e1 nh\u00e2n, c\u01b0 tr\u00fa t\u1ea1i 136.781 ng\u00f4i nh\u00e0. Aomori bao g\u1ed3m di\u1ec7n t\u00edch \u0111\u1ea5t l\u00e0 824,61 km2 (318,38 d\u1eb7m vu\u00f4ng) v\u00e0 c\u00f3 m\u1eadt \u0111\u1ed9 d\u00e2n s\u1ed1 l\u00e0 321 ng\u01b0\u1eddi tr\u00ean m\u1ed9t km2, c\u00e2n b\u1eb1ng hi\u1ec7u qu\u1ea3 gi\u1eefa vi\u1ec7c m\u1edf r\u1ed9ng \u0111\u00f4 th\u1ecb v\u1edbi vi\u1ec7c b\u1ea3o t\u1ed3n m\u00f4i tr\u01b0\u1eddng t\u1ef1 nhi\u00ean c\u1ee7a n\u00f3.<\/p>","protected":false},"author":1,"featured_media":2901,"parent":14797,"menu_order":0,"comment_status":"closed","ping_status":"closed","template":"elementor_theme","meta":{"_eb_attr":"","footnotes":""},"class_list":["post-14902","page","type-page","status-publish","has-post-thumbnail"],"_links":{"self":[{"href":"https:\/\/travelshelper.com\/vi\/wp-json\/wp\/v2\/pages\/14902","targetHints":{"allow":["GET"]}}],"collection":[{"href":"https:\/\/travelshelper.com\/vi\/wp-json\/wp\/v2\/pages"}],"about":[{"href":"https:\/\/travelshelper.com\/vi\/wp-json\/wp\/v2\/types\/page"}],"author":[{"embeddable":true,"href":"https:\/\/travelshelper.com\/vi\/wp-json\/wp\/v2\/users\/1"}],"replies":[{"embeddable":true,"href":"https:\/\/travelshelper.com\/vi\/wp-json\/wp\/v2\/comments?post=14902"}],"version-history":[{"count":0,"href":"https:\/\/travelshelper.com\/vi\/wp-json\/wp\/v2\/pages\/14902\/revisions"}],"up":[{"embeddable":true,"href":"https:\/\/travelshelper.com\/vi\/wp-json\/wp\/v2\/pages\/14797"}],"wp:featuredmedia":[{"embeddable":true,"href":"https:\/\/travelshelper.com\/vi\/wp-json\/wp\/v2\/media\/2901"}],"wp:attachment":[{"href":"https:\/\/travelshelper.com\/vi\/wp-json\/wp\/v2\/media?parent=14902"}],"curies":[{"name":"wp","href":"https:\/\/api.w.org\/{rel}","templated":true}]}}