{"id":14896,"date":"2024-09-20T11:50:26","date_gmt":"2024-09-20T11:50:26","guid":{"rendered":"https:\/\/travelshelper.com\/staging\/?page_id=14896"},"modified":"2026-03-11T17:36:34","modified_gmt":"2026-03-11T17:36:34","slug":"fukuoka","status":"publish","type":"page","link":"https:\/\/travelshelper.com\/vi\/destinations\/asia\/japan\/fukuoka\/","title":{"rendered":"Fukuoka"},"content":{"rendered":"<p>Fukuoka, tr\u00e1i tim \u0111ang \u0111\u1eadp c\u1ee7a Ky\u016bsh\u016b, chi\u1ebfm m\u1ed9t v\u00f9ng \u0111\u1ea5t h\u00ecnh l\u01b0\u1ee1i li\u1ec1m d\u1ecdc theo b\u1edd bi\u1ec3n ph\u00eda b\u1eafc c\u1ee7a V\u1ecbnh Hakata. L\u00e0 th\u1ee7 ph\u1ee7 c\u1ee7a T\u1ec9nh Fukuoka, \u0111\u00e2y l\u00e0 th\u00e0nh ph\u1ed1 l\u1edbn th\u1ee9 s\u00e1u c\u1ee7a Nh\u1eadt B\u1ea3n, \u0111\u01b0\u1eddng ch\u00e2n tr\u1eddi c\u1ee7a th\u00e0nh ph\u1ed1 \u0111\u01b0\u1ee3c t\u00f4 \u0111i\u1ec3m b\u1eb1ng nh\u1eefng t\u00f2a th\u00e1p hi\u1ec7n \u0111\u1ea1i v\u00e0 \u0111\u01b0\u1ee3c t\u00f4 \u0111i\u1ec3m b\u1eb1ng nh\u1eefng b\u1edd xanh c\u1ee7a nh\u1eefng ng\u1ecdn n\u00fai xung quanh. T\u1eeb g\u00f3c nh\u00ecn n\u00e0y, ng\u01b0\u1eddi ta c\u00f3 th\u1ec3 hi\u1ec3u \u0111\u01b0\u1ee3c l\u00fd do t\u1ea1i sao \u0111\u1ecba \u0111i\u1ec3m n\u00e0y l\u1ea1i \u0111\u00f3ng vai tr\u00f2 l\u00e0 c\u1eeda s\u1ed5 c\u1ee7a Nh\u1eadt B\u1ea3n h\u01b0\u1edbng ra ch\u00e2u \u00c1 trong nhi\u1ec1u th\u1ebf k\u1ef7. Ch\u1ec9 c\u00e1ch Busan - th\u00e0nh ph\u1ed1 ch\u1ecb em c\u1ee7a n\u00f3 b\u00ean kia Bi\u1ec3n Genkai - 180 km, Fukuoka mang \u0111\u1ebfn c\u1ea3m gi\u00e1c c\u1edfi m\u1edf r\u00f5 r\u1ec7t v\u1edbi c\u00e1c lu\u1ed3ng n\u01b0\u1edbc ngo\u00e0i, ngay c\u1ea3 khi th\u00e0nh ph\u1ed1 n\u00e0y nu\u00f4i d\u01b0\u1ee1ng m\u1ed9t n\u1ec1n v\u0103n h\u00f3a kh\u00f4ng th\u1ec3 nh\u1ea7m l\u1eabn l\u00e0 b\u1ea3n \u0111\u1ecba.<\/p>\n\n\n\n<p>S\u1ef1 hi\u1ec7n di\u1ec7n c\u1ee7a con ng\u01b0\u1eddi \u1edf \u0111\u00e2y c\u00f3 ngu\u1ed3n g\u1ed1c t\u1eeb th\u1eddi k\u1ef3 J\u014dmon, nh\u01b0ng trong th\u1eddi k\u1ef3 Yayoi, ngh\u1ec1 tr\u1ed3ng l\u00faa v\u00e0 c\u00e1c khu \u0111\u1ecbnh c\u01b0 ban \u0111\u1ea7u \u0111\u00e3 h\u00ecnh th\u00e0nh d\u1ecdc theo c\u00e1c r\u00eca m\u00e0u m\u1ee1 c\u1ee7a v\u1ecbnh. \u0110\u1ebfn th\u1eddi k\u1ef3 Yamato, \u1ea3nh h\u01b0\u1edfng ch\u00ednh tr\u1ecb \u0111\u00e3 b\u1eaft \u0111\u1ea7u \u0111\u01b0\u1ee3c c\u1ee7ng c\u1ed1, nh\u01b0ng Fukuoka v\u1eabn c\u00e1ch xa c\u00e1c trung t\u00e2m \u0111\u1ebf qu\u1ed1c c\u1ee7a Kyoto v\u00e0 sau \u0111\u00f3 l\u00e0 Edo. Kho\u1ea3ng c\u00e1ch n\u00e0y \u0111\u00e3 nu\u00f4i d\u01b0\u1ee1ng m\u1ed9t ph\u01b0\u01a1ng ng\u1eef v\u00e0 phong t\u1ee5c v\u1eabn t\u1ed3n t\u1ea1i cho \u0111\u1ebfn ng\u00e0y nay, mang l\u1ea1i cho th\u00e0nh ph\u1ed1 n\u00e0y n\u00e9t du d\u01b0\u01a1ng v\u00e0 \u1ea5m \u00e1p \u0111\u1eb7c tr\u01b0ng.<\/p>\n\n\n\n<p>V\u00e0o th\u1eddi k\u1ef3 Edo, hai th\u1ecb tr\u1ea5n song sinh Hakata v\u00e0 Fukuoka s\u1ed1ng c\u1ea1nh nhau. M\u1ed9t l\u00e0 trung t\u00e2m th\u01b0\u01a1ng m\u1ea1i, c\u00f2n l\u1ea1i l\u00e0 l\u00e3nh \u0111\u1ecba c\u1ee7a samurai; truy\u1ec1n thuy\u1ebft k\u1ec3 r\u1eb1ng v\u00e0o n\u0103m 1889, c\u00e1c samurai \u0111\u1ecba ph\u01b0\u01a1ng \u0111\u00e3 can thi\u1ec7p v\u00e0o cu\u1ed9c thi \u0111\u1eb7t t\u00ean cho th\u00e0nh ph\u1ed1 \u0111\u01b0\u1ee3c s\u00e1p nh\u1eadp, \u0111\u1ea3m b\u1ea3o &#034;Fukuoka&#034; th\u1eafng th\u1ebf\u2014m\u1eb7c d\u00f9 c\u1ea3ng v\u00e0 nh\u00e0 ga \u0111\u01b0\u1eddng s\u1eaft ch\u00ednh c\u1ee7a th\u00e0nh ph\u1ed1 v\u1eabn mang t\u00ean Hakata. Nh\u1eefng c\u00e2u chuy\u1ec7n nh\u01b0 v\u1eady, d\u00f9 ho\u00e0n to\u00e0n l\u00e0 s\u1ef1 th\u1eadt hay pha tr\u1ed9n v\u1edbi v\u0103n h\u00f3a d\u00e2n gian, \u0111\u1ec1u minh h\u1ecda cho kh\u1ea3 n\u0103ng c\u00e2n b\u1eb1ng hai b\u1ea3n s\u1eafc c\u1ee7a th\u00e0nh ph\u1ed1 m\u00e0 kh\u00f4ng l\u00e0m gi\u1ea3m \u0111i b\u1ea3n s\u1eafc n\u00e0o.<\/p>\n\n\n\n<p>V\u00e0o gi\u1eefa th\u1ebf k\u1ef7 XX, t\u1ed1c \u0111\u1ed9 t\u0103ng tr\u01b0\u1edfng c\u1ee7a Fukuoka \u0111\u00e3 t\u0103ng t\u1ed1c. Th\u00e0nh ph\u1ed1 n\u00e0y \u0111\u1ea1t \u0111\u01b0\u1ee3c t\u00ecnh tr\u1ea1ng ph\u00e1p l\u1ec7nh c\u1ee7a ch\u00ednh ph\u1ee7 v\u00e0o ng\u00e0y 1 th\u00e1ng 4 n\u0103m 1972 v\u00e0 \u0111\u1ebfn n\u0103m 2005, \u0110\u1ea1i Fukuoka\u2014khu v\u1ef1c \u0111\u00f4 th\u1ecb r\u1ed9ng h\u01a1n bao g\u1ed3m Kitakyushu\u2014c\u00f3 kho\u1ea3ng 2,5 tri\u1ec7u c\u01b0 d\u00e2n. N\u0103m \u0111\u00f3, Fukuoka c\u0169ng v\u01b0\u1ee3t qua Kobe v\u1ec1 d\u00e2n s\u1ed1 th\u00e0nh ph\u1ed1 th\u1ef1c s\u1ef1, v\u00e0 v\u00e0o th\u00e1ng 7 n\u0103m 2011, th\u00e0nh ph\u1ed1 n\u00e0y \u0111\u00e3 v\u01b0\u1ee3t qua Kyoto, \u0111\u00e1nh d\u1ea5u l\u1ea7n \u0111\u1ea7u ti\u00ean k\u1ec3 t\u1eeb khi Kyoto \u0111\u01b0\u1ee3c th\u00e0nh l\u1eadp v\u00e0o n\u0103m 794, m\u1ed9t th\u00e0nh ph\u1ed1 ph\u00eda t\u00e2y \u0111\u00e3 v\u01b0\u1ee3t qua th\u00e0nh ph\u1ed1 n\u00e0y. T\u00ednh \u0111\u1ebfn th\u00e1ng 3 n\u0103m 2023, s\u1ed1 li\u1ec7u ch\u00ednh th\u1ee9c \u0111\u1ea1t 1.632.713 c\u01b0 d\u00e2n, chia \u0111\u1ec1u cho kho\u1ea3ng 770.000 nam v\u00e0 862.000 n\u1eef, t\u1ea1o ra m\u1eadt \u0111\u1ed9 kho\u1ea3ng 4.515 ng\u01b0\u1eddi tr\u00ean m\u1ed9t kil\u00f4m\u00e9t vu\u00f4ng tr\u00ean di\u1ec7n t\u00edch 343 kil\u00f4m\u00e9t vu\u00f4ng.<\/p>\n\n\n\n<p>S\u1ef1 thay \u0111\u1ed5i nh\u00e2n kh\u1ea9u h\u1ecdc c\u1ee7a th\u00e0nh ph\u1ed1 n\u00e0y \u0111\u00e1ng ch\u00fa \u00fd v\u00ec s\u1ef1 tr\u1ebb trung v\u00e0 c\u1edfi m\u1edf. \u0110\u00e2y l\u00e0 th\u00e0nh ph\u1ed1 l\u1edbn ph\u00e1t tri\u1ec3n nhanh nh\u1ea5t c\u1ee7a Nh\u1eadt B\u1ea3n, v\u1edbi t\u1ef7 l\u1ec7 c\u01b0 d\u00e2n sinh ra \u1edf n\u01b0\u1edbc ngo\u00e0i t\u0103ng nhanh h\u01a1n b\u1ea5t k\u1ef3 n\u01a1i n\u00e0o kh\u00e1c trong c\u1ea3 n\u01b0\u1edbc trong giai \u0111o\u1ea1n 2012-2017. Sinh vi\u00ean qu\u1ed1c t\u1ebf\u2014g\u1ea7n m\u01b0\u1eddi ngh\u00ecn ng\u01b0\u1eddi m\u1ed7i n\u0103m\u2014\u0111\u1ebfn \u0111\u00e2y \u0111\u1ec3 tham gia c\u00e1c ch\u01b0\u01a1ng tr\u00ecnh t\u1ea1i c\u00e1c tr\u01b0\u1eddng \u0111\u1ea1i h\u1ecdc \u0111\u1ecba ph\u01b0\u01a1ng, trong khi kho\u1ea3ng 200 h\u1ed9i ngh\u1ecb thu h\u00fat c\u00e1c chuy\u00ean gia to\u00e0n c\u1ea7u \u0111\u1ebfn c\u00e1c trung t\u00e2m h\u1ed9i ngh\u1ecb c\u1ee7a th\u00e0nh ph\u1ed1. Ngay c\u1ea3 s\u1ed1 l\u01b0\u1ee3ng c\u01b0 d\u00e2n v\u00f4 gia c\u01b0 h\u00e0ng n\u0103m, t\u1eebng \u0111\u1ea1t \u0111\u1ec9nh g\u1ea7n m\u1ed9t ngh\u00ecn ng\u01b0\u1eddi v\u00e0o n\u0103m 2009, \u0111\u00e3 gi\u1ea3m xu\u1ed1ng c\u00f2n h\u00e0ng tr\u0103m ng\u01b0\u1eddi, ph\u1ea3n \u00e1nh c\u00e1c ch\u01b0\u01a1ng tr\u00ecnh x\u00e3 h\u1ed9i \u0111\u01b0\u1ee3c ph\u1ed1i h\u1ee3p.<\/p>\n\n\n\n<p>\u0110\u1ecba l\u00fd h\u00e0ng h\u1ea3i c\u1ee7a Fukuoka c\u0169ng \u0111\u1ecbnh h\u00ecnh n\u00ean kh\u00ed h\u1eadu c\u1ee7a th\u00e0nh ph\u1ed1. \u0110\u01b0\u1ee3c bao quanh b\u1edfi n\u00fai \u1edf ba ph\u00eda v\u00e0 m\u1edf ra ph\u00eda b\u1eafc \u0111\u1ebfn Bi\u1ec3n Genkai, th\u00e0nh ph\u1ed1 n\u00e0y c\u00f3 ch\u1ebf \u0111\u1ed9 c\u1eadn nhi\u1ec7t \u0111\u1edbi \u1ea9m. Nhi\u1ec7t \u0111\u1ed9 trung b\u00ecnh h\u00e0ng n\u0103m l\u00e0 16,3 \u00b0C, \u0111\u1ed9 \u1ea9m dao \u0111\u1ed9ng g\u1ea7n 70 ph\u1ea7n tr\u0103m v\u00e0 t\u1ed5ng s\u1ed1 gi\u1edd n\u1eafng kho\u1ea3ng 1.811 gi\u1edd. M\u00f9a \u0111\u00f4ng v\u1eabn \u00f4n h\u00f2a\u2014hi\u1ebfm khi xu\u1ed1ng d\u01b0\u1edbi m\u1ee9c \u0111\u00f3ng b\u0103ng\u2014v\u00e0 tuy\u1ebft r\u01a1i l\u00e0 m\u1ed9t n\u00e9t v\u1ebd tinh t\u1ebf ch\u1ee9 kh\u00f4ng ph\u1ea3i l\u00e0 m\u1ed9t t\u1ea5m ch\u0103n, kh\u00f4ng gi\u1ed1ng nh\u01b0 tuy\u1ebft d\u00e0y h\u01a1n \u1edf b\u1edd bi\u1ec3n Bi\u1ec3n Nh\u1eadt B\u1ea3n c\u1ee7a Nh\u1eadt B\u1ea3n. M\u00f9a xu\u00e2n m\u1edf ra v\u1edbi hoa anh \u0111\u00e0o v\u00e0o cu\u1ed1i th\u00e1ng 3 ho\u1eb7c \u0111\u1ea7u th\u00e1ng 4, d\u1eabn \u0111\u1ebfn m\u00f9a m\u01b0a k\u00e9o d\u00e0i s\u00e1u tu\u1ea7n t\u1eeb th\u00e1ng 6 \u0111\u1ebfn th\u00e1ng 7, khi nhi\u1ec7t \u0111\u1ed9 cao h\u00e0ng ng\u00e0y t\u0103ng l\u00ean \u0111\u1ebfn 30 \u00b0C d\u01b0\u1edbi \u0111\u1ed9 \u1ea9m cao. M\u00f9a h\u00e8 \u0111\u1ea1t \u0111\u1ec9nh g\u1ea7n 37 \u00b0C, \u0111\u01b0\u1ee3c \u0111i\u1ec1u h\u00f2a b\u1edfi gi\u00f3 bi\u1ec3n v\u00e0 m\u00f9a thu\u2014th\u01b0\u1eddng \u0111\u01b0\u1ee3c coi l\u00e0 m\u00f9a \u0111\u1eb9p nh\u1ea5t\u2014mang \u0111\u1ebfn kh\u00f4ng kh\u00ed trong l\u00e0nh v\u00e0 h\u01a1i \u1ea5m nh\u1eb9 nh\u00e0ng, m\u1eb7c d\u00f9 th\u1ec9nh tho\u1ea3ng c\u00f3 b\u00e3o khi\u1ebfn s\u1ef1 hi\u1ec7n di\u1ec7n c\u1ee7a ch\u00fang \u0111\u01b0\u1ee3c c\u1ea3m nh\u1eadn v\u00e0o th\u00e1ng 9.<\/p>\n\n\n\n<p>C\u00e1c c\u01a1n \u0111\u1ecba ch\u1ea5n c\u0169ng l\u00e0 m\u1ed9t ph\u1ea7n c\u1ee7a th\u1ef1c t\u1ebf Fukuoka, m\u1eb7c d\u00f9 \u00edt th\u01b0\u1eddng xuy\u00ean h\u01a1n so v\u1edbi c\u00e1c v\u00f9ng xa h\u01a1n v\u1ec1 ph\u00eda b\u1eafc. V\u00e0o ng\u00e0y 20 th\u00e1ng 3 n\u0103m 2005, m\u1ed9t tr\u1eadn \u0111\u1ed9ng \u0111\u1ea5t c\u00f3 c\u01b0\u1eddng \u0111\u1ed9 d\u01b0\u1edbi 6 \u0111\u1ed9 Richter x\u1ea3y ra l\u00fac 10:53 s\u00e1ng gi\u1edd \u0111\u1ecba ph\u01b0\u01a1ng, b\u1eaft ngu\u1ed3n t\u1eeb ph\u1ea7n m\u1edf r\u1ed9ng c\u1ee7a \u0111\u1ee9t g\u00e3y Kego b\u00ean d\u01b0\u1edbi Bi\u1ec3n Genkai. M\u1ed9t ng\u01b0\u1eddi \u0111\u00e3 thi\u1ec7t m\u1ea1ng, h\u01a1n 400 ng\u01b0\u1eddi b\u1ecb th\u01b0\u01a1ng v\u00e0 \u0110\u1ea3o Genkai ph\u1ea3i g\u00e1nh ch\u1ecbu ph\u1ea7n l\u1edbn thi\u1ec7t h\u1ea1i, khi\u1ebfn ph\u1ea3i s\u01a1 t\u00e1n h\u00e0ng lo\u1ea1t. Nh\u1eefng ng\u00f4i nh\u00e0 g\u1ed7 truy\u1ec1n th\u1ed1ng \u1edf Daimy\u014d v\u00e0 Imaizumi ch\u1ecbu thi\u1ec7t h\u1ea1i n\u1eb7ng n\u1ec1 nh\u1ea5t, nhi\u1ec1u ng\u00f4i nh\u00e0 sau \u0111\u00f3 \u0111\u01b0\u1ee3c \u0111\u00e1nh d\u1ea5u \u0111\u1ec3 ph\u00e1 d\u1ee1. Kho\u1ea3n thanh to\u00e1n b\u1ea3o hi\u1ec3m l\u00ean t\u1edbi 15,8 t\u1ef7 y\u00ean. M\u1ed9t th\u00e1ng sau, v\u00e0o ng\u00e0y 20 th\u00e1ng 4, m\u1ed9t c\u01a1n \u0111\u1ecba ch\u1ea5n th\u1ee9 hai \u0111\u01b0\u1ee3c ghi nh\u1eadn \u1edf m\u1ee9c 5+ tr\u00ean thang \u0111o, nh\u1ea5n m\u1ea1nh ph\u1ea1m vi c\u1ee7a \u0111\u1ee9t g\u00e3y. C\u00e1c nghi\u00ean c\u1ee9u k\u1ec3 t\u1eeb \u0111\u00f3 \u0111\u00e3 m\u1edf r\u1ed9ng chi\u1ec1u d\u00e0i \u0111\u00e3 bi\u1ebft c\u1ee7a \u0111\u1ee9t g\u00e3y Kego l\u00ean 40 km v\u00e0 \u0111i\u1ec1u ch\u1ec9nh kh\u1ea3 n\u0103ng x\u1ea3y ra \u0111\u1ed9ng \u0111\u1ea5t \u0111\u00e1ng k\u1ec3 theo h\u01b0\u1edbng t\u0103ng l\u00ean.<\/p>\n\n\n\n<p>\u0110\u1eddi s\u1ed1ng kinh t\u1ebf t\u1ea1i Fukuoka \u0111\u01b0\u1ee3c neo gi\u1eef b\u1edfi c\u00e1c d\u1ecbch v\u1ee5 v\u00e0 \u0111\u1ed5i m\u1edbi. N\u01a1i \u0111\u00e2y \u0111\u01b0\u1ee3c x\u1ebfp h\u1ea1ng l\u00e0 trung t\u00e2m kh\u1edfi nghi\u1ec7p ch\u00ednh c\u1ee7a Nh\u1eadt B\u1ea3n, khu v\u1ef1c qu\u1ed1c gia duy nh\u1ea5t d\u00e0nh ri\u00eang cho c\u00e1c doanh nghi\u1ec7p m\u1edbi, ho\u00e0n ch\u1ec9nh v\u1edbi c\u00e1c \u01b0u \u0111\u00e3i v\u1ec1 th\u1ecb th\u1ef1c, c\u00e1c kho\u1ea3n gi\u1ea3m thu\u1ebf v\u00e0 m\u1ea1ng l\u01b0\u1edbi t\u01b0 v\u1ea5n. C\u00e1c t\u1eadp \u0111o\u00e0n l\u1edbn nh\u01b0 Iwataya v\u00e0 Kyushu Electric Power chia s\u1ebb \u0111\u01b0\u1eddng ch\u00e2n tr\u1eddi v\u1edbi c\u00e1c c\u00f4ng ty c\u00f4ng ngh\u1ec7 v\u00e0 h\u1eadu c\u1ea7n nhanh nh\u1eb9n. Trong khi ng\u00e0nh c\u00f4ng nghi\u1ec7p n\u1eb7ng t\u1eadp trung \u1edf Kitakyushu, khu v\u1ef1c \u0111\u00f4 th\u1ecb Fukuoka\u2014\u0111\u1ee9ng th\u1ee9 t\u01b0 t\u1ea1i Nh\u1eadt B\u1ea3n theo GDP\u2014\u0111\u00e3 t\u1ea1o ra 101,6 t\u1ef7 \u0111\u00f4 la M\u1ef9 v\u00e0o n\u0103m 2010. Theo ti\u00eau chu\u1ea9n s\u1ee9c mua, s\u1ea3n l\u01b0\u1ee3ng c\u1ee7a th\u00e0nh ph\u1ed1 n\u00e0y ngang b\u1eb1ng v\u1edbi Melbourne v\u00e0 Barcelona.<\/p>\n\n\n\n<p>C\u01a1 s\u1edf h\u1ea1 t\u1ea7ng giao th\u00f4ng c\u1ee7ng c\u1ed1 v\u1ecb th\u1ebf n\u1ed5i b\u1eadt c\u1ee7a Fukuoka trong khu v\u1ef1c. Ga Hakata\u2014tr\u1ea1m cu\u1ed1i c\u1ee7a tuy\u1ebfn Sany\u014d v\u00e0 Kyushu Shinkansen\u2014\u0111\u00f3ng vai tr\u00f2 l\u00e0 c\u1eeda ng\u00f5 v\u00e0o Honshu v\u00e0 Kagoshima. T\u00e0u \u0111i\u1ec7n ng\u1ea7m th\u00e0nh ph\u1ed1, v\u1edbi c\u00e1c tuy\u1ebfn K\u016bk\u014d, Hakozaki v\u00e0 Nanakuma (tuy\u1ebfn sau \u0111\u01b0\u1ee3c kh\u00e1nh th\u00e0nh v\u00e0o th\u00e1ng 2 n\u0103m 2005), k\u1ebft n\u1ed1i c\u00e1c qu\u1eadn s\u00e2n bay, trung t\u00e2m th\u00e0nh ph\u1ed1 v\u00e0 ngo\u1ea1i \u00f4. Nh\u00e0 \u0111i\u1ec1u h\u00e0nh \u0111\u01b0\u1eddng s\u1eaft t\u01b0 nh\u00e2n Nishi-Nippon Railroad ch\u1edf kh\u00e1ch \u0111\u1ebfn \u014cmuta, trong khi JR Kyushu v\u00e0 c\u00e1c \u0111\u1ed1i t\u00e1c H\u00e0n Qu\u1ed1c \u0111i\u1ec1u h\u00e0nh t\u00e0u c\u00e1nh ng\u1ea7m \u0111\u1ebfn Busan. S\u00e2n bay Fukuoka, n\u1eb1m trong gi\u1edbi h\u1ea1n th\u00e0nh ph\u1ed1, x\u1eed l\u00fd c\u1ea3 c\u00e1c chuy\u1ebfn bay n\u1ed9i \u0111\u1ecba v\u00e0 danh s\u00e1ch ng\u00e0y c\u00e0ng t\u0103ng c\u00e1c tuy\u1ebfn qu\u1ed1c t\u1ebf. C\u1ea3ng Hakata, c\u00f9ng v\u1edbi nh\u00e0 ga du thuy\u1ec1n m\u1edbi m\u1edf r\u1ed9ng, \u0111\u00e3 ch\u00e0o \u0111\u00f3n h\u01a1n 400 chuy\u1ebfn t\u00e0u gh\u00e9 v\u00e0o n\u0103m 2016, nhi\u1ec1u chuy\u1ebfn ch\u1edf du kh\u00e1ch t\u1eeb Trung Qu\u1ed1c v\u00e0 \u0110\u00e0i Loan.<\/p>\n\n\n\n<p>C\u00e1c c\u01a1 quan th\u01b0\u01a1ng m\u1ea1i v\u00e0 du l\u1ecbch Fukuoka \u0111\u00e3 t\u1eadn d\u1ee5ng l\u1ee3i th\u1ebf k\u1ebft n\u1ed1i n\u00e0y. M\u1ed7i n\u0103m, c\u00f3 h\u01a1n hai tri\u1ec7u du kh\u00e1ch n\u01b0\u1edbc ngo\u00e0i \u0111\u1ebfn \u0111\u00e2y, b\u1ecb thu h\u00fat b\u1edfi c\u00e1c \u0111\u1eb7c s\u1ea3n \u0111\u1ecba ph\u01b0\u01a1ng nh\u01b0 mentaiko, m\u00ec ramen x\u01b0\u01a1ng heo ki\u1ec3u Hakata v\u00e0 motsunabe. V\u00e0o ban \u0111\u00eam, c\u00e1c c\u1ee5m yatai\u2014qu\u1ea7y h\u00e0ng rong\u2014xu\u1ea5t hi\u1ec7n d\u1ecdc theo b\u1edd s\u00f4ng Nakasu v\u00e0 Tenjin, b\u00e1n m\u00ec ramen v\u00e0 yakitori d\u01b0\u1edbi \u0111\u00e8n l\u1ed3ng gi\u1ea5y. Kh\u00e1m ph\u00e1 ban ng\u00e0y s\u1ebd th\u1ea5y c\u00e1c thi\u00ean \u0111\u01b0\u1eddng b\u00e1n l\u1ebb: khu mua s\u1eafm m\u00ea cung c\u1ee7a Canal City, khu ph\u1ee9c h\u1ee3p hi\u1ec7n \u0111\u1ea1i c\u1ee7a JR Hakata City v\u00e0 c\u00e1c c\u1eeda h\u00e0ng ven s\u00f4ng c\u1ee7a Hakata Riverain.<\/p>\n\n\n\n<p>V\u0103n h\u00f3a c\u0169ng ph\u00e1t tri\u1ec3n m\u1ea1nh m\u1ebd. ACROS Fukuoka, \u201cNg\u00e3 t\u01b0 \u0111\u01b0\u1eddng ch\u00e2u \u00c1 tr\u00ean bi\u1ec3n\u201d, m\u1ecdc l\u00ean v\u1edbi m\u1eb7t ti\u1ec1n xanh nhi\u1ec1u t\u1ea7ng t\u1ea1i C\u00f4ng vi\u00ean trung t\u00e2m Tenjin, n\u01a1i c\u00f3 m\u1ed9t h\u1ed9i tr\u01b0\u1eddng giao h\u01b0\u1edfng v\u00e0 kh\u00f4ng gian tri\u1ec3n l\u00e3m. Gi\u1ea3i th\u01b0\u1edfng V\u0103n h\u00f3a ch\u00e2u \u00c1 Fukuoka, do t\u1ec9nh th\u00e0nh l\u1eadp, vinh danh nh\u1eefng \u0111\u00f3ng g\u00f3p \u0111\u00e1ng ch\u00fa \u00fd cho ngh\u1ec7 thu\u1eadt v\u00e0 h\u1ecdc thu\u1eadt khu v\u1ef1c. C\u00e1c b\u1ea3o t\u00e0ng, ph\u00f2ng tr\u01b0ng b\u00e0y v\u00e0 nh\u00e0 h\u00e1t r\u1ea3i r\u00e1c kh\u1eafp l\u01b0\u1edbi \u0111\u00f4 th\u1ecb, trong khi Sasaguri g\u1ea7n \u0111\u00f3 c\u00f3 b\u1ee9c t\u01b0\u1ee3ng Ph\u1eadt n\u1eb1m kh\u1ed5ng l\u1ed3 c\u1ee7a Nanzoin\u2014b\u1eb1ng \u0111\u1ed3ng \u0111\u00fac cao 42 m\u00e9t, m\u1ed9t trong nh\u1eefng b\u1ee9c t\u01b0\u1ee3ng l\u1edbn nh\u1ea5t th\u1ebf gi\u1edbi c\u00f9ng lo\u1ea1i b\u1eb1ng v\u1eadt li\u1ec7u t\u1ed5ng h\u1ee3p.<\/p>\n\n\n\n<p>C\u00e1c l\u1edbp l\u1ecbch s\u1eed t\u1ed3n t\u1ea1i trong \u0111\u00e1 v\u00e0 r\u1eebng c\u00e2y. Nh\u1eefng b\u1ee9c t\u01b0\u1eddng \u0111\u1ed5 n\u00e1t v\u00e0 c\u00e1c t\u00f2a th\u00e1p \u0111\u01b0\u1ee3c x\u00e2y d\u1ef1ng l\u1ea1i c\u1ee7a L\u00e2u \u0111\u00e0i Fukuoka v\u1eabn n\u1eb1m trong C\u00f4ng vi\u00ean Maizuru, c\u1ea1nh ao ph\u1ea3n chi\u1ebfu c\u1ee7a C\u00f4ng vi\u00ean \u014chori. C\u00e1c ng\u00f4i \u0111\u1ec1n nh\u01b0 T\u014dch\u014d-ji, \u0110\u1ec1n Hakozaki, Kashii v\u00e0 J\u014dten-ji g\u1ee3i nh\u1edb \u0111\u1ebfn th\u1eddi \u0111\u1ea1i b\u1ea3o tr\u1ee3 c\u1ee7a M\u1ea1c ph\u1ee7. Xa h\u01a1n v\u1ec1 ph\u00eda t\u00e2y c\u1ee7a th\u00e0nh ph\u1ed1, c\u00e1c b\u00e3i bi\u1ec3n c\u1ee7a Itoshima\u2014Futamigaura v\u00e0 Keya\u2014quy\u1ebfn r\u0169 du kh\u00e1ch b\u1eb1ng s\u00f3ng bi\u1ec3n v\u00e0 c\u00e1t, \u0111\u01b0\u1ee3c t\u00f4 \u0111i\u1ec3m b\u1eb1ng c\u00e1c ng\u00f4i \u0111\u1ec1n c\u1ed5 v\u00e0 bu\u1ed5i t\u1ee5 h\u1ecdp \u00e2m nh\u1ea1c Sunset Live th\u01b0\u1eddng ni\u00ean. \u1ede s\u00e2u trong \u0111\u1ea5t li\u1ec1n, nh\u1eefng c\u00e2y phong m\u00f9a thu c\u1ee7a Raizan Sennyo-ji v\u00e0 nh\u1eefng con \u0111\u01b0\u1eddng c\u00f3 nhi\u1ec1u t\u01b0\u1ee3ng nh\u1ea5n m\u1ea1nh v\u00e0o \u0111\u01b0\u1eddng n\u00e9t t\u00e2m linh c\u1ee7a khu v\u1ef1c.<\/p>\n\n\n\n<p>Gi\u00e1 c\u1ea3 ph\u1ea3i ch\u0103ng l\u00e0m t\u0103ng th\u00eam s\u1ee9c h\u1ea5p d\u1eabn c\u1ee7a Fukuoka. \u0110\u01b0\u1ee3c Newsweek c\u00f4ng nh\u1eadn v\u00e0o n\u0103m 2006 l\u00e0 m\u1ed9t trong nh\u1eefng th\u00e0nh ph\u1ed1 n\u0103ng \u0111\u1ed9ng nh\u1ea5t th\u1ebf gi\u1edbi, v\u00e0 sau \u0111\u00f3 \u0111\u01b0\u1ee3c Monocle c\u00f4ng nh\u1eadn l\u00e0 m\u1ed9t trong hai m\u01b0\u01a1i l\u0103m \u0111\u1ecba \u0111i\u1ec3m \u0111\u00e1ng s\u1ed1ng nh\u1ea5t, th\u00e0nh ph\u1ed1 n\u00e0y k\u1ebft h\u1ee3p giao th\u00f4ng c\u00f4ng c\u1ed9ng hi\u1ec7u qu\u1ea3, \u0111\u01b0\u1eddng ph\u1ed1 s\u1ea1ch s\u1ebd v\u00e0 g\u1ea7n v\u1edbi Ch\u00e2u \u00c1. Ch\u1ee3 \u0111\u00eam v\u00e0 l\u1ec5 h\u1ed9i cho th\u1ea5y m\u1ed9t \u0111\u00f4 th\u1ecb v\u1eeba thong th\u1ea3 v\u1eeba c\u1ea7n c\u00f9.<\/p>\n\n\n\n<p>Cu\u1ed1i c\u00f9ng, b\u1ee9c tranh nh\u00e2n kh\u1ea9u h\u1ecdc v\u00e0 d\u00e2n s\u1ed1 tr\u1ebb c\u1ee7a th\u00e0nh ph\u1ed1 mang l\u1ea1i cho n\u00f3 c\u1ea3m gi\u00e1c v\u1ec1 \u0111\u1ed9ng l\u1ef1c. C\u00e1c tr\u01b0\u1eddng \u0111\u1ea1i h\u1ecdc, v\u01b0\u1eddn \u01b0\u01a1m, \u0111\u00e0i ph\u00e1t thanh\u2014bao g\u1ed3m RKB Mainichi v\u00e0 Love FM\u2014v\u00e0 m\u1ed9t s\u00e0n giao d\u1ecbch ch\u1ee9ng kho\u00e1n \u0111\u1ecba ph\u01b0\u01a1ng c\u1ee7ng c\u1ed1 s\u1ef1 t\u1ef1 tin tr\u00e1i ng\u01b0\u1ee3c v\u1edbi v\u00f9ng ngo\u1ea1i vi \u0111\u1ecba l\u00fd c\u1ee7a n\u00f3. \u1ede Fukuoka, nh\u1eefng d\u00f2ng ch\u1ea3y r\u1ed9ng l\u1edbn c\u1ee7a l\u1ecbch s\u1eed v\u00e0 hi\u1ec7n \u0111\u1ea1i h\u1ed9i t\u1ee5 tr\u00ean v\u1ecbnh: n\u01a1i c\u00e1c th\u01b0\u01a1ng gia t\u1eebng trao \u0111\u1ed5i h\u00e0ng h\u00f3a b\u1eb1ng thuy\u1ec1n bu\u1ed3m, c\u00e1c c\u00f4ng ty kh\u1edfi nghi\u1ec7p hi\u1ec7n trao \u0111\u1ed5i \u00fd t\u01b0\u1edfng b\u1eb1ng c\u00e1p quang. Tuy nhi\u00ean, qua m\u1ed7i l\u1ea7n chuy\u1ec3n \u0111\u1ed5i, th\u00e0nh ph\u1ed1 v\u1eabn gi\u1eef \u0111\u01b0\u1ee3c m\u1ed9t s\u1ee3i ch\u1ec9 \u1ea5m \u00e1p\u2014m\u1ed9t d\u00f2ng ch\u1ea3y ng\u1ea7m c\u1ee7a b\u1ea3n s\u1eafc \u0111\u1ecba ph\u01b0\u01a1ng bi\u1ebfn nh\u1eefng ng\u01b0\u1eddi l\u1ea1 th\u00e0nh kh\u00e1ch quen, d\u00f9 ch\u1ec9 \u0111\u1ec3 c\u00f3 m\u1ed9t b\u00e1t m\u00ec ramen b\u1ed1c kh\u00f3i d\u01b0\u1edbi \u00e1nh \u0111\u00e8n l\u1ed3ng.<\/p>","protected":false},"excerpt":{"rendered":"<p>Fukuoka, th\u00e0nh ph\u1ed1 l\u1edbn th\u1ee9 s\u00e1u t\u1ea1i Nh\u1eadt B\u1ea3n v\u00e0 l\u00e0 th\u1ee7 ph\u1ee7 c\u1ee7a T\u1ec9nh Fukuoka, l\u00e0 m\u1ed9t \u0111\u00f4 th\u1ecb n\u0103ng \u0111\u1ed9ng n\u1eb1m tr\u00ean c\u00e1c b\u00e3i bi\u1ec3n c\u1ee7a V\u1ecbnh Hakata \u1edf b\u1edd bi\u1ec3n ph\u00eda b\u1eafc c\u1ee7a \u0110\u1ea3o Kyushu. Fukuoka, v\u1edbi d\u00e2n s\u1ed1 h\u01a1n 1,6 tri\u1ec7u ng\u01b0\u1eddi, l\u00e0 th\u00e0nh ph\u1ed1 \u0111\u00f4ng d\u00e2n nh\u1ea5t t\u1ea1i Kyushu v\u00e0 l\u00e0 trung t\u00e2m \u0111\u00f4 th\u1ecb l\u1edbn \u1edf ph\u00eda t\u00e2y c\u1ee7a v\u00f9ng \u0111\u00f4 th\u1ecb Keihanshin. \u0110\u00f4 th\u1ecb s\u00f4i \u0111\u1ed9ng n\u00e0y, v\u1ec1 m\u1eb7t l\u1ecbch s\u1eed l\u00e0 c\u1ea7u n\u1ed1i gi\u1eefa Nh\u1eadt B\u1ea3n v\u00e0 l\u1ee5c \u0111\u1ecba Ch\u00e2u \u00c1, c\u00f3 l\u1ecbch s\u1eed s\u00e2u s\u1eafc k\u00e9o d\u00e0i \u0111\u1ebfn th\u1eddi c\u1ed5 \u0111\u1ea1i v\u00e0 v\u1eabn l\u00e0 m\u1ed9t ph\u1ea7n kh\u00f4ng th\u1ec3 thi\u1ebfu trong khu\u00f4n kh\u1ed5 kinh t\u1ebf v\u00e0 v\u0103n h\u00f3a c\u1ee7a Nh\u1eadt B\u1ea3n.<\/p>","protected":false},"author":1,"featured_media":2995,"parent":14797,"menu_order":0,"comment_status":"closed","ping_status":"closed","template":"elementor_theme","meta":{"_eb_attr":"","footnotes":""},"class_list":["post-14896","page","type-page","status-publish","has-post-thumbnail"],"_links":{"self":[{"href":"https:\/\/travelshelper.com\/vi\/wp-json\/wp\/v2\/pages\/14896","targetHints":{"allow":["GET"]}}],"collection":[{"href":"https:\/\/travelshelper.com\/vi\/wp-json\/wp\/v2\/pages"}],"about":[{"href":"https:\/\/travelshelper.com\/vi\/wp-json\/wp\/v2\/types\/page"}],"author":[{"embeddable":true,"href":"https:\/\/travelshelper.com\/vi\/wp-json\/wp\/v2\/users\/1"}],"replies":[{"embeddable":true,"href":"https:\/\/travelshelper.com\/vi\/wp-json\/wp\/v2\/comments?post=14896"}],"version-history":[{"count":0,"href":"https:\/\/travelshelper.com\/vi\/wp-json\/wp\/v2\/pages\/14896\/revisions"}],"up":[{"embeddable":true,"href":"https:\/\/travelshelper.com\/vi\/wp-json\/wp\/v2\/pages\/14797"}],"wp:featuredmedia":[{"embeddable":true,"href":"https:\/\/travelshelper.com\/vi\/wp-json\/wp\/v2\/media\/2995"}],"wp:attachment":[{"href":"https:\/\/travelshelper.com\/vi\/wp-json\/wp\/v2\/media?parent=14896"}],"curies":[{"name":"wp","href":"https:\/\/api.w.org\/{rel}","templated":true}]}}