{"id":14854,"date":"2024-09-20T11:08:01","date_gmt":"2024-09-20T11:08:01","guid":{"rendered":"https:\/\/travelshelper.com\/staging\/?page_id=14854"},"modified":"2026-03-11T18:23:44","modified_gmt":"2026-03-11T18:23:44","slug":"nozawa-onsen","status":"publish","type":"page","link":"https:\/\/travelshelper.com\/vi\/destinations\/asia\/japan\/nozawa-onsen\/","title":{"rendered":"Nozawa Onsen"},"content":{"rendered":"<p>Nozawaonsen, n\u1eb1m gi\u1eefa nh\u1eefng ng\u1ecdn n\u00fai ph\u00eda \u0111\u00f4ng b\u1eafc c\u1ee7a t\u1ec9nh Nagano, chi\u1ebfm g\u1ea7n 58 km2 \u0111\u1ecba h\u00ecnh \u0111a d\u1ea1ng. D\u00e2n s\u1ed1 c\u1ee7a l\u00e0ng l\u00e0 3.653 ng\u01b0\u1eddi trong 1.395 h\u1ed9 gia \u0111\u00ecnh t\u00ednh \u0111\u1ebfn ng\u00e0y 1 th\u00e1ng 4 n\u0103m 2019, t\u1ea1o ra m\u1eadt \u0111\u1ed9 63 c\u01b0 d\u00e2n tr\u00ean m\u1ed9t km2. Nh\u1eefng con s\u1ed1 nh\u01b0 v\u1eady cho th\u1ea5y nh\u1ecbp s\u1ed1ng c\u00f3 ch\u1ee7 \u0111\u00edch \u1edf \u0111\u00e2y, n\u01a1i kh\u00f4ng gian cho r\u1eebng, ru\u1ed9ng b\u1eadc thang v\u00e0 nh\u1eefng con \u0111\u01b0\u1eddng quanh co chi\u1ebfm \u01b0u th\u1ebf h\u01a1n s\u1ef1 ph\u00e1t tri\u1ec3n d\u00e0y \u0111\u1eb7c.<\/p>\n\n\n\n<p>N\u1eb1m c\u00e1ch th\u00e0nh ph\u1ed1 Nagano kho\u1ea3ng m\u1ed9t gi\u1edd l\u00e1i xe, Nozawaonsen n\u1eb1m gi\u1eefa c\u00e1c \u0111\u1ec9nh n\u00fai cao t\u1edbi 1.650 m\u00e9t t\u1ea1i N\u00fai Kenashi v\u00e0 c\u00e1c thung l\u0169ng s\u00f4ng th\u1ea5p d\u1ea7n xu\u1ed1ng kho\u1ea3ng 300 m\u00e9t so v\u1edbi m\u1ef1c n\u01b0\u1edbc bi\u1ec3n. V\u1ec1 ph\u00eda nam, d\u00e3y n\u00fai Kenashi bao quanh \u0111\u01b0\u1eddng ch\u00e2n tr\u1eddi, trong khi S\u00f4ng Chikuma\u2013\u2013con s\u00f4ng d\u00e0i nh\u1ea5t Nh\u1eadt B\u1ea3n\u2013\u2013t\u1ea1o n\u00ean ranh gi\u1edbi ph\u00eda t\u00e2y. Ph\u00eda sau tuy\u1ebfn \u0111\u01b0\u1eddng th\u1ee7y \u0111\u00f3 l\u00e0 th\u00e0nh ph\u1ed1 Iiyama, \u0111\u01b0\u1eddng vi\u1ec1n \u0111\u00f4 th\u1ecb c\u1ee7a th\u00e0nh ph\u1ed1 ch\u1ec9 c\u00f3 th\u1ec3 nh\u00ecn th\u1ea5y khi kh\u00f4ng kh\u00ed trong thung l\u0169ng trong l\u00e0nh. V\u1ec1 ph\u00eda b\u1eafc v\u00e0 ph\u00eda \u0111\u00f4ng, ng\u00f4i l\u00e0ng g\u1eb7p Sakae, m\u1ed9t c\u1ed9ng \u0111\u1ed3ng kh\u00e1c \u0111\u01b0\u1ee3c h\u00ecnh th\u00e0nh b\u1edfi nh\u1eefng s\u01b0\u1eddn d\u1ed1c v\u00e0 tuy\u1ebft m\u00f9a \u0111\u00f4ng d\u00e0y. Trong ranh gi\u1edbi n\u00e0y, c\u00e1c vi kh\u00ed h\u1eadu xu\u1ea5t hi\u1ec7n, l\u00e0m d\u1ecbu \u0111i c\u00e1i n\u00f3ng m\u00f9a h\u00e8 b\u1eb1ng nh\u1eefng c\u01a1n gi\u00f3 bu\u1ed5i chi\u1ec1u v\u00e0 b\u00e1o hi\u1ec7u nh\u1eefng tr\u1eadn tuy\u1ebft r\u01a1i d\u00e0y t\u1eeb th\u00e1ng 12 \u0111\u1ebfn th\u00e1ng 4.<\/p>\n\n\n\n<p>Ph\u00e2n lo\u1ea1i kh\u00ed h\u1eadu c\u1ee7a Nozawaonsen l\u00e0 l\u1ee5c \u0111\u1ecba \u1ea9m (K\u00f6ppen Dfa), \u0111\u01b0\u1ee3c \u0111\u00e1nh d\u1ea5u b\u1eb1ng \u0111\u1ed9 \u1ea9m m\u00f9a h\u00e8 v\u00e0 nh\u1eefng th\u00e1ng m\u00f9a \u0111\u00f4ng l\u1ea1nh gi\u00e1. Nhi\u1ec7t \u0111\u1ed9 trung b\u00ecnh h\u00e0ng n\u0103m dao \u0111\u1ed9ng \u1edf m\u1ee9c 10,4\u00b0C, t\u0103ng l\u00ean kho\u1ea3ng 23,3\u00b0C v\u00e0o th\u00e1ng 8 v\u00e0 gi\u1ea3m xu\u1ed1ng -1,6\u00b0C v\u00e0o th\u00e1ng 1. L\u01b0\u1ee3ng m\u01b0a h\u00e0ng n\u0103m \u0111\u1ea1t t\u1edbi 1.782 mm, v\u1edbi th\u00e1ng 1 th\u01b0\u1eddng l\u00e0 th\u00e1ng \u1ea9m \u01b0\u1edbt nh\u1ea5t v\u00e0 tuy\u1ebft r\u01a1i t\u1ea1o n\u00ean l\u1edbp ph\u1ee7 tr\u1eafng n\u1ed5i ti\u1ebfng c\u1ee7a ng\u00f4i l\u00e0ng. S\u1ef1 h\u1ee3p l\u01b0u c\u1ee7a \u0111\u1ed9 cao v\u00e0 l\u01b0\u1ee3ng m\u01b0a n\u00e0y h\u1ed7 tr\u1ee3 c\u1ea3 vi\u1ec7c tr\u1ed3ng l\u00faa \u1edf \u0111\u00e1y thung l\u0169ng v\u00e0 c\u00e1c khu r\u1eebng l\u00e1 kim r\u1ed9ng l\u1edbn \u1edf ph\u00eda tr\u00ean.<\/p>\n\n\n\n<p>B\u1eb1ng ch\u1ee9ng v\u1ec1 s\u1ef1 \u0111\u1ecbnh c\u01b0 c\u1ee7a con ng\u01b0\u1eddi t\u1ea1i Nozawaonsen c\u00f3 t\u1eeb th\u1eddi xa x\u01b0a, n\u1eb1m trong t\u1ec9nh Shinano c\u1ed5 \u0111\u1ea1i. C\u00e1c v\u0103n b\u1ea3n th\u1eddi k\u1ef3 gi\u1eefa Kamakura ghi l\u1ea1i m\u1ed9t khu \u0111\u1ecbnh c\u01b0 c\u00f3 t\u00ean l\u00e0 Yuyama, theo ngh\u0129a \u0111en l\u00e0 &#034;l\u00e0ng n\u00fai su\u1ed1i n\u01b0\u1edbc n\u00f3ng&#034;, ph\u1ea3n \u00e1nh c\u00e1c h\u1ed3 n\u01b0\u1edbc \u0111\u1ecba nhi\u1ec7t \u0111\u1ecbnh h\u00ecnh n\u00ean cu\u1ed9c s\u1ed1ng c\u1ee7a ng\u01b0\u1eddi d\u00e2n \u0111\u1ecba ph\u01b0\u01a1ng. Truy\u1ec1n thuy\u1ebft k\u1ec3 r\u1eb1ng nh\u00e0 s\u01b0 Gy\u014bki v\u00e0o th\u1ebf k\u1ef7 th\u1ee9 8 l\u00e0 ng\u01b0\u1eddi \u0111\u1ea7u ti\u00ean ph\u00e1t hi\u1ec7n ra nh\u1eefng con su\u1ed1i n\u00e0y, m\u1ed9t s\u1ef1 k\u1ebft h\u1ee3p mang \u0111\u1ebfn cho ch\u00fang m\u1ed9t lu\u1ed3ng kh\u00ed nh\u1eb9 nh\u00e0ng c\u1ee7a s\u1ef1 th\u00e1nh thi\u1ec7n. \u0110\u1ebfn n\u0103m 1870, 24 nh\u00e0 tr\u1ecd \u0111\u00e3 ph\u1ee5c v\u1ee5 g\u1ea7n 25.000 du kh\u00e1ch t\u00ecm ki\u1ebfm d\u1ecbch v\u1ee5 ng\u00e2m m\u00ecnh ch\u1eefa b\u1ec7nh, m\u1ed9t minh ch\u1ee9ng cho danh ti\u1ebfng l\u00e2u \u0111\u1eddi c\u1ee7a nh\u1eefng v\u00f9ng n\u01b0\u1edbc kho\u00e1ng n\u00e0y.<\/p>\n\n\n\n<p>V\u1ec1 m\u1eb7t h\u00e0nh ch\u00ednh, ng\u00f4i l\u00e0ng hi\u1ec7n \u0111\u1ea1i \u0111\u00e3 ph\u00e1t tri\u1ec3n th\u00f4ng qua m\u1ed9t lo\u1ea1t c\u00e1c cu\u1ed9c s\u00e1p nh\u1eadp v\u00e0 ph\u00e2n lo\u1ea1i l\u1ea1i. V\u00e0o th\u00e1ng 4 n\u0103m 1889, Toyosato xu\u1ea5t hi\u1ec7n theo h\u1ec7 th\u1ed1ng \u0111\u00f4 th\u1ecb m\u1edbi c\u1ee7a Nh\u1eadt B\u1ea3n. Ba n\u0103m sau, n\u00f3 h\u1ee3p nh\u1ea5t v\u1edbi Takano \u0111\u1ec3 th\u00e0nh l\u1eadp Zuiho, ch\u1ec9 \u0111\u1ec3 m\u1ed9t ph\u1ea7n c\u1ee7a ng\u00f4i l\u00e0ng \u0111\u00f3 gia nh\u1eadp Iiyama v\u00e0o n\u0103m 1954. Ph\u1ea7n c\u00f2n l\u1ea1i, \u0111\u01b0\u1ee3c t\u1ed5 ch\u1ee9c l\u1ea1i v\u00e0o ng\u00e0y 1 th\u00e1ng 4 n\u0103m 1955, l\u1ea5y t\u00ean l\u00e0 Nozawaonsen, r\u00e0ng bu\u1ed9c b\u1ea3n s\u1eafc h\u00e0nh ch\u00ednh v\u1edbi c\u00e1c su\u1ed1i n\u01b0\u1edbc n\u00f3ng h\u00ecnh th\u00e0nh n\u00ean n\u1ec1n v\u0103n h\u00f3a v\u00e0 kinh t\u1ebf \u0111\u1ecba ph\u01b0\u01a1ng.<\/p>\n\n\n\n<p>N\u00f4ng nghi\u1ec7p v\u00e0 du l\u1ecbch l\u00e0 hai tr\u1ee5 c\u1ed9t song sinh c\u1ee7a sinh k\u1ebf Nozawaonsen. Nh\u1eefng c\u00e1nh \u0111\u1ed3ng d\u1ed1c b\u00e1m v\u00e0o s\u01b0\u1eddn \u0111\u1ed3i, n\u01a1i l\u00faa, rau v\u00e0 soba ph\u00e1t tri\u1ec3n m\u1ea1nh d\u01b0\u1edbi s\u1ef1 qu\u1ea3n l\u00fd c\u1ea9n th\u1eadn. Trong khi \u0111\u00f3, du l\u1ecbch theo m\u00f9a t\u0103ng m\u1ea1nh v\u00e0o m\u1ed7i m\u00f9a \u0111\u00f4ng, nh\u1edd m\u1ed9t trong nh\u1eefng khu ngh\u1ec9 d\u01b0\u1ee1ng tr\u01b0\u1ee3t tuy\u1ebft l\u00e2u \u0111\u1eddi nh\u1ea5t c\u1ee7a Nh\u1eadt B\u1ea3n. M\u1edf c\u1eeda h\u01a1n 70 n\u0103m tr\u01b0\u1edbc, khu tr\u01b0\u1ee3t tuy\u1ebft bao g\u1ed3m 297 ha tr\u00ean nh\u1eefng con \u0111\u01b0\u1eddng m\u00f2n b\u1eaft \u0111\u1ea7u t\u1eeb 1.650 m\u00e9t v\u00e0 \u0111i xu\u1ed1ng qua nh\u1eefng khu r\u1eebng \u0111\u1ea7y tuy\u1ebft r\u01a1i. H\u01a1n n\u0103m m\u01b0\u01a1i km \u0111\u01b0\u1eddng tr\u01b0\u1ee3t \u0111\u01b0\u1ee3c ch\u0103m s\u00f3c c\u1ea9n th\u1eadn tr\u1ea3i d\u00e0i t\u1eeb nh\u1eefng con d\u1ed1c nh\u1eb9 nh\u00e0ng d\u00e0nh cho ng\u01b0\u1eddi m\u1edbi b\u1eaft \u0111\u1ea7u \u0111\u1ebfn nh\u1eefng \u0111\u01b0\u1eddng tr\u01b0\u1ee3t \u0111en \u0111\u1ea7y th\u1eed th\u00e1ch. Hai m\u01b0\u01a1i ba gh\u1ebf n\u00e2ng v\u00e0 hai thuy\u1ec1n gondola \u0111\u01b0a \u0111\u00f3n ng\u01b0\u1eddi tr\u01b0\u1ee3t tuy\u1ebft l\u00ean cao, v\u00e0 \u0111\u01b0\u1eddng d\u1ed1c d\u00e0i nh\u1ea5t k\u00e9o d\u00e0i m\u01b0\u1eddi km, mang \u0111\u1ebfn c\u00e1i nh\u00ecn tho\u00e1ng qua v\u1ec1 d\u00e3y n\u00fai Alps c\u1ee7a Nh\u1eadt B\u1ea3n v\u00e0, v\u00e0o nh\u1eefng ng\u00e0y quang \u0111\u00e3ng, Bi\u1ec3n Nh\u1eadt B\u1ea3n.<\/p>\n\n\n\n<p>C\u00e1c c\u01a1 h\u1ed9i tr\u01b0\u1ee3t tuy\u1ebft ngo\u00e0i \u0111\u01b0\u1eddng tr\u01b0\u1ee3t thu h\u00fat nh\u1eefng ng\u01b0\u1eddi tr\u01b0\u1ee3t tuy\u1ebft c\u00f3 kinh nghi\u1ec7m v\u00e0o c\u00e1c b\u00e3i tuy\u1ebft s\u00e2u h\u01a1n, m\u1eb7c d\u00f9 ng\u00f4i l\u00e0ng khuy\u00ean b\u1ea1n n\u00ean thu\u00ea m\u1ed9t h\u01b0\u1edbng d\u1eabn vi\u00ean \u0111\u1ecba ph\u01b0\u01a1ng. M\u1ed9t c\u00f4ng vi\u00ean \u0111\u1ecba h\u00ecnh cung c\u1ea5p c\u00e1c \u0111\u01b0\u1eddng nh\u1ea3y, \u0111\u01b0\u1eddng ray v\u00e0 \u0111\u01b0\u1eddng \u1ed1ng d\u00e0i t\u00e1m m\u01b0\u01a1i m\u00e9t cho nh\u1eefng ng\u01b0\u1eddi tr\u01b0\u1ee3t v\u00e1n t\u00ecm ki\u1ebfm c\u1ea3m gi\u00e1c m\u1ea1nh \u0111\u01b0\u1ee3c ki\u1ec3m so\u00e1t. Trong th\u1ecb tr\u1ea5n, Nozawa Onsen Arena, \u0111\u01b0\u1ee3c th\u00e0nh l\u1eadp v\u00e0o n\u0103m 1993, k\u1ebft h\u1ee3p m\u1ed9t s\u00e2n tr\u01b0\u1ee3t b\u0103ng v\u1edbi c\u00e1c ti\u1ec7n nghi ph\u00f2ng x\u00f4ng h\u01a1i kh\u00f4 v\u00e0 ph\u00f2ng t\u1eafm n\u1eafng. M\u1ed9t trung t\u00e2m y t\u1ebf do c\u1ed9ng \u0111\u1ed3ng \u0111i\u1ec1u h\u00e0nh, tr\u01b0\u1edbc \u0111\u00e2y \u0111\u01b0\u1ee3c g\u1ecdi l\u00e0 Kurhaus, cung c\u1ea5p c\u00e1c h\u1ed9p x\u00f4ng h\u01a1i v\u00e0 b\u1ed3n t\u1eafm ngo\u00e0i tr\u1eddi.<\/p>\n\n\n\n<p>Tuy nhi\u00ean, \u0111i\u1ec3m thu h\u00fat \u0111\u1eb7c tr\u01b0ng c\u1ee7a ng\u00f4i l\u00e0ng v\u1eabn l\u00e0 m\u1ea1ng l\u01b0\u1edbi su\u1ed1i n\u01b0\u1edbc n\u00f3ng. Ba m\u01b0\u01a1i ngu\u1ed3n kho\u00e1ng ch\u1ea5t ri\u00eang bi\u1ec7t cung c\u1ea5p cho m\u01b0\u1eddi ba b\u1ed3n t\u1eafm c\u00f4ng c\u1ed9ng ho\u1eb7c ryokan; m\u1ed7i b\u1ed3n t\u1eafm \u0111\u1ec1u c\u00f3 th\u00e0nh ph\u1ea7n kho\u00e1ng ch\u1ea5t, nhi\u1ec7t \u0111\u1ed9 v\u00e0 nghi l\u1ec5 ri\u00eang bi\u1ec7t. C\u00e1c qu\u00e1n r\u01b0\u1ee3u c\u00f4ng c\u1ed9ng mi\u1ec5n ph\u00ed\u2014trong s\u1ed1 \u0111\u00f3 c\u00f3 O-yu, Matsuba No-yu, Taki No-yu v\u00e0 m\u01b0\u1eddi qu\u00e1n kh\u00e1c\u2014n\u1eb1m c\u1ea1nh c\u00e1c c\u01a1 s\u1edf thu ph\u00ed nh\u01b0 Furusato Onsen v\u00e0 Sparena d\u00e0nh cho gia \u0111\u00ecnh. Du kh\u00e1ch th\u01b0\u1eddng \u0111i qua nh\u1eefng con \u0111\u01b0\u1eddng l\u00e1t \u0111\u00e1 cu\u1ed9i h\u1eb9p \u0111\u1ec3 th\u1eed nhi\u1ec1u b\u1ed3n t\u1eafm trong m\u1ed9t ng\u00e0y, \u0111\u00e1nh gi\u00e1 cao c\u00e1ch m\u00e0 n\u01b0\u1edbc c\u00f3 m\u00e0u s\u1eaft ho\u1eb7c m\u00f9i l\u01b0u hu\u1ef3nh c\u1ee7a m\u1ed7i h\u1ed3 b\u01a1i g\u1ee3i l\u00ean nh\u1eefng c\u1ea3m gi\u00e1c tinh t\u1ebf kh\u00e1c nhau v\u00e0 \u0111\u01b0\u1ee3c cho l\u00e0 c\u00f3 l\u1ee3i cho s\u1ee9c kh\u1ecfe.<\/p>\n\n\n\n<p>Di s\u1ea3n v\u0103n h\u00f3a ph\u00e1t tri\u1ec3n m\u1ea1nh m\u1ebd trong m\u01b0\u1eddi t\u00e1m b\u00e1u v\u1eadt \u0111\u01b0\u1ee3c ch\u1ec9 \u0111\u1ecbnh c\u1ee7a Nozawaonsen. M\u1ed9t b\u00e1u v\u1eadt v\u00f4 h\u00ecnh, L\u1ec5 h\u1ed9i L\u1eeda, \u0111\u01b0\u1ee3c c\u00f4ng nh\u1eadn tr\u00ean to\u00e0n qu\u1ed1c l\u00e0 Di s\u1ea3n v\u0103n h\u00f3a d\u00e2n gian phi v\u1eadt th\u1ec3 quan tr\u1ecdng. M\u01b0\u1eddi b\u1ea3y b\u00e1u v\u1eadt c\u00f2n l\u1ea1i, bao g\u1ed3m m\u1ed9t c\u00e2y tuy\u1ebft t\u00f9ng 300 n\u0103m tu\u1ed5i t\u1ea1i \u0111\u1ec1n th\u1edd l\u00e0ng, mang t\u00ean \u0111\u1ecba ph\u01b0\u01a1ng.<\/p>\n\n\n\n<p>L\u1ec5 h\u1ed9i L\u1eeda, \u0111\u01b0\u1ee3c t\u1ed5 ch\u1ee9c h\u00e0ng n\u0103m v\u00e0o ng\u00e0y 15 th\u00e1ng 1, v\u1eeba l\u00e0 nghi l\u1ec5 c\u1ed9ng \u0111\u1ed3ng v\u1eeba l\u00e0 c\u1ea3nh t\u01b0\u1ee3ng. Nh\u1eefng ng\u01b0\u1eddi \u0111\u00e0n \u00f4ng \u1edf \u0111\u1ed9 tu\u1ed5i b\u1ed1n m\u01b0\u01a1i, b\u1ed1n m\u01b0\u01a1i m\u1ed1t v\u00e0 b\u1ed1n m\u01b0\u01a1i hai\u2014nh\u1eefng \u0111\u1ed9 tu\u1ed5i \u0111\u01b0\u1ee3c coi l\u00e0 c\u1ea7n \u0111\u01b0\u1ee3c thanh t\u1ea9y t\u00e2m linh nh\u1ea5t\u2014v\u00e0 nh\u1eefng ng\u01b0\u1eddi \u1edf \u0111\u1ed9 tu\u1ed5i hai m\u01b0\u01a1i l\u0103m, t\u1ee5 t\u1eadp l\u1ea1i \u0111\u1ec3 x\u00e2y d\u1ef1ng m\u1ed9t ng\u00f4i \u0111\u1ec1n g\u1ed7 ba t\u1ea7ng g\u1ecdi l\u00e0 shadan. \u0110\u01b0\u1ee3c x\u00e2y d\u1ef1ng m\u1ed9t c\u00e1ch th\u1ea7m l\u1eb7ng v\u00e0 kh\u00f4ng c\u00f3 ch\u1ed1t kim lo\u1ea1i, ng\u00f4i \u0111\u1ec1n cao m\u01b0\u1eddi m\u00e9t v\u00e0 r\u1ed9ng t\u00e1m m\u00e9t. C\u00e1c c\u1ed9t v\u1eadt t\u1ed5, \u0111\u01b0\u1ee3c g\u1ecdi l\u00e0 hatsuakarikago, \u0111\u01b0\u1ee3c chu\u1ea9n b\u1ecb b\u1edfi c\u00e1c gia \u0111\u00ecnh c\u00f3 con trai sinh v\u00e0o n\u0103m tr\u01b0\u1edbc, \u0111i k\u00e8m v\u1edbi shadan; nh\u1eefng c\u1ed9t n\u00e0y cao t\u1eeb ch\u00edn \u0111\u1ebfn m\u01b0\u1eddi m\u00e9t, \u0111\u01b0\u1ee3c trang tr\u00ed b\u1eb1ng chu\u00f4ng gi\u00f3, b\u00f9a h\u1ed9 m\u1ec7nh b\u1eb1ng gi\u1ea5y v\u00e0 huy hi\u1ec7u gia \u0111\u00ecnh.<\/p>\n\n\n\n<p>V\u00e0o ng\u00e0y 13 th\u00e1ng 1, nh\u1eefng ng\u01b0\u1eddi th\u1ee3 m\u1ed9c b\u1eadc th\u1ea7y h\u01b0\u1edbng d\u1eabn yakudoshi k\u00e9o m\u1ed9t th\u00e2n c\u00e2y s\u1ed3i Nh\u1eadt B\u1ea3n d\u00e0i hai m\u01b0\u01a1i m\u00e9t xu\u1ed1ng t\u1eeb Khu tr\u01b0\u1ee3t tuy\u1ebft Hikage. Ng\u00e0y h\u00f4m sau, shadan th\u00e0nh h\u00ecnh t\u1ea1i qu\u1ea3ng tr\u01b0\u1eddng l\u00e0ng. V\u00e0o l\u00fac 7 gi\u1edd t\u1ed1i ng\u00e0y m\u01b0\u1eddi l\u0103m, m\u1ed9t vi\u00ean \u0111\u00e1 l\u1eeda \u0111\u01b0\u1ee3c truy\u1ec1n qua nhi\u1ec1u th\u1ebf h\u1ec7 s\u1ebd \u0111\u1ed1t ch\u00e1y ng\u1ecdn \u0111u\u1ed1c \u0111\u1ea7u ti\u00ean. Nh\u1eefng ng\u01b0\u1eddi tham gia h\u00e1t nh\u1eefng b\u00e0i h\u00e1t mang \u0111\u1eadm truy\u1ec1n th\u1ed1ng, r\u00f3t r\u01b0\u1ee3u sake cho nh\u1eefng ng\u01b0\u1eddi ch\u1ee9ng ki\u1ebfn \u200b\u200bv\u00e0 t\u1ea1o th\u00e0nh m\u1ed9t \u0111o\u00e0n r\u01b0\u1edbc \u0111u\u1ed1c \u0111\u1ebfn khu\u00f4n vi\u00ean. T\u1ea1i \u0111\u00f3, c\u00f4ng tr\u00ecnh b\u1ecb bao v\u00e2y b\u1edfi nh\u1eefng ng\u01b0\u1eddi \u0111\u00e0n \u00f4ng c\u1ea7m \u0111u\u1ed1c; nh\u1eefng ng\u01b0\u1eddi d\u00e2n l\u00e0ng tr\u1ebb tu\u1ed5i c\u1ed1 g\u1eafng \u0111\u1ed1t ch\u00e1y ph\u1ea7n \u0111\u1ebf c\u1ee7a ng\u00f4i \u0111\u1ec1n, \u0111\u01b0\u1ee3c nh\u1eefng ng\u01b0\u1eddi hai m\u01b0\u01a1i l\u0103m tu\u1ed5i che ch\u1eafn, trong khi nh\u1eefng ng\u01b0\u1eddi b\u1ed1n m\u01b0\u01a1i hai tu\u1ed5i c\u01b0\u1ee1i tr\u00ean \u0111\u1ec9nh, t\u01b0\u1ee3ng tr\u01b0ng cho s\u1ef1 giao thoa gi\u1eefa tu\u1ed5i tr\u1ebb v\u00e0 tu\u1ed5i trung ni\u00ean.<\/p>\n\n\n\n<p>Sau m\u1ed9t ti\u1ebfng r\u01b0\u1ee1i \u0111\u1ebfn hai ti\u1ebfng, ng\u00f4i \u0111\u1ec1n s\u1ee5p \u0111\u1ed5 trong bi\u1ec3n l\u1eeda, \u00e1nh l\u1eeda chi\u1ebfu s\u00e1ng \u0111\u00eam th\u00e1ng M\u1ed9t s\u00e2u th\u1eb3m. Nh\u1eefng ng\u01b0\u1eddi t\u1ed5 ch\u1ee9c duy tr\u00ec an to\u00e0n nghi\u00eam ng\u1eb7t: ng\u01b0\u1eddi gi\u00e1m h\u1ed9 gi\u00e1m s\u00e1t nh\u1eefng ng\u01b0\u1eddi hai m\u01b0\u01a1i l\u0103m tu\u1ed5i v\u00e0 nh\u1eefng ng\u01b0\u1eddi tham gia v\u00e0o vi\u1ec7c n\u00e2ng v\u1eadt n\u1eb7ng ph\u1ea3i ki\u00eang r\u01b0\u1ee3u. L\u01b0\u1ee3ng ng\u01b0\u1eddi tham d\u1ef1 th\u01b0\u1eddng \u0111\u1ea1t \u0111\u1ebfn m\u1ee9c t\u1ed1i \u0111a v\u00e0 ch\u1ed7 \u1edf \u0111\u01b0\u1ee3c b\u00e1n h\u1ebft tr\u01b0\u1edbc nhi\u1ec1u th\u00e1ng.<\/p>\n\n\n\n<p>T\u01b0\u1ee3ng Dosojin\u2014t\u01b0\u1ee3ng g\u1ed7 ch\u1ea1m kh\u1eafc h\u00ecnh nam v\u00e0 n\u1eef th\u1ea7n\u2014r\u1ea3i r\u00e1c kh\u1eafp l\u00e0ng. \u0110\u01b0\u1ee3c v\u1ebd v\u00e0 \u0111\u1eb7t \u1edf c\u1eeda ra v\u00e0o, nh\u1eefng b\u1ee9c t\u01b0\u1ee3ng n\u00e0y t\u01b0\u1ee3ng tr\u01b0ng cho hy v\u1ecdng khi\u00eam nh\u01b0\u1eddng c\u1ee7a h\u00f4n nh\u00e2n: hai c\u00e1 nh\u00e2n c\u00f3 v\u1ebb ngo\u00e0i khi\u00eam nh\u01b0\u1eddng t\u00ecm th\u1ea5y h\u1ea1nh ph\u00fac trong s\u1ef1 k\u1ebft h\u1ee3p. Ch\u00fang c\u1ee7ng c\u1ed1 ch\u1ee7 \u0111\u1ec1 c\u1ee7a l\u1ec5 h\u1ed9i v\u1ec1 c\u1ed9ng \u0111\u1ed3ng, kh\u1ea3 n\u0103ng sinh s\u1ea3n v\u00e0 s\u1ef1 b\u1ea3o v\u1ec7.<\/p>\n\n\n\n<p>Kh\u1ea3 n\u0103ng ti\u1ebfp c\u1eadn Nozawaonsen nh\u1ea5n m\u1ea1nh c\u1ea3 s\u1ef1 xa x\u00f4i v\u00e0 k\u1ebft n\u1ed1i. M\u1eb7c d\u00f9 kh\u00f4ng c\u00f3 tuy\u1ebfn \u0111\u01b0\u1eddng s\u1eaft ch\u1edf kh\u00e1ch n\u00e0o \u0111i qua tr\u1ef1c ti\u1ebfp ng\u00f4i l\u00e0ng, n\u0103m nh\u00e0 ga tr\u00ean Tuy\u1ebfn Iiyama n\u1eb1m trong ph\u1ea1m vi m\u1ed9t km t\u00ednh t\u1eeb ranh gi\u1edbi c\u1ee7a n\u00f3. C\u00e1c nh\u00e0 ga Togari-Nozawaonsen v\u00e0 Kamisakai \u0111\u01b0a du kh\u00e1ch \u0111\u1ebfn g\u1ea7n trung t\u00e2m nh\u1ea5t. \u0110\u1ed1i v\u1edbi nh\u1eefng ng\u01b0\u1eddi \u0111\u1ebfn b\u1eb1ng t\u00e0u shinkansen, Ga Iiyama tr\u00ean Tuy\u1ebfn Hokuriku Shinkansen n\u1ed1i ng\u00f4i l\u00e0ng v\u1edbi Tokyo trong kho\u1ea3ng hai gi\u1edd. M\u1ed9t xe bu\u00fdt do l\u00e0ng \u0111i\u1ec1u h\u00e0nh ph\u00f9 h\u1ee3p v\u1edbi l\u1ecbch tr\u00ecnh t\u00e0u shinkansen, \u0111\u1ea3m b\u1ea3o vi\u1ec7c chuy\u1ec3n tuy\u1ebfn li\u1ec1n m\u1ea1ch.<\/p>\n\n\n\n<p>Nh\u1eefng con \u0111\u01b0\u1eddng \u0111i gi\u00e0y tuy\u1ebft v\u00e0 \u0111i b\u1ed9 \u0111\u01b0\u1eddng d\u00e0i b\u0103ng qua nh\u1eefng ng\u1ecdn n\u00fai xung quanh khi tuy\u1ebft ph\u1ee7 cho ph\u00e9p. C\u00e1c chuy\u1ebfn tham quan ban ng\u00e0y s\u1ebd cho th\u1ea5y nh\u1eefng th\u00e1c n\u01b0\u1edbc \u1ea9n, nh\u1eefng l\u00f9m c\u00e2y tuy\u1ebft t\u00f9ng v\u00e0 t\u1ea7m nh\u00ecn bao qu\u00e1t nh\u1ea5n m\u1ea1nh s\u1ef1 t\u01b0\u01a1ng t\u00e1c gi\u1eefa n\u00fai v\u00e0 thung l\u0169ng. Trong l\u00e0ng, nh\u1eefng con \u0111\u01b0\u1eddng h\u1eb9p l\u00e0 n\u01a1i c\u00f3 m\u1ed9t lo\u1ea1t c\u00e1c nh\u00e0 tr\u1ecd truy\u1ec1n th\u1ed1ng, nh\u00e0 tr\u1ecd, qu\u00e1n \u0103n chuy\u00ean v\u1ec1 soba v\u00e0 r\u01b0\u1ee3u sake \u0111\u1ecba ph\u01b0\u01a1ng, c\u00e1c c\u1eeda h\u00e0ng l\u01b0u ni\u1ec7m v\u00e0 ng\u01b0\u1eddi b\u00e1n h\u00e0ng rong.<\/p>\n\n\n\n<p>S\u1ef1 quy\u1ebfn r\u0169 c\u1ee7a Nozawaonsen n\u1eb1m \u1edf s\u1ef1 k\u1ebft h\u1ee3p gi\u1eefa t\u00ednh ki\u00ean tr\u00ec m\u1ed9c m\u1ea1c v\u00e0 l\u00f2ng hi\u1ebfu kh\u00e1ch tinh t\u1ebf. Nh\u1eefng c\u00e1nh \u0111\u1ed3ng, khu r\u1eebng v\u00e0 su\u1ed1i n\u01b0\u1edbc n\u00f3ng v\u1eabn t\u1ed3n t\u1ea1i song song v\u1edbi nh\u1eefng chi\u1ebfc thang m\u00e1y hi\u1ec7n \u0111\u1ea1i v\u00e0 du kh\u00e1ch qu\u1ed1c t\u1ebf. S\u1ef1 t\u0129nh l\u1eb7ng c\u1ee7a m\u00f9a \u0111\u00f4ng nh\u01b0\u1eddng ch\u1ed7 cho nh\u1eefng l\u1ec5 h\u1ed9i th\u1eafp \u0111\u00e8n l\u1ed3ng, v\u00e0 m\u00e0u xanh c\u1ee7a m\u00f9a h\u00e8 l\u00e0m d\u1ecbu \u0111i nh\u1eefng c\u1ea1nh c\u1ee7a nh\u1eefng con \u0111\u01b0\u1eddng m\u00f2n d\u1ed1c. T\u1ea1i \u0111\u00e2y, ti\u1ebfng n\u01b0\u1edbc kho\u00e1ng nh\u1ecf gi\u1ecdt ch\u1eadm r\u00e3i v\u00e0 ti\u1ebfng b\u00faa c\u1ee7a v\u00e1n tr\u01b0\u1ee3t tr\u00ean l\u1edbp tuy\u1ebft \u0111\u00f3ng c\u1ee9ng \u0111\u1ecbnh h\u00ecnh nh\u1ecbp \u0111i\u1ec7u c\u1ee7a cu\u1ed9c s\u1ed1ng theo m\u00f9a, truy\u1ec1n th\u1ed1ng v\u00e0 s\u1ef1 tho\u1ea3i m\u00e1i l\u00e2u d\u00e0i c\u1ee7a h\u01a1i \u1ea5m \u0111\u1ecba nhi\u1ec7t.<\/p>","protected":false},"excerpt":{"rendered":"<p>Nozawaonsen l\u00e0 m\u1ed9t th\u1ecb tr\u1ea5n \u0111\u1eb9p nh\u01b0 tranh v\u1ebd n\u1eb1m \u1edf v\u00f9ng \u0111\u1ed3i n\u00fai c\u1ee7a T\u1ec9nh Nagano, Nh\u1eadt B\u1ea3n, v\u1edbi d\u00e2n s\u1ed1 kho\u1ea3ng 3.653 ng\u01b0\u1eddi ph\u00e2n b\u1ed5 trong 1.395 gia \u0111\u00ecnh t\u00ednh \u0111\u1ebfn ng\u00e0y 1 th\u00e1ng 4 n\u0103m 2019. \u0110\u1ecba ph\u01b0\u01a1ng quy\u1ebfn r\u0169 n\u00e0y, v\u1edbi m\u1eadt \u0111\u1ed9 d\u00e2n s\u1ed1 l\u00e0 63 ng\u01b0\u1eddi tr\u00ean m\u1ed9t km vu\u00f4ng, c\u00f3 di\u1ec7n t\u00edch 57,96 km vu\u00f4ng (22,38 d\u1eb7m vu\u00f4ng), mang \u0111\u1ebfn m\u1ed9t n\u01a1i ngh\u1ec9 ng\u01a1i y\u00ean t\u0129nh kh\u1ecfi c\u00e1c khu \u0111\u00f4 th\u1ecb s\u00f4i \u0111\u1ed9ng c\u1ee7a Nh\u1eadt B\u1ea3n. Nozawaonsen, n\u1eb1m \u1edf ph\u00eda b\u1eafc c\u1ee7a T\u1ec9nh Nagano, l\u00e0 v\u00ed d\u1ee5 \u0111i\u1ec3n h\u00ecnh cho n\u00e9t quy\u1ebfn r\u0169 l\u00e2u d\u00e0i c\u1ee7a phong c\u1ea3nh n\u00f4ng th\u00f4n Nh\u1eadt B\u1ea3n v\u00e0 di s\u1ea3n v\u0103n h\u00f3a phong ph\u00fa c\u1ee7a \u0111\u1ea5t n\u01b0\u1edbc n\u00e0y.<\/p>","protected":false},"author":1,"featured_media":3842,"parent":14797,"menu_order":0,"comment_status":"closed","ping_status":"closed","template":"elementor_theme","meta":{"_eb_attr":"","footnotes":""},"class_list":["post-14854","page","type-page","status-publish","has-post-thumbnail"],"_links":{"self":[{"href":"https:\/\/travelshelper.com\/vi\/wp-json\/wp\/v2\/pages\/14854","targetHints":{"allow":["GET"]}}],"collection":[{"href":"https:\/\/travelshelper.com\/vi\/wp-json\/wp\/v2\/pages"}],"about":[{"href":"https:\/\/travelshelper.com\/vi\/wp-json\/wp\/v2\/types\/page"}],"author":[{"embeddable":true,"href":"https:\/\/travelshelper.com\/vi\/wp-json\/wp\/v2\/users\/1"}],"replies":[{"embeddable":true,"href":"https:\/\/travelshelper.com\/vi\/wp-json\/wp\/v2\/comments?post=14854"}],"version-history":[{"count":0,"href":"https:\/\/travelshelper.com\/vi\/wp-json\/wp\/v2\/pages\/14854\/revisions"}],"up":[{"embeddable":true,"href":"https:\/\/travelshelper.com\/vi\/wp-json\/wp\/v2\/pages\/14797"}],"wp:featuredmedia":[{"embeddable":true,"href":"https:\/\/travelshelper.com\/vi\/wp-json\/wp\/v2\/media\/3842"}],"wp:attachment":[{"href":"https:\/\/travelshelper.com\/vi\/wp-json\/wp\/v2\/media?parent=14854"}],"curies":[{"name":"wp","href":"https:\/\/api.w.org\/{rel}","templated":true}]}}