{"id":14830,"date":"2024-09-20T10:42:04","date_gmt":"2024-09-20T10:42:04","guid":{"rendered":"https:\/\/travelshelper.com\/staging\/?page_id=14830"},"modified":"2026-03-11T17:08:44","modified_gmt":"2026-03-11T17:08:44","slug":"nagasaki","status":"publish","type":"page","link":"https:\/\/travelshelper.com\/vi\/destinations\/asia\/japan\/nagasaki\/","title":{"rendered":"Nagasaki"},"content":{"rendered":"<p>Nagasaki chi\u1ebfm m\u1ed9t v\u1ecbnh h\u1eb9p tr\u00ean b\u1edd bi\u1ec3n ph\u00eda t\u00e2y c\u1ee7a Ky\u016bsh\u016b, t\u00ean c\u1ee7a n\u00f3\u2014\u201cm\u0169i \u0111\u1ea5t d\u00e0i\u201d\u2014ph\u1ea3n \u00e1nh \u0111\u01b0\u1eddng cong c\u1ee7a b\u1ebfn c\u1ea3ng \u0111\u00e3 \u0111\u1ecbnh h\u00ecnh n\u00ean l\u1ecbch s\u1eed v\u00e0 b\u1ea3n s\u1eafc c\u1ee7a n\u00f3. T\u1eeb th\u1eddi \u0111i\u1ec3m c\u00e1c th\u01b0\u01a1ng nh\u00e2n B\u1ed3 \u0110\u00e0o Nha neo \u0111\u1eadu \u1edf \u0111\u00e2y v\u00e0o gi\u1eefa th\u1ebf k\u1ef7 16, th\u00e0nh ph\u1ed1 \u0111\u00e3 h\u00ecnh th\u00e0nh t\u1ea1i giao \u0111i\u1ec3m c\u1ee7a th\u01b0\u01a1ng m\u1ea1i, \u0111\u1ee9c tin v\u00e0 giao l\u01b0u v\u0103n h\u00f3a. Trong nhi\u1ec1u th\u1ebf k\u1ef7 sau \u0111\u00f3, Nagasaki \u0111\u1ee9ng m\u1ed9t m\u00ecnh d\u01b0\u1edbi ch\u00ednh s\u00e1ch c\u00f4 l\u1eadp c\u1ee7a Nh\u1eadt B\u1ea3n nh\u01b0 l\u00e0 \u0111i\u1ec3m ti\u1ebfp x\u00fac duy nh\u1ea5t \u0111\u01b0\u1ee3c ph\u00e9p v\u1edbi ch\u00e2u \u00c2u. Ng\u00e0y nay, n\u00f3 v\u1eabn l\u00e0 n\u01a1i m\u00e0 c\u00e1c \u0111\u01b0\u1eddng vi\u1ec1n c\u1ee7a qu\u00e1 kh\u1ee9 v\u00e0 hi\u1ec7n t\u1ea1i h\u00f2a quy\u1ec7n: nh\u1eefng con ph\u1ed1 h\u1eb9p c\u00f3 nh\u1eefng ng\u00f4i \u0111\u1ec1n Kh\u1ed5ng gi\u00e1o v\u00e0 nh\u00e0 th\u1edd C\u00f4ng gi\u00e1o, nh\u1eefng tuy\u1ebfn xe \u0111i\u1ec7n hi\u1ec7n \u0111\u1ea1i lu\u1ed3n l\u00e1ch gi\u1eefa c\u00e1c t\u01b0\u1ee3ng \u0111\u00e0i c\u1ee7a s\u1ef1 m\u1ea5t m\u00e1t v\u00e0 ph\u1ee5c h\u1ed3i.<\/p>\n\n\n\n<p>Khi nh\u1eefng con t\u00e0u B\u1ed3 \u0110\u00e0o Nha \u0111\u1ea7u ti\u00ean \u0111\u1ebfn v\u00e0o kho\u1ea3ng n\u0103m 1571, h\u1ecd \u0111\u00e3 t\u00ecm th\u1ea5y m\u1ed9t l\u00e0ng ch\u00e0i khi\u00eam t\u1ed1n. Trong v\u00f2ng nhi\u1ec1u th\u1eadp k\u1ef7, khu \u0111\u1ecbnh c\u01b0 \u0111\u00f3 \u0111\u00e3 ph\u00e1t tri\u1ec3n th\u00e0nh c\u1ea3ng n\u01b0\u1edbc ngo\u00e0i b\u1eadn r\u1ed9n nh\u1ea5t c\u1ee7a Nh\u1eadt B\u1ea3n. B\u00ean c\u1ea1nh vi\u1ec7c bu\u00f4n b\u00e1n l\u1ee5a, b\u1ea1c v\u00e0 h\u00e0ng h\u00f3a Trung Qu\u1ed1c, c\u00e1c nh\u00e0 truy\u1ec1n gi\u00e1o C\u01a1 \u0111\u1ed1c \u0111\u00e3 \u0111\u1ebfn v\u00e0 Nagasaki \u0111\u00e3 tr\u1edf th\u00e0nh m\u1ed9t th\u00e0nh tr\u00ec ban \u0111\u1ea7u c\u1ee7a t\u00f4n gi\u00e1o m\u1edbi. C\u00e1c th\u01b0\u01a1ng nh\u00e2n H\u00e0 Lan \u0111\u00e3 theo sau, b\u1ecb gi\u1edbi h\u1ea1n trong h\u00f2n \u0111\u1ea3o nh\u00e2n t\u1ea1o Dejima, n\u01a1i h\u1ecd duy tr\u00ec m\u1ed1i li\u00ean h\u1ec7 duy nh\u1ea5t c\u1ee7a Nh\u1eadt B\u1ea3n v\u1edbi c\u00e1c ph\u00e1t tri\u1ec3n khoa h\u1ecdc v\u00e0 v\u0103n h\u00f3a c\u1ee7a ch\u00e2u \u00c2u. D\u01b0\u1edbi s\u1ef1 c\u00f4 l\u1eadp qu\u1ed1c gia c\u1ee7a M\u1ea1c ph\u1ee7 Tokugawa, kh\u00f4ng c\u00f3 b\u1ebfn c\u1ea3ng n\u00e0o kh\u00e1c ti\u1ebfp nh\u1eadn t\u00e0u n\u01b0\u1edbc ngo\u00e0i. V\u00e0o gi\u1eefa th\u1ebf k\u1ef7 19, c\u00e1c nh\u00e0 kho c\u1ee7a Dejima v\u00e0 khu ph\u1ed1 \u0111\u01b0\u1ee3c g\u1ecdi l\u00e0 Ph\u1ed1 T\u00e0u Shinchi th\u1ec3 hi\u1ec7n s\u1ef1 c\u1edfi m\u1edf mong manh. C\u00e1c th\u01b0\u01a1ng gia v\u00e0 s\u1ee9 gi\u1ea3 s\u1ed1ng c\u1ea1nh nhau, trao \u0111\u1ed5i kh\u00f4ng ch\u1ec9 h\u00e0ng h\u00f3a m\u00e0 c\u00f2n c\u1ea3 \u00fd t\u01b0\u1edfng - thi\u00ean v\u0103n h\u1ecdc, b\u1ea3n \u0111\u1ed3 h\u1ecdc v\u00e0 y h\u1ecdc - t\u1eeb r\u1ea5t l\u00e2u tr\u01b0\u1edbc khi Nh\u1eadt B\u1ea3n ho\u00e0n to\u00e0n h\u00f2a nh\u1eadp v\u1edbi th\u1ebf gi\u1edbi r\u1ed9ng l\u1edbn h\u01a1n.<\/p>\n\n\n\n<p>Th\u00e0nh ph\u1ed1 th\u1ef1c s\u1ef1 b\u00e1m v\u00e0o nh\u1eefng \u0111\u1ed3ng b\u1eb1ng h\u1eb9p \u1edf \u0111\u1ea7u m\u1ed9t v\u1ecbnh quanh co, b\u1ecb \u00e9p \u1edf c\u1ea3 hai b\u00ean b\u1edfi nh\u1eefng ng\u1ecdn \u0111\u1ed3i d\u1ed1c. Hai con s\u00f4ng, ng\u0103n c\u00e1ch b\u1edfi m\u1ed9t m\u1ecfm \u0111\u00e1, t\u1ea1o ra nh\u1eefng thung l\u0169ng s\u00e2u d\u1eabn c\u01b0 d\u00e2n v\u00e0 du kh\u00e1ch v\u1ec1 ph\u00eda b\u1edd s\u00f4ng. Ph\u00e1t tri\u1ec3n \u0111\u00f4 th\u1ecb, b\u1ecb bao quanh b\u1edfi nh\u1eefng ng\u1ecdn \u0111\u1ed3i, chi\u1ebfm ch\u01b0a \u0111\u1ebfn m\u01b0\u1eddi kil\u00f4m\u00e9t vu\u00f4ng, mang l\u1ea1i cho Nagasaki m\u1ed9t \u0111\u1eb7c \u0111i\u1ec3m d\u00e0y \u0111\u1eb7c, th\u1eb3ng \u0111\u1ee9ng. Nh\u00e0 \u1edf d\u00e2n c\u01b0 v\u00e0 t\u00f2a nh\u00e0 v\u0103n ph\u00f2ng m\u1ecdc l\u00ean theo t\u1eebng d\u00e3y nh\u00e0, trong khi nh\u1eefng con h\u1ebbm quanh co v\u00e0 c\u1ea7u thang k\u1ebft n\u1ed1i c\u00e1c khu ph\u1ed1. To\u00e0n c\u1ea3nh t\u1eeb \u0111\u1ec9nh n\u00fai\u2014\u0111\u1eb7c bi\u1ec7t l\u00e0 Inasayama\u2014cho th\u1ea5y m\u1ed9t m\u1ea3ng m\u00e1i nh\u00e0 nghi\u00eang v\u1ec1 ph\u00eda b\u1ebfn c\u1ea3ng, m\u1ed9t c\u1ea3nh t\u01b0\u1ee3ng m\u00e0 ng\u01b0\u1eddi d\u00e2n \u0111\u1ecba ph\u01b0\u01a1ng g\u1ecdi l\u00e0 &#034;c\u1ea3nh quan m\u01b0\u1eddi tri\u1ec7u \u0111\u00f4 la&#034;.<\/p>\n\n\n\n<p>Kh\u00ed h\u1eadu Nagasaki ph\u00f9 h\u1ee3p v\u1edbi ki\u1ec3u kh\u00ed h\u1eadu c\u1eadn nhi\u1ec7t \u0111\u1edbi \u1ea9m ph\u1ed5 bi\u1ebfn \u1edf mi\u1ec1n Nam Nh\u1eadt B\u1ea3n, v\u1edbi m\u00f9a \u0111\u00f4ng hi\u1ebfm khi xu\u1ed1ng d\u01b0\u1edbi m\u1ee9c \u0111\u00f3ng b\u0103ng v\u00e0 m\u00f9a h\u00e8 \u0111\u01b0\u1ee3c x\u00e1c \u0111\u1ecbnh b\u1edfi nhi\u1ec7t \u0111\u1ed9 v\u00e0 \u0111\u1ed9 \u1ea9m cao. M\u01b0a r\u01a1i quanh n\u0103m, nh\u01b0ng nhi\u1ec1u nh\u1ea5t v\u00e0o th\u00e1ng 6 v\u00e0 th\u00e1ng 7; c\u00e1c ghi ch\u00e9p t\u1eeb n\u0103m 1982 cho th\u1ea5y th\u00e1ng 7 c\u00f3 l\u01b0\u1ee3ng m\u01b0a h\u01a1n m\u1ed9t m\u00e9t. M\u00f9a \u0111\u00f4ng t\u01b0\u01a1ng \u0111\u1ed1i kh\u00f4 v\u00e0 s\u00e1ng, m\u1ed9t th\u1ef1c t\u1ebf l\u00e0m du kh\u00e1ch th\u00edch th\u00fa khi tho\u00e1t kh\u1ecfi nh\u1eefng th\u00e0nh ph\u1ed1 l\u1ea1nh h\u01a1n trong \u0111\u1ea5t li\u1ec1n. V\u00e0o m\u1ed9t bu\u1ed5i s\u00e1ng hi\u1ebfm hoi c\u1ee7a th\u00e1ng 1, tuy\u1ebft c\u00f3 th\u1ec3 ph\u1ee7 k\u00edn \u0111\u01b0\u1eddng ph\u1ed1, gi\u1ed1ng nh\u01b0 v\u00e0o \u0111\u1ea7u n\u0103m 2016 khi tuy\u1ebft r\u01a1i d\u00e0y m\u01b0\u1eddi b\u1ea3y cm, t\u1ea1m th\u1eddi bi\u1ebfn th\u00e0nh ph\u1ed1 c\u1ea3ng th\u00e0nh m\u1ed9t c\u1ea3nh quan nh\u1ee3t nh\u1ea1t.<\/p>\n\n\n\n<p>C\u00e2u chuy\u1ec7n d\u00e0i v\u1ec1 s\u1ef1 c\u1edfi m\u1edf c\u1ee7a th\u00e0nh ph\u1ed1 mang m\u1ed9t k\u1ebft th\u00fac \u1ea3m \u0111\u1ea1m v\u00e0o th\u00e1ng 8 n\u0103m 1945. Ba ng\u00e0y sau Hiroshima, m\u1ed9t qu\u1ea3 bom nguy\u00ean t\u1eed \u0111\u00e3 t\u00e0n ph\u00e1 qu\u1eadn Urakami c\u1ee7a Nagasaki, c\u01b0\u1edbp \u0111i sinh m\u1ea1ng c\u1ee7a kho\u1ea3ng 100.000 ng\u01b0\u1eddi. C\u00e1c nh\u00e0 m\u00e1y, nh\u00e0 th\u1edd v\u00e0 nh\u00e0 c\u1eeda \u0111\u00e3 bi\u1ebfn th\u00e0nh \u0111\u1ed1ng \u0111\u1ed5 n\u00e1t d\u01b0\u1edbi v\u1ee5 n\u1ed5. Tuy nhi\u00ean, th\u00e0nh ph\u1ed1 kh\u00f4ng bi\u1ebfn m\u1ea5t. Trong nh\u1eefng th\u1eadp k\u1ef7 ti\u1ebfp theo, nh\u1eefng ng\u01b0\u1eddi s\u1ed1ng s\u00f3t v\u00e0 con ch\u00e1u \u0111\u00e3 x\u00e2y d\u1ef1ng l\u1ea1i nh\u00e0 th\u1edd, tr\u01b0\u1eddng h\u1ecdc v\u00e0 khu ph\u1ed1. Ng\u00e0y nay, C\u00f4ng vi\u00ean H\u00f2a b\u00ecnh Nagasaki v\u00e0 B\u1ea3o t\u00e0ng Bom nguy\u00ean t\u1eed l\u00e0 minh ch\u1ee9ng cho th\u1ea3m h\u1ecda \u0111\u00f3, trong khi nh\u1eefng n\u1ed7 l\u1ef1c h\u00f2a gi\u1ea3i v\u00e0 c\u00e1c ch\u01b0\u01a1ng tr\u00ecnh gi\u00e1o d\u1ee5c nh\u1ea5n m\u1ea1nh cam k\u1ebft r\u1eb1ng b\u1ea1o l\u1ef1c nh\u01b0 v\u1eady kh\u00f4ng bao gi\u1edd \u0111\u01b0\u1ee3c ph\u00e9p l\u1eb7p l\u1ea1i.<\/p>\n\n\n\n<p>C\u1ea3ng Nagasaki v\u1eabn ho\u1ea1t \u0111\u1ed9ng, nh\u01b0ng c\u00e1c tuy\u1ebfn \u0111\u01b0\u1eddng s\u1eaft v\u00e0 h\u00e0ng kh\u00f4ng hi\u1ec7n \u0111\u1ea1i chi ph\u1ed1i h\u1ea7u h\u1ebft c\u00e1c chuy\u1ebfn bay \u0111\u1ebfn. S\u00e2n bay \u014cmura, ngay b\u00ean ngo\u00e0i ranh gi\u1edbi th\u00e0nh ph\u1ed1, ph\u1ee5c v\u1ee5 c\u1ea3 c\u00e1c h\u00e3ng h\u00e0ng kh\u00f4ng d\u1ecbch v\u1ee5 \u0111\u1ea7y \u0111\u1ee7\u2014Japan Airlines v\u00e0 ANA\u2014v\u00e0 c\u00e1c h\u00e3ng h\u00e0ng kh\u00f4ng gi\u00e1 r\u1ebb nh\u01b0 Peach v\u00e0 Jetstar. C\u00e1c chuy\u1ebfn bay qu\u1ed1c t\u1ebf k\u1ebft n\u1ed1i \u0111\u1ebfn Th\u01b0\u1ee3ng H\u1ea3i, H\u1ed3ng K\u00f4ng v\u00e0 Seoul. M\u1ed9t m\u1ea1ng l\u01b0\u1edbi xe bu\u00fdt limousine \u0111\u01b0a du kh\u00e1ch v\u00e0o th\u1ecb tr\u1ea5n trong v\u00f2ng ch\u01b0a \u0111\u1ea7y m\u1ed9t gi\u1edd.<\/p>\n\n\n\n<p>Tr\u00ean \u0111\u1ea5t li\u1ec1n, \u0111o\u1ea1n Shinkansen Nishi\u2011Ky\u016bsh\u016b m\u1edbi ho\u00e0n th\u00e0nh ch\u1ea1y gi\u1eefa Nagasaki v\u00e0 Takeo\u2011Onsen, cho ph\u00e9p h\u00e0nh kh\u00e1ch chuy\u1ec3n t\u1eeb c\u00e1c d\u1ecbch v\u1ee5 t\u1ed1c h\u00e0nh gi\u1edbi h\u1ea1n tr\u00ean m\u1ea1ng l\u01b0\u1edbi Kyushu. Chuy\u1ebfn \u0111i t\u1eeb Ga Hakata \u1edf Fukuoka c\u00f3 th\u1ec3 ch\u1ec9 m\u1ea5t ch\u00edn m\u01b0\u01a1i ph\u00fat; gi\u00e1 v\u00e9 gi\u1ea3m gi\u00e1 v\u00e0 Th\u1ebb Japan Rail Pass gi\u00fap nhi\u1ec1u ng\u01b0\u1eddi c\u00f3 th\u1ec3 \u0111i l\u1ea1i thu\u1eadn ti\u1ec7n. \u0110\u1ed1i v\u1edbi nh\u1eefng ng\u01b0\u1eddi c\u00f3 ng\u00e2n s\u00e1ch eo h\u1eb9p ho\u1eb7c th\u00edch \u0111i l\u1ea1i ch\u1eadm h\u01a1n, xe bu\u00fdt \u0111\u01b0\u1eddng cao t\u1ed1c kh\u1edfi h\u00e0nh th\u01b0\u1eddng xuy\u00ean t\u1eeb Fukuoka v\u00e0 Kagoshima.<\/p>\n\n\n\n<p>Trong th\u00e0nh ph\u1ed1, h\u1ec7 th\u1ed1ng xe \u0111i\u1ec7n\u2014xe \u0111i\u1ec7n \u0111\u01b0\u1ee3c g\u1ecdi tr\u00ecu m\u1ebfn l\u00e0 chin-chin densha\u2014v\u1eabn l\u00e0 ph\u01b0\u01a1ng ti\u1ec7n giao th\u00f4ng mang t\u00ednh bi\u1ec3u t\u01b0\u1ee3ng nh\u1ea5t. N\u0103m tuy\u1ebfn xe t\u1ecfa ra t\u1eeb trung t\u00e2m Nagasaki, m\u1ed7i tuy\u1ebfn \u0111\u01b0\u1ee3c s\u01a1n m\u1ed9t m\u00e0u ri\u00eang bi\u1ec7t. M\u1ed9t chuy\u1ebfn \u0111i c\u00f3 gi\u00e1 140 y\u00ean; v\u00e9 m\u1ed9t ng\u00e0y c\u00f3 gi\u00e1 500 y\u00ean. Xe bu\u00fdt t\u0103ng c\u01b0\u1eddng d\u1ecbch v\u1ee5 \u0111\u1ebfn c\u00e1c g\u00f3c \u0111\u01b0\u1eddng b\u00ean ngo\u00e0i \u0111\u01b0\u1eddng ray xe \u0111i\u1ec7n, trong khi c\u00e1p treo v\u00e0 \u0111\u01b0\u1eddng quanh co n\u1ed1i \u0111\u1ebfn Inasayama.<\/p>\n\n\n\n<p>D\u1ea5u \u1ea5n c\u1ee7a c\u00e1c t\u00edn ng\u01b0\u1ee1ng n\u01b0\u1edbc ngo\u00e0i v\u1eabn c\u00f2n r\u00f5 n\u00e9t. Nh\u00e0 th\u1edd C\u00f4ng gi\u00e1o \u014cura, \u0111\u01b0\u1ee3c x\u00e2y d\u1ef1ng v\u00e0o n\u0103m 1864, l\u00e0 nh\u00e0 th\u1edd l\u00e2u \u0111\u1eddi nh\u1ea5t c\u00f2n t\u1ed3n t\u1ea1i c\u1ee7a Nh\u1eadt B\u1ea3n. G\u1ea7n \u0111\u00f3, B\u1ea3o t\u00e0ng Hai m\u01b0\u01a1i s\u00e1u v\u1ecb t\u1eed \u0111\u1ea1o \u0111\u00e1nh d\u1ea5u \u0111\u1ecba \u0111i\u1ec3m m\u00e0 nh\u1eefng ng\u01b0\u1eddi theo \u0111\u1ea1o Thi\u00ean ch\u00faa Nh\u1eadt B\u1ea3n v\u00e0 c\u00e1c nh\u00e0 truy\u1ec1n gi\u00e1o ch\u00e2u \u00c2u b\u1ecb \u0111\u00f3ng \u0111inh v\u00e0o n\u0103m 1597. Nh\u00e0 th\u1edd Urakami \u0111\u01b0\u1ee3c x\u00e2y d\u1ef1ng l\u1ea1i, t\u1eebng l\u00e0 nh\u00e0 th\u1edd l\u1edbn nh\u1ea5t ch\u00e2u \u00c1 tr\u01b0\u1edbc v\u1ee5 \u0111\u00e1nh bom, gi\u1edd \u0111\u00e2y s\u1eebng s\u1eefng b\u00ean c\u1ea1nh \u0111\u1ed1ng \u0111\u1ed5 n\u00e1t c\u1ee7a nh\u00e0 th\u1edd ti\u1ec1n nhi\u1ec7m. Ng\u01b0\u1ee3c l\u1ea1i, Koshiby\u014d\u2014\u0110\u1ec1n Kh\u1ed5ng T\u1eed\u2014ph\u1ea3n \u00e1nh di s\u1ea3n c\u1ee7a c\u1ed9ng \u0111\u1ed3ng ng\u01b0\u1eddi Hoa, nh\u1eefng tia s\u00e1ng m\u00e0u \u0111\u1ecf v\u00e0 xanh l\u00e1 c\u00e2y trang tr\u00ed c\u00f4ng phu c\u1ee7a \u0111\u1ec1n l\u00e0 \u0111\u1ec1n Kh\u1ed5ng T\u1eed duy nh\u1ea5t t\u1eebng \u0111\u01b0\u1ee3c x\u00e2y d\u1ef1ng b\u00ean ngo\u00e0i Trung Qu\u1ed1c \u0111\u1ea1i l\u1ee5c.<\/p>\n\n\n\n<p>C\u00e1c ng\u00f4i ch\u00f9a Ph\u1eadt gi\u00e1o c\u0169ng n\u00f3i l\u00ean l\u1ecbch s\u1eed \u0111a v\u0103n h\u00f3a c\u1ee7a Nagasaki. Sofuku-ji, v\u1edbi c\u00e1c y\u1ebfu t\u1ed1 ki\u1ebfn \u200b\u200btr\u00fac th\u1eddi nh\u00e0 Minh \u0111\u01b0\u1ee3c nh\u1eefng ng\u01b0\u1eddi nh\u1eadp c\u01b0 Trung Qu\u1ed1c th\u1ebf k\u1ef7 17 mang \u0111\u1ebfn, v\u1eabn l\u00e0 m\u1ed9t trong nh\u1eefng v\u00ed d\u1ee5 tuy\u1ec7t v\u1eddi nh\u1ea5t th\u1ebf gi\u1edbi v\u1ec1 phong c\u00e1ch \u0111\u00f3. Fukusai-ji, \u0111\u01b0\u1ee3c x\u00e2y d\u1ef1ng l\u1ea1i sau n\u0103m 1945, c\u00f3 h\u00ecnh d\u1ea1ng kh\u00e1c th\u01b0\u1eddng c\u1ee7a m\u1ed9t con r\u00f9a; b\u00ean trong, m\u1ed9t con l\u1eafc Foucault \u0111ung \u0111\u01b0a tr\u00ean \u0111\u00e0i t\u01b0\u1edfng ni\u1ec7m c\u00e1c n\u1ea1n nh\u00e2n \u0111\u1ecba ph\u01b0\u01a1ng c\u1ee7a chi\u1ebfn tranh. K\u014dfuku-ji, \u0111\u01b0\u1ee3c g\u1ecdi l\u00e0 &#034;ng\u00f4i ch\u00f9a \u0111\u1ecf&#034;, gi\u1eef nguy\u00ean truy\u1ec1n th\u1ed1ng Thi\u1ec1n t\u00f4ng Obaku gi\u1eefa s\u1ef1 nh\u1ed9n nh\u1ecbp c\u1ee7a th\u00e0nh ph\u1ed1.<\/p>\n\n\n\n<p>C\u00e1c t\u1ed5 ch\u1ee9c v\u0103n h\u00f3a hi\u1ec7n \u0111\u1ea1i cung c\u1ea5p chi\u1ec1u s\u00e2u h\u01a1n n\u1eefa. B\u1ea3o t\u00e0ng Ngh\u1ec7 thu\u1eadt T\u1ec9nh Nagasaki, v\u1edbi thi\u1ebft k\u1ebf \u0111\u01b0\u01a1ng \u0111\u1ea1i \u0111\u00e3 thu h\u00fat s\u1ef1 ch\u00fa \u00fd c\u1ee7a qu\u1ed1c t\u1ebf, t\u1ed5 ch\u1ee9c c\u1ea3 tri\u1ec3n l\u00e3m trong n\u01b0\u1edbc v\u00e0 tri\u1ec3n l\u00e3m l\u01b0u \u0111\u1ed9ng. B\u1ea3o t\u00e0ng L\u1ecbch s\u1eed v\u00e0 V\u0103n h\u00f3a c\u1ee7a th\u00e0nh ph\u1ed1 n\u00e0y kh\u1ea3o s\u00e1t nhi\u1ec1u th\u1ebf k\u1ef7 giao th\u01b0\u01a1ng h\u00e0ng h\u1ea3i v\u00e0 xung \u0111\u1ed9t t\u00f4n gi\u00e1o. T\u1ea1i \u0110\u1ec1n Suwa tr\u00ean \u0111\u1ed3i Tamazono, du kh\u00e1ch t\u1ee5 h\u1ecdp v\u00e0o m\u1ed7i th\u00e1ng 10 cho l\u1ec5 h\u1ed9i O\u2011Kunchi, khi nh\u1eefng chi\u1ebfc xe hoa ch\u1edf \u0111\u1ea7y ng\u01b0\u1eddi tham gia di chuy\u1ec3n qua c\u00e1c con ph\u1ed1 \u0111\u1ec3 t\u00f4n vinh c\u00e1c v\u1ecb th\u1ea7n t\u1ed5 ti\u00ean.<\/p>\n\n\n\n<p>B\u00ean kia ranh gi\u1edbi th\u00e0nh ph\u1ed1 l\u00e0 nh\u1eefng h\u00f2n \u0111\u1ea3o mang nh\u1eefng kh\u00eda c\u1ea1nh c\u1ee7a qu\u00e1 kh\u1ee9 Nagasaki. Gunkanjima, hay \u0110\u1ea3o Chi\u1ebfn h\u1ea1m, hi\u1ec7n ra nh\u01b0 m\u1ed9t h\u00ecnh b\u00f3ng \u0111ang m\u1ee5c n\u00e1t c\u00e1ch b\u1edd bi\u1ec3n m\u01b0\u1eddi l\u0103m km. T\u1eebng l\u00e0 n\u01a1i \u0111\u00f4ng d\u00e2n nh\u1ea5t th\u1ebf gi\u1edbi, n\u01a1i \u0111\u00e2y l\u00e0 n\u01a1i \u1edf c\u1ee7a nh\u1eefng ng\u01b0\u1eddi th\u1ee3 m\u1ecf than v\u00e0 gia \u0111\u00ecnh h\u1ecd cho \u0111\u1ebfn n\u0103m 1974. Ng\u00e0y nay, c\u00e1c tour du l\u1ecbch c\u00f3 h\u01b0\u1edbng d\u1eabn vi\u00ean \u0111i v\u00f2ng quanh c\u00e1c t\u00f2a th\u00e1p b\u00ea t\u00f4ng \u0111\u1ed5 n\u00e1t, v\u00e0 m\u1ed9t b\u1ea3o t\u00e0ng nh\u1ecf g\u1ee3i nh\u1edb \u0111\u1ebfn nh\u1eefng ng\u01b0\u1eddi lao \u0111\u1ed9ng\u2014nhi\u1ec1u ng\u01b0\u1eddi b\u1ecb b\u1eaft \u0111i l\u00ednh t\u1eeb Tri\u1ec1u Ti\u00ean\u2014nh\u1eefng ng\u01b0\u1eddi \u0111\u00e3 ph\u1ea3i ch\u1ecbu \u0111\u1ef1ng nh\u1eefng \u0111i\u1ec1u ki\u1ec7n kh\u1eafc nghi\u1ec7t b\u00ean trong.<\/p>\n\n\n\n<p>\u00cdt \u1ea3m \u0111\u1ea1m h\u01a1n l\u00e0 m\u1ed9t chuy\u1ebfn \u0111i \u0111\u1ebfn I\u014djima, n\u01a1i m\u1ed9t chuy\u1ebfn ph\u00e0 ng\u1eafn \u0111\u01b0a du kh\u00e1ch \u0111\u1ebfn b\u1edd c\u00e1t v\u00e0 su\u1ed1i n\u01b0\u1edbc n\u00f3ng t\u1ef1 nhi\u00ean. Kh\u00e1ch s\u1ea1n ngh\u1ec9 d\u01b0\u1ee1ng tr\u00ean \u0111\u1ea3o ch\u00e0o \u0111\u00f3n du kh\u00e1ch ngh\u1ec9 qua \u0111\u00eam v\u00e0 cung c\u1ea5p ph\u00f2ng t\u1eafm chung nh\u00ecn ra bi\u1ec3n, m\u1ed9t l\u1eddi nh\u1eafc nh\u1edf v\u1ec1 c\u00e1ch c\u00e1c l\u1ef1c n\u00fai l\u1eeda \u0111\u1ecbnh h\u00ecnh c\u1ea3nh quan c\u1ee7a Ky\u016bsh\u016b.<\/p>\n\n\n\n<p>Trong su\u1ed1t c\u1ea3 n\u0103m, l\u1ecbch c\u1ee7a Nagasaki \u0111\u01b0\u1ee3c t\u00f4 \u0111i\u1ec3m b\u1eb1ng c\u00e1c s\u1ef1 ki\u1ec7n s\u00f4i \u0111\u1ed9ng. L\u1ec5 h\u1ed9i \u0111\u00e8n l\u1ed3ng v\u00e0o cu\u1ed1i m\u00f9a \u0111\u00f4ng t\u00f4n vinh t\u1ed5 ti\u00ean ng\u01b0\u1eddi Hoa c\u1ee7a th\u00e0nh ph\u1ed1: h\u01a1n hai m\u01b0\u01a1i ngh\u00ecn chi\u1ebfc \u0111\u00e8n l\u1ed3ng \u0111\u01b0\u1ee3c treo d\u1ecdc c\u00e1c con ph\u1ed1 v\u00e0 \u0111\u01b0\u1eddng th\u1ee7y, t\u1ea1o th\u00e0nh m\u1ed9t h\u00e0nh lang \u0111\u01b0\u1ee3c chi\u1ebfu s\u00e1ng v\u1edbi nh\u1eefng h\u00ecnh d\u1ea1ng huy\u1ec1n tho\u1ea1i. V\u00e0o th\u00e1ng 8, l\u1ec5 h\u1ed9i Obon mang m\u1ed9t t\u00f4ng m\u00e0u vui t\u01b0\u01a1i, k\u1ebft h\u1ee3p l\u00f2ng t\u00f4n k\u00ednh t\u1ed5 ti\u00ean v\u1edbi ph\u00e1o hoa l\u00e0m b\u1eebng s\u00e1ng b\u1ebfn c\u1ea3ng. V\u00e0 v\u00e0o \u0111\u1ea7u th\u00e1ng 10, l\u1ec5 h\u1ed9i O\u2011Kunchi bi\u1ebfn khu\u00f4n vi\u00ean \u0110\u1ec1n Suwa th\u00e0nh s\u00e2n kh\u1ea5u cho c\u00e1c \u0111i\u1ec7u m\u00faa l\u00e2n, di\u1ec5u h\u00e0nh v\u00e0 nh\u1eefng ng\u01b0\u1eddi b\u00e1n h\u00e0ng rong b\u00e1n takoyaki v\u00e0 ng\u00f4 n\u01b0\u1edbng.<\/p>\n\n\n\n<p>B\u1eb1ng c\u00e1ch \u0111an xen nh\u1eefng tr\u1ea3i nghi\u1ec7m v\u1eeba b\u00ecnh th\u01b0\u1eddng v\u1eeba phi th\u01b0\u1eddng\u2014xe \u0111i\u1ec7n l\u1ea1ch c\u1ea1ch ch\u1ea1y d\u1ecdc theo \u0111\u01b0\u1eddng ray xe \u0111i\u1ec7n, s\u1ef1 t\u0129nh l\u1eb7ng b\u00ean trong m\u1ed9t nh\u00e0 th\u1edd \u0111\u01b0\u1ee3c x\u00e2y d\u1ef1ng l\u1ea1i, ti\u1ebfng h\u00f2 reo c\u1ee7a \u0111\u00e1m \u0111\u00f4ng l\u1ec5 h\u1ed9i\u2014Nagasaki m\u1eddi g\u1ecdi s\u1ef1 suy ng\u1eabm v\u1ec1 nh\u1eefng d\u00f2ng ch\u1ea3y ch\u1ea3y qua c\u00e1c x\u00e3 h\u1ed9i lo\u00e0i ng\u01b0\u1eddi. Nh\u1eefng thung l\u0169ng h\u1eb9p v\u00e0 nh\u1eefng ng\u1ecdn \u0111\u1ed3i cong v\u00fat c\u1ee7a th\u00e0nh ph\u1ed1 n\u00e0y ch\u1ee9a \u0111\u1ef1ng nh\u1eefng c\u00e2u chuy\u1ec7n v\u1ec1 s\u1ef1 t\u00f2 m\u00f2, xung \u0111\u1ed9t v\u00e0 l\u00f2ng tr\u1eafc \u1ea9n. Trong m\u1ed7i chuy\u1ebfn xe \u0111i\u1ec7n hi\u1ec7n \u0111\u1ea1i, m\u1ed7i ng\u00f4i \u0111\u1ec1n \u0111\u01b0\u1ee3c ph\u1ee5c h\u1ed3i, m\u1ed7i l\u1eddi c\u1ea7u nguy\u1ec7n th\u00ec th\u1ea7m t\u1ea1i m\u1ed9t \u0111\u00e0i t\u01b0\u1edfng ni\u1ec7m, th\u00e0nh ph\u1ed1 n\u00e0y th\u1eeba nh\u1eadn c\u1ea3 s\u1ee9c n\u1eb7ng c\u1ee7a nh\u1eefng g\u00ec \u0111\u00e3 qua v\u00e0 ni\u1ec1m tin v\u1eefng ch\u1eafc v\u00e0o kh\u1ea3 n\u0103ng k\u1ebft n\u1ed1i v\u01b0\u1ee3t qua c\u00e1c r\u00e0o c\u1ea3n. Ch\u00ednh s\u1ef1 c\u0103ng th\u1eb3ng n\u00e0y\u2014gi\u1eefa nh\u1eefng v\u1ebft s\u1eb9o dai d\u1eb3ng v\u00e0 kh\u1ea3 n\u0103ng ph\u1ee5c h\u1ed3i \u0111\u1ec3 x\u00e2y d\u1ef1ng l\u1ea1i\u2014mang \u0111\u1ebfn cho Nagasaki chi\u1ec1u s\u00e2u \u0111\u1ed9c \u0111\u00e1o c\u1ee7a n\u00f3.<\/p>","protected":false},"excerpt":{"rendered":"<p>Nagasaki, m\u1ed9t th\u00e0nh ph\u1ed1 c\u00f3 t\u1ea7m quan tr\u1ecdng \u0111\u00e1ng k\u1ec3 v\u1ec1 m\u1eb7t l\u1ecbch s\u1eed v\u00e0 chi\u1ec1u s\u00e2u v\u0103n h\u00f3a, n\u1eb1m \u1edf b\u1edd bi\u1ec3n ph\u00eda t\u00e2y c\u1ee7a Kyushu, h\u00f2n \u0111\u1ea3o l\u1edbn th\u1ee9 ba c\u1ee7a Nh\u1eadt B\u1ea3n. T\u00ednh \u0111\u1ebfn ng\u00e0y 1 th\u00e1ng 2 n\u0103m 2024, trung t\u00e2m \u0111\u00f4 th\u1ecb n\u0103ng \u0111\u1ed9ng n\u00e0y \u01b0\u1edbc t\u00ednh c\u00f3 d\u00e2n s\u1ed1 l\u00e0 392.281 ng\u01b0\u1eddi, v\u1edbi m\u1eadt \u0111\u1ed9 966 ng\u01b0\u1eddi tr\u00ean m\u1ed9t km vu\u00f4ng, bao g\u1ed3m t\u1ed5ng di\u1ec7n t\u00edch l\u00e0 405,86 km vu\u00f4ng. \u0110\u1ecba h\u00ecnh \u0111\u1eb7c bi\u1ec7t c\u1ee7a Nagasaki, n\u1eb1m \u1edf \u0111\u1ea7u m\u1ed9t v\u1ecbnh d\u00e0i t\u1ea1o th\u00e0nh m\u1ed9t c\u1ea3ng t\u1ef1 nhi\u00ean, \u0111\u00e3 \u1ea3nh h\u01b0\u1edfng \u0111\u00e1ng k\u1ec3 \u0111\u1ebfn qu\u1ef9 \u0111\u1ea1o l\u1ecbch s\u1eed c\u1ee7a th\u00e0nh ph\u1ed1 qua nhi\u1ec1u th\u1eddi \u0111\u1ea1i.<\/p>","protected":false},"author":1,"featured_media":3034,"parent":14797,"menu_order":0,"comment_status":"closed","ping_status":"closed","template":"elementor_theme","meta":{"_eb_attr":"","footnotes":""},"class_list":["post-14830","page","type-page","status-publish","has-post-thumbnail"],"_links":{"self":[{"href":"https:\/\/travelshelper.com\/vi\/wp-json\/wp\/v2\/pages\/14830","targetHints":{"allow":["GET"]}}],"collection":[{"href":"https:\/\/travelshelper.com\/vi\/wp-json\/wp\/v2\/pages"}],"about":[{"href":"https:\/\/travelshelper.com\/vi\/wp-json\/wp\/v2\/types\/page"}],"author":[{"embeddable":true,"href":"https:\/\/travelshelper.com\/vi\/wp-json\/wp\/v2\/users\/1"}],"replies":[{"embeddable":true,"href":"https:\/\/travelshelper.com\/vi\/wp-json\/wp\/v2\/comments?post=14830"}],"version-history":[{"count":0,"href":"https:\/\/travelshelper.com\/vi\/wp-json\/wp\/v2\/pages\/14830\/revisions"}],"up":[{"embeddable":true,"href":"https:\/\/travelshelper.com\/vi\/wp-json\/wp\/v2\/pages\/14797"}],"wp:featuredmedia":[{"embeddable":true,"href":"https:\/\/travelshelper.com\/vi\/wp-json\/wp\/v2\/media\/3034"}],"wp:attachment":[{"href":"https:\/\/travelshelper.com\/vi\/wp-json\/wp\/v2\/media?parent=14830"}],"curies":[{"name":"wp","href":"https:\/\/api.w.org\/{rel}","templated":true}]}}