{"id":14764,"date":"2024-09-20T09:03:31","date_gmt":"2024-09-20T09:03:31","guid":{"rendered":"https:\/\/travelshelper.com\/staging\/?page_id=14764"},"modified":"2026-03-11T18:19:15","modified_gmt":"2026-03-11T18:19:15","slug":"kuwait","status":"publish","type":"page","link":"https:\/\/travelshelper.com\/vi\/destinations\/asia\/kuwait\/","title":{"rendered":"Kuwait"},"content":{"rendered":"<p>Kuwait chi\u1ebfm m\u1ed9t d\u1ea3i sa m\u1ea1c h\u1eb9p n\u01a1i B\u00e1n \u0111\u1ea3o \u1ea2 R\u1eadp g\u1eb7p V\u1ecbnh Ba T\u01b0. Bi\u00ean gi\u1edbi ph\u00eda b\u1eafc gi\u00e1p Iraq, trong khi \u1ea2 R\u1eadp X\u00ea \u00dat n\u1eb1m \u1edf ph\u00eda nam; ngo\u00e0i \u0111\u01b0\u1eddng b\u1edd bi\u1ec3n d\u00e0i kho\u1ea3ng 500 km, Kuwait \u0111\u1ed1i di\u1ec7n v\u1edbi Iran qua v\u00f9ng n\u01b0\u1edbc v\u1ecbnh. M\u1eb7c d\u00f9 c\u00f3 di\u1ec7n t\u00edch \u0111\u1ea5t khi\u00eam t\u1ed1n\u2014m\u1ed9t trong nh\u1eefng qu\u1ed1c gia nh\u1ecf nh\u1ea5t th\u1ebf gi\u1edbi\u2014Kuwait l\u00e0 n\u01a1i neo \u0111\u1eadu m\u1ed9t trung t\u00e2m th\u01b0\u01a1ng m\u1ea1i, v\u0103n h\u00f3a v\u00e0 n\u0103ng l\u01b0\u1ee3ng trong khu v\u1ef1c. G\u1ea7n nh\u01b0 to\u00e0n b\u1ed9 4,82 tri\u1ec7u c\u01b0 d\u00e2n c\u1ee7a qu\u1ed1c gia n\u00e0y t\u1eadp trung \u1edf khu \u0111\u00f4 th\u1ecb r\u1ed9ng l\u1edbn c\u1ee7a Th\u00e0nh ph\u1ed1 Kuwait, n\u01a1i ch\u1ec9 c\u00f3 1,53 tri\u1ec7u ng\u01b0\u1eddi c\u00f3 qu\u1ed1c t\u1ecbch v\u00e0 s\u1ed1 c\u00f2n l\u1ea1i \u0111\u1ebfn t\u1eeb h\u01a1n m\u1ed9t tr\u0103m qu\u1ed1c gia. S\u1ef1 pha tr\u1ed9n nh\u00e2n kh\u1ea9u h\u1ecdc \u0111\u1eb7c bi\u1ec7t n\u00e0y \u0111\u01b0a Kuwait tr\u1edf th\u00e0nh m\u1ed9t trong nh\u1eefng x\u00e3 h\u1ed9i ph\u1ee5 thu\u1ed9c nhi\u1ec1u nh\u1ea5t v\u00e0o ng\u01b0\u1eddi n\u01b0\u1edbc ngo\u00e0i tr\u00ean th\u1ebf gi\u1edbi.<\/p>\n\n\n\n<p>S\u1ef1 hi\u1ec7n di\u1ec7n c\u1ee7a con ng\u01b0\u1eddi trong khu v\u1ef1c n\u00e0y k\u00e9o d\u00e0i \u0111\u1ebfn th\u1eddi c\u1ed5 \u0111\u1ea1i, \u0111\u01b0\u1ee3c thu h\u00fat b\u1edfi kh\u1ea3 n\u0103ng ti\u1ebfp c\u1eadn h\u00e0ng h\u1ea3i g\u1ea7n c\u1eeda s\u00f4ng Tigris v\u00e0 Euphrates. V\u00e0o \u0111\u1ea7u th\u1ebf k\u1ef7 th\u1ee9 m\u01b0\u1eddi t\u00e1m, ch\u00ednh quy\u1ec1n b\u1ed9 l\u1ea1c \u0111\u00e3 chuy\u1ec3n sang ti\u1ec3u v\u01b0\u01a1ng qu\u1ed1c Bani Khalid; ngay sau \u0111\u00f3, gi\u1edbi l\u00e3nh \u0111\u1ea1o \u0111\u1ecba ph\u01b0\u01a1ng \u0111\u00e3 h\u1ee3p nh\u1ea5t d\u01b0\u1edbi quy\u1ec1n c\u1ee7a gia t\u1ed9c Al Sabah, v\u00e0 v\u00e0o n\u0103m 1899, Kuwait \u0111\u00e3 k\u00fd m\u1ed9t th\u1ecfa thu\u1eadn b\u1ea3o h\u1ed9 v\u1edbi Anh, nh\u01b0\u1ee3ng l\u1ea1i quy\u1ec1n ki\u1ec3m so\u00e1t ch\u00ednh s\u00e1ch \u0111\u1ed1i ngo\u1ea1i \u0111\u1ec3 \u0111\u1ed5i l\u1ea5y an ninh qu\u00e2n s\u1ef1. M\u1ed9t c\u1ea3ng giao d\u1ecbch khi\u00eam t\u1ed1n \u0111\u00e3 duy tr\u00ec ch\u1ebf \u0111\u1ed9 gi\u00e1o ch\u1ee7 cho \u0111\u1ebfn khi d\u1ea7u th\u01b0\u01a1ng m\u1ea1i xu\u1ea5t hi\u1ec7n \u1edf Burgan v\u00e0o n\u0103m 1938. Ho\u1ea1t \u0111\u1ed9ng xu\u1ea5t kh\u1ea9u b\u1eaft \u0111\u1ea7u v\u00e0o n\u0103m 1946, t\u00e0i tr\u1ee3 cho m\u1ed9t \u0111\u1ee3t t\u0103ng c\u01b0\u1eddng hi\u1ec7n \u0111\u1ea1i h\u00f3a trong nh\u1eefng th\u1eadp k\u1ef7 ti\u1ebfp theo. Ch\u1ee7 quy\u1ec1n ho\u00e0n to\u00e0n \u0111\u00e3 \u0111\u1ebfn v\u00e0o th\u00e1ng 6 n\u0103m 1961 v\u1edbi vi\u1ec7c b\u00e3i b\u1ecf hi\u1ec7p \u01b0\u1edbc v\u00e0 c\u00e1c th\u1ec3 ch\u1ebf nh\u00e0 n\u01b0\u1edbc \u0111\u00e3 h\u00ecnh th\u00e0nh trong b\u1ed1i c\u1ea3nh th\u1ecb tr\u01b0\u1eddng ch\u1ee9ng kho\u00e1n h\u1ed7n lo\u1ea1n v\u00e0o \u0111\u1ea7u nh\u1eefng n\u0103m 1980.<\/p>\n\n\n\n<p>L\u1ef1c l\u01b0\u1ee3ng Iraq d\u01b0\u1edbi th\u1eddi Saddam Hussein \u0111\u00e3 x\u00e2m l\u01b0\u1ee3c v\u00e0 s\u00e1p nh\u1eadp Kuwait v\u00e0o ng\u00e0y 2 th\u00e1ng 8 n\u0103m 1990, vi\u1ec7n d\u1eabn c\u00e1c tranh ch\u1ea5p v\u1ec1 s\u1ea3n xu\u1ea5t v\u00e0 y\u00eau s\u00e1ch l\u00e3nh th\u1ed5. M\u1ed9t li\u00ean minh do Hoa K\u1ef3 l\u00e3nh \u0111\u1ea1o \u0111\u00e3 gi\u1ea3i ph\u00f3ng \u0111\u1ea5t n\u01b0\u1edbc n\u00e0y trong m\u1ed9t chi\u1ebfn d\u1ecbch tr\u00ean b\u1ed9 ng\u1eafn ng\u1ee7i k\u1ebft th\u00fac v\u00e0o ng\u00e0y 26 th\u00e1ng 2 n\u0103m 1991, m\u1ed9t ng\u00e0y hi\u1ec7n \u0111\u01b0\u1ee3c k\u1ef7 ni\u1ec7m l\u00e0 Ng\u00e0y Gi\u1ea3i ph\u00f3ng. Chi ph\u00ed t\u00e1i thi\u1ebft v\u01b0\u1ee3t qu\u00e1 n\u0103m t\u1ef7 \u0111\u00f4 la M\u1ef9, ch\u1ee7 y\u1ebfu t\u1eadp trung v\u00e0o vi\u1ec7c s\u1eeda ch\u1eefa c\u01a1 s\u1edf h\u1ea1 t\u1ea7ng d\u1ea7u m\u1ecf v\u00e0 gi\u1ea3i quy\u1ebft h\u1eadu qu\u1ea3 sinh th\u00e1i c\u1ee7a h\u01a1n 500 v\u1ee5 ch\u00e1y gi\u1ebfng d\u1ea7u c\u1ed1 \u00fd. Nh\u1eefng v\u1ee5 h\u1ecfa ho\u1ea1n \u0111\u00f3 \u0111\u00e3 t\u1ea1o ra kho\u1ea3ng 35,7 km\u00b2 h\u1ed3 d\u1ea7u, khi\u1ebfn c\u00e1c khu v\u1ef1c sa m\u1ea1c ph\u00eda \u0111\u00f4ng kh\u00f4ng th\u1ec3 \u1edf \u0111\u01b0\u1ee3c v\u00e0 l\u00e0m b\u1ea9n b\u1edd bi\u1ec3n b\u1eb1ng c\u1eb7n hydrocarbon t\u00e0n ph\u00e1 h\u1ec7 sinh th\u00e1i bi\u1ec3n.<\/p>\n\n\n\n<p>Kuwait v\u1eabn l\u00e0 m\u1ed9t ti\u1ec3u v\u01b0\u01a1ng qu\u1ed1c: gia t\u1ed9c Al Sabah c\u1ea7m quy\u1ec1n n\u1eafm gi\u1eef c\u00e1c ch\u1ee9c v\u1ee5 cao nh\u1ea5t, v\u00e0 ti\u1ec3u v\u01b0\u01a1ng l\u00e0 nguy\u00ean th\u1ee7 qu\u1ed1c gia theo m\u1ed9t hi\u1ebfn ph\u00e1p k\u1ebft h\u1ee3p ch\u1ebf \u0111\u1ed9 cha truy\u1ec1n con n\u1ed1i v\u1edbi Qu\u1ed1c h\u1ed9i \u0111\u01b0\u1ee3c b\u1ea7u. H\u1ed3i gi\u00e1o c\u1ee7a tr\u01b0\u1eddng ph\u00e1i Sunni Maliki l\u00e0 t\u00edn ng\u01b0\u1ee1ng ch\u00ednh th\u1ee9c, \u0111\u01b0\u1ee3c \u01b0\u1edbc t\u00ednh l\u00e0 hai ph\u1ea7n ba c\u00f4ng d\u00e2n th\u1ef1c h\u00e0nh; ng\u01b0\u1eddi H\u1ed3i gi\u00e1o Shi&#039;a chi\u1ebfm ph\u1ea7n l\u1edbn s\u1ed1 c\u00f2n l\u1ea1i. M\u1ed9t l\u01b0\u1ee3ng l\u1edbn d\u00e2n s\u1ed1 di c\u01b0 \u0111\u1ebfn \u0111\u00e2y theo c\u00e1c c\u1ed9ng \u0111\u1ed3ng C\u01a1 \u0111\u1ed1c gi\u00e1o, \u1ea4n \u0110\u1ed9 gi\u00e1o, Sikh v\u00e0 Ph\u1eadt gi\u00e1o, trong \u0111\u00f3 nh\u1eefng ng\u01b0\u1eddi theo \u0111\u1ea1o C\u01a1 \u0111\u1ed1c c\u00f3 ngu\u1ed3n g\u1ed1c t\u1eeb Kerala chi\u1ebfm g\u1ea7n 18 ph\u1ea7n tr\u0103m c\u01b0 d\u00e2n. Ng\u00f4n ng\u1eef ch\u00ednh th\u1ee9c l\u00e0 ti\u1ebfng \u1ea2 R\u1eadp chu\u1ea9n hi\u1ec7n \u0111\u1ea1i; theo c\u00e1ch n\u00f3i th\u00f4ng t\u1ee5c, ti\u1ebfng \u1ea2 R\u1eadp Kuwait chi\u1ebfm \u01b0u th\u1ebf, \u0111\u01b0\u1ee3c l\u00e0m gi\u00e0u th\u00eam b\u1eb1ng c\u00e1ch vay m\u01b0\u1ee3n t\u1eeb ti\u1ebfng Ba T\u01b0, ti\u1ebfng \u1ea4n \u0110\u1ed9, ti\u1ebfng Th\u1ed5 Nh\u0129 K\u1ef3, ti\u1ebfng Anh v\u00e0 ti\u1ebfng \u00dd. Ti\u1ebfng Anh \u0111\u00f3ng vai tr\u00f2 l\u00e0 ng\u00f4n ng\u1eef chung trong kinh doanh, trong khi ti\u1ebfng Ph\u00e1p ch\u1ec9 \u0111\u01b0\u1ee3c s\u1eed d\u1ee5ng h\u1ea1n ch\u1ebf trong gi\u00e1o d\u1ee5c nh\u00e2n v\u0103n.<\/p>\n\n\n\n<p>V\u1ec1 m\u1eb7t \u0111\u1ecba l\u00fd, Kuwait tr\u1ea3i d\u00e0i gi\u1eefa v\u0129 \u0111\u1ed9 28\u00b0 B\u1eafc v\u00e0 31\u00b0 B\u1eafc, v\u00e0 kinh \u0111\u1ed9 46\u00b0 \u0110\u00f4ng v\u00e0 49\u00b0 \u0110\u00f4ng. \u0110\u1ecba h\u00ecnh ch\u1ee7 y\u1ebfu n\u1eb1m \u1edf m\u1ef1c n\u01b0\u1edbc bi\u1ec3n, ch\u1ec9 cao 306 m t\u1ea1i Mutla Ridge. M\u01b0\u1eddi h\u00f2n \u0111\u1ea3o bao quanh b\u1edd bi\u1ec3n, d\u1eabn \u0111\u1ea7u l\u00e0 Bubiyan\u2014h\u00f2n \u0111\u1ea3o l\u1edbn nh\u1ea5t qu\u1ed1c gia v\u1edbi di\u1ec7n t\u00edch 860 km\u00b2\u2014\u0111\u01b0\u1ee3c n\u1ed1i v\u1edbi nhau b\u1eb1ng m\u1ed9t con \u0111\u01b0\u1eddng \u0111\u1eafp cao d\u00e0i 2,38 km. Ch\u1ec9 c\u00f3 0,6 ph\u1ea7n tr\u0103m \u0111\u1ea5t \u0111\u1ee7 \u0111i\u1ec1u ki\u1ec7n l\u00e0 \u0111\u1ea5t canh t\u00e1c; ph\u1ea7n c\u00f2n l\u1ea1i l\u00e0 c\u00e2y b\u1ee5i th\u01b0a th\u1edbt. V\u1ecbnh Kuwait cung c\u1ea5p m\u1ed9t b\u1ebfn c\u1ea3ng n\u01b0\u1edbc s\u00e2u t\u1ef1 nhi\u00ean, neo gi\u1eef b\u1edd s\u00f4ng c\u1ee7a Th\u00e0nh ph\u1ed1 Kuwait.<\/p>\n\n\n\n<p>Kh\u00ed h\u1eadu dao \u0111\u1ed9ng t\u1eeb m\u1ee9c th\u1ea5p v\u00e0o m\u00f9a \u0111\u00f4ng \u0111\u01b0\u1ee3c \u0111i\u1ec1u h\u00f2a b\u1edfi gi\u00f3 b\u1eafc \u0111\u1ebfn m\u00f9a h\u00e8 n\u00f3ng nh\u1ea5t th\u1ebf gi\u1edbi. Gi\u00f3 shamal v\u00e0o th\u00e1ng 6 v\u00e0 th\u00e1ng 7 g\u00e2y ra b\u00e3o c\u00e1t; \u0111\u00eam m\u00f9a \u0111\u00f4ng c\u00f3 th\u1ec3 l\u1ea1nh, do v\u0129 \u0111\u1ed9 v\u00e0 g\u1ea7n Iraq v\u00e0 Iran. Nhi\u1ec7t \u0111\u1ed9 cao k\u1ef7 l\u1ee5c l\u00e0 54,0 \u00b0C, \u0111\u01b0\u1ee3c ghi nh\u1eadn t\u1ea1i Mitribah v\u00e0o ng\u00e0y 21 th\u00e1ng 7 n\u0103m 2016. L\u01b0\u1ee3ng m\u01b0a khan hi\u1ebfm v\u00e0 theo m\u00f9a; m\u00f9a xu\u00e2n mang \u0111\u1ebfn nh\u1eefng ng\u00e0y \u1ea5m \u00e1p v\u00e0 th\u1ec9nh tho\u1ea3ng c\u00f3 gi\u00f4ng b\u00e3o.<\/p>\n\n\n\n<p>D\u1ea7u m\u1ecf b\u1ea3o l\u00e3nh cho n\u1ec1n kinh t\u1ebf thu nh\u1eadp cao c\u1ee7a Kuwait, n\u01a1i n\u1eafm gi\u1eef tr\u1eef l\u01b0\u1ee3ng \u0111\u00e3 \u0111\u01b0\u1ee3c ch\u1ee9ng minh l\u1edbn th\u1ee9 s\u00e1u c\u1ee7a h\u00e0nh tinh - kho\u1ea3ng 70 t\u1ef7 th\u00f9ng ch\u1ec9 t\u00ednh ri\u00eang t\u1ea1i m\u1ecf Burgan. Hydrocarbon chi\u1ebfm g\u1ea7n 90 ph\u1ea7n tr\u0103m l\u01b0\u1ee3ng xu\u1ea5t kh\u1ea9u, v\u1edbi m\u00e1y bay v\u00e0 h\u00f3a ch\u1ea5t h\u1eefu c\u01a1 chi\u1ebfm ph\u1ea7n l\u1edbn ph\u1ea7n c\u00f2n l\u1ea1i. Kuwait x\u1ebfp h\u1ea1ng th\u1ea5p v\u1ec1 \u0111a d\u1ea1ng h\u00f3a kinh t\u1ebf v\u00e0 l\u01b0\u1ee3ng kh\u00ed th\u1ea3i carbon b\u00ecnh qu\u00e2n \u0111\u1ea7u ng\u01b0\u1eddi x\u1ebfp h\u1ea1ng cao nh\u1ea5t tr\u00ean to\u00e0n th\u1ebf gi\u1edbi. Qu\u1ea3n l\u00fd m\u00f4i tr\u01b0\u1eddng \u0111\u00e3 ti\u1ebfn tri\u1ec3n d\u1ea7n d\u1ea7n: c\u00f3 n\u0103m khu b\u1ea3o t\u1ed3n \u0111\u01b0\u1ee3c IUCN c\u00f4ng nh\u1eadn v\u00e0 v\u00e0o n\u0103m 2018, khu b\u1ea3o t\u1ed3n Mubarak al-Kabeer c\u1ee7a \u0110\u1ea3o Bubiyan \u0111\u00e3 \u0111\u1ea1t \u0111\u01b0\u1ee3c danh hi\u1ec7u Ramsar, \u0111\u00f3ng vai tr\u00f2 l\u00e0 \u0111i\u1ec3m d\u1eebng ch\u00e2n quan tr\u1ecdng cho c\u00e1c lo\u00e0i chim di c\u01b0 v\u00e0 l\u00e0 n\u01a1i sinh s\u1ea3n c\u1ee7a lo\u00e0i chim choi choi l\u1edbn nh\u1ea5t h\u00e0nh tinh.<\/p>\n\n\n\n<p>V\u1ec1 m\u1eb7t h\u00e0nh ch\u00ednh, s\u00e1u t\u1ec9nh chia nh\u1ecf l\u00e3nh th\u1ed5 qu\u1ed1c gia: Th\u1ee7 \u0111\u00f4 (Al Asimah), Hawalli, Farwaniya, Mubarak Al-Kabeer, Ahmadi v\u00e0 Jahra. M\u1ed7i t\u1ec9nh bao g\u1ed3m nhi\u1ec1u khu v\u1ef1c; t\u1ed5ng c\u1ed9ng ch\u00fang c\u00f3 m\u1ea1ng l\u01b0\u1edbi \u0111\u01b0\u1eddng b\u1ed9 d\u00e0i h\u01a1n 5.700 km, trong \u0111\u00f3 h\u01a1n 4.800 km l\u00e0 \u0111\u01b0\u1eddng cao t\u1ed1c tr\u1ea3i nh\u1ef1a. \u00d4 t\u00f4 chi\u1ebfm \u01b0u th\u1ebf trong giao th\u00f4ng\u2014kh\u00f4ng c\u00f3 \u0111\u01b0\u1eddng s\u1eaft ho\u1eb7c t\u00e0u \u0111i\u1ec7n ng\u1ea7m\u2014\u0111\u01b0\u1ee3c h\u1ed7 tr\u1ee3 b\u1edfi C\u00f4ng ty V\u1eadn t\u1ea3i C\u00f4ng c\u1ed9ng Kuwait do nh\u00e0 n\u01b0\u1edbc s\u1edf h\u1eefu v\u00e0 c\u00e1c nh\u00e0 khai th\u00e1c t\u01b0 nh\u00e2n CityBus v\u00e0 Kuwait Gulf Link. Taxi, c\u00f3 th\u1ec3 nh\u1eadn d\u1ea1ng b\u1eb1ng bi\u1ec3n s\u1ed1 m\u00e0u v\u00e0ng, ph\u1ea7n l\u1edbn ho\u1ea1t \u0111\u1ed9ng ngo\u00e0i \u0111\u1ed3ng h\u1ed3 t\u00ednh ti\u1ec1n, trong khi c\u00e1c d\u1ecbch v\u1ee5 d\u1ef1a tr\u00ean \u1ee9ng d\u1ee5ng nh\u01b0 Careem \u0111\u00e3 thu h\u00fat \u0111\u01b0\u1ee3c s\u1ef1 ch\u00fa \u00fd. C\u00e1c trung t\u00e2m du l\u1ecbch h\u00e0ng kh\u00f4ng t\u1ea1i S\u00e2n bay Qu\u1ed1c t\u1ebf Kuwait, tr\u1ee5 s\u1edf ch\u00ednh c\u1ee7a Kuwait Airways v\u00e0 l\u00e0 n\u01a1i \u0111\u1eb7t C\u0103n c\u1ee9 Kh\u00f4ng qu\u00e2n Al Mubarak; hai h\u00e3ng h\u00e0ng kh\u00f4ng t\u01b0 nh\u00e2n, Jazeera v\u00e0 Wataniya, b\u1ed5 sung c\u00e1c d\u1ecbch v\u1ee5. T\u00ednh \u0111\u1ebfn th\u00e1ng 5 n\u0103m 2025, m\u01b0\u1eddi b\u1ed1n h\u00e3ng h\u00e0ng kh\u00f4ng n\u01b0\u1edbc ngo\u00e0i \u0111\u00e3 \u0111\u00ecnh ch\u1ec9 c\u00e1c chuy\u1ebfn bay do lo ng\u1ea1i v\u1ec1 qu\u1ea3n l\u00fd v\u00e0 c\u1ea1nh tranh, l\u00e0m d\u1ea5y l\u00ean c\u00e2u h\u1ecfi v\u1ec1 vai tr\u00f2 khu v\u1ef1c c\u1ee7a s\u00e2n bay.<\/p>\n\n\n\n<p>Th\u01b0\u01a1ng m\u1ea1i h\u00e0ng h\u1ea3i ph\u1ee5 thu\u1ed9c v\u00e0o c\u00e1c c\u1ea3ng Shuwaikh v\u00e0 Shuaiba, n\u01a1i \u0111\u00e3 x\u1eed l\u00fd h\u01a1n 750.000 TEU v\u00e0o n\u0103m 2006, c\u00f9ng v\u1edbi Mina al-Ahmadi. M\u1ed9t c\u1ea3ng Mubarak Al Kabeer m\u1edbi tr\u00ean \u0111\u1ea3o Bubiyan, \u0111ang \u0111\u01b0\u1ee3c x\u00e2y d\u1ef1ng, d\u1ef1 ki\u1ebfn \u200b\u200bs\u1ebd x\u1eed l\u00fd hai tri\u1ec7u TEU m\u1ed7i n\u0103m. Ng\u00e0nh v\u1eadn t\u1ea3i bi\u1ec3n \u0111\u01b0\u1ee3c x\u1ebfp h\u1ea1ng l\u00e0 m\u1ed9t trong nh\u1eefng ng\u00e0nh l\u1edbn nh\u1ea5t trong khu v\u1ef1c.<\/p>\n\n\n\n<p>M\u1eb7c d\u00f9 gi\u00e0u c\u00f3 v\u1ec1 d\u1ea7u m\u1ecf, du l\u1ecbch v\u1eabn khi\u00eam t\u1ed1n, b\u1ecb h\u1ea1n ch\u1ebf b\u1edfi c\u01a1 s\u1edf h\u1ea1 t\u1ea7ng h\u1ea1n ch\u1ebf v\u00e0 l\u1ec7nh c\u1ea5m r\u01b0\u1ee3u. Chi ti\u00eau cho du l\u1ecbch trong n\u01b0\u1edbc \u0111\u1ea1t 6,1 t\u1ef7 \u0111\u00f4 la v\u00e0o n\u0103m 2020; H\u1ed9i \u0111\u1ed3ng Du l\u1ecbch v\u00e0 L\u1eef h\u00e0nh Th\u1ebf gi\u1edbi \u0111\u00e3 tr\u00edch d\u1eabn Kuwait l\u00e0 n\u1ec1n kinh t\u1ebf du l\u1ecbch t\u0103ng tr\u01b0\u1edfng nhanh nh\u1ea5t trong s\u1ed1 c\u00e1c n\u1ec1n kinh t\u1ebf ngang h\u00e0ng v\u00e0o n\u0103m 2019, t\u0103ng 11,6 ph\u1ea7n tr\u0103m so v\u1edbi c\u00f9ng k\u1ef3 n\u0103m tr\u01b0\u1edbc. C\u00e1c \u0111i\u1ec3m tham quan v\u0103n h\u00f3a bao g\u1ed3m l\u1ec5 h\u1ed9i Hala Febrayer v\u00e0o m\u1ed7i th\u00e1ng 2, \u0111\u00e1nh d\u1ea5u s\u1ef1 gi\u1ea3i ph\u00f3ng v\u1edbi c\u00e1c bu\u1ed5i h\u00f2a nh\u1ea1c, di\u1ec5u h\u00e0nh v\u00e0 l\u1ec5 h\u1ed9i h\u00f3a trang. D\u1ef1 \u00e1n ph\u00e1t tri\u1ec3n Sabah Al Ahmad Sea City v\u00e0 Khu v\u0103n h\u00f3a qu\u1ed1c gia Kuwait m\u1edbi \u0111\u01b0\u1ee3c c\u00f4ng b\u1ed1 - m\u1ed9t d\u1ef1 \u00e1n tr\u1ecb gi\u00e1 1 t\u1ef7 \u0111\u00f4 la bao g\u1ed3m c\u00e1c trung t\u00e2m v\u0103n h\u00f3a, c\u00f4ng vi\u00ean v\u00e0 c\u00e1c di s\u1ea3n cung \u0111i\u1ec7n - b\u00e1o hi\u1ec7u kh\u00e1t v\u1ecdng h\u01b0\u1edbng t\u1edbi m\u1ed9t n\u1ec1n kinh t\u1ebf s\u00e1ng t\u1ea1o r\u1ed9ng l\u1edbn h\u01a1n.<\/p>\n\n\n\n<p>Kuwait ti\u00ean phong trong ngh\u1ec7 thu\u1eadt \u1ea2 R\u1eadp v\u00f9ng V\u1ecbnh: h\u1ecdc b\u1ed5ng th\u1ecb gi\u00e1c c\u00f3 t\u1eeb ch\u00e2n dung c\u1ee7a Mojeb al-Dousari v\u00e0o nh\u1eefng n\u0103m 1930 v\u00e0 l\u00fd thuy\u1ebft &#034;ch\u1ee7 ngh\u0129a tu\u1ea7n ho\u00e0n&#034; c\u1ee7a Khalifa Al-Qattan v\u00e0o nh\u1eefng n\u0103m 1960. Ng\u00e0y nay, h\u01a1n ba m\u01b0\u01a1i ph\u00f2ng tr\u01b0ng b\u00e0y tr\u01b0ng b\u00e0y t\u00e1c ph\u1ea9m c\u1ee7a Sami Mohammad, Thuraya Al-Baqsami v\u00e0 Suzan Bushnaq. Ngh\u1ec7 thu\u1eadt s\u00e2n kh\u1ea5u c\u00f3 ngu\u1ed3n g\u1ed1c t\u1eeb nh\u1eefng n\u0103m 1920; c\u00e1c nh\u00e0 h\u00e1t c\u00f4ng c\u1ed9ng, \u0111\u01b0\u1ee3c ch\u00ednh ph\u1ee7 tr\u1ee3 c\u1ea5p th\u00f4ng qua H\u1ed9i \u0111\u1ed3ng V\u0103n h\u00f3a, Ngh\u1ec7 thu\u1eadt v\u00e0 V\u0103n h\u1ecdc Qu\u1ed1c gia, t\u1ed5 ch\u1ee9c m\u1ed9t l\u1ec5 h\u1ed9i th\u01b0\u1eddng ni\u00ean v\u00e0 k\u1ecbch \u0111\u1ecba ph\u01b0\u01a1ng thu h\u00fat kh\u00e1n gi\u1ea3 tr\u00ean to\u00e0n khu v\u1ef1c. Phim truy\u1ec1n h\u00ecnh nhi\u1ec1u t\u1eadp - m\u01b0\u1eddi l\u0103m ho\u1eb7c nhi\u1ec1u h\u01a1n \u0111\u01b0\u1ee3c s\u1ea3n xu\u1ea5t h\u00e0ng n\u0103m - \u0111\u01b0\u1ee3c ph\u00e1t s\u00f3ng tr\u00ean kh\u1eafp V\u00f9ng V\u1ecbnh, mang l\u1ea1i cho Kuwait bi\u1ec7t danh &#034;Hollywood c\u1ee7a V\u00f9ng V\u1ecbnh&#034;. Phim truy\u1ec1n h\u00ecnh d\u00e0i t\u1eadp ph\u00e1t s\u00f3ng trong th\u00e1ng Ramadan khi c\u00e1c gia \u0111\u00ecnh t\u1ee5 t\u1eadp v\u00e0o l\u00fac ch\u1ea1ng v\u1ea1ng. C\u00e1c truy\u1ec1n th\u1ed1ng \u00e2m nh\u1ea1c nh\u01b0 sawt v\u00e0 fijiri ph\u1ea3n \u00e1nh di s\u1ea3n h\u00e0ng h\u1ea3i; vi\u1ec7c ghi \u00e2m b\u1eaft \u0111\u1ea7u t\u1eeb n\u0103m 1912. \u00c2m nh\u1ea1c Khaliji \u0111\u01b0\u01a1ng \u0111\u1ea1i \u0111\u01b0\u1ee3c \u01b0a chu\u1ed9ng tr\u00ean to\u00e0n \u1ea2 R\u1eadp, v\u1edbi c\u00e1c ngh\u1ec7 s\u0129 nh\u01b0 Nawal El Kuwaiti v\u00e0 Abdallah Al Rowaished l\u01b0u di\u1ec5n kh\u1eafp n\u01a1i.<\/p>\n\n\n\n<p>Chu\u1ea9n m\u1ef1c x\u00e3 h\u1ed9i tu\u00e2n th\u1ee7 theo tinh th\u1ea7n s\u1ed1ng v\u00e0 \u0111\u1ec3 ng\u01b0\u1eddi kh\u00e1c s\u1ed1ng, v\u1edbi ph\u1ea1m vi r\u1ed9ng r\u00e3i trong trang ph\u1ee5c v\u00e0 h\u00e0nh vi mi\u1ec5n l\u00e0 tu\u00e2n th\u1ee7 lu\u1eadt v\u1ec1 s\u1ef1 \u0111\u00e0ng ho\u00e0ng n\u01a1i c\u00f4ng c\u1ed9ng. Vi\u1ec7c l\u0103ng m\u1ea1 m\u1ed9t nh\u00e2n v\u1eadt c\u00f4ng ch\u00fang kh\u00e1c vi ph\u1ea1m c\u00e1c lu\u1eadt ph\u1ec9 b\u00e1ng \u0111\u01b0\u1ee3c \u0111\u1ecbnh ngh\u0129a r\u1ed9ng r\u00e3i. Trong th\u00e1ng l\u1ec5 Ramadan, vi\u1ec7c ti\u00eau th\u1ee5 th\u1ef1c ph\u1ea9m, \u0111\u1ed3 u\u1ed1ng ho\u1eb7c thu\u1ed1c l\u00e1 n\u01a1i c\u00f4ng c\u1ed9ng l\u00e0 b\u1ea5t h\u1ee3p ph\u00e1p. C\u00e1c h\u00e0nh vi \u0111\u1ed3ng t\u00ednh v\u1eabn b\u1ecb coi l\u00e0 t\u1ed9i ph\u1ea1m, m\u1eb7c d\u00f9 c\u00e1c bi\u1ec3u hi\u1ec7n th\u00f4ng th\u01b0\u1eddng c\u1ee7a t\u00ecnh c\u1ea3m \u0111\u1ed3ng gi\u1edbi v\u1eabn di\u1ec5n ra m\u00e0 kh\u00f4ng b\u1ecb k\u1ef3 th\u1ecb.<\/p>\n\n\n\n<p>C\u00e1c th\u00e0nh ph\u1ed1 n\u1eb1m trong ph\u1ea1m vi d\u1ec5 d\u00e0ng ti\u1ebfp c\u1eadn c\u1ee7a Th\u00e0nh ph\u1ed1 Kuwait cho th\u1ea5y cu\u1ed9c s\u1ed1ng t\u01b0\u01a1ng ph\u1ea3n: Khu ph\u1ed1 l\u1ecbch s\u1eed Jahra n\u1eb1m \u1edf ph\u00eda t\u00e2y, Ahmadi c\u00f3 c\u01a1 s\u1edf h\u1ea1 t\u1ea7ng l\u1ecdc d\u1ea7u, Hawalli v\u00e0 Farwaniya cung c\u1ea5p c\u00e1c khu d\u00e2n c\u01b0 v\u00e0 c\u1ea3ng d\u00e0y \u0111\u1eb7c, trong khi c\u00e1c b\u00e3i bi\u1ec3n v\u00e0 b\u1ea5t \u0111\u1ed9ng s\u1ea3n c\u1ee7a Salmiya thu h\u00fat c\u00e1c gia \u0111\u00ecnh v\u00e0 ng\u01b0\u1eddi n\u01b0\u1edbc ngo\u00e0i. C\u00e1c \u0111i\u1ec3m \u0111\u1ebfn xa x\u00f4i nh\u01b0 Khairan v\u00e0 Bnaider h\u1ed7 tr\u1ee3 c\u00e1c c\u00e2u l\u1ea1c b\u1ed9 du thuy\u1ec1n v\u00e0 th\u1ec3 thao d\u01b0\u1edbi n\u01b0\u1edbc; \u0110\u1ea3o Failaka, b\u1ecb chi\u1ebfn tranh t\u00e0n ph\u00e1, hi\u1ec7n cung c\u1ea5p ch\u1ed7 ngh\u1ec9 di s\u1ea3n c\u00f3 th\u1ec3 ti\u1ebfp c\u1eadn b\u1eb1ng d\u1ecbch v\u1ee5 ph\u00e0 th\u01b0\u1eddng xuy\u00ean.<\/p>\n\n\n\n<p>Quy \u0111\u1ecbnh nh\u1eadp c\u1ea3nh kh\u00e1c nhau t\u00f9y theo qu\u1ed1c t\u1ecbch. C\u00f4ng d\u00e2n GCC \u0111i l\u1ea1i m\u00e0 kh\u00f4ng c\u1ea7n th\u1ecb th\u1ef1c; c\u01b0 d\u00e2n c\u1ee7a nhi\u1ec1u qu\u1ed1c gia ph\u01b0\u01a1ng T\u00e2y v\u00e0 ch\u00e2u \u00c1 c\u00f3 th\u1ec3 xin th\u1ecb th\u1ef1c khi \u0111\u1ebfn t\u1ea1i nh\u00e0 ga h\u00e0ng kh\u00f4ng, trong khi nh\u1eefng ng\u01b0\u1eddi kh\u00e1c c\u1ea7n ph\u1ea3i c\u00f3 s\u1ef1 b\u1ea3o l\u00e3nh tr\u01b0\u1edbc. T\u1ea5t c\u1ea3 nh\u1eefng ng\u01b0\u1eddi \u0111\u1ebfn ph\u1ea3i tr\u00e1nh tem c\u1ee7a Israel, v\u00ec tem n\u00e0y s\u1ebd kh\u00f4ng c\u00f3 hi\u1ec7u l\u1ef1c khi nh\u1eadp c\u1ea3nh. C\u00e1c ph\u01b0\u01a1ng ti\u1ec7n giao th\u00f4ng c\u00f4ng c\u1ed9ng t\u1eeb s\u00e2n bay bao g\u1ed3m taxi, d\u1ecbch v\u1ee5 ki\u1ec3u xe limousine v\u00e0 xe bu\u00fdt KWD 0,25 \u0111\u1ebfn trung t\u00e2m th\u00e0nh ph\u1ed1, m\u1eb7c d\u00f9 l\u1ecbch tr\u00ecnh v\u00e0 th\u00f4ng tin v\u1ec1 tuy\u1ebfn \u0111\u01b0\u1eddng \u0111\u00f2i h\u1ecfi ph\u1ea3i l\u1eadp k\u1ebf ho\u1ea1ch tr\u01b0\u1edbc.<\/p>\n\n\n\n<p>S\u1ef1 ph\u00e1t tri\u1ec3n c\u1ee7a Kuwait\u2014t\u1eeb m\u1ed9t c\u1ea3ng sa m\u1ea1c th\u00e0nh c\u01b0\u1eddng qu\u1ed1c d\u1ea7u m\u1ecf\u2014mang theo s\u1ef1 t\u01b0\u01a1ng ph\u1ea3n gi\u1eefa s\u1ef1 gi\u00e0u c\u00f3 v\u00e0 m\u00f4i tr\u01b0\u1eddng, gi\u1eefa truy\u1ec1n th\u1ed1ng v\u00e0 hi\u1ec7n \u0111\u1ea1i. \u0110\u1ecba l\u00fd nh\u1ecf g\u1ecdn c\u1ee7a n\u00f3 che gi\u1ea5u m\u1ed9t b\u1ee9c tranh ph\u1ee9c t\u1ea1p v\u1ec1 l\u1ecbch s\u1eed, v\u0103n h\u00f3a v\u00e0 th\u01b0\u01a1ng m\u1ea1i. Trong khi hydrocarbon duy tr\u00ec d\u1ef1 tr\u1eef t\u00e0i ch\u00ednh, nh\u1eefng n\u1ed7 l\u1ef1c m\u1edbi m\u1ebb trong c\u00e1c l\u0129nh v\u1ef1c s\u00e1ng t\u1ea1o v\u00e0 d\u1ecbch v\u1ee5 t\u00ecm c\u00e1ch m\u1edf r\u1ed9ng t\u1ea7m nh\u00ecn. Qu\u1ed1c gia n\u00e0y \u0111ang \u0111\u1ee9ng tr\u01b0\u1edbc ng\u00e3 ba \u0111\u01b0\u1eddng, n\u01a1i qu\u00e1 kh\u1ee9 \u0111\u1ecbnh h\u00ecnh b\u1ea3n s\u1eafc hi\u1ec7n t\u1ea1i v\u00e0 n\u01a1i c\u00e1c l\u1ef1a ch\u1ecdn chi\u1ebfn l\u01b0\u1ee3c s\u1ebd \u0111\u1ecbnh h\u00ecnh m\u1ed9t t\u01b0\u01a1ng lai \u0111a d\u1ea1ng h\u01a1n.<\/p>","protected":false},"excerpt":{"rendered":"<p>Kuwait, t\u00ean ch\u00ednh th\u1ee9c l\u00e0 Nh\u00e0 n\u01b0\u1edbc Kuwait, l\u00e0 m\u1ed9t qu\u1ed1c gia n\u1eb1m \u1edf T\u00e2y \u00c1, g\u1ea7n ranh gi\u1edbi ph\u00eda b\u1eafc c\u1ee7a \u0110\u00f4ng \u1ea2 R\u1eadp, t\u1ea1i c\u1ef1c c\u1ee7a V\u1ecbnh Ba T\u01b0. Kuwait, v\u1edbi d\u00e2n s\u1ed1 4,93 tri\u1ec7u ng\u01b0\u1eddi t\u00ednh \u0111\u1ebfn n\u0103m 2024\u2014t\u0103ng 1,98% so v\u1edbi n\u0103m tr\u01b0\u1edbc\u2014chi\u1ebfm m\u1ed9t v\u1ecb tr\u00ed quan tr\u1ecdng ng\u0103n c\u00e1ch Iraq \u1edf ph\u00eda b\u1eafc v\u1edbi \u1ea2 R\u1eadp Saudi \u1edf ph\u00eda nam. Bao g\u1ed3m m\u1ed9t \u0111\u01b0\u1eddng b\u1edd bi\u1ec3n d\u00e0i kho\u1ea3ng 500 km d\u1ecdc theo V\u1ecbnh Ba T\u01b0, qu\u1ed1c gia n\u00e0y c\u00f3 ranh gi\u1edbi tr\u00ean bi\u1ec3n v\u1edbi Iran.<\/p>","protected":false},"author":1,"featured_media":4387,"parent":24063,"menu_order":0,"comment_status":"closed","ping_status":"closed","template":"elementor_theme","meta":{"_eb_attr":"","footnotes":""},"class_list":["post-14764","page","type-page","status-publish","has-post-thumbnail"],"_links":{"self":[{"href":"https:\/\/travelshelper.com\/vi\/wp-json\/wp\/v2\/pages\/14764","targetHints":{"allow":["GET"]}}],"collection":[{"href":"https:\/\/travelshelper.com\/vi\/wp-json\/wp\/v2\/pages"}],"about":[{"href":"https:\/\/travelshelper.com\/vi\/wp-json\/wp\/v2\/types\/page"}],"author":[{"embeddable":true,"href":"https:\/\/travelshelper.com\/vi\/wp-json\/wp\/v2\/users\/1"}],"replies":[{"embeddable":true,"href":"https:\/\/travelshelper.com\/vi\/wp-json\/wp\/v2\/comments?post=14764"}],"version-history":[{"count":0,"href":"https:\/\/travelshelper.com\/vi\/wp-json\/wp\/v2\/pages\/14764\/revisions"}],"up":[{"embeddable":true,"href":"https:\/\/travelshelper.com\/vi\/wp-json\/wp\/v2\/pages\/24063"}],"wp:featuredmedia":[{"embeddable":true,"href":"https:\/\/travelshelper.com\/vi\/wp-json\/wp\/v2\/media\/4387"}],"wp:attachment":[{"href":"https:\/\/travelshelper.com\/vi\/wp-json\/wp\/v2\/media?parent=14764"}],"curies":[{"name":"wp","href":"https:\/\/api.w.org\/{rel}","templated":true}]}}