{"id":14583,"date":"2024-09-19T20:15:59","date_gmt":"2024-09-19T20:15:59","guid":{"rendered":"https:\/\/travelshelper.com\/staging\/?page_id=14583"},"modified":"2026-03-11T22:31:50","modified_gmt":"2026-03-11T22:31:50","slug":"genk","status":"publish","type":"page","link":"https:\/\/travelshelper.com\/vi\/destinations\/europe\/belgium\/genk\/","title":{"rendered":"Genk"},"content":{"rendered":"<p>Genk chi\u1ebfm m\u1ed9t v\u1ecb tr\u00ed \u0111\u1eb7c bi\u1ec7t trong b\u1ee9c tranh phong c\u1ea3nh \u0111\u00f4 th\u1ecb c\u1ee7a B\u1ec9, \u0111\u1eb7c \u0111i\u1ec3m c\u1ee7a n\u00f3 \u0111\u01b0\u1ee3c h\u00ecnh th\u00e0nh qua nhi\u1ec1u th\u1ebf k\u1ef7 c\u1ee7a cu\u1ed9c s\u1ed1ng n\u00f4ng th\u00f4n y\u00ean b\u00ecnh, s\u1ef1 bi\u1ebfn \u0111\u1ed9ng c\u00f4ng nghi\u1ec7p \u0111\u1ed9t ng\u1ed9t v\u00e0, trong nh\u1eefng th\u1eadp k\u1ef7 g\u1ea7n \u0111\u00e2y, s\u1ef1 t\u00e1i t\u1ea1o quy\u1ebft li\u1ec7t. N\u1eb1m d\u1ecdc theo b\u1edd K\u00eanh Albert \u1edf t\u1ec9nh Limburg, gi\u1eefa c\u00e1c c\u1ea3ng Antwerp v\u00e0 nh\u00e0 m\u00e1y th\u00e9p Li\u00e8ge, Genk ng\u00e0y nay v\u1eeba l\u00e0 minh ch\u1ee9ng v\u1eeba l\u00e0 s\u1ef1 t\u00f4n vinh cho c\u00e1c l\u1ef1c l\u01b0\u1ee3ng ph\u1ee9c t\u1ea1p \u0111\u00e3 \u0111\u1ecbnh h\u00ecnh n\u00ean Flanders: bi\u00ean gi\u1edbi thay \u0111\u1ed5i, di c\u01b0 do ngu\u1ed3n t\u00e0i nguy\u00ean th\u00fac \u0111\u1ea9y, s\u1ef1 ph\u00e1t tri\u1ec3n ngh\u1ec7 thu\u1eadt v\u00e0 kh\u1ea3 n\u0103ng ph\u1ee5c h\u1ed3i kinh t\u1ebf.<\/p>\n<p>L\u00e2u tr\u01b0\u1edbc khi c\u00f3 ti\u1ebfng m\u00e1y m\u00f3c v\u00e0 ti\u1ebfng s\u00e0 lan ch\u1ea1y tr\u00ean k\u00eanh \u0111\u00e0o, khu \u0111\u1ecbnh c\u01b0 hi\u1ec7n \u0111\u01b0\u1ee3c g\u1ecdi l\u00e0 Genk c\u00f3 ngu\u1ed3n g\u1ed1c t\u1eeb m\u1ed9t ng\u00f4i l\u00e0ng Celt c\u00f3 quy m\u00f4 khi\u00eam t\u1ed1n. C\u00e1c m\u1ea3nh kh\u1ea3o c\u1ed5 ch\u1ec9 ra m\u1ed9t nh\u00e0 nguy\u1ec7n g\u1ed7 \u0111\u1ea7u ti\u00ean c\u00f3 ni\u00ean \u0111\u1ea1i t\u1eeb th\u1ebf k\u1ef7 th\u1ee9 m\u01b0\u1eddi, b\u1eb1ng ch\u1ee9ng cho th\u1ea5y s\u1ef1 xu\u1ea5t hi\u1ec7n d\u1ea7n d\u1ea7n c\u1ee7a C\u01a1 \u0111\u1ed1c gi\u00e1o. N\u0103m 1108, \u0111\u1ecba \u0111i\u1ec3m n\u00e0y xu\u1ea5t hi\u1ec7n trong m\u1ed9t hi\u1ebfn ch\u01b0\u01a1ng tu vi\u1ec7n d\u01b0\u1edbi t\u00ean Geneche, khi Tu vi\u1ec7n Rohlic chi\u1ebfm h\u1eefu \u0111\u1ea5t \u0111ai c\u1ee7a n\u00f3. Trong su\u1ed1t th\u1eddi Trung c\u1ed5, Genk n\u1eb1m trong qu\u1ef9 \u0111\u1ea1o c\u1ee7a Qu\u1eadn Loon; n\u0103m 1365, l\u00e3nh th\u1ed5 \u0111\u01b0\u1ee3c chuy\u1ec3n giao cho Gi\u00e1o ph\u1eadn-Ho\u00e0ng t\u1eed Li\u00e8ge, m\u1ed9t s\u1ef1 chuy\u1ec3n giao cho th\u1ea5y \u00edt thay \u0111\u1ed5i ngay l\u1eadp t\u1ee9c trong nh\u1ecbp \u0111i\u1ec7u c\u1ee7a cu\u1ed9c s\u1ed1ng h\u00e0ng ng\u00e0y.<\/p>\n<p>Trong ph\u1ea7n l\u1edbn th\u1eddi k\u1ef3 trung c\u1ed5 v\u00e0 \u0111\u1ea7u th\u1eddi hi\u1ec7n \u0111\u1ea1i, Genk v\u1eabn l\u00e0 m\u1ed9t c\u1ed9ng \u0111\u1ed3ng n\u00f4ng nghi\u1ec7p nh\u1ecf. V\u00e0o \u0111\u1ea7u th\u1ebf k\u1ef7 19, khu v\u1ef1c r\u1ed9ng l\u1edbn h\u01a1n \u1edf mi\u1ec1n Nam B\u1ec9 \u0111\u00e3 b\u1eaft \u0111\u1ea7u chuy\u1ec3n \u0111\u1ed5i c\u00f4ng nghi\u1ec7p nhanh ch\u00f3ng\u2014c\u00e1c m\u1ecf than, x\u01b0\u1edfng s\u1eaft v\u00e0 nh\u00e0 m\u00e1y d\u1ec7t m\u1ecdc l\u00ean kh\u1eafp Charleroi, Li\u00e8ge v\u00e0 Mons\u2014nh\u01b0ng Limburg, v\u1edbi \u0111\u1ea5t c\u00e1t v\u00e0 thi\u1ebfu c\u00e1c cu\u1ed9c kh\u1ea3o s\u00e1t kho\u00e1ng s\u1ea3n, v\u1eabn gi\u1eef nguy\u00ean c\u00e1c m\u00f4 h\u00ecnh canh t\u00e1c c\u0169. V\u00e0o n\u0103m 1900, d\u00e2n s\u1ed1 Genk dao \u0111\u1ed9ng \u1edf m\u1ee9c kho\u1ea3ng hai ngh\u00ecn ng\u01b0\u1eddi, m\u00f4i tr\u01b0\u1eddng x\u00e2y d\u1ef1ng c\u1ee7a n\u00f3 ch\u1ec9 l\u00e0 m\u1ed9t s\u1ed1 \u00edt c\u00e1c trang tr\u1ea1i r\u1ea3i r\u00e1c v\u00e0 m\u1ed9t s\u1ed1 \u00edt c\u1eeda h\u00e0ng th\u1ee7 c\u00f4ng.<\/p>\n<p>Ch\u00ednh phong c\u1ea3nh y\u00ean b\u00ecnh, gi\u1ea3n d\u1ecb n\u00e0y \u0111\u00e3 thu h\u00fat m\u1ed9t nh\u00f3m h\u1ecda s\u0129 v\u00e0 nh\u00e0 v\u0103n v\u00e0o cu\u1ed1i th\u1ebf k\u1ef7 XIX. Trong s\u1ed1 \u0111\u00f3 c\u00f3 Neel Doff, m\u1ed9t nh\u00e0 v\u0103n c\u00f3 nh\u1eefng b\u1ee9c tranh mi\u00eau t\u1ea3 v\u1ec1 lao \u0111\u1ed9ng n\u00f4ng th\u00f4n v\u00e0 b\u1ea5t b\u00ecnh \u0111\u1eb3ng x\u00e3 h\u1ed9i l\u1ea5y c\u1ea3m h\u1ee9ng t\u1eeb nh\u1eefng c\u00e1nh \u0111\u1ed3ng v\u00e0 con \u0111\u01b0\u1eddng \u1edf Genk. Theo m\u1ed9t s\u1ed1 l\u1eddi k\u1ec3, h\u01a1n b\u1ed1n tr\u0103m ngh\u1ec7 s\u0129 \u0111\u00e3 \u0111i qua khu v\u1ef1c n\u00e0y, l\u00e0m vi\u1ec7c ngo\u00e0i tr\u1eddi theo truy\u1ec1n th\u1ed1ng v\u1ebd tranh ngo\u00e0i tr\u1eddi. Nh\u1eefng b\u1ee9c tranh c\u1ee7a h\u1ecd b\u1eaft \u0111\u01b0\u1ee3c \u00e1nh s\u00e1ng thay \u0111\u1ed5i tr\u00ean \u0111\u1ed3ng c\u1ecf v\u00e0 r\u1eebng b\u1ea1ch d\u01b0\u01a1ng, h\u00ecnh h\u1ecdc t\u0129nh l\u1eb7ng c\u1ee7a c\u00e1c t\u00f2a nh\u00e0 ph\u1ee5 trong trang tr\u1ea1i v\u00e0 \u00e1nh l\u1ea5p l\u00e1nh c\u1ee7a c\u00e1c tuy\u1ebfn \u0111\u01b0\u1eddng th\u1ee7y. Trong m\u1ed9t th\u1eddi gian ng\u1eafn, Genk t\u1ed3n t\u1ea1i song song nh\u01b0 m\u1ed9t v\u00f9ng n\u00f4ng th\u00f4n h\u1ebbo l\u00e1nh v\u00e0 l\u00e0 n\u01a1i t\u00ecm t\u00f2i s\u00e1ng t\u1ea1o.<\/p>\n<p>S\u1ed1 ph\u1eadn c\u1ee7a th\u1ecb tr\u1ea5n \u0111\u00e3 thay \u0111\u1ed5i kh\u00f4ng th\u1ec3 thay \u0111\u1ed5i v\u00e0o n\u0103m 1901, khi Andr\u00e9 Dumont, m\u1ed9t nh\u00e0 \u0111\u1ecba ch\u1ea5t, ph\u00e1t hi\u1ec7n ra b\u1eb1ng ch\u1ee9ng v\u1ec1 than \u1edf ng\u00f4i l\u00e0ng As g\u1ea7n \u0111\u00f3. Nh\u1eefng ng\u01b0\u1eddi t\u00ecm ki\u1ebfm \u0111\u00e3 s\u1edbm t\u00ecm th\u1ea5y c\u00e1c m\u1ecf b\u00ean d\u01b0\u1edbi ch\u00ednh Genk, v\u00e0 trong v\u00f2ng v\u00e0i n\u0103m, m\u1ed9t b\u1ed9 ba tr\u1ee5c m\u1ecf - Zwartberg, Waterschei v\u00e0 Winterslag - \u0111\u00e3 th\u00e2m nh\u1eadp v\u00e0o l\u00f2ng \u0111\u1ea5t. V\u00e0ng \u0111en, nh\u01b0 nh\u1eefng ng\u01b0\u1eddi th\u1ee3 m\u1ecf g\u1ecdi, \u0111\u00e3 m\u1edf ra m\u1ed9t k\u1ef7 nguy\u00ean m\u1edf r\u1ed9ng \u0111\u00e1ng k\u1ec3. C\u00f4ng nh\u00e2n B\u1ec9 \u0111\u1ebfn r\u1ea5t \u0111\u00f4ng, ti\u1ebfp theo l\u00e0 nh\u1eefng ng\u01b0\u1eddi nh\u1eadp c\u01b0 t\u1eeb \u00dd, Hy L\u1ea1p v\u00e0 Th\u1ed5 Nh\u0129 K\u1ef3. C\u00e1c khu nh\u00e0 \u1edf m\u1ecdc l\u00ean xung quanh c\u00e1c \u0111\u1ea7u m\u1ecf, v\u00e0 c\u01a1 s\u1edf h\u1ea1 t\u1ea7ng \u0111\u00f4 th\u1ecb c\u00f2n non tr\u1ebb \u0111\u00e3 ph\u1ea3i v\u1eadt l\u1ed9n \u0111\u1ec3 theo k\u1ecbp t\u1ed1c \u0111\u1ed9 t\u0103ng tr\u01b0\u1edfng d\u00e2n s\u1ed1 \u0111\u1ed9t ng\u1ed9t. Trong nh\u1eefng th\u1eadp k\u1ef7 ti\u1ebfp theo, Genk \u0111\u00e3 l\u00e0m lu m\u1edd t\u1ea5t c\u1ea3 c\u00e1c th\u1ecb tr\u1ea5n Limburg ngo\u1ea1i tr\u1eeb th\u1ee7 ph\u1ee7 c\u1ee7a t\u1ec9nh l\u00e0 Hasselt, t\u0103ng l\u00ean \u0111\u1ebfn \u0111\u1ec9nh \u0111i\u1ec3m l\u00e0 kho\u1ea3ng b\u1ea3y m\u01b0\u01a1i ngh\u00ecn v\u00e0o gi\u1eefa th\u1ebf k\u1ef7 XX.<\/p>\n<p>Than mang l\u1ea1i cho c\u1ed9ng \u0111\u1ed3ng c\u1ea3 s\u1ef1 th\u1ecbnh v\u01b0\u1ee3ng v\u00e0 d\u1ec5 b\u1ecb t\u1ed5n th\u01b0\u01a1ng. C\u00e1c m\u1ecf cung c\u1ea5p vi\u1ec7c l\u00e0m \u0111\u00e1ng tin c\u1eady nh\u01b0ng l\u1ea1i r\u00e0ng bu\u1ed9c n\u1ec1n kinh t\u1ebf \u0111\u1ecba ph\u01b0\u01a1ng v\u1edbi nh\u1eefng bi\u1ebfn \u0111\u1ed9ng to\u00e0n c\u1ea7u c\u1ee7a th\u1ecb tr\u01b0\u1eddng n\u0103ng l\u01b0\u1ee3ng. Trong nh\u1eefng n\u0103m ngay sau Th\u1ebf chi\u1ebfn th\u1ee9 hai, c\u01a1 gi\u1edbi h\u00f3a \u0111\u01b0\u1ee3c c\u1ea3i thi\u1ec7n v\u00e0 nhu c\u1ea7u trong n\u01b0\u1edbc \u0111\u00e3 duy tr\u00ec ho\u1ea1t \u0111\u1ed9ng. Tuy nhi\u00ean, \u0111\u1ebfn n\u0103m 1966, m\u1ecf than Zwartberg - t\u1eebng l\u00e0 n\u01a1i ho\u1ea1t \u0111\u1ed9ng nh\u1ed9n nh\u1ecbp - \u0111\u00e3 \u0111\u00f3ng c\u1eeda c\u00e1c tr\u1ee5c c\u1ee7a m\u00ecnh. Winterslag v\u1eabn tr\u1ee5 v\u1eefng cho \u0111\u1ebfn n\u0103m 1986 v\u00e0 Waterschei cho \u0111\u1ebfn n\u0103m 1987; trong v\u00f2ng m\u1ed9t th\u1ebf h\u1ec7, c\u00e1c tr\u1ee5 c\u1ed9t c\u1ee7a s\u1ef1 th\u1ecbnh v\u01b0\u1ee3ng c\u1ee7a Genk \u0111\u00e3 im ti\u1ebfng.<\/p>\n<p>Vi\u1ec7c \u0111\u00f3ng c\u1eeda c\u00e1c h\u1ed1 khai th\u00e1c \u0111\u00e3 \u0111\u1eb7t ra m\u1ed9t th\u00e1ch th\u1ee9c to l\u1edbn. L\u00e0m th\u1ebf n\u00e0o \u0111\u1ec3 thay th\u1ebf h\u00e0ng ch\u1ee5c ngh\u00ecn vi\u1ec7c l\u00e0m t\u1eebng \u0111\u01b0\u1ee3c cung c\u1ea5p b\u1edfi khai th\u00e1c s\u00e2u? C\u00e1c nh\u00e0 l\u00e3nh \u0111\u1ea1o \u0111\u1ecba ph\u01b0\u01a1ng \u0111\u00e3 chuy\u1ec3n sang c\u00e1c con \u0111\u01b0\u1eddng m\u1edbi c\u1ee7a ng\u00e0nh c\u00f4ng nghi\u1ec7p. H\u00e0nh lang Albert Canal thu h\u00fat c\u00e1c c\u00f4ng ty s\u1ea3n xu\u1ea5t nh\u1eb9 v\u00e0 h\u1eadu c\u1ea7n; c\u00e1c xa l\u1ed9 k\u1ebft n\u1ed1i Genk hi\u1ec7u qu\u1ea3 h\u01a1n v\u1edbi Antwerp v\u00e0 Li\u00e8ge. L\u00e0 bi\u1ec3u t\u01b0\u1ee3ng c\u1ee7a c\u1ea3 s\u1ef1 l\u1ea1c quan v\u00e0 t\u00ednh li\u00ean t\u1ee5c, Ford Motor Company \u0111\u00e3 m\u1edf nh\u00e0 m\u00e1y Genk Body &amp; Assembly, t\u1ea1i m\u1ed9t th\u1eddi \u0111i\u1ec3m l\u00e0 nh\u00e0 tuy\u1ec3n d\u1ee5ng l\u1edbn nh\u1ea5t c\u1ee7a th\u1ecb tr\u1ea5n v\u1edbi kho\u1ea3ng n\u0103m ngh\u00ecn nh\u00e2n vi\u00ean. Trong g\u1ea7n ba m\u01b0\u01a1i n\u0103m, nh\u00e0 m\u00e1y \u0111\u00e3 l\u1eafp r\u00e1p c\u00e1c m\u1eabu xe Mondeo sedan, Galaxy v\u00e0 S-MAX, t\u00edch h\u1ee3p Genk v\u00e0o chu\u1ed7i cung \u1ee9ng \u00f4 t\u00f4 to\u00e0n c\u1ea7u. Vi\u1ec7c \u0111\u00f3ng c\u1eeda cu\u1ed1i c\u00f9ng v\u00e0o n\u0103m 2014 \u0111\u00e1nh d\u1ea5u s\u1ef1 k\u1ebft th\u00fac c\u1ee7a m\u1ed9t ch\u01b0\u01a1ng c\u00f4ng nghi\u1ec7p, nh\u01b0ng c\u0169ng mang l\u1ea1i s\u1ef1 c\u1ea5p b\u00e1ch cho vi\u1ec7c t\u00ecm ki\u1ebfm c\u00e1c m\u1ecf neo kinh t\u1ebf m\u1edbi.<\/p>\n<p>C\u00f3 l\u1ebd v\u00ed d\u1ee5 n\u1ed5i b\u1eadt nh\u1ea5t v\u1ec1 t\u00e1i s\u1eed d\u1ee5ng s\u00e1ng t\u1ea1o n\u1eb1m \u1edf vi\u1ec7c chuy\u1ec3n \u0111\u1ed5i \u0111\u1ecba \u0111i\u1ec3m m\u1ecf than Winterslag c\u0169 th\u00e0nh C-Mine. N\u0103m 2000, th\u00e0nh ph\u1ed1 \u0111\u00e3 mua c\u00e1c t\u00f2a nh\u00e0 b\u1ecf hoang t\u1eeb Limburgse Reconversie Maatschappij. Vi\u1ec7c ph\u1ee5c h\u1ed3i ki\u1ebfn \u200b\u200btr\u00fac \u0111\u00e3 \u0111\u1ecbnh h\u00ecnh n\u00ean m\u1ed9t trung t\u00e2m s\u00e1ng t\u1ea1o nh\u1eb1m nu\u00f4i d\u01b0\u1ee1ng c\u00e1c doanh nghi\u1ec7p v\u0103n h\u00f3a v\u00e0 tri th\u1ee9c. \u0110\u1ebfn n\u0103m 2005, c\u00e1i t\u00ean C-Mine \u0111\u01b0\u1ee3c d\u00f9ng \u0111\u1ec3 ch\u1ec9 m\u1ed9t khu ph\u1ee9c h\u1ee3p d\u00e0nh ri\u00eang cho b\u1ed1n ch\u1ee9c n\u0103ng li\u00ean k\u1ebft: gi\u00e1o d\u1ee5c ngh\u1ec1 nghi\u1ec7p, n\u1ec1n kinh t\u1ebf s\u00e1ng t\u1ea1o, tr\u1ea3i nghi\u1ec7m gi\u1ea3i tr\u00ed v\u00e0 s\u1ea3n xu\u1ea5t ngh\u1ec7 thu\u1eadt. M\u1ed9t tr\u01b0\u1eddng cao \u0111\u1eb3ng \u0111\u1ea1i h\u1ecdc \u0111\u00e3 ti\u1ebfp qu\u1ea3n c\u00e1c ph\u00f2ng h\u1ecdc t\u1eebng \u0111\u01b0\u1ee3c s\u1eed d\u1ee5ng \u0111\u1ec3 thay \u0111\u1ed5i thi\u1ebft b\u1ecb khai th\u00e1c; c\u00e1c c\u00f4ng ty kh\u1edfi nghi\u1ec7p v\u00e0 studio thi\u1ebft k\u1ebf \u0111\u00e3 t\u00ecm th\u1ea5y ng\u00f4i nh\u00e0 trong c\u00e1c x\u01b0\u1edfng c\u0169; m\u1ed9t trung t\u00e2m v\u0103n h\u00f3a v\u00e0 r\u1ea1p chi\u1ebfu phim thu h\u00fat du kh\u00e1ch t\u1eeb kh\u1eafp Flanders. Ng\u00e0y nay, C-Mine l\u00e0 n\u01a1i \u0111\u1eb7t tr\u1ee5 s\u1edf c\u1ee7a h\u01a1n b\u1ed1n m\u01b0\u01a1i c\u00f4ng ty v\u00e0 t\u1ed5 ch\u1ee9c, tuy\u1ec3n d\u1ee5ng h\u01a1n ba tr\u0103m chuy\u00ean gia trong c\u00e1c l\u0129nh v\u1ef1c t\u1eeb tr\u00f2 ch\u01a1i v\u00e0 \u1ee9ng d\u1ee5ng \u0111\u1ebfn ngh\u1ec7 thu\u1eadt s\u00e2n kh\u1ea5u v\u00e0 thi\u1ebft k\u1ebf c\u00f4ng nghi\u1ec7p.<\/p>\n<p>B\u1ea3n s\u1eafc c\u1ee7a Genk hi\u1ec7n nay m\u1ed9t ph\u1ea7n d\u1ef1a tr\u00ean nh\u1eefng s\u1ef1 h\u1ed9i t\u1ee5 n\u00e0y\u2014gi\u1eefa qu\u00e1 kh\u1ee9 v\u00e0 t\u01b0\u01a1ng lai, c\u00f4ng nghi\u1ec7p v\u00e0 ngh\u1ec7 thu\u1eadt, cu\u1ed9c s\u1ed1ng \u0111\u1ecba ph\u01b0\u01a1ng v\u00e0 giao l\u01b0u qu\u1ed1c t\u1ebf. Vai tr\u00f2 c\u1ee7a n\u00f3 nh\u01b0 m\u1ed9t trong nh\u1eefng c\u1eeda ng\u00f5 v\u00e0o C\u00f4ng vi\u00ean qu\u1ed1c gia Hoge Kempen, \u0111\u01b0\u1ee3c m\u1edf c\u1eeda v\u00e0o n\u0103m 2006 v\u1edbi t\u01b0 c\u00e1ch l\u00e0 c\u00f4ng vi\u00ean qu\u1ed1c gia \u0111\u1ea7u ti\u00ean c\u1ee7a Flanders, nh\u1ea5n m\u1ea1nh cam k\u1ebft b\u1ea3o t\u1ed3n v\u00e0 t\u00e1i t\u1ea1o c\u1ea3nh quan thi\u00ean nhi\u00ean b\u1ecb t\u00e0n ph\u00e1 b\u1edfi khai th\u00e1c m\u1ecf. Du kh\u00e1ch \u0111i theo nh\u1eefng con \u0111\u01b0\u1eddng m\u00f2n qua nh\u1eefng c\u00e1nh \u0111\u1ed3ng th\u1ea1ch nam v\u00e0 r\u1eebng th\u00f4ng, ho\u1eb7c leo l\u00ean \u0111\u1ed1ng \u0111\u1ed5 n\u00e1t tr\u01b0\u1edbc \u0111\u00e2y \u0111\u01b0\u1ee3c g\u1ecdi l\u00e0 terril \u0111\u1ec3 kh\u1ea3o s\u00e1t m\u1ed9t m\u1ea3ng xanh \u0111ang d\u1ea7n d\u1ea7n kh\u00f4i ph\u1ee5c l\u1ea1i \u0111\u1ea5t \u0111ai. Trong ph\u1ea1m vi th\u00e0nh ph\u1ed1, Bokrijk Estate cung c\u1ea5p m\u1ed9t g\u00f3c nh\u00ecn kh\u00e1c v\u1ec1 di s\u1ea3n: m\u1ed9t b\u1ea3o t\u00e0ng ngo\u00e0i tr\u1eddi, n\u01a1i nh\u1eefng ng\u00f4i nh\u00e0 n\u00f4ng tr\u1ea1i \u0111\u00edch th\u1ef1c, nh\u1eefng ng\u00f4i nh\u00e0 d\u1ec7t v\u00e0 c\u1ed1i xay gi\u00f3 \u0111\u01b0\u1ee3c di d\u1eddi t\u1eeb kh\u1eafp Flanders g\u1ee3i l\u00ean cu\u1ed9c s\u1ed1ng n\u00f4ng th\u00f4n trong th\u1ebf k\u1ef7 XVII \u0111\u1ebfn th\u1ebf k\u1ef7 XIX. V\u00e0o m\u00f9a, nh\u1eefng ng\u01b0\u1eddi phi\u00ean d\u1ecbch m\u1eb7c trang ph\u1ee5c s\u1ebd t\u00e1i hi\u1ec7n l\u1ea1i nh\u1eefng phong t\u1ee5c v\u00e0 ngh\u1ec1 th\u1ee7 c\u00f4ng \u0111\u00e3 qua, h\u01b0\u1edbng d\u1eabn du kh\u00e1ch th\u1ef1c hi\u1ec7n c\u00e1c ho\u1ea1t \u0111\u1ed9ng th\u01b0\u1eddng ng\u00e0y nh\u01b0 r\u00e8n, l\u00e0m ren v\u00e0 n\u01b0\u1edbng b\u00e1nh m\u00ec.<\/p>\n<p>Tuy nhi\u00ean, Genk v\u1eabn gi\u1eef \u0111\u01b0\u1ee3c nhi\u1ec1u d\u1ea5u v\u1ebft th\u00e2n m\u1eadt h\u01a1n v\u1ec1 l\u1ecbch s\u1eed v\u0103n h\u00f3a c\u1ee7a m\u00ecnh. B\u1ea3o t\u00e0ng Emile Van Doren t\u01b0\u1edfng nh\u1edb th\u1ebf h\u1ec7 h\u1ecda s\u0129 phong c\u1ea3nh c\u00f3 m\u1eb7t t\u1ea1i \u0111\u00e2y \u0111\u00e3 b\u1eafc c\u1ea7u nh\u1eefng n\u0103m gi\u1eefa 1840 v\u00e0 1940. C\u00e1c ph\u00f2ng tr\u01b0ng b\u00e0y v\u00e0 x\u01b0\u1edfng v\u1ebd nh\u1ecf r\u1ea3i r\u00e1c \u1edf c\u00e1c khu ph\u1ed1 c\u0169 c\u1ee7a th\u00e0nh ph\u1ed1, v\u00e0 c\u00e1c c\u00f4ng tr\u00ecnh ngh\u1ec7 thu\u1eadt c\u00f4ng c\u1ed9ng n\u00f3i l\u00ean di s\u1ea3n khai th\u00e1c m\u1ecf: m\u1ed9t khung \u0111\u1ea7u \u0111\u1ed3 s\u1ed9 \u0111\u1ee9ng nh\u01b0 m\u1ed9t \u0111i\u1ec3m m\u1ed1c, trong khi nh\u1eefng con \u0111\u01b0\u1eddng m\u00f2n tr\u00ean \u0111\u1ed1ng x\u1ec9 d\u1eabn \u0111\u1ebfn c\u00e1c t\u00e1c ph\u1ea9m \u0111i\u00eau kh\u1eafc kh\u00e9o l\u00e9o do c\u00e1c ngh\u1ec7 s\u0129 \u0111\u1ecba ph\u01b0\u01a1ng v\u00e0 qu\u1ed1c t\u1ebf ch\u1ebf t\u00e1c. Ngay c\u1ea3 C\u00f4ng vi\u00ean \u0110\u1ed3ng h\u1ed3 M\u1eb7t tr\u1eddi c\u0169ng mang \u0111\u1ebfn nhi\u1ec1u h\u01a1n m\u1ed9t s\u1ef1 t\u00f2 m\u00f2 v\u1ec1 m\u1eb7t th\u1eddi gian; c\u00e1c \u0111\u1ed3ng h\u1ed3 b\u1eb1ng \u0111\u00e1 v\u00e0 kim lo\u1ea1i c\u1ee7a c\u00f4ng vi\u00ean n\u00e0y \u00e1m ch\u1ec9 \u0111\u1ebfn c\u00e1c chu k\u1ef3 kh\u00f4ng ch\u1ec9 c\u1ee7a ng\u00e0y m\u00e0 c\u00f2n c\u1ee7a nhi\u1ec1u th\u1ebf h\u1ec7, c\u1ee7a n\u1ed7 l\u1ef1c c\u1ee7a con ng\u01b0\u1eddi \u0111ang tr\u1ed7i d\u1eady v\u00e0 l\u00f9i xa nh\u01b0 cung m\u1eb7t tr\u1eddi.<\/p>\n<p>B\u00ean c\u1ea1nh c\u00e1c doanh nghi\u1ec7p v\u0103n h\u00f3a, \u0111\u1eddi s\u1ed1ng th\u01b0\u01a1ng m\u1ea1i c\u1ee7a Genk v\u1eabn ph\u00e1t tri\u1ec3n m\u1ea1nh m\u1ebd. Khu c\u00f4ng nghi\u1ec7p d\u1ecdc theo K\u00eanh \u0111\u00e0o Albert cung c\u1ea5p vi\u1ec7c l\u00e0m cho h\u01a1n b\u1ed1n m\u01b0\u01a1i l\u0103m ngh\u00ecn ng\u01b0\u1eddi, khi\u1ebfn th\u00e0nh ph\u1ed1 n\u00e0y tr\u1edf th\u00e0nh trung t\u00e2m vi\u1ec7c l\u00e0m quan tr\u1ecdng th\u1ee9 ba \u1edf Flanders sau Antwerp v\u00e0 Ghent. C\u00e1c c\u00f4ng ty h\u1eadu c\u1ea7n ph\u00e2n ph\u1ed1i h\u00e0ng h\u00f3a b\u1eb1ng \u0111\u01b0\u1eddng th\u1ee7y, \u0111\u01b0\u1eddng b\u1ed9 v\u00e0 \u0111\u01b0\u1eddng s\u1eaft; c\u00e1c nh\u00e0 s\u1ea3n xu\u1ea5t s\u1ea3n xu\u1ea5t c\u00e1c b\u1ed9 ph\u1eadn cho c\u00e1c ng\u00e0nh \u00f4 t\u00f4, ch\u1ebf bi\u1ebfn th\u1ef1c ph\u1ea9m v\u00e0 h\u00f3a ch\u1ea5t. M\u1ed9t s\u00e2n bay h\u00e0ng kh\u00f4ng d\u00e2n d\u1ee5ng nh\u1ecf \u1edf ph\u00eda \u0111\u00f4ng b\u1eafc t\u1ea1o \u0111i\u1ec1u ki\u1ec7n cho c\u00e1c chuy\u1ebfn bay v\u00e0 \u0111\u00e0o t\u1ea1o t\u01b0 nh\u00e2n; tuy\u1ebfn \u0111\u01b0\u1eddng s\u1eaft \u0111\u1ebfn Hasselt cung c\u1ea5p d\u1ecbch v\u1ee5 th\u01b0\u1eddng xuy\u00ean cho ng\u01b0\u1eddi \u0111i l\u00e0m v\u00e0 kh\u00e1ch du l\u1ecbch.<\/p>\n<p>Th\u00e0nh t\u00edch th\u1ec3 thao \u0111\u00e3 g\u00f3p ph\u1ea7n t\u1ea1o n\u00ean danh ti\u1ebfng qu\u1ed1c gia c\u1ee7a Genk. C\u00e2u l\u1ea1c b\u1ed9 b\u00f3ng \u0111\u00e1 KRC Genk, \u0111\u01b0\u1ee3c th\u0103ng h\u1ea1ng l\u00ean gi\u1ea3i h\u1ea1ng nh\u1ea5t v\u00e0o n\u0103m 1996, \u0111\u00e3 nhanh ch\u00f3ng kh\u1eb3ng \u0111\u1ecbnh v\u1ecb th\u1ebf c\u1ee7a m\u00ecnh trong s\u1ed1 nh\u1eefng \u0111\u1ed9i b\u00f3ng \u01b0u t\u00fa c\u1ee7a B\u1ec9, gi\u00e0nh ch\u1ee9c v\u00f4 \u0111\u1ecbch gi\u1ea3i \u0111\u1ea5u v\u00e0o c\u00e1c n\u0103m 1999, 2002, 2011 v\u00e0 2019 v\u00e0 n\u00e2ng cao C\u00fap B\u1ec9 n\u0103m l\u1ea7n trong kho\u1ea3ng th\u1eddi gian t\u1eeb n\u0103m 1998 \u0111\u1ebfn n\u0103m 2021. S\u00e2n nh\u00e0 c\u1ee7a c\u00e2u l\u1ea1c b\u1ed9, Luminus Arena, c\u00f3 s\u1ee9c ch\u1ee9a hai m\u01b0\u01a1i l\u0103m ngh\u00ecn kh\u00e1n gi\u1ea3 v\u00e0 t\u1ed5 ch\u1ee9c c\u00e1c bu\u1ed5i h\u00f2a nh\u1ea1c v\u00e0 s\u1ef1 ki\u1ec7n ngo\u00e0i l\u0129nh v\u1ef1c th\u1ec3 thao. C\u00e1c chi\u1ebfn d\u1ecbch ch\u00e2u \u00c2u \u0111\u00e3 c\u1ee7ng c\u1ed1 th\u00eam v\u1ecb th\u1ebf c\u1ee7a Genk: t\u1ea1i UEFA Europa League 2016\u20132017, \u0111\u1ed9i \u0111\u00e3 l\u1ecdt v\u00e0o t\u1ee9 k\u1ebft, \u0111\u00e1nh d\u1ea5u chi\u1ebfn th\u1eafng quy\u1ebft \u0111\u1ecbnh 5\u20132 tr\u01b0\u1edbc \u0111\u1ed1i th\u1ee7 trong n\u01b0\u1edbc KAA Gent. Nh\u1eefng ng\u01b0\u1eddi \u0111am m\u00ea th\u1ec3 thao m\u00f4 t\u00f4 c\u0169ng t\u00ecm th\u1ea5y m\u1ed9t \u0111\u1ecba \u0111i\u1ec3m t\u1ea1i Karting Genk, m\u1ed9t \u0111\u01b0\u1eddng \u0111ua \u0111\u01b0\u1ee3c ch\u1ee9ng nh\u1eadn CIK-FIA \u0111\u00e3 ch\u00e0o \u0111\u00f3n Gi\u1ea3i v\u00f4 \u0111\u1ecbch th\u1ebf gi\u1edbi nhi\u1ec1u l\u1ea7n.<\/p>\n<p>C\u1ea5u tr\u00fac x\u00e3 h\u1ed9i c\u1ee7a th\u00e0nh ph\u1ed1 ph\u1ea3n \u00e1nh l\u1ecbch s\u1eed di c\u01b0 lao \u0111\u1ed9ng c\u1ee7a th\u00e0nh ph\u1ed1. Kho\u1ea3ng m\u1ed9t ph\u1ea7n t\u01b0 c\u01b0 d\u00e2n \u0111\u1ebfn t\u1eeb n\u01b0\u1edbc ngo\u00e0i, \u0111\u1ea1i di\u1ec7n cho kho\u1ea3ng t\u00e1m m\u01b0\u01a1i qu\u1ed1c t\u1ecbch, v\u1edbi c\u00e1c c\u1ed9ng \u0111\u1ed3ng l\u1edbn c\u00f3 ngu\u1ed3n g\u1ed1c t\u1eeb \u00dd, Th\u1ed5 Nh\u0129 K\u1ef3 v\u00e0 Hy L\u1ea1p. D\u00e2n s\u1ed1 Th\u1ed5 Nh\u0129 K\u1ef3 n\u00f3i ri\u00eang l\u00e0 m\u1ed9t trong nh\u1eefng c\u1ed9ng \u0111\u1ed3ng l\u1edbn nh\u1ea5t \u1edf B\u1ec9 so v\u1edbi d\u00e2n s\u1ed1 \u0111\u1ecba ph\u01b0\u01a1ng. Trong khi s\u1ef1 \u0111a d\u1ea1ng nh\u01b0 v\u1eady \u0111\u00f2i h\u1ecfi nh\u1eefng n\u1ed7 l\u1ef1c li\u00ean t\u1ee5c \u0111\u1ec3 h\u1ed9i nh\u1eadp, n\u00f3 c\u0169ng l\u00e0m phong ph\u00fa th\u00eam \u0111\u1eddi s\u1ed1ng v\u0103n h\u00f3a c\u1ee7a Genk: c\u00e1c nh\u00e0 h\u00e0ng d\u00e2n t\u1ed9c, l\u1ec5 h\u1ed9i \u00e2m nh\u1ea1c v\u00e0 khi\u00eau v\u0169 c\u1ee7a v\u00f9ng, v\u00e0 c\u00e1c hi\u1ec7p h\u1ed9i b\u1ea3o t\u1ed3n ng\u00f4n ng\u1eef v\u00e0 di s\u1ea3n l\u00e0m s\u00f4i \u0111\u1ed9ng m\u00f4i tr\u01b0\u1eddng \u0111\u00f4 th\u1ecb.<\/p>\n<p>L\u1ecbch s\u1ef1 ki\u1ec7n th\u01b0\u1eddng ni\u00ean c\u1ee7a Genk c\u00e2n b\u1eb1ng gi\u1eefa truy\u1ec1n th\u1ed1ng v\u00e0 \u0111\u1ed5i m\u1edbi. M\u00f9a l\u1ec5 h\u1ed9i, g\u1eafn li\u1ec1n v\u1edbi l\u1ecbch ph\u1ee5ng v\u1ee5, di\u1ec5n ra v\u00e0o kho\u1ea3ng Th\u1ee9 T\u01b0 L\u1ec5 Tro v\u1edbi c\u00e1c cu\u1ed9c di\u1ec5u h\u00e0nh \u0111\u1ea7y m\u00e0u s\u1eafc v\u00e0 v\u0169 h\u1ed9i h\u00f3a trang. V\u00e0o m\u00f9a xu\u00e2n, th\u00e0nh ph\u1ed1 t\u00f4n vinh N\u1eef ho\u00e0ng th\u00e1ng N\u0103m b\u1eb1ng m\u1ed9t cu\u1ed9c di\u1ec5u h\u00e0nh hoa k\u1ebft th\u00fac b\u1eb1ng m\u00e0n b\u1eafn ph\u00e1o hoa, m\u1ed9t c\u1ea3nh t\u01b0\u1ee3ng thu h\u00fat du kh\u00e1ch t\u1eeb kh\u1eafp Limburg. Cu\u1ed1i m\u00f9a thu t\u1eebng ch\u1ee9ng ki\u1ebfn \u200b\u200bL\u1ec5 h\u1ed9i Motives, m\u1ed9t cu\u1ed9c t\u1ee5 h\u1ecdp c\u1ee7a nh\u1eefng d\u00f2ng nh\u1ea1c jazz m\u1edbi; m\u1eb7c d\u00f9 l\u1ec5 h\u1ed9i \u0111\u00f3 \u0111\u00e3 b\u1ecb ng\u1eebng, Genk v\u1eabn t\u1ed5 ch\u1ee9c c\u00e1c bu\u1ed5i t\u1ed1i \u00e2m nh\u1ea1c t\u1ea1i C-Mine v\u00e0 Europlanetarium, n\u01a1i c\u00e1c bu\u1ed5i h\u00f2a nh\u1ea1c d\u01b0\u1edbi m\u00e1i v\u00f2m k\u1ebft h\u1ee3p \u00e2m nh\u1ea1c v\u1edbi h\u00ecnh \u1ea3nh chi\u1ebfu \u0111\u1eafm ch\u00ecm. N\u0103m 2012, Genk chia s\u1ebb nhi\u1ec7m v\u1ee5 t\u1ed5 ch\u1ee9c Manifesta, Li\u00ean hoan ngh\u1ec7 thu\u1eadt \u0111\u01b0\u01a1ng \u0111\u1ea1i ch\u00e2u \u00c2u, li\u00ean k\u1ebft v\u1edbi c\u00e1c n\u1ec1n t\u1ea3ng qu\u1ed1c t\u1ebf nh\u01b0 Venice v\u00e0 Kassel v\u00e0 ch\u1ee9ng minh n\u0103ng l\u1ef1c c\u1ee7a m\u00ecnh trong vi\u1ec7c tr\u1edf th\u00e0nh s\u00e2n kh\u1ea5u cho c\u00e1c cu\u1ed9c trao \u0111\u1ed5i v\u0103n h\u00f3a c\u1ea5p cao.<\/p>\n<p>B\u1ea5t ch\u1ea5p s\u1ef1 \u1ea3nh h\u01b0\u1edfng n\u1eb7ng n\u1ec1 c\u1ee7a ng\u00e0nh c\u00f4ng nghi\u1ec7p, Genk ng\u00e0y nay c\u00e2n b\u1eb1ng b\u1ea3n s\u1eafc c\u1ee7a m\u00ecnh gi\u1eefa th\u00e9p v\u00e0 m\u00e1y b\u1ea5m ghim, gi\u1eefa k\u00fd \u1ee9c l\u1ecbch s\u1eed v\u00e0 kh\u1ea3 n\u0103ng t\u01b0\u01a1ng lai. \u0110\u01b0\u1ee3c \u0111\u1eb7t bi\u1ec7t danh l\u00e0 De Groene Stad, hay Th\u00e0nh ph\u1ed1 Xanh, th\u00e0nh ph\u1ed1 n\u00e0y v\u1eabn gi\u1eef \u0111\u01b0\u1ee3c nh\u1eefng m\u1ea3nh r\u1eebng v\u00e0 \u0111\u1ed3ng c\u1ecf trong ranh gi\u1edbi th\u00e0nh ph\u1ed1. Khu b\u1ea3o t\u1ed3n thi\u00ean nhi\u00ean De Maten, m\u1ed9t b\u1ee9c tranh kh\u1ea3m c\u1ee7a \u0111\u1ea5t ng\u1eadp n\u01b0\u1edbc v\u00e0 r\u1eebng c\u00e2y g\u1ea7n trung t\u00e2m th\u00e0nh ph\u1ed1, v\u1eeba l\u00e0 n\u01a1i tr\u00fa \u1ea9n cho \u0111\u1ed9ng v\u1eadt hoang d\u00e3 v\u1eeba l\u00e0 thi\u00ean \u0111\u01b0\u1eddng gi\u1ea3i tr\u00ed cho c\u01b0 d\u00e2n. Kattevennen, c\u00f4ng vi\u00ean gi\u1ea3i tr\u00ed b\u00ean c\u1ea1nh Europlanetarium, cung c\u1ea5p nh\u1eefng con \u0111\u01b0\u1eddng m\u00f2n, tri\u1ec3n l\u00e3m t\u01b0\u01a1ng t\u00e1c v\u00e0 s\u00e2n ch\u01a1i gi\u1eefa nh\u1eefng kh\u00f4ng gian m\u1edf. M\u1ed9t m\u1ea1ng l\u01b0\u1edbi \u0111\u01b0\u1eddng d\u00e0nh cho xe \u0111\u1ea1p \u0111an xen qua c\u00e1c \u0111\u1ecba \u0111i\u1ec3m khai th\u00e1c tr\u01b0\u1edbc \u0111\u00e2y v\u00e0 d\u1ecdc theo k\u00eanh \u0111\u00e0o, m\u1eddi g\u1ecdi kh\u00e1m ph\u00e1 c\u1ea3 thi\u00ean nhi\u00ean v\u00e0 di s\u1ea3n.<\/p>\n<p>Khi Genk ti\u1ebfp t\u1ee5c ph\u00e1t tri\u1ec3n, n\u00f3 v\u1eabn neo gi\u1eef trong nh\u1eefng c\u00e2u chuy\u1ec7n ph\u1ee9c t\u1ea1p v\u1ec1 qu\u00e1 kh\u1ee9 c\u1ee7a Limburg. Ngu\u1ed3n g\u1ed1c Celtic, m\u1ed1i quan h\u1ec7 th\u1eddi trung c\u1ed5 v\u00e0 truy\u1ec1n th\u1ed1ng n\u00f4ng nghi\u1ec7p c\u1ee7a n\u00f3 \u0111\u00e3 t\u1ea1o n\u00ean b\u1ed1i c\u1ea3nh cho s\u1ef1 xen k\u1ebd ngh\u1ec7 thu\u1eadt c\u1ee7a th\u1ebf k\u1ef7 XIX, ch\u1ec9 \u0111\u1ec3 b\u1ecb v\u01b0\u1ee3t qua b\u1edfi ti\u1ebfng g\u1ea7m r\u00fa c\u1ee7a c\u01a1 gi\u1edbi h\u00f3a ch\u1ea1y b\u1eb1ng than. S\u1ef1 chuy\u1ec3n m\u00ecnh h\u1eadu c\u00f4ng nghi\u1ec7p, \u0111\u01b0\u1ee3c \u0111\u00e1nh d\u1ea5u b\u1eb1ng vi\u1ec7c \u0111\u00f3ng c\u1eeda c\u00e1c h\u1ed1 v\u00e0 s\u1ef1 xu\u1ea5t hi\u1ec7n c\u1ee7a n\u1ec1n kinh t\u1ebf s\u00e1ng t\u1ea1o, \u0111\u00e3 \u0111\u1ecbnh ngh\u0129a l\u1ea1i tri\u1ec3n v\u1ecdng c\u1ee7a th\u1ecb tr\u1ea5n m\u00e0 kh\u00f4ng x\u00f3a b\u1ecf l\u1ecbch s\u1eed c\u1ee7a n\u00f3. Tr\u00ean nh\u1eefng con ph\u1ed1 v\u00e0 qu\u1ea3ng tr\u01b0\u1eddng, trong \u0111\u01b0\u1eddng cong c\u1ee7a m\u1ed9t khung \u0111\u1ea7u \u0111\u01b0\u1ee3c ph\u1ee5c h\u1ed3i v\u00e0 \u0111\u1ec9nh nh\u1ecdn c\u1ee7a m\u1ed9t nh\u00e0 th\u1edd h\u00e0ng th\u1ebf k\u1ef7, nh\u1eefng l\u1edbp k\u00fd \u1ee9c c\u1ee7a th\u00e0nh ph\u1ed1 v\u1eabn c\u00f2n hi\u1ec7n h\u1eefu. Tuy nhi\u00ean, ch\u00ednh trong cu\u1ed9c s\u1ed1ng h\u00e0ng ng\u00e0y c\u1ee7a g\u1ea7n s\u00e1u m\u01b0\u01a1i l\u0103m ngh\u00ecn c\u01b0 d\u00e2n, n\u00f3i h\u00e0ng ch\u1ee5c th\u1ee9 ti\u1ebfng, l\u00e0m vi\u1ec7c trong c\u00e1c nh\u00e0 m\u00e1y, x\u01b0\u1edfng v\u00e0 v\u0103n ph\u00f2ng, c\u00e2u chuy\u1ec7n c\u1ee7a Genk t\u00ecm th\u1ea5y s\u1ef1 th\u1ec3 hi\u1ec7n \u0111\u1ea7y \u0111\u1ee7 nh\u1ea5t c\u1ee7a n\u00f3 - m\u1ed9t c\u00e2u chuy\u1ec7n v\u1eabn \u0111ang di\u1ec5n ra t\u1ea1i n\u01a1i giao thoa c\u1ee7a \u0111\u1ea5t, n\u01b0\u1edbc, lao \u0111\u1ed9ng v\u00e0 ngh\u1ec7 thu\u1eadt.<\/p>","protected":false},"excerpt":{"rendered":"<p>Genk, thu\u1ed9c t\u1ec9nh Limburg c\u1ee7a B\u1ec9, l\u00e0 minh h\u1ecda r\u00f5 nh\u1ea5t cho t\u00e1c \u0111\u1ed9ng c\u1ee7a c\u00f4ng nghi\u1ec7p h\u00f3a v\u00e0 s\u1ef1 \u0111a d\u1ea1ng v\u0103n h\u00f3a. V\u1edbi d\u00e2n s\u1ed1 kho\u1ea3ng 65.000 ng\u01b0\u1eddi, th\u00e0nh ph\u1ed1 n\u00e0y \u0111\u00e3 ph\u00e1t tri\u1ec3n t\u1eeb m\u1ed9t ng\u00f4i l\u00e0ng nh\u1ecf th\u00e0nh m\u1ed9t trung t\u00e2m c\u00f4ng nghi\u1ec7p quan tr\u1ecdng c\u1ee7a Flanders. N\u1eb1m d\u1ecdc theo K\u00eanh \u0111\u00e0o Albert gi\u1eefa Antwerp v\u00e0 Li\u00e8ge, Genk \u0111\u00e3 tr\u1edf th\u00e0nh m\u1ed9t trung t\u00e2m ch\u00ednh trong h\u1ec7 th\u1ed1ng kinh t\u1ebf c\u1ee7a B\u1ec9 g\u1ea7n th\u1ee7 ph\u1ee7 c\u1ee7a t\u1ec9nh l\u00e0 Hasselt.<\/p>","protected":false},"author":1,"featured_media":3338,"parent":14562,"menu_order":0,"comment_status":"closed","ping_status":"closed","template":"elementor_theme","meta":{"_eb_attr":"","footnotes":""},"class_list":["post-14583","page","type-page","status-publish","has-post-thumbnail"],"_links":{"self":[{"href":"https:\/\/travelshelper.com\/vi\/wp-json\/wp\/v2\/pages\/14583","targetHints":{"allow":["GET"]}}],"collection":[{"href":"https:\/\/travelshelper.com\/vi\/wp-json\/wp\/v2\/pages"}],"about":[{"href":"https:\/\/travelshelper.com\/vi\/wp-json\/wp\/v2\/types\/page"}],"author":[{"embeddable":true,"href":"https:\/\/travelshelper.com\/vi\/wp-json\/wp\/v2\/users\/1"}],"replies":[{"embeddable":true,"href":"https:\/\/travelshelper.com\/vi\/wp-json\/wp\/v2\/comments?post=14583"}],"version-history":[{"count":0,"href":"https:\/\/travelshelper.com\/vi\/wp-json\/wp\/v2\/pages\/14583\/revisions"}],"up":[{"embeddable":true,"href":"https:\/\/travelshelper.com\/vi\/wp-json\/wp\/v2\/pages\/14562"}],"wp:featuredmedia":[{"embeddable":true,"href":"https:\/\/travelshelper.com\/vi\/wp-json\/wp\/v2\/media\/3338"}],"wp:attachment":[{"href":"https:\/\/travelshelper.com\/vi\/wp-json\/wp\/v2\/media?parent=14583"}],"curies":[{"name":"wp","href":"https:\/\/api.w.org\/{rel}","templated":true}]}}