{"id":14509,"date":"2024-09-19T16:33:51","date_gmt":"2024-09-19T16:33:51","guid":{"rendered":"https:\/\/travelshelper.com\/staging\/?page_id=14509"},"modified":"2026-03-11T22:29:27","modified_gmt":"2026-03-11T22:29:27","slug":"jahorina","status":"publish","type":"page","link":"https:\/\/travelshelper.com\/vi\/destinations\/europe\/bosnia-and-herzegovina\/jahorina\/","title":{"rendered":"Jahorina"},"content":{"rendered":"<p>N\u1eb1m t\u1ea1i n\u01a1i h\u1ee3p l\u01b0u c\u1ee7a ba th\u00e0nh ph\u1ed1\u2014Pale v\u00e0 Trnovo thu\u1ed9c th\u1ef1c th\u1ec3 Republika Srpska, v\u00e0 Trnovo thu\u1ed9c Li\u00ean bang Bosnia v\u00e0 Herzegovina\u2014l\u00e0 Jahorina, m\u1ed9t ng\u1ecdn n\u00fai h\u00f9ng v\u0129 t\u0129nh l\u1eb7ng \u1edf ph\u00eda \u0111\u00f4ng Bosnia v\u00e0 Herzegovina. L\u00e0 m\u1ed9t ph\u1ea7n c\u1ee7a d\u00e3y n\u00fai Dinaric Alps g\u1ed3 gh\u1ec1, Jahorina s\u1eebng s\u1eefng nh\u01b0 m\u1ed9t ng\u01b0\u1eddi l\u00ednh canh im l\u1eb7ng \u1edf ph\u00eda \u0111\u00f4ng N\u00fai Trebevi\u0107. \u0110\u1ec9nh cao nh\u1ea5t c\u1ee7a n\u00f3, \u0111\u01b0\u1ee3c g\u1ecdi l\u00e0 Ogorjelica, \u0111\u1ea1t \u0111\u1ed9 cao 1.916 m\u00e9t. C\u00f9ng v\u1edbi nh\u1eefng ng\u01b0\u1eddi b\u1ea3o v\u1ec7 mi\u1ec1n n\u00fai c\u1ee7a Sarajevo, Ogorjelica ch\u1ec9 \u0111\u1ee9ng sau Bjela\u0161nica, cao t\u1edbi 2.067 m\u00e9t. M\u1eb7c d\u00f9 \u0111\u01b0\u1eddng vi\u1ec1n c\u1ee7a n\u00f3 kh\u1eafc nghi\u1ec7t so v\u1edbi \u0111\u01b0\u1eddng ch\u00e2n tr\u1eddi, nh\u01b0ng c\u00e1c s\u01b0\u1eddn d\u1ed1c c\u1ee7a Jahorina \u0111\u00e3 ph\u00e1t tri\u1ec3n t\u1eeb nh\u1eefng \u0111\u1ed3ng c\u1ecf cao nguy\u00ean th\u01b0a th\u1edbt th\u00e0nh m\u1ed9t \u0111\u1ecba \u0111i\u1ec3m c\u1ee7a m\u00f4n th\u1ec3 thao tr\u00ean n\u00fai cao v\u00e0 k\u00fd \u1ee9c c\u1ed9ng \u0111\u1ed3ng trong h\u01a1n m\u1ed9t th\u1ebf k\u1ef7.<\/p>\n<p>\u0110\u1eb7c \u0111i\u1ec3m v\u1eadt l\u00fd c\u1ee7a ng\u1ecdn n\u00fai \u0111\u01b0\u1ee3c h\u00ecnh th\u00e0nh b\u1edfi x\u01b0\u01a1ng s\u1ed1ng \u0111\u00e1 v\u00f4i, c\u00e1c s\u01b0\u1eddn n\u00fai \u0111\u01b0\u1ee3c t\u1ea1o th\u00e0nh b\u1edfi h\u00e0ng thi\u00ean ni\u00ean k\u1ef7 b\u0103ng gi\u00e1 v\u00e0 tan ch\u1ea3y. Tr\u00ean \u0111\u1ed9 cao 1.300 m\u00e9t, nh\u1eefng c\u00e1nh r\u1eebng s\u1ed3i v\u00e0 v\u00e2n sam r\u1eadm r\u1ea1p nh\u01b0\u1eddng ch\u1ed7 cho nh\u1eefng m\u1ecfm \u0111\u00e1 v\u00e0 c\u1ecf c\u1eadn n\u00fai cao. Nh\u1eefng khu r\u1eebng n\u00e0y che ch\u1edf cho m\u1ed9t h\u1ec7 \u0111\u1ed9ng v\u1eadt khi\u00eam t\u1ed1n\u2014s\u01a1n d\u01b0\u01a1ng, h\u01b0\u01a1u v\u00e0 th\u1ec9nh tho\u1ea3ng l\u00e0 ti\u1ebfng v\u1ecdng xa xa c\u1ee7a ti\u1ebfng s\u00f3i k\u00eau. M\u00f9a \u0111\u00f4ng ph\u1ee7 l\u00ean c\u00e1c s\u01b0\u1eddn n\u00fai m\u1ed9t l\u1edbp tuy\u1ebft k\u00e9o d\u00e0i trung b\u00ecnh 175 ng\u00e0y m\u1ed7i n\u0103m, t\u1eeb \u0111\u1ea7u th\u00e1ng 10 \u0111\u1ebfn cu\u1ed1i th\u00e1ng 5. V\u00e0o th\u00e1ng 2, l\u01b0\u1ee3ng tuy\u1ebft t\u00edch t\u1ee5 t\u1ef1 nhi\u00ean th\u01b0\u1eddng cao h\u01a1n m\u1ed9t m\u00e9t, mang l\u1ea1i c\u1ea3m gi\u00e1c l\u00e2u d\u00e0i cho c\u00e1c ho\u1ea1t \u0111\u1ed9ng s\u00f4i n\u1ed5i nh\u1ea5t c\u1ee7a m\u00f9a.<\/p>\n<p>Ghi ch\u00e9p v\u1ec1 tr\u01b0\u1ee3t tuy\u1ebft tr\u00ean Jahorina c\u00f3 t\u1eeb cu\u1ed1i th\u1ebf k\u1ef7 XIX, khi ch\u00ednh quy\u1ec1n \u00c1o-Hung l\u1eadp b\u1ea3n \u0111\u1ed3 v\u00f9ng cao nguy\u00ean v\u00e0 ghi nh\u1eadn nh\u1eefng l\u1ea7n xu\u1ed1ng d\u1ed1c th\u1eed nghi\u1ec7m \u0111\u1ea7u ti\u00ean c\u1ee7a nh\u1eefng ng\u01b0\u1eddi \u0111am m\u00ea \u0111\u1ecba ph\u01b0\u01a1ng. Hai th\u1ebf h\u1ec7 sau, v\u00e0o n\u0103m 1923, ho\u1ea1t \u0111\u1ed9ng du l\u1ecbch c\u00f3 t\u1ed5 ch\u1ee9c \u0111\u00e3 b\u1eaft \u0111\u1ea7u v\u1edbi vi\u1ec7c th\u00e0nh l\u1eadp ch\u00ednh th\u1ee9c m\u1ed9t khu ngh\u1ec9 d\u01b0\u1ee1ng tr\u01b0\u1ee3t tuy\u1ebft. Trong nh\u1eefng n\u0103m gi\u1eefa hai cu\u1ed9c chi\u1ebfn tranh, m\u1ed9t nh\u00e0 ngh\u1ec9 tr\u00ean n\u00fai khi\u00eam t\u1ed1n ph\u1ee5c v\u1ee5 du kh\u00e1ch, trong khi c\u00e1c \u0111\u01b0\u1eddng tr\u01b0\u1ee3t tuy\u1ebft xu\u1ea5t hi\u1ec7n tr\u00ean nh\u1eefng con d\u1ed1c cao h\u01a1n. \u0110\u1ebfn n\u0103m 1937, Jahorina \u0111\u00e3 t\u1ed5 ch\u1ee9c cu\u1ed9c di\u1ec5u h\u00e0nh tr\u01b0\u1ee3t tuy\u1ebft Nam T\u01b0 \u0111\u1ea7u ti\u00ean, m\u1ed9t cu\u1ed9c t\u1ee5 h\u1ecdp b\u00e1o hi\u1ec7u c\u1ea3 s\u1ef1 quan t\u00e2m ng\u00e0y c\u00e0ng t\u0103ng \u0111\u1ed1i v\u1edbi m\u00f4n th\u1ec3 thao m\u1edbi m\u1ebb n\u00e0y v\u00e0 ti\u1ec1m n\u0103ng c\u1ee7a ng\u1ecdn n\u00fai nh\u01b0 m\u1ed9t trung t\u00e2m th\u1ec3 thao m\u00f9a \u0111\u00f4ng trong khu v\u1ef1c.<\/p>\n<p>H\u1eadu qu\u1ea3 c\u1ee7a Th\u1ebf chi\u1ebfn th\u1ee9 hai \u0111\u00e3 mang l\u1ea1i s\u1ef1 ch\u00fa \u00fd m\u1edbi cho Jahorina. N\u0103m 1955, ng\u1ecdn n\u00fai n\u00e0y ch\u00e0o \u0111\u00f3n \u201cTu\u1ea7n l\u1ec5 m\u00f9a \u0111\u00f4ng c\u1ee7a sinh vi\u00ean qu\u1ed1c t\u1ebf\u201d, ti\u1ec1n th\u00e2n c\u1ee7a \u0110\u1ea1i h\u1ed9i th\u1ec3 thao sinh vi\u00ean m\u00f9a \u0111\u00f4ng ch\u00ednh th\u1ee9c \u0111\u01b0\u1ee3c t\u1ed5 ch\u1ee9c n\u0103m n\u0103m sau t\u1ea1i Chamonix, Ph\u00e1p. S\u1ef1 ki\u1ec7n n\u00e0y \u0111\u00e3 c\u1ee7ng c\u1ed1 c\u01a1 s\u1edf h\u1ea1 t\u1ea7ng \u0111\u1ecba ph\u01b0\u01a1ng v\u00e0 gieo m\u1ea7m cho m\u1ed9t s\u00e2n kh\u1ea5u th\u1eadm ch\u00ed c\u00f2n ho\u00e0nh tr\u00e1ng h\u01a1n.<\/p>\n<p>S\u00e2n kh\u1ea5u \u0111\u00f3 di\u1ec5n ra v\u00e0o th\u00e1ng 2 n\u0103m 1984, khi Sarajevo tr\u1edf th\u00e0nh th\u00e0nh ph\u1ed1 \u0111\u0103ng cai Th\u1ebf v\u1eadn h\u1ed9i m\u00f9a \u0111\u00f4ng l\u1ea7n th\u1ee9 m\u01b0\u1eddi b\u1ed1n. Jahorina \u0111\u01b0\u1ee3c ch\u1ecdn \u0111\u1ec3 t\u1ed5 ch\u1ee9c c\u00e1c s\u1ef1 ki\u1ec7n tr\u01b0\u1ee3t tuy\u1ebft \u0111\u1ed5 \u0111\u00e8o d\u00e0nh cho n\u1eef. T\u1eeb ng\u00e0y 8 \u0111\u1ebfn ng\u00e0y 19 th\u00e1ng \u0111\u00f3, c\u00e1c s\u01b0\u1eddn d\u1ed1c \u0111\u00e3 ch\u1ee9ng ki\u1ebfn \u200b\u200bnh\u1eefng v\u1eadn \u0111\u1ed9ng vi\u00ean tr\u01b0\u1ee3t tuy\u1ebft gi\u1ecfi nh\u1ea5t th\u1ebf gi\u1edbi t\u1ea1o n\u00ean nh\u1eefng \u0111\u01b0\u1eddng tr\u01b0\u1ee3t m\u1edbi \u0111\u01b0\u1ee3c ch\u0103m s\u00f3c. \u0110\u1ec3 ghi nh\u1eadn vai tr\u00f2 Olympic c\u1ee7a m\u00ecnh, khu ngh\u1ec9 d\u01b0\u1ee1ng sau \u0111\u00f3 \u0111\u00e3 \u0111\u01b0\u1ee3c ch\u1ec9 \u0111\u1ecbnh l\u00e0 \u201cTrung t\u00e2m Olympic Jahorina\u201d, m\u1ed9t danh hi\u1ec7u nh\u1ea5n m\u1ea1nh v\u1ecb th\u1ebf c\u1ee7a n\u01a1i n\u00e0y trong c\u1ea3 c\u00e1c gi\u1ea3i \u0111\u1ea5u qu\u1ed1c gia v\u00e0 qu\u1ed1c t\u1ebf.<\/p>\n<p>Trong nh\u1eefng th\u1eadp k\u1ef7 ti\u1ebfp theo, khu ngh\u1ec9 d\u01b0\u1ee1ng v\u1eabn l\u00e0 \u0111i\u1ec3m \u0111\u1ebfn c\u1ed1 \u0111\u1ecbnh c\u1ee7a du l\u1ecbch m\u00f9a \u0111\u00f4ng Bosnia, nh\u01b0ng c\u01a1 s\u1edf h\u1ea1 t\u1ea7ng c\u1ee7a n\u00f3 \u0111\u00e3 c\u0169. B\u1eaft \u0111\u1ea7u t\u1eeb n\u0103m 2012, m\u1ed9t lo\u1ea1t c\u00e1c kho\u1ea3n \u0111\u1ea7u t\u01b0 \u0111\u1ed3ng b\u1ed9 \u0111\u00e3 t\u00ecm c\u00e1ch hi\u1ec7n \u0111\u1ea1i h\u00f3a c\u00e1c c\u01a1 s\u1edf n\u00e2ng c\u1ee7a ng\u1ecdn n\u00fai. Trong kho\u1ea3ng th\u1eddi gian s\u00e1u n\u0103m, c\u00e1c nh\u00e0 \u0111i\u1ec1u h\u00e0nh \u0111\u00e3 thay th\u1ebf c\u00e1c h\u1ec7 th\u1ed1ng l\u1ed7i th\u1eddi b\u1eb1ng t\u00e1m gh\u1ebf n\u00e2ng m\u1edbi do Leitner Group cung c\u1ea5p. C\u00e1c c\u01a1 s\u1edf n\u00e0y \u0111\u00e3 c\u1ea3i thi\u1ec7n n\u0103ng l\u1ef1c v\u00e0 gi\u1ea3m th\u1eddi gian ch\u1edd \u0111\u1ee3i, m\u1edf \u0111\u01b0\u1eddng cho nh\u1eefng c\u1ea3i ti\u1ebfn h\u01a1n n\u1eefa.<\/p>\n<p>\u0110\u1ebfn n\u0103m 2017, s\u1ef1 ch\u00fa \u00fd chuy\u1ec3n sang \u0111\u1ed9 tin c\u1eady c\u1ee7a tuy\u1ebft. M\u1ed9t m\u1ea1ng l\u01b0\u1edbi t\u1ea1o tuy\u1ebft r\u1ed9ng l\u1edbn \u0111\u00e3 \u0111\u01b0\u1ee3c \u0111\u1eb7t tr\u00ean c\u00e1c s\u01b0\u1eddn d\u1ed1c, \u0111\u01b0\u1ee3c cung c\u1ea5p b\u1edfi m\u1ed9t h\u1ed3 nh\u00e2n t\u1ea1o l\u1edbn n\u1eb1m g\u1ea7n \u0111\u1ec9nh. V\u00e0o th\u00e1ng 12 n\u0103m 2018, khu ngh\u1ec9 d\u01b0\u1ee1ng \u0111\u00e3 k\u00edch ho\u1ea1t h\u1ec7 th\u1ed1ng m\u1edbi, \u0111\u1ea3m b\u1ea3o r\u1eb1ng m\u1ecdi \u0111\u01b0\u1eddng tr\u01b0\u1ee3t tuy\u1ebft\u2014b\u1ea5t k\u1ec3 l\u01b0\u1ee3ng tuy\u1ebft r\u01a1i t\u1ef1 nhi\u00ean\u2014\u0111\u1ec1u c\u00f3 th\u1ec3 \u0111\u01b0\u1ee3c ph\u1ee7 ho\u00e0n to\u00e0n b\u1eb1ng tuy\u1ebft do m\u00e1y t\u1ea1o ra. S\u1ef1 ph\u00e1t tri\u1ec3n n\u00e0y kh\u00f4ng ch\u1ec9 k\u00e9o d\u00e0i m\u00f9a m\u00e0 c\u00f2n n\u00e2ng cao ti\u00eau chu\u1ea9n v\u1ec1 ch\u1ea5t l\u01b0\u1ee3ng tuy\u1ebft tr\u00ean to\u00e0n khu v\u1ef1c d\u1ecbch v\u1ee5.<\/p>\n<p>Ng\u00e0y nay, Trung t\u00e2m Olympic Jahorina l\u00e0 khu ngh\u1ec9 d\u01b0\u1ee1ng tr\u01b0\u1ee3t tuy\u1ebft l\u1edbn nh\u1ea5t v\u00e0 \u0111\u01b0\u1ee3c lui t\u1edbi nhi\u1ec1u nh\u1ea5t t\u1ea1i Bosnia v\u00e0 Herzegovina. H\u01a1n 185.000 du kh\u00e1ch \u0111\u00e3 \u0111i qua c\u00e1c tuy\u1ebfn c\u00e1p treo c\u1ee7a n\u01a1i n\u00e0y trong n\u0103m 2018\u2014m\u1ed9t \u0111\u1ec9nh cao ch\u01b0a t\u1eebng th\u1ea5y k\u1ec3 t\u1eeb th\u1eddi ho\u00e0ng kim c\u1ee7a nh\u1eefng n\u0103m 1980. Ngo\u00e0i tr\u01b0\u1ee3t tuy\u1ebft tr\u00ean n\u00fai cao v\u00e0 tr\u01b0\u1ee3t v\u00e1n tr\u00ean tuy\u1ebft, ng\u1ecdn n\u00fai n\u00e0y c\u00f2n thu h\u00fat nh\u1eefng ng\u01b0\u1eddi \u0111i b\u1ed9 \u0111\u01b0\u1eddng d\u00e0i v\u00e0 nh\u1eefng ng\u01b0\u1eddi \u0111am m\u00ea tr\u01b0\u1ee3t tuy\u1ebft trong nh\u1eefng th\u00e1ng m\u00f9a \u0111\u00f4ng. M\u1ed9t m\u1ea1ng l\u01b0\u1edbi c\u00e1c \u0111\u01b0\u1eddng tr\u01b0\u1ee3t tuy\u1ebft xuy\u00ean qu\u1ed1c gia v\u00e0 tr\u01b0\u1ee3t tuy\u1ebft B\u1eafc \u00c2u \u0111an xen qua c\u00e1c khu r\u1eebng, trong khi \u0111\u00e8n pha tr\u00ean \u0111\u01b0\u1eddng tr\u01b0\u1ee3t Poljice cho ph\u00e9p tr\u01b0\u1ee3t xu\u1ed1ng v\u00e0o ban \u0111\u00eam d\u01b0\u1edbi \u00e1nh s\u00e1ng d\u1ecbu nh\u1eb9.<\/p>\n<p>V\u00e0o th\u00e1ng 2 n\u0103m 2019, Jahorina m\u1ed9t l\u1ea7n n\u1eefa \u0111\u1ea3m nh\u1eadn vai tr\u00f2 qu\u1ed1c t\u1ebf, tr\u1edf th\u00e0nh m\u1ed9t trong nh\u1eefng \u0111\u1ecba \u0111i\u1ec3m t\u1ed5 ch\u1ee9c L\u1ec5 h\u1ed9i Olympic m\u00f9a \u0111\u00f4ng d\u00e0nh cho thanh thi\u1ebfu ni\u00ean ch\u00e2u \u00c2u. C\u00e1c v\u1eadn \u0111\u1ed9ng vi\u00ean tr\u1ebb t\u1eeb kh\u1eafp l\u1ee5c \u0111\u1ecba \u0111\u00e3 tham gia c\u00e1c s\u1ef1 ki\u1ec7n tr\u01b0\u1ee3t tuy\u1ebft ph\u1ea3n \u00e1nh di s\u1ea3n Olympic c\u1ee7a ng\u1ecdn n\u00fai, kh\u1eb3ng \u0111\u1ecbnh l\u1ea1i v\u1ecb tr\u00ed c\u1ee7a n\u00f3 tr\u00ean b\u1ea3n \u0111\u1ed3 th\u1ec3 thao m\u00f9a \u0111\u00f4ng ch\u00e2u \u00c2u.<\/p>\n<p>\u0110\u1ed9 cao t\u1ea1i khu ngh\u1ec9 d\u01b0\u1ee1ng dao \u0111\u1ed9ng t\u1eeb ch\u00e2n n\u00fai 1.300 m\u00e9t \u0111\u1ebfn tr\u1ea1m n\u00e2ng \u0111\u1ec9nh n\u00fai \u1edf \u0111\u1ed9 cao 1.890 m\u00e9t. H\u01a1n hai m\u01b0\u01a1i l\u0103m km \u0111\u01b0\u1eddng tr\u01b0\u1ee3t tuy\u1ebft \u0111\u01b0\u1ee3c \u0111\u00e1nh d\u1ea5u \u0111\u00e1p \u1ee9ng m\u1ecdi tr\u00ecnh \u0111\u1ed9, m\u1eb7c d\u00f9 m\u1ed9t s\u1ed1 ngu\u1ed3n tr\u00edch d\u1eabn l\u00ean \u0111\u1ebfn b\u1ed1n m\u01b0\u01a1i b\u1ea3y km khi bao g\u1ed3m c\u00e1c \u0111\u01b0\u1eddng tr\u01b0\u1ee3t k\u1ebft n\u1ed1i. \u0110\u01b0\u1eddng d\u1ed1c li\u00ean t\u1ee5c d\u00e0i nh\u1ea5t k\u00e9o d\u00e0i ba km, cung c\u1ea5p \u0111\u1ed9 d\u1ed1c li\u00ean t\u1ee5c cho nh\u1eefng ng\u01b0\u1eddi tr\u01b0\u1ee3t tuy\u1ebft trung c\u1ea5p. M\u01b0\u1eddi s\u00e1u thang m\u00e1y\u2014bao g\u1ed3m hai thuy\u1ec1n gondola, n\u0103m gh\u1ebf n\u00e2ng v\u00e0 b\u1ed1n xe k\u00e9o, \u0111\u01b0\u1ee3c b\u1ed5 sung b\u1edfi c\u00e1c thang n\u00e2ng b\u1ec1 m\u1eb7t nh\u1ecf h\u01a1n\u2014duy tr\u00ec lu\u1ed3ng giao th\u00f4ng l\u00ean d\u1ed1c.<\/p>\n<p>Kh\u1ea3 n\u0103ng ti\u1ebfp c\u1eadn l\u00e0 m\u1ed9t trong nh\u1eefng l\u1ee3i th\u1ebf m\u1ea1nh nh\u1ea5t c\u1ee7a Jahorina. N\u1eb1m c\u00e1ch th\u1ecb tr\u1ea5n Pale m\u01b0\u1eddi l\u0103m km v\u00e0 c\u00e1ch Sarajevo hai m\u01b0\u01a1i l\u0103m km v\u1ec1 ph\u00eda \u0111\u00f4ng, ng\u1ecdn n\u00fai n\u1eb1m trong ph\u1ea1m vi d\u1ec5 d\u00e0ng ti\u1ebfp c\u1eadn c\u1ee7a c\u00e1c tuy\u1ebfn giao th\u00f4ng ch\u00ednh c\u1ee7a Bosnia. S\u00e2n bay qu\u1ed1c t\u1ebf Sarajevo, n\u1eb1m c\u00e1ch ba m\u01b0\u01a1i km v\u1ec1 ph\u00eda t\u00e2y, k\u1ebft n\u1ed1i khu ngh\u1ec9 d\u01b0\u1ee1ng v\u1edbi c\u00e1c \u0111i\u1ec3m \u0111\u1ebfn tr\u00ean kh\u1eafp ch\u00e2u \u00c2u. Du kh\u00e1ch t\u1eeb c\u00e1c th\u1ee7 ph\u1ee7 khu v\u1ef1c\u2014bao g\u1ed3m Belgrade, Zagreb, Novi Sad, Split, Podgorica v\u00e0 Ljubljana\u2014c\u00f3 th\u1ec3 \u0111\u1ebfn ng\u1ecdn n\u00fai b\u1eb1ng \u0111\u01b0\u1eddng b\u1ed9 trong v\u00f2ng ch\u01b0a \u0111\u1ea7y s\u00e1u gi\u1edd, khi\u1ebfn Jahorina tr\u1edf th\u00e0nh m\u1ed9t trong nh\u1eefng \u0111i\u1ec3m \u0111\u1ebfn \u1edf \u0111\u1ed9 cao d\u1ec5 ti\u1ebfp c\u1eadn nh\u1ea5t tr\u00ean l\u1ee5c \u0111\u1ecba.<\/p>\n<p>C\u00e1c ph\u00f2ng ngh\u1ec9 t\u1eadp trung g\u1ea7n ch\u00e2n \u0111\u1ebf thang m\u00e1y, m\u1eb7t ti\u1ec1n b\u1eb1ng g\u1ed7 v\u00e0 m\u00e1i d\u1ed1c gi\u1eef nguy\u00ean c\u1ea3m gi\u00e1c c\u1ee7a m\u1ed9t ng\u00f4i l\u00e0ng mi\u1ec1n n\u00fai. Kho\u1ea3ng c\u00e1ch g\u1ea7n n\u00e0y cho ph\u00e9p ng\u01b0\u1eddi tr\u01b0\u1ee3t tuy\u1ebft b\u01b0\u1edbc t\u1eeb ph\u00f2ng c\u1ee7a h\u1ecd l\u00ean nh\u1eefng con \u0111\u01b0\u1eddng ph\u1ee7 \u0111\u1ea7y tuy\u1ebft d\u1eabn th\u1eb3ng \u0111\u1ebfn gh\u1ebf n\u00e2ng. N\u1ed9i th\u1ea5t thi\u00ean v\u1ec1 s\u1ef1 \u1ea5m \u00e1p t\u1ef1 nhi\u00ean\u2014d\u1ea7m g\u1ed7, \u00e1nh s\u00e1ng m\u1edd v\u00e0 l\u00f2 s\u01b0\u1edfi\u2014\u0111\u1ec3 b\u00f9 \u0111\u1eafp cho c\u00e1i l\u1ea1nh b\u00ean ngo\u00e0i.<\/p>\n<p>M\u00f9a tr\u01b0\u1ee3t tuy\u1ebft th\u01b0\u1eddng k\u00e9o d\u00e0i t\u1eeb th\u00e1ng 12 \u0111\u1ebfn th\u00e1ng 4. Trong khi l\u01b0\u1ee3ng tuy\u1ebft r\u01a1i t\u1ef1 nhi\u00ean kh\u00e1 l\u1edbn, bao ph\u1ee7 ph\u1ea7n l\u1edbn \u0111\u1ecba h\u00ecnh l\u00ean \u0111\u1ebfn \u0111\u1ed9 cao 1.890 m\u00e9t, th\u00ec kho\u1ea3ng b\u1ed1n m\u01b0\u01a1i ph\u1ea7n tr\u0103m c\u00e1c s\u01b0\u1eddn d\u1ed1c c\u00f3 th\u1ec3 \u0111\u01b0\u1ee3c b\u1ed5 sung b\u1eb1ng h\u1ec7 th\u1ed1ng nh\u00e2n t\u1ea1o. S\u1ef1 c\u00e2n b\u1eb1ng n\u00e0y \u0111\u1ea3m b\u1ea3o m\u1ed9t th\u01b0\u1edbc \u0111o \u0111\u1ed9 tin c\u1eady ngay c\u1ea3 trong nh\u1eefng m\u00f9a c\u00f3 l\u01b0\u1ee3ng m\u01b0a nh\u1eb9 h\u01a1n.<\/p>\n<p>Ng\u01b0\u1eddi m\u1edbi b\u1eaft \u0111\u1ea7u t\u00ecm th\u1ea5y \u0111\u1ecba h\u00ecnh ch\u00e0o \u0111\u00f3n g\u1ea7n ch\u00e2n khu ngh\u1ec9 d\u01b0\u1ee1ng, n\u01a1i c\u00f3 m\u1ed9t s\u01b0\u1eddn d\u1ed1c d\u00e0nh cho tr\u1ebb em v\u1edbi \u0111\u1ed9 d\u1ed1c thoai tho\u1ea3i v\u00e0 d\u1ec5 ti\u1ebfp c\u1eadn. M\u1ed9t c\u1ee5m \u0111\u01b0\u1eddng tr\u01b0\u1ee3t m\u00e0u xanh lam ph\u00eda tr\u00ean ng\u00f4i l\u00e0ng c\u00f3 nh\u1eefng \u0111\u01b0\u1eddng tr\u01b0\u1ee3t r\u1ed9ng, d\u1ec5 ch\u1ecbu, khuy\u1ebfn kh\u00edch s\u1ef1 ti\u1ebfn tri\u1ec3n. \u1ede \u0111\u1ed9 cao l\u1edbn h\u01a1n, c\u00e1c s\u01b0\u1eddn n\u00fai tr\u01b0\u1ee3t tuy\u1ebft cung c\u1ea5p \u0111\u1ecba h\u00ecnh \u0111a d\u1ea1ng h\u01a1n: c\u00e1c \u0111\u1ec9nh n\u00fai m\u1edf mang \u0111\u1ebfn t\u1ea7m nh\u00ecn bao qu\u00e1t, trong khi c\u00e1c ph\u1ea7n th\u1ea5p h\u01a1n b\u00ean d\u01b0\u1edbi t\u00e1n r\u1eebng cung c\u1ea5p m\u1ed9t s\u1ed1 n\u01a1i tr\u00fa \u1ea9n kh\u1ecfi gi\u00f3 v\u00e0 tuy\u1ebft r\u01a1i.<\/p>\n<p>C\u00e1c l\u1ef1a ch\u1ecdn \u0103n u\u1ed1ng ph\u1ea3n \u00e1nh s\u1ef1 pha tr\u1ed9n gi\u1eefa \u1ea3nh h\u01b0\u1edfng c\u1ee7a \u0111\u1ecba ph\u01b0\u01a1ng v\u00e0 khu v\u1ef1c. Gi\u1eefa c\u00e1c m\u00f3n h\u1ea7m v\u00e0 \u0111\u1ed3 n\u01b0\u1edbng tr\u00ean n\u00fai, du kh\u00e1ch s\u1ebd b\u1eaft g\u1eb7p nh\u1eefng m\u00f3n \u0103n g\u1ee3i nh\u1edb \u0111\u1ebfn c\u1ea3 truy\u1ec1n th\u1ed1ng v\u00f9ng n\u00fai cao v\u00e0 di s\u1ea3n Ottoman. Th\u1ecbt n\u01b0\u1edbng xu\u1ea5t hi\u1ec7n c\u00f9ng v\u1edbi c\u00e1c m\u00f3n s\u00fap th\u1ecbnh so\u1ea1n v\u00e0 c\u00e1c m\u00f3n tr\u00e1ng mi\u1ec7ng l\u1ea5y c\u1ea3m h\u1ee9ng t\u1eeb h\u1ecda ti\u1ebft Th\u1ed5 Nh\u0129 K\u1ef3\u2014b\u00e1nh ng\u1ecdt x\u1ed1p t\u1ea9m xi-r\u00f4 ho\u1eb7c m\u1eadt ong.<\/p>\n<p>Qu\u00e1n bar Olympic tr\u00ean \u0111\u1ec9nh n\u00fai n\u1eb1m tr\u00ean m\u1ed9t v\u1ecb tr\u00ed cao h\u01a1n khu tr\u01b0\u1ee3t tuy\u1ebft. C\u1eeda s\u1ed5 t\u1eeb s\u00e0n \u0111\u1ebfn tr\u1ea7n nh\u00e0 c\u1ee7a qu\u00e1n \u0111\u00f3ng khung to\u00e0n c\u1ea3nh nh\u1eefng \u0111\u1ec9nh n\u00fai g\u1ed3 gh\u1ec1 v\u00e0 khu r\u1eebng nh\u1ea5p nh\u00f4. T\u1ea1i \u0111\u00e2y, nh\u1eefng ng\u01b0\u1eddi tr\u01b0\u1ee3t tuy\u1ebft d\u1eebng l\u1ea1i \u0111\u1ec3 u\u1ed1ng c\u00e0 ph\u00ea, \u0103n nh\u1eb9 ho\u1eb7c ngh\u1ec9 ng\u01a1i m\u1ed9t l\u00e1t tr\u01b0\u1edbc khi tr\u01b0\u1ee3t xu\u1ed1ng l\u1ea7n n\u1eefa. G\u1ea7n thang m\u00e1y h\u01a1n, Rajska Vrata c\u00f3 n\u1ed9i th\u1ea5t m\u1ed9c m\u1ea1c \u0111\u01b0\u1ee3c bao ph\u1ee7 b\u1edfi ng\u1ecdn l\u1eeda g\u1ed7. Kh\u00f4ng kh\u00ed g\u1ee3i l\u00ean nh\u1eefng ng\u00f4i nh\u00e0 s\u0103n b\u1eafn c\u0169, n\u01a1i nh\u1eefng ng\u01b0\u1eddi b\u1ea3o tr\u1ee3 t\u1ee5 t\u1eadp \u0111\u1ec3 chia s\u1ebb s\u1ef1 \u1ea5m \u00e1p v\u00e0 nh\u1eefng c\u00e2u chuy\u1ec7n gi\u1eefa c\u00e1c l\u1ea7n tr\u01b0\u1ee3t.<\/p>\n<p>Slopeside Caf\u00e9 Peggy t\u1ef1 h\u00e0o c\u00f3 m\u1ed9t s\u00e2n hi\u00ean r\u1ed9ng \u0111\u00f3n \u00e1nh n\u1eafng m\u00f9a \u0111\u00f4ng. V\u00e0o nh\u1eefng ng\u00e0y gi\u00e1 l\u1ea1nh, du kh\u00e1ch c\u00f3 th\u1ec3 lui v\u00e0o trong nh\u00e0 \u0111\u1ec3 nh\u00e2m nhi r\u01b0\u1ee3u vang n\u00f3ng b\u00ean l\u00f2 s\u01b0\u1edfi m\u1edf, th\u01b0\u1edfng th\u1ee9c nh\u1eefng \u0111\u0129a \u0107evapi\u2014x\u00fac x\u00edch th\u1ecbt nh\u1ecf, t\u1ea9m gia v\u1ecb \u0111\u1eb7c tr\u01b0ng c\u1ee7a b\u00e1n \u0111\u1ea3o Balkan. Nh\u1eefng \u0111\u1ecba \u0111i\u1ec3m n\u00e0y, m\u1eb7c d\u00f9 c\u00f3 nhi\u1ec1u phong c\u00e1ch kh\u00e1c nhau, nh\u01b0ng \u0111\u1ec1u h\u01b0\u1edbng \u0111\u1ebfn s\u1ef1 th\u00e2n thi\u1ec7n v\u00e0 h\u01b0\u01a1ng v\u1ecb v\u00f9ng mi\u1ec1n.<\/p>\n<p>Khi \u00e1nh s\u00e1ng bu\u1ed5i chi\u1ec1u y\u1ebfu d\u1ea7n, ng\u1ecdn n\u00fai tr\u1edf n\u00ean y\u00ean t\u0129nh h\u01a1n. C\u00e1c qu\u00e1n bar c\u1ee7a kh\u00e1ch s\u1ea1n tr\u1edf th\u00e0nh \u0111\u1ecba \u0111i\u1ec3m ch\u00ednh c\u1ee7a apr\u00e8s-ski, danh s\u00e1ch \u0111\u1ed3 u\u1ed1ng c\u1ee7a h\u1ecd n\u1eb1m trong s\u1ed1 nh\u1eefng lo\u1ea1i \u0111\u1ed3 u\u1ed1ng c\u00f3 gi\u00e1 c\u1ea3 ph\u1ea3i ch\u0103ng nh\u1ea5t \u1edf ch\u00e2u \u00c2u. Olympic Bar chuy\u1ec3n tr\u1ecdng t\u00e2m t\u1eeb \u0111\u1ed3 u\u1ed1ng gi\u1ea3i kh\u00e1t sang t\u1ee5 t\u1eadp x\u00e3 h\u1ed9i, v\u1edbi nh\u1eefng chi\u1ebfc b\u00e0n \u0111\u01b0\u1ee3c k\u00ea g\u1ea7n s\u00e2n hi\u00ean \u0111\u1ec3 ng\u1eafm c\u1ea3nh. Nh\u1ea1c s\u1ed1ng th\u01b0\u1eddng tr\u00e0n ng\u1eadp qu\u00e1n Koliba Bar, n\u1eb1m g\u1ea7n Kh\u00e1ch s\u1ea1n Termag, n\u01a1i c\u00e1c ban nh\u1ea1c bi\u1ec3u di\u1ec5n nhi\u1ec1u bu\u1ed5i t\u1ed1i trong tu\u1ea7n. \u0110\u1ed1i v\u1edbi nh\u1eefng ng\u01b0\u1eddi t\u00ecm ki\u1ebfm s\u1ef1 t\u0129nh l\u1eb7ng, qu\u00e1n c\u00e0 ph\u00ea-qu\u00e1n r\u01b0\u1ee3u Kinder Jaje Jahorina cung c\u1ea5p m\u1ed9t n\u01a1i \u1ea9n d\u1eadt y\u00ean b\u00ecnh ngay tr\u00ean \u0111\u01b0\u1eddng tr\u01b0\u1ee3t tuy\u1ebft\u2014m\u1ed9t n\u01a1i \u0111\u1ec3 nh\u00e2m nhi \u0111\u1ed3 u\u1ed1ng \u1ea5m \u00e1p v\u00e0 ng\u1eafm tuy\u1ebft r\u01a1i.<\/p>\n<p>Trong su\u1ed1t chi\u1ec1u d\u00e0i l\u1ecbch s\u1eed c\u1ee7a m\u00ecnh, Jahorina \u0111\u00e3 c\u00e2n b\u1eb1ng nh\u1eefng kho\u1ea3nh kh\u1eafc n\u1ed5i ti\u1ebfng qu\u1ed1c t\u1ebf v\u1edbi nh\u1ecbp \u0111i\u1ec7u \u1ed5n \u0111\u1ecbnh c\u1ee7a cu\u1ed9c s\u1ed1ng \u0111\u1ecba ph\u01b0\u01a1ng. Nh\u1eefng s\u01b0\u1eddn d\u1ed1c c\u1ee7a n\u00f3 \u0111\u00e3 mang nh\u1eefng \u0111\u00f4i v\u00e1n tr\u01b0\u1ee3t \u0111\u1ea7u ti\u00ean c\u1ee7a nh\u1eefng ng\u01b0\u1eddi l\u00e0m ngh\u1ec1 l\u00e2m nghi\u1ec7p \u00c1o-Hung, s\u1ef1 nhi\u1ec7t th\u00e0nh c\u1ee7a nh\u1eefng ng\u01b0\u1eddi tham gia \u0111ua xe rally th\u1eddi k\u1ef3 \u0111\u1ea7u, s\u1ef1 ch\u00ednh x\u00e1c c\u1ee7a nh\u1eefng nh\u00e0 v\u00f4 \u0111\u1ecbch Olympic v\u00e0 ti\u1ebfng c\u01b0\u1eddi c\u1ee7a nh\u1eefng gia \u0111\u00ecnh m\u1edbi v\u00e0o ngh\u1ec1. C\u01a1 s\u1edf h\u1ea1 t\u1ea7ng c\u00f3 th\u1ec3 ti\u1ebfn b\u1ed9 v\u00e0 \u0111\u00e1m \u0111\u00f4ng c\u00f3 th\u1ec3 \u0111\u00f4ng h\u01a1n, nh\u01b0ng di s\u1ea3n th\u1ef1c s\u1ef1 c\u1ee7a ng\u1ecdn n\u00fai n\u1eb1m \u1edf s\u1ef1 t\u01b0\u01a1ng t\u00e1c gi\u1eefa \u0111\u00e1, tuy\u1ebft v\u00e0 c\u1ed9ng \u0111\u1ed3ng\u2014m\u1ed9t minh ch\u1ee9ng l\u00e2u d\u00e0i cho c\u1ea3 th\u1ebf gi\u1edbi t\u1ef1 nhi\u00ean v\u00e0 tinh th\u1ea7n con ng\u01b0\u1eddi mu\u1ed1n sinh s\u1ed1ng t\u1ea1i \u0111\u00f3.<\/p>","protected":false},"excerpt":{"rendered":"<p>Jahorina, m\u1ed9t ng\u1ecdn n\u00fai n\u1ed5i ti\u1ebfng \u1edf Bosnia v\u00e0 Herzegovina, l\u00e0 v\u00ed d\u1ee5 \u0111i\u1ec3n h\u00ecnh cho v\u1ebb \u0111\u1eb9p t\u1ef1 nhi\u00ean v\u00e0 t\u1ea7m quan tr\u1ecdng v\u1ec1 m\u1eb7t \u0111\u1ecba l\u00fd c\u1ee7a v\u00f9ng Balkan. Jahorina n\u1eb1m \u1edf Li\u00ean bang Bosnia v\u00e0 Herzegovina t\u1ea1i Trnovo v\u00e0 t\u1ea1i \u0111i\u1ec3m giao nhau gi\u1eefa c\u00e1c th\u00e0nh ph\u1ed1 Pale v\u00e0 Trnovo \u1edf Republika Srpska. D\u00e2n s\u1ed1 thay \u0111\u1ed5i theo m\u00f9a ph\u1ea3n \u00e1nh m\u1ee9c \u0111\u1ed9 ph\u1ed5 bi\u1ebfn c\u1ee7a n\u01a1i n\u00e0y nh\u01b0 m\u1ed9t \u0111i\u1ec3m thu h\u00fat kh\u00e1ch du l\u1ecbch. T\u1ea7m quan tr\u1ecdng c\u1ee7a ng\u1ecdn n\u00fai \u0111\u01b0\u1ee3c nh\u1ea5n m\u1ea1nh b\u1edfi \u0111\u1ed9 cao l\u1edbn c\u1ee7a n\u00f3\u2014Ogorjelica, \u0111\u1ec9nh cao nh\u1ea5t, cao 1.516 m\u00e9t (6.286 ft) so v\u1edbi m\u1ef1c n\u01b0\u1edbc bi\u1ec3n. Sau Bjela\u0161nica, cao 2.067 m\u00e9t (6.286 feet), Jahorina l\u00e0 \u0111\u1ec9nh cao th\u1ee9 hai g\u1ea7n Sarajevo v\u1edbi \u0111\u1ed9 cao 1.516 m\u00e9t (6.286 feet).<\/p>","protected":false},"author":1,"featured_media":3883,"parent":14500,"menu_order":0,"comment_status":"closed","ping_status":"closed","template":"elementor_theme","meta":{"_eb_attr":"","footnotes":""},"class_list":["post-14509","page","type-page","status-publish","has-post-thumbnail"],"_links":{"self":[{"href":"https:\/\/travelshelper.com\/vi\/wp-json\/wp\/v2\/pages\/14509","targetHints":{"allow":["GET"]}}],"collection":[{"href":"https:\/\/travelshelper.com\/vi\/wp-json\/wp\/v2\/pages"}],"about":[{"href":"https:\/\/travelshelper.com\/vi\/wp-json\/wp\/v2\/types\/page"}],"author":[{"embeddable":true,"href":"https:\/\/travelshelper.com\/vi\/wp-json\/wp\/v2\/users\/1"}],"replies":[{"embeddable":true,"href":"https:\/\/travelshelper.com\/vi\/wp-json\/wp\/v2\/comments?post=14509"}],"version-history":[{"count":0,"href":"https:\/\/travelshelper.com\/vi\/wp-json\/wp\/v2\/pages\/14509\/revisions"}],"up":[{"embeddable":true,"href":"https:\/\/travelshelper.com\/vi\/wp-json\/wp\/v2\/pages\/14500"}],"wp:featuredmedia":[{"embeddable":true,"href":"https:\/\/travelshelper.com\/vi\/wp-json\/wp\/v2\/media\/3883"}],"wp:attachment":[{"href":"https:\/\/travelshelper.com\/vi\/wp-json\/wp\/v2\/media?parent=14509"}],"curies":[{"name":"wp","href":"https:\/\/api.w.org\/{rel}","templated":true}]}}