{"id":14401,"date":"2024-09-19T13:12:23","date_gmt":"2024-09-19T13:12:23","guid":{"rendered":"https:\/\/travelshelper.com\/staging\/?page_id=14401"},"modified":"2026-03-11T22:44:06","modified_gmt":"2026-03-11T22:44:06","slug":"sip","status":"publish","type":"page","link":"https:\/\/travelshelper.com\/vi\/destinations\/europe\/cyprus\/","title":{"rendered":"S\u00edp"},"content":{"rendered":"<p>S\u00edp chi\u1ebfm m\u1ed9t kh\u00f4ng gian \u0111\u1eb7c bi\u1ec7t t\u1ea1i ng\u00e3 t\u01b0 c\u1ee7a c\u00e1c ch\u00e2u l\u1ee5c, b\u1edd bi\u1ec3n c\u1ee7a n\u00f3 \u0111\u01b0\u1ee3c h\u00ecnh th\u00e0nh b\u1edfi h\u00e0ng ng\u00e0n n\u0103m g\u1eb7p g\u1ee1 v\u00e0 hi\u1ec7n t\u1ea1i \u0111\u01b0\u1ee3c x\u00e1c \u0111\u1ecbnh b\u1edfi c\u1ea3 s\u1ef1 chia r\u1ebd v\u00e0 th\u1ed1ng nh\u1ea5t. Tr\u1ea3i d\u00e0i tr\u00ean kh\u1eafp \u0110\u1ecba Trung H\u1ea3i ph\u00eda \u0111\u00f4ng, kh\u1ed1i \u0111\u1ea5t li\u1ec1n c\u1ee7a h\u00f2n \u0111\u1ea3o - d\u00e0i v\u00e0 h\u1eb9p, kh\u00f4ng qu\u00e1 240 km t\u1eeb \u0111\u1ea7u n\u00e0y \u0111\u1ebfn \u0111\u1ea7u kia - n\u1eb1m g\u1ea7n Levant h\u01a1n l\u00e0 trung t\u00e2m c\u1ee7a ch\u00e2u \u00c2u. Tuy nhi\u00ean, ng\u00f4n ng\u1eef, phong t\u1ee5c v\u00e0 c\u1ea5u tr\u00fac ch\u00ednh tr\u1ecb th\u1ecbnh h\u00e0nh \u1edf ph\u00eda nam l\u1ea1i c\u1ed9ng h\u01b0\u1edfng m\u1ea1nh m\u1ebd nh\u1ea5t v\u1edbi th\u1ebf gi\u1edbi Hy L\u1ea1p. \u1ede ph\u00eda b\u1eafc, m\u1ed9t ch\u00ednh quy\u1ec1n ri\u00eang bi\u1ec7t c\u00f3 th\u1ea9m quy\u1ec1n b\u1eaft ngu\u1ed3n t\u1eeb m\u1ed1i quan h\u1ec7 v\u1edbi Anatolia. Trong khi \u0111\u00f3, hai c\u0103n c\u1ee9 qu\u00e2n s\u1ef1 c\u00f3 ch\u1ee7 quy\u1ec1n c\u1ee7a Anh b\u00e1m ch\u1eb7t v\u00e0o b\u1edd bi\u1ec3n ph\u00eda nam, di t\u00edch c\u1ee7a m\u1ed9t \u0111\u1ebf ch\u1ebf m\u00e0 s\u1ef1 hi\u1ec7n di\u1ec7n c\u1ee7a n\u00f3 \u1edf \u0111\u00e2y v\u1eabn t\u1ed3n t\u1ea1i trong c\u00e1c quy \u01b0\u1edbc giao th\u00f4ng v\u00e0 ti\u1ebfng \u1ed3n \u00e0o c\u1ee7a c\u00e1c bu\u1ed3ng \u0111i\u1ec7n tho\u1ea1i m\u00e0u \u0111\u1ecf.<\/p>\n<p>V\u1ec1 m\u1eb7t \u0111\u1ecba l\u00fd, h\u00ecnh b\u00f3ng c\u1ee7a h\u00f2n \u0111\u1ea3o \u0111\u01b0\u1ee3c x\u00e1c \u0111\u1ecbnh b\u1edfi hai d\u00e3y n\u00fai bao quanh m\u1ed9t \u0111\u1ed3ng b\u1eb1ng trung t\u00e2m m\u00e0u m\u1ee1. D\u00e3y n\u00fai Troodos, \u0111\u1ed3 s\u1ed9 v\u00e0 g\u1ea5p kh\u00fac, th\u1ed1ng tr\u1ecb ph\u00eda t\u00e2y nam, cao g\u1ea7n 1.952 m\u00e9t t\u1ea1i N\u00fai Olympus. T\u1eeb \u0111\u1ed9 cao m\u00e1t m\u1ebb, ph\u1ee7 \u0111\u1ea7y tuy\u1ebft t\u00f9ng c\u1ee7a ch\u00fang, d\u00f2ng s\u00f4ng Pedieos ch\u1ea3y qua, l\u00e0 d\u00f2ng n\u01b0\u1edbc d\u00e0i nh\u1ea5t c\u1ee7a S\u00edp, u\u1ed1n kh\u00fac v\u1ec1 ph\u00eda \u0111\u00f4ng tr\u01b0\u1edbc khi tan v\u00e0o \u0111\u1ea5t s\u00e9t c\u1ee7a \u0111\u1ed3ng b\u1eb1ng Mesaoria. D\u1ecdc theo b\u1edd bi\u1ec3n ph\u00eda b\u1eafc, D\u00e3y Kyrenia m\u1ea3nh kh\u1ea3nh mang \u0111\u1ebfn m\u1ed9t con d\u1ed1c thoai tho\u1ea3i h\u01a1n, c\u00e1c \u0111\u1ec9nh n\u00fai c\u1ee7a n\u00f3 ch\u1ec9 cao h\u01a1n m\u1ed9t ngh\u00ecn m\u00e9t tr\u01b0\u1edbc khi \u0111\u1ed9t ng\u1ed9t h\u1ea1 xu\u1ed1ng b\u1edd bi\u1ec3n \u0111\u00e1. Gi\u1eefa nh\u1eefng \u0111\u1ed9 cao n\u00e0y, \u0111\u1ea5t \u0111ai \u0111\u1ed5 xu\u1ed1ng nh\u1eefng c\u00e1nh \u0111\u1ed3ng l\u00faa m\u00ec, l\u00faa m\u1ea1ch v\u00e0 rau \u0111\u00e3 nu\u00f4i s\u1ed1ng ng\u01b0\u1eddi d\u00e2n \u0111\u1ea3o k\u1ec3 t\u1eeb th\u1eddi \u0111\u1ed3 \u0111\u00e1 m\u1edbi.<\/p>\n<p>D\u1ea5u ch\u00e2n con ng\u01b0\u1eddi tr\u00ean \u0111\u1ea3o S\u00edp c\u00f3 ni\u00ean \u0111\u1ea1i kho\u1ea3ng 13.000 n\u0103m, khi nh\u1eefng nh\u00f3m nh\u1ecf th\u1ee3 s\u0103n h\u00e1i l\u01b0\u1ee3m tr\u00fa \u1ea9n trong c\u00e1c hang \u0111\u1ed9ng ven bi\u1ec3n. V\u00e0i thi\u00ean ni\u00ean k\u1ef7 sau, h\u1ecd \u0111\u00e3 thu\u1ea7n h\u00f3a v\u00f9ng \u0111\u1ea5t n\u00e0y b\u1eb1ng nh\u1eefng ng\u00f4i l\u00e0ng n\u00f4ng nghi\u1ec7p \u0111\u1ea7u ti\u00ean, \u0111\u1eb7t n\u1ec1n m\u00f3ng cho m\u1ed9t x\u00e3 h\u1ed9i \u0111\u1ecbnh c\u01b0. V\u00e0o cu\u1ed1i th\u1eddi \u0111\u1ea1i \u0111\u1ed3 \u0111\u1ed3ng, h\u00f2n \u0111\u1ea3o \u0111\u01b0\u1ee3c g\u1ecdi l\u00e0 Alashiya trong c\u00e1c ghi ch\u00e9p c\u1ee7a ng\u01b0\u1eddi Ai C\u1eadp v\u00e0 ng\u01b0\u1eddi Hittite, n\u1ed5i ti\u1ebfng v\u1edbi \u0111\u1ed3ng v\u00e0 c\u00e1c m\u1ed1i li\u00ean k\u1ebft d\u1ec7t \u0111an xen v\u00e0o m\u1ea1ng l\u01b0\u1edbi \u0110\u1ecba Trung H\u1ea3i r\u1ed9ng l\u1edbn h\u01a1n. Khi ng\u01b0\u1eddi Hy L\u1ea1p Mycenaean \u0111\u1ebfn v\u00e0o kho\u1ea3ng n\u0103m 1400 tr\u01b0\u1edbc C\u00f4ng nguy\u00ean, h\u1ecd mang theo ph\u01b0\u01a1ng ng\u1eef, nghi l\u1ec5 ch\u00f4n c\u1ea5t v\u00e0 phong c\u00e1ch \u0111\u1ed3 g\u1ed1m t\u1ed3n t\u1ea1i ngay c\u1ea3 khi c\u00e1c \u0111\u1ebf ch\u1ebf sau n\u00e0y tuy\u00ean b\u1ed1 h\u00f2n \u0111\u1ea3o l\u00e0 m\u1ed9t ph\u1ea7n th\u01b0\u1edfng.<\/p>\n<p>Ng\u01b0\u1eddi Ba T\u01b0 \u0111\u00e3 n\u1eafm quy\u1ec1n v\u00e0o th\u1ebf k\u1ef7 th\u1ee9 s\u00e1u tr\u01b0\u1edbc C\u00f4ng nguy\u00ean, ch\u1ec9 \u0111\u1ec3 Alexander \u0110\u1ea1i \u0111\u1ebf gi\u00e0nh quy\u1ec1n ki\u1ec3m so\u00e1t v\u00e0o n\u0103m 333 tr\u01b0\u1edbc C\u00f4ng nguy\u00ean. D\u01b0\u1edbi th\u1eddi Ptolemy v\u00e0 sau \u0111\u00f3 l\u00e0 Rome, S\u00edp v\u1eabn gi\u1eef \u0111\u01b0\u1ee3c b\u1ea3n s\u1eafc Hy L\u1ea1p c\u1ee7a m\u00ecnh trong khi ti\u1ebfp thu lu\u1eadt ph\u00e1p v\u00e0 c\u01a1 s\u1edf h\u1ea1 t\u1ea7ng c\u1ee7a La M\u00e3: \u0111\u01b0\u1eddng s\u00e1, bi\u1ec7t th\u1ef1 v\u00e0 \u0111\u1ea5u tr\u01b0\u1eddng n\u1eb1m r\u1ea3i r\u00e1c tr\u00ean kh\u1eafp c\u1ea3nh quan cho \u0111\u1ebfn ng\u00e0y nay. N\u1eeda ph\u00eda \u0111\u00f4ng c\u1ee7a \u0110\u1ebf ch\u1ebf La M\u00e3 cai tr\u1ecb h\u00f2n \u0111\u1ea3o cho \u0111\u1ebfn c\u00e1c cu\u1ed9c \u0111\u1ed9t k\u00edch c\u1ee7a ng\u01b0\u1eddi \u1ea2 R\u1eadp v\u00e0o th\u1ebf k\u1ef7 th\u1ee9 b\u1ea3y, khi c\u00e1c v\u00f9ng \u0111\u1ea5t ven bi\u1ec3n v\u00e0 ph\u00e1o \u0111\u00e0i n\u1ed9i \u0111\u1ecba b\u1ecb b\u1ecf hoang \u0111\u1ec3 \u1ee7ng h\u1ed9 c\u00e1c n\u01a1i \u1ea9n d\u1eadt c\u1ee7a tu vi\u1ec7n tr\u00ean \u0111\u1ec9nh Troodos. Nhi\u1ec1u th\u1ebf k\u1ef7 sau, c\u00e1c v\u1ecb vua Lusignan v\u00e0 th\u01b0\u01a1ng gia Venice s\u1ebd c\u1ee7ng c\u1ed1 c\u00e1c th\u1ecb tr\u1ea5n, x\u00e2y d\u1ef1ng nh\u1eefng b\u1ee9c t\u01b0\u1eddng \u0111\u00e1 v\u00e0 h\u00e0o n\u01b0\u1edbc v\u1eabn bao quanh c\u00e1c khu ph\u1ed1 c\u1ed5 c\u1ee7a Nicosia v\u00e0 Famagusta.<\/p>\n<p>Nh\u1eefng ng\u01b0\u1eddi l\u00ednh Ottoman \u0111\u00e3 v\u01b0\u1ee3t bi\u1ec3n v\u00e0o n\u0103m 1571, m\u1edf ra m\u1ed9t k\u1ef7 nguy\u00ean k\u00e9o d\u00e0i \u0111\u1ebfn cu\u1ed1i th\u1ebf k\u1ef7 19. D\u01b0\u1edbi s\u1ef1 cai tr\u1ecb c\u1ee7a Ottoman, ch\u1ebf \u0111\u1ed9 phong ki\u1ebfn \u200b\u200b\u0111\u00e3 c\u1ea5p cho nh\u1eefng ng\u01b0\u1eddi \u0111\u1ecbnh c\u01b0 Th\u1ed5 Nh\u0129 K\u1ef3 \u0111\u1ea5t \u0111ai c\u00f9ng v\u1edbi nh\u1eefng ng\u01b0\u1eddi n\u00f4ng d\u00e2n Hy L\u1ea1p, thi\u1ebft l\u1eadp n\u00ean nh\u1eefng c\u1ed9ng \u0111\u1ed3ng k\u00e9p v\u1eabn n\u1eb1m \u1edf trung t\u00e2m c\u1ee7a s\u1ef1 ph\u1ee9c t\u1ea1p hi\u1ec7n \u0111\u1ea1i c\u1ee7a S\u00edp. C\u00e1c nh\u00e0 th\u1edd Byzantine \u0111\u00e3 \u0111\u01b0\u1ee3c chuy\u1ec3n \u0111\u1ed5i th\u00e0nh nh\u00e0 th\u1edd H\u1ed3i gi\u00e1o, nh\u01b0ng c\u00e1c ng\u00f4i l\u00e0ng v\u1eabn ti\u1ebfp t\u1ee5c th\u1edd c\u00fang trong c\u00e1c th\u00e1nh \u0111\u1ecba c\u00f3 t\u1eeb h\u00e0ng th\u1ebf k\u1ef7 tr\u01b0\u1edbc c\u1ee7a h\u1ecd. N\u0103m 1878, h\u00f2n \u0111\u1ea3o \u0111\u00e3 \u0111\u01b0\u1ee3c chuy\u1ec3n giao cho ch\u00ednh quy\u1ec1n Anh, v\u00e0 \u0111\u1ebfn n\u0103m 1914, n\u00f3 \u0111\u00e3 \u0111\u01b0\u1ee3c s\u00e1p nh\u1eadp ho\u00e0n to\u00e0n. C\u00e1c con tem v\u00e0 di s\u1ea3n c\u1ee7a Anh\u2014l\u00e1i xe b\u00ean tr\u00e1i, h\u1ec7 th\u1ed1ng tr\u01b0\u1eddng c\u00f4ng, th\u1eadm ch\u00ed c\u1ea3 l\u1ecbch tr\u00ecnh xe bu\u00fdt\u2014s\u1ebd t\u1ed3n t\u1ea1i l\u00e2u d\u00e0i sau khi gi\u00e0nh \u0111\u01b0\u1ee3c \u0111\u1ed9c l\u1eadp.<\/p>\n<p>N\u1ec1n c\u1ed9ng h\u00f2a ra \u0111\u1eddi n\u0103m 1960 l\u00e0 m\u1ed9t s\u1ef1 th\u1ecfa hi\u1ec7p tinh t\u1ebf gi\u1eefa c\u00e1c l\u1ee3i \u00edch c\u1ee7a Anh, Hy L\u1ea1p v\u00e0 Th\u1ed5 Nh\u0129 K\u1ef3. T\u1ed5ng th\u1ed1ng s\u00e1ng l\u1eadp Makarios III, m\u1ed9t t\u1ed5ng gi\u00e1m m\u1ee5c tr\u1edf th\u00e0nh ch\u00ednh kh\u00e1ch, hi\u1ec7n th\u00e2n cho hy v\u1ecdng t\u1ef1 quy\u1ebft c\u1ee7a \u0111a s\u1ed1 ng\u01b0\u1eddi S\u00edp g\u1ed1c Hy L\u1ea1p. Ng\u01b0\u1eddi S\u00edp g\u1ed1c Th\u1ed5 Nh\u0129 K\u1ef3, c\u1ea3nh gi\u00e1c v\u1edbi tham v\u1ecdng c\u1ee7a ng\u01b0\u1eddi Hy L\u1ea1p, th\u1ea5y r\u1eb1ng s\u1ef1 th\u1ed1ng nh\u1ea5t v\u1edbi Hy L\u1ea1p\u2014enosis\u2014c\u00f3 th\u1ec3 s\u1edbm x\u1ea3y ra. Khi nh\u1eefng n\u0103m 1960 tr\u00f4i qua, b\u1ebf t\u1eafc hi\u1ebfn ph\u00e1p \u0111\u00e3 tr\u1edf th\u00e0nh b\u1ea1o l\u1ef1c. C\u00e1c cu\u1ed9c \u0111\u1ee5ng \u0111\u1ed9 gi\u1eefa c\u00e1c c\u1ed9ng \u0111\u1ed3ng \u0111\u00e3 bu\u1ed9c h\u00e0ng ngh\u00ecn ng\u01b0\u1eddi S\u00edp g\u1ed1c Th\u1ed5 Nh\u0129 K\u1ef3 ph\u1ea3i v\u00e0o c\u00e1c v\u00f9ng \u0111\u1ea5t t\u00e1ch bi\u1ec7t. \u0110\u1ebfn \u0111\u1ea7u nh\u1eefng n\u0103m 1970, hy v\u1ecdng h\u00f2a gi\u1ea3i \u0111\u00e3 g\u1ea7n nh\u01b0 bi\u1ebfn m\u1ea5t.<\/p>\n<p>V\u00e0o ng\u00e0y 15 th\u00e1ng 7 n\u0103m 1974, m\u1ed9t cu\u1ed9c \u0111\u1ea3o ch\u00ednh \u0111\u01b0\u1ee3c h\u1eadu thu\u1eabn b\u1edfi c\u00e1c th\u00e0nh ph\u1ea7n c\u1ee7a ch\u00ednh quy\u1ec1n qu\u00e2n s\u1ef1 Hy L\u1ea1p \u0111\u00e3 th\u00e0nh l\u1eadp m\u1ed9t ch\u00ednh ph\u1ee7 theo ch\u1ee7 ngh\u0129a d\u00e2n t\u1ed9c \u1edf Nicosia. N\u0103m ng\u00e0y sau, qu\u00e2n \u0111\u1ed9i Th\u1ed5 Nh\u0129 K\u1ef3 \u0111\u1ed5 b\u1ed9 l\u00ean b\u1edd bi\u1ec3n ph\u00eda b\u1eafc, b\u1ec1 ngo\u00e0i l\u00e0 \u0111\u1ec3 b\u1ea3o v\u1ec7 c\u1ed9ng \u0111\u1ed3ng c\u1ee7a h\u1ecd. Trong v\u00f2ng v\u00e0i ng\u00e0y, h\u1ecd \u0111\u00e3 ki\u1ec3m so\u00e1t \u0111\u01b0\u1ee3c kho\u1ea3ng m\u1ed9t ph\u1ea7n ba h\u00f2n \u0111\u1ea3o v\u00e0 h\u00e0ng tr\u0103m ngh\u00ecn ng\u01b0\u1eddi \u0111\u00e3 ph\u1ea3i di d\u1eddi \u1edf c\u1ea3 hai c\u1ed9ng \u0111\u1ed3ng. N\u0103m 1983, khu v\u1ef1c do Th\u1ed5 Nh\u0129 K\u1ef3 n\u1eafm gi\u1eef \u0111\u00e3 t\u1ef1 tuy\u00ean b\u1ed1 l\u00e0 m\u1ed9t n\u01b0\u1edbc c\u1ed9ng h\u00f2a, ch\u1ec9 \u0111\u01b0\u1ee3c Ankara c\u00f4ng nh\u1eadn tr\u00ean tr\u01b0\u1eddng qu\u1ed1c t\u1ebf. M\u1ed9t V\u00f9ng \u0111\u1ec7m c\u1ee7a Li\u00ean h\u1ee3p qu\u1ed1c - m\u1ecfng v\u00e0 xanh - hi\u1ec7n chia \u0111\u00f4i h\u00f2n \u0111\u1ea3o t\u1eeb \u0111\u00f4ng sang t\u00e2y, trong khi c\u00e1c cu\u1ed9c \u0111\u00e0m ph\u00e1n h\u00f2a b\u00ecnh v\u00e0 h\u00f2a gi\u1ea3i c\u1ee7a ch\u00e2u \u00c2u v\u1eabn ti\u1ebfp t\u1ee5c trong c\u00e1i b\u00f3ng d\u00e0i c\u1ee7a l\u1ecbch s\u1eed tranh ch\u1ea5p.<\/p>\n<p>B\u1ea5t ch\u1ea5p nh\u1eefng r\u1ea1n n\u1ee9t ch\u00ednh tr\u1ecb, S\u00edp \u0111\u00e3 x\u00e2y d\u1ef1ng m\u1ed9t n\u1ec1n kinh t\u1ebf ti\u00ean ti\u1ebfn, thu nh\u1eadp cao \u0111\u01b0\u1ee3c neo gi\u1eef b\u1edfi du l\u1ecbch, d\u1ecbch v\u1ee5 t\u00e0i ch\u00ednh v\u00e0 v\u1eadn chuy\u1ec3n. K\u1ec3 t\u1eeb khi gia nh\u1eadp Li\u00ean minh ch\u00e2u \u00c2u v\u00e0o th\u00e1ng 5 n\u0103m 2004 v\u00e0 \u00e1p d\u1ee5ng \u0111\u1ed3ng euro v\u00e0o th\u00e1ng 1 n\u0103m 2008, C\u1ed9ng h\u00f2a S\u00edp \u0111\u00e3 thu h\u00fat \u0111\u1ea7u t\u01b0 v\u00e0o b\u1ea5t \u0111\u1ed9ng s\u1ea3n, d\u1ecbch v\u1ee5 kh\u00e1ch s\u1ea1n v\u00e0 d\u1ecbch v\u1ee5 chuy\u00ean nghi\u1ec7p. C\u00e1c c\u0103n c\u1ee9 c\u00f3 ch\u1ee7 quy\u1ec1n c\u1ee7a Anh t\u1ea1i Akrotiri v\u00e0 Dhekelia v\u1eabn gi\u1eef \u0111\u01b0\u1ee3c t\u1ea7m quan tr\u1ecdng chi\u1ebfn l\u01b0\u1ee3c, v\u00e0 v\u00e0o n\u0103m 2024, Nicosia \u0111\u00e3 x\u00e1c nh\u1eadn \u00fd \u0111\u1ecbnh gia nh\u1eadp NATO\u2014m\u1ed9t l\u1edbp n\u1eefa trong ph\u00e9p t\u00ednh ch\u00ednh s\u00e1ch \u0111\u1ed1i ngo\u1ea1i ph\u1ee9c t\u1ea1p c\u1ee7a h\u00f2n \u0111\u1ea3o n\u00e0y. Ph\u00eda b\u1eafc Th\u1ed5 Nh\u0129 K\u1ef3, d\u01b0\u1edbi l\u1ec7nh c\u1ea5m v\u1eadn v\u00e0 s\u1ef1 c\u00f4ng nh\u1eadn h\u1ea1n ch\u1ebf, ph\u1ee5 thu\u1ed9c r\u1ea5t nhi\u1ec1u v\u00e0o tr\u1ee3 c\u1ea5p c\u1ee7a Ankara v\u00e0 n\u1ec1n kinh t\u1ebf ng\u1ea7m.<\/p>\n<p>Nh\u1eefng \u0111\u1ed3ng b\u1eb1ng m\u00e0u m\u1ee1, nh\u1eefng ng\u1ecdn n\u00fai g\u1ed3 gh\u1ec1 v\u00e0 g\u1ea7n 1.000 km b\u1edd bi\u1ec3n k\u1ebft h\u1ee3p l\u1ea1i \u0111\u1ec3 thu h\u00fat g\u1ea7n b\u1ed1n tri\u1ec7u du kh\u00e1ch m\u1ed7i n\u0103m. Nh\u1eefng b\u00e3i bi\u1ec3n ng\u1eadp n\u1eafng - nh\u1eefng b\u00e3i c\u00e1t v\u00e0 s\u1ecfi tr\u1ea3i d\u00e0i - d\u01b0\u1eddng nh\u01b0 li\u00ean t\u1ee5c, ch\u1ec9 b\u1ecb ng\u1eaft qu\u00e3ng b\u1edfi c\u00e1c b\u1ebfn c\u1ea3ng \u0111\u00e1nh c\u00e1 v\u00e0 n\u01a1i \u1ea9n d\u1eadt th\u1ec9nh tho\u1ea3ng c\u1ee7a tu vi\u1ec7n. Trong \u0111\u1ea5t li\u1ec1n, v\u00f9ng cao nguy\u00ean Troodos l\u00e0 n\u01a1i c\u00f3 nh\u1eefng ng\u00f4i l\u00e0ng n\u01a1i nh\u1eefng v\u01b0\u1eddn nho b\u00e1m v\u00e0o nh\u1eefng s\u01b0\u1eddn d\u1ed1c c\u00f3 b\u1eadc thang v\u00e0 nh\u1eefng nh\u00e0 th\u1edd h\u00e0ng th\u1ebf k\u1ef7 l\u1ea5p l\u00e1nh nh\u1eefng b\u1ee9c b\u00edch h\u1ecda Byzantine. \u1ede ph\u00eda b\u1eafc, th\u00e0nh ph\u1ed1 c\u1ed5 Salamis v\u00e0 nh\u1eefng t\u00e0n t\u00edch c\u1ed5 \u0111i\u1ec3n t\u1ea1i Paphos \u0111\u1ee9ng s\u1eebng s\u1eefng nh\u01b0 nh\u1eefng b\u1ea3o t\u00e0ng ngo\u00e0i tr\u1eddi v\u1ec1 m\u1ed9t th\u1eddi c\u1ed5 \u0111\u1ea1i chung. Tuy nhi\u00ean, t\u1ea1i th\u1ee7 \u0111\u00f4 Nicosia, nh\u1eefng qu\u00e1n c\u00e0 ph\u00ea v\u00e0 ph\u00f2ng tr\u01b0ng b\u00e0y hi\u1ec7n \u0111\u1ea1i tr\u00e0n ra nh\u1eefng con ph\u1ed1 \u0111\u01b0\u1ee3c ng\u01b0\u1eddi Venice x\u00e2y t\u01b0\u1eddng bao quanh c\u00e1ch \u0111\u00e2y n\u0103m tr\u0103m n\u0103m.<\/p>\n<p>Kh\u00ed h\u1eadu c\u1ee7a h\u00f2n \u0111\u1ea3o, \u0110\u1ecba Trung H\u1ea3i d\u1ecdc theo b\u1edd bi\u1ec3n v\u00e0 b\u00e1n kh\u00f4 h\u1ea1n \u1edf ph\u00eda \u0111\u00f4ng b\u1eafc, l\u00e0 m\u1ed9t trong nh\u1eefng kh\u00ed h\u1eadu \u1ea5m nh\u1ea5t \u1edf EU. M\u00f9a \u0111\u00f4ng mang theo m\u01b0a\u2014ch\u1ee7 y\u1ebfu t\u1eeb th\u00e1ng 11 \u0111\u1ebfn th\u00e1ng 3\u2014v\u00e0 th\u1ec9nh tho\u1ea3ng c\u00f3 tuy\u1ebft \u1edf v\u00f9ng cao nguy\u00ean. M\u00f9a h\u00e8 k\u00e9o d\u00e0i g\u1ea7n t\u00e1m th\u00e1ng, \u0111\u01b0\u1ee3c \u0111i\u1ec1u h\u00f2a b\u1edfi gi\u00f3 bi\u1ec3n nh\u01b0ng l\u1ea1i b\u1ecb gi\u00e1n \u0111o\u1ea1n b\u1edfi nh\u1eefng \u0111\u1ee3t n\u1eafng n\u00f3ng. \u00c1nh s\u00e1ng m\u1eb7t tr\u1eddi ch\u00f3i chang trong h\u01a1n ba ngh\u00ecn gi\u1edd m\u1ed7i n\u0103m trung b\u00ecnh, g\u1ea7n g\u1ea5p \u0111\u00f4i so v\u1edbi c\u00e1c th\u1ee7 \u0111\u00f4 B\u1eafc \u00c2u. \u00c1nh s\u00e1ng n\u00e0y \u0111\u00e3 \u0111\u1ecbnh h\u00ecnh c\u1ea3 n\u00f4ng nghi\u1ec7p v\u00e0 gi\u1ea3i tr\u00ed: c\u00e1c v\u01b0\u1eddn c\u00e2y h\u1ecd cam, c\u00e2y \u00f4 liu v\u00e0 v\u01b0\u1eddn nho ph\u00e1t tri\u1ec3n m\u1ea1nh; b\u01a1i l\u1ed9i v\u00e0 du thuy\u1ec1n \u0111\u1ecbnh h\u00ecnh n\u00ean m\u00f9a cao \u0111i\u1ec3m d\u00e0i.<\/p>\n<p>M\u1ed9t m\u1ea1ng l\u01b0\u1edbi \u0111\u01b0\u1eddng b\u1ed9 hi\u1ec7n \u0111\u1ea1i t\u1ecfa ra t\u1eeb v\u00e0nh \u0111ai ven bi\u1ec3n, n\u01a1i c\u00e1c \u0111\u01b0\u1eddng cao t\u1ed1c n\u1ed1i c\u00e1c c\u1ea3ng ch\u00ednh c\u1ee7a Limassol v\u00e0 Larnaca v\u1edbi Nicosia, Larnaca v\u1edbi Paphos v\u00e0 Nicosia v\u1edbi c\u1ea3 ph\u00eda \u0111\u00f4ng v\u00e0 ph\u00eda t\u00e2y. Xe bu\u00fdt ph\u1ee5c v\u1ee5 t\u1ea5t c\u1ea3 c\u00e1c th\u00e0nh ph\u1ed1 l\u1edbn, m\u1eb7c d\u00f9 quy\u1ec1n s\u1edf h\u1eefu \u00f4 t\u00f4 c\u00e1 nh\u00e2n v\u1eabn c\u00f2n cao. \u1ede ph\u00eda b\u1eafc Th\u1ed5 Nh\u0129 K\u1ef3, xe bu\u00fdt nh\u1ecf h\u01a1n ch\u1ea1y c\u00e1c tuy\u1ebfn th\u01b0\u1eddng xuy\u00ean h\u01a1n nh\u01b0ng \u00edt c\u00f3 kh\u1ea3 n\u0103ng d\u1ef1 \u0111o\u00e1n h\u01a1n. Hai s\u00e2n bay qu\u1ed1c t\u1ebf\u2014Larnaca v\u00e0 Paphos\u2014ch\u00e0o \u0111\u00f3n c\u00e1c chuy\u1ebfn bay theo l\u1ecbch tr\u00ecnh t\u1eeb Ch\u00e2u \u00c2u, Trung \u0110\u00f4ng v\u00e0 xa h\u01a1n n\u1eefa, trong khi S\u00e2n bay Ercan \u1edf ph\u00eda b\u1eafc ho\u1ea1t \u0111\u1ed9ng qua Th\u1ed5 Nh\u0129 K\u1ef3. Ph\u00e0, \u0111\u01b0\u1ee3c \u0111\u1ed5i m\u1edbi v\u00e0o n\u0103m 2022, k\u1ebft n\u1ed1i Limassol v\u1edbi Piraeus \u1edf Hy L\u1ea1p, mang \u0111\u1ebfn m\u1ed9t c\u00e1ch ti\u1ebfp c\u1eadn nh\u00e0n nh\u00e3 kh\u00e1c \u0111\u1ebfn h\u00f2n \u0111\u1ea3o.<\/p>\n<p>D\u00e2n s\u1ed1 c\u1ee7a S\u00edp ch\u1ec9 h\u01a1n ch\u00edn tr\u0103m ngh\u00ecn ng\u01b0\u1eddi \u1edf ph\u00eda nam do ch\u00ednh ph\u1ee7 ki\u1ec3m so\u00e1t v\u1eabn ch\u1ee7 y\u1ebfu l\u00e0 ng\u01b0\u1eddi Ch\u00ednh th\u1ed1ng gi\u00e1o Hy L\u1ea1p, v\u1edbi m\u1ed9t s\u1ed1 \u00edt ng\u01b0\u1eddi Armenia, Maronite, C\u00f4ng gi\u00e1o La M\u00e3 v\u00e0 Tin l\u00e0nh. C\u00e1c ch\u1ec9 s\u1ed1 gi\u00e1o d\u1ee5c v\u00e0 y t\u1ebf \u0111\u01b0\u1ee3c x\u1ebfp h\u1ea1ng cao nh\u1ea5t ch\u00e2u \u00c2u. \u1ede ph\u00eda b\u1eafc, ng\u01b0\u1eddi H\u1ed3i gi\u00e1o Sunni chi\u1ebfm \u0111a s\u1ed1, c\u00f9ng t\u1ed3n t\u1ea1i\u2014m\u1eb7c d\u00f9 c\u00f3 ph\u1ea7n t\u00e1ch bi\u1ec7t\u2014v\u1edbi c\u00e1c truy\u1ec1n th\u1ed1ng \u1ea9m th\u1ef1c v\u00e0 \u00e2m nh\u1ea1c chung c\u00f3 t\u1eeb tr\u01b0\u1edbc khi c\u00f3 s\u1ef1 chia c\u1eaft c\u1ee7a th\u1ebf k\u1ef7 XX. C\u1ea3 hai c\u1ed9ng \u0111\u1ed3ng \u0111\u1ec1u coi tr\u1ecdng l\u00f2ng hi\u1ebfu kh\u00e1ch: m\u1eddi kh\u00e1ch u\u1ed1ng c\u00e0 ph\u00ea ho\u1eb7c m\u1ed9t ly zivania \u01b0\u1edbp l\u1ea1nh, v\u00e0 m\u1eddi tham gia v\u00e0o c\u00e1c \u0111\u00e1m c\u01b0\u1edbi, l\u1ec5 h\u1ed9i v\u00e0 l\u1ec5 k\u1ef7 ni\u1ec7m thu ho\u1ea1ch.<\/p>\n<p>Ng\u00f4n ng\u1eef ph\u1ea3n \u00e1nh t\u00ednh hai m\u1eb7t n\u00e0y. Ti\u1ebfng Hy L\u1ea1p v\u00e0 ti\u1ebfng Th\u1ed5 Nh\u0129 K\u1ef3 l\u00e0 ng\u00f4n ng\u1eef ch\u00ednh th\u1ee9c, trong khi ti\u1ebfng Anh v\u1eabn l\u00e0 ng\u00f4n ng\u1eef th\u1ee9 hai m\u1ea1nh m\u1ebd, di s\u1ea3n c\u1ee7a ch\u1ebf \u0111\u1ed9 th\u1ef1c d\u00e2n v\u00e0 l\u00e0 c\u00f4ng c\u1ee5 cho th\u01b0\u01a1ng m\u1ea1i v\u00e0 du l\u1ecbch. Ti\u1ebfng \u1ea2 R\u1eadp Maronite c\u1ee7a ng\u01b0\u1eddi Armenia v\u00e0 ng\u01b0\u1eddi S\u00edp \u0111\u01b0\u1ee3c c\u00f4ng nh\u1eadn l\u00e0 ng\u00f4n ng\u1eef thi\u1ec3u s\u1ed1. Trong cu\u1ed9c s\u1ed1ng h\u00e0ng ng\u00e0y, c\u00e1c ph\u01b0\u01a1ng ng\u1eef b\u1ea3n \u0111\u1ecba c\u1ee7a ti\u1ebfng Hy L\u1ea1p S\u00edp v\u00e0 ti\u1ebfng Th\u1ed5 Nh\u0129 K\u1ef3 S\u00edp kh\u00e1c bi\u1ec7t r\u00f5 r\u1ec7t so v\u1edbi c\u00e1c d\u1ea1ng chu\u1ea9n c\u1ee7a ch\u00fang, mang theo c\u00e1c th\u00e0nh ng\u1eef v\u00e0 \u00e2m thanh \u0111\u01b0\u1ee3c h\u00ecnh th\u00e0nh b\u1edfi l\u1ecbch s\u1eed \u0111\u1ecba ph\u01b0\u01a1ng. G\u1ea7n \u0111\u00e2y h\u01a1n, ti\u1ebfng Nga \u0111\u00e3 tr\u1edf n\u00ean n\u1ed5i b\u1eadt \u1edf Limassol v\u00e0 Paphos, n\u01a1i c\u00e1c bi\u1ec3n b\u00e1o v\u00e0 doanh nghi\u1ec7p b\u1eb1ng ti\u1ebfng Nga ph\u1ee5c v\u1ee5 cho c\u1ed9ng \u0111\u1ed3ng ng\u01b0\u1eddi n\u01b0\u1edbc ngo\u00e0i \u0111ang ng\u00e0y c\u00e0ng \u0111\u00f4ng \u0111\u1ea3o.<\/p>\n<p>Bi\u1ec3u hi\u1ec7n v\u0103n h\u00f3a \u1edf \u0111\u00e2y kh\u00f4ng th\u1ec3 t\u00e1ch r\u1eddi kh\u1ecfi \u0111\u1ecba \u0111i\u1ec3m. C\u00e1c nh\u00e0 th\u1edd \u0111\u01b0\u1ee3c s\u01a1n c\u1ee7a d\u00e3y n\u00fai Troodos\u2014m\u01b0\u1eddi \u0111\u1ecba \u0111i\u1ec3m \u0111\u01b0\u1ee3c UNESCO c\u00f4ng nh\u1eadn\u2014mang nh\u1eefng b\u1ee9c b\u00edch h\u1ecda s\u1ed1ng \u0111\u1ed9ng th\u1ec3 hi\u1ec7n c\u00e1c c\u00e2u chuy\u1ec7n th\u1ea7n h\u1ecdc l\u00ean nh\u1eefng b\u1ee9c t\u01b0\u1eddng \u0111\u00e1. Hammam \u0111\u01b0\u1ee3c ph\u1ee5c h\u1ed3i \u1edf khu ph\u1ed1 c\u1ed5 Nicosia g\u1ee3i nh\u1edb \u0111\u1ebfn c\u00e1c t\u1ea7ng l\u1edbp Frankish v\u00e0 Ottoman c\u1ee7a th\u00e0nh ph\u1ed1, cung c\u1ea5p h\u01a1i n\u01b0\u1edbc v\u00e0 m\u00e1t-xa b\u00ean d\u01b0\u1edbi nh\u1eefng m\u00e1i v\u00f2m c\u1ed5. L\u1ec5 h\u1ed9i Carnival \u1edf Limassol b\u00f9ng n\u1ed5 v\u00e0o th\u00e1ng 2 h\u00e0ng n\u0103m, m\u1ed9t s\u1ef1 ki\u1ec7n xen k\u1ebd \u0111\u1ea7y m\u00e0u s\u1eafc ch\u1ec9 b\u1eaft \u0111\u1ea7u t\u1eeb th\u1ebf k\u1ef7 XX nh\u01b0ng v\u1eabn t\u00f4n vinh c\u00e1c phong t\u1ee5c bi\u1ec3u di\u1ec5n m\u1eb7t n\u1ea1 c\u00f3 t\u1eeb xa x\u01b0a h\u01a1n n\u1eefa. \u0110i\u1ec7u m\u00faa truy\u1ec1n th\u1ed1ng, t\u1eeb tsifteteli \u0111\u1ebfn sousta, l\u00e0m sinh \u0111\u1ed9ng c\u1ea3 \u0111\u00e1m c\u01b0\u1edbi v\u00e0 h\u1ed9i ch\u1ee3 l\u00e0ng, g\u1eafn k\u1ebft ng\u01b0\u1eddi d\u00e2n \u0111\u1ea3o v\u01b0\u1ee3t qua ranh gi\u1edbi ng\u00f4n ng\u1eef v\u00e0 \u0111\u1ee9c tin.<\/p>\n<p>Tuy nhi\u00ean, b\u00ean d\u01b0\u1edbi b\u1ec1 m\u1eb7t vui v\u1ebb l\u00e0 nh\u1eadn th\u1ee9c v\u1ec1 s\u1ef1 mong manh. Nh\u1eefng th\u1ee3 s\u0103n v\u1edbi s\u00fang s\u0103n \u0111\u01b0\u1ee3c c\u1ea5p ph\u00e9p lang thang \u1edf v\u00f9ng n\u00f4ng th\u00f4n v\u00e0o m\u00f9a \u0111\u00f4ng, v\u00e0 nh\u1eefng vi\u00ean \u0111\u1ea1n l\u1ea1c c\u00f3 th\u1ec3 l\u1ea1c v\u00e0o tuy\u1ebfn \u0111\u01b0\u1eddng c\u1ee7a ng\u01b0\u1eddi \u0111i b\u1ed9 \u0111\u01b0\u1eddng d\u00e0i. \u0110\u01b0\u1eddng Xanh v\u1eabn c\u00f2n trong \u00fd th\u1ee9c h\u00e0ng ng\u00e0y: c\u00e1c tr\u01b0\u1eddng h\u1ecdc d\u1ea1y v\u1ec1 l\u1ecbch s\u1eed song song, v\u00e0 nh\u1eefng n\u1ed7 l\u1ef1c h\u00f2a gi\u1ea3i v\u1eabn ti\u1ebfp di\u1ec5n trong c\u00e1c s\u00e1ng ki\u1ebfn \u200b\u200bngh\u1ec7 thu\u1eadt v\u00e0 li\u00ean doanh kinh t\u1ebf chung. T\u1ef7 l\u1ec7 t\u1ed9i ph\u1ea1m v\u1eabn \u1edf m\u1ee9c th\u1ea5p, nh\u01b0ng du kh\u00e1ch \u0111\u01b0\u1ee3c khuy\u00ean n\u00ean b\u1ea3o v\u1ec7 t\u00e0i s\u1ea3n kh\u1ecfi tr\u1ed9m c\u1eafp c\u01a1 h\u1ed9i, v\u00e0 s\u1ef1 th\u1eadn tr\u1ecdng chi\u1ebfm \u01b0u th\u1ebf \u1edf c\u00e1c khu ph\u1ed1 \u0111\u00eam, n\u01a1i c\u00e1c c\u00e2u l\u1ea1c b\u1ed9 cabaret \u0111\u00f4i khi che gi\u1ea5u m\u1ed9t d\u00f2ng ch\u1ea3y ng\u1ea7m \u0111en t\u1ed1i h\u01a1n.<\/p>\n<p>B\u1ee9c tranh kh\u1ea3m c\u1ee7a S\u00edp\u2014\u0111\u1ecba ch\u1ea5t, l\u1ecbch s\u1eed, c\u1ed9ng \u0111\u1ed3ng v\u00e0 n\u1ec1n kinh t\u1ebf c\u1ee7a n\u00f3\u2014th\u00e1ch th\u1ee9c nh\u1eefng c\u00e2u chuy\u1ec7n \u0111\u01a1n gi\u1ea3n. N\u00f3 v\u1eeba l\u00e0 minh ch\u1ee9ng cho s\u1ef1 b\u1ec1n b\u1ec9 c\u1ee7a con ng\u01b0\u1eddi v\u1eeba l\u00e0 m\u1ed9t h\u00e0nh lang tranh ch\u1ea5p, n\u01a1i c\u00e1c \u0111\u1ebf ch\u1ebf \u0111\u00e3 \u0111\u1ee5ng \u0111\u1ed9 v\u00e0 nh\u1eefng ng\u01b0\u1eddi h\u00e0ng x\u00f3m v\u1eabn c\u1ea9n th\u1eadn b\u01b0\u1edbc qua c\u00e1c v\u00f9ng \u0111\u1ec7m. Tuy nhi\u00ean, s\u1ef1 \u1ea5m \u00e1p c\u1ee7a m\u1eb7t tr\u1eddi v\u00e0 bi\u1ec3n, s\u1ef1 h\u00e0o ph\u00f3ng tr\u1ea3i d\u00e0i tr\u00ean nh\u1eefng chi\u1ebfc b\u00e0n th\u01a1m m\u00f9i cam qu\u00fdt, v\u00e0 s\u1ef1 ki\u00ean c\u01b0\u1eddng c\u1ee7a c\u00e1c truy\u1ec1n th\u1ed1ng k\u1ebft h\u1ee3p c\u00e1c y\u1ebfu t\u1ed1 Hy L\u1ea1p, Levantine v\u00e0 Anatolian, t\u1ea5t c\u1ea3 \u0111\u1ec1u t\u1ed3n t\u1ea1i. \u0110\u1ed1i v\u1edbi nh\u1eefng ai d\u1eebng l\u1ea1i \u0111\u1ec3 xem, S\u00edp cung c\u1ea5p m\u1ed9t bi\u00ean ni\u00ean s\u1eed th\u00e2n m\u1eadt v\u1ec1 m\u1ed9t h\u00f2n \u0111\u1ea3o \u0111\u00e3 bi\u1ebft \u0111\u1ebfn c\u1ea3 s\u1ef1 th\u1ed1ng nh\u1ea5t v\u00e0 chia r\u1ebd, n\u01a1i cu\u1ed9c s\u1ed1ng b\u00ecnh th\u01b0\u1eddng v\u1eabn ti\u1ebfp di\u1ec5n d\u01b0\u1edbi b\u1ea7u tr\u1eddi \u0110\u1ecba Trung H\u1ea3i li\u00ean t\u1ee5c v\u00e0 ph\u1ee9c t\u1ea1p nh\u01b0 ch\u00ednh th\u1ee7y tri\u1ec1u.<\/p>","protected":false},"excerpt":{"rendered":"<p>\u0110\u1ea3o qu\u1ed1c S\u00edp, n\u1eb1m \u1edf ph\u00eda \u0110\u00f4ng \u0110\u1ecba Trung H\u1ea3i, chi\u1ebfm v\u1ecb tr\u00ed chi\u1ebfn l\u01b0\u1ee3c t\u1ea1i giao \u0111i\u1ec3m c\u1ee7a Ch\u00e2u \u00c2u, Ch\u00e2u \u00c1 v\u00e0 Ch\u00e2u Phi. S\u00edp, v\u1edbi d\u00e2n s\u1ed1 kho\u1ea3ng 1,2 tri\u1ec7u ng\u01b0\u1eddi, \u0111\u01b0\u1ee3c x\u1ebfp h\u1ea1ng l\u00e0 \u0111\u1ea3o l\u1edbn th\u1ee9 ba v\u00e0 \u0111\u00f4ng d\u00e2n nh\u1ea5t \u1edf \u0110\u1ecba Trung H\u1ea3i, mang \u0111\u1ebfn s\u1ef1 k\u1ebft h\u1ee3p \u0111\u1ed9c \u0111\u00e1o gi\u1eefa l\u1ecbch s\u1eed c\u1ed5 \u0111\u1ea1i, n\u1ec1n v\u0103n h\u00f3a \u0111a d\u1ea1ng v\u00e0 s\u1ef1 ph\u00e1t tri\u1ec3n \u0111\u01b0\u01a1ng \u0111\u1ea1i. \u0110\u1ea3o qu\u1ed1c n\u00e0y, t\u00ean ch\u00ednh th\u1ee9c l\u00e0 C\u1ed9ng h\u00f2a S\u00edp, v\u1ec1 m\u1eb7t \u0111\u1ecba l\u00fd n\u1eb1m \u1edf T\u00e2y \u00c1; tuy nhi\u00ean, c\u00e1c m\u1ed1i li\u00ean h\u1ec7 v\u0103n h\u00f3a v\u00e0 hi\u1ec7p h\u1ed9i ch\u00ednh tr\u1ecb c\u1ee7a n\u00f3 ch\u1ee7 y\u1ebfu li\u00ean k\u1ebft v\u1edbi \u0110\u00f4ng Nam \u00c2u, do \u0111\u00f3 t\u1ea1o n\u00ean v\u1ecb th\u1ebf \u0111\u1ecba ch\u00ednh tr\u1ecb quan tr\u1ecdng cho qu\u1ed1c gia n\u00e0y.<\/p>","protected":false},"author":1,"featured_media":3022,"parent":24078,"menu_order":0,"comment_status":"closed","ping_status":"closed","template":"elementor_theme","meta":{"_eb_attr":"","footnotes":""},"class_list":["post-14401","page","type-page","status-publish","has-post-thumbnail"],"_links":{"self":[{"href":"https:\/\/travelshelper.com\/vi\/wp-json\/wp\/v2\/pages\/14401","targetHints":{"allow":["GET"]}}],"collection":[{"href":"https:\/\/travelshelper.com\/vi\/wp-json\/wp\/v2\/pages"}],"about":[{"href":"https:\/\/travelshelper.com\/vi\/wp-json\/wp\/v2\/types\/page"}],"author":[{"embeddable":true,"href":"https:\/\/travelshelper.com\/vi\/wp-json\/wp\/v2\/users\/1"}],"replies":[{"embeddable":true,"href":"https:\/\/travelshelper.com\/vi\/wp-json\/wp\/v2\/comments?post=14401"}],"version-history":[{"count":0,"href":"https:\/\/travelshelper.com\/vi\/wp-json\/wp\/v2\/pages\/14401\/revisions"}],"up":[{"embeddable":true,"href":"https:\/\/travelshelper.com\/vi\/wp-json\/wp\/v2\/pages\/24078"}],"wp:featuredmedia":[{"embeddable":true,"href":"https:\/\/travelshelper.com\/vi\/wp-json\/wp\/v2\/media\/3022"}],"wp:attachment":[{"href":"https:\/\/travelshelper.com\/vi\/wp-json\/wp\/v2\/media?parent=14401"}],"curies":[{"name":"wp","href":"https:\/\/api.w.org\/{rel}","templated":true}]}}