{"id":14313,"date":"2024-09-19T08:27:18","date_gmt":"2024-09-19T08:27:18","guid":{"rendered":"https:\/\/travelshelper.com\/staging\/?page_id=14313"},"modified":"2026-03-11T23:25:17","modified_gmt":"2026-03-11T23:25:17","slug":"aarhus","status":"publish","type":"page","link":"https:\/\/travelshelper.com\/vi\/destinations\/europe\/denmark\/aarhus\/","title":{"rendered":"Aarhus"},"content":{"rendered":"<p>Aarhus chi\u1ebfm m\u1ed9t v\u1ecbnh k\u00edn tr\u00ean b\u1edd bi\u1ec3n Jutland ph\u00eda \u0111\u00f4ng c\u1ee7a \u0110an M\u1ea1ch, h\u00ecnh b\u00f3ng hi\u1ec7n \u0111\u1ea1i c\u1ee7a n\u00f3 theo d\u1ea5u m\u1ed9t d\u00f2ng d\u00f5i b\u1eaft \u0111\u1ea7u v\u00e0o cu\u1ed1i th\u1ebf k\u1ef7 th\u1ee9 t\u00e1m. \u0110\u01b0\u1ee3c th\u00e0nh l\u1eadp nh\u01b0 m\u1ed9t khu \u0111\u1ecbnh c\u01b0 b\u1ebfn c\u1ea3ng \u1edf c\u1eeda s\u00f4ng Aarhus, th\u1ecb tr\u1ea5n nhanh ch\u00f3ng n\u1ed5i l\u00ean nh\u01b0 m\u1ed9t trung t\u00e2m th\u01b0\u01a1ng m\u1ea1i \u0111\u01b0\u1eddng bi\u1ec3n. V\u00e0o kho\u1ea3ng n\u0103m 900 CN, m\u1ed9t nh\u00e0 nguy\u1ec7n C\u01a1 \u0111\u1ed1c khi\u00eam t\u1ed1n \u0111\u00e3 \u0111\u1ee9ng g\u1ea7n b\u1edd s\u00f4ng, b\u00e1o tr\u01b0\u1edbc m\u1ed9t s\u1ef1 tr\u1ed7i d\u1eady c\u1ee7a gi\u00e1o s\u0129 s\u1ebd c\u1ee7ng c\u1ed1 v\u1ecb th\u1ebf c\u1ee7a khu \u0111\u1ecbnh c\u01b0 trong su\u1ed1t th\u1eddi Trung c\u1ed5. C\u00e1c b\u1edd k\u00e8 ph\u00f2ng th\u1ee7 b\u1eb1ng \u0111\u1ea5t v\u00e0 g\u1ed7 bao quanh th\u1ecb tr\u1ea5n \u0111ang ph\u00e1t tri\u1ec3n trong Th\u1eddi \u0111\u1ea1i Viking, v\u00e0 \u0111\u1ebfn n\u0103m 1441, c\u00e1c nh\u00e0 l\u00e3nh \u0111\u1ea1o d\u00e2n s\u1ef1 \u0111\u00e3 \u0111\u1ea3m b\u1ea3o c\u00e1c \u0111\u1eb7c quy\u1ec1n c\u1ee7a th\u1ecb tr\u1ea5n ch\u1ee3, neo gi\u1eef s\u1ef1 chuy\u1ec3n \u0111\u1ed5i c\u1ee7a Aarhus t\u1eeb m\u1ed9t c\u1ed9ng \u0111\u1ed3ng ven s\u00f4ng b\u1ecb h\u1ea1n ch\u1ebf th\u00e0nh m\u1ed9t trung t\u00e2m \u0111\u00f4 th\u1ecb n\u0103ng \u0111\u1ed9ng.<\/p>\n<p>Trong su\u1ed1t th\u1eddi k\u1ef3 \u0111\u1ea7u Trung c\u1ed5, gi\u00e1o ph\u1eadn Aarhus \u0111\u00e3 t\u00edch l\u0169y \u0111\u01b0\u1ee3c c\u1ea3 s\u1ef1 gi\u00e0u c\u00f3 v\u00e0 \u1ea3nh h\u01b0\u1edfng. Nh\u1eefng ng\u01b0\u1eddi b\u1ea3o tr\u1ee3 t\u00f4n gi\u00e1o c\u1ee7a gi\u00e1o ph\u1eadn n\u00e0y \u0111\u00e3 \u1ee7y quy\u1ec1n x\u00e2y d\u1ef1ng c\u00e1c ng\u00f4i nh\u00e0 t\u00f4n gi\u00e1o v\u00e0 nh\u00e0 th\u1edd \u0111\u00e1, trong s\u1ed1 \u0111\u00f3 c\u00f3 Nh\u00e0 th\u1edd \u0110\u1ee9c M\u1eb9 - ban \u0111\u1ea7u \u0111\u01b0\u1ee3c x\u00e2y d\u1ef1ng v\u00e0o n\u0103m 1060 v\u00e0 ng\u00e0y nay \u0111\u01b0\u1ee3c c\u00f4ng nh\u1eadn l\u00e0 nh\u00e0 th\u1edd \u0111\u00e1 l\u00e2u \u0111\u1eddi nh\u1ea5t c\u1ee7a Scandinavia. Trong nhi\u1ec1u th\u1ebf k\u1ef7 li\u00ean ti\u1ebfp, V\u01b0\u01a1ng cung th\u00e1nh \u0111\u01b0\u1eddng La M\u00e3 s\u1ebd tr\u1edf th\u00e0nh Nh\u00e0 th\u1edd Aarhus \u0111\u00e3 ph\u00e1t tri\u1ec3n \u0111\u1ebfn chi\u1ec1u d\u00e0i 93 m\u00e9t hi\u1ec7n t\u1ea1i, d\u00e0i nh\u1ea5t c\u1ee7a qu\u1ed1c gia n\u00e0y, v\u00e0 \u0111\u01b0\u1ee3c t\u00f4n vinh b\u1eb1ng m\u1ed9t d\u00e0n h\u1ee3p x\u01b0\u1edbng Gothic cao v\u00fat v\u00e0o cu\u1ed1i th\u1ebf k\u1ef7 XV. Tr\u01b0\u1eddng h\u1ecdc nh\u00e0 th\u1edd li\u00ean k\u1ebft, \u0111\u01b0\u1ee3c th\u00e0nh l\u1eadp v\u00e0o n\u0103m 1195, v\u1eabn t\u1ed3n t\u1ea1i nh\u01b0 m\u1ed9t trong nh\u1eefng c\u01a1 s\u1edf gi\u00e1o d\u1ee5c l\u00e2u \u0111\u1eddi nh\u1ea5t th\u1ebf gi\u1edbi, m\u1ed9t minh ch\u1ee9ng cho cam k\u1ebft l\u00e2u d\u00e0i c\u1ee7a th\u00e0nh ph\u1ed1 \u0111\u1ed1i v\u1edbi vi\u1ec7c h\u1ecdc.<\/p>\n<p>S\u1ef1 \u0111\u1ed5i m\u1edbi c\u00f4ng nghi\u1ec7p xu\u1ea5t hi\u1ec7n v\u00e0o gi\u1eefa th\u1ebf k\u1ef7 XIX, nh\u01b0ng tuy\u1ebfn \u0111\u01b0\u1eddng s\u1eaft \u0111\u1ea7u ti\u00ean c\u1ee7a th\u00e0nh ph\u1ed1 - \u0111\u01b0\u1ee3c x\u00e2y d\u1ef1ng v\u00e0o n\u0103m 1862 - \u0111\u00e3 b\u00e1o hi\u1ec7u s\u1ef1 chuy\u1ec3n d\u1ecbch c\u1ee7a Aarhus sang hi\u1ec7n \u0111\u1ea1i. Tuy\u1ebfn \u0111\u01b0\u1eddng s\u1eaft \u0111\u00e3 t\u1ea1o ra c\u00e1c v\u00f9ng ngo\u1ea1i \u00f4 v\u00e0 nh\u00e0 m\u00e1y m\u1edbi, th\u00fac \u0111\u1ea9y s\u1ef1 gia t\u0103ng d\u00e2n s\u1ed1 ti\u1ebfp t\u1ee5c v\u00e0o th\u1ebf k\u1ef7 XX. N\u0103m 1928, tr\u01b0\u1eddng \u0111\u1ea1i h\u1ecdc \u0111\u1ea7u ti\u00ean c\u1ee7a Jutland m\u1edf c\u1eeda, c\u1ee7ng c\u1ed1 danh ti\u1ebfng c\u1ee7a th\u00e0nh ph\u1ed1 nh\u01b0 m\u1ed9t trung t\u00e2m h\u1ecdc thu\u1eadt. Ng\u00e0y nay, \u0110\u1ea1i h\u1ecdc Aarhus l\u00e0 tr\u01b0\u1eddng \u0111\u1ea1i h\u1ecdc l\u1edbn nh\u1ea5t Scandinavia, khu\u00f4n vi\u00ean theo ch\u1ee7 ngh\u0129a ch\u1ee9c n\u0103ng c\u1ee7a tr\u01b0\u1eddng - \u0111\u01b0\u1ee3c Kay Fisker, Povl Stegmann v\u00e0 CF M\u00f8ller quy ho\u1ea1ch t\u1ed5ng th\u1ec3 - \u0111\u01b0\u1ee3c c\u00f4ng nh\u1eadn r\u1ed9ng r\u00e3i v\u1ec1 \u00fd ngh\u0129a ki\u1ebfn \u200b\u200btr\u00fac c\u1ee7a n\u00f3.<\/p>\n<p>\u0110\u1ecba l\u00fd \u0111\u00e3 \u0111\u1ecbnh h\u00ecnh t\u1eebng ch\u01b0\u01a1ng trong c\u00e2u chuy\u1ec7n c\u1ee7a Aarhus. V\u1ecbnh Aarhus c\u00f3 m\u1ed9t b\u1ebfn c\u1ea3ng t\u1ef1 nhi\u00ean, \u0111\u1ed9 s\u00e2u m\u01b0\u1eddi m\u00e9t n\u1eb1m g\u1ea7n b\u1edd v\u00e0 c\u00f3 th\u1ec3 ch\u1ee9a c\u00e1c t\u00e0u container l\u1edbn nh\u1ea5t c\u1ee7a qu\u1ed1c gia. B\u00ean kia v\u1ecbnh l\u00e0 b\u00e1n \u0111\u1ea3o Mols v\u00e0 Helgen\u00e6s, c\u00e1c th\u00e0nh ph\u1ea7n c\u1ee7a kh\u1ed1i \u0111\u1ea5t li\u1ec1n Djursland r\u1ed9ng l\u1edbn h\u01a1n. V\u1ec1 ph\u00eda t\u00e2y, m\u1ed9t cao nguy\u00ean b\u0103ng t\u00edch \u0111\u01b0\u1ee3c t\u1ea1o th\u00e0nh b\u1edfi c\u00e1c thung l\u0169ng \u0111\u01b0\u1eddng h\u1ea7m th\u1eddi k\u1ef3 b\u0103ng h\u00e0 l\u00e0 n\u01a1i c\u00f3 m\u1ed9t lo\u1ea1t c\u00e1c h\u1ed3\u2014Brabrand, \u00c5rslev v\u00e0 T\u00e5strup\u2014\u0111\u01b0\u1ee3c n\u1ed1i v\u1edbi nhau b\u1eb1ng S\u00f4ng Aarhus. V\u1ec1 ph\u00eda b\u1eafc, Thung l\u0169ng Eg\u00e5 v\u00e0 m\u1ed9t m\u1ea1ng l\u01b0\u1edbi c\u00e1c v\u00f9ng \u0111\u1ea5t ng\u1eadp n\u01b0\u1edbc \u0111\u00e3 \u0111\u01b0\u1ee3c ph\u1ee5c h\u1ed3i m\u1ed9t ph\u1ea7n v\u00e0o \u0111\u1ea7u nh\u1eefng n\u0103m 2000, g\u1ee3i nh\u1edb \u0111\u1ebfn h\u1ec7 sinh th\u00e1i ti\u1ec1n \u0111\u00f4 th\u1ecb c\u1ee7a khu v\u1ef1c. \u0110i\u1ec3m cao nh\u1ea5t trong th\u00e0nh ph\u1ed1, Jelsh\u00f8j (128 m\u00e9t), n\u1eb1m \u1edf H\u00f8jbjerg, \u0111\u01b0\u1ee3c bao ph\u1ee7 b\u1edfi m\u1ed9t g\u00f2 \u0111\u1ea5t th\u1eddi k\u1ef3 \u0111\u1ed3 \u0111\u1ed3ng \u0111\u01b0\u1ee3c bao b\u1ecdc trong truy\u1ec1n thuy\u1ebft \u0111\u1ecba ph\u01b0\u01a1ng.<\/p>\n<p>Kh\u00ed h\u1eadu c\u1ee7a th\u00e0nh ph\u1ed1 ph\u1ea3n \u00e1nh v\u1ecb tr\u00ed c\u1ee7a n\u00f3 t\u1ea1i n\u01a1i h\u1ed9i t\u1ee5 c\u1ee7a c\u00e1c \u1ea3nh h\u01b0\u1edfng c\u1ee7a bi\u1ec3n v\u00e0 l\u1ee5c \u0111\u1ecba. Gi\u00f3 T\u00e2y mang h\u01a1i \u1ea9m \u0110\u1ea1i T\u00e2y D\u01b0\u01a1ng qua Jutland, trong khi \u0111\u1ecba h\u00ecnh \u0111\u1ecba ph\u01b0\u01a1ng bu\u1ed9c ph\u1ea3i n\u00e2ng l\u00ean v\u00e0 m\u01b0a \u1edf ph\u00eda \u0111\u00f4ng Jutland. Nhi\u1ec7t \u0111\u1ed9 dao \u0111\u1ed9ng t\u1eeb trung b\u00ecnh 0,1 \u00b0C v\u00e0o th\u00e1ng 2 \u0111\u1ebfn 15,9 \u00b0C v\u00e0o th\u00e1ng 8 v\u00e0 v\u00f9ng n\u01b0\u1edbc ven bi\u1ec3n \u1ea5m l\u00ean \u0111\u1ebfn h\u01a1n 20 \u00b0C v\u00e0o gi\u1eefa m\u00f9a h\u00e8. Tuy nhi\u00ean, gi\u00f3 m\u00f9a thu t\u1eeb Kattegat th\u01b0\u1eddng mang \u0111\u1ebfn m\u01b0a v\u00e0 nh\u1eefng c\u01a1n gi\u00f3 gi\u1eadt m\u1ea1nh. \u00c1nh s\u00e1ng c\u0169ng thay \u0111\u1ed5i \u0111\u00e1ng k\u1ec3: v\u00e0o ng\u00e0y h\u1ea1 ch\u00ed, \u00e1nh s\u00e1ng ban ng\u00e0y k\u00e9o d\u00e0i t\u1eeb 04:26 \u0111\u1ebfn 21:58, trong khi ng\u00e0y \u0111\u00f4ng ch\u00ed ch\u1ec9 cung c\u1ea5p h\u01a1n b\u1ea3y gi\u1edd d\u01b0\u1edbi \u00e1nh m\u1eb7t tr\u1eddi m\u1ecdc l\u00fac 08:37 v\u00e0 l\u1eb7n l\u00fac 15:39.<\/p>\n<p>C\u1ea5u tr\u00fac \u0111\u00f4 th\u1ecb c\u1ee7a Aarhus \u0111\u01b0\u1ee3c x\u1ebfp l\u1edbp v\u1edbi c\u00e1c di s\u1ea3n ki\u1ebfn \u200b\u200btr\u00fac. M\u1ea1ng l\u01b0\u1edbi \u0111\u01b0\u1eddng ph\u1ed1 th\u1eddi trung c\u1ed5 v\u1eabn t\u1ed3n t\u1ea1i \u1edf Midtbyen, n\u01a1i nh\u1eefng con \u0111\u01b0\u1eddng h\u1eb9p\u2014trong \u0111\u00f3 c\u00f3 Posthussm\u00f8gen v\u00e0 Telefonsm\u00f8gen\u2014theo d\u1ea5u c\u00e1c tr\u1ea1m thu ph\u00ed c\u0169, v\u00e0 All\u00e9gaderingen theo sau c\u00e1c b\u1ee9c t\u01b0\u1eddng th\u00e0nh c\u1ed5 c\u1ee7a th\u1ecb tr\u1ea5n Viking. \u1ede Khu ph\u1ed1 Latinh, nh\u1eefng ng\u00f4i nh\u00e0 khung g\u1ed7 tr\u00ean ph\u1ed1 Mejlgade v\u00e0 Skolegade c\u00f3 ni\u00ean \u0111\u1ea1i t\u1eeb \u0111\u1ea7u nh\u1eefng n\u0103m 1600. S\u1ef1 nh\u1ea1y c\u1ea3m c\u1ee7a ch\u1ee7 ngh\u0129a T\u00e2n c\u1ed5 \u0111i\u1ec3n v\u00e0 L\u00e3ng m\u1ea1n qu\u1ed1c gia c\u1ee7a \u0110an M\u1ea1ch v\u00e0o cu\u1ed1i th\u1ebf k\u1ef7 XIX xu\u1ea5t hi\u1ec7n trong c\u00e1c thi\u1ebft k\u1ebf c\u1ee7a Hack Kampmann cho Cung \u0111i\u1ec7n Marselisborg v\u00e0 T\u00f2a nh\u00e0 H\u1ea3i quan, c\u1ea3 hai \u0111\u1ec1u ho\u00e0n th\u00e0nh v\u00e0o n\u0103m 1898. Ch\u1ee7 ngh\u0129a ch\u1ee9c n\u0103ng c\u1ee7a \u0110an M\u1ea1ch \u0111\u00e3 \u0111\u1ec3 l\u1ea1i d\u1ea5u \u1ea5n c\u1ee7a m\u00ecnh t\u1ea1i T\u00f2a th\u1ecb ch\u00ednh, m\u1ed9t s\u1ef1 h\u1ee3p t\u00e1c gi\u1eefa Arne Jacobsen v\u00e0 Erik M\u00f8ller \u0111\u01b0\u1ee3c \u1ed1p \u0111\u00e1 c\u1ea9m th\u1ea1ch, v\u00e0 trong t\u00f2a nh\u00e0 ch\u00ednh c\u1ee7a tr\u01b0\u1eddng \u0110\u1ea1i h\u1ecdc. Vi\u1ec7c t\u00e1i ph\u00e1t tri\u1ec3n m\u1eb7t ti\u1ec1n b\u1ebfn c\u1ea3ng v\u00e0 c\u00e1c d\u1ef1 \u00e1n nh\u00e0 cao t\u1ea7ng ng\u00e0y nay ph\u1ea3n \u00e1nh giai \u0111o\u1ea1n m\u1edbi nh\u1ea5t trong m\u1ed9t th\u00e0nh ph\u1ed1 li\u00ean t\u1ee5c \u0111\u1ecbnh h\u00ecnh \u0111\u01b0\u1eddng ch\u00e2n tr\u1eddi c\u1ee7a m\u00ecnh.<\/p>\n<p>C\u00e1c t\u1ed5 ch\u1ee9c v\u0103n h\u00f3a hi\u1ec7n di\u1ec7n \u1edf m\u1ecdi ng\u00f3c ng\u00e1ch c\u1ee7a th\u00e0nh ph\u1ed1. B\u1ea3o t\u00e0ng ph\u1ed1 c\u1ed5, Den Gamle By, \u0111\u01b0a du kh\u00e1ch \u0111\u1ebfn v\u1edbi \u0110an M\u1ea1ch \u0111\u00f4 th\u1ecb c\u1ee7a nh\u1eefng th\u1ebf k\u1ef7 tr\u01b0\u1edbc th\u00f4ng qua b\u1ea3y m\u01b0\u01a1i l\u0103m t\u00f2a nh\u00e0 \u0111\u00edch th\u1ef1c \u0111\u01b0\u1ee3c l\u1eafp r\u00e1p l\u1ea1i t\u1eeb kh\u1eafp c\u1ea3 n\u01b0\u1edbc. ARoS Aarhus Kunstmuseum, m\u1ed9t trong nh\u1eefng t\u1ed5 ch\u1ee9c ngh\u1ec7 thu\u1eadt l\u1edbn nh\u1ea5t Scandinavia, kh\u1ea3o s\u00e1t ngh\u1ec7 thu\u1eadt \u0110an M\u1ea1ch t\u1eeb th\u1ebf k\u1ef7 th\u1ee9 m\u01b0\u1eddi t\u00e1m tr\u1edf \u0111i v\u00e0 t\u00e1c ph\u1ea9m s\u1eafp \u0111\u1eb7t tr\u00ean m\u00e1i nh\u00e0 c\u1ee7a b\u1ea3o t\u00e0ng, Your Rainbow Panorama c\u1ee7a Olafur Eliasson, ph\u1ee7 l\u00ean th\u00e0nh ph\u1ed1 nh\u1eefng d\u1ea3i m\u00e0u thay \u0111\u1ed5i li\u00ean t\u1ee5c. C\u00e1c ph\u00f2ng tr\u01b0ng b\u00e0y kh\u1ea3o c\u1ed5 h\u1ecdc c\u1ee7a B\u1ea3o t\u00e0ng Moesg\u00e5rd tr\u01b0ng b\u00e0y Ng\u01b0\u1eddi \u0111\u00e0n \u00f4ng Grauballe v\u00e0 c\u00e1c l\u1ec5 hi\u1ebfn t\u1ebf v\u0169 kh\u00ed c\u1ed5 \u0111\u1ea1i, trong khi Kvindemuseet l\u1eadp bi\u1ec3u \u0111\u1ed3 v\u1ec1 vai tr\u00f2 c\u1ee7a ph\u1ee5 n\u1eef trong l\u1ecbch s\u1eed \u0110an M\u1ea1ch. B\u1ea3o t\u00e0ng L\u1ecbch s\u1eed T\u1ef1 nhi\u00ean c\u1ee7a tr\u01b0\u1eddng \u0110\u1ea1i h\u1ecdc, c\u00e1c c\u00e2u chuy\u1ec7n th\u1eddi chi\u1ebfn c\u1ee7a B\u1ea3o t\u00e0ng Chi\u1ebfm \u0111\u00f3ng, c\u00e1c m\u00e0n tr\u00ecnh di\u1ec5n khoa h\u1ecdc c\u1ee7a B\u1ea3o t\u00e0ng Steno v\u00e0 c\u00e1c b\u1ed9 s\u01b0u t\u1eadp khu v\u1ef1c c\u1ee7a Stiftsmuseum c\u00f9ng nhau bi\u1ebfn Aarhus th\u00e0nh n\u01a1i l\u01b0u gi\u1eef k\u00fd \u1ee9c qu\u1ed1c gia.<\/p>\n<p>Ngh\u1ec7 thu\u1eadt bi\u1ec3u di\u1ec5n ph\u00e1t tri\u1ec3n m\u1ea1nh \u1edf nh\u1eefng \u0111\u1ecba \u0111i\u1ec3m v\u1eeba mang t\u00ednh l\u1ecbch s\u1eed v\u1eeba mang t\u00ednh hi\u1ec7n \u0111\u1ea1i. Nh\u00e0 h\u00e1t Aarhus, s\u00e2n kh\u1ea5u t\u1ec9nh l\u1edbn nh\u1ea5t \u0110an M\u1ea1ch, m\u1edf c\u1eeda v\u00e0o n\u0103m 1916 theo phong c\u00e1ch ngh\u1ec7 thu\u1eadt m\u1edbi c\u1ee7a Hack Kampmann, v\u00e0 n\u1eb1m \u0111\u1ed1i di\u1ec7n v\u1edbi nh\u00e0 th\u1edd l\u1edbn tr\u00ean Bispetorvet. Musikhuset, ph\u00f2ng h\u00f2a nh\u1ea1c l\u1edbn nh\u1ea5t B\u1eafc \u00c2u v\u1edbi s\u1ee9c ch\u1ee9a h\u01a1n 3.600 ng\u01b0\u1eddi, l\u00e0 n\u01a1i t\u1ed5 ch\u1ee9c c\u00e1c bu\u1ed5i giao h\u01b0\u1edfng, opera v\u00e0 c\u00e1c bu\u1ed5i h\u00f2a nh\u1ea1c \u0111\u01b0\u01a1ng \u0111\u1ea1i. Nh\u1eefng kh\u00f4ng gian nh\u1ecf h\u01a1n\u2014t\u1eeb Svalegangen th\u1eed nghi\u1ec7m \u0111\u1ebfn s\u00e2n kh\u1ea5u thi\u1ebfu nhi Filuren\u2014nu\u00f4i d\u01b0\u1ee1ng s\u1ef1 \u0111a d\u1ea1ng c\u1ee7a s\u00e2n kh\u1ea5u. C\u00e1c \u0111\u1ecba \u0111i\u1ec3m \u00e2m nh\u1ea1c nh\u01b0 VoxHall, Atlas v\u00e0 Train Station ph\u1ea3n \u00e1nh s\u1ef1 \u1ee7ng h\u1ed9 l\u00e2u \u0111\u1eddi c\u1ee7a th\u00e0nh ph\u1ed1 \u0111\u1ed1i v\u1edbi nh\u1ea1c rock, nh\u1ea1c jazz v\u00e0 nh\u1ea1c \u0111i\u1ec7n t\u1eed, trong khi Godsbanen, \u0111\u01b0\u1ee3c t\u00e1i s\u1eed d\u1ee5ng t\u1eeb m\u1ed9t b\u00e3i h\u00e0ng, cung c\u1ea5p c\u00e1c ph\u00f2ng thu v\u00e0 kh\u00f4ng gian bi\u1ec3u di\u1ec5n cho c\u00e1c h\u00ecnh th\u1ee9c ngh\u1ec7 thu\u1eadt chi\u1ebft trung.<\/p>\n<p>L\u1ecbch c\u1ee7a Aarhus d\u00e0y \u0111\u1eb7c c\u00e1c l\u1ec5 h\u1ed9i v\u00e0 s\u1ef1 ki\u1ec7n. Festuge, m\u1ed9t l\u1ec5 h\u1ed9i m\u00f9a thu k\u00e9o d\u00e0i m\u01b0\u1eddi ng\u00e0y k\u1ec3 t\u1eeb n\u0103m 1965, bi\u1ebfn \u0111\u1ed5i khu v\u1ef1c trung t\u00e2m th\u00e0nh ph\u1ed1 th\u00f4ng qua c\u00e1c t\u00e1c ph\u1ea9m s\u1eafp \u0111\u1eb7t, bi\u1ec3u di\u1ec5n v\u00e0 di\u1ec5u h\u00e0nh. L\u1ec5 h\u1ed9i nh\u1ea1c Jazz Aarhus, \u0111\u01b0\u1ee3c th\u00e0nh l\u1eadp v\u00e0o n\u0103m 1988, t\u1ed5 ch\u1ee9c c\u00e1c bu\u1ed5i h\u00f2a nh\u1ea1c t\u1ea1i c\u00e1c \u0111\u1ecba \u0111i\u1ec3m l\u1ecbch s\u1eed v\u00e0 phi truy\u1ec1n th\u1ed1ng v\u00e0o m\u1ed7i th\u00e1ng 7. NorthSide, \u0111\u01b0\u1ee3c th\u00e0nh l\u1eadp v\u00e0o n\u0103m 2010, \u0111\u00e3 ph\u00e1t tri\u1ec3n th\u00e0nh m\u1ed9t \u0111i\u1ec3m \u0111\u1ebfn v\u00e0o gi\u1eefa th\u00e1ng 6 cho c\u00e1c ho\u1ea1t \u0111\u1ed9ng nh\u1ea1c pop v\u00e0 indie qu\u1ed1c t\u1ebf, trong khi L\u1ec5 h\u1ed9i Spot t\u00f4n vinh nh\u1eefng t\u00e0i n\u0103ng m\u1edbi n\u1ed5i c\u1ee7a B\u1eafc \u00c2u v\u00e0o m\u1ed7i m\u00f9a xu\u00e2n. C\u00e1c cu\u1ed9c t\u1ee5 h\u1ecdp nh\u1ecf h\u01a1n\u2014t\u1eeb &#034;L\u1ec5 h\u1ed9i x\u1ea5u x\u00ed nh\u1ea5t \u0110an M\u1ea1ch&#034; k\u1ef3 qu\u1eb7c \u1edf Brabrand \u0111\u1ebfn Nh\u00e0 h\u00e1t S\u1ed1ng qu\u1ed1c t\u1ebf hai n\u0103m m\u1ed9t l\u1ea7n\u2014l\u00e0 minh ch\u1ee9ng cho nhu c\u1ea7u kh\u00e1m ph\u00e1 ngh\u1ec7 thu\u1eadt c\u1ee7a th\u00e0nh ph\u1ed1. C\u00e1c ng\u00e0y l\u1ec5 t\u00f4n gi\u00e1o nh\u01b0 Ng\u00e0y l\u1ec5 Th\u00e1nh Lucy v\u00e0 \u0111\u00eam Sankt Hans kh\u01a1i d\u1eady c\u00e1c nghi l\u1ec5 ngo\u00e0i tr\u1eddi, v\u00e0 cu\u1ed9c \u0111ua thuy\u1ec1n c\u1ee7a tr\u01b0\u1eddng \u0111\u1ea1i h\u1ecdc, \u0111\u01b0\u1ee3c t\u1ed5 ch\u1ee9c h\u00e0ng n\u0103m k\u1ec3 t\u1eeb n\u0103m 1991, thu h\u00fat \u0111\u00e1m \u0111\u00f4ng \u0111\u1ebfn h\u1ed3 trong khu\u00f4n vi\u00ean tr\u01b0\u1eddng trong m\u1ed9t cu\u1ed9c thi gi\u00e0nh Chi\u1ebfc b\u00ecnh v\u00e0ng.<\/p>\n<p>Kh\u00f4ng gian xanh c\u0169ng \u0111\u1ecbnh h\u00ecnh n\u00ean tr\u1ea3i nghi\u1ec7m Aarhus. R\u1eebng Riis Skov v\u00e0 Marselisborg n\u1eb1m d\u1ecdc theo r\u00eca th\u00e0nh ph\u1ed1, nh\u1eefng l\u00f9m c\u00e2y s\u1ed3i c\u1ee7a ch\u00fang \u0111an xen v\u1edbi c\u00e1c tuy\u1ebfn \u0111\u01b0\u1eddng ch\u1ea1y b\u1ed9 v\u00e0 \u0111\u1ea1p xe. Trong t\u1ea7m nh\u00ecn c\u1ee7a th\u00e0nh ph\u1ed1, hai b\u1ed3n t\u1eafm bi\u1ec3n c\u00f4ng c\u1ed9ng\u2014Den Permanente v\u00e0 Ballehage\u2014m\u1eddi g\u1ecdi du kh\u00e1ch b\u01a1i l\u1ed9i quanh n\u0103m d\u01b0\u1edbi b\u1ea7u tr\u1eddi trong xanh. Dokk1, khu ph\u1ee9c h\u1ee3p v\u0103n h\u00f3a ph\u00eda tr\u01b0\u1edbc b\u1ebfn c\u1ea3ng \u0111\u01b0\u1ee3c kh\u00e1nh th\u00e0nh v\u00e0o n\u0103m 2015, l\u00e0 n\u01a1i \u0111\u1eb7t th\u01b0 vi\u1ec7n trung t\u00e2m v\u00e0 c\u00e1c d\u1ecbch v\u1ee5 c\u00f4ng d\u00e2n b\u00ean d\u01b0\u1edbi m\u1ed9t m\u00e1i nh\u00e0 g\u00f3c c\u1ea1nh r\u1ed9ng l\u1edbn. V\u01b0\u1eddn b\u00e1ch th\u1ea3o, c\u00f3 t\u1eeb n\u0103m 1875, l\u00e0 n\u01a1i b\u1ea3o v\u1ec7 c\u00e1c b\u1ed9 s\u01b0u t\u1eadp th\u1ef1c v\u1eadt di s\u1ea3n v\u00e0 nh\u00e0 k\u00ednh \u0111\u01b0\u1ee3c c\u1ea3i t\u1ea1o, trong khi b\u00e3i c\u1ecf tr\u1ea3i d\u00e0i v\u00e0 nh\u1eefng c\u00e2y s\u1ed3i c\u1ed5 th\u1ee5 c\u1ee7a C\u00f4ng vi\u00ean \u0110\u1ea1i h\u1ecdc l\u00e0 n\u01a1i \u1ea9n n\u00e1u b\u00ecnh y\u00ean t\u1ea1i trung t\u00e2m khu\u00f4n vi\u00ean tr\u01b0\u1eddng. C\u00f4ng vi\u00ean Marienlyst, c\u00f4ng vi\u00ean l\u1edbn nh\u1ea5t c\u1ee7a th\u00e0nh ph\u1ed1 v\u1edbi di\u1ec7n t\u00edch 55 ha, t\u1ef1 h\u00e0o c\u00f3 r\u1eebng c\u00e2y, \u0111\u1ed3ng c\u1ecf v\u00e0 s\u00e2n th\u1ec3 thao b\u00ean ngo\u00e0i r\u00eca Hasle.<\/p>\n<p>N\u1ec1n kinh t\u1ebf c\u1ee7a Aarhus \u0111\u00e3 ph\u00e1t tri\u1ec3n t\u1eeb ngu\u1ed3n g\u1ed1c n\u00f4ng nghi\u1ec7p v\u00e0 s\u1ef1 b\u00f9ng n\u1ed5 s\u1ea3n xu\u1ea5t th\u00e0nh s\u1ef1 th\u1ed1ng tr\u1ecb c\u1ee7a tri th\u1ee9c v\u00e0 d\u1ecbch v\u1ee5. C\u1ea3ng Aarhus, m\u1ed9t th\u1ef1c th\u1ec3 t\u1ef1 qu\u1ea3n, x\u1eed l\u00fd h\u01a1n m\u1ed9t n\u1eeda l\u01b0u l\u01b0\u1ee3ng container c\u1ee7a \u0110an M\u1ea1ch v\u00e0 x\u1eed l\u00fd h\u01a1n 9,5 tri\u1ec7u t\u1ea5n h\u00e0ng h\u00f3a m\u1ed7i n\u0103m. C\u00e1c c\u00f4ng ty v\u1eadn chuy\u1ec3n v\u00e0 h\u00e3ng container ch\u00ednh c\u1ee7a \u0110an M\u1ea1ch gh\u00e9 v\u00e0o \u0111\u00e2y, c\u0169ng nh\u01b0 c\u00e1c t\u00e0u du l\u1ecbch kh\u00e1m ph\u00e1 v\u00f9ng Baltic. C\u00e1c b\u1ebfn ph\u00e0 v\u00e0 t\u00e0u l\u0103n v\u1eabn duy tr\u00ec k\u1ebft n\u1ed1i \u0111\u1ebfn Copenhagen, Ph\u1ea7n Lan v\u00e0 Kalundborg, tuy\u1ebfn h\u00e0nh kh\u00e1ch hi\u1ec7n t\u1ea1i \u0111\u1ebfn Zealand v\u1eadn chuy\u1ec3n hai tri\u1ec7u du kh\u00e1ch m\u1ed7i n\u0103m tr\u00ean c\u00e1c t\u00e0u Mols-Linien. Tr\u1ee5 s\u1edf c\u00f4ng ty c\u1ee7a Vestas, Arla Foods, Salling Group v\u00e0 Jysk neo gi\u1eef danh m\u1ee5c \u0111\u1ea7u t\u01b0 c\u00f4ng nghi\u1ec7p c\u1ee7a th\u00e0nh ph\u1ed1, ngay c\u1ea3 khi n\u00f4ng nghi\u1ec7p \u0111ang tho\u00e1i lui v\u1ec1 c\u00e1c qu\u1eadn ngo\u1ea1i vi.<\/p>\n<p>C\u00e1c trung t\u00e2m \u0111\u1ed5i m\u1edbi t\u1eadp trung xung quanh tr\u01b0\u1eddng \u0111\u1ea1i h\u1ecdc. INCUBA Science Park, ra \u0111\u1eddi t\u1eeb s\u00e1ng ki\u1ebfn \u200b\u200bnghi\u00ean c\u1ee9u n\u0103m 1986, nu\u00f4i d\u01b0\u1ee1ng c\u00e1c c\u00f4ng ty kh\u1edfi nghi\u1ec7p v\u1ec1 CNTT v\u00e0 y sinh tr\u00ean b\u1ed1n c\u01a1 s\u1edf, bao g\u1ed3m Navitas Park chung v\u1edbi c\u00e1c k\u1ef9 s\u01b0 h\u00e0ng h\u1ea3i. Agro Food Park \u1edf Skejby h\u1ee3p nh\u1ea5t c\u00e1c doanh nghi\u1ec7p khoa h\u1ecdc th\u1ef1c ph\u1ea9m d\u01b0\u1edbi m\u1ed9t m\u00e1i nh\u00e0 v\u00e0 s\u1eafp tr\u1edf th\u00e0nh n\u01a1i \u0111\u1eb7t trung t\u00e2m \u0111\u1ed5i m\u1edbi to\u00e0n c\u1ea7u c\u1ee7a Arla. Tr\u01b0\u1eddng Ki\u1ebfn tr\u00fac Aarhus g\u00f3p ph\u1ea7n t\u1ea1o n\u00ean m\u1ed9t &#034;c\u1ee5m ki\u1ebfn \u200b\u200btr\u00fac&#034; c\u00f9ng v\u1edbi c\u00e1c c\u00f4ng ty nh\u01b0 Schmidt Hammer Lassen v\u00e0 CF M\u00f8ller, trong khi c\u00e1c k\u1ebf ho\u1ea1ch cho m\u1ed9t khu s\u00e1ng t\u1ea1o t\u1ea1i b\u00e3i h\u00e0ng h\u00f3a c\u0169 d\u1ef1 \u0111o\u00e1n s\u1ebd c\u00f3 th\u00eam nhi\u1ec1u t\u00e0i n\u0103ng thi\u1ebft k\u1ebf t\u1eadp h\u1ee3p.<\/p>\n<p>D\u00e2n s\u1ed1 v\u00e0 gi\u00e1o d\u1ee5c \u0111an xen trong h\u1ed3 s\u01a1 tr\u1ebb trung c\u1ee7a Aarhus. 261.570 c\u01b0 d\u00e2n c\u1ee7a th\u00e0nh ph\u1ed1 c\u00f3 \u0111\u1ed9 tu\u1ed5i trung b\u00ecnh l\u00e0 37,5, th\u1ea5p nh\u1ea5t trong s\u1ed1 c\u00e1c th\u00e0nh ph\u1ed1 l\u1edbn c\u1ee7a \u0110an M\u1ea1ch. Nh\u1eefng ng\u01b0\u1eddi \u1edf \u0111\u1ed9 tu\u1ed5i \u0111\u00f4i m\u01b0\u01a1i t\u1ea1o th\u00e0nh nh\u00f3m l\u1edbn nh\u1ea5t, \u0111\u01b0\u1ee3c thu h\u00fat b\u1edfi c\u00e1c nghi\u00ean c\u1ee9u \u0111\u1ea1i h\u1ecdc v\u00e0 s\u1ef1 s\u00f4i \u0111\u1ed9ng v\u1ec1 v\u0103n h\u00f3a. H\u01a1n b\u1ed1n m\u01b0\u01a1i ph\u1ea7n tr\u0103m c\u00f3 b\u1eb1ng c\u1ea5p sau \u0111\u1ea1i h\u1ecdc v\u00e0 \u00edt h\u01a1n m\u01b0\u1eddi l\u0103m ph\u1ea7n tr\u0103m kh\u00f4ng c\u00f3 b\u1eb1ng c\u1ea5p trung h\u1ecdc. 330.639 c\u01b0 d\u00e2n c\u1ee7a th\u00e0nh ph\u1ed1 cho th\u1ea5y xu h\u01b0\u1edbng t\u01b0\u01a1ng t\u1ef1, v\u1edbi g\u1ea7n m\u1ed9t ph\u1ea7n ba \u0111i l\u1ea1i v\u00e0o Aarhus t\u1eeb c\u00e1c th\u1ecb tr\u1ea5n nh\u01b0 Randers, Silkeborg v\u00e0 Horsens.<\/p>\n<p>\u1ea8m th\u1ef1c v\u00e0 cu\u1ed9c s\u1ed1ng v\u1ec1 \u0111\u00eam ph\u1ea3n \u00e1nh tinh th\u1ea7n qu\u1ed1c t\u1ebf c\u1ee7a th\u00e0nh ph\u1ed1. C\u00e1c m\u00f3n \u0103n truy\u1ec1n th\u1ed1ng sm\u00f8rrebr\u00f8d v\u00e0 \u0110an M\u1ea1ch v\u1eabn t\u1ed3n t\u1ea1i t\u1ea1i c\u00e1c c\u01a1 s\u1edf c\u00f3 t\u1eeb h\u00e0ng th\u1ebf k\u1ef7 tr\u01b0\u1edbc nh\u01b0 City Hall Caf\u00e9 (th\u00e0nh l\u1eadp n\u0103m 1924) v\u00e0 qu\u00e1n r\u01b0\u1ee3u Peter Gift (th\u00e0nh l\u1eadp n\u0103m 1906). Nh\u1eefng nh\u00e0 c\u1ea3i ti\u1ebfn m\u1edbi c\u1ee7a B\u1eafc \u00c2u\u2014K\u00e4hler Villa Dining, H\u00e6rv\u00e6rk v\u00e0 Domestic\u2014\u1ee7ng h\u1ed9 c\u00e1c s\u1ea3n ph\u1ea9m theo m\u00f9a, trong khi c\u00e1c khu ch\u1ee3 tr\u00ean Frederiksbjerg cung c\u1ea5p pho m\u00e1t v\u00e0 th\u1ecbt ngu\u1ed9i \u0111\u1ecba ph\u01b0\u01a1ng. Aarhus \u0111\u00e3 tham gia h\u01b0\u1edbng d\u1eabn Michelin v\u00e0o n\u0103m 2015 v\u00e0 c\u00e1c nh\u00e0 h\u00e0ng cao c\u1ea5p nh\u01b0 Nordisk Spisehus v\u00e0 Substans \u0111\u00e3 gi\u00e0nh \u0111\u01b0\u1ee3c sao. C\u00e1c h\u1ed9i tr\u01b0\u1eddng \u1ea9m th\u1ef1c \u0111\u01b0\u1eddng ph\u1ed1\u2014bao g\u1ed3m Aarhus Street Food v\u00e0 Central Food Market\u2014cung c\u1ea5p h\u01b0\u01a1ng v\u1ecb qu\u1ed1c t\u1ebf trong c\u00e1c h\u1ed9i tr\u01b0\u1eddng chung. Sau ho\u00e0ng h\u00f4n, c\u00e1c qu\u00e1n bar t\u1eeb qu\u00e1n r\u01b0\u1ee3u \u1ea5m c\u00fang \u0111\u1ebfn c\u00e1c c\u00e2u l\u1ea1c b\u1ed9 sang tr\u1ecdng l\u00e0m n\u00e1o nhi\u1ec7t khu v\u1ef1c ven s\u00f4ng, Khu ph\u1ed1 Latinh v\u00e0 Frederiksbjerg. Nh\u1eefng \u0111\u1ecba \u0111i\u1ec3m nh\u01b0 Kup\u00e9, Ris Ras Filliongongong v\u00e0 Sherlock Holmes ph\u1ee5c v\u1ee5 nhi\u1ec1u kh\u1ea9u v\u1ecb kh\u00e1c nhau, trong khi Gbar v\u00e0 Caf\u00e9 Sappho kh\u1eb3ng \u0111\u1ecbnh s\u1ef1 \u1ee7ng h\u1ed9 c\u1ee7a th\u00e0nh ph\u1ed1 \u0111\u1ed1i v\u1edbi c\u1ed9ng \u0111\u1ed3ng LGBT.<\/p>\n<p>Trong su\u1ed1t m\u01b0\u1eddi hai th\u1ebf k\u1ef7, Aarhus \u0111\u00e3 t\u00e1i t\u1ea1o ch\u00ednh m\u00ecnh t\u1ea1i ng\u00e3 ba c\u1ee7a \u0111\u1ea5t li\u1ec1n v\u00e0 bi\u1ec3n c\u1ea3. Nh\u00e0 th\u1edd l\u1edbn v\u00e0 nh\u1eefng con \u0111\u01b0\u1eddng l\u00e1t \u0111\u00e1 cu\u1ed9i c\u1ee7a th\u00e0nh ph\u1ed1 c\u00f9ng t\u1ed3n t\u1ea1i v\u1edbi c\u00e1c ph\u00f2ng h\u00f2a nh\u1ea1c, c\u00f4ng vi\u00ean nghi\u00ean c\u1ee9u v\u00e0 nh\u1eefng con \u0111\u01b0\u1eddng m\u00f2n trong r\u1eebng. C\u00e1c b\u1ea3o t\u00e0ng l\u01b0u gi\u1eef qu\u00e1 kh\u1ee9 c\u1ee7a \u0110an M\u1ea1ch khi c\u00e1c l\u1ec5 h\u1ed9i t\u00f4n vinh hi\u1ec7n t\u1ea1i. M\u1ed7i d\u1ea5u ngo\u1eb7c k\u00e9p\u2014t\u1eeb ki\u1ebfn \u200b\u200btr\u00fac \u0111\u1ebfn n\u00f4ng nghi\u1ec7p, t\u1eeb c\u1ea3ng \u0111\u1ebfn c\u00f4ng vi\u00ean, t\u1eeb h\u1ecdc b\u1ed5ng \u0111\u1ebfn b\u00e0i h\u00e1t\u2014\u0111\u1ec1u g\u00f3p ph\u1ea7n t\u1ea1o n\u00ean m\u1ed9t th\u00e0nh ph\u1ed1 c\u00e2n b\u1eb1ng s\u1ee9c n\u1eb7ng c\u1ee7a l\u1ecbch s\u1eed v\u1edbi s\u1ee9c s\u1ed1ng c\u1ee7a tu\u1ed5i tr\u1ebb. \u1ede Aarhus, t\u00ednh li\u00ean t\u1ee5c v\u00e0 s\u1ef1 thay \u0111\u1ed5i h\u1ed9i t\u1ee5, m\u1eddi g\u1ecdi s\u1ef1 suy ng\u1eabm v\u1ec1 m\u1ed9t n\u01a1i m\u00e0 m\u1ecdi h\u00ecnh b\u00f3ng \u0111\u01b0\u1eddng ph\u1ed1 v\u00e0 \u0111\u01b0\u1eddng ch\u00e2n tr\u1eddi \u0111\u1ec1u n\u00f3i l\u00ean s\u1ef1 \u0111\u1ed5i m\u1edbi v\u00e0 kh\u1ea3 n\u0103ng ph\u1ee5c h\u1ed3i.<\/p>","protected":false},"excerpt":{"rendered":"<p>Aarhus, th\u00e0nh ph\u1ed1 l\u1edbn th\u1ee9 hai \u1edf \u0110an M\u1ea1ch, n\u1eb1m tr\u00ean b\u1edd bi\u1ec3n ph\u00eda \u0111\u00f4ng c\u1ee7a Jutland \u1edf bi\u1ec3n Kattegat, c\u00e1ch Copenhagen kho\u1ea3ng 187 km v\u1ec1 ph\u00eda t\u00e2y b\u1eafc. V\u1edbi d\u00e2n s\u1ed1 355.238 ng\u01b0\u1eddi trong th\u00e0nh ph\u1ed1 v\u00e0 1.431.733 ng\u01b0\u1eddi \u1edf khu v\u1ef1c \u0111\u00f4 th\u1ecb l\u1edbn h\u01a1n t\u00ednh \u0111\u1ebfn n\u0103m 2022, Aarhus l\u00e0 m\u1ed9t trung t\u00e2m \u0111\u00f4 th\u1ecb quan tr\u1ecdng c\u1ee7a \u0111\u1ea5t n\u01b0\u1edbc. Th\u00e0nh ph\u1ed1 s\u00f4i \u0111\u1ed9ng n\u00e0y, \u0111\u01b0\u1ee3c ch\u00ednh th\u1ee9c g\u1ecdi l\u00e0 \u00c5rhus t\u1eeb n\u0103m 1948 cho \u0111\u1ebfn ng\u00e0y 1 th\u00e1ng 1 n\u0103m 2011, c\u00f3 l\u1ecbch s\u1eed phong ph\u00fa c\u00f3 t\u1eeb cu\u1ed1i th\u1ebf k\u1ef7 th\u1ee9 8, ph\u00e1t tri\u1ec3n t\u1eeb m\u1ed9t khu \u0111\u1ecbnh c\u01b0 b\u1ebfn c\u1ea3ng khi\u00eam t\u1ed1n th\u00e0nh m\u1ed9t \u0111\u00f4 th\u1ecb th\u1ecbnh v\u01b0\u1ee3ng k\u1ebft h\u1ee3p nhu\u1ea7n nhuy\u1ec5n ngu\u1ed3n g\u1ed1c l\u1ecbch s\u1eed c\u1ee7a m\u00ecnh v\u1edbi s\u1ef1 n\u0103ng \u0111\u1ed9ng hi\u1ec7n \u0111\u1ea1i.<\/p>","protected":false},"author":1,"featured_media":2980,"parent":14261,"menu_order":0,"comment_status":"closed","ping_status":"closed","template":"elementor_theme","meta":{"_eb_attr":"","footnotes":""},"class_list":["post-14313","page","type-page","status-publish","has-post-thumbnail"],"_links":{"self":[{"href":"https:\/\/travelshelper.com\/vi\/wp-json\/wp\/v2\/pages\/14313","targetHints":{"allow":["GET"]}}],"collection":[{"href":"https:\/\/travelshelper.com\/vi\/wp-json\/wp\/v2\/pages"}],"about":[{"href":"https:\/\/travelshelper.com\/vi\/wp-json\/wp\/v2\/types\/page"}],"author":[{"embeddable":true,"href":"https:\/\/travelshelper.com\/vi\/wp-json\/wp\/v2\/users\/1"}],"replies":[{"embeddable":true,"href":"https:\/\/travelshelper.com\/vi\/wp-json\/wp\/v2\/comments?post=14313"}],"version-history":[{"count":0,"href":"https:\/\/travelshelper.com\/vi\/wp-json\/wp\/v2\/pages\/14313\/revisions"}],"up":[{"embeddable":true,"href":"https:\/\/travelshelper.com\/vi\/wp-json\/wp\/v2\/pages\/14261"}],"wp:featuredmedia":[{"embeddable":true,"href":"https:\/\/travelshelper.com\/vi\/wp-json\/wp\/v2\/media\/2980"}],"wp:attachment":[{"href":"https:\/\/travelshelper.com\/vi\/wp-json\/wp\/v2\/media?parent=14313"}],"curies":[{"name":"wp","href":"https:\/\/api.w.org\/{rel}","templated":true}]}}