{"id":14282,"date":"2024-09-19T08:01:29","date_gmt":"2024-09-19T08:01:29","guid":{"rendered":"https:\/\/travelshelper.com\/staging\/?page_id=14282"},"modified":"2026-03-11T23:24:36","modified_gmt":"2026-03-11T23:24:36","slug":"vejle","status":"publish","type":"page","link":"https:\/\/travelshelper.com\/vi\/destinations\/europe\/denmark\/vejle\/","title":{"rendered":"Vejle"},"content":{"rendered":"<p>Vejle, th\u00e0nh ph\u1ed1 l\u1edbn th\u1ee9 ch\u00edn c\u1ee7a \u0110an M\u1ea1ch v\u1edbi 62.011 c\u01b0 d\u00e2n t\u00ednh \u0111\u1ebfn ng\u00e0y 1 th\u00e1ng 1 n\u0103m 2025, m\u1edf ra n\u01a1i hai thung l\u0169ng s\u00f4ng g\u1eb7p nhau \u1edf \u0111\u1ea7u Vejle Fjord tr\u00ean B\u00e1n \u0111\u1ea3o Jutland. T\u1ea1i \u0111\u00e2y, nh\u1eefng ng\u1ecdn \u0111\u1ed3i c\u00f3 r\u1eebng m\u1ecdc l\u00ean d\u1ed1c \u0111\u1ee9ng \u1edf hai b\u00ean c\u1ee7a m\u1ed9t h\u00f2n \u0111\u1ea3o b\u0103ng h\u00e0 t\u1eebng neo gi\u1eef nh\u1eefng khu \u0111\u1ecbnh c\u01b0 \u0111\u1ea7u ti\u00ean. Trong nhi\u1ec1u th\u1ebf k\u1ef7, b\u1ebfn c\u1ea3ng, ng\u00e3 t\u01b0 \u0111\u01b0\u1eddng s\u1eaft, tuy\u1ebfn \u0111\u01b0\u1eddng cao t\u1ed1c v\u00e0 ki\u1ebfn \u200b\u200btr\u00fac s\u00e1ng t\u1ea1o \u0111\u00e3 \u0111\u1ecbnh h\u00ecnh c\u1ea3 ng\u00e0nh c\u00f4ng nghi\u1ec7p v\u00e0 b\u1ea3n s\u1eafc c\u1ee7a th\u00e0nh ph\u1ed1. Cu\u1ed9c \u0111\u1ed1i tho\u1ea1i li\u00ean t\u1ee5c c\u1ee7a Vejle gi\u1eefa c\u00e1c \u0111\u01b0\u1eddng vi\u1ec1n t\u1ef1 nhi\u00ean v\u00e0 tham v\u1ecdng c\u1ee7a con ng\u01b0\u1eddi th\u1ec3 hi\u1ec7n qua t\u1eebng \u0111\u01b0\u1eddng cong c\u1ee7a v\u1ecbnh h\u1eb9p, t\u1eebng b\u1edd s\u00f4ng \u0111\u01b0\u1ee3c ph\u1ee5c h\u1ed3i v\u00e0 t\u1eebng h\u00ecnh b\u00f3ng \u0111\u01b0\u1eddng ch\u00e2n tr\u1eddi hi\u1ec7n \u0111\u1ea1i.<\/p>\n<p>\u1ede r\u00eca n\u01b0\u1edbc, Vejle Fjord k\u00e9o d\u00e0i v\u00e0o \u0111\u1ea5t li\u1ec1n t\u1eeb Little Belt, thu h\u00fat c\u00e1c t\u00e0u thuy\u1ec1n v\u1ec1 ph\u00eda b\u1eafc h\u01b0\u1edbng t\u1edbi Baltic v\u00e0 ti\u1ebfp t\u1ee5c qua Kattegat \u0111\u1ebfn \u0110\u1ea1i T\u00e2y D\u01b0\u01a1ng. Trung t\u00e2m ban \u0111\u1ea7u c\u1ee7a th\u00e0nh ph\u1ed1 n\u1eb1m tr\u00ean m\u1ed9t h\u00f2n \u0111\u1ea3o \u0111\u01b0\u1ee3c b\u1ed3i \u0111\u1eafp b\u1edfi k\u1ef7 b\u0103ng h\u00e0 cu\u1ed1i c\u00f9ng; t\u1ea1i \u0111\u00e2y, Torvegade \u0111i theo nh\u1eefng con \u0111\u01b0\u1eddng \u0111\u1ea7u ti\u00ean \u0111\u01b0\u1ee3c c\u00e1c th\u01b0\u01a1ng nh\u00e2n \u0111\u1ea7u ti\u00ean t\u1ea1o ra, trong khi c\u00e1c t\u1ea5m k\u00ednh \u0111\u01b0\u1ee3c \u0111\u1eb7t tr\u00ean v\u1ec9a h\u00e8 d\u00e0nh cho ng\u01b0\u1eddi \u0111i b\u1ed9 hi\u1ec7n \u0111\u1ec3 l\u1ed9 d\u1ea5u v\u1ebft c\u1ee7a con \u0111\u01b0\u1eddng ch\u1ee3 th\u1eddi trung c\u1ed5 b\u00ean d\u01b0\u1edbi. M\u1eb7c d\u00f9 th\u1ecb tr\u1ea5n b\u1eaft \u0111\u1ea7u l\u00e0 m\u1ed9t c\u1ee5m ven s\u00f4ng khi\u00eam t\u1ed1n, nh\u01b0ng v\u1ecb tr\u00ed c\u1ee7a n\u00f3 n\u1eb1m tr\u00ean hai tuy\u1ebfn \u0111\u01b0\u1eddng th\u1ee7y h\u1ed9i t\u1ee5\u2014S\u00f4ng Vejle v\u00e0 S\u00f4ng Grejs h\u1eb9p h\u01a1n\u2014\u0111\u00e3 \u0111\u1ea3m b\u1ea3o d\u00f2ng ch\u1ea3y \u1ed5n \u0111\u1ecbnh c\u1ee7a h\u00e0ng h\u00f3a, con ng\u01b0\u1eddi v\u00e0 \u00fd t\u01b0\u1edfng.<\/p>\n<p>Ph\u00eda tr\u00ean th\u1ecb tr\u1ea5n, \u0111\u1ed9 cao khi\u00eam t\u1ed1n c\u1ee7a khu v\u1ef1c n\u00e0y tr\u1edf n\u00ean k\u1ecbch t\u00ednh qu\u00e1 m\u1ee9c. V\u1edbi \u0111i\u1ec3m t\u1ef1 nhi\u00ean cao nh\u1ea5t c\u1ee7a \u0110an M\u1ea1ch ch\u1ec9 cao h\u01a1n 170 m\u00e9t, nh\u1eefng ng\u1ecdn \u0111\u1ed3i \u1edf ph\u00eda b\u1eafc v\u00e0 ph\u00eda nam Vejle \u0111\u00f3ng khung \u0111\u01b0\u1eddng ch\u00e2n tr\u1eddi c\u1ee7a n\u00f3. Thung l\u0169ng s\u00f4ng Vejle, tr\u1ea3i d\u00e0i kh\u00f4ng b\u1ecb gi\u00e1n \u0111o\u1ea1n nh\u01b0 thung l\u0169ng \u0111\u01b0\u1eddng h\u1ea7m d\u00e0i nh\u1ea5t c\u1ee7a qu\u1ed1c gia, d\u1eabn n\u01b0\u1edbc m\u01b0a v\u1ec1 ph\u00eda v\u1ecbnh h\u1eb9p qua c\u00e1c b\u1edd d\u1ed1c thoai tho\u1ea3i; Thung l\u0169ng Grejs c\u1eaft s\u1eafc n\u00e9t h\u01a1n, t\u1ea1o ra khe n\u00fai s\u00e2u nh\u1ea5t c\u1ee7a \u0110an M\u1ea1ch. C\u1ea3 hai thung l\u0169ng \u0111\u1ec1u t\u1eebng che ch\u1edf cho c\u00e1c c\u1ed9ng \u0111\u1ed3ng n\u00f4ng nghi\u1ec7p nh\u1ecf; ng\u00e0y nay, ch\u00fang \u0111\u01b0\u1ee3c b\u0103ng qua b\u1edfi nh\u1eefng con \u0111\u01b0\u1eddng m\u00f2n \u0111i b\u1ed9 \u0111\u01b0\u1eddng d\u00e0i \u0111\u1ec3 l\u1ed9 c\u00e1c l\u1edbp \u0111\u00e1 v\u00f4i nh\u00f4 ra, nh\u1eefng t\u1ea3ng \u0111\u00e1 ph\u1ee7 r\u00eau v\u00e0 ti\u1ebfng x\u00e0o x\u1ea1c c\u1ee7a c\u00e2y s\u1ed3i v\u00e0 c\u00e2y s\u1ed3i.<\/p>\n<p>Trung t\u00e2m d\u00e0nh cho ng\u01b0\u1eddi \u0111i b\u1ed9 c\u1ee7a th\u00e0nh ph\u1ed1 n\u1eb1m d\u1ecdc theo Algade, m\u1ed9t con ph\u1ed1 r\u1ed9ng l\u00e1t \u0111\u00e1 v\u1edbi nhi\u1ec1u c\u1eeda h\u00e0ng, qu\u00e1n c\u00e0 ph\u00ea v\u00e0 trung t\u00e2m mua s\u1eafm Bryggen. M\u1edf c\u1eeda v\u00e0o cu\u1ed1i th\u1ebf k\u1ef7 20, Bryggen c\u00f3 ba m\u01b0\u01a1i t\u00e1m c\u1eeda h\u00e0ng d\u01b0\u1edbi m\u1ed9t m\u00e1i che b\u1eb1ng k\u00ednh duy nh\u1ea5t, c\u00e1c g\u00f3c s\u1eafc n\u00e9t c\u1ee7a n\u00f3 ph\u1ea3n chi\u1ebfu \u00e1nh s\u00e1ng c\u1ee7a v\u1ecbnh h\u1eb9p. G\u1ea7n \u0111\u00f3, kh\u00e1i ni\u1ec7m Paladspassagen Social Dining n\u1eb1m trong Trung t\u00e2m mua s\u1eafm Mary&#039;s c\u0169, chuy\u1ec3n \u0111\u1ed5i c\u00e1c t\u1ea7ng c\u1ee7a c\u1eeda h\u00e0ng b\u00e1ch h\u00f3a c\u0169 th\u00e0nh nh\u1eefng chi\u1ebfc b\u00e0n d\u00e0i chung v\u00e0 b\u1ebfp m\u1edf, n\u01a1i nh\u1eefng nh\u00e0 s\u1ea3n xu\u1ea5t trong khu v\u1ef1c tr\u00ecnh b\u00e0y c\u00e1c m\u00f3n \u0103n theo phong c\u00e1ch \u1ea9m th\u1ef1c \u0111\u01b0\u1eddng ph\u1ed1 tr\u00ean nh\u1eefng chi\u1ebfc b\u00e0n d\u00e0i chung, th\u1ed5i lu\u1ed3ng sinh kh\u00ed m\u1edbi v\u00e0o nh\u1eefng h\u00e0nh lang v\u1ed1n y\u00ean t\u0129nh.<\/p>\n<p>Kh\u00f4ng gian c\u00f4ng c\u1ed9ng c\u1ee7a Vejle \u0111\u00e3 \u0111\u01b0\u1ee3c \u0111\u1ecbnh h\u00ecnh l\u1ea1i v\u1edbi s\u1ef1 ch\u0103m s\u00f3c t\u01b0\u01a1ng \u0111\u01b0\u01a1ng. V\u00e0o nh\u1eefng n\u0103m 1990, c\u00e1c nh\u00e0 quy ho\u1ea1ch \u0111\u00f4 th\u1ecb \u0111\u00e3 \u00e1p d\u1ee5ng ch\u00ednh s\u00e1ch ki\u1ebfn \u200b\u200btr\u00fac ch\u00ednh th\u1ee9c \u0111\u1ea7u ti\u00ean c\u1ee7a \u0110an M\u1ea1ch, y\u00eau c\u1ea7u ch\u1ea5t l\u01b0\u1ee3ng v\u00e0 s\u1ef1 g\u1eafn k\u1ebft cho c\u00e1c d\u1ef1 \u00e1n ph\u00e1t tri\u1ec3n m\u1edbi. \u1ede r\u00eca n\u01b0\u1edbc, The Wave\u2014B\u00f8lgen\u2014nh\u00f4 l\u00ean th\u00e0nh b\u1ed1n t\u1ea7ng u\u1ed1n l\u01b0\u1ee3n b\u1eb1ng b\u00ea t\u00f4ng tr\u1eafng v\u00e0 k\u00ednh, m\u1ed7i t\u1ea7ng nh\u00f4 ra v\u01b0\u01a1n l\u00ean b\u1ea7u tr\u1eddi trong ti\u1ebfng v\u1ecdng c\u1ee7a bi\u1ec3n \u0111ang cu\u1ed9n tr\u00e0o. G\u1ea7n \u0111\u00f3, c\u00e1c t\u00e1c ph\u1ea9m ngh\u1ec7 thu\u1eadt l\u00e0m n\u1ed5i b\u1eadt c\u00e1c b\u1ebfn c\u1ea3ng c\u00f4ng nghi\u1ec7p tr\u01b0\u1edbc \u0111\u00e2y; v\u00e0 trong m\u1ed9t d\u1ef1 \u00e1n g\u1ea7n \u0111\u00e2y, c\u1ed1ng ng\u1ea7m t\u1eebng ch\u00f4n v\u00f9i S\u00f4ng Grejs b\u00ean d\u01b0\u1edbi c\u00e1c con ph\u1ed1 \u1edf trung t\u00e2m th\u00e0nh ph\u1ed1 \u0111\u00e3 \u0111\u01b0\u1ee3c khai qu\u1eadt. Ng\u00e0y nay, d\u00f2ng n\u01b0\u1edbc trong v\u1eaft c\u1ee7a n\u00f3 ch\u1ea3y d\u1ecdc theo m\u1ed9t k\u00eanh \u0111\u01b0\u1ee3c t\u1ea1o c\u1ea3nh quan, \u0111\u01b0\u1ee3c bao quanh b\u1edfi c\u00e1c kh\u1ed1i \u0111\u00e1 granit v\u00e0 c\u00e2y tr\u1ed3ng b\u1ea3n \u0111\u1ecba.<\/p>\n<p>B\u1ea3n th\u00e2n b\u1ebfn c\u1ea3ng c\u00f3 t\u1eeb n\u0103m 1827, khi l\u01b0u v\u1ef1c \u0111\u1ea7u ti\u00ean m\u1edf c\u1eeda cho ho\u1ea1t \u0111\u1ed9ng th\u01b0\u01a1ng m\u1ea1i ven bi\u1ec3n. \u0110\u1ebfn gi\u1eefa th\u1ebf k\u1ef7 20, Vejle \u0111\u00e3 v\u01b0\u01a1n l\u00ean tr\u1edf th\u00e0nh c\u1ea3ng b\u1eadn r\u1ed9n th\u1ee9 hai c\u1ee7a \u0110an M\u1ea1ch sau Copenhagen. C\u00e1c t\u00e0u h\u01a1i n\u01b0\u1edbc nh\u01b0 Hvidbjerg v\u00e0 Jeppe Jensen t\u1eebng ch\u1ea1y d\u1ecdc theo v\u1ecbnh h\u1eb9p v\u00e0 b\u1edd bi\u1ec3n, n\u1ed1i Vejle v\u1edbi c\u00e1c khu ngh\u1ec9 d\u01b0\u1ee1ng v\u00e0 khu \u0111i\u1ec1n trang ven bi\u1ec3n. Trong khi c\u00e1c nh\u00e0 ga h\u00e0ng h\u00f3a hi\u1ec7n \u0111\u1ea1i v\u1eabn ti\u1ebfp t\u1ee5c x\u1eed l\u00fd h\u00e0ng r\u1eddi, c\u00e1c nh\u00e0 quy ho\u1ea1ch th\u00e0nh ph\u1ed1 hi\u1ec7n \u0111\u1ec1 xu\u1ea5t chuy\u1ec3n \u0111\u1ed5i c\u00e1c b\u1ebfn t\u00e0u ph\u00eda b\u1eafc th\u00e0nh c\u00f4ng vi\u00ean ven s\u00f4ng v\u00e0 nh\u00e0 \u1edf\u2014nh\u1eefng n\u1ed7 l\u1ef1c s\u1ebd kh\u00f4i ph\u1ee5c l\u1ea1i m\u1ed1i li\u00ean k\u1ebft tr\u1ef1c ti\u1ebfp v\u1ec1 m\u1eb7t th\u1ecb gi\u00e1c v\u00e0 v\u1eadt l\u00fd gi\u1eefa th\u1ecb tr\u1ea5n v\u00e0 bi\u1ec3n.<\/p>\n<p>M\u1ea1ng l\u01b0\u1edbi giao th\u00f4ng c\u1ee7a Vejle m\u1edf r\u1ed9ng v\u01b0\u1ee3t xa v\u1ecbnh h\u1eb9p v\u00e0 c\u1ea3ng c\u1ee7a th\u00e0nh ph\u1ed1. \u0110\u01b0\u1eddng cao t\u1ed1c E45 c\u1ee7a ch\u00e2u \u00c2u tr\u1ea3i d\u00e0i qua Little Belt qua C\u1ea7u Vejle Fjord, hai m\u00e1i v\u00f2m c\u1ee7a c\u1ea7u b\u1eafc qua m\u1eb7t n\u01b0\u1edbc v\u00e0 b\u1ea7u tr\u1eddi. Ngay b\u00ean ngo\u00e0i c\u00e2y c\u1ea7u l\u00e0 L\u1ed1i ra 59\u2014\u0111\u01b0\u1ee3c g\u1ecdi tr\u00ecu m\u1ebfn l\u00e0 \u201cC\u1ed5ng E45\u201d\u2014n\u01a1i c\u00e1c trung t\u00e2m h\u1eadu c\u1ea7n, c\u1eeda h\u00e0ng th\u1ee9c \u0103n nhanh v\u00e0 b\u00e3i \u0111\u1ed7 xe chung \u0111\u00e1nh d\u1ea5u m\u1ed9t trong nh\u1eefng n\u00fat giao v\u1eadn t\u1ea3i h\u00e0ng h\u00f3a b\u1eadn r\u1ed9n nh\u1ea5t c\u1ee7a \u0110an M\u1ea1ch, \u0111\u01b0\u1ee3c neo \u0111\u1eadu b\u1edfi Trung t\u00e2m Giao th\u00f4ng qu\u1ed1c gia (DTC). V\u1ec1 ph\u00eda b\u1eafc, \u0110\u01b0\u1eddng cao t\u1ed1c Mid-Jutland v\u00e0 Tuy\u1ebfn \u0111\u01b0\u1eddng ch\u00ednh 28 b\u0103ng qua v\u00f9ng \u0111\u1ea5t n\u00f4ng nghi\u1ec7p nh\u1ea5p nh\u00f4, k\u1ebft n\u1ed1i Vejle v\u1edbi Herning v\u00e0 xa h\u01a1n n\u1eefa.<\/p>\n<p>Tuy\u1ebfn \u0111\u01b0\u1eddng s\u1eaft h\u1ed9i t\u1ee5 \u1edf \u0111\u00e2y c\u0169ng quy\u1ebft li\u1ec7t nh\u01b0 c\u00e1c con s\u00f4ng. Ga xe l\u1eeda Vejle\u2014m\u1edf c\u1eeda v\u00e0o n\u0103m 1868\u2014\u0111\u00f3ng vai tr\u00f2 l\u00e0 \u0111i\u1ec3m trung chuy\u1ec3n gi\u1eefa Tuy\u1ebfn \u0110\u00f4ng Jutland t\u1eeb Aarhus v\u00e0 Tuy\u1ebfn Trung Jutland t\u1eeb Struer. V\u1ec1 ph\u00eda nam, tuy\u1ebfn ti\u1ebfp t\u1ee5c qua Fredericia, n\u01a1i c\u00e1c tuy\u1ebfn r\u1ebd nh\u00e1nh v\u1ec1 ph\u00eda Odense v\u00e0 Copenhagen, v\u1ec1 ph\u00eda Esbjerg qua Kolding, v\u00e0 th\u1eadm ch\u00ed v\u1ec1 ph\u00eda Hamburg. Tuy nhi\u00ean, t\u01b0\u01a1ng lai c\u1ee7a nh\u00e0 ga v\u1eabn \u0111ang \u0111\u01b0\u1ee3c tranh lu\u1eadn: m\u1ed9t s\u1ed1 nh\u00e0 ho\u1ea1ch \u0111\u1ecbnh ch\u00ednh s\u00e1ch \u1ee7ng h\u1ed9 vi\u1ec7c b\u0103ng qua v\u1ecbnh h\u1eb9p th\u1ee9 hai \u0111\u1ec3 r\u00fat ng\u1eafn th\u1eddi gian di chuy\u1ec3n gi\u1eefa Odense v\u00e0 Aarhus, m\u1ed9t \u0111\u1ec1 xu\u1ea5t c\u00f3 th\u1ec3 b\u1ecf qua ho\u00e0n to\u00e0n Ga Vejle.<\/p>\n<p>C\u00e1c khu ph\u1ed1 c\u1ee7a th\u00e0nh ph\u1ed1 mang \u0111\u1ebfn m\u1ed9t b\u1ee9c tranh t\u01b0\u01a1ng ph\u1ea3n. G\u1ea7n trung t\u00e2m, N\u00f8rremarken tr\u1ea3i d\u00e0i tr\u00ean nh\u1eefng s\u01b0\u1eddn \u0111\u1ed3i c\u00f3 r\u1eebng, n\u01a1i S\u00e2n v\u1eadn \u0111\u1ed9ng Vejle n\u1eb1m gi\u1eefa nh\u1eefng r\u1eb7ng th\u00f4ng. V\u1ec1 ph\u00eda nam, S\u00f8ndermarken tr\u1ea3i d\u00e0i n\u01a1i t\u1eebng c\u00f3 m\u1ed9t dinh th\u1ef1 c\u0169; c\u1ed1i xay gi\u00f3 c\u1ee7a n\u00f3 n\u1eb1m tr\u00ean \u0111\u1ec9nh v\u00e1ch \u0111\u00e1, \u0111\u01b0\u1ee3c s\u01a1n m\u00e0u tr\u1eafng tr\u00ean \u0111\u01b0\u1eddng vi\u1ec1n c\u00e2y v\u00e0 \u0111\u00f3ng vai tr\u00f2 l\u00e0 bi\u1ec3u t\u01b0\u1ee3ng c\u1ee7a th\u1ecb tr\u1ea5n. Xa h\u01a1n n\u1eefa, thung l\u0169ng Grejsdalen l\u00e0 n\u01a1i c\u00f3 nh\u1eefng ng\u00f4i nh\u00e0 gia \u0111\u00ecnh v\u00e0 nh\u1eefng con \u0111\u01b0\u1eddng nh\u1ecf h\u1eb9p; Hover, Lille Grundet v\u00e0 Store Grundet t\u1eadp trung tr\u00ean nh\u1eefng ng\u1ecdn \u0111\u1ed3i li\u1ec1n k\u1ec1. V\u1ec1 ph\u00eda \u0111\u00f4ng, M\u00f8lholm v\u00e0 Vinding nh\u00ecn ra v\u1ecbnh h\u1eb9p, trong khi v\u1ec1 ph\u00eda t\u00e2y l\u00e0 Skibet v\u00e0 Knabberup, \u0111\u00e1nh d\u1ea5u ranh gi\u1edbi c\u1ee7a th\u00e0nh ph\u1ed1 v\u1edbi s\u1ef1 ph\u00e1t tri\u1ec3n n\u00f4ng th\u00f4n.<\/p>\n<p>C\u00f4ng nghi\u1ec7p v\u00e0 th\u01b0\u01a1ng m\u1ea1i lu\u00f4n \u0111\u1ecbnh h\u00ecnh la b\u00e0n c\u1ee7a Vejle. C\u00e1c nh\u00e0 m\u00e1y d\u1ec7t v\u00e0 kim lo\u1ea1i \u1edf \u0111\u00e2y t\u1eebng thu h\u00fat c\u00f4ng nh\u00e2n t\u1eeb kh\u1eafp Jutland; ng\u00e0y nay, c\u00e1c c\u00f4ng ty c\u00f4ng ngh\u1ec7 cao, nh\u00e0 cung c\u1ea5p d\u1ecbch v\u1ee5 v\u00e0 doanh nghi\u1ec7p h\u1eadu c\u1ea7n th\u1ed1ng tr\u1ecb s\u1ed1 li\u1ec7u th\u1ed1ng k\u00ea vi\u1ec7c l\u00e0m t\u1ea1i Khu v\u1ef1c Tam gi\u00e1c c\u00f9ng v\u1edbi Kolding v\u00e0 Fredericia. B\u00e1n l\u1ebb v\u1eabn gi\u1eef \u0111\u01b0\u1ee3c t\u1ea7m quan tr\u1ecdng c\u1ee7a \u0111\u1ecba ph\u01b0\u01a1ng: c\u01b0 d\u00e2n v\u00e0 du kh\u00e1ch \u0111\u1ec1u t\u00ecm th\u1ea5y nhi\u1ec1u l\u1ef1a ch\u1ecdn chu\u1ed7i c\u1eeda h\u00e0ng v\u00e0 c\u1eeda h\u00e0ng \u0111\u1eb7c s\u1ea3n d\u1ecdc theo l\u1ed1i \u0111i d\u1ea1o ch\u00ednh\u2014v\u00e0 theo m\u1ecdi h\u01b0\u1edbng t\u1eeb trung t\u00e2m trung chuy\u1ec3n, xe bu\u00fdt \u0111\u1ecba ph\u01b0\u01a1ng t\u1ecfa ra ch\u00edn tuy\u1ebfn \u0111\u1ec3 ph\u1ee5c v\u1ee5 t\u1eebng qu\u1eadn.<\/p>\n<p>Tuy nhi\u00ean, Vejle kh\u00f4ng ch\u1ec9 l\u00e0 c\u00f4ng nghi\u1ec7p v\u00e0 ki\u1ebfn \u200b\u200btr\u00fac; n\u01a1i \u0111\u00e2y c\u00f2n l\u00e0 trung t\u00e2m ngh\u1ec7 thu\u1eadt v\u00e0 h\u1ecdc t\u1eadp. B\u1ea3o t\u00e0ng Ngh\u1ec7 thu\u1eadt Vejle, \u0111\u01b0\u1ee3c c\u1ea3i t\u1ea1o trong m\u1ed9t t\u00f2a nh\u00e0 c\u00f4ng nghi\u1ec7p c\u0169, tr\u01b0ng b\u00e0y b\u1ed9 s\u01b0u t\u1eadp c\u1ee7a W\u00f6rzner\u2014c\u00f3 c\u00e1c t\u00e1c ph\u1ea9m COBRA gi\u1eefa th\u1ebf k\u1ef7 20\u2014c\u00f9ng v\u1edbi m\u1ed9t b\u1ea3n kh\u1eafc \u0111\u1ed3ng hi\u1ebfm c\u1ee7a Rembrandt. T\u1ea1i B\u1ea3o t\u00e0ng Th\u1ecb tr\u1ea5n, c\u00e1c cu\u1ed9c tri\u1ec3n l\u00e3m theo d\u1ea5u s\u1ef1 ph\u00e1t tri\u1ec3n c\u1ee7a th\u00e0nh ph\u1ed1 t\u1eeb khu ch\u1ee3 th\u1eddi trung c\u1ed5 \u0111\u1ebfn trung t\u00e2m hi\u1ec7n \u0111\u1ea1i, n\u1eb1m trong nh\u00e0 m\u00e1y k\u00e9o s\u1ee3i c\u0169. Tr\u00ean kh\u1eafp th\u1ecb tr\u1ea5n, \u00d8kolariet cung c\u1ea5p c\u00e1c m\u00e0n tr\u00ecnh di\u1ec5n t\u01b0\u01a1ng t\u00e1c v\u1ec1 sinh th\u00e1i v\u00e0 t\u00e1i ch\u1ebf, c\u00e1c cu\u1ed9c tri\u1ec3n l\u00e3m th\u1ef1c h\u00e0nh c\u1ee7a b\u1ea3o t\u00e0ng thu h\u00fat c\u00e1c gia \u0111\u00ecnh v\u00e0 nh\u00f3m tr\u01b0\u1eddng h\u1ecdc.<\/p>\n<p>Truy\u1ec1n th\u1ed1ng \u00e2m nh\u1ea1c vang v\u1ecdng m\u1ed9t c\u00e1ch s\u00e2u s\u1eafc nh\u01b0 truy\u1ec1n th\u1ed1ng ki\u1ebfn \u200b\u200btr\u00fac. Nh\u00e0 so\u1ea1n nh\u1ea1c Jacob Gade, n\u1ed5i ti\u1ebfng v\u1edbi t\u00e1c ph\u1ea9m Tango Jalousie, sinh ra g\u1ea7n \u0111\u00f3; giai \u0111i\u1ec7u c\u1ee7a \u00f4ng v\u1eabn vang v\u1ecdng trong ch\u01b0\u01a1ng tr\u00ecnh t\u1ea1i Vejle Musikteater, n\u01a1i c\u00f3 kh\u00e1n ph\u00f2ng hi\u1ec7n \u0111\u1ea1i nh\u00ecn ra s\u00f4ng. Nh\u1eefng nh\u00e2n v\u1eadt v\u0103n h\u1ecdc nh\u01b0 Ulrik Gr\u00e4s v\u00e0 Inger Christensen c\u0169ng l\u1ea5y c\u1ea3m h\u1ee9ng t\u1eeb nh\u1eefng ng\u1ecdn \u0111\u1ed3i nh\u1ea5p nh\u00f4. S\u1ef1 ch\u00fa \u00fd c\u1ea9n th\u1eadn \u0111\u1ebfn t\u1eebng chi ti\u1ebft c\u1ee7a nh\u00e0 th\u01a1 ph\u1ea3n \u00e1nh c\u00e2u chuy\u1ec7n nhi\u1ec1u l\u1edbp c\u1ee7a th\u00e0nh ph\u1ed1, n\u01a1i m\u1ed7i b\u1ee9c t\u01b0\u1eddng \u0111\u00e1 v\u00e0 b\u1edd s\u00f4ng \u0111\u1ec1u ch\u1ee9a \u0111\u1ef1ng m\u1ed9t c\u00e2u chuy\u1ec7n v\u1ec1 ng\u00e0nh c\u00f4ng nghi\u1ec7p, \u0111\u1ee9c tin, ngh\u1ec7 thu\u1eadt v\u00e0 c\u1ed9ng \u0111\u1ed3ng.<\/p>\n<p>Nh\u1eefng \u0111i\u1ec1u k\u1ef3 l\u1ea1 v\u1ec1 l\u1ecbch s\u1eed hi\u1ec7n di\u1ec7n \u1edf nh\u1eefng khu v\u1ef1c l\u00e2u \u0111\u1eddi nh\u1ea5t c\u1ee7a Vejle. Nh\u00e0 th\u1edd St. Nicolai, c\u00f3 ni\u00ean \u0111\u1ea1i t\u1eeb gi\u1eefa th\u1ebf k\u1ef7 13, l\u00e0 n\u01a1i tr\u00fa ng\u1ee5 c\u1ee7a m\u1ed9t x\u00e1c \u01b0\u1edbp \u0111\u1ea7m l\u1ea7y \u0111\u01b0\u1ee3c g\u1ecdi l\u00e0 ng\u01b0\u1eddi ph\u1ee5 n\u1eef Haraldsk\u00e6r, \u0111\u01b0\u1ee3c khai qu\u1eadt t\u1eeb m\u1ed9t \u0111\u1ea7m l\u1ea7y than b\u00f9n g\u1ea7n \u0111\u00f3 v\u1edbi da v\u00e0 t\u00f3c c\u00f2n nguy\u00ean v\u1eb9n. Tr\u00ean m\u1ed9t b\u1ee9c t\u01b0\u1eddng, ng\u01b0\u1eddi ta cho r\u1eb1ng nh\u1eefng v\u1ebft l\u00f5m m\u1edd nh\u1ea1t l\u00e0 d\u1ea5u \u1ea5n h\u1ed9p s\u1ecd c\u1ee7a nh\u1eefng t\u00ean c\u01b0\u1edbp b\u1ecb h\u00e0nh quy\u1ebft \u1ea9n n\u00fap trong r\u1eebng\u2014m\u1ed9t truy\u1ec1n thuy\u1ebft \u0111\u1ecba ph\u01b0\u01a1ng mang \u0111\u1ebfn b\u1ea7u kh\u00f4ng kh\u00ed b\u1ea5t an cho h\u1ea7m m\u1ed9 \u0111\u00e1. Ng\u00f4i nh\u00e0 t\u00f9 c\u0169 li\u1ec1n k\u1ec1, \u0111\u01b0\u1ee3c t\u00edch h\u1ee3p v\u1edbi T\u00f2a th\u1ecb ch\u00ednh, \u0111\u00e3 gi\u00e0nh \u0111\u01b0\u1ee3c gi\u1ea3i th\u01b0\u1edfng l\u00e0m \u0111\u1eb9p sau khi \u0111\u01b0\u1ee3c tr\u00f9ng tu v\u00e0o n\u0103m 1984, c\u00e1c ph\u00f2ng giam nh\u1ecf c\u1ee7a n\u00f3 hi\u1ec7n vang v\u1ecdng nh\u1eefng c\u00e2u chuy\u1ec7n c\u00f3 h\u01b0\u1edbng d\u1eabn vi\u00ean tham quan thay v\u00ec nh\u1eefng c\u00e2u kinh trong t\u00f9.<\/p>\n<p>Ngay b\u00ean kia v\u1ecbnh h\u1eb9p l\u00e0 nh\u1eefng \u0111i\u1ec3m tham quan kh\u00e1c. C\u00e1c gia \u0111\u00ecnh h\u00e0nh h\u01b0\u01a1ng \u0111\u1ebfn Legoland nguy\u00ean b\u1ea3n \u1edf Billund, c\u00e1ch \u0111\u00f3 ba m\u01b0\u01a1i km v\u1ec1 ph\u00eda t\u00e2y nam, \u0111\u1ebfn \u0111\u00f3 b\u1eb1ng d\u1ecbch v\u1ee5 xe bu\u00fdt th\u01b0\u1eddng xuy\u00ean t\u1eeb trung t\u00e2m trung chuy\u1ec3n c\u1ee7a Vejle. Nh\u1eefng ng\u01b0\u1eddi \u0111am m\u00ea l\u1ecbch s\u1eed m\u1ea1o hi\u1ec3m \u0111\u1ebfn Jelling, n\u01a1i c\u00f3 nh\u1eefng vi\u00ean \u0111\u00e1 rune v\u00e0 g\u00f2 ch\u00f4n c\u1ea5t t\u1eeb \u200b\u200bth\u1ebf k\u1ef7 th\u1ee9 10 t\u1ea1o n\u00ean Di s\u1ea3n Th\u1ebf gi\u1edbi UNESCO h\u00e0ng \u0111\u1ea7u c\u1ee7a \u0110an M\u1ea1ch, k\u1ef7 ni\u1ec7m s\u1ef1 c\u1ea3i \u0111\u1ea1o c\u1ee7a ho\u00e0ng gia trong Th\u1eddi \u0111\u1ea1i Viking. S\u1ef1 g\u1ea7n g\u0169i c\u1ee7a Vejle v\u1edbi nh\u1eefng \u0111\u1ecba \u0111i\u1ec3m n\u00e0y l\u00e0m phong ph\u00fa th\u00eam m\u1ea1ng l\u01b0\u1edbi v\u0103n h\u00f3a c\u1ee7a ri\u00eang m\u00ecnh, \u0111\u1ecbnh v\u1ecb th\u00e0nh ph\u1ed1 v\u1eeba l\u00e0 c\u1eeda ng\u00f5 v\u1eeba l\u00e0 \u0111i\u1ec3m \u0111\u1ebfn.<\/p>\n<p>M\u1eb7c d\u00f9 c\u00f3 quy m\u00f4 khi\u00eam t\u1ed1n, nh\u01b0ng c\u00e1c cung t\u01b0\u1eddng thu\u1eadt c\u1ee7a Vejle l\u1ea1i r\u1ea5t r\u1ed9ng. \u0110\u00e2y l\u00e0 n\u01a1i \u0111\u1ecba ch\u1ea5t b\u0103ng h\u00e0 g\u1eb7p g\u1ee1 thi\u1ebft k\u1ebf ti\u00ean ti\u1ebfn, n\u01a1i nh\u1eefng con \u0111\u01b0\u1eddng ch\u1ee3 th\u1eddi trung c\u1ed5 n\u1eb1m b\u00ean d\u01b0\u1edbi nh\u1eefng con \u0111\u01b0\u1eddng d\u1ea1o b\u1ed9 hi\u1ec7n \u0111\u1ea1i v\u00e0 n\u01a1i c\u00e1c thung l\u0169ng b\u1ecb x\u00f3i m\u00f2n b\u1edfi c\u00e1c tuy\u1ebfn \u0111\u01b0\u1eddng th\u1ee7y tr\u1edf th\u00e0nh \u0111\u1ed9ng m\u1ea1ch xanh cho vi\u1ec7c kh\u00e1m ph\u00e1. Trong c\u00e1c c\u1eeda h\u00e0ng v\u00e0 ph\u00f2ng h\u00f2a nh\u1ea1c, c\u00e1c nh\u00e0 m\u00e1y v\u00e0 b\u1ea3o t\u00e0ng, Vejle duy tr\u00ec cu\u1ed9c \u0111\u1ed1i tho\u1ea1i gi\u1eefa qu\u00e1 kh\u1ee9 v\u00e0 t\u01b0\u01a1ng lai. \u1ede \u0111\u00e2y, trong nh\u1eefng n\u1ebfp g\u1ea5p c\u1ee7a nh\u1eefng ng\u1ecdn \u0111\u1ed3i c\u00f3 r\u1eebng v\u00e0 d\u1ecdc theo \u0111\u01b0\u1eddng cong c\u1ee7a m\u1ed9t v\u1ecbnh h\u1eb9p, th\u00e0nh ph\u1ed1 ti\u1ebfp t\u1ee5c t\u1ef1 \u0111\u1ecbnh ngh\u0129a m\u00ecnh\u2014kh\u00f4ng ph\u1ea3i b\u1eb1ng l\u1eddi l\u1ebd s\u00e1o r\u1ed7ng, m\u00e0 b\u1eb1ng s\u1ef1 t\u01b0\u01a1ng t\u00e1c b\u1ec1n b\u1ec9 c\u1ee7a c\u1ea3nh quan, lao \u0111\u1ed9ng v\u00e0 t\u1ea7m nh\u00ecn s\u00e1ng t\u1ea1o.<\/p>","protected":false},"excerpt":{"rendered":"<p>Vejle, m\u1ed9t th\u1ecb tr\u1ea5n v\u1ecbnh h\u1eb9p tuy\u1ec7t \u0111\u1eb9p n\u1eb1m \u1edf Nam Jutland, \u0110an M\u1ea1ch, c\u00f3 d\u00e2n s\u1ed1 l\u00e0 61.706 t\u00ednh \u0111\u1ebfn n\u0103m 2024, x\u1ebfp h\u1ea1ng l\u00e0 th\u00e0nh ph\u1ed1 l\u1edbn th\u1ee9 ch\u00edn trong c\u1ea3 n\u01b0\u1edbc. N\u1eb1m t\u1ea1i giao l\u1ed9 c\u1ee7a Vejle\u00c5dal v\u00e0 Grejsdalen, n\u01a1i ch\u00fang h\u1ed9i t\u1ee5 v\u1edbi ph\u1ea7n b\u00ean trong c\u1ee7a Vejle Fjord, khu v\u1ef1c n\u00e0y th\u1ec3 hi\u1ec7n t\u1ea7m quan tr\u1ecdng l\u1ecbch s\u1eed v\u00e0 th\u1ea9m m\u1ef9 t\u1ef1 nhi\u00ean c\u1ee7a \u0110an M\u1ea1ch.<\/p>","protected":false},"author":1,"featured_media":4494,"parent":14261,"menu_order":0,"comment_status":"closed","ping_status":"closed","template":"elementor_theme","meta":{"_eb_attr":"","footnotes":""},"class_list":["post-14282","page","type-page","status-publish","has-post-thumbnail"],"_links":{"self":[{"href":"https:\/\/travelshelper.com\/vi\/wp-json\/wp\/v2\/pages\/14282","targetHints":{"allow":["GET"]}}],"collection":[{"href":"https:\/\/travelshelper.com\/vi\/wp-json\/wp\/v2\/pages"}],"about":[{"href":"https:\/\/travelshelper.com\/vi\/wp-json\/wp\/v2\/types\/page"}],"author":[{"embeddable":true,"href":"https:\/\/travelshelper.com\/vi\/wp-json\/wp\/v2\/users\/1"}],"replies":[{"embeddable":true,"href":"https:\/\/travelshelper.com\/vi\/wp-json\/wp\/v2\/comments?post=14282"}],"version-history":[{"count":0,"href":"https:\/\/travelshelper.com\/vi\/wp-json\/wp\/v2\/pages\/14282\/revisions"}],"up":[{"embeddable":true,"href":"https:\/\/travelshelper.com\/vi\/wp-json\/wp\/v2\/pages\/14261"}],"wp:featuredmedia":[{"embeddable":true,"href":"https:\/\/travelshelper.com\/vi\/wp-json\/wp\/v2\/media\/4494"}],"wp:attachment":[{"href":"https:\/\/travelshelper.com\/vi\/wp-json\/wp\/v2\/media?parent=14282"}],"curies":[{"name":"wp","href":"https:\/\/api.w.org\/{rel}","templated":true}]}}