{"id":14276,"date":"2024-09-18T23:14:52","date_gmt":"2024-09-18T23:14:52","guid":{"rendered":"https:\/\/travelshelper.com\/staging\/?page_id=14276"},"modified":"2026-03-11T23:24:45","modified_gmt":"2026-03-11T23:24:45","slug":"roskilde","status":"publish","type":"page","link":"https:\/\/travelshelper.com\/vi\/destinations\/europe\/denmark\/roskilde\/","title":{"rendered":"Roskilde"},"content":{"rendered":"<p>Roskilde, m\u1ed9t th\u00e0nh ph\u1ed1 nh\u1ecf g\u1ecdn c\u00e1ch Copenhagen ba m\u01b0\u01a1i km v\u1ec1 ph\u00eda T\u00e2y tr\u00ean \u0111\u1ea3o Zealand c\u1ee7a \u0110an M\u1ea1ch, c\u00f3 ngu\u1ed3n g\u1ed1c t\u1eeb Th\u1eddi \u0111\u1ea1i Viking tr\u01b0\u1edbc C\u00f4ng nguy\u00ean nh\u01b0ng ng\u00e0y nay ph\u00e1t tri\u1ec3n m\u1ea1nh m\u1ebd nh\u01b0 m\u1ed9t trung t\u00e2m gi\u00e1o d\u1ee5c, kinh doanh v\u00e0 v\u0103n h\u00f3a c\u1ee7a khu v\u1ef1c, n\u1ed5i b\u1eadt v\u1edbi nh\u00e0 th\u1edd \u0111\u01b0\u1ee3c UNESCO c\u00f4ng nh\u1eadn v\u00e0 nhi\u1ec1u b\u1ea3o t\u00e0ng, c\u00f4ng vi\u00ean nghi\u00ean c\u1ee9u v\u00e0 s\u1ef1 ki\u1ec7n th\u01b0\u1eddng ni\u00ean \u0111\u1eb3ng c\u1ea5p th\u1ebf gi\u1edbi thu h\u00fat c\u1ea3 du kh\u00e1ch v\u00e0 ng\u01b0\u1eddi d\u00e2n \u0111\u1ecba ph\u01b0\u01a1ng.<\/p>\n<p>T\u1ea7m quan tr\u1ecdng ban \u0111\u1ea7u c\u1ee7a Roskilde th\u1ec3 hi\u1ec7n r\u00f5 qua t\u00ean g\u1ecdi c\u1ee7a th\u00e0nh ph\u1ed1, \u0111\u01b0\u1ee3c Adam von Bremen ghi nh\u1eadn v\u00e0o th\u1ebf k\u1ef7 11 l\u00e0 th\u1ecb tr\u1ea5n l\u1edbn nh\u1ea5t c\u1ee7a Zealand, v\u00e0 trong nh\u00e0 th\u1edd Gothic ho\u00e0n th\u00e0nh v\u00e0o n\u0103m 1275, n\u01a1i v\u1eabn l\u01b0u gi\u1eef ba m\u01b0\u01a1i ch\u00edn ng\u00f4i m\u1ed9 ho\u00e0ng gia. C\u00f4ng tr\u00ecnh b\u1eb1ng g\u1ea1ch cao v\u00fat n\u00e0y, c\u00f4ng tr\u00ecnh \u0111\u1ea7u ti\u00ean thu\u1ed9c lo\u1ea1i n\u00e0y \u1edf Scandinavia, \u0111\u00e3 tr\u1edf th\u00e0nh m\u1ed9t trung t\u00e2m t\u00f4n gi\u00e1o cho \u0111\u1ebfn th\u1eddi k\u1ef3 C\u1ea3i c\u00e1ch v\u00e0 hi\u1ec7n nay ch\u00e0o \u0111\u00f3n h\u01a1n m\u1ed9t tr\u0103m ngh\u00ecn du kh\u00e1ch m\u1ed7i n\u0103m. B\u00ean c\u1ea1nh nh\u1eefng ng\u1ecdn th\u00e1p \u0111\u1ed3 s\u1ed9, b\u1ea3n \u0111\u1ed3 \u0111\u01b0\u1eddng ph\u1ed1 th\u1eddi trung c\u1ed5 c\u1ee7a th\u00e0nh ph\u1ed1 v\u1eabn t\u1ed3n t\u1ea1i xung quanh Skomagergade, Algade v\u00e0 c\u00e1c qu\u1ea3ng tr\u01b0\u1eddng ch\u00ednh, St\u00e6ndertorvet v\u00e0 Hestetorvet, trong khi c\u00e1c h\u00e0nh lang c\u00f4ng vi\u00ean c\u1ee7a Byparken v\u00e0 Folkeparken h\u01b0\u1edbng xu\u1ed1ng v\u1ecbnh h\u1eb9p, t\u1ea1o n\u00ean s\u1ef1 t\u01b0\u01a1ng ph\u1ea3n m\u00e0u xanh l\u00e1 c\u00e2y v\u1edbi m\u00e1i ng\u00f3i \u0111\u1ecf v\u00e0 kh\u1ed1i x\u00e2y nh\u1ea1t m\u00e0u.<\/p>\n<p>S\u01b0\u1eddn n\u00fai d\u00e0i c\u1ee7a Roskilde Fjord \u0111\u1ecbnh h\u00ecnh r\u00eca ph\u00eda b\u1eafc c\u1ee7a th\u00e0nh ph\u1ed1, d\u00f2ng n\u01b0\u1edbc ch\u1ea3y qua su\u1ed1i Maglekilde tr\u01b0\u1edbc khi m\u1edf r\u1ed9ng v\u00e0o nh\u00e1nh ph\u00eda nam c\u1ee7a Isefjord. Tr\u00ean nh\u1eefng s\u01b0\u1eddn \u0111\u1ed3i c\u00f3 nhi\u1ec1u c\u00e2y c\u1ed1i \u1edf ph\u00eda t\u00e2y b\u1eafc c\u1ee7a trung t\u00e2m, Boserup Skov ph\u1ee7 k\u00edn nh\u1eefng ng\u1ecdn \u0111\u1ed3i nh\u1ea5p nh\u00f4 b\u1eb1ng c\u00e2y s\u1ed3i v\u00e0 h\u1ea3i qu\u1ef3 m\u1ed7i m\u00f9a xu\u00e2n, trong khi nh\u1eefng ch\u00fa chim h\u00f3t b\u00e1o hi\u1ec7u m\u00f9a h\u00e8 \u0111\u1ebfn s\u1edbm. Ph\u00eda nam c\u1ee7a s\u00e2n v\u1eadn \u0111\u1ed9ng, Hyrdeh\u00f8j Skov m\u1edbi m\u1edf r\u1ed9ng m\u1ea1ng l\u01b0\u1edbi xanh c\u1ee7a th\u00e0nh ph\u1ed1 v\u00e0o v\u00f9ng ngo\u1ea1i \u00f4, n\u01a1i qu\u1eadn Trekroner m\u1ecdc l\u00ean v\u1edbi c\u00e1c k\u1ebf ho\u1ea1ch x\u00e2y d\u1ef1ng h\u00e0ng ngh\u00ecn ng\u00f4i nh\u00e0 m\u1edbi. Musicon g\u1ea7n \u0111\u00f3, \u0111\u01b0\u1ee3c gh\u00e9p v\u00e0o \u0111\u1ecba \u0111i\u1ec3m nh\u00e0 m\u00e1y xi m\u0103ng tr\u01b0\u1edbc \u0111\u00e2y, \u0111\u00e3 thu h\u00fat c\u00e1c doanh nghi\u1ec7p s\u00e1ng t\u1ea1o v\u00e0 kho\u1ea3ng hai m\u01b0\u01a1i ch\u00edn doanh nghi\u1ec7p v\u0103n h\u00f3a, v\u1edbi tri\u1ec3n v\u1ecdng ph\u00e1t tri\u1ec3n h\u01a1n n\u1eefa c\u00f9ng v\u1edbi khu h\u1ed9i ch\u1ee3 t\u1ed5 ch\u1ee9c L\u1ec5 h\u1ed9i Roskilde th\u01b0\u1eddng ni\u00ean.<\/p>\n<p>L\u1ec5 h\u1ed9i \u0111\u00f3, \u0111\u01b0\u1ee3c th\u00e0nh l\u1eadp v\u00e0o n\u0103m 1971, \u0111\u00e3 tr\u1edf th\u00e0nh m\u1ed9t trong nh\u1eefng cu\u1ed9c t\u1ee5 h\u1ecdp \u00e2m nh\u1ea1c l\u1edbn nh\u1ea5t Scandinavia, m\u1ed7i m\u00f9a h\u00e8, n\u01a1i \u0111\u00e2y c\u00e1ch nh\u00e0 ga b\u1ed1n km v\u1ec1 ph\u00eda nam v\u1edbi t\u00e1m m\u01b0\u01a1i ngh\u00ecn du kh\u00e1ch \u0111\u1ebfn \u0111\u1ec3 th\u01b0\u1edfng th\u1ee9c m\u1ed9t lo\u1ea1t c\u00e1c b\u1ea3n nh\u1ea1c rock, hip-hop, nh\u1ea1c \u0111i\u1ec7n t\u1eed v\u00e0 \u00e2m thanh th\u1ebf gi\u1edbi. T\u1ea5t c\u1ea3 l\u1ee3i nhu\u1eadn \u0111\u1ec1u \u0111\u01b0\u1ee3c t\u00e0i tr\u1ee3 cho c\u00e1c ho\u1ea1t \u0111\u1ed9ng t\u1eeb thi\u1ec7n, ph\u1ea3n \u00e1nh tinh th\u1ea7n c\u1ed9ng \u0111\u1ed3ng c\u0169ng l\u00e0m s\u1ed1ng \u0111\u1ed9ng c\u00e1c c\u00e2u l\u1ea1c b\u1ed9 th\u1ec3 thao c\u1ee7a Roskilde\u2014t\u1eeb FC Roskilde \u1edf Gi\u1ea3i h\u1ea1ng nh\u1ea5t \u0111\u1ebfn b\u00f3ng b\u1ea7u d\u1ee5c \u0111\u1ecba ph\u01b0\u01a1ng v\u00e0 hi\u1ec7p h\u1ed9i ch\u00e8o thuy\u1ec1n \u0111\u00e1ng k\u00ednh c\u1ee7a th\u00e0nh ph\u1ed1. Trong nh\u1eefng kho\u1ea3nh kh\u1eafc y\u00ean t\u0129nh h\u01a1n, du kh\u00e1ch s\u1ebd \u0111i qua B\u1ea3o t\u00e0ng T\u00e0u Viking \u1edf r\u00eca v\u1ecbnh h\u1eb9p, n\u01a1i c\u00f3 n\u0103m con t\u00e0u th\u1ebf k\u1ef7 11, \u0111\u01b0\u1ee3c c\u1ee9u h\u1ed9 sau nhi\u1ec1u th\u1ebf k\u1ef7 d\u01b0\u1edbi n\u01b0\u1edbc, minh h\u1ecda cho ngh\u1ec1 th\u1ee7 c\u00f4ng c\u1ee7a t\u00e0u d\u00e0i, t\u00e0u chi\u1ebfn v\u00e0 t\u00e0u bu\u00f4n. C\u00e1c c\u00f4ng tr\u00ecnh t\u00e1i thi\u1ebft th\u1eed nghi\u1ec7m t\u1ea1i x\u01b0\u1edfng \u0111\u00f3ng t\u00e0u c\u1ee7a b\u1ea3o t\u00e0ng b\u1ea3o t\u1ed3n truy\u1ec1n th\u1ed1ng \u0111i bi\u1ec3n cho c\u00e1c th\u1ebf h\u1ec7 m\u1edbi.<\/p>\n<p>Gi\u00e1o d\u1ee5c v\u00e0 nghi\u00ean c\u1ee9u neo gi\u1eef ph\u1ea7n l\u1edbn b\u1ea3n s\u1eafc hi\u1ec7n \u0111\u1ea1i c\u1ee7a Roskilde. Tr\u01b0\u1eddng \u0111\u1ea1i h\u1ecdc, \u0111\u01b0\u1ee3c th\u00e0nh l\u1eadp v\u00e0o n\u0103m 1972, \u0111\u00e3 thu h\u00fat m\u1ed9t l\u01b0\u1ee3ng l\u1edbn h\u1ecdc gi\u1ea3 v\u00e0 sinh vi\u00ean, chuy\u1ec3n \u0111\u1ed5i n\u1ec1n kinh t\u1ebf v\u00e0 d\u00e2n s\u1ed1. C\u00f9ng v\u1edbi Tr\u01b0\u1eddng Nh\u00e0 th\u1edd l\u1ecbch s\u1eed v\u00e0 Cao \u0111\u1eb3ng Th\u01b0\u01a1ng m\u1ea1i Th\u1ecbt \u0110an M\u1ea1ch n\u0103m 1964, tr\u01b0\u1eddng h\u1ed7 tr\u1ee3 b\u1ea7u kh\u00f4ng kh\u00ed s\u00f4i \u0111\u1ed9ng c\u1ee7a khu\u00f4n vi\u00ean tr\u01b0\u1eddng t\u1ea1i ga Trekroner. C\u01a1 s\u1edf nghi\u00ean c\u1ee9u Ris\u00f8, hi\u1ec7n l\u00e0 m\u1ed9t ph\u1ea7n c\u1ee7a \u0110\u1ea1i h\u1ecdc K\u1ef9 thu\u1eadt \u0110an M\u1ea1ch, v\u00e0 Trung t\u00e2m C\u00f4ng ngh\u1ec7 Ti\u00ean ti\u1ebfn th\u00fac \u0111\u1ea9y c\u00f4ng vi\u1ec7c trong l\u0129nh v\u1ef1c n\u0103ng l\u01b0\u1ee3ng b\u1ec1n v\u1eefng, n\u0103ng l\u01b0\u1ee3ng gi\u00f3 v\u00e0 c\u00f4ng ngh\u1ec7 sinh h\u1ecdc, v\u1edbi k\u1ebf ho\u1ea1ch m\u1edf r\u1ed9ng ho\u1ea1t \u0111\u1ed9ng c\u00f4ng ngh\u1ec7 s\u1ea1ch tr\u00ean di\u1ec7n t\u00edch kho\u1ea3ng 120 m\u1eabu Anh. C\u00e1c c\u01a1 quan nghi\u00ean c\u1ee9u c\u00f4ng, bao g\u1ed3m Ban \u0110i\u1ec1u tra Tai n\u1ea1n \u0110an M\u1ea1ch, ti\u1ebfp t\u1ee5c \u0111a d\u1ea1ng h\u00f3a c\u01a1 s\u1edf ki\u1ebfn \u200b\u200bth\u1ee9c c\u1ee7a th\u00e0nh ph\u1ed1.<\/p>\n<p>B\u1ec7nh vi\u1ec7n Roskilde, \u0111\u01b0\u1ee3c th\u00e0nh l\u1eadp v\u00e0o n\u0103m 1855 v\u00e0 li\u00ean t\u1ee5c \u0111\u01b0\u1ee3c hi\u1ec7n \u0111\u1ea1i h\u00f3a, hi\u1ec7n bao g\u1ed3m c\u00e1c ch\u01b0\u01a1ng tr\u00ecnh nghi\u00ean c\u1ee9u m\u1edf r\u1ed9ng v\u00e0 m\u1ed9t c\u01a1 s\u1edf t\u00e2m th\u1ea7n l\u1edbn, Sankt Hans, cung c\u1ea5p d\u1ecbch v\u1ee5 ch\u0103m s\u00f3c ph\u00e1p y chuy\u00ean khoa cho Khu v\u1ef1c th\u1ee7 \u0111\u00f4. Tr\u00ean c\u00e1c \u0111\u01b0\u1eddng ph\u1ed1 xung quanh, m\u1ed9t m\u1ea1ng l\u01b0\u1edbi c\u00e1c c\u00f4ng ty c\u00f4ng nghi\u1ec7p nh\u1eb9 v\u00e0 d\u1ecbch v\u1ee5 duy tr\u00ec vi\u1ec7c l\u00e0m. BEC, nh\u00e0 cung c\u1ea5p CNTT cho c\u00e1c ng\u00e2n h\u00e0ng \u0110an M\u1ea1ch v\u00e0 DLF-Trifolium, nh\u00e0 s\u1ea3n xu\u1ea5t h\u1ea1t gi\u1ed1ng, \u0111\u01b0\u1ee3c x\u1ebfp h\u1ea1ng trong s\u1ed1 c\u00e1c nh\u00e0 tuy\u1ec3n d\u1ee5ng t\u01b0 nh\u00e2n l\u1edbn nh\u1ea5t. C\u00e1c ho\u1ea1t \u0111\u1ed9ng c\u1ee7a Ramb\u00f8ll t\u1ea1i Zealand \u0111\u00e3 \u0111\u01b0\u1ee3c h\u1ee3p nh\u1ea5t t\u1ea1i Roskilde, trong khi Top-Toy, GPI, Roskilde Galvanisering v\u00e0 Mathiesen b\u1ed5 sung cho danh s\u00e1ch c\u00e1c c\u00f4ng ty t\u1eeb c\u00e1c th\u00e0nh ph\u1ea7n vi \u00e2m t\u1ea1i Sonion \u0111\u1ebfn c\u00e1c d\u1ecbch v\u1ee5 ph\u00e1 b\u0103ng h\u00e0ng kh\u00f4ng t\u1ea1i Vestergaard. C\u00e1c ng\u00e0nh c\u00f4ng nghi\u1ec7p th\u1ef1c ph\u1ea9m nh\u01b0 Chr. Hansen, Dan\u00c6g, Scandinavian Pizza Company v\u00e0 Stryhns g\u00f3p ph\u1ea7n t\u1ea1o n\u00ean b\u1ee9c tranh kinh t\u1ebf c\u1ee7a th\u00e0nh ph\u1ed1.<\/p>\n<p>Th\u1ebf k\u1ef7 19 \u0111\u00e3 mang \u0111\u1ebfn \u0111\u01b0\u1eddng s\u1eaft, v\u1edbi nh\u00e0 ga Roskilde m\u1edf c\u1eeda v\u00e0o n\u0103m 1847 l\u00e0 nh\u00e0 ga \u0111\u1ea7u ti\u00ean \u0111\u01b0\u1ee3c x\u00e2y b\u1eb1ng \u0111\u00e1 v\u00e0 hi\u1ec7n l\u00e0 nh\u00e0 ga ho\u1ea1t \u0111\u1ed9ng l\u00e2u \u0111\u1eddi nh\u1ea5t c\u1ee7a \u0110an M\u1ea1ch. V\u00e0o cu\u1ed1i th\u1ebf k\u1ef7, c\u00e1c nh\u00e0 m\u00e1y thu\u1ed1c l\u00e1, x\u01b0\u1edfng \u0111\u00fac s\u1eaft v\u00e0 x\u01b0\u1edfng c\u01a1 kh\u00ed n\u1eb1m d\u1ecdc theo c\u00e1c tuy\u1ebfn m\u1edbi, b\u00e1o tr\u01b0\u1edbc n\u1ec1n kinh t\u1ebf c\u00e2n b\u1eb1ng gi\u1eefa d\u1ecbch v\u1ee5 v\u00e0 c\u00f4ng nghi\u1ec7p ng\u00e0y nay. C\u00e1c tuy\u1ebfn \u0111\u01b0\u1eddng b\u1ed9 k\u1ebft n\u1ed1i v\u1edbi \u0110\u01b0\u1eddng cao t\u1ed1c Holb\u00e6k v\u00e0o nh\u1eefng n\u0103m 1970, gi\u00fap gi\u1ea3m th\u1eddi gian di chuy\u1ec3n \u0111\u1ebfn Copenhagen v\u00e0 th\u00fac \u0111\u1ea9y vi\u1ec7c \u0111i l\u1ea1i v\u00e0 th\u01b0\u01a1ng m\u1ea1i. M\u1ed9t s\u00e2n bay nh\u1ecf \u0111\u01b0\u1ee3c m\u1edf v\u00e0o n\u0103m 1973, d\u00e0nh ri\u00eang cho h\u01b0\u1edbng d\u1eabn bay m\u00e1y bay h\u1ea1ng nh\u1eb9 v\u00e0 giao th\u00f4ng kinh doanh, v\u1edbi c\u00e1c k\u1ebf ho\u1ea1ch m\u1edf r\u1ed9ng cho \u0111\u1ebfn nay v\u1eabn b\u1ecb tr\u00ec ho\u00e3n. Trong khi \u0111\u00f3, c\u1eeda ng\u00f5 qu\u1ed1c t\u1ebf ch\u00ednh v\u1eabn l\u00e0 S\u00e2n bay Copenhagen, c\u00f3 th\u1ec3 \u0111\u1ebfn b\u1eb1ng t\u00e0u h\u1ecfa trong v\u00f2ng ch\u01b0a \u0111\u1ea7y b\u1ed1n m\u01b0\u01a1i ph\u00fat.<\/p>\n<p>S\u1ed1 li\u1ec7u d\u00e2n s\u1ed1 ph\u1ea3n \u00e1nh v\u1eadn m\u1ec7nh c\u1ee7a Roskilde: t\u1eeb kho\u1ea3ng s\u00e1u ngh\u00ecn ng\u01b0\u1eddi v\u00e0o th\u1eddi k\u1ef3 C\u1ea3i c\u00e1ch n\u0103m 1536, xu\u1ed1ng m\u1ee9c th\u1ea5p nh\u1ea5t l\u00e0 m\u1ed9t ngh\u00ecn n\u0103m tr\u0103m ng\u01b0\u1eddi v\u00e0o n\u0103m 1753, sau \u0111\u00f3 t\u0103ng tr\u1edf l\u1ea1i l\u00ean n\u0103m ngh\u00ecn ng\u01b0\u1eddi v\u00e0o nh\u1eefng n\u0103m 1860 v\u00e0 ch\u00edn ngh\u00ecn ng\u01b0\u1eddi v\u00e0o n\u0103m 1900. T\u1ed1c \u0111\u1ed9 t\u0103ng tr\u01b0\u1edfng t\u0103ng t\u1ed1c sau khi tr\u01b0\u1eddng \u0111\u1ea1i h\u1ecdc \u0111\u01b0\u1ee3c th\u00e0nh l\u1eadp, \u0111\u1ea1t \u0111\u1ec9nh g\u1ea7n b\u1ed1n m\u01b0\u01a1i b\u1ea3y ngh\u00ecn ng\u01b0\u1eddi v\u00e0o n\u0103m 2014 v\u00e0 n\u0103m m\u01b0\u01a1i ba ngh\u00ecn ng\u01b0\u1eddi v\u00e0o th\u00e1ng 1 n\u0103m 2024. Th\u00e0nh ph\u1ed1 n\u00e0y c\u00f3 h\u01a1n b\u1ea3y m\u01b0\u01a1i s\u00e1u ngh\u00ecn c\u01b0 d\u00e2n g\u1ed1c \u0110an M\u1ea1ch v\u00e0 ch\u00e0o \u0111\u00f3n c\u00e1c c\u1ed9ng \u0111\u1ed3ng t\u1eeb Th\u1ed5 Nh\u0129 K\u1ef3, Iraq, Ba Lan v\u00e0 Afghanistan, l\u00e0m phong ph\u00fa th\u00eam c\u1ea5u tr\u00fac x\u00e3 h\u1ed9i c\u1ee7a th\u00e0nh ph\u1ed1.<\/p>\n<p>\u0110\u1eddi s\u1ed1ng c\u00f4ng d\u00e2n di\u1ec5n ra d\u01b0\u1edbi h\u1ed9i \u0111\u1ed3ng th\u00e0nh ph\u1ed1, n\u01a1i m\u00e0 v\u00e0o n\u0103m 2013, \u0110\u1ea3ng D\u00e2n ch\u1ee7 X\u00e3 h\u1ed9i n\u1eafm gi\u1eef \u0111a s\u1ed1 d\u01b0\u1edbi th\u1eddi Th\u1ecb tr\u01b0\u1edfng Joy Mogensen. M\u01b0\u1eddi m\u1ed9t \u0111\u1ea3ng ng\u1ed3i trong h\u1ed9i \u0111\u1ed3ng, ph\u1ea3n \u00e1nh c\u00e1c xu h\u01b0\u1edbng ch\u00ednh tr\u1ecb \u0111a d\u1ea1ng. Quy ho\u1ea1ch \u0111\u00f4 th\u1ecb h\u01b0\u1edbng s\u1ef1 \u0111a d\u1ea1ng n\u00e0y v\u00e0o c\u00e1c s\u00e1ng ki\u1ebfn \u200b\u200bv\u0103n h\u00f3a v\u00e0 \u0111\u00f4 th\u1ecb\u2014trong s\u1ed1 \u0111\u00f3 c\u00f3 kh\u1ed1i s\u00e1ng t\u1ea1o Musicon, s\u1ef1 ph\u00e1t tri\u1ec3n c\u1ee7a Trekroner v\u00e0 c\u00e1c d\u1ef1 \u00e1n di s\u1ea3n t\u1eadp trung v\u00e0o nhi\u1ec1u \u0111\u1ecba danh c\u1ee7a th\u00e0nh ph\u1ed1.<\/p>\n<p>Nhi\u1ec1u di t\u00edch trong s\u1ed1 n\u00e0y v\u1eabn c\u00f2n trong k\u00fd \u1ee9c c\u1ee7a c\u00f4ng ch\u00fang. Roskilde Palace, m\u1ed9t qu\u1ea7n th\u1ec3 ki\u1ebfn \u200b\u200btr\u00fac Baroque g\u1ed3m c\u00e1c c\u00e1nh v\u00e0 ph\u00f2ng tr\u01b0ng b\u00e0y \u0111\u01b0\u1ee3c s\u01a1n m\u00e0u v\u00e0ng, n\u1eb1m c\u1ea1nh nh\u00e0 th\u1edd v\u00e0 hi\u1ec7n l\u00e0 n\u01a1i \u0111\u1eb7t B\u1ea3o t\u00e0ng Ngh\u1ec7 thu\u1eadt \u0110\u01b0\u01a1ng \u0111\u1ea1i. C\u00e1nh c\u1ed5ng v\u00e0 m\u00e1i ng\u00f3i \u0111\u1ecf c\u1ee7a n\u00f3 g\u1ee3i nh\u1edb \u0111\u1ebfn n\u01a1i \u1edf c\u1ee7a c\u00e1c gi\u00e1m m\u1ee5c th\u1eddi trung c\u1ed5 v\u00e0 l\u00e0 tr\u1ee5 s\u1edf th\u1eddi chi\u1ebfn c\u1ee7a C\u00f4ng t\u01b0\u1edbc Wellington t\u01b0\u01a1ng lai. \u0110\u1ed1i di\u1ec7n, tu vi\u1ec7n tr\u00ean \u0111\u1ecba \u0111i\u1ec3m c\u1ee7a m\u1ed9t tu vi\u1ec7n th\u1ebf k\u1ef7 13 l\u00e0 n\u01a1i l\u01b0u gi\u1eef b\u1ed9 s\u01b0u t\u1eadp tranh v\u00e0 \u0111\u1ed3 n\u1ed9i th\u1ea5t th\u1eddi k\u1ef3 \u0111\u00f3, c\u00e1c b\u1ec7 th\u1edd nh\u00e0 nguy\u1ec7n th\u00ec th\u1ea7m v\u1ec1 th\u1eddi k\u1ef3 ti\u1ec1n C\u1ea3i c\u00e1ch c\u1ee7a \u0110an M\u1ea1ch.<\/p>\n<p>C\u00e1c b\u1ea3o t\u00e0ng \u0111\u1ecba ph\u01b0\u01a1ng ghi l\u1ea1i qu\u00e1 kh\u1ee9 c\u1ee7a Roskilde m\u1ed9t c\u00e1ch chi ti\u1ebft nh\u01b0 pha l\u00ea. Sugar House v\u00e0 Liebe House, tr\u01b0\u1edbc \u0111\u00e2y l\u00e0 nh\u00e0 m\u00e1y tinh ch\u1ebf \u0111\u01b0\u1eddng v\u00e0 nh\u00e0 c\u1ee7a th\u01b0\u01a1ng gia, l\u00e0 n\u01a1i c\u00f3 b\u1ea3o t\u00e0ng l\u1ecbch s\u1eed khu v\u1ef1c, tr\u01b0ng b\u00e0y c\u00e1c hi\u1ec7n v\u1eadt t\u1eeb th\u1eddi Viking \u0111\u1ebfn th\u1eddi hi\u1ec7n \u0111\u1ea1i, c\u00f9ng v\u1edbi m\u1ed9t b\u1ea3o t\u00e0ng c\u00f4ng c\u1ee5 ri\u00eang bi\u1ec7t l\u01b0u gi\u1eef c\u00e1c d\u1ee5ng c\u1ee5 c\u1ee7a th\u1ee3 th\u1ee7 c\u00f4ng t\u1eeb th\u1ebf k\u1ef7 19 v\u00e0 \u0111\u1ea7u th\u1ebf k\u1ef7 20. G\u1ea7n m\u01b0\u1eddi n\u0103m sau khi Ragnarock, b\u1ea3o t\u00e0ng v\u0103n h\u00f3a thanh thi\u1ebfu ni\u00ean v\u00e0 nh\u1ea1c rock, m\u1edf c\u1eeda v\u00e0o n\u0103m 2016 d\u01b0\u1edbi s\u1ef1 b\u1ea3o tr\u1ee3 c\u1ee7a Th\u00e1i t\u1eed Frederik, b\u1ea3o t\u00e0ng n\u00e0y \u0111\u00e3 tr\u1edf th\u00e0nh m\u1ed9t \u0111\u1ecba danh ki\u1ebfn \u200b\u200btr\u00fac n\u1ed5i b\u1eadt \u1edf Musicon, l\u1eadp b\u1ea3n \u0111\u1ed3 nh\u1ea1c pop v\u00e0 nh\u1ea1c rock t\u1eeb nh\u1eefng n\u0103m 1950 tr\u1edf \u0111i.<\/p>\n<p>C\u00e1c nh\u00e0 th\u1edd l\u1ecbch s\u1eed b\u00ean ngo\u00e0i nh\u00e0 th\u1edd l\u1edbn t\u1ea1o th\u00eam nhi\u1ec1u l\u1edbp h\u01a1n n\u1eefa. Nh\u00e0 th\u1edd \u0110\u1ee9c B\u00e0 C\u1ed5, m\u1ed9t nh\u00e0 th\u1edd l\u1edbn b\u1eb1ng \u0111\u00e1 travertine th\u1ebf k\u1ef7 11, v\u1eabn gi\u1eef nguy\u00ean gian gi\u1eefa v\u00e0 b\u1ee5c gi\u1ea3ng ban \u0111\u1ea7u. Nh\u00e0 th\u1edd St Ib, m\u1ed9t t\u00f2a nh\u00e0 b\u1eb1ng \u0111\u00e1 travertine theo phong c\u00e1ch La M\u00e3 g\u1ea7n b\u1ebfn c\u1ea3ng, l\u01b0u gi\u1eef c\u00e1c m\u1ea3nh b\u00edch h\u1ecda th\u1eddi trung c\u1ed5, trong khi Nh\u00e0 th\u1edd St J\u00f8rgensbjerg, c\u00f4ng tr\u00ecnh b\u1eb1ng \u0111\u00e1 \u0111\u1ee9ng l\u00e2u \u0111\u1eddi nh\u1ea5t \u1edf \u0110an M\u1ea1ch, c\u00f3 t\u1ea7m nh\u00ecn ra v\u1ecbnh h\u1eb9p t\u1eeb \u0111\u1ec9nh \u0111\u1ed3i. T\u00f2a th\u00e1p \u0111\u01a1n \u0111\u1ed9c c\u1ee7a Sankt Laurentii, t\u00e0n t\u00edch c\u1ee7a m\u1ed9t nh\u00e0 th\u1edd th\u1ebf k\u1ef7 13, neo gi\u1eef t\u00f2a th\u1ecb ch\u00ednh v\u00e0 che ch\u1edf cho m\u1ed9t b\u1ea3o t\u00e0ng kh\u1ea3o c\u1ed5 h\u1ecdc.<\/p>\n<p>Ngh\u1ec7 thu\u1eadt v\u00e0 \u0111i\u00eau kh\u1eafc h\u00f2a nh\u1eadp v\u00e0o cu\u1ed9c s\u1ed1ng th\u01b0\u1eddng ng\u00e0y t\u1ea1i qu\u1ea3ng tr\u01b0\u1eddng b\u00ean ngo\u00e0i nh\u00e0 ga, n\u01a1i c\u00f3 ba chi\u1ebfc b\u00ecnh g\u1ed1m kh\u1ed5ng l\u1ed3 c\u1ee7a Peter Brandes \u0111\u1eb7t trong v\u00f9ng n\u01b0\u1edbc n\u00f4ng, k\u1ef7 ni\u1ec7m thi\u00ean ni\u00ean k\u1ef7 c\u1ee7a Roskilde v\u00e0o n\u0103m 1998. \u0110i b\u1ed9 m\u1ed9t \u0111o\u1ea1n ng\u1eafn d\u1ecdc theo ph\u1ed1 \u0111i b\u1ed9 s\u1ebd th\u1ea5y c\u00e1c c\u1eeda h\u00e0ng, qu\u00e1n c\u00e0 ph\u00ea v\u00e0 nh\u00e0 h\u00e0ng c\u1ee7a Algade v\u00e0 Skomagergade. Raadhusk\u00e6lderen, trong m\u1ed9t h\u1ea7m g\u1ed7 c\u00f3 t\u1eeb n\u0103m 1430, n\u1ed5i ti\u1ebfng v\u1edbi m\u00f3n b\u00edt t\u1ebft c\u00e1 h\u1ed3i v\u1edbi s\u1ed1t tartar v\u00e0 kem g\u00e0 n\u01b0\u1edbng, trong khi La Brasserie, Gimle Musikcafe theo phong c\u00e1ch Anh v\u00e0 Nh\u00e0 h\u00e0ng Toppen tr\u00ean \u0111\u1ec9nh t\u00f2a th\u00e1p cao 84 m\u00e9t cung c\u1ea5p h\u01b0\u01a1ng v\u1ecb ph\u1ea3n \u00e1nh kh\u1ea9u v\u1ecb l\u00e2u \u0111\u1eddi c\u1ee7a th\u00e0nh ph\u1ed1.<\/p>\n<p>Kh\u00e1ch s\u1ea1n c\u00f3 nhi\u1ec1u lo\u1ea1i, t\u1eeb Prindsen l\u1ecbch s\u1eed, \u0111\u01b0\u1ee3c x\u00e2y d\u1ef1ng t\u1eeb n\u0103m 1695 v\u1edbi ph\u00f2ng Hans Christian Andersen g\u1ee3i l\u00ean s\u1ef1 thanh l\u1ecbch c\u1ee7a B\u1eafc \u00c2u, cho \u0111\u1ebfn chu\u1ed7i kh\u00e1ch s\u1ea1n Scandic \u0111\u01b0\u1ee3c th\u00e0nh l\u1eadp n\u0103m 1989. B\u00ean ngo\u00e0i trung t\u00e2m, Svogerslev Kro l\u1ee3p m\u00e1i tranh, m\u1ed9t nh\u00e0 tr\u1ecd t\u1eeb n\u0103m 1727, cung c\u1ea5p ch\u1ed7 ngh\u1ec9 \u1ea5m c\u00fang c\u00e1ch ph\u1ed1 c\u1ed5 hai d\u1eb7m r\u01b0\u1ee1i v\u1ec1 ph\u00eda t\u00e2y.<\/p>\n<p>Qua nhi\u1ec1u th\u1ebf k\u1ef7 thay \u0111\u1ed5i, Roskilde v\u1eabn gi\u1eef \u0111\u01b0\u1ee3c b\u1ee9c tranh kh\u1ea3m c\u1ee7a k\u00fd \u1ee9c v\u00e0 \u0111\u1ed9ng l\u1ef1c. C\u1ed1t l\u00f5i th\u1eddi trung c\u1ed5, khu h\u1ecdc thu\u1eadt, c\u00f4ng vi\u00ean c\u00f4ng nghi\u1ec7p v\u00e0 khu l\u1ec5 h\u1ed9i c\u1ee7a th\u00e0nh ph\u1ed1 g\u1eafn k\u1ebft v\u1edbi nhau trong m\u1ed9t c\u00e2u chuy\u1ec7n v\u1ec1 s\u1ef1 th\u00edch nghi v\u00e0 qu\u1ea3n l\u00fd. Cho d\u00f9 \u0111\u01b0\u1ee3c thu h\u00fat b\u1edfi c\u00e1c l\u0103ng m\u1ed9 ho\u00e0ng gia hay nh\u1ecbp \u0111i\u1ec7u nh\u1ea1c rock, b\u1edfi c\u00e1c c\u00f4ng vi\u00ean ven v\u1ecbnh h\u1eb9p hay ph\u00f2ng th\u00ed nghi\u1ec7m nghi\u00ean c\u1ee9u, du kh\u00e1ch v\u00e0 c\u01b0 d\u00e2n \u0111\u1ec1u t\u00ecm th\u1ea5y \u1edf Roskilde m\u1ed9t th\u00e0nh ph\u1ed1 v\u1eeba quen thu\u1ed9c v\u1eeba ph\u1ee9c t\u1ea1p \u0111\u1ebfn kh\u00f4ng ng\u1edd, m\u1ed9t n\u01a1i m\u00e0 m\u1ecdi con ph\u1ed1 v\u00e0 t\u1ed5 ch\u1ee9c \u0111\u1ec1u mang \u00e2m h\u01b0\u1edfng c\u1ee7a qu\u00e1 kh\u1ee9 \u0110an M\u1ea1ch v\u00e0 l\u1eddi h\u1ee9a v\u1ec1 t\u01b0\u01a1ng lai c\u1ee7a th\u00e0nh ph\u1ed1 n\u00e0y.<\/p>","protected":false},"excerpt":{"rendered":"<p>Roskilde, m\u1ed9t th\u00e0nh ph\u1ed1 c\u00f3 \u00fd ngh\u0129a l\u1ecbch s\u1eed v\u00e0 t\u1ea7m quan tr\u1ecdng \u0111\u01b0\u01a1ng \u0111\u1ea1i, n\u1eb1m tr\u00ean \u0111\u1ea3o Zealand c\u1ee7a \u0110an M\u1ea1ch, c\u00e1ch Copenhagen kho\u1ea3ng 30 km v\u1ec1 ph\u00eda t\u00e2y. T\u00ednh \u0111\u1ebfn ng\u00e0y 1 th\u00e1ng 1 n\u0103m 2024, trung t\u00e2m \u0111\u00f4 th\u1ecb n\u00e0y c\u00f3 d\u00e2n s\u1ed1 l\u00e0 52.974 c\u01b0 d\u00e2n, kh\u1eb3ng \u0111\u1ecbnh v\u1ecb th\u1ebf l\u00e0 th\u00e0nh ph\u1ed1 l\u1edbn th\u1ee9 10 t\u1ea1i \u0110an M\u1ea1ch. V\u1ecb tr\u00ed chi\u1ebfn l\u01b0\u1ee3c v\u00e0 \u00fd ngh\u0129a l\u1ecbch s\u1eed c\u1ee7a Roskilde \u0111\u00e3 t\u1ea1o \u0111i\u1ec1u ki\u1ec7n thu\u1eadn l\u1ee3i cho s\u1ef1 ph\u00e1t tri\u1ec3n c\u1ee7a th\u00e0nh ph\u1ed1 n\u00e0y th\u00e0nh m\u1ed9t trung t\u00e2m kinh doanh v\u00e0 gi\u00e1o d\u1ee5c trung t\u00e2m c\u1ee7a khu v\u1ef1c, \u0111\u01b0\u1ee3c gi\u00e1m s\u00e1t b\u1edfi h\u1ed9i \u0111\u1ed3ng h\u00e0nh ch\u00ednh c\u1ee7a Th\u00e0nh ph\u1ed1 Roskilde.<\/p>","protected":false},"author":1,"featured_media":3537,"parent":14261,"menu_order":0,"comment_status":"closed","ping_status":"closed","template":"elementor_theme","meta":{"_eb_attr":"","footnotes":""},"class_list":["post-14276","page","type-page","status-publish","has-post-thumbnail"],"_links":{"self":[{"href":"https:\/\/travelshelper.com\/vi\/wp-json\/wp\/v2\/pages\/14276","targetHints":{"allow":["GET"]}}],"collection":[{"href":"https:\/\/travelshelper.com\/vi\/wp-json\/wp\/v2\/pages"}],"about":[{"href":"https:\/\/travelshelper.com\/vi\/wp-json\/wp\/v2\/types\/page"}],"author":[{"embeddable":true,"href":"https:\/\/travelshelper.com\/vi\/wp-json\/wp\/v2\/users\/1"}],"replies":[{"embeddable":true,"href":"https:\/\/travelshelper.com\/vi\/wp-json\/wp\/v2\/comments?post=14276"}],"version-history":[{"count":0,"href":"https:\/\/travelshelper.com\/vi\/wp-json\/wp\/v2\/pages\/14276\/revisions"}],"up":[{"embeddable":true,"href":"https:\/\/travelshelper.com\/vi\/wp-json\/wp\/v2\/pages\/14261"}],"wp:featuredmedia":[{"embeddable":true,"href":"https:\/\/travelshelper.com\/vi\/wp-json\/wp\/v2\/media\/3537"}],"wp:attachment":[{"href":"https:\/\/travelshelper.com\/vi\/wp-json\/wp\/v2\/media?parent=14276"}],"curies":[{"name":"wp","href":"https:\/\/api.w.org\/{rel}","templated":true}]}}