{"id":14191,"date":"2024-09-18T21:59:59","date_gmt":"2024-09-18T21:59:59","guid":{"rendered":"https:\/\/travelshelper.com\/staging\/?page_id=14191"},"modified":"2026-03-11T23:49:09","modified_gmt":"2026-03-11T23:49:09","slug":"cannes","status":"publish","type":"page","link":"https:\/\/travelshelper.com\/vi\/destinations\/europe\/france\/cannes\/","title":{"rendered":"Cannes"},"content":{"rendered":"<p>Cannes l\u00e0 m\u1ed9t x\u00e3 ven bi\u1ec3n v\u1edbi kho\u1ea3ng 73.000 c\u01b0 d\u00e2n, bao g\u1ed3m kho\u1ea3ng 19,62 km vu\u00f4ng d\u1ecdc theo b\u1edd bi\u1ec3n ph\u00eda \u0111\u00f4ng c\u1ee7a V\u1ecbnh Cannes tr\u00ean Riviera c\u1ee7a Ph\u00e1p, trong t\u1ec9nh Alpes-Maritimes c\u1ee7a Ph\u00e1p. L\u00e0 n\u01a1i t\u1ed5 ch\u1ee9c m\u1ed9t lo\u1ea1t c\u00e1c cu\u1ed9c t\u1ee5 h\u1ecdp qu\u1ed1c t\u1ebf\u2014Li\u00ean hoan phim Cannes th\u01b0\u1eddng ni\u00ean, h\u1ed9i ngh\u1ecb \u00e2m nh\u1ea1c Midem v\u00e0 Li\u00ean hoan s\u00e1ng t\u1ea1o qu\u1ed1c t\u1ebf Cannes Lions\u2014n\u01a1i \u0111\u00e2y \u0111\u00e3 ph\u00e1t tri\u1ec3n t\u1eeb m\u1ed9t l\u00e0ng ch\u00e0i khi\u00eam t\u1ed1n th\u00e0nh m\u1ed9t trung t\u00e2m cho c\u00e1c ng\u00e0nh c\u00f4ng nghi\u1ec7p \u0111i\u1ec7n \u1ea3nh, \u00e2m nh\u1ea1c v\u00e0 qu\u1ea3ng c\u00e1o. C\u00e1c kh\u00e1ch s\u1ea1n sang tr\u1ecdng n\u1eb1m d\u1ecdc theo b\u1edd s\u00f4ng n\u1ed5i ti\u1ebfng c\u1ee7a th\u00e0nh ph\u1ed1, trong khi n\u1ec1n kinh t\u1ebf c\u1ee7a th\u00e0nh ph\u1ed1 ph\u00e1t tri\u1ec3n m\u1ea1nh m\u1ebd nh\u1edd s\u1ef1 k\u1ebft h\u1ee3p gi\u1eefa du l\u1ecbch, h\u1ed9i ch\u1ee3 kinh doanh, th\u01b0\u01a1ng m\u1ea1i v\u00e0 s\u1ef1 hi\u1ec7n di\u1ec7n m\u1ea1nh m\u1ebd c\u1ee7a ng\u00e0nh h\u00e0ng kh\u00f4ng v\u0169 tr\u1ee5 t\u1eadp trung t\u1ea1i Trung t\u00e2m v\u0169 tr\u1ee5 Cannes Mandelieu.<\/p>\n<p>T\u1eeb th\u00e1ng 12 \u0111\u1ebfn th\u00e1ng 2, nhi\u1ec7t \u0111\u1ed9 trung b\u00ecnh h\u00e0ng ng\u00e0y dao \u0111\u1ed9ng ch\u1ec9 tr\u00ean 10 \u00b0C, mang \u0111\u1ebfn cho nh\u1eefng th\u00e1ng m\u00f9a \u0111\u00f4ng m\u1ed9t t\u00ednh ch\u1ea5t nh\u1eb9 nh\u00e0ng t\u01b0\u01a1ng ph\u1ea3n v\u1edbi \u00e1nh n\u1eafng gay g\u1eaft c\u1ee7a m\u00f9a h\u00e8 khi nhi\u1ec7t \u0111\u1ed9 ban ng\u00e0y th\u01b0\u1eddng \u0111\u1ea1t t\u1edbi 30 \u00b0C. Th\u00e1ng 7 cung c\u1ea5p trung b\u00ecnh m\u01b0\u1eddi m\u1ed9t gi\u1edd n\u1eafng m\u1ed7i ng\u00e0y, trong khi l\u01b0\u1ee3ng m\u01b0a v\u1eabn khi\u00eam t\u1ed1n trong su\u1ed1t c\u1ea3 n\u0103m, \u0111\u1ea1t \u0111\u1ec9nh v\u00e0o th\u00e1ng 10 v\u00e0 th\u00e1ng 11 khi t\u1ed5ng l\u01b0\u1ee3ng m\u01b0a h\u00e0ng th\u00e1ng c\u00f3 th\u1ec3 v\u01b0\u1ee3t qu\u00e1 100 mm. M\u00f9a \u1ea5m k\u00e9o d\u00e0i t\u1eeb th\u00e1ng 6 \u0111\u1ebfn th\u00e1ng 9, trong th\u1eddi gian \u0111\u00f3 d\u00e2n s\u1ed1 t\u0103ng l\u00ean v\u1edbi du kh\u00e1ch b\u1ecb thu h\u00fat b\u1edfi s\u1ef1 l\u1eafc l\u01b0 m\u00e0u ng\u1ecdc lam c\u1ee7a \u0110\u1ecba Trung H\u1ea3i v\u00e0 c\u00e1c l\u1ec5 h\u1ed9i l\u00e0m n\u1ed5i b\u1eadt l\u1ecbch. Nh\u1eefng \u0111i\u1ec1u c\u1ef1c \u0111oan \u0111\u00e1ng ch\u00fa \u00fd \u0111\u00e3 \u0111\u00e1nh d\u1ea5u kh\u00ed h\u1eadu \u0111\u1ecba ph\u01b0\u01a1ng: v\u00e0o ng\u00e0y 19 th\u00e1ng 7 n\u0103m 2023, th\u1ee7y ng\u00e2n t\u0103ng v\u1ecdt l\u00ean 39,2 \u00b0C v\u00e0, trong c\u00e1i l\u1ea1nh kh\u1eafc nghi\u1ec7t c\u1ee7a m\u00f9a \u0111\u00f4ng v\u00e0o ng\u00e0y 9 th\u00e1ng 1 n\u0103m 1985, \u0111\u00e3 gi\u1ea3m xu\u1ed1ng -12,0 \u00b0C.<\/p>\n<p>Promenade de la Croisette, m\u1ed9t \u0111\u1ea1i l\u1ed9 cong thanh l\u1ecbch \u0111\u01b0\u1ee3c trang tr\u00ed b\u1eb1ng nh\u1eefng c\u00e2y c\u1ecd, \u0111\u1ecbnh h\u00ecnh b\u1ea3n s\u1eafc ven bi\u1ec3n c\u1ee7a Cannes. \u0110o\u1ea1n \u0111\u01b0\u1eddng n\u00e0y \u0111\u01b0\u1ee3c bao quanh b\u1edfi nh\u1eefng b\u00e3i bi\u1ec3n \u0111\u01b0\u1ee3c ch\u1ecdn l\u1ecdc - c\u1ea3 c\u00f4ng c\u1ed9ng v\u00e0 t\u01b0 nh\u00e2n - nh\u1eefng s\u00e2n hi\u00ean \u1ea9m th\u1ef1c, v\u00e0 m\u1eb7t ti\u1ec1n c\u1ee7a c\u00e1c c\u1eeda h\u00e0ng cao c\u1ea5p v\u00e0 kh\u00e1ch s\u1ea1n uy nghi\u00eam. Ph\u00eda b\u00ean kia \u0111\u1ea1i l\u1ed9, Le Suquet, khu ph\u1ed1 th\u1eddi trung c\u1ed5 c\u1ee7a th\u00e0nh ph\u1ed1, cho th\u1ea5y m\u1ed9t m\u1ea1ng l\u01b0\u1edbi \u0111\u01b0\u1eddng ph\u1ed1 l\u00e1t \u0111\u00e1 cu\u1ed9i ch\u1eadt h\u1eb9p d\u1eabn l\u00ean nh\u00e0 nguy\u1ec7n tr\u00ean \u0111\u1ec9nh \u0111\u1ed3i c\u1ee7a Notre-Dame d&#039;Esp\u00e9rance. T\u1eeb g\u00f3c nh\u00ecn \u0111\u00f3, ng\u01b0\u1eddi ta c\u00f3 th\u1ec3 quan s\u00e1t \u0111\u1ed9 r\u1ed9ng c\u1ee7a Corniche v\u00e0 \u0111\u1ed9 r\u1ed9ng xanh bi\u1ebfc c\u1ee7a v\u1ecbnh, trong khi Mus\u00e9e des Explorations du Monde - n\u1eb1m trong m\u1ed9t t\u00f2a th\u00e1p ki\u00ean c\u1ed1 v\u00e0 Chapelle Sainte-Anne - tr\u01b0ng b\u00e0y c\u00e1c di t\u00edch t\u1eeb nh\u1eefng chuy\u1ebfn \u0111i xa x\u00f4i. H\u00ecnh b\u00f3ng c\u1ee7a nh\u00e0 th\u1edd Ch\u00ednh th\u1ed1ng gi\u00e1o Nga t\u00f4 \u0111i\u1ec3m cho s\u01b0\u1eddn \u0111\u1ed3i n\u00e0y b\u1eb1ng nh\u1eefng m\u00e1i v\u00f2m h\u00ecnh c\u1ee7 h\u00e0nh d\u00e1t v\u00e0ng.<\/p>\n<p>Di s\u1ea3n c\u1ee7a Cannes th\u1ec3 hi\u1ec7n r\u00f5 \u1edf nh\u1eefng bi\u1ec7t th\u1ef1 l\u1edbn c\u1ee7a th\u1ebf k\u1ef7 19, v\u1eabn \u0111\u1ee9ng s\u1eebng s\u1eefng nh\u01b0 nh\u1eefng t\u01b0\u1ee3ng \u0111\u00e0i cho s\u1ef1 gi\u00e0u c\u00f3 \u0111\u00e3 mang l\u1ea1i s\u1ef1 n\u1ed5i b\u1eadt \u0111\u1ea7u ti\u00ean cho th\u1ecb tr\u1ea5n. Nhi\u1ec1u ng\u00f4i nh\u00e0 g\u1ee3i l\u00ean h\u00ecnh d\u00e1ng c\u1ee7a nh\u1eefng bi\u1ec7t th\u1ef1 La M\u00e3 ho\u1eb7c ph\u00e1o \u0111\u00e0i th\u1eddi trung c\u1ed5, m\u1eb7c d\u00f9 ch\u00fang kh\u00f4ng m\u1edf c\u1eeda cho c\u00f4ng ch\u00fang. Trong s\u1ed1 \u0111\u00f3, Bi\u1ec7t th\u1ef1 \u00c9l\u00e9onore Louise c\u1ee7a Ch\u00faa t\u1ec3 Brougham, \u0111\u01b0\u1ee3c x\u00e2y d\u1ef1ng t\u1eeb n\u0103m 1835 \u0111\u1ebfn n\u0103m 1839 t\u1ea1i Quartier des Anglais\u2014ng\u00e0y nay l\u00e0 khu d\u00e2n c\u01b0 l\u00e2u \u0111\u1eddi nh\u1ea5t c\u1ee7a th\u00e0nh ph\u1ed1\u2014tr\u01b0\u1edbc \u0111\u00e2y t\u1eebng ch\u00e0o \u0111\u00f3n gi\u1edbi qu\u00fd t\u1ed9c Anh. Bi\u1ec7t th\u1ef1 Domergue c\u1ee7a Jean-Gabriel Domergue, ban \u0111\u1ea7u \u0111\u01b0\u1ee3c g\u1ecdi l\u00e0 Bi\u1ec7t th\u1ef1 Fi\u00e9sole, g\u1ee3i nh\u1edb \u0111\u1ebfn h\u00ecnh d\u00e1ng xa hoa c\u1ee7a Fiesole g\u1ea7n Florence v\u00e0 c\u00f3 th\u1ec3 \u0111\u1ebfn th\u0103m theo l\u1ecbch h\u1eb9n, khu v\u01b0\u1eddn v\u00e0 n\u1ed9i th\u1ea5t c\u1ee7a n\u00f3 ch\u1ee9ng minh cho th\u1ecb hi\u1ebfu tinh t\u1ebf c\u1ee7a nh\u1eefng ng\u01b0\u1eddi b\u1ea3o tr\u1ee3 \u0111\u1ea7u ti\u00ean.<\/p>\n<p>Ngo\u00e0i kh\u01a1i, qu\u1ea7n \u0111\u1ea3o \u00celes de L\u00e9rins bao g\u1ed3m hai h\u00f2n \u0111\u1ea3o ch\u00ednh. \u00cele Sainte-Marguerite, m\u1ed9t n\u01a1i tr\u00fa \u1ea9n trong r\u1eebng ch\u1ec9 c\u00e1ch b\u1edd bi\u1ec3n m\u1ed9t km, b\u1ea3o t\u1ed3n c\u0103n ph\u00f2ng giam gi\u1eef &#034;Ng\u01b0\u1eddi \u0111\u00e0n \u00f4ng trong chi\u1ebfc m\u1eb7t n\u1ea1 s\u1eaft&#034; huy\u1ec1n tho\u1ea1i trong m\u01b0\u1eddi m\u1ed9t n\u0103m; c\u0103n ph\u00f2ng \u0111\u00f3 hi\u1ec7n chi\u1ebfm kh\u00f4ng gian b\u00ean trong B\u1ea3o t\u00e0ng Bi\u1ec3n, n\u01a1i c\u0169ng tr\u01b0ng b\u00e0y \u0111\u1ed3 g\u1ed1m \u0111\u01b0\u1ee3c c\u1ee9u t\u1eeb c\u00e1c v\u1ee5 \u0111\u1eafm t\u00e0u \u200b\u200b\u200b\u200bc\u1ed5 \u0111\u1ea1i, t\u1eeb b\u00ecnh \u0111\u1ef1ng r\u01b0\u1ee3u La M\u00e3 \u0111\u1ebfn c\u00e1c m\u1ea3nh v\u1ee1 c\u1ee7a Saracen. V\u1ec1 ph\u00eda nam l\u00e0 \u00cele Saint-Honorat, n\u01a1i c\u00f3 c\u00e1c tu s\u0129 Xit\u00f4 sinh s\u1ed1ng t\u1eeb n\u0103m 410 sau C\u00f4ng nguy\u00ean, n\u01a1i tu vi\u1ec7n c\u1ee7a h\u1ecd t\u1eebng cai qu\u1ea3n khu v\u1ef1c xung quanh. Du kh\u00e1ch c\u00f3 th\u1ec3 \u0111i qua nh\u00e0 th\u1edd nghi\u00eam trang v\u00e0 t\u00e0n t\u00edch c\u1ee7a tu vi\u1ec7n th\u1ebf k\u1ef7 11, trong khi c\u00e1c tu s\u0129 duy tr\u00ec ho\u1ea1t \u0111\u1ed9ng tr\u1ed3ng nho c\u00f3 t\u1eeb nhi\u1ec1u th\u1ebf k\u1ef7 c\u1ee7a h\u1ecd th\u00f4ng qua vi\u1ec7c s\u1ea3n xu\u1ea5t r\u01b0\u1ee3u vang \u0111\u1ecf v\u00e0 tr\u1eafng theo t\u1eebng \u0111\u1ee3t nh\u1ecf.<\/p>\n<p>Trong th\u00e0nh ph\u1ed1, m\u1ed9t b\u1ed9 s\u01b0u t\u1eadp c\u00e1c b\u1ea3o t\u00e0ng cung c\u1ea5p c\u00e1i nh\u00ecn s\u00e2u s\u1eafc v\u1ec1 th\u1eddi ti\u1ec1n s\u1eed, h\u00e0ng h\u1ea3i \u0110\u1ecba Trung H\u1ea3i v\u00e0 c\u00e1c n\u1ec1n v\u0103n h\u00f3a th\u1ebf gi\u1edbi c\u1ee7a Provence. Mus\u00e9e d&#039;Art et d&#039;Histoire de Provence, t\u1ecda l\u1ea1c trong m\u1ed9t dinh th\u1ef1 th\u1ebf k\u1ef7 18, theo d\u1ea5u cu\u1ed9c s\u1ed1ng \u0111\u1ecba ph\u01b0\u01a1ng t\u1eeb th\u1eddi ti\u1ec1n s\u1eed \u0111\u1ebfn hi\u1ec7n t\u1ea1i th\u00f4ng qua c\u00e1c c\u00f4ng c\u1ee5, trang ph\u1ee5c v\u00e0 santon \u0111\u01b0\u1ee3c \u0111i\u00eau kh\u1eafc cho c\u00e1c hang \u0111\u00e1 Gi\u00e1ng sinh. Mus\u00e9e de la Castre tr\u01b0ng b\u00e0y c\u00e1c hi\u1ec7n v\u1eadt c\u00f3 ngu\u1ed3n g\u1ed1c t\u1eeb c\u00e1c \u0111\u1ea3o san h\u00f4 Th\u00e1i B\u00ecnh D\u01b0\u01a1ng, Peru th\u1eddi ti\u1ec1n Columbus v\u00e0 Mesoamerica, \u0111\u01b0\u1ee3c l\u01b0u gi\u1eef trong t\u00e0n t\u00edch c\u1ee7a m\u1ed9t l\u00e2u \u0111\u00e0i th\u1eddi trung c\u1ed5 tr\u00ean \u0111\u1ec9nh Le Suquet. C\u00e1c \u0111\u1ecba \u0111i\u1ec3m b\u1ed5 sung\u2014nh\u01b0 Mus\u00e9e de la Marine, Mus\u00e9e de la Mer, Mus\u00e9e de la Photographie v\u00e0 Mus\u00e9e International de la Parfumerie\u2014\u0111\u1ec1 c\u1eadp \u0111\u1ebfn c\u00e1c truy\u1ec1n th\u1ed1ng h\u00e0ng h\u1ea3i, kh\u1ea3o c\u1ed5 h\u1ecdc d\u01b0\u1edbi n\u01b0\u1edbc, ngh\u1ec7 thu\u1eadt nhi\u1ebfp \u1ea3nh v\u00e0 di s\u1ea3n n\u01b0\u1edbc hoa c\u1ee7a khu v\u1ef1c.<\/p>\n<p>\u0110\u1eddi s\u1ed1ng s\u00e2n kh\u1ea5u v\u00e0 \u00e2m nh\u1ea1c c\u1ee7a Cannes di\u1ec5n ra trong kh\u00f4ng gian ri\u00eang t\u01b0, n\u01a1i Li\u00ean hoan bi\u1ec3u di\u1ec5n di\u1ec5n vi\u00ean qu\u1ed1c t\u1ebf th\u01b0\u1eddng ni\u00ean d\u00e0n d\u1ef1ng c\u00e1c b\u1ea3n ph\u00e1c th\u1ea3o ng\u1eafn gi\u1eefa c\u00e1c nh\u00e0 h\u00e1t \u0111\u1ecba ph\u01b0\u01a1ng nh\u01b0 Th\u00e9\u00e2tre Debussy, Espace Miramar v\u00e0 Alexandre III. Kh\u00e1n gi\u1ea3 b\u1eaft g\u1eb7p nh\u1eefng kho\u1ea3nh kh\u1eafc h\u00e0i h\u01b0\u1edbc v\u00e0 k\u1ecbch t\u00ednh t\u00e1ch bi\u1ec7t kh\u1ecfi s\u1ef1 ho\u00e0nh tr\u00e1ng c\u1ee7a th\u1ea3m \u0111\u1ecf, c\u1ee7ng c\u1ed1 cam k\u1ebft c\u1ee7a th\u00e0nh ph\u1ed1 \u0111\u1ed1i v\u1edbi ngh\u1ec7 thu\u1eadt bi\u1ec3u di\u1ec5n v\u01b0\u1ee3t ra ngo\u00e0i c\u00e1c s\u1ef1 ki\u1ec7n l\u1edbn.<\/p>\n<p>L\u1ecbch tr\u00ecnh c\u1ee7a Cannes tr\u00e0n ng\u1eadp c\u00e1c l\u1ec5 h\u1ed9i v\u00e0 cu\u1ed9c t\u1ee5 h\u1ecdp chuy\u00ean nghi\u1ec7p. Ngo\u00e0i l\u1ec5 h\u1ed9i phim v\u00e0o gi\u1eefa th\u00e1ng 5, th\u00e1ng 6 b\u00e1o hi\u1ec7u l\u1ec5 h\u1ed9i Lions d\u00e0nh cho s\u1ef1 s\u00e1ng t\u1ea1o trong qu\u1ea3ng c\u00e1o, trong khi V\u1ecbnh Cannes l\u1ea5p l\u00e1nh v\u1edbi ph\u00e1o hoa m\u00f9a h\u00e8 trong L\u1ec5 h\u1ed9i ngh\u1ec7 thu\u1eadt ph\u00e1o hoa th\u01b0\u1eddng ni\u00ean. Midem tri\u1ec7u t\u1eadp c\u00e1c gi\u00e1m \u0111\u1ed1c \u0111i\u1ec1u h\u00e0nh trong ng\u00e0nh \u00e2m nh\u1ea1c v\u00e0o m\u1ed7i th\u00e1ng 6; th\u00e1ng 4 v\u00e0 th\u00e1ng 10 l\u00e0 n\u01a1i t\u1ed5 ch\u1ee9c MIPTV v\u00e0 MIPCOM, c\u00e1c th\u1ecb tr\u01b0\u1eddng th\u01b0\u01a1ng m\u1ea1i h\u00e0ng \u0111\u1ea7u cho n\u1ed9i dung truy\u1ec1n h\u00ecnh; MIPIM tri\u1ec7u t\u1eadp c\u00e1c chuy\u00ean gia b\u1ea5t \u0111\u1ed9ng s\u1ea3n v\u00e0o th\u00e1ng 3; v\u00e0 L\u1ec5 h\u1ed9i du thuy\u1ec1n Cannes v\u00e0o th\u00e1ng 9 thu h\u00fat nh\u1eefng ng\u01b0\u1eddi \u0111am m\u00ea h\u00e0ng h\u1ea3i \u0111\u1ebfn C\u1ea3ng Vieux. Nh\u1eefng \u0111i\u1ec3m n\u1ed5i b\u1eadt kh\u00e1c bao g\u1ed3m Li\u00ean hoan phim to\u00e0n ch\u00e2u Phi v\u00e0o \u0111\u1ea7u th\u00e1ng 4, Li\u00ean hoan tr\u00f2 ch\u01a1i qu\u1ed1c t\u1ebf v\u00e0o m\u1ed7i th\u00e1ng 2 v\u00e0 s\u1ef1 ki\u1ec7n v\u01b0\u1ee3t ch\u01b0\u1edbng ng\u1ea1i v\u1eadt Global Champions Tour t\u1ea1i c\u1ea3ng. Gi\u1ea3i th\u01b0\u1edfng \u00e2m nh\u1ea1c NRJ c\u00e0ng khu\u1ebfch \u0111\u1ea1i vai tr\u00f2 c\u1ee7a th\u00e0nh ph\u1ed1 nh\u01b0 m\u1ed9t trung t\u00e2m gi\u1ea3i tr\u00ed v\u00e0 th\u01b0\u01a1ng m\u1ea1i.<\/p>\n<p>N\u1ec1n kinh t\u1ebf c\u1ee7a Cannes \u0111an xen du l\u1ecbch v\u1edbi m\u1ed9t c\u1ee5m c\u00f4ng ngh\u1ec7 cao \u0111ang ph\u00e1t tri\u1ec3n. Ngo\u00e0i s\u1ef1 quy\u1ebfn r\u0169 c\u1ee7a c\u00e1c l\u1ec5 h\u1ed9i phim v\u00e0 qu\u1ea3ng c\u00e1o, nh\u1eefng ng\u1ecdn \u0111\u1ed3i ph\u00eda tr\u00ean th\u00e0nh ph\u1ed1 l\u00e0 n\u01a1i c\u00f3 th\u00e0nh ph\u1ed1 c\u00f4ng ngh\u1ec7 Sophia Antipolis, v\u00e0 Trung t\u00e2m v\u0169 tr\u1ee5 Cannes Mandelieu \u0111\u1eb7t c\u01a1 s\u1edf ho\u1ea1t \u0111\u1ed9ng s\u1ea3n xu\u1ea5t v\u1ec7 tinh c\u1ee7a Thales Alenia Space g\u1ea7n \u0111\u00f3. Kho\u1ea3ng 6.500 c\u00f4ng ty ho\u1ea1t \u0111\u1ed9ng trong ranh gi\u1edbi c\u1ee7a th\u00e0nh ph\u1ed1, bao g\u1ed3m 3.000 th\u01b0\u01a1ng nh\u00e2n, ngh\u1ec7 nh\u00e2n v\u00e0 nh\u00e0 cung c\u1ea5p d\u1ecbch v\u1ee5. M\u00f4i tr\u01b0\u1eddng n\u0103ng \u0111\u1ed9ng n\u00e0y duy tr\u00ec d\u00f2ng ch\u1ea3y \u1ed5n \u0111\u1ecbnh c\u1ee7a c\u00e1c doanh nghi\u1ec7p m\u1edbi\u2014421 doanh nghi\u1ec7p \u0111\u00e3 \u0111\u01b0\u1ee3c \u0111\u0103ng k\u00fd v\u00e0o n\u0103m 2006\u2014v\u00e0 nh\u1ea5n m\u1ea1nh b\u1ea3n s\u1eafc k\u00e9p c\u1ee7a Cannes l\u00e0 v\u1eeba l\u00e0 s\u00e2n kh\u1ea5u x\u00e3 h\u1ed9i v\u1eeba l\u00e0 trung t\u00e2m \u0111\u1ed5i m\u1edbi.<\/p>\n<p>K\u1ebft n\u1ed1i \u0111\u1ebfn khu v\u1ef1c r\u1ed9ng l\u1edbn h\u01a1n \u0111\u01b0\u1ee3c t\u1ea1o \u0111i\u1ec1u ki\u1ec7n thu\u1eadn l\u1ee3i b\u1eb1ng \u0111\u01b0\u1eddng h\u00e0ng kh\u00f4ng, \u0111\u01b0\u1eddng s\u1eaft, \u0111\u01b0\u1eddng b\u1ed9 v\u00e0 \u0111\u01b0\u1eddng bi\u1ec3n. S\u00e2n bay Nice C\u00f4te d&#039;Azur, c\u00e1ch \u0111\u00f3 24 km v\u1ec1 ph\u00eda \u0111\u00f4ng b\u1eafc, x\u1eed l\u00fd c\u00e1c chuy\u1ebfn bay qu\u1ed1c t\u1ebf, trong khi S\u00e2n bay Cannes\u2013Mandelieu g\u1ea7n \u0111\u00f3 ti\u1ebfp nh\u1eadn c\u00e1c t\u00e0u nh\u1ecf h\u01a1n. Ga \u0111\u01b0\u1eddng s\u1eaft ch\u00ednh k\u1ebft n\u1ed1i v\u1edbi Paris b\u1eb1ng t\u00e0u TGV, \u0111\u1ebfn Marseille b\u1eb1ng t\u00e0u TER v\u00e0 \u0111\u1ebfn c\u00e1c th\u00e0nh ph\u1ed1 c\u1ee7a \u00dd th\u00f4ng qua c\u00e1c d\u1ecbch v\u1ee5 nh\u01b0 c\u00e1c d\u1ecbch v\u1ee5 tr\u01b0\u1edbc \u0111\u00e2y do Thello \u0111i\u1ec1u h\u00e0nh. N\u0103m \u0111i\u1ec3m d\u1eebng \u0111\u1ecba ph\u01b0\u01a1ng b\u1ed5 sung tr\u00ean tuy\u1ebfn \u0111\u1ebfn Grasse ph\u1ee5c v\u1ee5 c\u00e1c qu\u1eadn ngo\u1ea1i th\u00e0nh v\u00e0 m\u1ed9t tuy\u1ebfn ph\u00e0 \u0111\u01b0\u1eddng s\u1eaft chuy\u00ean d\u1ee5ng c\u00f3 t\u1ea1i ga Cannes-la-Bocca. C\u00e1c d\u1ecbch v\u1ee5 xe kh\u00e1ch qu\u1ed1c gia v\u00e0 khu v\u1ef1c d\u1eebng t\u1ea1i Gare Routi\u00e8re de Cannes, trong khi ph\u00e0 t\u1eeb Corsica k\u1ebft n\u1ed1i qua Bastia v\u00e0 Calvi, b\u0103ng qua \u0110\u1ecba Trung H\u1ea3i trong c\u00e1c chuy\u1ebfn \u0111i k\u00e9o d\u00e0i t\u1eeb hai \u0111\u1ebfn b\u1ed1n gi\u1edd.<\/p>\n<p>C\u00e1c b\u1ebfn du thuy\u1ec1n c\u1ee7a Cannes\u2014Vieux Port de Cannes b\u00ean c\u1ea1nh Palais des Festivals v\u00e0 Port Pierre Canto \u1edf m\u0169i ph\u00eda \u0111\u00f4ng c\u1ee7a La Croisette\u2014c\u00f3 s\u1ee9c ch\u1ee9a l\u00ean \u0111\u1ebfn 800 t\u00e0u, t\u1eeb t\u00e0u du l\u1ecbch \u0111\u1ebfn t\u00e0u bi\u1ec3n xuy\u00ean \u0110\u1ea1i T\u00e2y D\u01b0\u01a1ng. Vieux Port c\u0169ng ho\u1ea1t \u0111\u1ed9ng nh\u01b0 m\u1ed9t \u0111i\u1ec3m d\u1eebng ch\u00e2n th\u01b0\u1eddng xuy\u00ean c\u1ee7a du thuy\u1ec1n, c\u1ee7ng c\u1ed1 di s\u1ea3n h\u00e0ng h\u1ea3i c\u1ee7a th\u00e0nh ph\u1ed1.<\/p>\n<p>Khi \u0111i b\u1ed9, du kh\u00e1ch s\u1ebd b\u1eaft g\u1eb7p nhi\u1ec1u tr\u1ea3i nghi\u1ec7m mua s\u1eafm. Gi\u1eefa La Croisette v\u00e0 rue d&#039;Antibes l\u00e0 c\u00e1c c\u1eeda h\u00e0ng th\u1eddi trang xa x\u1ec9 c\u1ee7a c\u00e1c h\u00e3ng th\u1eddi trang qu\u1ed1c t\u1ebf c\u00f9ng c\u00e1c c\u1eeda h\u00e0ng d\u1ec5 ti\u1ebfp c\u1eadn h\u01a1n, trong khi nh\u1eefng con \u0111\u01b0\u1eddng quanh co c\u1ee7a khu ph\u1ed1 c\u1ed5 b\u00e1n \u0111\u1ed3 th\u1ee7 c\u00f4ng m\u1ef9 ngh\u1ec7. Ch\u1ee3 c\u00f3 m\u00e1i che c\u1ee7a Rue Meynadier, March\u00e9 Forville, tr\u01b0ng b\u00e0y m\u1ed9t b\u1ee9c tranh s\u1ed1ng \u0111\u1ed9ng v\u1ec1 c\u00e1c s\u1ea3n ph\u1ea9m c\u1ee7a v\u00f9ng Provence\u2014pho m\u00e1t, \u00f4 liu v\u00e0 h\u1ea3i s\u1ea3n t\u01b0\u01a1i s\u1ed1ng\u2014tr\u00ean c\u00e1c d\u00e3y qu\u1ea7y h\u00e0ng. T\u1ea1i khu ph\u1ed1 l\u1ecbch s\u1eed Le Cannet, Place Bellevue m\u1eddi g\u1ecdi nh\u1eefng b\u1eefa \u0103n ngo\u00e0i tr\u1eddi \u0111\u01b0\u1ee3c bao quanh b\u1edfi nh\u1eefng m\u1eb7t ti\u1ec1n th\u1ebf k\u1ef7 19 v\u00e0 l\u00e0 n\u01a1i c\u00f3 c\u00e1c x\u01b0\u1edfng v\u1ebd n\u01a1i c\u00e1c h\u1ecda s\u0129 v\u00e0 nh\u00e0 \u0111i\u00eau kh\u1eafc ti\u1ebfp t\u1ee5c truy\u1ec1n th\u1ed1ng c\u1ee7a khu v\u1ef1c. Gi\u1edd mua s\u1eafm ti\u00eau chu\u1ea9n k\u00e9o d\u00e0i t\u1eeb 10:00 \u0111\u1ebfn 12:00 v\u00e0 14:30 \u0111\u1ebfn 19:30, v\u1edbi nhi\u1ec1u c\u01a1 s\u1edf v\u1eabn m\u1edf c\u1eeda \u0111\u1ebfn gi\u1edd \u0103n tr\u01b0a trong m\u00f9a cao \u0111i\u1ec3m.<\/p>\n<p>C\u1ea3nh \u1ea9m th\u1ef1c ph\u1ea3n \u00e1nh c\u1ea3 c\u00e1c th\u00e0nh ph\u1ea7n \u0111\u1ecba ph\u01b0\u01a1ng v\u00e0 c\u00e1c xu h\u01b0\u1edbng qu\u1ed1c t\u1ebf \u0111\u00e3 \u0111\u1ecbnh h\u00ecnh n\u00ean Cannes. Nh\u1eefng chi\u1ebfc b\u00e0n ng\u1ed3i d\u1ecdc theo b\u1edd s\u00f4ng cung c\u1ea5p c\u00e1c \u0111\u0129a h\u1ea3i s\u1ea3n c\u00f3 ngu\u1ed3n g\u1ed1c t\u1eeb \u0110\u1ecba Trung H\u1ea3i, trong khi c\u00e1c qu\u00e1n r\u01b0\u1ee3u nh\u1ecf \u1edf Le Suquet ph\u1ee5c v\u1ee5 c\u00e1c m\u00f3n \u0103n l\u1ea5y c\u1ea3m h\u1ee9ng t\u1eeb v\u00f9ng Provence gi\u1eefa khung c\u1ea3nh m\u00e1i nh\u00e0 b\u1eb1ng \u0111\u1ea5t nung. Rue d&#039;Antibes l\u00e0 n\u01a1i c\u00f3 c\u00e1c nh\u00e0 s\u1ea3n xu\u1ea5t s\u00f4 c\u00f4 la nh\u01b0 Maiffret v\u00e0 c\u00e1c m\u00f3n ngon th\u1ee7 c\u00f4ng t\u1ea1i Chez Bruno, v\u00e0 nh\u1eefng ng\u01b0\u1eddi s\u00e0nh \u0103n c\u00f3 th\u1ec3 n\u00e1n l\u1ea1i th\u01b0\u1edfng th\u1ee9c r\u01b0\u1ee3u vang \u0111\u1ecba ph\u01b0\u01a1ng t\u1ea1i La Cave Forville. M\u1eb7c d\u00f9 trung t\u00e2m Cannes c\u00f3 gi\u00e1 cao, nh\u01b0ng m\u1ea1ng l\u01b0\u1edbi c\u00e1c ph\u1ed1 ph\u1ee5 v\u00e0 qu\u00e1n \u0103n ngo\u1ea1i \u00f4 \u1edf Le Cannet cung c\u1ea5p nhi\u1ec1u l\u1ef1a ch\u1ecdn khi\u00eam t\u1ed1n h\u01a1n, b\u1ea7u kh\u00f4ng kh\u00ed c\u1ee7a ch\u00fang \u0111\u01b0\u1ee3c h\u00ecnh th\u00e0nh b\u1edfi nh\u1ecbp \u0111i\u1ec7u c\u1ee7a cu\u1ed9c s\u1ed1ng h\u00e0ng ng\u00e0y thay v\u00ec s\u1ef1 quy\u1ebfn r\u0169 c\u1ee7a l\u1ec5 h\u1ed9i.<\/p>\n<p>Cannes t\u1ed3n t\u1ea1i nh\u01b0 m\u1ed9t n\u01a1i giao thoa\u2014n\u01a1i \u00e1nh s\u00e1ng \u0110\u1ecba Trung H\u1ea3i kh\u00fac x\u1ea1 qua nh\u1eefng t\u00e1n l\u00e1 c\u1ecd, n\u01a1i ngh\u1ec7 thu\u1eadt v\u00e0 th\u01b0\u01a1ng m\u1ea1i h\u1ed9i t\u1ee5 tr\u00ean m\u1ed9t s\u00e2n kh\u1ea5u duy nh\u1ea5t, v\u00e0 n\u01a1i h\u00e0ng th\u1ebf k\u1ef7 l\u1ecbch s\u1eed vang v\u1ecdng trong nh\u1eefng b\u1ee9c t\u01b0\u1eddng \u0111\u00e1 v\u00e0 v\u01b0\u1eddn nho tu vi\u1ec7n. N\u00f3 mang \u0111\u1ebfn m\u1ed9t \u1ea5n t\u01b0\u1ee3ng v\u1eeba ch\u00ednh x\u00e1c v\u1eeba v\u00f4 h\u00ecnh: ti\u1ebfng thuy\u1ec1n c\u1ecd x\u00e1t v\u00e0o b\u1ebfn c\u1ea3ng, ti\u1ebfng v\u1ecdng nh\u1eb9 nh\u00e0ng c\u1ee7a nh\u1eefng cu\u1ed9n phim trong m\u1ed9t kh\u00e1n ph\u00f2ng t\u1ed1i t\u0103m, v\u00e0 d\u1ea5u v\u1ebft c\u00f2n s\u00f3t l\u1ea1i c\u1ee7a hoa nh\u00e0i tr\u00ean l\u00e0n gi\u00f3 m\u00f9a h\u00e8. \u1ede \u0111\u00e2y, hi\u1ec7n \u0111\u1ea1i v\u00e0 k\u00fd \u1ee9c c\u00f9ng t\u1ed3n t\u1ea1i, m\u1eddi g\u1ecdi ng\u01b0\u1eddi quan s\u00e1t v\u01b0\u1ee3t ra kh\u1ecfi k\u1ecbch b\u1ea3n c\u1ee7a ng\u01b0\u1eddi n\u1ed5i ti\u1ebfng \u0111\u1ec3 \u0111i v\u00e0o k\u1ebft c\u1ea5u c\u1ee7a s\u1ef1 duy\u00ean d\u00e1ng h\u00e0ng ng\u00e0y.<\/p>","protected":false},"excerpt":{"rendered":"<p>Cannes, m\u1ed9t x\u00e3 b\u00ecnh d\u1ecb n\u1eb1m tr\u00ean French Riviera, l\u00e0 vi\u00ean ng\u1ecdc c\u1ee7a t\u1ec9nh Alpes-Maritimes \u1edf v\u00f9ng Provence-Alpes-C\u00f4te d&#039;Azur. N\u1eb1m c\u00e1ch Nice kho\u1ea3ng 45 km v\u1ec1 ph\u00eda t\u00e2y nam, th\u00e0nh ph\u1ed1 ven bi\u1ec3n n\u1ed5i ti\u1ebfng n\u00e0y c\u00f3 d\u00e2n s\u1ed1 h\u01a1n 74.000 ng\u01b0\u1eddi, \u0111\u01b0\u1ee3c g\u1ecdi l\u00e0 Cannois trong ti\u1ebfng Ph\u00e1p ho\u1eb7c canenc trong ti\u1ebfng Proven\u00e7al Occitan. V\u1ecb tr\u00ed thu\u1eadn l\u1ee3i c\u1ee7a th\u00e0nh ph\u1ed1 d\u1ecdc theo b\u1edd bi\u1ec3n \u0110\u1ecba Trung H\u1ea3i \u0111\u00e3 \u1ea3nh h\u01b0\u1edfng \u0111\u1ebfn l\u1ecbch s\u1eed, v\u0103n h\u00f3a v\u00e0 kinh t\u1ebf c\u1ee7a th\u00e0nh ph\u1ed1, bi\u1ebfn n\u01a1i \u0111\u00e2y t\u1eeb m\u1ed9t l\u00e0ng ch\u00e0i khi\u00eam t\u1ed1n th\u00e0nh m\u1ed9t khu ngh\u1ec9 d\u01b0\u1ee1ng sang tr\u1ecdng v\u00e0 trung t\u00e2m v\u0103n h\u00f3a danh gi\u00e1.<\/p>","protected":false},"author":1,"featured_media":3017,"parent":13952,"menu_order":0,"comment_status":"closed","ping_status":"closed","template":"elementor_theme","meta":{"_eb_attr":"","footnotes":""},"class_list":["post-14191","page","type-page","status-publish","has-post-thumbnail"],"_links":{"self":[{"href":"https:\/\/travelshelper.com\/vi\/wp-json\/wp\/v2\/pages\/14191","targetHints":{"allow":["GET"]}}],"collection":[{"href":"https:\/\/travelshelper.com\/vi\/wp-json\/wp\/v2\/pages"}],"about":[{"href":"https:\/\/travelshelper.com\/vi\/wp-json\/wp\/v2\/types\/page"}],"author":[{"embeddable":true,"href":"https:\/\/travelshelper.com\/vi\/wp-json\/wp\/v2\/users\/1"}],"replies":[{"embeddable":true,"href":"https:\/\/travelshelper.com\/vi\/wp-json\/wp\/v2\/comments?post=14191"}],"version-history":[{"count":0,"href":"https:\/\/travelshelper.com\/vi\/wp-json\/wp\/v2\/pages\/14191\/revisions"}],"up":[{"embeddable":true,"href":"https:\/\/travelshelper.com\/vi\/wp-json\/wp\/v2\/pages\/13952"}],"wp:featuredmedia":[{"embeddable":true,"href":"https:\/\/travelshelper.com\/vi\/wp-json\/wp\/v2\/media\/3017"}],"wp:attachment":[{"href":"https:\/\/travelshelper.com\/vi\/wp-json\/wp\/v2\/media?parent=14191"}],"curies":[{"name":"wp","href":"https:\/\/api.w.org\/{rel}","templated":true}]}}