{"id":14170,"date":"2024-09-18T20:33:32","date_gmt":"2024-09-18T20:33:32","guid":{"rendered":"https:\/\/travelshelper.com\/staging\/?page_id=14170"},"modified":"2026-03-11T23:57:03","modified_gmt":"2026-03-11T23:57:03","slug":"courchevel","status":"publish","type":"page","link":"https:\/\/travelshelper.com\/vi\/destinations\/europe\/france\/courchevel\/","title":{"rendered":"Courchevel"},"content":{"rendered":"<p>Courchevel, m\u1ed9t c\u1ee5m l\u00e0ng n\u1eb1m gi\u1eefa \u0111\u1ed9 cao 1.300 v\u00e0 1.850 m\u00e9t so v\u1edbi m\u1ef1c n\u01b0\u1edbc bi\u1ec3n t\u1ea1i Thung l\u0169ng Tarentaise thu\u1ed9c t\u1ec9nh Savoie c\u1ee7a Ph\u00e1p, k\u1ebft h\u1ee3p d\u00e2n s\u1ed1 v\u00f9ng n\u00fai cao v\u1edbi ch\u01b0a \u0111\u1ea7y hai ngh\u00ecn c\u01b0 d\u00e2n th\u01b0\u1eddng tr\u00fa v\u1edbi m\u1ed9t khu tr\u01b0\u1ee3t tuy\u1ebft tr\u1ea3i d\u00e0i kho\u1ea3ng 605 ha trong ph\u1ea1m vi li\u00ean k\u1ebft l\u1edbn nh\u1ea5t th\u1ebf gi\u1edbi, Les Trois Vall\u00e9es. T\u1ecda l\u1ea1c t\u1ea1i v\u00f9ng Auvergne-Rh\u00f4ne-Alpes, khu ngh\u1ec9 d\u01b0\u1ee1ng thu h\u00fat ch\u1ee7 y\u1ebfu l\u00e0 kh\u00e1ch qu\u1ed1c t\u1ebf \u0111\u1ebfn v\u1edbi 493 km \u0111\u01b0\u1eddng tr\u01b0\u1ee3t tuy\u1ebft \u0111\u01b0\u1ee3c k\u1ebft n\u1ed1i v\u1edbi nhau, \u0111\u01b0\u1eddng b\u0103ng s\u00e2n bay d\u1ed1c \u0111\u1ee9ng v\u00e0 t\u1eadp trung c\u00e1c cung \u0111i\u1ec7n sang tr\u1ecdng c\u00f9ng c\u00e1c c\u01a1 s\u1edf \u0103n u\u1ed1ng \u0111\u1ea1t sao Michelin. B\u00ean d\u01b0\u1edbi l\u1edbp v\u1ecf b\u1ecdc \u0111\u1ed9c quy\u1ec1n c\u1ee7a n\u00f3 l\u00e0 l\u1ecbch s\u1eed c\u1ee7a k\u1ebf ho\u1ea1ch h\u1eadu chi\u1ebfn c\u00f3 ch\u1ee7 \u0111\u00edch, c\u01a1 s\u1edf h\u1ea1 t\u1ea7ng \u0111\u1ea1t chu\u1ea9n Olympic v\u00e0 h\u1ed3 s\u01a1 \u0111ang ph\u00e1t tri\u1ec3n hi\u1ec7n bao g\u1ed3m c\u00e1c l\u1ec5 h\u1ed9i ngh\u1ec7 thu\u1eadt m\u00f9a h\u00e8 v\u00e0 qu\u1ea3n l\u00fd m\u00f4i tr\u01b0\u1eddng \u1edf r\u00eca C\u00f4ng vi\u00ean qu\u1ed1c gia Vanoise.<\/p>\n<p>T\u1eeb nh\u1eefng nghi\u00ean c\u1ee9u \u0111\u1ea7u ti\u00ean v\u1ec1 ch\u1ebf \u0111\u1ed9 Vichy n\u0103m 1942 cho \u0111\u1ebfn t\u1ea7m nh\u00ecn c\u00f3 c\u0103n c\u1ee9 ti\u1ebfn s\u0129 c\u1ee7a Laurent Chappis, Courchevel \u0111\u00e3 n\u1ed5i l\u00ean nh\u01b0 khu ngh\u1ec9 d\u01b0\u1ee1ng tr\u00ean n\u00fai \u0111\u1ea7u ti\u00ean ho\u00e0n to\u00e0n \u0111\u01b0\u1ee3c x\u00e2y d\u1ef1ng c\u00f3 m\u1ee5c \u0111\u00edch c\u1ee7a Ph\u00e1p. Chappis, c\u00f9ng v\u1edbi k\u1ef9 s\u01b0 Maurice Michaud, \u0111\u00e3 quy\u1ebft \u0111\u1ecbnh t\u1eeb b\u1ecf m\u00f4 h\u00ecnh c\u1ea3i t\u1ea1o c\u00e1c ng\u00f4i l\u00e0ng hi\u1ec7n c\u00f3 v\u00e0 thay v\u00e0o \u0111\u00f3 thi\u1ebft l\u1eadp m\u1ed9t m\u1ea1ng l\u01b0\u1edbi c\u00e1c \u0111\u1ecba \u0111i\u1ec3m \u1edf \u0111\u1ed9 cao 1.300 (Le Praz), 1.550 (L\u00e0ng Courchevel ng\u00e0y nay), 1.650 (Moriond) v\u00e0 1.850 m\u00e9t\u2014b\u00e2y gi\u1edd ch\u1ec9 \u0111\u01a1n gi\u1ea3n l\u00e0 \u201cCourchevel\u201d\u2014m\u1ed7i \u0111\u1ecba \u0111i\u1ec3m \u0111\u01b0\u1ee3c h\u00ecnh th\u00e0nh v\u1edbi m\u1ed9t \u0111\u1eb7c \u0111i\u1ec3m ri\u00eang bi\u1ec7t. \u0110\u01b0\u1ee3c kh\u00e1nh th\u00e0nh v\u00e0o n\u0103m 1946, Courchevel 1550 \u0111\u00f3ng vai tr\u00f2 l\u00e0 ch\u1ed7 \u0111\u1ee9ng ban \u0111\u1ea7u cho c\u01a1 s\u1edf h\u1ea1 t\u1ea7ng du l\u1ecbch, ng\u00f4i l\u00e0ng th\u00f4 s\u01a1 c\u1ee7a n\u00f3 \u0111\u00e3 t\u1ea1o ra c\u00e1c kh\u00e1ch s\u1ea1n nh\u01b0 Roc Merlet. Hai n\u0103m sau, Chappis gi\u00e1m s\u00e1t qu\u00e1 tr\u00ecnh ph\u00e1t tri\u1ec3n Courchevel 1850 tr\u00ean \u0111\u1ed3ng c\u1ecf Tovet r\u1ed9ng l\u1edbn, v\u1edbi m\u1eb7t ti\u1ec1n g\u00f3c c\u1ea1nh v\u00e0 m\u00e1i nh\u00e0 th\u1ea5p \u0111\u00e3 c\u00e1ch m\u1ea1ng h\u00f3a ki\u1ebfn \u200b\u200btr\u00fac v\u00f9ng n\u00fai cao v\u00e0 \u0111\u01b0\u1ee3c ghi nh\u1eadn v\u00e0o danh m\u1ee5c b\u1ed5 sung c\u00e1c di t\u00edch l\u1ecbch s\u1eed cho qu\u1ea7n th\u1ec3 \u0111\u00f4 th\u1ecb v\u00e0o n\u0103m 1998.<\/p>\n<p>S\u1ef1 ph\u00e1t tri\u1ec3n nhanh ch\u00f3ng c\u1ee7a Courchevel trong nh\u1eefng n\u0103m 1950 v\u00e0 1960 ph\u1ea3n \u00e1nh s\u1ef1 ch\u1ea5p nh\u1eadn c\u1ee7a Ph\u00e1p \u0111\u1ed1i v\u1edbi c\u00e1c m\u00f4n th\u1ec3 thao m\u00f9a \u0111\u00f4ng nh\u01b0 m\u1ed9t h\u00ecnh th\u1ee9c gi\u1ea3i tr\u00ed \u0111\u1ea1i ch\u00fang. Tuy nhi\u00ean, n\u01a1i \u0111\u00e2y v\u1eabn gi\u1eef \u0111\u01b0\u1ee3c m\u1ed9t s\u1ee3i d\u00e2y c\u1ed9ng \u0111\u1ed3ng b\u1eaft ngu\u1ed3n t\u1eeb Le Praz v\u00e0 th\u1ee7 ph\u1ee7 c\u1ed9ng \u0111\u1ed3ng Saint-Bon-Tarentaise \u1edf \u0111\u1ed9 cao 1.100 m\u00e9t, n\u01a1i c\u00e1c d\u1ecbch v\u1ee5 \u0111\u01b0a \u0111\u00f3n mi\u1ec5n ph\u00ed n\u1ed1i nh\u1eefng ng\u00f4i nh\u00e0 b\u1eb1ng \u0111\u00e1 truy\u1ec1n th\u1ed1ng v\u00e0 nh\u00e0 th\u1edd Saint Bon th\u1ebf k\u1ef7 12 v\u1edbi ranh gi\u1edbi tuy\u1ebft \u1edf ph\u00eda tr\u00ean. \u0110\u1ebfn n\u0103m 1952, &#034;Ban c\u00f4ng \u0111\u1ea7y n\u1eafng&#034; c\u1ee7a Moriond \u0111\u00e3 c\u00f3 \u0111\u01b0\u1ee3c bi\u1ec7t danh kh\u00f4ng ch\u1ec9 v\u00ec nh\u1eefng con d\u1ed1c \u0111\u1ea7y n\u1eafng m\u00e0 c\u00f2n v\u00ec m\u1ed9t khu tr\u01b0\u1ee3t tuy\u1ebft t\u1ef1 tr\u1ecb do Soci\u00e9t\u00e9 des T\u00e9l\u00e9skis de Moriond qu\u1ea3n l\u00fd\u2014ti\u1ec1n th\u00e2n c\u1ee7a Soci\u00e9t\u00e9 des Trois Vall\u00e9es (S3V) \u0111\u01b0\u1ee3c th\u00e0nh l\u1eadp v\u00e0o n\u0103m 1946 v\u00e0 hi\u1ec7n ch\u1ecbu tr\u00e1ch nhi\u1ec7m v\u1ec1 c\u00e1c thang m\u00e1y tr\u00ean kh\u1eafp Ba Thung l\u0169ng. M\u1ed9t s\u1eafc l\u1ec7nh n\u0103m 1959 \u0111\u00e3 th\u1ed1ng nh\u1ea5t \u0111\u1ecba h\u00ecnh c\u1ee7a Moriond trong ph\u1ea1m vi quy\u1ec1n h\u1ea1n c\u1ee7a Saint-Bon, c\u1ee7ng c\u1ed1 quy\u1ec1n qu\u1ea3n l\u00fd \u0111\u1ecba ph\u01b0\u01a1ng ngay c\u1ea3 khi c\u00e1c c\u01a1 quan qu\u1ed1c gia s\u1ebd s\u1edbm chuy\u1ec3n h\u01b0\u1edbng \u0111\u1ea7u t\u01b0 v\u00e0o c\u00e1c \u0111\u1ecba \u0111i\u1ec3m t\u1ed5 ch\u1ee9c Th\u1ebf v\u1eadn h\u1ed9i.<\/p>\n<p>L\u1ec5 kh\u00e1nh th\u00e0nh c\u00e1c \u0111\u01b0\u1eddng tr\u01b0\u1ee3t tuy\u1ebft nh\u1ea3y c\u1ee7a Tremplin du Praz v\u00e0o th\u00e1ng 1 n\u0103m 1991 m\u1edf \u0111\u1ea7u cho Th\u1ebf v\u1eadn h\u1ed9i m\u00f9a \u0111\u00f4ng Albertville n\u0103m 1992, khi Le Praz t\u1ed5 ch\u1ee9c c\u00e1c cu\u1ed9c thi nh\u1ea3y tr\u01b0\u1ee3t tuy\u1ebft v\u00e0 tr\u01b0\u1ee3t tuy\u1ebft k\u1ebft h\u1ee3p B\u1eafc \u00c2u, v\u00e0 La Tania\u2014\u0111\u01b0\u1ee3c x\u00e2y d\u1ef1ng d\u00e0nh ri\u00eang cho c\u00e1c v\u1eadn \u0111\u1ed9ng vi\u00ean\u2014tham gia v\u00e0o b\u1ee9c tranh kh\u1ea3m thung l\u0169ng. S\u00e2n tr\u01b0\u1ee3t b\u0103ng Forum \u0111\u1ecba ph\u01b0\u01a1ng, \u0111\u01b0\u1ee3c kh\u00e1nh th\u00e0nh v\u00e0o th\u00e1ng 12 n\u0103m 1990 v\u1edbi chi ph\u00ed 38 tri\u1ec7u franc, cung c\u1ea5p c\u00e1c c\u01a1 s\u1edf \u0111\u00e0o t\u1ea1o tr\u01b0\u1edbc khi Th\u1ebf v\u1eadn h\u1ed9i ph\u00e2n ph\u1ed1i c\u00e1c s\u1ef1 ki\u1ec7n tr\u00ean kh\u1eafp Albertville, M\u00e9ribel v\u00e0 Pralognan-la-Vanoise. \u0110\u01b0\u1eddng b\u0103ng c\u1ee7a altiport, ban \u0111\u1ea7u \u0111\u01b0\u1ee3c Michel Ziegler th\u00e0nh l\u1eadp v\u00e0o n\u0103m 1961 v\u00e0 sau \u0111\u00f3 \u0111\u01b0\u1ee3c m\u1edf r\u1ed9ng \u0111\u1ec3 ch\u00e0o \u0111\u00f3n m\u00e1y bay Dash 7 cho Th\u1ebf v\u1eadn h\u1ed9i, \u0111\u00e3 nh\u1ea5n m\u1ea1nh t\u1ea7m quan tr\u1ecdng chi\u1ebfn l\u01b0\u1ee3c c\u1ee7a Courchevel m\u1eb7c d\u00f9 c\u00f3 \u0111\u1ed9 d\u1ed1c 18,5 ph\u1ea7n tr\u0103m n\u1ed5i ti\u1ebfng v\u00e0 chi\u1ec1u d\u00e0i 525 m\u00e9t. Phi c\u00f4ng c\u1ea7n c\u00f3 ch\u1ee9ng ch\u1ec9 \u0111\u1eb7c bi\u1ec7t \u0111\u1ec3 \u0111i\u1ec1u h\u01b0\u1edbng \u0111\u01b0\u1eddng ti\u1ebfp c\u1eadn thung l\u0169ng v\u00e0 s\u00e2n bay v\u1eabn \u0111\u01b0\u1ee3c x\u1ebfp h\u1ea1ng l\u00e0 m\u1ed9t trong nh\u1eefng n\u01a1i nguy hi\u1ec3m nh\u1ea5t th\u1ebf gi\u1edbi.<\/p>\n<p>S\u1ef1 m\u1edf r\u1ed9ng c\u1ee7a khu ngh\u1ec9 d\u01b0\u1ee1ng v\u00e0o th\u1ebf k\u1ef7 21 k\u1ebft h\u1ee3p s\u1ef1 xa hoa v\u1edbi s\u1ef1 tinh t\u1ebf trong ho\u1ea1t \u0111\u1ed9ng. \u0110\u1ebfn n\u0103m 2011, ph\u00e2n lo\u1ea1i kh\u00e1ch s\u1ea1n c\u1ee7a Ph\u00e1p \u0111\u00e3 gi\u1edbi thi\u1ec7u ng\u00f4i sao &#034;cung \u0111i\u1ec7n&#034; th\u1ee9 s\u00e1u; Courchevel tuy\u00ean b\u1ed1 hai trong s\u1ed1 t\u00e1m cung \u0111i\u1ec7n \u0111\u1ea7u ti\u00ean nh\u01b0 v\u1eady c\u1ee7a qu\u1ed1c gia t\u1ea1i Jardin Alpin. M\u01b0\u1eddi b\u1ed1n kh\u00e1ch s\u1ea1n trong khu ngh\u1ec9 d\u01b0\u1ee1ng hi\u1ec7n c\u00f3 v\u1ecb th\u1ebf n\u0103m sao v\u00e0 b\u1ea3y c\u01a1 s\u1edf s\u1edf h\u1eefu sao Michelin\u2014Le Chabichou trong s\u1ed1 \u0111\u00f3 c\u00f3 hai sao v\u00e0 Cheval Blanc c\u1ee7a Yannick All\u00e9no t\u1ef1 h\u00e0o c\u00f3 ba sao. C\u00f9ng v\u1edbi c\u00e1c c\u1eeda h\u00e0ng th\u1eddi trang cao c\u1ea5p c\u1ee7a Louis Vuitton, Herm\u00e8s, Chanel v\u00e0 c\u00e1c th\u01b0\u01a1ng hi\u1ec7u kh\u00e1c, khu ngh\u1ec9 d\u01b0\u1ee1ng cung c\u1ea5p th\u1ee9 \u0111\u01b0\u1ee3c m\u00f4 t\u1ea3 l\u00e0 hi\u1ec7u thu\u1ed1c \u0111\u1eaft nh\u1ea5t \u1edf Ph\u00e1p. Kh\u00e1ch h\u00e0ng c\u1ee7a n\u01a1i n\u00e0y ch\u1ee7 y\u1ebfu \u0111\u1ebfn t\u1eeb c\u00e1c qu\u1ed1c gia v\u00f9ng V\u1ecbnh v\u00e0 gi\u1edbi th\u01b0\u1ee3ng l\u01b0u ng\u01b0\u1eddi Nga, nh\u1eefng ng\u01b0\u1eddi s\u1eafp x\u1ebfp th\u1eddi gian gh\u00e9 th\u0103m tr\u00f9ng v\u1edbi N\u0103m m\u1edbi v\u00e0 Gi\u00e1ng sinh Ch\u00ednh th\u1ed1ng gi\u00e1o Nga v\u00e0o ng\u00e0y 7 th\u00e1ng 1, c\u1ee7ng c\u1ed1 hai tu\u1ea7n \u0111\u1ea7u ti\u00ean c\u1ee7a th\u00e1ng l\u00e0 m\u00f9a cao \u0111i\u1ec3m.<\/p>\n<p>Tuy nhi\u00ean, s\u1ef1 xa hoa song h\u00e0nh v\u1edbi nh\u1eefng th\u00e1ch th\u1ee9c th\u1eed th\u00e1ch kh\u1ea3 n\u0103ng ph\u1ee5c h\u1ed3i c\u1ee7a c\u1ed9ng \u0111\u1ed3ng. V\u00e0o nh\u1eefng gi\u1edd tr\u01b0\u1edbc b\u00ecnh minh ng\u00e0y 20 th\u00e1ng 1 n\u0103m 2019, m\u1ed9t \u0111\u00e1m ch\u00e1y \u0111\u00e3 qu\u00e9t qua khu nh\u00e0 \u1edf c\u1ee7a c\u00f4ng nh\u00e2n theo m\u00f9a t\u1ea1i Courchevel 1850, c\u01b0\u1edbp \u0111i sinh m\u1ea1ng c\u1ee7a hai ng\u01b0\u1eddi v\u00e0 l\u00e0m b\u1ecb th\u01b0\u01a1ng hai m\u01b0\u01a1i hai ng\u01b0\u1eddi. M\u1ed9t tr\u0103m ba m\u01b0\u01a1i l\u00ednh c\u1ee9u h\u1ecfa \u0111\u00e3 ph\u1ea3n \u1ee9ng, h\u00e0nh \u0111\u1ed9ng nhanh ch\u00f3ng c\u1ee7a h\u1ecd \u0111\u00e3 ng\u0103n ch\u1eb7n \u0111\u01b0\u1ee3c th\u1ea3m k\u1ecbch th\u1eadm ch\u00ed c\u00f2n l\u1edbn h\u01a1n v\u00e0 l\u00e0m n\u1ed5i b\u1eadt bi\u00ean \u0111\u1ed9 sai s\u00f3t h\u1eb9p gi\u1eefa nh\u1eefng con ph\u1ed1 d\u1ed1c v\u00e0 m\u1eb7t ti\u1ec1n nh\u00e0 g\u1ed7 ch\u1eadt ch\u1ed9i. S\u1ef1 c\u1ed1 n\u00e0y \u0111\u00e3 th\u00fac \u0111\u1ea9y c\u00e1c giao th\u1ee9c an to\u00e0n nghi\u00eam ng\u1eb7t h\u01a1n trong nh\u00e0 \u1edf c\u1ee7a c\u00f4ng nh\u00e2n v\u00e0 \u0111\u1ea7u t\u01b0 m\u1edbi v\u00e0o c\u00e1c d\u1ecbch v\u1ee5 c\u1ee9u h\u1ecfa c\u1ed9ng \u0111\u1ed3ng.<\/p>\n<p>Cam k\u1ebft c\u1ee7a Courchevel v\u1ec1 s\u1ee9c s\u1ed1ng quanh n\u0103m \u0111\u00e3 ch\u1ee9ng ki\u1ebfn \u200b\u200bs\u1ef1 b\u1ed5 sung c\u1ee7a c\u00e1c \u0111\u1ecba \u0111i\u1ec3m gi\u1ea3i tr\u00ed v\u00e0 v\u0103n h\u00f3a l\u1edbn. Th\u00e1ng 12 n\u0103m 2015 \u0111\u00e1nh d\u1ea5u s\u1ef1 ra m\u1eaft c\u1ee7a Aquamotion, m\u1ed9t khu ph\u1ee9c h\u1ee3p d\u01b0\u1edbi n\u01b0\u1edbc r\u1ed9ng 15.000 m\u00e9t vu\u00f4ng v\u1edbi c\u00e1c h\u1ed3 b\u01a1i trong nh\u00e0 v\u00e0 ngo\u00e0i tr\u1eddi, h\u1ed1 l\u1eb7n, c\u1ea7u tr\u01b0\u1ee3t, c\u01a1 s\u1edf spa v\u00e0 ba \u0111\u1ecba \u0111i\u1ec3m \u0103n u\u1ed1ng, t\u1ea5t c\u1ea3 \u0111\u1ec1u \u0111\u01b0\u1ee3c thi\u1ebft k\u1ebf \u0111\u1ec3 \u0111a d\u1ea1ng h\u00f3a c\u00e1c d\u1ecbch v\u1ee5 sau khi tr\u01b0\u1ee3t tuy\u1ebft. V\u00e0o th\u00e1ng 11 n\u0103m 2013, trung t\u00e2m th\u1ec3 thao L&#039;Envol\u00e9e t\u1ea1i Le Praz \u0111\u00e3 cung c\u1ea5p m\u1ed9t ph\u00f2ng t\u1eadp th\u1ec3 d\u1ee5c r\u1ed9ng 1.000 m\u00e9t vu\u00f4ng, khu th\u1ec3 d\u1ee5c v\u00e0 ph\u00f2ng \u0111a n\u0103ng, ph\u1ee5c v\u1ee5 cho c\u1ea3 c\u00e1c v\u1eadn \u0111\u1ed9ng vi\u00ean \u01b0u t\u00fa v\u00e0 du kh\u00e1ch b\u00ecnh th\u01b0\u1eddng. Hi\u1ec7n \u0111ang \u0111\u01b0\u1ee3c x\u00e2y d\u1ef1ng t\u1ea1i Le Praz, L&#039;Alpinium \u0111\u1eb7t m\u1ee5c ti\u00eau t\u0103ng c\u01b0\u1eddng k\u1ebft n\u1ed1i v\u1edbi Courchevel 1850 v\u00e0 m\u1edf r\u1ed9ng b\u00e3i \u0111\u1eadu xe, th\u1eeba nh\u1eadn r\u1eb1ng vi\u1ec7c c\u1ea3i thi\u1ec7n kh\u1ea3 n\u0103ng di chuy\u1ec3n gi\u1eefa c\u00e1c l\u00e0ng v\u1eabn r\u1ea5t quan tr\u1ecdng trong m\u1ed9t khu ngh\u1ec9 d\u01b0\u1ee1ng tr\u1ea3i d\u00e0i n\u0103m khu \u0111\u1ecbnh c\u01b0 nh\u01b0ng l\u1ea1i mang t\u00ean \u0111\u1ecba \u0111i\u1ec3m cao nh\u1ea5t c\u1ee7a n\u00f3.<\/p>\n<p>Vi\u1ec7c b\u1ed5 nhi\u1ec7m Courchevel v\u00e0 M\u00e9ribel l\u00e0m \u0111\u1ed3ng ch\u1ee7 nh\u00e0 c\u1ee7a Gi\u1ea3i v\u00f4 \u0111\u1ecbch tr\u01b0\u1ee3t tuy\u1ebft th\u1ebf gi\u1edbi FIS Alpine 2023 \u0111\u00e3 kh\u1eb3ng \u0111\u1ecbnh l\u1ea1i v\u1ecb th\u1ebf to\u00e0n c\u1ea7u c\u1ee7a thung l\u0169ng. C\u00e1c cu\u1ed9c \u0111ua b\u1eaft \u0111\u1ea7u t\u1ea1i \u0111\u01b0\u1eddng \u0111ua L&#039;\u00c9clipse m\u1edbi \u0111\u01b0\u1ee3c x\u00e2y d\u1ef1ng tr\u00ean \u0111\u1ec9nh Saulire tr\u01b0\u1edbc khi k\u1ebft th\u00fac t\u1ea1i \u0111\u00e1y thung l\u0169ng \u1edf Courchevel Le Praz\u2014m\u1ed9t minh ch\u1ee9ng cho nhi\u1ec1u th\u1eadp k\u1ef7 k\u1ef9 thu\u1eadt \u0111\u01b0\u1eddng tr\u01b0\u1ee3t v\u00e0 t\u1ea1o tuy\u1ebft. K\u1ec3 t\u1eeb khi H\u1ed3 Ariondaz \u0111\u01b0\u1ee3c \u0111\u01b0a v\u00e0o s\u1eed d\u1ee5ng n\u0103m 2007, khu ngh\u1ec9 d\u01b0\u1ee1ng \u0111\u00e3 tri\u1ec3n khai t\u1edbi 617 kh\u1ea9u ph\u00e1o tuy\u1ebft \u0111\u1ec3 bao ph\u1ee7 43 ph\u1ea7n tr\u0103m \u0111\u1ecba h\u00ecnh c\u1ee7a m\u00ecnh, gi\u1ea3m thi\u1ec3u s\u1ef1 thay \u0111\u1ed5i theo m\u00f9a. Li\u00ean \u0111o\u00e0n c\u00e1c tr\u1ea1m ngh\u1ec9 d\u01b0\u1ee1ng tr\u00ean n\u00fai Ph\u00e1p ghi nh\u1eadn r\u1eb1ng, \u1edf th\u1eddi k\u1ef3 \u0111\u1ec9nh cao v\u00e0o \u0111\u1ea7u nh\u1eefng n\u0103m 1970, khu v\u1ef1c n\u00e0y \u0111\u00e3 h\u1ed7 tr\u1ee3 kho\u1ea3ng 28.000 gi\u01b0\u1eddng du l\u1ecbch; ng\u00e0y nay, Trois Vall\u00e9es c\u00f9ng nhau cung c\u1ea5p h\u01a1n 126.000 gi\u01b0\u1eddng, trong \u0111\u00f3 th\u1ecb ph\u1ea7n c\u1ee7a Courchevel dao \u0111\u1ed9ng quanh m\u1ee9c 32.000.<\/p>\n<p>Di s\u1ea3n ki\u1ebfn \u200b\u200btr\u00fac v\u1eabn l\u00e0 m\u1ed9t kh\u00eda c\u1ea1nh x\u00e1c \u0111\u1ecbnh b\u1ea3n s\u1eafc c\u1ee7a Courchevel. C\u00e1c t\u00f2a nh\u00e0 theo phong c\u00e1ch nh\u00e0 g\u1ed7 do Denys Pradelle v\u00e0 Chappis thi\u1ebft k\u1ebf t\u1ea1i Courchevel n\u0103m 1850\u2014Lang, Joliot-Curie, Petit Navire v\u00e0 nh\u1eefng ng\u01b0\u1eddi kh\u00e1c\u2014\u0111\u00e3 \u0111\u01b0\u1ee3c ghi nh\u1eadn l\u00e0 di t\u00edch l\u1ecbch s\u1eed t\u1eeb n\u0103m 2005 \u0111\u1ebfn n\u0103m 2012, m\u1ed7i t\u00f2a nh\u00e0 \u0111\u1ec1u minh h\u1ecda cho s\u1ef1 k\u1ebft h\u1ee3p gi\u1eefa s\u1ef1 \u0111\u01a1n gi\u1ea3n hi\u1ec7n \u0111\u1ea1i v\u00e0 ng\u00f4n ng\u1eef b\u1ea3n \u0111\u1ecba v\u00f9ng n\u00fai cao v\u00e0o gi\u1eefa th\u1ebf k\u1ef7. Nh\u00e0 nguy\u1ec7n \u0110\u1ee9c M\u1eb9 L\u00ean Tr\u1eddi, ho\u00e0n th\u00e0nh n\u0103m 1959 v\u00e0 m\u1edf r\u1ed9ng n\u0103m 1970, n\u1eb1m trong s\u1ed1 ba m\u01b0\u01a1i \u0111\u1ecba \u0111i\u1ec3m \u0111\u01b0\u1ee3c b\u1ea3o v\u1ec7 n\u1eb1m r\u1ea3i r\u00e1c kh\u1eafp x\u00e3. S\u1ef1 c\u00f4ng nh\u1eadn nh\u01b0 v\u1eady kh\u1eb3ng \u0111\u1ecbnh nh\u1eefng g\u00ec c\u00e1c nh\u00e0 quy ho\u1ea1ch ban \u0111\u1ea7u h\u00ecnh dung: m\u1ed9t khu ngh\u1ec9 d\u01b0\u1ee1ng kh\u00f4ng ch\u1ec9 \u0111\u01b0\u1ee3c gh\u00e9p v\u00e0o s\u01b0\u1eddn n\u00fai m\u00e0 c\u00f2n l\u00e0 n\u01a1i h\u00e0i h\u00f2a gi\u1eefa h\u00ecnh th\u1ee9c x\u00e2y d\u1ef1ng v\u1edbi c\u1ea3nh quan.<\/p>\n<p>Ti\u1ebfp c\u1eadn, c\u1ea3 v\u1ec1 m\u1eb7t v\u1eadt l\u00fd v\u00e0 h\u00e0nh ch\u00ednh, ph\u1ea3n \u00e1nh s\u1ef1 ph\u00e1t tri\u1ec3n theo t\u1eebng l\u1edbp c\u1ee7a Courchevel. M\u1eb7c d\u00f9 x\u00e3 Courchevel \u0111\u01b0\u1ee3c th\u00e0nh l\u1eadp v\u00e0o n\u0103m 2017 th\u00f4ng qua vi\u1ec7c s\u00e1p nh\u1eadp Saint-Bon-Tarentaise v\u00e0 La Perri\u00e8re, t\u00f2a th\u1ecb ch\u00ednh c\u1ee7a n\u00f3 v\u1eabn \u1edf Saint-Bon, b\u1ea3o t\u1ed3n t\u00ednh li\u00ean t\u1ee5c v\u1edbi k\u1ef7 nguy\u00ean tr\u01b0\u1edbc khi c\u00f3 khu ngh\u1ec9 d\u01b0\u1ee1ng. C\u00e1c tuy\u1ebfn \u0111\u01b0\u1eddng b\u1ed9 k\u00e9o d\u00e0i t\u1eeb Le Praz qua La Tania \u0111\u1ebfn M\u00e9ribel qua Col de la Loze v\u00e0 t\u1eeb Saulire \u0111\u1ebfn Thung l\u0169ng Allues, cho ph\u00e9p nh\u1eefng ng\u01b0\u1eddi tr\u01b0\u1ee3t tuy\u1ebft b\u0103ng qua Paradiski v\u00e0 Espace Killy b\u1eb1ng th\u1ebb \u0111i c\u00e1p treo h\u00e0ng tu\u1ea7n. C\u00e1c \u0111\u1ec1 xu\u1ea5t k\u1ebft n\u1ed1i m\u1ecdi h\u1ec7 th\u1ed1ng Tarentaise \u0111\u00e3 b\u1ecb d\u1eebng l\u1ea1i do C\u00f4ng vi\u00ean qu\u1ed1c gia Vanoise \u0111\u01b0\u1ee3c th\u00e0nh l\u1eadp v\u00e0o n\u0103m 1963, b\u1ea3o v\u1ec7 h\u1ec7 sinh th\u00e1i n\u00fai cao ngay c\u1ea3 khi du l\u1ecbch t\u0103ng v\u1ecdt.<\/p>\n<p>Qu\u1ea3n l\u00fd khu ngh\u1ec9 d\u01b0\u1ee1ng k\u1ebft h\u1ee3p qu\u1ea3n l\u00fd c\u00f4ng v\u00e0 doanh nghi\u1ec7p th\u01b0\u01a1ng m\u1ea1i. Courchevel Tourisme, m\u1ed9t v\u0103n ph\u00f2ng du l\u1ecbch do EPIC t\u00e0i tr\u1ee3 \u0111\u01b0\u1ee3c c\u1ea5p v\u1ed1n t\u1eeb thu\u1ebf \u0111\u1ecba ph\u01b0\u01a1ng, \u0111\u00e3 ph\u00e2n b\u1ed5 ng\u00e2n s\u00e1ch 5,3 tri\u1ec7u euro v\u00e0o n\u0103m 2015 cho ho\u1ea1t \u0111\u1ed9ng qu\u1ea3ng b\u00e1 v\u00e0 s\u1ef1 ki\u1ec7n. Trong khi \u0111\u00f3, S3V\u2014ban \u0111\u1ea7u \u0111\u01b0\u1ee3c t\u00e0i tr\u1ee3 b\u1edfi H\u1ed9i \u0111\u1ed3ng chung c\u1ee7a Savoie\u2014qu\u1ea3n l\u00fd c\u00e1c thang m\u00e1y tr\u01b0\u1ee3t tuy\u1ebft v\u00e0 \u0111\u01b0\u1eddng tr\u01b0\u1ee3t tuy\u1ebft nh\u01b0 m\u1ed9t c\u00f4ng ty kinh t\u1ebf h\u1ed7n h\u1ee3p c\u00f3 c\u00e1c c\u1ed5 \u0111\u00f4ng ch\u00ednh bao g\u1ed3m h\u1ed9i \u0111\u1ed3ng s\u1edf, c\u00e1c x\u00e3 Saint-Bon-Tarentaise, Les Allues v\u00e0 La Perri\u00e8re, v\u00e0 nh\u00e2n vi\u00ean c\u1ee7a S3V. \u0110\u1ebfn n\u0103m 2008, S3V \u0111\u00e3 v\u1eadn h\u00e0nh 85 thang m\u00e1y tr\u00ean kh\u1eafp Three Valleys\u2014m\u1ed9t ch\u1ec9 s\u1ed1 kh\u00e1c v\u1ec1 vai tr\u00f2 c\u1ee7a Courchevel trong m\u1ed9t m\u1ea1ng l\u01b0\u1edbi c\u00f3 t\u1ed5ng di\u1ec7n t\u00edch b\u1ec1 m\u1eb7t v\u01b0\u1ee3t qu\u00e1 2.100 ha.<\/p>\n<p>M\u1eb7c d\u00f9 c\u00f3 ngu\u1ed3n g\u1ed1c v\u00e0 t\u00e0i nguy\u00ean, Courchevel v\u1eabn ph\u1ea3i \u0111\u1ed1i m\u1eb7t v\u1edbi y\u00eau c\u1ea7u c\u1ea5p thi\u1ebft l\u00e0 ph\u1ea3i hi\u1ec7n \u0111\u1ea1i h\u00f3a. Trong nh\u1eefng th\u1eadp k\u1ef7 g\u1ea7n \u0111\u00e2y, h\u1ec7 th\u1ed1ng c\u00e1p treo c\u00f3 th\u1ec3 th\u00e1o r\u1eddi c\u1ee7a Poma \u0111\u00e3 thay th\u1ebf cho nh\u1eefng &#034;qu\u1ea3 tr\u1ee9ng&#034; l\u1ecbch s\u1eed, v\u00e0 tuy\u1ebfn c\u00e1p treo Grand Jour\u2014t\u1eebng l\u00e0 tuy\u1ebfn l\u1edbn nh\u1ea5t th\u1ebf gi\u1edbi\u2014\u0111\u00e3 nh\u01b0\u1eddng ch\u1ed7 cho c\u00e1c h\u1ec7 th\u1ed1ng l\u1eafp \u0111\u1eb7t nhanh h\u01a1n, c\u00f3 c\u00f4ng su\u1ea5t cao h\u01a1n. Ho\u1ea1t \u0111\u1ed9ng t\u1ea1o tuy\u1ebft v\u1eabn ti\u00eau t\u1ed1n nhi\u1ec1u n\u0103ng l\u01b0\u1ee3ng, m\u1ed9t m\u1ed1i quan ng\u1ea1i \u0111\u01b0\u1ee3c T\u00f2a \u00e1n Ki\u1ec3m to\u00e1n c\u1ee7a Ph\u00e1p ghi nh\u1eadn v\u00e0o n\u0103m 2011 khi ghi nh\u1eadn chi ph\u00ed h\u00e0ng n\u0103m l\u00e0 5 tri\u1ec7u euro cho 130.000 m\u00b3 tuy\u1ebft s\u1ea3n xu\u1ea5t. Khi xu h\u01b0\u1edbng kh\u00ed h\u1eadu thay \u0111\u1ed5i, khu ngh\u1ec9 d\u01b0\u1ee1ng c\u00e2n b\u1eb1ng gi\u1eefa vi\u1ec7c qu\u1ea3n l\u00fd h\u1ed3 ch\u1ee9a v\u00e0 \u0111\u1ecbnh h\u01b0\u1edbng \u0111\u01b0\u1eddng tr\u01b0\u1ee3t \u0111\u1ec3 duy tr\u00ec c\u00e1c \u0111i\u1ec1u ki\u1ec7n \u0111\u00e1ng tin c\u1eady cho c\u00e1c s\u1ef1 ki\u1ec7n d\u00e0nh cho gi\u1edbi th\u01b0\u1ee3ng l\u01b0u v\u00e0 nh\u1eefng ng\u01b0\u1eddi tr\u01b0\u1ee3t tuy\u1ebft gi\u1ea3i tr\u00ed.<\/p>\n<p>L\u1ed3ng gh\u00e9p trong chu\u1ed7i li\u00ean t\u1ee5c c\u1ee7a s\u1ef1 th\u00edch nghi n\u00e0y l\u00e0 s\u1ef1 m\u1edf r\u1ed9ng c\u1ee7a Courchevel v\u00e0o v\u0103n h\u00f3a v\u00e0 th\u1ec3 thao ngo\u00e0i m\u00f9a \u0111\u00f4ng. L\u1ec5 h\u1ed9i ngh\u1ec7 thu\u1eadt ph\u00e1o hoa qu\u1ed1c t\u1ebf \u0111\u00e3 thu h\u00fat kh\u00e1n gi\u1ea3 \u0111\u1ebfn Courchevel 1850 v\u00e0o m\u1ed7i m\u00f9a h\u00e8 k\u1ec3 t\u1eeb n\u0103m 2003, trong khi c\u00e1c tri\u1ec3n l\u00e3m ngh\u1ec7 thu\u1eadt \u0111\u01b0\u01a1ng \u0111\u1ea1i l\u00e0m s\u1ed1ng \u0111\u1ed9ng c\u00e1c ph\u00f2ng tr\u01b0ng b\u00e0y c\u1ee7a l\u00e0ng. C\u00e1c tuy\u1ebfn \u0111\u01b0\u1eddng d\u00e0nh cho xe \u0111\u1ea1p leo n\u00fai v\u00e0 \u0111i b\u1ed9 \u0111\u01b0\u1eddng d\u00e0i, m\u1eb7c d\u00f9 \u00edt l\u01b0u l\u01b0\u1ee3ng h\u01a1n so v\u1edbi c\u00e1c tuy\u1ebfn \u0111\u01b0\u1eddng \u1edf M\u00e9ribel v\u00e0 Les Arcs l\u00e2n c\u1eadn, nh\u01b0ng l\u1ea1i h\u1ea5p d\u1eabn du kh\u00e1ch kh\u00e1m ph\u00e1 c\u00e1c cao nguy\u00ean c\u00f3 r\u1eebng v\u00e0 thung l\u0169ng b\u0103ng h\u00e0. M\u1ed9t s\u00e2n golf ch\u00edn l\u1ed7 t\u1ea1i Jardin Alpin k\u1ebft h\u1ee3p to\u00e0n c\u1ea3nh n\u00fai cao v\u1edbi c\u00e1c \u0111\u01b0\u1eddng b\u0103ng, m\u1ed9t s\u1ef1 c\u00f4ng nh\u1eadn cho ho\u1ea1t \u0111\u1ed9ng gi\u1ea3i tr\u00ed quanh n\u0103m. M\u1ed1i quan h\u1ec7 th\u00e0nh ph\u1ed1 k\u1ebft ngh\u0129a v\u1edbi Park City, Utah, nh\u1ea5n m\u1ea1nh chuy\u00ean m\u00f4n chung trong du l\u1ecbch n\u00fai v\u00e0 th\u1eadm ch\u00ed \u0111\u00e3 cho Courchevel m\u1ed9t \u0111\u01b0\u1eddng ch\u1ea1y \u0111\u01b0\u1ee3c ph\u00e2n lo\u1ea1i m\u00e0u \u0111\u1ecf c\u00f3 t\u00ean l\u00e0 &#034;Park City&#034;.<\/p>\n<p>Trong su\u1ed1t b\u1ea3y th\u1eadp k\u1ef7, Courchevel \u0111\u00e3 duy tr\u00ec m\u1ed9t b\u1ea3n s\u1eafc k\u00e9p: m\u1ed9t l\u00f2 nung c\u1ee7a s\u1ef1 \u0111\u1ed5i m\u1edbi ki\u1ebfn \u200b\u200btr\u00fac v\u00e0 m\u1ed9t th\u00e0nh tr\u00ec c\u1ee7a l\u00f2ng hi\u1ebfu kh\u00e1ch cao c\u1ea5p, trong khi v\u1eabn gi\u1eef \u0111\u01b0\u1ee3c nh\u1ecbp \u0111i\u1ec7u c\u1ee7a cu\u1ed9c s\u1ed1ng tr\u00ean n\u00fai cao trong nh\u1eefng ng\u00f4i l\u00e0ng y\u00ean t\u0129nh h\u01a1n c\u1ee7a m\u00ecnh. Nh\u1eefng con d\u1ed1c c\u1ee7a n\u00f3 - t\u1eebng \u0111\u01b0\u1ee3c Chappis l\u1eadp b\u1ea3n \u0111\u1ed3 trong th\u1eddi chi\u1ebfn - hi\u1ec7n l\u00e0 n\u01a1i t\u1ed5 ch\u1ee9c c\u00e1c gi\u1ea3i v\u00f4 \u0111\u1ecbch th\u1ebf gi\u1edbi v\u00e0 c\u00e1c l\u00e0n \u0111\u01b0\u1eddng c\u1ee7a n\u00f3, tr\u01b0\u1edbc \u0111\u00e2y kh\u00f4ng c\u00f3 kh\u00e1ch s\u1ea1n, gi\u1edd \u0111\u00e2y l\u00e0 k\u00eanh d\u1eabn c\u1ee7a c\u1ea3i to\u00e0n c\u1ea7u. Tuy nhi\u00ean, \u0111\u1eb1ng sau m\u1eb7t ti\u1ec1n c\u1ee7a c\u00e1c cung \u0111i\u1ec7n v\u00e0 c\u1eeda h\u00e0ng th\u1eddi trang l\u00e0 s\u1ef1 t\u1ed3n t\u1ea1i c\u1ee7a nh\u1eefng ng\u00f4i l\u00e0ng nh\u1ecf, ti\u1ebfng \u0111\u1ed9ng c\u01a1 thang m\u00e1y v\u00e0 s\u1ef1 qu\u1ea3n l\u00fd \u1ed5n \u0111\u1ecbnh c\u1ee7a \u0111\u1ecba h\u00ecnh t\u1ef1 nhi\u00ean \u0111\u00e3 x\u00e1c \u0111\u1ecbnh c\u1ea3 ngu\u1ed3n g\u1ed1c v\u00e0 l\u1eddi h\u1ee9a c\u1ee7a khu ngh\u1ec9 d\u01b0\u1ee1ng. Trong th\u1eddi \u0111\u1ea1i m\u00e0 c\u00e1c \u0111i\u1ec3m \u0111\u1ebfn tr\u00ean n\u00fai ph\u1ea3i \u0111\u1ed1i m\u1eb7t v\u1edbi \u00e1p l\u1ef1c v\u1ec1 m\u00f4i tr\u01b0\u1eddng, kinh t\u1ebf v\u00e0 x\u00e3 h\u1ed9i, Courchevel v\u1eabn l\u00e0 minh ch\u1ee9ng cho quy ho\u1ea1ch c\u00f3 ch\u1ee7 \u0111\u00edch, tham v\u1ecdng v\u1ec1 ki\u1ebfn \u200b\u200btr\u00fac v\u00e0 s\u1ee9c h\u1ea5p d\u1eabn l\u00e2u d\u00e0i c\u1ee7a nh\u1eefng \u0111\u1ec9nh n\u00fai ph\u1ee7 \u0111\u1ea7y tuy\u1ebft. C\u00e2u chuy\u1ec7n c\u1ee7a n\u00f3, v\u1eabn \u0111ang di\u1ec5n ra, c\u00e2n b\u1eb1ng gi\u1eefa t\u00ednh \u0111\u1ed9c quy\u1ec1n v\u1edbi c\u1ed9ng \u0111\u1ed3ng, c\u1ea3nh t\u01b0\u1ee3ng v\u1edbi s\u1ef1 thanh b\u00ecnh v\u00e0 s\u1ef1 \u0111\u1ed5i m\u1edbi v\u1edbi s\u1ef1 t\u00f4n tr\u1ecdng \u0111\u1ed1i v\u1edbi \u0111\u1ea5t \u0111ai - m\u1ed9t cu\u1ed9c phi\u00eau l\u01b0u tr\u00ean n\u00fai cao \u0111\u01b0\u1ee3c h\u01b0\u1edbng d\u1eabn b\u1edfi t\u1ea7m nh\u00ecn c\u1ea9n th\u1eadn v\u00e0 n\u1ed7 l\u1ef1c c\u1ee7a con ng\u01b0\u1eddi.<\/p>","protected":false},"excerpt":{"rendered":"<p>N\u1eb1m \u1edf d\u00e3y n\u00fai Alps c\u1ee7a Ph\u00e1p, Courchevel l\u00e0 m\u1ed9t khu ngh\u1ec9 d\u01b0\u1ee1ng tr\u01b0\u1ee3t tuy\u1ebft h\u00e0ng \u0111\u1ea7u, l\u00e0m say \u0111\u1eafm du kh\u00e1ch b\u1eb1ng nh\u1eefng s\u01b0\u1eddn d\u1ed1c tuy\u1ec7t \u0111\u1eb9p v\u00e0 c\u00e1c ti\u1ec7n nghi xa hoa. \u0110\u1ecba \u0111i\u1ec3m \u0111\u01b0\u1ee3c c\u00f4ng nh\u1eadn tr\u00ean to\u00e0n c\u1ea7u n\u00e0y n\u1eb1m \u1edf Thung l\u0169ng Tarentaise \u0111\u1eb9p nh\u01b0 tranh v\u1ebd, thu\u1ed9c t\u1ec9nh Savoie c\u1ee7a v\u00f9ng Auvergne-Rh\u00f4ne-Alpes \u1edf Ph\u00e1p. Courchevel tr\u1ea3i qua nh\u1eefng bi\u1ebfn \u0111\u1ed9ng d\u00e2n s\u1ed1 theo chu k\u1ef3, ph\u00e1t tri\u1ec3n t\u1eeb m\u1ed9t ng\u00f4i l\u00e0ng mi\u1ec1n n\u00fai quy\u1ebfn r\u0169 th\u00e0nh m\u1ed9t \u0111i\u1ec3m \u0111\u1ebfn m\u00f9a \u0111\u00f4ng s\u00f4i \u0111\u1ed9ng, thu h\u00fat h\u00e0ng ngh\u00ecn ng\u01b0\u1eddi \u0111am m\u00ea tr\u01b0\u1ee3t tuy\u1ebft v\u00e0 nh\u1eefng ng\u01b0\u1eddi t\u00ecm ki\u1ebfm s\u1ef1 sang tr\u1ecdng m\u1ed7i n\u0103m. V\u1ecb tr\u00ed thu\u1eadn l\u1ee3i c\u1ee7a khu ngh\u1ec9 d\u01b0\u1ee1ng t\u1ea1i v\u00f9ng tr\u01b0\u1ee3t tuy\u1ebft Les Trois Vall\u00e9es \u0111\u1eb7t n\u01a1i \u0111\u00e2y v\u00e0o trung t\u00e2m c\u1ee7a khu tr\u01b0\u1ee3t tuy\u1ebft k\u1ebft n\u1ed1i l\u1edbn nh\u1ea5t tr\u00ean to\u00e0n c\u1ea7u, cung c\u1ea5p kh\u1ea3 n\u0103ng ti\u1ebfp c\u1eadn \u0111\u1eb7c bi\u1ec7t \u0111\u1ebfn m\u1ed9t lo\u1ea1t c\u00e1c \u0111\u01b0\u1eddng tr\u01b0\u1ee3t tuy\u1ebft v\u00e0 \u0111\u1ecba h\u00ecnh ngo\u00e0i \u0111\u01b0\u1eddng tr\u01b0\u1ee3t tuy\u1ebft.<\/p>","protected":false},"author":1,"featured_media":2960,"parent":13952,"menu_order":0,"comment_status":"closed","ping_status":"closed","template":"elementor_theme","meta":{"_eb_attr":"","footnotes":""},"class_list":["post-14170","page","type-page","status-publish","has-post-thumbnail"],"_links":{"self":[{"href":"https:\/\/travelshelper.com\/vi\/wp-json\/wp\/v2\/pages\/14170","targetHints":{"allow":["GET"]}}],"collection":[{"href":"https:\/\/travelshelper.com\/vi\/wp-json\/wp\/v2\/pages"}],"about":[{"href":"https:\/\/travelshelper.com\/vi\/wp-json\/wp\/v2\/types\/page"}],"author":[{"embeddable":true,"href":"https:\/\/travelshelper.com\/vi\/wp-json\/wp\/v2\/users\/1"}],"replies":[{"embeddable":true,"href":"https:\/\/travelshelper.com\/vi\/wp-json\/wp\/v2\/comments?post=14170"}],"version-history":[{"count":0,"href":"https:\/\/travelshelper.com\/vi\/wp-json\/wp\/v2\/pages\/14170\/revisions"}],"up":[{"embeddable":true,"href":"https:\/\/travelshelper.com\/vi\/wp-json\/wp\/v2\/pages\/13952"}],"wp:featuredmedia":[{"embeddable":true,"href":"https:\/\/travelshelper.com\/vi\/wp-json\/wp\/v2\/media\/2960"}],"wp:attachment":[{"href":"https:\/\/travelshelper.com\/vi\/wp-json\/wp\/v2\/media?parent=14170"}],"curies":[{"name":"wp","href":"https:\/\/api.w.org\/{rel}","templated":true}]}}