{"id":14059,"date":"2024-09-18T17:29:07","date_gmt":"2024-09-18T17:29:07","guid":{"rendered":"https:\/\/travelshelper.com\/staging\/?page_id=14059"},"modified":"2026-03-12T00:10:24","modified_gmt":"2026-03-12T00:10:24","slug":"saint-tropez","status":"publish","type":"page","link":"https:\/\/travelshelper.com\/vi\/destinations\/europe\/france\/saint-tropez\/","title":{"rendered":"Saint Tropez"},"content":{"rendered":"<p>Saint-Tropez chi\u1ebfm m\u1ed9t m\u0169i \u0111\u1ea5t h\u1eb9p tr\u00ean French Riviera, n\u1eb1m gi\u1eefa Nice v\u00e0 Marseille. \u0110\u1ecba v\u1ecb ch\u00ednh th\u1ee9c c\u1ee7a n\u00f3 l\u00e0 m\u1ed9t x\u00e3 thu\u1ed9c t\u1ec9nh Var kh\u00f4ng ph\u1ea3i l\u00e0 m\u1ed9t khu v\u1ef1c ch\u1ec9 h\u01a1n n\u0103m kil\u00f4m\u00e9t vu\u00f4ng bao g\u1ed3m d\u00e2n s\u1ed1 th\u01b0\u1eddng tr\u00fa l\u00e0 4.103 ng\u01b0\u1eddi (\u0111i\u1ec1u tra d\u00e2n s\u1ed1 n\u0103m 2018). N\u1eb1m \u1edf \u0111\u1ea7u m\u1ed9t v\u1ecbnh h\u1eb9p\u2014Golfe de Saint-Tropez\u2014n\u00f3 n\u1eb1m d\u01b0\u1edbi ch\u00e2n Massif des Maures, \u0111\u01b0\u1eddng vi\u1ec1n c\u1ee7a n\u00f3 \u0111\u01b0\u1ee3c h\u00ecnh th\u00e0nh b\u1edfi gi\u00f3 v\u00e0 d\u00f2ng ch\u1ea3y. T\u1eeb g\u00f3c nh\u00ecn n\u00e0y, l\u00f5i nh\u1ecf g\u1ecdn c\u1ee7a th\u1ecb tr\u1ea5n tr\u1ea3i d\u00e0i ra ph\u00eda ngo\u00e0i v\u1ec1 ph\u00eda nh\u1eefng c\u1ed3n c\u00e1t Pampelonne li\u1ec1n k\u1ec1, \u0111\u1ecbnh v\u1ecb Saint-Tropez v\u1eeba l\u00e0 m\u1ed9t v\u00f9ng \u0111\u1ea5t ven bi\u1ec3n v\u1eeba l\u00e0 c\u1eeda ng\u00f5 v\u00e0o v\u00f9ng \u0111\u1ea5t ph\u00eda sau c\u1ee7a Proven\u00e7al.<\/p>\n<p>Kh\u00ed h\u1eadu tu\u00e2n theo ch\u1ebf \u0111\u1ed9 \u0110\u1ecba Trung H\u1ea3i m\u00f9a h\u00e8 n\u00f3ng b\u1ee9c. M\u00f9a \u0111\u00f4ng v\u1eabn \u00f4n h\u00f2a, v\u1edbi nhi\u1ec7t \u0111\u1ed9 ban ng\u00e0y hi\u1ebfm khi xu\u1ed1ng d\u01b0\u1edbi m\u01b0\u1eddi \u0111\u1ed9 C. M\u00f9a h\u00e8 mang l\u1ea1i s\u1ee9c n\u00f3ng \u0111\u01b0\u1ee3c \u0111i\u1ec1u h\u00f2a b\u1edfi lu\u1ed3ng gi\u00f3 ven bi\u1ec3n c\u1ee7a Mistral, khi\u1ebfn nhi\u1ec7t \u0111\u1ed9 gi\u1eefa tr\u01b0a d\u1ec5 ch\u1ecbu h\u01a1n so v\u1edbi c\u00e1c v\u00f9ng \u0111\u1ea5t li\u1ec1n. L\u01b0\u1ee3ng m\u01b0a h\u00e0ng n\u0103m t\u1eadp trung v\u00e0o c\u00e1c tr\u1eadn m\u01b0a r\u00e0o ng\u1eafn v\u00e0o m\u00f9a thu v\u00e0 m\u00f9a xu\u00e2n, khi\u1ebfn m\u00f9a h\u00e8 cao \u0111i\u1ec3m kh\u00f4 h\u1ea1n. Th\u1ea3m th\u1ef1c v\u1eadt, trung th\u1ef1c v\u1edbi d\u00f2ng d\u00f5i \u0110\u1ecba Trung H\u1ea3i c\u1ee7a n\u00f3, bao g\u1ed3m c\u00e1c b\u00e3i \u00f4 liu, th\u00f4ng, s\u1ed3i b\u1ee5i v\u00e0 c\u00e2y b\u1ee5i \u0110\u1ecba Trung H\u1ea3i, m\u00e0u xanh l\u00e1 c\u00e2y tr\u1ea7m c\u1ee7a ch\u00fang \u0111\u01b0\u1ee3c l\u00e0m d\u1ecbu \u0111i b\u1edfi mu\u1ed1i v\u00e0 \u00e1nh n\u1eafng m\u1eb7t tr\u1eddi.<\/p>\n<p>\u0110\u01b0\u1ee3c th\u00e0nh l\u1eadp nh\u01b0 m\u1ed9t ti\u1ec1n \u0111\u1ed3n ki\u00ean c\u1ed1 v\u00e0o th\u1eddi c\u1ed5 \u0111\u1ea1i, n\u1ec1n kinh t\u1ebf s\u1edbm nh\u1ea5t c\u1ee7a th\u1ecb tr\u1ea5n xoay quanh ngh\u1ec1 \u0111\u00e1nh b\u1eaft c\u00e1 v\u00e0 \u0111\u00f3ng t\u00e0u quy m\u00f4 nh\u1ecf. V\u00e0o n\u0103m 1789, b\u1ebfn c\u1ea3ng c\u1ee7a th\u1ecb tr\u1ea5n c\u00f3 s\u1ee9c ch\u1ee9a t\u00e1m m\u01b0\u01a1i t\u00e0u; c\u00e1c x\u01b0\u1edfng \u0111\u00f3ng t\u00e0u \u0111\u1ecba ph\u01b0\u01a1ng \u0111\u00e3 s\u1ea3n xu\u1ea5t v\u1ea3i tartan v\u00e0 t\u00e0u bu\u00f4n ba c\u1ed9t bu\u1ed3m, m\u1ed9t s\u1ed1 c\u00f3 kh\u1ea3 n\u0103ng v\u1eadn chuy\u1ec3n t\u1edbi m\u01b0\u1eddi hai ngh\u00ecn th\u00f9ng. Trong nh\u1eefng th\u1eadp k\u1ef7 ti\u1ebfp theo, c\u00e1c ng\u00e0nh ngh\u1ec1 li\u00ean quan \u0111\u00e3 xu\u1ea5t hi\u1ec7n\u2014thu ho\u1ea1ch n\u00fat chai, tr\u1ed3ng nho v\u00e0 g\u1ed7. M\u1ed9t tr\u01b0\u1eddng th\u1ee7y v\u0103n \u0111\u00e3 \u0111\u00e0o t\u1ea1o th\u1ee7y th\u1ee7 v\u00e0 hoa ti\u00eau. V\u00e0o gi\u1eefa th\u1ebf k\u1ef7 XIX, c\u00e1c t\u00e0u chi\u1ebfn ch\u1ee7 l\u1ef1c nh\u01b0 La Reine des Anges th\u1ec3 hi\u1ec7n ngh\u1ec1 th\u1ee7 c\u00f4ng h\u00e0ng h\u1ea3i c\u1ee7a th\u1ecb tr\u1ea5n.<\/p>\n<p>Ch\u01b0\u01a1ng th\u1eddi chi\u1ebfn c\u1ee7a Saint-Tropez k\u1ebft th\u00fac v\u00e0o th\u00e1ng 8 n\u0103m 1944 khi qu\u00e2n \u0110\u1ed3ng minh, m\u1ed9t ph\u1ea7n c\u1ee7a Chi\u1ebfn d\u1ecbch Dragoon, gi\u1ea3i ph\u00f3ng th\u1ecb tr\u1ea5n tr\u01b0\u1edbc c\u00e1c khu \u0111\u1ecbnh c\u01b0 C\u00f4te d&#039;Azur l\u00e2n c\u1eadn. Kho\u1ea3nh kh\u1eafc \u0111\u1eb7c bi\u1ec7t \u0111\u00f3 \u0111\u00e1nh d\u1ea5u c\u1ea3 s\u1ef1 k\u1ebft th\u00fac v\u00e0 kh\u1edfi \u0111\u1ea7u. Th\u1eadp k\u1ef7 ti\u1ebfp theo ch\u1ee9ng ki\u1ebfn \u200b\u200bs\u1ef1 xu\u1ea5t hi\u1ec7n c\u1ee7a c\u00e1c nh\u00e0 l\u00e0m phim v\u00e0 nh\u1ea1c s\u0129 t\u00ecm ki\u1ebfm nh\u1eefng c\u1ea3nh quan kh\u00f4ng b\u1ecb \u1ea3nh h\u01b0\u1edfng b\u1edfi du l\u1ecbch \u0111\u1ea1i ch\u00fang. C\u00e1c t\u00e1c gi\u1ea3 c\u1ee7a Nouvelle Vague, trong s\u1ed1 \u0111\u00f3 c\u00f3 Roger Vadim\u2014ng\u01b0\u1eddi \u0111\u00e3 s\u1ea3n xu\u1ea5t b\u1ed9 phim And God Created Woman n\u0103m 1956 v\u1edbi Brigitte Bardot d\u01b0\u1edbi nh\u1eefng b\u1ee9c t\u01b0\u1eddng th\u00e0nh b\u1eb1ng \u0111\u00e1 c\u1ee7a Saint-Tropez\u2014\u0111\u00e3 khi\u1ebfn h\u00ecnh \u1ea3nh c\u1ee7a th\u1ecb tr\u1ea5n tr\u1edf n\u00ean kh\u00f4ng th\u1ec3 phai m\u1edd. \u0110\u1ed3ng th\u1eddi, phong tr\u00e0o Y\u00e9-y\u00e9 \u0111\u00e3 thu h\u00fat nh\u1eefng ngh\u1ec7 s\u0129 tr\u1ebb c\u00f3 nh\u1eefng chi\u1ebfn c\u00f4ng \u0111\u00e3 g\u1eafn k\u1ebft th\u1ecb tr\u1ea5n v\u00e0o l\u01b0\u01a1ng t\u00e2m v\u0103n h\u00f3a c\u1ee7a ch\u00e2u \u00c2u.<\/p>\n<p>\u0110\u1ebfn nh\u1eefng n\u0103m 1960, gi\u1edbi th\u01b0\u1ee3ng l\u01b0u ch\u00e2u \u00c2u v\u00e0 M\u1ef9 \u0111\u00e3 coi Saint-Tropez l\u00e0 n\u01a1i \u1ea9n n\u00e1u theo m\u00f9a. C\u00e1c kh\u00e1ch s\u1ea1n nh\u01b0 Byblos m\u1edf c\u1eeda v\u1edbi c\u00e1c bu\u1ed5i l\u1ec5 do Bardot v\u00e0 Gunter Sachs l\u00e0m l\u1ec5. \u0110\u1eddi s\u1ed1ng v\u1ec1 \u0111\u00eam trong nh\u00e0, ti\u00eau bi\u1ec3u l\u00e0 Caves du Roy, ph\u1ea3n \u00e1nh s\u1ef1 say m\u00ea to\u00e0n c\u1ea7u v\u1edbi s\u1ef1 quy\u1ebfn r\u0169. M\u1eb7c d\u00f9 gi\u00e1 tr\u1ecb b\u1ea5t \u0111\u1ed9ng s\u1ea3n v\u00e0 gi\u00e1 d\u1ecbch v\u1ee5 t\u0103ng theo, nh\u01b0ng trung t\u00e2m c\u1ee7a th\u1ecb tr\u1ea5n v\u1eabn gi\u1eef \u0111\u01b0\u1ee3c k\u1ebft c\u1ea5u c\u1ee7a th\u1ebf k\u1ef7 XVII: nh\u1eefng con ph\u1ed1 h\u1eb9p \u0111\u01b0\u1ee3c bao quanh b\u1edfi nh\u1eefng m\u1eb7t ti\u1ec1n m\u00e0u ph\u1ea5n, nh\u1eefng \u00f4 c\u1eeda ch\u1edbp nhu\u1ed9m m\u00e0u mu\u1ed1i v\u00e0 n\u1eafng, v\u00e0 m\u1ed9t b\u1ebfn c\u1ea3ng \u0111\u01b0\u1ee3c bao quanh b\u1edfi nh\u1eefng c\u1ed9t bu\u1ed3m m\u1ea3nh kh\u1ea3nh.<\/p>\n<p>Ph\u00eda nam trung t\u00e2m th\u1ecb tr\u1ea5n l\u00e0 V\u1ecbnh Pampelonne, v\u1edbi b\u00e3i c\u00e1t tr\u1ea3i d\u00e0i n\u0103m km bao quanh x\u00e3 Ramatuelle. M\u1ed7i b\u00e3i bi\u1ec3n c\u00f3 chi\u1ec1u r\u1ed9ng ba m\u01b0\u01a1i m\u00e9t v\u1edbi h\u1ea1t m\u1ecbn v\u00e0 c\u00f3 th\u1ec3 l\u00e0 khu v\u1ef1c c\u00f4ng c\u1ed9ng ho\u1eb7c c\u00e2u l\u1ea1c b\u1ed9 b\u00e3i bi\u1ec3n ri\u00eang. Thi\u1ebft b\u1ecb cho c\u00e1c m\u00f4n th\u1ec3 thao d\u01b0\u1edbi n\u01b0\u1edbc ch\u1ea1y b\u1eb1ng s\u1ee9c gi\u00f3 v\u00e0 \u0111\u1ed9ng c\u01a1 lu\u00f4n s\u1eb5n s\u00e0ng cho thu\u00ea\u2014bu\u1ed3m, v\u00e1n, xu\u1ed3ng, thuy\u1ec1n m\u00e1y, m\u00f4 t\u00f4 n\u01b0\u1edbc v\u00e0 th\u1eadm ch\u00ed c\u1ea3 \u0111\u1ed3 l\u1eb7n. Ph\u00eda sau nh\u1eefng chi\u1ebfc \u00f4, r\u1eebng th\u00f4ng t\u1ea1o b\u00f3ng r\u00e2m; ph\u00eda tr\u01b0\u1edbc, v\u00f9ng n\u01b0\u1edbc trong v\u1eaft c\u1ee7a v\u1ecbnh \u0111\u1ec3 l\u1ed9 nh\u1eefng m\u1ecfm \u0111\u00e1 v\u00e0 c\u1ecf bi\u1ec3n. T\u1eeb cu\u1ed1i nh\u1eefng n\u0103m 1950, vi\u1ec7c t\u1eafm n\u1eafng ng\u1ef1c tr\u1ea7n \u0111\u00e3 tr\u1edf th\u00e0nh phong t\u1ee5c, sau nh\u1eefng tranh c\u00e3i t\u1ea1i \u0111\u1ecba ph\u01b0\u01a1ng d\u1eabn \u0111\u1ebfn c\u00e1c s\u1eafc l\u1ec7nh c\u1ee7a th\u00e0nh ph\u1ed1 qu\u1ea3n l\u00fd Frisks d\u1ecdc theo b\u1edd bi\u1ec3n.<\/p>\n<p>Giao th\u00f4ng h\u00e0ng h\u1ea3i ng\u00e0y nay t\u1eadp trung v\u00e0o m\u1ed9t b\u1ebfn du thuy\u1ec1n c\u00f3 kh\u1ea3 n\u0103ng ch\u1ee9a t\u1edbi t\u00e1m tr\u0103m t\u00e0u \u200b\u200bthuy\u1ec1n tr\u00ean hai l\u01b0u v\u1ef1c. Du kh\u00e1ch \u0111\u1ebfn \u0111\u00e2y b\u1eb1ng ph\u00e0 Les Bateaux Verts n\u1ed1i Saint-Tropez v\u1edbi Sainte-Maxime, Port Grimaud v\u00e0 nhi\u1ec1u c\u1ea3ng riviera kh\u00e1c nhau. C\u00e1c chuy\u1ebfn thu\u00ea t\u00e0u ri\u00eang v\u00e0 c\u00e1c cu\u1ed9c \u0111ua thuy\u1ec1n bu\u1ed3m l\u00e0m n\u1ed5i b\u1eadt l\u1ecbch tr\u00ecnh m\u00f9a h\u00e8, trong khi kh\u00f4ng gian bi\u1ec3n c\u1ea3, \u0111\u01b0\u1ee3c ghi l\u1ea1i trong b\u1ea3o t\u00e0ng h\u1ea3i qu\u00e2n c\u1ee7a th\u1ecb tr\u1ea5n tr\u00ean \u0111\u1ec9nh Citadelle, g\u1ee3i nh\u1edb \u0111\u1ebfn ngu\u1ed3n g\u1ed1c \u0111\u00f3ng t\u00e0u c\u1ee7a n\u00f3.<\/p>\n<p>L\u1ecbch c\u1ee7a Saint-Tropez xoay quanh Les Bravades de Saint-Tropez, m\u1ed9t s\u1ef1 ki\u1ec7n ba ng\u00e0y h\u00e0ng n\u0103m v\u00e0o th\u00e1ng 5 \u0111\u1ec3 t\u00f4n vinh Th\u00e1nh Torpes, v\u1ecb th\u00e1nh b\u1ea3o tr\u1ee3 c\u1ee7a x\u00e3. C\u00f3 ngu\u1ed3n g\u1ed1c t\u1eeb m\u1ed9t kho\u1ea3n tr\u1ee3 c\u1ea5p c\u1ee7a ho\u00e0ng gia cho c\u00e1c \u0111\u1eb7c quy\u1ec1n c\u1ee7a l\u1ef1c l\u01b0\u1ee3ng d\u00e2n qu\u00e2n \u0111\u01b0\u1ee3c c\u1ea5p c\u00e1ch \u0111\u00e2y kho\u1ea3ng 450 n\u0103m, l\u1ec5 k\u1ef7 ni\u1ec7m n\u00e0y quy t\u1ee5 c\u00e1c c\u00f4ng ty \u0111\u1ecba ph\u01b0\u01a1ng m\u1eb7c \u0111\u1ed3ng ph\u1ee5c c\u1ee7a th\u1eddi k\u1ef3 \u0111\u00f3. S\u00fang h\u1ecfa mai b\u1eafn theo nghi l\u1ec5 ch\u00e0o, c\u00e1c ban nh\u1ea1c di\u1ec5u h\u00e0nh qua c\u00e1c \u0111\u1ea1i l\u1ed9 ch\u00ednh v\u00e0 t\u01b0\u1ee3ng b\u00e1n th\u00e2n c\u1ee7a Torpes di\u1ec5u h\u00e0nh qua c\u00e1c m\u1eb7t ti\u1ec1n nh\u00e0 th\u1edd. Nh\u1eefng ng\u01b0\u1eddi tham gia m\u1eb7c trang ph\u1ee5c truy\u1ec1n th\u1ed1ng c\u1ee7a Proven\u00e7al, t\u1ee5 h\u1ecdp \u0111\u1ec3 tham gia l\u1ec5 h\u1ed9i qu\u1ea7n ch\u00fang v\u00e0 c\u1ed9ng \u0111\u1ed3ng li\u00ean k\u1ebft cu\u1ed9c s\u1ed1ng \u0111\u01b0\u01a1ng \u0111\u1ea1i v\u1edbi cu\u1ed9c ph\u00f2ng th\u1ee7 \u0111\u1ea7u th\u1eddi hi\u1ec7n \u0111\u1ea1i ch\u1ed1ng l\u1ea1i c\u00e1c cu\u1ed9c x\u00e2m l\u01b0\u1ee3c c\u1ee7a ng\u01b0\u1eddi Barbary.<\/p>\n<p>K\u1ebft n\u1ed1i \u0111\u01b0\u1eddng b\u1ed9 v\u1eabn b\u1ecb h\u1ea1n ch\u1ebf b\u1edfi \u0111\u1ecba l\u00fd v\u00e0 giao th\u00f4ng. Kh\u00f4ng c\u00f3 tuy\u1ebfn \u0111\u01b0\u1eddng s\u1eaft n\u00e0o \u0111\u1ebfn \u0111\u01b0\u1ee3c trung t\u00e2m; nh\u00e0 ga g\u1ea7n nh\u1ea5t n\u1eb1m \u1edf Saint-Rapha\u00ebl, c\u00e1ch \u0111\u00f3 b\u1ed1n m\u01b0\u01a1i km, v\u1edbi c\u00e1c tuy\u1ebfn thuy\u1ec1n ho\u1eb7c xe bu\u00fdt ti\u1ebfp theo. \u0110\u01b0\u1eddng b\u1ed9 \u0111i theo ba tuy\u1ebfn ch\u00ednh: A8 qua Le Muy \u0111\u1ebfn Sainte-Maxime v\u00e0 tuy\u1ebfn N98 tr\u01b0\u1edbc \u0111\u00e2y; A57 qua Cannet des Maures \u0111\u1ebfn Grimaud; v\u00e0 tuy\u1ebfn N98 ven bi\u1ec3n ch\u1ea1y d\u1ecdc theo b\u1edd bi\u1ec3n t\u1eeb Toulon \u0111\u1ebfn Monaco, \u0111i s\u00e2u v\u00e0o \u0111\u1ea5t li\u1ec1n \u0111\u1ec3 ph\u1ee5c v\u1ee5 Pampelonne. Trong m\u00f9a cao \u0111i\u1ec3m, ng\u01b0\u1eddi l\u00e1i xe th\u01b0\u1eddng xuy\u00ean g\u1eb7p ph\u1ea3i t\u00ecnh tr\u1ea1ng t\u1eafc ngh\u1ebdn; s\u1edf th\u00edch c\u1ee7a ng\u01b0\u1eddi d\u00e2n \u0111\u1ecba ph\u01b0\u01a1ng chuy\u1ec3n sang xe tay ga, xe \u0111\u1ea1p v\u00e0 xe bu\u00fdt nh\u1ecf \u0111i chung \u0111\u01b0a \u0111\u00f3n gi\u1eefa th\u1ecb tr\u1ea5n v\u00e0 c\u00e1c b\u00e3i bi\u1ec3n. \u0110i b\u1ed9 duy tr\u00ec nhi\u1ec1u chuy\u1ebfn \u0111i trong th\u1ecb tr\u1ea5n, s\u1ef1 nh\u1ecf g\u1ecdn c\u1ee7a th\u1ecb tr\u1ea5n thu h\u00fat ng\u01b0\u1eddi \u0111i b\u1ed9 kh\u00e1m ph\u00e1 c\u00e1c con h\u1ebbm, t\u01b0\u1eddng b\u1ebfn t\u00e0u v\u00e0 qu\u1ea3ng tr\u01b0\u1eddng r\u00e2m m\u00e1t.<\/p>\n<p>Saint-Tropez kh\u00f4ng c\u00f3 s\u00e2n bay ri\u00eang, nh\u01b0ng tr\u1ef1c th\u0103ng ch\u1edf kh\u00e1ch gi\u1eefa c\u00e1c b\u00e3i \u0111\u00e1p Tropezian, c\u00e2u l\u1ea1c b\u1ed9 t\u01b0 nh\u00e2n v\u00e0 d\u1ecbch v\u1ee5 cho thu\u00ea. C\u00e1c chuy\u1ebfn bay d\u00e2n d\u1ee5ng ho\u1ea1t \u0111\u1ed9ng t\u1eeb S\u00e2n bay La M\u00f4le\u2013Saint-Tropez c\u00e1ch m\u01b0\u1eddi l\u0103m km v\u1ec1 ph\u00eda t\u00e2y nam v\u00e0 t\u1eeb Toulon\u2013Hy\u00e8res xa h\u01a1n v\u1ec1 ph\u00eda t\u00e2y. C\u00e1c c\u1eeda ng\u00f5 qu\u1ed1c t\u1ebf ch\u00ednh\u2014Nice C\u00f4te d&#039;Azur v\u00e0 Marseille Provence\u2014n\u1eb1m trong v\u00f2ng hai gi\u1edd \u0111i b\u1eb1ng \u00f4 t\u00f4 ho\u1eb7c xe kh\u00e1ch, ph\u1ee5c v\u1ee5 nh\u1eefng kh\u00e1ch h\u00e0ng c\u00f3 h\u00e0nh tr\u00ecnh k\u1ebft h\u1ee3p s\u1ef1 ti\u1ec7n l\u1ee3i v\u1edbi c\u00e1ch ti\u1ebfp c\u1eadn c\u1ea3nh quan.<\/p>\n<p>Trong ranh gi\u1edbi th\u00e0nh ph\u1ed1, c\u00e1c ti\u1ec7n nghi c\u00f4ng c\u1ed9ng ph\u1ea3n \u00e1nh quy m\u00f4 d\u00e2n s\u1ed1 khi\u00eam t\u1ed1n. M\u1ed9t r\u1ea1p chi\u1ebfu phim chi\u1ebfu phim Ph\u00e1p v\u00e0 qu\u1ed1c t\u1ebf \u0111\u01b0\u01a1ng \u0111\u1ea1i; m\u1ed9t th\u01b0 vi\u1ec7n th\u00fac \u0111\u1ea9y h\u1ecdc b\u1ed5ng \u0111\u1ecba ph\u01b0\u01a1ng; v\u00e0 m\u1ed9t trung t\u00e2m gi\u1ea3i tr\u00ed d\u00e0nh cho thanh thi\u1ebfu ni\u00ean cung c\u1ea5p ch\u01b0\u01a1ng tr\u00ecnh gi\u00e1o d\u1ee5c ngo\u00e0i tr\u1eddi v\u00e0 th\u1ec3 thao. C\u00e1c d\u1ecbch v\u1ee5 ch\u0103m s\u00f3c s\u1ee9c kh\u1ecfe bao g\u1ed3m m\u1ed9t ph\u00f2ng kh\u00e1m c\u1ed9ng \u0111\u1ed3ng v\u00e0 c\u00e1c b\u00e1c s\u0129 t\u01b0 nh\u00e2n. Gi\u00e1o d\u1ee5c m\u1edf r\u1ed9ng t\u1eeb m\u1eabu gi\u00e1o \u0111\u1ebfn c\u1ea5p trung h\u1ecdc: tr\u01b0\u1eddng m\u1eabu gi\u00e1o l&#039;Escouleto, hai tr\u01b0\u1eddng ti\u1ec3u h\u1ecdc\u2014Louis Blanc v\u00e0 Les Lauriers\u2014v\u00e0 tr\u01b0\u1eddng trung h\u1ecdc Moulin Blanc, v\u00e0o n\u0103m 2011 c\u00f3 275 h\u1ecdc sinh \u0111\u01b0\u1ee3c 51 nh\u00e2n vi\u00ean h\u1ed7 tr\u1ee3.<\/p>\n<p>Ti\u1ebfng vang c\u1ee7a Saint-Tropez v\u01b0\u1ee3t xa c\u00e1c con s\u1ed1 th\u1ed1ng k\u00ea d\u00e2n s\u1ed1. C\u00e1c nh\u1ea1c s\u0129 t\u1eeb Pink Floyd \u0111\u1ebfn Taylor Swift \u0111\u00e3 b\u1ea5t t\u1eed h\u00f3a th\u1ecb tr\u1ea5n trong b\u00e0i h\u00e1t, trong khi c\u00e1c ngh\u1ec7 s\u0129 nh\u1ea1c rap g\u1ee3i l\u00ean uy t\u00edn c\u1ee7a th\u1ecb tr\u1ea5n nh\u01b0 m\u1ed9t bi\u1ec3u t\u01b0\u1ee3ng c\u1ee7a s\u1ef1 gi\u1ea3i tr\u00ed. La Cage aux Folles c\u1ee7a Broadway \u0111\u1eb7t tr\u00f2 h\u1ec1 c\u1ee7a th\u1ecb tr\u1ea5n v\u00e0o cu\u1ed9c s\u1ed1ng v\u1ec1 \u0111\u00eam c\u1ee7a Tropezian. Nhi\u1ec1u th\u1eadp k\u1ef7 g\u1eafn k\u1ebft s\u00e1ng t\u1ea1o, t\u1eeb c\u00e1c bi\u1ec3u t\u01b0\u1ee3ng th\u1eddi trang nh\u01b0 Coco Chanel v\u00e0o nh\u1eefng n\u0103m 1920 \u0111\u1ebfn c\u00e1c ng\u00f4i sao \u0111i\u1ec7n \u1ea3nh ti\u00eau bi\u1ec3u nh\u1ea5t, \u0111\u00e3 \u0111an xen nhi\u1ec1u l\u1edbp k\u00fd \u1ee9c v\u0103n h\u00f3a v\u00e0o b\u1ea3n s\u1eafc c\u1ee7a th\u1ecb tr\u1ea5n. Tuy nhi\u00ean, b\u00ean d\u01b0\u1edbi c\u00e1c t\u00e0i li\u1ec7u tham kh\u1ea3o l\u00e0 m\u1ed9t khu \u0111\u1ecbnh c\u01b0 \u0110\u1ecba Trung H\u1ea3i \u0111\u00e3 t\u1ed3n t\u1ea1i nh\u01b0 m\u1ed9t th\u00e0nh tr\u00ec h\u00e0ng h\u1ea3i, m\u1ed9t b\u1ebfn c\u1ea3ng \u0111\u00e1nh c\u00e1 v\u00e0 hi\u1ec7n l\u00e0 m\u1ed9t \u0111i\u1ec3m \u0111\u1ebfn to\u00e0n c\u1ea7u - hi\u1ec7n t\u1ea1i c\u1ee7a n\u00f3 b\u1eaft ngu\u1ed3n t\u1eeb nhi\u1ec1u th\u1ebf k\u1ef7 li\u00ean t\u1ee5c.<\/p>\n<p>Saint-Tropez ng\u00e0y nay l\u00e0 m\u1ed9t palimpsest s\u1ed1ng \u0111\u1ed9ng. C\u00e1c b\u1ee9c t\u01b0\u1eddng th\u00e0nh v\u00e0 th\u00e0nh tr\u00ec c\u1ee7a n\u00f3 g\u1ee3i l\u1ea1i nhu c\u1ea7u ph\u00f2ng th\u1ee7 c\u1ee7a c\u00e1c th\u1eddi \u0111\u1ea1i tr\u01b0\u1edbc; b\u1ebfn c\u1ea3ng v\u00e0 x\u01b0\u1edfng \u0111\u00f3ng t\u00e0u c\u1ee7a n\u00f3 g\u1ee3i l\u00ean n\u1ed7 l\u1ef1c th\u01b0\u01a1ng m\u1ea1i; nh\u1eefng con \u0111\u01b0\u1eddng h\u1eb9p v\u00e0 qu\u1ea3ng tr\u01b0\u1eddng ch\u1ee3 c\u1ee7a n\u00f3 n\u00f3i l\u00ean truy\u1ec1n th\u1ed1ng c\u1ee7a v\u00f9ng Provence; c\u00e1c b\u00e3i bi\u1ec3n v\u00e0 c\u1ea3ng c\u1ee7a n\u00f3 ch\u1ee9ng minh cho n\u1ec1n kinh t\u1ebf gi\u1ea3i tr\u00ed \u0111ang ph\u00e1t tri\u1ec3n. \u0110\u1ed1i v\u1edbi du kh\u00e1ch, th\u1ecb tr\u1ea5n n\u00e0y kh\u00f4ng ch\u1ec9 cung c\u1ea5p nh\u1eefng m\u1eb7t ti\u1ec1n ng\u1eadp tr\u00e0n \u00e1nh n\u1eafng v\u00e0 nh\u1eefng c\u1ea3nh t\u01b0\u1ee3ng n\u1ed5i ti\u1ebfng. N\u00f3 mang \u0111\u1ebfn m\u1ed9t c\u01a1 h\u1ed9i \u0111\u1ec3 c\u1ea3m nh\u1eadn d\u1ea5u \u1ea5n c\u1ee7a th\u1eddi gian tr\u00ean \u0111\u00e1, bi\u1ec3n v\u00e0 phong t\u1ee5c\u2014m\u1ed9t \u0111\u1ecba \u0111i\u1ec3m n\u01a1i nh\u1ecbp \u0111i\u1ec7u th\u01b0\u1eddng ng\u00e0y v\u00e0 c\u1ea3nh t\u01b0\u1ee3ng theo m\u00f9a c\u00f9ng t\u1ed3n t\u1ea1i. Trong s\u1ef1 h\u1ed9i t\u1ee5 n\u00e0y, Saint-Tropez t\u1ef1 b\u1ed9c l\u1ed9 kh\u00f4ng ch\u1ec9 l\u00e0 bi\u1ec3u t\u01b0\u1ee3ng c\u1ee7a s\u1ef1 quy\u1ebfn r\u0169, m\u00e0 c\u00f2n l\u00e0 m\u1ed9t khu \u0111\u1ecbnh c\u01b0 li\u00ean t\u1ee5c \u0111\u01b0\u1ee3c \u0111\u1ecbnh h\u00ecnh l\u1ea1i b\u1edfi l\u1ecbch s\u1eed, \u0111\u1ecba l\u00fd v\u00e0 kh\u00e1t v\u1ecdng c\u1ee7a con ng\u01b0\u1eddi.<\/p>","protected":false},"excerpt":{"rendered":"<p>Saint-Tropez, m\u1ed9t x\u00e3 danh lam th\u1eafng c\u1ea3nh n\u1eb1m \u1edf t\u1ec9nh Var c\u1ee7a v\u00f9ng Provence-Alpes-C\u00f4te d&#039;Azur \u1edf mi\u1ec1n Nam n\u01b0\u1edbc Ph\u00e1p, c\u00f3 d\u00e2n s\u1ed1 l\u00e0 4.103 ng\u01b0\u1eddi v\u00e0o n\u0103m 2018. Th\u1ecb tr\u1ea5n ven bi\u1ec3n quy\u1ebfn r\u0169 n\u00e0y, n\u1eb1m c\u00e1ch Nice 68 km v\u1ec1 ph\u00eda t\u00e2y v\u00e0 c\u00e1ch Marseille 100 km v\u1ec1 ph\u00eda \u0111\u00f4ng, \u0111\u00e3 n\u1ed5i l\u00ean nh\u01b0 m\u1ed9t bi\u1ec3u t\u01b0\u1ee3ng \u0111\u1ea1i di\u1ec7n cho s\u1ef1 quy\u1ebfn r\u0169 v\u00e0 thanh l\u1ecbch c\u1ee7a French Riviera. N\u1eb1m d\u1ecdc theo v\u00f9ng n\u01b0\u1edbc xanh c\u1ee7a V\u1ecbnh Saint-Tropez, k\u00e9o d\u00e0i v\u1ec1 ph\u00eda b\u1eafc \u0111\u1ebfn Sainte-Maxime ph\u00eda sau Massif des Maures h\u00f9ng v\u0129, Saint-Tropez \u0111\u00e3 ph\u00e1t tri\u1ec3n t\u1eeb m\u1ed9t c\u1ed9ng \u0111\u1ed3ng \u0111\u00e1nh c\u00e1 nh\u1ecf th\u00e0nh m\u1ed9t \u0111i\u1ec3m \u0111\u1ebfn ngh\u1ec9 d\u01b0\u1ee1ng \u0111\u01b0\u1ee3c c\u00f4ng nh\u1eadn tr\u00ean to\u00e0n c\u1ea7u.<\/p>","protected":false},"author":1,"featured_media":4790,"parent":13952,"menu_order":0,"comment_status":"closed","ping_status":"closed","template":"elementor_theme","meta":{"_eb_attr":"","footnotes":""},"class_list":["post-14059","page","type-page","status-publish","has-post-thumbnail"],"_links":{"self":[{"href":"https:\/\/travelshelper.com\/vi\/wp-json\/wp\/v2\/pages\/14059","targetHints":{"allow":["GET"]}}],"collection":[{"href":"https:\/\/travelshelper.com\/vi\/wp-json\/wp\/v2\/pages"}],"about":[{"href":"https:\/\/travelshelper.com\/vi\/wp-json\/wp\/v2\/types\/page"}],"author":[{"embeddable":true,"href":"https:\/\/travelshelper.com\/vi\/wp-json\/wp\/v2\/users\/1"}],"replies":[{"embeddable":true,"href":"https:\/\/travelshelper.com\/vi\/wp-json\/wp\/v2\/comments?post=14059"}],"version-history":[{"count":0,"href":"https:\/\/travelshelper.com\/vi\/wp-json\/wp\/v2\/pages\/14059\/revisions"}],"up":[{"embeddable":true,"href":"https:\/\/travelshelper.com\/vi\/wp-json\/wp\/v2\/pages\/13952"}],"wp:featuredmedia":[{"embeddable":true,"href":"https:\/\/travelshelper.com\/vi\/wp-json\/wp\/v2\/media\/4790"}],"wp:attachment":[{"href":"https:\/\/travelshelper.com\/vi\/wp-json\/wp\/v2\/media?parent=14059"}],"curies":[{"name":"wp","href":"https:\/\/api.w.org\/{rel}","templated":true}]}}