{"id":13934,"date":"2024-09-18T13:52:16","date_gmt":"2024-09-18T13:52:16","guid":{"rendered":"https:\/\/travelshelper.com\/staging\/?page_id=13934"},"modified":"2026-03-11T23:36:51","modified_gmt":"2026-03-11T23:36:51","slug":"lahti","status":"publish","type":"page","link":"https:\/\/travelshelper.com\/vi\/destinations\/europe\/finland\/lahti\/","title":{"rendered":"Lahti"},"content":{"rendered":"<p>Lahti, n\u1eb1m tr\u00ean b\u1edd ph\u00eda nam c\u1ee7a H\u1ed3 Vesij\u00e4rvi c\u00e1ch Helsinki kho\u1ea3ng 100 km v\u1ec1 ph\u00eda \u0111\u00f4ng b\u1eafc, l\u00e0 m\u1ed9t th\u00e0nh ph\u1ed1 c\u00f3 s\u1ef1 t\u01b0\u01a1ng ph\u1ea3n \u0111\u01b0\u1ee3c c\u00e2n nh\u1eafc k\u1ef9 l\u01b0\u1ee1ng: di s\u1ea3n c\u00f4ng nghi\u1ec7p \u0111\u01b0\u1ee3c t\u00f4i luy\u1ec7n b\u1edfi s\u1ef1 qu\u1ea3n l\u00fd m\u00f4i tr\u01b0\u1eddng ti\u00ean phong, m\u1ed9t trung t\u00e2m khu v\u1ef1c v\u1edbi 121.000 c\u01b0 d\u00e2n, \u0111\u1eadp m\u1ea1nh t\u1ea1i ng\u00e3 t\u01b0 \u0111\u01b0\u1eddng cao t\u1ed1c v\u00e0 \u0111\u01b0\u1eddng s\u1eaft ch\u00ednh c\u1ee7a Ph\u1ea7n Lan, v\u00e0 m\u1ed9t trung t\u00e2m v\u0103n h\u00f3a c\u00f3 d\u00e0n nh\u1ea1c giao h\u01b0\u1edfng v\u00e0 ki\u1ebfn \u200b\u200btr\u00fac ti\u00ean ti\u1ebfn thu h\u00fat du kh\u00e1ch t\u1eeb b\u00ean ngo\u00e0i nh\u1eefng r\u1eb7ng n\u00fai Salpausselk\u00e4 xanh t\u01b0\u01a1i. Trong d\u1ea5u ch\u00e2n \u0111\u00f4 th\u1ecb nh\u1ecf g\u1ecdn c\u1ee7a m\u00ecnh, Lahti bao g\u1ed3m esker Salpausselk\u00e4 \u0111\u1ea7u ti\u00ean, nh\u1eefng ng\u1ecdn \u0111\u1ed3i \u0111\u00e1 kh\u00e2u v\u00e0o c\u00e1c h\u1ed3 n\u01b0\u1edbc b\u1ecb chia c\u1eaft \u1edf ph\u00eda b\u1eafc, v\u00e0 nh\u1eefng khu r\u1eebng gi\u00e0u \u0111\u1ea5t s\u00e9t v\u00e0 nh\u1eefng d\u00f2ng su\u1ed1i quanh co \u1edf ph\u00eda nam. B\u1ea3n s\u1eafc c\u1ee7a th\u00e0nh ph\u1ed1, \u0111\u01b0\u1ee3c g\u00f3i g\u1ecdn trong huy hi\u1ec7u m\u00f4 t\u1ea3 m\u1ed9t b\u00e1nh xe l\u1eeda r\u1ef1c l\u1eeda, n\u00f3i l\u00ean s\u1ef1 ra \u0111\u1eddi c\u1ee7a th\u1ecb tr\u1ea5n t\u1ea1i ng\u00e3 t\u01b0 \u0111\u01b0\u1eddng s\u1eaft Riihim\u00e4ki\u2013Saint Petersburg\u2014m\u1ed9t ng\u1ecdn l\u1eeda c\u1ee7a ng\u00e0nh c\u00f4ng nghi\u1ec7p v\u00e0 kh\u00e1t v\u1ecdng \u0111\u00e3 \u0111\u1ecbnh h\u00ecnh n\u00ean t\u00ednh c\u00e1ch c\u1ee7a th\u00e0nh ph\u1ed1 k\u1ec3 t\u1eeb cu\u1ed1i th\u1ebf k\u1ef7 XIX.<\/p>\n<p>N\u1eb1m t\u1ea1i n\u01a1i \u0110\u01b0\u1eddng cao t\u1ed1c 4 g\u1eb7p \u0110\u01b0\u1eddng cao t\u1ed1c 12, Lahti t\u1eeb l\u00e2u \u0111\u00e3 \u0111\u00f3ng vai tr\u00f2 l\u00e0 ch\u1ed1t h\u1eadu c\u1ea7n gi\u1eefa Helsinki v\u00e0 Jyv\u00e4skyl\u00e4, Tampere v\u00e0 Kouvola, v\u00e0 \u0111\u1ebfn Nga v\u00e0 Trung Ph\u1ea7n Lan qua H\u1ed3 P\u00e4ij\u00e4nne. Qu\u1ea3ng tr\u01b0\u1eddng ch\u1ee3 v\u00e0 Trung t\u00e2m Du l\u1ecbch hi\u1ec7n \u0111\u1ea1i, ho\u00e0n th\u00e0nh v\u00e0o n\u0103m 2016 b\u00ean c\u1ea1nh nh\u00e0 ga xe l\u1eeda n\u0103m 1935, k\u1ebft n\u1ed1i xe bu\u00fdt \u0111\u1ecba ph\u01b0\u01a1ng v\u00e0 \u0111\u01b0\u1eddng d\u00e0i, t\u00e0u \u0111i l\u00e0m v\u00e0 li\u00ean t\u1ec9nh, th\u1eadm ch\u00ed c\u1ea3 b\u00e3i \u0111\u1ed7 xe t\u1ef1 \u0111\u1ed9ng, k\u1ebft n\u1ed1i kh\u1ea3 n\u0103ng di chuy\u1ec3n v\u1edbi \u0111\u1ed5i m\u1edbi \u0111\u00f4 th\u1ecb. T\u00e0u VR Z ch\u1ea1y theo gi\u1edd \u0111\u1ebfn Helsinki, t\u00e0u G ch\u1ea1y \u0111\u1ebfn Riihim\u00e4ki v\u00e0 d\u1ecbch v\u1ee5 ba l\u1ea7n m\u1ed9t ng\u00e0y \u0111\u1ebfn Kouvola ch\u1ee9ng minh cho vai tr\u00f2 l\u00e2u d\u00e0i c\u1ee7a Lahti nh\u01b0 m\u1ed9t trung t\u00e2m giao th\u00f4ng; c\u00e1c \u0111\u1ec1 xu\u1ea5t v\u1ec1 c\u00e1c \u0111i\u1ec3m d\u1eebng m\u1edbi t\u1ea1i Hennala v\u00e0 Karisto ph\u1ea3n \u00e1nh tham v\u1ecdng m\u1edf r\u1ed9ng k\u1ebft n\u1ed1i trong ph\u1ea1m vi th\u00e0nh ph\u1ed1, ngay c\u1ea3 khi c\u00e1c k\u1ebf ho\u1ea1ch v\u1ec1 tuy\u1ebfn li\u00ean k\u1ebft tr\u1ef1c ti\u1ebfp v\u1ec1 ph\u00eda \u0111\u00f4ng \u0111\u1ebfn Heinola ho\u1eb7c Jyv\u00e4skyl\u00e4 \u0111ang ch\u1edd cam k\u1ebft t\u00e0i ch\u00ednh r\u1ed9ng r\u00e3i h\u01a1n.<\/p>\n<p>B\u1ea3n \u0111\u1ed3 nh\u00e2n kh\u1ea9u h\u1ecdc c\u1ee7a Lahti c\u0169ng c\u00f3 k\u1ebft c\u1ea5u nh\u01b0 \u0111\u1ecba h\u00ecnh c\u1ee7a n\u00f3. T\u00ednh \u0111\u1ebfn \u0111\u1ea7u n\u0103m 2025, 121.386 c\u01b0 d\u00e2n c\u1ee7a th\u00e0nh ph\u1ed1 chi\u1ebfm kho\u1ea3ng hai ph\u1ea7n tr\u0103m d\u00e2n s\u1ed1 Ph\u1ea7n Lan, v\u1edbi m\u1ed9t ti\u1ec3u v\u00f9ng r\u1ed9ng h\u01a1n \u0111\u1ea1t h\u01a1n 204.000 linh h\u1ed3n. \u0110\u01a1n ng\u1eef Ph\u1ea7n Lan chi\u1ebfm \u01b0u th\u1ebf - 89,2 ph\u1ea7n tr\u0103m n\u00f3i ti\u1ebfng Ph\u1ea7n Lan nh\u01b0 ng\u00f4n ng\u1eef \u0111\u1ea7u ti\u00ean, trong khi s\u1ed1 ng\u01b0\u1eddi n\u00f3i ti\u1ebfng Th\u1ee5y \u0110i\u1ec3n \u00edt h\u01a1n s\u00e1u tr\u0103m ng\u01b0\u1eddi - nh\u01b0ng song ng\u1eef ho\u1eb7c tam ng\u1eef ch\u1ee9c n\u0103ng l\u00e0 ph\u1ed5 bi\u1ebfn, \u0111\u01b0\u1ee3c nu\u00f4i d\u01b0\u1ee1ng b\u1edfi ch\u01b0\u01a1ng tr\u00ecnh gi\u1ea3ng d\u1ea1y b\u1eaft bu\u1ed9c b\u1eb1ng ti\u1ebfng Anh v\u00e0 ti\u1ebfng Th\u1ee5y \u0110i\u1ec3n. \u00cdt nh\u1ea5t m\u1ed9t tr\u0103m ng\u00f4n ng\u1eef kh\u00e1c vang v\u1ecdng tr\u00ean c\u00e1c \u0111\u01b0\u1eddng ph\u1ed1 c\u1ee7a Lahti, d\u1eabn \u0111\u1ea7u l\u00e0 ti\u1ebfng Nga (2,8 ph\u1ea7n tr\u0103m), ti\u1ebfng \u1ea2 R\u1eadp (1,1 ph\u1ea7n tr\u0103m), ti\u1ebfng Estonia v\u00e0 ti\u1ebfng Ukraina, minh ch\u1ee9ng cho s\u1ef1 \u0111a d\u1ea1ng khi\u00eam t\u1ed1n nh\u01b0ng \u0111\u00e1ng k\u1ec3 ngang b\u1eb1ng v\u1edbi m\u1ee9c trung b\u00ecnh c\u1ee7a qu\u1ed1c gia b\u00ean ngo\u00e0i khu v\u1ef1c \u0111\u00f4 th\u1ecb Helsinki. V\u1ec1 m\u1eb7t t\u00f4n gi\u00e1o, Gi\u00e1o h\u1ed9i Tin l\u00e0nh Lutheran duy tr\u00ec \u0111a s\u1ed1 ch\u1ec9 h\u01a1n s\u00e1u m\u01b0\u01a1i ph\u1ea7n tr\u0103m, trong khi 36,5 ph\u1ea7n tr\u0103m tuy\u00ean b\u1ed1 kh\u00f4ng li\u00ean k\u1ebft v\u00e0 c\u00e1c c\u1ed9ng \u0111\u1ed3ng nh\u1ecf h\u01a1n chi\u1ebfm ph\u1ea7n c\u00f2n l\u1ea1i.<\/p>\n<p>V\u1ec1 m\u1eb7t kh\u00ed h\u1eadu, Lahti mang d\u1ea5u \u1ea5n c\u1ee7a ch\u1ebf \u0111\u1ed9 l\u1ee5c \u0111\u1ecba \u1ea9m, v\u1edbi m\u00f9a h\u00e8 \u1ea5m \u00e1p\u2014nh\u1eefng ng\u00e0y th\u00e1ng 7 th\u01b0\u1eddng xuy\u00ean v\u01b0\u1ee3t qu\u00e1 23 \u00b0C, \u0111\u1ea1t \u0111\u1ec9nh \u1edf m\u1ee9c 35,0 \u00b0C trong \u0111\u1ee3t n\u1eafng n\u00f3ng n\u0103m 2010\u2014v\u00e0 m\u00f9a \u0111\u00f4ng, m\u1eb7c d\u00f9 d\u00e0i v\u00e0 th\u01b0\u1eddng c\u00f3 tuy\u1ebft ph\u1ee7, \u0111\u00e3 d\u1ecbu \u0111i trong nh\u1eefng th\u1eadp k\u1ef7 g\u1ea7n \u0111\u00e2y d\u01b0\u1edbi \u1ea3nh h\u01b0\u1edfng c\u1ee7a hi\u1ec7n t\u01b0\u1ee3ng n\u00f3ng l\u00ean to\u00e0n c\u1ea7u. L\u01b0\u1ee3ng m\u01b0a r\u01a1i t\u01b0\u01a1ng \u0111\u1ed1i \u0111\u1ed3ng \u0111\u1ec1u trong su\u1ed1t c\u1ea3 n\u0103m, ch\u1ec9 nh\u1eb9 v\u00e0o m\u00f9a xu\u00e2n v\u00e0 t\u0103ng m\u1ea1nh v\u00e0o m\u00f9a thu v\u00e0 \u0111\u1ea7u m\u00f9a \u0111\u00f4ng. V\u00f9ng n\u01b0\u1edbc \u00eam \u0111\u1ec1m c\u1ee7a Vesij\u00e4rvi \u0111i\u1ec1u h\u00f2a nhi\u1ec7t \u0111\u1ed9, trong khi Pikku-Vesij\u00e4rvi nh\u1ecf h\u01a1n, n\u1eb1m c\u1ea1nh Lanu-puisto, t\u1ea1o n\u00ean s\u1ef1 t\u01b0\u01a1ng ph\u1ea3n th\u00e2n m\u1eadt v\u1edbi quang c\u1ea3nh c\u1ee7a h\u1ed3 l\u1edbn h\u01a1n.<\/p>\n<p>V\u1eadn may kinh t\u1ebf \u1edf Lahti \u0111\u00e3 l\u00ean xu\u1ed1ng th\u1ea5t th\u01b0\u1eddng. T\u1eebng \u0111\u01b0\u1ee3c m\u1ec7nh danh l\u00e0 \u201cChicago c\u1ee7a Ph\u1ea7n Lan\u201d v\u00ec ng\u00e0nh c\u00f4ng nghi\u1ec7p \u0111\u00f3ng g\u00f3i th\u1ecbt truy\u1ec1n th\u1ed1ng v\u00e0 nh\u1eefng kh\u00f3 kh\u0103n \u0111\u00f4 th\u1ecb song h\u00e0nh, Lahti \u0111\u00e3 ph\u1ea3i ch\u1ecbu \u0111\u1ef1ng m\u1ed9t s\u1ef1 suy tho\u00e1i nghi\u00eam tr\u1ecdng v\u00e0o \u0111\u1ea7u nh\u1eefng n\u0103m 1990 khi s\u1ef1 s\u1ee5p \u0111\u1ed5 c\u1ee7a th\u01b0\u01a1ng m\u1ea1i Ph\u1ea7n Lan-X\u00f4 Vi\u1ebft v\u00e0 suy tho\u00e1i kinh t\u1ebf qu\u1ed1c gia \u0111\u00e3 x\u00f3a s\u1ed5 kho\u1ea3ng 20.000 vi\u1ec7c l\u00e0m trong ng\u00e0nh s\u1ea3n xu\u1ea5t, d\u1ec7t may v\u00e0 \u0111\u1ed3 n\u1ed9i th\u1ea5t. T\u1eeb m\u1ee9c th\u1ea5p nh\u1ea5t l\u00e0 ch\u01b0a \u0111\u1ebfn 70.000 vi\u1ec7c l\u00e0m trong khu v\u1ef1c v\u00e0o n\u0103m 1993, qu\u00e1 tr\u00ecnh ph\u1ee5c h\u1ed3i di\u1ec5n ra d\u1ea7n d\u1ea7n\u2014\u0111\u1ebfn n\u0103m 1999, con s\u1ed1 n\u00e0y ch\u1ec9 c\u00f2n d\u01b0\u1edbi 80.000. Tuy nhi\u00ean, ngh\u1ecbch c\u1ea3nh n\u00e0y \u0111\u00e3 th\u00fac \u0111\u1ea9y m\u1ed9t cu\u1ed9c t\u00e1i t\u1ea1o: c\u00e1c s\u00e1ng ki\u1ebfn \u200b\u200bv\u1ec1 m\u00f4i tr\u01b0\u1eddng c\u00f3 t\u1eeb cu\u1ed1i nh\u1eefng n\u0103m 1980 \u0111\u00e3 tr\u01b0\u1edfng th\u00e0nh th\u00e0nh gi\u1ea3i th\u01b0\u1edfng Th\u1ee7 \u0111\u00f4 xanh c\u1ee7a Ch\u00e2u \u00c2u v\u00e0o n\u0103m 2021, th\u1ec3 hi\u1ec7n cam k\u1ebft \u0111\u1ed1i v\u1edbi n\u0103ng l\u01b0\u1ee3ng t\u00e1i t\u1ea1o, gi\u1ea3m thi\u1ec3u ch\u1ea5t th\u1ea3i v\u00e0 v\u1eadn t\u1ea3i b\u1ec1n v\u1eefng.<\/p>\n<p>Tham v\u1ecdng v\u0103n h\u00f3a th\u1ec3 hi\u1ec7n \u1edf g\u1ed7 v\u00e0 k\u00ednh. Sibelius Hall, ho\u00e0n th\u00e0nh v\u00e0o n\u0103m 2000 v\u00e0 \u0111\u01b0\u1ee3c Kimmo Lintula v\u00e0 Hannu Tikka h\u00ecnh th\u00e0nh, \u0111\u00e3 bi\u1ebfn m\u1ed9t nh\u00e0 m\u00e1y m\u1ed9c c\u0169 th\u00e0nh t\u00f2a nh\u00e0 b\u1eb1ng g\u1ed7 l\u1edbn nh\u1ea5t Ph\u1ea7n Lan trong m\u1ed9t th\u1ebf k\u1ef7. S\u1ea3nh ch\u00ednh c\u1ee7a n\u00f3, n\u1ed5i ti\u1ebfng v\u1edbi \u00e2m thanh \u1ea5m \u00e1p, chia s\u1ebb \u0111\u1ecba \u0111i\u1ec3m v\u1edbi m\u1ed9t c\u00e1nh h\u1ed9i ngh\u1ecb v\u00e0 Forest Hall c\u00f3 khung m\u1edf, c\u00f3 c\u1eeda s\u1ed5 bao quanh kh\u00f4ng gian r\u1ed9ng l\u1edbn c\u1ee7a Vesij\u00e4rvi. Sinfonia Lahti, d\u00e0n nh\u1ea1c th\u01b0\u1eddng tr\u00fa c\u1ee7a h\u1ed9i tr\u01b0\u1eddng, \u0111\u00e3 gi\u00e0nh \u0111\u01b0\u1ee3c s\u1ef1 hoan ngh\u00eanh c\u1ee7a qu\u1ed1c t\u1ebf v\u1ec1 c\u00e1c b\u1ea3n di\u1ec5n gi\u1ea3i t\u00e1c ph\u1ea9m c\u1ee7a Jean Sibelius v\u00e0 h\u01a1n th\u1ebf n\u1eefa, nh\u1eadn \u0111\u01b0\u1ee3c l\u1eddi m\u1eddi t\u1eeb BBC Radio 3 v\u00e0 c\u00e1c cu\u1ed9c thi tr\u00ean to\u00e0n th\u1ebf gi\u1edbi. H\u00e0ng n\u0103m, l\u1ecbch \u00e2m nh\u1ea1c c\u1ee7a th\u00e0nh ph\u1ed1 m\u1edf r\u1ed9ng \u0111\u1ec3 bao g\u1ed3m L\u1ec5 h\u1ed9i Organ t\u1ea1i qu\u1ea3ng tr\u01b0\u1eddng ch\u1ee3 l\u1ecbch s\u1eed, m\u1ed9t cu\u1ed9c t\u1ee5 h\u1ecdp nh\u1ea1c jazz vang v\u1ecdng kh\u1eafp nh\u1eefng con ph\u1ed1 l\u00e1t \u0111\u00e1 cu\u1ed9i v\u00e0 L\u1ec5 h\u1ed9i Sibelius, n\u01a1i t\u00f4n vinh nh\u00e0 so\u1ea1n nh\u1ea1c l\u1eebng danh c\u1ee7a Ph\u1ea7n Lan gi\u1eefa \u00e1nh s\u00e1ng c\u00f2n s\u00f3t l\u1ea1i c\u1ee7a m\u00f9a h\u00e8.<\/p>\n<p>C\u00e1c di t\u00edch c\u1ee7a ni\u1ec1m t\u1ef1 h\u00e0o c\u00f4ng d\u00e2n m\u1edf r\u1ed9ng ra ngo\u00e0i Sibelius Hall. T\u00f2a th\u1ecb ch\u00ednh n\u0103m 1911 c\u1ee7a Eliel Saarinen t\u1ea1o n\u00ean h\u00ecnh b\u00f3ng trang nghi\u00eam tr\u00ean c\u00e1c \u0111\u1ea1i l\u1ed9, trong khi Nh\u00e0 th\u1edd Th\u00e1nh gi\u00e1 (1978) c\u1ee7a Alvar Aalto minh h\u1ecda cho ch\u1ee7 ngh\u0129a hi\u1ec7n \u0111\u1ea1i kh\u1eafc kh\u1ed5 c\u1ee7a \u00f4ng trong b\u00ea t\u00f4ng v\u00f2m. Nh\u00e0 th\u1edd Nastola \u0111\u00e1ng k\u00ednh n\u0103m 1804 v\u00e0 Nh\u00e0 th\u1edd Joutj\u00e4rvi n\u00f3i v\u1ec1 c\u00e1c k\u1ef7 nguy\u00ean tr\u01b0\u1edbc \u0111\u00f3, t\u01b0\u01a1ng ph\u1ea3n v\u1edbi Nh\u00e0 h\u00e1t Th\u00e0nh ph\u1ed1 n\u0103m 1983 c\u1ee7a Pekka Salminen v\u00e0 Th\u01b0 vi\u1ec7n n\u0103m 1990 c\u1ee7a Arto Sipinen, n\u01a1i \u00e1nh s\u00e1ng v\u00e0 g\u1ed7 bao quanh c\u00e1c gi\u00e1 s\u00e1ch v\u00e0 ng\u01b0\u1eddi \u0111\u1ecdc trong s\u1ef1 chi\u00eam nghi\u1ec7m t\u0129nh l\u1eb7ng. Nh\u00e0 h\u00e1t Piano Pavilion (2008) c\u1ee7a Gert Wing\u00e5rdh v\u00e0 Trung t\u00e2m Du l\u1ecbch JKMM n\u0103m 2016 th\u00eam v\u00e0o nh\u1eefng n\u00e9t ch\u1ea5m ph\u00e1 \u0111\u01b0\u01a1ng \u0111\u1ea1i, trong khi nh\u1eefng can thi\u1ec7p nh\u1ecf c\u1ee7a nh\u1eefng ng\u01b0\u1eddi \u0111o\u1ea1t gi\u1ea3i Spirit of Wood l\u00e0 Kengo Kuma v\u00e0 Richard Leplastrier th\u1ec3 hi\u1ec7n cu\u1ed9c \u0111\u1ed1i tho\u1ea1i \u0111ang di\u1ec5n ra gi\u1eefa thi\u1ebft k\u1ebf to\u00e0n c\u1ea7u v\u00e0 v\u1eadt li\u1ec7u \u0111\u1ecba ph\u01b0\u01a1ng.<\/p>\n<p>Ngo\u00e0i ki\u1ebfn \u200b\u200btr\u00fac v\u00e0 giao th\u00f4ng, c\u00e1c d\u1ecbch v\u1ee5 gi\u1ea3i tr\u00ed c\u1ee7a Lahti tr\u1ea3i r\u1ed9ng \u1edf m\u1ecdi khu v\u1ef1c. Trong khu v\u1ef1c b\u1ebfn c\u1ea3ng b\u00ean c\u1ea1nh Sibelius Hall, c\u00e1c qu\u00e1n c\u00e0 ph\u00ea v\u00e0 qu\u00e1n bar tr\u00e0n ra c\u00e1c l\u1ed1i \u0111i d\u1ea1o, ph\u1ea3n \u00e1nh n\u1ed7 l\u1ef1c chung nh\u1eb1m \u0111\u1ecbnh v\u1ecb l\u1ea1i b\u1edd s\u00f4ng th\u00e0nh m\u1ed9t n\u01a1i t\u1ee5 h\u1ecdp vui v\u1ebb. T\u1eeb \u0111\u00f3, m\u1ed9t chi\u1ebfc t\u00e0u h\u01a1i n\u01b0\u1edbc ch\u00e8o \u0111\u01b0\u1ee3c b\u1ea3o t\u1ed3n l\u01b0\u1edbt qua Vesij\u00e4rvi, cho ph\u00e9p tho\u00e1ng nh\u00ecn th\u1ea5y nh\u1eefng ng\u00f4i nh\u00e0 nh\u1ecf ven b\u1edd v\u00e0 nh\u1eefng b\u00e3i bi\u1ec3n r\u1ee3p b\u00f3ng th\u00f4ng. Radiom\u00e4ki, \u0110\u1ed3i Radio c\u00f9ng t\u00ean c\u1ee7a th\u00e0nh ph\u1ed1, tr\u01b0ng b\u00e0y m\u1ed9t b\u1ea3o t\u00e0ng v\u1ec1 thi\u1ebft b\u1ecb ph\u00e1t s\u00f3ng ban \u0111\u1ea7u c\u00f9ng v\u1edbi hai c\u1ed9t s\u00f3ng d\u00e0i t\u1ea1o \u0111i\u1ec3m nh\u1ea5n cho \u0111\u01b0\u1eddng ch\u00e2n tr\u1eddi, g\u1ee3i nh\u1edb \u0111\u1ebfn vai tr\u00f2 c\u1ee7a Lahti trong qu\u00e1 tr\u00ecnh \u0111i\u1ec7n kh\u00ed h\u00f3a n\u00f4ng th\u00f4n v\u00e0 l\u1ecbch s\u1eed truy\u1ec1n th\u00f4ng c\u1ee7a Ph\u1ea7n Lan.<\/p>\n<p>Ngh\u1ec7 thu\u1eadt v\u00e0 l\u1ecbch s\u1eed g\u1ea7n nhau trong trung t\u00e2m th\u00e0nh ph\u1ed1: B\u1ea3o t\u00e0ng L\u1ecbch s\u1eed tr\u00ean Lahdenkatu l\u1eadp bi\u1ec3u \u0111\u1ed3 ph\u00e1t tri\u1ec3n \u0111\u00f4 th\u1ecb th\u00f4ng qua c\u00e1c hi\u1ec7n v\u1eadt v\u00e0 tri\u1ec3n l\u00e3m, trong khi B\u1ea3o t\u00e0ng Ngh\u1ec7 thu\u1eadt tr\u00ean Vesij\u00e4rvenkatu tr\u01b0ng b\u00e0y lu\u00e2n phi\u00ean c\u00e1c h\u1ecda s\u0129 Ph\u1ea7n Lan v\u00e0 qu\u1ed1c t\u1ebf. Nh\u1eefng ng\u01b0\u1eddi \u0111am m\u00ea xe m\u00e1y t\u00ecm th\u1ea5y B\u1ea3o t\u00e0ng Xe m\u00e1y duy nh\u1ea5t c\u1ee7a Ph\u1ea7n Lan t\u1ea1i Veist\u00e4m\u00f6nkatu, n\u01a1i nh\u1eefng c\u1ed7 m\u00e1y s\u00e1ng b\u00f3ng theo d\u00f5i s\u1ef1 ti\u1ebfn h\u00f3a c\u1ee7a xe hai b\u00e1nh t\u1eeb nh\u1eefng m\u1eabu xe ti\u00ean phong \u0111\u1ebfn nh\u1eefng m\u1eabu xe c\u1ed5 \u0111i\u1ec3n \u0111\u01b0\u01a1ng \u0111\u1ea1i. \u0110\u1ed1i v\u1edbi c\u00e1c gia \u0111\u00ecnh, tuy\u1ebfn t\u00e0u th\u00e0nh ph\u1ed1 Puksu v\u00f2ng qua b\u1ebfn c\u1ea3ng Vesij\u00e4rvi, C\u00f4ng vi\u00ean Laune v\u00e0 S\u00e2n \u0111\u1ed9ng v\u1eadt trang tr\u1ea1i 4H, n\u01a1i c\u00e1c lo\u00e0i \u0111\u1ed9ng v\u1eadt \u0111\u1ed3ng qu\u00ea t\u1ea1o n\u00ean s\u1ef1 t\u01b0\u01a1ng ph\u1ea3n gi\u1eefa c\u1ea3nh \u0111\u1ed3ng qu\u00ea v\u1edbi nh\u1eefng con ph\u1ed1 th\u00e0nh th\u1ecb.<\/p>\n<p>C\u00e1c ho\u1ea1t \u0111\u1ed9ng th\u1ec3 thao s\u00f4i \u0111\u1ed9ng t\u1ea1i Trung t\u00e2m th\u1ec3 thao, n\u01a1i nh\u1eefng ng\u1ecdn \u0111\u1ed3i nh\u1ea3y tr\u01b0\u1ee3t tuy\u1ebft th\u1ed1ng tr\u1ecb \u0111\u01b0\u1eddng ch\u00e2n tr\u1eddi v\u00e0 m\u1ed9t b\u1ea3o t\u00e0ng l\u01b0u gi\u1eef l\u1ecbch s\u1eed th\u1ec3 thao m\u00f9a \u0111\u00f4ng l\u1eebng l\u1eaby c\u1ee7a Lahti. V\u00e0o m\u00f9a h\u00e8, m\u1ed9t h\u1ed3 b\u01a1i ngo\u00e0i tr\u1eddi n\u1eb1m \u1edf ch\u00e2n c\u1ea7u nh\u1ea3y tr\u01b0\u1ee3t tuy\u1ebft, \u0111\u1ea7u s\u00e2u c\u1ee7a h\u1ed3 b\u01a1i n\u00e0y ch\u00ecm xu\u1ed1ng ba m\u00e9t b\u00ean d\u01b0\u1edbi \u0111\u01b0\u1eddng d\u1ed1c cao ch\u00f3t v\u00f3t. G\u1ea7n \u0111\u00f3, b\u00f3ng \u0111\u00e1 t\u1ea1i S\u00e2n v\u1eadn \u0111\u1ed9ng Lahden l\u00e0 n\u01a1i neo \u0111\u1eadu m\u00f9a gi\u1ea3i Ykk\u00f6sliiga cho FC Lahti, trong khi C\u00f4ng vi\u00ean th\u1ec3 thao Kisapuisto ch\u00e0o \u0111\u00f3n qu\u1ea7n v\u1ee3t, b\u00f3ng chuy\u1ec1n, b\u00f3ng ch\u00e0y v\u00e0 nhi\u1ec1u m\u00f4n kh\u00e1c, trong nh\u00e0 v\u00e0 ngo\u00e0i tr\u1eddi. Nh\u00e0 b\u01a1i th\u00e0nh ph\u1ed1 tr\u00ean Svinhufvudinkatu m\u1edf r\u1ed9ng s\u1ee9c kh\u1ecfe d\u01b0\u1edbi n\u01b0\u1edbc v\u1edbi c\u00e1c h\u1ed3 tr\u1ecb li\u1ec7u, ph\u00f2ng x\u00f4ng h\u01a1i \u01b0\u1edbt v\u00e0 b\u1ed3n t\u1eafm n\u01b0\u1edbc n\u00f3ng.<\/p>\n<p>\u0110\u1ed1i v\u1edbi c\u00e1c chuy\u1ebfn du ngo\u1ea1n v\u01b0\u1ee3t ra ngo\u00e0i ranh gi\u1edbi th\u00e0nh ph\u1ed1, m\u1ed9t \u0111\u1ea7u m\u00e1y h\u01a1i n\u01b0\u1edbc ch\u1edf nh\u1eefng ng\u01b0\u1eddi \u0111am m\u00ea \u0111\u1ebfn Heinola qua m\u1ed9t tuy\u1ebfn \u0111\u01b0\u1eddng d\u00e0i 37 km \u0111\u00e3 ng\u1eebng ho\u1ea1t \u0111\u1ed9ng, trong khi d\u1ecbch v\u1ee5 cho thu\u00ea thuy\u1ec1n t\u1ea1i b\u1ebfn c\u1ea3ng Niemi\u2014t\u1eeb thuy\u1ec1n ch\u00e8o \u0111\u1ebfn v\u00e1n ch\u00e8o \u0111\u1ee9ng\u2014\u0111\u1eb7t c\u1eeda s\u00f4ng y\u00ean t\u0129nh c\u1ee7a Vesij\u00e4rvi theo l\u1ec7nh c\u1ee7a du kh\u00e1ch. C\u00e1c chuy\u1ebfn du ngo\u1ea1n P\u00e4ij\u00e4nneristeilyt m\u1ea1o hi\u1ec3m \u0111i qua k\u00eanh \u0111\u00e0o V\u00e4\u00e4ksy \u0111\u1ebfn H\u1ed3 P\u00e4ij\u00e4nne, cung c\u1ea5p c\u00e1c l\u1ef1a ch\u1ecdn \u0103n tr\u01b0a v\u00e0 \u0103n t\u1ed1i ho\u1eb7c c\u00e1c chuy\u1ebfn \u0111i tr\u1ecdn ng\u00e0y \u0111\u1ebfn Heinola ho\u1eb7c Jyv\u00e4skyl\u00e4 \u1edf \u0111\u1ea7u xa c\u1ee7a h\u1ed3. C\u00e1c con \u0111\u01b0\u1eddng trong \u0111\u1ea5t li\u1ec1n c\u0169ng v\u1eaby g\u1ecdi: khu gi\u1ea3i tr\u00ed Salpausselk\u00e4 m\u1edf ra h\u00e0ng ch\u1ee5c km \u0111\u01b0\u1eddng m\u00f2n \u0111\u1ec3 \u0111i b\u1ed9, \u0111\u1ea1p xe v\u00e0 v\u00e0o m\u00f9a \u0111\u00f4ng, tr\u01b0\u1ee3t tuy\u1ebft b\u0103ng \u0111\u1ed3ng.<\/p>\n<p>Kh\u00f4ng gian xanh \u0111\u00f4 th\u1ecb m\u1edf r\u1ed9ng \u0111\u1ebfn C\u00f4ng vi\u00ean Gia \u0111\u00ecnh Laune, n\u01a1i tr\u1ebb em \u0111i\u1ec1u khi\u1ec3n c\u00e1c m\u1ea1ch giao th\u00f4ng nh\u1ecf b\u1eb1ng xe \u0111\u1ea1p v\u00e0 c\u00e1c \u0111\u1eb7c \u0111i\u1ec3m n\u01b0\u1edbc h\u1ea5p d\u1eabn kh\u00e1m ph\u00e1 d\u01b0\u1edbi s\u1ef1 ngh\u1ec9 ng\u01a1i c\u1ee7a cha m\u1eb9. T\u1ea1i Pikku-Vesij\u00e4rvi, \u0111\u00e0i phun n\u01b0\u1edbc organ n\u01b0\u1edbc bi\u00ean \u0111\u1ea1o nh\u1ea1c v\u00e0 tia n\u01b0\u1edbc m\u1ed7i bu\u1ed5i chi\u1ec1u, t\u1ea1o ra giai \u0111i\u1ec7u phun s\u01b0\u01a1ng tr\u00ean m\u1ed9t gi\u1ea3ng \u0111\u01b0\u1eddng nh\u1ecf b\u1eb1ng \u0111\u00e1. B\u00e3i bi\u1ec3n Ankkuri, c\u00e1ch b\u1ebfn c\u1ea3ng m\u1ed9t km v\u1ec1 ph\u00eda b\u1eafc, cung c\u1ea5p d\u1ecbch v\u1ee5 b\u01a1i l\u1ed9i gi\u1eefa c\u00e1c ph\u00f2ng thay \u0111\u1ed3 v\u00e0 c\u00e2y xanh ven b\u1edd, ch\u1ea5t l\u01b0\u1ee3ng n\u01b0\u1edbc t\u01b0\u1ee3ng tr\u01b0ng cho s\u1ef1 h\u1ed3i sinh sinh th\u00e1i d\u1ea7n d\u1ea7n c\u1ee7a Vesij\u00e4rvi.<\/p>\n<p>L\u1ec5 h\u1ed9i l\u00e0m tr\u00f2n nh\u1ecbp \u0111i\u1ec7u th\u01b0\u1eddng ni\u00ean c\u1ee7a Lahti. M\u00f9a \u0111\u00f4ng mang \u0111\u1ebfn Th\u1ebf v\u1eadn h\u1ed9i Salpaussel\u00e4n, m\u1ed9t gi\u1ea3i v\u00f4 \u0111\u1ecbch tr\u01b0\u1ee3t tuy\u1ebft nh\u1ea3y xa v\u00e0 B\u1eafc \u00c2u qu\u1ed1c t\u1ebf thu h\u00fat c\u00e1c v\u1eadn \u0111\u1ed9ng vi\u00ean v\u00e0 kh\u00e1n gi\u1ea3 \u0111\u1ebfn nh\u1eefng ng\u1ecdn \u0111\u1ed3i cao ch\u00f3t v\u00f3t c\u1ee7a Trung t\u00e2m th\u1ec3 thao. Tri\u1ec3n l\u00e3m \u00f4 t\u00f4 c\u1ed5 \u0111i\u1ec3n m\u00f9a xu\u00e2n tr\u01b0ng b\u00e0y nh\u1eefng chi\u1ebfc xe h\u01a1i v\u00e0 xe m\u00e1y s\u01b0u t\u1ea7m t\u1eeb th\u1eddi k\u1ef3 ho\u00e0ng kim c\u1ee7a thi\u1ebft k\u1ebf M\u1ef9, l\u1edbp m\u1ea1 cr\u00f4m b\u00f3ng lo\u00e1ng v\u00e0 ti\u1ebfng g\u1ea7m r\u00fa c\u1ee7a \u0111\u1ed9ng c\u01a1 V-eight l\u1ea5p \u0111\u1ea7y Lahti Hall v\u1edbi v\u1ebb tr\u00e1ng l\u1ec7 \u0111\u1ea7y ho\u00e0i ni\u1ec7m. Trong su\u1ed1t c\u1ea3 n\u0103m, c\u00e1c bu\u1ed5i h\u00f2a nh\u1ea1c, tri\u1ec3n l\u00e3m v\u00e0 t\u1ee5 h\u1ecdp c\u1ed9ng \u0111\u1ed3ng quy m\u00f4 nh\u1ecf th\u1ec3 hi\u1ec7n m\u1ed9t cu\u1ed9c s\u1ed1ng c\u00f4ng d\u00e2n c\u00e2n b\u1eb1ng gi\u1eefa s\u1ef1 b\u00ecnh t\u0129nh tr\u1ea7m ng\u00e2m v\u1edbi n\u0103ng l\u01b0\u1ee3ng c\u1ea7n c\u00f9.<\/p>\n<p>S\u1ef1 ph\u00e1t tri\u1ec3n c\u1ee7a Lahti t\u1eeb m\u1ed9t ng\u00e3 ba \u0111\u01b0\u1eddng s\u1eaft m\u1edbi th\u00e0nh th\u1ee7 ph\u1ee7 v\u0103n h\u00f3a v\u00e0 b\u1ec1n v\u1eefng c\u1ee7a khu v\u1ef1c minh h\u1ecda cho c\u1ea3 kh\u1ea3 n\u0103ng ph\u1ee5c h\u1ed3i v\u00e0 t\u00e1i t\u1ea1o. Nh\u1eefng \u0111\u1ea1i l\u1ed9 r\u1ed9ng l\u1edbn, \u0111\u01b0\u1ee3c t\u00f4 \u0111i\u1ec3m b\u1eb1ng c\u00e1c t\u01b0\u1ee3ng \u0111\u00e0i c\u00f4ng c\u1ed9ng hi\u1ec7n \u0111\u1ea1i, nh\u1eefng khu r\u1eebng bi\u00ean gi\u1edbi n\u01a1i nh\u1eefng d\u00e3y n\u00fai Salpausselk\u00e4 cong v\u1ec1 ph\u00eda ch\u00e2n tr\u1eddi. Nh\u1eefng con \u0111\u01b0\u1eddng d\u1ea1o ven h\u1ed3, t\u1eebng l\u00e0 l\u00e3nh \u0111\u1ecba c\u1ee7a nh\u1eefng ng\u01b0\u1eddi khu\u00e2n v\u00e1c v\u00e0 nh\u00e0 kho \u0111\u00f3ng g\u00f3i, gi\u1edd \u0111\u00e2y l\u00e0 n\u01a1i t\u1ed5 ch\u1ee9c c\u00e1c bu\u1ed5i ti\u1ec7c t\u1ed1i v\u00e0 ti\u1ec7c t\u1ed1i m\u00f9a h\u00e8 c\u1ee7a d\u00e0n nh\u1ea1c. M\u1eb7c d\u00f9 di s\u1ea3n c\u1ee7a kh\u00f3 kh\u0103n v\u1eabn c\u00f2n t\u1ed3n t\u1ea1i trong c\u00e1c nh\u00e0 m\u00e1y ngo\u1ea1i \u00f4 v\u00e0 k\u00fd \u1ee9c v\u1ec1 suy tho\u00e1i kinh t\u1ebf, Lahti \u0111\u00e3 \u0111an xen l\u1ecbch s\u1eed \u0111\u00f3 v\u00e0o m\u1ed9t c\u00e2u chuy\u1ec7n v\u1ec1 s\u1ef1 \u0111\u1ed5i m\u1edbi. S\u1ef1 t\u1ef1 tin th\u1ea7m l\u1eb7ng c\u1ee7a th\u00e0nh ph\u1ed1 kh\u00f4ng b\u1eaft ngu\u1ed3n t\u1eeb c\u1ea3nh t\u01b0\u1ee3ng kh\u00f4ng ki\u1ec1m ch\u1ebf m\u00e0 t\u1eeb m\u1ed9t gi\u1ecdng \u0111i\u1ec7u ch\u00e2n th\u1ef1c: ch\u00ednh x\u00e1c trong t\u1eebng chi ti\u1ebft, th\u1eb3ng th\u1eafn trong quan s\u00e1t, nh\u00e2n v\u0103n trong t\u1eadp trung - m\u1ed9t n\u01a1i m\u00e0 ti\u1ebfng nh\u1ea5p nh\u00e1y c\u1ee7a b\u00e1nh xe l\u1eeda trong huy hi\u1ec7u v\u1eabn vang v\u1ecdng b\u00ean d\u01b0\u1edbi nh\u1eefng c\u00e2y th\u00f4ng, k\u00eau g\u1ecdi du kh\u00e1ch nh\u00ecn ra ngo\u00e0i v\u1ecbnh.<\/p>","protected":false},"excerpt":{"rendered":"<p>Lahti, m\u1ed9t th\u00e0nh ph\u1ed1 n\u1eb1m \u1edf khu v\u1ef1c Lakeland \u0111\u1eb9p nh\u01b0 tranh v\u1ebd c\u1ee7a Ph\u1ea7n Lan, l\u00e0 v\u00ed d\u1ee5 \u0111i\u1ec3n h\u00ecnh cho di s\u1ea3n v\u0103n h\u00f3a v\u00e0 s\u1ef1 ph\u00e1t tri\u1ec3n \u0111\u00f4 th\u1ecb \u0111\u01b0\u01a1ng \u0111\u1ea1i c\u1ee7a qu\u1ed1c gia n\u00e0y. N\u1eb1m c\u00e1ch th\u1ee7 \u0111\u00f4 Helsinki kho\u1ea3ng 100 km v\u1ec1 ph\u00eda \u0111\u00f4ng b\u1eafc, Lahti \u0111\u00f3ng vai tr\u00f2 l\u00e0 th\u1ee7 ph\u1ee7 khu v\u1ef1c c\u1ee7a P\u00e4ij\u00e4t-H\u00e4me. V\u1edbi d\u00e2n s\u1ed1 kho\u1ea3ng 121.000 ng\u01b0\u1eddi, \u0111\u00e2y l\u00e0 \u0111\u00f4 th\u1ecb \u0111\u00f4ng d\u00e2n th\u1ee9 ch\u00edn \u1edf Ph\u1ea7n Lan v\u00e0 l\u00e0 khu v\u1ef1c \u0111\u00f4 th\u1ecb \u0111\u00f4ng d\u00e2n th\u1ee9 s\u00e1u trong c\u1ea3 n\u01b0\u1edbc. Ti\u1ec3u v\u00f9ng l\u1edbn h\u01a1n bao g\u1ed3m Lahti c\u00f3 h\u01a1n 204.000 c\u01b0 d\u00e2n, l\u00e0m n\u1ed5i b\u1eadt t\u1ea7m quan tr\u1ecdng c\u1ee7a th\u00e0nh ph\u1ed1 n\u00e0y nh\u01b0 m\u1ed9t trung t\u00e2m d\u00e2n s\u1ed1 l\u1edbn \u1edf mi\u1ec1n nam Ph\u1ea7n Lan.<\/p>","protected":false},"author":1,"featured_media":2921,"parent":13916,"menu_order":0,"comment_status":"closed","ping_status":"closed","template":"elementor_theme","meta":{"_eb_attr":"","footnotes":""},"class_list":["post-13934","page","type-page","status-publish","has-post-thumbnail"],"_links":{"self":[{"href":"https:\/\/travelshelper.com\/vi\/wp-json\/wp\/v2\/pages\/13934","targetHints":{"allow":["GET"]}}],"collection":[{"href":"https:\/\/travelshelper.com\/vi\/wp-json\/wp\/v2\/pages"}],"about":[{"href":"https:\/\/travelshelper.com\/vi\/wp-json\/wp\/v2\/types\/page"}],"author":[{"embeddable":true,"href":"https:\/\/travelshelper.com\/vi\/wp-json\/wp\/v2\/users\/1"}],"replies":[{"embeddable":true,"href":"https:\/\/travelshelper.com\/vi\/wp-json\/wp\/v2\/comments?post=13934"}],"version-history":[{"count":0,"href":"https:\/\/travelshelper.com\/vi\/wp-json\/wp\/v2\/pages\/13934\/revisions"}],"up":[{"embeddable":true,"href":"https:\/\/travelshelper.com\/vi\/wp-json\/wp\/v2\/pages\/13916"}],"wp:featuredmedia":[{"embeddable":true,"href":"https:\/\/travelshelper.com\/vi\/wp-json\/wp\/v2\/media\/2921"}],"wp:attachment":[{"href":"https:\/\/travelshelper.com\/vi\/wp-json\/wp\/v2\/media?parent=13934"}],"curies":[{"name":"wp","href":"https:\/\/api.w.org\/{rel}","templated":true}]}}