{"id":13851,"date":"2024-09-18T12:07:05","date_gmt":"2024-09-18T12:07:05","guid":{"rendered":"https:\/\/travelshelper.com\/staging\/?page_id=13851"},"modified":"2026-03-12T00:28:59","modified_gmt":"2026-03-12T00:28:59","slug":"bremen","status":"publish","type":"page","link":"https:\/\/travelshelper.com\/vi\/destinations\/europe\/germany\/bremen\/","title":{"rendered":"Bremen"},"content":{"rendered":"<p>Bremen l\u00e0 s\u1ef1 h\u1ed9i t\u1ee5 ch\u00ednh x\u00e1c c\u1ee7a c\u00e1c tuy\u1ebfn \u0111\u01b0\u1eddng th\u1ee7y, k\u1ebft c\u1ea5u \u0111\u00f4 th\u1ecb v\u00e0 kh\u1ea3 n\u0103ng ph\u1ee5c h\u1ed3i. V\u1edbi d\u00e2n s\u1ed1 kho\u1ea3ng 577.000 ng\u01b0\u1eddi v\u00e0 di\u1ec7n t\u00edch 318,21 km2, \u0111\u00e2y l\u00e0 th\u1ee7 ph\u1ee7 c\u1ee7a Th\u00e0nh ph\u1ed1 Bremen c\u1ee7a Li\u00ean minh Hanse T\u1ef1 do, m\u1ed9t ti\u1ec3u bang g\u1ed3m hai th\u00e0nh ph\u1ed1 \u1edf mi\u1ec1n b\u1eafc n\u01b0\u1edbc \u0110\u1ee9c. N\u1eb1m tr\u00ean S\u00f4ng Weser c\u00e1ch c\u1eeda s\u00f4ng Bremerhaven kho\u1ea3ng 60 km v\u1ec1 ph\u00eda th\u01b0\u1ee3ng ngu\u1ed3n, Bremen v\u1eabn \u0111\u01b0\u1ee3c bao b\u1ecdc ho\u00e0n to\u00e0n b\u1edfi Lower Saxony v\u00e0 l\u00e0 n\u01a1i neo \u0111\u1eadu c\u1ee7a m\u1ed9t v\u00f9ng \u0111\u00f4 th\u1ecb v\u1edbi kho\u1ea3ng 2,8 tri\u1ec7u c\u01b0 d\u00e2n.<\/p>\n<p>\u1ede Bremen, S\u00f4ng Weser v\u1ea1ch ra m\u1ed9t con \u0111\u01b0\u1eddng qua nhi\u1ec1u th\u1ebf k\u1ef7 giao th\u01b0\u01a1ng v\u00e0 th\u00edch nghi. C\u1ea3ng \u1edf \u0111\u00e2y, c\u00f9ng v\u1edbi Bremerhaven \u1edf c\u1eeda s\u00f4ng Weser, gi\u1eef v\u1ecb tr\u00ed l\u00e0 trung t\u00e2m h\u00e0ng h\u1ea3i l\u1edbn th\u1ee9 hai c\u1ee7a \u0110\u1ee9c sau Hamburg. Khu ph\u1ee9c h\u1ee3p c\u1ea3ng n\u00e0y \u0111\u1ecbnh h\u00ecnh c\u1ea3 c\u1ea3nh quan v\u1eadt l\u00fd v\u00e0 d\u00f2ng ch\u1ea3y kinh t\u1ebf duy tr\u00ec th\u00e0nh ph\u1ed1. C\u00e1c t\u00e0u ch\u1edf h\u00e0ng xu\u00f4i d\u00f2ng, x\u00e0 lan s\u00f4ng ng\u01b0\u1ee3c d\u00f2ng v\u00e0 ph\u00e0 \u0111i qua kh\u1eb3ng \u0111\u1ecbnh l\u1ea1i m\u1ed1i li\u00ean k\u1ebft c\u1ee7a Bremen v\u1edbi Bi\u1ec3n B\u1eafc v\u00e0 c\u00e1c tuy\u1ebfn \u0111\u01b0\u1eddng to\u00e0n c\u1ea7u.<\/p>\n<p>Kh\u00ed h\u1eadu \u1edf \u0111\u00e2y thu\u1ed9c lo\u1ea1i \u00f4n \u0111\u1edbi \u0111\u1ea1i d\u01b0\u01a1ng. H\u1ec7 th\u1ed1ng th\u1eddi ti\u1ebft \u0110\u1ea1i T\u00e2y D\u01b0\u01a1ng ti\u1ebfn tri\u1ec3n theo gi\u00f3 t\u00e2y, l\u00e0m d\u1ecbu m\u00f9a h\u00e8 v\u00e0 m\u00f9a \u0111\u00f4ng. Nhi\u1ec7t \u0111\u1ed9 c\u1ef1c \u0111oan v\u1eabn hi\u1ebfm; nhi\u1ec7t \u0111\u1ed9 cao \u0111\u01b0\u1ee3c ghi nh\u1eadn l\u00e0 37,6\u00b0C v\u00e0o ng\u00e0y 9 th\u00e1ng 8 n\u0103m 1992 v\u00e0 nhi\u1ec7t \u0111\u1ed9 th\u1ea5p l\u00e0 \u221223,6\u00b0C v\u00e0o ng\u00e0y 13 th\u00e1ng 2 n\u0103m 1940 n\u1eb1m \u1edf r\u00eca c\u1ee7a ph\u1ea1m vi c\u00e2n b\u1eb1ng n\u00e0y. \u1ea2nh h\u01b0\u1edfng h\u1ed7n h\u1ee3p c\u1ee7a kh\u00f4ng kh\u00ed l\u1ee5c \u0111\u1ecba v\u1eabn c\u00f3 th\u1ec3 g\u00e2y ra nh\u1eefng \u0111\u1ee3t n\u1eafng n\u00f3ng ho\u1eb7c s\u01b0\u01a1ng gi\u00e1 ng\u1eafn, nh\u01b0ng Bremen hi\u1ebfm khi ph\u1ea3i \u0111\u1ed1i m\u1eb7t v\u1edbi nhi\u1ec7t \u0111\u1ed9 c\u1ef1c \u0111oan k\u00e9o d\u00e0i.<\/p>\n<p>\u0110\u01b0\u1eddng n\u00e9t c\u1ee7a n\u1ec1n kinh t\u1ebf Bremen b\u1eaft ngu\u1ed3n t\u1eeb th\u1eddi h\u1eadu chi\u1ebfn, khi nh\u1eefng ng\u01b0\u1eddi lao \u0111\u1ed9ng nh\u1eadp c\u01b0 \u0111\u1ebfn gi\u1eefa th\u1eddi k\u1ef3 Wirtschaftswunder \u0111\u00e3 \u0111\u1ecbnh h\u00ecnh l\u1ea1i T\u00e2y \u0110\u1ee9c v\u00e0o gi\u1eefa th\u1ebf k\u1ef7. Ng\u01b0\u1eddi lao \u0111\u1ed9ng ch\u1ee7 y\u1ebfu t\u1ee5 h\u1ecdp t\u1eeb Th\u1ed5 Nh\u0129 K\u1ef3 v\u00e0 Nam \u00c2u; trong nh\u1eefng th\u1eadp k\u1ef7 sau \u0111\u00f3, nh\u1eefng ng\u01b0\u1eddi \u0111\u1ebfn t\u1eeb c\u00e1c qu\u1ed1c gia thu\u1ed9c Kh\u1ed1i \u0110\u00f4ng \u00c2u c\u0169 v\u00e0 t\u1eeb c\u00e1c khu v\u1ef1c kh\u1ee7ng ho\u1ea3ng nh\u01b0 Syria \u0111\u00e3 l\u00e0m thay \u0111\u1ed5i b\u1ee9c tranh nh\u00e2n kh\u1ea9u h\u1ecdc. Ng\u00e0y nay, Bremen l\u00e0 n\u01a1i \u0111\u1eb7t tr\u1ee5 s\u1edf c\u1ee7a c\u00e1c c\u00f4ng ty \u0111a qu\u1ed1c gia, t\u1eeb nh\u00e0 s\u1ea3n xu\u1ea5t s\u00f4 c\u00f4 la Hachez \u0111\u1ebfn c\u00e1c k\u1ef9 s\u01b0 chuy\u00ean ng\u00e0nh t\u1ea1i Vector Foiltec. C\u00e1c \u0111\u01a1n v\u1ecb Airbus l\u1eafp r\u00e1p c\u00e1c b\u1ed9 ph\u1eadn c\u00e1nh v\u00e0 h\u1ec7 th\u1ed1ng n\u00e2ng cao cho m\u00e1y bay ph\u1ea3n l\u1ef1c th\u00e2n r\u1ed9ng trong c\u00e1c nh\u00e0 m\u00e1y c\u1ee7a Bremen.<\/p>\n<p>C\u00e1c lu\u1ed3ng v\u0103n h\u00f3a \u1edf Bremen ph\u1ea3n \u00e1nh s\u1ef1 k\u1ebft h\u1ee3p gi\u1eefa di s\u1ea3n v\u00e0 s\u1ef1 th\u00edch nghi. C\u00e1c ph\u00f2ng tr\u01b0ng b\u00e0y v\u00e0 b\u1ea3o t\u00e0ng tr\u1ea3i d\u00e0i t\u1eeb t\u00e1c ph\u1ea9m \u0111i\u00eau kh\u1eafc l\u1ecbch s\u1eed \u0111\u1ebfn ngh\u1ec7 thu\u1eadt \u0111\u01b0\u01a1ng \u0111\u1ea1i. B\u1ea3o t\u00e0ng \u00dcbersee kh\u00e1m ph\u00e1 c\u00e1c n\u1ec1n v\u0103n h\u00f3a h\u1ea3i ngo\u1ea1i v\u00e0 l\u1ecbch s\u1eed t\u1ef1 nhi\u00ean; Weserburg ghi nh\u1eadn ngh\u1ec7 thu\u1eadt hi\u1ec7n \u0111\u1ea1i trong m\u1ed9t nh\u00e0 kho tr\u00ean \u0111\u1ea3o s\u00f4ng \u0111\u01b0\u1ee3c t\u00e1i s\u1eed d\u1ee5ng; Kunsthalle tr\u01b0ng b\u00e0y c\u00e1c b\u1ee9c tranh ch\u00e2u \u00c2u th\u1ebf k\u1ef7 XIX v\u00e0 XX. M\u1ed7i t\u1ed5 ch\u1ee9c \u0111\u1ec1u neo gi\u1eef m\u1ed9t c\u00e2u chuy\u1ec7n v\u1ec1 s\u1ef1 trao \u0111\u1ed5i v\u0103n h\u00f3a.<\/p>\n<p>Tr\u00ean Marktplatz, l\u00f5i Gothic c\u1ee7a Bremen v\u01b0\u01a1n l\u00ean b\u1eb1ng \u0111\u00e1. \u0110\u01b0\u1ee3c x\u00e2y d\u1ef1ng t\u1eeb n\u0103m 1405 \u0111\u1ebfn n\u0103m 1410, T\u00f2a th\u1ecb ch\u00ednh c\u00f3 m\u1eb7t ti\u1ec1n theo phong c\u00e1ch Ph\u1ee5c h\u01b0ng c\u00f3 ni\u00ean \u0111\u1ea1i t\u1eeb n\u0103m 1609\u201312. B\u00ean c\u1ea1nh l\u00e0 b\u1ee9c t\u01b0\u1ee3ng Roland n\u0103m 1404, bi\u1ec3u t\u01b0\u1ee3ng c\u1ee7a c\u00e1c \u0111\u1eb7c quy\u1ec1n c\u00f4ng d\u00e2n d\u01b0\u1edbi th\u1eddi \u0110\u1ebf ch\u1ebf La M\u00e3 Th\u1ea7n th\u00e1nh. G\u1ea7n \u0111\u00f3, m\u1ed9t nh\u00f3m b\u1eb1ng \u0111\u1ed3ng c\u1ee7a Gerhard Marcks g\u1ee3i nh\u1edb \u0111\u1ebfn c\u00e2u chuy\u1ec7n c\u1ee7a Anh em nh\u00e0 Grimm v\u1ec1 b\u1ed1n lo\u00e0i \u0111\u1ed9ng v\u1eadt t\u00ecm ki\u1ebfm n\u01a1i tr\u00fa \u1ea9n trong th\u00e0nh ph\u1ed1. Nh\u1eefng y\u1ebfu t\u1ed1 n\u00e0y t\u1ea1o n\u00ean m\u1ed9t di s\u1ea3n th\u1ebf gi\u1edbi \u0111\u01b0\u1ee3c UNESCO c\u00f4ng nh\u1eadn v\u1eabn \u0111ang \u0111\u01b0\u1ee3c s\u1eed d\u1ee5ng t\u00edch c\u1ef1c cho m\u1ee5c \u0111\u00edch l\u1eadp ph\u00e1p v\u00e0 du l\u1ecbch.<\/p>\n<p>\u0110i b\u1ed9 v\u1ec1 ph\u00eda \u0111\u00f4ng b\u1eafc t\u1eeb qu\u1ea3ng tr\u01b0\u1eddng, khu ph\u1ed1 Schnoor b\u1ea3o t\u1ed3n nh\u1eefng con \u0111\u01b0\u1eddng h\u1eb9p c\u1ee7a nh\u1eefng ng\u00f4i nh\u00e0 c\u1ee7a ng\u01b0 d\u00e2n th\u1ebf k\u1ef7 XVII. Ng\u00e0y nay, c\u00e1c qu\u00e1n c\u00e0 ph\u00ea, x\u01b0\u1edfng th\u1ee7 c\u00f4ng v\u00e0 ph\u00f2ng tr\u01b0ng b\u00e0y chi\u1ebfm gi\u1eef nh\u1eefng m\u1eb7t ti\u1ec1n \u0111\u00e3 c\u0169. Ngo\u00e0i Marktplatz v\u1ec1 ph\u00eda nam, B\u00f6ttcherstra\u00dfe tr\u1ea3i d\u00e0i l\u00e1t g\u1ea1ch gi\u1eefa c\u00e1c h\u1ecda ti\u1ebft Art Nouveau v\u00e0 Gothic. \u0110\u01b0\u1ee3c nh\u00e0 c\u00f4ng nghi\u1ec7p Ludwig Roselius \u1ee7y quy\u1ec1n x\u00e2y d\u1ef1ng v\u00e0o nh\u1eefng n\u0103m 1920, n\u01a1i \u0111\u00e2y l\u01b0u gi\u1eef nh\u1eefng h\u00ecnh th\u1ee9c ti\u00ean phong m\u00e0 sau n\u00e0y \u0110\u1ee9c Qu\u1ed1c x\u00e3 ph\u00e2n lo\u1ea1i l\u00e0 &#034;tho\u00e1i h\u00f3a&#034;. Chu\u00f4ng s\u1ee9 c\u1ee7a ph\u1ed1 v\u1eabn \u0111\u01b0\u1ee3c \u0111\u1eb7t trong Nh\u00e0 Glockenspiel.<\/p>\n<p>C\u00e1c di t\u00edch t\u00f4n gi\u00e1o th\u1ec3 hi\u1ec7n s\u1ef1 xu\u1ea5t hi\u1ec7n th\u1eddi trung c\u1ed5 c\u1ee7a Bremen. Nh\u00e0 th\u1edd St Peter, c\u00f3 ni\u00ean \u0111\u1ea1i t\u1eeb th\u1ebf k\u1ef7 th\u1ee9 m\u01b0\u1eddi ba, k\u1ebft h\u1ee3p c\u00e1c t\u00e1c ph\u1ea9m \u0111i\u00eau kh\u1eafc c\u1ee7a c\u00e1c t\u00f4ng \u0111\u1ed3 v\u00e0 c\u00e1c ho\u00e0ng \u0111\u1ebf \u0110\u1ee9c \u0111\u1ea7u ti\u00ean. Liebfrauenkirche, v\u1edbi c\u00e1c b\u1ee9c tranh t\u01b0\u1eddng h\u1ea7m m\u1ed9 th\u1ebf k\u1ef7 th\u1ee9 m\u01b0\u1eddi m\u1ed9t, l\u00e0 n\u01a1i th\u1edd c\u00fang l\u00e2u \u0111\u1eddi nh\u1ea5t c\u1ee7a th\u00e0nh ph\u1ed1. Tr\u00ean Katherinenklosterhof, d\u1ea5u t\u00edch c\u1ee7a Tu vi\u1ec7n St Catherine th\u1ebf k\u1ef7 th\u1ee9 m\u01b0\u1eddi ba v\u1eabn c\u00f2n t\u1ed3n t\u1ea1i, trong khi Birgittenkloster hi\u1ec7n \u0111\u1ea1i l\u00e0 n\u01a1i c\u00f3 m\u1ed9t c\u1ed9ng \u0111\u1ed3ng nh\u1ecf cung c\u1ea5p n\u01a1i \u1ea9n n\u00e1u t\u00e2m linh.<\/p>\n<p>B\u00ean kia Ph\u1ed1 c\u1ed5, khu Viertel ph\u1ea3n \u00e1nh s\u1ef1 m\u1edf r\u1ed9ng \u0111\u00f4 th\u1ecb v\u00e0o th\u1ebf k\u1ef7 19. Nh\u1eefng ng\u00f4i nh\u00e0 ph\u1ed1 v\u1edbi \u0111\u1ed3 trang tr\u00ed b\u1eb1ng v\u1eefa tr\u00e1t d\u1ecdc theo c\u00e1c \u0111\u1ea1i l\u1ed9 c\u00f3 r\u1ea1p h\u00e1t, qu\u00e1n c\u00e0 ph\u00ea \u0111\u1ed9c l\u1eadp v\u00e0 c\u00e1c c\u1eeda h\u00e0ng nh\u1ecf. Xe \u0111i\u1ec7n v\u00e0 xe bu\u00fdt BSAG ch\u1ea1y qua &#034;d\u1eb7m v\u0103n h\u00f3a&#034; n\u00e0y, n\u1ed1i khu ph\u1ed1 v\u1edbi c\u00e1c trung t\u00e2m l\u1ecbch s\u1eed v\u00e0 v\u00f9ng ngo\u1ea1i \u00f4 hi\u1ec7n \u0111\u1ea1i. B\u00ean kia S\u00f4ng Weser, Schlachte cung c\u1ea5p m\u1ed9t \u0111\u1ea1i l\u1ed9 c\u00f4ng c\u1ed9ng v\u1edbi c\u00e1c qu\u00e1n r\u01b0\u1ee3u ven s\u00f4ng v\u00e0 l\u1ed1i \u0111i d\u1ea1o, g\u1ee3i nh\u1edb \u0111\u1ebfn b\u1ebfn c\u1ea3ng th\u1eddi trung c\u1ed5 t\u1eebng \u0111\u1ecbnh h\u00ecnh b\u1ea3n s\u1eafc h\u00e0ng h\u1ea3i c\u1ee7a Bremen.<\/p>\n<p>Kh\u00f4ng gian xanh th\u1ea5m nhu\u1ea7n v\u00e0o l\u01b0\u1edbi \u0111\u00f4 th\u1ecb c\u1ee7a Bremen. C\u00f4ng vi\u00ean Knoops, m\u1ed9t trong nh\u1eefng c\u00f4ng vi\u00ean l\u1edbn nh\u1ea5t c\u1ee7a th\u00e0nh ph\u1ed1, cung c\u1ea5p \u0111\u1ed3ng c\u1ecf, r\u1eebng v\u00e0 m\u1ed9t ao trung t\u00e2m n\u01a1i du kh\u00e1ch thu\u00ea thuy\u1ec1n ch\u00e8o v\u00e0o nh\u1eefng th\u00e1ng \u1ea5m h\u01a1n. C\u00f4ng vi\u00ean Rhododendron l\u01b0u gi\u1eef b\u1ed9 s\u01b0u t\u1eadp l\u1edbn c\u00e1c lo\u00e0i \u0111\u1ed7 quy\u00ean v\u00e0 hoa \u0111\u1ed7 quy\u00ean, c\u00f9ng v\u1edbi Botanika, m\u1ed9t b\u1ea3o t\u00e0ng d\u00e0nh ri\u00eang cho s\u1ef1 \u0111a d\u1ea1ng sinh h\u1ecdc. Trung t\u00e2m Khoa h\u1ecdc Universum tr\u00ecnh b\u00e0y c\u00e1c cu\u1ed9c tri\u1ec3n l\u00e3m t\u01b0\u01a1ng t\u00e1c k\u1ebft n\u1ed1i khoa h\u1ecdc v\u00e0 s\u1ef1 tham gia c\u1ee7a c\u00f4ng ch\u00fang.<\/p>\n<p>C\u01a1 s\u1edf h\u1ea1 t\u1ea7ng c\u1ee7a Bremen t\u00edch h\u1ee3p c\u00e1c tuy\u1ebfn xe \u0111i\u1ec7n v\u00e0 m\u1ea1ng l\u01b0\u1edbi S-Bahn khu v\u1ef1c \u0111\u01b0\u1ee3c kh\u00e1nh th\u00e0nh v\u00e0o n\u0103m 2010. Bremen S-Bahn k\u1ebft n\u1ed1i nh\u00e0 ga trung t\u00e2m v\u1edbi c\u00e1c th\u00e0nh ph\u1ed1 xung quanh, bao g\u1ed3m Bremerhaven v\u00e0 Oldenburg, theo bi\u1ec3u gi\u00e1 th\u1ed1ng nh\u1ea5t c\u1ee7a Hi\u1ec7p h\u1ed9i V\u1eadn t\u1ea3i Bremen-Lower Saxony. S\u00e2n bay \u1edf Neustadt-Neuenland ghi nh\u1eadn l\u01b0\u1ee3ng h\u00e0nh kh\u00e1ch cao th\u1ee9 m\u01b0\u1eddi hai c\u1ee7a \u0110\u1ee9c, ph\u1ee5c v\u1ee5 c\u00e1c tuy\u1ebfn \u0111\u01b0\u1eddng tr\u00ean kh\u1eafp ch\u00e2u \u00c2u v\u00e0 xa h\u01a1n n\u1eefa.<\/p>\n<p>Cu\u1ed9c s\u1ed1ng th\u1ec3 thao xoay quanh SV Werder Bremen, n\u01a1i c\u00e1c tr\u1eadn \u0111\u1ea5u t\u1ea1i Weserstadion thu h\u00fat s\u1ef1 \u1ee7ng h\u1ed9 c\u1ee7a ng\u01b0\u1eddi d\u00e2n \u0111\u1ecba ph\u01b0\u01a1ng \u0111\u1ebfn b\u1edd s\u00f4ng. C\u00e1c c\u00e2u l\u1ea1c b\u1ed9 v\u00e0 gi\u1ea3i \u0111\u1ea5u nghi\u1ec7p d\u01b0 c\u1ee7ng c\u1ed1 n\u1ec1n v\u0103n h\u00f3a ho\u1ea1t \u0111\u1ed9ng gi\u1ea3i tr\u00ed m\u1ea1nh m\u1ebd, t\u1eeb ch\u00e8o thuy\u1ec1n \u0111\u1ebfn \u0111\u1ea1p xe d\u1ecdc theo c\u00e1c con \u0111\u01b0\u1eddng ven s\u00f4ng.<\/p>\n<p>Trong su\u1ed1t m\u00f4i tr\u01b0\u1eddng x\u00e2y d\u1ef1ng v\u00e0 t\u1ef1 nhi\u00ean c\u1ee7a m\u00ecnh, Bremen th\u1ec3 hi\u1ec7n s\u1ef1 li\u00ean t\u1ee5c gi\u1eefa s\u1ef1 thay \u0111\u1ed5i. Ph\u1ed1 c\u1ed5 th\u1eddi trung c\u1ed5 v\u1eabn t\u1ed3n t\u1ea1i \u1edf trung t\u00e2m, nh\u01b0ng th\u00e0nh ph\u1ed1 m\u1edf r\u1ed9ng sang c\u00e1c qu\u1eadn hi\u1ec7n \u0111\u1ea1i v\u00e0 c\u00e1c \u0111\u1ecba \u0111i\u1ec3m c\u00f4ng nghi\u1ec7p v\u1edbi s\u1ef1 g\u1eafn k\u1ebft ch\u1ee9c n\u0103ng li\u1ec1n m\u1ea1ch. C\u00e1c h\u1ed9i tr\u01b0\u1eddng l\u1ecbch s\u1eed c\u1ee7a h\u1ed9i n\u1eb1m c\u1ea1nh c\u00e1c x\u01b0\u1edfng h\u00e0ng kh\u00f4ng v\u0169 tr\u1ee5, v\u00e0 c\u00e1c b\u1ea3o t\u00e0ng trong c\u00e1c b\u1ebfn t\u00e0u \u0111\u01b0\u1ee3c t\u00e1i s\u1eed d\u1ee5ng n\u1eb1m c\u1ea1nh c\u00e1c nh\u00e0 th\u1edd di s\u1ea3n. B\u1ea3n s\u1eafc c\u1ee7a Bremen n\u1eb1m trong l\u1edbp ph\u1ee7 n\u0103ng su\u1ea5t n\u00e0y.<\/p>\n<p>Khi \u00e1nh s\u00e1ng ban ng\u00e0y y\u1ebfu d\u1ea7n, \u00e1nh s\u00e1ng m\u00e0u h\u1ed5 ph\u00e1ch ph\u00e1c h\u1ecda m\u1eb7t ti\u1ec1n c\u1ee7a T\u00f2a th\u1ecb ch\u00ednh. Nh\u1eefng h\u00ecnh \u1ea3nh ph\u1ea3n chi\u1ebfu c\u1ee7a d\u00f2ng s\u00f4ng l\u1ea5p l\u00e1nh b\u00ean d\u01b0\u1edbi nh\u1eefng m\u00e1i v\u00f2m Gothic c\u1ee7a nh\u00e0 th\u1edd. Trong c\u00e1c qu\u00e1n r\u01b0\u1ee3u g\u1ea7n Schlachte, c\u00e1c cu\u1ed9c tr\u00f2 chuy\u1ec7n xoay quanh c\u00e1c lo\u1ea1i bia \u0111\u1ecba ph\u01b0\u01a1ng v\u00e0 c\u00e1c ho\u1ea1t \u0111\u1ed9ng h\u00e0ng ng\u00e0y. Du kh\u00e1ch ch\u1ee9ng ki\u1ebfn \u200b\u200bm\u1ed9t th\u00e0nh ph\u1ed1 \u0111o l\u01b0\u1eddng s\u1ee9c s\u1ed1ng c\u1ee7a m\u00ecnh b\u1eb1ng h\u00e0ng t\u1ea5n h\u00e0ng h\u00f3a v\u00e0 tuy\u1ebfn \u0111\u01b0\u1eddng tr\u00ean b\u1ea3n \u0111\u1ed3 xe \u0111i\u1ec7n, nh\u01b0ng v\u01b0\u1ee3t qua \u0111\u1ecbnh l\u01b0\u1ee3ng trong nh\u1eefng kho\u1ea3nh kh\u1eafc kh\u00e1m ph\u00e1 y\u00ean t\u0129nh. C\u00e2u chuy\u1ec7n v\u1ec1 Bremen kh\u00f4ng \u0111\u01a1n l\u1ebb hay t\u0129nh t\u1ea1i. N\u00f3 m\u1edf ra trong m\u1ed7i t\u00e1c ph\u1ea9m \u0111i\u00eau kh\u1eafc b\u1eb1ng \u0111\u00e1, b\u1ebfn t\u00e0u nh\u00e0 m\u00e1y v\u00e0 ph\u00f2ng tr\u01b0ng b\u00e0y c\u1ee7a ngh\u1ec7 s\u0129, m\u1eddi g\u1ecdi s\u1ef1 quan s\u00e1t h\u01a1n l\u00e0 l\u1eddi tuy\u00ean b\u1ed1.<\/p>","protected":false},"excerpt":{"rendered":"<p>Bremen, v\u1edbi d\u00e2n s\u1ed1 kho\u1ea3ng 570.000 ng\u01b0\u1eddi, l\u00e0 th\u1ee7 ph\u1ee7 c\u1ee7a Th\u00e0nh ph\u1ed1 Bremen c\u1ee7a Li\u00ean minh Hanse T\u1ef1 do v\u00e0 l\u00e0 th\u00e0nh ph\u1ed1 l\u1edbn th\u1ee9 m\u01b0\u1eddi m\u1ed9t \u1edf \u0110\u1ee9c. Bremen, n\u1eb1m \u1edf ph\u00eda b\u1eafc c\u1ee7a qu\u1ed1c gia n\u00e0y, l\u00e0 th\u00e0nh ph\u1ed1 l\u1edbn th\u1ee9 hai \u1edf B\u1eafc \u0110\u1ee9c, sau Hamburg. Th\u00e0nh ph\u1ed1 n\u0103ng \u0111\u1ed9ng n\u00e0y, gi\u00e0u l\u1ecbch s\u1eed v\u00e0 tr\u00e0n ng\u1eadp ho\u1ea1t \u0111\u1ed9ng \u0111\u01b0\u01a1ng \u0111\u1ea1i, l\u00e0 s\u1ef1 k\u1ebft h\u1ee3p h\u1ea5p d\u1eabn gi\u1eefa di s\u1ea3n v\u0103n h\u00f3a, t\u1ea7m quan tr\u1ecdng v\u1ec1 kinh t\u1ebf v\u00e0 t\u00e1c \u0111\u1ed9ng c\u1ee7a bi\u1ec3n \u0111\u00e3 \u0111\u1ecbnh h\u00ecnh n\u00ean b\u1ea3n s\u1eafc c\u1ee7a th\u00e0nh ph\u1ed1 trong su\u1ed1t nhi\u1ec1u n\u0103m.<\/p>","protected":false},"author":1,"featured_media":2777,"parent":13736,"menu_order":0,"comment_status":"closed","ping_status":"closed","template":"elementor_theme","meta":{"_eb_attr":"","footnotes":""},"class_list":["post-13851","page","type-page","status-publish","has-post-thumbnail"],"_links":{"self":[{"href":"https:\/\/travelshelper.com\/vi\/wp-json\/wp\/v2\/pages\/13851","targetHints":{"allow":["GET"]}}],"collection":[{"href":"https:\/\/travelshelper.com\/vi\/wp-json\/wp\/v2\/pages"}],"about":[{"href":"https:\/\/travelshelper.com\/vi\/wp-json\/wp\/v2\/types\/page"}],"author":[{"embeddable":true,"href":"https:\/\/travelshelper.com\/vi\/wp-json\/wp\/v2\/users\/1"}],"replies":[{"embeddable":true,"href":"https:\/\/travelshelper.com\/vi\/wp-json\/wp\/v2\/comments?post=13851"}],"version-history":[{"count":0,"href":"https:\/\/travelshelper.com\/vi\/wp-json\/wp\/v2\/pages\/13851\/revisions"}],"up":[{"embeddable":true,"href":"https:\/\/travelshelper.com\/vi\/wp-json\/wp\/v2\/pages\/13736"}],"wp:featuredmedia":[{"embeddable":true,"href":"https:\/\/travelshelper.com\/vi\/wp-json\/wp\/v2\/media\/2777"}],"wp:attachment":[{"href":"https:\/\/travelshelper.com\/vi\/wp-json\/wp\/v2\/media?parent=13851"}],"curies":[{"name":"wp","href":"https:\/\/api.w.org\/{rel}","templated":true}]}}