{"id":13800,"date":"2024-09-18T11:15:24","date_gmt":"2024-09-18T11:15:24","guid":{"rendered":"https:\/\/travelshelper.com\/staging\/?page_id=13800"},"modified":"2026-03-12T00:13:48","modified_gmt":"2026-03-12T00:13:48","slug":"aachen","status":"publish","type":"page","link":"https:\/\/travelshelper.com\/vi\/destinations\/europe\/germany\/aachen\/","title":{"rendered":"Aachen"},"content":{"rendered":"<p>Aachen chi\u1ebfm m\u1ed9t v\u1ecb tr\u00ed \u0111\u1eb7c bi\u1ec7t \u1edf r\u00eca c\u1ef1c t\u00e2y c\u1ee7a n\u01b0\u1edbc \u0110\u1ee9c, nh\u1eefng con ph\u1ed1 v\u00e0 t\u00f2a nh\u00e0 c\u1ee7a th\u00e0nh ph\u1ed1 n\u00e0y ph\u00e1c h\u1ecda \u0111\u01b0\u1eddng n\u00e9t c\u1ee7a m\u1ed9t l\u1ecbch s\u1eed k\u00e9o d\u00e0i h\u01a1n hai thi\u00ean ni\u00ean k\u1ef7. L\u00e0 n\u01a1i sinh s\u1ed1ng c\u1ee7a kho\u1ea3ng 261.000 c\u01b0 d\u00e2n, th\u00e0nh ph\u1ed1 tr\u1ea3i d\u00e0i tr\u00ean \u0111\u1ecba h\u00ecnh tr\u1ea3i d\u00e0i kho\u1ea3ng 21,6 km t\u1eeb b\u1eafc xu\u1ed1ng nam v\u00e0 17,2 km t\u1eeb \u0111\u00f4ng sang t\u00e2y. N\u1eb1m \u1edf ch\u00e2n \u0111\u1ed3i ph\u00eda b\u1eafc c\u1ee7a High Fens v\u00e0 v\u00f9ng cao Eifel, th\u00e0nh ph\u1ed1 n\u00e0y n\u1eb1m \u1edf n\u01a1i S\u00f4ng Wurm, m\u1ed9t nh\u00e1nh c\u1ee7a Rur v\u00e0 cu\u1ed1i c\u00f9ng l\u00e0 c\u1ee7a Meuse, d\u1eabn d\u00f2ng n\u01b0\u1edbc c\u1ee7a khu v\u1ef1c n\u00e0y v\u00e0o V\u00f9ng \u0111\u1ed3ng b\u1eb1ng ch\u00e2u \u00c2u Meuse-Rhine l\u1edbn h\u01a1n. B\u1ec9 gi\u00e1p bi\u00ean gi\u1edbi ph\u00eda t\u00e2y nam c\u1ee7a th\u00e0nh ph\u1ed1 d\u00e0i 23,8 km, trong khi H\u00e0 Lan gi\u00e1p ranh gi\u1edbi ph\u00eda t\u00e2y b\u1eafc c\u1ee7a th\u00e0nh ph\u1ed1 d\u00e0i h\u01a1n 21,8 km, t\u1ea1o n\u00ean b\u1ea3n s\u1eafc ba qu\u1ed1c gia \u0111\u00e3 \u0111\u1ecbnh h\u00ecnh n\u00ean n\u1ec1n kinh t\u1ebf, v\u0103n h\u00f3a v\u00e0 \u00fd th\u1ee9c v\u1ec1 \u0111\u1ecba \u0111i\u1ec3m c\u1ee7a Aachen.<\/p>\n<p>Khu \u0111\u1ecbnh c\u01b0 s\u1edbm nh\u1ea5t \u0111\u01b0\u1ee3c bi\u1ebft \u0111\u1ebfn t\u1ea1i Aquae Granni\u2014\u201cd\u00f2ng n\u01b0\u1edbc c\u1ee7a Grannus\u201d\u2014c\u00f3 ngu\u1ed3n g\u1ed1c t\u1eeb nh\u1eefng ng\u01b0\u1eddi Celt, nh\u1eefng ng\u01b0\u1eddi \u0111\u1ea7u ti\u00ean nh\u1eadn ra \u0111\u1eb7c t\u00ednh ch\u1eefa b\u1ec7nh c\u1ee7a su\u1ed1i n\u01b0\u1edbc n\u00f3ng. D\u01b0\u1edbi s\u1ef1 cai tr\u1ecb c\u1ee7a ng\u01b0\u1eddi La M\u00e3, nh\u1eefng su\u1ed1i n\u01b0\u1edbc n\u00f3ng n\u00e0y \u0111\u00e3 tr\u1edf th\u00e0nh t\u00e2m \u0111i\u1ec3m c\u1ee7a m\u1ed9t s\u1ed1 thermae \u0111\u01b0\u1ee3c x\u00e2y d\u1ef1ng v\u00e0o th\u1ebf k\u1ef7 th\u1ee9 nh\u1ea5t, thu h\u00fat du kh\u00e1ch t\u1eeb kh\u1eafp t\u1ec9nh. Sau khi c\u00e1c \u0111\u01a1n v\u1ecb \u0111\u1ed3n tr\u00fa c\u1ee7a \u0111\u1ebf qu\u1ed1c r\u00fat lui v\u00e0o th\u1ebf k\u1ef7 th\u1ee9 n\u0103m, vicus \u0111\u00e3 mang b\u1ea3n s\u1eafc c\u1ee7a ng\u01b0\u1eddi Frank, v\u00e0 d\u01b0\u1edbi s\u1ef1 b\u1ea3o tr\u1ee3 c\u1ee7a Merovingian v\u00e0 sau \u0111\u00f3 l\u00e0 Carolingian, s\u1ef1 n\u1ed5i b\u1eadt c\u1ee7a Aachen th\u1ef1c s\u1ef1 n\u1ed5i l\u00ean. V\u00e0o cu\u1ed1i th\u1ebf k\u1ef7 th\u1ee9 t\u00e1m, Charlemagne \u0111\u00e3 ch\u1ecdn \u0111\u1ecba \u0111i\u1ec3m n\u00e0y cho cung \u0111i\u1ec7n ch\u00ednh c\u1ee7a m\u00ecnh, ho\u00e0n th\u00e0nh ph\u1ea7n l\u00f5i c\u1ee7a nh\u1eefng g\u00ec s\u1ebd tr\u1edf th\u00e0nh Nh\u00e0 nguy\u1ec7n Palatine v\u00e0o kho\u1ea3ng n\u0103m 800 sau C\u00f4ng nguy\u00ean. C\u1ea5u tr\u00fac \u0111\u00f3, hi\u1ec7n l\u00e0 tr\u00e1i tim c\u1ee7a Nh\u00e0 th\u1edd l\u1edbn, mang \u0111\u1ebfn cho Aachen bi\u1ec7t danh l\u00e2u d\u00e0i l\u00e0 \u201cc\u00e1i n\u00f4i c\u1ee7a ch\u00e2u \u00c2u\u201d, ph\u1ea3n \u00e1nh vai tr\u00f2 quan tr\u1ecdng c\u1ee7a n\u00f3 nh\u01b0 l\u00e0 tr\u1ee5 s\u1edf c\u1ee7a \u0110\u1ebf ch\u1ebf Frank.<\/p>\n<p>Trong su\u1ed1t th\u1eddi k\u1ef3 trung c\u1ed5, Aachen v\u1eabn gi\u1eef \u0111\u01b0\u1ee3c c\u00e1c m\u1ed1i quan h\u1ec7 v\u01b0\u01a1ng gi\u1ea3 c\u1ee7a m\u00ecnh. Hi\u1ec7p \u01b0\u1edbc Verdun n\u0103m 843 \u0111\u00e3 \u0111\u01b0a th\u00e0nh ph\u1ed1 v\u00e0o Trung Francia, v\u00e0 theo Hi\u1ec7p \u01b0\u1edbc Meerssen n\u0103m 870, th\u00e0nh ph\u1ed1 n\u00e0y thu\u1ed9c \u0110\u00f4ng Francia. N\u0103m 1166, Ho\u00e0ng \u0111\u1ebf Frederick Barbarossa \u0111\u00e3 trao cho Aachen c\u00e1c quy\u1ec1n th\u00e0nh ph\u1ed1 ch\u00ednh th\u1ee9c, n\u00e2ng th\u00e0nh ph\u1ed1 n\u00e0y l\u00ean th\u00e0nh m\u1ed9t Th\u00e0nh ph\u1ed1 T\u1ef1 do \u0110\u1ebf ch\u1ebf trong \u0110\u1ebf ch\u1ebf La M\u00e3 Th\u1ea7n th\u00e1nh. T\u1eeb n\u0103m 936 \u0111\u1ebfn n\u0103m 1531, m\u1ed7i l\u1ec5 \u0111\u0103ng quang c\u1ee7a c\u00e1c v\u1ecb vua \u0110\u1ee9c v\u00e0 Ho\u00e0ng \u0111\u1ebf La M\u00e3 Th\u1ea7n th\u00e1nh\u2014t\u1ed5ng c\u1ed9ng l\u00e0 ba m\u01b0\u01a1i m\u1ed1t\u2014\u0111\u1ec1u \u0111\u01b0\u1ee3c long tr\u1ecdng t\u1ed5 ch\u1ee9c t\u1ea1i \u0111\u00e2y, b\u00ean d\u01b0\u1edbi nh\u1eefng b\u1ee9c tranh kh\u1ea3m v\u00e0ng v\u00e0 tr\u1ea7n v\u00f2m c\u1ee7a Nh\u00e0 th\u1edd l\u1edbn. Ch\u1ec9 khi Frankfurt am Main n\u1ed5i l\u00ean th\u00ec Aachen m\u1edbi nh\u01b0\u1eddng l\u1ea1i ch\u1ee9c n\u0103ng nghi l\u1ec5 c\u1ee7a m\u00ecnh cho ng\u01b0\u1eddi h\u00e0ng x\u00f3m ph\u00eda \u0111\u00f4ng.<\/p>\n<p>Trong nh\u1eefng th\u1ebf k\u1ef7 sau \u0111\u00f3, n\u1ec1n kinh t\u1ebf c\u1ee7a Aachen \u0111\u00e3 th\u00edch nghi v\u1edbi nh\u1eefng d\u00f2ng ch\u1ea3y thay \u0111\u1ed5i c\u1ee7a th\u01b0\u01a1ng m\u1ea1i v\u00e0 c\u00f4ng nghi\u1ec7p. C\u00e1c m\u1ecf than \u1edf ph\u00eda \u0111\u00f4ng b\u1eafc \u0111\u00e3 thu h\u00fat c\u00e1c v\u0103n ph\u00f2ng h\u00e0nh ch\u00ednh \u0111\u1ebfn th\u00e0nh ph\u1ed1, trong khi ng\u00e0nh s\u1ea3n xu\u1ea5t c\u1ee7a th\u00e0nh ph\u1ed1 \u0111a d\u1ea1ng h\u00f3a th\u00e0nh h\u00e0ng \u0111i\u1ec7n, h\u00e0ng d\u1ec7t len \u200b\u200bm\u1ecbn, \u0111\u1ed3 th\u1ee7y tinh, s\u00f4 c\u00f4 la v\u00e0 b\u00e1nh k\u1eb9o, m\u00e1y m\u00f3c, s\u1ea3n ph\u1ea9m cao su, \u0111\u1ed3 n\u1ed9i th\u1ea5t, \u0111\u1ed3 kim lo\u1ea1i v\u00e0 m\u1ed9t lo\u1ea1t c\u00e1c m\u1eb7t h\u00e0ng h\u00f3a ch\u1ea5t v\u00e0 nh\u1ef1a. \u0110\u1ebfn \u0111\u1ea7u th\u1ebf k\u1ef7 XXI, th\u1ee7y tinh v\u00e0 h\u00e0ng d\u1ec7t may ch\u1ec9 chi\u1ebfm m\u1ed9t ph\u1ea7n m\u01b0\u1eddi vi\u1ec7c l\u00e0m trong nh\u00e0 m\u00e1y, m\u1ed9t minh ch\u1ee9ng cho s\u1ef1 chuy\u1ec3n d\u1ecbch c\u1ee7a th\u00e0nh ph\u1ed1 sang c\u00e1c s\u1ea3n ph\u1ea9m c\u00f4ng ngh\u1ec7 cao t\u1eeb tr\u01b0\u1eddng \u0111\u1ea1i h\u1ecdc g\u1ea7n \u0111\u00f3.<\/p>\n<p>T\u1ed5 ch\u1ee9c \u0111\u00f3, Rheinisch-Westf\u00e4lisch Technische Hochschule Aachen, hay \u0110\u1ea1i h\u1ecdc RWTH Aachen, \u0111\u00e3 ph\u00e1t tri\u1ec3n th\u00e0nh m\u1ed9t trong nh\u1eefng trung t\u00e2m k\u1ef9 thu\u1eadt v\u00e0 khoa h\u1ecdc \u1ee9ng d\u1ee5ng h\u00e0ng \u0111\u1ea7u c\u1ee7a \u0110\u1ee9c. B\u1ec7nh vi\u1ec7n \u0111\u1ea1i h\u1ecdc c\u1ee7a tr\u01b0\u1eddng, Uniklinikum Aachen, gi\u1eef danh hi\u1ec7u l\u00e0 b\u1ec7nh vi\u1ec7n m\u1ed9t t\u00f2a nh\u00e0 l\u1edbn nh\u1ea5t ch\u00e2u \u00c2u. V\u1edbi s\u1ed1 l\u01b0\u1ee3ng sinh vi\u00ean v\u01b0\u1ee3t qu\u00e1 40.000\u2014h\u01a1n m\u1ed9t ph\u1ea7n t\u01b0 c\u01b0 d\u00e2n th\u00e0nh ph\u1ed1\u2014tr\u01b0\u1eddng \u0111\u1ea1i h\u1ecdc n\u00e0y mang \u0111\u1ebfn s\u1ef1 hi\u1ec7n di\u1ec7n tr\u1ebb trung r\u00f5 r\u1ec7t cho c\u00e1c khu ph\u1ed1 l\u1ecbch s\u1eed c\u1ee7a Aachen, \u0111\u1ed3ng th\u1eddi th\u00fac \u0111\u1ea9y nghi\u00ean c\u1ee9u v\u00e0 \u0111\u1ed5i m\u1edbi. N\u0103m 2009, Aachen \u0111\u1ee9ng th\u1ee9 t\u00e1m trong s\u1ed1 c\u00e1c th\u00e0nh ph\u1ed1 c\u1ee7a \u0110\u1ee9c v\u1ec1 \u0111\u1ed5i m\u1edbi, nh\u1ea5n m\u1ea1nh cam k\u1ebft li\u00ean t\u1ee5c c\u1ee7a tr\u01b0\u1eddng \u0111\u1ed1i v\u1edbi s\u1ef1 ti\u1ebfn b\u1ed9 trong c\u00f4ng ngh\u1ec7 th\u00f4ng tin, k\u1ef9 thu\u1eadt v\u00e0 khoa h\u1ecdc.<\/p>\n<p>Kh\u00ed h\u1eadu c\u1ee7a Aachen ph\u1ea3n \u00e1nh c\u1ea3 \u0111\u1ed9 cao c\u1ee7a n\u00f3 \u1edf r\u00eca Eifel v\u00e0 v\u0129 \u0111\u1ed9 c\u1ee7a n\u00f3 trong m\u1ed9t v\u00f9ng l\u1ee5c \u0111\u1ecba \u00f4n \u0111\u1edbi. \u0110\u01b0\u1ee3c ph\u00e2n lo\u1ea1i l\u00e0 Cfb, th\u00e0nh ph\u1ed1 n\u00e0y c\u00f3 \u0111i\u1ec1u ki\u1ec7n \u1ea9m \u01b0\u1edbt, m\u00f9a \u0111\u00f4ng \u00f4n h\u00f2a v\u00e0 m\u00f9a h\u00e8 \u1ea5m \u00e1p. L\u01b0\u1ee3ng m\u01b0a h\u00e0ng n\u0103m trung b\u00ecnh l\u00e0 805 mm, cao h\u01a1n 669 mm \u0111\u01b0\u1ee3c ghi nh\u1eadn \u1edf Bonn g\u1ea7n \u0111\u00f3, h\u1eadu qu\u1ea3 c\u1ee7a gi\u00f3 t\u00e2y mang theo h\u01a1i \u1ea9m tr\u00ean v\u00f9ng cao nguy\u00ean. Gi\u00f3 foehn tr\u00ean c\u00e1c d\u00f2ng h\u1ea3i l\u01b0u ph\u00eda nam c\u00f3 th\u1ec3 khi\u1ebfn nhi\u1ec7t \u0111\u1ed9 t\u0103ng \u0111\u1ed9t ng\u1ed9t, trong khi nh\u1eefng ng\u1ecdn \u0111\u1ed3i xung quanh th\u00e0nh ph\u1ed1 th\u1ec9nh tho\u1ea3ng gi\u1eef l\u1ea1i kh\u00f4ng kh\u00ed l\u1ea1nh h\u01a1n, d\u1eabn \u0111\u1ebfn s\u01b0\u01a1ng m\u00f9 li\u00ean quan \u0111\u1ebfn \u0111\u1ea3o nhi\u1ec7t. C\u00e1c nh\u00e0 quy ho\u1ea1ch \u0111\u00f4 th\u1ecb \u0111\u00e3 b\u1ea3o t\u1ed3n nhi\u1ec1u h\u00e0nh lang kh\u00f4ng kh\u00ed l\u1ea1nh \u0111\u1ec3 t\u1ea1o \u0111i\u1ec1u ki\u1ec7n cho lu\u1ed3ng kh\u00f4ng kh\u00ed v\u00e0 gi\u1ea3m thi\u1ec3u hi\u1ec7u \u1ee9ng \u0111\u1ea3o nhi\u1ec7t \u1edf c\u00e1c khu v\u1ef1c x\u00e2y d\u1ef1ng.<\/p>\n<p>B\u1ee9c tranh ng\u00f4n ng\u1eef c\u1ee7a Aachen c\u0169ng phong ph\u00fa kh\u00f4ng k\u00e9m. C\u01b0 d\u00e2n n\u00f3i chuy\u1ec7n b\u1eb1ng m\u1ed9t bi\u1ebfn th\u1ec3 Ripuarian c\u1ee7a Central Franconian, gi\u1ecdng n\u00f3i c\u1ee7a h\u1ecd pha tr\u1ed9n v\u1edbi c\u00e1c bi\u1ebfn t\u1ed1 Limburg t\u1eeb b\u00ean kia bi\u00ean gi\u1edbi H\u00e0 Lan. M\u1ed7i m\u00f9a \u0111\u00f4ng, th\u00e0nh ph\u1ed1 n\u00e0y c\u00f9ng v\u1edbi Cologne v\u00e0 Mainz tr\u1edf th\u00e0nh m\u1ed9t trong nh\u1eefng trung t\u00e2m ch\u00ednh c\u1ee7a l\u1ec5 h\u1ed9i h\u00f3a trang Rhineland, khi \u0111\u01b0\u1eddng ph\u1ed1 v\u00e0 qu\u1ea3ng tr\u01b0\u1eddng tr\u00e0n ng\u1eadp nh\u1eefng ng\u01b0\u1eddi h\u00f3a trang, ban nh\u1ea1c \u0111\u1ed3ng v\u00e0 ti\u1ebfng reo h\u00f2 vang d\u1ed9i c\u1ee7a truy\u1ec1n th\u1ed1ng \u0111\u1ecba ph\u01b0\u01a1ng. \u1ede nh\u1eefng n\u01a1i kh\u00e1c, Aachener Printen\u2014m\u1ed9t lo\u1ea1i b\u00e1nh g\u1eebng m\u1ea1nh m\u1ebd l\u00e0m t\u1eeb m\u1eadt ong, gia v\u1ecb v\u00e0 \u0111\u00f4i khi l\u00e0 c\u00e1c lo\u1ea1i h\u1ea1t ho\u1eb7c s\u00f4 c\u00f4 la\u2014v\u1eabn l\u00e0 m\u1ed9t d\u1ea5u \u1ea5n \u1ea9m th\u1ef1c, c\u00f4ng th\u1ee9c c\u1ee7a n\u00f3 \u0111\u01b0\u1ee3c truy\u1ec1n qua nhi\u1ec1u th\u1ebf h\u1ec7 th\u1ee3 l\u00e0m b\u00e1nh \u0111\u1ecba ph\u01b0\u01a1ng.<\/p>\n<p>M\u1ea1ng l\u01b0\u1edbi giao th\u00f4ng t\u1eeb l\u00e2u \u0111\u00e3 h\u1ed7 tr\u1ee3 c\u00e1c k\u1ebft n\u1ed1i xuy\u00ean bi\u00ean gi\u1edbi c\u1ee7a Aachen. Hauptbahnhof ban \u0111\u1ea7u, \u0111\u01b0\u1ee3c kh\u00e1nh th\u00e0nh v\u00e0o n\u0103m 1841 cho tuy\u1ebfn Cologne\u2013Aachen, \u0111\u00e3 chuy\u1ec3n \u0111\u1ebfn g\u1ea7n trung t\u00e2m th\u00e0nh ph\u1ed1 h\u01a1n v\u00e0o n\u0103m 1905. Ng\u00e0y nay, c\u00e1c chuy\u1ebfn t\u00e0u ICE li\u00ean th\u00e0nh ph\u1ed1 n\u1ed1i Aachen v\u1edbi Brussels, Cologne v\u00e0 Frankfurt, trong khi c\u00e1c d\u1ecbch v\u1ee5 Eurostar t\u1eeb Paris d\u1eebng l\u1ea1i tr\u00ean \u0111\u01b0\u1eddng \u0111\u1ebfn \u0110\u1ee9c. C\u00e1c tuy\u1ebfn RE v\u00e0 RB khu v\u1ef1c k\u1ebft n\u1ed1i v\u1edbi Ruhrgebiet, M\u00f6nchengladbach, Spa \u1edf B\u1ec9, D\u00fcsseldorf v\u00e0 Siegerland. Euregiobahn ch\u1ea1y qua c\u00e1c th\u1ecb tr\u1ea5n l\u00e2n c\u1eadn v\u00e0 b\u1ed1n nh\u00e0 ga nh\u1ecf h\u01a1n\u2014Aachen West, Aachen Schanz, Aachen-Rothe Erde v\u00e0 Eilendorf\u2014cung c\u1ea5p c\u00e1c \u0111i\u1ec3m d\u1eebng c\u1ee5c b\u1ed9, v\u1edbi Aachen West \u0111\u01b0\u1ee3c s\u1eed d\u1ee5ng nhi\u1ec1u h\u01a1n k\u1ec3 t\u1eeb khi RWTH m\u1edf r\u1ed9ng.<\/p>\n<p>S\u1ef1 ph\u00e1t tri\u1ec3n c\u1ee7a ph\u01b0\u01a1ng ti\u1ec7n giao th\u00f4ng c\u00f4ng c\u1ed9ng \u0111\u00e3 t\u1ea1o n\u00ean m\u1ed9t v\u00f2ng cung t\u1eeb xe \u0111i\u1ec7n do ng\u1ef1a k\u00e9o n\u0103m 1880 \u0111\u1ebfn \u0111i\u1ec7n kh\u00ed h\u00f3a v\u00e0o n\u0103m 1895, khi \u0111\u00f3 m\u1ea1ng l\u01b0\u1edbi c\u1ee7a Aachen \u0111\u00e3 m\u1edf r\u1ed9ng h\u01a1n 213 km, gi\u00fap n\u01a1i n\u00e0y tr\u1edf th\u00e0nh h\u1ec7 th\u1ed1ng xe \u0111i\u1ec7n d\u00e0i th\u1ee9 t\u01b0 c\u1ee7a \u0110\u1ee9c. C\u00e1c tuy\u1ebfn xuy\u00ean bi\u00ean gi\u1edbi \u0111\u00e3 t\u1eebng ch\u1edf h\u00e0nh kh\u00e1ch \u0111\u1ebfn Herzogenrath, Stolberg, Alsdorf, Vaals, Kelmis v\u00e0 Eupen. C\u00e1c quy\u1ebft \u0111\u1ecbnh ch\u00ednh tr\u1ecb v\u00e0 s\u1ef1 xu\u1ed1ng c\u1ea5p c\u1ee7a c\u01a1 s\u1edf h\u1ea1 t\u1ea7ng \u0111\u00e3 d\u1eabn \u0111\u1ebfn vi\u1ec7c ng\u1eebng ho\u1ea1t \u0111\u1ed9ng c\u1ee7a xe \u0111i\u1ec7n cu\u1ed1i c\u00f9ng v\u00e0o n\u0103m 1974, m\u1edf \u0111\u01b0\u1eddng cho m\u1ea1ng l\u01b0\u1edbi xe bu\u00fdt c\u1ee7a ASEAG. Ng\u00e0y nay, 68 tuy\u1ebfn \u0111\u01b0\u1eddng bao ph\u1ee7 1.240,8 km, v\u01b0\u01a1n t\u1edbi B\u1ec9 v\u00e0 H\u00e0 Lan tr\u00ean c\u00e1c tuy\u1ebfn do Transport en Commun v\u00e0 Veolia Nederland c\u00f9ng khai th\u00e1c. ASEAG tham gia v\u00e0o hi\u1ec7p h\u1ed9i thu\u1ebf quan Aachener Verkehrsverbund, \u0111i\u1ec1u ph\u1ed1i gi\u00e1 v\u00e9 v\u1edbi c\u00e1c h\u00e3ng v\u1eadn t\u1ea3i t\u01b0 nh\u00e2n v\u00e0 DB Regio Bus. Xe kh\u00e1ch li\u00ean t\u1ec9nh kh\u1edfi h\u00e0nh t\u1eeb hai trung t\u00e2m: Aachen West v\u00e0 Wilmersdorfer Stra\u00dfe.<\/p>\n<p>Tuy\u1ebfn \u0111\u01b0\u1eddng \u00f4 t\u00f4 k\u1ebft n\u1ed1i Aachen qua ba xa l\u1ed9: tr\u1ee5c \u0111\u00f4ng-t\u00e2y A4, h\u00e0nh lang b\u1eafc-nam A44 v\u00e0 nh\u00e1nh A544 \u0111\u1ed5 v\u00e0o Europaplatz. Ch\u00ednh quy\u1ec1n th\u00e0nh ph\u1ed1 ti\u1ebfp t\u1ee5c thi\u1ebft k\u1ebf c\u00e1c c\u1ea3i ti\u1ebfn \u0111\u1ec3 gi\u1ea3m b\u1edbt t\u00ecnh tr\u1ea1ng t\u1eafc ngh\u1ebdn t\u1ea1i n\u00fat giao th\u00f4ng \u0111\u01b0\u1eddng b\u1ed9. H\u00e0nh kh\u00e1ch \u0111i m\u00e1y bay s\u1eed d\u1ee5ng S\u00e2n bay Maastricht Aachen, c\u00e1ch trung t\u00e2m th\u00e0nh ph\u1ed1 m\u01b0\u1eddi l\u0103m h\u1ea3i l\u00fd v\u1ec1 ph\u00eda t\u00e2y b\u1eafc, v\u1edbi d\u1ecbch v\u1ee5 \u0111\u01b0a \u0111\u00f3n \u0111\u1ea3m b\u1ea3o qu\u00e1 tr\u00ecnh trung chuy\u1ec3n li\u1ec1n m\u1ea1ch. G\u1ea7n \u0111\u00f3, s\u00e2n bay qu\u00e2n s\u1ef1 c\u0169 t\u1ea1i Merzbr\u00fcck ph\u1ee5c v\u1ee5 cho ho\u1ea1t \u0111\u1ed9ng h\u00e0ng kh\u00f4ng gi\u1ea3i tr\u00ed.<\/p>\n<p>Di s\u1ea3n x\u00e2y d\u1ef1ng v\u00e0 c\u00e1c \u0111i\u1ec3m tham quan v\u0103n h\u00f3a c\u1ee7a Aachen ch\u1ee9ng th\u1ef1c cho b\u1ea3n s\u1eafc \u0111a d\u1ea1ng c\u1ee7a n\u01a1i n\u00e0y. Nh\u00e0 th\u1edd, \u0111\u01b0\u1ee3c UNESCO c\u00f4ng nh\u1eadn l\u00e0 Di s\u1ea3n Th\u1ebf gi\u1edbi v\u00e0o n\u0103m 1978, l\u00e0 s\u1ef1 giao thoa gi\u1eefa c\u1ed1t l\u00f5i Carolingian v\u00e0 d\u00e0n h\u1ee3p x\u01b0\u1edbng Gothic, nh\u1eefng b\u1ee9c tranh kh\u1ea3m v\u00e0ng v\u00e0 c\u1eeda s\u1ed5 k\u00ednh m\u00e0u g\u1ee3i l\u00ean nhi\u1ec1u th\u1ebf k\u1ef7 n\u1ed7 l\u1ef1c ngh\u1ec7 thu\u1eadt. C\u00e1c chuy\u1ebfn tham quan Nh\u00e0 th\u1edd v\u00e0 Kho b\u1ea1c c\u1ee7a n\u00f3 cho th\u1ea5y c\u00e1c hi\u1ec7n v\u1eadt t\u1eeb th\u1eddi k\u1ef3 C\u1ed5 \u0111\u1ea1i, Carolingian, Ottonian v\u00e0 Staufian, bao g\u1ed3m Th\u00e1nh gi\u00e1 Lothair v\u00e0 T\u01b0\u1ee3ng b\u00e1n th\u00e2n Charlemagne. Ph\u00ed v\u00e0 l\u1ecbch tr\u00ecnh thay \u0111\u1ed5i theo m\u00f9a, v\u1edbi c\u00e1c chuy\u1ebfn tham quan c\u00f3 h\u01b0\u1edbng d\u1eabn b\u1eb1ng ti\u1ebfng Anh. Ngay b\u00ean c\u1ea1nh l\u00e0 Rathaus, t\u00f2a th\u1ecb ch\u00ednh th\u1eddi trung c\u1ed5 v\u1eabn l\u00e0 n\u01a1i \u0111\u1eb7t v\u0103n ph\u00f2ng c\u1ee7a th\u1ecb tr\u01b0\u1edfng.<\/p>\n<p>Trong khu ph\u1ed1 c\u1ed5, \u0110\u00e0i phun n\u01b0\u1edbc Elisa, \u0111\u01b0\u1ee3c x\u00e2y d\u1ef1ng v\u00e0o n\u0103m 1827 tr\u00ean \u0111\u1ec9nh su\u1ed1i n\u01b0\u1edbc n\u00f3ng, l\u00e0 hi\u1ec7n th\u00e2n c\u1ee7a di s\u1ea3n spa l\u00e2u \u0111\u1eddi c\u1ee7a Aachen. B\u1ea3o t\u00e0ng Couven, m\u1ed9t ng\u00f4i nh\u00e0 c\u1ee7a th\u01b0\u01a1ng gia th\u1ebf k\u1ef7 XVIII, tr\u01b0ng b\u00e0y \u0111\u1ed3 n\u1ed9i th\u1ea5t v\u00e0 \u0111\u1ed3 gia d\u1ee5ng th\u1eddi k\u1ef3 \u0111\u00f3, trong khi Grashaus\u2014tr\u01b0\u1edbc \u0111\u00e2y l\u00e0 t\u00f2a th\u1ecb ch\u00ednh ban \u0111\u1ea7u\u2014c\u00f3 ni\u00ean \u0111\u1ea1i t\u1eeb n\u0103m 1267. Haus L\u00f6wenstein, Ponttor v\u00e0 Marschiertor mang \u0111\u1ebfn c\u00e1i nh\u00ecn tho\u00e1ng qua v\u1ec1 ki\u1ebfn \u200b\u200btr\u00fac c\u00f4ng c\u1ed9ng th\u1ebf k\u1ef7 XIV v\u00e0 XIII. Nh\u1eefng ng\u01b0\u1eddi \u0111am m\u00ea ngh\u1ec7 thu\u1eadt t\u00ecm th\u1ea5y n\u01a1i tr\u00fa \u1ea9n t\u1ea1i B\u1ea3o t\u00e0ng Suermondt-Ludwig, v\u1edbi b\u1ed9 s\u01b0u t\u1eadp t\u00e1c ph\u1ea9m \u0111i\u00eau kh\u1eafc v\u00e0 h\u1ed9i h\u1ecda c\u1ee7a \u0110\u1ee9c v\u00e0 H\u00e0 Lan, v\u00e0 t\u1ea1i Di\u1ec5n \u0111\u00e0n Ngh\u1ec7 thu\u1eadt Qu\u1ed1c t\u1ebf Ludwig, tr\u01b0ng b\u00e0y c\u00e1c t\u00e1c ph\u1ea9m c\u1ee7a Warhol, Lichtenstein v\u00e0 Haring.<\/p>\n<p>Nh\u1eefng ng\u01b0\u1eddi b\u1ecb thu h\u00fat b\u1edfi thi\u1ebft k\u1ebf hi\u1ec7n \u0111\u1ea1i v\u00e0 h\u1eadu hi\u1ec7n \u0111\u1ea1i c\u00f3 th\u1ec3 kh\u00e1m ph\u00e1 khu\u00f4n vi\u00ean tr\u01b0\u1eddng RWTH, n\u01a1i c\u00e1c t\u00f2a nh\u00e0 t\u1eeb \u0111\u1ea7u th\u1ebf k\u1ef7 XX \u0111\u1ebfn nay h\u1ee3p nh\u1ea5t. \u0110\u00e1ng ch\u00fa \u00fd trong s\u1ed1 \u0111\u00f3 l\u00e0 T\u00f2a nh\u00e0 ch\u00ednh, H\u1ed9i tr\u01b0\u1eddng K\u00e1rm\u00e1n, gi\u1ea3ng \u0111\u01b0\u1eddng Audimax v\u00e0 t\u00f2a nh\u00e0 l\u1ec5 t\u00e2n Super-C\u2014h\u00ecnh ch\u1eef C c\u1ee7a n\u00f3 m\u1ed9t ph\u1ea7n n\u1eb1m ng\u1ea7m\u2014trong khi Uniklinik g\u1ee3i nh\u1edb \u0111\u1ebfn s\u1ef1 xa hoa c\u00f4ng ngh\u1ec7 cao c\u1ee7a Trung t\u00e2m Pompidou c\u1ee7a Paris. G\u1ea7n \u0111\u00f3, c\u00e1c t\u1ed5 ch\u1ee9c chuy\u00ean ng\u00e0nh nh\u01b0 Zollmuseum Friedrichs k\u1ec3 l\u1ea1i l\u1ecbch s\u1eed c\u1ee7a c\u00e1c c\u1eeda kh\u1ea9u bi\u00ean gi\u1edbi v\u00e0 B\u1ea3o t\u00e0ng B\u00e1o ch\u00ed Qu\u1ed1c t\u1ebf theo d\u00f5i s\u1ef1 ph\u00e1t tri\u1ec3n c\u1ee7a ph\u01b0\u01a1ng ti\u1ec7n truy\u1ec1n th\u00f4ng in \u1ea5n. Tr\u00ean \u0111\u1ec9nh \u0111\u1ed3i Lousberg, th\u00e1p n\u01b0\u1edbc xoay Belvedere, hi\u1ec7n l\u00e0 m\u1ed9t nh\u00e0 h\u00e0ng, mang \u0111\u1ebfn t\u1ea7m nh\u00ecn to\u00e0n c\u1ea3nh th\u00e0nh ph\u1ed1 b\u00ean d\u01b0\u1edbi.<\/p>\n<p>Du kh\u00e1ch t\u00ecm ki\u1ebfm nh\u1eefng kho\u1ea3nh kh\u1eafc y\u00ean t\u0129nh h\u01a1n c\u00f3 th\u1ec3 \u0111i l\u00ean nh\u1eefng con \u0111\u01b0\u1eddng r\u1ee3p b\u00f3ng c\u00e2y c\u1ee7a Lousberg, n\u01a1i m\u1ed7i kh\u00fac cua \u0111\u1ec1u h\u00e9 l\u1ed9 khung c\u1ea3nh \u0111\u01b0\u1ee3c \u0111\u00f3ng khung c\u1ee7a nh\u1eefng m\u00e1i ng\u00f3i \u0111\u1ecf v\u00e0 c\u00e1c ng\u1ecdn th\u00e1p nh\u00e0 th\u1edd. V\u00e0o bu\u1ed5i t\u1ed1i, Ch\u1ee3 trung t\u00e2m tr\u1edf n\u00ean s\u1ed1ng \u0111\u1ed9ng v\u1edbi sinh vi\u00ean v\u00e0 nh\u1ea1c c\u00f4ng \u0111\u01b0\u1eddng ph\u1ed1, th\u1ef1c kh\u00e1ch n\u00e1n l\u1ea1i th\u01b0\u1edfng th\u1ee9c nh\u1eefng m\u00f3n \u0103n b\u00ecnh d\u00e2n mua t\u1eeb c\u00e1c qu\u00e1n c\u00e0 ph\u00ea g\u00f3c ph\u1ed1. Frankenberger Viertel, m\u1ed9t khu ph\u1ed1 kh\u00e1c \u1edf ph\u00eda nam th\u00e0nh ph\u1ed1, l\u00e0 n\u01a1i c\u00f3 c\u00e1c qu\u00e1n \u0103n Th\u1ed5 Nh\u0129 K\u1ef3 v\u00e0 \u1ea2 R\u1eadp, n\u01a1i h\u01b0\u01a1ng v\u1ecb \u0111\u00edch th\u1ef1c thu h\u00fat c\u1ea3 ng\u01b0\u1eddi d\u00e2n \u0111\u1ecba ph\u01b0\u01a1ng v\u00e0 ng\u01b0\u1eddi m\u1edbi \u0111\u1ebfn.<\/p>\n<p>L\u1ecbch s\u1ef1 ki\u1ec7n c\u1ee7a Aachen ph\u1ea3n \u00e1nh c\u1ea3 phong t\u1ee5c l\u1ecbch s\u1eed v\u00e0 th\u1ecb hi\u1ebfu \u0111\u01b0\u01a1ng \u0111\u1ea1i. L\u1ec5 h\u1ed9i Carnival v\u00e0o \u0111\u1ea7u m\u00f9a xu\u00e2n bi\u1ebfn th\u00e0nh ph\u1ed1 th\u00e0nh m\u1ed9t l\u1ec5 k\u1ef7 ni\u1ec7m k\u00e9o d\u00e0i c\u1ea3 n\u0103m, trong khi l\u1ec5 h\u1ed9i \u00e2m nh\u1ea1c Pinkpop \u1edf Landgraaf g\u1ea7n \u0111\u00f3 thu h\u00fat \u0111\u00e1m \u0111\u00f4ng qu\u1ed1c t\u1ebf v\u00e0o m\u1ed7i m\u00f9a h\u00e8. Gi\u1ea3i v\u00f4 \u0111\u1ecbch c\u01b0\u1ee1i ng\u1ef1a CHIO, m\u1ed9t s\u1ef1 ki\u1ec7n \u0111ua ng\u1ef1a to\u00e0n c\u1ea7u, di\u1ec5n ra ngay sau \u0111\u00f3. Th\u00e1ng 9 mang \u0111\u1ebfn m\u1ed9t h\u1ed9i ch\u1ee3 v\u0103n h\u00f3a th\u01b0\u1eddng ni\u00ean t\u1ea1i trung t\u00e2m th\u00e0nh ph\u1ed1, v\u00e0 t\u1eeb cu\u1ed1i th\u00e1ng 11 \u0111\u1ebfn ng\u00e0y 23 th\u00e1ng 12, Ch\u1ee3 Gi\u00e1ng sinh di\u1ec5n ra tr\u00ean kh\u1eafp Katschhof v\u00e0 M\u00fcnsterplatz, c\u00e1c gian h\u00e0ng b\u1eb1ng g\u1ed7 r\u1ef1c s\u00e1ng tr\u00ean n\u1ec1n Nh\u00e0 th\u1edd v\u00e0 t\u00f2a th\u1ecb ch\u00ednh \u0111\u01b0\u1ee3c chi\u1ebfu s\u00e1ng.<\/p>\n<p>C\u00e1c c\u01a1 s\u1edf th\u1ec3 thao v\u00e0 ch\u0103m s\u00f3c s\u1ee9c kh\u1ecfe n\u00f3i l\u00ean b\u1ea3n s\u1eafc l\u00e2u \u0111\u1eddi c\u1ee7a Aachen nh\u01b0 m\u1ed9t th\u1ecb tr\u1ea5n spa. Carolus Thermen cung c\u1ea5p nhi\u1ec1u b\u1ed3n t\u1eafm n\u01b0\u1edbc n\u00f3ng, ph\u00f2ng x\u00f4ng h\u01a1i kh\u00f4 v\u00e0 c\u00e1c li\u1ec7u ph\u00e1p ch\u0103m s\u00f3c s\u1ee9c kh\u1ecfe, trong khi h\u1ed3 b\u01a1i ngo\u00e0i tr\u1eddi Hangeweiher\u2014m\u1edf c\u1eeda t\u1eeb th\u00e1ng 5 \u0111\u1ebfn gi\u1eefa th\u00e1ng 9\u2014k\u1ebft h\u1ee3p h\u1ed3 b\u01a1i t\u1eadp th\u1ec3 d\u1ee5c v\u1edbi \u0111\u1ed3ng c\u1ecf r\u00e2m m\u00e1t \u0111\u1ec3 th\u01b0 gi\u00e3n. N\u0103m h\u1ed3 b\u01a1i trong nh\u00e0 v\u1eabn m\u1edf c\u1eeda quanh n\u0103m, ph\u1ee5c v\u1ee5 cho c\u1ea3 v\u1eadn \u0111\u1ed9ng vi\u00ean v\u00e0 gia \u0111\u00ecnh.<\/p>\n<p>M\u1eb7c d\u00f9 c\u00f3 nhi\u1ec1u \u01b0u \u0111i\u1ec3m, Aachen\u2014gi\u1ed1ng nh\u01b0 b\u1ea5t k\u1ef3 m\u00f4i tr\u01b0\u1eddng \u0111\u00f4 th\u1ecb n\u00e0o\u2014c\u0169ng \u0111\u1eb7t ra nh\u1eefng th\u00e1ch th\u1ee9c. H\u1ea7u h\u1ebft c\u00e1c khu ph\u1ed1 \u0111\u1ec1u mang l\u1ea1i c\u1ea3m gi\u00e1c an to\u00e0n cho du kh\u00e1ch b\u00ecnh th\u01b0\u1eddng, m\u1eb7c d\u00f9 m\u00f4i tr\u01b0\u1eddng xung quanh Hauptbahnhof v\u00e0 b\u1ebfn xe bu\u00fdt \u0111\u1ecba ph\u01b0\u01a1ng \u0111\u00f4i khi thu h\u00fat nh\u1eefng c\u00e1 nh\u00e2n \u0111ang v\u1eadt l\u1ed9n v\u1edbi ch\u1ee9ng nghi\u1ec7n. C\u00e1c qu\u1eadn \u1edf ph\u00eda nam trung t\u00e2m th\u00e0nh ph\u1ed1, \u0111\u01b0\u1ee3c h\u00ecnh th\u00e0nh b\u1edfi s\u1ef1 suy tho\u00e1i h\u1eadu c\u00f4ng nghi\u1ec7p, c\u00f3 th\u1ec3 kh\u00f4ng h\u1ea5p d\u1eabn \u0111\u1ed1i v\u1edbi nh\u1eefng ng\u01b0\u1eddi kh\u00f4ng quen v\u1edbi nh\u1ecbp \u0111i\u1ec7u c\u1ee7a h\u1ecd. S\u1ef1 g\u1ea7n bi\u00ean gi\u1edbi mang l\u1ea1i m\u1ed9t s\u1ed1 ho\u1ea1t \u0111\u1ed9ng bu\u00f4n b\u00e1n b\u1ea5t h\u1ee3p ph\u00e1p, m\u1eb7c d\u00f9 hi\u1ebfm khi \u1ea3nh h\u01b0\u1edfng \u0111\u1ebfn cu\u1ed9c s\u1ed1ng h\u00e0ng ng\u00e0y c\u1ee7a c\u01b0 d\u00e2n v\u00e0 kh\u00e1ch du l\u1ecbch.<\/p>\n<p>V\u1ec1 m\u1eb7t h\u00ecnh th\u00e1i v\u1eadt ch\u1ea5t v\u00e0 \u0111\u1eddi s\u1ed1ng v\u0103n h\u00f3a, Aachen l\u00e0 minh ch\u1ee9ng cho s\u1ef1 li\u00ean t\u1ee5c v\u00e0 th\u00edch nghi. Ti\u1ebfng v\u1ecdng c\u1ee7a nh\u1eefng ng\u01b0\u1eddi h\u00e0nh h\u01b0\u01a1ng Celt, ng\u01b0\u1eddi t\u1eafm La M\u00e3 v\u00e0 tri\u1ec1u th\u1ea7n Carolingian v\u1eabn c\u00f2n \u0111\u1ecdng l\u1ea1i trong c\u00e1c qu\u1ea3ng tr\u01b0\u1eddng c\u00f3 m\u00e1i v\u00f2m, c\u1ed5ng th\u1eddi trung c\u1ed5 v\u00e0 c\u00e1c nh\u00e0 nguy\u1ec7n kh\u1ea3m \u0111\u00e1. Tuy nhi\u00ean, nh\u1ecbp \u0111\u1eadp c\u1ee7a c\u00e1c ph\u00f2ng th\u00ed nghi\u1ec7m \u0111\u1ea1i h\u1ecdc, xe \u0111i\u1ec7n hi\u1ec7n \u0111\u1ea1i \u0111\u01b0\u1ee3c t\u00e1i hi\u1ec7n th\u00e0nh xe bu\u00fdt v\u00e0 s\u1ef1 h\u1ee3p t\u00e1c xuy\u00ean bi\u00ean gi\u1edbi ph\u1ea3n \u00e1nh m\u1ed9t th\u00e0nh ph\u1ed1 v\u1eeba c\u1ed5 k\u00ednh v\u1eeba h\u01b0\u1edbng t\u1edbi t\u01b0\u01a1ng lai. T\u1ea1i \u0111\u00e2y, t\u1ea1i n\u01a1i h\u1ee3p l\u01b0u c\u1ee7a ba qu\u1ed1c gia, l\u1ecbch s\u1eed v\u00e0 s\u1ef1 \u0111\u1ed5i m\u1edbi h\u00f2a quy\u1ec7n v\u00e0o nhau ch\u1eafc ch\u1eafn nh\u01b0 d\u00f2ng n\u01b0\u1edbc c\u1ee7a Wurm ch\u1ea3y v\u00e0o Rur.<\/p>","protected":false},"excerpt":{"rendered":"<p>Aachen, n\u1eb1m \u1edf v\u00f9ng c\u1ef1c t\u00e2y c\u1ee7a \u0110\u1ee9c, \u0111\u01b0\u1ee3c x\u1ebfp h\u1ea1ng l\u00e0 th\u00e0nh ph\u1ed1 l\u1edbn th\u1ee9 13 \u1edf B\u1eafc Rhine-Westphalia v\u00e0 l\u1edbn th\u1ee9 27 trong c\u1ea3 n\u01b0\u1edbc, v\u1edbi d\u00e2n s\u1ed1 h\u01a1n 261.000 ng\u01b0\u1eddi. Th\u00e0nh ph\u1ed1 l\u1ecbch s\u1eed n\u00e0y, gi\u00e0u gi\u00e1 tr\u1ecb v\u0103n h\u00f3a, n\u1eb1m \u1edf n\u01a1i h\u1ee3p l\u01b0u c\u1ee7a ba qu\u1ed1c gia: \u0110\u1ee9c, B\u1ec9 v\u00e0 H\u00e0 Lan. \u0110\u1ecba l\u00fd c\u1ee7a Aachen, n\u1eb1m \u1edf ch\u00e2n \u0111\u1ed3i ph\u00eda b\u1eafc c\u1ee7a High Fens v\u00e0 d\u00e3y n\u00fai Eifel, c\u00f3 nh\u1eefng ng\u1ecdn \u0111\u1ed3i nh\u1ea5p nh\u00f4 v\u00e0 nh\u1eefng khu r\u1eebng xanh t\u01b0\u01a1i, t\u1ea1o n\u00ean m\u1ed9t m\u00f4i tr\u01b0\u1eddng c\u1ea3nh quan \u0111\u00e3 l\u00e0m say \u0111\u1eafm du kh\u00e1ch trong nhi\u1ec1u th\u1ebf k\u1ef7.<\/p>","protected":false},"author":1,"featured_media":2912,"parent":13736,"menu_order":0,"comment_status":"closed","ping_status":"closed","template":"elementor_theme","meta":{"_eb_attr":"","footnotes":""},"class_list":["post-13800","page","type-page","status-publish","has-post-thumbnail"],"_links":{"self":[{"href":"https:\/\/travelshelper.com\/vi\/wp-json\/wp\/v2\/pages\/13800","targetHints":{"allow":["GET"]}}],"collection":[{"href":"https:\/\/travelshelper.com\/vi\/wp-json\/wp\/v2\/pages"}],"about":[{"href":"https:\/\/travelshelper.com\/vi\/wp-json\/wp\/v2\/types\/page"}],"author":[{"embeddable":true,"href":"https:\/\/travelshelper.com\/vi\/wp-json\/wp\/v2\/users\/1"}],"replies":[{"embeddable":true,"href":"https:\/\/travelshelper.com\/vi\/wp-json\/wp\/v2\/comments?post=13800"}],"version-history":[{"count":0,"href":"https:\/\/travelshelper.com\/vi\/wp-json\/wp\/v2\/pages\/13800\/revisions"}],"up":[{"embeddable":true,"href":"https:\/\/travelshelper.com\/vi\/wp-json\/wp\/v2\/pages\/13736"}],"wp:featuredmedia":[{"embeddable":true,"href":"https:\/\/travelshelper.com\/vi\/wp-json\/wp\/v2\/media\/2912"}],"wp:attachment":[{"href":"https:\/\/travelshelper.com\/vi\/wp-json\/wp\/v2\/media?parent=13800"}],"curies":[{"name":"wp","href":"https:\/\/api.w.org\/{rel}","templated":true}]}}