{"id":13736,"date":"2024-09-18T01:52:44","date_gmt":"2024-09-18T01:52:44","guid":{"rendered":"https:\/\/travelshelper.com\/staging\/?page_id=13736"},"modified":"2026-03-12T00:14:06","modified_gmt":"2026-03-12T00:14:06","slug":"duc","status":"publish","type":"page","link":"https:\/\/travelshelper.com\/vi\/destinations\/europe\/germany\/","title":{"rendered":"\u0110\u1ee9c"},"content":{"rendered":"<p>C\u1ed9ng h\u00f2a Li\u00ean bang \u0110\u1ee9c chi\u1ebfm v\u1ecb tr\u00ed trung t\u00e2m \u1edf ch\u00e2u \u00c2u, tr\u1ea3i d\u00e0i 357.596 km2 gi\u1eefa Bi\u1ec3n Baltic v\u00e0 Bi\u1ec3n B\u1eafc \u1edf ph\u00eda b\u1eafc v\u00e0 d\u00e3y Alps \u1edf ph\u00eda nam, v\u00e0 h\u1ed7 tr\u1ee3 d\u00e2n s\u1ed1 kho\u1ea3ng 84,7 tri\u1ec7u ng\u01b0\u1eddi theo \u0111i\u1ec1u tra d\u00e2n s\u1ed1 n\u0103m 2023. C\u00f3 bi\u00ean gi\u1edbi v\u1edbi ch\u00edn qu\u1ed1c gia\u2014\u0110an M\u1ea1ch, Ba Lan, C\u1ed9ng h\u00f2a S\u00e9c, \u00c1o, Th\u1ee5y S\u0129, Ph\u00e1p, Luxembourg, B\u1ec9 v\u00e0 H\u00e0 Lan\u2014n\u01b0\u1edbc n\u00e0y l\u00e0 qu\u1ed1c gia th\u00e0nh vi\u00ean \u0111\u00f4ng d\u00e2n nh\u1ea5t c\u1ee7a Li\u00ean minh ch\u00e2u \u00c2u. \u0110\u1ecba h\u00ecnh c\u1ee7a n\u01b0\u1edbc n\u00e0y tr\u1ea3i d\u00e0i t\u1eeb nh\u1eefng \u0111\u1ec9nh n\u00fai ph\u1ee7 tuy\u1ebft c\u1ee7a d\u00e3y Alps Bavaria, n\u01a1i Zugspitze cao t\u1edbi 2.963 m\u00e9t, qua nh\u1eefng v\u00f9ng cao nguy\u00ean c\u00f3 r\u1eebng v\u00e0 c\u00e1c thung l\u0169ng s\u00f4ng m\u00e0u m\u1ee1 \u0111\u1ebfn nh\u1eefng \u0111\u1ed3ng b\u1eb1ng th\u1ea5p, l\u1ed9ng gi\u00f3 d\u1ecdc theo Bi\u1ec3n B\u1eafc v\u00e0 Bi\u1ec3n Baltic. Berlin \u0111\u00f3ng vai tr\u00f2 l\u00e0 th\u1ee7 \u0111\u00f4 v\u00e0 tr\u00e1i tim v\u0103n h\u00f3a, Frankfurt l\u00e0 trung t\u00e2m t\u00e0i ch\u00ednh v\u00e0 khu \u0111\u00f4 th\u1ecb Ruhr l\u00e0 khu \u0111\u00f4 th\u1ecb l\u1edbn nh\u1ea5t.<\/p>\n<p>S\u1ef1 hi\u1ec7n di\u1ec7n c\u1ee7a con ng\u01b0\u1eddi tr\u00ean \u0111\u1ea5t \u0110\u1ee9c c\u00f3 t\u1eeb th\u1eddi k\u1ef3 \u0111\u1ed3 \u0111\u00e1 c\u0169 s\u01a1 khai, sau \u0111\u00f3 l\u00e0 c\u00e1c b\u1ed9 l\u1ea1c Celt v\u00e0 sau \u0111\u00f3 l\u00e0 German. \u0110\u1ebfn th\u1ebf k\u1ef7 th\u1ee9 nh\u1ea5t sau C\u00f4ng nguy\u00ean, c\u00e1c nh\u00e0 bi\u00ean ni\u00ean s\u1eed La M\u00e3 \u0111\u00e3 \u0111\u1eb7t t\u00ean cho v\u00f9ng n\u00e0y l\u00e0 Germania, m\u1ed9t v\u00f9ng \u0111\u1ea5t c\u00f3 nhi\u1ec1u r\u1eebng v\u00e0 c\u00e1c b\u1ed9 l\u1ea1c n\u1eb1m ngo\u00e0i bi\u00ean gi\u1edbi c\u1ee7a h\u1ecd. V\u00e0o n\u0103m 962, l\u00e3nh th\u1ed5 ph\u00eda \u0111\u00f4ng c\u1ee7a c\u00e1c v\u1ecb vua Saxon \u0111\u00e3 tr\u1edf th\u00e0nh h\u1ea1t nh\u00e2n c\u1ee7a \u0110\u1ebf ch\u1ebf La M\u00e3 Th\u1ea7n th\u00e1nh. V\u00e0o th\u1ebf k\u1ef7 th\u1ee9 m\u01b0\u1eddi s\u00e1u, c\u00e1c th\u00e0nh ph\u1ed1 ph\u00eda b\u1eafc n\u01b0\u1edbc \u0110\u1ee9c n\u1ed5i l\u00ean nh\u01b0 nh\u1eefng trung t\u00e2m c\u1ee7a cu\u1ed9c C\u1ea3i c\u00e1ch Tin l\u00e0nh, c\u00e1c cu\u1ed9c tranh lu\u1eadn tr\u00ean b\u1ee5c gi\u1ea3ng c\u1ee7a h\u1ecd \u0111\u00e3 \u0111\u1ecbnh h\u00ecnh l\u1ea1i \u0111\u1ee9c tin tr\u00ean kh\u1eafp ch\u00e2u \u00c2u. Cu\u1ed9c n\u1ed5i lo\u1ea1n c\u1ee7a Napoleon \u0111\u00e3 gi\u1ea3i th\u1ec3 \u0111\u1ebf ch\u1ebf th\u1eddi trung c\u1ed5 v\u00e0o n\u0103m 1806; \u0111\u1ebfn n\u0103m 1815, m\u1ed9t Li\u00ean bang \u0110\u1ee9c l\u1ecfng l\u1ebbo g\u1ed3m ba m\u01b0\u01a1i ch\u00edn c\u00f4ng qu\u1ed1c \u0111\u00e3 \u0111\u01b0\u1ee3c th\u00e0nh l\u1eadp, th\u1ed1ng nh\u1ea5t c\u00e1c tri\u1ec1u \u0111\u1ea1i theo d\u00f2ng d\u00f5i h\u01a1n l\u00e0 theo ng\u00f4n ng\u1eef ho\u1eb7c lu\u1eadt ph\u00e1p.<\/p>\n<p>Qu\u1ed1c gia hi\u1ec7n \u0111\u1ea1i h\u1ee3p nh\u1ea5t sau Chi\u1ebfn tranh \u00c1o-Ph\u1ed5 n\u0103m 1866, khi Li\u00ean bang B\u1eafc \u0110\u1ee9c d\u01b0\u1edbi s\u1ef1 l\u00e3nh \u0111\u1ea1o c\u1ee7a Ph\u1ed5 m\u1edf \u0111\u01b0\u1eddng cho vi\u1ec7c tuy\u00ean b\u1ed1 \u0110\u1ebf ch\u1ebf \u0110\u1ee9c v\u00e0o n\u0103m 1871. Cu\u1ed9c phi\u00eau l\u01b0u \u0111\u1ebf qu\u1ed1c \u0111\u00f3 \u0111\u00e3 k\u1ebft th\u00fac b\u1eb1ng th\u1ea5t b\u1ea1i v\u00e0o n\u0103m 1918; t\u1eeb \u0111\u1ed1ng tro t\u00e0n c\u1ee7a chi\u1ebfn tranh v\u00e0 c\u00e1ch m\u1ea1ng, C\u1ed9ng h\u00f2a Weimar \u0111\u00e3 tr\u1ed7i d\u1eady, m\u1ed9t n\u1ec1n d\u00e2n ch\u1ee7 mong manh b\u1ecb bao v\u00e2y b\u1edfi s\u1ef1 h\u1ed7n lo\u1ea1n ch\u00ednh tr\u1ecb v\u00e0 kinh t\u1ebf. S\u1ef1 tr\u1ed7i d\u1eady c\u1ee7a \u0110\u1ea3ng Qu\u1ed1c x\u00e3 c\u1ee7a Adolf Hitler v\u00e0o n\u0103m 1933 \u0111\u00e3 m\u1edf ra m\u1ed9t ch\u1ebf \u0111\u1ed9 \u0111\u1ed9c t\u00e0i t\u00e0n b\u1ea1o, xung \u0111\u1ed9t to\u00e0n c\u1ea7u v\u00e0 di\u1ec7t ch\u1ee7ng. N\u0103m 1949, \u0110\u1ee9c b\u1ecb chia th\u00e0nh hai qu\u1ed1c gia: C\u1ed9ng h\u00f2a Li\u00ean bang \u0110\u1ee9c d\u00e2n ch\u1ee7, li\u00ean k\u1ebft v\u1edbi ph\u01b0\u01a1ng T\u00e2y v\u00e0 C\u1ed9ng h\u00f2a D\u00e2n ch\u1ee7 \u0110\u1ee9c c\u1ed9ng s\u1ea3n \u1edf ph\u00eda \u0111\u00f4ng, v\u1edbi Berlin v\u1eabn n\u1eb1m d\u01b0\u1edbi s\u1ef1 gi\u00e1m s\u00e1t c\u1ee7a B\u1ed1n c\u01b0\u1eddng qu\u1ed1c. S\u1ef1 s\u1ee5p \u0111\u1ed5 c\u1ee7a ch\u1ebf \u0111\u1ed9 \u0110\u00f4ng \u0110\u1ee9c v\u00e0o n\u0103m 1989 \u0111\u00e3 l\u00ean \u0111\u1ebfn \u0111\u1ec9nh \u0111i\u1ec3m b\u1eb1ng s\u1ef1 th\u1ed1ng nh\u1ea5t v\u00e0o ng\u00e0y 3 th\u00e1ng 10 n\u0103m 1990, m\u1ed9t ng\u00e0y hi\u1ec7n \u0111\u01b0\u1ee3c k\u1ef7 ni\u1ec7m l\u00e0 Ng\u00e0y th\u1ed1ng nh\u1ea5t n\u01b0\u1edbc \u0110\u1ee9c.<\/p>\n<p>\u0110\u1ee9c ng\u00e0y nay \u0111\u01b0\u1ee3c x\u1ebfp h\u1ea1ng trong s\u1ed1 c\u00e1c n\u1ec1n kinh t\u1ebf h\u00e0ng \u0111\u1ea7u th\u1ebf gi\u1edbi. H\u1ec7 th\u1ed1ng th\u1ecb tr\u01b0\u1eddng x\u00e3 h\u1ed9i c\u1ee7a n\u01b0\u1edbc n\u00e0y k\u1ebft h\u1ee3p ng\u00e0nh c\u00f4ng nghi\u1ec7p m\u1ea1nh m\u1ebd v\u1edbi ph\u00fac l\u1ee3i x\u00e3 h\u1ed9i to\u00e0n di\u1ec7n: ch\u0103m s\u00f3c s\u1ee9c kh\u1ecfe to\u00e0n d\u00e2n, c\u00e1c ch\u01b0\u01a1ng tr\u00ecnh l\u01b0\u01a1ng h\u01b0u, tr\u1ee3 c\u1ea5p th\u1ea5t nghi\u1ec7p v\u00e0 c\u00e1c tr\u01b0\u1eddng \u0111\u1ea1i h\u1ecdc c\u00f4ng mi\u1ec5n h\u1ecdc ph\u00ed. GDP danh ngh\u0129a c\u1ee7a qu\u1ed1c gia n\u00e0y l\u00e0 l\u1edbn nh\u1ea5t \u1edf ch\u00e2u \u00c2u v\u00e0 l\u1edbn th\u1ee9 ba tr\u00ean to\u00e0n c\u1ea7u, trong khi s\u1ea3n l\u01b0\u1ee3ng b\u00ecnh qu\u00e2n \u0111\u1ea7u ng\u01b0\u1eddi, \u0111\u01b0\u1ee3c \u0111i\u1ec1u ch\u1ec9nh theo s\u1ee9c mua, v\u01b0\u1ee3t qu\u00e1 m\u1ee9c trung b\u00ecnh c\u1ee7a EU h\u01a1n 20 ph\u1ea7n tr\u0103m. Ng\u00e0nh d\u1ecbch v\u1ee5 \u0111\u00f3ng g\u00f3p kho\u1ea3ng 72 ph\u1ea7n tr\u0103m t\u1ed5ng s\u1ea3n l\u01b0\u1ee3ng, c\u00f4ng nghi\u1ec7p kho\u1ea3ng 27 ph\u1ea7n tr\u0103m - \u0111\u01b0a \u0110\u1ee9c tr\u1edf th\u00e0nh nh\u00e0 s\u1ea3n xu\u1ea5t h\u00e0ng \u0111\u1ea7u ch\u00e2u \u00c2u - v\u00e0 n\u00f4ng nghi\u1ec7p l\u00e0 ph\u1ea7n c\u00f2n l\u1ea1i. T\u1ef7 l\u1ec7 th\u1ea5t nghi\u1ec7p trong l\u1ecbch s\u1eed v\u1eabn th\u1ea5p h\u01a1n m\u1ee9c trung b\u00ecnh c\u1ee7a EU, \u0111\u1ea1t 3,2 ph\u1ea7n tr\u0103m v\u00e0o th\u00e1ng 1 n\u0103m 2020.<\/p>\n<p>L\u00e0 m\u1ed9t c\u01b0\u1eddng qu\u1ed1c th\u01b0\u01a1ng m\u1ea1i, \u0110\u1ee9c \u0111\u1ee9ng th\u1ee9 ba tr\u00ean to\u00e0n th\u1ebf gi\u1edbi v\u1ec1 c\u1ea3 xu\u1ea5t kh\u1ea9u v\u00e0 nh\u1eadp kh\u1ea9u v\u00e0 duy tr\u00ec th\u1eb7ng d\u01b0 th\u01b0\u01a1ng m\u1ea1i l\u1edbn th\u1ee9 hai sau Trung Qu\u1ed1c. C\u00e1c \u0111\u1ed1i t\u00e1c th\u01b0\u01a1ng m\u1ea1i ch\u00ednh c\u1ee7a \u0110\u1ee9c v\u00e0o n\u0103m 2024 bao g\u1ed3m Hoa K\u1ef3, Trung Qu\u1ed1c v\u00e0 H\u00e0 Lan. Xe c\u1ed9, m\u00e1y m\u00f3c v\u00e0 s\u1ea3n ph\u1ea9m h\u00f3a ch\u1ea5t t\u1ea1o th\u00e0nh x\u01b0\u01a1ng s\u1ed1ng cho xu\u1ea5t kh\u1ea9u c\u1ee7a \u0110\u1ee9c. Ng\u00e0nh c\u00f4ng nghi\u1ec7p \u00f4 t\u00f4, n\u01a1i c\u00f3 c\u00e1c nh\u00e0 s\u1ea3n xu\u1ea5t nh\u01b0 T\u1eadp \u0111o\u00e0n Volkswagen, BMW, Mercedes-Benz, Porsche v\u00e0 Audi, v\u1eeba l\u00e0 nh\u00e0 s\u1ea3n xu\u1ea5t l\u1edbn nh\u1ea5t ch\u00e2u l\u1ee5c theo gi\u00e1 tr\u1ecb v\u1eeba l\u00e0 nh\u00e0 \u0111\u1ed5i m\u1edbi to\u00e0n c\u1ea7u v\u1ec1 k\u1ef9 thu\u1eadt v\u00e0 thi\u1ebft k\u1ebf. Frankfurt neo gi\u1eef ch\u00ednh s\u00e1ch ti\u1ec1n t\u1ec7 c\u1ee7a ch\u00e2u \u00c2u v\u1edbi t\u01b0 c\u00e1ch l\u00e0 n\u01a1i \u0111\u1eb7t tr\u1ee5 s\u1edf c\u1ee7a Ng\u00e2n h\u00e0ng Trung \u01b0\u01a1ng ch\u00e2u \u00c2u, trong khi C\u1ea3ng Hamburg l\u00e0 trung t\u00e2m container b\u1eadn r\u1ed9n th\u1ee9 ba c\u1ee7a ch\u00e2u \u00c2u.<\/p>\n<p>C\u1ea3nh quan c\u1ee7a \u0110\u1ee9c \u0111\u01b0\u1ee3c chia th\u00e0nh n\u0103m v\u00f9ng t\u1ef1 nhi\u00ean ch\u00ednh. \u0110\u1ed3ng b\u1eb1ng B\u1eafc \u0110\u1ee9c tr\u1ea3i d\u00e0i t\u1eeb Qu\u1ea7n \u0111\u1ea3o Frisian \u0111\u1ebfn b\u1edd bi\u1ec3n Baltic, nh\u1eefng c\u1ed3n c\u00e1t th\u1ea5p v\u00e0 b\u00e3i b\u1ed3i \u0111\u01b0\u1ee3c t\u1ea1o h\u00ecnh b\u1edfi nh\u1eefng c\u01a1n gi\u00f3 t\u00e2y d\u1eef d\u1ed9i. Hai l\u1ea7n m\u1ed7i ng\u00e0y, Bi\u1ec3n Wadden r\u00fat \u0111i \u0111\u1ec3 l\u1ed9 ra nh\u1eefng b\u00e3i b\u1ed3i th\u1ee7y tri\u1ec1u r\u1ed9ng l\u1edbn, n\u01a1i nh\u1eefng chuy\u1ebfn \u0111i b\u1ed9 tr\u00ean b\u00e3i b\u1ed3i c\u00f3 h\u01b0\u1edbng d\u1eabn vi\u00ean s\u1ebd h\u00e9 l\u1ed9 m\u1ed9t th\u1ebf gi\u1edbi kh\u00e1c l\u1ea1 c\u1ee7a c\u00e1c lo\u00e0i \u0111\u1ed9ng v\u1eadt c\u00f3 v\u1ecf v\u00e0 chim l\u1ed9i n\u01b0\u1edbc. Ngo\u00e0i kh\u01a1i l\u00e0 Qu\u1ea7n \u0111\u1ea3o \u0110\u00f4ng v\u00e0 B\u1eafc Frisian, nh\u1eefng n\u01a1i ngh\u1ec9 d\u01b0\u1ee1ng kh\u00f4ng c\u00f3 \u00f4 t\u00f4 \u0111\u01b0\u1ee3c du kh\u00e1ch trong n\u01b0\u1edbc \u01b0a chu\u1ed9ng. V\u00f9ng cao nguy\u00ean trung t\u00e2m\u2014m\u1ed9t t\u1ea5m ch\u0103n c\u1ee7a nh\u1eefng d\u00e3y n\u00fai c\u00f3 r\u1eebng nh\u01b0 Harz, R\u1eebng \u0110en v\u00e0 R\u1eebng Bavaria\u2014h\u00f2a tr\u1ed9n nh\u1eefng thung l\u0169ng m\u1ee5c v\u1ee5 v\u1edbi nh\u1eefng th\u1ecb tr\u1ea5n nh\u1ecf c\u00f3 nh\u1eefng ng\u00f4i nh\u00e0 g\u1ed7 n\u1eeda ch\u1eebng g\u1ee3i nh\u1edb \u0111\u1ebfn th\u1eddi trung c\u1ed5. V\u1ec1 ph\u00eda t\u00e2y nam, Thung l\u0169ng Rhine m\u00e0u m\u1ee1 mang \u0111\u1ebfn nh\u1eefng lo\u1ea1i r\u01b0\u1ee3u vang n\u1ed5i ti\u1ebfng t\u1eeb R\u00fcdesheim \u0111\u1ebfn Koblenz.<\/p>\n<p>C\u1ef1c nam \u00f4m tr\u1ecdn r\u00eca ph\u00eda b\u1eafc c\u1ee7a d\u00e3y Alps, n\u01a1i c\u00f3 m\u1ed9t m\u1ea1ng l\u01b0\u1edbi c\u00e1p treo \u0111\u01b0a du kh\u00e1ch l\u00ean \u0111\u1ec9nh Zugspitze v\u00e0 nh\u1eefng con \u0111\u01b0\u1eddng m\u00f2n tr\u00ean n\u00fai cao b\u0103ng qua nh\u1eefng \u0111\u1ed3ng c\u1ecf xanh ng\u1ecdc v\u00e0 h\u1ed3 b\u0103ng. H\u1ed3 Constance, chung v\u1edbi \u00c1o v\u00e0 Th\u1ee5y S\u0129, ph\u1ea3n chi\u1ebfu nh\u1eefng \u0111\u1ec9nh n\u00fai ph\u1ee7 tuy\u1ebft trong khi cung c\u1ea5p c\u00e1c m\u00f4n th\u1ec3 thao d\u01b0\u1edbi n\u01b0\u1edbc v\u00e0 v\u01b0\u1eddn c\u00e2y \u0103n qu\u1ea3 tr\u00ean b\u1edd. Tr\u00ean kh\u1eafp c\u00e1c khu v\u1ef1c n\u00e0y, n\u0103m v\u00f9ng sinh th\u00e1i tr\u00ean c\u1ea1n c\u00f3 s\u1ef1 \u0111a d\u1ea1ng sinh h\u1ecdc phong ph\u00fa: t\u1eeb r\u1eebng h\u1ed7n giao \u0110\u1ea1i T\u00e2y D\u01b0\u01a1ng v\u00e0 Baltic \u0111\u1ebfn r\u1eebng l\u00e1 r\u1ed9ng Trung \u00c2u v\u00e0 r\u1eebng l\u00e1 kim tr\u00ean n\u00fai cao. H\u01a1n m\u1ed9t n\u1eeda \u0111\u1ea5t \u0111ai c\u1ee7a \u0110\u1ee9c d\u00e0nh cho n\u00f4ng nghi\u1ec7p, g\u1ea7n m\u1ed9t ph\u1ea7n ba v\u1eabn l\u00e0 r\u1eebng v\u00e0 c\u00e1c khu \u0111\u1ecbnh c\u01b0 chi\u1ebfm ph\u1ea7n c\u00f2n l\u1ea1i. C\u00e1c ngu\u1ed3n t\u00e0i nguy\u00ean thi\u00ean nhi\u00ean ch\u00ednh bao g\u1ed3m qu\u1eb7ng s\u1eaft, than \u0111\u00e1, kali, g\u1ed7 v\u00e0 than non, c\u00f9ng nhi\u1ec1u lo\u1ea1i kh\u00e1c.<\/p>\n<p>H\u1ec7 th\u1ef1c v\u1eadt c\u1ee7a \u0110\u1ee9c bao g\u1ed3m c\u00e2y s\u1ed3i, c\u00e2y s\u1ed3i, c\u00e2y v\u00e2n sam v\u00e0 c\u00e2y th\u00f4ng, c\u00f9ng v\u1edbi c\u00e2y d\u01b0\u01a1ng x\u1ec9, n\u1ea5m v\u00e0 hoa d\u1ea1i nh\u01b0 hoa thanh c\u00fac xanh, t\u1eebng l\u00e0 bi\u1ec3u t\u01b0\u1ee3ng qu\u1ed1c gia. H\u1ec7 \u0111\u1ed9ng v\u1eadt tr\u1ea3i d\u00e0i t\u1eeb h\u01b0\u01a1u roe v\u00e0 l\u1ee3n r\u1eebng \u0111\u1ebfn h\u1ea3i ly \u00c1-\u00c2u v\u00e0 th\u1ec9nh tho\u1ea3ng l\u00e0 c\u1eebu mouflon. Ho\u1ea1t \u0111\u1ed9ng b\u1ea3o t\u1ed3n \u0111\u00e3 t\u1ea1o ra m\u01b0\u1eddi s\u00e1u c\u00f4ng vi\u00ean qu\u1ed1c gia\u2014trong s\u1ed1 \u0111\u00f3 c\u00f3 Jasmund tr\u00ean \u0110\u1ea3o R\u00fcgen, R\u1eebng Bavaria v\u00e0 Berchtesgaden\u2014c\u1ed9ng v\u1edbi m\u01b0\u1eddi b\u1ea3y khu d\u1ef1 tr\u1eef sinh quy\u1ec3n v\u00e0 h\u01a1n m\u1ed9t tr\u0103m c\u00f4ng vi\u00ean thi\u00ean nhi\u00ean. C\u00e1c v\u01b0\u1eddn th\u00fa c\u0169ng r\u1ea5t nhi\u1ec1u, v\u1edbi V\u01b0\u1eddn th\u00fa Berlin, \u0111\u01b0\u1ee3c th\u00e0nh l\u1eadp v\u00e0o n\u0103m 1844, tuy\u00ean b\u1ed1 c\u00f3 b\u1ed9 s\u01b0u t\u1eadp lo\u00e0i r\u1ed9ng l\u1edbn nh\u1ea5t th\u1ebf gi\u1edbi v\u00e0 l\u00e0 trung t\u00e2m nh\u00e2n gi\u1ed1ng c\u00e1c lo\u00e0i \u0111\u1ed9ng v\u1eadt c\u00f3 nguy c\u01a1 tuy\u1ec7t ch\u1ee7ng.<\/p>\n<p>Kh\u00ed h\u1eadu \u00f4n \u0111\u1edbi c\u1ee7a \u0110\u1ee9c thay \u0111\u1ed5i t\u1eeb \u0111\u1ea1i d\u01b0\u01a1ng \u1edf ph\u00eda t\u00e2y b\u1eafc, n\u01a1i bi\u1ec3n \u1ea3nh h\u01b0\u1edfng \u0111\u1ebfn nhi\u1ec7t \u0111\u1ed9 v\u1eeba ph\u1ea3i, \u0111\u1ebfn l\u1ee5c \u0111\u1ecba \u1edf ph\u00eda \u0111\u00f4ng v\u00e0 \u0111\u00f4ng nam v\u1edbi c\u00e1c c\u1ef1c \u0111i\u1ec3m theo m\u00f9a r\u00f5 r\u1ec7t h\u01a1n. Nhi\u1ec7t \u0111\u1ed9 trung b\u00ecnh h\u00e0ng th\u00e1ng t\u1eeb th\u00e1ng 2 n\u0103m 2019 \u0111\u1ebfn th\u00e1ng 2 n\u0103m 2020 dao \u0111\u1ed9ng t\u1eeb 3,3 \u00b0C v\u00e0o th\u00e1ng 1 n\u0103m 2020 \u0111\u1ebfn 19,8 \u00b0C v\u00e0o th\u00e1ng 6 n\u0103m 2019. L\u01b0\u1ee3ng m\u01b0a dao \u0111\u1ed9ng t\u1eeb 30 L\/m\u00b2 v\u00e0o m\u00f9a xu\u00e2n \u0111\u1ebfn 125 L\/m\u00b2 v\u00e0o cu\u1ed1i m\u00f9a \u0111\u00f4ng, trong khi s\u1ed1 gi\u1edd n\u1eafng k\u00e9o d\u00e0i t\u1eeb m\u1ee9c th\u1ea5p nh\u1ea5t l\u00e0 45 v\u00e0o th\u00e1ng 11 n\u0103m 2019 \u0111\u1ebfn 300 v\u00e0o th\u00e1ng 6 n\u0103m 2019. Bi\u1ebfn \u0111\u1ed5i kh\u00ed h\u1eadu l\u00e2u d\u00e0i \u0111ang l\u00e0m gia t\u0103ng c\u00e1c \u0111\u1ee3t n\u1eafng n\u00f3ng v\u00e0 l\u0169 l\u1ee5t, \u0111e d\u1ecda ngu\u1ed3n cung c\u1ea5p n\u01b0\u1edbc v\u00e0 n\u00f4ng nghi\u1ec7p, v\u1edbi thi\u1ec7t h\u1ea1i kinh t\u1ebf d\u1ef1 ki\u1ebfn \u200b\u200bl\u00ean t\u1edbi 900 t\u1ef7 euro v\u00e0o gi\u1eefa th\u1ebf k\u1ef7.<\/p>\n<p>V\u0103n h\u00f3a \u1edf \u0110\u1ee9c ph\u1ea3n \u00e1nh nhi\u1ec1u th\u1ebf k\u1ef7 n\u1ed7 l\u1ef1c tri\u1ebft h\u1ecdc, khoa h\u1ecdc v\u00e0 ngh\u1ec7 thu\u1eadt. \u0110\u1ea5t n\u01b0\u1edbc n\u00e0y n\u1eafm gi\u1eef 54 Di s\u1ea3n th\u1ebf gi\u1edbi \u0111\u01b0\u1ee3c UNESCO c\u00f4ng nh\u1eadn\u2014m\u1ed9t trong nh\u1eefng di s\u1ea3n cao nh\u1ea5t th\u1ebf gi\u1edbi\u2014bao g\u1ed3m Nh\u00e0 th\u1edd Cologne, Dinh th\u1ef1 W\u00fcrzburg v\u00e0 c\u00e1c hang \u0111\u1ed9ng ch\u1ea1m kh\u1eafc c\u1ee7a Messel Pit. C\u00e1c truy\u1ec1n th\u1ed1ng d\u00e2n gian nh\u01b0 l\u1ec5 h\u1ed9i Oktoberfest b\u1eaft ngu\u1ed3n t\u1eeb Munich v\u00e0 c\u00e1c phong t\u1ee5c Gi\u00e1ng sinh nh\u01b0 v\u00f2ng hoa m\u00f9a v\u1ecdng v\u00e0 b\u00e1nh Stollen v\u1eabn ti\u1ebfp t\u1ee5c thu h\u00fat \u0111\u00e1m \u0111\u00f4ng. C\u00e1c ng\u00e0y l\u1ec5 kh\u00e1c nhau t\u00f9y theo ti\u1ec3u bang, nh\u01b0ng ng\u00e0y 3 th\u00e1ng 10 \u0111o\u00e0n k\u1ebft t\u1ea5t c\u1ea3 ng\u01b0\u1eddi \u0110\u1ee9c \u0111\u1ec3 k\u1ef7 ni\u1ec7m s\u1ef1 th\u1ed1ng nh\u1ea5t. C\u1ea5u tr\u00fac x\u00e3 h\u1ed9i bao g\u1ed3m 49,7 ph\u1ea7n tr\u0103m ng\u01b0\u1eddi theo \u0111\u1ea1o Thi\u00ean ch\u00faa (Tin l\u00e0nh v\u00e0 C\u00f4ng gi\u00e1o), \u01b0\u1edbc t\u00ednh 6,7 ph\u1ea7n tr\u0103m ng\u01b0\u1eddi theo \u0111\u1ea1o H\u1ed3i v\u00e0 c\u00e1c c\u1ed9ng \u0111\u1ed3ng nh\u1ecf h\u01a1n g\u1ed3m ng\u01b0\u1eddi Do Th\u00e1i, Ph\u1eadt gi\u00e1o v\u00e0 nh\u1eefng ng\u01b0\u1eddi kh\u00e1c, trong khi ch\u1ee7 ngh\u0129a th\u1ebf t\u1ee5c \u0111\u00e3 ph\u00e1t tri\u1ec3n \u0111\u00e1ng k\u1ec3 trong nh\u1eefng th\u1eadp k\u1ef7 g\u1ea7n \u0111\u00e2y.<\/p>\n<p>\u1ea8m th\u1ef1c \u0110\u1ee9c say s\u01b0a v\u1edbi s\u1ef1 \u0111a d\u1ea1ng theo v\u00f9ng mi\u1ec1n. C\u00e1c ti\u1ec7m b\u00e1nh s\u1ea3n xu\u1ea5t h\u01a1n 600 lo\u1ea1i b\u00e1nh m\u00ec v\u00e0 1.200 lo\u1ea1i b\u00e1nh ng\u1ecdt; pho m\u00e1t chi\u1ebfm kho\u1ea3ng 22 ph\u1ea7n tr\u0103m s\u1ea3n l\u01b0\u1ee3ng c\u1ee7a ch\u00e2u \u00c2u; x\u00fac x\u00edch c\u00f3 g\u1ea7n 1.500 lo\u1ea1i, t\u1eeb bratwurst th\u1ecbnh so\u1ea1n \u0111\u1ebfn weissw\u00fcrste tinh t\u1ebf. Bia, \u0111\u01b0\u1ee3c t\u00f4n s\u00f9ng theo lu\u1eadt v\u1ec1 \u0111\u1ed9 tinh khi\u1ebft c\u00f3 t\u1eeb th\u1ebf k\u1ef7 XVI, v\u1eabn l\u00e0 \u0111\u1ed3 u\u1ed1ng qu\u1ed1c gia v\u1edbi h\u01a1n 110 L b\u00ecnh qu\u00e2n \u0111\u1ea7u ng\u01b0\u1eddi h\u00e0ng n\u0103m, trong khi s\u1ea3n l\u01b0\u1ee3ng r\u01b0\u1ee3u vang \u0111\u1ee9ng th\u1ee9 ch\u00edn tr\u00ean to\u00e0n c\u1ea7u. \u1ea8m th\u1ef1c qu\u1ed1c t\u1ebf c\u0169ng ph\u00e1t tri\u1ec3n m\u1ea1nh \u1edf c\u00e1c trung t\u00e2m th\u00e0nh th\u1ecb, t\u1eeb b\u00e1nh m\u00ec d\u00f6ner kebab c\u1ee7a Th\u1ed5 Nh\u0129 K\u1ef3 \u0111\u1ebfn c\u00e1c m\u00f3n \u0111\u1eb7c s\u1ea3n c\u1ee7a Ch\u00e2u \u00c1 v\u00e0 \u0110\u1ecba Trung H\u1ea3i.<\/p>\n<p>Th\u1ec3 thao, \u0111\u1eb7c bi\u1ec7t l\u00e0 b\u00f3ng \u0111\u00e1, thu h\u00fat c\u1ea3 n\u01b0\u1edbc. Hi\u1ec7p h\u1ed9i b\u00f3ng \u0111\u00e1 \u0110\u1ee9c, v\u1edbi h\u01a1n b\u1ea3y tri\u1ec7u th\u00e0nh vi\u00ean, l\u00e0 t\u1ed5 ch\u1ee9c th\u1ec3 thao \u0111\u01a1n l\u1ebb l\u1edbn nh\u1ea5t th\u1ebf gi\u1edbi. Bundesliga thu h\u00fat l\u01b0\u1ee3ng kh\u00e1n gi\u1ea3 trung b\u00ecnh cao th\u1ee9 hai trong s\u1ed1 c\u00e1c gi\u1ea3i \u0111\u1ea5u chuy\u00ean nghi\u1ec7p tr\u00ean to\u00e0n c\u1ea7u v\u00e0 \u0111\u1ed9i tuy\u1ec3n qu\u1ed1c gia nam \u0111\u00e3 gi\u00e0nh \u0111\u01b0\u1ee3c b\u1ed1n k\u1ef3 World Cup FIFA, ba Gi\u1ea3i v\u00f4 \u0111\u1ecbch ch\u00e2u \u00c2u UEFA v\u00e0 C\u00fap Li\u00ean \u0111o\u00e0n c\u00e1c ch\u00e2u l\u1ee5c FIFA 2017.<\/p>\n<p>B\u1ea5t ch\u1ea5p khu\u00f4n m\u1eabu v\u1ec1 s\u1ef1 ch\u00ednh x\u00e1c v\u00e0 h\u00e0nh vi tu\u00e2n theo quy t\u1eafc, \u0110\u1ee9c v\u1eabn b\u1ed9c l\u1ed9 s\u1ef1 phong ph\u00fa v\u1ec1 s\u1ef1 \u0111a d\u1ea1ng theo v\u00f9ng mi\u1ec1n. M\u01b0\u1eddi s\u00e1u ti\u1ec3u bang (\u201cL\u00e4nder\u201d)\u2014ba trong s\u1ed1 \u0111\u00f3 l\u00e0 c\u00e1c th\u00e0nh bang\u2014c\u00f3 ngu\u1ed3n g\u1ed1c t\u1eeb c\u00e1c c\u00f4ng qu\u1ed1c v\u00e0 l\u00e3nh \u0111\u1ecba l\u1ecbch s\u1eed. C\u01b0 d\u00e2n ph\u00eda b\u1eafc n\u00f3i ti\u1ebfng \u0110\u1ee9c th\u1ea5p v\u00e0 th\u00edch b\u1edd bi\u1ec3n l\u1ed9ng gi\u00f3; c\u00e1c v\u00f9ng tr\u1ed3ng nho ph\u00eda t\u00e2y tr\u00e2n tr\u1ecdng c\u00e1c lo\u1ea1i r\u01b0\u1ee3u vang Moselle v\u00e0 Rhine; trung t\u00e2m Hesse v\u00e0 Thuringia c\u00f3 nh\u1eefng khu r\u1eebng r\u1eadm r\u1ea1p v\u00e0 th\u1ecb tr\u1ea5n th\u1eddi trung c\u1ed5; ph\u00eda \u0111\u00f4ng L\u00e4nder mang d\u1ea5u \u1ea5n c\u1ee7a GDR, trong khi ph\u00eda nam t\u1ef1 h\u00e0o v\u1ec1 n\u00e9t quy\u1ebfn r\u0169 c\u1ee7a d\u00e3y An-p\u01a1 Bavaria v\u00e0 s\u1ef1 tinh t\u1ebf trong \u1ea9m th\u1ef1c Swabia. Ch\u00edn th\u00e0nh ph\u1ed1 n\u1ed5i b\u1eadt: th\u1eddi k\u1ef3 ph\u1ee5c h\u01b0ng v\u0103n h\u00f3a c\u1ee7a Berlin sau qu\u00e1 kh\u1ee9 chia c\u1eaft; khu ph\u1ed1 h\u00e0ng h\u1ea3i c\u1ee7a Bremen; di s\u1ea3n La M\u00e3 v\u00e0 nh\u00e0 th\u1edd l\u1edbn cao ch\u00f3t v\u00f3t c\u1ee7a Cologne; c\u00f4ng cu\u1ed9c t\u00e1i thi\u1ebft t\u1ec9 m\u1ec9 c\u1ee7a Dresden; th\u1eddi trang v\u00e0 nh\u1eefng con \u0111\u01b0\u1eddng d\u1ea1o ven s\u00f4ng c\u1ee7a D\u00fcsseldorf; \u0111\u01b0\u1eddng ch\u00e2n tr\u1eddi v\u00e0 c\u00e1c b\u1ea3o t\u00e0ng c\u1ee7a Frankfurt; k\u00eanh \u0111\u00e0o v\u00e0 Elbphilharmonie c\u1ee7a Hamburg; c\u00e1c qu\u00e1n bia v\u00e0 c\u1eeda ng\u00f5 d\u00e3y An-p\u01a1 c\u1ee7a Munich; v\u00e0 c\u00e1c b\u1ee9c t\u01b0\u1eddng th\u1eddi trung c\u1ed5 v\u00e0 c\u00e1c \u0111\u1ecba \u0111i\u1ec3m t\u1ed9i \u00e1c chi\u1ebfn tranh u \u00e1m c\u1ee7a Nuremberg.<\/p>\n<p>Ngo\u00e0i ra, du kh\u00e1ch c\u00f2n t\u00ecm \u0111\u1ebfn b\u1edd bi\u1ec3n Baltic c\u1ee7a Binz v\u00e0 Usedom; quang c\u1ea3nh c\u1ed5 t\u00edch c\u1ee7a L\u00e2u \u0111\u00e0i Neuschwanstein; v\u00e1ch \u0111\u00e1 karst c\u1ee7a Th\u1ee5y S\u0129 Franconian; nh\u1eefng con \u0111\u01b0\u1eddng m\u00f2n huy\u1ec1n b\u00ed c\u1ee7a \u0111\u1ec9nh Harz&#039;s Brocken; v\u00f9ng n\u01b0\u1edbc y\u00ean b\u00ecnh c\u1ee7a H\u1ed3 Constance; v\u00e0 nh\u1eefng v\u01b0\u1eddn nho c\u1ee7a Thung l\u0169ng Trung Rhine. C\u00e1c tuy\u1ebfn \u0111\u01b0\u1eddng l\u1ecbch s\u1eed \u0111an xen qua c\u00e1c th\u00e0nh l\u0169y ki\u00ean c\u1ed1 c\u1ee7a Rothenburg ob der Tauber v\u00e0 M\u00fcnster cao v\u00fat c\u1ee7a Ulm, trong khi \u0110\u01b0\u1eddng m\u00f2n Brothers Grimm n\u1ed1i li\u1ec1n nh\u1eefng ng\u00f4i l\u00e0ng truy\u1ec1n c\u1ea3m h\u1ee9ng cho nh\u1eefng c\u00e2u chuy\u1ec7n v\u1ec1 Rapunzel v\u00e0 Rumpelstiltskin.<\/p>\n<p>L\u00e0 m\u1ed9t qu\u1ed1c gia c\u00f4ng nghi\u1ec7p hi\u1ec7n \u0111\u1ea1i, \u201cph\u00e9p m\u00e0u kinh t\u1ebf\u201d c\u1ee7a \u0110\u1ee9c t\u00ecm th\u1ea5y h\u00ecnh th\u1ee9c c\u1ee5 th\u1ec3 trong di s\u1ea3n than v\u00e0 th\u00e9p c\u1ee7a Ruhr, c\u00e1c tuy\u1ebfn \u0111\u01b0\u1eddng v\u1eadn chuy\u1ec3n to\u00e0n c\u1ea7u c\u1ee7a Hamburg, c\u00e1c t\u00f2a nh\u00e0 ch\u1ecdc tr\u1eddi t\u00e0i ch\u00ednh c\u1ee7a Frankfurt, c\u00e1c khu ph\u1ed1 th\u1eddi trang c\u1ee7a D\u00fcsseldorf, c\u00e1c doanh nghi\u1ec7p truy\u1ec1n th\u00f4ng c\u1ee7a Cologne v\u00e0 c\u00e1c b\u1ea3o t\u00e0ng \u00f4 t\u00f4 c\u1ee7a Stuttgart. Berlin, v\u1eeba b\u1ecb chia c\u1eaft v\u1eeba th\u1ed1ng nh\u1ea5t, \u0111\u1eb7t c\u1ea1nh c\u00e1c t\u00f2a th\u00e1p Bauhaus v\u00e0 cung \u0111i\u1ec7n baroque, ngh\u1ec7 thu\u1eadt \u0111\u01b0\u1eddng ph\u1ed1 v\u00e0 c\u00e1c c\u00e2u l\u1ea1c b\u1ed9 ng\u1ea7m, \u0111\u00e0i t\u01b0\u1edfng ni\u1ec7m Holocaust v\u00e0 c\u00e1c bi\u1ec3u t\u01b0\u1ee3ng c\u1ee7a s\u1ef1 \u0111\u1ed5i m\u1edbi d\u00e2n ch\u1ee7.<\/p>\n<p>Cu\u1ed9c s\u1ed1ng th\u01b0\u1eddng ng\u00e0y \u1edf \u0110\u1ee9c mang nh\u1eefng nghi th\u1ee9c ri\u00eang: \u0111\u00e8n giao th\u00f4ng m\u00e0u \u0111\u1ecf \u0111\u00f2i h\u1ecfi s\u1ef1 t\u00f4n tr\u1ecdng v\u00e0o b\u1ea5t k\u1ef3 gi\u1edd n\u00e0o; c\u00e1ch x\u01b0ng h\u00f4 trang tr\u1ecdng b\u1eb1ng h\u1ecd v\u00e0 \u0111\u1ea1i t\u1eeb Sie nh\u1ea5n m\u1ea1nh s\u1ef1 l\u1ecbch s\u1ef1 trong ngh\u1ec1 nghi\u1ec7p; s\u1ef1 th\u1eb3ng th\u1eafn \u0111\u01b0\u1ee3c coi tr\u1ecdng h\u01a1n nh\u1eefng c\u00e2u chuy\u1ec7n phi\u1ebfm; s\u1ef1 h\u00e0i h\u01b0\u1edbc c\u00f3 xu h\u01b0\u1edbng h\u01b0\u1edbng \u0111\u1ebfn s\u1ef1 m\u1ec9a mai v\u00e0 ch\u01a1i ch\u1eef. Kh\u00f4ng gian c\u00f4ng c\u1ed9ng \u0111\u00f2i h\u1ecfi s\u1ef1 l\u1ecbch s\u1ef1: u\u1ed1ng r\u01b0\u1ee3u t\u1eeb Stein l\u00e0 \u0111i\u1ec1u b\u00ecnh th\u01b0\u1eddng, nh\u01b0ng h\u00e0nh vi \u1ed3n \u00e0o s\u1ebd nhanh ch\u00f3ng b\u1ecb khi\u1ec3n tr\u00e1ch; c\u00e1c \u0111\u00e0i t\u01b0\u1edfng ni\u1ec7m v\u00e0 n\u01a1i th\u1edd c\u00fang \u0111\u0103ng c\u00e1c quy t\u1eafc c\u1ee7a ng\u00f4i nh\u00e0 \u0111\u00e1ng \u0111\u01b0\u1ee3c tu\u00e2n th\u1ee7 nghi\u00eam ng\u1eb7t; tr\u1ebb em v\u1eabn ph\u1ea3i ch\u1ecbu s\u1ef1 gi\u00e1m s\u00e1t c\u1ee7a cha m\u1eb9 \u0111\u1ec3 &#034;Eltern haften f\u00fcr ihre Kinder&#034; kh\u00f4ng tr\u1edf th\u00e0nh ngh\u0129a \u0111en. T\u1eafm n\u1eafng ng\u1ef1c tr\u1ea7n v\u00e0 kh\u1ecfa th\u00e2n gi\u1eefa nam v\u00e0 n\u1eef l\u00e0 th\u00f4ng l\u1ec7 t\u1ea1i c\u00e1c b\u00e3i bi\u1ec3n v\u00e0 ph\u00f2ng x\u00f4ng h\u01a1i kh\u00f4; l\u1ec7nh c\u1ea5m h\u00fat thu\u1ed1c \u0111\u01b0\u1ee3c \u00e1p d\u1ee5ng trong nh\u00e0 v\u00e0 tr\u00ean t\u00e0u, trong khi thu\u1ed1c l\u00e1 \u0111i\u1ec7n t\u1eed n\u1eb1m trong v\u00f9ng x\u00e1m h\u1ee3p ph\u00e1p. L\u00e0 kh\u00e1ch, ng\u01b0\u1eddi ta \u0111\u00e1p l\u1ea1i l\u00f2ng hi\u1ebfu kh\u00e1ch b\u1eb1ng nh\u1eefng m\u00f3n qu\u00e0 c\u00f3 th\u1ec3 ti\u00eau th\u1ee5 \u0111\u01b0\u1ee3c\u2014m\u1ed9t lo\u1ea1i r\u01b0\u1ee3u vang \u0111\u1ecba ph\u01b0\u01a1ng h\u1ea3o h\u1ea1ng ho\u1eb7c \u0111\u1ed3 th\u1ee7 c\u00f4ng\u2014\u0111\u01b0\u1ee3c coi tr\u1ecdng h\u01a1n nh\u1eefng m\u00f3n \u0111\u1ed3 trang tr\u00ed.<\/p>","protected":false},"excerpt":{"rendered":"<p>\u0110\u1ee9c, t\u00ean ch\u00ednh th\u1ee9c l\u00e0 C\u1ed9ng h\u00f2a Li\u00ean bang \u0110\u1ee9c, n\u1eb1m \u1edf Trung \u00c2u v\u00e0 c\u00f3 d\u00e2n s\u1ed1 h\u01a1n 82 tri\u1ec7u ng\u01b0\u1eddi tr\u00ean di\u1ec7n t\u00edch 357.569 kil\u00f4m\u00e9t vu\u00f4ng (138.058 d\u1eb7m vu\u00f4ng). \u0110\u1ee9c l\u00e0 qu\u1ed1c gia th\u00e0nh vi\u00ean \u0111\u00f4ng d\u00e2n nh\u1ea5t c\u1ee7a Li\u00ean minh ch\u00e2u \u00c2u v\u00e0 l\u00e0 m\u1ed9t nh\u00e2n t\u1ed1 n\u1ed5i b\u1eadt tr\u00ean c\u1ea3 s\u00e2n kh\u1ea5u ch\u00e2u \u00c2u v\u00e0 to\u00e0n c\u1ea7u. V\u1ecb tr\u00ed quan tr\u1ecdng c\u1ee7a \u0110\u1ee9c t\u1ea1i ng\u00e3 ba \u0111\u01b0\u1eddng c\u1ee7a l\u1ee5c \u0111\u1ecba \u0111\u00e3 \u1ea3nh h\u01b0\u1edfng \u0111\u1ebfn l\u1ecbch s\u1eed, v\u0103n h\u00f3a v\u00e0 t\u0103ng tr\u01b0\u1edfng kinh t\u1ebf c\u1ee7a n\u01b0\u1edbc n\u00e0y trong h\u00e0ng thi\u00ean ni\u00ean k\u1ef7.<\/p>","protected":false},"author":1,"featured_media":3923,"parent":24078,"menu_order":0,"comment_status":"closed","ping_status":"closed","template":"elementor_theme","meta":{"_eb_attr":"","footnotes":""},"class_list":["post-13736","page","type-page","status-publish","has-post-thumbnail"],"_links":{"self":[{"href":"https:\/\/travelshelper.com\/vi\/wp-json\/wp\/v2\/pages\/13736","targetHints":{"allow":["GET"]}}],"collection":[{"href":"https:\/\/travelshelper.com\/vi\/wp-json\/wp\/v2\/pages"}],"about":[{"href":"https:\/\/travelshelper.com\/vi\/wp-json\/wp\/v2\/types\/page"}],"author":[{"embeddable":true,"href":"https:\/\/travelshelper.com\/vi\/wp-json\/wp\/v2\/users\/1"}],"replies":[{"embeddable":true,"href":"https:\/\/travelshelper.com\/vi\/wp-json\/wp\/v2\/comments?post=13736"}],"version-history":[{"count":0,"href":"https:\/\/travelshelper.com\/vi\/wp-json\/wp\/v2\/pages\/13736\/revisions"}],"up":[{"embeddable":true,"href":"https:\/\/travelshelper.com\/vi\/wp-json\/wp\/v2\/pages\/24078"}],"wp:featuredmedia":[{"embeddable":true,"href":"https:\/\/travelshelper.com\/vi\/wp-json\/wp\/v2\/media\/3923"}],"wp:attachment":[{"href":"https:\/\/travelshelper.com\/vi\/wp-json\/wp\/v2\/media?parent=13736"}],"curies":[{"name":"wp","href":"https:\/\/api.w.org\/{rel}","templated":true}]}}