{"id":13671,"date":"2024-09-18T01:03:38","date_gmt":"2024-09-18T01:03:38","guid":{"rendered":"https:\/\/travelshelper.com\/staging\/?page_id=13671"},"modified":"2026-03-12T00:58:08","modified_gmt":"2026-03-12T00:58:08","slug":"volos","status":"publish","type":"page","link":"https:\/\/travelshelper.com\/vi\/destinations\/europe\/greece\/volos\/","title":{"rendered":"Volos"},"content":{"rendered":"<p>Volos, th\u00e0nh ph\u1ed1 c\u1ea3ng ven bi\u1ec3n \u0111\u00f3ng vai tr\u00f2 l\u00e0 c\u1eeda ng\u00f5 h\u00e0ng h\u1ea3i v\u00e0o Thessaly, c\u00f3 c\u1ea3 \u0111\u1ecba l\u00fd v\u00e0 l\u1ecbch s\u1eed ngang nhau. V\u1edbi d\u00e2n s\u1ed1 th\u01b0\u1eddng tr\u00fa l\u00e0 85.803 ng\u01b0\u1eddi t\u00ednh \u0111\u1ebfn n\u0103m 2021, th\u00e0nh ph\u1ed1 n\u00e0y n\u1eb1m \u1edf \u0111i\u1ec3m s\u00e2u nh\u1ea5t c\u1ee7a V\u1ecbnh Pagasetic, n\u01a1i \u0111\u1ed3ng b\u1eb1ng d\u01b0\u1edbi ch\u00e2n N\u00fai Pelion tr\u1ea3i d\u00e0i v\u1ec1 ph\u00eda \u0111\u00f4ng h\u01b0\u1edbng \u0111\u1ebfn Agria v\u00e0 v\u1ec1 ph\u00eda t\u00e2y nam h\u01b0\u1edbng \u0111\u1ebfn Nea Anchialos. L\u00e0 th\u1ee7 ph\u1ee7 c\u1ee7a \u0111\u01a1n v\u1ecb khu v\u1ef1c Magnesia, Volos kh\u00f4ng ch\u1ec9 \u0111\u00f3ng vai tr\u00f2 l\u00e0 trung t\u00e2m h\u00e0nh ch\u00ednh khu v\u1ef1c m\u00e0 c\u00f2n l\u00e0 c\u1eeda ng\u00f5 duy nh\u1ea5t c\u1ee7a Thessaly ra Bi\u1ec3n Aegean, b\u1eafc c\u1ea7u v\u00f9ng \u0111\u1ea5t n\u00f4ng nghi\u1ec7p l\u1edbn nh\u1ea5t c\u1ee7a Hy L\u1ea1p v\u1edbi c\u00e1c d\u00f2ng ch\u1ea3y th\u01b0\u01a1ng m\u1ea1i r\u1ed9ng l\u1edbn h\u01a1n c\u1ee7a ch\u00e2u \u00c2u v\u00e0 ch\u00e2u \u00c1.<\/p>\n<p>T\u1eeb ngu\u1ed3n g\u1ed1c huy\u1ec1n tho\u1ea1i c\u1ee7a n\u00f3 t\u1ea1i khu \u0111\u1ecbnh c\u01b0 c\u1ed5 \u0111\u1ea1i Iolkos\u2014n\u01a1i Jason v\u00e0 Argonauts \u0111\u01b0\u1ee3c cho l\u00e0 \u0111\u00e3 h\u1ea1 th\u1ee7y Argo\u2014Volos \u0111\u00e3 li\u00ean t\u1ee5c t\u00e1i t\u1ea1o ch\u00ednh n\u00f3. Th\u00e0nh ph\u1ed1 hi\u1ec7n \u0111\u1ea1i n\u00e0y xu\u1ea5t hi\u1ec7n sau tr\u1eadn \u0111\u1ed9ng \u0111\u1ea5t th\u1ea3m kh\u1ed1c n\u0103m 1955, \u0111\u00e3 san ph\u1eb3ng ph\u1ea7n l\u1edbn c\u00e1c dinh th\u1ef1 t\u00e2n c\u1ed5 \u0111i\u1ec3n v\u00e0 b\u1edd s\u00f4ng l\u1ecbch s\u1eed c\u1ee7a th\u00e0nh ph\u1ed1. Thay v\u00e0o \u0111\u00f3 l\u00e0 m\u1ed9t m\u1ea1ng l\u01b0\u1edbi c\u00e1c c\u00f4ng tr\u00ecnh \u0111\u01b0\u01a1ng \u0111\u1ea1i, trong khi m\u1ed9t s\u1ed1 \u00edt dinh th\u1ef1 \u0111\u01b0\u1ee3c ph\u1ee5c h\u1ed3i hi\u1ec7n ph\u1ee5c v\u1ee5 m\u1ee5c \u0111\u00edch c\u00f4ng c\u1ed9ng, nh\u1eefng d\u1ea5u t\u00edch m\u1edd nh\u1ea1t c\u1ee7a s\u1ef1 th\u1ecbnh v\u01b0\u1ee3ng th\u01b0\u01a1ng m\u1ea1i \u0111\u00e3 qua. Ki\u1ebfn tr\u00fac s\u01b0 Aristotelis Zachos \u0111\u00e3 \u0111\u1ec3 l\u1ea1i d\u1ea5u \u1ea5n c\u1ee7a m\u00ecnh tr\u00ean \u0111\u01b0\u1eddng ch\u00e2n tr\u1eddi v\u1edbi c\u00e1c nh\u00e0 th\u1edd Saint Nicholas v\u00e0 Saint Constantine v\u00e0 Helen, nh\u1eefng ng\u1ecdn h\u1ea3i \u0111\u0103ng k\u00edn \u0111\u00e1o tr\u00ean l\u1ed1i \u0111i d\u1ea1o ven bi\u1ec3n n\u00f3i l\u00ean di s\u1ea3n h\u00e0ng h\u1ea3i v\u00e0 n\u1ec1n t\u1ea3ng t\u00e2m linh c\u1ee7a th\u00e0nh ph\u1ed1.<\/p>\n<p>V\u1ec1 m\u1eb7t \u0111\u1ecba l\u00fd, Volos \u0111\u01b0\u1ee3c x\u00e1c \u0111\u1ecbnh b\u1edfi ba d\u00f2ng th\u00e1c l\u0169 tr\u00ean n\u00fai\u2014Anavros, Krafsidonas v\u00e0 Xirias\u2014m\u1ed7i d\u00f2ng ch\u1ea3y xu\u1ed1ng t\u1eeb \u0111\u1ec9nh n\u00fai Pelion cao 1.610 m\u00e9t. Ch\u00fang t\u1ea1o ra c\u00e1c r\u00e0o ch\u1eafn t\u1ef1 nhi\u00ean tr\u00ean kh\u1eafp c\u1ea3nh quan \u0111\u00f4 th\u1ecb, \u0111\u1ecbnh h\u00ecnh ranh gi\u1edbi khu d\u00e2n c\u01b0 v\u00e0 t\u1ea1o ra c\u00e1c h\u00e0nh lang xanh t\u01b0\u01a1i l\u00e0m d\u1ecbu \u0111i tr\u00e1i tim c\u00f4ng nghi\u1ec7p c\u1ee7a th\u00e0nh ph\u1ed1. \u0110\u1eb7c bi\u1ec7t, Krafsidonas \u0111\u00f3ng vai tr\u00f2 l\u00e0 l\u00e1 ph\u1ed5i xanh c\u1ee7a th\u00e0nh ph\u1ed1, ng\u0103n c\u00e1ch c\u00e1c th\u00e0nh ph\u1ed1 Volos v\u00e0 Nea Ionia ngay c\u1ea3 khi n\u00f3 nu\u00f4i d\u01b0\u1ee1ng c\u00e1c c\u00f4ng vi\u00ean v\u00e0 \u0111\u01b0\u1eddng d\u00e0nh cho ng\u01b0\u1eddi \u0111i b\u1ed9. Kh\u1ed1i n\u00fai Pelion, d\u00e2ng l\u00ean ngay v\u1ec1 ph\u00eda nam, t\u1ea1o ra b\u00f3ng m\u01b0a l\u00e0m gi\u1ea3m l\u01b0\u1ee3ng m\u01b0a, trong khi v\u00f9ng n\u01b0\u1edbc \u00eam \u1ea3 c\u1ee7a v\u1ecbnh th\u1ea5m nhu\u1ea7n th\u00e0nh ph\u1ed1 v\u1edbi kh\u00ed h\u1eadu c\u00e2n b\u1eb1ng gi\u1eefa m\u00f9a h\u00e8 \u1ea5m \u00e1p v\u00e0 m\u00f9a \u0111\u00f4ng \u00f4n h\u00f2a, cho ph\u00e9p tuy\u1ebft r\u01a1i th\u1ec9nh tho\u1ea3ng m\u00e0 kh\u00f4ng l\u00e0m gi\u00e1n \u0111o\u1ea1n cu\u1ed9c s\u1ed1ng h\u00e0ng ng\u00e0y.<\/p>\n<p>N\u1ec1n kinh t\u1ebf c\u1ee7a Volos l\u00e0 minh ch\u1ee9ng cho \u0111\u1ecba l\u00fd chi\u1ebfn l\u01b0\u1ee3c v\u00e0 s\u1ef1 ph\u00e1t tri\u1ec3n c\u00f4ng nghi\u1ec7p. N\u1eb1m t\u1ea1i ng\u00e3 t\u01b0 \u0111\u01b0\u1eddng cao t\u1ed1c E75 (PATHE), v\u1edbi c\u00e1c tuy\u1ebfn \u0111\u01b0\u1eddng s\u1eaft k\u1ebft n\u1ed1i \u0111\u1ebfn Athens, Thessaloniki v\u00e0 Larissa, v\u00e0 \u0111\u01b0\u1ee3c neo \u0111\u1eadu b\u1edfi c\u00e1c nh\u00e0 ga h\u00e0ng h\u00f3a c\u1ee7a c\u1ea3ng - l\u1edbn th\u1ee9 ba t\u1ea1i Hy L\u1ea1p - Volos duy tr\u00ec n\u1ec1n kinh t\u1ebf \u0111a d\u1ea1ng v\u1ec1 s\u1ea3n xu\u1ea5t, th\u01b0\u01a1ng m\u1ea1i, d\u1ecbch v\u1ee5 v\u00e0 du l\u1ecbch. Ng\u00e0nh c\u00f4ng nghi\u1ec7p n\u1eb7ng ph\u00e1t tri\u1ec3n m\u1ea1nh trong s\u1ea3n xu\u1ea5t th\u00e9p - th\u00f4ng qua METKA, SIDENOR v\u00e0 Hellenic Steel - v\u00e0 trong s\u1ea3n xu\u1ea5t xi m\u0103ng t\u1ea1i nh\u00e0 m\u00e1y AGET Heracles, n\u01a1i v\u1eadn chuy\u1ec3n h\u01a1n b\u1ea3y tri\u1ec7u t\u1ea5n h\u00e0ng h\u00f3a m\u1ed7i n\u0103m th\u00f4ng qua c\u1ea7u t\u00e0u ri\u00eang c\u1ee7a m\u00ecnh. C\u00e1c s\u00e1ng ki\u1ebfn \u200b\u200bnghi\u00ean c\u1ee9u b\u1ed5 sung cho c\u00e1c tr\u1ee5 c\u1ed9t c\u00f4ng nghi\u1ec7p n\u00e0y: Vi\u1ec7n Kinh t\u1ebf sinh h\u1ecdc v\u00e0 C\u00f4ng ngh\u1ec7 n\u00f4ng nghi\u1ec7p, m\u1ed9t ph\u1ea7n c\u1ee7a Trung t\u00e2m Nghi\u00ean c\u1ee9u v\u00e0 C\u00f4ng ngh\u1ec7 - Hellas, nh\u1ea5n m\u1ea1nh vai tr\u00f2 c\u1ee7a Volos trong \u0111\u1ed5i m\u1edbi n\u00f4ng nghi\u1ec7p v\u00e0 h\u1ee3p t\u00e1c khoa h\u1ecdc.<\/p>\n<p>Cu\u1ed9c s\u1ed1ng h\u1ecdc thu\u1eadt di\u1ec5n ra kh\u1eafp th\u00e0nh ph\u1ed1 th\u00f4ng qua \u0110\u1ea1i h\u1ecdc Thessaly, n\u01a1i c\u00f3 c\u00e1c h\u1ed9i tr\u01b0\u1eddng h\u1ed9i ngh\u1ecb v\u00e0 kh\u00f4ng gian tri\u1ec3n l\u00e3m t\u1ed5 ch\u1ee9c c\u00e1c cu\u1ed9c h\u1ecdp khoa h\u1ecdc v\u00e0 v\u0103n h\u00f3a qu\u1ed1c t\u1ebf. S\u1ef1 tham gia c\u1ee7a Volos v\u00e0o Th\u1ebf v\u1eadn h\u1ed9i Olympic 2004 \u0111\u00e3 m\u1edf \u0111\u1ea7u cho truy\u1ec1n th\u1ed1ng c\u00e1c s\u1ef1 ki\u1ec7n th\u1ec3 thao, t\u1eeb Gi\u1ea3i v\u00f4 \u0111\u1ecbch \u0111i\u1ec1n kinh ch\u00e2u \u00c2u \u0111\u1ebfn Th\u1ebf v\u1eadn h\u1ed9i qu\u1ed1c t\u1ebf v\u1ec1 thi\u00ean v\u0103n h\u1ecdc v\u00e0 v\u1eadt l\u00fd thi\u00ean v\u0103n n\u0103m 2013. Nh\u1eefng s\u1ef1 ki\u1ec7n n\u00e0y c\u1ee7ng c\u1ed1 b\u1ea3n s\u1eafc c\u00f4ng d\u00e2n coi tr\u1ecdng c\u1ea3 n\u1ed7 l\u1ef1c th\u1ec3 ch\u1ea5t v\u00e0 kh\u00e1m ph\u00e1 tr\u00ed tu\u1ec7.<\/p>\n<p>B\u00ean d\u01b0\u1edbi m\u1eb7t ti\u1ec1n hi\u1ec7n \u0111\u1ea1i c\u1ee7a Volos l\u00e0 nh\u1eefng l\u1edbp c\u1ed5 v\u1eadt. Ph\u00eda \u0111\u00f4ng b\u1eafc c\u1ee7a th\u00e0nh ph\u1ed1, c\u00e1c di ch\u1ec9 kh\u1ea3o c\u1ed5 c\u1ee7a Ancient Dimini v\u00e0 Sesklo c\u00f3 d\u1ea5u v\u1ebft s\u1ef1 hi\u1ec7n di\u1ec7n c\u1ee7a con ng\u01b0\u1eddi t\u1eeb th\u1eddi k\u1ef3 \u0111\u1ed3 \u0111\u00e1 m\u1edbi, cho th\u1ea5y c\u00e1c khu \u0111\u1ecbnh c\u01b0 ki\u00ean c\u1ed1, c\u00e1c ng\u00f4i m\u1ed9 hi\u1ebfn t\u1ebf v\u00e0 n\u1ec1n m\u00f3ng cung \u0111i\u1ec7n b\u00e1o tr\u01b0\u1edbc s\u1ef1 h\u00f9ng v\u0129 c\u1ee7a Mycenaean. Ng\u00f4i nh\u00e0 N c\u1ee7a Dimini, v\u1edbi nh\u1eefng t\u00e0n t\u00edch \u0111au th\u01b0\u01a1ng c\u1ee7a l\u1ec5 v\u1eadt thi\u00eau h\u1ee7y b\u00ean d\u01b0\u1edbi s\u00e0n nh\u00e0 v\u00e0 ng\u00f4i m\u1ed9 Tombi \u0111\u1ed3 s\u1ed9, g\u1ee3i l\u00ean s\u1ef1 suy ng\u1eabm v\u1ec1 c\u00e1c nghi l\u1ec5 ban \u0111\u1ea7u. V\u1ecb tr\u00ed tr\u00ean \u0111\u1ec9nh \u0111\u1ed3i c\u1ee7a Sesklo mang \u0111\u1ebfn t\u1ea7m nh\u00ecn bao qu\u00e1t v\u1ecbnh nh\u01b0ng l\u1ea1i c\u00f3 \u00edt c\u00f4ng tr\u00ecnh c\u00f2n t\u1ed3n t\u1ea1i h\u01a1n, cho th\u1ea5y m\u1ed1i quan h\u1ec7 ph\u1ee9c t\u1ea1p - c\u00f3 l\u1ebd l\u00e0 s\u1ef1 c\u1ea1nh tranh ho\u1eb7c th\u01b0\u01a1ng m\u1ea1i - v\u1edbi ng\u01b0\u1eddi h\u00e0ng x\u00f3m c\u1ee7a n\u00f3. C\u1ea3 hai \u0111\u1ecba \u0111i\u1ec3m \u0111\u1ec1u c\u00f3 th\u1ec3 ti\u1ebfp c\u1eadn b\u1eb1ng c\u00e1c chuy\u1ebfn tham quan b\u1eb1ng \u00e2m thanh c\u00f3 h\u01b0\u1edbng d\u1eabn b\u1eb1ng ti\u1ebfng Hy L\u1ea1p v\u00e0 ti\u1ebfng Anh, v\u1edbi quy\u1ec1n v\u00e0o c\u1eeda chung cho ph\u00e9p du kh\u00e1ch kh\u00e1m ph\u00e1 t\u1eebng \u0111\u1ecba \u0111i\u1ec3m m\u1ed9t.<\/p>\n<p>Trong th\u00e0nh ph\u1ed1, B\u1ea3o t\u00e0ng Kh\u1ea3o c\u1ed5 h\u1ecdc Athanasakeion tr\u00ecnh b\u00e0y m\u1ed9t bi\u00ean ni\u00ean s\u1eed ng\u1eafn g\u1ecdn nh\u01b0ng to\u00e0n di\u1ec7n v\u1ec1 l\u1ecbch s\u1eed Magnesia, trong khi B\u1ea3o t\u00e0ng Brickworks c\u1ee7a N. &amp; S. Tsalapata bi\u1ebfn m\u1ed9t khu ph\u1ee9c h\u1ee3p c\u00f4ng nghi\u1ec7p n\u0103m 1926 th\u00e0nh m\u1ed9t b\u1ee9c tranh s\u1ed1ng \u0111\u1ed9ng v\u1ec1 ng\u00e0nh s\u1ea3n xu\u1ea5t \u0111\u1ea7u th\u1ebf k\u1ef7 XX. C\u00e1c l\u00f2 nung Hoffmann, b\u1ec3 ch\u1ee9a \u0111\u1ea5t s\u00e9t v\u00e0 h\u1ec7 th\u1ed1ng v\u1eadn chuy\u1ec3n g\u1ee3i l\u00ean nh\u1ecbp \u0111i\u1ec7u s\u1ea3n xu\u1ea5t g\u1ea1ch v\u00e0 ng\u00f3i t\u1eebng s\u1eed d\u1ee5ng h\u00e0ng tr\u0103m ng\u01b0\u1eddi v\u00e0 \u0111\u1ecbnh h\u00ecnh n\u00ean m\u00f4i tr\u01b0\u1eddng x\u00e2y d\u1ef1ng c\u1ee7a Volos. B\u1ea3o t\u00e0ng th\u1ecb tr\u1ea5n Volos b\u1ed5 sung th\u00eam nh\u1eefng ho\u1ea1t \u0111\u1ed9ng n\u00e0y b\u1eb1ng c\u00e1c cu\u1ed9c tri\u1ec3n l\u00e3m v\u1ec1 \u0111\u1eddi s\u1ed1ng c\u00f4ng d\u00e2n, phong tr\u00e0o lao \u0111\u1ed9ng\u2014Volos l\u00e0 n\u01a1i c\u00f3 c\u00f4ng \u0111o\u00e0n lao \u0111\u1ed9ng \u0111\u1ea7u ti\u00ean c\u1ee7a Hy L\u1ea1p v\u00e0o n\u0103m 1908\u2014v\u00e0 s\u1ef1 giao thoa v\u0103n h\u00f3a sau Th\u1ea3m h\u1ecda Ti\u1ec3u \u00c1 n\u0103m 1922, khi nh\u1eefng ng\u01b0\u1eddi t\u1ecb n\u1ea1n t\u1eeb Anatolia \u0111\u1ecbnh h\u00ecnh l\u1ea1i \u1ea9m th\u1ef1c, \u00e2m nh\u1ea1c v\u00e0 phong t\u1ee5c x\u00e3 h\u1ed9i \u0111\u1ecba ph\u01b0\u01a1ng.<\/p>\n<p>\u0110i d\u1ea1o qua trung t\u00e2m th\u00e0nh ph\u1ed1 s\u1ebd th\u1ea5y m\u1ed9t kh\u00eda c\u1ea1nh kh\u00e1c c\u1ee7a s\u1ef1 quy\u1ebfn r\u0169 c\u1ee7a Volos. Ph\u1ed1 Ermou, m\u1ed9t tr\u1ee5c d\u00e0i l\u00e1t \u0111\u00e1 song song v\u1edbi b\u1edd s\u00f4ng, m\u1edf ra \u0110\u1ea1i l\u1ed9 Argonafton, n\u01a1i c\u00e1c c\u1eeda h\u00e0ng \u0111\u1ee7 m\u1ecdi lo\u1ea1i nh\u01b0\u1eddng ch\u1ed7 cho c\u00e1c qu\u00e1n bar v\u00e0 qu\u00e1n c\u00e0 ph\u00ea \u1ea5m c\u00fang t\u1eadp trung quanh Qu\u1ea3ng tr\u01b0\u1eddng Saint Nicholas. T\u1ea1i \u0111\u00e2y, nh\u00e0 th\u1edd d\u00e0nh ri\u00eang cho v\u1ecb th\u00e1nh b\u1ea3o tr\u1ee3 c\u1ee7a c\u00e1c th\u1ee7y th\u1ee7 ch\u1ee7 tr\u00ec nh\u1ecbp \u0111i\u1ec7u th\u01b0\u01a1ng m\u1ea1i v\u00e0 gi\u1ea3i tr\u00ed h\u00e0ng ng\u00e0y. M\u1ed9t c\u00f4ng vi\u00ean ven bi\u1ec3n tr\u1ea3i d\u00e0i gi\u1eefa t\u00f2a nh\u00e0 Papastratos c\u1ee7a tr\u01b0\u1eddng \u0111\u1ea1i h\u1ecdc v\u00e0 nh\u00e0 th\u1edd Saint Constantine, trong khi C\u00f4ng vi\u00ean Anavros, b\u1eaft \u0111\u1ea7u t\u1eeb ph\u00eda sau nh\u00e0 th\u1edd \u0111\u00f3, k\u00e9o d\u00e0i v\u1ec1 ph\u00eda \u0111\u00f4ng \u0111\u1ebfn m\u1ed9t b\u00e3i bi\u1ec3n th\u00e0nh ph\u1ed1, n\u01a1i nh\u1eefng ng\u01b0\u1eddi b\u01a1i l\u1ed9i d\u00e1m th\u1eed th\u00e1ch nh\u1eefng th\u00e1ng m\u00e1t m\u1ebb h\u01a1n.<\/p>\n<p>\u0110\u1ed1i v\u1edbi nh\u1eefng ai t\u00ecm ki\u1ebfm \u00e1nh n\u1eafng v\u00e0 bi\u1ec3n, Volos cung c\u1ea5p c\u1ea3 nh\u1eefng con \u0111\u01b0\u1eddng th\u00e0nh th\u1ecb v\u00e0 n\u01a1i ngh\u1ec9 d\u01b0\u1ee1ng ven bi\u1ec3n. B\u00e3i bi\u1ec3n Anavros, c\u00f3 th\u1ec3 \u0111i b\u1ed9 \u0111\u1ebfn t\u1eeb l\u1ed1i \u0111i d\u1ea1o, cung c\u1ea5p d\u1ecbch v\u1ee5 b\u01a1i l\u1ed9i d\u1ec5 d\u00e0ng g\u1ea7n r\u00eca th\u00e0nh ph\u1ed1. M\u1ed9t chuy\u1ebfn l\u00e1i xe ng\u1eafn\u2014ho\u1eb7c xe bu\u00fdt th\u00e0nh ph\u1ed1 s\u1ed1 6 t\u1eeb T\u00f2a th\u1ecb ch\u00ednh\u2014d\u1eabn \u0111\u1ebfn Alykes, m\u1ed9t qu\u1eadn ven bi\u1ec3n n\u01a1i m\u1ed9t kho\u1ea3n ph\u00ed v\u00e0o c\u1eeda t\u01b0\u1ee3ng tr\u01b0ng \u0111\u1ea3m b\u1ea3o c\u00f3 gh\u1ebf t\u1eafm n\u1eafng, nh\u00e2n vi\u00ean c\u1ee9u h\u1ed9 v\u00e0 \u0111\u1ed3 gi\u1ea3i kh\u00e1t d\u01b0\u1edbi \u00e1nh \u0111\u00e8n \u0111\u00eam c\u1ee7a c\u00e1c qu\u00e1n bar tr\u00ean b\u00e3i bi\u1ec3n. Tuy nhi\u00ean, ki\u1ebfn \u200b\u200bth\u1ee9c \u0111\u1ecba ph\u01b0\u01a1ng ch\u1ec9 ra xa h\u01a1n: xe bu\u00fdt \u0111\u1ebfn Agria v\u00e0 Platanidia \u0111\u01b0a du kh\u00e1ch v\u01b0\u1ee3t qua c\u00e1c c\u00f4ng tr\u00ecnh xi m\u0103ng \u0111\u1ebfn v\u00f9ng n\u01b0\u1edbc trong v\u1eaft tuy\u1ec7t v\u1eddi, n\u01a1i nh\u1eefng v\u1ecbnh nh\u1ecf c\u00f3 c\u00e2y th\u00f4ng bao quanh tr\u00ean b\u1edd bi\u1ec3n ph\u00eda b\u1eafc c\u1ee7a v\u1ecbnh t\u01b0\u1edfng th\u01b0\u1edfng cho du kh\u00e1ch ki\u00ean nh\u1eabn.<\/p>\n<p>C\u00e1c tuy\u1ebfn \u0111\u01b0\u1eddng bi\u1ec3n m\u1edf r\u1ed9ng \u1ea3nh h\u01b0\u1edfng c\u1ee7a Volos tr\u00ean kh\u1eafp Bi\u1ec3n Aegean. C\u00e1c chuy\u1ebfn ph\u00e0 v\u00e0 t\u00e0u c\u00e1nh ng\u1ea7m h\u00e0ng ng\u00e0y k\u1ebft n\u1ed1i th\u00e0nh ph\u1ed1 v\u1edbi c\u00e1c \u0111\u1ea3o Sporades\u2014Skiathos, Skopelos v\u00e0 Alonissos\u2014v\u00e0 v\u1edbi Lemnos, Lesbos, Chios v\u00e0 Skyros. V\u00e0o nh\u1eefng th\u00e1ng m\u00f9a h\u00e8, c\u00e1c t\u00e0u du l\u1ecbch \u0111i theo c\u00e1c h\u00e0nh tr\u00ecnh \u0111\u00e3 thi\u1ebft l\u1eadp, \u0111\u01b0a h\u01a1n m\u1ed9t tr\u0103m ngh\u00ecn du kh\u00e1ch trong nh\u1eefng m\u00f9a g\u1ea7n \u0111\u00e2y xu\u1ed1ng b\u1ebfn t\u00e0u. Tr\u00ean \u0111\u1ea5t li\u1ec1n, nh\u1eefng ng\u01b0\u1eddi \u0111am m\u00ea \u0111\u01b0\u1eddng s\u1eaft c\u00f3 th\u1ec3 tr\u00e2n tr\u1ecdng tuy\u1ebfn \u0111\u01b0\u1eddng s\u1eaft Pelion di s\u1ea3n, nh\u1eefng toa t\u00e0u ch\u1ea1y b\u1eb1ng h\u01a1i n\u01b0\u1edbc b\u0103ng qua nh\u1eefng kh\u00fac cua tr\u00ean n\u00fai d\u00e0nh cho kh\u00e1ch du l\u1ecbch t\u1eeb gi\u1eefa th\u00e1ng 4 \u0111\u1ebfn th\u00e1ng 10 v\u00e0 h\u00e0ng ng\u00e0y v\u00e0o m\u00f9a h\u00e8 cao \u0111i\u1ec3m.<\/p>\n<p>Nh\u00ecn ra b\u00ean ngo\u00e0i, Volos s\u1ebd s\u1edbm m\u1edf r\u1ed9ng m\u1ea1ng l\u01b0\u1edbi giao th\u00f4ng \u0111\u01b0\u1eddng b\u1ed9 c\u1ee7a m\u00ecnh b\u1eb1ng nh\u00e1nh ph\u00eda t\u00e2y c\u1ee7a \u0111\u01b0\u1eddng cao t\u1ed1c E65, t\u1ea1o ra m\u1ed9t h\u00e0nh lang m\u1edbi \u0111\u1ebfn c\u1ea3ng Igoumenitsa. S\u00e2n bay qu\u1ed1c t\u1ebf mi\u1ec1n Trung Hy L\u1ea1p t\u1ea1i Nea Anchialos, v\u1edbi \u0111\u01b0\u1eddng b\u0103ng th\u01b0\u01a1ng m\u1ea1i d\u00e0i th\u1ee9 hai c\u1ee7a Hy L\u1ea1p, duy tr\u00ec c\u00e1c tuy\u1ebfn bay \u0111\u1ebfn c\u00e1c \u0111i\u1ec3m \u0111\u1ebfn trong n\u01b0\u1edbc v\u00e0 m\u1ed9t s\u1ed1 \u0111i\u1ec3m \u0111\u1ebfn \u0111\u01b0\u1ee3c ch\u1ecdn \u1edf ch\u00e2u \u00c2u. M\u1ed9t d\u1ecbch v\u1ee5 th\u1ee7y phi c\u01a1 ti\u00ean phong, do Argo Airways \u0111i\u1ec1u h\u00e0nh, bi\u1ebfn Volos tr\u1edf th\u00e0nh th\u00e0nh ph\u1ed1 ch\u00e2u \u00c2u \u0111\u1ea7u ti\u00ean c\u00f3 c\u00e1c tuy\u1ebfn bay \u0111\u1ed5 b\u1ed9 theo l\u1ecbch tr\u00ecnh \u0111\u1ebfn Athens, Thessaloniki v\u00e0 Sporades\u2014m\u1ed9t s\u1ef1 ph\u1ea3n \u00e1nh hi\u1ec7n \u0111\u1ea1i c\u1ee7a di s\u1ea3n Argonautic c\u1ee7a th\u00e0nh ph\u1ed1.<\/p>\n<p>S\u1ef1 giao thoa gi\u1eefa b\u1ed1i c\u1ea3nh thi\u00ean nhi\u00ean, chi\u1ec1u s\u00e2u kh\u1ea3o c\u1ed5 h\u1ecdc, s\u1ee9c s\u1ed1ng c\u00f4ng nghi\u1ec7p v\u00e0 s\u1ee9c s\u1ed1ng v\u0103n h\u00f3a khi\u1ebfn Volos tr\u1edf th\u00e0nh m\u1ed9t ng\u01b0\u1eddi \u0111\u1ed1i tho\u1ea1i \u0111\u1ed9c \u0111\u00e1o gi\u1eefa qu\u00e1 kh\u1ee9 v\u00e0 hi\u1ec7n t\u1ea1i. \u0110\u01b0\u1eddng b\u1edd bi\u1ec3n c\u1ee7a th\u00e0nh ph\u1ed1, \u0111\u01b0\u1ee3c v\u1ea1ch ra b\u1edfi c\u00e1c m\u1eb7t ti\u1ec1n t\u00e2n c\u1ed5 \u0111i\u1ec3n v\u00e0 c\u1ea7u t\u00e0u hi\u1ec7n \u0111\u1ea1i, g\u1eb7p g\u1ee1 c\u00e1c c\u1ea3nh quan \u0111\u01b0\u1ee3c \u0111\u1ecbnh h\u00ecnh b\u1edfi c\u1ea3 th\u1ea7n tho\u1ea1i v\u00e0 m\u00e1y m\u00f3c. C\u00e1c b\u1ea3o t\u00e0ng v\u00e0 di t\u00edch c\u1ed5 \u0111\u1ea1i, c\u00e1c nh\u00e0 m\u00e1y th\u00e9p v\u00e0 h\u1ed9i tr\u01b0\u1eddng \u0111\u1ea1i h\u1ecdc c\u1ee7a th\u00e0nh ph\u1ed1, ch\u1ee9ng minh cho s\u1ef1 t\u01b0\u01a1ng t\u00e1c l\u00e2u d\u00e0i gi\u1eefa truy\u1ec1n th\u1ed1ng v\u00e0 \u0111\u1ed5i m\u1edbi. T\u1ea1i \u0111\u00e2y, nh\u1ecbp \u0111\u1eadp c\u1ee7a Thessaly t\u00ecm th\u1ea5y ti\u1ebfng n\u00f3i h\u00e0ng h\u1ea3i c\u1ee7a n\u00f3, v\u00e0 h\u00e0nh tr\u00ecnh c\u1ee7a con ng\u01b0\u1eddi - t\u1eeb nh\u1eefng c\u01b0 d\u00e2n th\u1eddi \u0111\u1ed3 \u0111\u00e1 m\u1edbi tr\u00ean \u0110\u1ed3i Goritsa \u0111\u1ebfn c\u00e1c h\u1ecdc gi\u1ea3 th\u1ebf k\u1ef7 21 - di\u1ec5n ra xung quanh v\u00f2ng cung c\u1ee7a V\u1ecbnh Pagasetic.<\/p>\n<p>\u1ede Volos, du kh\u00e1ch s\u1ebd g\u1eb7p nhi\u1ec1u h\u01a1n m\u1ed9t th\u00e0nh ph\u1ed1 c\u1ea3ng: ng\u01b0\u1eddi ta kh\u00e1m ph\u00e1 ra m\u1ed9t palimpsest v\u1ec1 n\u1ed7 l\u1ef1c c\u1ee7a con ng\u01b0\u1eddi, n\u01a1i m\u1ed7i d\u00f2ng s\u00f4ng v\u00e0 d\u00e3y n\u00fai Pelion kh\u1eafc ghi c\u00e2u chuy\u1ec7n c\u1ee7a n\u00f3 tr\u00ean \u0111\u1ed3ng b\u1eb1ng b\u00ean d\u01b0\u1edbi. Kh\u00ed h\u1eadu c\u1ee7a th\u00e0nh ph\u1ed1, \u0111\u01b0\u1ee3c \u0111i\u1ec1u h\u00f2a b\u1edfi gi\u00f3 bi\u1ec3n v\u00e0 b\u00f3ng n\u00fai, m\u1eddi g\u1ecdi kh\u00e1m ph\u00e1 v\u00e0o m\u1ecdi m\u00f9a. C\u00e1c tuy\u1ebfn giao th\u00f4ng huy\u1ebft m\u1ea1ch c\u1ee7a th\u00e0nh ph\u1ed1 - \u0111\u01b0\u1eddng bi\u1ec3n, \u0111\u01b0\u1eddng s\u1eaft, \u0111\u01b0\u1eddng b\u1ed9 v\u00e0 \u0111\u01b0\u1eddng h\u00e0ng kh\u00f4ng - k\u1ebft n\u1ed1i th\u00e0nh ph\u1ed1 v\u1edbi th\u1ebf gi\u1edbi ngay c\u1ea3 khi c\u00e1c \u0111\u01b0\u1eddng ph\u1ed1, b\u1ea3o t\u00e0ng v\u00e0 c\u00f4ng vi\u00ean kh\u1ea3o c\u1ed5 kh\u1eb3ng \u0111\u1ecbnh m\u1ed9t c\u1ea3m gi\u00e1c \u0111\u1ed9c \u0111\u00e1o v\u1ec1 \u0111\u1ecba \u0111i\u1ec3m. \u0110\u1ed1i v\u1edbi nh\u1eefng ng\u01b0\u1eddi theo d\u00f5i c\u00e1c con \u0111\u01b0\u1eddng c\u1ee7a l\u1ecbch s\u1eed v\u00e0 c\u00f4ng nghi\u1ec7p, ho\u1eb7c ch\u1ec9 \u0111\u01a1n gi\u1ea3n l\u00e0 t\u00ecm ki\u1ebfm m\u1ed9t l\u1ed1i \u0111i d\u1ea1o ven bi\u1ec3n \u0111\u01b0\u1ee3c che b\u00f3ng b\u1edfi c\u00e1c th\u00e1p chu\u00f4ng nh\u00e0 th\u1edd, Volos mang \u0111\u1ebfn m\u1ed9t cu\u1ed9c g\u1eb7p g\u1ee1 \u0111\u1eafm ch\u00ecm v\u1edbi c\u00e1c d\u00f2ng h\u1ea3i l\u01b0u \u0111\u00e3 \u0111\u1ecbnh h\u00ecnh n\u00ean b\u1ebfn c\u1ea3ng mang Argo n\u00e0y t\u1eeb l\u00e2u.<\/p>","protected":false},"excerpt":{"rendered":"<p>Volos, m\u1ed9t th\u00e0nh ph\u1ed1 c\u1ea3ng bi\u1ec3n n\u0103ng \u0111\u1ed9ng \u1edf Thessaly, Hy L\u1ea1p, c\u00f3 v\u1ecb tr\u00ed chi\u1ebfn l\u01b0\u1ee3c g\u1ea7n \u0111i\u1ec3m gi\u1eefa c\u1ee7a \u0111\u1ea5t li\u1ec1n Hy L\u1ea1p, c\u00e1ch Athens kho\u1ea3ng 330 km v\u1ec1 ph\u00eda b\u1eafc v\u00e0 c\u00e1ch Thessaloniki 220 km v\u1ec1 ph\u00eda nam. T\u00ednh \u0111\u1ebfn n\u0103m 2021, Volos, v\u1edbi d\u00e2n s\u1ed1 85.803 ng\u01b0\u1eddi, \u0111\u00f3ng vai tr\u00f2 l\u00e0 th\u1ee7 ph\u1ee7 c\u1ee7a \u0111\u01a1n v\u1ecb khu v\u1ef1c Magnesia t\u1ea1i V\u00f9ng Thessaly, \u0111\u00f3ng vai tr\u00f2 l\u00e0 \u0111i\u1ec3m ti\u1ebfp c\u1eadn bi\u1ec3n \u0111\u1ed9c quy\u1ec1n cho Thessaly, khu v\u1ef1c n\u00f4ng nghi\u1ec7p l\u1edbn nh\u1ea5t c\u1ee7a Hy L\u1ea1p. Trung t\u00e2m \u0111\u00f4 th\u1ecb s\u00f4i \u0111\u1ed9ng n\u00e0y, n\u1eb1m gi\u1eefa v\u00f9ng bi\u1ec3n xanh c\u1ee7a V\u1ecbnh Pagasetic v\u00e0 nh\u1eefng s\u01b0\u1eddn n\u00fai xanh t\u01b0\u01a1i c\u1ee7a N\u00fai Pelion, \u0111\u1ea1i di\u1ec7n cho s\u1ef1 k\u1ebft h\u1ee3p li\u1ec1n m\u1ea1ch gi\u1eefa t\u1ea7m quan tr\u1ecdng l\u1ecbch s\u1eed v\u00e0 s\u1ef1 ph\u00e1t tri\u1ec3n \u0111\u01b0\u01a1ng \u0111\u1ea1i, thi\u1ebft l\u1eadp n\u01a1i \u0111\u00e2y nh\u01b0 m\u1ed9t li\u00ean k\u1ebft quan tr\u1ecdng gi\u1eefa Ch\u00e2u \u00c2u v\u00e0 Ch\u00e2u \u00c1.<\/p>","protected":false},"author":1,"featured_media":4664,"parent":13510,"menu_order":0,"comment_status":"closed","ping_status":"closed","template":"elementor_theme","meta":{"_eb_attr":"","footnotes":""},"class_list":["post-13671","page","type-page","status-publish","has-post-thumbnail"],"_links":{"self":[{"href":"https:\/\/travelshelper.com\/vi\/wp-json\/wp\/v2\/pages\/13671","targetHints":{"allow":["GET"]}}],"collection":[{"href":"https:\/\/travelshelper.com\/vi\/wp-json\/wp\/v2\/pages"}],"about":[{"href":"https:\/\/travelshelper.com\/vi\/wp-json\/wp\/v2\/types\/page"}],"author":[{"embeddable":true,"href":"https:\/\/travelshelper.com\/vi\/wp-json\/wp\/v2\/users\/1"}],"replies":[{"embeddable":true,"href":"https:\/\/travelshelper.com\/vi\/wp-json\/wp\/v2\/comments?post=13671"}],"version-history":[{"count":0,"href":"https:\/\/travelshelper.com\/vi\/wp-json\/wp\/v2\/pages\/13671\/revisions"}],"up":[{"embeddable":true,"href":"https:\/\/travelshelper.com\/vi\/wp-json\/wp\/v2\/pages\/13510"}],"wp:featuredmedia":[{"embeddable":true,"href":"https:\/\/travelshelper.com\/vi\/wp-json\/wp\/v2\/media\/4664"}],"wp:attachment":[{"href":"https:\/\/travelshelper.com\/vi\/wp-json\/wp\/v2\/media?parent=13671"}],"curies":[{"name":"wp","href":"https:\/\/api.w.org\/{rel}","templated":true}]}}