{"id":13435,"date":"2024-09-17T17:49:30","date_gmt":"2024-09-17T17:49:30","guid":{"rendered":"https:\/\/travelshelper.com\/staging\/?page_id=13435"},"modified":"2026-03-12T22:53:35","modified_gmt":"2026-03-12T22:53:35","slug":"bled","status":"publish","type":"page","link":"https:\/\/travelshelper.com\/vi\/destinations\/europe\/slovenia\/bled\/","title":{"rendered":"Bled"},"content":{"rendered":"<p>Bled, m\u1ed9t th\u1ecb tr\u1ea5n khi\u00eam t\u1ed1n c\u1ee7a v\u00f9ng Th\u01b0\u1ee3ng Carniolan \u1edf ph\u00eda t\u00e2y b\u1eafc Slovenia, th\u1ec3 hi\u1ec7n nh\u1eefng \u0111\u1eb7c \u0111i\u1ec3m ch\u00ednh c\u1ee7a m\u00ecnh m\u1ed9t c\u00e1ch r\u00f5 r\u00e0ng: n\u1eb1m \u1edf ch\u00e2n ph\u00eda nam c\u1ee7a Karawanks, c\u00e1ch Ljubljana kho\u1ea3ng 50 km v\u1ec1 ph\u00eda t\u00e2y b\u1eafc, th\u1ecb tr\u1ea5n n\u00e0y \u0111\u00f3ng vai tr\u00f2 l\u00e0 trung t\u00e2m h\u00e0nh ch\u00ednh c\u1ee7a Th\u00e0nh ph\u1ed1 Bled v\u00e0 bao quanh m\u1ed9t h\u1ed3 b\u0103ng d\u00e0i 2,12 km v\u00e0 r\u1ed9ng t\u1eeb 0,5 \u0111\u1ebfn 1 km, v\u1edbi v\u00f9ng n\u01b0\u1edbc \u00f4n \u0111\u1edbi - \u0111\u1ea1t 25 \u00b0C v\u00e0o gi\u1eefa m\u00f9a h\u00e8 v\u00e0 duy tr\u00ec 18 \u00b0C v\u00e0o m\u00f9a thu - th\u00edch h\u1ee3p \u0111\u1ec3 t\u1eafm cho \u0111\u1ebfn \u0111\u1ee3t s\u01b0\u01a1ng gi\u00e1 \u0111\u1ea7u ti\u00ean, khi b\u1ec1 m\u1eb7t h\u1ed3 c\u1ee9ng l\u1ea1i v\u00e0 cho ph\u00e9p tr\u01b0\u1ee3t b\u0103ng v\u00e0 \u0111i b\u1ed9 \u0111\u1ebfn h\u00f2n \u0111\u1ea3o nh\u1ecf \u0111\u1ea7y huy\u1ec1n tho\u1ea1i c\u1ee7a h\u1ed3.<\/p>\n<p>N\u1eb1m gi\u1eefa nh\u1eefng con d\u1ed1c \u0111\u1ee9ng c\u1ee7a Grad (599 m), Stra\u017ea (646 m), Kozarca (558 m), Osojnica (756 m) v\u00e0 Ravnica (729 m), c\u00e1c ng\u00f4i l\u00e0ng c\u1ea5u th\u00e0nh c\u1ee7a Bled\u2014nh\u1eefng ng\u00f4i l\u00e0ng t\u1eebng \u0111\u1ed9c l\u1eadp \u0111\u01b0\u1ee3c g\u1ecdi l\u00e0 Grad, Mlino, Re\u010dica, Zagorice v\u00e0 \u017dele\u010de\u2014v\u1eabn gi\u1eef \u0111\u01b0\u1ee3c b\u1ea3n s\u1eafc ri\u00eang bi\u1ec7t ngay c\u1ea3 khi ch\u00fang h\u00f2a nh\u1eadp li\u1ec1n m\u1ea1ch v\u00e0o t\u1ed5ng th\u1ec3 g\u1eafn k\u1ebft c\u1ee7a th\u1ecb tr\u1ea5n. V\u1ec1 ph\u00eda nam, c\u00e1c cao nguy\u00ean r\u1eebng r\u1eadm r\u1ea1p c\u1ee7a Pokljuka v\u00e0 Jelovica m\u1ecdc l\u00ean nh\u1eefng c\u00e2y linh sam v\u00e0 s\u1ed3i s\u1eabm m\u00e0u, nh\u01b0\u1eddng ch\u1ed7 cho c\u00e1c nh\u00e1nh ph\u00eda \u0111\u00f4ng c\u1ee7a d\u00e3y Alps Julian, n\u01a1i Sava Bohinjka ch\u1ea3y v\u1ec1 ph\u00eda l\u01b0u v\u1ef1c Bohinj v\u00e0 kh\u1ed1i n\u00fai Triglav qua \u0110\u01b0\u1eddng s\u1eaft Bohinj, b\u1ea3n th\u00e2n n\u00f3 l\u00e0 minh ch\u1ee9ng k\u1ef9 thu\u1eadt cho s\u1ef1 k\u1ebft h\u1ee3p nghi\u00eam t\u00fac gi\u1eefa thi\u00ean nhi\u00ean v\u00e0 n\u1ed7 l\u1ef1c c\u1ee7a con ng\u01b0\u1eddi trong khu v\u1ef1c.<\/p>\n<p>M\u1eb7c d\u00f9 ch\u1ee9ng th\u1ef1c s\u1edbm nh\u1ea5t c\u1ee7a n\u00f3 xu\u1ea5t hi\u1ec7n trong bi\u00ean ni\u00ean s\u1eed c\u1ee7a \u0110\u1ebf ch\u1ebf La M\u00e3 Th\u1ea7n th\u00e1nh\u2014\u0111\u01b0\u1ee3c d\u1ecbch l\u00e0 Ueldes trong m\u1ed9t t\u00e0i li\u1ec7u n\u0103m 1004 v\u00e0 l\u00e0 Veldes v\u00e0o n\u0103m 1011\u2014t\u00ean c\u1ee7a th\u1ecb tr\u1ea5n n\u00e0y th\u00e1ch th\u1ee9c gi\u1ea3i ph\u00e1p t\u1eeb nguy\u00ean d\u1ee9t kho\u00e1t; c\u00e1c h\u1ecdc gi\u1ea3 \u0111\u01b0a ra gi\u1ea3 thuy\u1ebft v\u1ec1 ngu\u1ed3n g\u1ed1c ti\u1ec1n Slavic, \u0111\u01b0\u1ee3c th\u1eeba h\u01b0\u1edfng tr\u1ef1c ti\u1ebfp ho\u1eb7c \u0111\u01b0\u1ee3c truy\u1ec1n \u0111\u1ea1t th\u00f4ng qua d\u1ea1ng ti\u1ebfng Slovenia c\u1ed5 *Beld\u044a, c\u00f3 tr\u01b0\u1edbc t\u00ean g\u1ecdi ti\u1ebfng \u0110\u1ee9c l\u00e0 Veldes v\u00e0 th\u1ec3 hi\u1ec7n m\u1ed9t \u0111\u1ecba danh c\u00f3 ni\u00ean \u0111\u1ea1i v\u01b0\u1ee3t xa c\u00e1c v\u0103n b\u1ea3n c\u00f2n s\u00f3t l\u1ea1i. S\u1ef1 m\u01a1 h\u1ed3 v\u1ec1 ng\u00f4n ng\u1eef nh\u01b0 v\u1eady nh\u1ea5n m\u1ea1nh \u0111\u1ebfn ni\u00ean \u0111\u1ea1i c\u1ed5 x\u01b0a h\u01a1n c\u1ee7a Bled, v\u00ec d\u1ea5u v\u1ebft c\u1ee7a con ng\u01b0\u1eddi tr\u00ean \u0111\u1ea3o c\u00f3 t\u1eeb tr\u01b0\u1edbc nh\u00e0 nguy\u1ec7n La M\u00e3, \u0111i xu\u1ed1ng c\u00e1c t\u1ea7ng ti\u1ec1n s\u1eed, trong khi n\u1eef th\u1ea7n Slavic \u017diva \u0111\u00e3 t\u1eebng nh\u1eadn \u0111\u01b0\u1ee3c c\u00e1c nghi l\u1ec5 c\u1ea7u nguy\u1ec7n tr\u00ean c\u00f9ng m\u1ed9t t\u1ea3ng \u0111\u00e1 \u0111\u00f3 tr\u01b0\u1edbc khi Kit\u00f4 gi\u00e1o ra \u0111\u1eddi.<\/p>\n<p>Vi\u00ean ng\u1ecdc qu\u00fd \u1edf trung t\u00e2m danh ti\u1ebfng c\u1ee7a Bled l\u00e0 h\u1ed3 n\u01b0\u1edbc trong v\u1eaft c\u1ee7a n\u00f3\u2014sinh ra t\u1eeb s\u1ef1 r\u00fat lui c\u1ee7a K\u1ef7 B\u0103ng h\u00e0, nhi\u1ec7t \u0111\u1ed9 c\u00f3 th\u1ec3 t\u1eafm \u0111\u01b0\u1ee3c v\u00e0 \u0111\u1ed9 tinh khi\u1ebft kh\u00f4ng g\u00ec lay chuy\u1ec3n \u0111\u01b0\u1ee3c b\u1eaft ngu\u1ed3n t\u1eeb c\u00e1c su\u1ed1i ng\u1ea7m v\u00e0 c\u00e1c nh\u00e1nh s\u00f4ng nh\u1ecf. V\u00e0o cu\u1ed1i m\u00f9a \u0111\u00f4ng, khi b\u0103ng tr\u1ea3i d\u00e0i tr\u00ean b\u1ec1 m\u1eb7t c\u1ee7a n\u00f3 v\u1edbi s\u1ef1 t\u0129nh l\u1eb7ng v\u00f4 c\u1ea3m, ng\u01b0\u1eddi d\u00e2n \u0111\u1ecba ph\u01b0\u01a1ng v\u00e0 du kh\u00e1ch \u0111\u1ec1u \u0111i b\u1ed9 \u0111\u1ebfn h\u00f2n \u0111\u1ea3o, th\u1eed \u0111\u1ed9 c\u1ee9ng c\u1ee7a th\u1ee7y tinh t\u1ef1 nhi\u00ean, trong khi su\u1ed1i n\u01b0\u1edbc n\u00f3ng \u1edf nhi\u1ec7t \u0111\u1ed9 23 \u00b0C g\u1ea7n \u0110\u1ee9t g\u00e3y Bled huy\u1ec1n tho\u1ea1i cung c\u1ea5p n\u01b0\u1edbc cho hai kh\u00e1ch s\u1ea1n g\u1ea7n \u0111\u00f3 cho c\u00e1c h\u1ed3 b\u01a1i trong nh\u00e0, m\u1ed9t s\u1ef1 c\u00f4ng nh\u1eadn tinh t\u1ebf v\u1ec1 v\u1ecb th\u1ebf l\u00e2u d\u00e0i c\u1ee7a th\u1ecb tr\u1ea5n nh\u01b0 m\u1ed9t n\u01a1i ngh\u1ec9 ng\u01a1i v\u00e0 l\u00e0nh m\u1ea1nh.<\/p>\n<p>Danh ti\u1ebfng \u0111\u00f3 ph\u1ea7n l\u1edbn l\u00e0 nh\u1edd v\u00e0o t\u1ea7m nh\u00ecn c\u1ee7a Arnold Rikli, m\u1ed9t b\u00e1c s\u0129 y h\u1ecdc t\u1ef1 nhi\u00ean ng\u01b0\u1eddi Th\u1ee5y S\u0129 v\u00e0o gi\u1eefa th\u1ebf k\u1ef7 XIX, ng\u01b0\u1eddi \u1ee7ng h\u1ed9 li\u1ec7u ph\u00e1p heliotherapy v\u00e0 ch\u1ebf \u0111\u1ed9 kh\u00ed h\u1eadu \u0111\u00e3 bi\u1ebfn Bled th\u00e0nh m\u1ed9t khu ngh\u1ec9 d\u01b0\u1ee1ng s\u1ee9c kh\u1ecfe mang t\u1ea7m v\u00f3c ch\u00e2u \u00c2u. Theo ch\u00e2n \u00f4ng, c\u00e1c nh\u00e0 qu\u00fd t\u1ed9c t\u1eeb c\u00e1c tri\u1ec1u \u0111\u00ecnh xa x\u00f4i \u0111\u00e3 \u0111\u1ebfn \u0111\u1ec3 h\u00edt th\u1edf kh\u00f4ng kh\u00ed \u00f4n h\u00f2a, t\u1eafm trong l\u00e0n n\u01b0\u1edbc trong v\u1eaft v\u00e0 tham gia v\u00e0o s\u1ef1 h\u1ee3p l\u01b0u \u0110\u1ecba Trung H\u1ea3i-Alpine nh\u1eb9 nh\u00e0ng m\u00e0 Rikli ca ng\u1ee3i. Ng\u00e0y nay, th\u1ecb tr\u1ea5n n\u00e0y duy tr\u00ec di s\u1ea3n n\u00e0y nh\u01b0 m\u1ed9t trung t\u00e2m h\u1ed9i ngh\u1ecb v\u00e0 trung t\u00e2m th\u1ec3 thao, cung c\u1ea5p s\u00e2n golf tr\u00ean c\u00e1c \u0111\u01b0\u1eddng b\u00f3ng xanh t\u01b0\u01a1i, c\u00e2u c\u00e1 h\u1ed3i v\u00e0 c\u00e1 ch\u00f3 trong c\u00e1c v\u1ecbnh k\u00edn gi\u00f3, v\u00e0 c\u00e1c ho\u1ea1t \u0111\u1ed9ng c\u01b0\u1ee1i ng\u1ef1a tr\u00ean \u0111\u1ed3ng c\u1ecf v\u00e0 r\u1eebng c\u00e2y.<\/p>\n<p>H\u00f2n \u0111\u1ea3o nh\u1ecf \u0111\u01a1n l\u1ebb \u1edf trung t\u00e2m H\u1ed3 Bled \u0111\u01b0\u1ee3c bao quanh b\u1edfi Nh\u00e0 th\u1edd Assumption of Mary, m\u1ed9t t\u00f2a nh\u00e0 theo phong c\u00e1ch baroque c\u00f3 t\u1eeb n\u0103m 1698 v\u00e0 \u0111\u01b0\u1ee3c trang tr\u00ed b\u1eb1ng nh\u1eefng b\u1ee9c b\u00edch h\u1ecda m\u00f4 t\u1ea3 cu\u1ed9c \u0111\u1eddi c\u1ee7a \u0110\u1ee9c M\u1eb9 \u0110\u1ed3ng Trinh trong s\u1ef1 k\u1ebft h\u1ee3p s\u00e1ng t\u1ed1i \u0111\u01b0\u1ee3c c\u00e2n nh\u1eafc. Chi\u1ebfc chu\u00f4ng Gothic ti\u1ec1n th\u00e2n c\u1ee7a n\u00f3 - \u0111\u01b0\u1ee3c k\u00e9o v\u00e0o v\u1ecb tr\u00ed v\u00e0o n\u0103m 1534 - v\u1eabn vang v\u1ecdng, v\u1eaby g\u1ecdi nh\u1eefng ng\u01b0\u1eddi h\u00e0nh h\u01b0\u01a1ng \u0111\u1ebfn rung chu\u00f4ng c\u1ea7u may, trong khi vi\u1ec7c leo l\u00ean 99 b\u1eadc \u0111\u00e1 theo th\u00f4ng l\u1ec7 bu\u1ed9c nh\u1eefng c\u1eb7p \u0111\u00f4i m\u1edbi c\u01b0\u1edbi ph\u1ea3i th\u1ec3 hi\u1ec7n l\u00f2ng s\u00f9ng k\u00ednh c\u1ee7a m\u00ecnh: c\u00f4 d\u00e2u \u0111\u01b0\u1ee3c b\u1ebf, ch\u00fa r\u1ec3 trong n\u1ed7 l\u1ef1c th\u1ea7m l\u1eb7ng, m\u1ed7i b\u01b0\u1edbc ch\u00e2n kh\u1eb3ng \u0111\u1ecbnh l\u1eddi h\u1ee9a v\u1ec1 m\u1ed9t s\u1ef1 k\u1ebft h\u1ee3p h\u00e0i h\u00f2a.<\/p>\n<p>Giao th\u00f4ng v\u1eadn t\u1ea3i h\u1ed9i t\u1ee5 t\u1ea1i Bled v\u1edbi c\u1ea3 hi\u1ec7u qu\u1ea3 hi\u1ec7n \u0111\u1ea1i v\u00e0 n\u00e9t quy\u1ebfn r\u0169 \u0111\u1ed3ng qu\u00ea. C\u1eeda ng\u00f5 qu\u1ed1c t\u1ebf t\u1ea1i S\u00e2n bay Ljubljana Jo\u017ee Pu\u010dnik n\u1eb1m c\u00e1ch \u0111\u00f3 kho\u1ea3ng 34 km v\u1ec1 ph\u00eda \u0111\u00f4ng nam, c\u00f3 th\u1ec3 \u0111\u1ebfn b\u1eb1ng xe bu\u00fdt h\u00e0ng gi\u1edd v\u1edbi gi\u00e1 v\u00e9 7 euro ho\u1eb7c taxi t\u1eeb 40 euro, trong khi h\u00e0ng kh\u00f4ng d\u00e2n d\u1ee5ng h\u1ea1 c\u00e1nh t\u1ea1i S\u00e2n bay Lesce-Bled g\u1ea7n \u0111\u00f3. C\u00e1c d\u1ecbch v\u1ee5 \u0111\u01b0\u1eddng s\u1eaft d\u1eebng t\u1ea1i ga Lesce-Bled tr\u00ean tuy\u1ebfn Ljubljana\u2013Villach, t\u1eeb \u0111\u00f3 c\u00e1c chuy\u1ebfn t\u00e0u khu v\u1ef1c ch\u1edf kh\u00e1ch trong v\u00f2ng ch\u01b0a \u0111\u1ea7y m\u1ed9t gi\u1edd; m\u1ed9t xe bu\u00fdt ho\u1eb7c taxi k\u1ebft n\u1ed1i s\u1ebd \u0111i qua b\u1ed1n km cu\u1ed1i c\u00f9ng v\u00e0o th\u1ecb tr\u1ea5n. G\u1ea7n h\u01a1n n\u1eefa, ga Bled Jezero tr\u00ean \u0110\u01b0\u1eddng s\u1eaft Bohinj n\u1eb1m \u0111\u1ed1i di\u1ec7n b\u1edd ph\u00eda t\u00e2y c\u1ee7a h\u1ed3, ph\u1ee5c v\u1ee5 c\u00e1c tuy\u1ebfn \u0111\u1ebfn Jesenice v\u00e0 Nova Gorica v\u1edbi kho\u1ea3ng c\u00e1ch hai gi\u1edd m\u1ed9t l\u1ea7n.<\/p>\n<p>Trong ph\u1ea1m vi th\u1ecb tr\u1ea5n, kh\u00f4ng c\u00f3 ph\u01b0\u01a1ng ti\u1ec7n c\u01a1 gi\u1edbi n\u00e0o l\u00e0m lu m\u1edd vi\u1ec7c kh\u00e1m ph\u00e1 c\u1ee7a ng\u01b0\u1eddi \u0111i b\u1ed9: m\u1ed9t v\u00f2ng quanh h\u1ed3 ch\u1ec9 c\u1ea7n s\u1ea3i ch\u00e2n ch\u1eadm r\u00e3i trong m\u1ed9t gi\u1edd. Tuy nhi\u00ean, thuy\u1ec1n pletna l\u00e2u \u0111\u1eddi - \u0111\u00e1y ph\u1eb3ng v\u00e0 do gia \u0111\u00ecnh \u0111i\u1ec1u h\u00e0nh t\u1eeb th\u1ebf k\u1ef7 th\u1ee9 m\u01b0\u1eddi t\u00e1m, v\u1edbi s\u1ed1 l\u01b0\u1ee3ng c\u1ed1 \u0111\u1ecbnh l\u00e0 hai m\u01b0\u01a1i ba t\u00e0u \u0111\u1ec3 b\u1ea3o t\u1ed3n s\u1ef1 tinh khi\u1ebft c\u1ee7a n\u01b0\u1edbc - cung c\u1ea5p m\u1ed9t ph\u01b0\u01a1ng \u00e1n thay th\u1ebf tr\u00ean m\u1eb7t n\u01b0\u1edbc, m\u1ed9t chuy\u1ebfn \u0111i kh\u1ee9 h\u1ed3i nh\u00e0n nh\u00e3 k\u00e9o d\u00e0i ch\u00edn m\u01b0\u01a1i ph\u00fat bao g\u1ed3m m\u1ed9t gi\u1edd ch\u00e8o thuy\u1ec1n truy\u1ec1n th\u1ed1ng v\u00e0 ba m\u01b0\u01a1i ph\u00fat l\u00ean b\u1edd. \u0110\u1ed1i v\u1edbi nh\u1eefng ng\u01b0\u1eddi th\u00edch \u0111i thuy\u1ec1n t\u1ef1 l\u00e1i, c\u00f3 th\u1ec3 thu\u00ea thuy\u1ec1n ch\u00e8o, trong khi xe \u0111\u1ea1p - m\u1eb7c d\u00f9 kh\u00f4ng c\u00f3 l\u00e0n \u0111\u01b0\u1eddng ch\u1ec9 \u0111\u1ecbnh - c\u00f3 s\u1eb5n t\u1eeb nhi\u1ec1u \u0111\u1ea1i l\u00fd \u0111\u1ec3 \u0111i tham quan tr\u00ean nh\u1eefng con \u0111\u01b0\u1eddng n\u00f4ng th\u00f4n y\u00ean t\u0129nh. Nh\u1eefng ng\u01b0\u1eddi c\u01b0\u1ee1i ng\u1ef1a b\u0103ng qua nh\u1eefng con \u0111\u01b0\u1eddng d\u00e0nh cho ng\u01b0\u1eddi c\u01b0\u1ee1i ng\u1ef1a ho\u1eb7c t\u1eadn d\u1ee5ng c\u00e1c chuy\u1ebfn \u0111i xe ng\u1ef1a c\u00f3 h\u01b0\u1edbng d\u1eabn, c\u1ee7ng c\u1ed1 s\u1ef1 c\u00e2n b\u1eb1ng gi\u1eefa s\u1ef1 y\u00ean t\u0129nh c\u1ee7a v\u00f9ng qu\u00ea v\u00e0 cu\u1ed9c phi\u00eau l\u01b0u d\u1ec5 ti\u1ebfp c\u1eadn c\u1ee7a th\u1ecb tr\u1ea5n.<\/p>\n<p>Chi\u1ebfm \u01b0u th\u1ebf tr\u00ean b\u1edd bi\u1ec3n cao, L\u00e2u \u0111\u00e0i Bled \u0111\u1ee9ng canh g\u00e1c tr\u00ean m\u1ed9t v\u00e1ch \u0111\u00e1 d\u1ef1ng \u0111\u1ee9ng, nh\u1eefng b\u1ee9c t\u01b0\u1eddng, lan can v\u00e0 th\u00e1p theo phong c\u00e1ch La M\u00e3 c\u1ee7a l\u00e2u \u0111\u00e0i th\u1ec3 hi\u1ec7n s\u1ef1 chi\u1ebfm \u0111\u00f3ng li\u00ean t\u1ee5c k\u1ec3 t\u1eeb th\u1eddi trung c\u1ed5. C\u1ea5u tr\u00fac hi\u1ec7n t\u1ea1i, ph\u1ea7n l\u1edbn c\u00f3 ngu\u1ed3n g\u1ed1c t\u1eeb th\u1ebf k\u1ef7 XVI v\u00e0 \u0111\u01b0\u1ee3c tr\u00f9ng tu v\u00e0o nh\u1eefng n\u0103m 1950, bao g\u1ed3m m\u1ed9t s\u00e2n trong ph\u00eda tr\u00ean v\u1edbi m\u1ed9t nh\u00e0 nguy\u1ec7n \u0111\u01b0\u1ee3c v\u1ebd b\u00edch h\u1ecda v\u00e0o n\u0103m 1700\u2014m\u00f4 t\u1ea3 vi\u1ec7c Henry II t\u1eb7ng Bled cho Gi\u00e1m m\u1ee5c Albuin\u2014m\u1ed9t b\u1ea3o t\u00e0ng v\u0169 kh\u00ed v\u00e0 \u0111\u1ed3 t\u1ea1o t\u00e1c khi\u00eam t\u1ed1n, v\u00e0 m\u1ed9t trung t\u00e2m r\u01b0\u1ee3u vang do nh\u00e0 s\u01b0 Andre ch\u1ee7 tr\u00ec, ng\u01b0\u1eddi truy\u1ec1n \u0111\u1ea1t ngh\u1ec7 thu\u1eadt sabrage cho m\u1ed9t chai r\u01b0\u1ee3u s\u00e2m banh v\u1edbi gi\u00e1 15 euro v\u00e0 m\u1eddi kh\u00e1ch \u0111\u00f3ng chai, d\u00e1n nh\u00e3n v\u00e0 \u0111\u00f3ng d\u1ea5u s\u00e1p v\u00e0o r\u01b0\u1ee3u vang c\u1ee7a ri\u00eang h\u1ecd. M\u1ed9t c\u1ea7u thang h\u1eb9p t\u1eeb t\u1ea7ng h\u1ea7m d\u1eabn \u0111\u1ebfn m\u1ed9t c\u1eeda h\u00e0ng th\u01a1m ng\u00e1t h\u01b0\u01a1ng th\u1ea3o m\u1ed9c v\u00e0 tinh d\u1ea7u, m\u1ed9t l\u1eddi k\u1ebft kh\u1ee9u gi\u00e1c cho s\u1ef1 h\u00f9ng v\u0129 v\u1ec1 m\u1eb7t th\u1ecb gi\u00e1c c\u1ee7a l\u00e2u \u0111\u00e0i. Gi\u00e1 v\u00e9 v\u00e0o c\u1eeda l\u00e0 15 euro cho ng\u01b0\u1eddi l\u1edbn, 9,50 euro cho sinh vi\u00ean v\u00e0 6 euro cho tr\u1ebb em, v\u1edbi m\u1ee9c gi\u1ea3m gi\u00e1 hai m\u01b0\u01a1i ph\u1ea7n tr\u0103m cho ng\u01b0\u1eddi cao tu\u1ed5i v\u00e0 ng\u01b0\u1eddi khuy\u1ebft t\u1eadt.<\/p>\n<p>C\u00e1ch th\u1ecb tr\u1ea5n m\u1ed9t kho\u1ea3ng c\u00e1ch ng\u1eafn, nh\u1eefng k\u1ef3 quan thi\u00ean nhi\u00ean h\u1ea5p d\u1eabn nh\u1eefng ng\u01b0\u1eddi gan d\u1ea1. Th\u00e1c Iglica, m\u1ed9t th\u00e1c n\u01b0\u1edbc \u0111\u1ed5 xu\u1ed1ng cao m\u01b0\u1eddi t\u00e1m m\u00e9t d\u1ecdc theo m\u1ed9t b\u1ee9c t\u01b0\u1eddng \u0111\u00e1 v\u00f4i Permian g\u1ea7n Bohinjska Bela, v\u1eeba mang \u0111\u1ebfn t\u1ea7m nh\u00ecn ch\u00f3ng m\u1eb7t t\u1eeb c\u1ea7u \u0111i b\u1ed9 v\u1eeba l\u00e0 th\u1eed th\u00e1ch th\u1ec3 thao cho nh\u1eefng ng\u01b0\u1eddi leo n\u00fai \u0111ang leo l\u00ean m\u1eb7t d\u1ef1ng \u0111\u1ee9ng c\u1ee7a n\u00f3. G\u1ea7n \u0111\u00f3, c\u00e1c hang \u0111\u1ed9ng Babji Zob\u2014k\u00e9o d\u00e0i kho\u1ea3ng 300 m\u00e9t v\u00e0 \u0111\u01b0\u1ee3c trang tr\u00ed b\u1eb1ng nh\u1eefng v\u00f2ng xo\u1eafn \u1ed1c hi\u1ebfm\u2014m\u1eddi nh\u1eefng ng\u01b0\u1eddi th\u00e1m hi\u1ec3m hang \u0111\u1ed9ng tham gia c\u00e1c chuy\u1ebfn tham quan m\u00f9a h\u00e8 ba l\u1ea7n m\u1ed9t tu\u1ea7n b\u1eaft \u0111\u1ea7u \u1edf Bohinjska Bela v\u00e0 k\u1ebft th\u00fac \u1edf \u0111\u1ec9nh cao 1.128 m\u00e9t.<\/p>\n<p>\u0110\u1ed1i v\u1edbi nh\u1eefng ai c\u00f3 s\u1edf th\u00edch m\u1edf r\u1ed9ng ra ph\u1ea1m vi r\u1ed9ng h\u01a1n c\u1ee7a C\u00f4ng vi\u00ean Qu\u1ed1c gia Triglav, m\u1ed9t ch\u00f2m sao c\u00e1c c\u01a1 quan chuy\u00ean m\u00f4n s\u1ebd \u0111i\u1ec1u ph\u1ed1i c\u00e1c chuy\u1ebfn du ngo\u1ea1n theo y\u00eau c\u1ea7u. HourAway t\u1ed5 ch\u1ee9c c\u00e1c chuy\u1ebfn \u0111i nhi\u1ec1u ng\u00e0y v\u00e0 trong ng\u00e0y\u2014\u0111\u1ea1p xe ho\u1eb7c \u0111i b\u1ed9 \u0111\u01b0\u1eddng d\u00e0i\u2014\u0111\u01b0\u1ee3c trang b\u1ecb xe \u0111\u1ea1p \u0111i\u1ec7n hi\u1ec7u su\u1ea5t cao v\u00e0 gi\u00e0n khoan s\u1ecfi, trong khi Altitude Activities, do hai anh em sinh \u0111\u00f4i \u0111i\u1ec1u h\u00e0nh, t\u1ed5 ch\u1ee9c c\u00e1c ho\u1ea1t \u0111\u1ed9ng d\u00f9 l\u01b0\u1ee3n, nh\u1ea3y d\u00f9, \u0111i b\u1ed9 \u0111\u01b0\u1eddng d\u00e0i, \u0111i b\u00e8 v\u00e0 via ferrata; Adventure Factory t\u1ed5 ch\u1ee9c c\u00e1c chuy\u1ebfn tham quan b\u1eb1ng xe \u0111\u1ecba h\u00ecnh \u0111\u1ec3 kh\u00e1m ph\u00e1 c\u00e1c thung l\u0169ng \u1ea9n v\u00e0 \u0111\u01b0\u1eddng m\u00f2n trong r\u1eebng. M\u1ed7i \u0111\u01a1n v\u1ecb t\u1ed5 ch\u1ee9c \u0111\u1ec1u g\u00f3p ph\u1ea7n t\u1ea1o n\u00ean danh ti\u1ebfng c\u1ee7a Bled nh\u01b0 m\u1ed9t \u0111i\u1ec3m t\u1ef1a cho n\u1ed7 l\u1ef1c leo n\u00fai Alpine, n\u01a1i h\u01b0\u1edbng d\u1eabn vi\u00ean v\u00e0 thi\u1ebft b\u1ecb k\u1ebft h\u1ee3p v\u1edbi nhau \u0111\u1ec3 l\u00e0m cho s\u1ef1 gi\u00e0u c\u00f3 t\u1ef1 nhi\u00ean c\u1ee7a khu v\u1ef1c tr\u1edf n\u00ean d\u1ec5 ti\u1ebfp c\u1eadn m\u00e0 kh\u00f4ng b\u1ecb suy gi\u1ea3m.<\/p>\n<p>Tuy nhi\u00ean, cu\u1ed9c phi\u00eau l\u01b0u kh\u00f4ng nh\u1ea5t thi\u1ebft ph\u1ea3i \u0111\u00f2i h\u1ecfi n\u1ed7 l\u1ef1c \u0111\u00e1ng k\u1ec3. C\u00e1c \u0111i\u1ec3m quan s\u00e1t t\u1ea1i Mala Osojnica g\u1ea7n Tr\u1ea1i Zaka v\u00e0 s\u00e2n th\u01b0\u1ee3ng c\u1ee7a l\u00e2u \u0111\u00e0i cung c\u1ea5p g\u00f3c nh\u00ecn to\u00e0n c\u1ea3nh h\u1ed3 ng\u1ecdc l\u1ee5c b\u1ea3o v\u00e0 h\u00f2n \u0111\u1ea3o c\u1ee7a n\u00f3 m\u00e0 kh\u00f4ng m\u1ea5t ph\u00ed sau gi\u1edd m\u1edf c\u1eeda c\u1ee7a b\u1ea3o t\u00e0ng, trong khi khu v\u1ef1c t\u1eafm Grajsko kopali\u0161\u010de\u2014n\u1eb1m d\u01b0\u1edbi b\u00f3ng c\u1ee7a l\u00e2u \u0111\u00e0i\u2014ch\u00e0o \u0111\u00f3n nh\u1eefng ng\u01b0\u1eddi b\u01a1i l\u1ed9i t\u1eeb gi\u1eefa th\u00e1ng 6 \u0111\u1ebfn th\u00e1ng 9 v\u1edbi c\u00e1c h\u1ed3 b\u01a1i, c\u1ea7u tr\u01b0\u1ee3t n\u01b0\u1edbc, b\u1ea1t l\u00f2 xo v\u00e0 c\u00e1c ti\u1ec7n nghi gia \u0111\u00ecnh v\u1edbi m\u1ee9c ph\u00ed h\u00e0ng ng\u00e0y l\u00e0 6 \u20ac, gi\u1ea3m xu\u1ed1ng c\u00f2n 3 \u20ac sau bu\u1ed5i tr\u01b0a. \u0110\u1ed1i v\u1edbi nh\u1eefng ng\u01b0\u1eddi th\u00edch s\u1ee9c b\u1ec1n m\u1ed9t m\u00ecnh, Strel Swimming Adventures t\u1ed5 ch\u1ee9c chuy\u1ebfn \u0111i v\u00f2ng quanh \u0111\u1ea3o cho nh\u1eefng ng\u01b0\u1eddi b\u01a1i l\u1ed9i ngo\u00e0i tr\u1eddi d\u00e0y d\u1ea1n kinh nghi\u1ec7m v\u00e0 s\u00e2n tr\u01b0\u1ee3t b\u0103ng trong nh\u00e0 t\u1ea1i \u0160portna Dvorana cung c\u1ea5p b\u00e0i t\u1eadp th\u1ec3 d\u1ee5c m\u00f9a \u0111\u00f4ng v\u1edbi gi\u00e1 4,50 \u20ac c\u1ed9ng v\u1edbi gi\u00e0y tr\u01b0\u1ee3t cho thu\u00ea. Nh\u1eefng ng\u01b0\u1eddi ch\u01a1i g\u00f4n th\u01b0\u1eddng xuy\u00ean \u0111\u1ebfn C\u00e2u l\u1ea1c b\u1ed9 Golf &amp; \u0110\u1ed3ng qu\u00ea Bled ch\u00edn l\u1ed7 v\u1edbi gi\u00e1 30 \u20ac ho\u1eb7c b\u1ed1 tr\u00ed m\u01b0\u1eddi t\u00e1m l\u1ed7 v\u1edbi gi\u00e1 60 \u20ac, trong khi m\u1ed9t s\u00e2n golf mini g\u1ea7n \u0111\u00f3 t\u1ed5 ch\u1ee9c c\u00e1c gi\u1ea3i \u0111\u1ea5u cho \u0111\u1ebfn t\u1eadn t\u1ed1i mu\u1ed9n. C\u00e1c spa v\u00e0 trung t\u00e2m ch\u0103m s\u00f3c s\u1ee9c kh\u1ecfe\u2014trong s\u1ed1 \u0111\u00f3 c\u00f3 Trung t\u00e2m ch\u0103m s\u00f3c s\u1ee9c kh\u1ecfe Ziva t\u1ea1i Kh\u00e1ch s\u1ea1n Golf\u2014cung c\u1ea5p c\u00e1c h\u1ed3 n\u01b0\u1edbc n\u00f3ng, ph\u00f2ng x\u00f4ng h\u01a1i v\u00e0 ph\u01b0\u01a1ng ph\u00e1p \u0111i\u1ec1u tr\u1ecb ph\u1ea3n \u00e1nh b\u1ebfn du l\u1ecbch s\u1ee9c kh\u1ecfe ban \u0111\u1ea7u c\u1ee7a Rikli. Tr\u01b0\u1ee3t tuy\u1ebft m\u00f9a h\u00e8 tr\u00ean \u0111\u01b0\u1eddng tr\u01b0\u1ee3t d\u00e0i 520 m\u00e9t c\u00f3 t\u1ed1c \u0111\u1ed9 l\u00ean t\u1edbi 40 km\/h v\u00e0 nh\u1eefng ng\u01b0\u1eddi c\u00e2u c\u00e1 t\u00ecm ki\u1ebfm c\u00e1 da tr\u01a1n, c\u00e1 ch\u00f3, c\u00e1 ch\u00e9p ho\u1eb7c c\u00e1 h\u1ed3i c\u00f3 th\u1ec3 xin gi\u1ea5y ph\u00e9p t\u1eeb v\u0103n ph\u00f2ng du l\u1ecbch v\u1edbi gi\u00e1 20 euro m\u1ed9t ng\u00e0y. Nh\u1eefng ng\u01b0\u1eddi d\u1eady s\u1edbm c\u00f3 th\u1ec3 \u0111\u1eb7t tr\u01b0\u1edbc chuy\u1ebfn bay khinh kh\u00ed c\u1ea7u qua Trung t\u00e2m khinh kh\u00ed c\u1ea7u Barje, c\u00e1c chuy\u1ebfn bay c\u1ee7a trung t\u00e2m n\u00e0y, t\u00f9y thu\u1ed9c v\u00e0o th\u1eddi ti\u1ebft, b\u1eaft \u0111\u1ea7u t\u1eeb l\u00fac r\u1ea1ng s\u00e1ng v\u00e0 k\u00e9o d\u00e0i t\u1eeb ba \u0111\u1ebfn b\u1ed1n gi\u1edd.<\/p>\n<p>Trong su\u1ed1t c\u1ea3 n\u0103m, l\u1ecbch v\u0103n h\u00f3a c\u1ee7a Bled nh\u1ea5n m\u1ea1nh n\u00e9t quy\u1ebfn r\u0169 t\u1ef1 nhi\u00ean c\u1ee7a n\u00f3. V\u00e0o tu\u1ea7n th\u1ee9 t\u01b0 c\u1ee7a th\u00e1ng 7, Ng\u00e0y Bled m\u1edf ra v\u1edbi c\u00e1c h\u1ed9i ch\u1ee3 v\u00e0 bu\u1ed5i h\u00f2a nh\u1ea1c, \u0111\u1ec9nh cao l\u00e0 ph\u00e1o hoa v\u00e0 \u00e1nh n\u1ebfn ph\u1ea3n chi\u1ebfu tr\u00ean m\u1eb7t n\u01b0\u1edbc. L\u1ec5 h\u1ed9i \u00e2m nh\u1ea1c qu\u1ed1c t\u1ebf Bled tri\u1ec7u t\u1eadp c\u00e1c ngh\u1ec7 s\u0129 bi\u1ec3u di\u1ec5n c\u1ed5 \u0111i\u1ec3n v\u00e0o \u0111\u1ea7u th\u00e1ng 7, trong khi L\u1ec5 h\u1ed9i Okarina Etno v\u1ec1 truy\u1ec1n th\u1ed1ng d\u00e2n gian t\u1eadp h\u1ee3p c\u00e1c nh\u1ea1c s\u0129 d\u00e2n t\u1ed9c v\u00e0o tu\u1ea7n \u0111\u1ea7u ti\u00ean c\u1ee7a th\u00e1ng 8. Ng\u00e0y Trung c\u1ed5 t\u00e1i hi\u1ec7n nghi l\u1ec5 l\u1ecbch s\u1eed t\u1ea1i l\u00e2u \u0111\u00e0i v\u00e0o tu\u1ea7n \u0111\u1ea7u ti\u00ean c\u1ee7a th\u00e1ng 6, m\u1eddi du kh\u00e1ch b\u01b0\u1edbc v\u00e0o th\u1ebf gi\u1edbi tr\u01b0\u1edbc \u0111\u00f3 c\u1ee7a m\u00e0n tr\u00ecnh di\u1ec5n hi\u1ec7p s\u0129 v\u00e0 ngh\u1ec1 th\u1ee7 c\u00f4ng m\u1ef9 ngh\u1ec7.<\/p>\n<p>S\u1ef1 quy\u1ebfn r\u0169 ch\u1eafc ch\u1eafn c\u1ee7a Bled n\u1eb1m \u1edf s\u1ef1 t\u1ed5ng h\u1ee3p h\u00e0i h\u00f2a gi\u1eefa s\u1ef1 h\u00f9ng v\u0129 c\u1ee7a nguy\u00ean t\u1ed1 v\u00e0 s\u1ef1 kh\u00e9o l\u00e9o c\u1ee7a con ng\u01b0\u1eddi\u2014c\u1ee7a m\u1ed9t h\u1ed3 n\u01b0\u1edbc xanh nh\u1ea1t n\u1ed5i l\u00ean t\u1eeb s\u1ef1 r\u00fat lui c\u1ee7a b\u0103ng h\u00e0 v\u00e0 m\u1ed9t th\u1ecb tr\u1ea5n c\u00f3 t\u00ean vang v\u1ecdng qua h\u00e0ng thi\u00ean ni\u00ean k\u1ef7; c\u1ee7a m\u1ed9t h\u00f2n \u0111\u1ea3o \u0111\u01b0\u1ee3c t\u00f4n th\u1edd trong th\u1ea7n tho\u1ea1i v\u00e0 m\u1ed9t l\u00e2u \u0111\u00e0i \u0111\u01b0\u1ee3c ch\u1ea1m kh\u1eafc t\u1eeb \u0111\u00e1 d\u1ef1ng \u0111\u1ee9ng; c\u1ee7a c\u00e1c su\u1ed1i n\u01b0\u1edbc n\u00f3ng duy tr\u00ec s\u1ef1 li\u00ean t\u1ee5c c\u1ee7a c\u00e1c ho\u1ea1t \u0111\u1ed9ng ch\u0103m s\u00f3c s\u1ee9c kh\u1ecfe v\u00e0 c\u00e1c c\u01a1 quan \u0111i\u1ec1u ph\u1ed1i c\u1ea3 c\u00e1c ho\u1ea1t \u0111\u1ed9ng c\u1ef1c \u0111oan v\u00e0 b\u00ecnh t\u0129nh. \u1ede Bled, hi\u1ec7n t\u1ea1i h\u00f2a h\u1ee3p v\u1edbi qu\u00e1 kh\u1ee9 \u0111\u1ea7y c\u00e2u chuy\u1ec7n, mang \u0111\u1ebfn m\u1ed9t tr\u1ea3i nghi\u1ec7m v\u1eeba mang t\u00ednh nguy\u00ean t\u1ed1 v\u1eeba \u0111\u01b0\u1ee3c trung gian h\u00f3a phong ph\u00fa b\u1edfi nhi\u1ec1u th\u1ebf k\u1ef7 quan s\u00e1t, t\u1eadn t\u1ee5y v\u00e0 qu\u1ea3n l\u00fd kh\u00e9o l\u00e9o.<\/p>","protected":false},"excerpt":{"rendered":"<p>Bled, m\u1ed9t th\u1ecb tr\u1ea5n \u0111\u1eb9p nh\u01b0 tranh v\u1ebd \u1edf khu v\u1ef1c Upper Carniolan \u1edf ph\u00eda t\u00e2y b\u1eafc Slovenia, c\u00f3 d\u00e2n s\u1ed1 kho\u1ea3ng 8.000 ng\u01b0\u1eddi. M\u1ed9t trong nh\u1eefng \u0111i\u1ec3m \u0111\u1ebfn du l\u1ecbch n\u1ed5i ti\u1ebfng nh\u1ea5t c\u1ee7a Slovenia, b\u1edd bi\u1ec3n ph\u00eda nam tuy\u1ec7t \u0111\u1eb9p c\u1ee7a H\u1ed3 Bled thu h\u00fat du kh\u00e1ch v\u1edbi b\u1ee9c tranh l\u1ecbch s\u1eed phong ph\u00fa v\u00e0 v\u1ebb \u0111\u1eb9p t\u1ef1 nhi\u00ean. L\u00e0 trung t\u00e2m h\u00e0nh ch\u00ednh c\u1ee7a Th\u00e0nh ph\u1ed1 Bled, th\u1ecb tr\u1ea5n n\u00e0y l\u00e0 \u0111i\u1ec3m thu h\u00fat du l\u1ecbch khu v\u1ef1c c\u0169ng nh\u01b0 ch\u00ednh quy\u1ec1n th\u00e0nh ph\u1ed1.<\/p>","protected":false},"author":1,"featured_media":2952,"parent":13345,"menu_order":0,"comment_status":"closed","ping_status":"closed","template":"elementor_theme","meta":{"_eb_attr":"","footnotes":""},"class_list":["post-13435","page","type-page","status-publish","has-post-thumbnail"],"_links":{"self":[{"href":"https:\/\/travelshelper.com\/vi\/wp-json\/wp\/v2\/pages\/13435","targetHints":{"allow":["GET"]}}],"collection":[{"href":"https:\/\/travelshelper.com\/vi\/wp-json\/wp\/v2\/pages"}],"about":[{"href":"https:\/\/travelshelper.com\/vi\/wp-json\/wp\/v2\/types\/page"}],"author":[{"embeddable":true,"href":"https:\/\/travelshelper.com\/vi\/wp-json\/wp\/v2\/users\/1"}],"replies":[{"embeddable":true,"href":"https:\/\/travelshelper.com\/vi\/wp-json\/wp\/v2\/comments?post=13435"}],"version-history":[{"count":0,"href":"https:\/\/travelshelper.com\/vi\/wp-json\/wp\/v2\/pages\/13435\/revisions"}],"up":[{"embeddable":true,"href":"https:\/\/travelshelper.com\/vi\/wp-json\/wp\/v2\/pages\/13345"}],"wp:featuredmedia":[{"embeddable":true,"href":"https:\/\/travelshelper.com\/vi\/wp-json\/wp\/v2\/media\/2952"}],"wp:attachment":[{"href":"https:\/\/travelshelper.com\/vi\/wp-json\/wp\/v2\/media?parent=13435"}],"curies":[{"name":"wp","href":"https:\/\/api.w.org\/{rel}","templated":true}]}}