{"id":13369,"date":"2024-09-17T16:48:33","date_gmt":"2024-09-17T16:48:33","guid":{"rendered":"https:\/\/travelshelper.com\/staging\/?page_id=13369"},"modified":"2026-03-12T22:49:50","modified_gmt":"2026-03-12T22:49:50","slug":"kranjska-gora","status":"publish","type":"page","link":"https:\/\/travelshelper.com\/vi\/destinations\/europe\/slovenia\/kranjska-gora\/","title":{"rendered":"Kranjska Gora"},"content":{"rendered":"<p>N\u1eb1m t\u1ea1i n\u01a1i h\u1ee3p l\u01b0u c\u1ee7a s\u00f4ng Pi\u0161nica v\u00e0 Sava Dolinka \u1edf g\u00f3c t\u00e2y b\u1eafc c\u1ee7a Slovenia, Kranjska Gora v\u1eeba l\u00e0 trung t\u00e2m h\u00e0nh ch\u00ednh c\u1ee7a th\u00e0nh ph\u1ed1 c\u00f9ng t\u00ean v\u1eeba l\u00e0 m\u1ed9t c\u1ed9ng \u0111\u1ed3ng nh\u1ecf g\u1ecdn v\u1edbi kho\u1ea3ng m\u1ed9t ngh\u00ecn n\u0103m tr\u0103m linh h\u1ed3n, n\u1eb1m trong v\u00f9ng Upper Carniola ch\u1ec9 c\u00e1ch bi\u00ean gi\u1edbi \u00c1o v\u00e0 \u00dd v\u00e0i km. V\u1edbi m\u1ed9t \u0111\u1ea5u tr\u01b0\u1eddng tr\u00ean n\u00fai cao tr\u1ea3i d\u00e0i xung quanh thung l\u0169ng c\u1ee7a n\u00f3\u2014n\u01a1i d\u00e3y n\u00fai Julian Alps nh\u00f4 l\u00ean v\u1edbi h\u00ecnh b\u00f3ng r\u0103ng c\u01b0a\u2014th\u1ecb tr\u1ea5n n\u00e0y chi\u1ebfm m\u1ed9t ng\u00e3 ba quan tr\u1ecdng kh\u00f4ng ch\u1ec9 v\u1ec1 m\u1eb7t \u0111\u1ecba l\u00fd m\u00e0 c\u00f2n v\u1ec1 m\u1eb7t l\u1ecbch s\u1eed, v\u00ec \u1edf \u0111\u00e2y Sava Dolinka ch\u1ea3y v\u1ec1 ph\u00eda \u0111\u00f4ng ngay c\u1ea3 khi nh\u1eefng \u0111\u1ec9nh n\u00fai nh\u01b0 Dreil\u00e4ndereck hay Pe\u010d, v\u1ea1ch ra bi\u00ean gi\u1edbi ba n\u01b0\u1edbc Slovenia, \u00c1o v\u00e0 \u00dd. S\u1ef1 h\u1ee3p l\u01b0u c\u1ee7a c\u00e1c h\u00e0nh lang t\u1ef1 nhi\u00ean v\u00e0 ranh gi\u1edbi ch\u00ednh tr\u1ecb n\u00e0y, k\u1ec3 t\u1eeb l\u1ea7n ch\u1ee9ng th\u1ef1c t\u00e0i li\u1ec7u \u0111\u1ea7u ti\u00ean v\u00e0o n\u0103m 1326, \u0111\u00e3 mang \u0111\u1ebfn cho Kranjska Gora m\u1ed9t \u00fd ngh\u0129a v\u01b0\u1ee3t ra ngo\u00e0i quy m\u00f4 khi\u00eam t\u1ed1n c\u1ee7a n\u00f3, mang \u0111\u1ebfn cho nh\u1eefng con ph\u1ed1 l\u00e1t \u0111\u00e1 cu\u1ed9i v\u00e0 c\u00e1c khu b\u1ea3o t\u1ed3n c\u00f3 m\u00e1i v\u00f2m h\u00ecnh x\u01b0\u01a1ng s\u01b0\u1eddn c\u1ee7a n\u00f3 m\u1ed9t s\u1ef1 c\u1ed9ng h\u01b0\u1edfng c\u1ee7a th\u01b0\u01a1ng m\u1ea1i, h\u00e0nh h\u01b0\u01a1ng v\u00e0 n\u1ed7 l\u1ef1c th\u1ec3 thao t\u1ed3n t\u1ea1i cho \u0111\u1ebfn ng\u00e0y nay.<\/p>\n<p>L\u00e2u tr\u01b0\u1edbc khi c\u00e1c b\u1ea3n \u0111\u1ed3 hi\u1ec7n \u0111\u1ea1i ph\u00e2n \u0111\u1ecbnh ranh gi\u1edbi qu\u1ed1c gia-nh\u00e0 n\u01b0\u1edbc, khu \u0111\u1ecbnh c\u01b0\u2014ban \u0111\u1ea7u \u0111\u01b0\u1ee3c ghi l\u1ea1i theo danh ph\u00e1p \u0110\u1ee9c Chrainow v\u00e0 c\u00e1c bi\u1ebfn th\u1ec3 ch\u00ednh t\u1ea3 c\u1ee7a n\u00f3 trong su\u1ed1t th\u1ebf k\u1ef7 XIV v\u00e0 XV\u2014c\u00f3 ngu\u1ed3n g\u1ed1c t\u1eeb t\u00ean g\u1ecdi c\u1ee7a n\u00f3 t\u1eeb Karawanks l\u00e2n c\u1eadn (\u201cKrainberg\u201d trong ti\u1ebfng \u0110\u1ee9c), m\u1ed9t d\u00f2ng d\u00f5i t\u1eeb nguy\u00ean sau \u0111\u00f3 \u0111\u01b0\u1ee3c Hy L\u1ea1p h\u00f3a trong ti\u1ebfng Slovenia l\u00e0 Kranjska Gora. H\u1ecdc b\u1ed5ng l\u1ecbch s\u1eed cho th\u1ea5y r\u1eb1ng nh\u1eefng ng\u01b0\u1eddi di c\u01b0 Slovenia Carantanian \u0111\u1ea7u ti\u00ean thi\u1ebft l\u1eadp n\u01a1i \u1edf m\u1ed9c m\u1ea1c v\u00e0o th\u1ebf k\u1ef7 XI; \u0111\u1ebfn th\u1ebf k\u1ef7 XII, B\u00e1 t\u01b0\u1edbc Ortenburg \u0111\u00e3 n\u1eafm gi\u1eef th\u00e1i \u1ea5p \u1edf \u0111\u00e2y, gi\u00e1m s\u00e1t m\u1ed9t l\u00e3nh th\u1ed5 m\u00e0 c\u00e1c th\u01b0\u01a1ng nh\u00e2n \u0111i qua \u0111\u1ec3 \u0111\u1ebfn Tarvisio. C\u00e1c cu\u1ed9c khai qu\u1eadt c\u00e1c hi\u1ebfn ch\u01b0\u01a1ng l\u01b0u tr\u1eef ti\u1ebft l\u1ed9 th\u00eam r\u1eb1ng v\u00e0o n\u0103m 1431, B\u00e1 t\u01b0\u1edbc Celje \u0111\u00e3 x\u00e2y d\u1ef1ng m\u1ed9t \u0111i\u1ec1n trang ki\u00ean c\u1ed1 t\u1ea1i Villa Bassa\u2014ng\u00e0y nay n\u1eb1m trong Tarvisio c\u1ee7a \u00dd\u2014quy\u1ec1n th\u1ed1ng tr\u1ecb c\u1ee7a n\u00f3 v\u1eabn t\u1ed3n t\u1ea1i cho \u0111\u1ebfn n\u0103m c\u00e1ch m\u1ea1ng 1848, khi c\u00e1c m\u1ed1i quan h\u1ec7 phong ki\u1ebfn \u200b\u200btr\u00ean kh\u1eafp ph\u1ea7n l\u1edbn l\u00e3nh th\u1ed5 Habsburg cu\u1ed1i c\u00f9ng \u0111\u00e3 b\u1ecb ph\u00e1 v\u1ee1.<\/p>\n<p>Tuy nhi\u00ean, th\u1ebf k\u1ef7 XV kh\u00f4ng ch\u1ec9 l\u00e0 th\u1ebf k\u1ef7 c\u1ee7a s\u1ef1 t\u00e1i c\u1ea5u tr\u00fac tri\u1ec1u \u0111\u1ea1i: v\u00e0o n\u0103m 1476, qu\u00e2n Ottoman \u0111\u00e3 \u0111\u1ed5 b\u1ed9 v\u00e0o thung l\u0169ng, cu\u1ed9c x\u00e2m l\u01b0\u1ee3c c\u1ee7a h\u1ecd l\u00e0 l\u1eddi nh\u1eafc nh\u1edf r\u00f5 r\u00e0ng v\u1ec1 b\u1ea3n ch\u1ea5t nguy hi\u1ec3m c\u1ee7a bi\u00ean gi\u1edbi. Tuy nhi\u00ean, khi nhi\u1ec1u th\u1ebf k\u1ef7 tr\u00f4i qua, c\u00e1c tuy\u1ebfn \u0111\u01b0\u1eddng s\u1eaft v\u00e0 g\u1ed7 c\u0169ng v\u1eady. S\u1ef1 ra \u0111\u1eddi c\u1ee7a tuy\u1ebfn \u0111\u01b0\u1eddng s\u1eaft v\u00e0o n\u0103m 1870 \u0111\u00e3 m\u1edf ra m\u1ed9t giai \u0111o\u1ea1n k\u1ebft n\u1ed1i m\u1edbi, cho ph\u00e9p c\u1ea3 s\u1ea3n ph\u1ea9m n\u00f4ng nghi\u1ec7p v\u00e0 du l\u1ecbch m\u1edbi ra \u0111\u1eddi b\u0103ng qua nh\u1eefng con \u0111\u00e8o d\u1ed1c v\u1edbi t\u1ed1c \u0111\u1ed9 ch\u01b0a t\u1eebng c\u00f3. Ch\u00ednh trong b\u1ed1i c\u1ea3nh c\u1ea1nh tranh \u0111\u1ebf qu\u1ed1c v\u00e0 m\u1edf r\u1ed9ng c\u01a1 s\u1edf h\u1ea1 t\u1ea7ng n\u00e0y m\u00e0 nh\u1eefng tai h\u1ecda c\u1ee7a Th\u1ebf chi\u1ebfn th\u1ee9 nh\u1ea5t \u0111\u00e3 x\u1ea3y ra: trong v\u00f9ng cao nguy\u00ean b\u0103ng gi\u00e1 ph\u00eda tr\u00ean th\u1ecb tr\u1ea5n, c\u00e1c t\u00f9 nh\u00e2n chi\u1ebfn tranh ng\u01b0\u1eddi Nga \u0111ang m\u1edf \u0111\u01b0\u1eddng th\u1eddi chi\u1ebfn \u0111\u1ebfn \u0110\u00e8o Vr\u0161i\u010d \u0111\u00e3 tr\u1edf th\u00e0nh n\u1ea1n nh\u00e2n c\u1ee7a m\u1ed9t tr\u1eadn tuy\u1ebft l\u1edf th\u1ea3m kh\u1ed1c v\u00e0o n\u0103m 1916. \u0110\u1ec3 t\u01b0\u1edfng nh\u1edb h\u1ecd, cho \u0111\u1ebfn ng\u00e0y nay, m\u1ed9t nh\u00e0 nguy\u1ec7n g\u1ed7 khi\u00eam t\u1ed1n - do \u0111\u1ed3ng b\u00e0o c\u1ee7a h\u1ecd d\u1ef1ng l\u00ean - nh\u00ecn ra nh\u1eefng s\u01b0\u1eddn d\u1ed1c ph\u1ee7 \u0111\u1ea7y tuy\u1ebft; G\u1ea7n \u0111\u00f3 l\u00e0 ngh\u0129a trang, n\u01a1i an ngh\u1ec9 c\u1ee7a nh\u1eefng ng\u01b0\u1eddi \u0111\u00e3 khu\u1ea5t, h\u00e0ng n\u0103m \u0111\u1ec1u c\u00f3 l\u1ec5 t\u01b0\u1edfng ni\u1ec7m long tr\u1ecdng c\u1ee7a du kh\u00e1ch v\u00e0 d\u00e2n l\u00e0ng.<\/p>\n<p>Nh\u1eefng v\u1ebft s\u1eb9o c\u1ee7a cu\u1ed9c xung \u0111\u1ed9t kh\u00f4ng ch\u1ea5m d\u1ee9t v\u00e0o n\u0103m 1918. Khi Chi\u1ebfn tranh th\u1ebf gi\u1edbi th\u1ee9 hai k\u1ebft th\u00fac, khu v\u1ef1c ph\u00eda \u0111\u00f4ng c\u1ee7a Kranjska Gora \u0111\u00e3 mang \u0111\u1ebfn m\u1ed9t minh ch\u1ee9ng \u1ea3m \u0111\u1ea1m h\u01a1n cho cu\u1ed9c xung \u0111\u1ed9t v\u0169 trang: Savsko Naselje, hay Ru\u0161ar Meadow, ngh\u0129a trang t\u1eadp th\u1ec3 l\u00e0 n\u01a1i tr\u00fa ng\u1ee5 c\u1ee7a ba m\u01b0\u01a1i l\u0103m ng\u01b0\u1eddi l\u00ednh \u0110\u1ee9c \u0111\u00e3 hy sinh trong m\u1ed9t cu\u1ed9c giao tranh v\u1edbi l\u1ef1c l\u01b0\u1ee3ng du k\u00edch v\u00e0o th\u00e1ng 5 n\u0103m 1945. Im l\u1eb7ng nh\u01b0 nh\u1eefng c\u00e2y th\u00f4ng xung quanh, ng\u00f4i m\u1ed9 n\u00e0y nh\u1ea5n m\u1ea1nh \u0111\u1ebfn di s\u1ea3n g\u00e2y tranh c\u00e3i c\u1ee7a th\u1ecb tr\u1ea5n v\u00e0o th\u1ebf k\u1ef7 XX, n\u01a1i m\u00e0 ng\u01b0\u1ee1ng c\u1eeda c\u1ee7a qu\u1ed1c gia \u0111\u00e3 b\u1ecb v\u01b0\u1ee3t qua v\u00e0 v\u01b0\u1ee3t l\u1ea1i gi\u1eefa cu\u1ed9c \u0111\u1ea5u tranh v\u1ec1 \u00fd th\u1ee9c h\u1ec7.<\/p>\n<p>N\u1ed5i l\u00ean t\u1eeb s\u1ef1 h\u1ed7n lo\u1ea1n c\u1ee7a chi\u1ebfn tranh, Kranjska Gora \u0111\u00e3 ch\u1ea5p nh\u1eadn - nh\u01b0 th\u1ec3 \u0111\u1ec3 kh\u1eb3ng \u0111\u1ecbnh nh\u1eefng \u0111\u1ee9c t\u00ednh ch\u1eefa l\u00e0nh c\u1ee7a d\u00f2ng n\u01b0\u1edbc b\u0103ng gi\u00e1 - m\u1ed9t ngh\u1ec1 nghi\u1ec7p \u0111ang ph\u00e1t tri\u1ec3n nh\u01b0 m\u1ed9t v\u00f9ng \u0111\u1ea5t th\u1ec3 thao m\u00f9a \u0111\u00f4ng. T\u1eeb n\u0103m 1949 \u0111\u1ebfn n\u0103m 1965, c\u00e1c thang m\u00e1y tr\u01b0\u1ee3t tuy\u1ebft li\u00ean ti\u1ebfp \u0111\u01b0\u1ee3c l\u1eafp \u0111\u1eb7t tr\u00ean s\u01b0\u1eddn n\u00fai Vitranc, \u0111\u01b0\u1ee3c b\u1ed5 sung v\u00e0o n\u0103m 1958 b\u1eb1ng m\u1ed9t tuy\u1ebfn c\u00e1p treo ch\u1edf h\u00e0ng ban \u0111\u1ea7u \u0111\u01b0\u1ee3c d\u00f9ng \u0111\u1ec3 ch\u1edf g\u1ed7 v\u00e0 v\u1eadt t\u01b0. Nh\u1eefng c\u00f4ng tr\u00ecnh l\u1eafp \u0111\u1eb7t n\u00e0y b\u00e1o tr\u01b0\u1edbc vi\u1ec7c th\u1ecb tr\u1ea5n \u0111\u01b0\u1ee3c ch\u1ecdn l\u00e0m ch\u1eb7ng \u0111ua th\u01b0\u1eddng ni\u00ean c\u1ee7a FIS Alpine Ski World Cup - c\u00e1c \u0111\u01b0\u1eddng \u0111ua slalom v\u00e0 slalom kh\u1ed5ng l\u1ed3 \u0111\u01b0\u1ee3c g\u1ecdi chung l\u00e0 Vitranc Cup - v\u00e0 c\u1ee7ng c\u1ed1 th\u00eam danh ti\u1ebfng c\u1ee7a \u0111\u1ecba ph\u01b0\u01a1ng n\u00e0y c\u00f9ng v\u1edbi ng\u1ecdn \u0111\u1ed3i tr\u01b0\u1ee3t tuy\u1ebft kh\u1ed5ng l\u1ed3 t\u1ea1i Planica, ch\u1ec9 r\u1ed9ng b\u1eb1ng m\u1ed9t thung l\u0169ng \u1edf ph\u00eda nam. Tuy nhi\u00ean, ph\u1ea1m vi du l\u1ecbch c\u00f2n v\u01b0\u1ee3t ra ngo\u00e0i ph\u1ea1m vi m\u00f9a \u0111\u00f4ng: v\u00e0o nh\u1eefng th\u00e1ng m\u00f9a h\u00e8, m\u1ed9t m\u1ea1ng l\u01b0\u1edbi \u0111\u01b0\u1eddng m\u00f2n \u0111i xe \u0111\u1ea1p v\u00e0 \u0111i b\u1ed9 \u0111\u01b0\u1eddng d\u00e0i ch\u1ea1y d\u1ecdc c\u00e1c s\u01b0\u1eddn d\u1ed1c xung quanh, trong khi l\u00e0n n\u01b0\u1edbc trong v\u1eaft c\u1ee7a H\u1ed3 Jasna - \u0111\u01b0\u1ee3c bao quanh b\u1edfi b\u1edd h\u1ed3 n\u01a1i c\u00f3 khu \u0111\u1ecbnh c\u01b0 c\u00f9ng t\u00ean c\u1ee7a Ivan Krivca - mang \u0111\u1ebfn s\u1ef1 th\u01b0 gi\u00e3n d\u01b0\u1edbi \u00e1nh m\u1eb7t tr\u1eddi tr\u00ean n\u00fai cao.<\/p>\n<p>B\u00ean d\u01b0\u1edbi bi\u1ec3u ng\u1eef th\u00e0nh ph\u1ed1 Kranjska Gora, ng\u01b0\u1eddi ta b\u1eaft g\u1eb7p, ngo\u00e0i l\u00f5i l\u1ecbch s\u1eed c\u1ee7a ng\u00f4i l\u00e0ng (tr\u01b0\u1edbc \u0111\u00e2y l\u00e0 Borovska vas), c\u00e1c khu m\u1edbi h\u01a1n c\u1ee7a c\u0103n h\u1ed9 ngh\u1ec9 d\u01b0\u1ee1ng, kh\u00e1ch s\u1ea1n v\u00e0 khu gi\u1ea3i tr\u00ed; th\u00e1p chu\u00f4ng t\u1eebng \u0111\u1ed9c l\u1eadp c\u1ee7a Nh\u00e0 th\u1edd Assumption - \u0111\u01b0\u1ee3c d\u1ef1ng l\u00ean theo c\u00e1ch n\u00f3i theo phong c\u00e1ch gothic v\u00e0o kho\u1ea3ng n\u0103m 1500 - \u0111\u00e3 \u0111\u01b0\u1ee3c bao g\u1ed3m b\u1edfi m\u1ed9t gian gi\u1eefa m\u1edf r\u1ed9ng nh\u01b0ng v\u1eabn gi\u1eef \u0111\u01b0\u1ee3c nh\u00e0 th\u1edd c\u00f3 m\u00e1i v\u00f2m h\u00ecnh sao v\u00e0 c\u00e1c h\u1ed9p \u0111\u1ef1ng th\u00e1nh t\u00edch \u0111\u01b0\u1ee3c \u0111i\u00eau kh\u1eafc t\u1eeb th\u1ebf k\u1ef7 m\u01b0\u1eddi l\u0103m. Nh\u1eefng b\u1ee9c tranh v\u1ea3i b\u1ea1t v\u00e0o cu\u1ed1i th\u1ebf k\u1ef7 XVIII c\u1ee7a Leopold Layer mang \u0111\u1ebfn s\u1ef1 \u1ea5m \u00e1p theo phong c\u00e1ch Baroque b\u00ean trong, \u00e1nh s\u00e1ng d\u1ea7u c\u1ee7a ch\u00fang l\u00e0 s\u1ef1 t\u01b0\u01a1ng ph\u1ea3n v\u1edbi v\u00f2m x\u01b0\u01a1ng s\u01b0\u1eddn Carinthian ph\u00eda tr\u00ean. C\u00e1c t\u00f2a nh\u00e0 th\u1ebf t\u1ee5c c\u0169ng g\u1ee3i l\u00ean nh\u1eefng k\u1ef7 nguy\u00ean \u0111\u00e3 qua: Liznjek Homestead ba th\u1ebf k\u1ef7 v\u1eabn gi\u1eef \u0111\u01b0\u1ee3c l\u00f2 s\u01b0\u1edfi &#034;b\u1ebfp&#034; \u0111en v\u00e0 c\u00e1ch b\u1ed1 tr\u00ed ph\u00f2ng ban \u0111\u1ea7u, hi\u1ec7n \u0111\u01b0\u1ee3c s\u1eed d\u1ee5ng l\u1ea1i \u0111\u1ec3 l\u01b0u gi\u1eef b\u1ed9 s\u01b0u t\u1eadp d\u00e2n t\u1ed9c h\u1ecdc l\u00e0m s\u00e1ng t\u1ecf cu\u1ed9c s\u1ed1ng n\u00f4ng th\u00f4n \u1edf Thung l\u0169ng Sava Th\u01b0\u1ee3ng. G\u1ea7n \u0111\u00f3, m\u1ed9t t\u1ea5m b\u1ea3ng t\u01b0\u1edfng ni\u1ec7m \u0111\u00e1nh d\u1ea5u n\u01a1i sinh c\u1ee7a Josip Vandot, ng\u01b0\u1eddi c\u00f3 nh\u1eefng c\u00e2u chuy\u1ec7n h\u1ea5p d\u1eabn v\u1ec1 Kekec t\u1eeb l\u00e2u \u0111\u00e3 \u0111\u01b0\u1ee3c \u0111\u01b0a v\u00e0o v\u0103n h\u1ecdc thi\u1ebfu nhi Slovenia.<\/p>\n<p>D\u00f2ng d\u00f5i v\u0103n h\u00f3a \u1edf \u0111\u00e2y \u0111an xen v\u1edbi th\u1ea7n tho\u1ea1i t\u1ef1 nhi\u00ean. Ajdovska deklica, m\u1ed9t b\u1ee9c t\u01b0\u1ee3ng \u0111\u00e1 phong h\u00f3a c\u1ee7a m\u1ed9t thi\u1ebfu n\u1eef \u0111\u01b0\u1ee3c b\u1ea3o t\u1ed3n trong c\u00e1c v\u00e1ch \u0111\u00e1 karst, thu h\u00fat tr\u00ed t\u01b0\u1edfng t\u01b0\u1ee3ng c\u1ee7a nh\u1eefng ng\u01b0\u1eddi \u0111am m\u00ea truy\u1ec7n d\u00e2n gian; truy\u1ec1n thuy\u1ebft v\u1ec1 c\u00f4, vang v\u1ecdng v\u1ec1 c\u00e1c v\u01b0\u01a1ng qu\u1ed1c ch\u00ecm v\u00e0 ti\u1ebfng v\u1ecdng c\u1ee7a r\u1eebng, ban t\u1eb7ng cho \u0111\u00e1 h\u01a1i th\u1edf. Ngay g\u1ea7n \u0111\u00f3, C\u1eeda s\u1ed5 Prisanko nghi\u00eang\u2014m\u1ed9t l\u1ed7 h\u1ed5ng \u0111\u1ed3 s\u1ed9 cao kho\u1ea3ng t\u00e1m m\u01b0\u01a1i m\u00e9t v\u00e0 r\u1ed9ng b\u1ed1n m\u01b0\u01a1i m\u00e9t\u2014trong B\u1ee9c t\u01b0\u1eddng Prisanko, m\u1ed9t trong nh\u1eefng l\u1ed7 h\u1ed5ng t\u1ef1 nhi\u00ean l\u1edbn nh\u1ea5t c\u1ee7a Slovenia v\u00e0 l\u00e0 minh ch\u1ee9ng cho c\u00e1c l\u1ef1c l\u01b0\u1ee3ng x\u00f3i m\u00f2n v\u00e0 s\u00e1ng t\u1ea1o \u0111\u00e3 \u0111\u1ecbnh h\u00ecnh n\u00ean v\u00f9ng cao nguy\u00ean n\u00e0y. \u1ede \u0111\u1ed9 cao 1.611 m\u00e9t so v\u1edbi m\u1ef1c n\u01b0\u1edbc bi\u1ec3n, \u0110\u00e8o Vr\u0161i\u010d v\u1eabn l\u00e0 con \u0111\u01b0\u1eddng cao nh\u1ea5t \u1edf d\u00e3y Alps Julian ph\u00eda \u0110\u00f4ng, m\u1ed9t d\u1ea3i nh\u1ef1a \u0111\u01b0\u1eddng quanh co n\u1ed1i li\u1ec1n c\u00e1c thung l\u0169ng Sava v\u00e0 Isonzo\u2014v\u00e0 v\u00e0o m\u00f9a \u0111\u00f4ng, l\u00e0 minh ch\u1ee9ng th\u00e1ch th\u1ee9c cho k\u1ef9 thu\u1eadt gi\u1eefa nh\u1eefng v\u00e1ch \u0111\u00e1 ph\u1ee7 \u0111\u1ea7y tuy\u1ebft.<\/p>\n<p>\u0110\u1ed1i v\u1edbi du kh\u00e1ch mu\u1ed1n \u0111\u1eafm m\u00ecnh, vi\u1ec7c ti\u1ebfp c\u1eadn Kranjska Gora \u0111\u01b0\u1ee3c \u0111\u1ea3m b\u1ea3o b\u1eb1ng c\u00e1c d\u1ecbch v\u1ee5 xe bu\u00fdt th\u01b0\u1eddng xuy\u00ean t\u1eeb Ljubljana v\u00e0 Jesenice, n\u01a1i sau c\u00f3 ga \u0111\u01b0\u1eddng s\u1eaft g\u1ea7n nh\u1ea5t, c\u0169ng nh\u01b0 c\u00e1c k\u1ebft n\u1ed1i hai ng\u00e0y m\u1ed9t l\u1ea7n \u0111\u1ebfn th\u1ecb tr\u1ea5n h\u1ed3 Bled; v\u00e0o m\u00f9a h\u00e8, m\u1ed9t tuy\u1ebfn \u0111\u01b0\u1eddng ng\u1eafm c\u1ea3nh c\u0169ng ch\u1ea1y t\u1eeb Bovec qua Vr\u0161i\u010d. Tuy nhi\u00ean, khi xu\u1ed1ng \u0111\u00e2y, ng\u01b0\u1eddi ta hi\u1ebfm khi c\u1ea7n ph\u1ea3i g\u1ecdi ph\u01b0\u01a1ng ti\u1ec7n c\u01a1 gi\u1edbi: d\u1ea5u ch\u00e2n nh\u1ecf g\u1ecdn c\u1ee7a khu \u0111\u1ecbnh c\u01b0 cho ph\u00e9p ng\u01b0\u1eddi \u0111i b\u1ed9 \u0111i qua t\u1eeb m\u00e9p n\u00e0y sang m\u00e9p kia trong v\u00f2ng m\u1ed9t ph\u1ea7n t\u01b0 gi\u1edd, trong khi \u0110\u01b0\u1eddng Nga - m\u1ed9t \u0111\u1ed9ng m\u1ea1ch d\u00e0i m\u01b0\u1eddi m\u1ed9t km \u0111\u01b0\u1ee3c t\u1ea1o ra b\u1edfi lao \u0111\u1ed9ng th\u1eddi chi\u1ebfn - cao ch\u00edn tr\u0103m m\u00e9t l\u00ean \u0111\u1ebfn \u0111\u1ec9nh Vr\u0161i\u010d, mang l\u1ea1i c\u1ea3 s\u1ef1 c\u1ed9ng h\u01b0\u1edfng l\u1ecbch s\u1eed v\u00e0 ph\u1ea7n th\u01b0\u1edfng to\u00e0n c\u1ea3nh.<\/p>\n<p>Ng\u1eafm nh\u00ecn Nh\u00e0 nguy\u1ec7n Nga, \u0111\u1ee9ng canh g\u00e1c tr\u00ean s\u01b0\u1eddn \u0111\u1ed3i \u0111\u1ea7y v\u1ebft tuy\u1ebft l\u1edf, l\u00e0 \u0111\u1ed1i m\u1eb7t v\u1edbi s\u1ef1 h\u1ed9i t\u1ee5 c\u1ee7a c\u00f4ng s\u1ee9c lao \u0111\u1ed9ng c\u1ee7a con ng\u01b0\u1eddi v\u00e0 s\u1ef1 th\u1edd \u01a1 c\u1ee7a n\u00fai cao; \u0111i b\u1ed9 m\u1ed9t \u0111o\u1ea1n ng\u1eafn t\u1eeb trung t\u00e2m, b\u1ea1n s\u1ebd th\u1ea5y n\u01a1i \u0111\u00e2y v\u1eeba l\u00e0 \u0111\u1ec1n th\u1edd v\u1eeba l\u00e0 l\u00ednh canh. C\u0169ng h\u1ea5p d\u1eabn kh\u00f4ng k\u00e9m l\u00e0 v\u00f9ng h\u1ed3 ng\u1ecdc l\u1ee5c b\u1ea3o c\u1ee7a H\u1ed3 Jasna, n\u01a1i b\u1ee9c t\u01b0\u1ee3ng Zlatorog\u2014ng\u01b0\u1eddi b\u1ea3o v\u1ec7 s\u01a1n d\u01b0\u01a1ng huy\u1ec1n tho\u1ea1i c\u1ee7a Triglav\u2014\u0111\u01b0a \u00e1nh m\u1eaft c\u1ea3nh gi\u00e1c c\u1ee7a m\u00ecnh xu\u1ed1ng v\u1ef1c s\u00e2u trong v\u1eaft. Nh\u1eefng c\u1ea3nh t\u01b0\u1ee3ng nh\u01b0 v\u1eady\u2014kh\u00f4ng h\u1ec1 khu\u1ea5t ph\u1ee5c tr\u01b0\u1edbc s\u1ef1 h\u00f9ng v\u0129 c\u1ee7a ch\u00fang\u2014m\u1eddi g\u1ecdi s\u1ef1 suy ng\u1eabm h\u01a1n l\u00e0 nh\u1eefng c\u1ea3m gi\u00e1c ph\u1ea5n kh\u00edch ph\u00f9 du c\u1ee7a du l\u1ecbch \u0111\u1ea1i ch\u00fang; thay v\u00e0o \u0111\u00f3, \u1edf \u0111\u00e2y, du kh\u00e1ch \u0111\u01b0\u1ee3c y\u00eau c\u1ea7u quan s\u00e1t, ghi l\u1ea1i, ghi l\u1ea1i s\u1ef1 t\u01b0\u01a1ng t\u00e1c gi\u1eefa \u0111\u00e1 v\u00e0 s\u00f4ng b\u0103ng, gi\u1eefa truy\u1ec1n thuy\u1ebft v\u00e0 l\u1ecbch s\u1eed s\u1ed1ng.<\/p>\n<p>C\u00e1c ho\u1ea1t \u0111\u1ed9ng ch\u00e0o \u0111\u00f3n theo m\u00f9a. Nh\u1eefng ng\u01b0\u1eddi \u0111am m\u00ea th\u1ec3 thao m\u00f9a \u0111\u00f4ng chi\u1ebfm l\u1ea5y c\u00e1c s\u01b0\u1eddn d\u1ed1c c\u1ee7a Vitranc \u0111\u1ec3 tr\u01b0\u1ee3t tuy\u1ebft v\u00e0 tr\u01b0\u1ee3t v\u00e1n tr\u00ean tuy\u1ebft, trong khi \u1edf Tamar Valley, ng\u1ecdn \u0111\u1ed3i tr\u01b0\u1ee3t tuy\u1ebft Planica g\u1ea7n \u0111\u00f3 hi\u1ec7n ra nh\u01b0 m\u1ed9t nh\u00e0 th\u1edd c\u1ee7a s\u1ef1 t\u00e1o b\u1ea1o v\u1ec1 kh\u00ed \u0111\u1ed9ng h\u1ecdc. \u0110\u1ebfn m\u00f9a h\u00e8, nh\u1eefng \u0111\u01b0\u1eddng tr\u01b0\u1ee3t t\u01b0\u01a1ng t\u1ef1 bi\u1ebfn th\u00e0nh c\u00e1c tuy\u1ebfn \u0111\u01b0\u1eddng d\u00e0nh cho ng\u01b0\u1eddi \u0111i b\u1ed9 \u0111\u01b0\u1eddng d\u00e0i v\u00e0 ng\u01b0\u1eddi \u0111i xe \u0111\u1ea1p; b\u1ea3n \u0111\u1ed3 \u0111i b\u1ed9 \u0111\u1ecba ph\u01b0\u01a1ng, m\u1eb7c d\u00f9 \u0111\u1ea7y r\u1eaby nh\u1eefng l\u1eddi khuy\u00ean th\u1eadn tr\u1ecdng v\u1ec1 \u0111\u00e1 d\u0103m kh\u00f4ng th\u1ec3 v\u01b0\u1ee3t qua v\u00e0 s\u1ef1 ph\u01a1i b\u00e0y, v\u1ea1ch ra c\u00e1c con \u0111\u01b0\u1eddng c\u00f3 \u0111\u1ed9 kh\u00f3 kh\u00e1c nhau\u2014trong s\u1ed1 \u0111\u00f3 c\u00f3 nh\u1eefng tuy\u1ebfn \u0111\u01b0\u1eddng \u0111\u00f2i h\u1ecfi c\u1ea3 s\u1ef1 leo tr\u00e8o v\u00e0 gan d\u1ea1, ch\u00ednh s\u1ef1 ch\u1ec9 \u0111\u1ecbnh &#034;kh\u00e1 kh\u00f3&#034; c\u1ee7a ch\u00fang g\u1ee3i l\u00ean m\u1ec7nh l\u1ec7nh c\u1ee7a Alpine l\u00e0 t\u00f4n tr\u1ecdng \u0111\u1ecba h\u00ecnh. Nh\u1eefng ng\u01b0\u1eddi \u0111i xe \u0111\u1ea1p leo n\u00fai c\u00f3 th\u1ec3 lao v\u00e0o nh\u1eefng con \u0111\u01b0\u1eddng m\u00f2n c\u1ee7a C\u00f4ng vi\u00ean xe \u0111\u1ea1p vui v\u1ebb Kranjska Gora, n\u01a1i nh\u1eefng c\u00fa nh\u1ea3y v\u00e0 b\u1edd d\u1ed1c t\u1ea1o n\u00ean chuy\u1ebfn bay \u0111\u1ea7y ph\u1ea5n kh\u00edch.<\/p>\n<p>Vi\u1ec7c cung c\u1ea5p nhu y\u1ebfu ph\u1ea9m cho kh\u00e1ch l\u1eef h\u00e0nh t\u1ecf ra kh\u00e1 \u0111\u01a1n gi\u1ea3n. M\u1ed9t si\u00eau th\u1ecb trung t\u00e2m d\u1ef1 tr\u1eef c\u00e1c m\u1eb7t h\u00e0ng ch\u1ee7 l\u1ef1c, trong khi c\u00e1c qu\u00e1n bar-nh\u00e0 h\u00e0ng khi\u00eam t\u1ed1n r\u1ea3i r\u00e1c tr\u00ean c\u00e1c con ph\u1ed1 ven h\u1ed3 v\u00e0 l\u00e0ng m\u1ea1c, ph\u1ee5c v\u1ee5 pizza v\u00e0 c\u00e1c m\u00f3n \u0103n xuy\u00ean ch\u00e2u \u00c2u trong b\u1ed1i c\u1ea3nh g\u1ee3i nh\u1edb \u0111\u1ebfn nh\u1eefng thanh d\u1ea7m g\u1ed7 v\u00e0 \u0111\u01b0\u1eddng ch\u00e2n tr\u1eddi ph\u1ee7 \u0111\u1ea7y b\u1ee5i tuy\u1ebft. C\u00f3 th\u1ec3 th\u01b0\u1edfng th\u1ee9c \u0111\u1ed3 u\u1ed1ng gi\u1ea3i kh\u00e1t t\u1ea1i m\u1ed9t s\u1ed1 qu\u00e1n bar \u0111\u1ecba ph\u01b0\u01a1ng, kh\u00f4ng gian b\u00ean trong c\u1ee7a ch\u00fang \u0111\u01b0\u1ee3c s\u01b0\u1edfi \u1ea5m b\u1edfi t\u00ecnh \u0111\u1ed3ng ch\u00ed th\u00e2n thi\u1ec7n thay v\u00ec ng\u1ecdn l\u1eeda d\u1eef d\u1ed9i. Ch\u1ed7 ngh\u1ec9 qua \u0111\u00eam tr\u1ea3i d\u00e0i t\u1eeb c\u00e1c c\u1ee5m nh\u00e0 tr\u1ecd trong Kranjska Gora \u0111\u1ebfn ng\u00f4i l\u00e0ng \u0111\u1ed3ng qu\u00ea Podkoren\u2014c\u00e1ch \u0111\u00f3 kho\u1ea3ng hai km\u2014n\u01a1i nh\u00e0 tr\u1ecd thanh ni\u00ean Pr&#039; Tatko chi\u1ebfm m\u1ed9t t\u00f2a nh\u00e0 l\u1ecbch s\u1eed, b\u1ebfp chung v\u00e0 \u0111\u1ed9i ng\u0169 nh\u00e2n vi\u00ean th\u00e2n thi\u1ec7n \u0111\u01b0\u1ee3c t\u0103ng c\u01b0\u1eddng th\u00eam l\u00f2ng nh\u00e2n t\u1eeb c\u1ee7a m\u1ed9t ch\u00fa m\u00e8o c\u01b0 tr\u00fa, v\u00e0 n\u01a1i c\u00f3 qu\u1ea7y bar c\u1ee7a kh\u00e1ch s\u1ea1n l\u00e2n c\u1eadn v\u1eabn m\u1edf c\u1eeda cho nh\u1eefng kh\u00e1ch h\u00e0ng kh\u00f4ng ph\u1ea3i l\u00e0 c\u01b0 d\u00e2n.<\/p>\n<p>Nh\u01b0 v\u1eady, Kranjska Gora \u0111an xen nhi\u1ec1u s\u1ee3i ch\u1ec9 - \u0111\u1ecba l\u00fd, l\u1ecbch s\u1eed, v\u0103n h\u00f3a v\u00e0 gi\u1ea3i tr\u00ed - th\u00e0nh m\u1ed9t t\u1ea5m th\u1ea3m v\u1eeba ph\u1ee9c t\u1ea1p v\u1eeba tinh t\u1ebf. \u1ede \u0111\u00e2y, d\u00f2ng ch\u1ea3y kh\u00f4ng th\u1ec3 tr\u00e1nh kh\u1ecfi c\u1ee7a con s\u00f4ng g\u1eb7p ph\u1ea3i s\u1ef1 gia t\u0103ng v\u1eefng ch\u1eafc c\u1ee7a c\u00e1c th\u00e0nh l\u0169y tr\u00ean n\u00fai cao; \u1edf \u0111\u00e2y, c\u00e1c \u0111i\u1ec1u l\u1ec7 th\u1eddi trung c\u1ed5 g\u1eb7p ph\u1ea3i nh\u1eefng k\u1ef7 ni\u1ec7m c\u1ee7a th\u1ebf k\u1ef7 XX; \u1edf \u0111\u00e2y, c\u00e1c h\u1ea7m m\u1ed9 thi\u00eang li\u00eang c\u1ed9ng h\u01b0\u1edfng v\u1edbi ti\u1ebfng v\u1ecdng c\u1ee7a v\u00e1n tr\u01b0\u1ee3t tr\u00ean tuy\u1ebft; v\u00e0 \u1edf \u0111\u00e2y, trong m\u1ed9t d\u1ea5u ch\u00e2n \u0111\u00f4 th\u1ecb nh\u1ecf g\u1ecdn, du kh\u00e1ch c\u00f3 th\u1ec3 n\u1eafm b\u1eaft \u0111\u01b0\u1ee3c c\u1ea3 s\u1ef1 v\u1eefng ch\u1eafc c\u1ee7a \u0111\u00e1 v\u00e0 h\u01a1i th\u1edf ph\u00f9 du c\u1ee7a truy\u1ec1n thuy\u1ebft. Trong m\u1ecdi th\u1eddi \u0111\u1ea1i, khu \u0111\u1ecbnh c\u01b0 \u0111\u00e3 th\u00edch nghi: t\u1eeb th\u00e1i \u1ea5p th\u00e0nh ph\u00e1o \u0111\u00e0i \u0111\u1ebfn trung t\u00e2m v\u1eadn t\u1ea3i \u0111\u1ebfn \u0111\u1ea5u tr\u01b0\u1eddng th\u1ec3 thao, n\u00f3 \u0111\u00e3 ch\u1ee9ng ki\u1ebfn \u200b\u200bnh\u1eefng kh\u00e1t v\u1ecdng v\u00e0 ngh\u1ecbch c\u1ea3nh c\u1ee7a nh\u00e2n lo\u1ea1i. Tuy nhi\u00ean, nh\u1eefng ng\u1ecdn n\u00fai v\u1eabn t\u1ed3n t\u1ea1i, nh\u1eefng \u0111\u1ec9nh n\u00fai im l\u1eb7ng c\u1ee7a ch\u00fang kh\u00f3 hi\u1ec3u v\u01b0\u1ee3t ra ngo\u00e0i t\u1ea7m v\u1edbi c\u1ee7a nhi\u1ec1u th\u1ebf k\u1ef7. Ch\u00ednh trong khu\u00f4n kh\u1ed5 b\u1ec1n b\u1ec9 n\u00e0y - c\u1ee7a l\u01b0u v\u1ef1c s\u00f4ng v\u00e0 x\u01b0\u01a1ng s\u1ed1ng \u0111\u00e1 granit - m\u00e0 Kranjska Gora t\u1ef1 b\u1ed9c l\u1ed9, kh\u00f4ng ph\u1ea3i l\u00e0 m\u1ed9t \u0111i\u1ec3m \u0111\u1ebfn \u0111\u1ec3 ti\u00eau th\u1ee5, m\u00e0 l\u00e0 n\u01a1i chi\u00eam nghi\u1ec7m, n\u01a1i nh\u1ecbp \u0111i\u1ec7u c\u1ee7a thi\u00ean nhi\u00ean v\u00e0 l\u1ecbch s\u1eed h\u1ed9i t\u1ee5.<\/p>","protected":false},"excerpt":{"rendered":"<p>Kranjska Gora, n\u1eb1m \u1edf v\u00f9ng t\u00e2y b\u1eafc Slovenia, l\u00e0 m\u1ed9t th\u1ecb tr\u1ea5n quy\u1ebfn r\u0169 v\u1edbi kho\u1ea3ng 1.500 c\u01b0 d\u00e2n v\u00e0 l\u00e0 tr\u1ee5 s\u1edf h\u00e0nh ch\u00ednh c\u1ee7a Th\u00e0nh ph\u1ed1 Kranjska Gora. Ng\u00f4i l\u00e0ng tr\u00ean n\u00fai \u0111\u1eb9p nh\u01b0 tranh v\u1ebd n\u00e0y n\u1eb1m \u1edf v\u1ecb tr\u00ed chi\u1ebfn l\u01b0\u1ee3c d\u1ecdc theo S\u00f4ng Sava Dolinka \u1edf Th\u01b0\u1ee3ng Carniola, ch\u1ec9 c\u00e1ch bi\u00ean gi\u1edbi \u00c1o v\u00e0 \u00dd v\u00e0i km. \u0110\u1ecba h\u00ecnh \u0111\u1ed9c \u0111\u00e1o c\u1ee7a th\u1ecb tr\u1ea5n l\u00e0m n\u1ed5i b\u1eadt v\u1ecb tr\u00ed g\u1ea7n v\u1edbi \u0111i\u1ec3m giao nhau gi\u1eefa \u00c1o, \u00dd v\u00e0 Slovenia tr\u00ean \u0111\u1ec9nh n\u00fai \u0111\u01b0\u1ee3c g\u1ecdi l\u00e0 Dreil\u00e4ndereck trong ti\u1ebfng \u0110\u1ee9c ho\u1eb7c Pe\u010d trong ti\u1ebfng Slovenia.<\/p>","protected":false},"author":1,"featured_media":4173,"parent":13345,"menu_order":0,"comment_status":"closed","ping_status":"closed","template":"elementor_theme","meta":{"_eb_attr":"","footnotes":""},"class_list":["post-13369","page","type-page","status-publish","has-post-thumbnail"],"_links":{"self":[{"href":"https:\/\/travelshelper.com\/vi\/wp-json\/wp\/v2\/pages\/13369","targetHints":{"allow":["GET"]}}],"collection":[{"href":"https:\/\/travelshelper.com\/vi\/wp-json\/wp\/v2\/pages"}],"about":[{"href":"https:\/\/travelshelper.com\/vi\/wp-json\/wp\/v2\/types\/page"}],"author":[{"embeddable":true,"href":"https:\/\/travelshelper.com\/vi\/wp-json\/wp\/v2\/users\/1"}],"replies":[{"embeddable":true,"href":"https:\/\/travelshelper.com\/vi\/wp-json\/wp\/v2\/comments?post=13369"}],"version-history":[{"count":0,"href":"https:\/\/travelshelper.com\/vi\/wp-json\/wp\/v2\/pages\/13369\/revisions"}],"up":[{"embeddable":true,"href":"https:\/\/travelshelper.com\/vi\/wp-json\/wp\/v2\/pages\/13345"}],"wp:featuredmedia":[{"embeddable":true,"href":"https:\/\/travelshelper.com\/vi\/wp-json\/wp\/v2\/media\/4173"}],"wp:attachment":[{"href":"https:\/\/travelshelper.com\/vi\/wp-json\/wp\/v2\/media?parent=13369"}],"curies":[{"name":"wp","href":"https:\/\/api.w.org\/{rel}","templated":true}]}}