{"id":13345,"date":"2024-09-17T16:25:54","date_gmt":"2024-09-17T16:25:54","guid":{"rendered":"https:\/\/travelshelper.com\/staging\/?page_id=13345"},"modified":"2026-03-12T22:41:04","modified_gmt":"2026-03-12T22:41:04","slug":"slovenia","status":"publish","type":"page","link":"https:\/\/travelshelper.com\/vi\/destinations\/europe\/slovenia\/","title":{"rendered":"Slovenia"},"content":{"rendered":"<p>Slovenia, m\u1ed9t h\u00e0nh lang h\u1eb9p v\u1edbi \u0111\u1ecba h\u00ecnh xanh t\u01b0\u01a1i v\u00e0 nh\u1eefng \u0111\u1ec9nh n\u00fai cheo leo \u1edf trung t\u00e2m l\u1ee5c \u0111\u1ecba ch\u00e2u \u00c2u, c\u00f3 di\u1ec7n t\u00edch 20.271 km2 v\u00e0 l\u00e0 n\u01a1i sinh s\u1ed1ng c\u1ee7a kho\u1ea3ng 2,1 tri\u1ec7u c\u01b0 d\u00e2n; gi\u00e1p \u00dd v\u1ec1 ph\u00eda t\u00e2y, \u00c1o v\u1ec1 ph\u00eda b\u1eafc, Hungary v\u1ec1 ph\u00eda \u0111\u00f4ng b\u1eafc, Croatia v\u1ec1 ph\u00eda nam v\u00e0 \u0111\u00f4ng nam, v\u00e0 bao quanh m\u1ed9t d\u1ea3i b\u1edd bi\u1ec3n Adriatic ng\u1eafn \u1edf ph\u00eda t\u00e2y nam, v\u1ecb tr\u00ed chi\u1ebfn l\u01b0\u1ee3c c\u1ee7a n\u01b0\u1edbc c\u1ed9ng h\u00f2a n\u00e0y t\u1ea1i n\u01a1i h\u1ee3p l\u01b0u c\u1ee7a c\u00e1c d\u00e3y n\u00fai cao, \u0111\u1ed3ng b\u1eb1ng Pannonia v\u00e0 \u1ea3nh h\u01b0\u1edfng c\u1ee7a \u0110\u1ecba Trung H\u1ea3i \u0111\u00e3 c\u1ee7ng c\u1ed1 n\u00ean b\u1ea3n s\u1eafc \u0111\u1ed9c \u0111\u00e1o c\u1ee7a n\u00f3.<\/p>\n<p>T\u1eeb khi \u0111\u01b0\u1ee3c \u0111\u01b0a v\u00e0o l\u00e3nh th\u1ed5 s\u1edbm nh\u1ea5t c\u1ee7a \u0110\u1ebf ch\u1ebf Byzantine v\u00e0 sau \u0111\u00f3 l\u00e0 \u0110\u1ebf ch\u1ebf Carolingian v\u00e0 \u0110\u1ebf ch\u1ebf La M\u00e3 Th\u1ea7n th\u00e1nh, qua nhi\u1ec1u th\u1ebf k\u1ef7 n\u1eb1m d\u01b0\u1edbi quy\u1ec1n t\u00e0i ph\u00e1n c\u1ee7a V\u01b0\u01a1ng qu\u1ed1c Hungary, ph\u1ea1m vi th\u01b0\u01a1ng m\u1ea1i c\u1ee7a C\u1ed9ng h\u00f2a Venice, c\u00e1c T\u1ec9nh Illyrian c\u1ee7a Napoleon v\u00e0 ch\u1ebf \u0111\u1ed9 qu\u00e2n ch\u1ee7 Habsburg r\u1ed9ng l\u1edbn, l\u00e3nh th\u1ed5 hi\u1ec7n \u0111\u01b0\u1ee3c g\u1ecdi l\u00e0 Slovenia \u0111\u00e3 ch\u1ee9ng ki\u1ebfn \u200b\u200bs\u1ef1 l\u00ean xu\u1ed1ng c\u1ee7a c\u00e1c d\u00f2ng ch\u1ea3y \u0111\u1ebf qu\u1ed1c\u2014m\u1ed7i t\u1ea7ng l\u1edbp cai tr\u1ecb \u0111\u1ec3 l\u1ea1i nh\u1eefng d\u1ea5u \u1ea5n kh\u00f4ng th\u1ec3 phai m\u1edd tr\u00ean \u0111\u1ecba h\u00ecnh v\u0103n h\u00f3a c\u1ee7a n\u00f3. V\u00e0o m\u00f9a thu n\u0103m 1918, ng\u01b0\u1eddi Slovenia kh\u1eb3ng \u0111\u1ecbnh quy\u1ec1n t\u1ef1 quy\u1ebft t\u1eadp th\u1ec3 c\u1ee7a h\u1ecd b\u1eb1ng c\u00e1ch \u0111\u1ed3ng s\u00e1ng l\u1eadp Nh\u00e0 n\u01b0\u1edbc c\u1ee7a ng\u01b0\u1eddi Slovenia, ng\u01b0\u1eddi Croatia v\u00e0 ng\u01b0\u1eddi Serbia, ch\u1ec9 \u0111\u1ec3 s\u00e1p nh\u1eadp v\u00e0i th\u00e1ng sau \u0111\u00f3 th\u00e0nh V\u01b0\u01a1ng qu\u1ed1c Serbia, ng\u01b0\u1eddi Croatia v\u00e0 ng\u01b0\u1eddi Slovenia m\u1edbi th\u00e0nh l\u1eadp (\u0111\u1ed5i t\u00ean th\u00e0nh Nam T\u01b0 v\u00e0o n\u0103m 1929). Nh\u1eefng bi\u1ebfn \u0111\u1ed9ng c\u1ee7a Chi\u1ebfn tranh th\u1ebf gi\u1edbi th\u1ee9 hai, trong \u0111\u00f3 \u0110\u1ee9c, \u00dd v\u00e0 Hungary \u0111\u00e3 ph\u00e2n chia v\u00e0 s\u00e1p nh\u1eadp v\u00f9ng \u0111\u1ea5t n\u00e0y\u2014b\u1ed5 sung th\u00eam m\u1ed9t ph\u1ea7n nh\u1ecf nh\u01b0\u1ee3ng l\u1ea1i cho Nh\u00e0 n\u01b0\u1edbc \u0111\u1ed9c l\u1eadp Croatia\u2014\u0111\u00e3 \u0111\u01b0\u1ee3c ti\u1ebfp n\u1ed1i b\u1eb1ng s\u1ef1 t\u00e1i h\u00f2a nh\u1eadp v\u00e0o Nam T\u01b0 x\u00e3 h\u1ed9i ch\u1ee7 ngh\u0129a. \u0110\u01b0\u1ee3c gi\u1ea3i ph\u00f3ng kh\u1ecfi s\u1ef1 gi\u00e1m h\u1ed9 b\u00ean ngo\u00e0i v\u00e0o th\u00e1ng 6 n\u0103m 1991, tuy\u00ean b\u1ed1 ch\u1ee7 quy\u1ec1n c\u1ee7a Slovenia \u0111\u00e3 m\u1edf ra m\u1ed9t ch\u01b0\u01a1ng m\u1edbi, ch\u01b0\u01a1ng m\u00e0 n\u01b0\u1edbc n\u00e0y s\u1ebd v\u1ea1ch ra l\u1ed9 tr\u00ecnh tr\u1edf th\u00e0nh th\u00e0nh vi\u00ean c\u1ee7a Li\u00ean minh ch\u00e2u \u00c2u, NATO v\u00e0 c\u00e1c t\u1ed5 ch\u1ee9c to\u00e0n c\u1ea7u kh\u00e1c, \u0111\u1ed3ng th\u1eddi x\u00e2y d\u1ef1ng m\u1ed9t n\u1ec1n kinh t\u1ebf thu nh\u1eadp cao, c\u00e2n b\u1eb1ng gi\u1eefa s\u1ea3n xu\u1ea5t v\u00e0 n\u00f4ng nghi\u1ec7p l\u00e2u \u0111\u1eddi v\u1edbi c\u00f4ng ngh\u1ec7 th\u00f4ng tin v\u00e0 d\u1ecbch v\u1ee5 t\u00e0i ch\u00ednh ti\u00ean ti\u1ebfn.<\/p>\n<p>V\u1ec1 m\u1eb7t \u0111\u1ecba l\u00fd, Slovenia tr\u1ea3i d\u00e0i gi\u1eefa v\u0129 \u0111\u1ed9 45\u00b0 v\u00e0 47\u00b0 b\u1eafc v\u00e0 kinh \u0111\u1ed9 13\u00b0 v\u00e0 17\u00b0 \u0111\u00f4ng, g\u1ea7n nh\u01b0 b\u1ecb chia \u0111\u00f4i b\u1edfi kinh tuy\u1ebfn th\u1ee9 m\u01b0\u1eddi l\u0103m \u0111\u00f4ng v\u00e0 t\u1eadp trung v\u00e0o t\u1ecda \u0111\u1ed9 46\u00b007\u203211.8\u2033 b\u1eafc, 14\u00b048\u203255.2\u2033 \u0111\u00f4ng, m\u1ed9t \u0111i\u1ec3m g\u1ea7n Slivna thu\u1ed9c \u0111\u00f4 th\u1ecb Litija. S\u1ef1 \u0111a d\u1ea1ng \u0111\u1ecba h\u00ecnh c\u1ee7a n\u00f3 th\u1eadt \u0111\u00e1ng kinh ng\u1ea1c: b\u1ed1n v\u00f9ng ch\u00ednh c\u1ee7a ch\u00e2u \u00c2u\u2014d\u00e3y n\u00fai Alps, d\u00e3y n\u00fai Dinarides, \u0111\u1ed3ng b\u1eb1ng Pannonian v\u00e0 l\u01b0u v\u1ef1c \u0110\u1ecba Trung H\u1ea3i\u2014h\u1ed9i t\u1ee5 trong bi\u00ean gi\u1edbi c\u1ee7a n\u00f3. C\u00e1c v\u00f9ng ph\u00eda b\u1eafc b\u1ecb chi ph\u1ed1i b\u1edfi d\u00e3y n\u00fai Julian Alps, d\u00e3y n\u00fai Kamnik-Savinja Alps v\u00e0 d\u00e3y n\u00fai Karawanks, c\u00f9ng v\u1edbi kh\u1ed1i n\u00fai Pohorje; \u0111\u1ec9nh cao nh\u1ea5t c\u1ee7a qu\u1ed1c gia, N\u00fai Triglav, cao t\u1edbi 2.864 m\u00e9t v\u00e0 t\u00f4 \u0111i\u1ec3m cho c\u1ea3 l\u00e1 c\u1edd v\u00e0 qu\u1ed1c huy nh\u01b0 m\u1ed9t bi\u1ec3u t\u01b0\u1ee3ng m\u1ea1nh m\u1ebd c\u1ee7a b\u1ea3n s\u1eafc d\u00e2n t\u1ed9c. V\u1ec1 ph\u00eda t\u00e2y nam, m\u1ed9t m\u1eb7t ti\u1ec1n Adriatic d\u00e0i 47 km\u2014n\u01a1i Slovene Littoral n\u1eb1m g\u1ecdn trong v\u00f2ng tay c\u1ee7a \u0110\u1ecba Trung H\u1ea3i\u2014d\u1eabn \u0111\u1ebfn Cao nguy\u00ean Karst, \u0111\u00e1 v\u00f4i h\u00f2a tan c\u1ee7a n\u00f3 \u0111\u00e3 t\u1ea1o n\u00ean m\u1ed9t th\u1ebf gi\u1edbi ng\u1ea7m c\u1ee7a c\u00e1c con s\u00f4ng, h\u1ebbm n\u00fai v\u00e0 hang \u0111\u1ed9ng \u0111\u01b0\u1ee3c t\u00f4n vinh trong Hang Postojna v\u00e0 Hang \u0160kocjan \u0111\u01b0\u1ee3c UNESCO c\u00f4ng nh\u1eadn. Ng\u01b0\u1ee3c l\u1ea1i, c\u00e1c v\u00f9ng \u0111\u1ea5t r\u1ed9ng l\u1edbn ph\u00eda \u0111\u00f4ng tr\u1ea3i d\u00e0i th\u00e0nh \u0111\u1ed3ng b\u1eb1ng Pannonian, trong khi h\u01a1n 90 ph\u1ea7n tr\u0103m l\u00e3nh th\u1ed5 n\u1eb1m \u1edf \u0111\u1ed9 cao h\u01a1n 200 m\u00e9t so v\u1edbi m\u1ef1c n\u01b0\u1edbc bi\u1ec3n.<\/p>\n<p>V\u1ec1 m\u1eb7t kh\u00ed h\u1eadu, v\u0129 \u0111\u1ed9 \u00f4n \u0111\u1edbi c\u1ee7a Slovenia c\u00f3 m\u1ed9t h\u1ec7 th\u1ed1ng ba ph\u1ea7n: ch\u1ebf \u0111\u1ed9 l\u1ee5c \u0111\u1ecba \u1edf ph\u00eda \u0111\u00f4ng b\u1eafc, \u0111\u01b0\u1ee3c \u0111\u00e1nh d\u1ea5u b\u1eb1ng s\u1ef1 thay \u0111\u1ed5i nhi\u1ec7t \u0111\u1ed9 theo m\u00f9a r\u00f5 r\u1ec7t; \u1ea3nh h\u01b0\u1edfng c\u1eadn \u0110\u1ecba Trung H\u1ea3i d\u1ecdc theo b\u1edd bi\u1ec3n v\u00e0 v\u00f9ng th\u1ea5p h\u01a1n c\u1ee7a Thung l\u0169ng So\u010da; v\u00e0 kh\u00ed h\u1eadu n\u00fai cao \u1edf \u0111\u1ed9 cao. L\u01b0\u1ee3ng m\u01b0a, th\u01b0\u1eddng ch\u1ecbu \u1ea3nh h\u01b0\u1edfng c\u1ee7a d\u00f2ng ch\u1ea3y t\u1eeb V\u1ecbnh Genoa, dao \u0111\u1ed9ng trong kho\u1ea3ng h\u01a1n 3.500 mm \u1edf c\u00e1c v\u00f9ng \u0111\u1ea5t ph\u00eda t\u00e2y v\u00e0 kho\u1ea3ng 800 mm \u1edf Prekmurje; l\u01b0\u1ee3ng tuy\u1ebft r\u01a1i k\u1ef7 l\u1ee5c \u1edf Ljubljana \u0111\u1ea1t 146 cm v\u00e0o th\u00e1ng 2 n\u0103m 1952. M\u1eb7c d\u00f9 t\u01b0\u01a1ng \u0111\u1ed1i \u0111\u01b0\u1ee3c che ch\u1eafn kh\u1ecfi nh\u1eefng c\u01a1n gi\u00f3 m\u1ea1nh dai d\u1eb3ng, Slovenia v\u1eabn tr\u1ea3i qua nh\u1eefng c\u01a1n gi\u00f3 \u0111\u1eb7c bi\u1ec7t\u2014gi\u00f3 jugo \u1ea9m \u1edf ph\u00eda nam v\u00e0 gi\u00f3 bora m\u1ea1nh \u1edf ph\u00eda b\u1eafc d\u1ecdc theo Littoral, c\u0169ng nh\u01b0 gi\u00f3 foehn \u1edf c\u00e1c qu\u1eadn n\u00fai cao\u2014trong khi c\u00e1c d\u00f2ng ch\u1ea3y th\u1eb3ng \u0111\u1ee9ng c\u1ee5c b\u1ed9 ph\u00e1t sinh t\u1eeb c\u00e1c chu k\u1ef3 nhi\u1ec7t h\u00e0ng ng\u00e0y c\u1ee7a \u0111\u1ecba h\u00ecnh g\u1ed3 gh\u1ec1.<\/p>\n<p>B\u00ean d\u01b0\u1edbi ch\u00e2n, \u0111\u1ecba ch\u1ea5t c\u1ee7a qu\u1ed1c gia n\u00e0y c\u0169ng s\u00f4i \u0111\u1ed9ng kh\u00f4ng k\u00e9m. N\u1eb1m tr\u00ean M\u1ea3ng Adriatic nh\u1ecf b\u00e9, quay ng\u01b0\u1ee3c chi\u1ec1u gi\u1eefa M\u1ea3ng Ch\u00e2u Phi v\u00e0 M\u1ea3ng \u00c1-\u00c2u, Slovenia n\u1eb1m trong v\u00f9ng ho\u1ea1t \u0111\u1ed9ng \u0111\u1ecba ch\u1ea5n, n\u01a1i c\u00f3 s\u00e1u m\u01b0\u01a1i tr\u1eadn \u0111\u1ed9ng \u0111\u1ea5t ph\u00e1 h\u1ee7y \u0111\u01b0\u1ee3c ghi l\u1ea1i trong bi\u00ean ni\u00ean s\u1eed l\u1ecbch s\u1eed. C\u00e1c th\u00e0nh t\u1ea1o karst tr\u1ea3i d\u00e0i ra ngo\u00e0i cao nguy\u00ean \u0111\u1ec3 truy\u1ec1n cacbonat v\u00e0o ph\u1ea7n l\u1edbn n\u1ec1n \u0111\u00e1, nu\u00f4i d\u01b0\u1ee1ng m\u1ed9t m\u00ea cung hang \u0111\u1ed9ng minh ch\u1ee9ng cho ngh\u1ec7 thu\u1eadt ch\u1eadm r\u00e3i c\u1ee7a v\u00f9ng n\u01b0\u1edbc ng\u1ea7m. C\u00e1c b\u1ed1i c\u1ea3nh \u0111\u1ecba l\u00fd \u0111a d\u1ea1ng n\u00e0y \u0111\u00e3 \u0111\u01b0\u1ee3c c\u00e1c nh\u00e0 \u0111\u1ecba l\u00fd ph\u00e2n t\u00edch th\u00e0nh c\u00e1c v\u00f9ng l\u1edbn\u2014Alpine, c\u1eadn Alpine, c\u1eadn \u0110\u1ecba Trung H\u1ea3i, Dinaric v\u00e0 c\u1eadn Pannonian\u2014trong khi c\u00e1c ph\u00e2n lo\u1ea1i \u0111\u1ecba l\u00fd t\u1ef1 nhi\u00ean \u0111\u01b0\u01a1ng \u0111\u1ea1i h\u1ee3p nh\u1ea5t ch\u00fang th\u00e0nh b\u1ed1n c\u1ea3nh quan bao qu\u00e1t: Alpine, \u0110\u1ecba Trung H\u1ea3i, Dinaric v\u00e0 Pannonian, th\u01b0\u1eddng \u0111an xen b\u1edfi c\u00e1c h\u1ed1c chuy\u1ec3n ti\u1ebfp.<\/p>\n<p>G\u1ea7n 58 ph\u1ea7n tr\u0103m di\u1ec7n t\u00edch Slovenia, bao g\u1ed3m kho\u1ea3ng 11.823 km vu\u00f4ng, \u0111\u01b0\u1ee3c bao ph\u1ee7 b\u1edfi r\u1eebng - ch\u1ee7 y\u1ebfu l\u00e0 c\u00e1c qu\u1ea7n th\u1ec3 s\u1ed3i, linh sam-s\u1ed3i v\u00e0 s\u1ed3i-s\u1ed3i - x\u1ebfp h\u1ea1ng qu\u1ed1c gia n\u00e0y th\u1ee9 ba \u1edf ch\u00e2u \u00c2u v\u1ec1 \u0111\u1ed9 che ph\u1ee7 r\u1eebng sau Ph\u1ea7n Lan v\u00e0 Th\u1ee5y \u0110i\u1ec3n; t\u00e0n t\u00edch c\u1ee7a r\u1eebng nguy\u00ean sinh v\u1eabn t\u1ed3n t\u1ea1i \u1edf v\u00f9ng Ko\u010devje. \u0110\u1ed3ng c\u1ecf, c\u00e1nh \u0111\u1ed3ng, v\u01b0\u1eddn, v\u01b0\u1eddn c\u00e2y \u0103n qu\u1ea3 v\u00e0 v\u01b0\u1eddn nho chi\u1ebfm th\u00eam di\u1ec7n t\u00edch, trong khi 286 v\u00f9ng Natura 2000 b\u1ea3o v\u1ec7 36 ph\u1ea7n tr\u0103m di\u1ec7n t\u00edch \u0111\u1ea5t, m\u1ea1ng l\u01b0\u1edbi r\u1ed9ng l\u1edbn nh\u1ea5t trong s\u1ed1 c\u00e1c qu\u1ed1c gia Li\u00ean minh ch\u00e2u \u00c2u. C\u00f4ng vi\u00ean qu\u1ed1c gia Triglav, c\u00f4ng vi\u00ean qu\u1ed1c gia duy nh\u1ea5t, l\u00e0 ph\u00e1o \u0111\u00e0i c\u1ee7a h\u1ec7 th\u1ef1c v\u1eadt v\u00e0 \u0111\u1ed9ng v\u1eadt, v\u00e0 s\u1ef1 qu\u1ea3n l\u00fd m\u00f4i tr\u01b0\u1eddng c\u1ee7a Slovenia \u0111\u00e3 \u0111\u01b0\u1ee3c c\u00f4ng nh\u1eadn trong c\u00e1c ch\u1ec9 s\u1ed1 nh\u01b0 Ch\u1ec9 s\u1ed1 hi\u1ec7u su\u1ea5t m\u00f4i tr\u01b0\u1eddng c\u1ee7a Yale.<\/p>\n<p>V\u1ec1 m\u1eb7t th\u1ee7y v\u0103n, kho\u1ea3ng 81 ph\u1ea7n tr\u0103m l\u00e3nh th\u1ed5 Slovenia \u0111\u1ed5 v\u00e0o l\u01b0u v\u1ef1c Bi\u1ec3n \u0110en th\u00f4ng qua c\u00e1c h\u1ec7 th\u1ed1ng s\u00f4ng Mura, Drava v\u00e0 Sava\u2014v\u1edbi Kolpa l\u00e0 m\u1ed9t trong nh\u1eefng nh\u00e1nh c\u1ee7a s\u00f4ng sau\u2014trong khi 19 ph\u1ea7n tr\u0103m c\u00f2n l\u1ea1i ch\u1ea3y v\u1ec1 ph\u00eda nam \u0111\u1ebfn Bi\u1ec3n Adriatic. Ngu\u1ed3n n\u01b0\u1edbc t\u1eeb n\u00fai t\u1ea1o ra ngu\u1ed3n n\u01b0\u1edbc c\u00f3 \u0111\u1ed9 tinh khi\u1ebft \u0111\u1eb7c bi\u1ec7t, m\u1eb7c d\u00f9 d\u00f2ng ch\u1ea3y n\u00f4ng nghi\u1ec7p g\u00e2y ra nh\u1eefng th\u00e1ch th\u1ee9c c\u1ee5c b\u1ed9. C\u00e1c h\u1ed3 nh\u01b0 Bohinj, h\u1ed3 t\u1ef1 nhi\u00ean l\u1edbn nh\u1ea5t Slovenia v\u00e0 l\u00e0 ngu\u1ed3n c\u1ee7a S\u00f4ng Sava, r\u1ea3i r\u00e1c tr\u00ean \u0111\u1ecba h\u00ecnh cao nguy\u00ean, b\u1ed5 sung cho c\u00e1c d\u00f2ng n\u01b0\u1edbc trong v\u1eaft c\u1ee7a S\u00f4ng So\u010da, c\u00f3 m\u00e0u ng\u1ecdc l\u1ee5c b\u1ea3o ch\u1ea3y qua Thung l\u0169ng Trenta.<\/p>\n<p>V\u1ec1 m\u1eb7t kinh t\u1ebf, s\u1ef1 chuy\u1ec3n \u0111\u1ed5i c\u1ee7a Slovenia k\u1ec3 t\u1eeb khi gi\u00e0nh \u0111\u01b0\u1ee3c \u0111\u1ed9c l\u1eadp l\u00e0 \u0111\u00e1ng ch\u00fa \u00fd: qu\u1ed1c gia n\u00e0y t\u1ef1 h\u00e0o c\u00f3 m\u1ed9t trong nh\u1eefng n\u1ec1n kinh t\u1ebf chuy\u1ec3n \u0111\u1ed5i ph\u00e1t tri\u1ec3n nh\u1ea5t, v\u1edbi GDP b\u00ecnh qu\u00e2n \u0111\u1ea7u ng\u01b0\u1eddi v\u01b0\u1ee3t qua c\u00e1c n\u01b0\u1edbc Slavic ngang h\u00e0ng. C\u00e1c ng\u00e0nh truy\u1ec1n th\u1ed1ng\u2014khai th\u00e1c m\u1ecf, luy\u1ec7n kim, s\u1ea3n xu\u1ea5t h\u00f3a ch\u1ea5t v\u00e0 n\u00f4ng nghi\u1ec7p\u2014c\u00f9ng t\u1ed3n t\u1ea1i v\u1edbi c\u00f4ng ngh\u1ec7 th\u00f4ng tin \u0111ang ph\u00e1t tri\u1ec3n, d\u1ecbch v\u1ee5 t\u00e0i ch\u00ednh v\u00e0 du l\u1ecbch c\u00f3 \u00fd th\u1ee9c b\u1ea3o v\u1ec7 m\u00f4i tr\u01b0\u1eddng. Th\u01b0\u01a1ng m\u1ea1i n\u01b0\u1edbc ngo\u00e0i chi\u1ebfm m\u1ed9t ph\u1ea7n \u0111\u00e1ng k\u1ec3 trong s\u1ea3n l\u01b0\u1ee3ng qu\u1ed1c gia, \u0111\u01b0\u1ee3c t\u1ea1o \u0111i\u1ec1u ki\u1ec7n thu\u1eadn l\u1ee3i nh\u1edd t\u01b0 c\u00e1ch th\u00e0nh vi\u00ean c\u1ee7a Li\u00ean minh ch\u00e2u \u00c2u, T\u1ed5 ch\u1ee9c H\u1ee3p t\u00e1c v\u00e0 Ph\u00e1t tri\u1ec3n Kinh t\u1ebf v\u00e0 T\u1ed5 ch\u1ee9c Th\u01b0\u01a1ng m\u1ea1i Th\u1ebf gi\u1edbi. S\u1ef1 th\u1ecbnh v\u01b0\u1ee3ng c\u1ee7a khu v\u1ef1c thay \u0111\u1ed5i, v\u1edbi khu v\u1ef1c Trung Slovenia (c\u00f3 Ljubljana l\u00e0m \u0111i\u1ec3m neo) v\u00e0 c\u00e1c khu v\u1ef1c ven bi\u1ec3n-karst d\u1eabn \u0111\u1ea7u v\u1ec1 s\u1ef1 gi\u00e0u c\u00f3, trong khi Mura, Trung Sava v\u00e0 Littoral-Inner Carniola ghi nh\u1eadn c\u00e1c ch\u1ec9 s\u1ed1 th\u1ea5p h\u01a1n.<\/p>\n<p>Du l\u1ecbch \u1edf Slovenia tr\u1ea3i d\u00e0i tr\u00ean nhi\u1ec1u lo\u1ea1i t\u00e0i s\u1ea3n thi\u00ean nhi\u00ean v\u00e0 v\u0103n h\u00f3a, m\u1ed7i lo\u1ea1i \u0111\u1ec1u \u0111\u01b0\u1ee3c \u0111an xen v\u00e0o k\u1ebft c\u1ea5u c\u1ee7a ho\u1ea1t \u0111\u1ed9ng b\u1ec1n v\u1eefng: n\u0103m 2017, National Geographic Traveller \u0111\u00e3 ch\u1ec9 \u0111\u1ecbnh Slovenia l\u00e0 \u0111i\u1ec3m \u0111\u1ebfn b\u1ec1n v\u1eefng nh\u1ea5t th\u1ebf gi\u1edbi v\u00e0 c\u00e1c gi\u1ea3i th\u01b0\u1edfng ti\u1ebfp theo \u0111\u00e3 kh\u1eb3ng \u0111\u1ecbnh uy t\u00edn xanh c\u1ee7a n\u01a1i n\u00e0y, bao g\u1ed3m gi\u1ea3i th\u01b0\u1edfng Khu v\u1ef1c \u1ea9m th\u1ef1c ch\u00e2u \u00c2u n\u0103m 2021. Di s\u1ea3n ki\u1ebfn \u200b\u200btr\u00fac \u0111\u00f4 th\u1ecb - minh h\u1ecda b\u1eb1ng c\u00e1c c\u00f4ng tr\u00ecnh ki\u1ebfn \u200b\u200btr\u00fac Baroque v\u00e0 Vienna Secessionist c\u1ee7a Ljubljana, nhi\u1ec1u c\u00f4ng tr\u00ecnh do ki\u1ebfn \u200b\u200btr\u00fac s\u01b0 b\u1ea3n \u0111\u1ecba Jo\u017ee Ple\u010dnik thi\u1ebft k\u1ebf - c\u00f9ng t\u1ed3n t\u1ea1i v\u1edbi c\u00e1c nh\u00e0 th\u1edd th\u1eddi trung c\u1ed5, h\u00e0ng ngh\u00ecn l\u00e2u \u0111\u00e0i c\u00f2n s\u00f3t l\u1ea1i, nh\u00e0 trang vi\u00ean v\u00e0 chu\u1ed3ng c\u1ecf kh\u00f4 truy\u1ec1n th\u1ed1ng (kozolci). B\u1ed1n Di s\u1ea3n th\u1ebf gi\u1edbi c\u1ee7a UNESCO - Hang \u0111\u1ed9ng \u0160kocjan, nh\u1eefng khu r\u1eebng c\u1ed5 Goteni\u0161ki Sne\u017enik v\u00e0 Ko\u010devski Rog, M\u1ecf th\u1ee7y ng\u00e2n Idrija v\u00e0 nh\u1eefng ng\u00f4i nh\u00e0 c\u1ecdc ti\u1ec1n s\u1eed c\u1ee7a Ljubljana Marsh - nh\u1ea5n m\u1ea1nh di s\u1ea3n v\u0103n h\u00f3a v\u00e0 thi\u00ean nhi\u00ean c\u1ee7a qu\u1ed1c gia n\u00e0y. Nh\u1eefng th\u1ecb tr\u1ea5n l\u1ecbch s\u1eed nh\u01b0 Ptuj v\u00e0 \u0160kofja Loka, L\u00e2u \u0111\u00e0i Predjama cheo leo tr\u00ean v\u00e1ch \u0111\u00e1 v\u00e0 c\u00e1c m\u1ecf mu\u1ed1i gi\u00e0u than b\u00f9n \u1edf Se\u010dovlje t\u1ea1o th\u00e0nh c\u00e1c ch\u01b0\u01a1ng trong m\u1ed9t c\u00e2u chuy\u1ec7n r\u1ed9ng l\u1edbn h\u01a1n v\u1ec1 s\u1ef1 kh\u00e9o l\u00e9o c\u1ee7a con ng\u01b0\u1eddi v\u00e0 c\u1ea3nh t\u01b0\u1ee3ng \u0111\u1ecba ch\u1ea5t ngo\u1ea1n m\u1ee5c.<\/p>\n<p>Trong s\u1ed1 c\u00e1c th\u1ecb tr\u1ea5n ven bi\u1ec3n, m\u1eb7t ti\u1ec1n \u0111\u1ea7m ph\u00e1 theo phong c\u00e1ch Gothic-Venetian c\u1ee7a Piran v\u00e0 s\u1ef1 vui v\u1ebb v\u00e0o m\u00f9a h\u00e8 c\u1ee7a Portoro\u017e g\u1ee3i l\u00ean di s\u1ea3n \u0110\u1ecba Trung H\u1ea3i; \u1edf ph\u00eda trong \u0111\u1ea5t li\u1ec1n, nh\u1eefng ng\u1ecdn \u0111\u1ed3i v\u00e0nh \u0111ai r\u01b0\u1ee3u vang bao quanh Maribor t\u00f4n vinh truy\u1ec1n th\u1ed1ng tr\u1ed3ng nho ti\u00eau bi\u1ec3u l\u00e0 c\u00e2y nho \u017dametovka 400 n\u0103m tu\u1ed5i, \u0111\u01b0\u1ee3c cho l\u00e0 c\u00e2y l\u00e2u \u0111\u1eddi nh\u1ea5t th\u1ebf gi\u1edbi. C\u00e1c khu ngh\u1ec9 d\u01b0\u1ee1ng spa\u2014Roga\u0161ka Slatina, Radenci, \u010cate\u017e ob Savi, Dobrna v\u00e0 Moravske Toplice\u2014cung c\u1ea5p ngu\u1ed3n n\u01b0\u1edbc ch\u1eefa b\u1ec7nh trong m\u00f4i tr\u01b0\u1eddng \u0111\u1ed3ng qu\u00ea, trong khi nh\u1eefng ng\u01b0\u1eddi th\u00edch phi\u00eau l\u01b0u s\u1ebd th\u1ea5y b\u1ea3n l\u0129nh c\u1ee7a m\u00ecnh \u0111\u01b0\u1ee3c th\u1eed th\u00e1ch \u1edf l\u01b0u v\u1ef1c Julian Alps v\u00e0 So\u010da: \u0111i b\u1ed9 \u0111\u01b0\u1eddng d\u00e0i, ch\u00e8o b\u00e8, l\u01b0\u1ee3n d\u00f9 v\u00e0 \u0111\u1ea1p xe leo n\u00fai \u0111\u01b0\u1ee3c th\u1ef1c hi\u1ec7n trong b\u1ed1i c\u1ea3nh gi\u00e1 c\u1ea3 \u0111\u1ea7u th\u1ebf k\u1ef7 XX, th\u01b0\u1eddng \u0111\u01b0\u1ee3c so s\u00e1nh v\u1edbi c\u00e1c \u0111\u1ed1i t\u00e1c c\u00f3 chi ph\u00ed cao h\u01a1n \u1edf v\u00f9ng n\u00fai cao.<\/p>\n<p>\u1ea8m th\u1ef1c ph\u1ea3n \u00e1nh di s\u1ea3n v\u0103n h\u00f3a ba th\u00e0nh ph\u1ea7n c\u1ee7a qu\u1ed1c gia - \u0110\u1ee9c, La tinh v\u00e0 Slav\u01a1 - v\u1edbi h\u01a1n b\u1ed1n m\u01b0\u01a1i bi\u1ebfn th\u1ec3 m\u00f3n \u0103n theo v\u00f9ng b\u1eaft ngu\u1ed3n t\u1eeb gi\u00e1 c\u1ea3 ph\u1ea3i ch\u0103ng: c\u00e1c ch\u1ebf ph\u1ea9m n\u1ea5u trong m\u1ed9t n\u1ed3i nh\u01b0 ri\u010det, jota v\u00e0 mine\u0161tra; ki\u1ec1u m\u1ea1ch \u017eganci; (\u1edf Prekmurje) bujta repa v\u00e0 prekmurska gibanica nhi\u1ec1u l\u1edbp; pr\u0161ut hun kh\u00f3i ki\u1ec3u nh\u00e0 qu\u00ea c\u1ee7a Littoral; v\u00e0 b\u00e1nh cu\u1ed9n h\u1ea1t potica mang t\u00ednh bi\u1ec3u t\u01b0\u1ee3ng, c\u00f3 bi\u1ec3u t\u01b0\u1ee3ng di c\u01b0 vang v\u1ecdng trong c\u1ed9ng \u0111\u1ed3ng ng\u01b0\u1eddi Slovenia \u1edf n\u01b0\u1edbc ngo\u00e0i. C\u00e1c l\u1ec5 h\u1ed9i \u1ea9m th\u1ef1c - trong s\u1ed1 \u0111\u00f3 c\u00f3 L\u1ec5 h\u1ed9i Khoai t\u00e2y n\u01b0\u1edbng h\u00e0ng n\u0103m, \u0111\u01b0\u1ee3c khai m\u1ea1c v\u00e0o n\u0103m 2000 - t\u00f4n vinh c\u00e1c truy\u1ec1n th\u1ed1ng h\u00e0ng ng\u00e0y, trong khi x\u00fac x\u00edch kranjska klobasa v\u00e0 c\u00e2y nho \u017dametovka \u0111\u00e1ng k\u00ednh c\u1ee7ng c\u1ed1 c\u1ea3m gi\u00e1c v\u1ec1 v\u00f9ng \u0111\u1ea5t coi tr\u1ecdng c\u1ea3 ngu\u1ed3n g\u1ed1c v\u00e0 nh\u1ecbp \u0111i\u1ec7u theo m\u00f9a.<\/p>\n<p>Kh\u1ea3 n\u0103ng k\u1ebft n\u1ed1i tr\u00ean kh\u1eafp Slovenia \u0111\u01b0\u1ee3c h\u00ecnh th\u00e0nh b\u1edfi \u0111\u1ecba h\u00ecnh c\u1ee7a n\u00f3: H\u00e0nh lang V to\u00e0n ch\u00e2u \u00c2u (n\u1ed1i B\u1eafc Adriatic v\u1edbi Trung v\u00e0 \u0110\u00f4ng \u00c2u) v\u00e0 X (n\u1ed1i Trung \u00c2u v\u1edbi Balkan) h\u1ed9i t\u1ee5 tr\u00ean l\u00e3nh th\u1ed5 c\u1ee7a n\u00f3, t\u1ea1o \u0111i\u1ec1u ki\u1ec7n thu\u1eadn l\u1ee3i cho giao th\u00f4ng \u0111\u01b0\u1eddng b\u1ed9, \u0111\u01b0\u1eddng s\u1eaft, c\u1ea3ng v\u00e0 h\u00e0ng kh\u00f4ng. \u0110\u01b0\u1eddng cao t\u1ed1c, \u0111\u01b0\u1ee3c m\u1edf r\u1ed9ng nhanh ch\u00f3ng sau n\u0103m 1994, hi\u1ec7n t\u1ea1o th\u00e0nh m\u1ed9t m\u1ea1ng l\u01b0\u1edbi d\u00e0y \u0111\u1eb7c chi\u1ebfm t\u00e1m m\u01b0\u01a1i ph\u1ea7n tr\u0103m v\u1eadn t\u1ea3i h\u00e0ng h\u00f3a v\u00e0 h\u00e0nh kh\u00e1ch, m\u1eb7c d\u00f9 c\u00e1c tuy\u1ebfn \u0111\u01b0\u1eddng ti\u1ec3u bang th\u1ee9 c\u1ea5p \u0111\u00e3 xu\u1ed1ng c\u1ea5p do t\u1ea3i tr\u1ecdng t\u0103ng. \u0110\u01b0\u1eddng s\u1eaft, b\u1ecb c\u1ea3n tr\u1edf b\u1edfi c\u01a1 s\u1edf h\u1ea1 t\u1ea7ng l\u1ed7i th\u1eddi v\u00e0 m\u00f4 h\u00ecnh \u0111\u1ecbnh c\u01b0 ph\u00e2n t\u00e1n, \u0111ang trong giai \u0111o\u1ea1n n\u00e2ng c\u1ea5p s\u01a1 b\u1ed9 tr\u00ean tr\u1ee5c Koper\u2013Diva\u010da, trong khi C\u1ea3ng Koper th\u1ed1ng tr\u1ecb nh\u01b0 l\u00e0 trung t\u00e2m container c\u1ee7a ph\u00eda b\u1eafc Adriatic \u2014 x\u1eed l\u00fd g\u1ea7n 590.000 \u0111\u01a1n v\u1ecb t\u01b0\u01a1ng \u0111\u01b0\u01a1ng hai m\u01b0\u01a1i feet m\u1ed7i n\u0103m \u2014 v\u00e0 duy tr\u00ec ho\u1ea1t \u0111\u1ed9ng v\u1eadn chuy\u1ec3n h\u00e0ng h\u00f3a v\u00e0 h\u00e0nh kh\u00e1ch b\u1eb1ng \u0111\u01b0\u1eddng bi\u1ec3n, \u0111\u01b0\u1ee3c b\u1ed5 sung b\u1edfi Izola v\u00e0 Piran. Du l\u1ecbch h\u00e0ng kh\u00f4ng v\u1eabn c\u00f2n khi\u00eam t\u1ed1n nh\u01b0ng v\u1eabn \u0111ang ph\u00e1t tri\u1ec3n: S\u00e2n bay Ljubljana Jo\u017ee Pu\u010dnik \u0111\u00f3ng vai tr\u00f2 l\u00e0 c\u1eeda ng\u00f5 ch\u00ednh, c\u00f9ng v\u1edbi Maribor Edvard Rusjan v\u00e0 Portoro\u017e, v\u1edbi c\u00e1c h\u00e3ng h\u00e0ng kh\u00f4ng gi\u00e1 r\u1ebb l\u1ea5p \u0111\u1ea7y kho\u1ea3ng tr\u1ed1ng do v\u1ee5 ph\u00e1 s\u1ea3n n\u0103m 2019 c\u1ee7a Adria Airways \u0111\u1ec3 l\u1ea1i.<\/p>\n<p>V\u1ec1 m\u1eb7t nh\u00e2n kh\u1ea9u h\u1ecdc, cu\u1ed9c \u0111i\u1ec1u tra d\u00e2n s\u1ed1 th\u00e1ng 10 n\u0103m 2024 c\u1ee7a n\u01b0\u1edbc c\u1ed9ng h\u00f2a n\u00e0y ghi nh\u1eadn 2.129.052 c\u01b0 d\u00e2n, mang l\u1ea1i m\u1eadt \u0111\u1ed9 105 ng\u01b0\u1eddi tr\u00ean m\u1ed9t kil\u00f4m\u00e9t vu\u00f4ng\u2014th\u1ea5p h\u01a1n nhi\u1ec1u so v\u1edbi H\u00e0 Lan ho\u1eb7c \u00dd v\u00e0 ph\u00e2n b\u1ed1 kh\u00f4ng \u0111\u1ed3ng \u0111\u1ec1u tr\u00ean c\u00e1c v\u00f9ng th\u1ed1ng k\u00ea, t\u1eeb trung t\u00e2m mi\u1ec1n Trung Slovenia \u0111\u1ebfn v\u00f9ng N\u1ed9i Carniola\u2013Karst th\u01b0a d\u00e2n. Vi\u1ec7c b\u1ea3o t\u1ed3n ti\u1ebfng Slovenia, \u0111\u01b0\u1ee3c c\u00e1c tu s\u0129 C\u00f4ng gi\u00e1o b\u1ea3o v\u1ec7 qua nhi\u1ec1u th\u1ebf h\u1ec7 trong th\u1eddi k\u1ef3 \u0110\u1ee9c h\u00f3a, c\u1ee7ng c\u1ed1 s\u1ef1 th\u1ed1ng nh\u1ea5t v\u1ec1 ng\u00f4n ng\u1eef kh\u00e1c bi\u1ec7t v\u1edbi c\u00e1c ng\u00f4n ng\u1eef Serbia-Croatia l\u00e2n c\u1eadn.<\/p>\n<p>\u0110\u1ed1i v\u1edbi du kh\u00e1ch mu\u1ed1n kh\u00e1m ph\u00e1 b\u1ea3n ch\u1ea5t c\u1ee7a Slovenia, b\u1ee9c tranh nh\u1ecbp nh\u00e0ng tr\u1ea3i d\u00e0i t\u1eeb C\u1ea7u Ba b\u1eafc qua Ljubljanica c\u1ee7a Ljubljana \u0111\u1ebfn h\u00f2n \u0111\u1ea3o c\u00f3 nhi\u1ec1u c\u00e2u chuy\u1ec7n \u1edf H\u1ed3 Bled; t\u1eeb nh\u1eefng nh\u00e0 th\u1edd ng\u1ea7m b\u1eb1ng nh\u0169 \u0111\u00e1 \u0111\u1ebfn nh\u1eefng s\u00e2n th\u01b0\u1ee3ng karst \u0160kocjan \u0111\u01b0\u1ee3c s\u01b0\u1edfi \u1ea5m b\u1edfi \u00e1nh n\u1eafng; t\u1eeb s\u1ef1 thanh b\u00ecnh \u0111\u1ed3ng qu\u00ea th\u00ec th\u1ea7m c\u1ee7a nh\u1eefng \u0111\u1ed3ng c\u1ecf tr\u00ean n\u00fai cao \u0111\u1ebfn nh\u1eefng con \u0111\u01b0\u1eddng d\u1ea1o b\u1ed9 ven bi\u1ec3n n\u01a1i nh\u1eefng b\u1ee9c t\u01b0\u1eddng th\u00e0nh c\u1ee7a Venice \u0111\u00f3n l\u00e0n gi\u00f3 Adriatic - m\u1ed7i n\u01a1i \u0111\u1ec1u mang \u0111\u1ebfn m\u1ed9t ch\u01b0\u01a1ng trong cu\u1ed9c \u0111\u1ed1i tho\u1ea1i \u0111ang di\u1ec5n ra gi\u1eefa s\u1ef1 ho\u00e0nh tr\u00e1ng c\u1ee7a thi\u00ean nhi\u00ean v\u00e0 s\u1ef1 kh\u00e9o l\u00e9o c\u1ee7a con ng\u01b0\u1eddi. Cho d\u00f9 \u0111i qua b\u1eb1ng \u0111\u01b0\u1eddng cao t\u1ed1c, \u0111\u01b0\u1eddng s\u1eaft hay su\u1ed1i nh\u1ecf, Slovenia \u0111\u1ec1u t\u1ef1 b\u1ed9c l\u1ed9 m\u00ecnh l\u00e0 m\u1ed9t v\u01b0\u01a1ng qu\u1ed1c c\u1ee7a nh\u1eefng v\u01b0\u01a1ng qu\u1ed1c giao nhau, m\u1ed9t n\u01a1i m\u00e0 nh\u1ecbp \u0111\u1eadp l\u1ee5c \u0111\u1ecba v\u00e0 nh\u1ecbp \u0111i\u1ec7u \u0110\u1ecba Trung H\u1ea3i h\u1ed9i t\u1ee5, n\u01a1i k\u00fd \u1ee9c v\u00e0 hi\u1ec7n \u0111\u1ea1i duy tr\u00ec m\u1ed9t h\u00e0nh \u0111\u1ed9ng c\u00e2n b\u1eb1ng li\u00ean t\u1ee5c, v\u00e0 n\u01a1i m\u00e0 \u00e1nh m\u1eaft c\u1ee7a du kh\u00e1ch \u0111\u01b0\u1ee3c m\u1eddi n\u00e1n l\u1ea1i \u0111\u1ec3 ng\u1eafm nh\u00ecn s\u1ef1 t\u01b0\u01a1ng t\u00e1c ph\u1ee9c t\u1ea1p c\u1ee7a tr\u00e1i \u0111\u1ea5t, l\u1ecbch s\u1eed v\u00e0 v\u0103n h\u00f3a.<\/p>","protected":false},"excerpt":{"rendered":"<p>Slovenia, m\u1ed9t qu\u1ed1c gia nh\u1ecf nh\u01b0ng h\u1ea5p d\u1eabn n\u1eb1m \u1edf ph\u00eda Nam Trung \u00c2u, chi\u1ebfm m\u1ed9t v\u1ecb tr\u00ed chi\u1ebfn l\u01b0\u1ee3c t\u1ea1i giao l\u1ed9 c\u1ee7a c\u00e1c tuy\u1ebfn \u0111\u01b0\u1eddng th\u01b0\u01a1ng m\u1ea1i v\u00e0 v\u0103n h\u00f3a quan tr\u1ecdng c\u1ee7a ch\u00e2u \u00c2u. Slovenia th\u1ec3 hi\u1ec7n s\u1ef1 k\u1ebft h\u1ee3p \u0111\u1eb7c bi\u1ec7t gi\u1eefa v\u1ebb \u0111\u1eb9p thi\u00ean nhi\u00ean, l\u1ecbch s\u1eed phong ph\u00fa v\u00e0 s\u1ef1 ph\u00e1t tri\u1ec3n hi\u1ec7n \u0111\u1ea1i v\u1edbi d\u00e2n s\u1ed1 kho\u1ea3ng 2,1 tri\u1ec7u ng\u01b0\u1eddi ph\u00e2n t\u00e1n tr\u00ean 20.271 kil\u00f4m\u00e9t vu\u00f4ng (7.827 d\u1eb7m vu\u00f4ng) \u0111\u1ecba h\u00ecnh \u0111a d\u1ea1ng c\u1ee7a m\u00ecnh. V\u1edbi bi\u00ean gi\u1edbi v\u1edbi \u00dd \u1edf ph\u00eda t\u00e2y, \u00c1o \u1edf ph\u00eda b\u1eafc, Hungary \u1edf ph\u00eda \u0111\u00f4ng b\u1eafc, Croatia \u1edf ph\u00eda nam v\u00e0 \u0111\u00f4ng nam, v\u00e0 \u0111\u01b0\u1ee3c g\u1ecdi ch\u00ednh th\u1ee9c l\u00e0 C\u1ed9ng h\u00f2a Slovenia (Republika Slovenija trong ti\u1ebfng Slovenia), qu\u1ed1c gia n\u00e0y c\u0169ng tuy\u00ean b\u1ed1 m\u1ed9t ph\u1ea7n b\u1edd bi\u1ec3n Adriatic \u1edf ph\u00eda t\u00e2y nam.<\/p>","protected":false},"author":1,"featured_media":4335,"parent":24078,"menu_order":0,"comment_status":"closed","ping_status":"closed","template":"elementor_theme","meta":{"_eb_attr":"","footnotes":""},"class_list":["post-13345","page","type-page","status-publish","has-post-thumbnail"],"_links":{"self":[{"href":"https:\/\/travelshelper.com\/vi\/wp-json\/wp\/v2\/pages\/13345","targetHints":{"allow":["GET"]}}],"collection":[{"href":"https:\/\/travelshelper.com\/vi\/wp-json\/wp\/v2\/pages"}],"about":[{"href":"https:\/\/travelshelper.com\/vi\/wp-json\/wp\/v2\/types\/page"}],"author":[{"embeddable":true,"href":"https:\/\/travelshelper.com\/vi\/wp-json\/wp\/v2\/users\/1"}],"replies":[{"embeddable":true,"href":"https:\/\/travelshelper.com\/vi\/wp-json\/wp\/v2\/comments?post=13345"}],"version-history":[{"count":0,"href":"https:\/\/travelshelper.com\/vi\/wp-json\/wp\/v2\/pages\/13345\/revisions"}],"up":[{"embeddable":true,"href":"https:\/\/travelshelper.com\/vi\/wp-json\/wp\/v2\/pages\/24078"}],"wp:featuredmedia":[{"embeddable":true,"href":"https:\/\/travelshelper.com\/vi\/wp-json\/wp\/v2\/media\/4335"}],"wp:attachment":[{"href":"https:\/\/travelshelper.com\/vi\/wp-json\/wp\/v2\/media?parent=13345"}],"curies":[{"name":"wp","href":"https:\/\/api.w.org\/{rel}","templated":true}]}}