{"id":13339,"date":"2024-09-17T16:20:37","date_gmt":"2024-09-17T16:20:37","guid":{"rendered":"https:\/\/travelshelper.com\/staging\/?page_id=13339"},"modified":"2026-03-12T22:34:54","modified_gmt":"2026-03-12T22:34:54","slug":"bratislava","status":"publish","type":"page","link":"https:\/\/travelshelper.com\/vi\/destinations\/europe\/slovakia\/bratislava\/","title":{"rendered":"Bratislava"},"content":{"rendered":"<p data-pm-slice=\"1 1 []\">Bratislava, th\u1ee7 \u0111\u00f4 v\u00e0 l\u00e0 th\u00e0nh ph\u1ed1 l\u1edbn nh\u1ea5t c\u1ee7a C\u1ed9ng h\u00f2a Slovakia v\u1edbi d\u00e2n s\u1ed1 ch\u00ednh th\u1ee9c kho\u1ea3ng 475.000 ng\u01b0\u1eddi\u2014m\u1eb7c d\u00f9 m\u1ed9t s\u1ed1 \u01b0\u1edbc t\u00ednh cho r\u1eb1ng l\u01b0\u1ee3ng ng\u01b0\u1eddi \u0111\u1ed5 v\u1ec1 h\u00e0ng ng\u00e0y g\u1ea7n h\u01a1n v\u1edbi 570.000 ng\u01b0\u1eddi\u2014n\u1eb1m t\u1ea1i n\u01a1i h\u1ee3p l\u01b0u c\u1ee7a s\u00f4ng Danube v\u00e0 s\u00f4ng Morava \u1edf ph\u00eda t\u00e2y nam Slovakia tr\u00ean m\u1ed9t l\u00e3nh th\u1ed5 r\u1ed9ng 367,58 km vu\u00f4ng, c\u00f3 v\u1ecb tr\u00ed \u0111\u1ed9c \u0111\u00e1o d\u01b0\u1edbi ch\u00e2n d\u00e3y n\u00fai Little Carpathians v\u00e0 gi\u00e1p v\u1edbi c\u1ea3 \u00c1o v\u00e0 Hungary, khi\u1ebfn n\u01a1i \u0111\u00e2y tr\u1edf th\u00e0nh th\u1ee7 \u0111\u00f4 qu\u1ed1c gia duy nh\u1ea5t tr\u00ean th\u1ebf gi\u1edbi gi\u00e1p v\u1edbi hai qu\u1ed1c gia c\u00f3 ch\u1ee7 quy\u1ec1n.<\/p>\n<p>M\u1ed9t qu\u1ef9 \u0111\u1ea1o k\u00e9o d\u00e0i h\u00e0ng thi\u00ean ni\u00ean k\u1ef7 \u0111\u00e3 \u0111\u1ecbnh h\u00ecnh n\u00ean t\u00ednh c\u00e1ch c\u1ee7a Bratislava. Nh\u1eefng c\u01b0 d\u00e2n \u0111\u1ea7u ti\u00ean \u0111\u01b0\u1ee3c bi\u1ebft \u0111\u1ebfn c\u1ee7a th\u00e0nh ph\u1ed1 \u0111\u00e3 \u0111\u1ec3 l\u1ea1i d\u1ea5u v\u1ebft tr\u00ean ng\u1ecdn \u0111\u1ed3i l\u00e2u \u0111\u00e0i trong th\u1eddi k\u1ef3 chuy\u1ec3n ti\u1ebfp gi\u1eefa Th\u1eddi \u0111\u1ea1i \u0111\u1ed3 \u0111\u00e1 v\u00e0 Th\u1eddi \u0111\u1ea1i \u0111\u1ed3 \u0111\u1ed3ng. C\u00e1c th\u1eddi \u0111\u1ea1i ti\u1ebfp theo minh h\u1ecda cho m\u1ed9t th\u00e0nh c\u1ed5 Celt, m\u1ed9t ph\u00e1o \u0111\u00e0i bi\u00ean gi\u1edbi La M\u00e3, m\u1ed9t trung t\u00e2m ch\u00ednh tr\u1ecb c\u1ee7a \u0110\u1ea1i Moravian v\u00e0 sau \u0111\u00f3 l\u00e0 m\u1ed9t ph\u00e1o \u0111\u00e0i c\u1ee7a V\u01b0\u01a1ng qu\u1ed1c Hungary th\u1eddi trung c\u1ed5. T\u1eeb n\u0103m 1536 \u0111\u1ebfn n\u0103m 1783, n\u01a1i \u0111\u00e2y \u0111\u00f3ng vai tr\u00f2 l\u00e0 tr\u1ee5 s\u1edf l\u1eadp ph\u00e1p v\u00e0 \u0111\u1ecba \u0111i\u1ec3m \u0111\u0103ng quang c\u1ee7a v\u01b0\u01a1ng qu\u1ed1c \u0111\u00f3, n\u01a1i m\u01b0\u1eddi m\u1ed9t v\u1ecb vua v\u00e0 t\u00e1m n\u1eef ho\u00e0ng \u0111\u00e3 nh\u1eadn v\u01b0\u01a1ng mi\u1ec7n c\u1ee7a h\u1ecd trong khu\u00f4n vi\u00ean c\u00f3 m\u00e1i v\u00f2m c\u1ee7a Nh\u00e0 th\u1edd St Martin. T\u00f2a nh\u00e0, \u0111\u01b0\u1ee3c x\u00e2y d\u1ef1ng t\u1eeb th\u1ebf k\u1ef7 m\u01b0\u1eddi ba \u0111\u1ebfn th\u1ebf k\u1ef7 m\u01b0\u1eddi s\u00e1u, v\u1eabn l\u00e0 m\u1ed9t t\u01b0\u1ee3ng \u0111\u00e0i Gothic cho c\u00e1c nghi l\u1ec5 \u0111\u00f3, trong khi C\u1ed5ng Michael, t\u00e0n t\u00edch duy nh\u1ea5t c\u1ee7a c\u00e1c c\u00f4ng s\u1ef1 th\u1eddi trung c\u1ed5, \u0111\u1ee9ng canh g\u00e1c tr\u00ean c\u00e1c \u0111\u1ea1i l\u1ed9 h\u1eb9p t\u1eebng vang v\u1ecdng ti\u1ebfng b\u01b0\u1edbc ch\u00e2n c\u1ee7a c\u00e1c ch\u1ee9c s\u1eafc, gi\u00e1o s\u0129 v\u00e0 th\u01b0\u01a1ng gia.<\/p>\n<p>N\u1eb1m tr\u00ean l\u01b0u v\u1ef1c s\u00f4ng Danube gi\u1eefa, \u1edf \u0111\u1ed9 cao t\u1eeb 126 m\u00e9t d\u1ecdc theo con s\u00f4ng \u0111\u1ebfn 514 m\u00e9t t\u1ea1i Dev\u00ednska Kobyla, Bratislava tr\u1ea3i d\u00e0i qua v\u00f9ng \u0111\u1ea5t th\u1ea5p ven s\u00f4ng v\u00e0 v\u00e0o nh\u1eefng ng\u1ecdn \u0111\u1ed3i c\u00f3 r\u1eebng c\u1ee7a qu\u1eadn. Trong ranh gi\u1edbi h\u00e0nh ch\u00ednh c\u1ee7a m\u00ecnh, s\u00f4ng Danube Nh\u1ecf v\u00e0 Vydrica h\u1ee3p l\u01b0u v\u1edbi s\u00f4ng Danube, t\u1ea1o n\u00ean nh\u1eefng c\u00e1nh r\u1eebng ven s\u00f4ng l\u00e0 n\u01a1i sinh s\u1ed1ng c\u1ee7a l\u1eedng ch\u00e2u \u00c2u, c\u00e1o \u0111\u1ecf, l\u1ee3n r\u1eebng v\u00e0 c\u1ea3 h\u01b0\u01a1u \u0111\u1ecf v\u00e0 h\u01b0\u01a1u sao. \u0110\u1eb7c \u0111i\u1ec3m kh\u00ed h\u1eadu \u0111\u01b0\u1ee3c ghi nh\u1eadn l\u00e0 c\u1eadn nhi\u1ec7t \u0111\u1edbi \u1ea9m (Cfa), g\u1ea7n gi\u1ed1ng v\u1edbi l\u1ee5c \u0111\u1ecba (Dfa), \u0111\u01b0\u1ee3c x\u00e1c \u0111\u1ecbnh b\u1edfi nhi\u1ec7t \u0111\u1ed9 trung b\u00ecnh h\u00e0ng n\u0103m g\u1ea7n 11,1\u00b0C, nh\u1eefng th\u00e1ng \u1ea5m nh\u1ea5t trung b\u00ecnh l\u00e0 22,0\u00b0C v\u00e0 nh\u1eefng \u0111\u1ee3t l\u1ea1nh gi\u1ea3m xu\u1ed1ng 0,3\u00b0C. L\u01b0\u1ee3ng m\u01b0a ph\u00e2n t\u00e1n \u0111\u1ec1u trong su\u1ed1t c\u1ea3 n\u0103m, m\u1eb7c d\u00f9 s\u1ef1 chuy\u1ec3n \u0111\u1ed5i theo m\u00f9a nhanh ch\u00f3ng hi\u1ec7n c\u1eaft ng\u1eafn m\u00f9a xu\u00e2n v\u00e0 m\u00f9a thu, trong khi nhi\u1ec7t k\u1ebf c\u1ef1c tr\u1ecb \u0111\u00e3 ghi nh\u1eadn m\u1ee9c cao nh\u1ea5t l\u00e0 39,4\u00b0C v\u00e0 m\u1ee9c th\u1ea5p nh\u1ea5t l\u00e0 \u221224,6\u00b0C. C\u00e1c bi\u1ec7n ph\u00e1p ph\u00f2ng ch\u1ed1ng l\u0169 l\u1ee5t \u0111\u01b0\u1ee3c x\u00e2y d\u1ef1ng d\u1ecdc theo c\u1ea3 hai b\u1edd \u1edf c\u00e1c qu\u1eadn d\u1ec5 b\u1ecb t\u1ed5n th\u01b0\u01a1ng nh\u01b0 Dev\u00edn v\u00e0 Dev\u00ednska Nov\u00e1 Ves, m\u1ed9t nhu c\u1ea7u b\u1eaft ngu\u1ed3n t\u1eeb nhi\u1ec1u th\u1ebf k\u1ef7 bi\u1ebfn \u0111\u1ed9ng c\u1ee7a d\u00f2ng s\u00f4ng.<\/p>\n<p>H\u00ecnh th\u00e1i \u0111\u00f4 th\u1ecb c\u1ee7a Bratislava \u0111\u1eb7t c\u1ea1nh nh\u1eefng t\u00f2a th\u00e1p th\u1eddi trung c\u1ed5 v\u1edbi tham v\u1ecdng c\u1ee7a th\u1ebf k\u1ef7 XX v\u00e0 XXI. Ph\u1ed1 c\u1ed5 t\u1eadp trung c\u00e1c cung \u0111i\u1ec7n theo phong c\u00e1ch baroque, trong s\u1ed1 \u0111\u00f3 c\u00f3 Cung \u0111i\u1ec7n Grassalkovich, m\u1ed9t c\u00f4ng tr\u00ecnh ki\u1ebfn \u200b\u200btr\u00fac gi\u1eefa th\u1ebf k\u1ef7 XVIII hi\u1ec7n l\u00e0 n\u01a1i \u1edf c\u1ee7a t\u1ed5ng th\u1ed1ng, v\u00e0 Cung \u0111i\u1ec7n Archiepiscopal tr\u01b0\u1edbc \u0111\u00e2y, tr\u1ee5 s\u1edf ch\u00ednh ph\u1ee7 \u0111\u01b0\u01a1ng th\u1eddi. T\u00f2a th\u1ecb ch\u00ednh, bao g\u1ed3m c\u00e1c t\u00f2a nh\u00e0 t\u1eeb th\u1ebf k\u1ef7 XIV v\u00e0 XV, l\u00e0 n\u01a1i c\u00f3 B\u1ea3o t\u00e0ng Th\u00e0nh ph\u1ed1 Bratislava v\u00e0 g\u1ee3i l\u00ean th\u1ea9m quy\u1ec1n c\u00f4ng d\u00e2n c\u1ee7a th\u1eddi \u0111\u1ea1i \u0111\u00f3. G\u1ea7n \u0111\u00f3, Th\u01b0 vi\u1ec7n \u0110\u1ea1i h\u1ecdc, \u0111\u01b0\u1ee3c x\u00e2y d\u1ef1ng v\u00e0o n\u0103m 1756, l\u00e0 n\u01a1i di\u1ec5n ra Qu\u1ed1c h\u1ed9i Hungary t\u1eeb n\u0103m 1802 cho \u0111\u1ebfn K\u1ef7 nguy\u00ean C\u1ea3i c\u00e1ch, khi lu\u1eadt b\u00e3i b\u1ecf ch\u1ebf \u0111\u1ed9 n\u00f4ng n\u00f4 v\u00e0 th\u00e0nh l\u1eadp Vi\u1ec7n H\u00e0n l\u00e2m Khoa h\u1ecdc Hungary \u0111\u01b0\u1ee3c c\u00f4ng b\u1ed1 trong c\u00e1c b\u1ee9c t\u01b0\u1eddng c\u1ee7a th\u01b0 vi\u1ec7n. Nh\u1eefng ng\u00f4i nh\u00e0 nh\u1ecf h\u01a1n l\u01b0u gi\u1eef di s\u1ea3n v\u00f4 h\u00ecnh: ng\u00f4i nh\u00e0 n\u01a1i Johann Nepomuk Hummel ch\u00e0o \u0111\u1eddi l\u00e0 \u0111i\u1ec3n h\u00ecnh cho ki\u1ebfn \u200b\u200btr\u00fac gia \u0111\u00ecnh th\u1ebf k\u1ef7 XVIII.<\/p>\n<p>C\u00e1c c\u00f4ng tr\u00ecnh t\u00f4n gi\u00e1o t\u1ea1o th\u00e0nh m\u1ed9t s\u1ee3i ch\u1ec9 s\u00e1ng xuy\u00ean su\u1ed1t c\u00e2u chuy\u1ec7n c\u1ee7a th\u00e0nh ph\u1ed1. Nh\u00e0 th\u1edd v\u00e0 Tu vi\u1ec7n Franciscan, c\u00f3 ni\u00ean \u0111\u1ea1i t\u1eeb cu\u1ed1i th\u1ebf k\u1ef7 th\u1ee9 m\u01b0\u1eddi ba, \u0111\u01b0\u1ee3c ghi nh\u1eadn l\u00e0 c\u00f4ng tr\u00ecnh t\u00f4n gi\u00e1o l\u00e2u \u0111\u1eddi nh\u1ea5t \u0111\u01b0\u1ee3c b\u1ea3o t\u1ed3n v\u00e0 t\u1eebng l\u00e0 n\u01a1i t\u1ed5 ch\u1ee9c c\u00e1c nghi l\u1ec5 phong t\u01b0\u1edbc hi\u1ec7p s\u0129. Nh\u00e0 th\u1edd Xanh St Elizabeth, m\u1ed9t ki\u1ec7t t\u00e1c c\u1ee7a ng\u01b0\u1eddi ly khai Hungary, c\u00f3 m\u1eb7t ti\u1ec1n \u0111\u01a1n s\u1eafc \u0111\u1ed9c \u0111\u00e1o v\u00e0 v\u1eabn thu h\u00fat du kh\u00e1ch t\u00ecm ki\u1ebfm nh\u1eefng \u0111\u01b0\u1eddng n\u00e9t phi truy\u1ec1n th\u1ed1ng c\u1ee7a n\u00f3. Gi\u00e1o \u0111\u01b0\u1eddng Do Th\u00e1i duy nh\u1ea5t c\u00f2n s\u00f3t l\u1ea1i c\u1ee7a Bratislava l\u00e0 minh ch\u1ee9ng cho m\u1ed9t c\u1ed9ng \u0111\u1ed3ng Do Th\u00e1i t\u1eebng s\u00f4i \u0111\u1ed9ng, trong khi b\u00ean d\u01b0\u1edbi ng\u1ecdn \u0111\u1ed3i l\u00e2u \u0111\u00e0i, m\u1ed9t \u0111o\u1ea1n t\u01b0\u1eddng ngh\u0129a trang th\u1ebf k\u1ef7 m\u01b0\u1eddi ch\u00edn \u0111\u01b0\u1ee3c khai qu\u1eadt \u0111\u00e1nh d\u1ea5u n\u01a1i an ngh\u1ec9 c\u1ee7a Rabbi Moses Sofer. Sau Th\u1ebf chi\u1ebfn th\u1ee9 hai, ngh\u0129a trang qu\u00e2n \u0111\u1ed9i Slav\u00edn \u0111\u00e3 \u0111\u01b0\u1ee3c kh\u00e1nh th\u00e0nh tr\u00ean m\u1ed9t ng\u1ecdn \u0111\u1ed3i nh\u00ecn ra th\u00e0nh ph\u1ed1, \u0111\u00e0i t\u01b0\u1edfng ni\u1ec7m d\u00e0nh ri\u00eang cho nh\u1eefng ng\u01b0\u1eddi l\u00ednh Li\u00ean X\u00f4 \u0111\u00e3 m\u1ea5t trong cu\u1ed9c gi\u1ea3i ph\u00f3ng v\u00e0o th\u00e1ng 4 n\u0103m 1945.<\/p>\n<p>N\u1ed5i b\u1eadt trong s\u1ed1 c\u00e1c can thi\u1ec7p hi\u1ec7n \u0111\u1ea1i l\u00e0 Most SNP, C\u1ea7u kh\u1edfi ngh\u0129a qu\u1ed1c gia Slovakia, v\u1edbi nh\u00e0 h\u00e0ng h\u00ecnh \u0111\u0129a bay n\u1eb1m tr\u00ean s\u00f4ng Danube nh\u01b0 m\u1ed9t d\u1ea5u ch\u1ea5m c\u00e2u tr\u00ean \u0111\u01b0\u1eddng ch\u00e2n tr\u1eddi. Tr\u1ee5 s\u1edf h\u00ecnh kim t\u1ef1 th\u00e1p ng\u01b0\u1ee3c c\u1ee7a \u0110\u00e0i ph\u00e1t thanh Slovakia v\u00e0 h\u00ecnh b\u00f3ng m\u1ecfng manh c\u1ee7a Th\u00e1p truy\u1ec1n h\u00ecnh Kamz\u00edk, ho\u00e0n ch\u1ec9nh v\u1edbi ph\u00f2ng \u0103n xoay, ch\u1ee9ng th\u1ef1c cho c\u00e1c ch\u01b0\u01a1ng tr\u00ecnh ngh\u1ecb s\u1ef1 th\u1ea9m m\u1ef9 kh\u00e1c bi\u1ec7t c\u1ee7a th\u1ebf k\u1ef7 XX. M\u1ed9t thi\u00ean ni\u00ean k\u1ef7 m\u1edbi \u0111\u00e3 b\u00e1o hi\u1ec7u s\u1ef1 ph\u00e1t tri\u1ec3n nhanh ch\u00f3ng: h\u00ecnh v\u00f2m c\u1ee7a C\u1ea7u Apollo v\u00e0 t\u00f2a nh\u00e0 \u0111\u01b0\u01a1ng \u0111\u1ea1i c\u1ee7a Nh\u00e0 h\u00e1t qu\u1ed1c gia Slovakia kh\u1eb3ng \u0111\u1ecbnh m\u1ed9t tham v\u1ecdng c\u00f4ng d\u00e2n m\u1edbi, trong khi c\u00e1c d\u1ef1 \u00e1n b\u1ea5t \u0111\u1ed9ng s\u1ea3n t\u01b0 nh\u00e2n bi\u1ebfn nh\u1eefng l\u00f4 \u0111\u1ea5t c\u00f4ng nghi\u1ec7p tr\u01b0\u1edbc \u0111\u00e2y th\u00e0nh c\u00e1c t\u00f2a th\u00e1p d\u00e2n c\u01b0 c\u00f3 m\u1eb7t ti\u1ec1n b\u1eb1ng k\u00ednh.<\/p>\n<p>Cao tr\u00ean s\u00f4ng, L\u00e2u \u0111\u00e0i Bratislava ng\u1ef1 tr\u00ean m\u1ed9t cao nguy\u00ean cao 85 m\u00e9t so v\u1edbi s\u00f4ng Danube. C\u00e1c l\u1edbp kh\u1ea3o c\u1ed5 ti\u1ebft l\u1ed9 m\u1ed9t v\u01b0\u01a1ng cung th\u00e1nh \u0111\u01b0\u1eddng ti\u1ec1n La M\u00e3 tr\u01b0\u1edbc m\u1ed9t ph\u00e1o \u0111\u00e0i \u0111\u00e1 th\u1ebf k\u1ef7 th\u1ee9 m\u01b0\u1eddi \u0111\u01b0\u1ee3c x\u00e2y d\u1ef1ng d\u01b0\u1edbi \u1ea3nh h\u01b0\u1edfng c\u1ee7a Hungary. Nh\u1eefng c\u1ea3i ti\u1ebfn theo phong c\u00e1ch Gothic v\u00e0o th\u1ebf k\u1ef7 th\u1ee9 m\u01b0\u1eddi l\u0103m d\u01b0\u1edbi th\u1eddi Sigismund c\u1ee7a Luxembourg \u0111\u00e3 nh\u01b0\u1eddng ch\u1ed7 cho nh\u1eefng c\u1ea3i ti\u1ebfn theo phong c\u00e1ch Ph\u1ee5c h\u01b0ng v\u00e0 sau \u0111\u00f3 l\u00e0 Baroque \u0111\u01b0\u1ee3c \u0111\u01b0a v\u00e0o s\u1eed d\u1ee5ng n\u0103m 1649. M\u1ed9t tr\u1eadn h\u1ecfa ho\u1ea1n n\u0103m 1811 \u0111\u00e3 bi\u1ebfn c\u00f4ng tr\u00ecnh th\u00e0nh \u0111\u1ed1ng \u0111\u1ed5 n\u00e1t, v\u00e0 n\u00f3 v\u1eabn nh\u01b0 v\u1eady cho \u0111\u1ebfn khi m\u1ed9t cu\u1ed9c tr\u00f9ng tu v\u00e0o gi\u1eefa th\u1ebf k\u1ef7 XX \u0111\u00e3 kh\u00f4i ph\u1ee5c l\u1ea1i v\u1ed1n t\u1eeb v\u1ef1ng theo phong c\u00e1ch Maria Theresa. Ng\u00e0y nay, l\u00e2u \u0111\u00e0i l\u00e0 n\u01a1i l\u01b0u gi\u1eef m\u1ed9t ph\u1ea7n c\u1ee7a B\u1ea3o t\u00e0ng Qu\u1ed1c gia Slovakia, n\u01a1i t\u1ed5 ch\u1ee9c c\u00e1c s\u1ef1 ki\u1ec7n nghi l\u1ec5 trong c\u00e1c h\u1ed9i tr\u01b0\u1eddng t\u1eebng ch\u00e0o \u0111\u00f3n ho\u00e0ng gia Habsburg.<\/p>\n<p>Xu\u00f4i d\u00f2ng, n\u1eb1m t\u1ea1i n\u01a1i Morava \u0111\u1ed5 ra s\u00f4ng Danube, l\u00e0 t\u00e0n t\u00edch c\u1ee7a L\u00e2u \u0111\u00e0i Dev\u00edn, \u0111\u01b0\u1ee3c ghi ch\u00e9p l\u1ea1i t\u1eeb n\u0103m 864. M\u0169i \u0111\u1ea5t \u0111\u00e1 c\u1ee7a l\u00e2u \u0111\u00e0i v\u1eabn l\u00e0 m\u1ed9t ti\u1ec1n \u0111\u1ed3n bi\u00ean gi\u1edbi chi\u1ebfn l\u01b0\u1ee3c c\u1ee7a \u0110\u1ea1i Moravia v\u00e0 Hungary cho \u0111\u1ebfn khi qu\u00e2n \u0111\u1ed9i c\u1ee7a Napoleon san b\u1eb1ng h\u1ec7 th\u1ed1ng ph\u00f2ng th\u1ee7 c\u1ee7a l\u00e2u \u0111\u00e0i v\u00e0o n\u0103m 1809. Nh\u1eefng n\u1ed7 l\u1ef1c b\u1ea3o t\u1ed3n \u0111\u00e3 l\u00e0m l\u1ed9 ra nh\u1eefng n\u1ec1n m\u00f3ng b\u1eb1ng \u0111\u00e1 v\u00e0 d\u1ef1ng n\u00ean m\u1ed9t b\u1ea3o t\u00e0ng coi Dev\u00edn v\u1eeba l\u00e0 \u0111\u1ecba danh kh\u1ea3o c\u1ed5 v\u1eeba l\u00e0 bi\u1ec3u t\u01b0\u1ee3ng c\u1ee7a b\u1ea3n s\u1eafc Slovakia.<\/p>\n<p>\u1ede qu\u1eadn ph\u00eda nam Rusovce, m\u1ed9t dinh th\u1ef1 t\u00e2n Gothic c\u1ee7a Anh \u0111\u01b0\u1ee3c x\u00e2y d\u1ef1ng v\u00e0o gi\u1eefa th\u1ebf k\u1ef7 XIX ng\u1ef1 tr\u1ecb tr\u00ean khu\u00f4n vi\u00ean \u0111\u01b0\u1ee3c quy ho\u1ea1ch c\u1ea3nh quan, trong khi g\u1ea7n \u0111\u00f3 l\u00e0 t\u00e0n t\u00edch c\u1ee7a tr\u1ea1i l\u00ednh La M\u00e3 Gerulata g\u1ee3i nh\u1edb \u0111\u1ebfn bi\u00ean gi\u1edbi Danube c\u1ee7a nh\u1eefng ng\u01b0\u1eddi Romanus. B\u1ea3n th\u1ea3o nhi\u1ec1u l\u1edbp c\u1ee7a Rusovce t\u00f3m t\u1eaft hai thi\u00ean ni\u00ean k\u1ef7 c\u1ee7a \u0111\u1ebf ch\u1ebf, t\u1eeb qu\u00e2n \u0111o\u00e0n \u0111\u1ebfn qu\u00fd t\u1ed9c c\u00f3 \u0111\u1ea5t \u0111ai.<\/p>\n<p>Kh\u00f4ng gian xanh tr\u00e0n ng\u1eadp Bratislava: c\u00e1c c\u00f4ng vi\u00ean c\u00f4ng c\u1ed9ng chi\u1ebfm 46,8 km2, t\u01b0\u01a1ng \u0111\u01b0\u01a1ng v\u1edbi 110 m\u00e9t vu\u00f4ng cho m\u1ed7i c\u01b0 d\u00e2n. C\u00f4ng vi\u00ean Horsk\u00fd \u1edf Ph\u1ed1 c\u1ed5 v\u00e0 c\u00f4ng vi\u00ean Bratislavsk\u00fd lesn\u00fd \u1edf Little Carpathians cung c\u1ea5p n\u01a1i \u1ea9n d\u1eadt trong r\u1eebng, ho\u00e0n ch\u1ec9nh v\u1edbi c\u00e1c con \u0111\u01b0\u1eddng d\u1eabn \u0111\u1ebfn \u017delezn\u00e1 studienka v\u00e0 Koliba. Tr\u00ean b\u1edd ph\u1ea3i c\u1ee7a s\u00f4ng Danube, C\u00f4ng vi\u00ean Janko Kr\u00e1\u013e, \u0111\u01b0\u1ee3c th\u00e0nh l\u1eadp v\u00e0o th\u1ebf k\u1ef7 th\u1ee9 m\u01b0\u1eddi t\u00e1m, m\u1edf r\u1ed9ng m\u1ed9t l\u1ed1i \u0111i d\u1ea1o ven s\u00f4ng, trong khi c\u00e1c d\u1ef1 \u00e1n ph\u00e1t tri\u1ec3n s\u1eafp t\u1edbi \u1edf Petr\u017ealka h\u1ee9a h\u1eb9n m\u1ed9t c\u00f4ng vi\u00ean m\u1edbi gi\u1eefa hai h\u1ed3. C\u00e1c h\u1ed3 gi\u1ea3i tr\u00ed m\u00e0u b\u00e1nh quy\u2014Zlat\u00e9 piesky, Kuchajda, Vajnory v\u00e0 Rusovce\u2014thu h\u00fat nh\u1eefng ng\u01b0\u1eddi b\u01a1i l\u1ed9i v\u00e0 t\u1eafm n\u1eafng, ngay c\u1ea3 khi Mlynsk\u00e1 dolina c\u00f3 s\u1edf th\u00fa th\u00e0nh ph\u1ed1, n\u01a1i c\u00f3 152 lo\u00e0i sinh v\u1eadt sinh s\u1ed1ng, v\u00e0 V\u01b0\u1eddn b\u00e1ch th\u1ea3o c\u1ee7a \u0110\u1ea1i h\u1ecdc Comenius tr\u1ed3ng h\u01a1n 120 gi\u1ed1ng c\u00e2y.<\/p>\n<p>L\u00e0 trung t\u00e2m kinh t\u1ebf c\u1ee7a Slovakia, Bratislava chi\u1ebfm kho\u1ea3ng m\u1ed9t ph\u1ea7n t\u01b0 s\u1ea3n l\u01b0\u1ee3ng qu\u1ed1c gia v\u00e0 \u0111\u01b0\u1ee3c ghi nh\u1eadn l\u00e0 khu v\u1ef1c gi\u00e0u c\u00f3 th\u1ee9 m\u01b0\u1eddi ch\u00edn c\u1ee7a Li\u00ean minh ch\u00e2u \u00c2u theo GDP b\u00ecnh qu\u00e2n \u0111\u1ea7u ng\u01b0\u1eddi, g\u1ea7n g\u1ea5p ba l\u1ea7n m\u1ee9c trung b\u00ecnh c\u1ee7a c\u00e1c khu v\u1ef1c kh\u00e1c c\u1ee7a Slovakia. S\u1ed1 li\u1ec7u th\u1ea5t nghi\u1ec7p th\u1ea5p, m\u1ee9c l\u01b0\u01a1ng trung b\u00ecnh h\u00e0ng th\u00e1ng v\u01b0\u1ee3t qu\u00e1 2.150 euro v\u00e0o n\u0103m 2024 v\u00e0 s\u1ef1 hi\u1ec7n di\u1ec7n c\u1ee7a c\u00e1c tr\u1ee5 s\u1edf c\u00f4ng ty l\u1edbn ch\u1ee9ng t\u1ecf s\u1ee9c s\u1ed1ng t\u00e0i ch\u00ednh c\u1ee7a n\u01a1i n\u00e0y. V\u00e0o n\u0103m 2023, g\u1ea7n m\u1ed9t tri\u1ec7u kh\u00e1ch du l\u1ecbch \u0111\u00e3 d\u00e0nh h\u01a1n 1,7 tri\u1ec7u \u0111\u00eam trong ph\u1ea1m vi c\u1ee7a n\u01a1i n\u00e0y, v\u1edbi h\u1ea7u h\u1ebft kh\u00e1ch \u0111\u1ebfn t\u1eeb c\u00e1c n\u01b0\u1edbc l\u00e1ng gi\u1ec1ng l\u00e0 C\u1ed9ng h\u00f2a S\u00e9c, \u0110\u1ee9c, \u00c1o v\u00e0 Ba Lan. C\u01a1 s\u1edf h\u1ea1 t\u1ea7ng d\u00e0nh cho du kh\u00e1ch bao g\u1ed3m t\u00e1m trung t\u00e2m mua s\u1eafm l\u1edbn\u2014t\u1eeb Aupark v\u00e0 Eurovea Galleria \u0111\u1ebfn Nivy Centrum\u2014v\u00e0 m\u1ed9t lo\u1ea1t c\u00e1c qu\u00e1n c\u00e0 ph\u00ea v\u00e0 nh\u00e0 h\u00e0ng t\u1eadp trung xung quanh c\u00e1c con ph\u1ed1 \u0111\u01b0\u1ee3c h\u1ed3i sinh c\u1ee7a Ph\u1ed1 c\u1ed5.<\/p>\n<p>Giao th\u00f4ng c\u00f4ng c\u1ed9ng ho\u1ea1t \u0111\u1ed9ng d\u01b0\u1edbi bi\u1ec3u ng\u1eef Mestsk\u00e1 hromadn\u00e1 doprava, tri\u1ec3n khai xe bu\u00fdt, xe \u0111i\u1ec7n v\u00e0 xe \u0111i\u1ec7n b\u00e1nh h\u01a1i \u0111\u01b0\u1ee3c s\u01a1n m\u00e0u \u0111\u1ecf v\u00e0 \u0111en. T\u00edch h\u1ee3p v\u1edbi c\u00e1c h\u00e3ng v\u1eadn t\u1ea3i khu v\u1ef1c th\u00f4ng qua IDS BK cho ph\u00e9p di chuy\u1ec3n li\u1ec1n m\u1ea1ch \u0111\u1ebfn c\u00e1c qu\u1eadn l\u00e2n c\u1eadn. C\u00e1c tuy\u1ebfn \u0111\u01b0\u1eddng s\u1eaft t\u1eeb Ga ch\u00ednh Bratislava v\u00e0 Petr\u017ealka cung c\u1ea5p nhi\u1ec1u d\u1ecbch v\u1ee5 h\u00e0ng gi\u1edd \u0111\u1ebfn Vienna, Budapest, Prague v\u00e0 nhi\u1ec1u n\u01a1i kh\u00e1c. Tuy\u1ebfn xe bu\u00fdt ng\u1ea7m Autobusov\u00e1 stanica Nivy, \u0111\u01b0\u1ee3c khai tr\u01b0\u01a1ng v\u00e0o th\u00e1ng 9 n\u0103m 2021 b\u00ean d\u01b0\u1edbi m\u1ed9t khu ph\u1ee9c h\u1ee3p nh\u00e0 ch\u1ecdc tr\u1eddi v\u00e0 trung t\u00e2m mua s\u1eafm, g\u1ee3i nh\u1edb \u0111\u1ebfn c\u00e1c nh\u00e0 ga s\u00e2n bay v\u1ec1 c\u00e1ch b\u1ed1 tr\u00ed v\u00e0 ti\u1ec7n nghi. B\u1ed1n tuy\u1ebfn \u0111\u01b0\u1eddng cao t\u1ed1c t\u1ecfa ra h\u01b0\u1edbng v\u1ec1 Brno, Vienna, Budapest v\u00e0 c\u00e1c trung t\u00e2m trong n\u01b0\u1edbc, trong khi C\u1ea3ng Bratislava k\u1ebft n\u1ed1i v\u1edbi Bi\u1ec3n \u0110en v\u00e0 Bi\u1ec3n B\u1eafc th\u00f4ng qua c\u00e1c tuy\u1ebfn \u0111\u01b0\u1eddng th\u1ee7y n\u1ed9i \u0111\u1ecba. S\u00e2n bay MR \u0160tef\u00e1nik, c\u00e1ch trung t\u00e2m ch\u00edn km, \u0111\u00e3 ph\u1ee5c v\u1ee5 h\u01a1n hai tri\u1ec7u h\u00e0nh kh\u00e1ch trong nh\u1eefng n\u0103m \u0111\u1ea7u, \u0111\u01b0\u1ee3c b\u1ed5 sung b\u1edfi vi\u1ec7c s\u1eed d\u1ee5ng th\u01b0\u1eddng xuy\u00ean S\u00e2n bay qu\u1ed1c t\u1ebf Vienna c\u00e1ch \u0111\u00f3 b\u1ed1n m\u01b0\u01a1i ch\u00edn km.<\/p>\n<p>Quy m\u00f4 con ng\u01b0\u1eddi c\u1ee7a Bratislava n\u1eb1m \u1edf trung t\u00e2m th\u1eddi trung c\u1ed5 c\u1ee7a n\u00f3, n\u01a1i nh\u1eefng con \u0111\u01b0\u1eddng h\u1eb9p \u0111an xen gi\u1eefa hai qu\u1ea3ng tr\u01b0\u1eddng ch\u00ednh\u2014Hlavn\u00e9 n\u00e1mestie v\u00e0 Hviezdoslavovo n\u00e1mestie\u2014m\u1ed7i qu\u1ea3ng tr\u01b0\u1eddng \u0111\u1ec1u c\u00f3 qu\u00e1n c\u00e0 ph\u00ea v\u1edbi ch\u1ed7 ng\u1ed3i tr\u00ean v\u1ec9a h\u00e8. M\u1ed9t lo\u1ea1t c\u00e1c di s\u1ea3n\u2014t\u1eeb ng\u00f4i nh\u00e0 m\u1ea3nh mai nh\u1ea5t ch\u00e2u \u00c2u \u0111\u1ebfn th\u00e1p \u0111\u1ed3ng h\u1ed3 c\u1ee7a B\u1ea3o t\u00e0ng Th\u00e0nh ph\u1ed1\u2014c\u00f9ng t\u1ed3n t\u1ea1i v\u1edbi c\u00e1c kh\u1ed1i nh\u00e0 nguy\u00ean kh\u1ed1i c\u1ee7a Petr\u017ealka, m\u1ed9t minh ch\u1ee9ng cho c\u00e1c chi\u1ebfn l\u01b0\u1ee3c nh\u00e0 \u1edf gi\u1eefa th\u1ebf k\u1ef7. B\u00ean ngo\u00e0i ranh gi\u1edbi th\u00e0nh ph\u1ed1, c\u00e1c v\u01b0\u1eddn nho v\u00e0 trang tr\u1ea1i cung c\u1ea5p s\u1ea3n ph\u1ea9m t\u01b0\u01a1i s\u1ed1ng t\u1ea1o n\u00ean \u1ea9m th\u1ef1c \u0111\u1ecba ph\u01b0\u01a1ng, t\u1eeb m\u00f3n \u0103n qu\u1ed1c gia bryndzov\u00e9 hal\u00fasky\u2014s\u1ee7i c\u1ea3o ph\u1ee7 pho m\u00e1t c\u1eebu v\u00e0 th\u1ecbt x\u00f4ng kh\u00f3i\u2014\u0111\u1ebfn s\u00fap t\u1ecfi \u0111\u1eadm \u0111\u00e0 v\u00e0 r\u01b0\u1ee3u vang tr\u1eafng gi\u00f2n.<\/p>\n<p>V\u00e0o m\u00f9a \u0111\u00f4ng, qu\u1ea3ng tr\u01b0\u1eddng T\u00f2a th\u1ecb ch\u00ednh C\u0169 t\u1ed5 ch\u1ee9c m\u1ed9t khu ch\u1ee3 truy\u1ec1n th\u1ed1ng, v\u1edbi h\u00e0ng tr\u0103m gian h\u00e0ng b\u00e1n b\u00e1nh m\u00ec k\u1eb9p th\u1ecbt l\u1ee3n n\u01b0\u1edbng ho\u1eb7c th\u1ecbt g\u00e0 v\u1edbi m\u00f9 t\u1ea1t v\u00e0 h\u00e0nh t\u00e2y, b\u00e1nh k\u1ebfp khoai t\u00e2y nh\u1ed3i m\u1ee1 ng\u1ed7ng ho\u1eb7c h\u1ea1t anh t\u00fac, v\u00e0 b\u00e1nh m\u00ec ph\u1ee7 m\u1ee1 l\u1ee3n v\u00e0 h\u00e0nh t\u00e2y. R\u01b0\u1ee3u vang, r\u01b0\u1ee3u m\u1eadt ong, tr\u00e0 pha r\u01b0\u1ee3u rum v\u00e0 r\u01b0\u1ee3u grog n\u00f3ng gi\u00fap nh\u1eefng ng\u01b0\u1eddi tham gia l\u1ec5 h\u1ed9i vui v\u1ebb d\u01b0\u1edbi \u00e1nh \u0111\u00e8n d\u1ecbu nh\u1eb9 c\u1ee7a ch\u1ee3, khi\u1ebfn m\u00f9a l\u1ec5 h\u1ed9i \u1edf Bratislava v\u1eeba g\u1ea7n g\u0169i v\u1eeba l\u00e2u d\u00e0i.<\/p>\n<p>S\u1ef1 t\u00f2 m\u00f2 c\u1ee7a th\u00e0nh th\u1ecb song h\u00e0nh c\u00f9ng s\u1ef1 b\u00ecnh y\u00ean c\u1ee7a \u0111\u1ed3ng qu\u00ea: m\u1ed9t chuy\u1ebfn xe bu\u00fdt ng\u1eafn \u0111\u1ebfn Kamz\u00edk m\u1edf ra Partiz\u00e1nska l\u00faka v\u00e0 Sne\u017eienka, nh\u1eefng kho\u1ea3ng \u0111\u1ea5t tr\u1ed1ng r\u1ed9ng l\u1edbn \u0111\u01b0\u1ee3c bao quanh b\u1edfi r\u1eebng s\u1ed3i v\u00e0 c\u00e2y d\u1ebb gai h\u1ed7n giao, \u0111\u01b0\u1ee3c n\u1ed1i b\u1eb1ng m\u1ed9t chi\u1ebfc gh\u1ebf n\u00e2ng ho\u1ea1t \u0111\u1ed9ng t\u1eeb th\u1ee9 n\u0103m \u0111\u1ebfn ch\u1ee7 nh\u1eadt, mang \u0111\u1ebfn cho nh\u1eefng ng\u01b0\u1eddi \u0111i b\u1ed9 \u0111\u01b0\u1eddng d\u00e0i m\u1ed9t kho\u1ea3ng l\u1eb7ng y\u00ean t\u0129nh tr\u00ean ng\u1ecdn c\u00e2y v\u1edbi gi\u00e1 v\u00e9 khi\u00eam t\u1ed1n. Nh\u1eefng v\u00f9ng \u0111\u1ea5t n\u00e0y kh\u1eb3ng \u0111\u1ecbnh b\u1ea3n ch\u1ea5t k\u00e9p c\u1ee7a Bratislava l\u00e0 v\u1eeba l\u00e0 th\u1ee7 \u0111\u00f4 v\u1eeba l\u00e0 ng\u01b0\u1eddi b\u1ea3o v\u1ec7 bi\u00ean gi\u1edbi xanh t\u01b0\u01a1i.<\/p>\n<p>Trong c\u00e1c l\u1edbp \u0111\u1ea5t v\u00e0 \u0111\u00e1, trong c\u00e1c d\u00f2ng ch\u1ea3y th\u01b0\u01a1ng m\u1ea1i v\u00e0 v\u0103n h\u00f3a, Bratislava tr\u00ecnh b\u00e0y m\u1ed9t c\u00e2u chuy\u1ec7n tinh t\u1ebf v\u1ec1 s\u1ef1 h\u1ed9i t\u1ee5 l\u1ecbch s\u1eed c\u1ee7a Trung \u00c2u. Nh\u1eefng con ph\u1ed1 c\u1ee7a th\u00e0nh ph\u1ed1 ch\u1ee9ng ki\u1ebfn \u200b\u200bc\u1ea3nh xa hoa c\u1ee7a tri\u1ec1u \u0111\u1ea1i v\u00e0 ho\u1ea1t \u0111\u1ed9ng th\u01b0\u01a1ng m\u1ea1i h\u00e0ng ng\u00e0y, ki\u1ebfn \u200b\u200btr\u00fac c\u1ee7a th\u00e0nh ph\u1ed1 tr\u1ea3i d\u00e0i t\u1eeb c\u00e1c \u0111\u1ec9nh th\u00e1p Gothic, m\u1eb7t ti\u1ec1n Baroque v\u00e0 ch\u1ee7 ngh\u0129a hi\u1ec7n \u0111\u1ea1i t\u00e1o b\u1ea1o. T\u1eeb d\u00f2ng ch\u1ea3y nh\u1eb9 nh\u00e0ng c\u1ee7a s\u00f4ng Danube \u0111\u1ebfn c\u00e1c s\u01b0\u1eddn \u0111\u1ed3i c\u00f3 r\u1eebng c\u1ee7a d\u00e3y n\u00fai Carpathian, th\u00e0nh ph\u1ed1 t\u1ed3n t\u1ea1i nh\u01b0 m\u1ed9t \u0111i\u1ec3m g\u1eb7p g\u1ee1 gi\u1eefa c\u00e1c d\u00e2n t\u1ed9c, n\u1ec1n kinh t\u1ebf v\u00e0 th\u1eddi \u0111\u1ea1i.<\/p>","protected":false},"excerpt":{"rendered":"<p>Bratislava, th\u1ee7 \u0111\u00f4 v\u00e0 th\u00e0nh ph\u1ed1 l\u1edbn nh\u1ea5t c\u1ee7a Slovakia, l\u00e0 v\u00ed d\u1ee5 \u0111i\u1ec3n h\u00ecnh cho s\u1ef1 t\u01b0\u01a1ng t\u00e1c ph\u1ee9c t\u1ea1p gi\u1eefa l\u1ecbch s\u1eed ch\u00e2u \u00c2u v\u00e0 s\u1ef1 ph\u00e1t tri\u1ec3n \u0111\u00f4 th\u1ecb \u0111\u01b0\u01a1ng \u0111\u1ea1i. N\u1eb1m tr\u00ean b\u1edd s\u00f4ng Danube, th\u00e0nh ph\u1ed1 s\u00f4i \u0111\u1ed9ng n\u00e0y t\u1ef1 h\u00e0o c\u00f3 d\u00e2n s\u1ed1 ch\u00ednh th\u1ee9c kho\u1ea3ng 475.000 ng\u01b0\u1eddi, m\u1eb7c d\u00f9 m\u1ed9t s\u1ed1 \u01b0\u1edbc t\u00ednh cho r\u1eb1ng con s\u1ed1 th\u1ef1c t\u1ebf c\u00f3 th\u1ec3 v\u01b0\u1ee3t qu\u00e1 660.000 ng\u01b0\u1eddi. L\u00e0 trung t\u00e2m ch\u00ednh tr\u1ecb, v\u0103n h\u00f3a v\u00e0 kinh t\u1ebf c\u1ee7a Slovakia, Bratislava \u0111\u1ecbnh h\u00ecnh h\u01b0\u1edbng \u0111i c\u1ee7a \u0111\u1ea5t n\u01b0\u1edbc trong th\u1ebf k\u1ef7 21 b\u00ean ngo\u00e0i ranh gi\u1edbi th\u00e0nh ph\u1ed1.<\/p>","protected":false},"author":1,"featured_media":3996,"parent":13300,"menu_order":0,"comment_status":"closed","ping_status":"closed","template":"elementor_theme","meta":{"_eb_attr":"","footnotes":""},"class_list":["post-13339","page","type-page","status-publish","has-post-thumbnail"],"_links":{"self":[{"href":"https:\/\/travelshelper.com\/vi\/wp-json\/wp\/v2\/pages\/13339","targetHints":{"allow":["GET"]}}],"collection":[{"href":"https:\/\/travelshelper.com\/vi\/wp-json\/wp\/v2\/pages"}],"about":[{"href":"https:\/\/travelshelper.com\/vi\/wp-json\/wp\/v2\/types\/page"}],"author":[{"embeddable":true,"href":"https:\/\/travelshelper.com\/vi\/wp-json\/wp\/v2\/users\/1"}],"replies":[{"embeddable":true,"href":"https:\/\/travelshelper.com\/vi\/wp-json\/wp\/v2\/comments?post=13339"}],"version-history":[{"count":0,"href":"https:\/\/travelshelper.com\/vi\/wp-json\/wp\/v2\/pages\/13339\/revisions"}],"up":[{"embeddable":true,"href":"https:\/\/travelshelper.com\/vi\/wp-json\/wp\/v2\/pages\/13300"}],"wp:featuredmedia":[{"embeddable":true,"href":"https:\/\/travelshelper.com\/vi\/wp-json\/wp\/v2\/media\/3996"}],"wp:attachment":[{"href":"https:\/\/travelshelper.com\/vi\/wp-json\/wp\/v2\/media?parent=13339"}],"curies":[{"name":"wp","href":"https:\/\/api.w.org\/{rel}","templated":true}]}}