{"id":13186,"date":"2024-09-17T14:12:55","date_gmt":"2024-09-17T14:12:55","guid":{"rendered":"https:\/\/travelshelper.com\/staging\/?page_id=13186"},"modified":"2026-03-12T23:41:48","modified_gmt":"2026-03-12T23:41:48","slug":"seville","status":"publish","type":"page","link":"https:\/\/travelshelper.com\/vi\/destinations\/europe\/spain\/seville\/","title":{"rendered":"Seville"},"content":{"rendered":"<p>Seville, th\u1ee7 \u0111\u00f4 h\u00f9ng v\u0129 c\u1ee7a Andalusia, thu h\u00fat s\u1ef1 ch\u00fa \u00fd \u1edf h\u1ea1 l\u01b0u S\u00f4ng Guadalquivir, thung l\u0169ng m\u00e0u m\u1ee1 r\u1ed9ng 141 km2 c\u1ee7a th\u00e0nh ph\u1ed1 c\u00f3 d\u00e2n s\u1ed1 th\u00e0nh ph\u1ed1 kho\u1ea3ng 701.000 ng\u01b0\u1eddi v\u00e0 neo gi\u1eef m\u1ed9t v\u00f9ng \u0111\u00f4 th\u1ecb r\u1ed9ng l\u1edbn v\u1edbi 1,5 tri\u1ec7u d\u00e2n. \u0110\u01b0\u1eddng ch\u00e2n tr\u1eddi c\u1ee7a th\u00e0nh ph\u1ed1 - \u0111\u01b0\u1ee3c th\u1ed1ng tr\u1ecb b\u1edfi Giralda cao v\u00fat t\u1eebng \u0111\u01b0\u1ee3c t\u1ea1o h\u00ecnh nh\u01b0 m\u1ed9t th\u00e1p Almohad v\u00e0 hi\u1ec7n \u0111\u01b0\u1ee3c \u0111\u1ed9i v\u01b0\u01a1ng mi\u1ec7n b\u1eb1ng chong ch\u00f3ng gi\u00f3 Giraldillo - n\u00f3i l\u00ean nhi\u1ec1u t\u1ea7ng c\u1ee7a s\u1ef1 cai tr\u1ecb c\u1ee7a La M\u00e3, H\u1ed3i gi\u00e1o v\u00e0 Castilian; tuy nhi\u00ean, th\u00e0nh ph\u1ed1 n\u00e0y, v\u1edbi khu ph\u1ed1 c\u1ed5 tr\u1ea3i d\u00e0i b\u1ed1n km2 v\u00e0 che ch\u1edf cho b\u1ed9 ba di s\u1ea3n UNESCO l\u00e0 Alc\u00e1zar, Nh\u00e0 th\u1edd ch\u00ednh t\u00f2a Saint Mary of the See v\u00e0 Kho l\u01b0u tr\u1eef chung c\u1ee7a Indies, v\u01b0\u1ee3t qua c\u1ea3 s\u1ef1 \u0111\u1ed3 s\u1ed9 \u0111\u01a1n thu\u1ea7n \u0111\u1ec3 m\u1edf ra nh\u01b0 m\u1ed9t b\u1ea3n palimpsest s\u1ed1ng \u0111\u1ed9ng c\u1ee7a c\u00e1c d\u00f2ng h\u1ea3i l\u01b0u \u0110\u1ecba Trung H\u1ea3i v\u00e0 \u0110\u1ea1i T\u00e2y D\u01b0\u01a1ng. N\u1eb1m c\u00e1ch \u0110\u1ea1i T\u00e2y D\u01b0\u01a1ng t\u00e1m m\u01b0\u01a1i km trong \u0111\u1ea5t li\u1ec1n, Seville v\u1eabn l\u00e0 c\u1ea3ng s\u00f4ng duy nh\u1ea5t c\u1ee7a T\u00e2y Ban Nha, m\u1ed9t minh ch\u1ee9ng cho vai tr\u00f2 l\u1ecbch s\u1eed c\u1ee7a th\u00e0nh ph\u1ed1 nh\u01b0 m\u1ed9t c\u1eeda ng\u00f5 h\u00e0ng h\u1ea3i, n\u01a1i m\u00e0 c\u00e1c c\u1eeda h\u00e0ng t\u1eebng thu h\u00fat nh\u1eefng chi\u1ebfc thuy\u1ec1n bu\u1ed3m ch\u1ea5t \u0111\u1ea7y c\u1ee7a c\u1ea3i c\u1ee7a Th\u1ebf gi\u1edbi M\u1edbi.<\/p>\n<p>T\u1eeb khi th\u00e0nh l\u1eadp v\u1edbi t\u01b0 c\u00e1ch l\u00e0 Hispalis c\u1ee7a La M\u00e3 cho \u0111\u1ebfn khi h\u1ed3i sinh d\u01b0\u1edbi th\u1eddi Casa de Contrataci\u00f3n hi\u1ec7n \u0111\u1ea1i ban \u0111\u1ea7u, Seville \u0111\u00e3 ph\u00e1t tri\u1ec3n th\u1ecbnh v\u01b0\u1ee3ng nh\u01b0 m\u1ed9t trong nh\u1eefng trung t\u00e2m \u0111\u00f4 th\u1ecb l\u1edbn nh\u1ea5t ch\u00e2u \u00c2u v\u00e0o th\u1ebf k\u1ef7 XVI; h\u1ea1n h\u00e1n \u1edf Guadalquivir sau \u0111\u00f3 \u0111\u00e3 chuy\u1ec3n h\u01b0\u1edbng c\u00e1c l\u00f4 h\u00e0ng xuy\u00ean \u0110\u1ea1i T\u00e2y D\u01b0\u01a1ng \u0111\u1ebfn V\u1ecbnh C\u00e1diz, nh\u01b0ng v\u1ecb th\u1ebf c\u1ee7a th\u00e0nh ph\u1ed1 v\u1eabn t\u1ed3n t\u1ea1i, \u0111\u01b0\u1ee3c nh\u1ea5n m\u1ea1nh b\u1edfi s\u1ef1 l\u1ed9ng l\u1eaby qu\u00fd t\u1ed9c c\u1ee7a c\u00e1c s\u00e2n Mud\u00e9jar c\u1ee7a Alc\u00e1zar v\u00e0 gian gi\u1eefa r\u1ed9ng l\u1edbn theo phong c\u00e1ch Gothic c\u1ee7a Nh\u00e0 th\u1edd b\u1eaft \u0111\u1ea7u v\u00e0o n\u0103m 1401. V\u00e0o th\u1ebf k\u1ef7 XX - \u0111\u01b0\u1ee3c \u0111\u1ecbnh h\u00ecnh b\u1edfi nh\u1eefng \u0111au kh\u1ed5 c\u1ee7a N\u1ed9i chi\u1ebfn T\u00e2y Ban Nha, s\u1ef1 h\u00e0o nho\u00e1ng c\u1ee7a Tri\u1ec3n l\u00e3m Ibero-American n\u0103m 1929 v\u00e0 s\u1ef1 l\u1ea1c quan mang t\u00ednh chuy\u1ec3n \u0111\u1ed5i c\u1ee7a Expo&#039;92 - Seville \u0111\u00e3 kh\u1eb3ng \u0111\u1ecbnh l\u1ea1i v\u1ecb th\u1ebf th\u1ed1ng tr\u1ecb khu v\u1ef1c c\u1ee7a m\u00ecnh, \u0111\u1ea1t \u0111\u1ebfn \u0111\u1ec9nh cao khi \u0111\u01b0\u1ee3c ch\u1ec9 \u0111\u1ecbnh l\u00e0 th\u1ee7 \u0111\u00f4 c\u1ee7a C\u1ed9ng \u0111\u1ed3ng t\u1ef1 tr\u1ecb v\u00e0o n\u0103m 1983.<\/p>\n<p>N\u1eb1m \u1edf \u0111\u1ed9 cao trung b\u00ecnh b\u1ea3y m\u00e9t so v\u1edbi m\u1ef1c n\u01b0\u1edbc bi\u1ec3n, Seville b\u1ecb chia \u0111\u00f4i b\u1edfi Guadalquivir, chia t\u00e1ch l\u00f5i l\u1ecbch s\u1eed \u1edf b\u1edd \u0111\u00f4ng t\u1eeb Triana, La Cartuja v\u00e0 Los Remedios \u1edf ph\u00eda t\u00e2y. C\u00e1c barrios n\u00e0y, c\u00f9ng v\u1edbi Aljarafe \u1edf ph\u00eda t\u00e2y v\u00e0 c\u00e1c th\u00e0nh ph\u1ed1 nh\u01b0 La Rinconada, Alcal\u00e1 de Guada\u00edra v\u00e0 Dos Hermanas \u1edf ngo\u1ea1i vi, t\u1ea1o th\u00e0nh m\u1ed9t khu \u0111\u00f4 th\u1ecb k\u1ebft h\u1ee3p t\u00ednh n\u0103ng \u0111\u1ed9ng c\u1ee7a \u0111\u00f4 th\u1ecb v\u1edbi v\u00f9ng \u0111\u1ea5t n\u00f4ng nghi\u1ec7p ph\u00eda sau. V\u0129 \u0111\u1ed9 c\u1ee7a th\u00e0nh ph\u1ed1 n\u00e0y li\u00ean k\u1ebft v\u1edbi San Jose, California v\u00e0 Catania, Sicily, v\u00e0 n\u1eb1m \u1edf ph\u00eda nam Athens v\u00e0 g\u1ea7n v\u0129 tuy\u1ebfn c\u1ee7a Seoul, nh\u01b0ng b\u1ed1i c\u1ea3nh n\u1ed9i \u0111\u1ecba c\u1ee7a Seville mang l\u1ea1i m\u1ed9t kh\u00eda c\u1ea1nh l\u1ee5c \u0111\u1ecba r\u00f5 r\u1ec7t: m\u00f9a h\u00e8 th\u01b0\u1eddng v\u01b0\u1ee3t qu\u00e1 35\u00b0C v\u00e0 t\u1ea1o ra h\u01a1n s\u00e1u m\u01b0\u01a1i ng\u00e0y m\u1ed7i n\u0103m tr\u00ean 35\u00b0C, mang l\u1ea1i cho Thung l\u0169ng Guadalquivir bi\u1ec7t danh &#034;ch\u1ea3o r\u00e1n c\u1ee7a T\u00e2y Ban Nha&#034;.<\/p>\n<p>H\u1ed3 s\u01a1 kh\u00ed h\u1eadu h\u1ecdc ch\u1ee9ng minh nhi\u1ec7t \u0111\u1ed9 c\u1ef1c \u0111\u1ea1i t\u1eeb m\u1ee9c \u0111\u1ec9nh 46,6\u00b0C v\u00e0o ng\u00e0y 23 th\u00e1ng 7 n\u0103m 1995 t\u1ea1i S\u00e2n bay San Pablo \u0111\u1ebfn m\u1ee9c th\u1ea5p nh\u1ea5t l\u00e0 -5,5\u00b0C v\u00e0o ng\u00e0y 12 th\u00e1ng 2 n\u0103m 1956, trong khi m\u1ee9c 50,0\u00b0C g\u00e2y tranh c\u00e3i v\u00e0o th\u00e1ng 8 n\u0103m 1881 nh\u1ea5n m\u1ea1nh v\u1ecb th\u1ebf c\u1ee7a Seville l\u00e0 \u0111\u00f4 th\u1ecb l\u1edbn \u1ea5m nh\u1ea5t ch\u00e2u \u00c2u. Nhi\u1ec7t \u0111\u1ed9 trung b\u00ecnh h\u00e0ng n\u0103m dao \u0111\u1ed9ng \u1edf m\u1ee9c 19,6\u00b0C, v\u1edbi m\u1ee9c trung b\u00ecnh trong ng\u00e0y l\u00e0 25,7\u00b0C v\u00e0o ban ng\u00e0y v\u00e0 13,3\u00b0C v\u00e0o ban \u0111\u00eam; t\u1ed5ng l\u01b0\u1ee3ng m\u01b0a l\u00e0 502 mm tr\u1ea3i d\u00e0i trong n\u0103m m\u01b0\u01a1i ng\u00e0y, trong \u0111\u00f3 th\u00e1ng 12 chi\u1ebfm kho\u1ea3ng t\u00e1m m\u01b0\u01a1i milim\u00e9t. \u0110\u00e2y l\u00e0 kh\u00ed h\u1eadu khi\u1ebfn tuy\u1ebft r\u01a1i h\u1ea7u nh\u01b0 kh\u00f4ng t\u1ed3n t\u1ea1i\u2014ch\u1ec9 m\u01b0\u1eddi l\u1ea7n k\u1ec3 t\u1eeb n\u0103m 1500, hai l\u1ea7n trong th\u1ebf k\u1ef7 tr\u01b0\u1edbc\u2014v\u00e0 \u0111\u00f3ng khung m\u00f9a \u0111\u00f4ng nh\u01b0 s\u1ef1 ngh\u1ec9 ng\u01a1i nh\u1eb9 nh\u00e0ng sau m\u00f9a h\u00e8 n\u00f3ng n\u1ef1c k\u00e9o d\u00e0i t\u1eeb th\u00e1ng 7 \u0111\u1ebfn th\u00e1ng 8.<\/p>\n<p>Trong kh\u00f4ng gian bao la c\u1ee7a Seville, ki\u1ebfn \u200b\u200btr\u00fac c\u00f4ng c\u1ed9ng n\u1ed5i l\u00ean nh\u01b0 ng\u01b0\u1eddi b\u1ea3o v\u1ec7 k\u00fd \u1ee9c v\u00e0 ch\u1ea5t x\u00fac t\u00e1c cho cu\u1ed9c s\u1ed1ng hi\u1ec7n \u0111\u1ea1i. M\u1eb7t ti\u1ec1n Plateresque c\u1ee7a T\u00f2a th\u1ecb ch\u00ednh, \u0111\u01b0\u1ee3c Diego de Ria\u00f1o h\u00ecnh th\u00e0nh trong kho\u1ea3ng th\u1eddi gian t\u1eeb n\u0103m 1527 \u0111\u1ebfn n\u0103m 1534 v\u00e0 \u0111\u01b0\u1ee3c Demetrio de los R\u00edos t\u00e1i hi\u1ec7n theo phong c\u00e1ch T\u00e2n c\u1ed5 \u0111i\u1ec3n v\u00e0o n\u0103m 1867, n\u1eb1m c\u1ea1nh Nh\u00e0 t\u00f9 Ho\u00e0ng gia, n\u01a1i t\u1eebng giam gi\u1eef Cervantes. Archivo General de Indias, \u0111\u01b0\u1ee3c x\u00e2y d\u1ef1ng theo b\u1ea3n thi\u1ebft k\u1ebf c\u1ee7a Herrera v\u00e0o n\u0103m 1572 v\u00e0 ho\u00e0n th\u00e0nh v\u00e0o n\u0103m 1646, l\u01b0u gi\u1eef di s\u1ea3n th\u01b0 t\u1eeb c\u1ee7a \u0111\u1ebf ch\u1ebf, trong khi Palacio de San Telmo th\u1ec3 hi\u1ec7n s\u1ef1 xa hoa theo phong c\u00e1ch Baroque trong c\u00e1c \u0111\u01b0\u1eddng xo\u1eafn \u1ed1c v\u00e0 tr\u1ee5 t\u01b0\u1eddng, b\u1ea3o v\u1ec7 ch\u00ednh quy\u1ec1n Andalusia trong c\u1ed5ng v\u00f2m do Leonaro de Figueroa thi\u1ebft k\u1ebf. Nh\u00e0 m\u00e1y s\u1ea3n xu\u1ea5t thu\u1ed1c l\u00e1 Real F\u00e1brica de Tabacos, t\u1eebng l\u00e0 c\u00f4ng tr\u00ecnh c\u00f4ng nghi\u1ec7p l\u1edbn nh\u1ea5t th\u1ebf gi\u1edbi, v\u00e0 tr\u01b0\u1eddng \u0111\u1ea5u b\u00f2 Real Maestranza\u2014kh\u1edfi c\u00f4ng n\u0103m 1761 v\u00e0 c\u00f3 s\u1ee9c ch\u1ee9a 14.000 kh\u00e1n gi\u1ea3\u2014g\u1ee3i l\u00ean b\u1ea3n s\u1eafc k\u00e9p c\u1ee7a Seville l\u00e0 lao \u0111\u1ed9ng v\u00e0 gi\u1ea3i tr\u00ed.<\/p>\n<p>Trong s\u1ed1 nh\u1eefng n\u01a1i tr\u00fa \u1ea9n trong n\u01b0\u1edbc, Sal\u00f3n de Embajadores v\u00e0 Patio de las Doncellas c\u1ee7a Alc\u00e1zar cho th\u1ea5y s\u1ef1 giao thoa gi\u1eefa ngh\u1ec1 th\u1ee7 c\u00f4ng Nasrid v\u00e0 s\u1ef1 b\u1ea3o tr\u1ee3 c\u1ee7a Castilian, trong khi c\u1ed5ng Isabelline c\u1ee7a Casa de Pilatos g\u1ee3i nh\u1edb \u0111\u1ebfn cu\u1ed9c h\u00e0nh h\u01b0\u01a1ng n\u0103m 1520 \u0111\u00e3 ban cho n\u00f3 m\u1ed9t danh ph\u00e1p g\u1ee3i nh\u1edb \u0111\u1ebfn Via Crucis c\u1ee7a Jerusalem. \u1ede Casco Antiguo, c\u00e1c dinh th\u1ef1 nh\u01b0 cung \u0111i\u1ec7n c\u1ee7a N\u1eef b\u00e1 t\u01b0\u1edbc Lebrija v\u00e0 b\u1ec3 ch\u1ee9a n\u01b0\u1edbc c\u1ed5 Cruz del Campo h\u1ee3p nh\u1ea5t l\u1ea1i, v\u00e0 c\u00e1c di t\u00edch ki\u00ean c\u1ed1\u2014\u0111\u00e1ng ch\u00fa \u00fd l\u00e0 Almohad Torre del Oro v\u00e0 c\u00e1c m\u1ea3nh t\u01b0\u1eddng c\u00f2n s\u00f3t l\u1ea1i \u0111\u01b0\u1ee3c kh\u1edfi c\u00f4ng d\u01b0\u1edbi th\u1eddi Abd ar-Rahm\u00e1n II v\u00e0 \u0111\u01b0\u1ee3c gia c\u1ed1 b\u1edfi Almohads\u2014theo d\u1ea5u \u0111\u1ecba l\u00fd qu\u00e2n s\u1ef1 c\u1ee7a th\u00e0nh ph\u1ed1.<\/p>\n<p>Ngo\u00e0i \u0111\u00e1 v\u00e0 th\u00e9p, c\u00e2y xanh c\u1ee7a Seville \u0111\u01b0\u1ee3c th\u1ec3 hi\u1ec7n trong Parque de Mar\u00eda Luisa, b\u1ed1i c\u1ea3nh c\u1ee7a An\u00edbal Gonz\u00e1lez cho tri\u1ec3n l\u00e3m n\u0103m 1929, n\u01a1i Plaza de Espa\u00f1a u\u1ed1n cong theo h\u00ecnh b\u00e1n nguy\u1ec7t h\u00f9ng v\u0129, th\u1ec3 hi\u1ec7n b\u1eb1ng nh\u1eefng vi\u00ean g\u1ea1ch t\u00f4n vinh t\u1eebng t\u1ec9nh. Plaza de Am\u00e9rica li\u1ec1n k\u1ec1 v\u00e0 b\u1ed9 ba gian h\u00e0ng c\u1ee7a n\u00f3\u2014Gian h\u00e0ng Ho\u00e0ng gia Gothic, Gian h\u00e0ng Neo-Mud\u00e9jar v\u00e0 Gian h\u00e0ng Bellas Artes th\u1eddi Ph\u1ee5c h\u01b0ng\u2014g\u1ee3i l\u00ean m\u1ed9t kho\u1ea3ng l\u1eb7ng tao nh\u00e3 gi\u1eefa m\u1ed9t \u0111\u00f4 th\u1ecb ti\u1ebfp gi\u00e1p v\u1edbi nh\u1ecbp \u0111\u1eadp c\u1ee7a T\u00e2y Ban Nha th\u1ebf k\u1ef7 21.<\/p>\n<p>M\u1ea1ch m\u00e1u kinh t\u1ebf c\u1ee7a Seville xu\u1ea5t ph\u00e1t t\u1eeb v\u1ecb th\u1ebf l\u00e0 n\u01a1i \u0111\u00f3ng g\u00f3p GDP ch\u00ednh c\u1ee7a Andalusia, chi\u1ebfm m\u1ed9t ph\u1ea7n t\u01b0 t\u1ed5ng GDP c\u1ee7a khu v\u1ef1c, c\u00f3 ph\u1ea1m vi m\u1edf r\u1ed9ng \u0111\u1ebfn c\u00e1c v\u00e0nh \u0111ai n\u00f4ng nghi\u1ec7p ngo\u00e0i Camas v\u00e0 Tomares v\u00e0 v\u00e0o c\u00e1c khu c\u00f4ng nghi\u1ec7p l\u00e0m d\u1ecbu \u0111i s\u1ef1 \u1ea5m \u00e1p c\u1ee7a Ottoman trong th\u00e0nh ph\u1ed1 b\u1eb1ng doanh nghi\u1ec7p c\u01a1 gi\u1edbi h\u00f3a. Diputaci\u00f3n de Sevilla qu\u1ea3n l\u00fd c\u00e1c d\u1ecbch v\u1ee5 t\u1eeb doanh tr\u1ea1i k\u1ef5 binh th\u1ebf k\u1ef7 19 c\u1ee7a m\u00ecnh, \u0111\u1ea3m b\u1ea3o r\u1eb1ng c\u00e1c ng\u00f4i l\u00e0ng xa x\u00f4i v\u1eabn g\u1eafn ch\u1eb7t v\u1edbi qu\u1ef9 \u0111\u1ea1o c\u1ee7a th\u1ee7 \u0111\u00f4.<\/p>\n<p>Trong cu\u1ed9c s\u1ed1ng h\u00e0ng ng\u00e0y, phong t\u1ee5c vui v\u1ebb c\u1ee7a tapas th\u1ea5m nhu\u1ea7n nh\u1eefng con ph\u1ed1 callejones v\u00e0 qu\u1ea3ng tr\u01b0\u1eddng quanh co c\u1ee7a Seville v\u1edbi s\u1ef1 vui v\u1ebb kh\u00f4ng ng\u1eebng ngh\u1ec9: th\u1ef1c kh\u00e1ch n\u1ebfm th\u1eed jam\u00f3n ib\u00e9rico, espinacas con garbanzo l\u00e0m t\u1eeb \u0111\u1eadu g\u00e0 v\u00e0 ortiguillas c\u00f9ng v\u1edbi gazpacho \u01b0\u1edbp l\u1ea1nh; h\u1ecd n\u00e1n l\u1ea1i \u0103n pesti\u00f1os v\u00e0 torrijas d\u01b0\u1edbi b\u00f3ng c\u00e2y cam \u0111\u1eafng c\u00f3 h\u01b0\u01a1ng cam qu\u00fdt - do nh\u1eefng ngh\u1ec7 nh\u00e2n Andalusia th\u1ebf k\u1ef7 th\u1ee9 m\u01b0\u1eddi gi\u1edbi thi\u1ec7u - lan t\u1ecfa trong kh\u00f4ng kh\u00ed; h\u1ecd d\u1eebng l\u1ea1i \u1edf b\u1ebfn t\u00e0u Sevici \u0111\u1ec3 t\u00ednh to\u00e1n h\u00e0nh tr\u00ecnh c\u1ee7a m\u00ecnh qua nh\u1eefng con \u0111\u01b0\u1eddng xanh c\u1ee7a th\u00e0nh ph\u1ed1.<\/p>\n<p>V\u1eadn t\u1ea3i b\u1eb1ng xe bu\u00fdt n\u1eb1m trong s\u1ef1 b\u1ea3o tr\u1ee3 c\u1ee7a TUSSAM, n\u1ed1i Serra Street v\u1edbi San Bernardo v\u00e0 \u0111an xen c\u00e1c tuy\u1ebfn \u0111\u01b0\u1eddng c\u1ee7a Consorcio v\u1edbi Dos Hermanas. Tuy\u1ebfn Metro s\u1ed1 1, \u0111\u01b0\u1ee3c kh\u00e1nh th\u00e0nh tr\u01b0\u1edbc khi \u0111\u1ea1t 22 tri\u1ec7u l\u01b0\u1ee3t h\u00e0nh kh\u00e1ch v\u00e0o n\u0103m 2024, s\u1ebd s\u1edbm ch\u1ea5p thu\u1eadn vi\u1ec7c m\u1edf r\u1ed9ng Tuy\u1ebfn 3 trong khi Tuy\u1ebfn 2 v\u00e0 4 v\u1eabn \u0111ang trong giai \u0111o\u1ea1n l\u1eadp k\u1ebf ho\u1ea1ch. T\u00ednh di \u0111\u1ed9ng tr\u00ean b\u1ec1 m\u1eb7t \u0111\u01b0\u1ee3c th\u1ec3 hi\u1ec7n trong xe \u0111i\u1ec7n MetroCentro, trong xe \u0111\u1ea1p Sevici l\u01b0\u1edbt tr\u00ean c\u00e1c l\u00e0n \u0111\u01b0\u1eddng n\u00e2ng cao v\u00e0 trong c\u00e1c chuy\u1ebfn t\u00e0u Cercan\u00edas \u0111\u01b0a h\u00e0nh kh\u00e1ch \u0111i l\u00e0m \u0111\u1ebfn Santa Justa, n\u01a1i c\u00e1c chuy\u1ebfn t\u00e0u AVE t\u1ed1c \u0111\u1ed9 cao t\u1ecfa ra Madrid, Valencia v\u00e0 xa h\u01a1n n\u1eefa.<\/p>\n<p>S\u00e2n bay San Pablo, s\u00e2n bay b\u1eadn r\u1ed9n th\u1ee9 hai c\u1ee7a Andalusia v\u1edbi h\u01a1n 7,5 tri\u1ec7u h\u00e0nh kh\u00e1ch v\u00e0o n\u0103m 2019 v\u00e0 g\u1ea7n m\u01b0\u1eddi ngh\u00ecn t\u1ea5n h\u00e0ng h\u00f3a, neo gi\u1eef tr\u1ee5c h\u00e0ng kh\u00f4ng c\u1ee7a Seville; c\u00e1c h\u00e3ng h\u00e0ng kh\u00f4ng gi\u00e1 r\u1ebb v\u00e0 c\u00e1c c\u01a1 s\u1edf b\u1ea3o d\u01b0\u1ee1ng ch\u1ee9ng minh cho t\u00ednh qu\u1ed1c t\u1ebf c\u1ee7a s\u00e2n bay n\u00e0y. Tuy nhi\u00ean, s\u1ef1 ph\u1ea5n kh\u00edch tinh t\u1ebf n\u1eb1m \u1edf c\u1ea3ng s\u00f4ng Muelle de las Delicias, n\u01a1i c\u00e1c t\u00e0u bi\u1ec3n c\u00f3 th\u1ec3 th\u1ea3 nh\u1eefng ng\u01b0\u1eddi \u0111i du ngo\u1ea1n v\u00e0o trung t\u00e2m c\u1ee7a Seville\u2014m\u1ed9t s\u1ef1 ch\u00e0o \u0111\u00f3n n\u1ed9i \u0111\u1ecba \u0111\u1ed9c \u0111\u00e1o \u1edf T\u00e2y Ban Nha.<\/p>\n<p>Nh\u1edd s\u1ef1 giao thoa gi\u1eefa c\u1ed5 x\u01b0a v\u00e0 hi\u1ec7n \u0111\u1ea1i n\u00e0y, Seville kh\u00f4ng c\u00f2n l\u00e0 m\u1ed9t t\u01b0\u1ee3ng \u0111\u00e0i t\u0129nh t\u1ea1i m\u00e0 l\u00e0 m\u1ed9t th\u00e0nh ph\u1ed1 c\u1ee7a s\u1ef1 \u0111\u00e0m ph\u00e1n li\u00ean t\u1ee5c gi\u1eefa nhi\u1ec7t \u0111\u1ed9 v\u00e0 b\u00f3ng r\u00e2m, l\u1ecbch s\u1eed v\u00e0 s\u1ef1 \u0111\u1ed5i m\u1edbi, s\u1ef1 ngh\u1ec9 ng\u01a1i v\u00e0 ti\u1ec7c t\u00f9ng. K\u1ebft c\u1ea5u c\u1ee7a n\u00f3\u2014\u0111\u01b0\u1ee3c kh\u00e2u b\u1edfi ng\u01b0\u1eddi La M\u00e3, Umayyad, ng\u01b0\u1eddi Castile v\u00e0 nh\u1eefng ng\u01b0\u1eddi b\u1ea3o v\u1ec7 \u0111\u01b0\u01a1ng th\u1eddi\u2014kh\u00f4ng ph\u1ea3i \u0111\u1ec3 ph\u00f4 tr\u01b0\u01a1ng m\u00e0 l\u00e0 \u0111\u1ec3 ng\u1eafm nh\u00ecn: \u0111\u1ed1i v\u1edbi nh\u1eefng ai m\u1ea1o hi\u1ec3m \u0111i d\u1ecdc theo nh\u1eefng \u0111\u1ea1i l\u1ed9 ng\u1eadp tr\u00e0n \u00e1nh n\u1eafng v\u00e0 qua nh\u1eefng h\u1ed1c t\u01b0\u1eddng r\u00e2m m\u00e1t, Seville l\u00e0 minh ch\u1ee9ng cho s\u1ef1 h\u00f9ng bi\u1ec7n ki\u00ean c\u01b0\u1eddng c\u1ee7a \u0111\u1ecba \u0111i\u1ec3m.<\/p>","protected":false},"excerpt":{"rendered":"<p>Seville, th\u1ee7 ph\u1ee7 v\u00e0 l\u00e0 th\u00e0nh ph\u1ed1 l\u1edbn nh\u1ea5t c\u1ee7a c\u1ed9ng \u0111\u1ed3ng t\u1ef1 tr\u1ecb Andalusia c\u1ee7a T\u00e2y Ban Nha, l\u00e0 v\u00ed d\u1ee5 \u0111i\u1ec3n h\u00ecnh cho di s\u1ea3n v\u0103n h\u00f3a v\u00e0 s\u1ee9c s\u1ed1ng \u0111\u01b0\u01a1ng \u0111\u1ea1i c\u1ee7a T\u00e2y Ban Nha. N\u1eb1m \u1edf h\u1ea1 l\u01b0u S\u00f4ng Guadalquivir \u1edf ph\u00eda t\u00e2y nam B\u00e1n \u0111\u1ea3o Iberia, th\u00e0nh ph\u1ed1 tuy\u1ec7t v\u1eddi n\u00e0y t\u1ef1 h\u00e0o c\u00f3 d\u00e2n s\u1ed1 \u0111\u00f4 th\u1ecb kho\u1ea3ng 701.000 ng\u01b0\u1eddi t\u00ednh \u0111\u1ebfn n\u0103m 2022, v\u1edbi khu v\u1ef1c \u0111\u00f4 th\u1ecb tr\u1ea3i d\u00e0i g\u1ea7n 1,5 tri\u1ec7u c\u01b0 d\u00e2n. V\u1edbi s\u1ee9c m\u1ea1nh nh\u00e2n kh\u1ea9u h\u1ecdc n\u00e0y, Seville \u0111\u01b0\u1ee3c x\u1ebfp h\u1ea1ng l\u00e0 th\u00e0nh ph\u1ed1 l\u1edbn th\u1ee9 t\u01b0 \u1edf T\u00e2y Ban Nha, l\u00e0 th\u00e0nh ph\u1ed1 \u0111\u00f4ng d\u00e2n nh\u1ea5t trong Li\u00ean minh ch\u00e2u \u00c2u v\u00e0 l\u00e0 th\u00e0nh ph\u1ed1 \u0111\u00f4ng d\u00e2n nh\u1ea5t \u1edf Andalusia.<\/p>","protected":false},"author":1,"featured_media":4633,"parent":13090,"menu_order":0,"comment_status":"closed","ping_status":"closed","template":"elementor_theme","meta":{"_eb_attr":"","footnotes":""},"class_list":["post-13186","page","type-page","status-publish","has-post-thumbnail"],"_links":{"self":[{"href":"https:\/\/travelshelper.com\/vi\/wp-json\/wp\/v2\/pages\/13186","targetHints":{"allow":["GET"]}}],"collection":[{"href":"https:\/\/travelshelper.com\/vi\/wp-json\/wp\/v2\/pages"}],"about":[{"href":"https:\/\/travelshelper.com\/vi\/wp-json\/wp\/v2\/types\/page"}],"author":[{"embeddable":true,"href":"https:\/\/travelshelper.com\/vi\/wp-json\/wp\/v2\/users\/1"}],"replies":[{"embeddable":true,"href":"https:\/\/travelshelper.com\/vi\/wp-json\/wp\/v2\/comments?post=13186"}],"version-history":[{"count":0,"href":"https:\/\/travelshelper.com\/vi\/wp-json\/wp\/v2\/pages\/13186\/revisions"}],"up":[{"embeddable":true,"href":"https:\/\/travelshelper.com\/vi\/wp-json\/wp\/v2\/pages\/13090"}],"wp:featuredmedia":[{"embeddable":true,"href":"https:\/\/travelshelper.com\/vi\/wp-json\/wp\/v2\/media\/4633"}],"wp:attachment":[{"href":"https:\/\/travelshelper.com\/vi\/wp-json\/wp\/v2\/media?parent=13186"}],"curies":[{"name":"wp","href":"https:\/\/api.w.org\/{rel}","templated":true}]}}