{"id":12865,"date":"2024-09-17T00:02:43","date_gmt":"2024-09-17T00:02:43","guid":{"rendered":"https:\/\/travelshelper.com\/staging\/?page_id=12865"},"modified":"2026-03-12T23:49:44","modified_gmt":"2026-03-12T23:49:44","slug":"thuy-dien","status":"publish","type":"page","link":"https:\/\/travelshelper.com\/vi\/destinations\/europe\/sweden\/","title":{"rendered":"Th\u1ee5y \u0110i\u1ec3n"},"content":{"rendered":"<p>Th\u1ee5y \u0110i\u1ec3n, t\u00ean ch\u00ednh th\u1ee9c l\u00e0 V\u01b0\u01a1ng qu\u1ed1c Th\u1ee5y \u0110i\u1ec3n, chi\u1ebfm ph\u1ea7n ph\u00eda \u0111\u00f4ng c\u1ee7a B\u00e1n \u0111\u1ea3o Scandinavia \u1edf B\u1eafc \u00c2u, bao g\u1ed3m m\u1ed9t di\u1ec7n t\u00edch 450.295 km2 v\u00e0 duy tr\u00ec d\u00e2n s\u1ed1 kho\u1ea3ng 10,6 tri\u1ec7u ng\u01b0\u1eddi, trong \u0111\u00f3 88 ph\u1ea7n tr\u0103m s\u1ed1ng \u1edf c\u00e1c trung t\u00e2m \u0111\u00f4 th\u1ecb ch\u1ee7 y\u1ebfu t\u1eadp trung \u1edf n\u1eeda trung t\u00e2m v\u00e0 ph\u00eda nam c\u1ee7a \u0111\u1ea5t n\u01b0\u1edbc. C\u00f3 bi\u00ean gi\u1edbi ph\u00eda t\u00e2y v\u00e0 ph\u00eda b\u1eafc gi\u00e1p Na Uy v\u00e0 ph\u00eda \u0111\u00f4ng gi\u00e1p Ph\u1ea7n Lan, Th\u1ee5y \u0110i\u1ec3n \u0111\u01b0\u1ee3c x\u1ebfp h\u1ea1ng l\u00e0 qu\u1ed1c gia B\u1eafc \u00c2u l\u1edbn nh\u1ea5t v\u1ec1 di\u1ec7n t\u00edch \u0111\u1ea5t li\u1ec1n v\u00e0 nh\u00e2n kh\u1ea9u h\u1ecdc v\u00e0 l\u00e0 qu\u1ed1c gia l\u1edbn th\u1ee9 n\u0103m tr\u00ean l\u1ee5c \u0111\u1ecba ch\u00e2u \u00c2u. Th\u1ee7 \u0111\u00f4 c\u1ee7a n\u01b0\u1edbc n\u00e0y, Stockholm, tr\u1ea3i d\u00e0i tr\u00ean m\u1ed9t ch\u00f2m sao c\u00e1c h\u00f2n \u0111\u1ea3o t\u1ea1i giao \u0111i\u1ec3m c\u1ee7a H\u1ed3 M\u00e4laren v\u00e0 Bi\u1ec3n Baltic, \u0111\u00f3ng vai tr\u00f2 l\u00e0 \u0111i\u1ec3m t\u1ef1a c\u1ee7a \u0111\u1eddi s\u1ed1ng ch\u00ednh tr\u1ecb, kinh t\u1ebf v\u00e0 v\u0103n h\u00f3a cho m\u1ed9t qu\u1ed1c gia, k\u1ec3 t\u1eeb khi h\u1ee3p nh\u1ea5t v\u00e0o cu\u1ed1i th\u1ebf k\u1ef7 th\u1ee9 m\u01b0\u1eddi, \u0111\u00e3 d\u1ec7t n\u00ean m\u1ed9t c\u00e2u chuy\u1ec7n l\u00e2u d\u00e0i v\u1ec1 s\u1ee9c m\u1ea1nh h\u00e0ng h\u1ea3i, s\u1ef1 th\u1ed1ng tr\u1ecb l\u00e3nh th\u1ed5 v\u00e0 ch\u00ednh s\u00e1ch x\u00e3 h\u1ed9i ti\u1ebfn b\u1ed9.<\/p>\n<p>S\u1ef1 hi\u1ec7n di\u1ec7n s\u1edbm nh\u1ea5t c\u1ee7a con ng\u01b0\u1eddi \u1edf n\u01a1i hi\u1ec7n nay l\u00e0 Th\u1ee5y \u0110i\u1ec3n c\u00f3 ni\u00ean \u0111\u1ea1i v\u00e0o kho\u1ea3ng n\u0103m 12.000 tr\u01b0\u1edbc C\u00f4ng nguy\u00ean, khi nh\u1eefng ng\u01b0\u1eddi \u0111i s\u0103n v\u00e0 h\u00e1i l\u01b0\u1ee3m ti\u00ean phong ti\u1ebfn v\u1ec1 ph\u00eda b\u1eafc sau khi c\u00e1c t\u1ea3ng b\u0103ng tan. Trong nhi\u1ec1u thi\u00ean ni\u00ean k\u1ef7 sau \u0111\u00f3, nh\u1eefng nh\u00f3m ng\u01b0\u1eddi ri\u00eang bi\u1ec7t n\u00e0y \u0111\u00e3 h\u1ee3p nh\u1ea5t th\u00e0nh Geats v\u00e0 Svear - nh\u1eefng ng\u01b0\u1eddi c\u00f3 s\u1ef1 kh\u00e9o l\u00e9o tr\u00ean bi\u1ec3n, theo th\u1eddi gian, s\u1ebd \u0111\u1ea3m b\u1ea3o v\u1ecb tr\u00ed c\u1ee7a h\u1ecd trong s\u1ed1 nh\u1eefng ng\u01b0\u1eddi \u0111i bi\u1ec3n B\u1eafc \u00c2u \u0111\u00e3 l\u1eadp b\u1ea3n \u0111\u1ed3 B\u1eafc \u0110\u1ea1i T\u00e2y D\u01b0\u01a1ng. V\u00e0o cu\u1ed1i th\u1ebf k\u1ef7 th\u1ee9 m\u01b0\u1eddi, m\u1ed9t ch\u00ednh th\u1ec3 th\u1ed1ng nh\u1ea5t c\u1ee7a Th\u1ee5y \u0110i\u1ec3n b\u1eaft \u0111\u1ea7u xu\u1ea5t hi\u1ec7n, quy\u1ec1n l\u1ef1c c\u1ee7a h\u1ecd \u0111\u01b0\u1ee3c c\u1ee7ng c\u1ed1 d\u01b0\u1edbi ch\u1ebf \u0111\u1ed9 qu\u00e2n ch\u1ee7 sau n\u00e0y s\u1ebd \u0111\u01b0a qu\u1ed1c gia n\u00e0y v\u01b0\u1ee3t qua Li\u00ean minh Kalmar (1397\u20131523) c\u00f9ng v\u1edbi \u0110an M\u1ea1ch v\u00e0 Na Uy, v\u00e0 sau \u0111\u00f3 l\u00e0 qua s\u1ef1 h\u1ed7n lo\u1ea1n c\u1ee7a Chi\u1ebfn tranh Ba m\u01b0\u01a1i n\u0103m. Cu\u1ed9c xung \u0111\u1ed9t \u0111\u00f3 \u0111\u00e3 m\u1edf ra m\u1ed9t k\u1ef7 nguy\u00ean tham v\u1ecdng \u0111\u1ebf qu\u1ed1c; bi\u1ec3u ng\u1eef c\u1ee7a Th\u1ee5y \u0110i\u1ec3n tung bay tr\u00ean ph\u1ea7n l\u1edbn v\u00f9ng ven bi\u1ec3n Baltic khi \u0111\u1ebf ch\u1ebf m\u1edbi th\u00e0nh l\u1eadp kh\u1eb3ng \u0111\u1ecbnh m\u00ecnh l\u00e0 m\u1ed9t c\u01b0\u1eddng qu\u1ed1c ch\u00e2u \u00c2u cho \u0111\u1ebfn \u0111\u1ea7u th\u1ebf k\u1ef7 th\u1ee9 m\u01b0\u1eddi t\u00e1m. M\u1eb7c d\u00f9 t\u1ec9nh ph\u00eda \u0111\u00f4ng Ph\u1ea7n Lan \u0111\u00e3 \u0111\u01b0\u1ee3c nh\u01b0\u1ee3ng l\u1ea1i cho \u0110\u1ebf qu\u1ed1c Nga v\u00e0o n\u0103m 1809 v\u00e0 n\u1ed7 l\u1ef1c qu\u00e2n s\u1ef1 cu\u1ed1i c\u00f9ng c\u1ee7a Th\u1ee5y \u0110i\u1ec3n - m\u1ed9t li\u00ean minh b\u1eaft bu\u1ed9c v\u1edbi Na Uy v\u00e0o n\u0103m 1814 - \u0111\u00e3 ch\u1ee9ng t\u1ecf l\u00e0 ph\u00f9 du, nh\u01b0ng sau \u0111\u00f3 qu\u1ed1c gia n\u00e0y \u0111\u00e3 theo \u0111u\u1ed5i con \u0111\u01b0\u1eddng trung l\u1eadp v\u00e0 c\u1ea3i c\u00e1ch x\u00e3 h\u1ed9i, b\u00e1o tr\u01b0\u1edbc b\u1ea3n s\u1eafc hi\u1ec7n \u0111\u1ea1i c\u1ee7a m\u00ecnh.<\/p>\n<p>Trong ch\u1ebf \u0111\u1ed9 qu\u00e2n ch\u1ee7 l\u1eadp hi\u1ebfn v\u00e0 d\u00e2n ch\u1ee7 ngh\u1ecb vi\u1ec7n hi\u1ec7n nay, th\u1ea9m quy\u1ec1n l\u1eadp ph\u00e1p n\u1eb1m trong Riksdag \u0111\u01a1n vi\u1ec7n, bao g\u1ed3m 349 th\u00e0nh vi\u00ean \u0111\u01b0\u1ee3c b\u1ea7u \u0111\u1ec3 \u0111\u1ea1i di\u1ec7n cho m\u1ed9t nh\u00e0 n\u01b0\u1edbc \u0111\u01a1n nh\u1ea5t \u0111\u01b0\u1ee3c chia th\u00e0nh 21 qu\u1eadn v\u00e0 290 th\u00e0nh ph\u1ed1. M\u1ed9t \u0111\u1eb7c \u0111i\u1ec3m n\u1ed5i b\u1eadt c\u1ee7a n\u1ec1n qu\u1ea3n tr\u1ecb Th\u1ee5y \u0110i\u1ec3n k\u1ec3 t\u1eeb th\u1ebf k\u1ef7 XIX l\u00e0 m\u1edf r\u1ed9ng ph\u00fac l\u1ee3i x\u00e3 h\u1ed9i to\u00e0n d\u00e2n: ch\u0103m s\u00f3c s\u1ee9c kh\u1ecfe v\u00e0 gi\u00e1o d\u1ee5c \u0111\u1ea1i h\u1ecdc \u0111\u01b0\u1ee3c t\u00e0i tr\u1ee3 c\u00f4ng khai, h\u1ed7 tr\u1ee3 m\u1ed9t x\u00e3 h\u1ed9i \u0111\u01b0\u1ee3c x\u1ebfp h\u1ea1ng th\u1ee9 n\u0103m tr\u00ean to\u00e0n c\u1ea7u v\u1ec1 Ch\u1ec9 s\u1ed1 ph\u00e1t tri\u1ec3n con ng\u01b0\u1eddi v\u00e0 \u0111\u01b0\u1ee3c ghi nh\u1eadn l\u00e0 xu\u1ea5t s\u1eafc trong c\u00e1c l\u0129nh v\u1ef1c \u0111a d\u1ea1ng nh\u01b0 b\u00ecnh \u0111\u1eb3ng gi\u1edbi, b\u00ecnh \u0111\u1eb3ng thu nh\u1eadp v\u00e0 quy\u1ec1n t\u1ef1 do d\u00e2n s\u1ef1. Sau khi gia nh\u1eadp Li\u00ean minh ch\u00e2u \u00c2u v\u00e0o ng\u00e0y 1 th\u00e1ng 1 n\u0103m 1995 v\u00e0 NATO v\u00e0o ng\u00e0y 7 th\u00e1ng 3 n\u0103m 2024, Th\u1ee5y \u0110i\u1ec3n v\u1eabn duy tr\u00ec t\u01b0 c\u00e1ch th\u00e0nh vi\u00ean t\u00edch c\u1ef1c t\u1ea1i Li\u00ean h\u1ee3p qu\u1ed1c, Khu v\u1ef1c Schengen, H\u1ed9i \u0111\u1ed3ng ch\u00e2u \u00c2u, H\u1ed9i \u0111\u1ed3ng B\u1eafc \u00c2u, WTO v\u00e0 OECD, \u0111\u1ed3ng th\u1eddi v\u1eabn duy tr\u00ec s\u1ef1 m\u01a1 h\u1ed3 l\u1ecbch s\u1eed c\u1ee7a m\u00ecnh \u0111\u1ed1i v\u1edbi xung \u0111\u1ed9t v\u0169 trang.<\/p>\n<p>V\u1ec1 m\u1eb7t \u0111\u1ecba l\u00fd, Th\u1ee5y \u0110i\u1ec3n tr\u1ea3i d\u00e0i t\u1eeb v\u0129 \u0111\u1ed9 55\u00b0 \u0111\u1ebfn 69\u00b0 B\u1eafc, v\u00e0 ch\u1ee7 y\u1ebfu t\u1eeb kinh \u0111\u1ed9 11\u00b0 \u0111\u1ebfn 25\u00b0 \u0110\u00f4ng, t\u1ea1o n\u00ean m\u1ed9t v\u00f9ng \u0111\u1ea5t c\u00f3 s\u1ef1 \u0111a d\u1ea1ng \u0111\u1ecba h\u00ecnh \u0111\u00e1ng ch\u00fa \u00fd. D\u00e3y n\u00fai Scandinavia ph\u00e2n \u0111\u1ecbnh bi\u00ean gi\u1edbi ph\u00eda t\u00e2y c\u1ee7a m\u00ecnh v\u1edbi Na Uy, t\u1ea1o ra nh\u1eefng con s\u00f4ng c\u00f3 b\u1ec1 r\u1ed9ng \u0111\u00e1ng s\u1ee3 - \u0111\u01b0\u1ee3c ng\u01b0\u1eddi d\u00e2n \u0111\u1ecba ph\u01b0\u01a1ng g\u1ecdi l\u00e0 \u00e4lvar - c\u00f3 d\u00f2ng ch\u1ea3y r\u1ed9ng nh\u1ea5t, h\u1ec7 th\u1ed1ng Klar\u00e4lven\u2013G\u00f6ta \u00e4lv, b\u1eaft ngu\u1ed3n t\u1eeb mi\u1ec1n trung Na Uy v\u00e0 tr\u1ea3i d\u00e0i h\u01a1n 1.160 km tr\u01b0\u1edbc khi \u0111\u1ed5 ra bi\u1ec3n t\u1ea1i Gothenburg. Ng\u01b0\u1ee3c l\u1ea1i, c\u00e1c nh\u00e0 m\u00e1y \u1edf n\u1eeda ph\u00eda nam khai th\u00e1c \u00e5ar h\u1eb9p h\u01a1n \u0111\u1ec3 ph\u1ee5c v\u1ee5 cho m\u1ed9t m\u1ea1ng l\u01b0\u1edbi d\u00e0y \u0111\u1eb7c c\u00e1c khu \u0111\u1ecbnh c\u01b0 \u0111\u00f4 th\u1ecb v\u00e0 n\u00f4ng nghi\u1ec7p. Trong \u0111\u1ea5t li\u1ec1n, r\u1eebng che ph\u1ee7 kho\u1ea3ng 65 ph\u1ea7n tr\u0103m \u0111\u1ecba h\u00ecnh, t\u1ea1o ra c\u00e1c ngu\u1ed3n t\u00e0i nguy\u00ean g\u1ed7, c\u00f9ng v\u1edbi th\u1ee7y \u0111i\u1ec7n v\u00e0 qu\u1eb7ng s\u1eaft, l\u00e0m n\u1ec1n t\u1ea3ng cho m\u1ed9t n\u1ec1n kinh t\u1ebf h\u01b0\u1edbng \u0111\u1ebfn xu\u1ea5t kh\u1ea9u, trong \u0111\u00f3 k\u1ef9 thu\u1eadt chi\u1ebfm m\u1ed9t n\u1eeda s\u1ea3n l\u01b0\u1ee3ng v\u00e0 doanh s\u1ed1 b\u00e1n ra n\u01b0\u1edbc ngo\u00e0i. H\u1ed3 V\u00e4nern\u2014h\u1ed3 l\u1edbn th\u1ee9 ba \u1edf ch\u00e2u \u00c2u\u2014c\u00f9ng v\u1edbi V\u00e4ttern, M\u00e4laren v\u00e0 Hj\u00e4lmaren, t\u1ea1o n\u00ean v\u00f9ng \u0111\u1ea5t th\u1ea5p c\u1ee7a G\u00f6taland v\u00e0 Svealand, trong khi ph\u00eda b\u1eafc V\u00f2ng B\u1eafc C\u1ef1c, v\u00f9ng \u0111\u1ea5t hoang d\u00e3 fj\u00e4ll v\u00e0 ph\u01b0\u01a1ng b\u1eafc h\u00f2a v\u00e0o nhau th\u00e0nh v\u00f9ng \u0111\u1ea5t r\u1ed9ng l\u1edbn, n\u01a1i \u0111\u00e0n tu\u1ea7n l\u1ed9c lang thang v\u00e0 c\u1ef1c quang nh\u1ea3y m\u00faa tr\u00ean b\u1ea7u tr\u1eddi l\u00fac n\u1eeda \u0111\u00eam.<\/p>\n<p>V\u1ec1 m\u1eb7t kh\u00ed h\u1eadu, Th\u1ee5y \u0110i\u1ec3n th\u00e1ch th\u1ee9c nh\u1eefng k\u1ef3 v\u1ecdng \u0111\u01a1n gi\u1ea3n c\u1ee7a c\u00e1c v\u0129 \u0111\u1ed9 ph\u00eda b\u1eafc, c\u00e1c v\u00f9ng \u00f4n \u0111\u1edbi c\u1ee7a n\u00f3 \u0111\u01b0\u1ee3c \u0111i\u1ec1u h\u00f2a b\u1edfi D\u00f2ng h\u1ea3i l\u01b0u Gulf v\u00e0 gi\u00f3 t\u00e2y th\u1ecbnh h\u00e0nh; m\u00f9a h\u00e8 c\u00f3 nhi\u1ec7t \u0111\u1ed9 cao nh\u1ea5t v\u00e0o ban ng\u00e0y l\u00e0 19 \u00b0C \u0111\u1ebfn 24 \u00b0C, m\u00f9a \u0111\u00f4ng c\u00f3 nhi\u1ec7t \u0111\u1ed9 trung b\u00ecnh t\u1eeb -9 \u00b0C \u0111\u1ebfn 3 \u00b0C, v\u00e0 c\u1ef1c nam c\u00f3 th\u1ec3 kh\u00f4ng c\u00f3 tuy\u1ebft ph\u1ee7 li\u00ean t\u1ee5c. Gi\u1edd ban ng\u00e0y dao \u0111\u1ed9ng \u0111\u00e1ng k\u1ec3: Stockholm t\u1eafm trong h\u01a1n 18 gi\u1edd n\u1eafng gi\u1eefa m\u00f9a h\u00e8, nh\u01b0ng ch\u1ec9 c\u00f3 s\u00e1u gi\u1edd ban ng\u00e0y v\u00e0o th\u00e1ng 12. L\u01b0\u1ee3ng m\u01b0a h\u00e0ng n\u0103m dao \u0111\u1ed9ng t\u1eeb 500 \u0111\u1ebfn 800 mm \u1edf h\u1ea7u h\u1ebft c\u00e1c khu v\u1ef1c, t\u0103ng l\u00ean 1.200 mm \u1edf ph\u00eda t\u00e2y nam v\u00e0 v\u01b0\u1ee3t qu\u00e1 2.000 mm \u1edf m\u1ed9t s\u1ed1 \u0111\u1ecba \u0111i\u1ec3m mi\u1ec1n n\u00fai, trong khi xu h\u01b0\u1edbng d\u00e0i h\u1ea1n cho th\u1ea5y r\u1eb1ng b\u0103ng bi\u1ec3n gi\u1ea3m \u1edf Bi\u1ec3n Barents c\u00f3 th\u1ec3 l\u00e0m t\u0103ng l\u01b0\u1ee3ng tuy\u1ebft r\u01a1i trong t\u01b0\u01a1ng lai tr\u00ean kh\u1eafp Scandinavia.<\/p>\n<p>Di s\u1ea3n v\u0103n h\u00f3a c\u1ee7a Th\u1ee5y \u0110i\u1ec3n c\u0169ng \u0111a d\u1ea1ng kh\u00f4ng k\u00e9m. D\u00f2ng d\u00f5i ki\u1ebfn \u200b\u200btr\u00fac c\u1ee7a n\u00f3 tr\u1ea3i d\u00e0i t\u1eeb c\u00e1c t\u00f2a nh\u00e0 g\u1ed7 c\u1ee7a th\u1eddi Trung c\u1ed5 s\u01a1 khai \u0111\u1ebfn c\u00e1c nh\u00e0 th\u1edd \u0111\u00e1 theo phong c\u00e1ch Romanesque v\u00e0 Gothic\u2014v\u00ed d\u1ee5 nh\u01b0 Nh\u00e0 th\u1edd Lund (th\u1ebf k\u1ef7 th\u1ee9 m\u01b0\u1eddi m\u1ed9t) v\u00e0 Nh\u00e0 th\u1edd Skara b\u1eb1ng g\u1ea1ch (th\u1ebf k\u1ef7 th\u1ee9 m\u01b0\u1eddi b\u1ed1n)\u2014v\u00e0 sau \u0111\u00f3 \u0111\u1ebfn c\u00e1c l\u00e2u \u0111\u00e0i Baroque v\u00e0 c\u1ea3nh quan th\u00e0nh ph\u1ed1 theo phong c\u00e1ch Rococo c\u1ee7a th\u1ebf k\u1ef7 m\u01b0\u1eddi b\u1ea3y, bao g\u1ed3m ph\u00e1o \u0111\u00e0i h\u1ea3i qu\u00e2n Karlskrona (Di s\u1ea3n th\u1ebf gi\u1edbi c\u1ee7a UNESCO) v\u00e0 Cung \u0111i\u1ec7n ho\u00e0ng gia Drottningholm tr\u00ean Eker\u00f6. \u201cTri\u1ec3n l\u00e3m Stockholm\u201d theo ch\u1ee7 ngh\u0129a ch\u1ee9c n\u0103ng n\u0103m 1930 \u0111\u00e3 th\u00fac \u0111\u1ea9y m\u1ed9t l\u00e0n s\u00f3ng hi\u1ec7n \u0111\u1ea1i \u0111\u01b0\u1ee3c g\u1ecdi l\u00e0 funkis, trong nh\u1eefng th\u1eadp k\u1ef7 ti\u1ebfp theo \u0111\u00e3 th\u1ec3 hi\u1ec7n trong c\u00e1c khu nh\u00e0 \u1edf r\u1ed9ng l\u1edbn c\u1ee7a Ch\u01b0\u01a1ng tr\u00ecnh Tri\u1ec7u ph\u00fa. Trong s\u1ed1 c\u00e1c \u0111\u1ecba danh \u0111\u01b0\u01a1ng \u0111\u1ea1i, \u0110\u1ea5u tr\u01b0\u1eddng Avicii \u1edf Stockholm thu h\u00fat s\u1ef1 ch\u00fa \u00fd v\u1edbi t\u01b0 c\u00e1ch l\u00e0 c\u00f4ng tr\u00ecnh h\u00ecnh b\u00e1n c\u1ea7u l\u1edbn nh\u1ea5t th\u1ebf gi\u1edbi, m\u00e1i v\u00f2m c\u1ee7a n\u00f3 tr\u1ea3i d\u00e0i 110 m\u00e9t.<\/p>\n<p>\u1ea8m th\u1ef1c Th\u1ee5y \u0110i\u1ec3n, theo truy\u1ec1n th\u1ed1ng l\u00e0 kh\u1eafc kh\u1ed5 v\u00e0 \u0111\u01b0\u1ee3c \u0111\u1ecbnh h\u00ecnh b\u1edfi c\u00e1, th\u1ecbt, khoai t\u00e2y v\u00e0 s\u1eefa, \u0111\u00e3 ph\u00e1t tri\u1ec3n th\u00e0nh m\u1ed9t truy\u1ec1n th\u1ed1ng tinh t\u1ebf. C\u00e1c m\u00f3n \u0103n mang t\u00ednh bi\u1ec3u t\u01b0\u1ee3ng\u2014th\u1ecbt vi\u00ean v\u1edbi n\u01b0\u1edbc s\u1ed1t v\u00e0 m\u1ee9t nam vi\u1ec7t qu\u1ea5t, b\u0103m nh\u1ecf pyttipanna, v\u00e0 men surstr\u00f6mming theo m\u00f9a\u2014n\u1eb1m c\u1ea1nh b\u1eefa ti\u1ec7c sm\u00f6rg\u00e5sbord vui v\u1ebb v\u00e0 nh\u1eefng l\u1eddi ch\u00fac m\u1eebng nghi l\u1ec5 tr\u00ean snaps v\u00e0 aquavit. B\u00e1nh m\u00ec gi\u00f2n hi\u1ec7n nay c\u00f3 s\u1ef1 \u0111a d\u1ea1ng ngang ng\u1eeda v\u1edbi h\u00ecnh d\u1ea1ng d\u1eb9t c\u1ee7a t\u1ed5 ti\u00ean, v\u00e0 c\u00e1c \u0111\u1eb7c s\u1ea3n v\u00f9ng mi\u1ec1n nh\u01b0 l\u01b0\u01a1n \u1edf ph\u00eda nam v\u00e0 c\u00e1 tr\u00edch l\u00ean men \u1edf ph\u00eda b\u1eafc ch\u1ee9ng minh m\u1ed1i li\u00ean h\u1ec7 l\u00e2u d\u00e0i gi\u1eefa \u0111\u1ecba l\u00fd v\u00e0 \u1ea9m th\u1ef1c.<\/p>\n<p>C\u01a1 s\u1edf h\u1ea1 t\u1ea7ng giao th\u00f4ng c\u1ee7a qu\u1ed1c gia n\u00e0y ph\u1ea3n \u00e1nh cam k\u1ebft k\u00e9p c\u1ee7a h\u1ecd \u0111\u1ed1i v\u1edbi k\u1ebft n\u1ed1i v\u00e0 qu\u1ea3n l\u00fd m\u00f4i tr\u01b0\u1eddng. H\u01a1n 162.000 km \u0111\u01b0\u1eddng tr\u1ea3i nh\u1ef1a, 1.428 km \u0111\u01b0\u1eddng cao t\u1ed1c v\u00e0 C\u1ea7u \u00d6resund n\u1ed1i Th\u1ee5y \u0110i\u1ec3n c\u1ea3 trong n\u01b0\u1edbc v\u00e0 v\u1edbi \u0110an M\u1ea1ch; c\u00e1c tuy\u1ebfn \u0111\u01b0\u1eddng s\u1eaft, m\u1eb7c d\u00f9 do t\u01b0 nh\u00e2n \u0111i\u1ec1u h\u00e0nh, v\u1eabn ch\u1ee7 y\u1ebfu thu\u1ed9c s\u1edf h\u1eefu nh\u00e0 n\u01b0\u1edbc theo Trafikverket, v\u00e0 t\u00e0u \u0111i\u1ec7n ng\u1ea7m Stockholm \u2014 h\u1ec7 th\u1ed1ng t\u00e0u \u0111i\u1ec7n ng\u1ea7m duy nh\u1ea5t \u2014 ph\u1ee5c v\u1ee5 100 nh\u00e0 ga. C\u00e1c s\u00e2n bay l\u1edbn t\u1ea1i Arlanda, Landvetter v\u00e0 Skavsta t\u1ea1o \u0111i\u1ec1u ki\u1ec7n thu\u1eadn l\u1ee3i cho vi\u1ec7c \u0111i l\u1ea1i qu\u1ed1c t\u1ebf, trong khi m\u1ed9t m\u1ea1ng l\u01b0\u1edbi r\u1ed9ng l\u1edbn c\u00e1c ph\u00e0 \u00f4 t\u00f4 v\u00e0 tuy\u1ebfn \u0111\u01b0\u1eddng v\u1eadn chuy\u1ec3n h\u00e0ng h\u1ea3i k\u1ebft n\u1ed1i Th\u1ee5y \u0110i\u1ec3n v\u1edbi c\u00e1c n\u01b0\u1edbc l\u00e1ng gi\u1ec1ng Baltic v\u00e0 ph\u1ea1m vi h\u00e0ng h\u1ea3i c\u1ee7a Bi\u1ec3n B\u1eafc. Ch\u1ec9 ri\u00eang trong qu\u1ea7n \u0111\u1ea3o Stockholm, du kh\u00e1ch c\u00f3 th\u1ec3 khai th\u00e1c quy\u1ec1n ti\u1ebfp c\u1eadn c\u00f4ng c\u1ed9ng \u0111\u1ec3 \u0111i lang thang tr\u00ean c\u00e1c \u0111\u1ea3o v\u00e0 \u0111\u01b0\u1eddng th\u1ee7y, c\u1eafm tr\u1ea1i t\u1ea1i c\u00e1c \u0111\u1ecba \u0111i\u1ec3m \u0111\u01b0\u1ee3c ch\u1ec9 \u0111\u1ecbnh v\u00e0 t\u1ea1o ra nh\u1eefng cu\u1ed9c g\u1eb7p g\u1ee1 th\u00e2n m\u1eadt v\u1edbi m\u00f4i tr\u01b0\u1eddng h\u00e0ng h\u1ea3i \u0111\u00e3 \u0111\u1ecbnh h\u00ecnh b\u1ea3n s\u1eafc Th\u1ee5y \u0110i\u1ec3n trong nhi\u1ec1u th\u1ebf k\u1ef7.<\/p>\n<p>V\u1ec1 m\u1eb7t h\u00e0nh ch\u00ednh v\u00e0 v\u0103n h\u00f3a, Th\u1ee5y \u0110i\u1ec3n t\u1ed3n t\u1ea1i tr\u00ean ba v\u00f9ng \u0111\u1ea5t l\u1ecbch s\u1eed: Norrland \u1edf ph\u00eda b\u1eafc, Svealand \u1edf trung t\u00e2m v\u00e0 G\u00f6taland \u1edf ph\u00eda nam, m\u1ed7i v\u00f9ng bao g\u1ed3m c\u00e1c t\u1ec9nh v\u1eabn t\u1ed3n t\u1ea1i trong tr\u00ed t\u01b0\u1edfng t\u01b0\u1ee3ng c\u1ee7a ng\u01b0\u1eddi d\u00e2n m\u1eb7c d\u00f9 kh\u00f4ng c\u00f3 ch\u00ednh quy\u1ec1n ch\u00ednh th\u1ee9c. Norrland\u2014bao g\u1ed3m n\u0103m qu\u1eadn\u2014bao g\u1ed3m g\u1ea7n 60 ph\u1ea7n tr\u0103m di\u1ec7n t\u00edch \u0111\u1ea5t nh\u01b0ng v\u1eabn th\u01b0a th\u1edbt ng\u01b0\u1eddi sinh s\u1ed1ng, r\u1eebng, s\u00f4ng v\u00e0 cao nguy\u00ean n\u00fai cao c\u1ee7a n\u00f3 cung c\u1ea5p c\u1ea3 c\u00e1c m\u00f4n th\u1ec3 thao m\u00f9a \u0111\u00f4ng v\u00e0 c\u01a1 h\u1ed9i du l\u1ecbch sinh th\u00e1i. Svealand, tr\u1ee5 s\u1edf c\u1ee7a c\u00e1c t\u1ed5 ch\u1ee9c ch\u00ednh tr\u1ecb v\u00e0 t\u00f4n gi\u00e1o c\u1ee7a qu\u1ed1c gia, bao g\u1ed3m Stockholm, Uppsala v\u00e0 \u00d6rebro v\u00e0 c\u00f3 ngu\u1ed3n g\u1ed1c t\u1eeb c\u00e1c trung t\u00e2m luy\u1ec7n kim ban \u0111\u1ea7u \u0111\u00e3 th\u00fac \u0111\u1ea9y c\u00e1c chi\u1ebfn d\u1ecbch Chi\u1ebfn tranh Ba m\u01b0\u01a1i n\u0103m c\u1ee7a Th\u1ee5y \u0110i\u1ec3n. G\u00f6taland, v\u01b0\u01a1ng qu\u1ed1c t\u1ed5 ti\u00ean c\u1ee7a ng\u01b0\u1eddi Geats, l\u00e0 minh ch\u1ee9ng cho c\u00e1c nh\u00e0 th\u1edd th\u1eddi trung c\u1ed5, t\u01b0\u1ee3ng \u0111\u00e0i ch\u00f4n c\u1ea5t t\u1ed5 ti\u00ean v\u00e0 c\u00e1c c\u01a1 s\u1edf gi\u1ea3i tr\u00ed hi\u1ec7n \u0111\u1ea1i, trong khi \u0111\u1ea5t \u0111ai m\u00e0u m\u1ee1 v\u00e0 c\u00e1c tuy\u1ebfn \u0111\u01b0\u1eddng th\u1ee7y r\u1ed9ng l\u1edbn c\u1ee7a n\u00f3 duy tr\u00ec c\u00e1c m\u1ea1ng l\u01b0\u1edbi th\u01b0\u01a1ng m\u1ea1i b\u00e1o tr\u01b0\u1edbc s\u1ef1 tr\u1ed7i d\u1eady c\u1ee7a c\u00f4ng nghi\u1ec7p \u1edf c\u00e1c th\u00e0nh ph\u1ed1 nh\u01b0 Gothenburg v\u00e0 Malm\u00f6.<\/p>\n<p>Cu\u1ed9c s\u1ed1ng \u0111\u00f4 th\u1ecb \u1edf Th\u1ee5y \u0110i\u1ec3n t\u1eadp trung quanh c\u00e1c th\u00e0nh ph\u1ed1 ch\u00ednh. C\u00e1c cung \u0111i\u1ec7n baroque v\u00e0 b\u1ea3o t\u00e0ng ngh\u1ec7 thu\u1eadt \u0111\u01b0\u01a1ng \u0111\u1ea1i c\u1ee7a Stockholm \u0111\u00f3ng khung trung t\u00e2m l\u1ecbch s\u1eed c\u1ee7a th\u00e0nh ph\u1ed1; Gothenburg, t\u1eebng l\u00e0 c\u1ea3ng quan tr\u1ecdng nh\u1ea5t c\u1ee7a \u0111\u1ea5t n\u01b0\u1edbc, k\u1ebft h\u1ee3p di s\u1ea3n c\u00f4ng nghi\u1ec7p v\u1edbi m\u1ed9t khu v\u01b0\u1eddn b\u00e1ch th\u1ea3o n\u1ed5i ti\u1ebfng; Malm\u00f6, \u0111\u01b0\u1ee3c n\u1ed1i b\u1eb1ng c\u1ea7u v\u1edbi Copenhagen, l\u00e0 v\u00ed d\u1ee5 \u0111i\u1ec3n h\u00ecnh cho s\u1ef1 \u0111\u1ed5i m\u1edbi mang t\u00ednh qu\u1ed1c t\u1ebf; Uppsala, n\u01a1i \u0111\u1eb7t tr\u1ee5 s\u1edf c\u1ee7a c\u00e1c t\u1ed5ng gi\u00e1m m\u1ee5c Th\u1ee5y \u0110i\u1ec3n, v\u1eabn gi\u1eef \u0111\u01b0\u1ee3c nh\u00e0 th\u1edd th\u1eddi trung c\u1ed5 l\u1edbn nh\u1ea5t l\u1ee5c \u0111\u1ecba; Lund tr\u00e0n ng\u1eadp s\u1ee9c s\u1ed1ng c\u1ee7a tr\u01b0\u1eddng \u0111\u1ea1i h\u1ecdc v\u00e0 ti\u1ebfng v\u1ecdng c\u1ee7a n\u1ec1n m\u00f3ng Viking; khu v\u1ef1c c\u00f3 t\u01b0\u1eddng bao quanh c\u1ee7a Visby g\u1ee3i nh\u1edb \u0111\u1ebfn s\u1ef1 gi\u00e0u c\u00f3 c\u1ee7a Hanseatic; v\u00e0 Ume\u00e5, th\u00e0nh ph\u1ed1 c\u1ef1c b\u1eafc, ph\u00e1t tri\u1ec3n m\u1ea1nh m\u1ebd gi\u1eefa nh\u1eefng c\u00e1nh r\u1eebng b\u1ea1ch d\u01b0\u01a1ng b\u1ea1c v\u00e0 s\u1ef1 \u0111\u1ed5i m\u1edbi gi\u00e1o d\u1ee5c. Ngo\u00e0i ra, khu\u00f4n vi\u00ean tr\u01b0\u1eddng h\u00e0ng kh\u00f4ng v\u0169 tr\u1ee5 Link\u00f6ping, b\u1ebfn t\u00e0u g\u1ed7 Karlskrona, m\u1ecf qu\u1eb7ng s\u1eaft v\u00e0 Icehotel c\u1ee7a Kiruna \u0111\u1ec1u \u0111\u00f3ng g\u00f3p nh\u1eefng ch\u01b0\u01a1ng ri\u00eang bi\u1ec7t cho c\u00e2u chuy\u1ec7n qu\u1ed1c gia.<\/p>\n<p>C\u1ea3nh quan v\u0103n h\u00f3a c\u1ee7a Th\u1ee5y \u0110i\u1ec3n m\u1edf r\u1ed9ng ra ngo\u00e0i c\u00e1c khu v\u1ef1c \u0111\u00f4 th\u1ecb v\u00e0o c\u00e1c v\u01b0\u01a1ng qu\u1ed1c hoang d\u00e3 g\u1ed3 gh\u1ec1 v\u00e0 truy\u1ec1n th\u1ed1ng d\u00e2n gian. Hai m\u01b0\u01a1i ch\u00edn c\u00f4ng vi\u00ean qu\u1ed1c gia, t\u1eeb v\u00f9ng \u0111\u1ea5t c\u1eadn B\u1eafc C\u1ef1c c\u1ee7a Sarek - t\u1eeb l\u00e2u \u0111\u00e3 \u0111\u01b0\u1ee3c ca ng\u1ee3i l\u00e0 v\u00f9ng hoang d\u00e3 cu\u1ed1i c\u00f9ng c\u1ee7a ch\u00e2u \u00c2u - \u0111\u1ebfn c\u00e1c r\u1ea1n san h\u00f4 ng\u1eadp n\u01b0\u1edbc c\u1ee7a Kosterhavet, b\u1ea3o v\u1ec7 m\u00f4i tr\u01b0\u1eddng s\u1ed1ng n\u01a1i nai s\u1eebng t\u1ea5m v\u00e0 ch\u1ed3n s\u00f3i t\u1ef1 do \u0111i l\u1ea1i v\u00e0 sinh v\u1eadt bi\u1ec3n ph\u00e1t tri\u1ec3n m\u1ea1nh m\u1ebd b\u00ean d\u01b0\u1edbi nh\u1eefng con s\u00f3ng. S\u1ef1 phong ph\u00fa c\u1ee7a v\u00f9ng \u0111\u1ea5t n\u00e0y h\u1ed7 tr\u1ee3 c\u00e1c ho\u1ea1t \u0111\u1ed9ng theo m\u00f9a: tr\u01b0\u1ee3t tuy\u1ebft xuy\u00ean qu\u1ed1c gia v\u00e0 cu\u1ed9c ch\u1ea1y marathon Vasaloppet \u0111\u00e1ng k\u00ednh v\u00e0o m\u00f9a \u0111\u00f4ng; \u0111i b\u1ed9 \u0111\u01b0\u1eddng d\u00e0i d\u1ecdc theo \u0111\u01b0\u1eddng m\u00f2n Kungsleden v\u00e0o m\u00f9a h\u00e8; ch\u00e8o thuy\u1ec1n qua c\u00e1c h\u00e0nh lang ven s\u00f4ng; ch\u00e8o thuy\u1ec1n gi\u1eefa c\u00e1c \u0111\u1ea3o nh\u1ecf qu\u1ea7n \u0111\u1ea3o; v\u00e0 theo \u0111u\u1ed5i c\u00e1c lo\u1ea1i qu\u1ea3 m\u1ecdng v\u00e0 n\u1ea5m \u0111\u00e3 c\u00f3 t\u1eeb l\u00e2u \u0111\u1eddi. \u0110\u01b0\u1eddng \u0111ua c\u1ed5 \u0111i\u1ec3n Th\u1ee5y \u0110i\u1ec3n, m\u1ed9t cu\u1ed9c thi b\u1ed1n m\u00f4n ph\u1ed1i h\u1ee3p s\u1ee9c b\u1ec1n g\u1ed3m tr\u01b0\u1ee3t tuy\u1ebft, ch\u1ea1y, \u0111\u1ea1p xe v\u00e0 b\u01a1i l\u1ed9i, th\u1ec3 hi\u1ec7n tinh th\u1ea7n c\u1ee7a c\u00f4ng d\u00e2n ngo\u00e0i tr\u1eddi th\u1ea5m nhu\u1ea7n v\u00e0o cu\u1ed9c s\u1ed1ng qu\u1ed1c gia.<\/p>\n<p>Trong l\u0129nh v\u1ef1c c\u00f4ng d\u00e2n, c\u00e1c th\u1ec3 ch\u1ebf c\u1ee7a Th\u1ee5y \u0110i\u1ec3n ph\u1ea3n \u00e1nh tinh th\u1ea7n ph\u00fac l\u1ee3i t\u1eadp th\u1ec3 v\u00e0 l\u1eddi h\u1ee9a b\u00ecnh \u0111\u1eb3ng c\u1ee7a h\u1ecd. V\u1edbi GDP b\u00ecnh qu\u00e2n \u0111\u1ea7u ng\u01b0\u1eddi thu\u1ed9c h\u00e0ng cao nh\u1ea5t th\u1ebf gi\u1edbi v\u00e0 l\u00e0 qu\u1ed1c gia gi\u00e0u th\u1ee9 m\u01b0\u1eddi hai, Th\u1ee5y \u0110i\u1ec3n c\u00e2n b\u1eb1ng s\u1ee9c m\u1ea1nh c\u00f4ng nghi\u1ec7p - minh ch\u1ee9ng l\u00e0 Volvo, Ericsson, SAAB v\u00e0 IKEA - v\u1edbi s\u1ef1 qu\u1ea3n l\u00fd x\u00e3 h\u1ed9i d\u00e2n s\u1ef1 th\u00f4ng qua c\u00e1c hi\u1ec7p h\u1ed9i b\u1ea3o t\u1ed3n v\u0103n h\u00f3a d\u00e2n gian, th\u1ee7 c\u00f4ng m\u1ef9 ngh\u1ec7 v\u00e0 \u0111\u1eddi s\u1ed1ng c\u1ed9ng \u0111\u1ed3ng. C\u00e1c b\u1ea3o t\u00e0ng ngo\u00e0i tr\u1eddi nh\u01b0 Skansen b\u1ea3o v\u1ec7 ki\u1ebfn \u200b\u200btr\u00fac b\u1ea3n \u0111\u1ecba v\u00e0 ngh\u1ec1 th\u1ee7 c\u00f4ng truy\u1ec1n th\u1ed1ng; hembygdsf\u00f6reningar (c\u00e1c hi\u1ec7p h\u1ed9i di s\u1ea3n \u0111\u1ecba ph\u01b0\u01a1ng) neo gi\u1eef t\u00ednh li\u00ean t\u1ee5c c\u1ee7a v\u0103n h\u00f3a; v\u00e0 quy\u1ec1n ti\u1ebfp c\u1eadn c\u00f4ng c\u1ed9ng (allemansr\u00e4tten) t\u00f4n vinh tr\u00e1ch nhi\u1ec7m chung \u0111\u1ed1i v\u1edbi c\u00e1c kho b\u00e1u thi\u00ean nhi\u00ean.<\/p>\n<p>\u0110i qua Th\u1ee5y \u0110i\u1ec3n l\u00e0 ch\u1ee9ng ki\u1ebfn \u200b\u200bm\u1ed9t v\u01b0\u01a1ng qu\u1ed1c n\u01a1i \u0111\u1ecba h\u00ecnh b\u0103ng gi\u00e1 h\u00f2a quy\u1ec7n v\u1edbi ti\u1ebfng \u1ed3n \u00e0o c\u1ee7a cu\u1ed9c s\u1ed1ng \u0111\u00f4 th\u1ecb, n\u01a1i nh\u1eefng ng\u1ecdn th\u00e1p \u0111\u00e1 h\u00e0ng th\u1ebf k\u1ef7 \u0111i\u1ec3m xuy\u1ebft nh\u1eefng c\u00e1nh r\u1eebng th\u00f4ng, v\u00e0 n\u01a1i tinh th\u1ea7n c\u1edfi m\u1edf t\u00e1c \u0111\u1ed9ng \u0111\u1ebfn m\u1ecdi kh\u00eda c\u1ea1nh c\u1ee7a n\u1ed7 l\u1ef1c c\u00f4ng c\u1ed9ng v\u00e0 t\u01b0 nh\u00e2n. T\u1eeb nh\u1eefng c\u00e1nh \u0111\u1ed3ng b\u0103ng gi\u00e1 c\u1ee7a Lapland \u0111\u1ebfn nh\u1eefng b\u1ebfn t\u00e0u l\u00e1t \u0111\u00e1 cu\u1ed9i c\u1ee7a Malm\u00f6, l\u1ecbch s\u1eed nhi\u1ec1u l\u1edbp c\u1ee7a qu\u1ed1c gia n\u00e0y\u2014c\u1ee7a nh\u1eefng th\u1ee7 l\u0129nh Viking v\u00e0 nh\u1eefng ng\u01b0\u1eddi x\u00e2y d\u1ef1ng \u0111\u1ebf ch\u1ebf, c\u1ee7a nh\u1eefng nh\u00e0 c\u1ea3i c\u00e1ch c\u00f4ng nghi\u1ec7p v\u00e0 nh\u1eefng nh\u00e0 c\u1ea3i c\u00e1ch x\u00e3 h\u1ed9i\u2014v\u1eabn hi\u1ec7n h\u1eefu r\u00f5 n\u00e9t trong c\u1ea3 m\u00f4i tr\u01b0\u1eddng v\u1eadt ch\u1ea5t v\u00e0 tr\u00ed t\u01b0\u1edfng t\u01b0\u1ee3ng t\u1eadp th\u1ec3. \u0110\u00e2y l\u00e0 m\u1ed9t qu\u1ed1c gia \u0111\u01b0\u1ee3c x\u00e1c \u0111\u1ecbnh b\u1edfi c\u1ea3 t\u00ednh li\u00ean t\u1ee5c v\u00e0 s\u1ef1 thay \u0111\u1ed5i, m\u1ed9t qu\u1ed1c gia m\u00e0 c\u00e1c l\u1ef1c l\u01b0\u1ee3ng nguy\u00ean t\u1ed1 c\u1ee7a thi\u00ean nhi\u00ean c\u00f9ng t\u1ed3n t\u1ea1i v\u1edbi nh\u1eefng bi\u1ec3u hi\u1ec7n tinh t\u1ebf c\u1ee7a v\u0103n h\u1ecdc, thi\u1ebft k\u1ebf v\u00e0 tr\u1eadt t\u1ef1 c\u00f4ng d\u00e2n, t\u1ea1o n\u00ean m\u1ed9t c\u00e2u chuy\u1ec7n l\u00e2u d\u00e0i v\u1ec1 s\u1ef1 c\u1ed9ng h\u01b0\u1edfng v\u0103n h\u00f3a v\u00e0 m\u00f4i tr\u01b0\u1eddng.<\/p>","protected":false},"excerpt":{"rendered":"<p>Th\u1ee5y \u0110i\u1ec3n, t\u00ean ch\u00ednh th\u1ee9c l\u00e0 V\u01b0\u01a1ng qu\u1ed1c Th\u1ee5y \u0110i\u1ec3n, l\u00e0 m\u1ed9t qu\u1ed1c gia B\u1eafc \u00c2u n\u1eb1m tr\u00ean B\u00e1n \u0111\u1ea3o Scandinavia \u1edf B\u1eafc \u00c2u, v\u1edbi d\u00e2n s\u1ed1 kho\u1ea3ng 10,6 tri\u1ec7u ng\u01b0\u1eddi. N\u1eb1m \u1edf v\u1ecb tr\u00ed chi\u1ebfn l\u01b0\u1ee3c gi\u1eefa Na Uy \u1edf ph\u00eda t\u00e2y v\u00e0 ph\u00eda b\u1eafc v\u00e0 Ph\u1ea7n Lan \u1edf ph\u00eda \u0111\u00f4ng l\u00e0 Th\u1ee5y \u0110i\u1ec3n. Bao ph\u1ee7 m\u1ed9t di\u1ec7n t\u00edch \u0111\u00e1ng kinh ng\u1ea1c l\u00e0 450.295 kil\u00f4m\u00e9t vu\u00f4ng (173.656 d\u1eb7m vu\u00f4ng) v\u1edbi \u0111\u1ecba h\u00ecnh \u0111a d\u1ea1ng, \u0111\u00e2y l\u00e0 qu\u1ed1c gia B\u1eafc \u00c2u l\u1edbn nh\u1ea5t c\u0169ng nh\u01b0 l\u00e0 qu\u1ed1c gia l\u1edbn th\u1ee9 n\u0103m \u1edf Ch\u00e2u \u00c2u. M\u1eadt \u0111\u1ed9 d\u00e2n s\u1ed1 th\u1ea5p kho\u1ea3ng 25,5 ng\u01b0\u1eddi tr\u00ean m\u1ed9t kil\u00f4m\u00e9t vu\u00f4ng l\u00e0 k\u1ebft qu\u1ea3 c\u1ee7a s\u1ef1 r\u1ed9ng l\u1edbn c\u1ee7a v\u00f9ng \u0111\u1ea5t n\u00e0y k\u1ebft h\u1ee3p v\u1edbi d\u00e2n s\u1ed1 kh\u00e1 nh\u1ecf c\u1ee7a n\u00f3 x\u00e1c \u0111\u1ecbnh khu v\u1ef1c B\u1eafc \u00c2u.<\/p>","protected":false},"author":1,"featured_media":3377,"parent":24078,"menu_order":0,"comment_status":"closed","ping_status":"closed","template":"elementor_theme","meta":{"_eb_attr":"","footnotes":""},"class_list":["post-12865","page","type-page","status-publish","has-post-thumbnail"],"_links":{"self":[{"href":"https:\/\/travelshelper.com\/vi\/wp-json\/wp\/v2\/pages\/12865","targetHints":{"allow":["GET"]}}],"collection":[{"href":"https:\/\/travelshelper.com\/vi\/wp-json\/wp\/v2\/pages"}],"about":[{"href":"https:\/\/travelshelper.com\/vi\/wp-json\/wp\/v2\/types\/page"}],"author":[{"embeddable":true,"href":"https:\/\/travelshelper.com\/vi\/wp-json\/wp\/v2\/users\/1"}],"replies":[{"embeddable":true,"href":"https:\/\/travelshelper.com\/vi\/wp-json\/wp\/v2\/comments?post=12865"}],"version-history":[{"count":0,"href":"https:\/\/travelshelper.com\/vi\/wp-json\/wp\/v2\/pages\/12865\/revisions"}],"up":[{"embeddable":true,"href":"https:\/\/travelshelper.com\/vi\/wp-json\/wp\/v2\/pages\/24078"}],"wp:featuredmedia":[{"embeddable":true,"href":"https:\/\/travelshelper.com\/vi\/wp-json\/wp\/v2\/media\/3377"}],"wp:attachment":[{"href":"https:\/\/travelshelper.com\/vi\/wp-json\/wp\/v2\/media?parent=12865"}],"curies":[{"name":"wp","href":"https:\/\/api.w.org\/{rel}","templated":true}]}}