{"id":12648,"date":"2024-09-16T18:01:50","date_gmt":"2024-09-16T18:01:50","guid":{"rendered":"https:\/\/travelshelper.com\/staging\/?page_id=12648"},"modified":"2026-03-13T00:14:59","modified_gmt":"2026-03-13T00:14:59","slug":"vuong-quoc-lien-hiep","status":"publish","type":"page","link":"https:\/\/travelshelper.com\/vi\/destinations\/europe\/united-kingdom\/","title":{"rendered":"V\u01b0\u01a1ng qu\u1ed1c Li\u00ean hi\u1ec7p"},"content":{"rendered":"<p>V\u01b0\u01a1ng qu\u1ed1c Li\u00ean hi\u1ec7p Anh v\u00e0 B\u1eafc Ireland, m\u1ed9t v\u01b0\u01a1ng qu\u1ed1c qu\u1ea7n \u0111\u1ea3o c\u00f3 di\u1ec7n t\u00edch 94.354 d\u1eb7m vu\u00f4ng (244.376 km\u00b2) n\u1eb1m \u1edf r\u00eca ph\u00eda t\u00e2y b\u1eafc c\u1ee7a l\u1ee5c \u0111\u1ecba ch\u00e2u \u00c2u, c\u00f3 h\u01a1n 68,2 tri\u1ec7u c\u01b0 d\u00e2n t\u00ednh \u0111\u1ebfn n\u0103m 2023. Bao g\u1ed3m h\u00f2n \u0111\u1ea3o ch\u00ednh l\u00e0 V\u01b0\u01a1ng qu\u1ed1c Anh, ph\u1ea7n th\u1ee9 s\u00e1u \u0111\u00f4ng b\u1eafc c\u1ee7a Ireland v\u00e0 m\u1ed9t ch\u00f2m sao c\u00e1c \u0111\u1ea3o nh\u1ecf h\u01a1n n\u1eb1m r\u1ea3i r\u00e1c gi\u1eefa \u0110\u1ea1i T\u00e2y D\u01b0\u01a1ng, Bi\u1ec3n B\u1eafc, Eo bi\u1ec3n Manche, Bi\u1ec3n Celtic v\u00e0 Bi\u1ec3n Ireland, li\u00ean minh g\u1ed3m b\u1ed1n qu\u1ed1c gia n\u00e0y\u2014Anh, Scotland, Wales v\u00e0 B\u1eafc Ireland\u2014l\u00e0 m\u1ed9t b\u1ee9c tranh to\u00e0n c\u1ea3nh v\u1ec1 m\u1eb7t \u0111\u1ecba l\u00fd v\u00e0 ch\u00ednh tr\u1ecb, hai \u0111\u1ea7u c\u1ee7a n\u00f3 ch\u1ec9 c\u00e1ch mi\u1ec1n b\u1eafc n\u01b0\u1edbc Ph\u00e1p 22 d\u1eb7m b\u00ean d\u01b0\u1edbi Eo bi\u1ec3n Manche nh\u01b0ng l\u1ea1i \u0111\u01b0\u1ee3c n\u1ed1i v\u1edbi ch\u00e2u \u00c2u b\u1eb1ng \u0110\u01b0\u1eddng h\u1ea7m Eo bi\u1ec3n Manche d\u00e0i 31 d\u1eb7m.<\/p>\n<p>T\u1eeb nh\u1eefng d\u1ea5u ch\u00e2n \u0111\u1ea7u ti\u00ean in tr\u00ean \u0111\u1ea5t th\u1eddi k\u1ef3 \u0111\u1ed3 \u0111\u00e1 m\u1edbi cho \u0111\u1ebfn s\u1ef1 c\u00e0n qu\u00e9t c\u1ee7a c\u00e1c qu\u00e2n \u0111o\u00e0n La M\u00e3 v\u00e0o n\u0103m 43 sau C\u00f4ng nguy\u00ean, Qu\u1ea7n \u0111\u1ea3o Anh \u0111\u00e3 ch\u1ee9ng ki\u1ebfn \u200b\u200bn\u1ed7 l\u1ef1c kh\u00f4ng ng\u1eebng ngh\u1ec9 c\u1ee7a con ng\u01b0\u1eddi. Sau hai th\u1ebf k\u1ef7 La M\u00e3 th\u1ed1ng tr\u1ecb, c\u00e1c qu\u00e2n \u0111o\u00e0n r\u1eddi \u0111i \u0111\u00e3 nh\u01b0\u1eddng ch\u1ed7 cho c\u00e1c khu \u0111\u1ecbnh c\u01b0 c\u1ee7a ng\u01b0\u1eddi Anglo-Saxon, qua nhi\u1ec1u th\u1ebf k\u1ef7, \u0111\u00e3 k\u1ebft n\u1ed1i c\u00e1c v\u01b0\u01a1ng qu\u1ed1c ri\u00eang bi\u1ec7t l\u1ea1i v\u1edbi nhau. Cu\u1ed9c chinh ph\u1ea1t c\u1ee7a ng\u01b0\u1eddi Norman v\u00e0o n\u0103m 1066 \u0111\u00e3 hi\u1ec7u ch\u1ec9nh l\u1ea1i qu\u1ef9 \u0111\u1ea1o c\u1ee7a n\u01b0\u1edbc Anh, t\u1ea1o n\u00ean m\u1ed9t tr\u1eadt t\u1ef1 phong ki\u1ebfn, m\u00e0 \u0111\u1ebfn khi Chi\u1ebfn tranh Hoa h\u1ed3ng k\u1ebft th\u00fac v\u00e0o cu\u1ed1i th\u1ebf k\u1ef7 XV, s\u1ebd t\u1ea1o ra m\u1ed9t ch\u1ebf \u0111\u1ed9 qu\u00e2n ch\u1ee7 Anh t\u1eadp trung s\u1eb5n s\u00e0ng b\u00e0nh tr\u01b0\u1edbng. \u0110\u1ebfn th\u1ebf k\u1ef7 XVI, x\u1ee9 Wales \u0111\u00e3 b\u1ecb s\u00e1p nh\u1eadp; trong nh\u1eefng th\u1ebf k\u1ef7 ti\u1ebfp theo, m\u1ed9t tham v\u1ecdng \u0111\u1ebf qu\u1ed1c \u0111\u00e3 h\u1ee3p nh\u1ea5t th\u00e0nh \u0110\u1ebf ch\u1ebf Anh, v\u1edbi s\u1ef1 th\u1ed1ng tr\u1ecb c\u1ee7a n\u00f3, \u1edf \u0111\u1ec9nh cao v\u00e0o nh\u1eefng n\u0103m 1920, tr\u1ea3i d\u00e0i tr\u00ean m\u1ed9t ph\u1ea7n t\u01b0 di\u1ec7n t\u00edch \u0111\u1ea5t li\u1ec1n v\u00e0 d\u00e2n s\u1ed1 c\u1ee7a h\u00e0nh tinh. Tuy nhi\u00ean, s\u1ee9c \u00e9p c\u1ee7a hai cu\u1ed9c chi\u1ebfn tranh th\u1ebf gi\u1edbi v\u00e0 l\u00e0n s\u00f3ng phi th\u1ef1c d\u00e2n h\u00f3a kh\u00f4ng th\u1ec3 tr\u00e1nh kh\u1ecfi \u0111\u00e3 l\u00e0m x\u00f3i m\u00f2n ph\u1ea1m vi to\u00e0n c\u1ea7u \u0111\u00f3, \u0111\u1ec3 l\u1ea1i m\u1ed9t Kh\u1ed1i th\u1ecbnh v\u01b0\u1ee3ng chung hi\u1ec7n \u0111\u1ea1i g\u1ed3m c\u00e1c qu\u1ed1c gia \u0111\u1ed9c l\u1eadp v\u00e0 V\u01b0\u01a1ng qu\u1ed1c Anh hi\u1ec7n t\u1ea1i, \u0111\u01b0\u1ee3c th\u00e0nh l\u1eadp theo \u0110\u1ea1o lu\u1eadt v\u1ec1 danh hi\u1ec7u Ho\u00e0ng gia v\u00e0 Ngh\u1ecb vi\u1ec7n n\u0103m 1927.<\/p>\n<p>N\u01a1i \u1edf c\u1ee7a V\u01b0\u01a1ng mi\u1ec7n tr\u00ean Cung \u0111i\u1ec7n Westminster, m\u1eb7c d\u00f9 t\u1eebng l\u00e0 m\u1ed9t kh\u1ed1i th\u1ed1ng nh\u1ea5t v\u1ec1 quy\u1ec1n l\u1ef1c, \u0111\u00e3 b\u1ecb c\u1eaft gi\u1ea3m trong th\u1ebf k\u1ef7 XVII\u2014\u0111\u00e1ng ch\u00fa \u00fd nh\u1ea5t l\u00e0 b\u1edfi N\u1ed9i chi\u1ebfn Anh\u2014v\u00e0 d\u1ea7n d\u1ea7n d\u1eabn \u0111\u1ebfn ch\u1ee9c v\u1ee5 th\u1ee7 t\u01b0\u1edbng trong th\u1eddi k\u1ef3 Gruzia. \u0110\u1ea1o lu\u1eadt Li\u00ean minh n\u0103m 1707 \u0111\u00e3 h\u1ee3p nh\u1ea5t Anh v\u00e0 Scotland th\u00e0nh V\u01b0\u01a1ng qu\u1ed1c Anh, trong khi \u0110\u1ea1o lu\u1eadt Li\u00ean minh n\u0103m 1800 th\u1ed1ng nh\u1ea5t Ireland, h\u00ecnh th\u00e0nh n\u00ean V\u01b0\u01a1ng qu\u1ed1c Li\u00ean hi\u1ec7p Anh v\u00e0 Ireland. Vi\u1ec7c ly khai c\u1ee7a h\u1ea7u h\u1ebft Ireland v\u00e0o n\u0103m 1922 \u0111\u00e3 \u0111\u1ecbnh h\u00ecnh l\u1ea1i v\u01b0\u01a1ng qu\u1ed1c n\u00e0y th\u00e0nh phi\u00ean b\u1ea3n hi\u1ec7n \u0111\u1ea1i c\u1ee7a n\u00f3, bao g\u1ed3m b\u1ed1n khu v\u1ef1c ph\u00e1p l\u00fd ri\u00eang bi\u1ec7t: Anh v\u00e0 x\u1ee9 Wales, Scotland v\u00e0 B\u1eafc Ireland. T\u1eeb n\u0103m 1999, Scotland, Wales v\u00e0 B\u1eafc Ireland \u0111\u00e3 th\u1ef1c hi\u1ec7n quy\u1ec1n h\u1ea1n \u0111\u01b0\u1ee3c ph\u00e2n c\u1ea5p trong c\u00e1c v\u1ea5n \u0111\u1ec1 t\u1eeb gi\u00e1o d\u1ee5c \u0111\u1ebfn y t\u1ebf, ngay c\u1ea3 khi Westminster v\u1eabn duy tr\u00ec quy\u1ec1n gi\u00e1m s\u00e1t qu\u1ed1c ph\u00f2ng, \u0111\u1ed1i ngo\u1ea1i v\u00e0 ch\u00ednh s\u00e1ch kinh t\u1ebf v\u0129 m\u00f4.<\/p>\n<p>V\u1ec1 m\u1eb7t \u0111\u1ecba l\u00fd, V\u01b0\u01a1ng qu\u1ed1c Anh n\u1eb1m gi\u1eefa v\u0129 \u0111\u1ed9 49\u00b0 \u0111\u1ebfn 61\u00b0 B\u1eafc v\u00e0 kinh \u0111\u1ed9 9\u00b0 T\u00e2y \u0111\u1ebfn 2\u00b0 \u0110\u00f4ng, 11.073 d\u1eb7m (17.820 km) b\u1edd bi\u1ec3n c\u1ee7a h\u00f2n \u0111\u1ea3o ch\u00ednh g\u00f3p ph\u1ea7n t\u1ea1o n\u00ean t\u1ed5ng chi\u1ec1u d\u00e0i b\u1edd bi\u1ec3n \u0111\u1ea3o g\u1ea7n 19.500 d\u1eb7m (31.368 km)\u2014m\u1eb7c d\u00f9 con s\u1ed1 ch\u00ednh x\u00e1c dao \u0111\u1ed9ng theo c\u00e1c ph\u00e9p \u0111o nh\u1ea5p nh\u00f4 c\u1ee7a ngh\u1ecbch l\u00fd \u0111\u01b0\u1eddng b\u1edd bi\u1ec3n. \u0110\u01b0\u1eddng bi\u00ean gi\u1edbi \u0111\u1ea5t li\u1ec1n d\u00e0i 310 d\u1eb7m (499 km) c\u1ee7a B\u1eafc Ireland v\u1edbi C\u1ed9ng h\u00f2a Ireland n\u00f3i l\u00ean s\u1ef1 ph\u00e2n chia ph\u1ee9c t\u1ea1p c\u1ee7a h\u00f2n \u0111\u1ea3o, trong khi \u0111\u01b0\u1eddng b\u1edd bi\u1ec3n d\u00e0i 404 d\u1eb7m (650 km) c\u1ee7a qu\u1ed1c gia n\u00e0y bao quanh nh\u1eefng ng\u1ecdn \u0111\u1ed3i nh\u1ea5p nh\u00f4 v\u00e0 c\u00e1c h\u1ed3 n\u01b0\u1edbc r\u1ea3i r\u00e1c. D\u01b0\u1edbi kh\u00ed h\u1eadu bi\u1ec3n \u00f4n \u0111\u1edbi do gi\u00f3 t\u00e2y nam \u00f4n h\u00f2a, \u1ea9m \u01b0\u1edbt \u0111\u01b0\u1ee3c l\u00e0m \u1ea5m b\u1edfi D\u00f2ng h\u1ea3i l\u01b0u Gulf, V\u01b0\u01a1ng qu\u1ed1c Anh hi\u1ebfm khi tr\u1ea3i qua th\u1eddi ti\u1ebft kh\u1eafc nghi\u1ec7t\u2014s\u01b0\u01a1ng gi\u00e1 m\u00f9a \u0111\u00f4ng hi\u1ebfm khi xu\u1ed1ng d\u01b0\u1edbi 0 \u00b0C (32 \u00b0F), c\u0169ng nh\u01b0 nhi\u1ec7t \u0111\u1ed9 cao v\u00e0o m\u00f9a h\u00e8 kh\u00f4ng duy tr\u00ec tr\u00ean 30 \u00b0C (86 \u00b0F)\u2014ngay c\u1ea3 khi c\u00e1c v\u00f9ng \u0111\u1ea5t cao nguy\u00ean \u1edf Scotland ti\u1ebfp c\u1eadn c\u00e1c \u0111i\u1ec1u ki\u1ec7n c\u1eadn B\u1eafc C\u1ef1c v\u00e0 l\u00e3nh nguy\u00ean. \u00c1nh n\u1eafng m\u1eb7t tr\u1eddi trung b\u00ecnh h\u00e0ng n\u0103m kho\u1ea3ng 1.340 gi\u1edd, m\u1eb7c d\u00f9 s\u1ef1 thay \u0111\u1ed5i theo khu v\u1ef1c cho th\u1ea5y t\u1ed5ng s\u1ed1 gi\u1edd n\u1eafng trong kho\u1ea3ng t\u1eeb 1.200 \u0111\u1ebfn 1.580 gi\u1edd, m\u1ed9t con s\u1ed1 c\u00f3 xu h\u01b0\u1edbng t\u0103ng l\u00ean k\u1ec3 t\u1eeb cu\u1ed1i nh\u1eefng n\u0103m 1990.<\/p>\n<p>B\u00ean d\u01b0\u1edbi chi\u1ebfc \u00f4 kh\u00ed h\u1eadu n\u00e0y l\u00e0 b\u1ed1n v\u00f9ng sinh th\u00e1i tr\u00ean c\u1ea1n: R\u1eebng l\u00e1 r\u1ed9ng Celtic, R\u1eebng s\u1ed3i v\u00f9ng \u0111\u1ea5t th\u1ea5p Anh, R\u1eebng h\u1ed7n giao \u1ea9m B\u1eafc \u0110\u1ea1i T\u00e2y D\u01b0\u01a1ng v\u00e0 R\u1eebng l\u00e1 kim Caledonian. Kho\u1ea3ng 3,25 tri\u1ec7u ha\u2014kho\u1ea3ng 13 ph\u1ea7n tr\u0103m di\u1ec7n t\u00edch \u0111\u1ea5t\u2014\u0111\u01b0\u1ee3c bao ph\u1ee7 b\u1edfi r\u1eebng, minh ch\u1ee9ng cho c\u1ea3 s\u1ef1 b\u1ec1n b\u1ec9 t\u1ef1 nhi\u00ean v\u00e0 b\u1ea3o t\u1ed3n \u0111\u1ed3ng b\u1ed9. M\u1ea1ng l\u01b0\u1edbi \u0111\u01b0\u1eddng cao t\u1ed1c v\u00e0 \u0111\u01b0\u1eddng s\u1eaft c\u1ee7a B\u1ec9 t\u00ecm th\u1ea5y \u0111\u01b0\u1eddng kinh tuy\u1ebfn c\u1ee7a \u0110\u00e0i quan s\u00e1t Ho\u00e0ng gia Greenwich \u0111\u01b0\u1ee3c ghi \u1edf kinh \u0111\u1ed9 b\u1eb1ng kh\u00f4ng, m\u1ed9t d\u1ea5u hi\u1ec7u l\u00e2u d\u00e0i v\u1ec1 vai tr\u00f2 quan tr\u1ecdng c\u1ee7a Anh trong vi\u1ec7c l\u1eadp b\u1ea3n \u0111\u1ed3 to\u00e0n c\u1ea7u.<\/p>\n<p>L\u00e0 qu\u1ed1c gia c\u00f4ng nghi\u1ec7p h\u00f3a \u0111\u1ea7u ti\u00ean tr\u00ean th\u1ebf gi\u1edbi, nh\u1eefng ti\u1ebfn b\u1ed9 c\u1ee7a Anh v\u1ec1 c\u00f4ng ngh\u1ec7, n\u00f4ng nghi\u1ec7p c\u01a1 gi\u1edbi h\u00f3a v\u00e0 s\u1ea3n xu\u1ea5t nh\u00e0 m\u00e1y trong th\u1ebf k\u1ef7 XVIII v\u00e0 XIX \u0111\u00e3 \u0111\u01b0a n\u01b0\u1edbc n\u00e0y l\u00ean v\u1ecb th\u1ebf th\u1ed1ng tr\u1ecb v\u1ec1 kinh t\u1ebf. London \u0111\u00e3 ph\u00e1t tri\u1ec3n th\u00e0nh trung t\u00e2m t\u00e0i ch\u00ednh h\u00e0ng \u0111\u1ea7u th\u1ebf gi\u1edbi, \u0111i\u1ec1u ph\u1ed1i c\u00e1c giao d\u1ecbch ngo\u1ea1i h\u1ed1i h\u00e0ng ng\u00e0y hi\u1ec7n chi\u1ebfm 38,1 ph\u1ea7n tr\u0103m th\u1ecb tr\u01b0\u1eddng tr\u1ecb gi\u00e1 7,5 ngh\u00ecn t\u1ef7 \u0111\u00f4 la M\u1ef9. Ngay c\u1ea3 khi \u0111\u1ebf ch\u1ebf \u0111\u01b0\u1ee3c h\u1ed7 tr\u1ee3 b\u1edfi c\u00e1c m\u1ea1ng l\u01b0\u1edbi th\u01b0\u01a1ng m\u1ea1i m\u1ea1nh m\u1ebd v\u00e0 \u0111\u1ed9i t\u00e0u bu\u00f4n kh\u1ed5ng l\u1ed3 b\u1ecb thu h\u1eb9p sau hai cu\u1ed9c xung \u0111\u1ed9t to\u00e0n c\u1ea7u v\u00e0 l\u00e0n s\u00f3ng phi th\u1ef1c d\u00e2n h\u00f3a, V\u01b0\u01a1ng qu\u1ed1c Anh v\u1eabn gi\u1eef \u0111\u01b0\u1ee3c ph\u1ea7n l\u1edbn s\u1ee9c m\u1ea1nh t\u00e0i ch\u00ednh c\u1ee7a m\u00ecnh. Ng\u00e0y nay, n\u01b0\u1edbc n\u00e0y \u0111\u01b0\u1ee3c x\u1ebfp h\u1ea1ng trong s\u1ed1 c\u00e1c n\u1ec1n kinh t\u1ebf l\u1edbn nh\u1ea5t theo GDP danh ngh\u0129a, \u0111\u1ed3ng ti\u1ec1n c\u1ee7a n\u01b0\u1edbc n\u00e0y - \u0111\u1ed3ng b\u1ea3ng Anh - l\u00e0 \u0111\u1ed3ng ti\u1ec1n d\u1ef1 tr\u1eef l\u1edbn th\u1ee9 t\u01b0 v\u00e0 \u0111\u01b0\u1ee3c giao d\u1ecbch nhi\u1ec1u th\u1ee9 t\u01b0 tr\u00ean to\u00e0n th\u1ebf gi\u1edbi, t\u1ef7 gi\u00e1 c\u1ed1 \u0111\u1ecbnh l\u1ecbch s\u1eed c\u1ee7a n\u01b0\u1edbc n\u00e0y kh\u00f4ng b\u1ecb \u1ea3nh h\u01b0\u1edfng b\u1edfi vi\u1ec7c \u0111\u1ed5i t\u00ean.<\/p>\n<p>Tuy nhi\u00ean, b\u00ean d\u01b0\u1edbi v\u1ebb ngo\u00e0i th\u1ecbnh v\u01b0\u1ee3ng \u0111\u00f3 l\u00e0 nh\u1eefng b\u1ea5t b\u00ecnh \u0111\u1eb3ng r\u00f5 r\u1ec7t. N\u1ec1n kinh t\u1ebf th\u1ecb tr\u01b0\u1eddng x\u00e3 h\u1ed9i c\u1ee7a V\u01b0\u01a1ng qu\u1ed1c Anh, trong khi mang l\u1ea1i Ch\u1ec9 s\u1ed1 ph\u00e1t tri\u1ec3n con ng\u01b0\u1eddi cao, c\u0169ng n\u1eb1m trong s\u1ed1 nh\u1eefng n\u1ec1n kinh t\u1ebf c\u00f3 m\u1ee9c ch\u00eanh l\u1ec7ch thu nh\u1eadp cao nh\u1ea5t trong OECD. Ch\u00ednh s\u00e1ch t\u00e0i kh\u00f3a t\u1eeb l\u00e2u \u0111\u00e3 t\u00ecm c\u00e1ch h\u00f2a gi\u1ea3i \u0111\u1ed9ng l\u1ef1c th\u1ecb tr\u01b0\u1eddng v\u1edbi ph\u00fac l\u1ee3i x\u00e3 h\u1ed9i, ngay c\u1ea3 khi c\u00e1c cu\u1ed9c tranh lu\u1eadn v\u1ec1 s\u1ef1 c\u00e2n b\u1eb1ng v\u1eabn ti\u1ebfp di\u1ec5n trong qu\u1ed1c h\u1ed9i v\u00e0 trong d\u00e2n ch\u00fang. B\u1ea5t ch\u1ea5p nh\u1eefng c\u0103ng th\u1eb3ng nh\u01b0 v\u1eady, s\u1ee9c m\u1ea1nh m\u1ec1m c\u1ee7a Anh v\u1eabn gi\u1eef \u0111\u01b0\u1ee3c s\u1ee9c \u1ea3nh h\u01b0\u1edfng \u0111\u00e1ng g\u1eddm c\u1ee7a m\u00ecnh: khu\u00f4n kh\u1ed5 ph\u00e1p l\u00fd m\u00f4 ph\u1ecfng theo lu\u1eadt chung c\u1ee7a Anh, s\u1ef1 ph\u1ed5 bi\u1ebfn c\u1ee7a ti\u1ebfng Anh - hi\u1ec7n l\u00e0 ng\u00f4n ng\u1eef \u0111\u01b0\u1ee3c n\u00f3i nhi\u1ec1u nh\u1ea5t tr\u00ean to\u00e0n th\u1ebf gi\u1edbi v\u00e0 l\u00e0 ng\u00f4n ng\u1eef b\u1ea3n \u0111\u1ecba ph\u1ed5 bi\u1ebfn th\u1ee9 ba - v\u00e0 s\u1ef1 lan t\u1ecfa to\u00e0n c\u1ea7u c\u1ee7a c\u00e1c t\u00e1c ph\u1ea9m v\u0103n h\u00f3a xu\u1ea5t kh\u1ea9u t\u1eeb Shakespeare \u0111\u1ebfn The Beatles ch\u1ee9ng minh cho s\u1ef1 c\u1ed9ng h\u01b0\u1edfng v\u0103n h\u00f3a v\u01b0\u1ee3t xa nh\u1eefng h\u00f2n \u0111\u1ea3o n\u00e0y.<\/p>\n<p>Anh, th\u00e0nh ph\u1ea7n l\u1edbn nh\u1ea5t v\u1ec1 c\u1ea3 di\u1ec7n t\u00edch v\u00e0 d\u00e2n s\u1ed1\u2014chi\u1ebfm 53 ph\u1ea7n tr\u0103m t\u1ed5ng di\u1ec7n t\u00edch \u0111\u1ea5t l\u00e0 50.350 d\u1eb7m vu\u00f4ng (130.395 km\u00b2)\u2014\u0111\u01b0\u1ee3c \u0111\u1eb7c tr\u01b0ng b\u1edfi \u0111\u1ecba h\u00ecnh \u0111\u1ed3ng b\u1eb1ng v\u00e0 cao nguy\u00ean ph\u00e2n \u0111\u00f4i. B\u00ean d\u01b0\u1edbi \u0111\u01b0\u1eddng ch\u00e9o c\u1ee7a \u0111\u01b0\u1eddng Tees\u2013Exe l\u00e0 \u0111\u1ed3ng b\u1eb1ng m\u1ee5c v\u1ee5: Norfolk Broads, South Downs, New Forest v\u00e0 quang c\u1ea3nh nh\u1ea5p nh\u00f4 c\u1ee7a Cornwall. V\u1ec1 ph\u00eda t\u00e2y b\u1eafc, c\u00e1c \u0111\u1ed3i n\u00fai v\u00e0 thung l\u0169ng c\u1ee7a Lake District leo l\u00ean t\u1edbi \u0111\u1ed9 cao 978 m\u00e9t (3.209 ft) c\u1ee7a Scafell Pike; Pennines v\u00e0 Yorkshire Dales \u1edf nh\u1eefng n\u01a1i kh\u00e1c t\u1ea1o n\u00ean m\u1ed9t h\u00ecnh b\u00f3ng g\u1ed3 gh\u1ec1, trong khi Exmoor v\u00e0 Dartmoor g\u1ee3i l\u00ean v\u00f9ng \u0111\u1ed3ng c\u1ecf nguy\u00ean sinh.<\/p>\n<p>Scotland, bao g\u1ed3m 32 ph\u1ea7n tr\u0103m di\u1ec7n t\u00edch c\u1ee7a v\u01b0\u01a1ng qu\u1ed1c v\u1edbi 30.410 d\u1eb7m vu\u00f4ng (78.772 km\u00b2), l\u00e0 m\u1ed9t v\u00f9ng \u0111\u1ea5t c\u1ee7a s\u1ef1 t\u01b0\u01a1ng ph\u1ea3n. G\u1ea7n 800 h\u00f2n \u0111\u1ea3o n\u1eb1m r\u1ea3i r\u00e1c ngo\u00e0i kh\u01a1i\u2014Hebrides, Orkney, Shetland\u2014trong khi Cao nguy\u00ean n\u1eafm gi\u1eef ph\u1ea7n l\u1edbn l\u00e3nh th\u1ed5 mi\u1ec1n n\u00fai. Trong \u0111\u1ea5t li\u1ec1n, Loch Lomond v\u00e0 Trossachs c\u00f3 v\u00f9ng n\u01b0\u1edbc trong v\u1eaft \u0111\u01b0\u1ee3c bao quanh b\u1edfi nh\u1eefng c\u00e1nh r\u1eebng c\u1ed5 x\u01b0a; xa h\u01a1n v\u1ec1 ph\u00eda b\u1eafc, Ben Nevis l\u00e0 \u0111\u1ec9nh cao nh\u1ea5t c\u1ee7a Qu\u1ea7n \u0111\u1ea3o Anh v\u1edbi \u0111\u1ed9 cao 1.345 m\u00e9t (4.413 ft). Ngo\u00e0i nh\u1eefng b\u1ee9c tranh to\u00e0n c\u1ea3nh g\u1ed3 gh\u1ec1, Edinburgh v\u00e0 Glasgow qu\u1ed1c t\u1ebf s\u00f4i \u0111\u1ed9ng v\u1edbi ki\u1ebfn \u200b\u200btr\u00fac, l\u1ec5 h\u1ed9i v\u00e0 c\u00f4ng nghi\u1ec7p.<\/p>\n<p>Wales, chi\u1ebfm ch\u01b0a \u0111\u1ebfn 9 ph\u1ea7n tr\u0103m V\u01b0\u01a1ng qu\u1ed1c Anh theo di\u1ec7n t\u00edch (8.020 d\u1eb7m vu\u00f4ng ho\u1eb7c 20.779 km\u00b2), kh\u1eb3ng \u0111\u1ecbnh \u0111\u1eb7c \u0111i\u1ec3m mi\u1ec1n n\u00fai c\u1ee7a m\u00ecnh t\u1ea1i Snowdonia, n\u01a1i c\u00f3 Yr Wyddfa\u2014Snowdon\u2014cao t\u1edbi 1.085 m\u00e9t (3.560 ft). B\u1edd bi\u1ec3n Pembrokeshire, v\u1edbi h\u01a1n 1.680 d\u1eb7m (2.704 km) b\u1edd bi\u1ec3n, m\u1eddi g\u1ecdi kh\u00e1m ph\u00e1 du ngo\u1ea1n, v\u00e0 Anglesey l\u00e0 h\u00f2n \u0111\u1ea3o l\u1edbn nh\u1ea5t trong s\u1ed1 m\u1ed9t s\u1ed1 h\u00f2n \u0111\u1ea3o ngo\u00e0i kh\u01a1i, duy tr\u00ec c\u00e1c truy\u1ec1n th\u1ed1ng Celtic c\u1ed5 \u0111\u1ea1i b\u00ean c\u1ea1nh cu\u1ed9c s\u1ed1ng hi\u1ec7n \u0111\u1ea1i.<\/p>\n<p>B\u1eafc Ireland, bao ph\u1ee7 5.470 d\u1eb7m vu\u00f4ng (14.160 km\u00b2), \u0111\u01b0\u1ee3c x\u00e1c \u0111\u1ecbnh b\u1edfi nh\u1eefng v\u00f9ng \u0111\u1ea5t cao nh\u1ea5p nh\u00f4, h\u1ed3 Lough Neagh r\u1ed9ng l\u1edbn\u2014150 d\u1eb7m vu\u00f4ng (388 km\u00b2), h\u1ed3 l\u1edbn nh\u1ea5t Qu\u1ea7n \u0111\u1ea3o Anh\u2014v\u00e0 nh\u1eefng c\u1ed9t bazan k\u1ef3 v\u0129 c\u1ee7a Giant&#039;s Causeway, m\u1ed9t Di s\u1ea3n Th\u1ebf gi\u1edbi \u0111\u01b0\u1ee3c UNESCO c\u00f4ng nh\u1eadn. \u0110\u1ec9nh cao nh\u1ea5t c\u1ee7a n\u00f3, Slieve Donard \u1edf Mournes, cao 852 m\u00e9t (2.795 ft), m\u1ed9t ng\u01b0\u1eddi l\u00ednh canh th\u1ea7m l\u1eb7ng cho nhi\u1ec1u th\u1ebf k\u1ef7 giao l\u01b0u v\u0103n h\u00f3a v\u00e0 xung \u0111\u1ed9t.<\/p>\n<p>B\u00ean ngo\u00e0i V\u01b0\u01a1ng qu\u1ed1c Anh ch\u00ednh th\u1ee9c l\u00e0 c\u00e1c L\u00e3nh th\u1ed5 ph\u1ee5 thu\u1ed9c c\u1ee7a V\u01b0\u01a1ng mi\u1ec7n\u2014Guernsey v\u00e0 c\u00e1c v\u1ec7 tinh Alderney, Herm v\u00e0 Sark, v\u00e0 Jersey\u2014m\u1ed7i n\u01a1i \u0111\u1ec1u mang d\u1ea5u t\u00edch c\u1ee7a di s\u1ea3n Anh-Norman v\u00e0 \u0111\u00f4i khi l\u00e0 kh\u00ed h\u1eadu b\u1ea5t ng\u1edd \u0111\u01b0\u1ee3c h\u00ecnh th\u00e0nh do g\u1ea7n v\u1edbi l\u1ee5c \u0111\u1ecba Ph\u00e1p. \u0110\u1ea3o Man, gi\u1eefa eo bi\u1ec3n, b\u1ea3o t\u1ed3n c\u00e1c phong t\u1ee5c Celtic, cu\u1ed9c \u0111ua xe m\u00f4 t\u00f4 TT h\u00e0ng n\u0103m v\u00e0 qu\u1ed1c h\u1ed9i l\u00e2u \u0111\u1eddi nh\u1ea5t th\u1ebf gi\u1edbi. Xa h\u01a1n n\u1eefa, m\u01b0\u1eddi b\u1ed1n L\u00e3nh th\u1ed5 h\u1ea3i ngo\u1ea1i\u2014t\u1eeb v\u1ebb \u0111\u1eb9p c\u1eadn nhi\u1ec7t \u0111\u1edbi c\u1ee7a Bermuda v\u00e0 Qu\u1ea7n \u0111\u1ea3o Cayman \u0111\u1ebfn nh\u1eefng v\u00f9ng \u0111\u1ea5t r\u1ed9ng l\u1edbn l\u1ed9ng gi\u00f3 c\u1ee7a Nam C\u1ef1c thu\u1ed9c Anh\u2014m\u1edf r\u1ed9ng ph\u1ea1m vi c\u1ee7a V\u01b0\u01a1ng mi\u1ec7n, m\u1ed7i n\u01a1i \u0111\u1ec1u \u0111\u01b0\u1ee3c qu\u1ea3n l\u00fd b\u1edfi c\u00e1c lu\u1eadt l\u1ec7 ri\u00eang bi\u1ec7t v\u00e0 nh\u1eefng con \u0111\u01b0\u1eddng m\u00f2n xa x\u00f4i v\u1ec1 m\u1eb7t \u0111\u1ecba l\u00fd.<\/p>\n<p>Trong b\u1ed1n qu\u1ed1c gia, c\u00e1c th\u00e0nh ph\u1ed1 v\u00e0 th\u1ecb tr\u1ea5n hi\u1ec7n l\u00ean nh\u01b0 m\u1ed9t b\u1ee9c tranh gh\u00e9p c\u1ee7a nh\u1eefng c\u00e2u chuy\u1ec7n. London, m\u1ed9t \u0111\u00f4 th\u1ecb c\u00f3 s\u1ee9c \u1ea3nh h\u01b0\u1edfng to\u00e0n c\u1ea7u v\u00f4 song, tr\u00e0n ng\u1eadp c\u00e1c \u0111\u1ecba danh\u2014Westminster, Th\u00e1p London, B\u1ea3o t\u00e0ng Anh\u2014m\u1ed7i \u0111\u1ecba danh l\u00e0 m\u1ed9t s\u1ee3i ch\u1ec9 trong m\u1ed9t c\u00e2u chuy\u1ec7n kh\u00f4ng ng\u1eebng m\u1edf r\u1ed9ng. Belfast, n\u1ed5i l\u00ean t\u1eeb qu\u00e1 tr\u00ecnh \u0111\u1ed5i m\u1edbi \u0111\u00f4 th\u1ecb, tr\u00e0n \u0111\u1ea7y n\u0103ng l\u01b0\u1ee3ng s\u00e1ng t\u1ea1o, trong khi Bristol c\u00e2n b\u1eb1ng gi\u1eefa m\u1eb7t ti\u1ec1n th\u1eddi Georgia v\u00e0 ngh\u1ec7 thu\u1eadt hi\u1ec7n \u0111\u1ea1i v\u1edbi di s\u1ea3n h\u00e0ng h\u1ea3i. Qu\u00e1 kh\u1ee9 \u0111\u1ed1t than c\u1ee7a Cardiff nh\u01b0\u1eddng ch\u1ed7 cho m\u1ed9t b\u1ed1i c\u1ea3nh ngh\u1ec7 thu\u1eadt s\u00f4i \u0111\u1ed9ng b\u00ean V\u1ecbnh; Edinburgh, ch\u1ec9 \u0111\u1ee9ng sau London v\u1ec1 l\u01b0\u1ee3ng du kh\u00e1ch, t\u1ed5 ch\u1ee9c l\u1ec5 h\u1ed9i ngh\u1ec7 thu\u1eadt l\u1edbn nh\u1ea5t th\u1ebf gi\u1edbi v\u00e0o th\u00e1ng 8 h\u00e0ng n\u0103m gi\u1eefa nh\u1eefng v\u00e1ch \u0111\u00e1 n\u00fai l\u1eeda v\u00e0 th\u1eddi trung c\u1ed5. Glasgow k\u1ebft h\u1ee3p s\u1ef1 l\u1ed9ng l\u1eaby c\u1ee7a th\u1eddi Victoria v\u1edbi s\u1ef1 \u0111\u1ed5i m\u1edbi ngh\u1ec7 thu\u1eadt, Liverpool t\u00e1i hi\u1ec7n di s\u1ea3n th\u00e0nh ph\u1ed1 c\u1ea3ng c\u1ee7a m\u00ecnh th\u00f4ng qua \u00e2m nh\u1ea1c v\u00e0 th\u1ec3 thao, v\u00e0 Manchester \u0111\u00e3, trong nhi\u1ec1u th\u1eadp k\u1ef7, t\u1ef1 \u0111\u1ecbnh h\u00ecnh l\u1ea1i m\u00ecnh t\u1eeb trung t\u00e2m c\u00f4ng nghi\u1ec7p th\u00e0nh l\u00f2 luy\u1ec7n v\u0103n h\u00f3a. Nh\u1eefng b\u1ee9c t\u01b0\u1eddng th\u00e0nh c\u1ed5 c\u1ee7a York v\u00e0 t\u00e0n t\u00edch La M\u00e3 n\u00f3i l\u00ean h\u00e0ng ng\u00e0n n\u0103m t\u1ea5m th\u1ea3m d\u1ec7t c\u1ee7a con ng\u01b0\u1eddi v\u00e0o quy ho\u1ea1ch \u0111\u01b0\u1eddng ph\u1ed1 c\u1ee7a th\u00e0nh ph\u1ed1.<\/p>\n<p>Tuy nhi\u00ean, th\u1eadm ch\u00ed v\u01b0\u1ee3t ra ngo\u00e0i nh\u1eefng cu\u1ed9c g\u1eb7p g\u1ee1 \u0111\u00f4 th\u1ecb \u0111\u00f3, V\u01b0\u01a1ng qu\u1ed1c Anh v\u1eabn m\u1edf ra nh\u1eefng \u0111\u1ecba \u0111i\u1ec3m ri\u00eang bi\u1ec7t c\u1ee7a b\u1ed9 phim truy\u1ec1n h\u00ecnh nguy\u00ean t\u1ed1. Nh\u1eefng c\u1ed9t \u0111a gi\u00e1c c\u1ee7a Giant&#039;s Causeway v\u01b0\u01a1n l\u00ean t\u1eeb \u0110\u1ea1i T\u00e2y D\u01b0\u01a1ng, nh\u1eefng v\u00e1ch \u0111\u00e1 c\u1ee7a B\u00e1n \u0111\u1ea3o Gower t\u1ea1o n\u00ean nh\u1eefng l\u00e0n gi\u00f3 m\u1eb7n t\u1eeb V\u1ecbnh Swansea, v\u00e0 nh\u1eefng t\u1ea3ng \u0111\u00e1 \u0111\u1ed5 n\u00e1t c\u1ee7a B\u1ee9c t\u01b0\u1eddng Hadrian theo d\u1ea5u nh\u1eefng tham v\u1ecdng xa nh\u1ea5t c\u1ee7a Rome. \u0110\u1ea3o Arran, th\u01b0\u1eddng \u0111\u01b0\u1ee3c m\u00f4 t\u1ea3 l\u00e0 &#034;Scotland thu nh\u1ecf&#034;, c\u00f4 \u0111\u1ecdng nh\u1eefng ng\u1ecdn n\u00fai, khu r\u1eebng v\u00e0 b\u1edd bi\u1ec3n th\u00e0nh m\u1ed9t chuy\u1ebfn du ngo\u1ea1n duy nh\u1ea5t, trong khi c\u00e1c l\u01b0u v\u1ef1c n\u01b0\u1edbc c\u1ee7a Lake District ph\u1ea3n \u00e1nh nh\u1eefng c\u00e2u th\u01a1 bu\u1ed3n c\u1ee7a Wordsworth. Trong s\u00e2u th\u1eb3m c\u1ee7a H\u1ed3 Ness, v\u0103n h\u00f3a d\u00e2n gian khu\u1ea5y \u0111\u1ed9ng d\u1ecdc theo b\u1edd bi\u1ec3n c\u1ed5 \u0111\u1ea1i, v\u00e0 Peak District thu h\u00fat h\u00e0ng tri\u1ec7u ng\u01b0\u1eddi \u0111\u1ebfn nh\u1eefng \u0111\u1ec9nh cao d\u1ec5 ti\u1ebfp c\u1eadn c\u1ee7a n\u00f3. Nh\u1eefng \u0111\u1ec9nh n\u00fai r\u1ea3i r\u00e1c \u0111\u00e1 phi\u1ebfn c\u1ee7a Snowdonia m\u1eddi g\u1ecdi nh\u1eefng th\u1eed th\u00e1ch c\u1ee7a c\u1ea3 c\u01a1 b\u1eafp v\u00e0 tr\u00ed \u00f3c, v\u00e0 nh\u1eefng kh\u1ed1i \u0111\u00e1 nguy\u00ean kh\u1ed1i c\u1ee7a Stonehenge, \u0111\u00e3 b\u1ecb phong h\u00f3a trong 4.500 n\u0103m, ti\u1ebfp t\u1ee5c quy\u1ebfn r\u0169 c\u00e1c h\u1ecdc gi\u1ea3 v\u00e0 ng\u01b0\u1eddi h\u00e0nh h\u01b0\u01a1ng.<\/p>\n<p>V\u01b0\u01a1ng qu\u1ed1c Anh ng\u00e0y nay \u0111ang \u0111\u1ee9ng tr\u01b0\u1edbc ng\u00e3 ba \u0111\u01b0\u1eddng c\u1ee7a l\u1ecbch s\u1eed v\u00e0 hi\u1ec7n \u0111\u1ea1i. Ch\u1ebf \u0111\u1ed9 qu\u00e2n ch\u1ee7 l\u1eadp hi\u1ebfn v\u00e0 d\u00e2n ch\u1ee7 ngh\u1ecb vi\u1ec7n c\u1ee7a n\u01b0\u1edbc n\u00e0y - \u0111\u01b0\u1ee3c chia th\u00e0nh ba h\u1ec7 th\u1ed1ng ph\u00e1p lu\u1eadt ri\u00eang bi\u1ec7t nh\u01b0ng v\u1eabn g\u1eafn k\u1ebft d\u01b0\u1edbi m\u1ed9t V\u01b0\u01a1ng mi\u1ec7n - t\u1ea1o n\u00ean s\u1ef1 c\u00e2n b\u1eb1ng gi\u1eefa phong t\u1ee5c c\u1ed5 x\u01b0a v\u00e0 n\u1ec1n qu\u1ea3n tr\u1ecb \u0111\u01b0\u01a1ng \u0111\u1ea1i. N\u1ec1n kinh t\u1ebf c\u1ee7a n\u01b0\u1edbc n\u00e0y, v\u1eeba do th\u1ecb tr\u01b0\u1eddng th\u00fac \u0111\u1ea9y v\u1eeba c\u00f3 \u00fd th\u1ee9c x\u00e3 h\u1ed9i, \u0111\u1ea5u tranh v\u1edbi b\u1ea5t b\u00ecnh \u0111\u1eb3ng ngay c\u1ea3 khi n\u01b0\u1edbc n\u00e0y th\u1ed1ng l\u0129nh th\u1ecb tr\u01b0\u1eddng t\u00e0i ch\u00ednh v\u00e0 th\u01b0\u01a1ng m\u1ea1i to\u00e0n c\u1ea7u. Ng\u00f4n ng\u1eef, v\u0103n h\u1ecdc, \u00e2m nh\u1ea1c v\u00e0 th\u1ec3 thao c\u1ee7a n\u01b0\u1edbc n\u00e0y th\u1ec3 hi\u1ec7n s\u1ee9c m\u1ea1nh m\u1ec1m v\u01b0\u1ee3t xa bi\u00ean gi\u1edbi v\u1eadt l\u00fd c\u1ee7a n\u01b0\u1edbc n\u00e0y, \u0111\u1ecbnh h\u00ecnh n\u00ean di\u1ec5n ng\u00f4n v\u00e0 b\u1ea3n s\u1eafc to\u00e0n c\u1ea7u. \u0110\u1ed1i v\u1edbi du kh\u00e1ch, h\u1ecdc gi\u1ea3 ho\u1eb7c c\u01b0 d\u00e2n, nh\u1eefng h\u00f2n \u0111\u1ea3o n\u00e0y kh\u00f4ng ph\u1ea3i l\u00e0 m\u1ed9t b\u1ee9c tranh t\u0129nh m\u00e0 l\u00e0 m\u1ed9t c\u00e2u chuy\u1ec7n kh\u00f4ng ng\u1eebng m\u1edf ra - m\u1ed9t c\u00e2u chuy\u1ec7n m\u00e0 qu\u00e1 kh\u1ee9 v\u00e0 hi\u1ec7n t\u1ea1i li\u00ean t\u1ee5c \u0111\u1ed1i tho\u1ea1i, m\u1ed7i b\u00ean th\u00f4ng b\u00e1o cho b\u00ean kia trong m\u1ed9t cu\u1ed9c \u0111\u1ed1i tho\u1ea1i v\u1eeba th\u00e2n m\u1eadt v\u1eeba v\u0129 \u0111\u1ea1i.<\/p>","protected":false},"excerpt":{"rendered":"<p>V\u01b0\u01a1ng qu\u1ed1c Li\u00ean hi\u1ec7p Anh v\u00e0 B\u1eafc Ireland, th\u01b0\u1eddng \u0111\u01b0\u1ee3c g\u1ecdi l\u00e0 V\u01b0\u01a1ng qu\u1ed1c Anh (UK) ho\u1eb7c Anh, l\u00e0 m\u1ed9t qu\u1ed1c gia c\u00f3 ch\u1ee7 quy\u1ec1n n\u1eb1m ngo\u00e0i kh\u01a1i b\u1edd bi\u1ec3n ph\u00eda t\u00e2y b\u1eafc c\u1ee7a l\u1ee5c \u0111\u1ecba ch\u00e2u \u00c2u. V\u1edbi d\u00e2n s\u1ed1 kho\u1ea3ng 67,6 tri\u1ec7u ng\u01b0\u1eddi t\u00ednh \u0111\u1ebfn n\u0103m 2022, V\u01b0\u01a1ng qu\u1ed1c Anh n\u1eb1m gi\u1eefa eo bi\u1ec3n Manche \u1edf ph\u00eda nam v\u00e0 Bi\u1ec3n B\u1eafc \u1edf ph\u00eda \u0111\u00f4ng, chi\u1ebfm m\u1ed9t v\u1ecb tr\u00ed chi\u1ebfn l\u01b0\u1ee3c \u1edf B\u1eafc \u0110\u1ea1i T\u00e2y D\u01b0\u01a1ng. Bao g\u1ed3m b\u1ed1n qu\u1ed1c gia ri\u00eang bi\u1ec7t\u2014Anh, Scotland, Wales v\u00e0 B\u1eafc Ireland\u2014qu\u1ed1c \u0111\u1ea3o n\u00e0y c\u00f3 t\u1ed5ng di\u1ec7n t\u00edch l\u00e0 94.354 d\u1eb7m vu\u00f4ng (244.376 km\u00b2).<\/p>","protected":false},"author":1,"featured_media":4691,"parent":24078,"menu_order":0,"comment_status":"closed","ping_status":"closed","template":"elementor_theme","meta":{"_eb_attr":"","footnotes":""},"class_list":["post-12648","page","type-page","status-publish","has-post-thumbnail"],"_links":{"self":[{"href":"https:\/\/travelshelper.com\/vi\/wp-json\/wp\/v2\/pages\/12648","targetHints":{"allow":["GET"]}}],"collection":[{"href":"https:\/\/travelshelper.com\/vi\/wp-json\/wp\/v2\/pages"}],"about":[{"href":"https:\/\/travelshelper.com\/vi\/wp-json\/wp\/v2\/types\/page"}],"author":[{"embeddable":true,"href":"https:\/\/travelshelper.com\/vi\/wp-json\/wp\/v2\/users\/1"}],"replies":[{"embeddable":true,"href":"https:\/\/travelshelper.com\/vi\/wp-json\/wp\/v2\/comments?post=12648"}],"version-history":[{"count":0,"href":"https:\/\/travelshelper.com\/vi\/wp-json\/wp\/v2\/pages\/12648\/revisions"}],"up":[{"embeddable":true,"href":"https:\/\/travelshelper.com\/vi\/wp-json\/wp\/v2\/pages\/24078"}],"wp:featuredmedia":[{"embeddable":true,"href":"https:\/\/travelshelper.com\/vi\/wp-json\/wp\/v2\/media\/4691"}],"wp:attachment":[{"href":"https:\/\/travelshelper.com\/vi\/wp-json\/wp\/v2\/media?parent=12648"}],"curies":[{"name":"wp","href":"https:\/\/api.w.org\/{rel}","templated":true}]}}