{"id":12464,"date":"2024-09-16T01:26:46","date_gmt":"2024-09-16T01:26:46","guid":{"rendered":"https:\/\/travelshelper.com\/staging\/?page_id=12464"},"modified":"2026-03-12T18:30:03","modified_gmt":"2026-03-12T18:30:03","slug":"bar","status":"publish","type":"page","link":"https:\/\/travelshelper.com\/vi\/destinations\/europe\/montenegro\/bar\/","title":{"rendered":"Bar"},"content":{"rendered":"<p>Bar l\u00e0 c\u1eeda ng\u00f5 h\u00e0ng h\u1ea3i ch\u00ednh c\u1ee7a Montenegro, m\u1ed9t th\u1ecb tr\u1ea5n c\u00f3 15.868 c\u01b0 d\u00e2n n\u1eb1m tr\u00ean m\u1ed9t b\u1edd bi\u1ec3n v\u00e0 v\u00f9ng \u0111\u1ea5t ph\u00eda sau r\u1ed9ng 598 km2, v\u00e0 l\u00e0 tr\u1ee5 s\u1edf c\u1ee7a m\u1ed9t \u0111\u00f4 th\u1ecb c\u00f3 46.171 c\u01b0 d\u00e2n sinh s\u1ed1ng t\u1ea1i 85 khu \u0111\u1ecbnh c\u01b0 tr\u1ea3i d\u00e0i t\u1eeb Bi\u1ec3n Adriatic \u0111\u1ebfn b\u1edd H\u1ed3 Skadar. N\u1eb1m c\u00e1ch Podgorica, th\u1ee7 \u0111\u00f4 c\u1ee7a qu\u1ed1c gia n\u00e0y, s\u00e1u m\u01b0\u01a1i km v\u1ec1 ph\u00eda t\u00e2y nam v\u00e0 ngay b\u00ean kia bi\u1ec3n t\u1eeb th\u00e0nh ph\u1ed1 Bari c\u1ee7a \u00dd, Bar chi\u1ebfm m\u1ed9t v\u1ecb tr\u00ed ng\u01b0\u1ee1ng c\u1eeda n\u01a1i nh\u1ecbp \u0111i\u1ec7u c\u1ee7a \u0110\u1ecba Trung H\u1ea3i h\u00f2a quy\u1ec7n v\u1edbi nh\u1ecbp \u0111\u1eadp n\u1ed9i \u0111\u1ecba c\u1ee7a Balkan.<\/p>\n<p>T\u1eeb ngu\u1ed3n g\u1ed1c c\u1ed5 x\u01b0a c\u1ee7a n\u00f3 l\u00e0 Antibarium\u2014\u201c\u0111\u1ed1i di\u1ec7n Bari\u201d theo ng\u00f4n ng\u1eef c\u1ee7a nh\u1eefng ng\u01b0\u1eddi \u0111i bi\u1ec3n La M\u00e3\u2014th\u1ecb tr\u1ea5n n\u00e0y \u0111\u00e3 ch\u1ee9ng ki\u1ebfn \u200b\u200bnhi\u1ec1u th\u1eddi \u0111\u1ea1i c\u1ee7a \u0111\u1ebf ch\u1ebf, \u0111\u1ee9c tin v\u00e0 th\u01b0\u01a1ng m\u1ea1i h\u00e0ng h\u1ea3i. Ng\u00e0y nay, n\u00f3 kh\u00f4ng c\u00f2n l\u00e0 m\u1ed9t b\u1ea3o t\u00e0ng n\u1eefa m\u00e0 l\u00e0 m\u1ed9t c\u1ed9ng \u0111\u1ed3ng s\u1ed1ng \u0111\u1ed9ng c\u00f3 n\u1ec1n kinh t\u1ebf ph\u1ee5 thu\u1ed9c v\u00e0o c\u1ea3ng n\u01b0\u1edbc s\u00e2u, c\u00f3 k\u1ebft c\u1ea5u x\u00e2y d\u1ef1ng mang nh\u1eefng v\u1ebft s\u1eb9o v\u00e0 chi\u1ebfn th\u1eafng c\u1ee7a ch\u1ebf \u0111\u1ed9 cai tr\u1ecb c\u1ee7a ng\u01b0\u1eddi Venice, Ottoman v\u00e0 Slav, v\u00e0 c\u00f3 c\u1ea3nh quan tr\u1ea3i d\u00e0i t\u1eeb b\u1edd bi\u1ec3n \u0111\u1ea7y s\u1ecfi \u0111\u1ebfn nh\u1eefng r\u1eb7ng n\u00fai ph\u1ee7 \u0111\u1ea7y th\u1ea3m s\u1ed3i. \u1ede Bar, \u0111\u1ecba l\u00fd v\u00e0 l\u1ecbch s\u1eed \u0111an xen theo m\u1ed9t c\u00e1ch v\u1eeba nguy\u00ean s\u01a1 v\u1eeba kh\u00f3 hi\u1ec3u, v\u1eeba h\u1ea5p d\u1eabn s\u1ef1 suy ng\u1eabm v\u1eeba t\u00f2 m\u00f2.<\/p>\n<p>\u0110\u1ecba h\u00ecnh c\u1ee7a Bar tr\u1ea3i d\u00e0i th\u00e0nh ba v\u00f9ng \u0111\u1ed3ng t\u00e2m. V\u1ec1 ph\u00eda t\u00e2y, bi\u1ec3n Adriatic tr\u1ea3i d\u00e0i th\u00e0nh nh\u1eefng d\u1ea3i m\u00e0u xanh ng\u1ecdc nh\u1ea1t, th\u1ee7y tri\u1ec1u c\u1ee7a n\u00f3 v\u1ed7 v\u00e0o b\u1edd bi\u1ec3n \u0111\u01b0\u1ee3c bao quanh b\u1edfi c\u00e1c b\u1ebfn c\u1ea3ng, r\u1eebng \u00f4 liu v\u00e0 th\u1ec9nh tho\u1ea3ng l\u00e0 th\u00e0nh l\u0169y. V\u1ec1 ph\u00eda \u0111\u00f4ng, \u0111\u1ea5t \u0111ai thoai tho\u1ea3i l\u00ean c\u00e1c r\u1eb7ng n\u00fai Rumija v\u00e0 Sutorman, s\u01b0\u1eddn n\u00fai \u0111\u01b0\u1ee3c bao ph\u1ee7 b\u1edfi c\u00e2y maquis v\u00e0 r\u1eebng s\u1ed3i, tr\u01b0\u1edbc khi nh\u01b0\u1eddng ch\u1ed7 cho v\u00f9ng \u0111\u1ea5t r\u1ed9ng l\u1edbn c\u1ee7a H\u1ed3 Skadar\u2014h\u1ed3 l\u1edbn nh\u1ea5t \u1edf mi\u1ec1n nam ch\u00e2u \u00c2u. Gi\u1eefa bi\u1ec3n v\u00e0 h\u1ed3 l\u00e0 m\u1ed9t m\u1ea3nh v\u01b0\u1eddn cam, v\u01b0\u1eddn nho v\u00e0 c\u00e1nh \u0111\u1ed3ng l\u1ef1u, minh ch\u1ee9ng cho nhi\u1ec1u th\u1ebf k\u1ef7 canh t\u00e1c c\u1eadn nhi\u1ec7t \u0111\u1edbi \u0111\u01b0\u1ee3c nu\u00f4i d\u01b0\u1ee1ng b\u1edfi kh\u00ed h\u1eadu ng\u1eadp tr\u00e0n \u00e1nh n\u1eafng.<\/p>\n<p>Kh\u00ed h\u1eadu c\u1ee7a Bar mang d\u1ea5u \u1ea5n c\u1ee7a hai ch\u1ebf \u0111\u1ed9 \u0110\u1ecba Trung H\u1ea3i ri\u00eang bi\u1ec7t. M\u00f9a \u0111\u00f4ng v\u1eabn \u00f4n h\u00f2a v\u00e0 \u1ea9m \u01b0\u1edbt dai d\u1eb3ng, v\u1edbi nhi\u1ec7t \u0111\u1ed9 trung b\u00ecnh th\u00e1ng 1 dao \u0111\u1ed9ng \u1edf m\u1ee9c 12,3 \u00b0C cho m\u1ee9c cao nh\u1ea5t v\u00e0o ban ng\u00e0y v\u00e0 gi\u1ea3m xu\u1ed1ng 4,3 \u00b0C v\u00e0o ban \u0111\u00eam, v\u00e0 tuy\u1ebft r\u01a1i ch\u1ec9 r\u01a1i th\u00e0nh t\u1eebng \u0111\u1ee3t hi\u1ebfm hoi, \u0111\u01b0\u1ee3c \u0111o l\u01b0\u1eddng \ufe58 \u0111\u00e1ng ch\u00fa \u00fd nh\u1ea5t l\u00e0 ch\u00edn cm v\u00e0o th\u00e1ng 1 n\u0103m 2000. M\u00f9a h\u00e8 k\u00e9o d\u00e0i v\u00e0 r\u1ef1c r\u1ee1, v\u1edbi m\u1ee9c cao nh\u1ea5t v\u00e0o th\u00e1ng 7 l\u00e0 27 \u00b0C \u0111\u1ebfn 28 \u00b0C v\u00e0 m\u1ee9c th\u1ea5p nh\u1ea5t v\u00e0o ban \u0111\u00eam l\u00e0 18 \u00b0C, xen k\u1ebd b\u1edfi nh\u1eefng c\u01a1n m\u01b0a \u00f4n \u0111\u1edbi ng\u1eafn. Trong su\u1ed1t c\u1ea3 n\u0103m, th\u1ecb tr\u1ea5n t\u1eafm m\u00ecnh trong h\u01a1n 2.500 gi\u1edd n\u1eafng, t\u00f4 \u0111i\u1ec3m cho nh\u1eefng b\u1ee9c t\u01b0\u1eddng \u0111\u00e1 v\u00e0 m\u00e1i ng\u00f3i c\u1ee7a n\u00f3 b\u1eb1ng \u00e1nh s\u00e1ng v\u00e0 b\u00f3ng t\u1ed1i lu\u00f4n thay \u0111\u1ed5i.<\/p>\n<p>Tuy nhi\u00ean, ch\u00ednh trong nh\u1eefng t\u00e0n t\u00edch im l\u1eb7ng c\u1ee7a Old Bar, s\u00e2u b\u1ed1n km v\u00e0o \u0111\u1ea5t li\u1ec1n d\u01b0\u1edbi ch\u00e2n N\u00fai Rumija, l\u1ecbch s\u1eed nhi\u1ec1u l\u1edbp c\u1ee7a khu v\u1ef1c n\u00e0y kh\u1eb3ng \u0111\u1ecbnh r\u00f5 r\u00e0ng nh\u1ea5t. \u1ede \u0111\u00e2y, b\u00ean kia nh\u1eefng c\u00e1nh c\u1ed5ng t\u1eebng b\u1ea3o v\u1ec7 m\u1ed9t ph\u00e1o \u0111\u00e0i th\u1eddi trung c\u1ed5, l\u00e0 nh\u1eefng t\u00e0n t\u00edch \u0111\u1ed5 n\u00e1t c\u1ee7a c\u00e1c nh\u00e0 th\u1edd, th\u00e1nh \u0111\u01b0\u1eddng H\u1ed3i gi\u00e1o v\u00e0 c\u1ed1ng d\u1eabn n\u01b0\u1edbc. M\u1ed9t c\u00e1nh c\u1ed5ng th\u1ebf k\u1ef7 th\u1ee9 m\u01b0\u1eddi \u0111\u1ee9ng g\u00e1c tr\u00ean t\u00e0n t\u00edch c\u1ee7a Nh\u00e0 th\u1edd l\u1edbn St. George, \u0111\u01b0\u1ee3c x\u00e2y d\u1ef1ng v\u00e0o th\u1ebf k\u1ef7 th\u1ee9 m\u01b0\u1eddi m\u1ed9t, c\u00f9ng v\u1edbi nh\u1eefng m\u1ea3nh v\u1ee1 c\u1ee7a Nh\u00e0 th\u1edd St. Catherine v\u00e0 th\u00e1nh \u0111\u01b0\u1eddng H\u1ed3i gi\u00e1o Omerba\u0161i\u0107, \u0111\u01b0\u1ee3c x\u00e2y d\u1ef1ng v\u00e0o n\u0103m 1662. R\u1ea3i r\u00e1c gi\u1eefa ch\u00fang l\u00e0 nh\u1eefng m\u00e1i v\u00f2m c\u00f2n s\u00f3t l\u1ea1i c\u1ee7a m\u1ed9t c\u1ed1ng d\u1eabn n\u01b0\u1edbc Ottoman - \u0111\u01b0\u1ee3c x\u00e2y d\u1ef1ng l\u1ea1i sau tr\u1eadn \u0111\u1ed9ng \u0111\u1ea5t n\u0103m 1979 - v\u00e0 ng\u00f4i m\u1ed9 c\u1ee7a nh\u00e0 thuy\u1ebft gi\u00e1o th\u1ebf k\u1ef7 17 Dervish Hasan. Nh\u1eefng vi\u00ean \u0111\u00e1 v\u1ee1 v\u1ee5n v\u00e0 phong h\u00f3a n\u00e0y l\u00e0 l\u1eddi ch\u1ee9ng th\u1ea7m l\u1eb7ng cho m\u1ed9t th\u1ecb tr\u1ea5n t\u1eebng \u0111\u1ed5i ch\u1ee7 gi\u1eefa c\u00e1c ho\u00e0ng t\u1eed Slav, c\u00e1c t\u1ed5ng tr\u1ea5n Venice v\u00e0 c\u00e1c pasha Ottoman.<\/p>\n<p>\u1ede c\u00e1c qu\u1eadn xung quanh b\u1ebfn c\u1ea3ng hi\u1ec7n \u0111\u1ea1i, c\u00e2u chuy\u1ec7n c\u1ee7a Bar di\u1ec5n ra song song gi\u1eefa ng\u00e0nh c\u00f4ng nghi\u1ec7p truy\u1ec1n th\u1ed1ng v\u00e0 du l\u1ecbch m\u1edbi n\u1ed5i. C\u1ea3ng Bar, v\u1edbi 3.100 m\u00e9t b\u1edd c\u1ea3ng, 800 ha \u0111\u1ea5t v\u00e0 200 ha v\u00f9ng n\u01b0\u1edbc \u0111\u01b0\u1ee3c che ch\u1eafn, x\u1eed l\u00fd kho\u1ea3ng n\u0103m tri\u1ec7u t\u1ea5n h\u00e0ng h\u00f3a m\u1ed7i n\u0103m. C\u00e1c c\u1ea7n c\u1ea9u v\u00e0 ch\u1ed3ng container c\u1ee7a c\u1ea3ng \u0111\u00f3ng khung \u0111\u01b0\u1eddng ch\u00e2n tr\u1eddi, m\u1ed9t l\u1eddi nh\u1eafc nh\u1edf li\u00ean t\u1ee5c v\u1ec1 t\u1ea7m quan tr\u1ecdng chi\u1ebfn l\u01b0\u1ee3c c\u1ee7a th\u1ecb tr\u1ea5n \u0111\u1ed1i v\u1edbi m\u1ea1ng l\u01b0\u1edbi th\u01b0\u01a1ng m\u1ea1i c\u1ee7a Montenegro. Ngay c\u1ea1nh \u0111\u00f3, tuy\u1ebfn \u0111\u01b0\u1eddng s\u1eaft Belgrade\u2013Bar\u2014ho\u00e0n th\u00e0nh v\u00e0o n\u0103m 1976 sau nhi\u1ec1u th\u1eadp k\u1ef7 th\u00e1ch th\u1ee9c v\u1ec1 k\u1ef9 thu\u1eadt\u2014l\u01b0\u1edbt qua c\u00e1c \u0111\u01b0\u1eddng h\u1ea7m tr\u00ean n\u00fai v\u00e0 c\u1ea7u c\u1ea1n thung l\u0169ng, n\u1ed1i Bi\u1ec3n Adriatic v\u1edbi th\u1ee7 \u0111\u00f4 Serbia v\u00e0 m\u1edf ra v\u00f9ng \u0111\u1ea5t ph\u00eda sau cho c\u1ea3 du kh\u00e1ch v\u00e0 h\u00e0ng h\u00f3a.<\/p>\n<p>N\u00f4ng nghi\u1ec7p v\u1eabn l\u00e0 m\u1ed9t ph\u1ea7n kh\u00f4ng th\u1ec3 thi\u1ebfu trong b\u1ea3n s\u1eafc c\u1ee7a Bar. \u0110\u1ea5t \u0111ai c\u1ee7a th\u00e0nh ph\u1ed1 nu\u00f4i d\u01b0\u1ee1ng kho\u1ea3ng 95.000 c\u00e2y \u00f4 liu v\u00e0 80.000 c\u00e2y h\u1ecd cam chanh\u2014chanh, qu\u00fdt, cam v\u00e0 b\u01b0\u1edfi\u2014ph\u00e1t tri\u1ec3n m\u1ea1nh m\u1ebd d\u01b0\u1edbi \u00e1nh m\u1eb7t tr\u1eddi c\u1eadn nhi\u1ec7t \u0111\u1edbi. Trung t\u00e2m C\u00e2y tr\u1ed3ng c\u1eadn nhi\u1ec7t \u0111\u1edbi, \u0111\u01b0\u1ee3c th\u00e0nh l\u1eadp v\u00e0o n\u0103m 1937, l\u00e0 t\u1ed5 ch\u1ee9c khoa h\u1ecdc l\u00e2u \u0111\u1eddi nh\u1ea5t c\u1ee7a Montenegro, c\u00e1c l\u0129nh v\u1ef1c nghi\u00ean c\u1ee9u v\u00e0 v\u01b0\u1eddn \u01b0\u01a1m c\u1ee7a trung t\u00e2m l\u00e0 kho l\u01b0u tr\u1eef s\u1ed1ng \u0111\u1ed9ng v\u1ec1 s\u1ef1 th\u00edch nghi c\u1ee7a ngh\u1ec1 l\u00e0m v\u01b0\u1eddn. Nh\u00e0 s\u1ea3n xu\u1ea5t th\u1ef1c ph\u1ea9m \u0111\u1ecba ph\u01b0\u01a1ng Primorka, ho\u1ea1t \u0111\u1ed9ng trong h\u01a1n n\u1eeda th\u1ebf k\u1ef7, \u00e9p d\u1ea7u \u00f4 liu v\u00e0 \u0111\u00f3ng chai n\u01b0\u1edbc \u00e9p l\u1ef1u, duy tr\u00ec c\u00e1c truy\u1ec1n th\u1ed1ng \u1ea9m th\u1ef1c c\u00f3 t\u1eeb nh\u1eefng ho\u1ea1t \u0111\u1ed9ng c\u00f4ng nghi\u1ec7p \u0111\u1ea7u ti\u00ean v\u00e0o nh\u1eefng n\u0103m 1920.<\/p>\n<p>Ki\u1ebfn tr\u00fac t\u00f4n gi\u00e1o c\u1ee7a th\u1ecb tr\u1ea5n ph\u1ea3n \u00e1nh c\u1ea5u tr\u00fac x\u00e3 h\u1ed9i ph\u1ee9c t\u1ea1p c\u1ee7a n\u00f3. C\u00e1c nh\u00e0 th\u1edd Ch\u00ednh th\u1ed1ng gi\u00e1o v\u00e0 C\u00f4ng gi\u00e1o chia s\u1ebb c\u00e1c khu ph\u1ed1 v\u1edbi c\u00e1c nh\u00e0 th\u1edd H\u1ed3i gi\u00e1o \u0111\u01b0\u1ee3c x\u00e2y d\u1ef1ng d\u01b0\u1edbi s\u1ef1 b\u1ea3o tr\u1ee3 c\u1ee7a Ottoman. \u1ede khu ph\u1ed1 m\u1edbi h\u01a1n c\u1ee7a Novi Bar, Nh\u00e0 th\u1edd St. Nikola l\u00e0 n\u01a1i \u0111\u1eb7t t\u1ed5ng gi\u00e1o ph\u1eadn \u0111\u01b0\u1ee3c th\u00e0nh l\u1eadp v\u00e0o th\u1ebf k\u1ef7 th\u1ee9 m\u01b0\u1eddi m\u1ed9t, trong khi g\u1ea7n \u0111\u00f3 l\u00e0 Nh\u00e0 th\u1edd l\u1edbn hi\u1ec7n \u0111\u1ea1i St. John Vladimir - ho\u00e0n th\u00e0nh t\u1eeb n\u0103m 2009 \u0111\u1ebfn n\u0103m 2015 - c\u00f3 k\u00edch th\u01b0\u1edbc ngang b\u1eb1ng v\u1edbi t\u00f2a nh\u00e0 Ch\u00ednh th\u1ed1ng gi\u00e1o ch\u00ednh c\u1ee7a Podgorica, c\u00e1c ph\u00f2ng tr\u01b0ng b\u00e0y b\u00edch h\u1ecda c\u1ee7a n\u00f3 \u0111\u01b0\u1ee3c th\u00e1nh hi\u1ebfn cho v\u1ecb th\u00e1nh th\u1eddi trung c\u1ed5 \u0111\u1ea7u ti\u00ean c\u1ee7a khu v\u1ef1c. \u1ede ph\u00eda b\u00ean kia th\u1ecb tr\u1ea5n, Nh\u00e0 th\u1edd H\u1ed3i gi\u00e1o Omerba\u0161i\u0107 \u1edf Old Bar v\u1eabn gi\u1eef \u0111\u01b0\u1ee3c ng\u1ecdn th\u00e1p thanh m\u1ea3nh v\u00e0 ph\u00f2ng c\u1ea7u nguy\u1ec7n, \u0111\u01b0\u1ee3c nh\u1eefng ng\u01b0\u1eddi h\u00e0nh h\u01b0\u01a1ng \u0111\u1ebfn th\u0103m v\u00ec n\u1ec1n m\u00f3ng th\u1ebf k\u1ef7 XVII c\u1ee7a n\u00f3.<\/p>\n<p>Th\u00e0nh ph\u1ea7n d\u00e2n s\u1ed1 c\u1ee7a Bar ph\u1ea3n \u00e1nh l\u00e0n s\u00f3ng di c\u01b0 v\u00e0 s\u1ef1 d\u1ecbch chuy\u1ec3n bi\u00ean gi\u1edbi. Theo \u0111i\u1ec1u tra d\u00e2n s\u1ed1 n\u0103m 2011, ng\u01b0\u1eddi Montenegro v\u00e0 ng\u01b0\u1eddi Serbia c\u00f9ng nhau chi\u1ebfm kho\u1ea3ng t\u00e1m m\u01b0\u01a1i b\u1ed1n ph\u1ea7n tr\u0103m d\u00e2n s\u1ed1 c\u1ee7a th\u1ecb tr\u1ea5n, trong khi ng\u01b0\u1eddi Bosniak, ng\u01b0\u1eddi H\u1ed3i gi\u00e1o, ng\u01b0\u1eddi Albania v\u00e0 ng\u01b0\u1eddi Croatia t\u1ea1o th\u00e0nh nh\u1eefng c\u1ed9ng \u0111\u1ed3ng nh\u1ecf h\u01a1n. T\u00f4n gi\u00e1o theo nh\u1eefng \u0111\u01b0\u1eddng l\u1ed1i t\u01b0\u01a1ng t\u1ef1: Ng\u01b0\u1eddi theo Ch\u00ednh th\u1ed1ng gi\u00e1o chi\u1ebfm g\u1ea7n t\u00e1m m\u01b0\u01a1i ph\u1ea7n tr\u0103m, ng\u01b0\u1eddi H\u1ed3i gi\u00e1o v\u00e0 ng\u01b0\u1eddi C\u00f4ng gi\u00e1o l\u1ea7n l\u01b0\u1ee3t chi\u1ebfm m\u01b0\u1eddi v\u00e0 n\u0103m ph\u1ea7n tr\u0103m. Nh\u1eefng con s\u1ed1 n\u00e0y, m\u1eb7c d\u00f9 c\u00f3 th\u1ec3 thay \u0111\u1ed5i theo t\u1eebng b\u01b0\u1edbc, ch\u1ec9 ra m\u1ed9t x\u00e3 h\u1ed9i d\u1ef1a tr\u00ean c\u00e1c truy\u1ec1n th\u1ed1ng chung c\u1ee7a v\u00f9ng bi\u1ec3n Adriatic v\u00e0 Balkan.<\/p>\n<p>M\u1eb7c d\u00f9 c\u00f3 b\u1ebfn c\u1ea3ng chi\u1ebfn l\u01b0\u1ee3c, Bar v\u1eabn c\u00f3 quy m\u00f4 khi\u00eam t\u1ed1n. Trung t\u00e2m th\u1eddi trung c\u1ed5 c\u1ee7a n\u00f3\u2014n\u01a1i nh\u1eefng con \u0111\u01b0\u1eddng h\u1eb9p d\u1eabn l\u00ean c\u00e1c b\u1ee9c t\u01b0\u1eddng th\u00e0nh \u0111\u1ed5 n\u00e1t\u2014ch\u1ec9 r\u1ed9ng v\u00e0i hecta, v\u00e0 trung t\u00e2m th\u1ecb tr\u1ea5n hi\u1ec7n \u0111\u1ea1i, \u0111\u01b0\u1ee3c bao quanh b\u1edfi \u0111\u01b0\u1eddng ray xe l\u1eeda v\u00e0 b\u1ec3 ch\u1ee9a d\u1ea7u, tr\u1ea3i d\u00e0i trong c\u00e1c kh\u1ed1i nh\u00e0 th\u1ea5p t\u1ea7ng kh\u00f4ng \u0111\u1ec1u. M\u1ed9t s\u1ed1 \u00edt kh\u00e1ch s\u1ea1n chi\u1ebfm b\u1edd s\u00f4ng, nh\u01b0ng ph\u1ea7n l\u1edbn ch\u1ed7 \u1edf n\u1eb1m trong c\u00e1c nh\u00e0 kh\u00e1ch v\u00e0 nh\u00e0 tr\u1ecd ri\u00eang \u1edf ph\u00eda b\u1eafc khu c\u00f4ng nghi\u1ec7p, trong c\u00e1c khu ph\u1ed1 nh\u01b0 \u0160u\u0161anj. \u1ede \u0111\u00e2y, nh\u1eefng b\u00e3i bi\u1ec3n r\u1ee3p b\u00f3ng th\u00f4ng nh\u01b0\u1eddng ch\u1ed7 cho nh\u1eefng b\u00e3i s\u1ecfi, v\u00e0 ti\u1ebfng \u1ed3n \u00e0o c\u1ee7a du l\u1ecbch m\u00f9a h\u00e8 v\u1eabn \u0111\u01b0\u1ee3c \u0111o l\u01b0\u1eddng ngay c\u1ea3 khi \u1edf \u0111\u1ec9nh cao.<\/p>\n<p>K\u1ebft n\u1ed1i giao th\u00f4ng t\u1ecfa ra t\u1eeb th\u1ecb tr\u1ea5n nh\u01b0 nan hoa tr\u00ean b\u00e1nh xe. \u0110\u01b0\u1eddng cao t\u1ed1c Adriatic ch\u1ea1y d\u1ecdc theo b\u1edd bi\u1ec3n, n\u1ed1i Bar v\u1edbi Budva \u1edf ph\u00eda b\u1eafc v\u00e0 Ulcinj \u1edf ph\u00eda nam. \u0110\u01b0\u1eddng h\u1ea7m Sozina, \u0111\u01b0\u1ee3c kh\u00e1nh th\u00e0nh v\u00e0o n\u0103m 2006, \u0111\u00e3 t\u1ea1o ra m\u1ed9t tuy\u1ebfn \u0111\u01b0\u1eddng tr\u1ef1c ti\u1ebfp qua d\u00e3y n\u00fai Golija \u0111\u1ebfn Podgorica, r\u00fat \u200b\u200bng\u1eafn th\u1eddi gian di chuy\u1ec3n xu\u1ed1ng d\u01b0\u1edbi m\u1ed9t gi\u1edd. M\u1ed9t ph\u00e0 ch\u1edf \u00f4 t\u00f4 ch\u1ea1y qua ch\u1eb7ng \u0111\u01b0\u1eddng d\u00e0i t\u00e1m m\u01b0\u01a1i km \u0111\u1ebfn Bari \u1edf \u00dd, l\u1ecbch tr\u00ecnh theo m\u00f9a c\u1ee7a n\u00f3 ph\u1ea3n \u00e1nh s\u1ef1 l\u00ean xu\u1ed1ng c\u1ee7a du l\u1ecbch; d\u1ecbch v\u1ee5 \u0111\u1ebfn Ancona \u0111\u00e3 b\u1ecb ng\u1eebng v\u00e0o cu\u1ed1i n\u0103m 2016. Trong \u0111\u1ea5t li\u1ec1n, c\u00e1c d\u1ecbch v\u1ee5 xe bu\u00fdt k\u1ebft n\u1ed1i Bar v\u1edbi Sutomore, c\u00e1c b\u00e3i bi\u1ec3n c\u1ee7a Budva Riviera v\u00e0 c\u00e1c ng\u00f4i l\u00e0ng xung quanh H\u1ed3 Skadar, trong khi c\u00e1c chuy\u1ebfn t\u00e0u h\u00e0ng gi\u1edd \u0111\u1ebfn v\u00e0 kh\u1edfi h\u00e0nh t\u1ea1i nh\u00e0 ga, toa t\u00e0u c\u1ee7a ch\u00fang l\u00e0 l\u1eddi nh\u1eafc nh\u1edf v\u1ec1 di s\u1ea3n c\u00f4ng nghi\u1ec7p c\u1ee7a th\u1ecb tr\u1ea5n.<\/p>\n<p>\u0110\u1eddi s\u1ed1ng v\u0103n h\u00f3a \u1edf Bar \u200b\u200b\u0111\u01b0\u1ee3c neo gi\u1eef b\u1edfi hai t\u1ed5 ch\u1ee9c n\u1eb1m trong di t\u00edch ho\u00e0ng gia. Cung \u0111i\u1ec7n c\u1ee7a Vua Nikola, m\u1ed9t c\u00f4ng tr\u00ecnh x\u00e2y d\u1ef1ng n\u0103m 1885 theo phong c\u00e1ch chi\u1ebft trung, n\u1eb1m gi\u1eefa nh\u1eefng khu v\u01b0\u1eddn r\u1ee3p b\u00f3ng c\u00e2y, v\u01b0\u1eddn cam v\u00e0 ban c\u00f4ng b\u1eb1ng s\u1eaft r\u00e8n g\u1ee3i nh\u1edb \u0111\u1ebfn \u1ea3nh h\u01b0\u1edfng c\u1ee7a tr\u01b0\u1eddng ph\u00e1i T\u00e2n ngh\u1ec7 thu\u1eadt. Ng\u00e0y nay, n\u01a1i \u0111\u00e2y \u0111\u00f3ng vai tr\u00f2 l\u00e0 b\u1ea3o t\u00e0ng l\u1ecbch s\u1eed \u0111\u1ecba ph\u01b0\u01a1ng, c\u00e1c ph\u00f2ng \u0111\u01b0\u1ee3c s\u1eafp x\u1ebfp \u0111\u1ec3 g\u1ee3i nh\u1edb \u0111\u1ebfn n\u1ed9i th\u1ea5t c\u1ee7a m\u1ed9t t\u00f2a \u00e1n v\u00e0o cu\u1ed1i th\u1ebf k\u1ef7 XIX, v\u1edbi \u0111\u1ed3 \u0111\u1ea1c th\u1eddi k\u1ef3 \u0111\u00f3, ch\u00e2n dung v\u00e0 t\u00e0i li\u1ec7u l\u01b0u tr\u1eef. G\u1ea7n \u0111\u00f3, ph\u00e1o \u0111\u00e0i th\u1eddi trung c\u1ed5 Old Bar \u0111\u00e3 \u0111\u01b0\u1ee3c c\u1ea3i t\u1ea1o m\u1ed9t ph\u1ea7n th\u00e0nh b\u1ea3o t\u00e0ng ngo\u00e0i tr\u1eddi, n\u01a1i nh\u1eefng con \u0111\u01b0\u1eddng c\u00f3 h\u01b0\u1edbng d\u1eabn d\u1eabn du kh\u00e1ch \u0111i qua c\u00e1c b\u1ec3 ch\u1ee9a n\u01b0\u1edbc, th\u00e0nh l\u0169y v\u00e0 &#034;Old Olive&#034; n\u1ed5i ti\u1ebfng - m\u1ed9t c\u00e2y kh\u1eb3ng khiu \u0111\u01b0\u1ee3c cho l\u00e0 \u0111\u00e3 hai thi\u00ean ni\u00ean k\u1ef7 tu\u1ed5i.<\/p>\n<p>Cu\u1ed9c s\u1ed1ng ch\u1ee3 b\u00faa di\u1ec5n ra s\u00f4i \u0111\u1ed9ng d\u1ecdc theo Bulevar 24. Novembra, n\u01a1i c\u00e1c qu\u1ea7y h\u00e0ng b\u00e1n pho m\u00e1t trong th\u00f9ng g\u1ed7 v\u00e0 gian h\u00e0ng b\u00e1n c\u00e1 cung c\u1ea5p s\u1ea3n ph\u1ea9m \u0111\u00e1nh b\u1eaft h\u1eb1ng ng\u00e0y c\u1ee7a Bi\u1ec3n Adriatic v\u1edbi gi\u00e1 \u0111\u1ecba ph\u01b0\u01a1ng. M\u1ed9t si\u00eau th\u1ecb VOLI g\u1ea7n nh\u00e0 ga ph\u1ee5c v\u1ee5 c\u01b0 d\u00e2n v\u1edbi m\u1ed9t khu ch\u1ee3 hipermarket, hi\u1ec7u thu\u1ed1c v\u00e0 trung t\u00e2m \u1ea9m th\u1ef1c. C\u00e1c qu\u00e1n c\u00e0 ph\u00ea tr\u00e0n ra ph\u1ed1 l\u00e1t \u0111\u00e1 t\u1eeb b\u00e3i \u0111\u1eadu xe \u0111\u1ebfn c\u1ed5ng Old Bar, nh\u1eefng chi\u1ebfc b\u00e0n c\u1ee7a h\u1ecd c\u00f3 \u0111\u1ee7 m\u1ecdi phong c\u00e1ch\u2014m\u1ed9t s\u1ed1 l\u00e0 nh\u1eefng chi\u1ebfc gh\u1ebf d\u00e0i b\u1eb1ng g\u1ed7 khi\u00eam t\u1ed1n g\u1ea7n t\u01b0\u1eddng th\u00e0nh ph\u00e1o \u0111\u00e0i, nh\u1eefng chi\u1ebfc kh\u00e1c \u0111\u01b0\u1ee3c trang tr\u00ed theo phong c\u00e1ch v\u1edbi m\u00e1i hi\u00ean s\u1ecdc v\u00e0 gh\u1ebf s\u1eaft r\u00e8n. Trong s\u1ed1 \u0111\u00f3 c\u00f3 \u0107evabd\u017einica Dino, n\u01a1i nh\u1eefng vi\u00ean th\u1ecbt c\u1eebu \u01b0\u1edbp gia v\u1ecb \u0111\u01b0\u1ee3c chia s\u1ebb c\u00f9ng nh\u1eefng chi\u1ebfc b\u00e0n v\u1edbi n\u01b0\u1edbc \u00e9p l\u1ef1u, v\u00e0 Fish Bar Cvijo, n\u01a1i c\u00f3 th\u1ef1c \u0111\u01a1n h\u00ecnh mezzaluna cung c\u1ea5p c\u00e1c m\u00f3n \u0111\u1eb7c s\u1ea3n n\u01b0\u1edbng c\u00f9ng v\u1edbi b\u1ea7u kh\u00f4ng kh\u00ed trong l\u00e0nh c\u1ee7a bi\u1ec3n.<\/p>\n<p>Cu\u1ed9c s\u1ed1ng v\u1ec1 \u0111\u00eam \u1edf Bar \u200b\u200bkh\u00f4ng v\u1ed9i v\u00e3. Trong khi c\u00e1c khu ngh\u1ec9 d\u01b0\u1ee1ng Adriatic kh\u00e1c tr\u00e0n ng\u1eadp \u00e1nh s\u00e1ng v\u00e0 \u00e2m nh\u1ea1c v\u00e0o nh\u1eefng gi\u1edd khuya, th\u00ec bu\u1ed5i t\u1ed1i \u1edf Bar \u200b\u200bl\u1ea1i k\u1ebft th\u00fac v\u00e0o l\u00fac n\u1eeda \u0111\u00eam, \u0111\u01b0\u1ee3c t\u00f4 \u0111i\u1ec3m b\u1eb1ng c\u00e1c qu\u00e1n bar bia th\u1ee7 c\u00f4ng nh\u01b0 501 Darts Bar v\u00e0 Varadero. Taxi t\u1eadp trung g\u1ea7n c\u00e1c tr\u1ea1m xe bu\u00fdt v\u00e0 xe l\u1eeda, ph\u1ee5c v\u1ee5 c\u00e1c chuy\u1ebfn xe bu\u00fdt h\u00e0ng gi\u1edd \u0111\u1ebfn c\u00e1c b\u00e3i bi\u1ec3n c\u1ee7a \u0160u\u0161anj v\u00e0 xa h\u01a1n n\u1eefa. \u0110\u1ed1i v\u1edbi nh\u1eefng ng\u01b0\u1eddi t\u00ecm ki\u1ebfm s\u1ef1 \u0111\u1ed3ng h\u00e0nh s\u00f4i \u0111\u1ed9ng h\u01a1n, Sutomore\u2014m\u1ed9t ng\u00f4i l\u00e0ng c\u00e1ch \u0111\u00f3 m\u01b0\u1eddi ph\u00fat \u0111i \u0111\u01b0\u1eddng v\u1ec1 ph\u00eda nam\u2014c\u00f3 b\u1edd bi\u1ec3n \u0111\u1ea7y c\u00e1t v\u00e0 c\u00e1c c\u00e2u l\u1ea1c b\u1ed9 theo m\u00f9a, trong khi cu\u1ed9c s\u1ed1ng v\u1ec1 \u0111\u00eam \u0111\u1ea7y l\u1ecbch s\u1eed c\u1ee7a Budva n\u1eb1m c\u00e1ch \u0111\u00f3 m\u1ed9t gi\u1edd v\u1ec1 ph\u00eda b\u1eafc.<\/p>\n<p>\u1ede v\u00f9ng \u0111\u1ea5t ph\u00eda sau, t\u00e0n t\u00edch c\u1ee7a Tu vi\u1ec7n Ratac v\u00e0 Ph\u00e1o \u0111\u00e0i Tabiya n\u1eb1m tr\u00ean nh\u1eefng ng\u1ecdn \u0111\u1ed3i c\u00f3 nhi\u1ec1u c\u00e2y c\u1ed1i, cung c\u1ea5p t\u1ea7m nh\u00ecn ra c\u1ea3 bi\u1ec3n v\u00e0 h\u1ed3. M\u1ed9t con \u0111\u01b0\u1eddng ph\u1ee5 d\u1eabn \u0111\u1ebfn m\u1ed9t t\u01b0\u1ee3ng \u0111\u00e0i k\u1ef7 ni\u1ec7m Tr\u1eadn chi\u1ebfn Bar n\u0103m 1042, n\u01a1i qu\u00e2n \u0111\u1ed9i Serbia d\u01b0\u1edbi quy\u1ec1n Stefan Vojislav \u0111\u00e1nh b\u1ea1i qu\u00e2n Byzantine\u2014m\u1ed9t \u0111\u1ecba \u0111i\u1ec3m c\u00f3 b\u1ec7 b\u00ea t\u00f4ng hi\u1ec7n \u0111\u01b0\u1ee3c d\u00f9ng l\u00e0m \u0111\u00e0i quan s\u00e1t to\u00e0n c\u1ea3nh. V\u1ec1 ph\u00eda \u0111\u00f4ng, c\u00e1c s\u01b0\u1eddn d\u1ed1c xung quanh H\u1ed3 Skadar m\u1edf ra Skadarska Krajina, m\u1ed9t b\u1ee9c tranh kh\u1ea3m c\u1ee7a c\u00e1c l\u00e0ng ch\u00e0i v\u00e0 v\u00f9ng \u0111\u1ea5t ng\u1eadp n\u01b0\u1edbc gi\u00e0u chim, x\u1ee9ng \u0111\u00e1ng cho nh\u1eefng chuy\u1ebfn th\u00e1m hi\u1ec3m b\u1eb1ng thuy\u1ec1n v\u00e0o s\u00e1ng s\u1edbm.<\/p>\n<p>Modern Bar ch\u1ed1ng l\u1ea1i nh\u1eefng khu\u00f4n m\u1eabu c\u1ee7a Riviera. \u0110\u00e2y kh\u00f4ng ph\u1ea3i l\u00e0 m\u1ed9t khu ngh\u1ec9 d\u01b0\u1ee1ng bom t\u1ea5n hay m\u1ed9t c\u1ea3ng t\u1ec9nh l\u1ebb bu\u1ed3n ng\u1ee7, m\u00e0 l\u00e0 m\u1ed9t n\u01a1i c\u00f3 nh\u1ecbp \u0111i\u1ec7u h\u00e0ng n\u0103m b\u1eaft ngu\u1ed3n t\u1eeb th\u01b0\u01a1ng m\u1ea1i h\u00e0ng h\u1ea3i v\u00e0 n\u00f4ng nghi\u1ec7p c\u0169ng nh\u01b0 du l\u1ecbch bi\u1ec3n v\u00e0 m\u1eb7t tr\u1eddi. Trong su\u1ed1t c\u1ea3 n\u0103m, c\u1ea7n c\u1ea9u trong b\u1ebfn c\u1ea3ng chuy\u1ec3n \u0111\u1ed9ng, \u00f4 liu r\u1ee5ng v\u00e0o m\u00f9a thu, tr\u01b0\u1eddng h\u1ecdc v\u00e0 c\u1eeda h\u00e0ng m\u1edf c\u1eeda v\u00e0o th\u00e1ng 9, v\u00e0 c\u00e1c l\u1ec5 h\u1ed9i Ch\u00ednh th\u1ed1ng gi\u00e1o v\u00e0 H\u1ed3i gi\u00e1o \u0111\u00e1nh d\u1ea5u m\u00f9a xu\u00e2n v\u00e0 m\u00f9a h\u00e8. C\u00f3 m\u1ed9t s\u1ef1 v\u1eefng ch\u1eafc trong cu\u1ed9c s\u1ed1ng h\u00e0ng ng\u00e0y \u1edf \u0111\u00e2y, m\u1ed9t d\u00f2ng ch\u1ea3y ng\u1ea7m c\u1ee7a l\u1ecbch s\u1eed kh\u1eb3ng \u0111\u1ecbnh ch\u00ednh n\u00f3 b\u1ea5t c\u1ee9 khi n\u00e0o gi\u00f3 ngo\u00e0i kh\u01a1i khu\u1ea5y \u0111\u1ed9ng c\u00e2y b\u00e1ch ho\u1eb7c ti\u1ebfng c\u00f2i t\u00e0u h\u1ecfa ch\u1ea1y qua \u0111\u01b0\u1eddng h\u1ea7m v\u00e0o nh\u00e0 ga.<\/p>\n<p>\u0110\u1ed1i v\u1edbi du kh\u00e1ch mu\u1ed1n ch\u1ee9ng ki\u1ebfn \u200b\u200bm\u1ed9t th\u1ecb tr\u1ea5n Adriatic \u0111\u00edch th\u1ef1c, Bar mang \u0111\u1ebfn s\u1ef1 c\u00e2n b\u1eb1ng gi\u1eefa y\u1ebfu t\u1ed1 nguy\u00ean t\u1ed1 v\u00e0 \u0111\u1eddi th\u01b0\u1eddng. Ng\u01b0\u1eddi ta c\u00f3 th\u1ec3 l\u1ea7n theo d\u1ea5u ch\u00e2n qua m\u1ed9t c\u1ed5ng th\u00e0nh Venice, d\u1eebng l\u1ea1i tr\u01b0\u1edbc m\u1ed9t nh\u00e0 th\u1edd H\u1ed3i gi\u00e1o Ottoman ho\u1eb7c n\u00e1n l\u1ea1i b\u00ean m\u1ed9t b\u00e0n pho m\u00e1t \u0111\u1ecba ph\u01b0\u01a1ng m\u00e0 kh\u00f4ng bao gi\u1edd c\u1ea3m th\u1ea5y nh\u1ecbp \u0111\u1ed9 \u0111\u01b0\u1ee3c ch\u1ec9 \u0111\u1ecbnh b\u1edfi h\u00e0nh tr\u00ecnh c\u1ee7a m\u1ed9t cu\u1ed1n s\u00e1ch h\u01b0\u1edbng d\u1eabn. \u1ede \u0111\u00e2y, Adriatic kh\u00f4ng ph\u1ea3i l\u00e0 h\u00e0ng h\u00f3a hay ch\u1ec9 l\u00e0 b\u1ed1i c\u1ea3nh m\u00e0 l\u00e0 m\u1ed9t ng\u01b0\u1eddi \u0111\u1ed1i tho\u1ea1i li\u00ean t\u1ee5c\u2014t\u1eeb nh\u1eefng chi\u1ebfc thuy\u1ec1n \u0111\u00e1nh c\u00e1 l\u00fac b\u00ecnh minh \u0111\u1ebfn nh\u1eefng chuy\u1ebfn ph\u00e0 kh\u1edfi h\u00e0nh \u0111\u1ebfn \u00dd l\u00fac ho\u00e0ng h\u00f4n.<\/p>\n<p>Cu\u1ed1i c\u00f9ng, Bar t\u1ef1 b\u1ed9c l\u1ed9 kh\u00f4ng ph\u1ea3i trong m\u1ed9t b\u1ee9c tranh to\u00e0n c\u1ea3nh duy nh\u1ea5t m\u00e0 trong m\u1ed9t chu\u1ed7i nh\u1eefng cu\u1ed9c g\u1eb7p g\u1ee1 nh\u1ecf: ti\u1ebfng chu\u00f4ng \u0111\u1ed3ng h\u1ed3 ng\u1eaft qu\u00e3ng v\u00e0o gi\u1eefa tr\u01b0a, m\u00f9i hoa nh\u00e0i quy\u1ec7n v\u1edbi kh\u00f3i th\u1ea3i diesel g\u1ea7n b\u1ebfn c\u1ea3ng, ti\u1ebfng c\u01b0\u1eddi v\u1ecdng l\u1ea1i c\u1ee7a tr\u1ebb con gi\u1eefa nh\u1eefng m\u00e1i v\u00f2m \u0111\u1ed5 n\u00e1t c\u1ee7a Nh\u00e0 th\u1edd St. Catherine. Nh\u1eefng chi ti\u1ebft n\u00e0y k\u1ebft h\u1ee3p l\u1ea1i th\u00e0nh h\u00ecnh \u1ea3nh c\u1ee7a m\u1ed9t th\u1ecb tr\u1ea5n v\u1eeba neo gi\u1eef trong di s\u1ea3n c\u1ee7a m\u00ecnh v\u1eeba c\u1edfi m\u1edf v\u1edbi d\u00f2ng ch\u1ea3y thay \u0111\u1ed5i\u2014n\u01a1i m\u00e0 s\u1ef1 c\u1ed5 k\u00ednh v\u00e0 hi\u1ec7n \u0111\u1ea1i t\u00ecm th\u1ea5y s\u1ef1 th\u00edch nghi t\u1ea1m th\u1eddi, v\u00e0 n\u01a1i m\u00e0 c\u00e2u chuy\u1ec7n v\u1eabn lu\u00f4n trong qu\u00e1 tr\u00ecnh h\u00ecnh th\u00e0nh.<\/p>","protected":false},"excerpt":{"rendered":"<p>Bar, m\u1ed9t th\u1ecb tr\u1ea5n ven bi\u1ec3n \u1edf Montenegro, n\u1eb1m c\u00e1ch th\u1ee7 \u0111\u00f4 Podgorica 75 km. Bar, v\u1edbi 13.719 c\u01b0 d\u00e2n, \u0111\u00f3ng vai tr\u00f2 l\u00e0 trung t\u00e2m c\u1ee7a m\u1ed9t \u0111\u00f4 th\u1ecb r\u1ed9ng l\u1edbn h\u01a1n bao g\u1ed3m 83 khu \u0111\u1ecbnh c\u01b0 v\u00e0 c\u00f3 t\u1ed5ng d\u00e2n s\u1ed1 l\u00e0 40.037 ng\u01b0\u1eddi. Th\u00e0nh ph\u1ed1 s\u00f4i \u0111\u1ed9ng n\u00e0y \u0111\u01b0\u1ee3c ca ng\u1ee3i v\u00ec n\u1ec1n v\u0103n h\u00f3a \u0111a d\u1ea1ng c\u1ee7a m\u00ecnh, n\u01a1i c\u00f3 25 qu\u1ed1c t\u1ecbch kh\u00e1c nhau chung s\u1ed1ng h\u00f2a thu\u1eadn trong ranh gi\u1edbi c\u1ee7a th\u00e0nh ph\u1ed1. B\u1ea3n s\u1eafc \u0111\u1ed9c \u0111\u00e1o c\u1ee7a Bar ph\u1ea3n \u00e1nh \u00fd ngh\u0129a l\u1ecbch s\u1eed c\u1ee7a th\u00e0nh ph\u1ed1 nh\u01b0 m\u1ed9t n\u01a1i giao thoa gi\u1eefa \u1ea3nh h\u01b0\u1edfng c\u1ee7a \u0110\u1ecba Trung H\u1ea3i v\u00e0 ph\u01b0\u01a1ng \u0110\u00f4ng, t\u1ea1o n\u00ean s\u1ef1 pha tr\u1ed9n \u0111\u1eb7c bi\u1ec7t c\u1ee7a c\u00e1c n\u1ec1n v\u0103n h\u00f3a ti\u1ebfp t\u1ee5c \u0111\u1ecbnh h\u00ecnh b\u1ea3n s\u1eafc c\u1ee7a th\u00e0nh ph\u1ed1 cho \u0111\u1ebfn ng\u00e0y nay.<\/p>","protected":false},"author":1,"featured_media":3036,"parent":12406,"menu_order":0,"comment_status":"closed","ping_status":"closed","template":"elementor_theme","meta":{"_eb_attr":"","footnotes":""},"class_list":["post-12464","page","type-page","status-publish","has-post-thumbnail"],"_links":{"self":[{"href":"https:\/\/travelshelper.com\/vi\/wp-json\/wp\/v2\/pages\/12464","targetHints":{"allow":["GET"]}}],"collection":[{"href":"https:\/\/travelshelper.com\/vi\/wp-json\/wp\/v2\/pages"}],"about":[{"href":"https:\/\/travelshelper.com\/vi\/wp-json\/wp\/v2\/types\/page"}],"author":[{"embeddable":true,"href":"https:\/\/travelshelper.com\/vi\/wp-json\/wp\/v2\/users\/1"}],"replies":[{"embeddable":true,"href":"https:\/\/travelshelper.com\/vi\/wp-json\/wp\/v2\/comments?post=12464"}],"version-history":[{"count":0,"href":"https:\/\/travelshelper.com\/vi\/wp-json\/wp\/v2\/pages\/12464\/revisions"}],"up":[{"embeddable":true,"href":"https:\/\/travelshelper.com\/vi\/wp-json\/wp\/v2\/pages\/12406"}],"wp:featuredmedia":[{"embeddable":true,"href":"https:\/\/travelshelper.com\/vi\/wp-json\/wp\/v2\/media\/3036"}],"wp:attachment":[{"href":"https:\/\/travelshelper.com\/vi\/wp-json\/wp\/v2\/media?parent=12464"}],"curies":[{"name":"wp","href":"https:\/\/api.w.org\/{rel}","templated":true}]}}