{"id":12406,"date":"2024-09-16T00:39:00","date_gmt":"2024-09-16T00:39:00","guid":{"rendered":"https:\/\/travelshelper.com\/staging\/?page_id=12406"},"modified":"2026-03-12T18:32:52","modified_gmt":"2026-03-12T18:32:52","slug":"montenegro","status":"publish","type":"page","link":"https:\/\/travelshelper.com\/vi\/destinations\/europe\/montenegro\/","title":{"rendered":"Montenegro"},"content":{"rendered":"<p>Montenegro, m\u1ed9t qu\u1ed1c gia c\u00f3 623.633 c\u01b0 d\u00e2n tr\u1ea3i r\u1ed9ng tr\u00ean 13.883 km\u00b2, chi\u1ebfm m\u1ed9t ph\u1ea7n nh\u1ecf c\u1ee7a B\u00e1n \u0111\u1ea3o Balkan \u1edf \u0110\u00f4ng Nam \u00c2u. \u0110\u01b0\u1ee3c bao quanh b\u1edfi Bi\u1ec3n Adriatic \u1edf ph\u00eda t\u00e2y nam v\u00e0 \u0111\u01b0\u1ee3c bao b\u1ecdc b\u1edfi Croatia, Bosnia v\u00e0 Herzegovina, Serbia, Kosovo v\u00e0 Albania, n\u01b0\u1edbc c\u1ed9ng h\u00f2a g\u1ed3m 25 th\u00e0nh ph\u1ed1 n\u00e0y l\u00e0 hi\u1ec7n th\u00e2n c\u1ee7a h\u00e0ng ng\u00e0n n\u0103m l\u1ecbch s\u1eed nhi\u1ec1u l\u1edbp v\u00e0 s\u1ef1 \u0111a d\u1ea1ng \u0111\u1ecba l\u00fd \u0111\u00e1ng ch\u00fa \u00fd. T\u1eeb nh\u1eefng \u0111\u1ec9nh n\u00fai cao ch\u00f3t v\u00f3t c\u1ee7a d\u00e3y An-p\u01a1 \u0111\u1ebfn \u0111\u1ed3ng b\u1eb1ng ven bi\u1ec3n h\u1eb9p, t\u1eeb c\u00e1c nh\u00e0 th\u1edd th\u1eddi trung c\u1ed5 \u0111\u1ebfn c\u00e1c c\u00f4ng s\u1ef1 th\u1eddi Ottoman, l\u00e3nh th\u1ed5 nh\u1ecf g\u1ecdn c\u1ee7a Montenegro m\u1eddi g\u1ecdi m\u1ed9t c\u00e1i nh\u00ecn g\u1ea7n g\u0169i, chi\u00eam nghi\u1ec7m.<\/p>\n<p>L\u00e2u tr\u01b0\u1edbc khi ng\u01b0\u1eddi Slav di c\u01b0 v\u00e0o th\u1ebf k\u1ef7 th\u1ee9 s\u00e1u v\u00e0 th\u1ee9 b\u1ea3y sau C\u00f4ng nguy\u00ean, c\u00e1c b\u1ed9 l\u1ea1c Illyria \u0111\u00e3 \u0111\u1ecbnh h\u00ecnh n\u00ean v\u00f9ng cao nguy\u00ean g\u1ed3 gh\u1ec1 hi\u1ec7n nay x\u00e1c \u0111\u1ecbnh ph\u1ea7n l\u1edbn mi\u1ec1n b\u1eafc Montenegro. Trong nh\u1eefng th\u1ebf k\u1ef7 ti\u1ebfp theo, ba c\u00f4ng qu\u1ed1c th\u1eddi trung c\u1ed5\u2014Duklja \u1edf ph\u00eda nam, Travunia \u1edf ph\u00eda t\u00e2y v\u00e0 Ra\u0161ka \u1edf ph\u00eda b\u1eafc\u2014\u0111\u00e3 \u0111\u1eb7t n\u1ec1n m\u00f3ng cho m\u1ed9t ch\u00ednh th\u1ec3 m\u1edbi n\u1ed5i mang t\u00ean Zeta v\u00e0o th\u1ebf k\u1ef7 th\u1ee9 m\u01b0\u1eddi b\u1ed1n. C\u00e1c th\u01b0\u01a1ng gia v\u00e0 ch\u1ec9 huy h\u1ea3i qu\u00e2n ng\u01b0\u1eddi Venice \u0111\u00e3 \u0111\u1ec3 l\u1ea1i d\u1ea5u \u1ea5n c\u1ee7a h\u1ecd d\u1ecdc theo b\u1edd bi\u1ec3n v\u00e0o \u0111\u1ea7u th\u1ebf k\u1ef7 th\u1ee9 m\u01b0\u1eddi b\u1ed1n, s\u00e1p nh\u1eadp b\u1edd bi\u1ec3n ph\u00eda nam v\u00e0o v\u00f9ng \u0111\u1ea5t \u0111\u01b0\u1ee3c g\u1ecdi l\u00e0 Albania c\u1ee7a ng\u01b0\u1eddi Venice. C\u00e1c cu\u1ed9c x\u00e2m l\u01b0\u1ee3c c\u1ee7a Ottoman \u0111\u00e3 \u0111\u1ebfn khu v\u1ef1c n\u00e0y v\u00e0o cu\u1ed1i th\u1ebf k\u1ef7 th\u1ee9 m\u01b0\u1eddi l\u0103m, nh\u01b0ng c\u00e1c gia t\u1ed9c v\u00f9ng cao v\u1eabn duy tr\u00ec m\u1ed9t m\u1ee9c \u0111\u1ed9 t\u1ef1 ch\u1ee7 nh\u1ea5t \u0111\u1ecbnh d\u01b0\u1edbi tri\u1ec1u \u0111\u1ea1i Petrovi\u0107-Njego\u0161. N\u0103m 1878, \u0110\u1ea1i h\u1ed9i Berlin ch\u00ednh th\u1ee9c c\u00f4ng nh\u1eadn n\u1ec1n \u0111\u1ed9c l\u1eadp c\u1ee7a Montenegro; \u0111\u1ebfn n\u0103m 1910, n\u00f3 \u0111\u00e3 tr\u1edf th\u00e0nh V\u01b0\u01a1ng qu\u1ed1c Montenegro. Th\u1ebf k\u1ef7 XX \u0111\u00e3 mang l\u1ea1i s\u1ef1 th\u1ed1ng nh\u1ea5t v\u1edbi V\u01b0\u01a1ng qu\u1ed1c c\u1ee7a ng\u01b0\u1eddi Serbia, ng\u01b0\u1eddi Croatia v\u00e0 ng\u01b0\u1eddi Slovenia (sau n\u00e0y l\u00e0 Nam T\u01b0), m\u1ed9t th\u1ecfa thu\u1eadn li\u00ean bang sau n\u00e0y v\u1edbi Serbia, v\u00e0 cu\u1ed1i c\u00f9ng, v\u00e0o th\u00e1ng 6 n\u0103m 2006, kh\u00f4i ph\u1ee5c l\u1ea1i quy\u1ec1n t\u1ef1 ch\u1ee7 nh\u00e0 n\u01b0\u1edbc th\u00f4ng qua tr\u01b0ng c\u1ea7u d\u00e2n \u00fd, t\u1ea1o n\u00ean qu\u1ed1c gia nh\u01b0 ng\u00e0y nay.<\/p>\n<p>N\u1ec1n kinh t\u1ebf Montenegro, hi\u1ec7n \u0111\u01b0\u1ee3c ph\u00e2n lo\u1ea1i l\u00e0 thu nh\u1eadp trung b\u00ecnh kh\u00e1, ch\u1ee7 y\u1ebfu d\u1ef1a v\u00e0o d\u1ecbch v\u1ee5, v\u1edbi du l\u1ecbch ng\u00e0y c\u00e0ng n\u1ed5i b\u1eadt trong nh\u1eefng th\u1eadp k\u1ef7 g\u1ea7n \u0111\u00e2y. \u0110\u1ed3ng euro ho\u1ea1t \u0111\u1ed9ng nh\u01b0 \u0111\u1ed3ng ti\u1ec1n qu\u1ed1c gia th\u00f4ng qua vi\u1ec7c \u00e1p d\u1ee5ng \u0111\u01a1n ph\u01b0\u01a1ng, trong khi ph\u00e1t tri\u1ec3n c\u01a1 s\u1edf h\u1ea1 t\u1ea7ng\u2014\u0111\u1eb7c bi\u1ec7t l\u00e0 ho\u00e0n th\u00e0nh \u0111\u01b0\u1eddng cao t\u1ed1c v\u00e0 hi\u1ec7n \u0111\u1ea1i h\u00f3a tuy\u1ebfn \u0111\u01b0\u1eddng s\u1eaft Belgrade\u2013Bar\u2014v\u1eabn l\u00e0 \u01b0u ti\u00ean \u0111\u01b0\u1ee3c n\u00eau \u0111\u1ec3 th\u00fac \u0111\u1ea9y t\u0103ng tr\u01b0\u1edfng c\u00e2n b\u1eb1ng. Hai s\u00e2n bay qu\u1ed1c t\u1ebf t\u1ea1i Podgorica v\u00e0 Tivat x\u1eed l\u00fd l\u01b0\u1ee3ng du kh\u00e1ch \u0111\u1ed5 v\u1ec1 c\u00e1c b\u00e3i bi\u1ec3n v\u00e0 th\u1ecb tr\u1ea5n l\u1ecbch s\u1eed ven bi\u1ec3n Adriatic; C\u1ea3ng Bar, \u0111\u01b0\u1ee3c x\u00e2y d\u1ef1ng l\u1ea1i sau s\u1ef1 t\u00e0n ph\u00e1 c\u1ee7a chi\u1ebfn tranh, x\u1eed l\u00fd kh\u1ed1i l\u01b0\u1ee3ng h\u00e0ng h\u00f3a th\u1ea5p h\u01a1n nhi\u1ec1u so v\u1edbi c\u00f4ng su\u1ea5t thi\u1ebft k\u1ebf.<\/p>\n<p>V\u1ec1 m\u1eb7t \u0111\u1ecba l\u00fd, Montenegro l\u00e0 m\u1ed9t nghi\u00ean c\u1ee9u v\u1ec1 s\u1ef1 t\u01b0\u01a1ng ph\u1ea3n. \u0110\u1ed3ng b\u1eb1ng ven bi\u1ec3n, ch\u1ec9 r\u1ed9ng v\u00e0i km, \u0111\u1ed9t ng\u1ed9t nh\u01b0\u1eddng ch\u1ed7 cho c\u00e1c kh\u1ed1i \u0111\u00e1 v\u00f4i - trong s\u1ed1 \u0111\u00f3 c\u00f3 N\u00fai Lov\u0107en v\u00e0 Orjen - lao xu\u1ed1ng V\u1ecbnh Kotor. Trong \u0111\u1ea5t li\u1ec1n, c\u00e1c th\u00e0nh t\u1ea1o karst v\u01b0\u01a1n l\u00ean \u0111\u1ed9 cao v\u01b0\u1ee3t qu\u00e1 2.000 m: N\u00fai Orjen cao 1.894 m, Bobotov Kuk \u1edf d\u00e3y Durmitor cao 2.522 m v\u00e0, theo ph\u00e9p \u0111o tam gi\u00e1c n\u0103m 2018, Zla Kolata \u1edf d\u00e3y Prokletije cao 2.534 m. C\u00e1c thung l\u0169ng b\u1ecb b\u0103ng h\u00e0 b\u00e0o m\u00f2n v\u00e0 c\u00e1c h\u1ebbm n\u00fai d\u1ed1c, ch\u1eb3ng h\u1ea1n nh\u01b0 h\u1ebbm n\u00fai S\u00f4ng Tara \u0111\u01b0\u1ee3c UNESCO c\u00f4ng nh\u1eadn, t\u1ea1o n\u00ean v\u00f9ng cao nguy\u00ean ph\u00eda b\u1eafc, trong khi H\u1ed3 Skadar - \u0111\u01b0\u1ee3c chia s\u1ebb v\u1edbi Albania v\u00e0 \u0111\u01b0\u1ee3c b\u1ea3o v\u1ec7 nh\u01b0 m\u1ed9t c\u00f4ng vi\u00ean qu\u1ed1c gia - r\u1ea3i r\u00e1c tr\u00ean v\u00f9ng \u0111\u1ea5t th\u1ea5p ph\u00eda t\u00e2y nam v\u1edbi c\u00e1c v\u00f9ng \u0111\u1ea5t ng\u1eadp n\u01b0\u1edbc \u0111\u1ea7y \u1eafp c\u00e1c lo\u00e0i chim di c\u01b0.<\/p>\n<p>\u1ede c\u00e1c trung t\u00e2m \u0111\u00f4 th\u1ecb v\u00e0 th\u1ecb tr\u1ea5n nh\u1ecf, c\u00e1c di t\u00edch ki\u1ebfn \u200b\u200btr\u00fac \u0111\u1ec1u \u0111\u1ec3 l\u1ea1i d\u1ea5u v\u1ebft c\u1ee7a nhi\u1ec1u nh\u00e0 cai tr\u1ecb Montenegro. \u1ede trung t\u00e2m th\u1eddi trung c\u1ed5 c\u1ee7a Kotor, nh\u1eefng con ph\u1ed1 l\u00e1t c\u00e1t u\u1ed1n l\u01b0\u1ee3n gi\u1eefa c\u00e1c cung \u0111i\u1ec7n c\u1ee7a Venice v\u00e0 c\u00e1c nh\u00e0 th\u1edd theo phong c\u00e1ch La M\u00e3: Nh\u00e0 th\u1edd l\u1edbn Saint Tryphon th\u1ebf k\u1ef7 th\u1ee9 m\u01b0\u1eddi hai n\u1eb1m tr\u00ean qu\u1ea3ng tr\u01b0\u1eddng ch\u00ednh, trong khi Nh\u00e0 th\u1edd St. Luke nh\u00ecn ra m\u1ed9t qu\u1ea3ng tr\u01b0\u1eddng y\u00ean t\u0129nh b\u00ean b\u1edd n\u01b0\u1edbc. Budva, c\u00e1i n\u00f4i c\u1ee7a du l\u1ecbch Adriatic, b\u1ea3o t\u1ed3n m\u1ed9t th\u00e0nh c\u1ed5 \u0111\u01b0\u1ee3c bao quanh b\u1edfi ch\u00edn th\u1ebf k\u1ef7 c\u00e1c di t\u00edch t\u00f4n gi\u00e1o, n\u1eb1m tr\u00ean n\u1ec1n c\u1ee7a c\u00e1c khu ph\u00e1t tri\u1ec3n hi\u1ec7n \u0111\u1ea1i d\u1ecdc theo b\u1edd c\u00e1t c\u1ee7a n\u00f3. Herceg Novi, \u1edf l\u1ed1i v\u00e0o v\u1ecbnh, t\u1ef1 h\u00e0o c\u00f3 c\u00e1c ph\u00e1o \u0111\u00e0i theo thi\u1ebft k\u1ebf c\u1ee7a ng\u01b0\u1eddi Genova v\u00e0 m\u1ed9t gi\u1ea3ng \u0111\u01b0\u1eddng c\u00f3 nhi\u1ec1u b\u1eadc v\u1edbi c\u00e2y xanh \u0110\u1ecba Trung H\u1ea3i.<\/p>\n<p>Cetinje, t\u1eebng l\u00e0 th\u1ee7 \u0111\u00f4 ho\u00e0ng gia v\u00e0 hi\u1ec7n l\u00e0 n\u01a1i l\u01b0u gi\u1eef di s\u1ea3n qu\u1ed1c gia, n\u1eb1m d\u01b0\u1edbi ch\u00e2n N\u00fai Lov\u0107en. C\u00e1c con ph\u1ed1 c\u1ee7a th\u00e0nh ph\u1ed1 c\u00f3 c\u00e1c b\u1ea3o t\u00e0ng, \u0111\u1ea1i s\u1ee9 qu\u00e1n th\u1eddi k\u1ef3 ngo\u1ea1i giao v\u00e0 Tu vi\u1ec7n Ch\u00ednh th\u1ed1ng gi\u00e1o Cetinje, n\u01a1i l\u01b0u gi\u1eef c\u00e1c di t\u00edch v\u00e0 bi\u1ec3u t\u01b0\u1ee3ng minh ch\u1ee9ng cho truy\u1ec1n th\u1ed1ng t\u00e2m linh c\u1ee7a Montenegro. \u1ede ph\u00eda b\u1eafc, \u017dabljak \u0111\u00f3ng vai tr\u00f2 l\u00e0 c\u1eeda ng\u00f5 v\u00e0o C\u00f4ng vi\u00ean qu\u1ed1c gia Durmitor, n\u01a1i H\u1ed3 \u0110en n\u1eb1m trong kho\u1ea3ng c\u00e1ch \u0111i b\u1ed9 v\u00e0 tuy\u1ebft m\u00f9a \u0111\u00f4ng th\u00fac \u0111\u1ea9y du l\u1ecbch th\u1ec3 thao \u1edf m\u1ee9c \u0111\u1ed9 ngang b\u1eb1ng.<\/p>\n<p>B\u1ee9c tranh nh\u00e2n kh\u1ea9u h\u1ecdc c\u1ee7a Montenegro ph\u1ea3n \u00e1nh v\u1ecb tr\u00ed ng\u00e3 ba \u0111\u01b0\u1eddng c\u1ee7a n\u00f3. Kh\u00f4ng c\u00f3 nh\u00f3m d\u00e2n t\u1ed9c n\u00e0o t\u1ea1o th\u00e0nh \u0111a s\u1ed1 tuy\u1ec7t \u0111\u1ed1i; Ng\u01b0\u1eddi Montenegro chi\u1ebfm kho\u1ea3ng 41 ph\u1ea7n tr\u0103m d\u00e2n s\u1ed1, ng\u01b0\u1eddi Serbia 33 ph\u1ea7n tr\u0103m, ng\u01b0\u1eddi Bosniak 9 ph\u1ea7n tr\u0103m, ng\u01b0\u1eddi Albania 5 ph\u1ea7n tr\u0103m v\u00e0 ng\u01b0\u1eddi Nga 2 ph\u1ea7n tr\u0103m, trong s\u1ed1 c\u00e1c c\u1ed9ng \u0111\u1ed3ng nh\u1ecf h\u01a1n kh\u00e1c. Nh\u1eefng ng\u01b0\u1eddi theo Ch\u00ednh th\u1ed1ng gi\u00e1o \u0110\u00f4ng ph\u01b0\u01a1ng, ch\u1ee7 y\u1ebfu li\u00ean k\u1ebft v\u1edbi Gi\u00e1o h\u1ed9i Ch\u00ednh th\u1ed1ng gi\u00e1o Serbia, chi\u1ebfm 71 ph\u1ea7n tr\u0103m t\u00edn \u0111\u1ed3 t\u00f4n gi\u00e1o; Ng\u01b0\u1eddi H\u1ed3i gi\u00e1o (ch\u1ee7 y\u1ebfu \u1edf v\u00f9ng Sand\u017eak) v\u00e0 Ng\u01b0\u1eddi C\u00f4ng gi\u00e1o La M\u00e3 (ch\u1ee7 y\u1ebfu d\u1ecdc theo b\u1edd bi\u1ec3n) t\u1ea1o th\u00e0nh c\u00e1c nh\u00f3m t\u00f4n gi\u00e1o thi\u1ec3u s\u1ed1 ch\u00ednh. S\u1ef1 c\u00f9ng t\u1ed3n t\u1ea1i c\u1ee7a c\u00e1c t\u00edn ng\u01b0\u1ee1ng trong nhi\u1ec1u th\u1ebf k\u1ef7 \u0111\u00e3 truy\u1ec1n \u0111\u1ea1t m\u1ed9t nh\u1ecbp \u0111i\u1ec7u v\u0103n h\u00f3a n\u1ed5i l\u00ean trong c\u1ea3 \u0111\u1eddi s\u1ed1ng nghi l\u1ec5 v\u00e0 c\u00e1c cu\u1ed9c t\u1ee5 h\u1ecdp l\u1ec5 h\u1ed9i.<\/p>\n<p>Kh\u00e1i ni\u1ec7m \u010cojstvo i Juna\u0161tvo\u2014n\u00f3i m\u1ed9t c\u00e1ch r\u1ed9ng r\u00e3i l\u00e0 \u201cnh\u00e2n \u0111\u1ea1o v\u00e0 h\u00e0o hi\u1ec7p\u201d\u2014l\u00e0 n\u1ec1n t\u1ea3ng cho c\u00e1c gi\u00e1 tr\u1ecb \u0111\u1ea1o \u0111\u1ee9c v\u00e0 x\u00e3 h\u1ed9i c\u1ee7a khu v\u1ef1c, t\u1eeb c\u00e1c phong t\u1ee5c d\u1ef1a tr\u00ean gia t\u1ed9c \u0111\u1ebfn b\u1ea3n s\u1eafc c\u00f4ng d\u00e2n hi\u1ec7n \u0111\u1ea1i. Truy\u1ec1n th\u1ed1ng d\u00e2n gian \u0111\u01b0\u1ee3c th\u1ec3 hi\u1ec7n trong Oro, \u201cv\u0169 \u0111i\u1ec7u \u0111\u1ea1i b\u00e0ng\u201d, trong \u0111\u00f3 c\u00e1c v\u0169 c\u00f4ng t\u1ea1o th\u00e0nh c\u00e1c v\u00f2ng tr\u00f2n \u0111\u1ed3ng t\u00e2m v\u00e0 c\u00e1c c\u1eb7p \u0111\u00f4i xen k\u1ebd nhau tr\u00e8o l\u00ean vai nhau trong m\u1ed9t b\u1ee9c tranh g\u1ee3i l\u00ean c\u1ea3 s\u1ef1 duy\u00ean d\u00e1ng c\u1ee7a \u0111\u1ed9ng v\u1eadt v\u00e0 s\u1ef1 \u0111o\u00e0n k\u1ebft c\u1ed9ng \u0111\u1ed3ng.<\/p>\n<p>C\u00e1c lu\u1ed3ng \u1ea9m th\u1ef1c ch\u1ea3y t\u1eeb \u0110\u00f4ng sang T\u00e2y tr\u00ean b\u00e0n \u0103n c\u1ee7a Montenegro. \u1ea2nh h\u01b0\u1edfng c\u1ee7a Ottoman t\u1ed3n t\u1ea1i trong c\u00e1c m\u00f3n \u0103n nh\u01b0 sarma (l\u00e1 nho cu\u1ed9n quanh th\u1ecbt v\u00e0 c\u01a1m), musaka, pilav, pita v\u00e0 \u0107evapi. C\u00e1c m\u00f3n \u0103n Trung \u00c2u xu\u1ea5t hi\u1ec7n trong b\u00e1nh crepe v\u00e0 b\u00e1nh r\u00e1n, m\u1ee9t, b\u00e1nh quy v\u00e0 b\u00e1nh ng\u1ecdt. D\u1ecdc theo b\u1edd bi\u1ec3n Adriatic, n\u01a1i h\u1ea3i s\u1ea3n ph\u00e1t tri\u1ec3n m\u1ea1nh, s\u1ef1 \u0111\u01a1n gi\u1ea3n c\u1ee7a \u0110\u1ecba Trung H\u1ea3i chi\u1ebfm \u01b0u th\u1ebf: c\u00e1 n\u01b0\u1edbng, \u0111\u1ed9ng v\u1eadt c\u00f3 v\u1ecf v\u00e0 r\u01b0\u1ee3u vang \u0111\u1ecf \u0111\u1eb7c tr\u01b0ng c\u1ee7a v\u00f9ng, Vranac. Trong \u0111\u1ea5t li\u1ec1n, \u1ea9m th\u1ef1c v\u00f9ng cao t\u00f4n vinh c\u00e1c s\u1ea3n ph\u1ea9m t\u1eeb s\u1eefa v\u00e0 th\u1ecbt c\u1eebu: cicvara (b\u1ed9t ng\u00f4 l\u00e0m gi\u00e0u v\u1edbi ph\u00f4 mai v\u00e0 kem), th\u1ecbt c\u1eebu lu\u1ed9c trong s\u1eefa v\u00e0 pho m\u00e1t pljevaljski v\u00e0 njegu\u0161ki. Njegu\u0161ki pr\u0161ut\u2014m\u1ed9t lo\u1ea1i gi\u0103m b\u00f4ng hun kh\u00f3i t\u1eeb l\u00e0ng Njegu\u0161i\u2014l\u00e0 minh ch\u1ee9ng cho c\u00e1c k\u1ef9 thu\u1eadt ch\u1ebf bi\u1ebfn l\u00e2u \u0111\u1eddi \u0111\u01b0\u1ee3c th\u1ef1c h\u00e0nh d\u01b0\u1edbi s\u01b0\u1eddn n\u00fai Lov\u0107en.<\/p>\n<p>Ngh\u1ec1 tr\u1ed3ng nho c\u1ee7a Montenegro t\u1eadp trung v\u00e0o c\u00e1c \u0111i\u1ec1n trang Planta\u017ee g\u1ea7n Podgorica, n\u01a1i c\u00f3 c\u00e1c v\u01b0\u1eddn nho s\u1ea3n xu\u1ea5t r\u01b0\u1ee3u vang tr\u1eafng Krsta\u010d v\u00e0 Cabernet, c\u00f9ng v\u1edbi r\u01b0\u1ee3u vang \u0111\u1ecf Vranac v\u00e0 Pro Corde. C\u00e1c ho\u1ea1t \u0111\u1ed9ng c\u1ee7a c\u1eeda h\u00e0ng, ch\u1eb3ng h\u1ea1n nh\u01b0 Kne\u017eevi\u0107 \u1edf Golubovci v\u00e0 nh\u00e3n hi\u1ec7u Monte Grande, b\u1ed5 sung cho c\u00e1c s\u1ea3n ph\u1ea9m n\u00e0y. M\u1ed9t l\u00edt r\u01b0\u1ee3u Vranac t\u1ea1i m\u1ed9t nh\u00e0 h\u00e0ng \u0111\u1ecba ph\u01b0\u01a1ng c\u00f3 gi\u00e1 t\u1eeb t\u00e1m \u0111\u1ebfn m\u01b0\u1eddi l\u0103m euro; gi\u00e1 t\u1ea1i si\u00eau th\u1ecb b\u1eaft \u0111\u1ea7u t\u1eeb hai euro, nh\u1ea5n m\u1ea1nh v\u00e0o t\u00ednh d\u1ec5 ti\u1ebfp c\u1eadn c\u1ee7a lo\u1ea1i r\u01b0\u1ee3u n\u00e0y.<\/p>\n<p>H\u00e0nh vi \u0111\u1ea1o \u0111\u1ee9c v\u01b0\u1ee3t ra ngo\u00e0i gi\u1edd \u0103n. C\u00e1c t\u1ed5 ch\u1ee9c c\u00f4ng c\u1ed9ng th\u01b0\u1eddng y\u00eau c\u1ea7u trang ph\u1ee5c khi\u00eam t\u1ed1n; qu\u1ea7n short c\u00f3 th\u1ec3 kh\u00f4ng \u0111\u01b0\u1ee3c ch\u00e0o \u0111\u00f3n t\u1ea1i c\u00e1c b\u1ec7nh vi\u1ec7n, t\u00f2a nh\u00e0 ch\u00ednh ph\u1ee7 v\u00e0 n\u01a1i th\u1edd c\u00fang. Tr\u00ean b\u00e3i bi\u1ec3n, vi\u1ec7c t\u1eafm n\u1eafng kh\u00f4ng gi\u1edbi h\u1ea1n v\u1eabn gi\u1edbi h\u1ea1n \u1edf c\u00e1c khu v\u1ef1c d\u00e0nh ri\u00eang cho ng\u01b0\u1eddi theo ch\u1ee7 ngh\u0129a t\u1ef1 nhi\u00ean. Phong t\u1ee5c n\u00e2ng ly quy \u0111\u1ecbnh ph\u1ea3i nh\u00ecn th\u1eb3ng v\u00e0o m\u1eaft, n\u1ebfu kh\u00f4ng c\u1eed ch\u1ec9 n\u00e0y c\u00f3 nguy c\u01a1 b\u1ecb hi\u1ec3u sai. Rakija, lo\u1ea1i r\u01b0\u1ee3u m\u1eadn m\u1ea1nh c\u00f3 n\u1ed3ng \u0111\u1ed9 c\u1ed3n kho\u1ea3ng n\u0103m m\u01b0\u01a1i ba ph\u1ea7n tr\u0103m theo th\u1ec3 t\u00edch, \u0111\u00f2i h\u1ecfi s\u1ef1 t\u00f4n tr\u1ecdng nghi\u00eam t\u00fac: ch\u1ee7 nh\u00e0 c\u00f3 th\u1ec3 m\u1eddi nhi\u1ec1u v\u00f2ng, nh\u01b0ng kh\u00e1ch \u0111\u01b0\u1ee3c y\u00eau c\u1ea7u nh\u1ea5p m\u1ed9t ng\u1ee5m m\u1ed9t c\u00e1ch th\u1eadn tr\u1ecdng.<\/p>\n<p>L\u01b0\u1ee3ng kh\u00e1ch du l\u1ecbch \u0111\u00e3 v\u01b0\u1ee3t qu\u00e1 hai tri\u1ec7u ng\u01b0\u1eddi trong nh\u1eefng m\u00f9a g\u1ea7n \u0111\u00e2y, thu h\u00fat b\u1edfi to\u00e0n c\u1ea3nh V\u1ecbnh Kotor \u0111\u01b0\u1ee3c UNESCO c\u00f4ng nh\u1eadn, Tu vi\u1ec7n Ostrog th\u1ebf k\u1ef7 XVII \u0111\u01b0\u1ee3c \u0111\u1ebdo th\u00e0nh m\u1ed9t v\u00e1ch \u0111\u00e1 g\u1ea7n nh\u01b0 th\u1eb3ng \u0111\u1ee9ng, v\u00e0 b\u00e3i c\u00e1t d\u00e0i 12 km c\u1ee7a B\u1edd bi\u1ec3n Nam Ulcinj, t\u1eebng \u0111\u01b0\u1ee3c t\u1edd The New York Times ca ng\u1ee3i l\u00e0 m\u1ed9t trong &#034;31 \u0111\u1ecba \u0111i\u1ec3m h\u00e0ng \u0111\u1ea7u \u0111\u1ec3 \u0111\u1ebfn v\u00e0o n\u0103m 2010&#034;. National Geographic Traveler \u0111\u00e3 \u0111\u01b0a Montenegro v\u00e0o &#034;50 \u0111\u1ecba \u0111i\u1ec3m \u0111\u00e1ng \u0111\u1ebfn trong \u0111\u1eddi&#034; m\u01b0\u1eddi n\u0103m m\u1ed9t l\u1ea7n, v\u1edbi kh\u00e1ch s\u1ea1n tr\u00ean \u0111\u1ea3o c\u1ee7a Sveti Stefan \u0111\u01b0\u1ee3c vinh danh tr\u00ean trang b\u00eca. Tuy nhi\u00ean, ngo\u00e0i nh\u1eefng \u0111i\u1ec3m tham quan n\u1ed5i b\u1eadt, Montenegro c\u00f2n mang \u0111\u1ebfn nh\u1eefng cu\u1ed9c g\u1eb7p g\u1ee1 th\u00e2n m\u1eadt: \u0111i d\u1ea1o d\u01b0\u1edbi \u00e1nh tr\u0103ng qua th\u00e0nh c\u1ed5 Budva, \u00e1nh s\u00e1ng b\u00ecnh minh th\u1eafp s\u00e1ng nh\u1eefng m\u00e1i nh\u00e0 \u0111\u1ecf c\u1ee7a Perast, ho\u1eb7c chuy\u1ebfn \u0111i thuy\u1ec1n kayak b\u00ean d\u01b0\u1edbi nh\u1eefng \u0111\u1ec9nh n\u00fai ph\u1ee7 \u0111\u1ea7y m\u00e2y c\u1ee7a Orjen.<\/p>\n<p>Nh\u1eefng th\u00e1ch th\u1ee9c v\u1ec1 c\u01a1 s\u1edf h\u1ea1 t\u1ea7ng v\u1eabn c\u00f2n. \u0110\u01b0\u1eddng b\u1ed9 hi\u1ebfm khi \u0111\u1ea1t ti\u00eau chu\u1ea9n T\u00e2y \u00c2u, v\u00e0 kh\u00e1t v\u1ecdng ho\u00e0n th\u00e0nh c\u00e1c tuy\u1ebfn \u0111\u01b0\u1eddng cao t\u1ed1c xu\u1ea5t ph\u00e1t t\u1eeb c\u1ea3 nhu c\u1ea7u kinh t\u1ebf v\u00e0 mong mu\u1ed1n ph\u00e2n ph\u1ed1i du l\u1ecbch \u0111\u1ed3ng \u0111\u1ec1u h\u01a1n tr\u00ean kh\u1eafp n\u01b0\u1edbc c\u1ed9ng h\u00f2a. Tuy\u1ebfn \u0111\u01b0\u1eddng s\u1eaft Belgrade\u2013Bar, m\u1ed9t k\u1ef3 quan v\u1ec1 k\u1ef9 thu\u1eadt qua c\u00e1c \u0111\u00e8o n\u00fai v\u00e0 \u0111\u01b0\u1eddng h\u1ea7m, n\u1ed7 l\u1ef1c kh\u00f4i ph\u1ee5c l\u01b0u l\u01b0\u1ee3ng v\u1eadn chuy\u1ec3n h\u00e0ng h\u00f3a theo th\u00f4ng l\u01b0\u1ee3ng d\u1ef1 ki\u1ebfn. C\u00e1c \u0111\u1ec1 xu\u1ea5t ti\u1ebfp nh\u1eadn kh\u00ed \u0111\u1ed1t t\u1ef1 nhi\u00ean h\u00f3a l\u1ecfng t\u1ea1i c\u1ea3ng Bar b\u00e1o hi\u1ec7u s\u1ef1 chuy\u1ec3n h\u01b0\u1edbng sang \u0111a d\u1ea1ng h\u00f3a n\u0103ng l\u01b0\u1ee3ng v\u00e0 k\u1ebft n\u1ed1i khu v\u1ef1c.<\/p>\n<p>\u1ede ph\u00eda b\u1eafc, tuy\u1ebft m\u00f9a \u0111\u00f4ng v\u00e0 \u0111\u1ed3ng c\u1ecf tr\u00ean n\u00fai cao c\u1ee7a Durmitor thu h\u00fat nh\u1eefng ng\u01b0\u1eddi \u0111am m\u00ea ho\u1ea1t \u0111\u1ed9ng ngo\u00e0i tr\u1eddi quanh n\u0103m. H\u1ebbm n\u00fai c\u1ee7a S\u00f4ng Tara, s\u00e2u h\u01a1n 1.300 m t\u1ea1i b\u1edd, \u0111\u01b0\u1ee3c x\u1ebfp h\u1ea1ng l\u00e0 m\u1ed9t trong nh\u1eefng h\u1ebbm n\u00fai d\u00e0i nh\u1ea5t v\u00e0 s\u00e2u nh\u1ea5t th\u1ebf gi\u1edbi, cung c\u1ea5p c\u00e1c chuy\u1ebfn \u0111i b\u00e8 k\u1ebft h\u1ee3p gi\u1eefa c\u1ea3m gi\u00e1c ph\u1ea5n kh\u00edch v\u1edbi s\u1ef1 chi\u00eam ng\u01b0\u1ee1ng t\u0129nh l\u1eb7ng c\u1ee7a nh\u1eefng b\u1ee9c t\u01b0\u1eddng \u0111\u00e1 v\u00f4i \u0111\u01b0\u1ee3c t\u1ea1o th\u00e0nh t\u1eeb b\u0103ng v\u00e0 n\u01b0\u1edbc. Ng\u01b0\u1ee3c l\u1ea1i, C\u00f4ng vi\u00ean qu\u1ed1c gia H\u1ed3 Skadar th\u00fac \u0111\u1ea9y m\u1ed9t ch\u01b0\u01a1ng tr\u00ecnh ngh\u1ecb s\u1ef1 nh\u1eb9 nh\u00e0ng h\u01a1n: nh\u1eefng ng\u01b0\u1eddi ng\u1eafm chim theo d\u00f5i nh\u1eefng con b\u1ed3 n\u00f4ng v\u00e0 di\u1ec7c gi\u1eefa nh\u1eefng b\u00e3i lau s\u1eady, trong khi nh\u1eefng chi\u1ebfc thuy\u1ec1n \u0111\u00e1nh c\u00e1 truy\u1ec1n th\u1ed1ng l\u01b0\u1edbt qua v\u00f9ng n\u01b0\u1edbc trong v\u1eaft.<\/p>\n<p>C\u00e1c gi\u00e1 tr\u1ecb l\u1ecbch s\u1eed v\u00e0 v\u0103n h\u00f3a c\u1ee7a vi\u1ec7c b\u1ea3o t\u1ed3n vang v\u1ecdng kh\u1eafp c\u1ea3nh quan c\u1ee7a Montenegro. C\u00e1c tu vi\u1ec7n c\u1ed5 \u0111\u1ea1i\u2014Savina g\u1ea7n Herceg Novi, V\u01b0\u01a1ng cung th\u00e1nh \u0111\u01b0\u1eddng Th\u00e1nh Luke \u1edf Kotor v\u00e0 c\u00e1c v\u00f9ng \u0111\u1ea5t Ch\u00ednh th\u1ed1ng gi\u00e1o Budimlja v\u00e0 Nik\u0161i\u0107\u2014b\u1ea3o t\u1ed3n c\u00e1c b\u1ee9c b\u00edch h\u1ecda th\u1ec3 hi\u1ec7n tinh th\u1ea7n th\u1eddi trung c\u1ed5. C\u00e1c cung \u0111i\u1ec7n baroque c\u1ee7a Venice \u1edf Perast k\u1ec3 l\u1ea1i s\u1ed1 ph\u1eadn c\u1ee7a c\u00e1c thuy\u1ec1n tr\u01b0\u1edfng h\u00e0ng h\u1ea3i, nh\u1eefng ng\u01b0\u1eddi \u0111\u00e3 th\u1ef1c hi\u1ec7n c\u00e1c chuy\u1ebfn phi\u00eau l\u01b0u tr\u00ean bi\u1ec3n n\u1ed1i li\u1ec1n b\u1edd bi\u1ec3n n\u00e0y v\u1edbi \u0110\u1ecba Trung H\u1ea3i r\u1ed9ng l\u1edbn h\u01a1n. T\u1ea1i N\u00fai Ostrog, nh\u1eefng ng\u01b0\u1eddi h\u00e0nh h\u01b0\u01a1ng \u0111i qua nh\u1eefng con \u0111\u01b0\u1eddng h\u1eb9p \u0111\u1ec3 \u0111\u1ebfn c\u00e1c ph\u00f2ng giam, n\u01a1i m\u00e0 v\u00e0o th\u1ebf k\u1ef7 XVII, Gi\u00e1m m\u1ee5c Basil c\u1ee7a Ostrog \u0111\u00e3 t\u00ecm ki\u1ebfm s\u1ef1 c\u00f4 \u0111\u1ed9c v\u00e0 sau \u0111\u00f3 l\u00e0 s\u1ef1 th\u00e1nh thi\u1ec7n; c\u00e1c th\u00e1nh t\u00edch c\u1ee7a \u00f4ng hi\u1ec7n thu h\u00fat c\u00e1c t\u00edn \u0111\u1ed3 t\u1eeb kh\u1eafp v\u00f9ng Balkan h\u00e0ng n\u0103m.<\/p>\n<p>Podgorica, th\u1ee7 \u0111\u00f4 hi\u1ec7n \u0111\u1ea1i v\u00e0 l\u00e0 th\u00e0nh ph\u1ed1 l\u1edbn nh\u1ea5t c\u1ee7a Montenegro, t\u1ef1 t\u1ea1o n\u00ean c\u00e2u chuy\u1ec7n \u0111\u1ed5i m\u1edbi c\u1ee7a ri\u00eang m\u00ecnh. T\u1eebng \u0111\u01b0\u1ee3c g\u1ecdi l\u00e0 Titograd d\u01b0\u1edbi s\u1ef1 b\u1ea3o tr\u1ee3 c\u1ee7a Nam T\u01b0, gi\u1edd \u0111\u00e2y th\u00e0nh ph\u1ed1 n\u00e0y th\u1ec3 hi\u1ec7n ki\u1ebfn \u200b\u200btr\u00fac \u0111\u01b0\u01a1ng \u0111\u1ea1i v\u00e0 c\u00e1c \u0111\u1ecba \u0111i\u1ec3m v\u0103n h\u00f3a b\u00ean c\u1ea1nh c\u00e1c nh\u00e0 th\u1edd H\u1ed3i gi\u00e1o th\u1eddi Ottoman v\u00e0 t\u00e0n t\u00edch c\u1ee7a nh\u1eefng con \u0111\u01b0\u1eddng La M\u00e3. Th\u00e0nh ph\u1ed1 n\u00e0y l\u00e0 n\u01a1i \u0111\u1eb7t tr\u01b0\u1eddng \u0111\u1ea1i h\u1ecdc ch\u00ednh c\u1ee7a qu\u1ed1c gia v\u00e0 \u0111\u00f3ng vai tr\u00f2 l\u00e0 trung t\u00e2m h\u00e0nh ch\u00ednh, ngay c\u1ea3 khi c\u00e1c th\u00e0nh ph\u1ed1 n\u00f4ng th\u00f4n v\u1eabn duy tr\u00ec b\u1ea3n s\u1eafc ri\u00eang bi\u1ec7t b\u1eaft ngu\u1ed3n t\u1eeb s\u1ef1 li\u00ean k\u1ebft c\u1ee7a gia t\u1ed9c v\u00e0 khu v\u1ef1c.<\/p>\n<p>M\u1eb7c d\u00f9 c\u00f3 quy m\u00f4 l\u1edbn, nh\u01b0ng th\u00e0nh ph\u1ea7n \u0111a s\u1eafc t\u1ed9c c\u1ee7a Montenegro v\u1eabn ch\u1ed1ng l\u1ea1i s\u1ef1 \u0111\u1ed3ng nh\u1ea5t. C\u0103ng th\u1eb3ng gi\u1eefa ng\u01b0\u1eddi Serbo-Montenegrin, m\u1eb7c d\u00f9 \u0111\u01b0\u1ee3c l\u1eafng d\u1ecbu trong cu\u1ed9c s\u1ed1ng h\u00e0ng ng\u00e0y, l\u1ea1i n\u1ed5i l\u00ean trong c\u00e1c cu\u1ed9c tranh lu\u1eadn v\u1ec1 qu\u1ea3n l\u00fd nh\u00e0 th\u1edd v\u00e0 b\u1ea3n s\u1eafc ng\u00f4n ng\u1eef. Gi\u00e1o h\u1ed9i Ch\u00ednh th\u1ed1ng gi\u00e1o Montenegro kh\u00f4ng \u0111\u01b0\u1ee3c c\u00f4ng nh\u1eadn v\u1eabn l\u00e0 bi\u1ec3u t\u01b0\u1ee3ng g\u00e2y tranh c\u00e3i v\u1ec1 ch\u1ee7 quy\u1ec1n qu\u1ed1c gia \u0111\u1ed1i v\u1edbi m\u1ed9t s\u1ed1 ng\u01b0\u1eddi, trong khi nh\u1eefng ng\u01b0\u1eddi kh\u00e1c coi m\u1ed1i quan h\u1ec7 ch\u00ednh th\u1ed1ng v\u1edbi Gi\u00e1o h\u1ed9i Ch\u00ednh th\u1ed1ng gi\u00e1o Serbia l\u00e0 m\u1ed9t ph\u1ea7n kh\u00f4ng th\u1ec3 thi\u1ebfu c\u1ee7a s\u1ef1 li\u00ean t\u1ee5c t\u00f4n gi\u00e1o. V\u1ec1 m\u1eb7t ng\u00f4n ng\u1eef, s\u1ef1 l\u01b0u h\u00e0nh c\u1ee7a ng\u01b0\u1eddi Montenegro, Serbia, Bosnia v\u00e0 Albania ph\u1ea3n \u00e1nh c\u00e1c m\u1ed1i li\u00ean k\u1ebft c\u1ed9ng \u0111\u1ed3ng c\u0169ng nh\u01b0 c\u00e1c v\u1ea5n \u0111\u1ec1 v\u1ec1 ng\u1eef ph\u00e1p v\u00e0 t\u1eeb v\u1ef1ng.<\/p>\n<p>T\u00f3m l\u1ea1i, Montenegro \u0111\u1ee9ng \u1edf ng\u00e3 ba c\u1ee7a qu\u00e1 kh\u1ee9 v\u00e0 t\u01b0\u01a1ng lai. C\u00e1c th\u00e0nh ph\u1ed1 v\u00e0 \u0111\u1ecba \u0111i\u1ec3m hoang d\u00e3, c\u00e1c nh\u00e0 th\u1edd v\u00e0 truy\u1ec1n th\u1ed1ng gia t\u1ed9c c\u1ee7a n\u00f3 h\u1ed9i t\u1ee5 trong m\u1ed9t cu\u1ed9c \u0111\u1ed1i tho\u1ea1i gi\u1eefa b\u1ea3o t\u1ed3n v\u00e0 \u0111\u1ed5i m\u1edbi. \u0110\u1ed1i v\u1edbi du kh\u00e1ch \u0111\u1ebfn \u0111\u00e2y m\u00e0 kh\u00f4ng mong \u0111\u1ee3i hay v\u1ed9i v\u00e3, l\u1eafng nghe nh\u1ecbp \u0111i\u1ec7u c\u1ee7a nh\u1eefng ch\u00fa d\u1ebf tr\u00ean \u0111\u1ed3ng c\u1ecf cao v\u00e0 ng\u1eafm nh\u00ecn nh\u1eefng ng\u01b0\u1eddi \u0111\u00e1nh c\u00e1 k\u00e9o l\u01b0\u1edbi l\u00fac b\u00ecnh minh, th\u00ec n\u01b0\u1edbc c\u1ed9ng h\u00f2a n\u00e0y t\u1ef1 b\u1ed9c l\u1ed9 m\u00ecnh kh\u00f4ng ch\u1ec9 l\u00e0 m\u1ed9t h\u00e0nh lang d\u1eabn \u0111\u1ebfn \u00e1nh n\u1eafng Adriatic. Thay v\u00e0o \u0111\u00f3, n\u00f3 cung c\u1ea5p m\u1ed9t bi\u00ean ni\u00ean s\u1eed c\u00f4 \u0111\u1ecdng v\u1ec1 n\u1ed7 l\u1ef1c c\u1ee7a con ng\u01b0\u1eddi: ki\u00ean c\u01b0\u1eddng, k\u1ef3 l\u1ea1 v\u00e0 th\u1ea5m \u0111\u1eabm c\u1ea3m gi\u00e1c l\u00e2u d\u00e0i v\u1ec1 \u0111\u1ecba \u0111i\u1ec3m v\u01b0\u1ee3t qua ranh gi\u1edbi \u0111\u1ecba l\u00fd \u0111\u01a1n thu\u1ea7n. \u1ede Montenegro, m\u1ecdi t\u1ea3ng \u0111\u00e1 phong h\u00f3a v\u00e0 v\u1ecbnh h\u1eb9p quanh co \u0111\u1ec1u g\u1ee3i l\u00ean s\u1ef1 suy ng\u1eabm v\u1ec1 s\u1ef1 tr\u00f4i qua c\u1ee7a th\u1eddi gian\u2014v\u00e0 v\u1ec1 m\u1ed1i li\u00ean h\u1ec7 b\u1ec1n ch\u1eb7t gi\u1eefa \u0111\u1ea5t \u0111ai v\u00e0 nh\u1eefng ng\u01b0\u1eddi sinh s\u1ed1ng tr\u00ean \u0111\u00f3.<\/p>","protected":false},"excerpt":{"rendered":"<p>Montenegro, n\u1eb1m \u1edf \u0110\u00f4ng Nam \u00c2u tr\u00ean B\u00e1n \u0111\u1ea3o Balkan, c\u00f3 d\u00e2n s\u1ed1 633.158 ng\u01b0\u1eddi ph\u00e2n b\u1ed1 tr\u00ean 25 th\u00e0nh ph\u1ed1, bao g\u1ed3m m\u1ed9t di\u1ec7n t\u00edch 13.812 kil\u00f4m\u00e9t vu\u00f4ng (5.333 d\u1eb7m vu\u00f4ng). Qu\u1ed1c gia nh\u1ecf g\u1ecdn v\u00e0 \u0111a d\u1ea1ng n\u00e0y c\u00f3 v\u1ecb tr\u00ed chi\u1ebfn l\u01b0\u1ee3c, gi\u00e1p bi\u00ean gi\u1edbi v\u1edbi Bosnia v\u00e0 Herzegovina \u1edf ph\u00eda t\u00e2y b\u1eafc, Serbia \u1edf ph\u00eda \u0111\u00f4ng b\u1eafc, Kosovo \u1edf ph\u00eda \u0111\u00f4ng v\u00e0 Albania \u1edf ph\u00eda \u0111\u00f4ng nam. Bi\u00ean gi\u1edbi ph\u00eda t\u00e2y gi\u00e1p v\u1edbi Croatia, v\u00e0 b\u1edd bi\u1ec3n ph\u00eda t\u00e2y nam tr\u1ea3i d\u00e0i d\u1ecdc theo v\u00f9ng bi\u1ec3n xanh bi\u1ebfc tuy\u1ec7t \u0111\u1eb9p c\u1ee7a Bi\u1ec3n Adriatic, mang \u0111\u1ebfn m\u1ed9t kh\u00eda c\u1ea1nh h\u00e0ng h\u1ea3i ngo\u1ea1n m\u1ee5c cho v\u00f9ng n\u00fai n\u00e0y.<\/p>","protected":false},"author":1,"featured_media":4896,"parent":24078,"menu_order":0,"comment_status":"closed","ping_status":"closed","template":"elementor_theme","meta":{"_eb_attr":"","footnotes":""},"class_list":["post-12406","page","type-page","status-publish","has-post-thumbnail"],"_links":{"self":[{"href":"https:\/\/travelshelper.com\/vi\/wp-json\/wp\/v2\/pages\/12406","targetHints":{"allow":["GET"]}}],"collection":[{"href":"https:\/\/travelshelper.com\/vi\/wp-json\/wp\/v2\/pages"}],"about":[{"href":"https:\/\/travelshelper.com\/vi\/wp-json\/wp\/v2\/types\/page"}],"author":[{"embeddable":true,"href":"https:\/\/travelshelper.com\/vi\/wp-json\/wp\/v2\/users\/1"}],"replies":[{"embeddable":true,"href":"https:\/\/travelshelper.com\/vi\/wp-json\/wp\/v2\/comments?post=12406"}],"version-history":[{"count":0,"href":"https:\/\/travelshelper.com\/vi\/wp-json\/wp\/v2\/pages\/12406\/revisions"}],"up":[{"embeddable":true,"href":"https:\/\/travelshelper.com\/vi\/wp-json\/wp\/v2\/pages\/24078"}],"wp:featuredmedia":[{"embeddable":true,"href":"https:\/\/travelshelper.com\/vi\/wp-json\/wp\/v2\/media\/4896"}],"wp:attachment":[{"href":"https:\/\/travelshelper.com\/vi\/wp-json\/wp\/v2\/media?parent=12406"}],"curies":[{"name":"wp","href":"https:\/\/api.w.org\/{rel}","templated":true}]}}